{"id":143624,"date":"2023-05-14T14:03:23","date_gmt":"2023-05-14T14:03:23","guid":{"rendered":"http:\/\/talkpal.ai\/danu-valodas-gramatika\/"},"modified":"2025-12-13T15:26:42","modified_gmt":"2025-12-13T15:26:42","slug":"danu-valodas-gramatika","status":"publish","type":"page","link":"https:\/\/talkpal.ai\/lv\/danu-valodas-gramatika\/","title":{"rendered":"D\u0101\u0146u valodas gramatika"},"content":{"rendered":"\r\n\r\n\r\n<section class=\"languageChallengeSection\">\r\n    <div class=\"languageInfoWrapper\">\r\n        \r\n        <h1>D\u0101\u0146u valodas gramatika<\/h1>\r\n        <p>Atkl\u0101jiet <a href=\"https:\/\/talkpal.ai\/learn-danish\/\">d\u0101\u0146u<\/a> <a href=\"https:\/\/talkpal.ai\/what-language-is-spoken-on-the-international-space-station\/\">valodas<\/a> gramatikas pamatus un s\u0101ciet dro\u0161i sazin\u0101ties \u0161aj\u0101 burv\u012bgaj\u0101 skandin\u0101vu valod\u0101. Apg\u016bstot pamatnoteikumus un strukt\u016bras, j\u016bs apg\u016bsiet prasmes, kas nepiecie\u0161amas, lai sazin\u0101tos ar d\u0101\u0146u valod\u0101 run\u0101jo\u0161ajiem un kl\u0101tien\u0113 iepaz\u012btu vi\u0146u bag\u0101to kult\u016bru. S\u0101ciet apg\u016bt d\u0101\u0146u valodas gramatiku jau \u0161odien un speriet pirmo soli ce\u013c\u0101 uz valodas prasmes apguvi!\n\n<\/p>\r\n\r\n                            <a class=\"getStartedHidden\" href=\"https:\/\/app.talkpal.ai\/lv\/signup?lng=\">S\u0101c<\/a>\r\n        \r\n    <\/div>\r\n\r\n    <figure>\r\n    <img decoding=\"async\" width=\"768\" height=\"768\" src=\"https:\/\/talkpal.ai\/wp-content\/uploads\/2023\/06\/danish-768x768.png\" class=\"languageImage no-lazy\" alt=\"Language learning for career enhancement\" fetchpriority=\"high\" sizes=\"(max-width: 768px) 150px, 768px\" srcset=\"https:\/\/talkpal.ai\/wp-content\/uploads\/2023\/06\/danish-768x768.png 768w, https:\/\/talkpal.ai\/wp-content\/uploads\/2023\/06\/danish-300x300.png 300w\" \/>\r\n    \r\n\r\n    <\/figure>\r\n\r\n            <a class=\"getStartedVisible\" href=\"https:\/\/app.talkpal.ai\/lv\/signup?lng=\">S\u0101c<\/a>\r\n    \r\n<\/section>\r\n<section class=\"promotionalBanner\">\r\n    <p class=\"promotionalText\">Visefekt\u012bv\u0101kais veids, k\u0101 apg\u016bt valodu<\/p>\r\n    <a class=\"promotionalLink\" href=\"https:\/\/app.talkpal.ai\/lv\/signup?lng=\">Izm\u0113\u0123iniet Talkpal bez maksas<\/a>\r\n<\/section>\n<div class=\"wp-block-group pageContainerStyle\"><div class=\"wp-block-group__inner-container is-layout-constrained wp-block-group-is-layout-constrained\">\n<h2 class=\"wp-block-heading\" id=\"h-delving-into-the-depths-of-danish-grammar-unraveling-its-idiosyncrasies-and-charm\">Iedzi\u013cin\u0101\u0161an\u0101s d\u0101\u0146u gramatikas dz\u012bl\u0113s: t\u0101s \u012bpatn\u012bbu un \u0161armu at\u0161\u0137etin\u0101\u0161ana<\/h2>\n\n\n\n<p>Vai atceraties laiku, kad <a href=\"https:\/\/talkpal.ai\/learn-english-with-ai\/\">ang\u013cu<\/a> valodas gramatikas apguve \u0161\u0137ita k\u0101 c\u012b\u0146a kaln\u0101 ar t\u0101s noteikumu, iz\u0146\u0113mumu un sare\u017e\u0123\u012bt\u0101s terminolo\u0123ijas p\u0101rpiln\u012bbu? Ja tagad esat nol\u0113mis apg\u016bt d\u0101\u0146u valodu, sagatavojieties v\u0113l vienam aizraujo\u0161am ce\u013cojumam cauri d\u0101\u0146u valodas gramatikas sare\u017e\u0123\u012bt\u012bbai un priekiem.<\/p>\n\n\n\n<p>Zieme\u013c\u0123erm\u0101\u0146u valodai d\u0101\u0146u valodai ir l\u012bdz\u012bbas ar t\u0101d\u0101m valod\u0101m k\u0101 <a href=\"https:\/\/talkpal.ai\/learn-norwegian\/\">norv\u0113\u0123u<\/a> un <a href=\"https:\/\/talkpal.ai\/learn-swedish\/\">zviedru<\/a> valoda. Tom\u0113r tam ir savas unik\u0101las \u012bpa\u0161\u012bbas, kas padara to par d\u0101rgakmeni, kuru ir v\u0113rts izp\u0113t\u012bt padzi\u013cin\u0101ti. S\u0101ksim ar d\u0101\u0146u valodas gramatikas br\u012bnumu atkl\u0101\u0161anu pa vienam noteikumam.<\/p>\n\n\n\n<p><strong>D\u0101\u0146u gramatikas p\u0101rsteidzo\u0161a iez\u012bme<\/strong> ir t\u0101s vienk\u0101r\u0161\u012bba, kad runa ir par v\u0101rdu sec\u012bbu. D\u0101\u0146u valoda seko subjekta-verba-objekta (SVO) strukt\u016brai, piem\u0113ram, ang\u013cu valodai, padarot to sal\u012bdzino\u0161i viegli saprotamu angliski run\u0101jo\u0161ajiem. Tom\u0113r ir k\u0101ds pav\u0113rsiens &#8211; galvenajos teikumos tiek lietota V2 v\u0101rdu sec\u012bba, kas noz\u012bm\u0113, ka darb\u012bbas v\u0101rdam vienm\u0113r ir j\u0101b\u016bt otrajam elementam. \u0160is noteikums d\u0101\u0146u valodai pie\u0161\u0137ir unikalit\u0101tes piesk\u0101rienu.<\/p>\n\n\n\n<p>V\u0113l viens d\u0101\u0146u gramatikas aspekts ir t\u0101s <strong>divu dzimumu sist\u0113ma<\/strong>. Lai gan da\u017eas valodas, piem\u0113ram, fran\u010du vai sp\u0101\u0146u, sast\u0101v no atsevi\u0161\u0137iem v\u012brie\u0161iem un sievi\u0161\u0137iem, d\u0101\u0146u valoda to vienk\u0101r\u0161o, izmantojot divus galvenos dzimumus: parasto un neitr\u0101lo. D\u0101\u0146u valod\u0101 liel\u0101k\u0101 da\u013ca lietv\u0101rdu ietilpst &#8220;parasto&#8221; kategorij\u0101, t\u0101p\u0113c dzimtes saska\u0146o\u0161ana ar \u012bpa\u0161\u012bbas v\u0101rdiem un lietv\u0101rdiem ir sal\u012bdzino\u0161i vienk\u0101r\u0161a.<\/p>\n\n\n\n<p>Iedzi\u013cinieties <strong>darb\u012bbas v\u0101rdu konjug\u0101cijas<\/strong> valst\u012bb\u0101, un j\u016bs atrad\u012bsit, ka d\u0101\u0146u valoda p\u0101rsp\u0113j citas valodas attiec\u012bb\u0101 uz vienk\u0101r\u0161\u012bbu. D\u0101\u0146u darb\u012bbas v\u0101rdi nemain\u0101s atkar\u012bb\u0101 no t\u0113mas, padarot to par br\u012bzi, lai iegaum\u0113tu un saprastu da\u017e\u0101das formas. Regul\u0101rie darb\u012bbas v\u0101rdi seko paredzamiem mode\u013ciem, un pat neregul\u0101ri darb\u012bbas v\u0101rdi rada nelielu izaicin\u0101jumu, jo to p\u0101rk\u0101pumi ir \u013coti smalki.<\/p>\n\n\n\n<p>D\u0101\u0146u <a href=\"https:\/\/talkpal.ai\/sq\/gramatika\/\">gramatika<\/a> pied\u0101v\u0101 unik\u0101lu iez\u012bmi, <strong>izmantojot nenoteiktus, rakstus un demonstrat\u012bvus<\/strong>. Nenoteiktais artikuls ang\u013cu valod\u0101 ir ekvivalents &#8220;a&#8221; vai &#8220;an&#8221;, bet d\u0101\u0146u valod\u0101 tas var b\u016bt &#8220;en&#8221; visp\u0101r\u012bgajam dzimumam vai &#8220;et&#8221; lietv\u0101rdiem, kas lietv\u0101rdus lieto vid\u0113j\u0101 dzimt\u0113. Noteico\u0161ais artikuls, l\u012bdz\u012bgi k\u0101 ang\u013cu valod\u0101 &#8220;the&#8221;, pievienojas lietv\u0101rda galotnei, apvienojoties un k\u013c\u016bstot par vienu v\u0101rdu. Demonstrat\u012bvi, kas nor\u0101da uz konkr\u0113tiem lietv\u0101rdiem, main\u0101s ar\u012b atkar\u012bb\u0101 no lietv\u0101rda dzimuma, pievienojot specifiskuma un \u0161arma l\u012bmeni.<\/p>\n\n\n\n<p>Neaizmirs\u012bsim par <strong>d\u0101\u0146u valodas izrunas<\/strong> skaistumu, kas prasa iepaz\u012bt t\u0101s \u012bpatn\u0113j\u0101s patska\u0146u ska\u0146as un m\u012bkstin\u0101tos l\u012bdzska\u0146us. St\u00f8d (<a href=\"https:\/\/talkpal.ai\/culture\/how-do-i-pronounce-the-glottal-stop\/\">glottal stop<\/a>) izmanto\u0161ana to v\u0113l vair\u0101k at\u0161\u0137ir no cit\u0101m \u0123erm\u0101\u0146u valod\u0101m, pie\u0161\u0137irot d\u0101\u0146u valodai t\u0101s unik\u0101lo ska\u0146u un pievilc\u012bbu.<\/p>\n\n\n\n<p>Iegremd\u0113jot sevi d\u0101\u0146u valodas gramatik\u0101, j\u016bs ne tikai apg\u016bsiet jaunu valodu, bet ar\u012b bag\u0101tin\u0101siet savas kult\u016bras zin\u0101\u0161anas un izpratni par D\u0101niju un t\u0101s iedz\u012bvot\u0101jiem. Lai gan d\u0101\u0146u valodas gramatika reiz\u0113m ir izaicino\u0161a, t\u0101 pied\u0101v\u0101 unik\u0101lu m\u0101c\u012bbu pieredzi, kas paver durvis neskait\u0101miem \u0161armiem un \u012bpatn\u012bb\u0101m, kas padara to par neatvair\u0101mu valodu, ko izp\u0113t\u012bt. T\u0101p\u0113c pa\u0146emiet savas valodu gr\u0101matas un dodieties d\u0101\u0146u valodas gramatikas piedz\u012bvojum\u0101, kas sola j\u016bs aizraut un iedvesmot ik uz so\u013ca!<\/p>\n<\/div><\/div>\n\r\n<section class=\"learnNavigationSection\">\r\n            \r\n        <a href=\"https:\/\/talkpal.ai\/lv\/apgustiet-danu-valodu\/\">\r\n            <div class=\"learnNavigationWrapper\">\r\n                <div class=\"learnNavigationContent\">\r\n                    <img decoding=\"async\" src=\"https:\/\/talkpal.ai\/wp-content\/uploads\/2024\/08\/Danish.jpg\" alt=\"Danish Flag\">\r\n                    <div>\r\n                        <h4>Par d\u0101\u0146u valodas apguvi<\/h4>\r\n                        <p>Uzziniet visu par d\u0101\u0146u valodas gramatiku.<\/p>\r\n                    <\/div>\r\n                <\/div>\r\n            <\/div>\r\n        <\/a>\r\n\r\n        \r\n        <a href=\"https:\/\/talkpal.ai\/lv\/danu-valodas-gramatikas-vingrinajumi\/\">\r\n            <div class=\"learnNavigationWrapper\">\r\n                <div class=\"learnNavigationContent\">\r\n                    <img decoding=\"async\" src=\"https:\/\/talkpal.ai\/wp-content\/uploads\/2024\/08\/Danish.jpg\" alt=\"Danish Flag\">\r\n                    <div>\r\n                        <h4>D\u0101\u0146u valodas gramatikas vingrin\u0101jums<\/h4>\r\n                        <p>Praktiz\u0113jiet d\u0101\u0146u valodas gramatiku.<\/p>\r\n                    <\/div>\r\n                <\/div>\r\n            <\/div>\r\n        <\/a>\r\n\r\n        \r\n        <a href=\"https:\/\/talkpal.ai\/vocabulary_language\/danish\/\">\r\n            <div class=\"learnNavigationWrapper\">\r\n                <div class=\"learnNavigationContent\">\r\n                    <img decoding=\"async\" src=\"https:\/\/talkpal.ai\/wp-content\/uploads\/2024\/08\/Danish.jpg\" alt=\"Danish Flag\">\r\n                    <div>\r\n                        <h4>D\u0101\u0146u valodas v\u0101rdn\u012bca<\/h4>\r\n                        <p>Papla\u0161iniet savu d\u0101\u0146u valodas v\u0101rdu kr\u0101jumu.<\/p>\r\n                    <\/div>\r\n                <\/div>\r\n            <\/div>\r\n        <\/a>\r\n\r\n            <\/section>","protected":false},"excerpt":{"rendered":"<p>Iedzi\u013cin\u0101\u0161an\u0101s d\u0101\u0146u gramatikas dz\u012bl\u0113s: t\u0101s \u012bpatn\u012bbu un \u0161armu at\u0161\u0137etin\u0101\u0161ana Vai atceraties laiku, kad ang\u013cu valodas gramatikas apguve \u0161\u0137ita k\u0101 c\u012b\u0146a kaln\u0101 ar t\u0101s noteikumu, iz\u0146\u0113mumu un sare\u017e\u0123\u012bt\u0101s terminolo\u0123ijas p\u0101rpiln\u012bbu? Ja tagad esat nol\u0113mis apg\u016bt d\u0101\u0146u valodu, sagatavojieties v\u0113l vienam aizraujo\u0161am ce\u013cojumam cauri d\u0101\u0146u valodas gramatikas sare\u017e\u0123\u012bt\u012bbai un priekiem. Zieme\u013c\u0123erm\u0101\u0146u valodai d\u0101\u0146u valodai ir l\u012bdz\u012bbas ar [&hellip;]<\/p>\n","protected":false},"author":1,"featured_media":111036,"parent":0,"menu_order":0,"comment_status":"closed","ping_status":"closed","template":"LearningContentPage.php","meta":{"_acf_changed":false,"footnotes":""},"class_list":["post-143624","page","type-page","status-publish","has-post-thumbnail","hentry"],"acf":[],"yoast_head":"<!-- This site is optimized with the Yoast SEO Premium plugin v27.2 (Yoast SEO v27.2) - https:\/\/yoast.com\/product\/yoast-seo-premium-wordpress\/ -->\n<title>D\u0101\u0146u valodas gramatika - Talkpal<\/title>\n<meta name=\"description\" content=\"Izp\u0113tiet d\u0101\u0146u valodas gramatikas nianses un atkl\u0101jiet t\u0101s unik\u0101los noteikumus un \u012bpatn\u012bbas. Iem\u0101cieties bez piep\u016bles orient\u0113ties valod\u0101.\" \/>\n<meta name=\"robots\" content=\"index, follow, max-snippet:-1, max-image-preview:large, max-video-preview:-1\" \/>\n<link rel=\"canonical\" href=\"https:\/\/talkpal.ai\/lv\/danu-valodas-gramatika\/\" \/>\n<meta property=\"og:locale\" content=\"lv_LV\" \/>\n<meta property=\"og:type\" content=\"article\" \/>\n<meta property=\"og:title\" content=\"D\u0101\u0146u valodas gramatika\" \/>\n<meta property=\"og:description\" content=\"Iedzi\u013cin\u0101\u0161an\u0101s d\u0101\u0146u gramatikas dz\u012bl\u0113s: t\u0101s \u012bpatn\u012bbu un \u0161armu at\u0161\u0137etin\u0101\u0161ana Vai atceraties laiku, kad ang\u013cu valodas gramatikas apguve \u0161\u0137ita k\u0101 c\u012b\u0146a kaln\u0101\" \/>\n<meta property=\"og:url\" content=\"https:\/\/talkpal.ai\/lv\/danu-valodas-gramatika\/\" \/>\n<meta property=\"og:site_name\" content=\"Talkpal\" \/>\n<meta property=\"article:publisher\" content=\"https:\/\/www.facebook.com\/profile.php?id=100090733639311\" \/>\n<meta property=\"article:modified_time\" content=\"2025-12-13T15:26:42+00:00\" \/>\n<meta property=\"og:image\" content=\"https:\/\/talkpal.ai\/wp-content\/uploads\/2023\/05\/denmark.png\" \/>\n\t<meta property=\"og:image:width\" content=\"512\" \/>\n\t<meta property=\"og:image:height\" content=\"512\" \/>\n\t<meta property=\"og:image:type\" content=\"image\/png\" \/>\n<meta name=\"twitter:card\" content=\"summary_large_image\" \/>\n<meta name=\"twitter:site\" content=\"@talkpalai\" \/>\n<meta name=\"twitter:label1\" content=\"Est. reading time\" \/>\n\t<meta name=\"twitter:data1\" content=\"3 minutes\" \/>\n<script type=\"application\/ld+json\" class=\"yoast-schema-graph\">{\"@context\":\"https:\/\/schema.org\",\"@graph\":[{\"@type\":\"WebPage\",\"@id\":\"https:\/\/talkpal.ai\/lv\/danu-valodas-gramatika\/\",\"url\":\"https:\/\/talkpal.ai\/lv\/danu-valodas-gramatika\/\",\"name\":\"D\u0101\u0146u valodas gramatika - Talkpal\",\"isPartOf\":{\"@id\":\"https:\/\/talkpal.ai\/lv\/#website\"},\"primaryImageOfPage\":{\"@id\":\"https:\/\/talkpal.ai\/lv\/danu-valodas-gramatika\/#primaryimage\"},\"image\":{\"@id\":\"https:\/\/talkpal.ai\/lv\/danu-valodas-gramatika\/#primaryimage\"},\"thumbnailUrl\":\"https:\/\/talkpal.ai\/wp-content\/uploads\/2023\/05\/denmark.png\",\"datePublished\":\"2023-05-14T14:03:23+00:00\",\"dateModified\":\"2025-12-13T15:26:42+00:00\",\"description\":\"Izp\u0113tiet d\u0101\u0146u valodas gramatikas nianses un atkl\u0101jiet t\u0101s unik\u0101los noteikumus un \u012bpatn\u012bbas. Iem\u0101cieties bez piep\u016bles orient\u0113ties valod\u0101.\",\"breadcrumb\":{\"@id\":\"https:\/\/talkpal.ai\/lv\/danu-valodas-gramatika\/#breadcrumb\"},\"inLanguage\":\"lv-LV\",\"potentialAction\":[{\"@type\":\"ReadAction\",\"target\":[\"https:\/\/talkpal.ai\/lv\/danu-valodas-gramatika\/\"]}]},{\"@type\":\"ImageObject\",\"inLanguage\":\"lv-LV\",\"@id\":\"https:\/\/talkpal.ai\/lv\/danu-valodas-gramatika\/#primaryimage\",\"url\":\"https:\/\/talkpal.ai\/wp-content\/uploads\/2023\/05\/denmark.png\",\"contentUrl\":\"https:\/\/talkpal.ai\/wp-content\/uploads\/2023\/05\/denmark.png\",\"width\":512,\"height\":512},{\"@type\":\"BreadcrumbList\",\"@id\":\"https:\/\/talkpal.ai\/lv\/danu-valodas-gramatika\/#breadcrumb\",\"itemListElement\":[{\"@type\":\"ListItem\",\"position\":1,\"name\":\"Homepage\",\"item\":\"https:\/\/talkpal.ai\/lv\/\"},{\"@type\":\"ListItem\",\"position\":2,\"name\":\"D\u0101\u0146u valodas gramatika\"}]},{\"@type\":\"WebSite\",\"@id\":\"https:\/\/talkpal.ai\/lv\/#website\",\"url\":\"https:\/\/talkpal.ai\/lv\/\",\"name\":\"Talkpal\",\"description\":\"AI Language Learning\",\"publisher\":{\"@id\":\"https:\/\/talkpal.ai\/lv\/#organization\"},\"alternateName\":\"Talkpal AI\",\"potentialAction\":[{\"@type\":\"SearchAction\",\"target\":{\"@type\":\"EntryPoint\",\"urlTemplate\":\"https:\/\/talkpal.ai\/lv\/?s={search_term_string}\"},\"query-input\":{\"@type\":\"PropertyValueSpecification\",\"valueRequired\":true,\"valueName\":\"search_term_string\"}}],\"inLanguage\":\"lv-LV\"},{\"@type\":\"Organization\",\"@id\":\"https:\/\/talkpal.ai\/lv\/#organization\",\"name\":\"Talkpal, Inc.\",\"alternateName\":\"Talkpal AI\",\"url\":\"https:\/\/talkpal.ai\/lv\/\",\"logo\":{\"@type\":\"ImageObject\",\"inLanguage\":\"lv-LV\",\"@id\":\"https:\/\/talkpal.ai\/lv\/#\/schema\/logo\/image\/\",\"url\":\"https:\/\/talkpal.ai\/wp-content\/uploads\/2024\/03\/Talkpal-Logo-Icon.png\",\"contentUrl\":\"https:\/\/talkpal.ai\/wp-content\/uploads\/2024\/03\/Talkpal-Logo-Icon.png\",\"width\":2880,\"height\":2880,\"caption\":\"Talkpal, Inc.\"},\"image\":{\"@id\":\"https:\/\/talkpal.ai\/lv\/#\/schema\/logo\/image\/\"},\"sameAs\":[\"https:\/\/www.facebook.com\/profile.php?id=100090733639311\",\"https:\/\/x.com\/talkpalai\",\"https:\/\/www.linkedin.com\/company\/talkpal\/\",\"https:\/\/www.youtube.com\/@TalkPal\/\",\"https:\/\/www.tiktok.com\/@talkpal\",\"https:\/\/www.instagram.com\/talkpal_ai\/\",\"https:\/\/www.crunchbase.com\/organization\/talkpal-9cde\",\"https:\/\/www.g2.com\/products\/talkpal-for-business\/\",\"https:\/\/www.trustpilot.com\/review\/talkpal.ai\",\"https:\/\/www.capterra.com\/p\/10006800\/TalkPal\/\"],\"description\":\"Talkpal is a language learning web and mobile education app, powered by the latest AI technologies, that provides engaging experiences to its customers in many different languages to help them improve their language skills. Users can chat about unlimited amount of topics with the app and use other modes to practice their language learning.\",\"email\":\"support@talkpal.ai\",\"legalName\":\"Talkpal, Inc.\",\"foundingDate\":\"2023-04-03\",\"duns\":\"118989042\",\"numberOfEmployees\":{\"@type\":\"QuantitativeValue\",\"minValue\":\"11\",\"maxValue\":\"50\"},\"publishingPrinciples\":\"https:\/\/talkpal.ai\/publishing-principles\/\",\"actionableFeedbackPolicy\":\"https:\/\/talkpal.ai\/actionable-feedback-policy\/\",\"correctionsPolicy\":\"https:\/\/talkpal.ai\/corrections-policy\/\",\"ethicsPolicy\":\"https:\/\/talkpal.ai\/ethics-policy\/\",\"diversityPolicy\":\"https:\/\/talkpal.ai\/diversity-policy\/\",\"diversityStaffingReport\":\"https:\/\/talkpal.ai\/diversity-policy\/\"}]}<\/script>\n<!-- \/ Yoast SEO Premium plugin. -->","yoast_head_json":{"title":"D\u0101\u0146u valodas gramatika - Talkpal","description":"Izp\u0113tiet d\u0101\u0146u valodas gramatikas nianses un atkl\u0101jiet t\u0101s unik\u0101los noteikumus un \u012bpatn\u012bbas. Iem\u0101cieties bez piep\u016bles orient\u0113ties valod\u0101.","robots":{"index":"index","follow":"follow","max-snippet":"max-snippet:-1","max-image-preview":"max-image-preview:large","max-video-preview":"max-video-preview:-1"},"canonical":"https:\/\/talkpal.ai\/lv\/danu-valodas-gramatika\/","og_locale":"lv_LV","og_type":"article","og_title":"D\u0101\u0146u valodas gramatika","og_description":"Iedzi\u013cin\u0101\u0161an\u0101s d\u0101\u0146u gramatikas dz\u012bl\u0113s: t\u0101s \u012bpatn\u012bbu un \u0161armu at\u0161\u0137etin\u0101\u0161ana Vai atceraties laiku, kad ang\u013cu valodas gramatikas apguve \u0161\u0137ita k\u0101 c\u012b\u0146a kaln\u0101","og_url":"https:\/\/talkpal.ai\/lv\/danu-valodas-gramatika\/","og_site_name":"Talkpal","article_publisher":"https:\/\/www.facebook.com\/profile.php?id=100090733639311","article_modified_time":"2025-12-13T15:26:42+00:00","og_image":[{"width":512,"height":512,"url":"https:\/\/talkpal.ai\/wp-content\/uploads\/2023\/05\/denmark.png","type":"image\/png"}],"twitter_card":"summary_large_image","twitter_site":"@talkpalai","twitter_misc":{"Est. reading time":"3 minutes"},"schema":{"@context":"https:\/\/schema.org","@graph":[{"@type":"WebPage","@id":"https:\/\/talkpal.ai\/lv\/danu-valodas-gramatika\/","url":"https:\/\/talkpal.ai\/lv\/danu-valodas-gramatika\/","name":"D\u0101\u0146u valodas gramatika - Talkpal","isPartOf":{"@id":"https:\/\/talkpal.ai\/lv\/#website"},"primaryImageOfPage":{"@id":"https:\/\/talkpal.ai\/lv\/danu-valodas-gramatika\/#primaryimage"},"image":{"@id":"https:\/\/talkpal.ai\/lv\/danu-valodas-gramatika\/#primaryimage"},"thumbnailUrl":"https:\/\/talkpal.ai\/wp-content\/uploads\/2023\/05\/denmark.png","datePublished":"2023-05-14T14:03:23+00:00","dateModified":"2025-12-13T15:26:42+00:00","description":"Izp\u0113tiet d\u0101\u0146u valodas gramatikas nianses un atkl\u0101jiet t\u0101s unik\u0101los noteikumus un \u012bpatn\u012bbas. Iem\u0101cieties bez piep\u016bles orient\u0113ties valod\u0101.","breadcrumb":{"@id":"https:\/\/talkpal.ai\/lv\/danu-valodas-gramatika\/#breadcrumb"},"inLanguage":"lv-LV","potentialAction":[{"@type":"ReadAction","target":["https:\/\/talkpal.ai\/lv\/danu-valodas-gramatika\/"]}]},{"@type":"ImageObject","inLanguage":"lv-LV","@id":"https:\/\/talkpal.ai\/lv\/danu-valodas-gramatika\/#primaryimage","url":"https:\/\/talkpal.ai\/wp-content\/uploads\/2023\/05\/denmark.png","contentUrl":"https:\/\/talkpal.ai\/wp-content\/uploads\/2023\/05\/denmark.png","width":512,"height":512},{"@type":"BreadcrumbList","@id":"https:\/\/talkpal.ai\/lv\/danu-valodas-gramatika\/#breadcrumb","itemListElement":[{"@type":"ListItem","position":1,"name":"Homepage","item":"https:\/\/talkpal.ai\/lv\/"},{"@type":"ListItem","position":2,"name":"D\u0101\u0146u valodas gramatika"}]},{"@type":"WebSite","@id":"https:\/\/talkpal.ai\/lv\/#website","url":"https:\/\/talkpal.ai\/lv\/","name":"Talkpal","description":"AI Language Learning","publisher":{"@id":"https:\/\/talkpal.ai\/lv\/#organization"},"alternateName":"Talkpal AI","potentialAction":[{"@type":"SearchAction","target":{"@type":"EntryPoint","urlTemplate":"https:\/\/talkpal.ai\/lv\/?s={search_term_string}"},"query-input":{"@type":"PropertyValueSpecification","valueRequired":true,"valueName":"search_term_string"}}],"inLanguage":"lv-LV"},{"@type":"Organization","@id":"https:\/\/talkpal.ai\/lv\/#organization","name":"Talkpal, Inc.","alternateName":"Talkpal AI","url":"https:\/\/talkpal.ai\/lv\/","logo":{"@type":"ImageObject","inLanguage":"lv-LV","@id":"https:\/\/talkpal.ai\/lv\/#\/schema\/logo\/image\/","url":"https:\/\/talkpal.ai\/wp-content\/uploads\/2024\/03\/Talkpal-Logo-Icon.png","contentUrl":"https:\/\/talkpal.ai\/wp-content\/uploads\/2024\/03\/Talkpal-Logo-Icon.png","width":2880,"height":2880,"caption":"Talkpal, Inc."},"image":{"@id":"https:\/\/talkpal.ai\/lv\/#\/schema\/logo\/image\/"},"sameAs":["https:\/\/www.facebook.com\/profile.php?id=100090733639311","https:\/\/x.com\/talkpalai","https:\/\/www.linkedin.com\/company\/talkpal\/","https:\/\/www.youtube.com\/@TalkPal\/","https:\/\/www.tiktok.com\/@talkpal","https:\/\/www.instagram.com\/talkpal_ai\/","https:\/\/www.crunchbase.com\/organization\/talkpal-9cde","https:\/\/www.g2.com\/products\/talkpal-for-business\/","https:\/\/www.trustpilot.com\/review\/talkpal.ai","https:\/\/www.capterra.com\/p\/10006800\/TalkPal\/"],"description":"Talkpal is a language learning web and mobile education app, powered by the latest AI technologies, that provides engaging experiences to its customers in many different languages to help them improve their language skills. Users can chat about unlimited amount of topics with the app and use other modes to practice their language learning.","email":"support@talkpal.ai","legalName":"Talkpal, Inc.","foundingDate":"2023-04-03","duns":"118989042","numberOfEmployees":{"@type":"QuantitativeValue","minValue":"11","maxValue":"50"},"publishingPrinciples":"https:\/\/talkpal.ai\/publishing-principles\/","actionableFeedbackPolicy":"https:\/\/talkpal.ai\/actionable-feedback-policy\/","correctionsPolicy":"https:\/\/talkpal.ai\/corrections-policy\/","ethicsPolicy":"https:\/\/talkpal.ai\/ethics-policy\/","diversityPolicy":"https:\/\/talkpal.ai\/diversity-policy\/","diversityStaffingReport":"https:\/\/talkpal.ai\/diversity-policy\/"}]}},"_links":{"self":[{"href":"https:\/\/talkpal.ai\/lv\/wp-json\/wp\/v2\/pages\/143624","targetHints":{"allow":["GET"]}}],"collection":[{"href":"https:\/\/talkpal.ai\/lv\/wp-json\/wp\/v2\/pages"}],"about":[{"href":"https:\/\/talkpal.ai\/lv\/wp-json\/wp\/v2\/types\/page"}],"author":[{"embeddable":true,"href":"https:\/\/talkpal.ai\/lv\/wp-json\/wp\/v2\/users\/1"}],"replies":[{"embeddable":true,"href":"https:\/\/talkpal.ai\/lv\/wp-json\/wp\/v2\/comments?post=143624"}],"version-history":[{"count":0,"href":"https:\/\/talkpal.ai\/lv\/wp-json\/wp\/v2\/pages\/143624\/revisions"}],"wp:featuredmedia":[{"embeddable":true,"href":"https:\/\/talkpal.ai\/lv\/wp-json\/wp\/v2\/media\/111036"}],"wp:attachment":[{"href":"https:\/\/talkpal.ai\/lv\/wp-json\/wp\/v2\/media?parent=143624"}],"curies":[{"name":"wp","href":"https:\/\/api.w.org\/{rel}","templated":true}]}}