{"id":143284,"date":"2023-05-14T14:03:07","date_gmt":"2023-05-14T14:03:07","guid":{"rendered":"http:\/\/talkpal.ai\/cehu-valodas-gramatika\/"},"modified":"2025-12-13T15:22:54","modified_gmt":"2025-12-13T15:22:54","slug":"cehu-valodas-gramatika","status":"publish","type":"page","link":"https:\/\/talkpal.ai\/lv\/cehu-valodas-gramatika\/","title":{"rendered":"\u010cehu valodas gramatika"},"content":{"rendered":"\r\n\r\n\r\n<section class=\"languageChallengeSection\">\r\n    <div class=\"languageInfoWrapper\">\r\n        \r\n        <h1>\u010cehu valodas gramatika<\/h1>\r\n        <p>Izp\u0113tiet <a href=\"https:\/\/talkpal.ai\/learn-czech\/\">\u010dehu<\/a> <a href=\"https:\/\/talkpal.ai\/what-language-is-spoken-on-the-international-space-station\/\">valodas<\/a> gramatikas nianses un atveriet durvis uz \u0161\u012bs Centr\u0101leiropas valodas izpratni. Apg\u016bstot svar\u012bg\u0101kos noteikumus un mode\u013cus, j\u016bs var\u0113siet efekt\u012bv\u0101k sazin\u0101ties un g\u016bt dzi\u013c\u0101ku ieskatu \u010dehu kult\u016br\u0101. S\u0101ciet apg\u016bt \u010dehu valodas gramatiku jau \u0161odien un speriet pirmo soli ce\u013c\u0101 uz \u010dehu valodas zin\u0101\u0161anu apguvi!<\/p>\r\n\r\n                            <a class=\"getStartedHidden\" href=\"https:\/\/app.talkpal.ai\/lv\/signup?lng=\">S\u0101c<\/a>\r\n        \r\n    <\/div>\r\n\r\n    <figure>\r\n    <img decoding=\"async\" width=\"768\" height=\"768\" src=\"https:\/\/talkpal.ai\/wp-content\/uploads\/2023\/06\/Czech-768x768.png\" class=\"languageImage no-lazy\" alt=\"Language learning for intellectual development\" fetchpriority=\"high\" sizes=\"(max-width: 768px) 150px, 768px\" srcset=\"https:\/\/talkpal.ai\/wp-content\/uploads\/2023\/06\/Czech-768x768.png 768w, https:\/\/talkpal.ai\/wp-content\/uploads\/2023\/06\/Czech-300x300.png 300w\" \/>\r\n    \r\n\r\n    <\/figure>\r\n\r\n            <a class=\"getStartedVisible\" href=\"https:\/\/app.talkpal.ai\/lv\/signup?lng=\">S\u0101c<\/a>\r\n    \r\n<\/section>\r\n<section class=\"promotionalBanner\">\r\n    <p class=\"promotionalText\">Visefekt\u012bv\u0101kais veids, k\u0101 apg\u016bt valodu<\/p>\r\n    <a class=\"promotionalLink\" href=\"https:\/\/app.talkpal.ai\/lv\/signup?lng=\">Izm\u0113\u0123iniet Talkpal bez maksas<\/a>\r\n<\/section>\n<div class=\"wp-block-group pageContainerStyle\"><div class=\"wp-block-group__inner-container is-layout-constrained wp-block-group-is-layout-constrained\">\n<h2 class=\"wp-block-heading\" id=\"h-czech-grammar-making-sense-of-the-czech-language-s-unique-structure\">\u010cehu valodas gramatika: \u010dehu valodas unik\u0101l\u0101s strukt\u016bras izpratne<\/h2>\n\n\n\n<p>Ja k\u0101dreiz esat m\u0113\u0123in\u0101jis apg\u016bt <a href=\"https:\/\/talkpal.ai\/lv\/apgustiet-cehu-valodu\/\">\u010dehu valodu<\/a> &#8211; vai pat tikai izlas\u012bjis k\u0101du \u010dehu valodas rakstu vai gr\u0101matu -, j\u016bs, iesp\u0113jams, esat paman\u012bjis, ka t\u0101s <a href=\"https:\/\/talkpal.ai\/sq\/gramatika\/\">gramatika<\/a> var b\u016bt diezgan sare\u017e\u0123\u012bta. <a href=\"https:\/\/talkpal.ai\/czech-grammar\/\">\u010cehu valodas gramatika<\/a>, kas pla\u0161i tiek uzskat\u012bta par vienu no sare\u017e\u0123\u012bt\u0101kaj\u0101m valodu sist\u0113m\u0101m, ir samulsin\u0101jusi daudzus \u0101rvalstu studentus. Bet ne\u013caujiet tam j\u016bs iebied\u0113t! \u010cehu gramatikas \u012bpatn\u012bbas padara to aizraujo\u0161u un unik\u0101lu. \u0160aj\u0101 rakst\u0101 m\u0113s sarunvalodas veid\u0101 demistific\u0113sim da\u017eus \u010dehu valodas gramatikas pamatelementus, pal\u012bdzot jums dzi\u013c\u0101k izprast \u0161o skaisto valodu.<\/p>\n\n\n\n<h3 class=\"wp-block-heading\" id=\"h-1-nouns-declensions-and-cases-galore\">1. Lietv\u0101rdi \u2013 deklam\u0101cijas un lietas!<\/h3>\n\n\n\n<p>Viena no pirmaj\u0101m liet\u0101m, ko paman\u012bsiet \u010dehu valodas gramatik\u0101, ir lietv\u0101rdu deklin\u0101cija. Deklin\u0101cija ir lietv\u0101rdu grupa ar l\u012bdz\u012bg\u0101m gramatisk\u0101m iez\u012bm\u0113m, un \u010dehu valod\u0101 ir l\u012bdz 14 at\u0161\u0137ir\u012bg\u0101m deklam\u0101cij\u0101m. K\u0101 tas ir ar da\u017e\u0101d\u012bbu? Katrai deklin\u0101cijai ir \u012bpa\u0161s modelis vienskait\u013ca un daudzskait\u013ca lietv\u0101rdu formu att\u0113lo\u0161anai.<\/p>\n\n\n\n<p>\u010cehu lietv\u0101rdiem ir ar\u012b septi\u0146i da\u017e\u0101di gad\u012bjumi: nominat\u012bvs, \u0123enit\u012bvs, dative, akuzat\u012bvs, vokat\u012bvs, lokat\u012bvs un instrument\u0101ls. Lai gan \u0161\u0101ds skaitlis var \u0161\u0137ist bied\u0113jo\u0161s, ir svar\u012bgi uzzin\u0101t par \u0161iem gad\u012bjumiem, jo tie ir iz\u0161\u0137iro\u0161i noz\u012bm\u012bgi noz\u012bmes nodo\u0161an\u0101. Piem\u0113ram, \u010dehu valod\u0101 v\u0101rdu sec\u012bbai nav tik liela noz\u012bme k\u0101 <a href=\"https:\/\/talkpal.ai\/learn-english-with-ai\/\">ang\u013cu<\/a> valod\u0101 &#8211; v\u0101rdu saist\u012bbu starp v\u0101rdiem nor\u0101da to p\u0101des.<\/p>\n\n\n\n<h3 class=\"wp-block-heading\" id=\"h-2-adjectives-agreeing-with-nouns\">2. \u012apa\u0161\u012bbas v\u0101rdi \u2013 Vieno\u0161an\u0101s ar lietv\u0101rdiem<\/h3>\n\n\n\n<p>\u010cehu \u012bpa\u0161\u012bbas v\u0101rdiem ir \u012bpa\u0161s pien\u0101kums: vi\u0146iem ir j\u0101piekr\u012bt lietv\u0101rdiem, kurus vi\u0146i maina dzimum\u0101, skait\u0101 un gad\u012bjum\u0101. Padom\u0101jiet par to k\u0101 par dinamisku duetu, gramatikas tango, kur viena puse graciozi piel\u0101gojas, lai papildin\u0101tu otru. \u0160\u012b vieno\u0161an\u0101s pal\u012bdz rad\u012bt teikumu harmoniju un palielina skaidr\u012bbu.<\/p>\n\n\n\n<p>Piem\u0113ram, \u010dehu valod\u0101 v\u0101rds &#8220;skaistais&#8221; ir &#8220;kr\u00e1sn\u00fd&#8221;. Ja j\u016bs raksturojat skaistu m\u0101ju (d\u016fm), kas ir v\u012brie\u0161u dzimt\u0113, j\u016bs lietosiet &#8220;kr\u00e1sn\u00fd d\u016fm&#8221;. Skaista meitene (d\u00edvka), kas ir sievi\u0161\u0137\u0101 dzimt\u0113, ir &#8220;kr\u00e1sn\u00e1 d\u00edvka&#8221;. Un, ja ir skaista diena (den), kas ir dzimt\u0101 dzimt\u0101, j\u016bs teiksiet &#8220;kr\u00e1sn\u00fd den&#8221;. Redziet, k\u0101 \u012bpa\u0161\u012bbas v\u0101rds dejo kop\u0101 ar lietv\u0101rdu?<\/p>\n\n\n\n<h3 class=\"wp-block-heading\" id=\"h-3-verbs-the-art-of-conjugation\">3. Darb\u012bbas v\u0101rdi \u2013 konjug\u0101cijas m\u0101ksla<\/h3>\n\n\n\n<p>\u010cehu valod\u0101 konjug\u0101cijas m\u0101ksla \u2013 tas ir, darb\u012bbas v\u0101rdu formu mai\u0146a, pamatojoties uz sasprindzin\u0101jumu, noska\u0146ojumu un cilv\u0113ku \u2013 ieg\u016bst savu dz\u012bvi. \u010cehu darb\u012bbas v\u0101rdi iedal\u0101s div\u0101s kategorij\u0101s: perfekts un nepiln\u012bgs. Perfekti darb\u012bbas v\u0101rdi nor\u0101da, ka darb\u012bba ir pabeigta, savuk\u0101rt nepiln\u012bgi darb\u012bbas v\u0101rdi liecina par notieko\u0161\u0101m vai past\u0101v\u012bg\u0101m darb\u012bb\u0101m.  <\/p>\n\n\n\n<p>\u010cehu gramatik\u0101 ir da\u017eas aizraujo\u0161as d\u012bvain\u012bbas, kad runa ir par darb\u012bbas v\u0101rdiem. Piem\u0113ram, n\u0101kotnes sasprindzin\u0101jums regul\u0101ri veidojas tikai nepiln\u012bgiem darb\u012bbas v\u0101rdiem. Perfektiem darb\u012bbas v\u0101rdiem tas sapl\u016bst ar pa\u0161reiz\u0113jo sasprindzin\u0101jumu! Turkl\u0101t, t\u0101 viet\u0101, lai b\u016btu \u012bpa\u0161a pas\u012bva balss, \u010dehu valod\u0101 ir iek\u013cautas pas\u012bv\u0101s konstrukcijas, izmantojot pal\u012bgv\u0101rdus. Neaizmirs\u012bsim ar\u012b par \u010dehu valodas atgriezeniskajiem darb\u012bbas v\u0101rdiem, kad darb\u012bba atgrie\u017eas atpaka\u013c pie subjekta, kas \u0161ai intri\u0123\u0113jo\u0161ajai valodai pie\u0161\u0137ir v\u0113l vienu niansi.<\/p>\n\n\n\n<h3 class=\"wp-block-heading\" id=\"h-4-pronouns-the-mirror-of-linguistic-diversity\">4. Vietniekv\u0101rdi: valodu daudzveid\u012bbas spogulis<\/h3>\n\n\n\n<p>\u010cehu valodas gramatik\u0101 vietniekv\u0101rdi &#8211; m\u0113s run\u0101jam par person\u012bgajiem, \u012bpa\u0161umv\u0101rdiem, nor\u0101d\u0101majiem, jaut\u0101jamajiem un relat\u012bvajiem vietniekv\u0101rdiem &#8211; ir tikpat da\u017e\u0101di k\u0101 citas runas da\u013cas. Ar\u012b vi\u0146iem ir j\u0101vienojas par dzimumu, skaitu un gad\u012bjumu ar lietv\u0101rdiem, kurus vi\u0146i aizst\u0101j vai uz kuriem atsaucas.<\/p>\n\n\n\n<p>Piem\u0113ram, ja j\u016bs run\u0101jat par gr\u0101matu, kas jums pat\u012bk, j\u016bs teiksiet &#8220;<a href=\"https:\/\/talkpal.ai\/culture\/how-to-say-i-like-in-slovak-using-mam-rad\/\">M\u00e1m r\u00e1d<\/a> tu knihu&#8221; (Man pat\u012bk \u0161\u012b gr\u0101mata). \u0160eit &#8220;tu&#8221; ir nor\u0101d\u0101m\u0101 vietniekv\u0101rda &#8220;tas&#8221; sievi\u0161\u0137\u0101 forma, kas sakr\u012bt ar &#8220;gr\u0101mata&#8221; (gr\u0101mata), kas ar\u012b ir sievie\u0161u dzimt\u0113.<\/p>\n\n\n\n<h3 class=\"wp-block-heading\" id=\"h-5-embracing-the-challenge\">5. Pie\u0146emot izaicin\u0101jumu<\/h3>\n\n\n\n<p>\u010cehu valodas gramatika var b\u016bt mulsino\u0161a un bied\u0113jo\u0161a, ta\u010du tie\u0161i t\u0101 ar\u012b padara \u0161o aizraujo\u0161o valodu \u012bpa\u0161u. Nevairieties no izaicin\u0101juma! Atcerieties, ka nav svar\u012bgi apg\u016bt visu uzreiz, bet gan soli pa solim progres\u0113t. Atv\u0113liet laiku, lai izprastu \u010dehu valodas gramatikas unik\u0101lo sist\u0113mu, un j\u016bs b\u016bsiet ce\u013c\u0101 uz \u0161\u012bs skaist\u0101s un sare\u017e\u0123\u012bt\u0101s valodas apguvi. Un, apg\u016bstot \u010dehu valodas gramatikas nianses, j\u016bs neap\u0161aub\u0101mi atkl\u0101siet, ka no jauna nov\u0113rt\u0113siet t\u0101s nianses. Priec\u012bgu m\u0101c\u012b\u0161anos!<\/p>\n<\/div><\/div>\n\r\n<section class=\"learnNavigationSection\">\r\n            \r\n        <a href=\"https:\/\/talkpal.ai\/lv\/apgustiet-cehu-valodu\/\">\r\n            <div class=\"learnNavigationWrapper\">\r\n                <div class=\"learnNavigationContent\">\r\n                    <img decoding=\"async\" src=\"https:\/\/talkpal.ai\/wp-content\/uploads\/2024\/08\/Czech.jpg\" alt=\"Czech Flag\">\r\n                    <div>\r\n                        <h4>Par \u010dehu valodas apguvi<\/h4>\r\n                        <p>Uzziniet visu par \u010dehu valodas gramatiku.<\/p>\r\n                    <\/div>\r\n                <\/div>\r\n            <\/div>\r\n        <\/a>\r\n\r\n        \r\n        <a href=\"https:\/\/talkpal.ai\/lv\/cehu-valodas-gramatikas-vingrinajumi\/\">\r\n            <div class=\"learnNavigationWrapper\">\r\n                <div class=\"learnNavigationContent\">\r\n                    <img decoding=\"async\" src=\"https:\/\/talkpal.ai\/wp-content\/uploads\/2024\/08\/Czech.jpg\" alt=\"Czech Flag\">\r\n                    <div>\r\n                        <h4>\u010cehu valodas gramatikas vingrin\u0101jums<\/h4>\r\n                        <p>Praktiz\u0113jiet \u010dehu gramatiku.<\/p>\r\n                    <\/div>\r\n                <\/div>\r\n            <\/div>\r\n        <\/a>\r\n\r\n        \r\n        <a href=\"https:\/\/talkpal.ai\/vocabulary_language\/czech\/\">\r\n            <div class=\"learnNavigationWrapper\">\r\n                <div class=\"learnNavigationContent\">\r\n                    <img decoding=\"async\" src=\"https:\/\/talkpal.ai\/wp-content\/uploads\/2024\/08\/Czech.jpg\" alt=\"Czech Flag\">\r\n                    <div>\r\n                        <h4>\u010cehu valodas v\u0101rdn\u012bca<\/h4>\r\n                        <p>Papla\u0161iniet \u010dehu valodas v\u0101rdu kr\u0101jumu.<\/p>\r\n                    <\/div>\r\n                <\/div>\r\n            <\/div>\r\n        <\/a>\r\n\r\n            <\/section>","protected":false},"excerpt":{"rendered":"<p>\u010cehu valodas gramatika: \u010dehu valodas unik\u0101l\u0101s strukt\u016bras izpratne Ja k\u0101dreiz esat m\u0113\u0123in\u0101jis apg\u016bt \u010dehu valodu &#8211; vai pat tikai izlas\u012bjis k\u0101du \u010dehu valodas rakstu vai gr\u0101matu -, j\u016bs, iesp\u0113jams, esat paman\u012bjis, ka t\u0101s gramatika var b\u016bt diezgan sare\u017e\u0123\u012bta. \u010cehu valodas gramatika, kas pla\u0161i tiek uzskat\u012bta par vienu no sare\u017e\u0123\u012bt\u0101kaj\u0101m valodu sist\u0113m\u0101m, ir samulsin\u0101jusi daudzus \u0101rvalstu [&hellip;]<\/p>\n","protected":false},"author":1,"featured_media":111628,"parent":0,"menu_order":0,"comment_status":"closed","ping_status":"closed","template":"LearningContentPage.php","meta":{"_acf_changed":false,"footnotes":""},"class_list":["post-143284","page","type-page","status-publish","has-post-thumbnail","hentry"],"acf":[],"yoast_head":"<!-- This site is optimized with the Yoast SEO Premium plugin v27.2 (Yoast SEO v27.2) - https:\/\/yoast.com\/product\/yoast-seo-premium-wordpress\/ -->\n<title>\u010cehu valodas gramatika - Talkpal<\/title>\n<meta name=\"description\" content=\"Atkl\u0101jiet \u010dehu valodas gramatikas nosl\u0113pumus. Uzziniet, cik sare\u017e\u0123\u012bta ir lietv\u0101rdu deklin\u0101ciju sist\u0113ma un k\u0101 efekt\u012bvi apg\u016bt lietv\u0101rdu deklin\u0101ciju.\" \/>\n<meta name=\"robots\" content=\"index, follow, max-snippet:-1, max-image-preview:large, max-video-preview:-1\" \/>\n<link rel=\"canonical\" href=\"https:\/\/talkpal.ai\/lv\/cehu-valodas-gramatika\/\" \/>\n<meta property=\"og:locale\" content=\"lv_LV\" \/>\n<meta property=\"og:type\" content=\"article\" \/>\n<meta property=\"og:title\" content=\"\u010cehu valodas gramatika\" \/>\n<meta property=\"og:description\" content=\"\u010cehu valodas gramatika: \u010dehu valodas unik\u0101l\u0101s strukt\u016bras izpratne Ja k\u0101dreiz esat m\u0113\u0123in\u0101jis apg\u016bt \u010dehu valodu - vai pat tikai izlas\u012bjis k\u0101du \u010dehu valodas\" \/>\n<meta property=\"og:url\" content=\"https:\/\/talkpal.ai\/lv\/cehu-valodas-gramatika\/\" \/>\n<meta property=\"og:site_name\" content=\"Talkpal\" \/>\n<meta property=\"article:publisher\" content=\"https:\/\/www.facebook.com\/profile.php?id=100090733639311\" \/>\n<meta property=\"article:modified_time\" content=\"2025-12-13T15:22:54+00:00\" \/>\n<meta property=\"og:image\" content=\"https:\/\/talkpal.ai\/wp-content\/uploads\/2023\/05\/czech-republic.png\" \/>\n\t<meta property=\"og:image:width\" content=\"512\" \/>\n\t<meta property=\"og:image:height\" content=\"512\" \/>\n\t<meta property=\"og:image:type\" content=\"image\/png\" \/>\n<meta name=\"twitter:card\" content=\"summary_large_image\" \/>\n<meta name=\"twitter:site\" content=\"@talkpalai\" \/>\n<meta name=\"twitter:label1\" content=\"Est. reading time\" \/>\n\t<meta name=\"twitter:data1\" content=\"4 minutes\" \/>\n<script type=\"application\/ld+json\" class=\"yoast-schema-graph\">{\"@context\":\"https:\/\/schema.org\",\"@graph\":[{\"@type\":\"WebPage\",\"@id\":\"https:\/\/talkpal.ai\/lv\/cehu-valodas-gramatika\/\",\"url\":\"https:\/\/talkpal.ai\/lv\/cehu-valodas-gramatika\/\",\"name\":\"\u010cehu valodas gramatika - Talkpal\",\"isPartOf\":{\"@id\":\"https:\/\/talkpal.ai\/lv\/#website\"},\"primaryImageOfPage\":{\"@id\":\"https:\/\/talkpal.ai\/lv\/cehu-valodas-gramatika\/#primaryimage\"},\"image\":{\"@id\":\"https:\/\/talkpal.ai\/lv\/cehu-valodas-gramatika\/#primaryimage\"},\"thumbnailUrl\":\"https:\/\/talkpal.ai\/wp-content\/uploads\/2023\/05\/czech-republic.png\",\"datePublished\":\"2023-05-14T14:03:07+00:00\",\"dateModified\":\"2025-12-13T15:22:54+00:00\",\"description\":\"Atkl\u0101jiet \u010dehu valodas gramatikas nosl\u0113pumus. Uzziniet, cik sare\u017e\u0123\u012bta ir lietv\u0101rdu deklin\u0101ciju sist\u0113ma un k\u0101 efekt\u012bvi apg\u016bt lietv\u0101rdu deklin\u0101ciju.\",\"breadcrumb\":{\"@id\":\"https:\/\/talkpal.ai\/lv\/cehu-valodas-gramatika\/#breadcrumb\"},\"inLanguage\":\"lv-LV\",\"potentialAction\":[{\"@type\":\"ReadAction\",\"target\":[\"https:\/\/talkpal.ai\/lv\/cehu-valodas-gramatika\/\"]}]},{\"@type\":\"ImageObject\",\"inLanguage\":\"lv-LV\",\"@id\":\"https:\/\/talkpal.ai\/lv\/cehu-valodas-gramatika\/#primaryimage\",\"url\":\"https:\/\/talkpal.ai\/wp-content\/uploads\/2023\/05\/czech-republic.png\",\"contentUrl\":\"https:\/\/talkpal.ai\/wp-content\/uploads\/2023\/05\/czech-republic.png\",\"width\":512,\"height\":512},{\"@type\":\"BreadcrumbList\",\"@id\":\"https:\/\/talkpal.ai\/lv\/cehu-valodas-gramatika\/#breadcrumb\",\"itemListElement\":[{\"@type\":\"ListItem\",\"position\":1,\"name\":\"Homepage\",\"item\":\"https:\/\/talkpal.ai\/lv\/\"},{\"@type\":\"ListItem\",\"position\":2,\"name\":\"\u010cehu valodas gramatika\"}]},{\"@type\":\"WebSite\",\"@id\":\"https:\/\/talkpal.ai\/lv\/#website\",\"url\":\"https:\/\/talkpal.ai\/lv\/\",\"name\":\"Talkpal\",\"description\":\"AI Language Learning\",\"publisher\":{\"@id\":\"https:\/\/talkpal.ai\/lv\/#organization\"},\"alternateName\":\"Talkpal AI\",\"potentialAction\":[{\"@type\":\"SearchAction\",\"target\":{\"@type\":\"EntryPoint\",\"urlTemplate\":\"https:\/\/talkpal.ai\/lv\/?s={search_term_string}\"},\"query-input\":{\"@type\":\"PropertyValueSpecification\",\"valueRequired\":true,\"valueName\":\"search_term_string\"}}],\"inLanguage\":\"lv-LV\"},{\"@type\":\"Organization\",\"@id\":\"https:\/\/talkpal.ai\/lv\/#organization\",\"name\":\"Talkpal, Inc.\",\"alternateName\":\"Talkpal AI\",\"url\":\"https:\/\/talkpal.ai\/lv\/\",\"logo\":{\"@type\":\"ImageObject\",\"inLanguage\":\"lv-LV\",\"@id\":\"https:\/\/talkpal.ai\/lv\/#\/schema\/logo\/image\/\",\"url\":\"https:\/\/talkpal.ai\/wp-content\/uploads\/2024\/03\/Talkpal-Logo-Icon.png\",\"contentUrl\":\"https:\/\/talkpal.ai\/wp-content\/uploads\/2024\/03\/Talkpal-Logo-Icon.png\",\"width\":2880,\"height\":2880,\"caption\":\"Talkpal, Inc.\"},\"image\":{\"@id\":\"https:\/\/talkpal.ai\/lv\/#\/schema\/logo\/image\/\"},\"sameAs\":[\"https:\/\/www.facebook.com\/profile.php?id=100090733639311\",\"https:\/\/x.com\/talkpalai\",\"https:\/\/www.linkedin.com\/company\/talkpal\/\",\"https:\/\/www.youtube.com\/@TalkPal\/\",\"https:\/\/www.tiktok.com\/@talkpal\",\"https:\/\/www.instagram.com\/talkpal_ai\/\",\"https:\/\/www.crunchbase.com\/organization\/talkpal-9cde\",\"https:\/\/www.g2.com\/products\/talkpal-for-business\/\",\"https:\/\/www.trustpilot.com\/review\/talkpal.ai\",\"https:\/\/www.capterra.com\/p\/10006800\/TalkPal\/\"],\"description\":\"Talkpal is a language learning web and mobile education app, powered by the latest AI technologies, that provides engaging experiences to its customers in many different languages to help them improve their language skills. Users can chat about unlimited amount of topics with the app and use other modes to practice their language learning.\",\"email\":\"support@talkpal.ai\",\"legalName\":\"Talkpal, Inc.\",\"foundingDate\":\"2023-04-03\",\"duns\":\"118989042\",\"numberOfEmployees\":{\"@type\":\"QuantitativeValue\",\"minValue\":\"11\",\"maxValue\":\"50\"},\"publishingPrinciples\":\"https:\/\/talkpal.ai\/publishing-principles\/\",\"actionableFeedbackPolicy\":\"https:\/\/talkpal.ai\/actionable-feedback-policy\/\",\"correctionsPolicy\":\"https:\/\/talkpal.ai\/corrections-policy\/\",\"ethicsPolicy\":\"https:\/\/talkpal.ai\/ethics-policy\/\",\"diversityPolicy\":\"https:\/\/talkpal.ai\/diversity-policy\/\",\"diversityStaffingReport\":\"https:\/\/talkpal.ai\/diversity-policy\/\"}]}<\/script>\n<!-- \/ Yoast SEO Premium plugin. -->","yoast_head_json":{"title":"\u010cehu valodas gramatika - Talkpal","description":"Atkl\u0101jiet \u010dehu valodas gramatikas nosl\u0113pumus. Uzziniet, cik sare\u017e\u0123\u012bta ir lietv\u0101rdu deklin\u0101ciju sist\u0113ma un k\u0101 efekt\u012bvi apg\u016bt lietv\u0101rdu deklin\u0101ciju.","robots":{"index":"index","follow":"follow","max-snippet":"max-snippet:-1","max-image-preview":"max-image-preview:large","max-video-preview":"max-video-preview:-1"},"canonical":"https:\/\/talkpal.ai\/lv\/cehu-valodas-gramatika\/","og_locale":"lv_LV","og_type":"article","og_title":"\u010cehu valodas gramatika","og_description":"\u010cehu valodas gramatika: \u010dehu valodas unik\u0101l\u0101s strukt\u016bras izpratne Ja k\u0101dreiz esat m\u0113\u0123in\u0101jis apg\u016bt \u010dehu valodu - vai pat tikai izlas\u012bjis k\u0101du \u010dehu valodas","og_url":"https:\/\/talkpal.ai\/lv\/cehu-valodas-gramatika\/","og_site_name":"Talkpal","article_publisher":"https:\/\/www.facebook.com\/profile.php?id=100090733639311","article_modified_time":"2025-12-13T15:22:54+00:00","og_image":[{"width":512,"height":512,"url":"https:\/\/talkpal.ai\/wp-content\/uploads\/2023\/05\/czech-republic.png","type":"image\/png"}],"twitter_card":"summary_large_image","twitter_site":"@talkpalai","twitter_misc":{"Est. reading time":"4 minutes"},"schema":{"@context":"https:\/\/schema.org","@graph":[{"@type":"WebPage","@id":"https:\/\/talkpal.ai\/lv\/cehu-valodas-gramatika\/","url":"https:\/\/talkpal.ai\/lv\/cehu-valodas-gramatika\/","name":"\u010cehu valodas gramatika - Talkpal","isPartOf":{"@id":"https:\/\/talkpal.ai\/lv\/#website"},"primaryImageOfPage":{"@id":"https:\/\/talkpal.ai\/lv\/cehu-valodas-gramatika\/#primaryimage"},"image":{"@id":"https:\/\/talkpal.ai\/lv\/cehu-valodas-gramatika\/#primaryimage"},"thumbnailUrl":"https:\/\/talkpal.ai\/wp-content\/uploads\/2023\/05\/czech-republic.png","datePublished":"2023-05-14T14:03:07+00:00","dateModified":"2025-12-13T15:22:54+00:00","description":"Atkl\u0101jiet \u010dehu valodas gramatikas nosl\u0113pumus. Uzziniet, cik sare\u017e\u0123\u012bta ir lietv\u0101rdu deklin\u0101ciju sist\u0113ma un k\u0101 efekt\u012bvi apg\u016bt lietv\u0101rdu deklin\u0101ciju.","breadcrumb":{"@id":"https:\/\/talkpal.ai\/lv\/cehu-valodas-gramatika\/#breadcrumb"},"inLanguage":"lv-LV","potentialAction":[{"@type":"ReadAction","target":["https:\/\/talkpal.ai\/lv\/cehu-valodas-gramatika\/"]}]},{"@type":"ImageObject","inLanguage":"lv-LV","@id":"https:\/\/talkpal.ai\/lv\/cehu-valodas-gramatika\/#primaryimage","url":"https:\/\/talkpal.ai\/wp-content\/uploads\/2023\/05\/czech-republic.png","contentUrl":"https:\/\/talkpal.ai\/wp-content\/uploads\/2023\/05\/czech-republic.png","width":512,"height":512},{"@type":"BreadcrumbList","@id":"https:\/\/talkpal.ai\/lv\/cehu-valodas-gramatika\/#breadcrumb","itemListElement":[{"@type":"ListItem","position":1,"name":"Homepage","item":"https:\/\/talkpal.ai\/lv\/"},{"@type":"ListItem","position":2,"name":"\u010cehu valodas gramatika"}]},{"@type":"WebSite","@id":"https:\/\/talkpal.ai\/lv\/#website","url":"https:\/\/talkpal.ai\/lv\/","name":"Talkpal","description":"AI Language Learning","publisher":{"@id":"https:\/\/talkpal.ai\/lv\/#organization"},"alternateName":"Talkpal AI","potentialAction":[{"@type":"SearchAction","target":{"@type":"EntryPoint","urlTemplate":"https:\/\/talkpal.ai\/lv\/?s={search_term_string}"},"query-input":{"@type":"PropertyValueSpecification","valueRequired":true,"valueName":"search_term_string"}}],"inLanguage":"lv-LV"},{"@type":"Organization","@id":"https:\/\/talkpal.ai\/lv\/#organization","name":"Talkpal, Inc.","alternateName":"Talkpal AI","url":"https:\/\/talkpal.ai\/lv\/","logo":{"@type":"ImageObject","inLanguage":"lv-LV","@id":"https:\/\/talkpal.ai\/lv\/#\/schema\/logo\/image\/","url":"https:\/\/talkpal.ai\/wp-content\/uploads\/2024\/03\/Talkpal-Logo-Icon.png","contentUrl":"https:\/\/talkpal.ai\/wp-content\/uploads\/2024\/03\/Talkpal-Logo-Icon.png","width":2880,"height":2880,"caption":"Talkpal, Inc."},"image":{"@id":"https:\/\/talkpal.ai\/lv\/#\/schema\/logo\/image\/"},"sameAs":["https:\/\/www.facebook.com\/profile.php?id=100090733639311","https:\/\/x.com\/talkpalai","https:\/\/www.linkedin.com\/company\/talkpal\/","https:\/\/www.youtube.com\/@TalkPal\/","https:\/\/www.tiktok.com\/@talkpal","https:\/\/www.instagram.com\/talkpal_ai\/","https:\/\/www.crunchbase.com\/organization\/talkpal-9cde","https:\/\/www.g2.com\/products\/talkpal-for-business\/","https:\/\/www.trustpilot.com\/review\/talkpal.ai","https:\/\/www.capterra.com\/p\/10006800\/TalkPal\/"],"description":"Talkpal is a language learning web and mobile education app, powered by the latest AI technologies, that provides engaging experiences to its customers in many different languages to help them improve their language skills. Users can chat about unlimited amount of topics with the app and use other modes to practice their language learning.","email":"support@talkpal.ai","legalName":"Talkpal, Inc.","foundingDate":"2023-04-03","duns":"118989042","numberOfEmployees":{"@type":"QuantitativeValue","minValue":"11","maxValue":"50"},"publishingPrinciples":"https:\/\/talkpal.ai\/publishing-principles\/","actionableFeedbackPolicy":"https:\/\/talkpal.ai\/actionable-feedback-policy\/","correctionsPolicy":"https:\/\/talkpal.ai\/corrections-policy\/","ethicsPolicy":"https:\/\/talkpal.ai\/ethics-policy\/","diversityPolicy":"https:\/\/talkpal.ai\/diversity-policy\/","diversityStaffingReport":"https:\/\/talkpal.ai\/diversity-policy\/"}]}},"_links":{"self":[{"href":"https:\/\/talkpal.ai\/lv\/wp-json\/wp\/v2\/pages\/143284","targetHints":{"allow":["GET"]}}],"collection":[{"href":"https:\/\/talkpal.ai\/lv\/wp-json\/wp\/v2\/pages"}],"about":[{"href":"https:\/\/talkpal.ai\/lv\/wp-json\/wp\/v2\/types\/page"}],"author":[{"embeddable":true,"href":"https:\/\/talkpal.ai\/lv\/wp-json\/wp\/v2\/users\/1"}],"replies":[{"embeddable":true,"href":"https:\/\/talkpal.ai\/lv\/wp-json\/wp\/v2\/comments?post=143284"}],"version-history":[{"count":0,"href":"https:\/\/talkpal.ai\/lv\/wp-json\/wp\/v2\/pages\/143284\/revisions"}],"wp:featuredmedia":[{"embeddable":true,"href":"https:\/\/talkpal.ai\/lv\/wp-json\/wp\/v2\/media\/111628"}],"wp:attachment":[{"href":"https:\/\/talkpal.ai\/lv\/wp-json\/wp\/v2\/media?parent=143284"}],"curies":[{"name":"wp","href":"https:\/\/api.w.org\/{rel}","templated":true}]}}