{"id":143007,"date":"2023-05-14T14:02:30","date_gmt":"2023-05-14T14:02:30","guid":{"rendered":"http:\/\/talkpal.ai\/grieku-valodas-gramatika\/"},"modified":"2025-12-13T15:34:32","modified_gmt":"2025-12-13T15:34:32","slug":"grieku-valodas-gramatika","status":"publish","type":"page","link":"https:\/\/talkpal.ai\/lv\/grieku-valodas-gramatika\/","title":{"rendered":"Grie\u0137u valodas gramatika"},"content":{"rendered":"\r\n\r\n\r\n<section class=\"languageChallengeSection\">\r\n    <div class=\"languageInfoWrapper\">\r\n        \r\n        <h1>Grie\u0137u valodas gramatika<\/h1>\r\n        <p>Uzziniet <a href=\"https:\/\/talkpal.ai\/learn-greek\/\">grie\u0137u<\/a> <a href=\"https:\/\/talkpal.ai\/what-language-is-spoken-on-the-international-space-station\/\">valodas<\/a> gramatiku un ieejiet vienas no sen\u0101kaj\u0101m un ietekm\u012bg\u0101kaj\u0101m cilv\u0113ces valod\u0101m pasaul\u0113. Grie\u0137u valoda iepaz\u012bstina ar t\u0101s unik\u0101lo alfab\u0113tu, izteiksm\u012bgaj\u0101m darb\u012bbas v\u0101rdu loc\u012bjuma form\u0101m un lietv\u0101rdu loc\u012bjumu sist\u0113mu, kas veido noz\u012bmi. Izp\u0113tot \u0161o vietu, j\u016bs atkl\u0101siet daudzu <a href=\"https:\/\/talkpal.ai\/learn-english-with-ai\/\">ang\u013cu<\/a> valodas v\u0101rdu saknes un iepaz\u012bsiet bag\u0101t\u012bgo kult\u016bras mantojumu. Iegremd\u0113jieties un izbaudiet grie\u0137u gramatikas apguves izaicin\u0101jumu!<\/p>\r\n\r\n                            <a class=\"getStartedHidden\" href=\"https:\/\/app.talkpal.ai\/lv\/signup?lng=\">S\u0101c<\/a>\r\n        \r\n    <\/div>\r\n\r\n    <figure>\r\n    <img decoding=\"async\" width=\"768\" height=\"768\" src=\"https:\/\/talkpal.ai\/wp-content\/uploads\/2023\/06\/greek-768x768.png\" class=\"languageImage no-lazy\" alt=\"Language learning to boost personal capability\" fetchpriority=\"high\" sizes=\"(max-width: 768px) 150px, 768px\" srcset=\"https:\/\/talkpal.ai\/wp-content\/uploads\/2023\/06\/greek-768x768.png 768w, https:\/\/talkpal.ai\/wp-content\/uploads\/2023\/06\/greek-300x300.png 300w\" \/>\r\n    \r\n\r\n    <\/figure>\r\n\r\n            <a class=\"getStartedVisible\" href=\"https:\/\/app.talkpal.ai\/lv\/signup?lng=\">S\u0101c<\/a>\r\n    \r\n<\/section>\r\n<section class=\"promotionalBanner\">\r\n    <p class=\"promotionalText\">Visefekt\u012bv\u0101kais veids, k\u0101 apg\u016bt valodu<\/p>\r\n    <a class=\"promotionalLink\" href=\"https:\/\/app.talkpal.ai\/lv\/signup?lng=\">Izm\u0113\u0123iniet Talkpal bez maksas<\/a>\r\n<\/section>\n<div class=\"wp-block-group pageContainerStyle\"><div class=\"wp-block-group__inner-container is-layout-constrained wp-block-group-is-layout-constrained\">\n<h2 class=\"wp-block-heading\" id=\"h-demystifying-greek-grammar-a-comprehensive-guide\">Grie\u0137u gramatikas demistifik\u0101cija: visaptvero\u0161s ce\u013cvedis<\/h2>\n\n\n\n<p>Grie\u0137u valoda, eleganta un sena valoda, ie\u0146em \u012bpa\u0161u vietu valodas v\u0113stur\u0113 un joproj\u0101m ir ietekm\u012bga \u0161odien. Ar sp\u0113c\u012bgu pamatu grie\u0137u gramatik\u0101 j\u016bs ieg\u016bsit piek\u013cuvi bag\u0101t\u012bgiem kult\u016brv\u0113sturiskiem resursiem, vienlaikus atblo\u0137\u0113jot v\u0113l vienu noz\u012bmes sl\u0101ni ang\u013cu valodas v\u0101rdn\u012bc\u0101. Pret\u0113ji izplat\u012btajam uzskatam, <a href=\"https:\/\/talkpal.ai\/greek-grammar\/\">grie\u0137u gramatika<\/a> nav tik bied\u0113jo\u0161a, k\u0101 s\u0101kotn\u0113ji var\u0113tu \u0161\u0137ist. \u0160aj\u0101 rakst\u0101 m\u0113s pal\u012bdz\u0113sim jums apg\u016bt grie\u0137u gramatikas b\u016btisk\u0101kos komponentus, lai j\u016bs var\u0113tu ar p\u0101rliec\u012bbu un entuziasmu apg\u016bt \u0161o valodu.<\/p>\n\n\n\n<h3 class=\"wp-block-heading\" id=\"h-1-understanding-greek-nouns-cases-and-articles\">1. Izpratne par grie\u0137u lietv\u0101rdiem, liet\u0101m un rakstiem<\/h3>\n\n\n\n<p>Grie\u0137u lietv\u0101rdi tiek iedal\u012bti tr\u012bs dzimumos: v\u012bri\u0161\u0137ais, sievi\u0161\u0137ais un neitr\u0101ls. Katrs lietv\u0101rds pieder pie vienas no trim deklin\u0101cij\u0101m, kas nosaka lietv\u0101rda galotni atkar\u012bb\u0101 no t\u0101 dzimtes, skait\u013ca (vienskait\u013ca vai daudzskait\u013ca) un p\u0101des. Grie\u0137u valod\u0101 ir pieci gad\u012bjumi: nominat\u012bvs, \u0123enit\u012bvs, dat\u012bvs, akuzat\u012bvs un vokat\u012bvs.<\/p>\n\n\n\n<p>B\u016btisks grie\u0137u gramatikas aspekts ir saist\u012bts ar rakstu. L\u012bdz\u012bgi k\u0101 ang\u013cu valod\u0101 &#8220;the&#8221;, ar\u012b grie\u0137u valod\u0101 noteiktais artikuls ir \u013coti svar\u012bgs, lai izprastu grie\u0137u valodas tekstus. Grie\u0137u rakst\u0101 j\u0101piekr\u012bt lietv\u0101rdam dzimt\u0113, skait\u0101 un gad\u012bjum\u0101. Grie\u0137u valod\u0101 ir ar\u012b nenoteiktais artikuls, kas darbojas t\u0101pat k\u0101 ang\u013cu valod\u0101 &#8216;a&#8217; vai &#8216;an&#8217;.<\/p>\n\n\n\n<h3 class=\"wp-block-heading\" id=\"h-2-tackling-greek-verbs-conjugation-and-moods\">2. Grie\u0137u darb\u012bbas v\u0101rdu risin\u0101\u0161ana: konjug\u0101cija un noska\u0146as<\/h3>\n\n\n\n<p>Grie\u0137u darb\u012bbas v\u0101rdus raksturo to sasprindzin\u0101jums, balss, noska\u0146ojums, persona un skaits. Darb\u012bbas v\u0101rdi grie\u0137u valod\u0101 tiek konjug\u0113ti atbilsto\u0161i to sasprindzin\u0101jumam, kas nor\u0101da, kad notiek darb\u012bba. Grie\u0137u darb\u012bbas v\u0101rdam ir septi\u0146as galven\u0101s da\u013cas, no kur\u0101m katra atbilst sasprindzin\u0101jumam:<\/p>\n\n\n\n<p><strong>&#8211; D\u0101vanas<\/strong><\/p>\n\n\n\n<p><strong>&#8211; N\u0101kotne<\/strong><\/p>\n\n\n\n<p><strong>&#8211; Aorists (vienk\u0101r\u0161ais pag\u0101tne)<\/strong><\/p>\n\n\n\n<p><strong>&#8211; Perfekts<\/strong><\/p>\n\n\n\n<p><strong>&#8211; N\u0101kotnes pabeigt\u0101 forma<\/strong><\/p>\n\n\n\n<p><strong>&#8211; Pluperfekts<\/strong><\/p>\n\n\n\n<p><strong>&#8211; Aorists pas\u012bvs<\/strong><\/p>\n\n\n\n<p>Turkl\u0101t grie\u0137u darb\u012bbas v\u0101rdiem ir da\u017e\u0101di noska\u0146ojumi, kas izsaka run\u0101t\u0101ja attieksmi pret darb\u012bbu. \u0160\u012bs noska\u0146as ir oblig\u0101tas, indikat\u012bvas un subjunkt\u012bvas.<\/p>\n\n\n\n<h3 class=\"wp-block-heading\" id=\"h-3-crafting-expressive-sentences-with-greek-adjectives-and-adverbs\">3. Izteiksm\u012bgu teikumu veido\u0161ana ar grie\u0137u \u012bpa\u0161\u012bbas v\u0101rdiem un adverbiem<\/h3>\n\n\n\n<p>Grie\u0137u \u012bpa\u0161\u012bbas v\u0101rdi j\u016bsu teikumiem pievieno kr\u0101su un aprakstu. L\u012bdz\u012bgi k\u0101 lietv\u0101rdiem, \u012bpa\u0161\u012bbas v\u0101rdiem grie\u0137u valod\u0101 ir j\u0101sakr\u012bt ar dzimumu, skaitu un gad\u012bjumu ar lietv\u0101rdu, ko tie apraksta. Turkl\u0101t \u012bpa\u0161\u012bbas v\u0101rdi pieder pie viena no trim deklam\u0101cij\u0101m, kas nosaka to galotnes.<\/p>\n\n\n\n<p>Grie\u0137u adverbi modific\u0113 darb\u012bbas v\u0101rdus, \u012bpa\u0161\u012bbas v\u0101rdus vai citus adverbus. Tie izsaka, k\u0101, kad, kur vai cik liel\u0101 m\u0113r\u0101 darb\u012bba tiek veikta. At\u0161\u0137ir\u012bb\u0101 no \u012bpa\u0161\u012bbas v\u0101rdiem, adverbiem nav j\u0101piekr\u012bt lietv\u0101rdiem dzimum\u0101, skait\u0101 vai gad\u012bjum\u0101. Daudzos gad\u012bjumos adverbi tiek veidoti, pievienojot \u012bpa\u0161as galotnes \u012bpa\u0161\u012bbas v\u0101rdu sakn\u0113m.<\/p>\n\n\n\n<h3 class=\"wp-block-heading\" id=\"h-4-exploring-greek-pronouns-and-greek-sentence-structure\">4. Grie\u0137u vietniekv\u0101rdu un grie\u0137u teikumu strukt\u016bras izp\u0113te<\/h3>\n\n\n\n<p>Vietniekv\u0101rdiem ir noz\u012bm\u012bga loma grie\u0137u gramatik\u0101, jo tie aizst\u0101j lietv\u0101rdus, un tiem ir j\u0101piekr\u012bt lietv\u0101rdam, ko tie p\u0101rst\u0101v dzimt\u0113, skait\u0101 un gad\u012bjum\u0101. Grie\u0137u valod\u0101 ir personiski, refleks\u012bvi, demonstrat\u012bvi, relat\u012bvi, jaut\u0101jo\u0161i un nenoteikti vietniekv\u0101rdi.<\/p>\n\n\n\n<p>Grie\u0137u teikuma strukt\u016bra galvenok\u0101rt atbilst subjekta-darb\u012bbas v\u0101rda-objekta (SVO) sec\u012bbai. Tom\u0113r, pateicoties t\u0101s \u013coti inflekt\u0113tajam raksturam, grie\u0137u valoda pied\u0101v\u0101 liel\u0101ku elast\u012bbu v\u0101rdu sec\u012bb\u0101, kas \u013cauj uzsv\u0113rt un po\u0113tiski izpausties. S\u0101kum\u0101 \u0161\u012b elast\u012bba var \u0161\u0137ist sare\u017e\u0123\u012bta, ta\u010du, iepaz\u012bstot valodas nianses, t\u0101 k\u013c\u016bst pieejam\u0101ka.<\/p>\n\n\n\n<h3 class=\"wp-block-heading\" id=\"h-conclusion\">Secin\u0101jums<\/h3>\n\n\n\n<p>Uzs\u0101kot savu ce\u013cu, lai apg\u016btu grie\u0137u valodas gramatiku, atcerieties, ka praksei un neatlaid\u012bbai ir iz\u0161\u0137iro\u0161a noz\u012bme pan\u0101kumu g\u016b\u0161an\u0101. Nesteidzieties at\u0161\u0137etin\u0101t grie\u0137u lietv\u0101rdu, darb\u012bbas v\u0101rdu, \u012bpa\u0161\u012bbas v\u0101rdu, adverbu un teikuma strukt\u016bras sare\u017e\u0123\u012bt\u012bbu. Iedzi\u013cinoties \u0161aj\u0101 aizraujo\u0161aj\u0101 valod\u0101, j\u016bs atrad\u012bsit, ka grie\u0137u valodas <a href=\"https:\/\/talkpal.ai\/sq\/gramatika\/\">gramatika<\/a> k\u013c\u016bst paz\u012bstam\u0101ka un maz\u0101k bied\u0113jo\u0161a. Lai veicas, un \u03ba\u03b1\u03bb\u03ae \u03b5\u03c0\u03b9\u03c4\u03c5\u03c7\u03af\u03b1!<\/p>\n<\/div><\/div>\n\r\n<section class=\"learnNavigationSection\">\r\n            \r\n        <a href=\"https:\/\/talkpal.ai\/lv\/macieties-grieku-valodu\/\">\r\n            <div class=\"learnNavigationWrapper\">\r\n                <div class=\"learnNavigationContent\">\r\n                    <img decoding=\"async\" src=\"https:\/\/talkpal.ai\/wp-content\/uploads\/2024\/08\/Greek.jpg\" alt=\"Greek Flag\">\r\n                    <div>\r\n                        <h4>Par grie\u0137u valodas apguvi<\/h4>\r\n                        <p>Uzziniet visu par grie\u0137u valodas gramatiku.<\/p>\r\n                    <\/div>\r\n                <\/div>\r\n            <\/div>\r\n        <\/a>\r\n\r\n        \r\n        <a href=\"https:\/\/talkpal.ai\/lv\/grieku-valodas-gramatikas-vingrinajumi\/\">\r\n            <div class=\"learnNavigationWrapper\">\r\n                <div class=\"learnNavigationContent\">\r\n                    <img decoding=\"async\" src=\"https:\/\/talkpal.ai\/wp-content\/uploads\/2024\/08\/Greek.jpg\" alt=\"Greek Flag\">\r\n                    <div>\r\n                        <h4>Grie\u0137u valodas gramatikas vingrin\u0101jums<\/h4>\r\n                        <p>Praktiz\u0113jiet grie\u0137u gramatiku.<\/p>\r\n                    <\/div>\r\n                <\/div>\r\n            <\/div>\r\n        <\/a>\r\n\r\n        \r\n        <a href=\"https:\/\/talkpal.ai\/vocabulary_language\/greek\/\">\r\n            <div class=\"learnNavigationWrapper\">\r\n                <div class=\"learnNavigationContent\">\r\n                    <img decoding=\"async\" src=\"https:\/\/talkpal.ai\/wp-content\/uploads\/2024\/08\/Greek.jpg\" alt=\"Greek Flag\">\r\n                    <div>\r\n                        <h4>Grie\u0137u valodas v\u0101rdn\u012bca<\/h4>\r\n                        <p>Papla\u0161iniet savu grie\u0137u valodas v\u0101rdu kr\u0101jumu.<\/p>\r\n                    <\/div>\r\n                <\/div>\r\n            <\/div>\r\n        <\/a>\r\n\r\n            <\/section>","protected":false},"excerpt":{"rendered":"<p>Grie\u0137u gramatikas demistifik\u0101cija: visaptvero\u0161s ce\u013cvedis Grie\u0137u valoda, eleganta un sena valoda, ie\u0146em \u012bpa\u0161u vietu valodas v\u0113stur\u0113 un joproj\u0101m ir ietekm\u012bga \u0161odien. Ar sp\u0113c\u012bgu pamatu grie\u0137u gramatik\u0101 j\u016bs ieg\u016bsit piek\u013cuvi bag\u0101t\u012bgiem kult\u016brv\u0113sturiskiem resursiem, vienlaikus atblo\u0137\u0113jot v\u0113l vienu noz\u012bmes sl\u0101ni ang\u013cu valodas v\u0101rdn\u012bc\u0101. Pret\u0113ji izplat\u012btajam uzskatam, grie\u0137u gramatika nav tik bied\u0113jo\u0161a, k\u0101 s\u0101kotn\u0113ji var\u0113tu \u0161\u0137ist. \u0160aj\u0101 rakst\u0101 [&hellip;]<\/p>\n","protected":false},"author":1,"featured_media":112826,"parent":0,"menu_order":0,"comment_status":"closed","ping_status":"closed","template":"LearningContentPage.php","meta":{"_acf_changed":false,"footnotes":""},"class_list":["post-143007","page","type-page","status-publish","has-post-thumbnail","hentry"],"acf":[],"yoast_head":"<!-- This site is optimized with the Yoast SEO Premium plugin v27.2 (Yoast SEO v27.2) - https:\/\/yoast.com\/product\/yoast-seo-premium-wordpress\/ -->\n<title>Grie\u0137u valodas gramatika - Talkpal<\/title>\n<meta name=\"description\" content=\"Apg\u016bstiet grie\u0137u gramatiku dro\u0161i - apg\u016bstiet svar\u012bgus noteikumus, praktiz\u0113jieties teikumu veido\u0161an\u0101 un \u0101tri nostipriniet savas prasmes ar Talkpal AI.\" \/>\n<meta name=\"robots\" content=\"index, follow, max-snippet:-1, max-image-preview:large, max-video-preview:-1\" \/>\n<link rel=\"canonical\" href=\"https:\/\/talkpal.ai\/lv\/grieku-valodas-gramatika\/\" \/>\n<meta property=\"og:locale\" content=\"lv_LV\" \/>\n<meta property=\"og:type\" content=\"article\" \/>\n<meta property=\"og:title\" content=\"Grie\u0137u valodas gramatika\" \/>\n<meta property=\"og:description\" content=\"Grie\u0137u gramatikas demistifik\u0101cija: visaptvero\u0161s ce\u013cvedis Grie\u0137u valoda, eleganta un sena valoda, ie\u0146em \u012bpa\u0161u vietu valodas v\u0113stur\u0113 un joproj\u0101m ir\" \/>\n<meta property=\"og:url\" content=\"https:\/\/talkpal.ai\/lv\/grieku-valodas-gramatika\/\" \/>\n<meta property=\"og:site_name\" content=\"Talkpal\" \/>\n<meta property=\"article:publisher\" content=\"https:\/\/www.facebook.com\/profile.php?id=100090733639311\" \/>\n<meta property=\"article:modified_time\" content=\"2025-12-13T15:34:32+00:00\" \/>\n<meta property=\"og:image\" content=\"https:\/\/talkpal.ai\/wp-content\/uploads\/2023\/05\/greece.png\" \/>\n\t<meta property=\"og:image:width\" content=\"512\" \/>\n\t<meta property=\"og:image:height\" content=\"512\" \/>\n\t<meta property=\"og:image:type\" content=\"image\/png\" \/>\n<meta name=\"twitter:card\" content=\"summary_large_image\" \/>\n<meta name=\"twitter:site\" content=\"@talkpalai\" \/>\n<meta name=\"twitter:label1\" content=\"Est. reading time\" \/>\n\t<meta name=\"twitter:data1\" content=\"4 minutes\" \/>\n<script type=\"application\/ld+json\" class=\"yoast-schema-graph\">{\"@context\":\"https:\/\/schema.org\",\"@graph\":[{\"@type\":\"WebPage\",\"@id\":\"https:\/\/talkpal.ai\/lv\/grieku-valodas-gramatika\/\",\"url\":\"https:\/\/talkpal.ai\/lv\/grieku-valodas-gramatika\/\",\"name\":\"Grie\u0137u valodas gramatika - Talkpal\",\"isPartOf\":{\"@id\":\"https:\/\/talkpal.ai\/lv\/#website\"},\"primaryImageOfPage\":{\"@id\":\"https:\/\/talkpal.ai\/lv\/grieku-valodas-gramatika\/#primaryimage\"},\"image\":{\"@id\":\"https:\/\/talkpal.ai\/lv\/grieku-valodas-gramatika\/#primaryimage\"},\"thumbnailUrl\":\"https:\/\/talkpal.ai\/wp-content\/uploads\/2023\/05\/greece.png\",\"datePublished\":\"2023-05-14T14:02:30+00:00\",\"dateModified\":\"2025-12-13T15:34:32+00:00\",\"description\":\"Apg\u016bstiet grie\u0137u gramatiku dro\u0161i - apg\u016bstiet svar\u012bgus noteikumus, praktiz\u0113jieties teikumu veido\u0161an\u0101 un \u0101tri nostipriniet savas prasmes ar Talkpal AI.\",\"breadcrumb\":{\"@id\":\"https:\/\/talkpal.ai\/lv\/grieku-valodas-gramatika\/#breadcrumb\"},\"inLanguage\":\"lv-LV\",\"potentialAction\":[{\"@type\":\"ReadAction\",\"target\":[\"https:\/\/talkpal.ai\/lv\/grieku-valodas-gramatika\/\"]}]},{\"@type\":\"ImageObject\",\"inLanguage\":\"lv-LV\",\"@id\":\"https:\/\/talkpal.ai\/lv\/grieku-valodas-gramatika\/#primaryimage\",\"url\":\"https:\/\/talkpal.ai\/wp-content\/uploads\/2023\/05\/greece.png\",\"contentUrl\":\"https:\/\/talkpal.ai\/wp-content\/uploads\/2023\/05\/greece.png\",\"width\":512,\"height\":512},{\"@type\":\"BreadcrumbList\",\"@id\":\"https:\/\/talkpal.ai\/lv\/grieku-valodas-gramatika\/#breadcrumb\",\"itemListElement\":[{\"@type\":\"ListItem\",\"position\":1,\"name\":\"Homepage\",\"item\":\"https:\/\/talkpal.ai\/lv\/\"},{\"@type\":\"ListItem\",\"position\":2,\"name\":\"Grie\u0137u valodas gramatika\"}]},{\"@type\":\"WebSite\",\"@id\":\"https:\/\/talkpal.ai\/lv\/#website\",\"url\":\"https:\/\/talkpal.ai\/lv\/\",\"name\":\"Talkpal\",\"description\":\"AI Language Learning\",\"publisher\":{\"@id\":\"https:\/\/talkpal.ai\/lv\/#organization\"},\"alternateName\":\"Talkpal AI\",\"potentialAction\":[{\"@type\":\"SearchAction\",\"target\":{\"@type\":\"EntryPoint\",\"urlTemplate\":\"https:\/\/talkpal.ai\/lv\/?s={search_term_string}\"},\"query-input\":{\"@type\":\"PropertyValueSpecification\",\"valueRequired\":true,\"valueName\":\"search_term_string\"}}],\"inLanguage\":\"lv-LV\"},{\"@type\":\"Organization\",\"@id\":\"https:\/\/talkpal.ai\/lv\/#organization\",\"name\":\"Talkpal, Inc.\",\"alternateName\":\"Talkpal AI\",\"url\":\"https:\/\/talkpal.ai\/lv\/\",\"logo\":{\"@type\":\"ImageObject\",\"inLanguage\":\"lv-LV\",\"@id\":\"https:\/\/talkpal.ai\/lv\/#\/schema\/logo\/image\/\",\"url\":\"https:\/\/talkpal.ai\/wp-content\/uploads\/2024\/03\/Talkpal-Logo-Icon.png\",\"contentUrl\":\"https:\/\/talkpal.ai\/wp-content\/uploads\/2024\/03\/Talkpal-Logo-Icon.png\",\"width\":2880,\"height\":2880,\"caption\":\"Talkpal, Inc.\"},\"image\":{\"@id\":\"https:\/\/talkpal.ai\/lv\/#\/schema\/logo\/image\/\"},\"sameAs\":[\"https:\/\/www.facebook.com\/profile.php?id=100090733639311\",\"https:\/\/x.com\/talkpalai\",\"https:\/\/www.linkedin.com\/company\/talkpal\/\",\"https:\/\/www.youtube.com\/@TalkPal\/\",\"https:\/\/www.tiktok.com\/@talkpal\",\"https:\/\/www.instagram.com\/talkpal_ai\/\",\"https:\/\/www.crunchbase.com\/organization\/talkpal-9cde\",\"https:\/\/www.g2.com\/products\/talkpal-for-business\/\",\"https:\/\/www.trustpilot.com\/review\/talkpal.ai\",\"https:\/\/www.capterra.com\/p\/10006800\/TalkPal\/\"],\"description\":\"Talkpal is a language learning web and mobile education app, powered by the latest AI technologies, that provides engaging experiences to its customers in many different languages to help them improve their language skills. Users can chat about unlimited amount of topics with the app and use other modes to practice their language learning.\",\"email\":\"support@talkpal.ai\",\"legalName\":\"Talkpal, Inc.\",\"foundingDate\":\"2023-04-03\",\"duns\":\"118989042\",\"numberOfEmployees\":{\"@type\":\"QuantitativeValue\",\"minValue\":\"11\",\"maxValue\":\"50\"},\"publishingPrinciples\":\"https:\/\/talkpal.ai\/publishing-principles\/\",\"actionableFeedbackPolicy\":\"https:\/\/talkpal.ai\/actionable-feedback-policy\/\",\"correctionsPolicy\":\"https:\/\/talkpal.ai\/corrections-policy\/\",\"ethicsPolicy\":\"https:\/\/talkpal.ai\/ethics-policy\/\",\"diversityPolicy\":\"https:\/\/talkpal.ai\/diversity-policy\/\",\"diversityStaffingReport\":\"https:\/\/talkpal.ai\/diversity-policy\/\"}]}<\/script>\n<!-- \/ Yoast SEO Premium plugin. -->","yoast_head_json":{"title":"Grie\u0137u valodas gramatika - Talkpal","description":"Apg\u016bstiet grie\u0137u gramatiku dro\u0161i - apg\u016bstiet svar\u012bgus noteikumus, praktiz\u0113jieties teikumu veido\u0161an\u0101 un \u0101tri nostipriniet savas prasmes ar Talkpal AI.","robots":{"index":"index","follow":"follow","max-snippet":"max-snippet:-1","max-image-preview":"max-image-preview:large","max-video-preview":"max-video-preview:-1"},"canonical":"https:\/\/talkpal.ai\/lv\/grieku-valodas-gramatika\/","og_locale":"lv_LV","og_type":"article","og_title":"Grie\u0137u valodas gramatika","og_description":"Grie\u0137u gramatikas demistifik\u0101cija: visaptvero\u0161s ce\u013cvedis Grie\u0137u valoda, eleganta un sena valoda, ie\u0146em \u012bpa\u0161u vietu valodas v\u0113stur\u0113 un joproj\u0101m ir","og_url":"https:\/\/talkpal.ai\/lv\/grieku-valodas-gramatika\/","og_site_name":"Talkpal","article_publisher":"https:\/\/www.facebook.com\/profile.php?id=100090733639311","article_modified_time":"2025-12-13T15:34:32+00:00","og_image":[{"width":512,"height":512,"url":"https:\/\/talkpal.ai\/wp-content\/uploads\/2023\/05\/greece.png","type":"image\/png"}],"twitter_card":"summary_large_image","twitter_site":"@talkpalai","twitter_misc":{"Est. reading time":"4 minutes"},"schema":{"@context":"https:\/\/schema.org","@graph":[{"@type":"WebPage","@id":"https:\/\/talkpal.ai\/lv\/grieku-valodas-gramatika\/","url":"https:\/\/talkpal.ai\/lv\/grieku-valodas-gramatika\/","name":"Grie\u0137u valodas gramatika - Talkpal","isPartOf":{"@id":"https:\/\/talkpal.ai\/lv\/#website"},"primaryImageOfPage":{"@id":"https:\/\/talkpal.ai\/lv\/grieku-valodas-gramatika\/#primaryimage"},"image":{"@id":"https:\/\/talkpal.ai\/lv\/grieku-valodas-gramatika\/#primaryimage"},"thumbnailUrl":"https:\/\/talkpal.ai\/wp-content\/uploads\/2023\/05\/greece.png","datePublished":"2023-05-14T14:02:30+00:00","dateModified":"2025-12-13T15:34:32+00:00","description":"Apg\u016bstiet grie\u0137u gramatiku dro\u0161i - apg\u016bstiet svar\u012bgus noteikumus, praktiz\u0113jieties teikumu veido\u0161an\u0101 un \u0101tri nostipriniet savas prasmes ar Talkpal AI.","breadcrumb":{"@id":"https:\/\/talkpal.ai\/lv\/grieku-valodas-gramatika\/#breadcrumb"},"inLanguage":"lv-LV","potentialAction":[{"@type":"ReadAction","target":["https:\/\/talkpal.ai\/lv\/grieku-valodas-gramatika\/"]}]},{"@type":"ImageObject","inLanguage":"lv-LV","@id":"https:\/\/talkpal.ai\/lv\/grieku-valodas-gramatika\/#primaryimage","url":"https:\/\/talkpal.ai\/wp-content\/uploads\/2023\/05\/greece.png","contentUrl":"https:\/\/talkpal.ai\/wp-content\/uploads\/2023\/05\/greece.png","width":512,"height":512},{"@type":"BreadcrumbList","@id":"https:\/\/talkpal.ai\/lv\/grieku-valodas-gramatika\/#breadcrumb","itemListElement":[{"@type":"ListItem","position":1,"name":"Homepage","item":"https:\/\/talkpal.ai\/lv\/"},{"@type":"ListItem","position":2,"name":"Grie\u0137u valodas gramatika"}]},{"@type":"WebSite","@id":"https:\/\/talkpal.ai\/lv\/#website","url":"https:\/\/talkpal.ai\/lv\/","name":"Talkpal","description":"AI Language Learning","publisher":{"@id":"https:\/\/talkpal.ai\/lv\/#organization"},"alternateName":"Talkpal AI","potentialAction":[{"@type":"SearchAction","target":{"@type":"EntryPoint","urlTemplate":"https:\/\/talkpal.ai\/lv\/?s={search_term_string}"},"query-input":{"@type":"PropertyValueSpecification","valueRequired":true,"valueName":"search_term_string"}}],"inLanguage":"lv-LV"},{"@type":"Organization","@id":"https:\/\/talkpal.ai\/lv\/#organization","name":"Talkpal, Inc.","alternateName":"Talkpal AI","url":"https:\/\/talkpal.ai\/lv\/","logo":{"@type":"ImageObject","inLanguage":"lv-LV","@id":"https:\/\/talkpal.ai\/lv\/#\/schema\/logo\/image\/","url":"https:\/\/talkpal.ai\/wp-content\/uploads\/2024\/03\/Talkpal-Logo-Icon.png","contentUrl":"https:\/\/talkpal.ai\/wp-content\/uploads\/2024\/03\/Talkpal-Logo-Icon.png","width":2880,"height":2880,"caption":"Talkpal, Inc."},"image":{"@id":"https:\/\/talkpal.ai\/lv\/#\/schema\/logo\/image\/"},"sameAs":["https:\/\/www.facebook.com\/profile.php?id=100090733639311","https:\/\/x.com\/talkpalai","https:\/\/www.linkedin.com\/company\/talkpal\/","https:\/\/www.youtube.com\/@TalkPal\/","https:\/\/www.tiktok.com\/@talkpal","https:\/\/www.instagram.com\/talkpal_ai\/","https:\/\/www.crunchbase.com\/organization\/talkpal-9cde","https:\/\/www.g2.com\/products\/talkpal-for-business\/","https:\/\/www.trustpilot.com\/review\/talkpal.ai","https:\/\/www.capterra.com\/p\/10006800\/TalkPal\/"],"description":"Talkpal is a language learning web and mobile education app, powered by the latest AI technologies, that provides engaging experiences to its customers in many different languages to help them improve their language skills. Users can chat about unlimited amount of topics with the app and use other modes to practice their language learning.","email":"support@talkpal.ai","legalName":"Talkpal, Inc.","foundingDate":"2023-04-03","duns":"118989042","numberOfEmployees":{"@type":"QuantitativeValue","minValue":"11","maxValue":"50"},"publishingPrinciples":"https:\/\/talkpal.ai\/publishing-principles\/","actionableFeedbackPolicy":"https:\/\/talkpal.ai\/actionable-feedback-policy\/","correctionsPolicy":"https:\/\/talkpal.ai\/corrections-policy\/","ethicsPolicy":"https:\/\/talkpal.ai\/ethics-policy\/","diversityPolicy":"https:\/\/talkpal.ai\/diversity-policy\/","diversityStaffingReport":"https:\/\/talkpal.ai\/diversity-policy\/"}]}},"_links":{"self":[{"href":"https:\/\/talkpal.ai\/lv\/wp-json\/wp\/v2\/pages\/143007","targetHints":{"allow":["GET"]}}],"collection":[{"href":"https:\/\/talkpal.ai\/lv\/wp-json\/wp\/v2\/pages"}],"about":[{"href":"https:\/\/talkpal.ai\/lv\/wp-json\/wp\/v2\/types\/page"}],"author":[{"embeddable":true,"href":"https:\/\/talkpal.ai\/lv\/wp-json\/wp\/v2\/users\/1"}],"replies":[{"embeddable":true,"href":"https:\/\/talkpal.ai\/lv\/wp-json\/wp\/v2\/comments?post=143007"}],"version-history":[{"count":0,"href":"https:\/\/talkpal.ai\/lv\/wp-json\/wp\/v2\/pages\/143007\/revisions"}],"wp:featuredmedia":[{"embeddable":true,"href":"https:\/\/talkpal.ai\/lv\/wp-json\/wp\/v2\/media\/112826"}],"wp:attachment":[{"href":"https:\/\/talkpal.ai\/lv\/wp-json\/wp\/v2\/media?parent=143007"}],"curies":[{"name":"wp","href":"https:\/\/api.w.org\/{rel}","templated":true}]}}