{"id":142664,"date":"2023-05-14T14:01:53","date_gmt":"2023-05-14T14:01:53","guid":{"rendered":"http:\/\/talkpal.ai\/igaunu-valodas-gramatika\/"},"modified":"2025-12-13T15:20:29","modified_gmt":"2025-12-13T15:20:29","slug":"igaunu-valodas-gramatika","status":"publish","type":"page","link":"https:\/\/talkpal.ai\/lv\/igaunu-valodas-gramatika\/","title":{"rendered":"Igau\u0146u valodas gramatika"},"content":{"rendered":"\r\n\r\n\r\n<section class=\"languageChallengeSection\">\r\n    <div class=\"languageInfoWrapper\">\r\n        \r\n        <h1>Igau\u0146u valodas gramatika<\/h1>\r\n        <p>Dom\u0101jat par <a href=\"https:\/\/talkpal.ai\/learn-estonian\/\">igau\u0146u<\/a> <a href=\"https:\/\/talkpal.ai\/what-language-is-spoken-on-the-international-space-station\/\">valodas<\/a> apguvi? Ien\u0101ciet <a href=\"https:\/\/talkpal.ai\/learn-estonian\/\">igau\u0146u<\/a> valodas gramatikas pasaul\u0113, kur aglutin\u0101cija, patska\u0146u harmonija un pla\u0161s lietv\u0101rdu loc\u012bjumu kl\u0101sts rada patiesi at\u0161\u0137ir\u012bgu valodas pieredzi. S\u0101ciet p\u0113t\u012bt jau \u0161odien &#8211; igau\u0146u valodas gramatikas apguve ne tikai uzlabos j\u016bsu valodas zin\u0101\u0161anas, bet ar\u012b \u013caus iepaz\u012bt Igaunijas bag\u0101to kult\u016bru un v\u0113sturi!<\/p>\r\n\r\n                            <a class=\"getStartedHidden\" href=\"https:\/\/app.talkpal.ai\/lv\/signup?lng=\">S\u0101c<\/a>\r\n        \r\n    <\/div>\r\n\r\n    <figure>\r\n    <img decoding=\"async\" width=\"768\" height=\"768\" src=\"https:\/\/talkpal.ai\/wp-content\/uploads\/2023\/06\/Estonian-768x768.png\" class=\"languageImage no-lazy\" alt=\"Secret tricks of language learning\" fetchpriority=\"high\" sizes=\"(max-width: 768px) 150px, 768px\" srcset=\"https:\/\/talkpal.ai\/wp-content\/uploads\/2023\/06\/Estonian-768x768.png 768w, https:\/\/talkpal.ai\/wp-content\/uploads\/2023\/06\/Estonian-300x300.png 300w\" \/>\r\n    \r\n\r\n    <\/figure>\r\n\r\n            <a class=\"getStartedVisible\" href=\"https:\/\/app.talkpal.ai\/lv\/signup?lng=\">S\u0101c<\/a>\r\n    \r\n<\/section>\r\n<section class=\"promotionalBanner\">\r\n    <p class=\"promotionalText\">Visefekt\u012bv\u0101kais veids, k\u0101 apg\u016bt valodu<\/p>\r\n    <a class=\"promotionalLink\" href=\"https:\/\/app.talkpal.ai\/lv\/signup?lng=\">Izm\u0113\u0123iniet Talkpal bez maksas<\/a>\r\n<\/section>\n<div class=\"wp-block-group pageContainerStyle\"><div class=\"wp-block-group__inner-container is-layout-constrained wp-block-group-is-layout-constrained\">\n<h2 class=\"wp-block-heading\" id=\"h-estonian-grammar-the-gateway-to-a-unique-language-journey\">Igau\u0146u gramatika: v\u0101rti uz unik\u0101lu valodas ce\u013cojumu<\/h2>\n\n\n\n<p>Laipni l\u016bdzam aizraujo\u0161aj\u0101 igau\u0146u pasaul\u0113! Ar vair\u0101k nek\u0101 vienu miljonu cilv\u0113ku, kuriem igau\u0146u valoda ir dzimt\u0101 valoda, t\u0101 pied\u0101v\u0101 unik\u0101lu iesp\u0113ju papla\u0161in\u0101t savu lingvistisko redzesloku un atkl\u0101t dinamisku kult\u016bru. Lai gan no pirm\u0101 acu uzmetiena igau\u0146u valodas gramatikas sare\u017e\u0123\u012bt\u012bba var \u0161\u0137ist bied\u0113jo\u0161a, \u0161is draudz\u012bgais ce\u013cvedis ies\u0101c\u0113jiem ir \u0161eit, lai vienk\u0101r\u0161\u0101 un saisto\u0161\u0101 veid\u0101 izskaidrotu igau\u0146u valodas gramatikas pamatus.<\/p>\n\n\n\n<h3 class=\"wp-block-heading\" id=\"h-1-embracing-the-estonian-alphabet\">1. Igau\u0146u alfab\u0113ta izmanto\u0161ana<\/h3>\n\n\n\n<p>Ce\u013c\u0161 uz igau\u0146u valodas apguvi s\u0101kas ar alfab\u0113tu. Igau\u0146u valod\u0101 tiek izmantots lat\u012b\u0146u alfab\u0113ts, kas papildin\u0101ts ar devi\u0146\u0101m speci\u0101laj\u0101m rakstz\u012bm\u0113m: \u00c4, \u00d6, \u00dc, \u00d5, \u0160, \u017d un to mazajiem burtiem. Iepaz\u012bstoties ar \u0161iem varo\u0146iem, tiks rad\u012bts sp\u0113c\u012bgs pamats j\u016bsu igau\u0146u m\u0101c\u012b\u0161an\u0101s pieredzei.<\/p>\n\n\n\n<h3 class=\"wp-block-heading\" id=\"h-2-getting-a-grip-on-estonian-nouns\">2. Igau\u0146u lietv\u0101rdu sa\u0137ere<\/h3>\n\n\n\n<p>At\u0161\u0137ir\u012bb\u0101 no daudz\u0101m Eiropas valod\u0101m igau\u0146u valoda neno\u0161\u0137ir v\u012brie\u0161u un sievie\u0161u dzimumus. T\u0101 viet\u0101 lietv\u0101rdi tiek klasific\u0113ti k\u0101 vienskait\u013ca vai <a href=\"https:\/\/talkpal.ai\/lv\/grammar\/daudzskaitla-lietvardi-anglu-valodas-gramatika\/\">daudzskait\u013ca lietv\u0101rdi<\/a>, un katram lietv\u0101rdam ir 14 gad\u012bjumi. Lai gan tas var \u0161\u0137ist p\u0101rsteidzo\u0161i, ir svar\u012bgi saprast, ka lietv\u0101rdu morfolo\u0123isk\u0101 uzb\u016bve ir diezgan regul\u0101ra, t\u0101p\u0113c to ir viegl\u0101k apg\u016bt. Lai s\u0101ktu, koncentr\u0113jieties uz visbie\u017e\u0101k sastopamo gad\u012bjumu apg\u016b\u0161anu: Nominat\u012bvs, \u0122enit\u012bvs un Partit\u012bvs.<\/p>\n\n\n\n<h3 class=\"wp-block-heading\" id=\"h-3-conquering-estonian-verb-conjugation\">3. Igau\u0146u darb\u012bbas v\u0101rda konjug\u0101cijas iekaro\u0161ana<\/h3>\n\n\n\n<p>Igau\u0146u darb\u012bbas v\u0101rdi ir konjug\u0113ti, pamatojoties uz sasprindzin\u0101jumu, personu un skaitli. Ir tikai tr\u012bs sasprindzin\u0101jumi: tagadne, pag\u0101tne (kod\u0113ta ar pag\u0101tnes dal\u012bbnieku) un n\u0101kotne (izteikta ar darb\u012bbas v\u0101rda pa\u0161reiz\u0113jo saspringto formu, apvienojum\u0101 ar n\u0101kotnes pal\u012bgl\u012bdzekli).<\/p>\n\n\n\n<p>Piem\u0113ram, \u0161eit ir darb\u012bbas v\u0101rda &#8220;lugema&#8221; (las\u012bt) konjug\u0101cijas:<\/p>\n\n\n\n<p><strong>&#8211; Kl\u0101teso\u0161ie: Ma loen (Es las\u012bju)<\/strong><\/p>\n\n\n\n<p><strong>&#8211; Pag\u0101tne: Ma lugesin (Es las\u012bju\/ Esmu las\u012bjis)<\/strong><\/p>\n\n\n\n<p><strong>&#8211; N\u0101kotne: Ma loen raamatuid (Es las\u012b\u0161u gr\u0101matas)<\/strong><\/p>\n\n\n\n<h3 class=\"wp-block-heading\" id=\"h-4-unraveling-the-mystery-of-estonian-pronouns\">4. Igau\u0146u vietniekv\u0101rdu nosl\u0113puma at\u0161\u0137etin\u0101\u0161ana<\/h3>\n\n\n\n<p>Vietniekv\u0101rdi igau\u0146u valod\u0101 kalpo, lai aizst\u0101tu lietv\u0101rdus un padar\u012btu runu vienm\u0113r\u012bg\u0101ku un dinamisk\u0101ku. Koncentr\u0113jieties uz personisko un pieder\u012bbas vietniekv\u0101rdu apguvi:<\/p>\n\n\n\n<p><strong>&#8211; Personas vietniekv\u0101rdi: mina (es), sina (tu, neofici\u0101li), tema (vi\u0146\u0161\/vi\u0146a), meie (m\u0113s), teie (j\u016bs, daudzskaitl\u012b\/form\u0101li), nemad (vi\u0146i).<\/strong><\/p>\n\n\n\n<p><strong>&#8211; \u012apa\u0161niekv\u0101rdi: minu (mans), sinu (tavs, neofici\u0101li), tema (vi\u0146a\/vi\u0146a), meie (m\u016bsu), teie (j\u016bsu, daudzskaitl\u012b\/form\u0101li), nende (vi\u0146u).<\/strong><\/p>\n\n\n\n<h3 class=\"wp-block-heading\" id=\"h-5-no-articles-no-problem\">5. Nav rakstu, nav probl\u0113mu!<\/h3>\n\n\n\n<p>Igau\u0146u valod\u0101 netiek izmantoti noteikti vai nenoteikti raksti, \u013caujot atviegloti uzelpot. Piem\u0113ram:<\/p>\n\n\n\n<p><strong>&#8211; Koer &#8211; &#8220;suns&#8221; vai &#8220;suns&#8221;<\/strong><\/p>\n\n\n\n<p><strong>&#8211; Maja &#8211; &#8220;m\u0101ja&#8221; vai &#8220;m\u0101ja&#8221;<\/strong><\/p>\n\n\n\n<p>Igau\u0146u valodas gramatikas apguve ir aizraujo\u0161s un bag\u0101tino\u0161s process, kas paver durvis uz bag\u0101t\u012bgu kult\u016bras pieredzi. Atcerieties, ka prakse ir b\u016btiska, t\u0101p\u0113c iegremd\u0113jieties igau\u0146u gramatik\u0101, sazinieties ar dzimt\u0101s valodas run\u0101t\u0101jiem un izveidojiet sp\u0113c\u012bgu pamatu savam valodas ce\u013cojumam. Edu! (Veiksmi!)<\/p>\n<\/div><\/div>\n\r\n<section class=\"learnNavigationSection\">\r\n            \r\n        <a href=\"https:\/\/talkpal.ai\/lv\/apgusti-igaunu-valodu\/\">\r\n            <div class=\"learnNavigationWrapper\">\r\n                <div class=\"learnNavigationContent\">\r\n                    <img decoding=\"async\" src=\"https:\/\/talkpal.ai\/wp-content\/uploads\/2024\/08\/Estonian.jpg\" alt=\"Estonian Flag\">\r\n                    <div>\r\n                        <h4>Par igau\u0146u valodas apguvi<\/h4>\r\n                        <p>Uzziniet visu par igau\u0146u gramatiku.<\/p>\r\n                    <\/div>\r\n                <\/div>\r\n            <\/div>\r\n        <\/a>\r\n\r\n        \r\n        <a href=\"https:\/\/talkpal.ai\/lv\/igaunu-valodas-gramatikas-vingrinajumi\/\">\r\n            <div class=\"learnNavigationWrapper\">\r\n                <div class=\"learnNavigationContent\">\r\n                    <img decoding=\"async\" src=\"https:\/\/talkpal.ai\/wp-content\/uploads\/2024\/08\/Estonian.jpg\" alt=\"Estonian Flag\">\r\n                    <div>\r\n                        <h4>Igau\u0146u valodas gramatikas vingrin\u0101jums<\/h4>\r\n                        <p>Praktiz\u0113jiet igau\u0146u gramatiku.<\/p>\r\n                    <\/div>\r\n                <\/div>\r\n            <\/div>\r\n        <\/a>\r\n\r\n        \r\n        <a href=\"https:\/\/talkpal.ai\/vocabulary_language\/estonian\/\">\r\n            <div class=\"learnNavigationWrapper\">\r\n                <div class=\"learnNavigationContent\">\r\n                    <img decoding=\"async\" src=\"https:\/\/talkpal.ai\/wp-content\/uploads\/2024\/08\/Estonian.jpg\" alt=\"Estonian Flag\">\r\n                    <div>\r\n                        <h4>Igau\u0146u valodas v\u0101rdn\u012bca<\/h4>\r\n                        <p>Papla\u0161iniet savu igau\u0146u valodas v\u0101rdu kr\u0101jumu.<\/p>\r\n                    <\/div>\r\n                <\/div>\r\n            <\/div>\r\n        <\/a>\r\n\r\n            <\/section>","protected":false},"excerpt":{"rendered":"<p>Igau\u0146u gramatika: v\u0101rti uz unik\u0101lu valodas ce\u013cojumu Laipni l\u016bdzam aizraujo\u0161aj\u0101 igau\u0146u pasaul\u0113! Ar vair\u0101k nek\u0101 vienu miljonu cilv\u0113ku, kuriem igau\u0146u valoda ir dzimt\u0101 valoda, t\u0101 pied\u0101v\u0101 unik\u0101lu iesp\u0113ju papla\u0161in\u0101t savu lingvistisko redzesloku un atkl\u0101t dinamisku kult\u016bru. Lai gan no pirm\u0101 acu uzmetiena igau\u0146u valodas gramatikas sare\u017e\u0123\u012bt\u012bba var \u0161\u0137ist bied\u0113jo\u0161a, \u0161is draudz\u012bgais ce\u013cvedis ies\u0101c\u0113jiem ir \u0161eit, [&hellip;]<\/p>\n","protected":false},"author":1,"featured_media":112573,"parent":0,"menu_order":0,"comment_status":"closed","ping_status":"closed","template":"LearningContentPage.php","meta":{"_acf_changed":false,"footnotes":""},"class_list":["post-142664","page","type-page","status-publish","has-post-thumbnail","hentry"],"acf":[],"yoast_head":"<!-- This site is optimized with the Yoast SEO Premium plugin v27.2 (Yoast SEO v27.2) - https:\/\/yoast.com\/product\/yoast-seo-premium-wordpress\/ -->\n<title>Igau\u0146u valodas gramatika - Talkpal<\/title>\n<meta name=\"description\" content=\"Izp\u0113tiet igau\u0146u valodas gramatikas b\u016btisk\u0101kos j\u0113dzienus, tostarp lietv\u0101rdus, darb\u012bbas v\u0101rdus, teikuma strukt\u016bru, izrunu un padomus.\" \/>\n<meta name=\"robots\" content=\"index, follow, max-snippet:-1, max-image-preview:large, max-video-preview:-1\" \/>\n<link rel=\"canonical\" href=\"https:\/\/talkpal.ai\/lv\/igaunu-valodas-gramatika\/\" \/>\n<meta property=\"og:locale\" content=\"lv_LV\" \/>\n<meta property=\"og:type\" content=\"article\" \/>\n<meta property=\"og:title\" content=\"Igau\u0146u valodas gramatika\" \/>\n<meta property=\"og:description\" content=\"Igau\u0146u gramatika: v\u0101rti uz unik\u0101lu valodas ce\u013cojumu Laipni l\u016bdzam aizraujo\u0161aj\u0101 igau\u0146u pasaul\u0113! Ar vair\u0101k nek\u0101 vienu miljonu cilv\u0113ku, kuriem igau\u0146u valoda\" \/>\n<meta property=\"og:url\" content=\"https:\/\/talkpal.ai\/lv\/igaunu-valodas-gramatika\/\" \/>\n<meta property=\"og:site_name\" content=\"Talkpal\" \/>\n<meta property=\"article:publisher\" content=\"https:\/\/www.facebook.com\/profile.php?id=100090733639311\" \/>\n<meta property=\"article:modified_time\" content=\"2025-12-13T15:20:29+00:00\" \/>\n<meta property=\"og:image\" content=\"https:\/\/talkpal.ai\/wp-content\/uploads\/2023\/05\/estonia.png\" \/>\n\t<meta property=\"og:image:width\" content=\"512\" \/>\n\t<meta property=\"og:image:height\" content=\"512\" \/>\n\t<meta property=\"og:image:type\" content=\"image\/png\" \/>\n<meta name=\"twitter:card\" content=\"summary_large_image\" \/>\n<meta name=\"twitter:site\" content=\"@talkpalai\" \/>\n<meta name=\"twitter:label1\" content=\"Est. reading time\" \/>\n\t<meta name=\"twitter:data1\" content=\"3 minutes\" \/>\n<script type=\"application\/ld+json\" class=\"yoast-schema-graph\">{\"@context\":\"https:\/\/schema.org\",\"@graph\":[{\"@type\":\"WebPage\",\"@id\":\"https:\/\/talkpal.ai\/lv\/igaunu-valodas-gramatika\/\",\"url\":\"https:\/\/talkpal.ai\/lv\/igaunu-valodas-gramatika\/\",\"name\":\"Igau\u0146u valodas gramatika - Talkpal\",\"isPartOf\":{\"@id\":\"https:\/\/talkpal.ai\/lv\/#website\"},\"primaryImageOfPage\":{\"@id\":\"https:\/\/talkpal.ai\/lv\/igaunu-valodas-gramatika\/#primaryimage\"},\"image\":{\"@id\":\"https:\/\/talkpal.ai\/lv\/igaunu-valodas-gramatika\/#primaryimage\"},\"thumbnailUrl\":\"https:\/\/talkpal.ai\/wp-content\/uploads\/2023\/05\/estonia.png\",\"datePublished\":\"2023-05-14T14:01:53+00:00\",\"dateModified\":\"2025-12-13T15:20:29+00:00\",\"description\":\"Izp\u0113tiet igau\u0146u valodas gramatikas b\u016btisk\u0101kos j\u0113dzienus, tostarp lietv\u0101rdus, darb\u012bbas v\u0101rdus, teikuma strukt\u016bru, izrunu un padomus.\",\"breadcrumb\":{\"@id\":\"https:\/\/talkpal.ai\/lv\/igaunu-valodas-gramatika\/#breadcrumb\"},\"inLanguage\":\"lv-LV\",\"potentialAction\":[{\"@type\":\"ReadAction\",\"target\":[\"https:\/\/talkpal.ai\/lv\/igaunu-valodas-gramatika\/\"]}]},{\"@type\":\"ImageObject\",\"inLanguage\":\"lv-LV\",\"@id\":\"https:\/\/talkpal.ai\/lv\/igaunu-valodas-gramatika\/#primaryimage\",\"url\":\"https:\/\/talkpal.ai\/wp-content\/uploads\/2023\/05\/estonia.png\",\"contentUrl\":\"https:\/\/talkpal.ai\/wp-content\/uploads\/2023\/05\/estonia.png\",\"width\":512,\"height\":512},{\"@type\":\"BreadcrumbList\",\"@id\":\"https:\/\/talkpal.ai\/lv\/igaunu-valodas-gramatika\/#breadcrumb\",\"itemListElement\":[{\"@type\":\"ListItem\",\"position\":1,\"name\":\"Homepage\",\"item\":\"https:\/\/talkpal.ai\/lv\/\"},{\"@type\":\"ListItem\",\"position\":2,\"name\":\"Igau\u0146u valodas gramatika\"}]},{\"@type\":\"WebSite\",\"@id\":\"https:\/\/talkpal.ai\/lv\/#website\",\"url\":\"https:\/\/talkpal.ai\/lv\/\",\"name\":\"Talkpal\",\"description\":\"AI Language Learning\",\"publisher\":{\"@id\":\"https:\/\/talkpal.ai\/lv\/#organization\"},\"alternateName\":\"Talkpal AI\",\"potentialAction\":[{\"@type\":\"SearchAction\",\"target\":{\"@type\":\"EntryPoint\",\"urlTemplate\":\"https:\/\/talkpal.ai\/lv\/?s={search_term_string}\"},\"query-input\":{\"@type\":\"PropertyValueSpecification\",\"valueRequired\":true,\"valueName\":\"search_term_string\"}}],\"inLanguage\":\"lv-LV\"},{\"@type\":\"Organization\",\"@id\":\"https:\/\/talkpal.ai\/lv\/#organization\",\"name\":\"Talkpal, Inc.\",\"alternateName\":\"Talkpal AI\",\"url\":\"https:\/\/talkpal.ai\/lv\/\",\"logo\":{\"@type\":\"ImageObject\",\"inLanguage\":\"lv-LV\",\"@id\":\"https:\/\/talkpal.ai\/lv\/#\/schema\/logo\/image\/\",\"url\":\"https:\/\/talkpal.ai\/wp-content\/uploads\/2024\/03\/Talkpal-Logo-Icon.png\",\"contentUrl\":\"https:\/\/talkpal.ai\/wp-content\/uploads\/2024\/03\/Talkpal-Logo-Icon.png\",\"width\":2880,\"height\":2880,\"caption\":\"Talkpal, Inc.\"},\"image\":{\"@id\":\"https:\/\/talkpal.ai\/lv\/#\/schema\/logo\/image\/\"},\"sameAs\":[\"https:\/\/www.facebook.com\/profile.php?id=100090733639311\",\"https:\/\/x.com\/talkpalai\",\"https:\/\/www.linkedin.com\/company\/talkpal\/\",\"https:\/\/www.youtube.com\/@TalkPal\/\",\"https:\/\/www.tiktok.com\/@talkpal\",\"https:\/\/www.instagram.com\/talkpal_ai\/\",\"https:\/\/www.crunchbase.com\/organization\/talkpal-9cde\",\"https:\/\/www.g2.com\/products\/talkpal-for-business\/\",\"https:\/\/www.trustpilot.com\/review\/talkpal.ai\",\"https:\/\/www.capterra.com\/p\/10006800\/TalkPal\/\"],\"description\":\"Talkpal is a language learning web and mobile education app, powered by the latest AI technologies, that provides engaging experiences to its customers in many different languages to help them improve their language skills. Users can chat about unlimited amount of topics with the app and use other modes to practice their language learning.\",\"email\":\"support@talkpal.ai\",\"legalName\":\"Talkpal, Inc.\",\"foundingDate\":\"2023-04-03\",\"duns\":\"118989042\",\"numberOfEmployees\":{\"@type\":\"QuantitativeValue\",\"minValue\":\"11\",\"maxValue\":\"50\"},\"publishingPrinciples\":\"https:\/\/talkpal.ai\/publishing-principles\/\",\"actionableFeedbackPolicy\":\"https:\/\/talkpal.ai\/actionable-feedback-policy\/\",\"correctionsPolicy\":\"https:\/\/talkpal.ai\/corrections-policy\/\",\"ethicsPolicy\":\"https:\/\/talkpal.ai\/ethics-policy\/\",\"diversityPolicy\":\"https:\/\/talkpal.ai\/diversity-policy\/\",\"diversityStaffingReport\":\"https:\/\/talkpal.ai\/diversity-policy\/\"}]}<\/script>\n<!-- \/ Yoast SEO Premium plugin. -->","yoast_head_json":{"title":"Igau\u0146u valodas gramatika - Talkpal","description":"Izp\u0113tiet igau\u0146u valodas gramatikas b\u016btisk\u0101kos j\u0113dzienus, tostarp lietv\u0101rdus, darb\u012bbas v\u0101rdus, teikuma strukt\u016bru, izrunu un padomus.","robots":{"index":"index","follow":"follow","max-snippet":"max-snippet:-1","max-image-preview":"max-image-preview:large","max-video-preview":"max-video-preview:-1"},"canonical":"https:\/\/talkpal.ai\/lv\/igaunu-valodas-gramatika\/","og_locale":"lv_LV","og_type":"article","og_title":"Igau\u0146u valodas gramatika","og_description":"Igau\u0146u gramatika: v\u0101rti uz unik\u0101lu valodas ce\u013cojumu Laipni l\u016bdzam aizraujo\u0161aj\u0101 igau\u0146u pasaul\u0113! Ar vair\u0101k nek\u0101 vienu miljonu cilv\u0113ku, kuriem igau\u0146u valoda","og_url":"https:\/\/talkpal.ai\/lv\/igaunu-valodas-gramatika\/","og_site_name":"Talkpal","article_publisher":"https:\/\/www.facebook.com\/profile.php?id=100090733639311","article_modified_time":"2025-12-13T15:20:29+00:00","og_image":[{"width":512,"height":512,"url":"https:\/\/talkpal.ai\/wp-content\/uploads\/2023\/05\/estonia.png","type":"image\/png"}],"twitter_card":"summary_large_image","twitter_site":"@talkpalai","twitter_misc":{"Est. reading time":"3 minutes"},"schema":{"@context":"https:\/\/schema.org","@graph":[{"@type":"WebPage","@id":"https:\/\/talkpal.ai\/lv\/igaunu-valodas-gramatika\/","url":"https:\/\/talkpal.ai\/lv\/igaunu-valodas-gramatika\/","name":"Igau\u0146u valodas gramatika - Talkpal","isPartOf":{"@id":"https:\/\/talkpal.ai\/lv\/#website"},"primaryImageOfPage":{"@id":"https:\/\/talkpal.ai\/lv\/igaunu-valodas-gramatika\/#primaryimage"},"image":{"@id":"https:\/\/talkpal.ai\/lv\/igaunu-valodas-gramatika\/#primaryimage"},"thumbnailUrl":"https:\/\/talkpal.ai\/wp-content\/uploads\/2023\/05\/estonia.png","datePublished":"2023-05-14T14:01:53+00:00","dateModified":"2025-12-13T15:20:29+00:00","description":"Izp\u0113tiet igau\u0146u valodas gramatikas b\u016btisk\u0101kos j\u0113dzienus, tostarp lietv\u0101rdus, darb\u012bbas v\u0101rdus, teikuma strukt\u016bru, izrunu un padomus.","breadcrumb":{"@id":"https:\/\/talkpal.ai\/lv\/igaunu-valodas-gramatika\/#breadcrumb"},"inLanguage":"lv-LV","potentialAction":[{"@type":"ReadAction","target":["https:\/\/talkpal.ai\/lv\/igaunu-valodas-gramatika\/"]}]},{"@type":"ImageObject","inLanguage":"lv-LV","@id":"https:\/\/talkpal.ai\/lv\/igaunu-valodas-gramatika\/#primaryimage","url":"https:\/\/talkpal.ai\/wp-content\/uploads\/2023\/05\/estonia.png","contentUrl":"https:\/\/talkpal.ai\/wp-content\/uploads\/2023\/05\/estonia.png","width":512,"height":512},{"@type":"BreadcrumbList","@id":"https:\/\/talkpal.ai\/lv\/igaunu-valodas-gramatika\/#breadcrumb","itemListElement":[{"@type":"ListItem","position":1,"name":"Homepage","item":"https:\/\/talkpal.ai\/lv\/"},{"@type":"ListItem","position":2,"name":"Igau\u0146u valodas gramatika"}]},{"@type":"WebSite","@id":"https:\/\/talkpal.ai\/lv\/#website","url":"https:\/\/talkpal.ai\/lv\/","name":"Talkpal","description":"AI Language Learning","publisher":{"@id":"https:\/\/talkpal.ai\/lv\/#organization"},"alternateName":"Talkpal AI","potentialAction":[{"@type":"SearchAction","target":{"@type":"EntryPoint","urlTemplate":"https:\/\/talkpal.ai\/lv\/?s={search_term_string}"},"query-input":{"@type":"PropertyValueSpecification","valueRequired":true,"valueName":"search_term_string"}}],"inLanguage":"lv-LV"},{"@type":"Organization","@id":"https:\/\/talkpal.ai\/lv\/#organization","name":"Talkpal, Inc.","alternateName":"Talkpal AI","url":"https:\/\/talkpal.ai\/lv\/","logo":{"@type":"ImageObject","inLanguage":"lv-LV","@id":"https:\/\/talkpal.ai\/lv\/#\/schema\/logo\/image\/","url":"https:\/\/talkpal.ai\/wp-content\/uploads\/2024\/03\/Talkpal-Logo-Icon.png","contentUrl":"https:\/\/talkpal.ai\/wp-content\/uploads\/2024\/03\/Talkpal-Logo-Icon.png","width":2880,"height":2880,"caption":"Talkpal, Inc."},"image":{"@id":"https:\/\/talkpal.ai\/lv\/#\/schema\/logo\/image\/"},"sameAs":["https:\/\/www.facebook.com\/profile.php?id=100090733639311","https:\/\/x.com\/talkpalai","https:\/\/www.linkedin.com\/company\/talkpal\/","https:\/\/www.youtube.com\/@TalkPal\/","https:\/\/www.tiktok.com\/@talkpal","https:\/\/www.instagram.com\/talkpal_ai\/","https:\/\/www.crunchbase.com\/organization\/talkpal-9cde","https:\/\/www.g2.com\/products\/talkpal-for-business\/","https:\/\/www.trustpilot.com\/review\/talkpal.ai","https:\/\/www.capterra.com\/p\/10006800\/TalkPal\/"],"description":"Talkpal is a language learning web and mobile education app, powered by the latest AI technologies, that provides engaging experiences to its customers in many different languages to help them improve their language skills. Users can chat about unlimited amount of topics with the app and use other modes to practice their language learning.","email":"support@talkpal.ai","legalName":"Talkpal, Inc.","foundingDate":"2023-04-03","duns":"118989042","numberOfEmployees":{"@type":"QuantitativeValue","minValue":"11","maxValue":"50"},"publishingPrinciples":"https:\/\/talkpal.ai\/publishing-principles\/","actionableFeedbackPolicy":"https:\/\/talkpal.ai\/actionable-feedback-policy\/","correctionsPolicy":"https:\/\/talkpal.ai\/corrections-policy\/","ethicsPolicy":"https:\/\/talkpal.ai\/ethics-policy\/","diversityPolicy":"https:\/\/talkpal.ai\/diversity-policy\/","diversityStaffingReport":"https:\/\/talkpal.ai\/diversity-policy\/"}]}},"_links":{"self":[{"href":"https:\/\/talkpal.ai\/lv\/wp-json\/wp\/v2\/pages\/142664","targetHints":{"allow":["GET"]}}],"collection":[{"href":"https:\/\/talkpal.ai\/lv\/wp-json\/wp\/v2\/pages"}],"about":[{"href":"https:\/\/talkpal.ai\/lv\/wp-json\/wp\/v2\/types\/page"}],"author":[{"embeddable":true,"href":"https:\/\/talkpal.ai\/lv\/wp-json\/wp\/v2\/users\/1"}],"replies":[{"embeddable":true,"href":"https:\/\/talkpal.ai\/lv\/wp-json\/wp\/v2\/comments?post=142664"}],"version-history":[{"count":0,"href":"https:\/\/talkpal.ai\/lv\/wp-json\/wp\/v2\/pages\/142664\/revisions"}],"wp:featuredmedia":[{"embeddable":true,"href":"https:\/\/talkpal.ai\/lv\/wp-json\/wp\/v2\/media\/112573"}],"wp:attachment":[{"href":"https:\/\/talkpal.ai\/lv\/wp-json\/wp\/v2\/media?parent=142664"}],"curies":[{"name":"wp","href":"https:\/\/api.w.org\/{rel}","templated":true}]}}