{"id":142348,"date":"2023-05-14T14:01:16","date_gmt":"2023-05-14T14:01:16","guid":{"rendered":"http:\/\/talkpal.ai\/horvatu-gramatika\/"},"modified":"2025-12-11T16:40:38","modified_gmt":"2025-12-11T16:40:38","slug":"horvatu-gramatika","status":"publish","type":"page","link":"https:\/\/talkpal.ai\/lv\/horvatu-gramatika\/","title":{"rendered":"Horv\u0101tu gramatika"},"content":{"rendered":"\r\n\r\n\r\n<section class=\"languageChallengeSection\">\r\n    <div class=\"languageInfoWrapper\">\r\n        \r\n        <h1>Horv\u0101tu gramatika<\/h1>\r\n        <p>Atkl\u0101jiet aizraujo\u0161o <a href=\"https:\/\/talkpal.ai\/learn-croatian\/\">horv\u0101tu<\/a> <a href=\"https:\/\/talkpal.ai\/what-language-is-spoken-on-the-international-space-station\/\">valodas<\/a> strukt\u016bru, apg\u016bstot t\u0101s gramatikas pamatnoteikumus. <a href=\"https:\/\/talkpal.ai\/learn-croatian\/\">Horv\u0101tu<\/a> valodas gramatikas apguve pav\u0113rs jums jaunas sazi\u0146as iesp\u0113jas un pal\u012bdz\u0113s lab\u0101k iepaz\u012bt \u0161\u012bs valsts kult\u016bru un mantojumu. S\u0101ciet apg\u016bt horv\u0101tu valodas gramatiku jau \u0161odien un speriet pirmo soli ce\u013c\u0101 uz sarunvalodu!<\/p>\r\n\r\n                            <a class=\"getStartedHidden\" href=\"https:\/\/app.talkpal.ai\/lv\/signup?lng=\">S\u0101c<\/a>\r\n        \r\n    <\/div>\r\n\r\n    <figure>\r\n    <img decoding=\"async\" width=\"768\" height=\"768\" src=\"https:\/\/talkpal.ai\/wp-content\/uploads\/2023\/06\/croatian-768x768.png\" class=\"languageImage no-lazy\" alt=\"Language learning for successful interaction\" fetchpriority=\"high\" sizes=\"(max-width: 768px) 150px, 768px\" srcset=\"https:\/\/talkpal.ai\/wp-content\/uploads\/2023\/06\/croatian-768x768.png 768w, https:\/\/talkpal.ai\/wp-content\/uploads\/2023\/06\/croatian-300x300.png 300w\" \/>\r\n    \r\n\r\n    <\/figure>\r\n\r\n            <a class=\"getStartedVisible\" href=\"https:\/\/app.talkpal.ai\/lv\/signup?lng=\">S\u0101c<\/a>\r\n    \r\n<\/section>\r\n<section class=\"promotionalBanner\">\r\n    <p class=\"promotionalText\">Visefekt\u012bv\u0101kais veids, k\u0101 apg\u016bt valodu<\/p>\r\n    <a class=\"promotionalLink\" href=\"https:\/\/app.talkpal.ai\/lv\/signup?lng=\">Izm\u0113\u0123iniet Talkpal bez maksas<\/a>\r\n<\/section>\n<div class=\"wp-block-group pageContainerStyle\"><div class=\"wp-block-group__inner-container is-layout-constrained wp-block-group-is-layout-constrained\">\n<h2 class=\"wp-block-heading\" id=\"h-a-journey-through-croatian-grammar-unraveling-the-complexities-made-easy\">Ce\u013cojums pa horv\u0101tu gramatiku: vienk\u0101r\u0161a sare\u017e\u0123\u012bt\u012bbas at\u0161\u0137etin\u0101\u0161ana<\/h2>\n\n\n\n<p>Horv\u0101tu <a href=\"https:\/\/talkpal.ai\/sq\/gramatika\/\">gramatika<\/a>: pievilc\u012bga un bied\u0113jo\u0161a, vienk\u0101r\u0161a un sare\u017e\u0123\u012bta, nosl\u0113pumaina un aizraujo\u0161a. Uzs\u0101kot horv\u0101tu <a href=\"https:\/\/talkpal.ai\/lv\/portugalu-valodas-apguves-nodarbibas\/\">valodas apguves<\/a> ce\u013cu, j\u016bs varat justies satriekts par domu izprast t\u0101s gramatisko sare\u017e\u0123\u012bt\u012bbu. Bet nebaidieties, intrepid valodnieks, jo m\u0113s esam \u0161eit, lai vad\u012btu j\u016bs ik uz so\u013ca!<\/p>\n\n\n\n<p>\u0160aj\u0101 rakst\u0101 m\u0113s sniegsim pamatzin\u0101\u0161anas par horv\u0101tu gramatikas j\u0113dzieniem un sniegsim padomus un trikus \u0161\u012bs skaist\u0101s sl\u0101vu valodas apguvei. Vienk\u0101r\u0161i aps\u0113dieties, atp\u016btieties un vienk\u0101r\u0161osim \u0161o \u0161\u0137ietami sare\u017e\u0123\u012bto lietu!<\/p>\n\n\n\n<h3 class=\"wp-block-heading\" id=\"h-1-heavenly-nouns-declining-in-style\">1. Debesu lietv\u0101rdi: stila samazin\u0101\u0161an\u0101s<\/h3>\n\n\n\n<p>Ja esat paz\u012bstams ar t\u0101d\u0101m valod\u0101m k\u0101 lat\u012b\u0146u vai <a href=\"https:\/\/talkpal.ai\/learn-german\/\">v\u0101cu<\/a> valoda, lietv\u0101rdu deklin\u0101cija jums neb\u016bs nekas jauns. Horv\u0101tu valodas gramatika ir veidota uz deklam\u0101cijas pamatiem, kop\u0101 ar septi\u0146iem gad\u012bjumiem. J\u0101, j\u016bs to dzird\u0113j\u0101t pareizi! Katram lietv\u0101rdam horv\u0101tu valod\u0101 var b\u016bt l\u012bdz septi\u0146\u0101m da\u017e\u0101d\u0101m form\u0101m atkar\u012bb\u0101 no t\u0101 lomas teikum\u0101. Bet k\u0101p\u0113c satraukums, j\u016bs jaut\u0101jat? Nu, tas samazina nepiecie\u0161am\u012bbu p\u0113c priev\u0101rdiem, padarot valodu prec\u012bz\u0101ku.  <\/p>\n\n\n\n<p>\u0160eit ir \u012bss lietu izkl\u0101sts:<\/p>\n\n\n\n<p><strong>&#8211; Nomin\u0101ls:<\/strong> teikuma priek\u0161mets<\/p>\n\n\n\n<p><strong>&#8211; \u0123enit\u012bvs:<\/strong> Nor\u0101da pieder\u012bbu vai izcelsmi<\/p>\n\n\n\n<p><strong>&#8211; Dativs:<\/strong> Netie\u0161ais objekts vai galam\u0113r\u0137is<\/p>\n\n\n\n<p><strong>&#8211; Aps\u016bdz\u0113t\u0101js:<\/strong> Tie\u0161ais priek\u0161mets vai m\u0113r\u0137is<\/p>\n\n\n\n<p><strong>&#8211; Vokat\u012bvs:<\/strong> Izmanto, lai k\u0101du uzrun\u0101tu vai nosauktu<\/p>\n\n\n\n<p><strong>&#8211; Viet\u0113jais:<\/strong> Nor\u0101da atra\u0161an\u0101s vietu<\/p>\n\n\n\n<p><strong>&#8211; Instrument\u0101l\u0101 sp\u0113le:<\/strong> Apraksta l\u012bdzekli, veidu vai pavad\u012bjumu.<\/p>\n\n\n\n<p>Tagad, pirms s\u0101kat paniku, atcerieties, ka prakse padara perfektu. Regul\u0101ra valodas ekspoz\u012bcija un lieto\u0161ana pal\u012bdz\u0113s jums pak\u0101peniski apg\u016bt \u0161\u012bs deklam\u0101cijas un k\u013c\u016bt par horv\u0101tu gramatikas \u010dukstu!<\/p>\n\n\n\n<h3 class=\"wp-block-heading\" id=\"h-2-adorable-adjectives-agreements-galore\">2. Burv\u012bgi \u012bpa\u0161\u012bbas v\u0101rdi: l\u012bgumi Galore<\/h3>\n\n\n\n<p>Horv\u0101tu gramatikas pasaul\u0113 \u012bpa\u0161\u012bbas v\u0101rdiem pat\u012bk b\u016bt pat\u012bkamiem. Tie main\u0101s atkar\u012bb\u0101 no dzimuma, skaita un lietv\u0101rda, kuru tie maina. Tas noz\u012bm\u0113, ka jums b\u016bs j\u0101piel\u0101go \u012bpa\u0161\u012bbas v\u0101rda forma atkar\u012bb\u0101 no t\u0101, vai lietv\u0101rds ir v\u012brie\u0161u, sievie\u0161u vai v\u012brie\u0161u dzimt\u0113, k\u0101 ar\u012b atkar\u012bb\u0101 no t\u0101, vai tas ir vienskaitl\u012b vai daudzskaitl\u012b.<\/p>\n\n\n\n<p>Vai jums ir gr\u016bt\u012bbas ar vieno\u0161anos? Neliels padoms: koncentr\u0113jieties uz \u012bpa\u0161\u012bbas v\u0101rda saknes apguvi, un p\u0101r\u0113jais pats sak\u0101rtosies. Piem\u0113ram, \u012bpa\u0161\u012bbas v\u0101rda &#8220;skaists&#8221; sakne ir &#8220;lijep-&#8220;, un, izmantojot da\u017e\u0101das galotnes, var izveidot t\u0101das formas k\u0101 &#8220;lijepa&#8221; (sievie\u0161u dzimt\u0113, nominat\u012bv\u0101) vai &#8220;lijepim&#8221; (v\u012brie\u0161u\/vid\u0113j\u0101 dzimt\u0113, instrument\u0101l\u0101).<\/p>\n\n\n\n<h3 class=\"wp-block-heading\" id=\"h-3-vibrant-verbs-conjugating-to-perfection\">3. Dinamiskie darb\u012bbas v\u0101rdi: konjug\u0101cija uz piln\u012bbu<\/h3>\n\n\n\n<p>Vai j\u016bs \u0161eit s\u0101kat redz\u0113t modeli? T\u0101pat k\u0101 lietv\u0101rdi un \u012bpa\u0161\u012bbas v\u0101rdi, ar\u012b horv\u0101tu darb\u012bbas v\u0101rdi ir pilni ar vari\u0101cij\u0101m. \u0160aj\u0101 valod\u0101 darb\u012bbas v\u0101rdi tiek konjug\u0113ti, pamatojoties uz sasprindzin\u0101jumu, noska\u0146ojumu, aspektu, personu un skaitu.<\/p>\n\n\n\n<p>Horv\u0101tu valod\u0101 ir tr\u012bs galvenie sasprindzin\u0101jumi: pag\u0101tne, tagadne un n\u0101kotne. Lai gan tagadnes sasprindzin\u0101jums var\u0113tu \u0161\u0137ist sam\u0113r\u0101 viegli aptverams, pag\u0101tnes un n\u0101kotnes sasprindzin\u0101jums var b\u016bt sare\u017e\u0123\u012bts. Bet neuztraucieties! Prakse un valodas iedarb\u012bba pal\u012bdz\u0113s jums \u0101tri p\u0101rvar\u0113t \u0161os \u0161\u0137\u0113r\u0161\u013cus.<\/p>\n\n\n\n<h3 class=\"wp-block-heading\" id=\"h-4-prepositions-cases-dynamic-duo\">4. Priev\u0101rdi + gad\u012bjumi = Dinamiskais duets!<\/h3>\n\n\n\n<p>Horv\u0101tu priev\u0101rdi var b\u016bt nedaudz sare\u017e\u0123\u012bti, jo tie ir cie\u0161i saist\u012bti ar lietv\u0101rdu gad\u012bjumiem. Piem\u0113ram, priev\u0101rds &#8220;u&#8221; (in, into) tiek lietots ar akuzat\u012bvu, ja tas apz\u012bm\u0113 kust\u012bbu vai virzienu, bet, ja tas ataino atra\u0161an\u0101s vietu, tad tas tiek lietots ar lokat\u012bvu.<\/p>\n\n\n\n<p>Lai izvair\u012btos no neskaidr\u012bb\u0101m, saistiet priev\u0101rdu ar nepiecie\u0161amo lietu. Piem\u0113ram, atcerieties &#8220;u + lokat\u012bvs = in&#8221; un &#8220;u + akuzat\u012bvs = uz&#8221;.<\/p>\n\n\n\n<h3 class=\"wp-block-heading\" id=\"h-5-tame-the-complexities-practice-makes-perfect\">5. Pieradin\u0101t sare\u017e\u0123\u012bjumus: prakse padara perfektu<\/h3>\n\n\n\n<p>No pirm\u0101 acu uzmetiena horv\u0101tu gramatika var \u0161\u0137ist labirints, ta\u010du paturiet pr\u0101t\u0101, ka prakse ir pan\u0101kumu slepen\u0101 sast\u0101vda\u013ca. Iegremd\u0113jieties valod\u0101, lasot, rakstot, klausoties un sapl\u016bstot. P\u0101rv\u0113rtiet izaicin\u0101jumus triumfos, \u013caujot sav\u0101m smadzen\u0113m absorb\u0113t un piel\u0101goties jaunajai valodas videi.<\/p>\n\n\n\n<p>Vai tagad, kad esat iegremd\u0113ju\u0161i pirkstus burv\u012bgajos horv\u0101tu gramatikas \u016bde\u0146os, esat gatavi ienirt dzi\u013c\u0101k? Pie\u0146emiet sare\u017e\u0123\u012bjumus, izbaudiet nianses un atcerieties, ka ar neatlaid\u012bbu un aizraut\u012bbu j\u016bs varat atkl\u0101t horv\u0101tu valodas patieso skaistumu. Sretno! (Veiksmi!)<\/p>\n<\/div><\/div>\n\r\n<section class=\"learnNavigationSection\">\r\n            \r\n        <a href=\"https:\/\/talkpal.ai\/lv\/uzziniet-horvatu-valodu\/\">\r\n            <div class=\"learnNavigationWrapper\">\r\n                <div class=\"learnNavigationContent\">\r\n                    <img decoding=\"async\" src=\"https:\/\/talkpal.ai\/wp-content\/uploads\/2024\/08\/Croatian.jpg\" alt=\"Croatian Flag\">\r\n                    <div>\r\n                        <h4>Par horv\u0101tu valodas apguvi<\/h4>\r\n                        <p>Uzziniet visu par horv\u0101tu gramatiku.<\/p>\r\n                    <\/div>\r\n                <\/div>\r\n            <\/div>\r\n        <\/a>\r\n\r\n        \r\n        <a href=\"https:\/\/talkpal.ai\/lv\/horvatu-valodas-gramatikas-vingrinajumi\/\">\r\n            <div class=\"learnNavigationWrapper\">\r\n                <div class=\"learnNavigationContent\">\r\n                    <img decoding=\"async\" src=\"https:\/\/talkpal.ai\/wp-content\/uploads\/2024\/08\/Croatian.jpg\" alt=\"Croatian Flag\">\r\n                    <div>\r\n                        <h4>Horv\u0101tu valodas gramatikas vingrin\u0101jums<\/h4>\r\n                        <p>Praktiz\u0113jiet horv\u0101tu gramatiku.<\/p>\r\n                    <\/div>\r\n                <\/div>\r\n            <\/div>\r\n        <\/a>\r\n\r\n        \r\n        <a href=\"https:\/\/talkpal.ai\/vocabulary_language\/croatian\/\">\r\n            <div class=\"learnNavigationWrapper\">\r\n                <div class=\"learnNavigationContent\">\r\n                    <img decoding=\"async\" src=\"https:\/\/talkpal.ai\/wp-content\/uploads\/2024\/08\/Croatian.jpg\" alt=\"Croatian Flag\">\r\n                    <div>\r\n                        <h4>Horv\u0101tu valodas v\u0101rdn\u012bca<\/h4>\r\n                        <p>Papla\u0161iniet savu horv\u0101tu valodas v\u0101rdu kr\u0101jumu.<\/p>\r\n                    <\/div>\r\n                <\/div>\r\n            <\/div>\r\n        <\/a>\r\n\r\n            <\/section>","protected":false},"excerpt":{"rendered":"<p>Ce\u013cojums pa horv\u0101tu gramatiku: vienk\u0101r\u0161a sare\u017e\u0123\u012bt\u012bbas at\u0161\u0137etin\u0101\u0161ana Horv\u0101tu gramatika: pievilc\u012bga un bied\u0113jo\u0161a, vienk\u0101r\u0161a un sare\u017e\u0123\u012bta, nosl\u0113pumaina un aizraujo\u0161a. Uzs\u0101kot horv\u0101tu valodas apguves ce\u013cu, j\u016bs varat justies satriekts par domu izprast t\u0101s gramatisko sare\u017e\u0123\u012bt\u012bbu. Bet nebaidieties, intrepid valodnieks, jo m\u0113s esam \u0161eit, lai vad\u012btu j\u016bs ik uz so\u013ca! \u0160aj\u0101 rakst\u0101 m\u0113s sniegsim pamatzin\u0101\u0161anas par horv\u0101tu gramatikas [&hellip;]<\/p>\n","protected":false},"author":1,"featured_media":110013,"parent":0,"menu_order":0,"comment_status":"closed","ping_status":"closed","template":"LearningContentPage.php","meta":{"_acf_changed":false,"footnotes":""},"class_list":["post-142348","page","type-page","status-publish","has-post-thumbnail","hentry"],"acf":[],"yoast_head":"<!-- This site is optimized with the Yoast SEO Premium plugin v27.2 (Yoast SEO v27.2) - https:\/\/yoast.com\/product\/yoast-seo-premium-wordpress\/ -->\n<title>Horv\u0101tu gramatika - Talkpal<\/title>\n<meta name=\"description\" content=\"Izp\u0113tiet horv\u0101tu valodas gramatiku un uzlabojiet savu valodas izpratni, izmantojot b\u016btiskus padomus un resursus.\" \/>\n<meta name=\"robots\" content=\"index, follow, max-snippet:-1, max-image-preview:large, max-video-preview:-1\" \/>\n<link rel=\"canonical\" href=\"https:\/\/talkpal.ai\/lv\/horvatu-gramatika\/\" \/>\n<meta property=\"og:locale\" content=\"lv_LV\" \/>\n<meta property=\"og:type\" content=\"article\" \/>\n<meta property=\"og:title\" content=\"Horv\u0101tu gramatika\" \/>\n<meta property=\"og:description\" content=\"Ce\u013cojums pa horv\u0101tu gramatiku: vienk\u0101r\u0161a sare\u017e\u0123\u012bt\u012bbas at\u0161\u0137etin\u0101\u0161ana Horv\u0101tu gramatika: pievilc\u012bga un bied\u0113jo\u0161a, vienk\u0101r\u0161a un sare\u017e\u0123\u012bta, nosl\u0113pumaina un\" \/>\n<meta property=\"og:url\" content=\"https:\/\/talkpal.ai\/lv\/horvatu-gramatika\/\" \/>\n<meta property=\"og:site_name\" content=\"Talkpal\" \/>\n<meta property=\"article:publisher\" content=\"https:\/\/www.facebook.com\/profile.php?id=100090733639311\" \/>\n<meta property=\"article:modified_time\" content=\"2025-12-11T16:40:38+00:00\" \/>\n<meta property=\"og:image\" content=\"https:\/\/talkpal.ai\/wp-content\/uploads\/2023\/05\/croatia.png\" \/>\n\t<meta property=\"og:image:width\" content=\"512\" \/>\n\t<meta property=\"og:image:height\" content=\"512\" \/>\n\t<meta property=\"og:image:type\" content=\"image\/png\" \/>\n<meta name=\"twitter:card\" content=\"summary_large_image\" \/>\n<meta name=\"twitter:site\" content=\"@talkpalai\" \/>\n<meta name=\"twitter:label1\" content=\"Est. reading time\" \/>\n\t<meta name=\"twitter:data1\" content=\"4 minutes\" \/>\n<script type=\"application\/ld+json\" class=\"yoast-schema-graph\">{\"@context\":\"https:\/\/schema.org\",\"@graph\":[{\"@type\":\"WebPage\",\"@id\":\"https:\/\/talkpal.ai\/lv\/horvatu-gramatika\/\",\"url\":\"https:\/\/talkpal.ai\/lv\/horvatu-gramatika\/\",\"name\":\"Horv\u0101tu gramatika - Talkpal\",\"isPartOf\":{\"@id\":\"https:\/\/talkpal.ai\/lv\/#website\"},\"primaryImageOfPage\":{\"@id\":\"https:\/\/talkpal.ai\/lv\/horvatu-gramatika\/#primaryimage\"},\"image\":{\"@id\":\"https:\/\/talkpal.ai\/lv\/horvatu-gramatika\/#primaryimage\"},\"thumbnailUrl\":\"https:\/\/talkpal.ai\/wp-content\/uploads\/2023\/05\/croatia.png\",\"datePublished\":\"2023-05-14T14:01:16+00:00\",\"dateModified\":\"2025-12-11T16:40:38+00:00\",\"description\":\"Izp\u0113tiet horv\u0101tu valodas gramatiku un uzlabojiet savu valodas izpratni, izmantojot b\u016btiskus padomus un resursus.\",\"breadcrumb\":{\"@id\":\"https:\/\/talkpal.ai\/lv\/horvatu-gramatika\/#breadcrumb\"},\"inLanguage\":\"lv-LV\",\"potentialAction\":[{\"@type\":\"ReadAction\",\"target\":[\"https:\/\/talkpal.ai\/lv\/horvatu-gramatika\/\"]}]},{\"@type\":\"ImageObject\",\"inLanguage\":\"lv-LV\",\"@id\":\"https:\/\/talkpal.ai\/lv\/horvatu-gramatika\/#primaryimage\",\"url\":\"https:\/\/talkpal.ai\/wp-content\/uploads\/2023\/05\/croatia.png\",\"contentUrl\":\"https:\/\/talkpal.ai\/wp-content\/uploads\/2023\/05\/croatia.png\",\"width\":512,\"height\":512},{\"@type\":\"BreadcrumbList\",\"@id\":\"https:\/\/talkpal.ai\/lv\/horvatu-gramatika\/#breadcrumb\",\"itemListElement\":[{\"@type\":\"ListItem\",\"position\":1,\"name\":\"Homepage\",\"item\":\"https:\/\/talkpal.ai\/lv\/\"},{\"@type\":\"ListItem\",\"position\":2,\"name\":\"Horv\u0101tu gramatika\"}]},{\"@type\":\"WebSite\",\"@id\":\"https:\/\/talkpal.ai\/lv\/#website\",\"url\":\"https:\/\/talkpal.ai\/lv\/\",\"name\":\"Talkpal\",\"description\":\"AI Language Learning\",\"publisher\":{\"@id\":\"https:\/\/talkpal.ai\/lv\/#organization\"},\"alternateName\":\"Talkpal AI\",\"potentialAction\":[{\"@type\":\"SearchAction\",\"target\":{\"@type\":\"EntryPoint\",\"urlTemplate\":\"https:\/\/talkpal.ai\/lv\/?s={search_term_string}\"},\"query-input\":{\"@type\":\"PropertyValueSpecification\",\"valueRequired\":true,\"valueName\":\"search_term_string\"}}],\"inLanguage\":\"lv-LV\"},{\"@type\":\"Organization\",\"@id\":\"https:\/\/talkpal.ai\/lv\/#organization\",\"name\":\"Talkpal, Inc.\",\"alternateName\":\"Talkpal AI\",\"url\":\"https:\/\/talkpal.ai\/lv\/\",\"logo\":{\"@type\":\"ImageObject\",\"inLanguage\":\"lv-LV\",\"@id\":\"https:\/\/talkpal.ai\/lv\/#\/schema\/logo\/image\/\",\"url\":\"https:\/\/talkpal.ai\/wp-content\/uploads\/2024\/03\/Talkpal-Logo-Icon.png\",\"contentUrl\":\"https:\/\/talkpal.ai\/wp-content\/uploads\/2024\/03\/Talkpal-Logo-Icon.png\",\"width\":2880,\"height\":2880,\"caption\":\"Talkpal, Inc.\"},\"image\":{\"@id\":\"https:\/\/talkpal.ai\/lv\/#\/schema\/logo\/image\/\"},\"sameAs\":[\"https:\/\/www.facebook.com\/profile.php?id=100090733639311\",\"https:\/\/x.com\/talkpalai\",\"https:\/\/www.linkedin.com\/company\/talkpal\/\",\"https:\/\/www.youtube.com\/@TalkPal\/\",\"https:\/\/www.tiktok.com\/@talkpal\",\"https:\/\/www.instagram.com\/talkpal_ai\/\",\"https:\/\/www.crunchbase.com\/organization\/talkpal-9cde\",\"https:\/\/www.g2.com\/products\/talkpal-for-business\/\",\"https:\/\/www.trustpilot.com\/review\/talkpal.ai\",\"https:\/\/www.capterra.com\/p\/10006800\/TalkPal\/\"],\"description\":\"Talkpal is a language learning web and mobile education app, powered by the latest AI technologies, that provides engaging experiences to its customers in many different languages to help them improve their language skills. Users can chat about unlimited amount of topics with the app and use other modes to practice their language learning.\",\"email\":\"support@talkpal.ai\",\"legalName\":\"Talkpal, Inc.\",\"foundingDate\":\"2023-04-03\",\"duns\":\"118989042\",\"numberOfEmployees\":{\"@type\":\"QuantitativeValue\",\"minValue\":\"11\",\"maxValue\":\"50\"},\"publishingPrinciples\":\"https:\/\/talkpal.ai\/publishing-principles\/\",\"actionableFeedbackPolicy\":\"https:\/\/talkpal.ai\/actionable-feedback-policy\/\",\"correctionsPolicy\":\"https:\/\/talkpal.ai\/corrections-policy\/\",\"ethicsPolicy\":\"https:\/\/talkpal.ai\/ethics-policy\/\",\"diversityPolicy\":\"https:\/\/talkpal.ai\/diversity-policy\/\",\"diversityStaffingReport\":\"https:\/\/talkpal.ai\/diversity-policy\/\"}]}<\/script>\n<!-- \/ Yoast SEO Premium plugin. -->","yoast_head_json":{"title":"Horv\u0101tu gramatika - Talkpal","description":"Izp\u0113tiet horv\u0101tu valodas gramatiku un uzlabojiet savu valodas izpratni, izmantojot b\u016btiskus padomus un resursus.","robots":{"index":"index","follow":"follow","max-snippet":"max-snippet:-1","max-image-preview":"max-image-preview:large","max-video-preview":"max-video-preview:-1"},"canonical":"https:\/\/talkpal.ai\/lv\/horvatu-gramatika\/","og_locale":"lv_LV","og_type":"article","og_title":"Horv\u0101tu gramatika","og_description":"Ce\u013cojums pa horv\u0101tu gramatiku: vienk\u0101r\u0161a sare\u017e\u0123\u012bt\u012bbas at\u0161\u0137etin\u0101\u0161ana Horv\u0101tu gramatika: pievilc\u012bga un bied\u0113jo\u0161a, vienk\u0101r\u0161a un sare\u017e\u0123\u012bta, nosl\u0113pumaina un","og_url":"https:\/\/talkpal.ai\/lv\/horvatu-gramatika\/","og_site_name":"Talkpal","article_publisher":"https:\/\/www.facebook.com\/profile.php?id=100090733639311","article_modified_time":"2025-12-11T16:40:38+00:00","og_image":[{"width":512,"height":512,"url":"https:\/\/talkpal.ai\/wp-content\/uploads\/2023\/05\/croatia.png","type":"image\/png"}],"twitter_card":"summary_large_image","twitter_site":"@talkpalai","twitter_misc":{"Est. reading time":"4 minutes"},"schema":{"@context":"https:\/\/schema.org","@graph":[{"@type":"WebPage","@id":"https:\/\/talkpal.ai\/lv\/horvatu-gramatika\/","url":"https:\/\/talkpal.ai\/lv\/horvatu-gramatika\/","name":"Horv\u0101tu gramatika - Talkpal","isPartOf":{"@id":"https:\/\/talkpal.ai\/lv\/#website"},"primaryImageOfPage":{"@id":"https:\/\/talkpal.ai\/lv\/horvatu-gramatika\/#primaryimage"},"image":{"@id":"https:\/\/talkpal.ai\/lv\/horvatu-gramatika\/#primaryimage"},"thumbnailUrl":"https:\/\/talkpal.ai\/wp-content\/uploads\/2023\/05\/croatia.png","datePublished":"2023-05-14T14:01:16+00:00","dateModified":"2025-12-11T16:40:38+00:00","description":"Izp\u0113tiet horv\u0101tu valodas gramatiku un uzlabojiet savu valodas izpratni, izmantojot b\u016btiskus padomus un resursus.","breadcrumb":{"@id":"https:\/\/talkpal.ai\/lv\/horvatu-gramatika\/#breadcrumb"},"inLanguage":"lv-LV","potentialAction":[{"@type":"ReadAction","target":["https:\/\/talkpal.ai\/lv\/horvatu-gramatika\/"]}]},{"@type":"ImageObject","inLanguage":"lv-LV","@id":"https:\/\/talkpal.ai\/lv\/horvatu-gramatika\/#primaryimage","url":"https:\/\/talkpal.ai\/wp-content\/uploads\/2023\/05\/croatia.png","contentUrl":"https:\/\/talkpal.ai\/wp-content\/uploads\/2023\/05\/croatia.png","width":512,"height":512},{"@type":"BreadcrumbList","@id":"https:\/\/talkpal.ai\/lv\/horvatu-gramatika\/#breadcrumb","itemListElement":[{"@type":"ListItem","position":1,"name":"Homepage","item":"https:\/\/talkpal.ai\/lv\/"},{"@type":"ListItem","position":2,"name":"Horv\u0101tu gramatika"}]},{"@type":"WebSite","@id":"https:\/\/talkpal.ai\/lv\/#website","url":"https:\/\/talkpal.ai\/lv\/","name":"Talkpal","description":"AI Language Learning","publisher":{"@id":"https:\/\/talkpal.ai\/lv\/#organization"},"alternateName":"Talkpal AI","potentialAction":[{"@type":"SearchAction","target":{"@type":"EntryPoint","urlTemplate":"https:\/\/talkpal.ai\/lv\/?s={search_term_string}"},"query-input":{"@type":"PropertyValueSpecification","valueRequired":true,"valueName":"search_term_string"}}],"inLanguage":"lv-LV"},{"@type":"Organization","@id":"https:\/\/talkpal.ai\/lv\/#organization","name":"Talkpal, Inc.","alternateName":"Talkpal AI","url":"https:\/\/talkpal.ai\/lv\/","logo":{"@type":"ImageObject","inLanguage":"lv-LV","@id":"https:\/\/talkpal.ai\/lv\/#\/schema\/logo\/image\/","url":"https:\/\/talkpal.ai\/wp-content\/uploads\/2024\/03\/Talkpal-Logo-Icon.png","contentUrl":"https:\/\/talkpal.ai\/wp-content\/uploads\/2024\/03\/Talkpal-Logo-Icon.png","width":2880,"height":2880,"caption":"Talkpal, Inc."},"image":{"@id":"https:\/\/talkpal.ai\/lv\/#\/schema\/logo\/image\/"},"sameAs":["https:\/\/www.facebook.com\/profile.php?id=100090733639311","https:\/\/x.com\/talkpalai","https:\/\/www.linkedin.com\/company\/talkpal\/","https:\/\/www.youtube.com\/@TalkPal\/","https:\/\/www.tiktok.com\/@talkpal","https:\/\/www.instagram.com\/talkpal_ai\/","https:\/\/www.crunchbase.com\/organization\/talkpal-9cde","https:\/\/www.g2.com\/products\/talkpal-for-business\/","https:\/\/www.trustpilot.com\/review\/talkpal.ai","https:\/\/www.capterra.com\/p\/10006800\/TalkPal\/"],"description":"Talkpal is a language learning web and mobile education app, powered by the latest AI technologies, that provides engaging experiences to its customers in many different languages to help them improve their language skills. Users can chat about unlimited amount of topics with the app and use other modes to practice their language learning.","email":"support@talkpal.ai","legalName":"Talkpal, Inc.","foundingDate":"2023-04-03","duns":"118989042","numberOfEmployees":{"@type":"QuantitativeValue","minValue":"11","maxValue":"50"},"publishingPrinciples":"https:\/\/talkpal.ai\/publishing-principles\/","actionableFeedbackPolicy":"https:\/\/talkpal.ai\/actionable-feedback-policy\/","correctionsPolicy":"https:\/\/talkpal.ai\/corrections-policy\/","ethicsPolicy":"https:\/\/talkpal.ai\/ethics-policy\/","diversityPolicy":"https:\/\/talkpal.ai\/diversity-policy\/","diversityStaffingReport":"https:\/\/talkpal.ai\/diversity-policy\/"}]}},"_links":{"self":[{"href":"https:\/\/talkpal.ai\/lv\/wp-json\/wp\/v2\/pages\/142348","targetHints":{"allow":["GET"]}}],"collection":[{"href":"https:\/\/talkpal.ai\/lv\/wp-json\/wp\/v2\/pages"}],"about":[{"href":"https:\/\/talkpal.ai\/lv\/wp-json\/wp\/v2\/types\/page"}],"author":[{"embeddable":true,"href":"https:\/\/talkpal.ai\/lv\/wp-json\/wp\/v2\/users\/1"}],"replies":[{"embeddable":true,"href":"https:\/\/talkpal.ai\/lv\/wp-json\/wp\/v2\/comments?post=142348"}],"version-history":[{"count":0,"href":"https:\/\/talkpal.ai\/lv\/wp-json\/wp\/v2\/pages\/142348\/revisions"}],"wp:featuredmedia":[{"embeddable":true,"href":"https:\/\/talkpal.ai\/lv\/wp-json\/wp\/v2\/media\/110013"}],"wp:attachment":[{"href":"https:\/\/talkpal.ai\/lv\/wp-json\/wp\/v2\/media?parent=142348"}],"curies":[{"name":"wp","href":"https:\/\/api.w.org\/{rel}","templated":true}]}}