{"id":142100,"date":"2023-05-14T14:00:56","date_gmt":"2023-05-14T14:00:56","guid":{"rendered":"http:\/\/talkpal.ai\/katalanu-gramatika\/"},"modified":"2025-05-22T18:35:55","modified_gmt":"2025-05-22T18:35:55","slug":"katalanu-gramatika","status":"publish","type":"page","link":"https:\/\/talkpal.ai\/lv\/katalanu-gramatika\/","title":{"rendered":"Katal\u0101\u0146u gramatika"},"content":{"rendered":"\r\n\r\n\r\n<section class=\"languageChallengeSection\">\r\n    <div class=\"languageInfoWrapper\">\r\n        \r\n        <h1>Katal\u0101\u0146u gramatika<\/h1>\r\n        <p>Iegremd\u0113jieties <a href=\"https:\/\/talkpal.ai\/learn-catalan\/\">katal\u0101\u0146u<\/a> <a href=\"https:\/\/talkpal.ai\/what-language-is-spoken-on-the-international-space-station\/\">valodas<\/a> gramatikas pasaul\u0113 un atkl\u0101jiet \u0161\u012bs dinamisk\u0101s rom\u0101\u0146u valodas unik\u0101lo strukt\u016bru. Pamatu apguve pal\u012bdz\u0113s jums efekt\u012bv\u0101k sazin\u0101ties un dzi\u013c\u0101k iepaz\u012bt katal\u0101\u0146u kult\u016bru. S\u0101ciet apg\u016bt katal\u0101\u0146u valodas gramatiku jau \u0161odien un speriet pirmo soli ce\u013c\u0101 uz valodas pl\u016bdumu!\n\n<\/p>\r\n\r\n                            <a class=\"getStartedHidden\" href=\"https:\/\/app.talkpal.ai\/lv\/signup?lng=\">S\u0101c<\/a>\r\n        \r\n    <\/div>\r\n\r\n    <figure>\r\n    <img decoding=\"async\" width=\"768\" height=\"768\" src=\"https:\/\/talkpal.ai\/wp-content\/uploads\/2023\/06\/catalan-768x768.png\" class=\"languageImage no-lazy\" alt=\"Language learning techniques for fast learning\" fetchpriority=\"high\" sizes=\"(max-width: 768px) 150px, 768px\" srcset=\"https:\/\/talkpal.ai\/wp-content\/uploads\/2023\/06\/catalan-768x768.png 768w, https:\/\/talkpal.ai\/wp-content\/uploads\/2023\/06\/catalan-300x300.png 300w\" \/>\r\n    \r\n\r\n    <\/figure>\r\n\r\n            <a class=\"getStartedVisible\" href=\"https:\/\/app.talkpal.ai\/lv\/signup?lng=\">S\u0101c<\/a>\r\n    \r\n<\/section>\r\n<section class=\"promotionalBanner\">\r\n    <p class=\"promotionalText\">Visefekt\u012bv\u0101kais veids, k\u0101 apg\u016bt valodu<\/p>\r\n    <a class=\"promotionalLink\" href=\"https:\/\/app.talkpal.ai\/lv\/signup?lng=\">Izm\u0113\u0123iniet Talkpal bez maksas<\/a>\r\n<\/section>\n<div class=\"wp-block-group pageContainerStyle\"><div class=\"wp-block-group__inner-container is-layout-constrained wp-block-group-is-layout-constrained\">\n<h2 class=\"wp-block-heading\" id=\"h-catalan-grammar-a-quick-guide-for-language-enthusiasts\">Katal\u0101\u0146u gramatika: \u012bss ce\u013cvedis valodas entuziastiem<\/h2>\n\n\n\n<p>Vai pl\u0101nojat <a href=\"https:\/\/talkpal.ai\/learn-catalan\/\">m\u0101c\u012bties katal\u0101\u0146u valodu<\/a> vai vienk\u0101r\u0161i zin\u0101t par \u0161o skaisto rom\u0101\u0146u valodu? Nemekl\u0113jiet t\u0101l\u0101k! M\u0113s esam \u0161eit, lai j\u016bs \u0101tri iepaz\u012bstin\u0101tu ar katal\u0101\u0146u valodas gramatiku un sniegtu jums pamatus. Iepaz\u012bsim \u0161o burv\u012bgo valodu un izp\u0113t\u012bsim, k\u0101 t\u0101 darbojas gramatikas l\u012bmen\u012b.<\/p>\n\n\n\n<p>Katal\u0101\u0146u valod\u0101, kur\u0101 run\u0101 aptuveni 10 miljoni cilv\u0113ku, galvenok\u0101rt Katalonij\u0101, Valensij\u0101 un Bale\u0101ru sal\u0101s, ir unik\u0101ls lat\u012b\u0146u, sp\u0101\u0146u un <a href=\"https:\/\/talkpal.ai\/lv\/francu-valodas-apguves-nodarbibas\/\">fran\u010du valodas<\/a> ietekmju sajaukums. T\u0101pat k\u0101 j\u016bs un es, valodas v\u0113l vair\u0101k bag\u0101tin\u0101s, laika gait\u0101 aiz\u0146emoties da\u017e\u0101das nianses viena no otras. Cik aizraujo\u0161i!<\/p>\n\n\n\n<p><strong>Tagad apg\u016bsim da\u017eus katal\u0101\u0146u valodas gramatikas pamataspektus:<\/strong><\/p>\n\n\n\n<h3 class=\"wp-block-heading\" id=\"h-1-nouns-and-gender\">1. Lietv\u0101rdi un dzimums:<\/h3>\n\n\n\n<p>Dziediet kop\u0101 ar mani &#8211; &#8220;Katram lietv\u0101rdam ir sp\u0113ks! T\u0101pat k\u0101 cit\u0101s rom\u0101\u0146u valod\u0101s, ar\u012b katal\u0101\u0146u valod\u0101 lietv\u0101rdi ir v\u012brie\u0161u vai sievie\u0161u dzimt\u0113, un \u0161is &#8220;dzimums&#8221; ietekm\u0113 to lietojumu ar lietv\u0101rdiem un \u012bpa\u0161\u012bbas v\u0101rdiem. Tom\u0113r neuztraucieties! Liel\u0101koties lietv\u0101rdi, kas beidzas ar &#8216;-a&#8217;, ir sievie\u0161u dzimt\u0113, bet lietv\u0101rdi, kas beidzas ar &#8216;-o&#8217; (vai citiem l\u012bdzska\u0146iem), ir v\u012brie\u0161u dzimt\u0113. Tom\u0113r \u0146emiet v\u0113r\u0101 iz\u0146\u0113mumus \u2013 vi\u0146iem pat\u012bk jums iel\u012bst!<\/p>\n\n\n\n<h3 class=\"wp-block-heading\" id=\"h-2-articles\">2. Raksti:<\/h3>\n\n\n\n<p>Dz\u012bve bez rakstiem b\u016btu garlaic\u012bga, vai ne? Katal\u0101\u0146u valod\u0101 ir noteikti artikuli, kas nor\u0101da uz konkr\u0113t\u0101m liet\u0101m vai cilv\u0113kiem (piem\u0113ram, \u201csuns\u201d vai \u201cgr\u0101mata\u201d), un nenoteikti artikuli, kas nor\u0101da uz visp\u0101r\u012bg\u0101m liet\u0101m (piem\u0113ram, \u201csuns\u201d vai \u201cgr\u0101mata\u201d).  <\/p>\n\n\n\n<p>Katalonie\u0161u valod\u0101 galotne ir &#8220;el&#8221; v\u012brie\u0161u dzimtes vienskait\u013ca lietv\u0101rdiem, &#8220;la&#8221; sievie\u0161u dzimtes vienskait\u013ca lietv\u0101rdiem, &#8220;els&#8221; v\u012brie\u0161u dzimtes daudzskait\u013ca lietv\u0101rdiem un &#8220;les&#8221; sievie\u0161u dzimtes daudzskait\u013ca lietv\u0101rdiem. Savuk\u0101rt nenoteiktie lietv\u0101rdi ir &#8220;un&#8221; v\u012brie\u0161u dzimtes vienskait\u013ca lietv\u0101rdiem un &#8220;una&#8221; sievie\u0161u dzimtes vienskait\u013ca lietv\u0101rdiem. Daudzskait\u013ca form\u0101 nav \u012bpa\u0161u nenoteiktu pantu. Viegli ziben\u012bgi, vai ne?<\/p>\n\n\n\n<h3 class=\"wp-block-heading\" id=\"h-3-adjectives\">3. \u012apa\u0161\u012bbas v\u0101rdi:<\/h3>\n\n\n\n<p>\u012apa\u0161\u012bbas v\u0101rdi pie\u0161\u0137ir j\u016bsu teikumiem gar\u0161u, aprakstot lietv\u0101rdus, un katal\u0101\u0146u valod\u0101 vi\u0146i vienojas p\u0113c dzimuma un skaita ar lietv\u0101rdiem, kurus tie p\u0101rveido. Liel\u0101kaj\u0101 da\u013c\u0101 gad\u012bjumu \u012bpa\u0161\u012bbas v\u0101rdi, kas beidzas ar &#8220;-o&#8221;, ir v\u012brie\u0161u dzimt\u0113, bet \u012bpa\u0161\u012bbas v\u0101rdi, kas beidzas ar &#8220;-a&#8221;, ir sievie\u0161u dzimt\u0113. Lai izveidotu daudzskait\u013ca formu, mainiet &#8220;-o&#8221; uz &#8220;-os&#8221; (v\u012brie\u0161u dzimt\u0113) un &#8220;-a&#8221; uz &#8220;-es&#8221; (sievie\u0161u dzimt\u0113). Paturiet pr\u0101t\u0101, ka da\u017eiem \u012bpa\u0161\u012bbas v\u0101rdiem ir unik\u0101la forma abiem dzimumiem, un main\u0101s tikai daudzskait\u013ca mar\u0137ieris. Izklaus\u0101s jautri, vai ne?<\/p>\n\n\n\n<h3 class=\"wp-block-heading\" id=\"h-4-verbs-and-conjugation\">4. Darb\u012bbas v\u0101rdi un konjug\u0101cija:<\/h3>\n\n\n\n<p>Katras valodas sirds! Katal\u0101\u0146u valod\u0101 darb\u012bbas v\u0101rdi tiek iedal\u012bti tr\u012bs grup\u0101s atkar\u012bb\u0101 no to nenoteiksmes galotn\u0113m: &#8220;-ar&#8221;, &#8220;-er&#8221; un &#8220;-ir&#8221;. Katrai grupai ir at\u0161\u0137ir\u012bgs konjug\u0101cijas modelis da\u017e\u0101diem sasprindzin\u0101jumiem, noska\u0146\u0101m un vietniekv\u0101rdiem \u2014 glu\u017ei k\u0101 dejojot da\u017e\u0101dos ritmos. Katal\u0101\u0146u valod\u0101 ir ar\u012b pal\u012bgdarb\u012bbas v\u0101rdi (piem\u0113ram, &#8216;b\u016bt&#8217; un &#8216;b\u016bt&#8217;), kas kop\u0101 ar citiem darb\u012bbas v\u0101rdiem veido saliktos laikus un pas\u012bvo balsi. T\u0101tad, uzvelciet savas deju kurpes un s\u0101ciet izp\u0113t\u012bt katal\u0101\u0146u darb\u012bbas v\u0101rdu dz\u012bv\u012bgo pasauli.<\/p>\n\n\n\n<h3 class=\"wp-block-heading\" id=\"h-5-word-order\">5. V\u0101rdu sec\u012bba:<\/h3>\n\n\n\n<p>Sak\u0101rtosim \u0161os v\u0101rdus pareizaj\u0101 sec\u012bb\u0101! Katal\u0101\u0146u valoda parasti seko subjekta-verba-objekta (SVO) v\u0101rdu sec\u012bbai, t\u0101pat k\u0101 <a href=\"https:\/\/talkpal.ai\/learn-english-with-ai\/\">ang\u013cu<\/a> valoda. Tom\u0113r v\u0101rdu sec\u012bbas elast\u012bba ir at\u013cauta uzsvaru vai stilistiskos nol\u016bkos. \u012apa\u0161\u012bbas v\u0101rdi parasti n\u0101k p\u0113c lietv\u0101rda, ko tie apraksta, bet j\u016bs var\u0113tu tos redz\u0113t pirms lietv\u0101rda, lai uzsv\u0113rtu to noz\u012bmi. Atcerieties, ka prakse padara perfektu, kad runa ir par v\u0101rdu k\u0101rt\u012bbas apg\u016b\u0161anu katal\u0101\u0146u valod\u0101.<\/p>\n\n\n\n<h3 class=\"wp-block-heading\" id=\"h-6-pronouns-and-prepositions\">6. Vietniekv\u0101rdi un priev\u0101rdi:<\/h3>\n\n\n\n<p>P\u0113d\u0113jais, bet ne maz\u0101k svar\u012bgs! Katal\u0101\u0146u valod\u0101 ir subjekta vietniekv\u0101rdi (es, tu, vi\u0146\u0161, vi\u0146a utt.) un objektu vietniekv\u0101rdi (es, tu, vi\u0146\u0161, vi\u0146a utt.), Kas var main\u012bties atkar\u012bb\u0101 no to funkcijas teikum\u0101. Turkl\u0101t katal\u0101\u0146u valodas priev\u0101rdi (piem\u0113ram, &#8220;a&#8221;, &#8220;de&#8221;, &#8220;en&#8221;, &#8220;amb&#8221;) pal\u012bdz savienot v\u0101rdus un fr\u0101zes un par\u0101d\u012bt to savstarp\u0113jo saist\u012bbu.<\/p>\n\n\n\n<p>Whew! Tagad j\u016bs esat apguvis katal\u0101\u0146u valodas gramatikas pamatus. Turpiniet p\u0113t\u012bt, uzdot jaut\u0101jumus un praktiz\u0113t \u0161o jauko valodu. Atcerieties, ka jaunas valodas apguve ir k\u0101 do\u0161an\u0101s aizraujo\u0161\u0101 ce\u013cojum\u0101. Jums b\u016bs gan k\u0101pumi, gan kritumi, ta\u010du ieguvumi ir p\u016b\u013cu v\u0113rti. Bon viatge!<\/p>\n<\/div><\/div>\n\r\n<section class=\"learnNavigationSection\">\r\n            \r\n        <a href=\"https:\/\/talkpal.ai\/lv\/uzziniet-katalanu-valodu\/\">\r\n            <div class=\"learnNavigationWrapper\">\r\n                <div class=\"learnNavigationContent\">\r\n                    <img decoding=\"async\" src=\"https:\/\/talkpal.ai\/wp-content\/uploads\/2024\/08\/Catalan.jpg\" alt=\"Catalan Flag\">\r\n                    <div>\r\n                        <h4>Par katal\u0101\u0146u valodas apguvi<\/h4>\r\n                        <p>Uzziniet visu par katal\u0101\u0146u gramatiku.<\/p>\r\n                    <\/div>\r\n                <\/div>\r\n            <\/div>\r\n        <\/a>\r\n\r\n        \r\n        <a href=\"https:\/\/talkpal.ai\/lv\/katalanu-gramatikas-vingrinajumi\/\">\r\n            <div class=\"learnNavigationWrapper\">\r\n                <div class=\"learnNavigationContent\">\r\n                    <img decoding=\"async\" src=\"https:\/\/talkpal.ai\/wp-content\/uploads\/2024\/08\/Catalan.jpg\" alt=\"Catalan Flag\">\r\n                    <div>\r\n                        <h4>Katal\u0101\u0146u valodas gramatikas vingrin\u0101jums<\/h4>\r\n                        <p>Praktiz\u0113jiet katal\u0101\u0146u gramatiku.<\/p>\r\n                    <\/div>\r\n                <\/div>\r\n            <\/div>\r\n        <\/a>\r\n\r\n        \r\n        <a href=\"https:\/\/talkpal.ai\/vocabulary_language\/catalan\/\">\r\n            <div class=\"learnNavigationWrapper\">\r\n                <div class=\"learnNavigationContent\">\r\n                    <img decoding=\"async\" src=\"https:\/\/talkpal.ai\/wp-content\/uploads\/2024\/08\/Catalan.jpg\" alt=\"Catalan Flag\">\r\n                    <div>\r\n                        <h4>Katal\u0101\u0146u valodas v\u0101rdn\u012bca<\/h4>\r\n                        <p>Papla\u0161iniet savu katal\u0101\u0146u valodas v\u0101rdu kr\u0101jumu.<\/p>\r\n                    <\/div>\r\n                <\/div>\r\n            <\/div>\r\n        <\/a>\r\n\r\n            <\/section>","protected":false},"excerpt":{"rendered":"<p>Katal\u0101\u0146u gramatika: \u012bss ce\u013cvedis valodas entuziastiem Vai pl\u0101nojat m\u0101c\u012bties katal\u0101\u0146u valodu vai vienk\u0101r\u0161i zin\u0101t par \u0161o skaisto rom\u0101\u0146u valodu? Nemekl\u0113jiet t\u0101l\u0101k! M\u0113s esam \u0161eit, lai j\u016bs \u0101tri iepaz\u012bstin\u0101tu ar katal\u0101\u0146u valodas gramatiku un sniegtu jums pamatus. Iepaz\u012bsim \u0161o burv\u012bgo valodu un izp\u0113t\u012bsim, k\u0101 t\u0101 darbojas gramatikas l\u012bmen\u012b. Katal\u0101\u0146u valod\u0101, kur\u0101 run\u0101 aptuveni 10 miljoni cilv\u0113ku, [&hellip;]<\/p>\n","protected":false},"author":1,"featured_media":142110,"parent":0,"menu_order":0,"comment_status":"closed","ping_status":"closed","template":"LearningContentPage.php","meta":{"_acf_changed":false,"footnotes":""},"class_list":["post-142100","page","type-page","status-publish","has-post-thumbnail","hentry"],"acf":[],"yoast_head":"<!-- This site is optimized with the Yoast SEO Premium plugin v27.2 (Yoast SEO v27.2) - https:\/\/yoast.com\/product\/yoast-seo-premium-wordpress\/ -->\n<title>Katal\u0101\u0146u gramatika - Talkpal<\/title>\n<meta name=\"description\" content=\"Atkl\u0101jiet katal\u0101\u0146u valodas gramatikas pamatus un s\u0101ciet savu ce\u013cojumu uz \u0161o skaisto rom\u0101\u0146u valodu jau \u0161odien!\" \/>\n<meta name=\"robots\" content=\"index, follow, max-snippet:-1, max-image-preview:large, max-video-preview:-1\" \/>\n<link rel=\"canonical\" href=\"https:\/\/talkpal.ai\/lv\/katalanu-gramatika\/\" \/>\n<meta property=\"og:locale\" content=\"lv_LV\" \/>\n<meta property=\"og:type\" content=\"article\" \/>\n<meta property=\"og:title\" content=\"Katal\u0101\u0146u gramatika\" \/>\n<meta property=\"og:description\" content=\"Katal\u0101\u0146u gramatika: \u012bss ce\u013cvedis valodas entuziastiem Vai pl\u0101nojat m\u0101c\u012bties katal\u0101\u0146u valodu vai vienk\u0101r\u0161i zin\u0101t par \u0161o skaisto rom\u0101\u0146u valodu? Nemekl\u0113jiet\" \/>\n<meta property=\"og:url\" content=\"https:\/\/talkpal.ai\/lv\/katalanu-gramatika\/\" \/>\n<meta property=\"og:site_name\" content=\"Talkpal\" \/>\n<meta property=\"article:publisher\" content=\"https:\/\/www.facebook.com\/profile.php?id=100090733639311\" \/>\n<meta property=\"article:modified_time\" content=\"2025-05-22T18:35:55+00:00\" \/>\n<meta property=\"og:image\" content=\"https:\/\/talkpal.ai\/wp-content\/uploads\/2023\/08\/Catalan.png\" \/>\n\t<meta property=\"og:image:width\" content=\"479\" \/>\n\t<meta property=\"og:image:height\" content=\"479\" \/>\n\t<meta property=\"og:image:type\" content=\"image\/png\" \/>\n<meta name=\"twitter:card\" content=\"summary_large_image\" \/>\n<meta name=\"twitter:site\" content=\"@talkpalai\" \/>\n<meta name=\"twitter:label1\" content=\"Est. reading time\" \/>\n\t<meta name=\"twitter:data1\" content=\"4 minutes\" \/>\n<script type=\"application\/ld+json\" class=\"yoast-schema-graph\">{\"@context\":\"https:\/\/schema.org\",\"@graph\":[{\"@type\":\"WebPage\",\"@id\":\"https:\/\/talkpal.ai\/lv\/katalanu-gramatika\/\",\"url\":\"https:\/\/talkpal.ai\/lv\/katalanu-gramatika\/\",\"name\":\"Katal\u0101\u0146u gramatika - Talkpal\",\"isPartOf\":{\"@id\":\"https:\/\/talkpal.ai\/lv\/#website\"},\"primaryImageOfPage\":{\"@id\":\"https:\/\/talkpal.ai\/lv\/katalanu-gramatika\/#primaryimage\"},\"image\":{\"@id\":\"https:\/\/talkpal.ai\/lv\/katalanu-gramatika\/#primaryimage\"},\"thumbnailUrl\":\"https:\/\/talkpal.ai\/wp-content\/uploads\/2023\/08\/Catalan.png\",\"datePublished\":\"2023-05-14T14:00:56+00:00\",\"dateModified\":\"2025-05-22T18:35:55+00:00\",\"description\":\"Atkl\u0101jiet katal\u0101\u0146u valodas gramatikas pamatus un s\u0101ciet savu ce\u013cojumu uz \u0161o skaisto rom\u0101\u0146u valodu jau \u0161odien!\",\"breadcrumb\":{\"@id\":\"https:\/\/talkpal.ai\/lv\/katalanu-gramatika\/#breadcrumb\"},\"inLanguage\":\"lv-LV\",\"potentialAction\":[{\"@type\":\"ReadAction\",\"target\":[\"https:\/\/talkpal.ai\/lv\/katalanu-gramatika\/\"]}]},{\"@type\":\"ImageObject\",\"inLanguage\":\"lv-LV\",\"@id\":\"https:\/\/talkpal.ai\/lv\/katalanu-gramatika\/#primaryimage\",\"url\":\"https:\/\/talkpal.ai\/wp-content\/uploads\/2023\/08\/Catalan.png\",\"contentUrl\":\"https:\/\/talkpal.ai\/wp-content\/uploads\/2023\/08\/Catalan.png\",\"width\":479,\"height\":479},{\"@type\":\"BreadcrumbList\",\"@id\":\"https:\/\/talkpal.ai\/lv\/katalanu-gramatika\/#breadcrumb\",\"itemListElement\":[{\"@type\":\"ListItem\",\"position\":1,\"name\":\"Homepage\",\"item\":\"https:\/\/talkpal.ai\/lv\/\"},{\"@type\":\"ListItem\",\"position\":2,\"name\":\"Katal\u0101\u0146u gramatika\"}]},{\"@type\":\"WebSite\",\"@id\":\"https:\/\/talkpal.ai\/lv\/#website\",\"url\":\"https:\/\/talkpal.ai\/lv\/\",\"name\":\"Talkpal\",\"description\":\"AI Language Learning\",\"publisher\":{\"@id\":\"https:\/\/talkpal.ai\/lv\/#organization\"},\"alternateName\":\"Talkpal AI\",\"potentialAction\":[{\"@type\":\"SearchAction\",\"target\":{\"@type\":\"EntryPoint\",\"urlTemplate\":\"https:\/\/talkpal.ai\/lv\/?s={search_term_string}\"},\"query-input\":{\"@type\":\"PropertyValueSpecification\",\"valueRequired\":true,\"valueName\":\"search_term_string\"}}],\"inLanguage\":\"lv-LV\"},{\"@type\":\"Organization\",\"@id\":\"https:\/\/talkpal.ai\/lv\/#organization\",\"name\":\"Talkpal, Inc.\",\"alternateName\":\"Talkpal AI\",\"url\":\"https:\/\/talkpal.ai\/lv\/\",\"logo\":{\"@type\":\"ImageObject\",\"inLanguage\":\"lv-LV\",\"@id\":\"https:\/\/talkpal.ai\/lv\/#\/schema\/logo\/image\/\",\"url\":\"https:\/\/talkpal.ai\/wp-content\/uploads\/2024\/03\/Talkpal-Logo-Icon.png\",\"contentUrl\":\"https:\/\/talkpal.ai\/wp-content\/uploads\/2024\/03\/Talkpal-Logo-Icon.png\",\"width\":2880,\"height\":2880,\"caption\":\"Talkpal, Inc.\"},\"image\":{\"@id\":\"https:\/\/talkpal.ai\/lv\/#\/schema\/logo\/image\/\"},\"sameAs\":[\"https:\/\/www.facebook.com\/profile.php?id=100090733639311\",\"https:\/\/x.com\/talkpalai\",\"https:\/\/www.linkedin.com\/company\/talkpal\/\",\"https:\/\/www.youtube.com\/@TalkPal\/\",\"https:\/\/www.tiktok.com\/@talkpal\",\"https:\/\/www.instagram.com\/talkpal_ai\/\",\"https:\/\/www.crunchbase.com\/organization\/talkpal-9cde\",\"https:\/\/www.g2.com\/products\/talkpal-for-business\/\",\"https:\/\/www.trustpilot.com\/review\/talkpal.ai\",\"https:\/\/www.capterra.com\/p\/10006800\/TalkPal\/\"],\"description\":\"Talkpal is a language learning web and mobile education app, powered by the latest AI technologies, that provides engaging experiences to its customers in many different languages to help them improve their language skills. Users can chat about unlimited amount of topics with the app and use other modes to practice their language learning.\",\"email\":\"support@talkpal.ai\",\"legalName\":\"Talkpal, Inc.\",\"foundingDate\":\"2023-04-03\",\"duns\":\"118989042\",\"numberOfEmployees\":{\"@type\":\"QuantitativeValue\",\"minValue\":\"11\",\"maxValue\":\"50\"},\"publishingPrinciples\":\"https:\/\/talkpal.ai\/publishing-principles\/\",\"actionableFeedbackPolicy\":\"https:\/\/talkpal.ai\/actionable-feedback-policy\/\",\"correctionsPolicy\":\"https:\/\/talkpal.ai\/corrections-policy\/\",\"ethicsPolicy\":\"https:\/\/talkpal.ai\/ethics-policy\/\",\"diversityPolicy\":\"https:\/\/talkpal.ai\/diversity-policy\/\",\"diversityStaffingReport\":\"https:\/\/talkpal.ai\/diversity-policy\/\"}]}<\/script>\n<!-- \/ Yoast SEO Premium plugin. -->","yoast_head_json":{"title":"Katal\u0101\u0146u gramatika - Talkpal","description":"Atkl\u0101jiet katal\u0101\u0146u valodas gramatikas pamatus un s\u0101ciet savu ce\u013cojumu uz \u0161o skaisto rom\u0101\u0146u valodu jau \u0161odien!","robots":{"index":"index","follow":"follow","max-snippet":"max-snippet:-1","max-image-preview":"max-image-preview:large","max-video-preview":"max-video-preview:-1"},"canonical":"https:\/\/talkpal.ai\/lv\/katalanu-gramatika\/","og_locale":"lv_LV","og_type":"article","og_title":"Katal\u0101\u0146u gramatika","og_description":"Katal\u0101\u0146u gramatika: \u012bss ce\u013cvedis valodas entuziastiem Vai pl\u0101nojat m\u0101c\u012bties katal\u0101\u0146u valodu vai vienk\u0101r\u0161i zin\u0101t par \u0161o skaisto rom\u0101\u0146u valodu? Nemekl\u0113jiet","og_url":"https:\/\/talkpal.ai\/lv\/katalanu-gramatika\/","og_site_name":"Talkpal","article_publisher":"https:\/\/www.facebook.com\/profile.php?id=100090733639311","article_modified_time":"2025-05-22T18:35:55+00:00","og_image":[{"width":479,"height":479,"url":"https:\/\/talkpal.ai\/wp-content\/uploads\/2023\/08\/Catalan.png","type":"image\/png"}],"twitter_card":"summary_large_image","twitter_site":"@talkpalai","twitter_misc":{"Est. reading time":"4 minutes"},"schema":{"@context":"https:\/\/schema.org","@graph":[{"@type":"WebPage","@id":"https:\/\/talkpal.ai\/lv\/katalanu-gramatika\/","url":"https:\/\/talkpal.ai\/lv\/katalanu-gramatika\/","name":"Katal\u0101\u0146u gramatika - Talkpal","isPartOf":{"@id":"https:\/\/talkpal.ai\/lv\/#website"},"primaryImageOfPage":{"@id":"https:\/\/talkpal.ai\/lv\/katalanu-gramatika\/#primaryimage"},"image":{"@id":"https:\/\/talkpal.ai\/lv\/katalanu-gramatika\/#primaryimage"},"thumbnailUrl":"https:\/\/talkpal.ai\/wp-content\/uploads\/2023\/08\/Catalan.png","datePublished":"2023-05-14T14:00:56+00:00","dateModified":"2025-05-22T18:35:55+00:00","description":"Atkl\u0101jiet katal\u0101\u0146u valodas gramatikas pamatus un s\u0101ciet savu ce\u013cojumu uz \u0161o skaisto rom\u0101\u0146u valodu jau \u0161odien!","breadcrumb":{"@id":"https:\/\/talkpal.ai\/lv\/katalanu-gramatika\/#breadcrumb"},"inLanguage":"lv-LV","potentialAction":[{"@type":"ReadAction","target":["https:\/\/talkpal.ai\/lv\/katalanu-gramatika\/"]}]},{"@type":"ImageObject","inLanguage":"lv-LV","@id":"https:\/\/talkpal.ai\/lv\/katalanu-gramatika\/#primaryimage","url":"https:\/\/talkpal.ai\/wp-content\/uploads\/2023\/08\/Catalan.png","contentUrl":"https:\/\/talkpal.ai\/wp-content\/uploads\/2023\/08\/Catalan.png","width":479,"height":479},{"@type":"BreadcrumbList","@id":"https:\/\/talkpal.ai\/lv\/katalanu-gramatika\/#breadcrumb","itemListElement":[{"@type":"ListItem","position":1,"name":"Homepage","item":"https:\/\/talkpal.ai\/lv\/"},{"@type":"ListItem","position":2,"name":"Katal\u0101\u0146u gramatika"}]},{"@type":"WebSite","@id":"https:\/\/talkpal.ai\/lv\/#website","url":"https:\/\/talkpal.ai\/lv\/","name":"Talkpal","description":"AI Language Learning","publisher":{"@id":"https:\/\/talkpal.ai\/lv\/#organization"},"alternateName":"Talkpal AI","potentialAction":[{"@type":"SearchAction","target":{"@type":"EntryPoint","urlTemplate":"https:\/\/talkpal.ai\/lv\/?s={search_term_string}"},"query-input":{"@type":"PropertyValueSpecification","valueRequired":true,"valueName":"search_term_string"}}],"inLanguage":"lv-LV"},{"@type":"Organization","@id":"https:\/\/talkpal.ai\/lv\/#organization","name":"Talkpal, Inc.","alternateName":"Talkpal AI","url":"https:\/\/talkpal.ai\/lv\/","logo":{"@type":"ImageObject","inLanguage":"lv-LV","@id":"https:\/\/talkpal.ai\/lv\/#\/schema\/logo\/image\/","url":"https:\/\/talkpal.ai\/wp-content\/uploads\/2024\/03\/Talkpal-Logo-Icon.png","contentUrl":"https:\/\/talkpal.ai\/wp-content\/uploads\/2024\/03\/Talkpal-Logo-Icon.png","width":2880,"height":2880,"caption":"Talkpal, Inc."},"image":{"@id":"https:\/\/talkpal.ai\/lv\/#\/schema\/logo\/image\/"},"sameAs":["https:\/\/www.facebook.com\/profile.php?id=100090733639311","https:\/\/x.com\/talkpalai","https:\/\/www.linkedin.com\/company\/talkpal\/","https:\/\/www.youtube.com\/@TalkPal\/","https:\/\/www.tiktok.com\/@talkpal","https:\/\/www.instagram.com\/talkpal_ai\/","https:\/\/www.crunchbase.com\/organization\/talkpal-9cde","https:\/\/www.g2.com\/products\/talkpal-for-business\/","https:\/\/www.trustpilot.com\/review\/talkpal.ai","https:\/\/www.capterra.com\/p\/10006800\/TalkPal\/"],"description":"Talkpal is a language learning web and mobile education app, powered by the latest AI technologies, that provides engaging experiences to its customers in many different languages to help them improve their language skills. Users can chat about unlimited amount of topics with the app and use other modes to practice their language learning.","email":"support@talkpal.ai","legalName":"Talkpal, Inc.","foundingDate":"2023-04-03","duns":"118989042","numberOfEmployees":{"@type":"QuantitativeValue","minValue":"11","maxValue":"50"},"publishingPrinciples":"https:\/\/talkpal.ai\/publishing-principles\/","actionableFeedbackPolicy":"https:\/\/talkpal.ai\/actionable-feedback-policy\/","correctionsPolicy":"https:\/\/talkpal.ai\/corrections-policy\/","ethicsPolicy":"https:\/\/talkpal.ai\/ethics-policy\/","diversityPolicy":"https:\/\/talkpal.ai\/diversity-policy\/","diversityStaffingReport":"https:\/\/talkpal.ai\/diversity-policy\/"}]}},"_links":{"self":[{"href":"https:\/\/talkpal.ai\/lv\/wp-json\/wp\/v2\/pages\/142100","targetHints":{"allow":["GET"]}}],"collection":[{"href":"https:\/\/talkpal.ai\/lv\/wp-json\/wp\/v2\/pages"}],"about":[{"href":"https:\/\/talkpal.ai\/lv\/wp-json\/wp\/v2\/types\/page"}],"author":[{"embeddable":true,"href":"https:\/\/talkpal.ai\/lv\/wp-json\/wp\/v2\/users\/1"}],"replies":[{"embeddable":true,"href":"https:\/\/talkpal.ai\/lv\/wp-json\/wp\/v2\/comments?post=142100"}],"version-history":[{"count":0,"href":"https:\/\/talkpal.ai\/lv\/wp-json\/wp\/v2\/pages\/142100\/revisions"}],"wp:featuredmedia":[{"embeddable":true,"href":"https:\/\/talkpal.ai\/lv\/wp-json\/wp\/v2\/media\/142110"}],"wp:attachment":[{"href":"https:\/\/talkpal.ai\/lv\/wp-json\/wp\/v2\/media?parent=142100"}],"curies":[{"name":"wp","href":"https:\/\/api.w.org\/{rel}","templated":true}]}}