{"id":141679,"date":"2023-05-14T14:00:39","date_gmt":"2023-05-14T14:00:39","guid":{"rendered":"http:\/\/talkpal.ai\/bulgaru-valodas-gramatika\/"},"modified":"2025-05-22T14:35:59","modified_gmt":"2025-05-22T14:35:59","slug":"bulgaru-valodas-gramatika","status":"publish","type":"page","link":"https:\/\/talkpal.ai\/lv\/bulgaru-valodas-gramatika\/","title":{"rendered":"Bulg\u0101ru valodas gramatika"},"content":{"rendered":"\r\n\r\n\r\n<section class=\"languageChallengeSection\">\r\n    <div class=\"languageInfoWrapper\">\r\n        \r\n        <h1>Bulg\u0101ru valodas gramatika<\/h1>\r\n        <p>Izp\u0113tiet <a href=\"https:\/\/talkpal.ai\/learn-bulgarian\/\">bulg\u0101ru<\/a> <a href=\"https:\/\/talkpal.ai\/what-language-is-spoken-on-the-international-space-station\/\">valodas<\/a> gramatikas unik\u0101l\u0101s iez\u012bmes un apg\u016bstiet r\u012bkus, lai dro\u0161i sazin\u0101tos \u0161aj\u0101 dinamiskaj\u0101 sl\u0101vu valod\u0101. Izprotot t\u0101s pamatnoteikumus, uzlabosiet savas sp\u0113jas sazin\u0101ties ar dzimt\u0101s valodas run\u0101t\u0101jiem un padzi\u013cin\u0101ti iepaz\u012bsiet Bulg\u0101rijas bag\u0101to mantojumu. S\u0101ciet savu <a href=\"https:\/\/talkpal.ai\/learn-bulgarian\/\">bulg\u0101ru<\/a> valodas gramatikas ce\u013cojumu \u0161odien un speriet pirmo soli, lai apg\u016btu valodu!<\/p>\r\n\r\n                            <a class=\"getStartedHidden\" href=\"https:\/\/app.talkpal.ai\/lv\/signup?lng=\">S\u0101c<\/a>\r\n        \r\n    <\/div>\r\n\r\n    <figure>\r\n    <img decoding=\"async\" width=\"768\" height=\"768\" src=\"https:\/\/talkpal.ai\/wp-content\/uploads\/2023\/06\/bulgarian-768x768.png\" class=\"languageImage no-lazy\" alt=\"Language learning for deeper cultural understanding\" fetchpriority=\"high\" sizes=\"(max-width: 768px) 150px, 768px\" srcset=\"https:\/\/talkpal.ai\/wp-content\/uploads\/2023\/06\/bulgarian-768x768.png 768w, https:\/\/talkpal.ai\/wp-content\/uploads\/2023\/06\/bulgarian-300x300.png 300w\" \/>\r\n    \r\n\r\n    <\/figure>\r\n\r\n            <a class=\"getStartedVisible\" href=\"https:\/\/app.talkpal.ai\/lv\/signup?lng=\">S\u0101c<\/a>\r\n    \r\n<\/section>\r\n<section class=\"promotionalBanner\">\r\n    <p class=\"promotionalText\">Visefekt\u012bv\u0101kais veids, k\u0101 apg\u016bt valodu<\/p>\r\n    <a class=\"promotionalLink\" href=\"https:\/\/app.talkpal.ai\/lv\/signup?lng=\">Izm\u0113\u0123iniet Talkpal bez maksas<\/a>\r\n<\/section>\n<div class=\"wp-block-group pageContainerStyle\"><div class=\"wp-block-group__inner-container is-layout-constrained wp-block-group-is-layout-constrained\">\n<h2 class=\"wp-block-heading\" id=\"h-the-ultimate-guide-to-bulgarian-grammar-navigating-the-intricacies-of-a-rich-language\">Gal\u012bgais bulg\u0101ru valodas gramatikas ce\u013cvedis: navig\u0101cija bag\u0101t\u012bgas valodas sare\u017e\u0123\u012bt\u012bb\u0101<\/h2>\n\n\n\n<p>Bulg\u0101ru <a href=\"https:\/\/talkpal.ai\/sq\/gramatika\/\">gramatika<\/a>, t\u0101pat k\u0101 pati valoda, ir aizraujo\u0161s vienk\u0101r\u0161\u012bbas, sare\u017e\u0123\u012bt\u012bbas un bag\u0101tas kult\u016bras v\u0113stures sajaukums. K\u0101 viena no vec\u0101kaj\u0101m sl\u0101vu valod\u0101m bulg\u0101ru valoda pied\u0101v\u0101 lingvistisku aizrau\u0161anos ar apguv\u0113jiem un izaicina pat visprasm\u012bg\u0101kos run\u0101t\u0101jus. \u0160aj\u0101 rokasgr\u0101mat\u0101 m\u0113s iepaz\u012bstin\u0101sim ar bulg\u0101ru valodas gramatikas pamatprincipiem, izskaidrosim t\u0101s sare\u017e\u0123\u012bt\u012bbu un pal\u012bdz\u0113sim jums apg\u016bt \u0161o skaisto valodu. Iegremd\u0113simies!<\/p>\n\n\n\n<h2 class=\"wp-block-heading\" id=\"h-the-nuts-and-bolts-bulgarian-sentence-structure\">Uzgrie\u017e\u0146i un skr\u016bves: bulg\u0101ru teikuma strukt\u016bra<\/h2>\n\n\n\n<p>B\u016bt\u012bb\u0101 bulg\u0101ru gramatika ir diezgan vienk\u0101r\u0161a. Valoda seko subjekta-darb\u012bbas v\u0101rda-objekta (SVO) teikuma strukt\u016brai, l\u012bdz\u012bgi k\u0101 <a href=\"https:\/\/talkpal.ai\/learn-english-with-ai\/\">ang\u013cu<\/a> un daudz\u0101s cit\u0101s valod\u0101s. Piem\u0113ram, teikums &#8220;Es \u0113du \u0101bolu&#8221; tiek tulkots k\u0101 &#8220;\u0410\u0437 \u044f\u043c \u044f\u0431\u044a\u043b\u043a\u0430&#8221; (Az yam yabalka). Vienk\u0101r\u0161i, vai ne? Tom\u0113r, kad m\u0113s iedzi\u013cin\u0101simies, j\u016bs atkl\u0101siet, ka <a href=\"https:\/\/talkpal.ai\/bulgarian-grammar\/\">bulg\u0101ru valodas gramatika<\/a> ir pilna p\u0101rsteigumu un unik\u0101lu \u012bpa\u0161\u012bbu.<\/p>\n\n\n\n<h3 class=\"wp-block-heading\" id=\"h-meet-the-family-bulgarian-nouns-and-their-genders\">Iepaz\u012bstieties ar \u0123imeni: bulg\u0101ru lietv\u0101rdi un to dzimumi<\/h3>\n\n\n\n<p>Viens no mulsino\u0161\u0101kajiem bulg\u0101ru valodas gramatikas aspektiem ang\u013cu valod\u0101 run\u0101jo\u0161ajiem ir gramatisk\u0101s dzimtes j\u0113dziens. Bulg\u0101ru valod\u0101 katram lietv\u0101rdam tiek pie\u0161\u0137irts viens no trim dzimumiem &#8211; v\u012brie\u0161u, sievie\u0161u un bezdzimtes. B\u016btiski ir atpaz\u012bt lietv\u0101rda dzimti, jo t\u0101 ietekm\u0113 \u012bpa\u0161\u012bbas v\u0101rdu un vietniekv\u0101rdu formu, k\u0101 ar\u012b sekojo\u0161o darb\u012bbas v\u0101rdu loc\u012bjumu.<\/p>\n\n\n\n<p>T\u0101tad, k\u0101 j\u016bs nosak\u0101t lietv\u0101rda dzimumu? Kopum\u0101 viss ir atkar\u012bgs no beig\u0101m:<\/p>\n\n\n\n<p><strong>&#8211; V\u012brie\u0161u dzimtes lietv\u0101rdi parasti beidzas ar l\u012bdzska\u0146u.<\/strong><\/p>\n\n\n\n<p><strong>&#8211; Sievie\u0161u dzimtes lietv\u0101rdi parasti beidzas ar -\u0430 (-a) vai -\u044f (-ya).<\/strong><\/p>\n\n\n\n<p><strong>&#8211; Vietniekv\u0101rdi dzimtes n\u0113 bie\u017ei beidzas ar -\u043e (-o) vai -\u0435 (-\u0435).<\/strong><\/p>\n\n\n\n<p>Piem\u0113ram, &#8220;\u043c\u044a\u0436&#8221; (mazh) noz\u012bm\u0113 &#8220;v\u012brietis&#8221; un ir v\u012brie\u0161u dzimt\u0113, &#8220;\u0436\u0435\u043d\u0430&#8221; (zhena) noz\u012bm\u0113 &#8220;sieviete&#8221; un ir sievie\u0161u dzimt\u0113, bet &#8220;\u0434\u0435\u0442\u0435&#8221; (dete) noz\u012bm\u0113 &#8220;b\u0113rns&#8221; un ir vid\u0113j\u0101 dzimt\u0113.<\/p>\n\n\n\n<p>Protams, ir iz\u0146\u0113mumi, t\u0101p\u0113c ir svar\u012bgi apg\u016bt lietv\u0101rdus kop\u0101 ar to dzimumiem.<\/p>\n\n\n\n<h3 class=\"wp-block-heading\" id=\"h-playing-with-numbers-bulgarian-plurals\">Sp\u0113l\u0113\u0161an\u0101s ar skait\u013ciem: bulg\u0101ru daudzskaitlis<\/h3>\n\n\n\n<p>Kad esat apguvu\u0161i bulg\u0101ru valodas lietv\u0101rdu dzimtes, ir pien\u0101cis laiks piev\u0113rsties to daudzskait\u013ca form\u0101m. Parasti daudzskait\u013ca v\u0101rdi tiek veidoti, pievienojot \u012bpa\u0161as galotnes, kas atbilst lietv\u0101rda dzimtei:<\/p>\n\n\n\n<p><strong>&#8211; V\u012bri\u0161\u0137o dzimtes lietv\u0101rdiem p\u0113d\u0113jais l\u012bdzskanis main\u0101s uz -\u0438 (-i) vai pievienojas -\u043e\u0432\u0435 (-ove).<\/strong><\/p>\n\n\n\n<p><strong>&#8211; Sievie\u0161u dzimtes lietv\u0101rdi aizst\u0101j -\u0430 vai -\u044f ar -\u0438 vai -\u0435.<\/strong><\/p>\n\n\n\n<p><strong>&#8211; Vietniekv\u0101rdi ar -\u043e vai -\u0435 tiek aizst\u0101ti ar -\u0430.<\/strong><\/p>\n\n\n\n<p>Piem\u0113ram, &#8220;\u0443\u0447\u0435\u043d\u0438\u043a&#8221; (uchenik, v\u012brie\u0161u dzimt\u0113) k\u013c\u016bst par &#8220;\u0443\u0447\u0435\u043d\u0438\u0446\u0438&#8221; (uchenici, <a href=\"https:\/\/talkpal.ai\/talkpal-discount-for-students\/\">studenti<\/a>) un &#8220;\u043a\u043d\u0438\u0433\u0430&#8221; (kniga, sievie\u0161u dzimt\u0113) k\u013c\u016bst par &#8220;\u043a\u043d\u0438\u0433\u0438&#8221; (knigi, gr\u0101matas).<\/p>\n\n\n\n<p>\u0160im noteikumam ir iz\u0146\u0113mumi, t\u0101p\u0113c uzmanieties no neregul\u0101riem daudzskait\u013ciem un attiec\u012bgi papla\u0161iniet savu v\u0101rdu kr\u0101jumu.<\/p>\n\n\n\n<h3 class=\"wp-block-heading\" id=\"h-the-art-of-conjugation-bulgarian-verbs\">Konjug\u0101cijas m\u0101ksla: bulg\u0101ru darb\u012bbas v\u0101rdi<\/h3>\n\n\n\n<p>Bulg\u0101ru darb\u012bbas v\u0101rdi var b\u016bt bied\u0113jo\u0161i, \u0146emot v\u0113r\u0101 to milz\u012bgo sasprindzin\u0101jumu, noska\u0146u un konjug\u0101ciju skaitu. Tom\u0113r galvenais, lai tos uzlauztu, ir mode\u013cu atpaz\u012b\u0161ana un regul\u0101ra praktiz\u0113\u0161ana.<\/p>\n\n\n\n<p>Bulg\u0101ru valod\u0101 darb\u012bbas v\u0101rdi ir sadal\u012bti tr\u012bs grup\u0101s, pamatojoties uz to infinit\u012bvo galotni, -\u0430 (-a), -\u0435 (-\u0435) vai -\u0438 (-i). Katrai grupai ir savi \u012bpa\u0161ie konjug\u0101cijas noteikumi. Piem\u0113ram, \u0146emsim darb\u012bbas v\u0101rdu &#8220;\u043f\u0438\u0448\u0430&#8221; (pisha, &#8220;rakst\u012bt&#8221;):<\/p>\n\n\n\n<p><strong>Tagadnes laiks: \u0410\u0437 \u043f\u0438\u0448\u0430 (Az pisha, &#8220;Es rakstu&#8221;).<\/strong><\/p>\n\n\n\n<p><strong>Pag\u0101tnes laiks: \u0410\u0437 \u043f\u0438\u0441\u0430\u0445 (Az pisah, &#8220;Es rakst\u012bju&#8221;).<\/strong><\/p>\n\n\n\n<p><strong>N\u0101kotnes laiks: N\u0101kotnes laiks: \u0410\u0437 \u0449\u0435 \u043f\u0438\u0448\u0430 (Az shte pisha, &#8220;Es rakst\u012b\u0161u&#8221;).<\/strong><\/p>\n\n\n\n<p>K\u0101 redzat, galotnes main\u0101s atkar\u012bb\u0101 no sasprindzin\u0101juma. Un tas v\u0113l pat neapskata bulg\u0101ru valodas darb\u012bbas v\u0101rdu loc\u012b\u0161anu! Tom\u0113r ne\u013caujiet tam j\u016bs p\u0101r\u0146emt. Ar praksi un paciet\u012bbu j\u016bs s\u0101ksiet atpaz\u012bt likumsakar\u012bbas un p\u0101rvar\u0113siet \u0161o izaicin\u0101jumu.<\/p>\n\n\n\n<h3 class=\"wp-block-heading\" id=\"h-the-finishing-touches-bulgarian-adjectives-adverbs-and-more\">Apdares piesk\u0101rieni: bulg\u0101ru \u012bpa\u0161\u012bbas v\u0101rdi, adverbi un citi<\/h3>\n\n\n\n<p>Run\u0101jot par bulg\u0101ru \u012bpa\u0161\u012bbas v\u0101rdiem un adverbiem, tiem ir iz\u0161\u0137iro\u0161a loma, lai j\u016bsu runai pievienotu dzi\u013cumu un sare\u017e\u0123\u012bt\u012bbu. Lietv\u0101rdu dzimtes zi\u0146\u0101 \u012bpa\u0161\u012bbas v\u0101rdiem ir j\u0101sakr\u012bt ar lietv\u0101rdiem, kurus tie p\u0101rveido, un parasti ir 3 formas &#8211; v\u012brie\u0161u, sievie\u0161u un vid\u0113j\u0101 dzimt\u0113.<\/p>\n\n\n\n<p>Piem\u0113ram, &#8220;\u0434\u043e\u0431\u044a\u0440&#8221; (dobur) noz\u012bm\u0113 &#8220;labs&#8221; un par\u0101d\u0101s k\u0101 &#8220;\u0434\u043e\u0431\u044a\u0440 \u043c\u0430\u0437h&#8221; (dobur mazh, &#8220;labs cilv\u0113ks&#8221;), &#8220;\u0434\u043e\u0431\u0440\u0430 \u0436\u0435\u043d\u0430&#8221; (laba sieviete, &#8220;laba sieviete&#8221;) un &#8220;\u0434\u043e\u0431\u0440\u043e \u0434\u0435\u0442\u0435&#8221; (dobro dete, &#8220;labs b\u0113rns&#8221;). Adverbiem ir l\u012bdz\u012bgi mode\u013ci, kas bie\u017ei ieg\u016bti no \u012bpa\u0161\u012bbas v\u0101rdiem.<\/p>\n\n\n\n<p>Nobeigum\u0101 var teikt, ka bulg\u0101ru valodas gramatikas nianses un d\u012bvain\u012bbas, lai gan t\u0101s ir sare\u017e\u0123\u012btas, pie\u0161\u0137ir valodai t\u0101s valdzino\u0161o skaistumu un raksturu. Izmantojot neatlaid\u012bbu, zin\u0101tk\u0101ri un praktisku pielietojumu, j\u016bs dr\u012bz vien ar vieglumu un p\u0101rliec\u012bbu apg\u016bsiet bulg\u0101ru valodas gramatiku. Priec\u012bgu m\u0101c\u012b\u0161anos!<\/p>\n<\/div><\/div>\n\r\n<section class=\"learnNavigationSection\">\r\n            \r\n        <a href=\"https:\/\/talkpal.ai\/lv\/uzziniet-bulgaru-valodu\/\">\r\n            <div class=\"learnNavigationWrapper\">\r\n                <div class=\"learnNavigationContent\">\r\n                    <img decoding=\"async\" src=\"https:\/\/talkpal.ai\/wp-content\/uploads\/2024\/08\/Bulgarian.jpg\" alt=\"Bulgarian Flag\">\r\n                    <div>\r\n                        <h4>Par bulg\u0101ru valodas apguvi<\/h4>\r\n                        <p>Uzziniet visu par bulg\u0101ru gramatiku.<\/p>\r\n                    <\/div>\r\n                <\/div>\r\n            <\/div>\r\n        <\/a>\r\n\r\n        \r\n        <a href=\"https:\/\/talkpal.ai\/lv\/bulgaru-valodas-gramatikas-vingrinajumi\/\">\r\n            <div class=\"learnNavigationWrapper\">\r\n                <div class=\"learnNavigationContent\">\r\n                    <img decoding=\"async\" src=\"https:\/\/talkpal.ai\/wp-content\/uploads\/2024\/08\/Bulgarian.jpg\" alt=\"Bulgarian Flag\">\r\n                    <div>\r\n                        <h4>Bulg\u0101ru valodas gramatikas vingrin\u0101jums<\/h4>\r\n                        <p>Praktiz\u0113jiet bulg\u0101ru gramatiku.<\/p>\r\n                    <\/div>\r\n                <\/div>\r\n            <\/div>\r\n        <\/a>\r\n\r\n        \r\n        <a href=\"https:\/\/talkpal.ai\/vocabulary_language\/bulgarian\/\">\r\n            <div class=\"learnNavigationWrapper\">\r\n                <div class=\"learnNavigationContent\">\r\n                    <img decoding=\"async\" src=\"https:\/\/talkpal.ai\/wp-content\/uploads\/2024\/08\/Bulgarian.jpg\" alt=\"Bulgarian Flag\">\r\n                    <div>\r\n                        <h4>Bulg\u0101ru valodas v\u0101rdn\u012bca<\/h4>\r\n                        <p>Papla\u0161iniet savu bulg\u0101ru valodas v\u0101rdu kr\u0101jumu.<\/p>\r\n                    <\/div>\r\n                <\/div>\r\n            <\/div>\r\n        <\/a>\r\n\r\n            <\/section>","protected":false},"excerpt":{"rendered":"<p>Gal\u012bgais bulg\u0101ru valodas gramatikas ce\u013cvedis: navig\u0101cija bag\u0101t\u012bgas valodas sare\u017e\u0123\u012bt\u012bb\u0101 Bulg\u0101ru gramatika, t\u0101pat k\u0101 pati valoda, ir aizraujo\u0161s vienk\u0101r\u0161\u012bbas, sare\u017e\u0123\u012bt\u012bbas un bag\u0101tas kult\u016bras v\u0113stures sajaukums. K\u0101 viena no vec\u0101kaj\u0101m sl\u0101vu valod\u0101m bulg\u0101ru valoda pied\u0101v\u0101 lingvistisku aizrau\u0161anos ar apguv\u0113jiem un izaicina pat visprasm\u012bg\u0101kos run\u0101t\u0101jus. \u0160aj\u0101 rokasgr\u0101mat\u0101 m\u0113s iepaz\u012bstin\u0101sim ar bulg\u0101ru valodas gramatikas pamatprincipiem, izskaidrosim t\u0101s sare\u017e\u0123\u012bt\u012bbu un [&hellip;]<\/p>\n","protected":false},"author":1,"featured_media":111123,"parent":0,"menu_order":0,"comment_status":"closed","ping_status":"closed","template":"LearningContentPage.php","meta":{"_acf_changed":false,"footnotes":""},"class_list":["post-141679","page","type-page","status-publish","has-post-thumbnail","hentry"],"acf":[],"yoast_head":"<!-- This site is optimized with the Yoast SEO Premium plugin v27.2 (Yoast SEO v27.2) - https:\/\/yoast.com\/product\/yoast-seo-premium-wordpress\/ -->\n<title>Bulg\u0101ru valodas gramatika - Talkpal<\/title>\n<meta name=\"description\" content=\"Izp\u0113tiet bulg\u0101ru valodas gramatikas pamatus, lai lab\u0101k izprastu valodu un uzlabotu sazi\u0146as prasmes.\" \/>\n<meta name=\"robots\" content=\"index, follow, max-snippet:-1, max-image-preview:large, max-video-preview:-1\" \/>\n<link rel=\"canonical\" href=\"https:\/\/talkpal.ai\/lv\/bulgaru-valodas-gramatika\/\" \/>\n<meta property=\"og:locale\" content=\"lv_LV\" \/>\n<meta property=\"og:type\" content=\"article\" \/>\n<meta property=\"og:title\" content=\"Bulg\u0101ru valodas gramatika\" \/>\n<meta property=\"og:description\" content=\"Gal\u012bgais bulg\u0101ru valodas gramatikas ce\u013cvedis: navig\u0101cija bag\u0101t\u012bgas valodas sare\u017e\u0123\u012bt\u012bb\u0101 Bulg\u0101ru gramatika, t\u0101pat k\u0101 pati valoda, ir aizraujo\u0161s\" \/>\n<meta property=\"og:url\" content=\"https:\/\/talkpal.ai\/lv\/bulgaru-valodas-gramatika\/\" \/>\n<meta property=\"og:site_name\" content=\"Talkpal\" \/>\n<meta property=\"article:publisher\" content=\"https:\/\/www.facebook.com\/profile.php?id=100090733639311\" \/>\n<meta property=\"article:modified_time\" content=\"2025-05-22T14:35:59+00:00\" \/>\n<meta property=\"og:image\" content=\"https:\/\/talkpal.ai\/wp-content\/uploads\/2023\/05\/bulgaria.png\" \/>\n\t<meta property=\"og:image:width\" content=\"512\" \/>\n\t<meta property=\"og:image:height\" content=\"512\" \/>\n\t<meta property=\"og:image:type\" content=\"image\/png\" \/>\n<meta name=\"twitter:card\" content=\"summary_large_image\" \/>\n<meta name=\"twitter:site\" content=\"@talkpalai\" \/>\n<meta name=\"twitter:label1\" content=\"Est. reading time\" \/>\n\t<meta name=\"twitter:data1\" content=\"4 minutes\" \/>\n<script type=\"application\/ld+json\" class=\"yoast-schema-graph\">{\"@context\":\"https:\/\/schema.org\",\"@graph\":[{\"@type\":\"WebPage\",\"@id\":\"https:\/\/talkpal.ai\/lv\/bulgaru-valodas-gramatika\/\",\"url\":\"https:\/\/talkpal.ai\/lv\/bulgaru-valodas-gramatika\/\",\"name\":\"Bulg\u0101ru valodas gramatika - Talkpal\",\"isPartOf\":{\"@id\":\"https:\/\/talkpal.ai\/lv\/#website\"},\"primaryImageOfPage\":{\"@id\":\"https:\/\/talkpal.ai\/lv\/bulgaru-valodas-gramatika\/#primaryimage\"},\"image\":{\"@id\":\"https:\/\/talkpal.ai\/lv\/bulgaru-valodas-gramatika\/#primaryimage\"},\"thumbnailUrl\":\"https:\/\/talkpal.ai\/wp-content\/uploads\/2023\/05\/bulgaria.png\",\"datePublished\":\"2023-05-14T14:00:39+00:00\",\"dateModified\":\"2025-05-22T14:35:59+00:00\",\"description\":\"Izp\u0113tiet bulg\u0101ru valodas gramatikas pamatus, lai lab\u0101k izprastu valodu un uzlabotu sazi\u0146as prasmes.\",\"breadcrumb\":{\"@id\":\"https:\/\/talkpal.ai\/lv\/bulgaru-valodas-gramatika\/#breadcrumb\"},\"inLanguage\":\"lv-LV\",\"potentialAction\":[{\"@type\":\"ReadAction\",\"target\":[\"https:\/\/talkpal.ai\/lv\/bulgaru-valodas-gramatika\/\"]}]},{\"@type\":\"ImageObject\",\"inLanguage\":\"lv-LV\",\"@id\":\"https:\/\/talkpal.ai\/lv\/bulgaru-valodas-gramatika\/#primaryimage\",\"url\":\"https:\/\/talkpal.ai\/wp-content\/uploads\/2023\/05\/bulgaria.png\",\"contentUrl\":\"https:\/\/talkpal.ai\/wp-content\/uploads\/2023\/05\/bulgaria.png\",\"width\":512,\"height\":512},{\"@type\":\"BreadcrumbList\",\"@id\":\"https:\/\/talkpal.ai\/lv\/bulgaru-valodas-gramatika\/#breadcrumb\",\"itemListElement\":[{\"@type\":\"ListItem\",\"position\":1,\"name\":\"Homepage\",\"item\":\"https:\/\/talkpal.ai\/lv\/\"},{\"@type\":\"ListItem\",\"position\":2,\"name\":\"Bulg\u0101ru valodas gramatika\"}]},{\"@type\":\"WebSite\",\"@id\":\"https:\/\/talkpal.ai\/lv\/#website\",\"url\":\"https:\/\/talkpal.ai\/lv\/\",\"name\":\"Talkpal\",\"description\":\"AI Language Learning\",\"publisher\":{\"@id\":\"https:\/\/talkpal.ai\/lv\/#organization\"},\"alternateName\":\"Talkpal AI\",\"potentialAction\":[{\"@type\":\"SearchAction\",\"target\":{\"@type\":\"EntryPoint\",\"urlTemplate\":\"https:\/\/talkpal.ai\/lv\/?s={search_term_string}\"},\"query-input\":{\"@type\":\"PropertyValueSpecification\",\"valueRequired\":true,\"valueName\":\"search_term_string\"}}],\"inLanguage\":\"lv-LV\"},{\"@type\":\"Organization\",\"@id\":\"https:\/\/talkpal.ai\/lv\/#organization\",\"name\":\"Talkpal, Inc.\",\"alternateName\":\"Talkpal AI\",\"url\":\"https:\/\/talkpal.ai\/lv\/\",\"logo\":{\"@type\":\"ImageObject\",\"inLanguage\":\"lv-LV\",\"@id\":\"https:\/\/talkpal.ai\/lv\/#\/schema\/logo\/image\/\",\"url\":\"https:\/\/talkpal.ai\/wp-content\/uploads\/2024\/03\/Talkpal-Logo-Icon.png\",\"contentUrl\":\"https:\/\/talkpal.ai\/wp-content\/uploads\/2024\/03\/Talkpal-Logo-Icon.png\",\"width\":2880,\"height\":2880,\"caption\":\"Talkpal, Inc.\"},\"image\":{\"@id\":\"https:\/\/talkpal.ai\/lv\/#\/schema\/logo\/image\/\"},\"sameAs\":[\"https:\/\/www.facebook.com\/profile.php?id=100090733639311\",\"https:\/\/x.com\/talkpalai\",\"https:\/\/www.linkedin.com\/company\/talkpal\/\",\"https:\/\/www.youtube.com\/@TalkPal\/\",\"https:\/\/www.tiktok.com\/@talkpal\",\"https:\/\/www.instagram.com\/talkpal_ai\/\",\"https:\/\/www.crunchbase.com\/organization\/talkpal-9cde\",\"https:\/\/www.g2.com\/products\/talkpal-for-business\/\",\"https:\/\/www.trustpilot.com\/review\/talkpal.ai\",\"https:\/\/www.capterra.com\/p\/10006800\/TalkPal\/\"],\"description\":\"Talkpal is a language learning web and mobile education app, powered by the latest AI technologies, that provides engaging experiences to its customers in many different languages to help them improve their language skills. Users can chat about unlimited amount of topics with the app and use other modes to practice their language learning.\",\"email\":\"support@talkpal.ai\",\"legalName\":\"Talkpal, Inc.\",\"foundingDate\":\"2023-04-03\",\"duns\":\"118989042\",\"numberOfEmployees\":{\"@type\":\"QuantitativeValue\",\"minValue\":\"11\",\"maxValue\":\"50\"},\"publishingPrinciples\":\"https:\/\/talkpal.ai\/publishing-principles\/\",\"actionableFeedbackPolicy\":\"https:\/\/talkpal.ai\/actionable-feedback-policy\/\",\"correctionsPolicy\":\"https:\/\/talkpal.ai\/corrections-policy\/\",\"ethicsPolicy\":\"https:\/\/talkpal.ai\/ethics-policy\/\",\"diversityPolicy\":\"https:\/\/talkpal.ai\/diversity-policy\/\",\"diversityStaffingReport\":\"https:\/\/talkpal.ai\/diversity-policy\/\"}]}<\/script>\n<!-- \/ Yoast SEO Premium plugin. -->","yoast_head_json":{"title":"Bulg\u0101ru valodas gramatika - Talkpal","description":"Izp\u0113tiet bulg\u0101ru valodas gramatikas pamatus, lai lab\u0101k izprastu valodu un uzlabotu sazi\u0146as prasmes.","robots":{"index":"index","follow":"follow","max-snippet":"max-snippet:-1","max-image-preview":"max-image-preview:large","max-video-preview":"max-video-preview:-1"},"canonical":"https:\/\/talkpal.ai\/lv\/bulgaru-valodas-gramatika\/","og_locale":"lv_LV","og_type":"article","og_title":"Bulg\u0101ru valodas gramatika","og_description":"Gal\u012bgais bulg\u0101ru valodas gramatikas ce\u013cvedis: navig\u0101cija bag\u0101t\u012bgas valodas sare\u017e\u0123\u012bt\u012bb\u0101 Bulg\u0101ru gramatika, t\u0101pat k\u0101 pati valoda, ir aizraujo\u0161s","og_url":"https:\/\/talkpal.ai\/lv\/bulgaru-valodas-gramatika\/","og_site_name":"Talkpal","article_publisher":"https:\/\/www.facebook.com\/profile.php?id=100090733639311","article_modified_time":"2025-05-22T14:35:59+00:00","og_image":[{"width":512,"height":512,"url":"https:\/\/talkpal.ai\/wp-content\/uploads\/2023\/05\/bulgaria.png","type":"image\/png"}],"twitter_card":"summary_large_image","twitter_site":"@talkpalai","twitter_misc":{"Est. reading time":"4 minutes"},"schema":{"@context":"https:\/\/schema.org","@graph":[{"@type":"WebPage","@id":"https:\/\/talkpal.ai\/lv\/bulgaru-valodas-gramatika\/","url":"https:\/\/talkpal.ai\/lv\/bulgaru-valodas-gramatika\/","name":"Bulg\u0101ru valodas gramatika - Talkpal","isPartOf":{"@id":"https:\/\/talkpal.ai\/lv\/#website"},"primaryImageOfPage":{"@id":"https:\/\/talkpal.ai\/lv\/bulgaru-valodas-gramatika\/#primaryimage"},"image":{"@id":"https:\/\/talkpal.ai\/lv\/bulgaru-valodas-gramatika\/#primaryimage"},"thumbnailUrl":"https:\/\/talkpal.ai\/wp-content\/uploads\/2023\/05\/bulgaria.png","datePublished":"2023-05-14T14:00:39+00:00","dateModified":"2025-05-22T14:35:59+00:00","description":"Izp\u0113tiet bulg\u0101ru valodas gramatikas pamatus, lai lab\u0101k izprastu valodu un uzlabotu sazi\u0146as prasmes.","breadcrumb":{"@id":"https:\/\/talkpal.ai\/lv\/bulgaru-valodas-gramatika\/#breadcrumb"},"inLanguage":"lv-LV","potentialAction":[{"@type":"ReadAction","target":["https:\/\/talkpal.ai\/lv\/bulgaru-valodas-gramatika\/"]}]},{"@type":"ImageObject","inLanguage":"lv-LV","@id":"https:\/\/talkpal.ai\/lv\/bulgaru-valodas-gramatika\/#primaryimage","url":"https:\/\/talkpal.ai\/wp-content\/uploads\/2023\/05\/bulgaria.png","contentUrl":"https:\/\/talkpal.ai\/wp-content\/uploads\/2023\/05\/bulgaria.png","width":512,"height":512},{"@type":"BreadcrumbList","@id":"https:\/\/talkpal.ai\/lv\/bulgaru-valodas-gramatika\/#breadcrumb","itemListElement":[{"@type":"ListItem","position":1,"name":"Homepage","item":"https:\/\/talkpal.ai\/lv\/"},{"@type":"ListItem","position":2,"name":"Bulg\u0101ru valodas gramatika"}]},{"@type":"WebSite","@id":"https:\/\/talkpal.ai\/lv\/#website","url":"https:\/\/talkpal.ai\/lv\/","name":"Talkpal","description":"AI Language Learning","publisher":{"@id":"https:\/\/talkpal.ai\/lv\/#organization"},"alternateName":"Talkpal AI","potentialAction":[{"@type":"SearchAction","target":{"@type":"EntryPoint","urlTemplate":"https:\/\/talkpal.ai\/lv\/?s={search_term_string}"},"query-input":{"@type":"PropertyValueSpecification","valueRequired":true,"valueName":"search_term_string"}}],"inLanguage":"lv-LV"},{"@type":"Organization","@id":"https:\/\/talkpal.ai\/lv\/#organization","name":"Talkpal, Inc.","alternateName":"Talkpal AI","url":"https:\/\/talkpal.ai\/lv\/","logo":{"@type":"ImageObject","inLanguage":"lv-LV","@id":"https:\/\/talkpal.ai\/lv\/#\/schema\/logo\/image\/","url":"https:\/\/talkpal.ai\/wp-content\/uploads\/2024\/03\/Talkpal-Logo-Icon.png","contentUrl":"https:\/\/talkpal.ai\/wp-content\/uploads\/2024\/03\/Talkpal-Logo-Icon.png","width":2880,"height":2880,"caption":"Talkpal, Inc."},"image":{"@id":"https:\/\/talkpal.ai\/lv\/#\/schema\/logo\/image\/"},"sameAs":["https:\/\/www.facebook.com\/profile.php?id=100090733639311","https:\/\/x.com\/talkpalai","https:\/\/www.linkedin.com\/company\/talkpal\/","https:\/\/www.youtube.com\/@TalkPal\/","https:\/\/www.tiktok.com\/@talkpal","https:\/\/www.instagram.com\/talkpal_ai\/","https:\/\/www.crunchbase.com\/organization\/talkpal-9cde","https:\/\/www.g2.com\/products\/talkpal-for-business\/","https:\/\/www.trustpilot.com\/review\/talkpal.ai","https:\/\/www.capterra.com\/p\/10006800\/TalkPal\/"],"description":"Talkpal is a language learning web and mobile education app, powered by the latest AI technologies, that provides engaging experiences to its customers in many different languages to help them improve their language skills. Users can chat about unlimited amount of topics with the app and use other modes to practice their language learning.","email":"support@talkpal.ai","legalName":"Talkpal, Inc.","foundingDate":"2023-04-03","duns":"118989042","numberOfEmployees":{"@type":"QuantitativeValue","minValue":"11","maxValue":"50"},"publishingPrinciples":"https:\/\/talkpal.ai\/publishing-principles\/","actionableFeedbackPolicy":"https:\/\/talkpal.ai\/actionable-feedback-policy\/","correctionsPolicy":"https:\/\/talkpal.ai\/corrections-policy\/","ethicsPolicy":"https:\/\/talkpal.ai\/ethics-policy\/","diversityPolicy":"https:\/\/talkpal.ai\/diversity-policy\/","diversityStaffingReport":"https:\/\/talkpal.ai\/diversity-policy\/"}]}},"_links":{"self":[{"href":"https:\/\/talkpal.ai\/lv\/wp-json\/wp\/v2\/pages\/141679","targetHints":{"allow":["GET"]}}],"collection":[{"href":"https:\/\/talkpal.ai\/lv\/wp-json\/wp\/v2\/pages"}],"about":[{"href":"https:\/\/talkpal.ai\/lv\/wp-json\/wp\/v2\/types\/page"}],"author":[{"embeddable":true,"href":"https:\/\/talkpal.ai\/lv\/wp-json\/wp\/v2\/users\/1"}],"replies":[{"embeddable":true,"href":"https:\/\/talkpal.ai\/lv\/wp-json\/wp\/v2\/comments?post=141679"}],"version-history":[{"count":0,"href":"https:\/\/talkpal.ai\/lv\/wp-json\/wp\/v2\/pages\/141679\/revisions"}],"wp:featuredmedia":[{"embeddable":true,"href":"https:\/\/talkpal.ai\/lv\/wp-json\/wp\/v2\/media\/111123"}],"wp:attachment":[{"href":"https:\/\/talkpal.ai\/lv\/wp-json\/wp\/v2\/media?parent=141679"}],"curies":[{"name":"wp","href":"https:\/\/api.w.org\/{rel}","templated":true}]}}