{"id":141352,"date":"2023-05-14T14:00:03","date_gmt":"2023-05-14T14:00:03","guid":{"rendered":"http:\/\/talkpal.ai\/bosniesu-gramatika\/"},"modified":"2025-05-22T14:41:11","modified_gmt":"2025-05-22T14:41:11","slug":"bosniesu-gramatika","status":"publish","type":"page","link":"https:\/\/talkpal.ai\/lv\/bosniesu-gramatika\/","title":{"rendered":"Bosnie\u0161u gramatika"},"content":{"rendered":"\r\n\r\n\r\n<section class=\"languageChallengeSection\">\r\n    <div class=\"languageInfoWrapper\">\r\n        \r\n        <h1>Bosnie\u0161u gramatika<\/h1>\r\n        <p>Atkl\u0101jiet bag\u0101to un izteiksm\u012bgo <a href=\"https:\/\/talkpal.ai\/learn-bosnian\/\">bosnie\u0161u<\/a> <a href=\"https:\/\/talkpal.ai\/what-language-is-spoken-on-the-international-space-station\/\">valodas<\/a> pasauli, apg\u016bstot t\u0101s gramatikas pamatus. Labas <a href=\"https:\/\/talkpal.ai\/learn-bosnian\/\">bosnie\u0161u<\/a> valodas gramatikas zin\u0101\u0161anas pal\u012bdz\u0113s jums p\u0101rliecino\u0161i sazin\u0101ties un lab\u0101k nov\u0113rt\u0113t kult\u016bru. S\u0101ciet m\u0101c\u012bties bosnie\u0161u valodas gramatiku jau \u0161odien un speriet pirmo soli ce\u013c\u0101 uz valodas zin\u0101\u0161anu apguvi!<\/p>\r\n\r\n                            <a class=\"getStartedHidden\" href=\"https:\/\/app.talkpal.ai\/lv\/signup?lng=\">S\u0101c<\/a>\r\n        \r\n    <\/div>\r\n\r\n    <figure>\r\n    <img decoding=\"async\" width=\"768\" height=\"768\" src=\"https:\/\/talkpal.ai\/wp-content\/uploads\/2023\/06\/bosinian-768x768.png\" class=\"languageImage no-lazy\" alt=\"Language learning for increasing employability\" fetchpriority=\"high\" sizes=\"(max-width: 768px) 150px, 768px\" srcset=\"https:\/\/talkpal.ai\/wp-content\/uploads\/2023\/06\/bosinian-768x768.png 768w, https:\/\/talkpal.ai\/wp-content\/uploads\/2023\/06\/bosinian-300x300.png 300w\" \/>\r\n    \r\n\r\n    <\/figure>\r\n\r\n            <a class=\"getStartedVisible\" href=\"https:\/\/app.talkpal.ai\/lv\/signup?lng=\">S\u0101c<\/a>\r\n    \r\n<\/section>\r\n<section class=\"promotionalBanner\">\r\n    <p class=\"promotionalText\">Visefekt\u012bv\u0101kais <a href=\"https:\/\/talkpal.ai\/best-way-to-learn\/\">veids<\/a>, k\u0101 apg\u016bt valodu<\/p>\r\n    <a class=\"promotionalLink\" href=\"https:\/\/app.talkpal.ai\/lv\/signup?lng=\">Izm\u0113\u0123iniet Talkpal bez maksas<\/a>\r\n<\/section>\n<div class=\"wp-block-group pageContainerStyle\"><div class=\"wp-block-group__inner-container is-layout-constrained wp-block-group-is-layout-constrained\">\n<h2 class=\"wp-block-heading\" id=\"h-bosnian-grammar-a-guide-to-understanding-its-unique-features\">Bosnie\u0161u gramatika: ce\u013cvedis, lai izprastu t\u0101s unik\u0101l\u0101s iez\u012bmes<\/h2>\n\n\n\n<p>Vai j\u016bs m\u0101c\u0101ties bosnie\u0161u valodu un nesaprotat valodas gramatiku? Nebaidies! \u0160aj\u0101 rakst\u0101 m\u0113s iedzi\u013cin\u0101simies bosnie\u0161u valodas gramatikas nosl\u0113pumos un pal\u012bdz\u0113sim jums izprast t\u0101s unik\u0101l\u0101s iez\u012bmes, vienlaikus saglab\u0101jot to vienk\u0101r\u0161u un saisto\u0161u. Vai esat gatavs doties \u0161aj\u0101 aizraujo\u0161aj\u0101 lingvistiskaj\u0101 ce\u013cojum\u0101? S\u0101ksim!<\/p>\n\n\n\n<h3 class=\"wp-block-heading\" id=\"h-the-fundamentals-nouns-and-pronouns\">Pamati: lietv\u0101rdi un vietniekv\u0101rdi<\/h3>\n\n\n\n<p>Vispirms ir svar\u012bgi zin\u0101t, ka bosnie\u0161u valod\u0101, t\u0101pat k\u0101 cit\u0101s sl\u0101vu valod\u0101s, ir tr\u012bs gramatiskie dzimumi: v\u012brie\u0161u, sievie\u0161u un bezdzimtes. K\u0101 j\u016bs varat pateikt, kuram dzimumam lietv\u0101rds pieder? Tas ir vienk\u0101r\u0161i! Viss ir atkar\u012bgs no nobeiguma. L\u016bk, \u012bss ce\u013cvedis:<\/p>\n\n\n\n<p><strong>&#8211; V\u012brie\u0161u dzimtes lietv\u0101rdi parasti beidzas ar l\u012bdzska\u0146u,<\/strong><\/p>\n\n\n\n<p><strong>&#8211; Sievie\u0161u dzimtes lietv\u0101rdi parasti beidzas ar -a,<\/strong><\/p>\n\n\n\n<p><strong>&#8211; Vietniekv\u0101rdi dzimt\u0101 noz\u012bm\u0113 visbie\u017e\u0101k beidzas ar galotni -o vai -e.<\/strong><\/p>\n\n\n\n<p>Paturiet pr\u0101t\u0101, ka \u0161ie ir visp\u0101r\u012bgi noteikumi, un var b\u016bt iz\u0146\u0113mumi. Tagad parun\u0101sim par vietniekv\u0101rdiem. Personas vietniekv\u0101rdi bosnie\u0161u valod\u0101 main\u0101s atkar\u012bb\u0101 no lietv\u0101rda dzimtes, skait\u013ca (vienskait\u013ca vai daudzskait\u013ca) un p\u0101des (par p\u0101diem v\u0113l\u0101k). Bosnie\u0161u valod\u0101 ir septi\u0146i personv\u0101rdi: ja (I), ti (tu, vienskaitlis\/neform\u0101ls), on (vi\u0146\u0161), ona (vi\u0146a), <a href=\"https:\/\/talkpal.ai\/locations\/language-courses-in-ono\/\">ono<\/a> (it), mi (m\u0113s) un vi (tu, daudzskaitlis\/form\u0101ls). Atcerieties, ka bosnie\u0161u valodai ir gan neform\u0101ls, gan form\u0101ls veids, k\u0101 uzrun\u0101t cilv\u0113kus \u2013 t\u0101p\u0113c, run\u0101jot ar k\u0101du, noteikti izmantojiet pareizo vietniekv\u0101rdu!<\/p>\n\n\n\n<h3 class=\"wp-block-heading\" id=\"h-next-up-verb-conjugation\">N\u0101kamais: darb\u012bbas v\u0101rdu konjug\u0101cija<\/h3>\n\n\n\n<p>Darb\u012bbas v\u0101rdi ir jebkuras valodas mugurkauls, un bosnie\u0161u valoda neat\u0161\u0137iras. Bosnie\u0161u darb\u012bbas v\u0101rdiem ir divi galvenie konjug\u0101cijas mode\u013ci: viens darb\u012bbas v\u0101rdiem, kas beidzas ar -ti (pirm\u0101 konjug\u0101cija), un otrs tiem, kas beidzas ar -\u0107i (otr\u0101 konjug\u0101cija). Abos gad\u012bjumos darb\u012bbas v\u0101rda galotnes main\u0101s atkar\u012bb\u0101 no temata dzimtes, skait\u013ca un laika.<\/p>\n\n\n\n<p>Run\u0101jot par sasprindzin\u0101jumu, bosnie\u0161u valodai ir tr\u012bs vienk\u0101r\u0161i laiki: tagadne, pag\u0101tne un n\u0101kotne. Pa\u0161reiz\u0113jais sasprindzin\u0101jums veidojas, darb\u012bbas v\u0101rda k\u0101tam pievienojot \u012bpa\u0161as galotnes. Savuk\u0101rt pag\u0101tnes laiku veido, izmantojot pal\u012bgdarb\u012bbas v\u0101rda &#8220;biti&#8221; (b\u016bt) nenoteiksmes formu &#8220;bio&#8221; un pag\u0101tnes divdabja formu. Visbeidzot, n\u0101kotnes laiku veido, kombin\u0113jot pal\u012bgdarb\u012bbas v\u0101rdu &#8220;htjeti&#8221; (b\u016bs) un galven\u0101 darb\u012bbas v\u0101rda nenoteiksmes formu.<\/p>\n\n\n\n<h3 class=\"wp-block-heading\" id=\"h-the-magic-of-cases\">Lietu burv\u012bba<\/h3>\n\n\n\n<p>Bosnie\u0161u gramatik\u0101 tiek izmantota lietu sist\u0113ma, kas noz\u012bm\u0113, ka lietv\u0101rdi, vietniekv\u0101rdi, \u012bpa\u0161\u012bbas v\u0101rdi un da\u017ereiz pat darb\u012bbas v\u0101rdi maina savas formas atbilsto\u0161i to funkcijai teikum\u0101. Bosnie\u0161u valod\u0101 ir septi\u0146i gad\u012bjumi: nominat\u012bvs, \u0123enit\u012bvs, dat\u012bvs, akuzat\u012bvs, vokat\u012bvs, instrument\u0101ls un lokat\u012bvs.<\/p>\n\n\n\n<p>Ne\u013caujiet \u0161iem terminiem j\u016bs iebied\u0113t! Tas ir tikai prakses jaut\u0101jums. Katrs gad\u012bjums kalpo noteiktam m\u0113r\u0137im un atbild uz konkr\u0113tiem jaut\u0101jumiem:<\/p>\n\n\n\n<p><strong>1. Nominat\u012bvs:<\/strong> Teikuma priek\u0161mets. Kas vai kas veic darb\u012bbu?<\/p>\n\n\n\n<p><strong>2. \u0122enit\u012bvs:<\/strong> nor\u0101da uz vald\u012bjumu, izcelsmi vai kaut k\u0101 da\u013cu. Kur\u0161 vai no k\u0101?<\/p>\n\n\n\n<p><strong>3. Dative:<\/strong> Netie\u0161ais objekts \u2013 kam vai kam kaut kas tiek dots vai dar\u012bts?<\/p>\n\n\n\n<p><strong>4. Akuzat\u012bvs:<\/strong> Tie\u0161ais objekts \u2013 kas vai kas sa\u0146em darb\u012bbu?<\/p>\n\n\n\n<p><strong>5. Aicin\u0101jums:<\/strong> Izmanto, lai uzrun\u0101tu k\u0101du vai kaut ko tie\u0161i \u2013 Hei, tu!<\/p>\n\n\n\n<p><strong>6. Instrument\u0101ls:<\/strong> Att\u0113lo darb\u012bbas l\u012bdzek\u013cus vai metodi \u2013 ar ko vai ar ko?<\/p>\n\n\n\n<p><strong>7. Lokat\u012bvs:<\/strong> Par\u0101da kaut k\u0101 atra\u0161an\u0101s vietu vai atra\u0161an\u0101s vietu \u2013 kur vai k\u0101d\u0101?<\/p>\n\n\n\n<h3 class=\"wp-block-heading\" id=\"h-loving-the-adjectives\">M\u012blest\u012bba pret \u012bpa\u0161\u012bbas v\u0101rdiem<\/h3>\n\n\n\n<p>\u012apa\u0161\u012bbas v\u0101rdi bosnie\u0161u valod\u0101 piekr\u012bt lietv\u0101rdam, ko tie maina dzimuma, skaita un gad\u012bjuma zi\u0146\u0101. Tas noz\u012bm\u0113, ka \u012bpa\u0161\u012bbas v\u0101rdiem, t\u0101pat k\u0101 lietv\u0101rdiem un vietniekv\u0101rdiem, ir da\u017e\u0101das formas atkar\u012bb\u0101 no lietv\u0101rda, ko tie apraksta.<\/p>\n\n\n\n<p>Piem\u0113ram, ja v\u0113laties bosnie\u0161u valod\u0101 pateikt &#8220;liela m\u0101ja&#8221; (kas ir sievie\u0161u dzimtes lietv\u0101rds), j\u016bs teiksiet &#8220;velika ku\u0107a&#8221;. Tom\u0113r, ja j\u016bs run\u0101jat par &#8220;lielu automa\u0161\u012bnu&#8221; (v\u012brie\u0161u dzimtes lietv\u0101rds), j\u016bs teiktu &#8220;veliki auto&#8221;.<\/p>\n\n\n\n<h3 class=\"wp-block-heading\" id=\"h-final-thoughts\">P\u0113d\u0113j\u0101s domas<\/h3>\n\n\n\n<p>Bosnie\u0161u <a href=\"https:\/\/talkpal.ai\/sq\/gramatika\/\">gramatika<\/a> ar t\u0101s dzimumu, gad\u012bjumiem un darb\u012bbas v\u0101rdu konjug\u0101ciju s\u0101kotn\u0113ji var \u0161\u0137ist sare\u017e\u0123\u012bta, ta\u010du atcerieties: prakse padara perfektu! Galvenais ir izprast sist\u0113mu un izmantot to re\u0101l\u0101s dz\u012bves situ\u0101cij\u0101s. Esiet paciet\u012bgi, turpiniet vingrin\u0101ties, un pavisam dr\u012bz j\u016bs apg\u016bsiet \u0161o skaisto Bosnijas valodu. Sretno! (Veiksmi!)<\/p>\n<\/div><\/div>\n\r\n<section class=\"learnNavigationSection\">\r\n            \r\n        <a href=\"https:\/\/talkpal.ai\/lv\/uzziniet-bosniesu-valodu\/\">\r\n            <div class=\"learnNavigationWrapper\">\r\n                <div class=\"learnNavigationContent\">\r\n                    <img decoding=\"async\" src=\"https:\/\/talkpal.ai\/wp-content\/uploads\/2024\/08\/Bosnian.jpg\" alt=\"Bosnian Flag\">\r\n                    <div>\r\n                        <h4>Par bosnie\u0161u valodas apguvi<\/h4>\r\n                        <p>Uzziniet visu par bosnie\u0161u gramatiku.<\/p>\r\n                    <\/div>\r\n                <\/div>\r\n            <\/div>\r\n        <\/a>\r\n\r\n        \r\n        <a href=\"https:\/\/talkpal.ai\/lv\/bosniesu-gramatikas-vingrinajumi\/\">\r\n            <div class=\"learnNavigationWrapper\">\r\n                <div class=\"learnNavigationContent\">\r\n                    <img decoding=\"async\" src=\"https:\/\/talkpal.ai\/wp-content\/uploads\/2024\/08\/Bosnian.jpg\" alt=\"Bosnian Flag\">\r\n                    <div>\r\n                        <h4>Bosnie\u0161u valodas gramatikas vingrin\u0101jums<\/h4>\r\n                        <p>Praktiz\u0113jiet bosnie\u0161u gramatiku.<\/p>\r\n                    <\/div>\r\n                <\/div>\r\n            <\/div>\r\n        <\/a>\r\n\r\n        \r\n        <a href=\"https:\/\/talkpal.ai\/vocabulary_language\/bosnian\/\">\r\n            <div class=\"learnNavigationWrapper\">\r\n                <div class=\"learnNavigationContent\">\r\n                    <img decoding=\"async\" src=\"https:\/\/talkpal.ai\/wp-content\/uploads\/2024\/08\/Bosnian.jpg\" alt=\"Bosnian Flag\">\r\n                    <div>\r\n                        <h4>Bosnie\u0161u valodas v\u0101rdn\u012bca<\/h4>\r\n                        <p>Papla\u0161iniet savu bosnie\u0161u valodas v\u0101rdu kr\u0101jumu.<\/p>\r\n                    <\/div>\r\n                <\/div>\r\n            <\/div>\r\n        <\/a>\r\n\r\n            <\/section>","protected":false},"excerpt":{"rendered":"<p>Bosnie\u0161u gramatika: ce\u013cvedis, lai izprastu t\u0101s unik\u0101l\u0101s iez\u012bmes Vai j\u016bs m\u0101c\u0101ties bosnie\u0161u valodu un nesaprotat valodas gramatiku? Nebaidies! \u0160aj\u0101 rakst\u0101 m\u0113s iedzi\u013cin\u0101simies bosnie\u0161u valodas gramatikas nosl\u0113pumos un pal\u012bdz\u0113sim jums izprast t\u0101s unik\u0101l\u0101s iez\u012bmes, vienlaikus saglab\u0101jot to vienk\u0101r\u0161u un saisto\u0161u. Vai esat gatavs doties \u0161aj\u0101 aizraujo\u0161aj\u0101 lingvistiskaj\u0101 ce\u013cojum\u0101? S\u0101ksim! Pamati: lietv\u0101rdi un vietniekv\u0101rdi Vispirms ir svar\u012bgi [&hellip;]<\/p>\n","protected":false},"author":1,"featured_media":111317,"parent":0,"menu_order":0,"comment_status":"closed","ping_status":"closed","template":"LearningContentPage.php","meta":{"_acf_changed":false,"footnotes":""},"class_list":["post-141352","page","type-page","status-publish","has-post-thumbnail","hentry"],"acf":[],"yoast_head":"<!-- This site is optimized with the Yoast SEO Premium plugin v27.2 (Yoast SEO v27.2) - https:\/\/yoast.com\/product\/yoast-seo-premium-wordpress\/ -->\n<title>Bosnie\u0161u gramatika - Talkpal<\/title>\n<meta name=\"description\" content=\"Apg\u016bstiet bosnie\u0161u valodas gramatiku bez piep\u016bles ar Talkpal, ar m\u0101ksl\u012bg\u0101 intelekta darbin\u0101mu valodas skolot\u0101ju. Atkl\u0101jiet vienk\u0101r\u0161us skaidrojumus, praktiskus padomus un interakt\u012bvus uzdevumus!\" \/>\n<meta name=\"robots\" content=\"index, follow, max-snippet:-1, max-image-preview:large, max-video-preview:-1\" \/>\n<link rel=\"canonical\" href=\"https:\/\/talkpal.ai\/lv\/bosniesu-gramatika\/\" \/>\n<meta property=\"og:locale\" content=\"lv_LV\" \/>\n<meta property=\"og:type\" content=\"article\" \/>\n<meta property=\"og:title\" content=\"Bosnie\u0161u gramatika\" \/>\n<meta property=\"og:description\" content=\"Bosnie\u0161u gramatika: ce\u013cvedis, lai izprastu t\u0101s unik\u0101l\u0101s iez\u012bmes Vai j\u016bs m\u0101c\u0101ties bosnie\u0161u valodu un nesaprotat valodas gramatiku? Nebaidies! \u0160aj\u0101 rakst\u0101\" \/>\n<meta property=\"og:url\" content=\"https:\/\/talkpal.ai\/lv\/bosniesu-gramatika\/\" \/>\n<meta property=\"og:site_name\" content=\"Talkpal\" \/>\n<meta property=\"article:publisher\" content=\"https:\/\/www.facebook.com\/profile.php?id=100090733639311\" \/>\n<meta property=\"article:modified_time\" content=\"2025-05-22T14:41:11+00:00\" \/>\n<meta property=\"og:image\" content=\"https:\/\/talkpal.ai\/wp-content\/uploads\/2023\/05\/bosnia-and-herzegovina.png\" \/>\n\t<meta property=\"og:image:width\" content=\"512\" \/>\n\t<meta property=\"og:image:height\" content=\"512\" \/>\n\t<meta property=\"og:image:type\" content=\"image\/png\" \/>\n<meta name=\"twitter:card\" content=\"summary_large_image\" \/>\n<meta name=\"twitter:site\" content=\"@talkpalai\" \/>\n<meta name=\"twitter:label1\" content=\"Est. reading time\" \/>\n\t<meta name=\"twitter:data1\" content=\"4 minutes\" \/>\n<script type=\"application\/ld+json\" class=\"yoast-schema-graph\">{\"@context\":\"https:\/\/schema.org\",\"@graph\":[{\"@type\":\"WebPage\",\"@id\":\"https:\/\/talkpal.ai\/lv\/bosniesu-gramatika\/\",\"url\":\"https:\/\/talkpal.ai\/lv\/bosniesu-gramatika\/\",\"name\":\"Bosnie\u0161u gramatika - Talkpal\",\"isPartOf\":{\"@id\":\"https:\/\/talkpal.ai\/lv\/#website\"},\"primaryImageOfPage\":{\"@id\":\"https:\/\/talkpal.ai\/lv\/bosniesu-gramatika\/#primaryimage\"},\"image\":{\"@id\":\"https:\/\/talkpal.ai\/lv\/bosniesu-gramatika\/#primaryimage\"},\"thumbnailUrl\":\"https:\/\/talkpal.ai\/wp-content\/uploads\/2023\/05\/bosnia-and-herzegovina.png\",\"datePublished\":\"2023-05-14T14:00:03+00:00\",\"dateModified\":\"2025-05-22T14:41:11+00:00\",\"description\":\"Apg\u016bstiet bosnie\u0161u valodas gramatiku bez piep\u016bles ar Talkpal, ar m\u0101ksl\u012bg\u0101 intelekta darbin\u0101mu valodas skolot\u0101ju. Atkl\u0101jiet vienk\u0101r\u0161us skaidrojumus, praktiskus padomus un interakt\u012bvus uzdevumus!\",\"breadcrumb\":{\"@id\":\"https:\/\/talkpal.ai\/lv\/bosniesu-gramatika\/#breadcrumb\"},\"inLanguage\":\"lv-LV\",\"potentialAction\":[{\"@type\":\"ReadAction\",\"target\":[\"https:\/\/talkpal.ai\/lv\/bosniesu-gramatika\/\"]}]},{\"@type\":\"ImageObject\",\"inLanguage\":\"lv-LV\",\"@id\":\"https:\/\/talkpal.ai\/lv\/bosniesu-gramatika\/#primaryimage\",\"url\":\"https:\/\/talkpal.ai\/wp-content\/uploads\/2023\/05\/bosnia-and-herzegovina.png\",\"contentUrl\":\"https:\/\/talkpal.ai\/wp-content\/uploads\/2023\/05\/bosnia-and-herzegovina.png\",\"width\":512,\"height\":512},{\"@type\":\"BreadcrumbList\",\"@id\":\"https:\/\/talkpal.ai\/lv\/bosniesu-gramatika\/#breadcrumb\",\"itemListElement\":[{\"@type\":\"ListItem\",\"position\":1,\"name\":\"Homepage\",\"item\":\"https:\/\/talkpal.ai\/lv\/\"},{\"@type\":\"ListItem\",\"position\":2,\"name\":\"Bosnie\u0161u gramatika\"}]},{\"@type\":\"WebSite\",\"@id\":\"https:\/\/talkpal.ai\/lv\/#website\",\"url\":\"https:\/\/talkpal.ai\/lv\/\",\"name\":\"Talkpal\",\"description\":\"AI Language Learning\",\"publisher\":{\"@id\":\"https:\/\/talkpal.ai\/lv\/#organization\"},\"alternateName\":\"Talkpal AI\",\"potentialAction\":[{\"@type\":\"SearchAction\",\"target\":{\"@type\":\"EntryPoint\",\"urlTemplate\":\"https:\/\/talkpal.ai\/lv\/?s={search_term_string}\"},\"query-input\":{\"@type\":\"PropertyValueSpecification\",\"valueRequired\":true,\"valueName\":\"search_term_string\"}}],\"inLanguage\":\"lv-LV\"},{\"@type\":\"Organization\",\"@id\":\"https:\/\/talkpal.ai\/lv\/#organization\",\"name\":\"Talkpal, Inc.\",\"alternateName\":\"Talkpal AI\",\"url\":\"https:\/\/talkpal.ai\/lv\/\",\"logo\":{\"@type\":\"ImageObject\",\"inLanguage\":\"lv-LV\",\"@id\":\"https:\/\/talkpal.ai\/lv\/#\/schema\/logo\/image\/\",\"url\":\"https:\/\/talkpal.ai\/wp-content\/uploads\/2024\/03\/Talkpal-Logo-Icon.png\",\"contentUrl\":\"https:\/\/talkpal.ai\/wp-content\/uploads\/2024\/03\/Talkpal-Logo-Icon.png\",\"width\":2880,\"height\":2880,\"caption\":\"Talkpal, Inc.\"},\"image\":{\"@id\":\"https:\/\/talkpal.ai\/lv\/#\/schema\/logo\/image\/\"},\"sameAs\":[\"https:\/\/www.facebook.com\/profile.php?id=100090733639311\",\"https:\/\/x.com\/talkpalai\",\"https:\/\/www.linkedin.com\/company\/talkpal\/\",\"https:\/\/www.youtube.com\/@TalkPal\/\",\"https:\/\/www.tiktok.com\/@talkpal\",\"https:\/\/www.instagram.com\/talkpal_ai\/\",\"https:\/\/www.crunchbase.com\/organization\/talkpal-9cde\",\"https:\/\/www.g2.com\/products\/talkpal-for-business\/\",\"https:\/\/www.trustpilot.com\/review\/talkpal.ai\",\"https:\/\/www.capterra.com\/p\/10006800\/TalkPal\/\"],\"description\":\"Talkpal is a language learning web and mobile education app, powered by the latest AI technologies, that provides engaging experiences to its customers in many different languages to help them improve their language skills. Users can chat about unlimited amount of topics with the app and use other modes to practice their language learning.\",\"email\":\"support@talkpal.ai\",\"legalName\":\"Talkpal, Inc.\",\"foundingDate\":\"2023-04-03\",\"duns\":\"118989042\",\"numberOfEmployees\":{\"@type\":\"QuantitativeValue\",\"minValue\":\"11\",\"maxValue\":\"50\"},\"publishingPrinciples\":\"https:\/\/talkpal.ai\/publishing-principles\/\",\"actionableFeedbackPolicy\":\"https:\/\/talkpal.ai\/actionable-feedback-policy\/\",\"correctionsPolicy\":\"https:\/\/talkpal.ai\/corrections-policy\/\",\"ethicsPolicy\":\"https:\/\/talkpal.ai\/ethics-policy\/\",\"diversityPolicy\":\"https:\/\/talkpal.ai\/diversity-policy\/\",\"diversityStaffingReport\":\"https:\/\/talkpal.ai\/diversity-policy\/\"}]}<\/script>\n<!-- \/ Yoast SEO Premium plugin. -->","yoast_head_json":{"title":"Bosnie\u0161u gramatika - Talkpal","description":"Apg\u016bstiet bosnie\u0161u valodas gramatiku bez piep\u016bles ar Talkpal, ar m\u0101ksl\u012bg\u0101 intelekta darbin\u0101mu valodas skolot\u0101ju. Atkl\u0101jiet vienk\u0101r\u0161us skaidrojumus, praktiskus padomus un interakt\u012bvus uzdevumus!","robots":{"index":"index","follow":"follow","max-snippet":"max-snippet:-1","max-image-preview":"max-image-preview:large","max-video-preview":"max-video-preview:-1"},"canonical":"https:\/\/talkpal.ai\/lv\/bosniesu-gramatika\/","og_locale":"lv_LV","og_type":"article","og_title":"Bosnie\u0161u gramatika","og_description":"Bosnie\u0161u gramatika: ce\u013cvedis, lai izprastu t\u0101s unik\u0101l\u0101s iez\u012bmes Vai j\u016bs m\u0101c\u0101ties bosnie\u0161u valodu un nesaprotat valodas gramatiku? Nebaidies! \u0160aj\u0101 rakst\u0101","og_url":"https:\/\/talkpal.ai\/lv\/bosniesu-gramatika\/","og_site_name":"Talkpal","article_publisher":"https:\/\/www.facebook.com\/profile.php?id=100090733639311","article_modified_time":"2025-05-22T14:41:11+00:00","og_image":[{"width":512,"height":512,"url":"https:\/\/talkpal.ai\/wp-content\/uploads\/2023\/05\/bosnia-and-herzegovina.png","type":"image\/png"}],"twitter_card":"summary_large_image","twitter_site":"@talkpalai","twitter_misc":{"Est. reading time":"4 minutes"},"schema":{"@context":"https:\/\/schema.org","@graph":[{"@type":"WebPage","@id":"https:\/\/talkpal.ai\/lv\/bosniesu-gramatika\/","url":"https:\/\/talkpal.ai\/lv\/bosniesu-gramatika\/","name":"Bosnie\u0161u gramatika - Talkpal","isPartOf":{"@id":"https:\/\/talkpal.ai\/lv\/#website"},"primaryImageOfPage":{"@id":"https:\/\/talkpal.ai\/lv\/bosniesu-gramatika\/#primaryimage"},"image":{"@id":"https:\/\/talkpal.ai\/lv\/bosniesu-gramatika\/#primaryimage"},"thumbnailUrl":"https:\/\/talkpal.ai\/wp-content\/uploads\/2023\/05\/bosnia-and-herzegovina.png","datePublished":"2023-05-14T14:00:03+00:00","dateModified":"2025-05-22T14:41:11+00:00","description":"Apg\u016bstiet bosnie\u0161u valodas gramatiku bez piep\u016bles ar Talkpal, ar m\u0101ksl\u012bg\u0101 intelekta darbin\u0101mu valodas skolot\u0101ju. Atkl\u0101jiet vienk\u0101r\u0161us skaidrojumus, praktiskus padomus un interakt\u012bvus uzdevumus!","breadcrumb":{"@id":"https:\/\/talkpal.ai\/lv\/bosniesu-gramatika\/#breadcrumb"},"inLanguage":"lv-LV","potentialAction":[{"@type":"ReadAction","target":["https:\/\/talkpal.ai\/lv\/bosniesu-gramatika\/"]}]},{"@type":"ImageObject","inLanguage":"lv-LV","@id":"https:\/\/talkpal.ai\/lv\/bosniesu-gramatika\/#primaryimage","url":"https:\/\/talkpal.ai\/wp-content\/uploads\/2023\/05\/bosnia-and-herzegovina.png","contentUrl":"https:\/\/talkpal.ai\/wp-content\/uploads\/2023\/05\/bosnia-and-herzegovina.png","width":512,"height":512},{"@type":"BreadcrumbList","@id":"https:\/\/talkpal.ai\/lv\/bosniesu-gramatika\/#breadcrumb","itemListElement":[{"@type":"ListItem","position":1,"name":"Homepage","item":"https:\/\/talkpal.ai\/lv\/"},{"@type":"ListItem","position":2,"name":"Bosnie\u0161u gramatika"}]},{"@type":"WebSite","@id":"https:\/\/talkpal.ai\/lv\/#website","url":"https:\/\/talkpal.ai\/lv\/","name":"Talkpal","description":"AI Language Learning","publisher":{"@id":"https:\/\/talkpal.ai\/lv\/#organization"},"alternateName":"Talkpal AI","potentialAction":[{"@type":"SearchAction","target":{"@type":"EntryPoint","urlTemplate":"https:\/\/talkpal.ai\/lv\/?s={search_term_string}"},"query-input":{"@type":"PropertyValueSpecification","valueRequired":true,"valueName":"search_term_string"}}],"inLanguage":"lv-LV"},{"@type":"Organization","@id":"https:\/\/talkpal.ai\/lv\/#organization","name":"Talkpal, Inc.","alternateName":"Talkpal AI","url":"https:\/\/talkpal.ai\/lv\/","logo":{"@type":"ImageObject","inLanguage":"lv-LV","@id":"https:\/\/talkpal.ai\/lv\/#\/schema\/logo\/image\/","url":"https:\/\/talkpal.ai\/wp-content\/uploads\/2024\/03\/Talkpal-Logo-Icon.png","contentUrl":"https:\/\/talkpal.ai\/wp-content\/uploads\/2024\/03\/Talkpal-Logo-Icon.png","width":2880,"height":2880,"caption":"Talkpal, Inc."},"image":{"@id":"https:\/\/talkpal.ai\/lv\/#\/schema\/logo\/image\/"},"sameAs":["https:\/\/www.facebook.com\/profile.php?id=100090733639311","https:\/\/x.com\/talkpalai","https:\/\/www.linkedin.com\/company\/talkpal\/","https:\/\/www.youtube.com\/@TalkPal\/","https:\/\/www.tiktok.com\/@talkpal","https:\/\/www.instagram.com\/talkpal_ai\/","https:\/\/www.crunchbase.com\/organization\/talkpal-9cde","https:\/\/www.g2.com\/products\/talkpal-for-business\/","https:\/\/www.trustpilot.com\/review\/talkpal.ai","https:\/\/www.capterra.com\/p\/10006800\/TalkPal\/"],"description":"Talkpal is a language learning web and mobile education app, powered by the latest AI technologies, that provides engaging experiences to its customers in many different languages to help them improve their language skills. Users can chat about unlimited amount of topics with the app and use other modes to practice their language learning.","email":"support@talkpal.ai","legalName":"Talkpal, Inc.","foundingDate":"2023-04-03","duns":"118989042","numberOfEmployees":{"@type":"QuantitativeValue","minValue":"11","maxValue":"50"},"publishingPrinciples":"https:\/\/talkpal.ai\/publishing-principles\/","actionableFeedbackPolicy":"https:\/\/talkpal.ai\/actionable-feedback-policy\/","correctionsPolicy":"https:\/\/talkpal.ai\/corrections-policy\/","ethicsPolicy":"https:\/\/talkpal.ai\/ethics-policy\/","diversityPolicy":"https:\/\/talkpal.ai\/diversity-policy\/","diversityStaffingReport":"https:\/\/talkpal.ai\/diversity-policy\/"}]}},"_links":{"self":[{"href":"https:\/\/talkpal.ai\/lv\/wp-json\/wp\/v2\/pages\/141352","targetHints":{"allow":["GET"]}}],"collection":[{"href":"https:\/\/talkpal.ai\/lv\/wp-json\/wp\/v2\/pages"}],"about":[{"href":"https:\/\/talkpal.ai\/lv\/wp-json\/wp\/v2\/types\/page"}],"author":[{"embeddable":true,"href":"https:\/\/talkpal.ai\/lv\/wp-json\/wp\/v2\/users\/1"}],"replies":[{"embeddable":true,"href":"https:\/\/talkpal.ai\/lv\/wp-json\/wp\/v2\/comments?post=141352"}],"version-history":[{"count":0,"href":"https:\/\/talkpal.ai\/lv\/wp-json\/wp\/v2\/pages\/141352\/revisions"}],"wp:featuredmedia":[{"embeddable":true,"href":"https:\/\/talkpal.ai\/lv\/wp-json\/wp\/v2\/media\/111317"}],"wp:attachment":[{"href":"https:\/\/talkpal.ai\/lv\/wp-json\/wp\/v2\/media?parent=141352"}],"curies":[{"name":"wp","href":"https:\/\/api.w.org\/{rel}","templated":true}]}}