{"id":141102,"date":"2023-05-14T13:59:42","date_gmt":"2023-05-14T13:59:42","guid":{"rendered":"http:\/\/talkpal.ai\/baltkrievu-valodas-gramatika\/"},"modified":"2025-05-22T13:49:37","modified_gmt":"2025-05-22T13:49:37","slug":"baltkrievu-valodas-gramatika","status":"publish","type":"page","link":"https:\/\/talkpal.ai\/lv\/baltkrievu-valodas-gramatika\/","title":{"rendered":"Baltkrievu valodas gramatika"},"content":{"rendered":"\r\n\r\n\r\n<section class=\"languageChallengeSection\">\r\n    <div class=\"languageInfoWrapper\">\r\n        \r\n        <h1>Baltkrievu valodas gramatika<\/h1>\r\n        <p>Atkl\u0101jiet <a href=\"https:\/\/talkpal.ai\/learn-belarusian\/\">baltkrievu<\/a> <a href=\"https:\/\/talkpal.ai\/what-language-is-spoken-on-the-international-space-station\/\">valodas<\/a> skaistumu un bag\u0101t\u012bbu, apg\u016bstot t\u0101s gramatikas pamatnoteikumus. Cietas <a href=\"https:\/\/talkpal.ai\/learn-belarusian\/\">baltkrievu<\/a> valodas gramatikas zin\u0101\u0161anas pal\u012bdz\u0113s jums dro\u0161i sazin\u0101ties un veidot saikni ar baltkrievu kult\u016bru. Iegremd\u0113jieties jau tagad un s\u0101ciet savu ce\u013cojumu baltkrievu valodas apguv\u0113 jau \u0161odien!<\/p>\r\n\r\n                            <a class=\"getStartedHidden\" href=\"https:\/\/app.talkpal.ai\/lv\/signup?lng=\">S\u0101c<\/a>\r\n        \r\n    <\/div>\r\n\r\n    <figure>\r\n    <img decoding=\"async\" width=\"768\" height=\"768\" src=\"https:\/\/talkpal.ai\/wp-content\/uploads\/2023\/06\/belarusian-768x768.png\" class=\"languageImage no-lazy\" alt=\"Language learning for academic excellence\" fetchpriority=\"high\" sizes=\"(max-width: 768px) 150px, 768px\" srcset=\"https:\/\/talkpal.ai\/wp-content\/uploads\/2023\/06\/belarusian-768x768.png 768w, https:\/\/talkpal.ai\/wp-content\/uploads\/2023\/06\/belarusian-300x300.png 300w\" \/>\r\n    \r\n\r\n    <\/figure>\r\n\r\n            <a class=\"getStartedVisible\" href=\"https:\/\/app.talkpal.ai\/lv\/signup?lng=\">S\u0101c<\/a>\r\n    \r\n<\/section>\r\n<section class=\"promotionalBanner\">\r\n    <p class=\"promotionalText\">Visefekt\u012bv\u0101kais veids, k\u0101 apg\u016bt valodu<\/p>\r\n    <a class=\"promotionalLink\" href=\"https:\/\/app.talkpal.ai\/lv\/signup?lng=\">Izm\u0113\u0123iniet Talkpal bez maksas<\/a>\r\n<\/section>\n<div class=\"wp-block-group pageContainerStyle\"><div class=\"wp-block-group__inner-container is-layout-constrained wp-block-group-is-layout-constrained\">\n<h2 class=\"wp-block-heading\" id=\"h-belarusian-grammar-a-closer-look-at-the-slavic-language-s-intricacies\">Baltkrievu valodas gramatika: tuv\u0101k apl\u016bkojiet sl\u0101vu valodas nianses<\/h2>\n\n\n\n<p>Vai j\u016bs esat topo\u0161ais poliglots ar aizrau\u0161anos ar sl\u0101vu valod\u0101m? Vai varb\u016bt j\u016bs vienk\u0101r\u0161i interes\u0113 \u0161\u012b interesant\u0101 re\u0123iona valodu gramatisk\u0101s nianses? Ja t\u0101, piespr\u0101dz\u0113jies! \u0160aj\u0101 rakst\u0101 m\u0113s iepaz\u012bsim baltkrievu valodas gramatikas br\u012bni\u0161\u0137\u012bgo pasauli &#8211; maz\u0101k zin\u0101mu, ta\u010du aizraujo\u0161u sl\u0101vu valodu \u0123imenes locekli.<\/p>\n\n\n\n<p>Iesim iek\u0161\u0101, vai ne?<\/p>\n\n\n\n<h3 class=\"wp-block-heading\" id=\"h-first-things-first-what-is-belarusian\">Pirm\u0101s lietas vispirms: kas ir baltkrievu valoda?<\/h3>\n\n\n\n<p>Baltkrievu valoda ir ofici\u0101l\u0101 valoda Baltkrievij\u0101, valst\u012b, kurai ir tikai sauszemes robe\u017eas un kura atrodas Austrumeirop\u0101 starp Krieviju, Ukrainu, Poliju, Lietuvu un Latviju. Ar aptuveni 7,9 miljoniem run\u0101t\u0101ju baltkrievu valodai piem\u012bt milz\u012bgs \u0161arms gan valodniekiem, gan valodas entuziastiem. K\u0101 sl\u0101vu valodai baltkrievu valodai ir daudz l\u012bdz\u012bbu ar <a href=\"https:\/\/talkpal.ai\/learn-russian\/\">krievu<\/a>, <a href=\"https:\/\/talkpal.ai\/learn-ukrainian\/\">ukrai\u0146u<\/a> un <a href=\"https:\/\/talkpal.ai\/lv\/apgustiet-polu-valodu\/\">po\u013cu valodu<\/a>; tom\u0113r tas ietver ar\u012b savas unik\u0101l\u0101s \u012bpa\u0161\u012bbas, kas to at\u0161\u0137ir no br\u0101\u013ciem un m\u0101s\u0101m.<\/p>\n\n\n\n<h3 class=\"wp-block-heading\" id=\"h-the-building-blocks-nouns-pronouns-and-cases\">Veido\u0161anas bloki: lietv\u0101rdi, vietniekv\u0101rdi un gad\u012bjumi<\/h3>\n\n\n\n<p>T\u0101pat k\u0101 citas sl\u0101vu valodas, baltkrievu <a href=\"https:\/\/talkpal.ai\/sq\/gramatika\/\">gramatika<\/a> grie\u017eas ap v\u0101rdu l\u0113cienu. Tas noz\u012bm\u0113, ka v\u0101rdu galotnes main\u0101s atkar\u012bb\u0101 no to gramatisk\u0101s funkcijas teikum\u0101. Tas visvair\u0101k izpau\u017eas lietv\u0101rdos, vietniekv\u0101rdos un \u012bpa\u0161\u012bbas v\u0101rdos, kad tie tiek lietoti da\u017e\u0101dos gad\u012bjumos. Baltkrievu valod\u0101 ir se\u0161i gad\u012bjumi, kas ir \u0161\u0101di:<\/p>\n\n\n\n<p><strong>1. Nominat\u012bvs &#8211; nor\u0101da teikuma priek\u0161metu<\/strong><\/p>\n\n\n\n<p><strong>2. Genit\u012bvs &#8211; nor\u0101da uz \u012bpa\u0161umu vai nolieguma objektu<\/strong><\/p>\n\n\n\n<p><strong>3. Dat\u012bvs &#8211; apz\u012bm\u0113 teikuma netie\u0161o priek\u0161metu<\/strong><\/p>\n\n\n\n<p><strong>4. Akuzat\u012bvs &#8211; apz\u012bm\u0113 teikuma tie\u0161o priek\u0161metu<\/strong><\/p>\n\n\n\n<p><strong>5. Instrument\u0101ls &#8211; izsaka l\u012bdzekli vai metodi, ar kuras pal\u012bdz\u012bbu tiek veikta darb\u012bba.<\/strong><\/p>\n\n\n\n<p><strong>6. priev\u0101rds vai vietniekv\u0101rds &#8211; nor\u0101da atra\u0161an\u0101s vietu vai priev\u0101rdu priek\u0161metu.<\/strong><\/p>\n\n\n\n<p>Papildus gad\u012bjumiem baltkrievu lietv\u0101rdiem ir ar\u012b tr\u012bs dzimtes (v\u012brie\u0161u, sievie\u0161u un nekatr\u0101 dzimte) un divi skait\u013ci (vienskaitlis un daudzskaitlis). Katrai dzimtes un skait\u013cu kombin\u0101cijai katr\u0101 gad\u012bjum\u0101 ir \u012bpa\u0161as galotnes, t\u0101p\u0113c ir \u013coti svar\u012bgi tos iegaum\u0113t, lai izveidotu gramatiski pareizus teikumus.<\/p>\n\n\n\n<h3 class=\"wp-block-heading\" id=\"h-let-s-talk-verbs-tenses-aspects-and-moods\">Run\u0101sim par darb\u012bbas v\u0101rdiem: Laiki, aspekti un noska\u0146as<\/h3>\n\n\n\n<p>Baltkrievu darb\u012bbas v\u0101rdi ir br\u012bni\u0161\u0137\u012bgi sare\u017e\u0123\u012bti, pilni ar nians\u0113m un sare\u017e\u0123\u012bt\u012bbu. Vi\u0146iem ir tr\u012bs sasprindzin\u0101jumi (pag\u0101tne, tagadne un n\u0101kotne), divi aspekti (perfekts un nepiln\u012bgs), k\u0101 ar\u012b tr\u012bs noska\u0146as (indikat\u012bvas, oblig\u0101tas un nosac\u012btas). Tas, kas padara baltkrievu darb\u012bbas v\u0101rdus at\u0161\u0137ir\u012bgus no cit\u0101m sl\u0101vu valod\u0101m, ir to pla\u0161\u0101 aspekta izmanto\u0161ana.<\/p>\n\n\n\n<p>Aspekts attiecas uz to, vai darb\u012bba tiek uzskat\u012bta par pabeigtu (perfektu) vai notieko\u0161u (nepiln\u012bgu). Daudzi darb\u012bbas v\u0101rdi ir p\u0101ros, kas nor\u0101da uz da\u017e\u0101diem aspektiem, bie\u017ei vien izmantojot unik\u0101lu prefiksu vai sufiksu. Aspekta meistar\u012bba ir b\u016btiska, lai izprastu baltkrievu valodas smalkumus.<\/p>\n\n\n\n<h3 class=\"wp-block-heading\" id=\"h-adjectives-adverbs-and-other-delights\">\u012apa\u0161\u012bbas v\u0101rdi, adverbi un citi prieki<\/h3>\n\n\n\n<p>Baltkrievu \u012bpa\u0161\u012bbas v\u0101rdi piekr\u012bt lietv\u0101rdiem, kurus tie maina dzimuma, skaita un gad\u012bjuma zi\u0146\u0101. Vi\u0146iem ir ar\u012b sal\u012bdzino\u0161as un superlat\u012bvas formas, lai izteiktu da\u017e\u0101das kvalit\u0101tes pak\u0101pes. Turkl\u0101t daudzi apst\u0101k\u013ca v\u0101rdi ir atvasin\u0101ti no \u012bpa\u0161\u012bbas v\u0101rdiem, vienk\u0101r\u0161i pievienojot sufiksu &#8216;-\u0430&#8217; v\u012brie\u0161u dzimt\u0113 un &#8216;-\u044b&#8217; sievie\u0161u dzimt\u0113.<\/p>\n\n\n\n<p>Baltkrievu valod\u0101 ir ar\u012b aizraujo\u0161s savienojumu, priev\u0101rdu, ciparu un da\u013ci\u0146u kl\u0101sts, lai pal\u012bdz\u0113tu jums izveidot sare\u017e\u0123\u012btus un izteiksm\u012bgus teikumus. Ar pietiekamu praksi j\u016bs dr\u012bz vien var\u0113siet sav\u012bt v\u0101rdus kop\u0101 k\u0101 \u012bsts baltkrievu v\u0101rdu meistars.<\/p>\n\n\n\n<h3 class=\"wp-block-heading\" id=\"h-in-closing-the-magic-of-belarusian-grammar\">Nosl\u0113gum\u0101: Baltkrievu gramatikas ma\u0123ija<\/h3>\n\n\n\n<p>No pirm\u0101 acu uzmetiena <a href=\"https:\/\/talkpal.ai\/belarusian-grammar\/\">baltkrievu gramatika<\/a> var \u0161\u0137ist bied\u0113jo\u0161a. Tom\u0113r, iedzi\u013cinoties t\u0101s bag\u0101t\u012bgaj\u0101 gad\u012bjumu, aspektu un citu valodas d\u012bvain\u012bbu gobel\u0113n\u0101, j\u016bs atkl\u0101siet valodu, kas ir dzi\u013ca, nians\u0113ta un izteiksm\u012bga. Pie\u0146emot baltkrievu gramatikas izaicin\u0101jumu, j\u016bs ne tikai ieg\u016bsit liel\u0101ku izpratni par sl\u0101vu \u0123imeni kopum\u0101, bet ar\u012b pie\u0161\u0137irsiet piek\u013cuvi skaistai un dinamiskai kult\u016brai, kas gaida j\u016bsu izp\u0113ti.<\/p>\n\n\n\n<p>Tagad, bru\u0146ojies ar jaunatkl\u0101tu izpratni par baltkrievu gramatiku, k\u0101p\u0113c gan neiedzi\u013cin\u0101ties \u0161aj\u0101 aizraujo\u0161aj\u0101 valod\u0101? Kas zina &#8211; varb\u016bt k\u0101du dienu j\u016bs pats pastaig\u0101sieties pa Minskas iel\u0101m, bez p\u016bl\u0113m sarun\u0101joties ar viet\u0113jiem iedz\u012bvot\u0101jiem vi\u0146u dzimtaj\u0101 valod\u0101. Priec\u012bgu m\u0101c\u012b\u0161anos!<\/p>\n<\/div><\/div>\n\r\n<section class=\"learnNavigationSection\">\r\n            \r\n        <a href=\"https:\/\/talkpal.ai\/lv\/uzziniet-baltkrievu-valodu\/\">\r\n            <div class=\"learnNavigationWrapper\">\r\n                <div class=\"learnNavigationContent\">\r\n                    <img decoding=\"async\" src=\"https:\/\/talkpal.ai\/wp-content\/uploads\/2024\/08\/Belarusian.jpg\" alt=\"Belarusian Flag\">\r\n                    <div>\r\n                        <h4>Par baltkrievu valodas apguvi<\/h4>\r\n                        <p>Uzziniet visu par baltkrievu gramatiku.<\/p>\r\n                    <\/div>\r\n                <\/div>\r\n            <\/div>\r\n        <\/a>\r\n\r\n        \r\n        <a href=\"https:\/\/talkpal.ai\/lv\/baltkrievu-valodas-gramatikas-vingrinajumi\/\">\r\n            <div class=\"learnNavigationWrapper\">\r\n                <div class=\"learnNavigationContent\">\r\n                    <img decoding=\"async\" src=\"https:\/\/talkpal.ai\/wp-content\/uploads\/2024\/08\/Belarusian.jpg\" alt=\"Belarusian Flag\">\r\n                    <div>\r\n                        <h4>Baltkrievu valodas gramatikas vingrin\u0101jums<\/h4>\r\n                        <p>Praktiz\u0113jiet baltkrievu gramatiku.<\/p>\r\n                    <\/div>\r\n                <\/div>\r\n            <\/div>\r\n        <\/a>\r\n\r\n        \r\n        <a href=\"https:\/\/talkpal.ai\/vocabulary_language\/belarusian\/\">\r\n            <div class=\"learnNavigationWrapper\">\r\n                <div class=\"learnNavigationContent\">\r\n                    <img decoding=\"async\" src=\"https:\/\/talkpal.ai\/wp-content\/uploads\/2024\/08\/Belarusian.jpg\" alt=\"Belarusian Flag\">\r\n                    <div>\r\n                        <h4>Baltkrievu valodas v\u0101rdn\u012bca<\/h4>\r\n                        <p>Papla\u0161iniet savu baltkrievu valodas v\u0101rdu kr\u0101jumu.<\/p>\r\n                    <\/div>\r\n                <\/div>\r\n            <\/div>\r\n        <\/a>\r\n\r\n            <\/section>","protected":false},"excerpt":{"rendered":"<p>Baltkrievu valodas gramatika: tuv\u0101k apl\u016bkojiet sl\u0101vu valodas nianses Vai j\u016bs esat topo\u0161ais poliglots ar aizrau\u0161anos ar sl\u0101vu valod\u0101m? Vai varb\u016bt j\u016bs vienk\u0101r\u0161i interes\u0113 \u0161\u012b interesant\u0101 re\u0123iona valodu gramatisk\u0101s nianses? Ja t\u0101, piespr\u0101dz\u0113jies! \u0160aj\u0101 rakst\u0101 m\u0113s iepaz\u012bsim baltkrievu valodas gramatikas br\u012bni\u0161\u0137\u012bgo pasauli &#8211; maz\u0101k zin\u0101mu, ta\u010du aizraujo\u0161u sl\u0101vu valodu \u0123imenes locekli. Iesim iek\u0161\u0101, vai ne? Pirm\u0101s [&hellip;]<\/p>\n","protected":false},"author":1,"featured_media":110531,"parent":0,"menu_order":0,"comment_status":"closed","ping_status":"closed","template":"LearningContentPage.php","meta":{"_acf_changed":false,"footnotes":""},"class_list":["post-141102","page","type-page","status-publish","has-post-thumbnail","hentry"],"acf":[],"yoast_head":"<!-- This site is optimized with the Yoast SEO Premium plugin v27.2 (Yoast SEO v27.2) - https:\/\/yoast.com\/product\/yoast-seo-premium-wordpress\/ -->\n<title>Baltkrievu valodas gramatika - Talkpal<\/title>\n<meta name=\"description\" content=\"Apg\u016bstiet baltkrievu valodas gramatiku bez piep\u016bles ar Talkpal, ar m\u0101ksl\u012bg\u0101 intelekta darbin\u0101mu valodas skolot\u0101ju. Sa\u0146emiet skaidrus skaidrojumus, noder\u012bgus padomus un interakt\u012bvus vingrin\u0101jumus!\" \/>\n<meta name=\"robots\" content=\"index, follow, max-snippet:-1, max-image-preview:large, max-video-preview:-1\" \/>\n<link rel=\"canonical\" href=\"https:\/\/talkpal.ai\/lv\/baltkrievu-valodas-gramatika\/\" \/>\n<meta property=\"og:locale\" content=\"lv_LV\" \/>\n<meta property=\"og:type\" content=\"article\" \/>\n<meta property=\"og:title\" content=\"Baltkrievu valodas gramatika\" \/>\n<meta property=\"og:description\" content=\"Baltkrievu valodas gramatika: tuv\u0101k apl\u016bkojiet sl\u0101vu valodas nianses Vai j\u016bs esat topo\u0161ais poliglots ar aizrau\u0161anos ar sl\u0101vu valod\u0101m? Vai varb\u016bt j\u016bs\" \/>\n<meta property=\"og:url\" content=\"https:\/\/talkpal.ai\/lv\/baltkrievu-valodas-gramatika\/\" \/>\n<meta property=\"og:site_name\" content=\"Talkpal\" \/>\n<meta property=\"article:publisher\" content=\"https:\/\/www.facebook.com\/profile.php?id=100090733639311\" \/>\n<meta property=\"article:modified_time\" content=\"2025-05-22T13:49:37+00:00\" \/>\n<meta property=\"og:image\" content=\"https:\/\/talkpal.ai\/wp-content\/uploads\/2023\/05\/belarus.png\" \/>\n\t<meta property=\"og:image:width\" content=\"512\" \/>\n\t<meta property=\"og:image:height\" content=\"512\" \/>\n\t<meta property=\"og:image:type\" content=\"image\/png\" \/>\n<meta name=\"twitter:card\" content=\"summary_large_image\" \/>\n<meta name=\"twitter:site\" content=\"@talkpalai\" \/>\n<meta name=\"twitter:label1\" content=\"Est. reading time\" \/>\n\t<meta name=\"twitter:data1\" content=\"4 minutes\" \/>\n<script type=\"application\/ld+json\" class=\"yoast-schema-graph\">{\"@context\":\"https:\/\/schema.org\",\"@graph\":[{\"@type\":\"WebPage\",\"@id\":\"https:\/\/talkpal.ai\/lv\/baltkrievu-valodas-gramatika\/\",\"url\":\"https:\/\/talkpal.ai\/lv\/baltkrievu-valodas-gramatika\/\",\"name\":\"Baltkrievu valodas gramatika - Talkpal\",\"isPartOf\":{\"@id\":\"https:\/\/talkpal.ai\/lv\/#website\"},\"primaryImageOfPage\":{\"@id\":\"https:\/\/talkpal.ai\/lv\/baltkrievu-valodas-gramatika\/#primaryimage\"},\"image\":{\"@id\":\"https:\/\/talkpal.ai\/lv\/baltkrievu-valodas-gramatika\/#primaryimage\"},\"thumbnailUrl\":\"https:\/\/talkpal.ai\/wp-content\/uploads\/2023\/05\/belarus.png\",\"datePublished\":\"2023-05-14T13:59:42+00:00\",\"dateModified\":\"2025-05-22T13:49:37+00:00\",\"description\":\"Apg\u016bstiet baltkrievu valodas gramatiku bez piep\u016bles ar Talkpal, ar m\u0101ksl\u012bg\u0101 intelekta darbin\u0101mu valodas skolot\u0101ju. Sa\u0146emiet skaidrus skaidrojumus, noder\u012bgus padomus un interakt\u012bvus vingrin\u0101jumus!\",\"breadcrumb\":{\"@id\":\"https:\/\/talkpal.ai\/lv\/baltkrievu-valodas-gramatika\/#breadcrumb\"},\"inLanguage\":\"lv-LV\",\"potentialAction\":[{\"@type\":\"ReadAction\",\"target\":[\"https:\/\/talkpal.ai\/lv\/baltkrievu-valodas-gramatika\/\"]}]},{\"@type\":\"ImageObject\",\"inLanguage\":\"lv-LV\",\"@id\":\"https:\/\/talkpal.ai\/lv\/baltkrievu-valodas-gramatika\/#primaryimage\",\"url\":\"https:\/\/talkpal.ai\/wp-content\/uploads\/2023\/05\/belarus.png\",\"contentUrl\":\"https:\/\/talkpal.ai\/wp-content\/uploads\/2023\/05\/belarus.png\",\"width\":512,\"height\":512},{\"@type\":\"BreadcrumbList\",\"@id\":\"https:\/\/talkpal.ai\/lv\/baltkrievu-valodas-gramatika\/#breadcrumb\",\"itemListElement\":[{\"@type\":\"ListItem\",\"position\":1,\"name\":\"Homepage\",\"item\":\"https:\/\/talkpal.ai\/lv\/\"},{\"@type\":\"ListItem\",\"position\":2,\"name\":\"Baltkrievu valodas gramatika\"}]},{\"@type\":\"WebSite\",\"@id\":\"https:\/\/talkpal.ai\/lv\/#website\",\"url\":\"https:\/\/talkpal.ai\/lv\/\",\"name\":\"Talkpal\",\"description\":\"AI Language Learning\",\"publisher\":{\"@id\":\"https:\/\/talkpal.ai\/lv\/#organization\"},\"alternateName\":\"Talkpal AI\",\"potentialAction\":[{\"@type\":\"SearchAction\",\"target\":{\"@type\":\"EntryPoint\",\"urlTemplate\":\"https:\/\/talkpal.ai\/lv\/?s={search_term_string}\"},\"query-input\":{\"@type\":\"PropertyValueSpecification\",\"valueRequired\":true,\"valueName\":\"search_term_string\"}}],\"inLanguage\":\"lv-LV\"},{\"@type\":\"Organization\",\"@id\":\"https:\/\/talkpal.ai\/lv\/#organization\",\"name\":\"Talkpal, Inc.\",\"alternateName\":\"Talkpal AI\",\"url\":\"https:\/\/talkpal.ai\/lv\/\",\"logo\":{\"@type\":\"ImageObject\",\"inLanguage\":\"lv-LV\",\"@id\":\"https:\/\/talkpal.ai\/lv\/#\/schema\/logo\/image\/\",\"url\":\"https:\/\/talkpal.ai\/wp-content\/uploads\/2024\/03\/Talkpal-Logo-Icon.png\",\"contentUrl\":\"https:\/\/talkpal.ai\/wp-content\/uploads\/2024\/03\/Talkpal-Logo-Icon.png\",\"width\":2880,\"height\":2880,\"caption\":\"Talkpal, Inc.\"},\"image\":{\"@id\":\"https:\/\/talkpal.ai\/lv\/#\/schema\/logo\/image\/\"},\"sameAs\":[\"https:\/\/www.facebook.com\/profile.php?id=100090733639311\",\"https:\/\/x.com\/talkpalai\",\"https:\/\/www.linkedin.com\/company\/talkpal\/\",\"https:\/\/www.youtube.com\/@TalkPal\/\",\"https:\/\/www.tiktok.com\/@talkpal\",\"https:\/\/www.instagram.com\/talkpal_ai\/\",\"https:\/\/www.crunchbase.com\/organization\/talkpal-9cde\",\"https:\/\/www.g2.com\/products\/talkpal-for-business\/\",\"https:\/\/www.trustpilot.com\/review\/talkpal.ai\",\"https:\/\/www.capterra.com\/p\/10006800\/TalkPal\/\"],\"description\":\"Talkpal is a language learning web and mobile education app, powered by the latest AI technologies, that provides engaging experiences to its customers in many different languages to help them improve their language skills. Users can chat about unlimited amount of topics with the app and use other modes to practice their language learning.\",\"email\":\"support@talkpal.ai\",\"legalName\":\"Talkpal, Inc.\",\"foundingDate\":\"2023-04-03\",\"duns\":\"118989042\",\"numberOfEmployees\":{\"@type\":\"QuantitativeValue\",\"minValue\":\"11\",\"maxValue\":\"50\"},\"publishingPrinciples\":\"https:\/\/talkpal.ai\/publishing-principles\/\",\"actionableFeedbackPolicy\":\"https:\/\/talkpal.ai\/actionable-feedback-policy\/\",\"correctionsPolicy\":\"https:\/\/talkpal.ai\/corrections-policy\/\",\"ethicsPolicy\":\"https:\/\/talkpal.ai\/ethics-policy\/\",\"diversityPolicy\":\"https:\/\/talkpal.ai\/diversity-policy\/\",\"diversityStaffingReport\":\"https:\/\/talkpal.ai\/diversity-policy\/\"}]}<\/script>\n<!-- \/ Yoast SEO Premium plugin. -->","yoast_head_json":{"title":"Baltkrievu valodas gramatika - Talkpal","description":"Apg\u016bstiet baltkrievu valodas gramatiku bez piep\u016bles ar Talkpal, ar m\u0101ksl\u012bg\u0101 intelekta darbin\u0101mu valodas skolot\u0101ju. Sa\u0146emiet skaidrus skaidrojumus, noder\u012bgus padomus un interakt\u012bvus vingrin\u0101jumus!","robots":{"index":"index","follow":"follow","max-snippet":"max-snippet:-1","max-image-preview":"max-image-preview:large","max-video-preview":"max-video-preview:-1"},"canonical":"https:\/\/talkpal.ai\/lv\/baltkrievu-valodas-gramatika\/","og_locale":"lv_LV","og_type":"article","og_title":"Baltkrievu valodas gramatika","og_description":"Baltkrievu valodas gramatika: tuv\u0101k apl\u016bkojiet sl\u0101vu valodas nianses Vai j\u016bs esat topo\u0161ais poliglots ar aizrau\u0161anos ar sl\u0101vu valod\u0101m? Vai varb\u016bt j\u016bs","og_url":"https:\/\/talkpal.ai\/lv\/baltkrievu-valodas-gramatika\/","og_site_name":"Talkpal","article_publisher":"https:\/\/www.facebook.com\/profile.php?id=100090733639311","article_modified_time":"2025-05-22T13:49:37+00:00","og_image":[{"width":512,"height":512,"url":"https:\/\/talkpal.ai\/wp-content\/uploads\/2023\/05\/belarus.png","type":"image\/png"}],"twitter_card":"summary_large_image","twitter_site":"@talkpalai","twitter_misc":{"Est. reading time":"4 minutes"},"schema":{"@context":"https:\/\/schema.org","@graph":[{"@type":"WebPage","@id":"https:\/\/talkpal.ai\/lv\/baltkrievu-valodas-gramatika\/","url":"https:\/\/talkpal.ai\/lv\/baltkrievu-valodas-gramatika\/","name":"Baltkrievu valodas gramatika - Talkpal","isPartOf":{"@id":"https:\/\/talkpal.ai\/lv\/#website"},"primaryImageOfPage":{"@id":"https:\/\/talkpal.ai\/lv\/baltkrievu-valodas-gramatika\/#primaryimage"},"image":{"@id":"https:\/\/talkpal.ai\/lv\/baltkrievu-valodas-gramatika\/#primaryimage"},"thumbnailUrl":"https:\/\/talkpal.ai\/wp-content\/uploads\/2023\/05\/belarus.png","datePublished":"2023-05-14T13:59:42+00:00","dateModified":"2025-05-22T13:49:37+00:00","description":"Apg\u016bstiet baltkrievu valodas gramatiku bez piep\u016bles ar Talkpal, ar m\u0101ksl\u012bg\u0101 intelekta darbin\u0101mu valodas skolot\u0101ju. Sa\u0146emiet skaidrus skaidrojumus, noder\u012bgus padomus un interakt\u012bvus vingrin\u0101jumus!","breadcrumb":{"@id":"https:\/\/talkpal.ai\/lv\/baltkrievu-valodas-gramatika\/#breadcrumb"},"inLanguage":"lv-LV","potentialAction":[{"@type":"ReadAction","target":["https:\/\/talkpal.ai\/lv\/baltkrievu-valodas-gramatika\/"]}]},{"@type":"ImageObject","inLanguage":"lv-LV","@id":"https:\/\/talkpal.ai\/lv\/baltkrievu-valodas-gramatika\/#primaryimage","url":"https:\/\/talkpal.ai\/wp-content\/uploads\/2023\/05\/belarus.png","contentUrl":"https:\/\/talkpal.ai\/wp-content\/uploads\/2023\/05\/belarus.png","width":512,"height":512},{"@type":"BreadcrumbList","@id":"https:\/\/talkpal.ai\/lv\/baltkrievu-valodas-gramatika\/#breadcrumb","itemListElement":[{"@type":"ListItem","position":1,"name":"Homepage","item":"https:\/\/talkpal.ai\/lv\/"},{"@type":"ListItem","position":2,"name":"Baltkrievu valodas gramatika"}]},{"@type":"WebSite","@id":"https:\/\/talkpal.ai\/lv\/#website","url":"https:\/\/talkpal.ai\/lv\/","name":"Talkpal","description":"AI Language Learning","publisher":{"@id":"https:\/\/talkpal.ai\/lv\/#organization"},"alternateName":"Talkpal AI","potentialAction":[{"@type":"SearchAction","target":{"@type":"EntryPoint","urlTemplate":"https:\/\/talkpal.ai\/lv\/?s={search_term_string}"},"query-input":{"@type":"PropertyValueSpecification","valueRequired":true,"valueName":"search_term_string"}}],"inLanguage":"lv-LV"},{"@type":"Organization","@id":"https:\/\/talkpal.ai\/lv\/#organization","name":"Talkpal, Inc.","alternateName":"Talkpal AI","url":"https:\/\/talkpal.ai\/lv\/","logo":{"@type":"ImageObject","inLanguage":"lv-LV","@id":"https:\/\/talkpal.ai\/lv\/#\/schema\/logo\/image\/","url":"https:\/\/talkpal.ai\/wp-content\/uploads\/2024\/03\/Talkpal-Logo-Icon.png","contentUrl":"https:\/\/talkpal.ai\/wp-content\/uploads\/2024\/03\/Talkpal-Logo-Icon.png","width":2880,"height":2880,"caption":"Talkpal, Inc."},"image":{"@id":"https:\/\/talkpal.ai\/lv\/#\/schema\/logo\/image\/"},"sameAs":["https:\/\/www.facebook.com\/profile.php?id=100090733639311","https:\/\/x.com\/talkpalai","https:\/\/www.linkedin.com\/company\/talkpal\/","https:\/\/www.youtube.com\/@TalkPal\/","https:\/\/www.tiktok.com\/@talkpal","https:\/\/www.instagram.com\/talkpal_ai\/","https:\/\/www.crunchbase.com\/organization\/talkpal-9cde","https:\/\/www.g2.com\/products\/talkpal-for-business\/","https:\/\/www.trustpilot.com\/review\/talkpal.ai","https:\/\/www.capterra.com\/p\/10006800\/TalkPal\/"],"description":"Talkpal is a language learning web and mobile education app, powered by the latest AI technologies, that provides engaging experiences to its customers in many different languages to help them improve their language skills. Users can chat about unlimited amount of topics with the app and use other modes to practice their language learning.","email":"support@talkpal.ai","legalName":"Talkpal, Inc.","foundingDate":"2023-04-03","duns":"118989042","numberOfEmployees":{"@type":"QuantitativeValue","minValue":"11","maxValue":"50"},"publishingPrinciples":"https:\/\/talkpal.ai\/publishing-principles\/","actionableFeedbackPolicy":"https:\/\/talkpal.ai\/actionable-feedback-policy\/","correctionsPolicy":"https:\/\/talkpal.ai\/corrections-policy\/","ethicsPolicy":"https:\/\/talkpal.ai\/ethics-policy\/","diversityPolicy":"https:\/\/talkpal.ai\/diversity-policy\/","diversityStaffingReport":"https:\/\/talkpal.ai\/diversity-policy\/"}]}},"_links":{"self":[{"href":"https:\/\/talkpal.ai\/lv\/wp-json\/wp\/v2\/pages\/141102","targetHints":{"allow":["GET"]}}],"collection":[{"href":"https:\/\/talkpal.ai\/lv\/wp-json\/wp\/v2\/pages"}],"about":[{"href":"https:\/\/talkpal.ai\/lv\/wp-json\/wp\/v2\/types\/page"}],"author":[{"embeddable":true,"href":"https:\/\/talkpal.ai\/lv\/wp-json\/wp\/v2\/users\/1"}],"replies":[{"embeddable":true,"href":"https:\/\/talkpal.ai\/lv\/wp-json\/wp\/v2\/comments?post=141102"}],"version-history":[{"count":0,"href":"https:\/\/talkpal.ai\/lv\/wp-json\/wp\/v2\/pages\/141102\/revisions"}],"wp:featuredmedia":[{"embeddable":true,"href":"https:\/\/talkpal.ai\/lv\/wp-json\/wp\/v2\/media\/110531"}],"wp:attachment":[{"href":"https:\/\/talkpal.ai\/lv\/wp-json\/wp\/v2\/media?parent=141102"}],"curies":[{"name":"wp","href":"https:\/\/api.w.org\/{rel}","templated":true}]}}