{"id":140806,"date":"2023-05-14T13:59:24","date_gmt":"2023-05-14T13:59:24","guid":{"rendered":"http:\/\/talkpal.ai\/afrikandu-gramatika\/"},"modified":"2025-05-22T19:04:37","modified_gmt":"2025-05-22T19:04:37","slug":"afrikandu-gramatika","status":"publish","type":"page","link":"https:\/\/talkpal.ai\/lv\/afrikandu-gramatika\/","title":{"rendered":"Afrikandu gramatika"},"content":{"rendered":"\r\n\r\n\r\n<section class=\"languageChallengeSection\">\r\n    <div class=\"languageInfoWrapper\">\r\n        \r\n        <h1>Afrikandu gramatika<\/h1>\r\n        <p>Atkl\u0101jiet afrikandie\u0161u <a href=\"https:\/\/talkpal.ai\/what-language-is-spoken-on-the-international-space-station\/\">valodas<\/a> vienk\u0101r\u0161oto skaistumu, apg\u016bstot t\u0101s b\u016btisk\u0101kos gramatikas noteikumus. Apg\u016bstot afrikandie\u0161u valodas gramatiku, j\u016bs var\u0113siet efekt\u012bvi sazin\u0101ties un izbaud\u012bt t\u0101s run\u0101t\u0101ju bag\u0101to kult\u016bru. S\u0101ciet savu afrikandie\u0161u valodas gramatikas ce\u013cojumu \u0161odien un speriet pirmo soli ce\u013c\u0101 uz valodas zin\u0101\u0161anu apguvi!<\/p>\r\n\r\n                            <a class=\"getStartedHidden\" href=\"https:\/\/app.talkpal.ai\/lv\/signup?lng=\">S\u0101c<\/a>\r\n        \r\n    <\/div>\r\n\r\n    <figure>\r\n    <img decoding=\"async\" width=\"768\" height=\"768\" src=\"https:\/\/talkpal.ai\/wp-content\/uploads\/2023\/06\/TalkPal-Afrikaans-768x768.png\" class=\"languageImage no-lazy\" alt=\"Language learning for global awareness\" fetchpriority=\"high\" sizes=\"(max-width: 768px) 150px, 768px\" srcset=\"https:\/\/talkpal.ai\/wp-content\/uploads\/2023\/06\/TalkPal-Afrikaans-768x768.png 768w, https:\/\/talkpal.ai\/wp-content\/uploads\/2023\/06\/TalkPal-Afrikaans-300x300.png 300w\" \/>\r\n    \r\n\r\n    <\/figure>\r\n\r\n            <a class=\"getStartedVisible\" href=\"https:\/\/app.talkpal.ai\/lv\/signup?lng=\">S\u0101c<\/a>\r\n    \r\n<\/section>\r\n<section class=\"promotionalBanner\">\r\n    <p class=\"promotionalText\">Visefekt\u012bv\u0101kais veids, k\u0101 apg\u016bt valodu<\/p>\r\n    <a class=\"promotionalLink\" href=\"https:\/\/app.talkpal.ai\/lv\/signup?lng=\">Izm\u0113\u0123iniet Talkpal bez maksas<\/a>\r\n<\/section>\n<div class=\"wp-block-group pageContainerStyle\"><div class=\"wp-block-group__inner-container is-layout-constrained wp-block-group-is-layout-constrained\">\n<h2 class=\"wp-block-heading\" id=\"h-mastering-afrikaans-grammar-your-ultimate-guide\">Afrikaans gramatikas apg\u016b\u0161ana: j\u016bsu gal\u012bgais ce\u013cvedis<\/h2>\n\n\n\n<p><strong>Goeie dag<\/strong>, valodas entuziasti! Vai esat gatavs doties ce\u013cojum\u0101 afrikandu gramatikas pasaul\u0113? J\u016bs esat non\u0101cis \u012bstaj\u0101 viet\u0101. \u0160is raksts, kas piepild\u012bts ar viegli saprotamu inform\u0101ciju un sarunvalodas toni, pal\u012bdz\u0113s jums orient\u0113ties aizraujo\u0161aj\u0101 afrikandu gramatikas valst\u012bb\u0101. Dr\u012bz j\u016bs var\u0113siet veidot teikumus un veidot j\u0113gpilnas sarunas ar dzimt\u0101s valodas run\u0101t\u0101jiem. S\u0101ksim!<\/p>\n\n\n\n<p><strong>Bet vispirms, k\u0101p\u0113c afrikandu gramatika?<\/strong><\/p>\n\n\n\n<p>Ja apg\u016bstat afrikandu valodu, lai br\u012bvi run\u0101tu, las\u012btu un rakst\u012btu, \u013coti svar\u012bgi ir stabili gramatikas pamati. Lai gan afrikandie\u0161u valodas <a href=\"https:\/\/talkpal.ai\/sq\/gramatika\/\">gramatika<\/a> s\u0101kum\u0101 var \u0161\u0137ist sare\u017e\u0123\u012bta, t\u0101 ir sal\u012bdzino\u0161i vienk\u0101r\u0161a, tikl\u012bdz to sadal\u0101t maz\u0101kos, viegl\u0101k p\u0101rvald\u0101mos gabali\u0146os. S\u0101ksim j\u016bsu ce\u013cojumu uz afrik\u0101\u0146u valodas gramatikas apguvi!<\/p>\n\n\n\n<h3 class=\"wp-block-heading\" id=\"h-1-nouns-gender-and-articles\">1. Lietv\u0101rdi, dzimte un raksti<\/h3>\n\n\n\n<p>At\u0161\u0137ir\u012bb\u0101 no daudz\u0101m cit\u0101m valod\u0101m afrikandu lietv\u0101rdiem nav dzimuma, t\u0101p\u0113c tos ir viegl\u0101k apg\u016bt. Noteico\u0161ais artikuls &#8220;die&#8221; (the) tiek lietots visiem lietv\u0101rdiem, savuk\u0101rt nenoteiktie artikul\u0101ri &#8221; &#8216;n &#8221; vai &#8220;een&#8221; (a\/an) ar\u012b ir dzimtes zi\u0146\u0101 neitr\u0101li.  <\/p>\n\n\n\n<p>Piem\u0113ram:<\/p>\n\n\n\n<p>&#8211; die hond (suns)<\/p>\n\n\n\n<p>&#8211; &#8216;n hond (suns)<\/p>\n\n\n\n<h3 class=\"wp-block-heading\" id=\"h-2-adjectives\">2. \u012apa\u0161\u012bbas v\u0101rdi<\/h3>\n\n\n\n<p>Afrikandu valod\u0101 \u012bpa\u0161\u012bbas v\u0101rdi parasti ir pirms lietv\u0101rda, ko tie p\u0101rveido, un sakr\u012bt ar lietv\u0101rdu p\u0113c skaita. \u012apa\u0161\u012bbas v\u0101rdiem nav dzimumu vieno\u0161an\u0101s. Piem\u0113ram:<\/p>\n\n\n\n<p>&#8211; &#8216;n groot huis (liela m\u0101ja)<\/p>\n\n\n\n<p>&#8211; twee groot huise (divas lielas m\u0101jas)<\/p>\n\n\n\n<p>Da\u017eiem \u012bpa\u0161\u012bbas v\u0101rdiem, aprakstot lietv\u0101rdu daudzskaitl\u012b, ir nepiecie\u0161ama papildu galotne &#8220;-e&#8221;:<\/p>\n\n\n\n<p>&#8211; &#8216;n ou man (vecs v\u012brs)<\/p>\n\n\n\n<p>&#8211; twee ou manne (divi veci v\u012brie\u0161i)<\/p>\n\n\n\n<h3 class=\"wp-block-heading\" id=\"h-3-verbs-and-tense\">3. Darb\u012bbas v\u0101rdi un sasprindzin\u0101jums<\/h3>\n\n\n\n<p>Afrikandu darb\u012bbas v\u0101rdus ir sal\u012bdzino\u0161i viegli iem\u0101c\u012bties, jo tie nav konjug\u0113ti, pamatojoties uz teikuma priek\u0161metu. Ar\u012b afrikandu valod\u0101 ir maz\u0101k laika nek\u0101 daudz\u0101s cit\u0101s valod\u0101s. Lai iepaz\u012btos ar afrikandie\u0161u valodas darb\u012bbas v\u0101rdiem, apl\u016bkosim regul\u0101ros darb\u012bbas v\u0101rdus tagadnes laik\u0101:<\/p>\n\n\n\n<p>&#8211; Ek <a href=\"https:\/\/talkpal.ai\/locations\/language-courses-in-leer\/\">leer<\/a> (Es m\u0101cos)<\/p>\n\n\n\n<p>&#8211; Jy\/u leer (j\u016bs m\u0101c\u0101ties, neform\u0101li\/form\u0101li)<\/p>\n\n\n\n<p>&#8211; Hy\/sy\/dit leer (vi\u0146\u0161\/vi\u0146a\/tas m\u0101c\u0101s)<\/p>\n\n\n\n<p>&#8211; Ons\/julle leer (m\u0113s\/j\u016bs visi m\u0101c\u0101mies)<\/p>\n\n\n\n<p>&#8211; Hulle leer (vi\u0146i m\u0101c\u0101s)<\/p>\n\n\n\n<p>Atcerieties, ka t\u0101 ir tikai aisberga redzam\u0101 da\u013ca! Turpinot studijas, j\u016bs sastapsities ar da\u017e\u0101diem citiem sasprindzin\u0101jumiem un da\u017eiem neregul\u0101riem darb\u012bbas v\u0101rdiem.<\/p>\n\n\n\n<h3 class=\"wp-block-heading\" id=\"h-4-pronouns-prepositions-and-more\">4. Vietniekv\u0101rdi, priev\u0101rdi un daudz kas cits!<\/h3>\n\n\n\n<p>Afrikandu gramatika ietver citus komponentus, piem\u0113ram, vietniekv\u0101rdus (ek, jy, hy, sy utt.), priev\u0101rdus (in, op, met utt.) un idiom\u0101tiskas izteiksmes. M\u0101coties valodu, jums b\u016bs j\u0101apg\u016bst katrs no \u0161iem elementiem, lai pan\u0101ktu pilnv\u0113rt\u012bgu valodas apguvi.<\/p>\n\n\n\n<p>Visbeidzot, afrikandu gramatikas apg\u016b\u0161ana prasa neatlaid\u012bbu, praksi un paciet\u012bbu. Ta\u010du, kad b\u016bsiet apguvis valodas nianses, b\u016bsiet ce\u013c\u0101 uz sarun\u0101m ar dzimt\u0101s valodas run\u0101t\u0101jiem, iepaz\u012bsiet bag\u0101t\u012bgo afrikandie\u0161u valodas kult\u016bru un v\u0113sturi, k\u0101 ar\u012b padzi\u013cin\u0101siet savu m\u012blest\u012bbu pret \u0161o valodu. Sterkte (lai veicas)!<\/p>\n<\/div><\/div>\n\r\n<section class=\"learnNavigationSection\">\r\n            \r\n        <a href=\"https:\/\/talkpal.ai\/lv\/uzziniet-afrikandus\/\">\r\n            <div class=\"learnNavigationWrapper\">\r\n                <div class=\"learnNavigationContent\">\r\n                    <img decoding=\"async\" src=\"https:\/\/talkpal.ai\/wp-content\/uploads\/2024\/08\/Afrikaans.jpg\" alt=\"South Africa Flag\">\r\n                    <div>\r\n                        <h4>Par afrik\u0101\u0146u valodas apguvi<\/h4>\r\n                        <p>Uzziniet visu par afrikandu gramatiku.<\/p>\r\n                    <\/div>\r\n                <\/div>\r\n            <\/div>\r\n        <\/a>\r\n\r\n        \r\n        <a href=\"https:\/\/talkpal.ai\/lv\/afrikandu-gramatikas-vingrinajumi\/\">\r\n            <div class=\"learnNavigationWrapper\">\r\n                <div class=\"learnNavigationContent\">\r\n                    <img decoding=\"async\" src=\"https:\/\/talkpal.ai\/wp-content\/uploads\/2024\/08\/Afrikaans.jpg\" alt=\"South Africa Flag\">\r\n                    <div>\r\n                        <h4>Afrik\u0101\u0146u valodas gramatikas vingrin\u0101jums<\/h4>\r\n                        <p>Praktiz\u0113jiet afrikandu gramatiku.<\/p>\r\n                    <\/div>\r\n                <\/div>\r\n            <\/div>\r\n        <\/a>\r\n\r\n        \r\n        <a href=\"https:\/\/talkpal.ai\/vocabulary_language\/afrikaans\/\">\r\n            <div class=\"learnNavigationWrapper\">\r\n                <div class=\"learnNavigationContent\">\r\n                    <img decoding=\"async\" src=\"https:\/\/talkpal.ai\/wp-content\/uploads\/2024\/08\/Afrikaans.jpg\" alt=\"South Africa Flag\">\r\n                    <div>\r\n                        <h4>Afrik\u0101\u0146u valodas v\u0101rdn\u012bca<\/h4>\r\n                        <p>Papla\u0161iniet savu afrik\u0101\u0146u valodas v\u0101rdu kr\u0101jumu.<\/p>\r\n                    <\/div>\r\n                <\/div>\r\n            <\/div>\r\n        <\/a>\r\n\r\n            <\/section>","protected":false},"excerpt":{"rendered":"<p>Afrikaans gramatikas apg\u016b\u0161ana: j\u016bsu gal\u012bgais ce\u013cvedis Goeie dag, valodas entuziasti! Vai esat gatavs doties ce\u013cojum\u0101 afrikandu gramatikas pasaul\u0113? J\u016bs esat non\u0101cis \u012bstaj\u0101 viet\u0101. \u0160is raksts, kas piepild\u012bts ar viegli saprotamu inform\u0101ciju un sarunvalodas toni, pal\u012bdz\u0113s jums orient\u0113ties aizraujo\u0161aj\u0101 afrikandu gramatikas valst\u012bb\u0101. Dr\u012bz j\u016bs var\u0113siet veidot teikumus un veidot j\u0113gpilnas sarunas ar dzimt\u0101s valodas run\u0101t\u0101jiem. S\u0101ksim! [&hellip;]<\/p>\n","protected":false},"author":1,"featured_media":108843,"parent":0,"menu_order":0,"comment_status":"closed","ping_status":"closed","template":"LearningContentPage.php","meta":{"_acf_changed":false,"footnotes":""},"class_list":["post-140806","page","type-page","status-publish","has-post-thumbnail","hentry"],"acf":[],"yoast_head":"<!-- This site is optimized with the Yoast SEO Premium plugin v27.2 (Yoast SEO v27.2) - https:\/\/yoast.com\/product\/yoast-seo-premium-wordpress\/ -->\n<title>Afrikandu gramatika - Talkpal<\/title>\n<meta name=\"description\" content=\"Iepaz\u012bstiet afrikandie\u0161u valodas gramatiku, izmantojot m\u016bsu rokasgr\u0101matu, kas paredz\u0113ta ies\u0101c\u0113jiem. Apg\u016bstiet teikumu uzb\u016bvi un uzlabojiet savas sarunu prasmes.\" \/>\n<meta name=\"robots\" content=\"index, follow, max-snippet:-1, max-image-preview:large, max-video-preview:-1\" \/>\n<link rel=\"canonical\" href=\"https:\/\/talkpal.ai\/lv\/afrikandu-gramatika\/\" \/>\n<meta property=\"og:locale\" content=\"lv_LV\" \/>\n<meta property=\"og:type\" content=\"article\" \/>\n<meta property=\"og:title\" content=\"Afrikandu gramatika\" \/>\n<meta property=\"og:description\" content=\"Afrikaans gramatikas apg\u016b\u0161ana: j\u016bsu gal\u012bgais ce\u013cvedis Goeie dag, valodas entuziasti! Vai esat gatavs doties ce\u013cojum\u0101 afrikandu gramatikas pasaul\u0113? J\u016bs\" \/>\n<meta property=\"og:url\" content=\"https:\/\/talkpal.ai\/lv\/afrikandu-gramatika\/\" \/>\n<meta property=\"og:site_name\" content=\"Talkpal\" \/>\n<meta property=\"article:publisher\" content=\"https:\/\/www.facebook.com\/profile.php?id=100090733639311\" \/>\n<meta property=\"article:modified_time\" content=\"2025-05-22T19:04:37+00:00\" \/>\n<meta property=\"og:image\" content=\"https:\/\/talkpal.ai\/wp-content\/uploads\/2023\/05\/south-africa.png\" \/>\n\t<meta property=\"og:image:width\" content=\"512\" \/>\n\t<meta property=\"og:image:height\" content=\"512\" \/>\n\t<meta property=\"og:image:type\" content=\"image\/png\" \/>\n<meta name=\"twitter:card\" content=\"summary_large_image\" \/>\n<meta name=\"twitter:site\" content=\"@talkpalai\" \/>\n<meta name=\"twitter:label1\" content=\"Est. reading time\" \/>\n\t<meta name=\"twitter:data1\" content=\"3 minutes\" \/>\n<script type=\"application\/ld+json\" class=\"yoast-schema-graph\">{\"@context\":\"https:\/\/schema.org\",\"@graph\":[{\"@type\":\"WebPage\",\"@id\":\"https:\/\/talkpal.ai\/lv\/afrikandu-gramatika\/\",\"url\":\"https:\/\/talkpal.ai\/lv\/afrikandu-gramatika\/\",\"name\":\"Afrikandu gramatika - Talkpal\",\"isPartOf\":{\"@id\":\"https:\/\/talkpal.ai\/lv\/#website\"},\"primaryImageOfPage\":{\"@id\":\"https:\/\/talkpal.ai\/lv\/afrikandu-gramatika\/#primaryimage\"},\"image\":{\"@id\":\"https:\/\/talkpal.ai\/lv\/afrikandu-gramatika\/#primaryimage\"},\"thumbnailUrl\":\"https:\/\/talkpal.ai\/wp-content\/uploads\/2023\/05\/south-africa.png\",\"datePublished\":\"2023-05-14T13:59:24+00:00\",\"dateModified\":\"2025-05-22T19:04:37+00:00\",\"description\":\"Iepaz\u012bstiet afrikandie\u0161u valodas gramatiku, izmantojot m\u016bsu rokasgr\u0101matu, kas paredz\u0113ta ies\u0101c\u0113jiem. Apg\u016bstiet teikumu uzb\u016bvi un uzlabojiet savas sarunu prasmes.\",\"breadcrumb\":{\"@id\":\"https:\/\/talkpal.ai\/lv\/afrikandu-gramatika\/#breadcrumb\"},\"inLanguage\":\"lv-LV\",\"potentialAction\":[{\"@type\":\"ReadAction\",\"target\":[\"https:\/\/talkpal.ai\/lv\/afrikandu-gramatika\/\"]}]},{\"@type\":\"ImageObject\",\"inLanguage\":\"lv-LV\",\"@id\":\"https:\/\/talkpal.ai\/lv\/afrikandu-gramatika\/#primaryimage\",\"url\":\"https:\/\/talkpal.ai\/wp-content\/uploads\/2023\/05\/south-africa.png\",\"contentUrl\":\"https:\/\/talkpal.ai\/wp-content\/uploads\/2023\/05\/south-africa.png\",\"width\":512,\"height\":512},{\"@type\":\"BreadcrumbList\",\"@id\":\"https:\/\/talkpal.ai\/lv\/afrikandu-gramatika\/#breadcrumb\",\"itemListElement\":[{\"@type\":\"ListItem\",\"position\":1,\"name\":\"Homepage\",\"item\":\"https:\/\/talkpal.ai\/lv\/\"},{\"@type\":\"ListItem\",\"position\":2,\"name\":\"Afrikandu gramatika\"}]},{\"@type\":\"WebSite\",\"@id\":\"https:\/\/talkpal.ai\/lv\/#website\",\"url\":\"https:\/\/talkpal.ai\/lv\/\",\"name\":\"Talkpal\",\"description\":\"AI Language Learning\",\"publisher\":{\"@id\":\"https:\/\/talkpal.ai\/lv\/#organization\"},\"alternateName\":\"Talkpal AI\",\"potentialAction\":[{\"@type\":\"SearchAction\",\"target\":{\"@type\":\"EntryPoint\",\"urlTemplate\":\"https:\/\/talkpal.ai\/lv\/?s={search_term_string}\"},\"query-input\":{\"@type\":\"PropertyValueSpecification\",\"valueRequired\":true,\"valueName\":\"search_term_string\"}}],\"inLanguage\":\"lv-LV\"},{\"@type\":\"Organization\",\"@id\":\"https:\/\/talkpal.ai\/lv\/#organization\",\"name\":\"Talkpal, Inc.\",\"alternateName\":\"Talkpal AI\",\"url\":\"https:\/\/talkpal.ai\/lv\/\",\"logo\":{\"@type\":\"ImageObject\",\"inLanguage\":\"lv-LV\",\"@id\":\"https:\/\/talkpal.ai\/lv\/#\/schema\/logo\/image\/\",\"url\":\"https:\/\/talkpal.ai\/wp-content\/uploads\/2024\/03\/Talkpal-Logo-Icon.png\",\"contentUrl\":\"https:\/\/talkpal.ai\/wp-content\/uploads\/2024\/03\/Talkpal-Logo-Icon.png\",\"width\":2880,\"height\":2880,\"caption\":\"Talkpal, Inc.\"},\"image\":{\"@id\":\"https:\/\/talkpal.ai\/lv\/#\/schema\/logo\/image\/\"},\"sameAs\":[\"https:\/\/www.facebook.com\/profile.php?id=100090733639311\",\"https:\/\/x.com\/talkpalai\",\"https:\/\/www.linkedin.com\/company\/talkpal\/\",\"https:\/\/www.youtube.com\/@TalkPal\/\",\"https:\/\/www.tiktok.com\/@talkpal\",\"https:\/\/www.instagram.com\/talkpal_ai\/\",\"https:\/\/www.crunchbase.com\/organization\/talkpal-9cde\",\"https:\/\/www.g2.com\/products\/talkpal-for-business\/\",\"https:\/\/www.trustpilot.com\/review\/talkpal.ai\",\"https:\/\/www.capterra.com\/p\/10006800\/TalkPal\/\"],\"description\":\"Talkpal is a language learning web and mobile education app, powered by the latest AI technologies, that provides engaging experiences to its customers in many different languages to help them improve their language skills. Users can chat about unlimited amount of topics with the app and use other modes to practice their language learning.\",\"email\":\"support@talkpal.ai\",\"legalName\":\"Talkpal, Inc.\",\"foundingDate\":\"2023-04-03\",\"duns\":\"118989042\",\"numberOfEmployees\":{\"@type\":\"QuantitativeValue\",\"minValue\":\"11\",\"maxValue\":\"50\"},\"publishingPrinciples\":\"https:\/\/talkpal.ai\/publishing-principles\/\",\"actionableFeedbackPolicy\":\"https:\/\/talkpal.ai\/actionable-feedback-policy\/\",\"correctionsPolicy\":\"https:\/\/talkpal.ai\/corrections-policy\/\",\"ethicsPolicy\":\"https:\/\/talkpal.ai\/ethics-policy\/\",\"diversityPolicy\":\"https:\/\/talkpal.ai\/diversity-policy\/\",\"diversityStaffingReport\":\"https:\/\/talkpal.ai\/diversity-policy\/\"}]}<\/script>\n<!-- \/ Yoast SEO Premium plugin. -->","yoast_head_json":{"title":"Afrikandu gramatika - Talkpal","description":"Iepaz\u012bstiet afrikandie\u0161u valodas gramatiku, izmantojot m\u016bsu rokasgr\u0101matu, kas paredz\u0113ta ies\u0101c\u0113jiem. Apg\u016bstiet teikumu uzb\u016bvi un uzlabojiet savas sarunu prasmes.","robots":{"index":"index","follow":"follow","max-snippet":"max-snippet:-1","max-image-preview":"max-image-preview:large","max-video-preview":"max-video-preview:-1"},"canonical":"https:\/\/talkpal.ai\/lv\/afrikandu-gramatika\/","og_locale":"lv_LV","og_type":"article","og_title":"Afrikandu gramatika","og_description":"Afrikaans gramatikas apg\u016b\u0161ana: j\u016bsu gal\u012bgais ce\u013cvedis Goeie dag, valodas entuziasti! Vai esat gatavs doties ce\u013cojum\u0101 afrikandu gramatikas pasaul\u0113? J\u016bs","og_url":"https:\/\/talkpal.ai\/lv\/afrikandu-gramatika\/","og_site_name":"Talkpal","article_publisher":"https:\/\/www.facebook.com\/profile.php?id=100090733639311","article_modified_time":"2025-05-22T19:04:37+00:00","og_image":[{"width":512,"height":512,"url":"https:\/\/talkpal.ai\/wp-content\/uploads\/2023\/05\/south-africa.png","type":"image\/png"}],"twitter_card":"summary_large_image","twitter_site":"@talkpalai","twitter_misc":{"Est. reading time":"3 minutes"},"schema":{"@context":"https:\/\/schema.org","@graph":[{"@type":"WebPage","@id":"https:\/\/talkpal.ai\/lv\/afrikandu-gramatika\/","url":"https:\/\/talkpal.ai\/lv\/afrikandu-gramatika\/","name":"Afrikandu gramatika - Talkpal","isPartOf":{"@id":"https:\/\/talkpal.ai\/lv\/#website"},"primaryImageOfPage":{"@id":"https:\/\/talkpal.ai\/lv\/afrikandu-gramatika\/#primaryimage"},"image":{"@id":"https:\/\/talkpal.ai\/lv\/afrikandu-gramatika\/#primaryimage"},"thumbnailUrl":"https:\/\/talkpal.ai\/wp-content\/uploads\/2023\/05\/south-africa.png","datePublished":"2023-05-14T13:59:24+00:00","dateModified":"2025-05-22T19:04:37+00:00","description":"Iepaz\u012bstiet afrikandie\u0161u valodas gramatiku, izmantojot m\u016bsu rokasgr\u0101matu, kas paredz\u0113ta ies\u0101c\u0113jiem. Apg\u016bstiet teikumu uzb\u016bvi un uzlabojiet savas sarunu prasmes.","breadcrumb":{"@id":"https:\/\/talkpal.ai\/lv\/afrikandu-gramatika\/#breadcrumb"},"inLanguage":"lv-LV","potentialAction":[{"@type":"ReadAction","target":["https:\/\/talkpal.ai\/lv\/afrikandu-gramatika\/"]}]},{"@type":"ImageObject","inLanguage":"lv-LV","@id":"https:\/\/talkpal.ai\/lv\/afrikandu-gramatika\/#primaryimage","url":"https:\/\/talkpal.ai\/wp-content\/uploads\/2023\/05\/south-africa.png","contentUrl":"https:\/\/talkpal.ai\/wp-content\/uploads\/2023\/05\/south-africa.png","width":512,"height":512},{"@type":"BreadcrumbList","@id":"https:\/\/talkpal.ai\/lv\/afrikandu-gramatika\/#breadcrumb","itemListElement":[{"@type":"ListItem","position":1,"name":"Homepage","item":"https:\/\/talkpal.ai\/lv\/"},{"@type":"ListItem","position":2,"name":"Afrikandu gramatika"}]},{"@type":"WebSite","@id":"https:\/\/talkpal.ai\/lv\/#website","url":"https:\/\/talkpal.ai\/lv\/","name":"Talkpal","description":"AI Language Learning","publisher":{"@id":"https:\/\/talkpal.ai\/lv\/#organization"},"alternateName":"Talkpal AI","potentialAction":[{"@type":"SearchAction","target":{"@type":"EntryPoint","urlTemplate":"https:\/\/talkpal.ai\/lv\/?s={search_term_string}"},"query-input":{"@type":"PropertyValueSpecification","valueRequired":true,"valueName":"search_term_string"}}],"inLanguage":"lv-LV"},{"@type":"Organization","@id":"https:\/\/talkpal.ai\/lv\/#organization","name":"Talkpal, Inc.","alternateName":"Talkpal AI","url":"https:\/\/talkpal.ai\/lv\/","logo":{"@type":"ImageObject","inLanguage":"lv-LV","@id":"https:\/\/talkpal.ai\/lv\/#\/schema\/logo\/image\/","url":"https:\/\/talkpal.ai\/wp-content\/uploads\/2024\/03\/Talkpal-Logo-Icon.png","contentUrl":"https:\/\/talkpal.ai\/wp-content\/uploads\/2024\/03\/Talkpal-Logo-Icon.png","width":2880,"height":2880,"caption":"Talkpal, Inc."},"image":{"@id":"https:\/\/talkpal.ai\/lv\/#\/schema\/logo\/image\/"},"sameAs":["https:\/\/www.facebook.com\/profile.php?id=100090733639311","https:\/\/x.com\/talkpalai","https:\/\/www.linkedin.com\/company\/talkpal\/","https:\/\/www.youtube.com\/@TalkPal\/","https:\/\/www.tiktok.com\/@talkpal","https:\/\/www.instagram.com\/talkpal_ai\/","https:\/\/www.crunchbase.com\/organization\/talkpal-9cde","https:\/\/www.g2.com\/products\/talkpal-for-business\/","https:\/\/www.trustpilot.com\/review\/talkpal.ai","https:\/\/www.capterra.com\/p\/10006800\/TalkPal\/"],"description":"Talkpal is a language learning web and mobile education app, powered by the latest AI technologies, that provides engaging experiences to its customers in many different languages to help them improve their language skills. Users can chat about unlimited amount of topics with the app and use other modes to practice their language learning.","email":"support@talkpal.ai","legalName":"Talkpal, Inc.","foundingDate":"2023-04-03","duns":"118989042","numberOfEmployees":{"@type":"QuantitativeValue","minValue":"11","maxValue":"50"},"publishingPrinciples":"https:\/\/talkpal.ai\/publishing-principles\/","actionableFeedbackPolicy":"https:\/\/talkpal.ai\/actionable-feedback-policy\/","correctionsPolicy":"https:\/\/talkpal.ai\/corrections-policy\/","ethicsPolicy":"https:\/\/talkpal.ai\/ethics-policy\/","diversityPolicy":"https:\/\/talkpal.ai\/diversity-policy\/","diversityStaffingReport":"https:\/\/talkpal.ai\/diversity-policy\/"}]}},"_links":{"self":[{"href":"https:\/\/talkpal.ai\/lv\/wp-json\/wp\/v2\/pages\/140806","targetHints":{"allow":["GET"]}}],"collection":[{"href":"https:\/\/talkpal.ai\/lv\/wp-json\/wp\/v2\/pages"}],"about":[{"href":"https:\/\/talkpal.ai\/lv\/wp-json\/wp\/v2\/types\/page"}],"author":[{"embeddable":true,"href":"https:\/\/talkpal.ai\/lv\/wp-json\/wp\/v2\/users\/1"}],"replies":[{"embeddable":true,"href":"https:\/\/talkpal.ai\/lv\/wp-json\/wp\/v2\/comments?post=140806"}],"version-history":[{"count":0,"href":"https:\/\/talkpal.ai\/lv\/wp-json\/wp\/v2\/pages\/140806\/revisions"}],"wp:featuredmedia":[{"embeddable":true,"href":"https:\/\/talkpal.ai\/lv\/wp-json\/wp\/v2\/media\/108843"}],"wp:attachment":[{"href":"https:\/\/talkpal.ai\/lv\/wp-json\/wp\/v2\/media?parent=140806"}],"curies":[{"name":"wp","href":"https:\/\/api.w.org\/{rel}","templated":true}]}}