{"id":140428,"date":"2023-05-14T13:54:14","date_gmt":"2023-05-14T13:54:14","guid":{"rendered":"http:\/\/talkpal.ai\/armenu-gramatika\/"},"modified":"2025-05-21T10:55:26","modified_gmt":"2025-05-21T10:55:26","slug":"armenu-gramatika","status":"publish","type":"page","link":"https:\/\/talkpal.ai\/lv\/armenu-gramatika\/","title":{"rendered":"Arm\u0113\u0146u gramatika"},"content":{"rendered":"\r\n\r\n\r\n<section class=\"languageChallengeSection\">\r\n    <div class=\"languageInfoWrapper\">\r\n        \r\n        <h1>Arm\u0113\u0146u gramatika<\/h1>\r\n        <p>Vai esat gatavs apg\u016bt jaunu valodu? <a href=\"https:\/\/talkpal.ai\/learn-armenian\/\">Arm\u0113\u0146u<\/a> <a href=\"https:\/\/talkpal.ai\/what-language-is-spoken-on-the-international-space-station\/\">valodas<\/a> <a href=\"https:\/\/talkpal.ai\/sq\/gramatika\/\">gramatika<\/a> ir j\u016bsu v\u0101rti uz aizraujo\u0161u rakstu un unik\u0101lu trad\u012bciju pasauli! M\u0101coties arm\u0113\u0146u valodas gramatiku, j\u016bs ne tikai apg\u016bsiet valodu, bet ar\u012b iepaz\u012bsiet Arm\u0113nijas kult\u016bras mantojumu. Iegremd\u0113simies kop\u0101 un izbaud\u012bsim ce\u013cojumu arm\u0113\u0146u valod\u0101!<\/p>\r\n\r\n                            <a class=\"getStartedHidden\" href=\"https:\/\/app.talkpal.ai\/lv\/signup?lng=\">S\u0101c<\/a>\r\n        \r\n    <\/div>\r\n\r\n    <figure>\r\n    <img decoding=\"async\" width=\"768\" height=\"768\" src=\"https:\/\/talkpal.ai\/wp-content\/uploads\/2023\/06\/armenian-768x768.png\" class=\"languageImage no-lazy\" alt=\"Language learning for higher cognition\" fetchpriority=\"high\" sizes=\"(max-width: 768px) 150px, 768px\" srcset=\"https:\/\/talkpal.ai\/wp-content\/uploads\/2023\/06\/armenian-768x768.png 768w, https:\/\/talkpal.ai\/wp-content\/uploads\/2023\/06\/armenian-300x300.png 300w\" \/>\r\n    \r\n\r\n    <\/figure>\r\n\r\n            <a class=\"getStartedVisible\" href=\"https:\/\/app.talkpal.ai\/lv\/signup?lng=\">S\u0101c<\/a>\r\n    \r\n<\/section>\r\n<section class=\"promotionalBanner\">\r\n    <p class=\"promotionalText\">Visefekt\u012bv\u0101kais <a href=\"https:\/\/talkpal.ai\/best-way-to-learn\/\">veids<\/a>, k\u0101 apg\u016bt valodu<\/p>\r\n    <a class=\"promotionalLink\" href=\"https:\/\/app.talkpal.ai\/lv\/signup?lng=\">Izm\u0113\u0123iniet Talkpal bez maksas<\/a>\r\n<\/section>\n<div class=\"wp-block-group pageContainerStyle\"><div class=\"wp-block-group__inner-container is-layout-constrained wp-block-group-is-layout-constrained\">\n<h2 class=\"wp-block-heading\" id=\"h-discovering-the-richness-of-armenian-grammar\">Arm\u0113\u0146u gramatikas bag\u0101t\u012bbas atkl\u0101\u0161ana<\/h2>\n\n\n\n<p>Arm\u0113\u0146u, unik\u0101la un aizraujo\u0161a valoda, ie\u0146em at\u0161\u0137ir\u012bgu vietu indoeiropie\u0161u \u0123imen\u0113. Arm\u0113\u0146u valodas apguve ne tikai bag\u0101tina j\u016bsu lingvistisko repertu\u0101ru, bet ar\u012b \u013cauj ienirt Arm\u0113nijas bag\u0101taj\u0101 v\u0113stur\u0113 un kult\u016br\u0101. Lai gan arm\u0113\u0146u gramatika no pirm\u0101 acu uzmetiena var\u0113tu \u0161\u0137ist bied\u0113jo\u0161a, t\u0101s sadal\u012b\u0161ana t\u0101s b\u016btiskaj\u0101s sast\u0101vda\u013c\u0101s vienk\u0101r\u0161o procesu. \u0160aj\u0101 rakst\u0101 m\u0113s iepaz\u012bstin\u0101sim j\u016bs ar aizraujo\u0161o arm\u0113\u0146u valodas gramatikas pasauli un sniegsim padomus, k\u0101 apg\u016bt t\u0101s nianses.<\/p>\n\n\n\n<h3 class=\"wp-block-heading\" id=\"h-1-the-armenian-alphabet\">1. Arm\u0113\u0146u alfab\u0113ts<\/h3>\n\n\n\n<p>Arm\u0113\u0146u valodai ir at\u0161\u0137ir\u012bgs alfab\u0113ts, kas sast\u0101v no 39 burtiem, no kuriem katrs apz\u012bm\u0113 konkr\u0113tu fon\u0113mu vai fon\u0113mu kombin\u0101ciju. Lai iem\u0101c\u012btos arm\u0113\u0146u valodas gramatiku, ir svar\u012bgi iepaz\u012bties ar \u0161o unik\u0101lo rakst\u012bbas sist\u0113mu, praktiz\u0113jot arm\u0113\u0146u valodas tekstu las\u012b\u0161anu un rakst\u012b\u0161anu.<\/p>\n\n\n\n<h3 class=\"wp-block-heading\" id=\"h-2-nouns-gender-and-cases\">2. Lietv\u0101rdi: dzimums un gad\u012bjumi<\/h3>\n\n\n\n<p>Arm\u0113\u0146u lietv\u0101rdiem nav gramatisk\u0101 dzimuma k\u0101 daudz\u0101m cit\u0101m valod\u0101m. Tom\u0113r vi\u0146iem ir vair\u0101ki gad\u012bjumi, tostarp nominat\u012bvs, akuzat\u012bvs, dat\u012bvs, \u0123enit\u012bvs, instrument\u0101ls, ablat\u012bvs un lokat\u012bvs. \u0160o lietu veido\u0161anas noteikumu apg\u016b\u0161ana \u013caus jums lab\u0101k izprast un struktur\u0113t arm\u0113\u0146u teikumus.<\/p>\n\n\n\n<h3 class=\"wp-block-heading\" id=\"h-3-verbs-conjugation-and-tense\">3. Darb\u012bbas v\u0101rdi: konjug\u0101cija un sasprindzin\u0101jums<\/h3>\n\n\n\n<p>Arm\u0113\u0146u darb\u012bbas v\u0101rdi ir konjug\u0113ti atbilsto\u0161i to sasprindzin\u0101jumam, noska\u0146ojumam un aspektam. Arm\u0113\u0146u valod\u0101 ir septi\u0146i pamata sasprindzin\u0101jumi, tostarp tagadne, nepiln\u012bga, perfekta, aoristiska, n\u0101kotne, pluperfekts un n\u0101kotnes ide\u0101ls. Regul\u0101rie darb\u012bbas v\u0101rdi seko konkr\u0113tiem konjug\u0101cijas mode\u013ciem, padarot tos sal\u012bdzino\u0161i viegli apg\u016bstamus, kad esat sapratis noteikumus.<\/p>\n\n\n\n<h3 class=\"wp-block-heading\" id=\"h-4-adjectives-agreement-and-placement\">4. \u012apa\u0161\u012bbas v\u0101rdi: vieno\u0161an\u0101s un izvietojums<\/h3>\n\n\n\n<p>Arm\u0113\u0146u gramatik\u0101 \u012bpa\u0161\u012bbas v\u0101rdi parasti ir pirms lietv\u0101rda, ko tie p\u0101rveido, un vi\u0146iem nav j\u0101piekr\u012bt lietv\u0101rdam. Tom\u0113r \u012bpa\u0161\u012bbas v\u0101rdus var noraid\u012bt, ja tos lieto p\u0113c b\u016bt\u012bbas (k\u0101 lietv\u0101rdu) vai pirms tiem ir da\u017ei demonstrat\u012bvi un piedero\u0161i vietniekv\u0101rdi.<\/p>\n\n\n\n<p><strong>Piem\u0113ri:<\/strong><\/p>\n\n\n\n<p>&#8211; \u057d\u0578\u0582\u0580\u0562 \u057f\u0561\u0573\u0561\u0580 (surb tachar) &#8211; sv\u0113tais templis<\/p>\n\n\n\n<p>&#8211; \u0561\u0575\u057d \u0574\u0565\u056e \u057f\u0578\u0582\u0576 (ays <a href=\"https:\/\/talkpal.ai\/locations\/language-courses-in-metz\/\">metz<\/a> tun) &#8211; \u0161\u012b liel\u0101 m\u0101ja<\/p>\n\n\n\n<h3 class=\"wp-block-heading\" id=\"h-5-evidentiality-in-verbs\">5. Pier\u0101d\u012bjums darb\u012bbas v\u0101rdos<\/h3>\n\n\n\n<p>Viens unik\u0101ls arm\u0113\u0146u gramatikas aspekts ir pier\u0101d\u012bjumu darb\u012bbas v\u0101rdu izmanto\u0161ana. \u0160\u012b paz\u012bme par\u0101da run\u0101t\u0101ja zin\u0101\u0161anu avotu (person\u012bg\u0101 pieredze, dzird\u0113ts vai secin\u0101ts) par teikum\u0101 min\u0113to darb\u012bbu. Uzman\u012bbas piev\u0113r\u0161ana \u0161\u012bm nians\u0113m var pal\u012bdz\u0113t jums nodro\u0161in\u0101t kontekstu un skaidr\u012bbu sarun\u0101.<\/p>\n\n\n\n<h3 class=\"wp-block-heading\" id=\"h-6-engaging-with-the-language\">6. Iesaist\u012b\u0161an\u0101s valod\u0101<\/h3>\n\n\n\n<p>Visefekt\u012bv\u0101kais veids, k\u0101 saprast un internaliz\u0113t arm\u0113\u0146u gramatiku, ir regul\u0101ri mijiedarboties ar valodu. Lasot arm\u0113\u0146u literat\u016bru, skatoties filmas vai telev\u012bzijas seri\u0101lus un akt\u012bvi sazinoties ar dzimt\u0101 valoda, j\u016bs pastiprin\u0101siet savu izpratni par gramatiku un vienlaikus papla\u0161in\u0101siet savu v\u0101rdu kr\u0101jumu.<\/p>\n\n\n\n<h3 class=\"wp-block-heading\" id=\"h-conclusion\">Secin\u0101jums<\/h3>\n\n\n\n<p>Lai gan <a href=\"https:\/\/talkpal.ai\/armenian-grammar\/\">arm\u0113\u0146u valodas gramatika<\/a> var \u0161\u0137ist sare\u017e\u0123\u012bta, pieeja <a href=\"https:\/\/talkpal.ai\/learn-thai\/\">tai<\/a> soli pa solim un konsekventa praktiz\u0113\u0161ana pal\u012bdz\u0113s jums k\u013c\u016bt par \u0161\u012bs skaist\u0101s valodas lietprat\u0113ju. Pie\u0146emiet izaicin\u0101jumu, uzs\u0101kot arm\u0113\u0146u valodas piedz\u012bvojumu, un dr\u012bz vien ar aizvien liel\u0101ku p\u0101rliec\u012bbu apg\u016bsiet arm\u0113\u0146u valodas gramatikas nianses. Priec\u012bgas studijas un izbaudiet arm\u0113\u0146u gramatikas bag\u0101t\u012bbas izp\u0113ti!<\/p>\n<\/div><\/div>\n\r\n<section class=\"learnNavigationSection\">\r\n            \r\n        <a href=\"https:\/\/talkpal.ai\/lv\/macieties-armenu-valodu\/\">\r\n            <div class=\"learnNavigationWrapper\">\r\n                <div class=\"learnNavigationContent\">\r\n                    <img decoding=\"async\" src=\"https:\/\/talkpal.ai\/wp-content\/uploads\/2024\/08\/Armenian.jpg\" alt=\"Armenian Flag\">\r\n                    <div>\r\n                        <h4>Par arm\u0113\u0146u valodas apguvi<\/h4>\r\n                        <p>Uzziniet visu par arm\u0113\u0146u gramatiku.<\/p>\r\n                    <\/div>\r\n                <\/div>\r\n            <\/div>\r\n        <\/a>\r\n\r\n        \r\n        <a href=\"https:\/\/talkpal.ai\/lv\/armenu-valodas-gramatikas-vingrinajumi\/\">\r\n            <div class=\"learnNavigationWrapper\">\r\n                <div class=\"learnNavigationContent\">\r\n                    <img decoding=\"async\" src=\"https:\/\/talkpal.ai\/wp-content\/uploads\/2024\/08\/Armenian.jpg\" alt=\"Armenian Flag\">\r\n                    <div>\r\n                        <h4>Arm\u0113\u0146u valodas gramatikas vingrin\u0101jums<\/h4>\r\n                        <p>Praktiz\u0113jiet arm\u0113\u0146u gramatiku.<\/p>\r\n                    <\/div>\r\n                <\/div>\r\n            <\/div>\r\n        <\/a>\r\n\r\n        \r\n        <a href=\"https:\/\/talkpal.ai\/vocabulary_language\/armenian\/\">\r\n            <div class=\"learnNavigationWrapper\">\r\n                <div class=\"learnNavigationContent\">\r\n                    <img decoding=\"async\" src=\"https:\/\/talkpal.ai\/wp-content\/uploads\/2024\/08\/Armenian.jpg\" alt=\"Armenian Flag\">\r\n                    <div>\r\n                        <h4>Arm\u0113\u0146u valodas v\u0101rdn\u012bca<\/h4>\r\n                        <p>Papla\u0161iniet savu arm\u0113\u0146u valodas v\u0101rdu kr\u0101jumu.<\/p>\r\n                    <\/div>\r\n                <\/div>\r\n            <\/div>\r\n        <\/a>\r\n\r\n            <\/section>","protected":false},"excerpt":{"rendered":"<p>Arm\u0113\u0146u gramatikas bag\u0101t\u012bbas atkl\u0101\u0161ana Arm\u0113\u0146u, unik\u0101la un aizraujo\u0161a valoda, ie\u0146em at\u0161\u0137ir\u012bgu vietu indoeiropie\u0161u \u0123imen\u0113. Arm\u0113\u0146u valodas apguve ne tikai bag\u0101tina j\u016bsu lingvistisko repertu\u0101ru, bet ar\u012b \u013cauj ienirt Arm\u0113nijas bag\u0101taj\u0101 v\u0113stur\u0113 un kult\u016br\u0101. Lai gan arm\u0113\u0146u gramatika no pirm\u0101 acu uzmetiena var\u0113tu \u0161\u0137ist bied\u0113jo\u0161a, t\u0101s sadal\u012b\u0161ana t\u0101s b\u016btiskaj\u0101s sast\u0101vda\u013c\u0101s vienk\u0101r\u0161o procesu. \u0160aj\u0101 rakst\u0101 m\u0113s iepaz\u012bstin\u0101sim j\u016bs [&hellip;]<\/p>\n","protected":false},"author":1,"featured_media":109223,"parent":0,"menu_order":0,"comment_status":"closed","ping_status":"closed","template":"LearningContentPage.php","meta":{"_acf_changed":false,"footnotes":""},"class_list":["post-140428","page","type-page","status-publish","has-post-thumbnail","hentry"],"acf":[],"yoast_head":"<!-- This site is optimized with the Yoast SEO Premium plugin v27.2 (Yoast SEO v27.2) - https:\/\/yoast.com\/product\/yoast-seo-premium-wordpress\/ -->\n<title>Arm\u0113\u0146u gramatika - Talkpal<\/title>\n<meta name=\"description\" content=\"Atkl\u0101jiet arm\u0113\u0146u valodas gramatikas nosl\u0113pumus un iepaz\u012bstiet Arm\u0113nijas bag\u0101to kult\u016bru, vienlaikus apg\u016bstot \u0161o aizraujo\u0161o valodu.\" \/>\n<meta name=\"robots\" content=\"index, follow, max-snippet:-1, max-image-preview:large, max-video-preview:-1\" \/>\n<link rel=\"canonical\" href=\"https:\/\/talkpal.ai\/lv\/armenu-gramatika\/\" \/>\n<meta property=\"og:locale\" content=\"lv_LV\" \/>\n<meta property=\"og:type\" content=\"article\" \/>\n<meta property=\"og:title\" content=\"Arm\u0113\u0146u gramatika\" \/>\n<meta property=\"og:description\" content=\"Arm\u0113\u0146u gramatikas bag\u0101t\u012bbas atkl\u0101\u0161ana Arm\u0113\u0146u, unik\u0101la un aizraujo\u0161a valoda, ie\u0146em at\u0161\u0137ir\u012bgu vietu indoeiropie\u0161u \u0123imen\u0113. Arm\u0113\u0146u valodas apguve ne tikai\" \/>\n<meta property=\"og:url\" content=\"https:\/\/talkpal.ai\/lv\/armenu-gramatika\/\" \/>\n<meta property=\"og:site_name\" content=\"Talkpal\" \/>\n<meta property=\"article:publisher\" content=\"https:\/\/www.facebook.com\/profile.php?id=100090733639311\" \/>\n<meta property=\"article:modified_time\" content=\"2025-05-21T10:55:26+00:00\" \/>\n<meta property=\"og:image\" content=\"https:\/\/talkpal.ai\/wp-content\/uploads\/2023\/05\/armenia.png\" \/>\n\t<meta property=\"og:image:width\" content=\"512\" \/>\n\t<meta property=\"og:image:height\" content=\"512\" \/>\n\t<meta property=\"og:image:type\" content=\"image\/png\" \/>\n<meta name=\"twitter:card\" content=\"summary_large_image\" \/>\n<meta name=\"twitter:site\" content=\"@talkpalai\" \/>\n<meta name=\"twitter:label1\" content=\"Est. reading time\" \/>\n\t<meta name=\"twitter:data1\" content=\"3 minutes\" \/>\n<script type=\"application\/ld+json\" class=\"yoast-schema-graph\">{\"@context\":\"https:\/\/schema.org\",\"@graph\":[{\"@type\":\"WebPage\",\"@id\":\"https:\/\/talkpal.ai\/lv\/armenu-gramatika\/\",\"url\":\"https:\/\/talkpal.ai\/lv\/armenu-gramatika\/\",\"name\":\"Arm\u0113\u0146u gramatika - Talkpal\",\"isPartOf\":{\"@id\":\"https:\/\/talkpal.ai\/lv\/#website\"},\"primaryImageOfPage\":{\"@id\":\"https:\/\/talkpal.ai\/lv\/armenu-gramatika\/#primaryimage\"},\"image\":{\"@id\":\"https:\/\/talkpal.ai\/lv\/armenu-gramatika\/#primaryimage\"},\"thumbnailUrl\":\"https:\/\/talkpal.ai\/wp-content\/uploads\/2023\/05\/armenia.png\",\"datePublished\":\"2023-05-14T13:54:14+00:00\",\"dateModified\":\"2025-05-21T10:55:26+00:00\",\"description\":\"Atkl\u0101jiet arm\u0113\u0146u valodas gramatikas nosl\u0113pumus un iepaz\u012bstiet Arm\u0113nijas bag\u0101to kult\u016bru, vienlaikus apg\u016bstot \u0161o aizraujo\u0161o valodu.\",\"breadcrumb\":{\"@id\":\"https:\/\/talkpal.ai\/lv\/armenu-gramatika\/#breadcrumb\"},\"inLanguage\":\"lv-LV\",\"potentialAction\":[{\"@type\":\"ReadAction\",\"target\":[\"https:\/\/talkpal.ai\/lv\/armenu-gramatika\/\"]}]},{\"@type\":\"ImageObject\",\"inLanguage\":\"lv-LV\",\"@id\":\"https:\/\/talkpal.ai\/lv\/armenu-gramatika\/#primaryimage\",\"url\":\"https:\/\/talkpal.ai\/wp-content\/uploads\/2023\/05\/armenia.png\",\"contentUrl\":\"https:\/\/talkpal.ai\/wp-content\/uploads\/2023\/05\/armenia.png\",\"width\":512,\"height\":512},{\"@type\":\"BreadcrumbList\",\"@id\":\"https:\/\/talkpal.ai\/lv\/armenu-gramatika\/#breadcrumb\",\"itemListElement\":[{\"@type\":\"ListItem\",\"position\":1,\"name\":\"Homepage\",\"item\":\"https:\/\/talkpal.ai\/lv\/\"},{\"@type\":\"ListItem\",\"position\":2,\"name\":\"Arm\u0113\u0146u gramatika\"}]},{\"@type\":\"WebSite\",\"@id\":\"https:\/\/talkpal.ai\/lv\/#website\",\"url\":\"https:\/\/talkpal.ai\/lv\/\",\"name\":\"Talkpal\",\"description\":\"AI Language Learning\",\"publisher\":{\"@id\":\"https:\/\/talkpal.ai\/lv\/#organization\"},\"alternateName\":\"Talkpal AI\",\"potentialAction\":[{\"@type\":\"SearchAction\",\"target\":{\"@type\":\"EntryPoint\",\"urlTemplate\":\"https:\/\/talkpal.ai\/lv\/?s={search_term_string}\"},\"query-input\":{\"@type\":\"PropertyValueSpecification\",\"valueRequired\":true,\"valueName\":\"search_term_string\"}}],\"inLanguage\":\"lv-LV\"},{\"@type\":\"Organization\",\"@id\":\"https:\/\/talkpal.ai\/lv\/#organization\",\"name\":\"Talkpal, Inc.\",\"alternateName\":\"Talkpal AI\",\"url\":\"https:\/\/talkpal.ai\/lv\/\",\"logo\":{\"@type\":\"ImageObject\",\"inLanguage\":\"lv-LV\",\"@id\":\"https:\/\/talkpal.ai\/lv\/#\/schema\/logo\/image\/\",\"url\":\"https:\/\/talkpal.ai\/wp-content\/uploads\/2024\/03\/Talkpal-Logo-Icon.png\",\"contentUrl\":\"https:\/\/talkpal.ai\/wp-content\/uploads\/2024\/03\/Talkpal-Logo-Icon.png\",\"width\":2880,\"height\":2880,\"caption\":\"Talkpal, Inc.\"},\"image\":{\"@id\":\"https:\/\/talkpal.ai\/lv\/#\/schema\/logo\/image\/\"},\"sameAs\":[\"https:\/\/www.facebook.com\/profile.php?id=100090733639311\",\"https:\/\/x.com\/talkpalai\",\"https:\/\/www.linkedin.com\/company\/talkpal\/\",\"https:\/\/www.youtube.com\/@TalkPal\/\",\"https:\/\/www.tiktok.com\/@talkpal\",\"https:\/\/www.instagram.com\/talkpal_ai\/\",\"https:\/\/www.crunchbase.com\/organization\/talkpal-9cde\",\"https:\/\/www.g2.com\/products\/talkpal-for-business\/\",\"https:\/\/www.trustpilot.com\/review\/talkpal.ai\",\"https:\/\/www.capterra.com\/p\/10006800\/TalkPal\/\"],\"description\":\"Talkpal is a language learning web and mobile education app, powered by the latest AI technologies, that provides engaging experiences to its customers in many different languages to help them improve their language skills. Users can chat about unlimited amount of topics with the app and use other modes to practice their language learning.\",\"email\":\"support@talkpal.ai\",\"legalName\":\"Talkpal, Inc.\",\"foundingDate\":\"2023-04-03\",\"duns\":\"118989042\",\"numberOfEmployees\":{\"@type\":\"QuantitativeValue\",\"minValue\":\"11\",\"maxValue\":\"50\"},\"publishingPrinciples\":\"https:\/\/talkpal.ai\/publishing-principles\/\",\"actionableFeedbackPolicy\":\"https:\/\/talkpal.ai\/actionable-feedback-policy\/\",\"correctionsPolicy\":\"https:\/\/talkpal.ai\/corrections-policy\/\",\"ethicsPolicy\":\"https:\/\/talkpal.ai\/ethics-policy\/\",\"diversityPolicy\":\"https:\/\/talkpal.ai\/diversity-policy\/\",\"diversityStaffingReport\":\"https:\/\/talkpal.ai\/diversity-policy\/\"}]}<\/script>\n<!-- \/ Yoast SEO Premium plugin. -->","yoast_head_json":{"title":"Arm\u0113\u0146u gramatika - Talkpal","description":"Atkl\u0101jiet arm\u0113\u0146u valodas gramatikas nosl\u0113pumus un iepaz\u012bstiet Arm\u0113nijas bag\u0101to kult\u016bru, vienlaikus apg\u016bstot \u0161o aizraujo\u0161o valodu.","robots":{"index":"index","follow":"follow","max-snippet":"max-snippet:-1","max-image-preview":"max-image-preview:large","max-video-preview":"max-video-preview:-1"},"canonical":"https:\/\/talkpal.ai\/lv\/armenu-gramatika\/","og_locale":"lv_LV","og_type":"article","og_title":"Arm\u0113\u0146u gramatika","og_description":"Arm\u0113\u0146u gramatikas bag\u0101t\u012bbas atkl\u0101\u0161ana Arm\u0113\u0146u, unik\u0101la un aizraujo\u0161a valoda, ie\u0146em at\u0161\u0137ir\u012bgu vietu indoeiropie\u0161u \u0123imen\u0113. Arm\u0113\u0146u valodas apguve ne tikai","og_url":"https:\/\/talkpal.ai\/lv\/armenu-gramatika\/","og_site_name":"Talkpal","article_publisher":"https:\/\/www.facebook.com\/profile.php?id=100090733639311","article_modified_time":"2025-05-21T10:55:26+00:00","og_image":[{"width":512,"height":512,"url":"https:\/\/talkpal.ai\/wp-content\/uploads\/2023\/05\/armenia.png","type":"image\/png"}],"twitter_card":"summary_large_image","twitter_site":"@talkpalai","twitter_misc":{"Est. reading time":"3 minutes"},"schema":{"@context":"https:\/\/schema.org","@graph":[{"@type":"WebPage","@id":"https:\/\/talkpal.ai\/lv\/armenu-gramatika\/","url":"https:\/\/talkpal.ai\/lv\/armenu-gramatika\/","name":"Arm\u0113\u0146u gramatika - Talkpal","isPartOf":{"@id":"https:\/\/talkpal.ai\/lv\/#website"},"primaryImageOfPage":{"@id":"https:\/\/talkpal.ai\/lv\/armenu-gramatika\/#primaryimage"},"image":{"@id":"https:\/\/talkpal.ai\/lv\/armenu-gramatika\/#primaryimage"},"thumbnailUrl":"https:\/\/talkpal.ai\/wp-content\/uploads\/2023\/05\/armenia.png","datePublished":"2023-05-14T13:54:14+00:00","dateModified":"2025-05-21T10:55:26+00:00","description":"Atkl\u0101jiet arm\u0113\u0146u valodas gramatikas nosl\u0113pumus un iepaz\u012bstiet Arm\u0113nijas bag\u0101to kult\u016bru, vienlaikus apg\u016bstot \u0161o aizraujo\u0161o valodu.","breadcrumb":{"@id":"https:\/\/talkpal.ai\/lv\/armenu-gramatika\/#breadcrumb"},"inLanguage":"lv-LV","potentialAction":[{"@type":"ReadAction","target":["https:\/\/talkpal.ai\/lv\/armenu-gramatika\/"]}]},{"@type":"ImageObject","inLanguage":"lv-LV","@id":"https:\/\/talkpal.ai\/lv\/armenu-gramatika\/#primaryimage","url":"https:\/\/talkpal.ai\/wp-content\/uploads\/2023\/05\/armenia.png","contentUrl":"https:\/\/talkpal.ai\/wp-content\/uploads\/2023\/05\/armenia.png","width":512,"height":512},{"@type":"BreadcrumbList","@id":"https:\/\/talkpal.ai\/lv\/armenu-gramatika\/#breadcrumb","itemListElement":[{"@type":"ListItem","position":1,"name":"Homepage","item":"https:\/\/talkpal.ai\/lv\/"},{"@type":"ListItem","position":2,"name":"Arm\u0113\u0146u gramatika"}]},{"@type":"WebSite","@id":"https:\/\/talkpal.ai\/lv\/#website","url":"https:\/\/talkpal.ai\/lv\/","name":"Talkpal","description":"AI Language Learning","publisher":{"@id":"https:\/\/talkpal.ai\/lv\/#organization"},"alternateName":"Talkpal AI","potentialAction":[{"@type":"SearchAction","target":{"@type":"EntryPoint","urlTemplate":"https:\/\/talkpal.ai\/lv\/?s={search_term_string}"},"query-input":{"@type":"PropertyValueSpecification","valueRequired":true,"valueName":"search_term_string"}}],"inLanguage":"lv-LV"},{"@type":"Organization","@id":"https:\/\/talkpal.ai\/lv\/#organization","name":"Talkpal, Inc.","alternateName":"Talkpal AI","url":"https:\/\/talkpal.ai\/lv\/","logo":{"@type":"ImageObject","inLanguage":"lv-LV","@id":"https:\/\/talkpal.ai\/lv\/#\/schema\/logo\/image\/","url":"https:\/\/talkpal.ai\/wp-content\/uploads\/2024\/03\/Talkpal-Logo-Icon.png","contentUrl":"https:\/\/talkpal.ai\/wp-content\/uploads\/2024\/03\/Talkpal-Logo-Icon.png","width":2880,"height":2880,"caption":"Talkpal, Inc."},"image":{"@id":"https:\/\/talkpal.ai\/lv\/#\/schema\/logo\/image\/"},"sameAs":["https:\/\/www.facebook.com\/profile.php?id=100090733639311","https:\/\/x.com\/talkpalai","https:\/\/www.linkedin.com\/company\/talkpal\/","https:\/\/www.youtube.com\/@TalkPal\/","https:\/\/www.tiktok.com\/@talkpal","https:\/\/www.instagram.com\/talkpal_ai\/","https:\/\/www.crunchbase.com\/organization\/talkpal-9cde","https:\/\/www.g2.com\/products\/talkpal-for-business\/","https:\/\/www.trustpilot.com\/review\/talkpal.ai","https:\/\/www.capterra.com\/p\/10006800\/TalkPal\/"],"description":"Talkpal is a language learning web and mobile education app, powered by the latest AI technologies, that provides engaging experiences to its customers in many different languages to help them improve their language skills. Users can chat about unlimited amount of topics with the app and use other modes to practice their language learning.","email":"support@talkpal.ai","legalName":"Talkpal, Inc.","foundingDate":"2023-04-03","duns":"118989042","numberOfEmployees":{"@type":"QuantitativeValue","minValue":"11","maxValue":"50"},"publishingPrinciples":"https:\/\/talkpal.ai\/publishing-principles\/","actionableFeedbackPolicy":"https:\/\/talkpal.ai\/actionable-feedback-policy\/","correctionsPolicy":"https:\/\/talkpal.ai\/corrections-policy\/","ethicsPolicy":"https:\/\/talkpal.ai\/ethics-policy\/","diversityPolicy":"https:\/\/talkpal.ai\/diversity-policy\/","diversityStaffingReport":"https:\/\/talkpal.ai\/diversity-policy\/"}]}},"_links":{"self":[{"href":"https:\/\/talkpal.ai\/lv\/wp-json\/wp\/v2\/pages\/140428","targetHints":{"allow":["GET"]}}],"collection":[{"href":"https:\/\/talkpal.ai\/lv\/wp-json\/wp\/v2\/pages"}],"about":[{"href":"https:\/\/talkpal.ai\/lv\/wp-json\/wp\/v2\/types\/page"}],"author":[{"embeddable":true,"href":"https:\/\/talkpal.ai\/lv\/wp-json\/wp\/v2\/users\/1"}],"replies":[{"embeddable":true,"href":"https:\/\/talkpal.ai\/lv\/wp-json\/wp\/v2\/comments?post=140428"}],"version-history":[{"count":0,"href":"https:\/\/talkpal.ai\/lv\/wp-json\/wp\/v2\/pages\/140428\/revisions"}],"wp:featuredmedia":[{"embeddable":true,"href":"https:\/\/talkpal.ai\/lv\/wp-json\/wp\/v2\/media\/109223"}],"wp:attachment":[{"href":"https:\/\/talkpal.ai\/lv\/wp-json\/wp\/v2\/media?parent=140428"}],"curies":[{"name":"wp","href":"https:\/\/api.w.org\/{rel}","templated":true}]}}