{"id":140143,"date":"2023-05-14T13:53:48","date_gmt":"2023-05-14T13:53:48","guid":{"rendered":"http:\/\/talkpal.ai\/azerbaidzanu-gramatika\/"},"modified":"2025-05-22T08:24:19","modified_gmt":"2025-05-22T08:24:19","slug":"azerbaidzanu-gramatika","status":"publish","type":"page","link":"https:\/\/talkpal.ai\/lv\/azerbaidzanu-gramatika\/","title":{"rendered":"Azerbaid\u017e\u0101\u0146u gramatika"},"content":{"rendered":"\r\n\r\n\r\n<section class=\"languageChallengeSection\">\r\n    <div class=\"languageInfoWrapper\">\r\n        \r\n        <h1>Azerbaid\u017e\u0101\u0146u gramatika<\/h1>\r\n        <p>Vai esat gatavi atkl\u0101t <a href=\"https:\/\/talkpal.ai\/learn-azerbaijani\/\">azerbaid\u017e\u0101\u0146u<\/a> <a href=\"https:\/\/talkpal.ai\/what-language-is-spoken-on-the-international-space-station\/\">valodas<\/a> skaistumu? Iepaz\u012bstiet azerbaid\u017e\u0101\u0146u valodas gramatiku un atkl\u0101jiet t\u0101s unik\u0101lo strukt\u016bru, s\u0101kot no patska\u0146u harmonijas l\u012bdz izteiksm\u012bg\u0101m darb\u012bbas v\u0101rdu form\u0101m. S\u0101ciet m\u0101c\u012bties jau \u0161odien un uzziniet, k\u0101 gramatikas apguve patiesi paver ce\u013cu uz br\u012bvu sarunu un dzi\u013c\u0101ku azerbaid\u017e\u0101\u0146u kult\u016bras izpratni!<\/p>\r\n\r\n                            <a class=\"getStartedHidden\" href=\"https:\/\/app.talkpal.ai\/lv\/signup?lng=\">S\u0101c<\/a>\r\n        \r\n    <\/div>\r\n\r\n    <figure>\r\n    <img decoding=\"async\" width=\"768\" height=\"768\" src=\"https:\/\/talkpal.ai\/wp-content\/uploads\/2023\/06\/azerbaijani-768x768.png\" class=\"languageImage no-lazy\" alt=\"Language learning for enhanced cognitive skills\" fetchpriority=\"high\" sizes=\"(max-width: 768px) 150px, 768px\" srcset=\"https:\/\/talkpal.ai\/wp-content\/uploads\/2023\/06\/azerbaijani-768x768.png 768w, https:\/\/talkpal.ai\/wp-content\/uploads\/2023\/06\/azerbaijani-300x300.png 300w\" \/>\r\n    \r\n\r\n    <\/figure>\r\n\r\n            <a class=\"getStartedVisible\" href=\"https:\/\/app.talkpal.ai\/lv\/signup?lng=\">S\u0101c<\/a>\r\n    \r\n<\/section>\r\n<section class=\"promotionalBanner\">\r\n    <p class=\"promotionalText\">Visefekt\u012bv\u0101kais veids, k\u0101 apg\u016bt valodu<\/p>\r\n    <a class=\"promotionalLink\" href=\"https:\/\/app.talkpal.ai\/lv\/signup?lng=\">Izm\u0113\u0123iniet Talkpal bez maksas<\/a>\r\n<\/section>\n<div class=\"wp-block-group pageContainerStyle\"><div class=\"wp-block-group__inner-container is-layout-constrained wp-block-group-is-layout-constrained\">\n<h2 class=\"wp-block-heading\" id=\"h-a-comprehensive-guide-to-azerbaijani-grammar\">Visaptvero\u0161s Azerbaid\u017e\u0101nas gramatikas ce\u013cvedis<\/h2>\n\n\n\n<p>Vai esat k\u0101dreiz dom\u0101ju\u0161i par azerbaid\u017e\u0101\u0146u valodas apguvi? K\u0101 Azerbaid\u017e\u0101nas ofici\u0101l\u0101 valoda, kur\u0101 run\u0101 miljoniem cilv\u0113ku Kauk\u0101za re\u0123ion\u0101, azerbaid\u017e\u0101\u0146u valoda ir unik\u0101la un aizraujo\u0161a valoda. Ar bag\u0101tu v\u0113sturi, daudzveid\u012bgu kult\u016bru un <a href=\"https:\/\/talkpal.ai\/locations\/language-courses-in-turku\/\">turku<\/a>, <a href=\"https:\/\/talkpal.ai\/learn-russian\/\">krievu<\/a> un <a href=\"https:\/\/talkpal.ai\/lv\/uzziniet-persiesu-valodu\/\">persie\u0161u valodu<\/a> ietekmju sajaukumu azerbaid\u017e\u0101\u0146u valoda nodro\u0161ina unik\u0101lu valodas pieredzi. Bet nebaidieties, mans draugs! \u0160aj\u0101 rakst\u0101 m\u0113s atkl\u0101sim Azerbaid\u017e\u0101nas gramatikas br\u012bnumus, padarot to pieejamu un uzdro\u0161inos teikt, pat\u012bkamu t\u0101diem valodas entuziastiem k\u0101 j\u016bs.<\/p>\n\n\n\n<p><strong>S\u0101ksim, labi?<\/strong><\/p>\n\n\n\n<h3 class=\"wp-block-heading\" id=\"h-1-the-azerbaijani-alphabet-a-fusion-of-beauty-and-simplicity\">1. Azerbaid\u017e\u0101nas alfab\u0113ts: skaistuma un vienk\u0101r\u0161\u012bbas sapl\u016b\u0161ana<\/h3>\n\n\n\n<p>Azerbaid\u017e\u0101nas alfab\u0113ta pamat\u0101 ir lat\u012b\u0146u alfab\u0113ts, kas sast\u0101v no 32 burtiem. Neuztraucieties, jums nevajadz\u0113s at\u0161ifr\u0113t m\u012bklainas rakstz\u012bmes, jo t\u0101s \u013coti l\u012bdzin\u0101s <a href=\"https:\/\/talkpal.ai\/learn-english-with-ai\/\">ang\u013cu<\/a> alfab\u0113tam. Tom\u0113r da\u017eiem burtiem piem\u012bt unik\u0101li akcenti un diakritisk\u0101s z\u012bmes, lai att\u0113lotu konkr\u0113tas azerbaid\u017e\u0101\u0146u ska\u0146as. K\u0101da ir galven\u0101 atzi\u0146a? Alfab\u0113ta apg\u016b\u0161ana ir pirmais mazais, bet b\u016btiskais solis valodas apguv\u0113.<\/p>\n\n\n\n<h3 class=\"wp-block-heading\" id=\"h-2-word-order-simple-as-s-o-v\">2. V\u0101rdu sec\u012bba: vienk\u0101r\u0161a k\u0101 S-O-V!<\/h3>\n\n\n\n<p>At\u0161\u0137ir\u012bb\u0101 no ang\u013cu valodas, kas seko subjekta-verba-objekta (SVO) v\u0101rdu sec\u012bbai, azerbaid\u017e\u0101\u0146u valoda ir SOV valoda. Tas noz\u012bm\u0113, ka j\u016bs parasti atrad\u012bsiet priek\u0161metu teikuma s\u0101kum\u0101, kam seko objekts un beidzas ar darb\u012bbas v\u0101rdu. S\u0101kum\u0101 tas var \u0161\u0137ist mazliet d\u012bvaini, bet ticiet man, j\u016bs to apg\u016bsiet \u012bs\u0101 laik\u0101! Piem\u0113ram, ang\u013cu valod\u0101 m\u0113s sak\u0101m &#8220;I love Azerbaijan&#8221;. Azerbaid\u017e\u0101\u0146u valod\u0101 teikums b\u016btu &#8220;M\u0259n Az\u0259rbaycan\u0131 sevir\u0259m&#8221; (burtiski &#8220;Es Azerbaid\u017e\u0101nu m\u012blu&#8221;). K\u016bkas gabals, vai ne?<\/p>\n\n\n\n<h3 class=\"wp-block-heading\" id=\"h-3-noun-cases-a-colorful-display-of-linguistic-variety\">3. Lietv\u0101rdu gad\u012bjumi: kr\u0101sains lingvistisk\u0101s daudzveid\u012bbas att\u0113lojums<\/h3>\n\n\n\n<p>Viena no visspilgt\u0101kaj\u0101m Azerbaid\u017e\u0101nas gramatikas iez\u012bm\u0113m ir t\u0101s lietv\u0101rdu gad\u012bjumi. Valoda lepojas ar se\u0161iem at\u0161\u0137ir\u012bgiem gad\u012bjumiem, no kuriem katrs pilda noteiktu funkciju. Tie ir: nominat\u012bvs, \u0123enit\u012bvs, dat\u012bvs, akuzat\u012bvs, lokat\u012bvs un ablat\u012bvs. Tagad tas var\u0113tu izklaus\u012bties bied\u0113jo\u0161i, bet nebaidieties! T\u0101pat k\u0101 gleznojot att\u0113lu ar da\u017e\u0101d\u0101m kr\u0101s\u0101m, \u0161ie gad\u012bjumi j\u016bsu teikumiem pie\u0161\u0137ir dzi\u013cumu un noz\u012bmi. Piem\u0113ram, &#8220;kitab&#8221; (gr\u0101mata) var p\u0101rveidoties par &#8220;kitab\u0131n&#8221; (gr\u0101matas), lai izteiktu pieder\u012bbu. Pak\u0101peniski iepaz\u012bstoties ar \u0161iem gad\u012bjumiem, j\u016bs s\u0101ksiet nov\u0113rt\u0113t to noz\u012bmi valod\u0101.<\/p>\n\n\n\n<h3 class=\"wp-block-heading\" id=\"h-4-verb-conjugation-express-yourself-with-ease\">4. Darb\u012bbas v\u0101rdu konjug\u0101cija: izsakiet sevi viegli<\/h3>\n\n\n\n<p>Azerbaid\u017e\u0101\u0146u darb\u012bbas v\u0101rdi ir bag\u0101ti un izteiksm\u012bgi, \u013caujot jums nodot pla\u0161u darb\u012bbu, emociju, nodomu un daudz ko citu. Azerbaid\u017e\u0101nas darb\u012bbas v\u0101rdu konjug\u0101cijas apguves atsl\u0113ga ir izpratne par infinit\u012bvo formu (darb\u012bbas v\u0101rda pamata, nekonjug\u0113to formu) un da\u017e\u0101diem sufiksiem, kas nor\u0101da uz sasprindzin\u0101jumu, personu un skaitli. Piem\u0113ram, nenoteiksme &#8220;g\u00f6rm\u0259k&#8221; (redz\u0113t) var k\u013c\u016bt par &#8220;g\u00f6r\u00fcr\u0259m&#8221; (es redzu) vai &#8220;g\u00f6rd\u00fcm&#8221; (es redz\u0113ju), izmantojot loc\u012b\u0161anas burv\u012bbu. Prakse padara perfektu, t\u0101p\u0113c turpiniet to dar\u012bt, un j\u016bs k\u013c\u016bsiet par darb\u012bbas v\u0101rdu loc\u012b\u0161anas prat\u0113ju!<\/p>\n\n\n\n<h3 class=\"wp-block-heading\" id=\"h-5-it-s-all-about-the-context-dig-deep-into-the-azerbaijani-mindset\">5. Viss atkar\u012bgs no konteksta: Iedzi\u013cinieties azerbaid\u017e\u0101\u0146u dom\u0101\u0161anas stil\u0101!<\/h3>\n\n\n\n<p>Kad s\u0101kat salikt teikumus un iegremd\u0113ties azerbaid\u017e\u0101\u0146u valod\u0101, vienm\u0113r paturiet pr\u0101t\u0101, ka konteksts ir iz\u0161\u0137iro\u0161s. Azerbaid\u017e\u0101nas kult\u016brai, v\u0113sturei un pasaules uzskatam ir liela noz\u012bme valodas veido\u0161an\u0101. T\u0101p\u0113c, k\u0101 saka: &#8220;Kad esi Rom\u0101, dari k\u0101 romie\u0161i.&#8221; Ienirstiet azerbaid\u017e\u0101\u0146u dom\u0101\u0161an\u0101, lai ieg\u016btu patiesu valodas izj\u016btu. Sazinieties ar dzimt\u0101s valodas run\u0101t\u0101jiem, izp\u0113tiet viet\u0113jo literat\u016bru un izmantojiet valodas \u012bpatn\u012bbas. Ticiet man, j\u016bs ne tikai uzlabosiet savas valodas zin\u0101\u0161anas, bet ar\u012b ieg\u016bsiet neaizmirstamu pieredzi un atmi\u0146as.<\/p>\n\n\n\n<p>Nobeigum\u0101, azerbaid\u017e\u0101\u0146u valodas <a href=\"https:\/\/talkpal.ai\/sq\/gramatika\/\">gramatika<\/a> s\u0101kum\u0101 var \u0161\u0137ist sare\u017e\u0123\u012bta, ta\u010du ar cent\u012bbu, praksi un interesi par \u0161o kult\u016bru j\u016bs \u0101tri vien k\u013c\u016bsiet profesion\u0101lis! T\u0101tad, k\u0101p\u0113c gaid\u012bt? Ienirstiet un dodieties \u0161aj\u0101 aizraujo\u0161aj\u0101 lingvistiskaj\u0101 piedz\u012bvojum\u0101, kas atst\u0101s j\u016bs bij\u012bb\u0101 pret azerbaid\u017e\u0101\u0146u valodas skaistumu un dzi\u013cumu.<\/p>\n<\/div><\/div>\n\r\n<section class=\"learnNavigationSection\">\r\n            \r\n        <a href=\"https:\/\/talkpal.ai\/lv\/uzziniet-azerbaidzanu-valodu\/\">\r\n            <div class=\"learnNavigationWrapper\">\r\n                <div class=\"learnNavigationContent\">\r\n                    <img decoding=\"async\" src=\"https:\/\/talkpal.ai\/wp-content\/uploads\/2024\/08\/Azerbaijani.jpg\" alt=\"Azerbaijani Flag\">\r\n                    <div>\r\n                        <h4>Par azerbaid\u017e\u0101\u0146u valodas apguvi<\/h4>\r\n                        <p>Uzziniet visu par Azerbaid\u017e\u0101nas gramatiku.<\/p>\r\n                    <\/div>\r\n                <\/div>\r\n            <\/div>\r\n        <\/a>\r\n\r\n        \r\n        <a href=\"https:\/\/talkpal.ai\/lv\/azerbaidzanas-gramatikas-vingrinajumi\/\">\r\n            <div class=\"learnNavigationWrapper\">\r\n                <div class=\"learnNavigationContent\">\r\n                    <img decoding=\"async\" src=\"https:\/\/talkpal.ai\/wp-content\/uploads\/2024\/08\/Azerbaijani.jpg\" alt=\"Azerbaijani Flag\">\r\n                    <div>\r\n                        <h4>Azerbaid\u017e\u0101\u0146u valodas gramatikas vingrin\u0101jums<\/h4>\r\n                        <p>Praktiz\u0113jiet Azerbaid\u017e\u0101nas gramatiku.<\/p>\r\n                    <\/div>\r\n                <\/div>\r\n            <\/div>\r\n        <\/a>\r\n\r\n        \r\n        <a href=\"https:\/\/talkpal.ai\/vocabulary_language\/azerbaijani\/\">\r\n            <div class=\"learnNavigationWrapper\">\r\n                <div class=\"learnNavigationContent\">\r\n                    <img decoding=\"async\" src=\"https:\/\/talkpal.ai\/wp-content\/uploads\/2024\/08\/Azerbaijani.jpg\" alt=\"Azerbaijani Flag\">\r\n                    <div>\r\n                        <h4>Azerbaid\u017e\u0101\u0146u valodas v\u0101rdn\u012bca<\/h4>\r\n                        <p>Papla\u0161iniet azerbaid\u017e\u0101\u0146u valodas v\u0101rdu kr\u0101jumu.<\/p>\r\n                    <\/div>\r\n                <\/div>\r\n            <\/div>\r\n        <\/a>\r\n\r\n            <\/section>","protected":false},"excerpt":{"rendered":"<p>Visaptvero\u0161s Azerbaid\u017e\u0101nas gramatikas ce\u013cvedis Vai esat k\u0101dreiz dom\u0101ju\u0161i par azerbaid\u017e\u0101\u0146u valodas apguvi? K\u0101 Azerbaid\u017e\u0101nas ofici\u0101l\u0101 valoda, kur\u0101 run\u0101 miljoniem cilv\u0113ku Kauk\u0101za re\u0123ion\u0101, azerbaid\u017e\u0101\u0146u valoda ir unik\u0101la un aizraujo\u0161a valoda. Ar bag\u0101tu v\u0113sturi, daudzveid\u012bgu kult\u016bru un turku, krievu un persie\u0161u valodu ietekmju sajaukumu azerbaid\u017e\u0101\u0146u valoda nodro\u0161ina unik\u0101lu valodas pieredzi. Bet nebaidieties, mans draugs! \u0160aj\u0101 rakst\u0101 m\u0113s [&hellip;]<\/p>\n","protected":false},"author":1,"featured_media":109548,"parent":0,"menu_order":0,"comment_status":"closed","ping_status":"closed","template":"LearningContentPage.php","meta":{"_acf_changed":false,"footnotes":""},"class_list":["post-140143","page","type-page","status-publish","has-post-thumbnail","hentry"],"acf":[],"yoast_head":"<!-- This site is optimized with the Yoast SEO Premium plugin v27.2 (Yoast SEO v27.2) - https:\/\/yoast.com\/product\/yoast-seo-premium-wordpress\/ -->\n<title>Azerbaid\u017e\u0101\u0146u gramatika - Talkpal<\/title>\n<meta name=\"description\" content=\"Apg\u016bstiet azerbaid\u017e\u0101\u0146u valodas gramatiku bez piep\u016bles ar Talkpal, j\u016bsu m\u0101ksl\u012bg\u0101 intelekta darbin\u0101tais skolot\u0101js. Atkl\u0101jiet vienk\u0101r\u0161us skaidrojumus, interakt\u012bvus vingrin\u0101jumus un praktiskus padomus.\" \/>\n<meta name=\"robots\" content=\"index, follow, max-snippet:-1, max-image-preview:large, max-video-preview:-1\" \/>\n<link rel=\"canonical\" href=\"https:\/\/talkpal.ai\/lv\/azerbaidzanu-gramatika\/\" \/>\n<meta property=\"og:locale\" content=\"lv_LV\" \/>\n<meta property=\"og:type\" content=\"article\" \/>\n<meta property=\"og:title\" content=\"Azerbaid\u017e\u0101\u0146u gramatika\" \/>\n<meta property=\"og:description\" content=\"Visaptvero\u0161s Azerbaid\u017e\u0101nas gramatikas ce\u013cvedis Vai esat k\u0101dreiz dom\u0101ju\u0161i par azerbaid\u017e\u0101\u0146u valodas apguvi? K\u0101 Azerbaid\u017e\u0101nas ofici\u0101l\u0101 valoda, kur\u0101 run\u0101\" \/>\n<meta property=\"og:url\" content=\"https:\/\/talkpal.ai\/lv\/azerbaidzanu-gramatika\/\" \/>\n<meta property=\"og:site_name\" content=\"Talkpal\" \/>\n<meta property=\"article:publisher\" content=\"https:\/\/www.facebook.com\/profile.php?id=100090733639311\" \/>\n<meta property=\"article:modified_time\" content=\"2025-05-22T08:24:19+00:00\" \/>\n<meta property=\"og:image\" content=\"https:\/\/talkpal.ai\/wp-content\/uploads\/2023\/05\/azerbaijan.png\" \/>\n\t<meta property=\"og:image:width\" content=\"512\" \/>\n\t<meta property=\"og:image:height\" content=\"512\" \/>\n\t<meta property=\"og:image:type\" content=\"image\/png\" \/>\n<meta name=\"twitter:card\" content=\"summary_large_image\" \/>\n<meta name=\"twitter:site\" content=\"@talkpalai\" \/>\n<meta name=\"twitter:label1\" content=\"Est. reading time\" \/>\n\t<meta name=\"twitter:data1\" content=\"4 minutes\" \/>\n<script type=\"application\/ld+json\" class=\"yoast-schema-graph\">{\"@context\":\"https:\/\/schema.org\",\"@graph\":[{\"@type\":\"WebPage\",\"@id\":\"https:\/\/talkpal.ai\/lv\/azerbaidzanu-gramatika\/\",\"url\":\"https:\/\/talkpal.ai\/lv\/azerbaidzanu-gramatika\/\",\"name\":\"Azerbaid\u017e\u0101\u0146u gramatika - Talkpal\",\"isPartOf\":{\"@id\":\"https:\/\/talkpal.ai\/lv\/#website\"},\"primaryImageOfPage\":{\"@id\":\"https:\/\/talkpal.ai\/lv\/azerbaidzanu-gramatika\/#primaryimage\"},\"image\":{\"@id\":\"https:\/\/talkpal.ai\/lv\/azerbaidzanu-gramatika\/#primaryimage\"},\"thumbnailUrl\":\"https:\/\/talkpal.ai\/wp-content\/uploads\/2023\/05\/azerbaijan.png\",\"datePublished\":\"2023-05-14T13:53:48+00:00\",\"dateModified\":\"2025-05-22T08:24:19+00:00\",\"description\":\"Apg\u016bstiet azerbaid\u017e\u0101\u0146u valodas gramatiku bez piep\u016bles ar Talkpal, j\u016bsu m\u0101ksl\u012bg\u0101 intelekta darbin\u0101tais skolot\u0101js. Atkl\u0101jiet vienk\u0101r\u0161us skaidrojumus, interakt\u012bvus vingrin\u0101jumus un praktiskus padomus.\",\"breadcrumb\":{\"@id\":\"https:\/\/talkpal.ai\/lv\/azerbaidzanu-gramatika\/#breadcrumb\"},\"inLanguage\":\"lv-LV\",\"potentialAction\":[{\"@type\":\"ReadAction\",\"target\":[\"https:\/\/talkpal.ai\/lv\/azerbaidzanu-gramatika\/\"]}]},{\"@type\":\"ImageObject\",\"inLanguage\":\"lv-LV\",\"@id\":\"https:\/\/talkpal.ai\/lv\/azerbaidzanu-gramatika\/#primaryimage\",\"url\":\"https:\/\/talkpal.ai\/wp-content\/uploads\/2023\/05\/azerbaijan.png\",\"contentUrl\":\"https:\/\/talkpal.ai\/wp-content\/uploads\/2023\/05\/azerbaijan.png\",\"width\":512,\"height\":512},{\"@type\":\"BreadcrumbList\",\"@id\":\"https:\/\/talkpal.ai\/lv\/azerbaidzanu-gramatika\/#breadcrumb\",\"itemListElement\":[{\"@type\":\"ListItem\",\"position\":1,\"name\":\"Homepage\",\"item\":\"https:\/\/talkpal.ai\/lv\/\"},{\"@type\":\"ListItem\",\"position\":2,\"name\":\"Azerbaid\u017e\u0101\u0146u gramatika\"}]},{\"@type\":\"WebSite\",\"@id\":\"https:\/\/talkpal.ai\/lv\/#website\",\"url\":\"https:\/\/talkpal.ai\/lv\/\",\"name\":\"Talkpal\",\"description\":\"AI Language Learning\",\"publisher\":{\"@id\":\"https:\/\/talkpal.ai\/lv\/#organization\"},\"alternateName\":\"Talkpal AI\",\"potentialAction\":[{\"@type\":\"SearchAction\",\"target\":{\"@type\":\"EntryPoint\",\"urlTemplate\":\"https:\/\/talkpal.ai\/lv\/?s={search_term_string}\"},\"query-input\":{\"@type\":\"PropertyValueSpecification\",\"valueRequired\":true,\"valueName\":\"search_term_string\"}}],\"inLanguage\":\"lv-LV\"},{\"@type\":\"Organization\",\"@id\":\"https:\/\/talkpal.ai\/lv\/#organization\",\"name\":\"Talkpal, Inc.\",\"alternateName\":\"Talkpal AI\",\"url\":\"https:\/\/talkpal.ai\/lv\/\",\"logo\":{\"@type\":\"ImageObject\",\"inLanguage\":\"lv-LV\",\"@id\":\"https:\/\/talkpal.ai\/lv\/#\/schema\/logo\/image\/\",\"url\":\"https:\/\/talkpal.ai\/wp-content\/uploads\/2024\/03\/Talkpal-Logo-Icon.png\",\"contentUrl\":\"https:\/\/talkpal.ai\/wp-content\/uploads\/2024\/03\/Talkpal-Logo-Icon.png\",\"width\":2880,\"height\":2880,\"caption\":\"Talkpal, Inc.\"},\"image\":{\"@id\":\"https:\/\/talkpal.ai\/lv\/#\/schema\/logo\/image\/\"},\"sameAs\":[\"https:\/\/www.facebook.com\/profile.php?id=100090733639311\",\"https:\/\/x.com\/talkpalai\",\"https:\/\/www.linkedin.com\/company\/talkpal\/\",\"https:\/\/www.youtube.com\/@TalkPal\/\",\"https:\/\/www.tiktok.com\/@talkpal\",\"https:\/\/www.instagram.com\/talkpal_ai\/\",\"https:\/\/www.crunchbase.com\/organization\/talkpal-9cde\",\"https:\/\/www.g2.com\/products\/talkpal-for-business\/\",\"https:\/\/www.trustpilot.com\/review\/talkpal.ai\",\"https:\/\/www.capterra.com\/p\/10006800\/TalkPal\/\"],\"description\":\"Talkpal is a language learning web and mobile education app, powered by the latest AI technologies, that provides engaging experiences to its customers in many different languages to help them improve their language skills. Users can chat about unlimited amount of topics with the app and use other modes to practice their language learning.\",\"email\":\"support@talkpal.ai\",\"legalName\":\"Talkpal, Inc.\",\"foundingDate\":\"2023-04-03\",\"duns\":\"118989042\",\"numberOfEmployees\":{\"@type\":\"QuantitativeValue\",\"minValue\":\"11\",\"maxValue\":\"50\"},\"publishingPrinciples\":\"https:\/\/talkpal.ai\/publishing-principles\/\",\"actionableFeedbackPolicy\":\"https:\/\/talkpal.ai\/actionable-feedback-policy\/\",\"correctionsPolicy\":\"https:\/\/talkpal.ai\/corrections-policy\/\",\"ethicsPolicy\":\"https:\/\/talkpal.ai\/ethics-policy\/\",\"diversityPolicy\":\"https:\/\/talkpal.ai\/diversity-policy\/\",\"diversityStaffingReport\":\"https:\/\/talkpal.ai\/diversity-policy\/\"}]}<\/script>\n<!-- \/ Yoast SEO Premium plugin. -->","yoast_head_json":{"title":"Azerbaid\u017e\u0101\u0146u gramatika - Talkpal","description":"Apg\u016bstiet azerbaid\u017e\u0101\u0146u valodas gramatiku bez piep\u016bles ar Talkpal, j\u016bsu m\u0101ksl\u012bg\u0101 intelekta darbin\u0101tais skolot\u0101js. Atkl\u0101jiet vienk\u0101r\u0161us skaidrojumus, interakt\u012bvus vingrin\u0101jumus un praktiskus padomus.","robots":{"index":"index","follow":"follow","max-snippet":"max-snippet:-1","max-image-preview":"max-image-preview:large","max-video-preview":"max-video-preview:-1"},"canonical":"https:\/\/talkpal.ai\/lv\/azerbaidzanu-gramatika\/","og_locale":"lv_LV","og_type":"article","og_title":"Azerbaid\u017e\u0101\u0146u gramatika","og_description":"Visaptvero\u0161s Azerbaid\u017e\u0101nas gramatikas ce\u013cvedis Vai esat k\u0101dreiz dom\u0101ju\u0161i par azerbaid\u017e\u0101\u0146u valodas apguvi? K\u0101 Azerbaid\u017e\u0101nas ofici\u0101l\u0101 valoda, kur\u0101 run\u0101","og_url":"https:\/\/talkpal.ai\/lv\/azerbaidzanu-gramatika\/","og_site_name":"Talkpal","article_publisher":"https:\/\/www.facebook.com\/profile.php?id=100090733639311","article_modified_time":"2025-05-22T08:24:19+00:00","og_image":[{"width":512,"height":512,"url":"https:\/\/talkpal.ai\/wp-content\/uploads\/2023\/05\/azerbaijan.png","type":"image\/png"}],"twitter_card":"summary_large_image","twitter_site":"@talkpalai","twitter_misc":{"Est. reading time":"4 minutes"},"schema":{"@context":"https:\/\/schema.org","@graph":[{"@type":"WebPage","@id":"https:\/\/talkpal.ai\/lv\/azerbaidzanu-gramatika\/","url":"https:\/\/talkpal.ai\/lv\/azerbaidzanu-gramatika\/","name":"Azerbaid\u017e\u0101\u0146u gramatika - Talkpal","isPartOf":{"@id":"https:\/\/talkpal.ai\/lv\/#website"},"primaryImageOfPage":{"@id":"https:\/\/talkpal.ai\/lv\/azerbaidzanu-gramatika\/#primaryimage"},"image":{"@id":"https:\/\/talkpal.ai\/lv\/azerbaidzanu-gramatika\/#primaryimage"},"thumbnailUrl":"https:\/\/talkpal.ai\/wp-content\/uploads\/2023\/05\/azerbaijan.png","datePublished":"2023-05-14T13:53:48+00:00","dateModified":"2025-05-22T08:24:19+00:00","description":"Apg\u016bstiet azerbaid\u017e\u0101\u0146u valodas gramatiku bez piep\u016bles ar Talkpal, j\u016bsu m\u0101ksl\u012bg\u0101 intelekta darbin\u0101tais skolot\u0101js. Atkl\u0101jiet vienk\u0101r\u0161us skaidrojumus, interakt\u012bvus vingrin\u0101jumus un praktiskus padomus.","breadcrumb":{"@id":"https:\/\/talkpal.ai\/lv\/azerbaidzanu-gramatika\/#breadcrumb"},"inLanguage":"lv-LV","potentialAction":[{"@type":"ReadAction","target":["https:\/\/talkpal.ai\/lv\/azerbaidzanu-gramatika\/"]}]},{"@type":"ImageObject","inLanguage":"lv-LV","@id":"https:\/\/talkpal.ai\/lv\/azerbaidzanu-gramatika\/#primaryimage","url":"https:\/\/talkpal.ai\/wp-content\/uploads\/2023\/05\/azerbaijan.png","contentUrl":"https:\/\/talkpal.ai\/wp-content\/uploads\/2023\/05\/azerbaijan.png","width":512,"height":512},{"@type":"BreadcrumbList","@id":"https:\/\/talkpal.ai\/lv\/azerbaidzanu-gramatika\/#breadcrumb","itemListElement":[{"@type":"ListItem","position":1,"name":"Homepage","item":"https:\/\/talkpal.ai\/lv\/"},{"@type":"ListItem","position":2,"name":"Azerbaid\u017e\u0101\u0146u gramatika"}]},{"@type":"WebSite","@id":"https:\/\/talkpal.ai\/lv\/#website","url":"https:\/\/talkpal.ai\/lv\/","name":"Talkpal","description":"AI Language Learning","publisher":{"@id":"https:\/\/talkpal.ai\/lv\/#organization"},"alternateName":"Talkpal AI","potentialAction":[{"@type":"SearchAction","target":{"@type":"EntryPoint","urlTemplate":"https:\/\/talkpal.ai\/lv\/?s={search_term_string}"},"query-input":{"@type":"PropertyValueSpecification","valueRequired":true,"valueName":"search_term_string"}}],"inLanguage":"lv-LV"},{"@type":"Organization","@id":"https:\/\/talkpal.ai\/lv\/#organization","name":"Talkpal, Inc.","alternateName":"Talkpal AI","url":"https:\/\/talkpal.ai\/lv\/","logo":{"@type":"ImageObject","inLanguage":"lv-LV","@id":"https:\/\/talkpal.ai\/lv\/#\/schema\/logo\/image\/","url":"https:\/\/talkpal.ai\/wp-content\/uploads\/2024\/03\/Talkpal-Logo-Icon.png","contentUrl":"https:\/\/talkpal.ai\/wp-content\/uploads\/2024\/03\/Talkpal-Logo-Icon.png","width":2880,"height":2880,"caption":"Talkpal, Inc."},"image":{"@id":"https:\/\/talkpal.ai\/lv\/#\/schema\/logo\/image\/"},"sameAs":["https:\/\/www.facebook.com\/profile.php?id=100090733639311","https:\/\/x.com\/talkpalai","https:\/\/www.linkedin.com\/company\/talkpal\/","https:\/\/www.youtube.com\/@TalkPal\/","https:\/\/www.tiktok.com\/@talkpal","https:\/\/www.instagram.com\/talkpal_ai\/","https:\/\/www.crunchbase.com\/organization\/talkpal-9cde","https:\/\/www.g2.com\/products\/talkpal-for-business\/","https:\/\/www.trustpilot.com\/review\/talkpal.ai","https:\/\/www.capterra.com\/p\/10006800\/TalkPal\/"],"description":"Talkpal is a language learning web and mobile education app, powered by the latest AI technologies, that provides engaging experiences to its customers in many different languages to help them improve their language skills. Users can chat about unlimited amount of topics with the app and use other modes to practice their language learning.","email":"support@talkpal.ai","legalName":"Talkpal, Inc.","foundingDate":"2023-04-03","duns":"118989042","numberOfEmployees":{"@type":"QuantitativeValue","minValue":"11","maxValue":"50"},"publishingPrinciples":"https:\/\/talkpal.ai\/publishing-principles\/","actionableFeedbackPolicy":"https:\/\/talkpal.ai\/actionable-feedback-policy\/","correctionsPolicy":"https:\/\/talkpal.ai\/corrections-policy\/","ethicsPolicy":"https:\/\/talkpal.ai\/ethics-policy\/","diversityPolicy":"https:\/\/talkpal.ai\/diversity-policy\/","diversityStaffingReport":"https:\/\/talkpal.ai\/diversity-policy\/"}]}},"_links":{"self":[{"href":"https:\/\/talkpal.ai\/lv\/wp-json\/wp\/v2\/pages\/140143","targetHints":{"allow":["GET"]}}],"collection":[{"href":"https:\/\/talkpal.ai\/lv\/wp-json\/wp\/v2\/pages"}],"about":[{"href":"https:\/\/talkpal.ai\/lv\/wp-json\/wp\/v2\/types\/page"}],"author":[{"embeddable":true,"href":"https:\/\/talkpal.ai\/lv\/wp-json\/wp\/v2\/users\/1"}],"replies":[{"embeddable":true,"href":"https:\/\/talkpal.ai\/lv\/wp-json\/wp\/v2\/comments?post=140143"}],"version-history":[{"count":0,"href":"https:\/\/talkpal.ai\/lv\/wp-json\/wp\/v2\/pages\/140143\/revisions"}],"wp:featuredmedia":[{"embeddable":true,"href":"https:\/\/talkpal.ai\/lv\/wp-json\/wp\/v2\/media\/109548"}],"wp:attachment":[{"href":"https:\/\/talkpal.ai\/lv\/wp-json\/wp\/v2\/media?parent=140143"}],"curies":[{"name":"wp","href":"https:\/\/api.w.org\/{rel}","templated":true}]}}