{"id":139872,"date":"2023-05-14T13:52:49","date_gmt":"2023-05-14T13:52:49","guid":{"rendered":"http:\/\/talkpal.ai\/krievu-valodas-gramatika\/"},"modified":"2025-12-13T15:16:45","modified_gmt":"2025-12-13T15:16:45","slug":"krievu-valodas-gramatika","status":"publish","type":"page","link":"https:\/\/talkpal.ai\/lv\/krievu-valodas-gramatika\/","title":{"rendered":"Krievu valodas gramatika"},"content":{"rendered":"\r\n\r\n\r\n<section class=\"languageChallengeSection\">\r\n    <div class=\"languageInfoWrapper\">\r\n        \r\n        <h1>Krievu valodas gramatika<\/h1>\r\n        <p>S\u0101ciet savu piedz\u012bvojumu <a href=\"https:\/\/talkpal.ai\/learn-russian\/\">krievu<\/a> valod\u0101 un atveriet durvis uz bag\u0101to kult\u016bru un v\u0113sturi. <a href=\"https:\/\/talkpal.ai\/learn-russian\/\">Krievu<\/a> <a href=\"https:\/\/talkpal.ai\/what-language-is-spoken-on-the-international-space-station\/\">valodas<\/a> gramatikas un v\u0101rdu kr\u0101juma apguve uzlabos j\u016bsu ce\u013co\u0161anas, karjeras un sazi\u0146as iesp\u0113jas. S\u0101ciet m\u0101c\u012bties krievu valodu jau \u0161odien un speriet pirmo soli ce\u013c\u0101 uz valodas apguvi!\n\n<\/p>\r\n\r\n                            <a class=\"getStartedHidden\" href=\"https:\/\/app.talkpal.ai\/lv\/signup?lng=\">S\u0101c<\/a>\r\n        \r\n    <\/div>\r\n\r\n    <figure>\r\n    <img decoding=\"async\" width=\"768\" height=\"768\" src=\"https:\/\/talkpal.ai\/wp-content\/uploads\/2023\/06\/russian-768x768.png\" class=\"languageImage no-lazy\" alt=\"Language learning for multicultural understanding\" fetchpriority=\"high\" sizes=\"(max-width: 768px) 150px, 768px\" srcset=\"https:\/\/talkpal.ai\/wp-content\/uploads\/2023\/06\/russian-768x768.png 768w, https:\/\/talkpal.ai\/wp-content\/uploads\/2023\/06\/russian-300x300.png 300w\" \/>\r\n    \r\n\r\n    <\/figure>\r\n\r\n            <a class=\"getStartedVisible\" href=\"https:\/\/app.talkpal.ai\/lv\/signup?lng=\">S\u0101c<\/a>\r\n    \r\n<\/section>\r\n<section class=\"promotionalBanner\">\r\n    <p class=\"promotionalText\">Visefekt\u012bv\u0101kais veids, k\u0101 apg\u016bt valodu<\/p>\r\n    <a class=\"promotionalLink\" href=\"https:\/\/app.talkpal.ai\/lv\/signup?lng=\">Izm\u0113\u0123iniet Talkpal bez maksas<\/a>\r\n<\/section>\n<div class=\"wp-block-group pageContainerStyle\"><div class=\"wp-block-group__inner-container is-layout-constrained wp-block-group-is-layout-constrained\">\n<h1 class=\"wp-block-heading\" id=\"h-russian-grammar-unlock-the-secrets-to-mastering-russian\">Krievu valodas gramatika: atkl\u0101jiet krievu valodas apguves nosl\u0113pumus<\/h1>\n\n\n\n<p>Apsveicam ar drosm\u012bgo soli krievu <a href=\"https:\/\/talkpal.ai\/lv\/portugalu-valodas-apguves-nodarbibas\/\">valodas apguves<\/a> virzien\u0101! Ar vair\u0101k nek\u0101 258 miljoniem run\u0101t\u0101ju vis\u0101 pasaul\u0113 krievu valoda ir aizraujo\u0161a un atalgojo\u0161a valoda, kas pied\u0101v\u0101 ieskatu bag\u0101t\u0101 kult\u016br\u0101 un v\u0113stur\u0113. Run\u0101jot par krievu gramatiku, tas var \u0161\u0137ist bied\u0113jo\u0161i, bet nebaidieties! \u0160is draudz\u012bgais ce\u013cvedis ies\u0101c\u0113jiem vienk\u0101r\u0161\u0101 un saisto\u0161\u0101 veid\u0101 izskaidro krievu valodas gramatikas pamatus.<\/p>\n\n\n\n<h3 class=\"wp-block-heading\" id=\"h-1-the-russian-alphabet-your-starting-point\">1. Krievu alfab\u0113ts: j\u016bsu s\u0101kumpunkts<\/h3>\n\n\n\n<p>Krievu valodas gramatikas navig\u0101cijas atsl\u0113ga ir kirilicas alfab\u0113ta apg\u016b\u0161ana. Ar 33 burtiem, 10 patska\u0146iem un 21 l\u012bdzska\u0146u tas veido pamatu valodas las\u012b\u0161anai, rakst\u012b\u0161anai un izpratnei. Iepaz\u012bstoties ar alfab\u0113tu, tiks izveidots stabils pamats, uz kura balst\u012bt savas krievu valodas gramatikas prasmes.<\/p>\n\n\n\n<h3 class=\"wp-block-heading\" id=\"h-2-nouns-and-cases-the-core-of-russian-grammar\">2. Lietv\u0101rdi un gad\u012bjumi: krievu gramatikas kodols<\/h3>\n\n\n\n<p>Krievu <a href=\"https:\/\/talkpal.ai\/sq\/gramatika\/\">gramatika<\/a> uzsver gad\u012bjumu izmanto\u0161anu, lai nodotu noz\u012bmi un kontekstu. Ar se\u0161iem gad\u012bjumiem \u2014 nominat\u012bvs, \u0123enit\u012bvs, dat\u012bvs, akuzat\u012bvs, instrument\u0101ls un priev\u0101rds \u2014 krievu lietv\u0101rdi maina galotnes, lai par\u0101d\u012btu savu funkciju teikum\u0101. L\u012bdz ar to v\u0101rdu sec\u012bba k\u013c\u016bst maz\u0101k kritiska nek\u0101 <a href=\"https:\/\/talkpal.ai\/learn-english-with-ai\/\">ang\u013cu<\/a> valod\u0101. Piem\u0113ram:<\/p>\n\n\n\n<p>Latvietis: Es draugam uzd\u0101vinu gr\u0101matu.<\/p>\n\n\n\n<p>Krievu: \u042f \u0434\u0430\u044e \u0434\u0440\u0443\u0433\u0443 \u043a\u043d\u0438\u0433\u0443 (Ya dayu drugu knigu)<\/p>\n\n\n\n<p>\u0160eit &#8220;\u0434\u0440\u0443\u0433\u0443&#8221; (draugam) un &#8220;\u043a\u043d\u0438\u0433\u0443&#8221; (gr\u0101mata) ir attiec\u012bgi dat\u012bv\u0101 un akuzat\u012bv\u0101.<\/p>\n\n\n\n<h3 class=\"wp-block-heading\" id=\"h-3-mastering-gender-and-plurals\">3. Dzimtes un daudzskait\u013ca apg\u016b\u0161ana<\/h3>\n\n\n\n<p>Krievu gramatik\u0101 lietv\u0101rdiem tiek pie\u0161\u0137irts viens no trim dzimumiem: v\u012bri\u0161\u0137ais, sievi\u0161\u0137ais vai neitr\u0101ls. Lietv\u0101rda galotne parasti nor\u0101da t\u0101 dzimumu:<\/p>\n\n\n\n<p>&#8211; V\u012bri\u0161\u0137\u0101 dzimt\u0113: beidzas ar l\u012bdzskani vai &#8220;-\u0439&#8221;<\/p>\n\n\n\n<p>&#8211; Sievi\u0161\u0137\u0101 dzimt\u0113: beidzas ar &#8220;-\u0430&#8221; vai &#8220;-\u044f&#8221;<\/p>\n\n\n\n<p>&#8211; Vid\u0113j\u0101 dzimt\u0101: beidzas ar &#8220;-\u043e&#8221; vai &#8220;-\u0435&#8221;<\/p>\n\n\n\n<p>Lai veidotu daudzskaitli, lietv\u0101rdu galotnes main\u0101s atkar\u012bb\u0101 no to dzimuma un gad\u012bjuma, kur\u0101 tie atrodas.<\/p>\n\n\n\n<h3 class=\"wp-block-heading\" id=\"h-4-conquer-verb-conjugation\">4. Iekarot darb\u012bbas v\u0101rdu konjug\u0101ciju<\/h3>\n\n\n\n<p>T\u0101pat k\u0101 daudzas valodas, krievu darb\u012bbas v\u0101rdi maina formu (konjug\u0101ciju), pamatojoties uz sasprindzin\u0101jumu, personu un numuru. Krievu darb\u012bbas v\u0101rdiem ir ar\u012b divi aspekti: perfekts un nepiln\u012bgs. Perfektais aspekts nor\u0101da uz pabeigtu darb\u012bbu, savuk\u0101rt nepiln\u012bgais aspekts attiecas uz notieko\u0161\u0101m vai ierast\u0101m darb\u012bb\u0101m.<\/p>\n\n\n\n<p>Lai s\u0101ktu, koncentr\u0113jieties uz izpratni par pa\u0161reiz\u0113jo saspringto konjug\u0101ciju nepiln\u012bgiem darb\u012bbas v\u0101rdiem un pag\u0101tnes sasprindzin\u0101jumu abiem aspektiem. Piem\u0113ram:<\/p>\n\n\n\n<p>Tagadnes laiks (imperfekt\u012bvais): Es las\u012bju (Ja \u010ditaju) &#8211; &#8220;Es lasu&#8221; vai &#8220;Es lasu&#8221;.<\/p>\n\n\n\n<p>Pag\u0101tnes laiks (imperfekt\u012bvais): \u042f \u0447\u0438\u0442\u0430\u043b (Ya chital) &#8211; &#8220;Es las\u012bju&#8221;.<\/p>\n\n\n\n<p>Pag\u0101tnes laiks (perfektikt\u012bvs): Es izlas\u012bju (un pabeidzu)&#8221;.<\/p>\n\n\n\n<h3 class=\"wp-block-heading\" id=\"h-5-embrace-russian-pronouns\">5. Apskauj krievu vietniekv\u0101rdus<\/h3>\n\n\n\n<p>Vietniekv\u0101rdi krievu gramatik\u0101 aizst\u0101j lietv\u0101rdus un ir b\u016btiski pl\u016bsto\u0161ai runai. Ienirstiet, lai apg\u016btu personiskos un piedero\u0161os vietniekv\u0101rdus, piem\u0113ram:<\/p>\n\n\n\n<p>Personv\u0101rdi: \u044f (I), \u0442\u044b (tu, neform\u0101ls), \u043e\u043d\/\u043e\u043d\u0430\/\u043e\u043d\u043e (vi\u0146\u0161\/vi\u0146a\/it), \u0432\u044b (tu, form\u0101ls vai daudzskaitlis), \u043c\u044b (m\u0113s), \u043e\u043d\u0438 (vi\u0146i)<\/p>\n\n\n\n<p>Pieder\u012bbas vietniekv\u0101rdi: \u043c\u043e\u0439\/\u043c\u043e\u044f\/\u043c\u043e\u0451 (mans), \u0442\u0432\u043e\u0439\/\u0442\u0432\u043e\u044f\/\u0442\u0432\u043e\u0451 (j\u016bsu, neform\u0101lais), \u0435\u0433\u043e\/\u0435\u0451\/\u0438\u0445 (vi\u0146a\/vi\u0146as\/vi\u0146u), \u0432\u0430\u0448\/\u0432\u0430\u0448\u0430\/\u0432\u0430\u0448\u0435 (j\u016bsu, form\u0101lais vai daudzskaitlis), \u043d\u0430\u0448\/\u043d\u0430\u0448\u0430\/\u043d\u0430\u0448\u0435 (m\u016bsu)<\/p>\n\n\n\n<p>Neaizmirstiet, ka krievu valodas vietniekv\u0101rdiem ir j\u0101b\u016bt saska\u0146otiem ar lietv\u0101rda dzimti un <a href=\"https:\/\/talkpal.ai\/locations\/language-courses-in-paju\/\">paju<\/a>, kuru tie aizst\u0101j.<\/p>\n\n\n\n<p>Apsveicu! J\u016bs esat sp\u0113ris pirmos so\u013cus krievu valodas gramatikas sare\u017e\u0123\u012bjumu apg\u016b\u0161an\u0101. Atcerieties, ka praksei ir iz\u0161\u0137iro\u0161a noz\u012bme, t\u0101p\u0113c iedzi\u013cinieties valod\u0101, sazinieties ar dzimt\u0101s valodas run\u0101t\u0101jiem un nostipriniet savu m\u0101c\u012b\u0161an\u0101s pamatu. \u0423\u0434\u0430\u0447\u0438! (Veiksmi!)<\/p>\n<\/div><\/div>\n\r\n<section class=\"learnNavigationSection\">\r\n            \r\n        <a href=\"https:\/\/talkpal.ai\/lv\/uzziniet-krievu-valodu\/\">\r\n            <div class=\"learnNavigationWrapper\">\r\n                <div class=\"learnNavigationContent\">\r\n                    <img decoding=\"async\" src=\"https:\/\/talkpal.ai\/wp-content\/uploads\/2024\/08\/Russian.jpg\" alt=\"Russian Flag\">\r\n                    <div>\r\n                        <h4>Par krievu valodas apguvi<\/h4>\r\n                        <p>Uzziniet visu par krievu gramatiku.<\/p>\r\n                    <\/div>\r\n                <\/div>\r\n            <\/div>\r\n        <\/a>\r\n\r\n        \r\n        <a href=\"https:\/\/talkpal.ai\/lv\/krievu-valodas-gramatikas-vingrinajumi\/\">\r\n            <div class=\"learnNavigationWrapper\">\r\n                <div class=\"learnNavigationContent\">\r\n                    <img decoding=\"async\" src=\"https:\/\/talkpal.ai\/wp-content\/uploads\/2024\/08\/Russian.jpg\" alt=\"Russian Flag\">\r\n                    <div>\r\n                        <h4>Krievu valodas gramatikas vingrin\u0101jums<\/h4>\r\n                        <p>Praktiz\u0113jiet krievu gramatiku.<\/p>\r\n                    <\/div>\r\n                <\/div>\r\n            <\/div>\r\n        <\/a>\r\n\r\n        \r\n        <a href=\"https:\/\/talkpal.ai\/vocabulary_language\/russian\/\">\r\n            <div class=\"learnNavigationWrapper\">\r\n                <div class=\"learnNavigationContent\">\r\n                    <img decoding=\"async\" src=\"https:\/\/talkpal.ai\/wp-content\/uploads\/2024\/08\/Russian.jpg\" alt=\"Russian Flag\">\r\n                    <div>\r\n                        <h4>Krievu valodas v\u0101rdn\u012bca<\/h4>\r\n                        <p>Papla\u0161iniet savu krievu valodas v\u0101rdu kr\u0101jumu.<\/p>\r\n                    <\/div>\r\n                <\/div>\r\n            <\/div>\r\n        <\/a>\r\n\r\n            <\/section>","protected":false},"excerpt":{"rendered":"<p>Krievu valodas gramatika: atkl\u0101jiet krievu valodas apguves nosl\u0113pumus Apsveicam ar drosm\u012bgo soli krievu valodas apguves virzien\u0101! Ar vair\u0101k nek\u0101 258 miljoniem run\u0101t\u0101ju vis\u0101 pasaul\u0113 krievu valoda ir aizraujo\u0161a un atalgojo\u0161a valoda, kas pied\u0101v\u0101 ieskatu bag\u0101t\u0101 kult\u016br\u0101 un v\u0113stur\u0113. Run\u0101jot par krievu gramatiku, tas var \u0161\u0137ist bied\u0113jo\u0161i, bet nebaidieties! \u0160is draudz\u012bgais ce\u013cvedis ies\u0101c\u0113jiem vienk\u0101r\u0161\u0101 un saisto\u0161\u0101 [&hellip;]<\/p>\n","protected":false},"author":1,"featured_media":107978,"parent":0,"menu_order":0,"comment_status":"closed","ping_status":"closed","template":"LearningContentPage.php","meta":{"_acf_changed":false,"footnotes":""},"class_list":["post-139872","page","type-page","status-publish","has-post-thumbnail","hentry"],"acf":[],"yoast_head":"<!-- This site is optimized with the Yoast SEO Premium plugin v27.2 (Yoast SEO v27.2) - https:\/\/yoast.com\/product\/yoast-seo-premium-wordpress\/ -->\n<title>Krievu valodas gramatika - Talkpal<\/title>\n<meta name=\"description\" content=\"Atkl\u0101jiet krievu valodas gramatikas pasauli ar m\u016bsu rokasgr\u0101matu ies\u0101c\u0113jiem. Apg\u016bstiet kirilicas alfab\u0113tu un pilnveidojiet savas valodas prasmes.\" \/>\n<meta name=\"robots\" content=\"index, follow, max-snippet:-1, max-image-preview:large, max-video-preview:-1\" \/>\n<link rel=\"canonical\" href=\"https:\/\/talkpal.ai\/lv\/krievu-valodas-gramatika\/\" \/>\n<meta property=\"og:locale\" content=\"lv_LV\" \/>\n<meta property=\"og:type\" content=\"article\" \/>\n<meta property=\"og:title\" content=\"Krievu valodas gramatika\" \/>\n<meta property=\"og:description\" content=\"Krievu valodas gramatika: atkl\u0101jiet krievu valodas apguves nosl\u0113pumus Apsveicam ar drosm\u012bgo soli krievu valodas apguves virzien\u0101! Ar vair\u0101k nek\u0101 258\" \/>\n<meta property=\"og:url\" content=\"https:\/\/talkpal.ai\/lv\/krievu-valodas-gramatika\/\" \/>\n<meta property=\"og:site_name\" content=\"Talkpal\" \/>\n<meta property=\"article:publisher\" content=\"https:\/\/www.facebook.com\/profile.php?id=100090733639311\" \/>\n<meta property=\"article:modified_time\" content=\"2025-12-13T15:16:45+00:00\" \/>\n<meta property=\"og:image\" content=\"https:\/\/talkpal.ai\/wp-content\/uploads\/2023\/04\/rusia.png\" \/>\n\t<meta property=\"og:image:width\" content=\"512\" \/>\n\t<meta property=\"og:image:height\" content=\"512\" \/>\n\t<meta property=\"og:image:type\" content=\"image\/png\" \/>\n<meta name=\"twitter:card\" content=\"summary_large_image\" \/>\n<meta name=\"twitter:site\" content=\"@talkpalai\" \/>\n<meta name=\"twitter:label1\" content=\"Est. reading time\" \/>\n\t<meta name=\"twitter:data1\" content=\"3 minutes\" \/>\n<script type=\"application\/ld+json\" class=\"yoast-schema-graph\">{\"@context\":\"https:\/\/schema.org\",\"@graph\":[{\"@type\":\"WebPage\",\"@id\":\"https:\/\/talkpal.ai\/lv\/krievu-valodas-gramatika\/\",\"url\":\"https:\/\/talkpal.ai\/lv\/krievu-valodas-gramatika\/\",\"name\":\"Krievu valodas gramatika - Talkpal\",\"isPartOf\":{\"@id\":\"https:\/\/talkpal.ai\/lv\/#website\"},\"primaryImageOfPage\":{\"@id\":\"https:\/\/talkpal.ai\/lv\/krievu-valodas-gramatika\/#primaryimage\"},\"image\":{\"@id\":\"https:\/\/talkpal.ai\/lv\/krievu-valodas-gramatika\/#primaryimage\"},\"thumbnailUrl\":\"https:\/\/talkpal.ai\/wp-content\/uploads\/2023\/04\/rusia.png\",\"datePublished\":\"2023-05-14T13:52:49+00:00\",\"dateModified\":\"2025-12-13T15:16:45+00:00\",\"description\":\"Atkl\u0101jiet krievu valodas gramatikas pasauli ar m\u016bsu rokasgr\u0101matu ies\u0101c\u0113jiem. Apg\u016bstiet kirilicas alfab\u0113tu un pilnveidojiet savas valodas prasmes.\",\"breadcrumb\":{\"@id\":\"https:\/\/talkpal.ai\/lv\/krievu-valodas-gramatika\/#breadcrumb\"},\"inLanguage\":\"lv-LV\",\"potentialAction\":[{\"@type\":\"ReadAction\",\"target\":[\"https:\/\/talkpal.ai\/lv\/krievu-valodas-gramatika\/\"]}]},{\"@type\":\"ImageObject\",\"inLanguage\":\"lv-LV\",\"@id\":\"https:\/\/talkpal.ai\/lv\/krievu-valodas-gramatika\/#primaryimage\",\"url\":\"https:\/\/talkpal.ai\/wp-content\/uploads\/2023\/04\/rusia.png\",\"contentUrl\":\"https:\/\/talkpal.ai\/wp-content\/uploads\/2023\/04\/rusia.png\",\"width\":512,\"height\":512},{\"@type\":\"BreadcrumbList\",\"@id\":\"https:\/\/talkpal.ai\/lv\/krievu-valodas-gramatika\/#breadcrumb\",\"itemListElement\":[{\"@type\":\"ListItem\",\"position\":1,\"name\":\"Homepage\",\"item\":\"https:\/\/talkpal.ai\/lv\/\"},{\"@type\":\"ListItem\",\"position\":2,\"name\":\"Krievu valodas gramatika\"}]},{\"@type\":\"WebSite\",\"@id\":\"https:\/\/talkpal.ai\/lv\/#website\",\"url\":\"https:\/\/talkpal.ai\/lv\/\",\"name\":\"Talkpal\",\"description\":\"AI Language Learning\",\"publisher\":{\"@id\":\"https:\/\/talkpal.ai\/lv\/#organization\"},\"alternateName\":\"Talkpal AI\",\"potentialAction\":[{\"@type\":\"SearchAction\",\"target\":{\"@type\":\"EntryPoint\",\"urlTemplate\":\"https:\/\/talkpal.ai\/lv\/?s={search_term_string}\"},\"query-input\":{\"@type\":\"PropertyValueSpecification\",\"valueRequired\":true,\"valueName\":\"search_term_string\"}}],\"inLanguage\":\"lv-LV\"},{\"@type\":\"Organization\",\"@id\":\"https:\/\/talkpal.ai\/lv\/#organization\",\"name\":\"Talkpal, Inc.\",\"alternateName\":\"Talkpal AI\",\"url\":\"https:\/\/talkpal.ai\/lv\/\",\"logo\":{\"@type\":\"ImageObject\",\"inLanguage\":\"lv-LV\",\"@id\":\"https:\/\/talkpal.ai\/lv\/#\/schema\/logo\/image\/\",\"url\":\"https:\/\/talkpal.ai\/wp-content\/uploads\/2024\/03\/Talkpal-Logo-Icon.png\",\"contentUrl\":\"https:\/\/talkpal.ai\/wp-content\/uploads\/2024\/03\/Talkpal-Logo-Icon.png\",\"width\":2880,\"height\":2880,\"caption\":\"Talkpal, Inc.\"},\"image\":{\"@id\":\"https:\/\/talkpal.ai\/lv\/#\/schema\/logo\/image\/\"},\"sameAs\":[\"https:\/\/www.facebook.com\/profile.php?id=100090733639311\",\"https:\/\/x.com\/talkpalai\",\"https:\/\/www.linkedin.com\/company\/talkpal\/\",\"https:\/\/www.youtube.com\/@TalkPal\/\",\"https:\/\/www.tiktok.com\/@talkpal\",\"https:\/\/www.instagram.com\/talkpal_ai\/\",\"https:\/\/www.crunchbase.com\/organization\/talkpal-9cde\",\"https:\/\/www.g2.com\/products\/talkpal-for-business\/\",\"https:\/\/www.trustpilot.com\/review\/talkpal.ai\",\"https:\/\/www.capterra.com\/p\/10006800\/TalkPal\/\"],\"description\":\"Talkpal is a language learning web and mobile education app, powered by the latest AI technologies, that provides engaging experiences to its customers in many different languages to help them improve their language skills. Users can chat about unlimited amount of topics with the app and use other modes to practice their language learning.\",\"email\":\"support@talkpal.ai\",\"legalName\":\"Talkpal, Inc.\",\"foundingDate\":\"2023-04-03\",\"duns\":\"118989042\",\"numberOfEmployees\":{\"@type\":\"QuantitativeValue\",\"minValue\":\"11\",\"maxValue\":\"50\"},\"publishingPrinciples\":\"https:\/\/talkpal.ai\/publishing-principles\/\",\"actionableFeedbackPolicy\":\"https:\/\/talkpal.ai\/actionable-feedback-policy\/\",\"correctionsPolicy\":\"https:\/\/talkpal.ai\/corrections-policy\/\",\"ethicsPolicy\":\"https:\/\/talkpal.ai\/ethics-policy\/\",\"diversityPolicy\":\"https:\/\/talkpal.ai\/diversity-policy\/\",\"diversityStaffingReport\":\"https:\/\/talkpal.ai\/diversity-policy\/\"}]}<\/script>\n<!-- \/ Yoast SEO Premium plugin. -->","yoast_head_json":{"title":"Krievu valodas gramatika - Talkpal","description":"Atkl\u0101jiet krievu valodas gramatikas pasauli ar m\u016bsu rokasgr\u0101matu ies\u0101c\u0113jiem. Apg\u016bstiet kirilicas alfab\u0113tu un pilnveidojiet savas valodas prasmes.","robots":{"index":"index","follow":"follow","max-snippet":"max-snippet:-1","max-image-preview":"max-image-preview:large","max-video-preview":"max-video-preview:-1"},"canonical":"https:\/\/talkpal.ai\/lv\/krievu-valodas-gramatika\/","og_locale":"lv_LV","og_type":"article","og_title":"Krievu valodas gramatika","og_description":"Krievu valodas gramatika: atkl\u0101jiet krievu valodas apguves nosl\u0113pumus Apsveicam ar drosm\u012bgo soli krievu valodas apguves virzien\u0101! Ar vair\u0101k nek\u0101 258","og_url":"https:\/\/talkpal.ai\/lv\/krievu-valodas-gramatika\/","og_site_name":"Talkpal","article_publisher":"https:\/\/www.facebook.com\/profile.php?id=100090733639311","article_modified_time":"2025-12-13T15:16:45+00:00","og_image":[{"width":512,"height":512,"url":"https:\/\/talkpal.ai\/wp-content\/uploads\/2023\/04\/rusia.png","type":"image\/png"}],"twitter_card":"summary_large_image","twitter_site":"@talkpalai","twitter_misc":{"Est. reading time":"3 minutes"},"schema":{"@context":"https:\/\/schema.org","@graph":[{"@type":"WebPage","@id":"https:\/\/talkpal.ai\/lv\/krievu-valodas-gramatika\/","url":"https:\/\/talkpal.ai\/lv\/krievu-valodas-gramatika\/","name":"Krievu valodas gramatika - Talkpal","isPartOf":{"@id":"https:\/\/talkpal.ai\/lv\/#website"},"primaryImageOfPage":{"@id":"https:\/\/talkpal.ai\/lv\/krievu-valodas-gramatika\/#primaryimage"},"image":{"@id":"https:\/\/talkpal.ai\/lv\/krievu-valodas-gramatika\/#primaryimage"},"thumbnailUrl":"https:\/\/talkpal.ai\/wp-content\/uploads\/2023\/04\/rusia.png","datePublished":"2023-05-14T13:52:49+00:00","dateModified":"2025-12-13T15:16:45+00:00","description":"Atkl\u0101jiet krievu valodas gramatikas pasauli ar m\u016bsu rokasgr\u0101matu ies\u0101c\u0113jiem. Apg\u016bstiet kirilicas alfab\u0113tu un pilnveidojiet savas valodas prasmes.","breadcrumb":{"@id":"https:\/\/talkpal.ai\/lv\/krievu-valodas-gramatika\/#breadcrumb"},"inLanguage":"lv-LV","potentialAction":[{"@type":"ReadAction","target":["https:\/\/talkpal.ai\/lv\/krievu-valodas-gramatika\/"]}]},{"@type":"ImageObject","inLanguage":"lv-LV","@id":"https:\/\/talkpal.ai\/lv\/krievu-valodas-gramatika\/#primaryimage","url":"https:\/\/talkpal.ai\/wp-content\/uploads\/2023\/04\/rusia.png","contentUrl":"https:\/\/talkpal.ai\/wp-content\/uploads\/2023\/04\/rusia.png","width":512,"height":512},{"@type":"BreadcrumbList","@id":"https:\/\/talkpal.ai\/lv\/krievu-valodas-gramatika\/#breadcrumb","itemListElement":[{"@type":"ListItem","position":1,"name":"Homepage","item":"https:\/\/talkpal.ai\/lv\/"},{"@type":"ListItem","position":2,"name":"Krievu valodas gramatika"}]},{"@type":"WebSite","@id":"https:\/\/talkpal.ai\/lv\/#website","url":"https:\/\/talkpal.ai\/lv\/","name":"Talkpal","description":"AI Language Learning","publisher":{"@id":"https:\/\/talkpal.ai\/lv\/#organization"},"alternateName":"Talkpal AI","potentialAction":[{"@type":"SearchAction","target":{"@type":"EntryPoint","urlTemplate":"https:\/\/talkpal.ai\/lv\/?s={search_term_string}"},"query-input":{"@type":"PropertyValueSpecification","valueRequired":true,"valueName":"search_term_string"}}],"inLanguage":"lv-LV"},{"@type":"Organization","@id":"https:\/\/talkpal.ai\/lv\/#organization","name":"Talkpal, Inc.","alternateName":"Talkpal AI","url":"https:\/\/talkpal.ai\/lv\/","logo":{"@type":"ImageObject","inLanguage":"lv-LV","@id":"https:\/\/talkpal.ai\/lv\/#\/schema\/logo\/image\/","url":"https:\/\/talkpal.ai\/wp-content\/uploads\/2024\/03\/Talkpal-Logo-Icon.png","contentUrl":"https:\/\/talkpal.ai\/wp-content\/uploads\/2024\/03\/Talkpal-Logo-Icon.png","width":2880,"height":2880,"caption":"Talkpal, Inc."},"image":{"@id":"https:\/\/talkpal.ai\/lv\/#\/schema\/logo\/image\/"},"sameAs":["https:\/\/www.facebook.com\/profile.php?id=100090733639311","https:\/\/x.com\/talkpalai","https:\/\/www.linkedin.com\/company\/talkpal\/","https:\/\/www.youtube.com\/@TalkPal\/","https:\/\/www.tiktok.com\/@talkpal","https:\/\/www.instagram.com\/talkpal_ai\/","https:\/\/www.crunchbase.com\/organization\/talkpal-9cde","https:\/\/www.g2.com\/products\/talkpal-for-business\/","https:\/\/www.trustpilot.com\/review\/talkpal.ai","https:\/\/www.capterra.com\/p\/10006800\/TalkPal\/"],"description":"Talkpal is a language learning web and mobile education app, powered by the latest AI technologies, that provides engaging experiences to its customers in many different languages to help them improve their language skills. Users can chat about unlimited amount of topics with the app and use other modes to practice their language learning.","email":"support@talkpal.ai","legalName":"Talkpal, Inc.","foundingDate":"2023-04-03","duns":"118989042","numberOfEmployees":{"@type":"QuantitativeValue","minValue":"11","maxValue":"50"},"publishingPrinciples":"https:\/\/talkpal.ai\/publishing-principles\/","actionableFeedbackPolicy":"https:\/\/talkpal.ai\/actionable-feedback-policy\/","correctionsPolicy":"https:\/\/talkpal.ai\/corrections-policy\/","ethicsPolicy":"https:\/\/talkpal.ai\/ethics-policy\/","diversityPolicy":"https:\/\/talkpal.ai\/diversity-policy\/","diversityStaffingReport":"https:\/\/talkpal.ai\/diversity-policy\/"}]}},"_links":{"self":[{"href":"https:\/\/talkpal.ai\/lv\/wp-json\/wp\/v2\/pages\/139872","targetHints":{"allow":["GET"]}}],"collection":[{"href":"https:\/\/talkpal.ai\/lv\/wp-json\/wp\/v2\/pages"}],"about":[{"href":"https:\/\/talkpal.ai\/lv\/wp-json\/wp\/v2\/types\/page"}],"author":[{"embeddable":true,"href":"https:\/\/talkpal.ai\/lv\/wp-json\/wp\/v2\/users\/1"}],"replies":[{"embeddable":true,"href":"https:\/\/talkpal.ai\/lv\/wp-json\/wp\/v2\/comments?post=139872"}],"version-history":[{"count":0,"href":"https:\/\/talkpal.ai\/lv\/wp-json\/wp\/v2\/pages\/139872\/revisions"}],"wp:featuredmedia":[{"embeddable":true,"href":"https:\/\/talkpal.ai\/lv\/wp-json\/wp\/v2\/media\/107978"}],"wp:attachment":[{"href":"https:\/\/talkpal.ai\/lv\/wp-json\/wp\/v2\/media?parent=139872"}],"curies":[{"name":"wp","href":"https:\/\/api.w.org\/{rel}","templated":true}]}}