{"id":135868,"date":"2023-06-16T10:51:16","date_gmt":"2023-06-16T10:51:16","guid":{"rendered":"http:\/\/talkpal.ai\/ukrainas-gramatikas-vingrinajumi\/"},"modified":"2025-12-17T16:21:40","modified_gmt":"2025-12-17T16:21:40","slug":"ukrainas-gramatikas-vingrinajumi","status":"publish","type":"page","link":"https:\/\/talkpal.ai\/lv\/ukrainas-gramatikas-vingrinajumi\/","title":{"rendered":"Ukrainas gramatikas vingrin\u0101jumi"},"content":{"rendered":"\r\n\r\n\r\n<section class=\"languageChallengeSection\">\r\n    <div class=\"languageInfoWrapper\">\r\n        \r\n        <h1>Ukrainas gramatikas vingrin\u0101jumi<\/h1>\r\n        <p>V\u0113laties paaugstin\u0101t savas <a href=\"https:\/\/talkpal.ai\/learn-ukrainian\/\">ukrai\u0146u<\/a> <a href=\"https:\/\/talkpal.ai\/what-language-is-spoken-on-the-international-space-station\/\">valodas<\/a> prasmes jaun\u0101 l\u012bmen\u012b? Gramatikas vingrin\u0101jumu praktiz\u0113\u0161ana ir galvenais veids, k\u0101 apg\u016bt teikuma strukt\u016bru, darb\u012bbas v\u0101rdu formas un unik\u0101los <a href=\"https:\/\/talkpal.ai\/learn-ukrainian\/\">ukrai\u0146u<\/a> valodas mode\u013cus. S\u0101ciet str\u0101d\u0101t pie ukrai\u0146u valodas gramatikas jau \u0161odien un v\u0113rojiet, k\u0101 ar katru vingrin\u0101jumu aug j\u016bsu p\u0101rliec\u012bba un pl\u016bdums!<\/p>\r\n\r\n                            <a class=\"getStartedHidden\" href=\"https:\/\/app.talkpal.ai\/lv\/signup?lng=\">S\u0101c<\/a>\r\n        \r\n    <\/div>\r\n\r\n    <figure>\r\n    <img decoding=\"async\" width=\"768\" height=\"768\" src=\"https:\/\/talkpal.ai\/wp-content\/uploads\/2023\/06\/Ukrainian-768x768.png\" class=\"languageImage no-lazy\" alt=\"Language learning - Your doorway to the world\" fetchpriority=\"high\" sizes=\"(max-width: 768px) 150px, 768px\" srcset=\"https:\/\/talkpal.ai\/wp-content\/uploads\/2023\/06\/Ukrainian-768x768.png 768w, https:\/\/talkpal.ai\/wp-content\/uploads\/2023\/06\/Ukrainian-300x300.png 300w\" \/>\r\n    \r\n\r\n    <\/figure>\r\n\r\n            <a class=\"getStartedVisible\" href=\"https:\/\/app.talkpal.ai\/lv\/signup?lng=\">S\u0101c<\/a>\r\n    \r\n<\/section>\r\n\r\n\r\n<!-- <section class=\"grammarSection\">\r\n    <div class=\"grammarLinks\">\r\n            <\/div>\r\n<\/section> -->\r\n\r\n\r\n\r\n\r\n<section class=\"promotionalBanner\">\r\n    <p class=\"promotionalText\">Visefekt\u012bv\u0101kais veids, k\u0101 apg\u016bt valodu<\/p>\r\n    <a class=\"promotionalLink\" href=\"https:\/\/app.talkpal.ai\/lv\/signup?lng=\">Izm\u0113\u0123iniet Talkpal bez maksas<\/a>\r\n<\/section>\n<div class=\"wp-block-group pageContainerStyle\"><div class=\"wp-block-group__inner-container is-layout-constrained wp-block-group-is-layout-constrained\">\n<h2 class=\"wp-block-heading\" id=\"h-ukrainian-grammar-topics\">Ukrai\u0146u gramatikas t\u0113mas<\/h2>\n\n\n\n<p>Jaunas valodas apguve var b\u016bt aizraujo\u0161s, tom\u0113r izaicino\u0161s darbs, un ukrai\u0146u valoda nav iz\u0146\u0113mums. Ukrai\u0146u, austrumsl\u0101vu valoda, ir Ukrainas ofici\u0101l\u0101 valoda un lepojas ar bag\u0101tu v\u0113sturi un daudzveid\u012bgu gramatisko strukt\u016bru. Uzs\u0101kot savu ce\u013cu, lai k\u013c\u016btu par ukrai\u0146u valodas lietprat\u0113ju, ir vair\u0101kas galven\u0101s gramatikas t\u0113mas, kas jums b\u016bs j\u0101apg\u016bst, tostarp sasprindzin\u0101jums, darb\u012bbas v\u0101rdi, lietv\u0101rdi, raksti, vietniekv\u0101rdi, \u012bpa\u0161\u012bbas v\u0101rdi, adverbi, priev\u0101rdi un teikuma strukt\u016bra. \u0160o gramatikas noteikumu izpratne un pareiza piem\u0113ro\u0161ana iev\u0113rojami uzlabos j\u016bsu valodas prasmi. Apskat\u012bsim katru t\u0113mu un sec\u012bbu, k\u0101d\u0101 jums t\u0101s j\u0101apg\u016bst.<\/p>\n\n\n\n<h3 class=\"wp-block-heading\" id=\"h-1-nouns\">1. Lietv\u0101rdi:<\/h3>\n\n\n\n<p>S\u0101ciet ar ukrai\u0146u lietv\u0101rdu apguvi, jo tie ir valodas pamats. Iepaz\u012bstieties ar vi\u0146u dzimumu (v\u012bri\u0161\u0137ais, sievi\u0161\u0137ais un neitr\u0101ls) un vi\u0146u daudzskait\u013ca form\u0101m. Lietv\u0101rdu deklam\u0101ciju (gad\u012bjumu) izpratnei ir iz\u0161\u0137iro\u0161a noz\u012bme pareiza teikuma veido\u0161an\u0101.<\/p>\n\n\n\n<h3 class=\"wp-block-heading\" id=\"h-2-pronouns\">2. Vietniekv\u0101rdi:<\/h3>\n\n\n\n<p>P\u0113c tam apg\u016bstiet vietniekv\u0101rdus \u2013 v\u0101rdus, kas teikum\u0101 aizst\u0101j lietv\u0101rdus. Tiem ir ar\u012b dzimtes un p\u0101des at\u0161\u0137ir\u012bbas, t\u0101p\u0113c ir svar\u012bgi iem\u0101c\u012bties, kuras formas lietot atkar\u012bb\u0101 no lietv\u0101rda, ko tie aizst\u0101j.<\/p>\n\n\n\n<h3 class=\"wp-block-heading\" id=\"h-3-verbs\">3. Darb\u012bbas v\u0101rdi:<\/h3>\n\n\n\n<p>Darb\u012bbas v\u0101rdi ir darb\u012bbas v\u0101rdi teikum\u0101. Ukrai\u0146u valod\u0101 darb\u012bbas v\u0101rdiem ir da\u017e\u0101das formas, kuru pamat\u0101 ir sasprindzin\u0101jums, noska\u0146ojums un aspekts. S\u0101ciet, apg\u016bstot pa\u0161reiz\u0113j\u0101s saspringt\u0101s darb\u012bbas v\u0101rdu indikat\u012bv\u0101s formas, kas pal\u012bdz\u0113s jums saprast teikuma pamatstrukt\u016bru.<\/p>\n\n\n\n<h3 class=\"wp-block-heading\" id=\"h-4-tenses-indicative\">4. Sasprindzin\u0101jums Indikat\u012bvs:<\/h3>\n\n\n\n<p>Kad esat apguvis darb\u012bbas v\u0101rdus tagadnes laik\u0101, p\u0101rejiet uz pag\u0101tnes un n\u0101kotnes laiku nor\u0101d\u0101maj\u0101 form\u0101. Tas \u013caus jums sazin\u0101ties par notikumiem, kas jau ir notiku\u0161i vai notiks n\u0101kotn\u0113.<\/p>\n\n\n\n<h3 class=\"wp-block-heading\" id=\"h-5-tenses-subjunctive\">5. Sasprindzin\u0101jums subjunkt\u012bvais:<\/h3>\n\n\n\n<p>P\u0113c indikat\u012bv\u0101 noska\u0146ojuma apg\u016b\u0161anas izp\u0113tiet subjunkt\u012bvo noska\u0146u, kas izsaka hipot\u0113tiskas situ\u0101cijas, v\u0113lmes vai ieteikumus. Subjunkt\u012bvais noska\u0146ojums galvenok\u0101rt notiek pag\u0101tnes un n\u0101kotnes laik\u0101 ukrai\u0146u valod\u0101.<\/p>\n\n\n\n<h3 class=\"wp-block-heading\" id=\"h-6-tense-comparison\">6. Saspringts sal\u012bdzin\u0101jums:<\/h3>\n\n\n\n<p>Uzziniet, k\u0101 sal\u012bdzin\u0101t laikus ukrai\u0146u valod\u0101, lai izteiktu da\u017e\u0101das noteikt\u012bbas pak\u0101pes vai iesp\u0113jas. Tas pal\u012bdz\u0113s jums saprast un izveidot sare\u017e\u0123\u012bt\u0101kus teikumus.<\/p>\n\n\n\n<h3 class=\"wp-block-heading\" id=\"h-7-adjectives\">7. \u012apa\u0161\u012bbas v\u0101rdi:<\/h3>\n\n\n\n<p>\u012apa\u0161\u012bbas v\u0101rdi apraksta lietv\u0101rdu \u012bpa\u0161\u012bbas. Vi\u0146i vienojas par dzimumu, skaitu un gad\u012bjumu ar lietv\u0101rdu, kuru vi\u0146i maina. \u012apa\u0161\u012bbas v\u0101rdu apguve pal\u012bdz\u0113s jums pievienot teikumos s\u012bk\u0101ku inform\u0101ciju.<\/p>\n\n\n\n<h3 class=\"wp-block-heading\" id=\"h-8-adverbs\">8. Adverbi:<\/h3>\n\n\n\n<p>Adverbi apraksta darb\u012bbas veidu, vietu vai laiku. Tie nesamazin\u0101s k\u0101 \u012bpa\u0161\u012bbas v\u0101rdi, ta\u010du tiem ir b\u016btiska noz\u012bme, lai padar\u012btu j\u016bsu teikumus informat\u012bv\u0101kus un saisto\u0161\u0101kus.<\/p>\n\n\n\n<h3 class=\"wp-block-heading\" id=\"h-9-prepositions\">9. Priev\u0101rdi:<\/h3>\n\n\n\n<p>Priev\u0101rdi par\u0101da saist\u012bbu starp v\u0101rdiem teikum\u0101 (piem\u0113ram, atra\u0161an\u0101s vietu, virzienu vai laiku). Uzziniet, k\u0101 pareizi lietot priev\u0101rdus, lai izvair\u012btos no neskaidr\u012bb\u0101m un nodotu paredz\u0113to noz\u012bmi.<\/p>\n\n\n\n<h3 class=\"wp-block-heading\" id=\"h-10-sentence-structure\">10. Teikuma strukt\u016bra:<\/h3>\n\n\n\n<p>Visbeidzot, iepaz\u012bstieties ar ukrai\u0146u teikuma strukt\u016bru. Tas ietver izpratni par subjekta-darb\u012bbas v\u0101rda-objekta (SVO) v\u0101rdu sec\u012bbu un to, k\u0101 izmantot gad\u012bjumus un citus gramatiskos elementus, lai izveidotu skaidrus, saska\u0146otus teikumus.<\/p>\n\n\n\n<h3 class=\"wp-block-heading\" id=\"h-11-articles\">11. Panti:<\/h3>\n\n\n\n<p>Ukrai\u0146u valod\u0101 nav t\u0101du artikulu k\u0101 <a href=\"https:\/\/talkpal.ai\/learn-english-with-ai\/\">ang\u013cu<\/a> valod\u0101, ta\u010du ir svar\u012bgi saprast, k\u0101 valod\u0101 tiek izteikta noteikt\u012bba un nenoteikt\u012bba, parasti izmantojot nor\u0101d\u0101mos vietniekv\u0101rdus vai kontekstu.<\/p>\n\n\n\n<p>Apg\u016bstot \u0161\u012bs gramatikas t\u0113mas ieteiktaj\u0101 sec\u012bb\u0101, j\u016bs pak\u0101peniski izveidosit sp\u0113c\u012bgu pamatu ukrai\u0146u valod\u0101 un virz\u012bsities uz valodas prasmi.<\/p>\n<\/div><\/div>\n\r\n<section class=\"learnNavigationSection\">\r\n            \r\n        <a href=\"https:\/\/talkpal.ai\/lv\/uzziniet-ukrainu-valodu\/\">\r\n            <div class=\"learnNavigationWrapper\">\r\n                <div class=\"learnNavigationContent\">\r\n                    <img decoding=\"async\" src=\"https:\/\/talkpal.ai\/wp-content\/uploads\/2024\/08\/Ukrainian.jpg\" alt=\"Ukrainian Flag\">\r\n                    <div>\r\n                        <h4>Par ukrai\u0146u valodas apguvi<\/h4>\r\n                        <p>Uzziniet visu par ukrai\u0146u gramatiku.<\/p>\r\n                    <\/div>\r\n                <\/div>\r\n            <\/div>\r\n        <\/a>\r\n\r\n        \r\n        <a href=\"https:\/\/talkpal.ai\/lv\/ukrainu-gramatika\/\">\r\n            <div class=\"learnNavigationWrapper\">\r\n                <div class=\"learnNavigationContent\">\r\n                    <img decoding=\"async\" src=\"https:\/\/talkpal.ai\/wp-content\/uploads\/2024\/08\/Ukrainian.jpg\" alt=\"Ukrainian Flag\">\r\n                    <div>\r\n                        <h4>Ukrai\u0146u gramatikas stundas<\/h4>\r\n                        <p>Praktiz\u0113jiet ukrai\u0146u gramatiku.<\/p>\r\n                    <\/div>\r\n                <\/div>\r\n            <\/div>\r\n        <\/a>\r\n\r\n        \r\n        <a href=\"https:\/\/talkpal.ai\/vocabulary_language\/ukrainian\/\">\r\n            <div class=\"learnNavigationWrapper\">\r\n                <div class=\"learnNavigationContent\">\r\n                    <img decoding=\"async\" src=\"https:\/\/talkpal.ai\/wp-content\/uploads\/2024\/08\/Ukrainian.jpg\" alt=\"Ukrainian Flag\">\r\n                    <div>\r\n                        <h4>Ukrai\u0146u valodas v\u0101rdn\u012bca<\/h4>\r\n                        <p>Papla\u0161iniet savu ukrai\u0146u valodas v\u0101rdu kr\u0101jumu.<\/p>\r\n                    <\/div>\r\n                <\/div>\r\n            <\/div>\r\n        <\/a>\r\n\r\n            <\/section>","protected":false},"excerpt":{"rendered":"<p>Ukrai\u0146u gramatikas t\u0113mas Jaunas valodas apguve var b\u016bt aizraujo\u0161s, tom\u0113r izaicino\u0161s darbs, un ukrai\u0146u valoda nav iz\u0146\u0113mums. Ukrai\u0146u, austrumsl\u0101vu valoda, ir Ukrainas ofici\u0101l\u0101 valoda un lepojas ar bag\u0101tu v\u0113sturi un daudzveid\u012bgu gramatisko strukt\u016bru. Uzs\u0101kot savu ce\u013cu, lai k\u013c\u016btu par ukrai\u0146u valodas lietprat\u0113ju, ir vair\u0101kas galven\u0101s gramatikas t\u0113mas, kas jums b\u016bs j\u0101apg\u016bst, tostarp sasprindzin\u0101jums, darb\u012bbas v\u0101rdi, [&hellip;]<\/p>\n","protected":false},"author":6,"featured_media":108522,"parent":0,"menu_order":0,"comment_status":"closed","ping_status":"closed","template":"LearningContentPage.php","meta":{"_acf_changed":false,"footnotes":""},"class_list":["post-135868","page","type-page","status-publish","has-post-thumbnail","hentry"],"acf":[],"yoast_head":"<!-- This site is optimized with the Yoast SEO Premium plugin v27.2 (Yoast SEO v27.2) - https:\/\/yoast.com\/product\/yoast-seo-premium-wordpress\/ -->\n<title>Ukrainas gramatikas vingrin\u0101jumi - Talkpal<\/title>\n<meta name=\"description\" content=\"Uzlabojiet savas ukrai\u0146u valodas prasmes, izmantojot aizraujo\u0161us ukrai\u0146u valodas gramatikas vingrin\u0101jumus, kas aptver b\u016btiskas gramatikas t\u0113mas, lai nodro\u0161in\u0101tu teko\u0161u m\u0101c\u012b\u0161anos.\" \/>\n<meta name=\"robots\" content=\"index, follow, max-snippet:-1, max-image-preview:large, max-video-preview:-1\" \/>\n<link rel=\"canonical\" href=\"https:\/\/talkpal.ai\/lv\/ukrainas-gramatikas-vingrinajumi\/\" \/>\n<meta property=\"og:locale\" content=\"lv_LV\" \/>\n<meta property=\"og:type\" content=\"article\" \/>\n<meta property=\"og:title\" content=\"Ukrainas gramatikas vingrin\u0101jumi\" \/>\n<meta property=\"og:description\" content=\"Ukrai\u0146u gramatikas t\u0113mas Jaunas valodas apguve var b\u016bt aizraujo\u0161s, tom\u0113r izaicino\u0161s darbs, un ukrai\u0146u valoda nav iz\u0146\u0113mums. Ukrai\u0146u, austrumsl\u0101vu valoda,\" \/>\n<meta property=\"og:url\" content=\"https:\/\/talkpal.ai\/lv\/ukrainas-gramatikas-vingrinajumi\/\" \/>\n<meta property=\"og:site_name\" content=\"Talkpal\" \/>\n<meta property=\"article:publisher\" content=\"https:\/\/www.facebook.com\/profile.php?id=100090733639311\" \/>\n<meta property=\"article:modified_time\" content=\"2025-12-17T16:21:40+00:00\" \/>\n<meta property=\"og:image\" content=\"https:\/\/talkpal.ai\/wp-content\/uploads\/2023\/04\/ukraine.png\" \/>\n\t<meta property=\"og:image:width\" content=\"512\" \/>\n\t<meta property=\"og:image:height\" content=\"512\" \/>\n\t<meta property=\"og:image:type\" content=\"image\/png\" \/>\n<meta name=\"twitter:card\" content=\"summary_large_image\" \/>\n<meta name=\"twitter:site\" content=\"@talkpalai\" \/>\n<meta name=\"twitter:label1\" content=\"Est. reading time\" \/>\n\t<meta name=\"twitter:data1\" content=\"3 minutes\" \/>\n<script type=\"application\/ld+json\" class=\"yoast-schema-graph\">{\"@context\":\"https:\/\/schema.org\",\"@graph\":[{\"@type\":\"WebPage\",\"@id\":\"https:\/\/talkpal.ai\/lv\/ukrainas-gramatikas-vingrinajumi\/\",\"url\":\"https:\/\/talkpal.ai\/lv\/ukrainas-gramatikas-vingrinajumi\/\",\"name\":\"Ukrainas gramatikas vingrin\u0101jumi - Talkpal\",\"isPartOf\":{\"@id\":\"https:\/\/talkpal.ai\/lv\/#website\"},\"primaryImageOfPage\":{\"@id\":\"https:\/\/talkpal.ai\/lv\/ukrainas-gramatikas-vingrinajumi\/#primaryimage\"},\"image\":{\"@id\":\"https:\/\/talkpal.ai\/lv\/ukrainas-gramatikas-vingrinajumi\/#primaryimage\"},\"thumbnailUrl\":\"https:\/\/talkpal.ai\/wp-content\/uploads\/2023\/04\/ukraine.png\",\"datePublished\":\"2023-06-16T10:51:16+00:00\",\"dateModified\":\"2025-12-17T16:21:40+00:00\",\"description\":\"Uzlabojiet savas ukrai\u0146u valodas prasmes, izmantojot aizraujo\u0161us ukrai\u0146u valodas gramatikas vingrin\u0101jumus, kas aptver b\u016btiskas gramatikas t\u0113mas, lai nodro\u0161in\u0101tu teko\u0161u m\u0101c\u012b\u0161anos.\",\"breadcrumb\":{\"@id\":\"https:\/\/talkpal.ai\/lv\/ukrainas-gramatikas-vingrinajumi\/#breadcrumb\"},\"inLanguage\":\"lv-LV\",\"potentialAction\":[{\"@type\":\"ReadAction\",\"target\":[\"https:\/\/talkpal.ai\/lv\/ukrainas-gramatikas-vingrinajumi\/\"]}]},{\"@type\":\"ImageObject\",\"inLanguage\":\"lv-LV\",\"@id\":\"https:\/\/talkpal.ai\/lv\/ukrainas-gramatikas-vingrinajumi\/#primaryimage\",\"url\":\"https:\/\/talkpal.ai\/wp-content\/uploads\/2023\/04\/ukraine.png\",\"contentUrl\":\"https:\/\/talkpal.ai\/wp-content\/uploads\/2023\/04\/ukraine.png\",\"width\":512,\"height\":512,\"caption\":\"TalkPal Ukrainian Flag\"},{\"@type\":\"BreadcrumbList\",\"@id\":\"https:\/\/talkpal.ai\/lv\/ukrainas-gramatikas-vingrinajumi\/#breadcrumb\",\"itemListElement\":[{\"@type\":\"ListItem\",\"position\":1,\"name\":\"Homepage\",\"item\":\"https:\/\/talkpal.ai\/lv\/\"},{\"@type\":\"ListItem\",\"position\":2,\"name\":\"Ukrainas gramatikas vingrin\u0101jumi\"}]},{\"@type\":\"WebSite\",\"@id\":\"https:\/\/talkpal.ai\/lv\/#website\",\"url\":\"https:\/\/talkpal.ai\/lv\/\",\"name\":\"Talkpal\",\"description\":\"AI Language Learning\",\"publisher\":{\"@id\":\"https:\/\/talkpal.ai\/lv\/#organization\"},\"alternateName\":\"Talkpal AI\",\"potentialAction\":[{\"@type\":\"SearchAction\",\"target\":{\"@type\":\"EntryPoint\",\"urlTemplate\":\"https:\/\/talkpal.ai\/lv\/?s={search_term_string}\"},\"query-input\":{\"@type\":\"PropertyValueSpecification\",\"valueRequired\":true,\"valueName\":\"search_term_string\"}}],\"inLanguage\":\"lv-LV\"},{\"@type\":\"Organization\",\"@id\":\"https:\/\/talkpal.ai\/lv\/#organization\",\"name\":\"Talkpal, Inc.\",\"alternateName\":\"Talkpal AI\",\"url\":\"https:\/\/talkpal.ai\/lv\/\",\"logo\":{\"@type\":\"ImageObject\",\"inLanguage\":\"lv-LV\",\"@id\":\"https:\/\/talkpal.ai\/lv\/#\/schema\/logo\/image\/\",\"url\":\"https:\/\/talkpal.ai\/wp-content\/uploads\/2024\/03\/Talkpal-Logo-Icon.png\",\"contentUrl\":\"https:\/\/talkpal.ai\/wp-content\/uploads\/2024\/03\/Talkpal-Logo-Icon.png\",\"width\":2880,\"height\":2880,\"caption\":\"Talkpal, Inc.\"},\"image\":{\"@id\":\"https:\/\/talkpal.ai\/lv\/#\/schema\/logo\/image\/\"},\"sameAs\":[\"https:\/\/www.facebook.com\/profile.php?id=100090733639311\",\"https:\/\/x.com\/talkpalai\",\"https:\/\/www.linkedin.com\/company\/talkpal\/\",\"https:\/\/www.youtube.com\/@TalkPal\/\",\"https:\/\/www.tiktok.com\/@talkpal\",\"https:\/\/www.instagram.com\/talkpal_ai\/\",\"https:\/\/www.crunchbase.com\/organization\/talkpal-9cde\",\"https:\/\/www.g2.com\/products\/talkpal-for-business\/\",\"https:\/\/www.trustpilot.com\/review\/talkpal.ai\",\"https:\/\/www.capterra.com\/p\/10006800\/TalkPal\/\"],\"description\":\"Talkpal is a language learning web and mobile education app, powered by the latest AI technologies, that provides engaging experiences to its customers in many different languages to help them improve their language skills. Users can chat about unlimited amount of topics with the app and use other modes to practice their language learning.\",\"email\":\"support@talkpal.ai\",\"legalName\":\"Talkpal, Inc.\",\"foundingDate\":\"2023-04-03\",\"duns\":\"118989042\",\"numberOfEmployees\":{\"@type\":\"QuantitativeValue\",\"minValue\":\"11\",\"maxValue\":\"50\"},\"publishingPrinciples\":\"https:\/\/talkpal.ai\/publishing-principles\/\",\"actionableFeedbackPolicy\":\"https:\/\/talkpal.ai\/actionable-feedback-policy\/\",\"correctionsPolicy\":\"https:\/\/talkpal.ai\/corrections-policy\/\",\"ethicsPolicy\":\"https:\/\/talkpal.ai\/ethics-policy\/\",\"diversityPolicy\":\"https:\/\/talkpal.ai\/diversity-policy\/\",\"diversityStaffingReport\":\"https:\/\/talkpal.ai\/diversity-policy\/\"}]}<\/script>\n<!-- \/ Yoast SEO Premium plugin. -->","yoast_head_json":{"title":"Ukrainas gramatikas vingrin\u0101jumi - Talkpal","description":"Uzlabojiet savas ukrai\u0146u valodas prasmes, izmantojot aizraujo\u0161us ukrai\u0146u valodas gramatikas vingrin\u0101jumus, kas aptver b\u016btiskas gramatikas t\u0113mas, lai nodro\u0161in\u0101tu teko\u0161u m\u0101c\u012b\u0161anos.","robots":{"index":"index","follow":"follow","max-snippet":"max-snippet:-1","max-image-preview":"max-image-preview:large","max-video-preview":"max-video-preview:-1"},"canonical":"https:\/\/talkpal.ai\/lv\/ukrainas-gramatikas-vingrinajumi\/","og_locale":"lv_LV","og_type":"article","og_title":"Ukrainas gramatikas vingrin\u0101jumi","og_description":"Ukrai\u0146u gramatikas t\u0113mas Jaunas valodas apguve var b\u016bt aizraujo\u0161s, tom\u0113r izaicino\u0161s darbs, un ukrai\u0146u valoda nav iz\u0146\u0113mums. Ukrai\u0146u, austrumsl\u0101vu valoda,","og_url":"https:\/\/talkpal.ai\/lv\/ukrainas-gramatikas-vingrinajumi\/","og_site_name":"Talkpal","article_publisher":"https:\/\/www.facebook.com\/profile.php?id=100090733639311","article_modified_time":"2025-12-17T16:21:40+00:00","og_image":[{"width":512,"height":512,"url":"https:\/\/talkpal.ai\/wp-content\/uploads\/2023\/04\/ukraine.png","type":"image\/png"}],"twitter_card":"summary_large_image","twitter_site":"@talkpalai","twitter_misc":{"Est. reading time":"3 minutes"},"schema":{"@context":"https:\/\/schema.org","@graph":[{"@type":"WebPage","@id":"https:\/\/talkpal.ai\/lv\/ukrainas-gramatikas-vingrinajumi\/","url":"https:\/\/talkpal.ai\/lv\/ukrainas-gramatikas-vingrinajumi\/","name":"Ukrainas gramatikas vingrin\u0101jumi - Talkpal","isPartOf":{"@id":"https:\/\/talkpal.ai\/lv\/#website"},"primaryImageOfPage":{"@id":"https:\/\/talkpal.ai\/lv\/ukrainas-gramatikas-vingrinajumi\/#primaryimage"},"image":{"@id":"https:\/\/talkpal.ai\/lv\/ukrainas-gramatikas-vingrinajumi\/#primaryimage"},"thumbnailUrl":"https:\/\/talkpal.ai\/wp-content\/uploads\/2023\/04\/ukraine.png","datePublished":"2023-06-16T10:51:16+00:00","dateModified":"2025-12-17T16:21:40+00:00","description":"Uzlabojiet savas ukrai\u0146u valodas prasmes, izmantojot aizraujo\u0161us ukrai\u0146u valodas gramatikas vingrin\u0101jumus, kas aptver b\u016btiskas gramatikas t\u0113mas, lai nodro\u0161in\u0101tu teko\u0161u m\u0101c\u012b\u0161anos.","breadcrumb":{"@id":"https:\/\/talkpal.ai\/lv\/ukrainas-gramatikas-vingrinajumi\/#breadcrumb"},"inLanguage":"lv-LV","potentialAction":[{"@type":"ReadAction","target":["https:\/\/talkpal.ai\/lv\/ukrainas-gramatikas-vingrinajumi\/"]}]},{"@type":"ImageObject","inLanguage":"lv-LV","@id":"https:\/\/talkpal.ai\/lv\/ukrainas-gramatikas-vingrinajumi\/#primaryimage","url":"https:\/\/talkpal.ai\/wp-content\/uploads\/2023\/04\/ukraine.png","contentUrl":"https:\/\/talkpal.ai\/wp-content\/uploads\/2023\/04\/ukraine.png","width":512,"height":512,"caption":"TalkPal Ukrainian Flag"},{"@type":"BreadcrumbList","@id":"https:\/\/talkpal.ai\/lv\/ukrainas-gramatikas-vingrinajumi\/#breadcrumb","itemListElement":[{"@type":"ListItem","position":1,"name":"Homepage","item":"https:\/\/talkpal.ai\/lv\/"},{"@type":"ListItem","position":2,"name":"Ukrainas gramatikas vingrin\u0101jumi"}]},{"@type":"WebSite","@id":"https:\/\/talkpal.ai\/lv\/#website","url":"https:\/\/talkpal.ai\/lv\/","name":"Talkpal","description":"AI Language Learning","publisher":{"@id":"https:\/\/talkpal.ai\/lv\/#organization"},"alternateName":"Talkpal AI","potentialAction":[{"@type":"SearchAction","target":{"@type":"EntryPoint","urlTemplate":"https:\/\/talkpal.ai\/lv\/?s={search_term_string}"},"query-input":{"@type":"PropertyValueSpecification","valueRequired":true,"valueName":"search_term_string"}}],"inLanguage":"lv-LV"},{"@type":"Organization","@id":"https:\/\/talkpal.ai\/lv\/#organization","name":"Talkpal, Inc.","alternateName":"Talkpal AI","url":"https:\/\/talkpal.ai\/lv\/","logo":{"@type":"ImageObject","inLanguage":"lv-LV","@id":"https:\/\/talkpal.ai\/lv\/#\/schema\/logo\/image\/","url":"https:\/\/talkpal.ai\/wp-content\/uploads\/2024\/03\/Talkpal-Logo-Icon.png","contentUrl":"https:\/\/talkpal.ai\/wp-content\/uploads\/2024\/03\/Talkpal-Logo-Icon.png","width":2880,"height":2880,"caption":"Talkpal, Inc."},"image":{"@id":"https:\/\/talkpal.ai\/lv\/#\/schema\/logo\/image\/"},"sameAs":["https:\/\/www.facebook.com\/profile.php?id=100090733639311","https:\/\/x.com\/talkpalai","https:\/\/www.linkedin.com\/company\/talkpal\/","https:\/\/www.youtube.com\/@TalkPal\/","https:\/\/www.tiktok.com\/@talkpal","https:\/\/www.instagram.com\/talkpal_ai\/","https:\/\/www.crunchbase.com\/organization\/talkpal-9cde","https:\/\/www.g2.com\/products\/talkpal-for-business\/","https:\/\/www.trustpilot.com\/review\/talkpal.ai","https:\/\/www.capterra.com\/p\/10006800\/TalkPal\/"],"description":"Talkpal is a language learning web and mobile education app, powered by the latest AI technologies, that provides engaging experiences to its customers in many different languages to help them improve their language skills. Users can chat about unlimited amount of topics with the app and use other modes to practice their language learning.","email":"support@talkpal.ai","legalName":"Talkpal, Inc.","foundingDate":"2023-04-03","duns":"118989042","numberOfEmployees":{"@type":"QuantitativeValue","minValue":"11","maxValue":"50"},"publishingPrinciples":"https:\/\/talkpal.ai\/publishing-principles\/","actionableFeedbackPolicy":"https:\/\/talkpal.ai\/actionable-feedback-policy\/","correctionsPolicy":"https:\/\/talkpal.ai\/corrections-policy\/","ethicsPolicy":"https:\/\/talkpal.ai\/ethics-policy\/","diversityPolicy":"https:\/\/talkpal.ai\/diversity-policy\/","diversityStaffingReport":"https:\/\/talkpal.ai\/diversity-policy\/"}]}},"_links":{"self":[{"href":"https:\/\/talkpal.ai\/lv\/wp-json\/wp\/v2\/pages\/135868","targetHints":{"allow":["GET"]}}],"collection":[{"href":"https:\/\/talkpal.ai\/lv\/wp-json\/wp\/v2\/pages"}],"about":[{"href":"https:\/\/talkpal.ai\/lv\/wp-json\/wp\/v2\/types\/page"}],"author":[{"embeddable":true,"href":"https:\/\/talkpal.ai\/lv\/wp-json\/wp\/v2\/users\/6"}],"replies":[{"embeddable":true,"href":"https:\/\/talkpal.ai\/lv\/wp-json\/wp\/v2\/comments?post=135868"}],"version-history":[{"count":0,"href":"https:\/\/talkpal.ai\/lv\/wp-json\/wp\/v2\/pages\/135868\/revisions"}],"wp:featuredmedia":[{"embeddable":true,"href":"https:\/\/talkpal.ai\/lv\/wp-json\/wp\/v2\/media\/108522"}],"wp:attachment":[{"href":"https:\/\/talkpal.ai\/lv\/wp-json\/wp\/v2\/media?parent=135868"}],"curies":[{"name":"wp","href":"https:\/\/api.w.org\/{rel}","templated":true}]}}