{"id":135503,"date":"2023-06-16T10:42:00","date_gmt":"2023-06-16T10:42:00","guid":{"rendered":"http:\/\/talkpal.ai\/portugalu-valodas-gramatikas-vingrinajumi\/"},"modified":"2025-12-17T16:16:50","modified_gmt":"2025-12-17T16:16:50","slug":"portugalu-valodas-gramatikas-vingrinajumi","status":"publish","type":"page","link":"https:\/\/talkpal.ai\/lv\/portugalu-valodas-gramatikas-vingrinajumi\/","title":{"rendered":"Portug\u0101\u013cu valodas gramatikas vingrin\u0101jumi"},"content":{"rendered":"\r\n\r\n\r\n<section class=\"languageChallengeSection\">\r\n    <div class=\"languageInfoWrapper\">\r\n        \r\n        <h1>Portug\u0101\u013cu valodas gramatikas vingrin\u0101jumi<\/h1>\r\n        <p>V\u0113laties nostiprin\u0101t savas <a href=\"https:\/\/talkpal.ai\/lv\/portugalu-valodas-kursi-2\/\">portug\u0101\u013cu valodas<\/a> prasmes? P\u0101rejiet uz gramatikas praksi, lai apg\u016btu teikuma strukt\u016bru, darb\u012bbas v\u0101rdu loc\u012bjumus un <a href=\"https:\/\/talkpal.ai\/learn-portuguese\/\">portug\u0101\u013cu<\/a> <a href=\"https:\/\/talkpal.ai\/what-language-is-spoken-on-the-international-space-station\/\">valodas<\/a> unik\u0101los mode\u013cus. S\u0101ciet praktiz\u0113t <a href=\"https:\/\/talkpal.ai\/lv\/portugalu-valodas-kursi-2\/\">portug\u0101\u013cu valodas<\/a> gramatiku tagad un redz\u0113siet, k\u0101 ar katru vingrin\u0101jumu pieaug j\u016bsu p\u0101rliec\u012bba un pl\u016bdums!<\/p>\r\n\r\n                            <a class=\"getStartedHidden\" href=\"https:\/\/app.talkpal.ai\/lv\/signup?lng=\">S\u0101c<\/a>\r\n        \r\n    <\/div>\r\n\r\n    <figure>\r\n    <img decoding=\"async\" width=\"768\" height=\"768\" src=\"https:\/\/talkpal.ai\/wp-content\/uploads\/2023\/06\/portuguese-768x768.png\" class=\"languageImage no-lazy\" alt=\"Language learning for broader world view\" fetchpriority=\"high\" sizes=\"(max-width: 768px) 150px, 768px\" srcset=\"https:\/\/talkpal.ai\/wp-content\/uploads\/2023\/06\/portuguese-768x768.png 768w, https:\/\/talkpal.ai\/wp-content\/uploads\/2023\/06\/portuguese-300x300.png 300w\" \/>\r\n    \r\n\r\n    <\/figure>\r\n\r\n            <a class=\"getStartedVisible\" href=\"https:\/\/app.talkpal.ai\/lv\/signup?lng=\">S\u0101c<\/a>\r\n    \r\n<\/section>\r\n\r\n\r\n<!-- <section class=\"grammarSection\">\r\n    <div class=\"grammarLinks\">\r\n            <\/div>\r\n<\/section> -->\r\n\r\n\r\n\r\n\r\n<section class=\"promotionalBanner\">\r\n    <p class=\"promotionalText\">Visefekt\u012bv\u0101kais veids, k\u0101 apg\u016bt valodu<\/p>\r\n    <a class=\"promotionalLink\" href=\"https:\/\/app.talkpal.ai\/lv\/signup?lng=\">Izm\u0113\u0123iniet Talkpal bez maksas<\/a>\r\n<\/section>\n<div class=\"wp-block-group pageContainerStyle\"><div class=\"wp-block-group__inner-container is-layout-constrained wp-block-group-is-layout-constrained\">\n<h2 class=\"wp-block-heading\" id=\"h-portuguese-grammar-topics\">Portug\u0101\u013cu valodas gramatikas t\u0113mas<\/h2>\n\n\n\n<p>Jaunas valodas apguve var b\u016bt aizraujo\u0161a un atalgojo\u0161a pieredze, un portug\u0101\u013cu valoda nav iz\u0146\u0113mums. K\u0101 sest\u0101 visvair\u0101k run\u0101t\u0101 valoda pasaul\u0113 t\u0101 pied\u0101v\u0101 daudzas iesp\u0113jas person\u012bgai un profesion\u0101lai izaugsmei. T\u0101s lingvistisk\u0101s sare\u017e\u0123\u012bt\u012bbas un gramatikas izpratne un apg\u016b\u0161ana var atv\u0113rt durvis uz bag\u0101t\u012bgu kult\u016bras pieredzi t\u0101d\u0101s valst\u012bs k\u0101 Portug\u0101le, Braz\u012blija un da\u017e\u0101das \u0100frikas valstis. Lai atvieglotu j\u016bsu ce\u013cojumu portug\u0101\u013cu valodas pasaul\u0113, \u0161aj\u0101 ce\u013cved\u012b ir izkl\u0101st\u012bta gramatikas t\u0113mu sec\u012bba, kas jums j\u0101iev\u0113ro, nodro\u0161inot, ka j\u016bs izveidojat sp\u0113c\u012bgu pamatu un progres\u0113jat \u0113rt\u0101 temp\u0101.<\/p>\n\n\n\n<h3 class=\"wp-block-heading\" id=\"h-1-articles\">1. Raksti:<\/h3>\n\n\n\n<p>S\u0101ciet ar noteiktu un nenoteiktu rakstu apguvi, kas ir b\u016btiski valodas pamatelementi. Tie nodro\u0161ina sist\u0113mu, lai izprastu lietv\u0101rdu dzimumu un skaitu teikumos.<\/p>\n\n\n\n<h3 class=\"wp-block-heading\" id=\"h-2-nouns\">2. Lietv\u0101rdi:<\/h3>\n\n\n\n<p>Iepaz\u012bstieties ar portug\u0101\u013cu lietv\u0101rdiem, ieskaitot to dzimumu (v\u012brie\u0161u vai sievie\u0161u) un numuru (vienskaitli vai daudzskaitli). \u0160\u012bs zin\u0101\u0161anas b\u016bs b\u016btiskas, lai veidotu saska\u0146otus teikumus un vieno\u0161an\u0101s ar citiem elementiem, piem\u0113ram, \u012bpa\u0161\u012bbas v\u0101rdiem.<\/p>\n\n\n\n<h3 class=\"wp-block-heading\" id=\"h-3-adjectives\">3. \u012apa\u0161\u012bbas v\u0101rdi:<\/h3>\n\n\n\n<p>Uzziniet, k\u0101 aprakst\u012bt lietv\u0101rdus, izmantojot \u012bpa\u0161\u012bbas v\u0101rdus, kuriem j\u0101sakr\u012bt ar lietv\u0101rdu dzimt\u0113 un skait\u0101. Tas uzlabos j\u016bsu sp\u0113ju izteikt idejas un aprakst\u012bt objektus vai cilv\u0113kus portug\u0101\u013cu valod\u0101.<\/p>\n\n\n\n<h3 class=\"wp-block-heading\" id=\"h-4-pronouns\">4. Vietniekv\u0101rdi:<\/h3>\n\n\n\n<p>Ienirt vietniekv\u0101rdu pasaul\u0113, ieskaitot personiskos, piedero\u0161os, demonstrat\u012bvos un relat\u012bvos vietniekv\u0101rdus. Tie aizst\u0101j lietv\u0101rdus teikumos un pal\u012bdz izvair\u012bties no nevajadz\u012bgas atk\u0101rto\u0161an\u0101s.<\/p>\n\n\n\n<h3 class=\"wp-block-heading\" id=\"h-5-verbs\">5. Darb\u012bbas v\u0101rdi:<\/h3>\n\n\n\n<p>Izprast da\u017e\u0101d\u0101s darb\u012bbas v\u0101rdu konjug\u0101cijas portug\u0101\u013cu valod\u0101, kas ir b\u016btiskas darb\u012bbu, notikumu un valstu izteik\u0161anai. S\u0101ciet ar regul\u0101riem darb\u012bbas v\u0101rdiem un p\u0113c tam p\u0101rejiet pie neregul\u0101riem darb\u012bbas v\u0101rdiem un to da\u017e\u0101daj\u0101m konjug\u0101cij\u0101m.<\/p>\n\n\n\n<h3 class=\"wp-block-heading\" id=\"h-6-tenses-indicative\">6. Sasprindzin\u0101jums Indikat\u012bvs:<\/h3>\n\n\n\n<p>Uzziniet indikat\u012bvo noska\u0146ojumu, ko izmanto, lai izteiktu faktus vai noteikt\u012bbu. Tas ietver izpratni par da\u017e\u0101diem laikiem, piem\u0113ram, tagadni, pag\u0101tni un n\u0101kotni, k\u0101 ar\u012b to konjug\u0101cij\u0101m da\u017e\u0101da veida darb\u012bbas v\u0101rdiem.<\/p>\n\n\n\n<h3 class=\"wp-block-heading\" id=\"h-7-tenses-subjunctive\">7. Sasprindzin\u0101jums subjunkt\u012bvais:<\/h3>\n\n\n\n<p>Iedzi\u013cinieties subjunkt\u012bvaj\u0101 noska\u0146ojum\u0101, kas rada \u0161aubas, iesp\u0113ju vai nenoteikt\u012bbu. Tas ietver tagadnes, pag\u0101tnes un n\u0101kotnes subjunkt\u012bvo laiku un to attiec\u012bgo konjug\u0101ciju apguvi.<\/p>\n\n\n\n<h3 class=\"wp-block-heading\" id=\"h-8-tense-comparison\">8. Saspringts sal\u012bdzin\u0101jums:<\/h3>\n\n\n\n<p>Izp\u0113tiet, k\u0101 sal\u012bdzin\u0101t un pretstat\u012bt da\u017e\u0101dus laikus gan indikat\u012bvaj\u0101s, gan pak\u0101rtotaj\u0101s noska\u0146\u0101s. Tas pal\u012bdz\u0113s jums izv\u0113l\u0113ties piem\u0113rotu sasprindzin\u0101jumu da\u017e\u0101diem kontekstiem un situ\u0101cij\u0101m.<\/p>\n\n\n\n<h3 class=\"wp-block-heading\" id=\"h-9-adverbs\">9. Adverbi:<\/h3>\n\n\n\n<p>Uzziniet par adverbiem, kas modific\u0113 darb\u012bbas v\u0101rdus, \u012bpa\u0161\u012bbas v\u0101rdus vai citus adverbus, sniedzot papildu inform\u0101ciju par darb\u012bbas veidu, vietu vai laiku.<\/p>\n\n\n\n<h3 class=\"wp-block-heading\" id=\"h-10-prepositions\">10. Priev\u0101rdi:<\/h3>\n\n\n\n<p>Iepaz\u012bstieties ar priev\u0101rdu izmanto\u0161anu, kas nosaka attiec\u012bbas starp v\u0101rdiem teikum\u0101, piem\u0113ram, atra\u0161an\u0101s vietu, virzienu, laiku vai m\u0113r\u0137i.<\/p>\n\n\n\n<h3 class=\"wp-block-heading\" id=\"h-11-sentence-structure\">11. Teikuma strukt\u016bra:<\/h3>\n\n\n\n<p>Visbeidzot, izprotiet pamata teikuma strukt\u016bru portug\u0101\u013cu valod\u0101, ieskaitot v\u0101rdu sec\u012bbu, noliegumu un jaut\u0101jumu veido\u0161anu. Tas \u013caus jums izveidot j\u0113gpilnus un gramatiski pareizus teikumus, \u013caujot efekt\u012bvi sazin\u0101ties portug\u0101\u013cu valod\u0101.<\/p>\n<\/div><\/div>\n\r\n<section class=\"learnNavigationSection\">\r\n            \r\n        <a href=\"https:\/\/talkpal.ai\/lv\/uzziniet-portugalu-valodu\/\">\r\n            <div class=\"learnNavigationWrapper\">\r\n                <div class=\"learnNavigationContent\">\r\n                    <img decoding=\"async\" src=\"https:\/\/talkpal.ai\/wp-content\/uploads\/2024\/08\/Portuguese.jpg\" alt=\"Portuguese Flag\">\r\n                    <div>\r\n                        <h4>Par Portugal Learning<\/h4>\r\n                        <p>Uzziniet visu par Portug\u0101les gramatiku.<\/p>\r\n                    <\/div>\r\n                <\/div>\r\n            <\/div>\r\n        <\/a>\r\n\r\n        \r\n        <a href=\"https:\/\/talkpal.ai\/lv\/portugalu-valodas-gramatika\/\">\r\n            <div class=\"learnNavigationWrapper\">\r\n                <div class=\"learnNavigationContent\">\r\n                    <img decoding=\"async\" src=\"https:\/\/talkpal.ai\/wp-content\/uploads\/2024\/08\/Portuguese.jpg\" alt=\"Portuguese Flag\">\r\n                    <div>\r\n                        <h4>Portug\u0101\u013cu valodas gramatikas stundas<\/h4>\r\n                        <p>Praktiz\u0113jiet portug\u0101\u013cu gramatiku.<\/p>\r\n                    <\/div>\r\n                <\/div>\r\n            <\/div>\r\n        <\/a>\r\n\r\n        \r\n        <a href=\"https:\/\/talkpal.ai\/vocabulary_language\/portuguese\/\">\r\n            <div class=\"learnNavigationWrapper\">\r\n                <div class=\"learnNavigationContent\">\r\n                    <img decoding=\"async\" src=\"https:\/\/talkpal.ai\/wp-content\/uploads\/2024\/08\/Portuguese.jpg\" alt=\"Portuguese Flag\">\r\n                    <div>\r\n                        <h4>Portug\u0101\u013cu valodas v\u0101rdn\u012bca<\/h4>\r\n                        <p>Papla\u0161iniet savu portug\u0101\u013cu valodas v\u0101rdu kr\u0101jumu.<\/p>\r\n                    <\/div>\r\n                <\/div>\r\n            <\/div>\r\n        <\/a>\r\n\r\n            <\/section>","protected":false},"excerpt":{"rendered":"<p>Portug\u0101\u013cu valodas gramatikas t\u0113mas Jaunas valodas apguve var b\u016bt aizraujo\u0161a un atalgojo\u0161a pieredze, un portug\u0101\u013cu valoda nav iz\u0146\u0113mums. K\u0101 sest\u0101 visvair\u0101k run\u0101t\u0101 valoda pasaul\u0113 t\u0101 pied\u0101v\u0101 daudzas iesp\u0113jas person\u012bgai un profesion\u0101lai izaugsmei. T\u0101s lingvistisk\u0101s sare\u017e\u0123\u012bt\u012bbas un gramatikas izpratne un apg\u016b\u0161ana var atv\u0113rt durvis uz bag\u0101t\u012bgu kult\u016bras pieredzi t\u0101d\u0101s valst\u012bs k\u0101 Portug\u0101le, Braz\u012blija un da\u017e\u0101das \u0100frikas [&hellip;]<\/p>\n","protected":false},"author":6,"featured_media":107737,"parent":0,"menu_order":0,"comment_status":"closed","ping_status":"closed","template":"LearningContentPage.php","meta":{"_acf_changed":false,"footnotes":""},"class_list":["post-135503","page","type-page","status-publish","has-post-thumbnail","hentry"],"acf":[],"yoast_head":"<!-- This site is optimized with the Yoast SEO Premium plugin v27.2 (Yoast SEO v27.2) - https:\/\/yoast.com\/product\/yoast-seo-premium-wordpress\/ -->\n<title>Portug\u0101\u013cu valodas gramatikas vingrin\u0101jumi - Talkpal<\/title>\n<meta name=\"description\" content=\"Nostipriniet savas portug\u0101\u013cu valodas gramatikas prasmes ar interakt\u012bviem vingrin\u0101jumiem, kas paredz\u0113ti visiem l\u012bme\u0146iem.\" \/>\n<meta name=\"robots\" content=\"index, follow, max-snippet:-1, max-image-preview:large, max-video-preview:-1\" \/>\n<link rel=\"canonical\" href=\"https:\/\/talkpal.ai\/lv\/portugalu-valodas-gramatikas-vingrinajumi\/\" \/>\n<meta property=\"og:locale\" content=\"lv_LV\" \/>\n<meta property=\"og:type\" content=\"article\" \/>\n<meta property=\"og:title\" content=\"Portug\u0101\u013cu valodas gramatikas vingrin\u0101jumi\" \/>\n<meta property=\"og:description\" content=\"Portug\u0101\u013cu valodas gramatikas t\u0113mas Jaunas valodas apguve var b\u016bt aizraujo\u0161a un atalgojo\u0161a pieredze, un portug\u0101\u013cu valoda nav iz\u0146\u0113mums. K\u0101 sest\u0101 visvair\u0101k\" \/>\n<meta property=\"og:url\" content=\"https:\/\/talkpal.ai\/lv\/portugalu-valodas-gramatikas-vingrinajumi\/\" \/>\n<meta property=\"og:site_name\" content=\"Talkpal\" \/>\n<meta property=\"article:publisher\" content=\"https:\/\/www.facebook.com\/profile.php?id=100090733639311\" \/>\n<meta property=\"article:modified_time\" content=\"2025-12-17T16:16:50+00:00\" \/>\n<meta property=\"og:image\" content=\"https:\/\/talkpal.ai\/wp-content\/uploads\/2023\/04\/portugal.png\" \/>\n\t<meta property=\"og:image:width\" content=\"512\" \/>\n\t<meta property=\"og:image:height\" content=\"512\" \/>\n\t<meta property=\"og:image:type\" content=\"image\/png\" \/>\n<meta name=\"twitter:card\" content=\"summary_large_image\" \/>\n<meta name=\"twitter:site\" content=\"@talkpalai\" \/>\n<meta name=\"twitter:label1\" content=\"Est. reading time\" \/>\n\t<meta name=\"twitter:data1\" content=\"3 minutes\" \/>\n<script type=\"application\/ld+json\" class=\"yoast-schema-graph\">{\"@context\":\"https:\/\/schema.org\",\"@graph\":[{\"@type\":\"WebPage\",\"@id\":\"https:\/\/talkpal.ai\/lv\/portugalu-valodas-gramatikas-vingrinajumi\/\",\"url\":\"https:\/\/talkpal.ai\/lv\/portugalu-valodas-gramatikas-vingrinajumi\/\",\"name\":\"Portug\u0101\u013cu valodas gramatikas vingrin\u0101jumi - Talkpal\",\"isPartOf\":{\"@id\":\"https:\/\/talkpal.ai\/lv\/#website\"},\"primaryImageOfPage\":{\"@id\":\"https:\/\/talkpal.ai\/lv\/portugalu-valodas-gramatikas-vingrinajumi\/#primaryimage\"},\"image\":{\"@id\":\"https:\/\/talkpal.ai\/lv\/portugalu-valodas-gramatikas-vingrinajumi\/#primaryimage\"},\"thumbnailUrl\":\"https:\/\/talkpal.ai\/wp-content\/uploads\/2023\/04\/portugal.png\",\"datePublished\":\"2023-06-16T10:42:00+00:00\",\"dateModified\":\"2025-12-17T16:16:50+00:00\",\"description\":\"Nostipriniet savas portug\u0101\u013cu valodas gramatikas prasmes ar interakt\u012bviem vingrin\u0101jumiem, kas paredz\u0113ti visiem l\u012bme\u0146iem.\",\"breadcrumb\":{\"@id\":\"https:\/\/talkpal.ai\/lv\/portugalu-valodas-gramatikas-vingrinajumi\/#breadcrumb\"},\"inLanguage\":\"lv-LV\",\"potentialAction\":[{\"@type\":\"ReadAction\",\"target\":[\"https:\/\/talkpal.ai\/lv\/portugalu-valodas-gramatikas-vingrinajumi\/\"]}]},{\"@type\":\"ImageObject\",\"inLanguage\":\"lv-LV\",\"@id\":\"https:\/\/talkpal.ai\/lv\/portugalu-valodas-gramatikas-vingrinajumi\/#primaryimage\",\"url\":\"https:\/\/talkpal.ai\/wp-content\/uploads\/2023\/04\/portugal.png\",\"contentUrl\":\"https:\/\/talkpal.ai\/wp-content\/uploads\/2023\/04\/portugal.png\",\"width\":512,\"height\":512},{\"@type\":\"BreadcrumbList\",\"@id\":\"https:\/\/talkpal.ai\/lv\/portugalu-valodas-gramatikas-vingrinajumi\/#breadcrumb\",\"itemListElement\":[{\"@type\":\"ListItem\",\"position\":1,\"name\":\"Homepage\",\"item\":\"https:\/\/talkpal.ai\/lv\/\"},{\"@type\":\"ListItem\",\"position\":2,\"name\":\"Portug\u0101\u013cu valodas gramatikas vingrin\u0101jumi\"}]},{\"@type\":\"WebSite\",\"@id\":\"https:\/\/talkpal.ai\/lv\/#website\",\"url\":\"https:\/\/talkpal.ai\/lv\/\",\"name\":\"Talkpal\",\"description\":\"AI Language Learning\",\"publisher\":{\"@id\":\"https:\/\/talkpal.ai\/lv\/#organization\"},\"alternateName\":\"Talkpal AI\",\"potentialAction\":[{\"@type\":\"SearchAction\",\"target\":{\"@type\":\"EntryPoint\",\"urlTemplate\":\"https:\/\/talkpal.ai\/lv\/?s={search_term_string}\"},\"query-input\":{\"@type\":\"PropertyValueSpecification\",\"valueRequired\":true,\"valueName\":\"search_term_string\"}}],\"inLanguage\":\"lv-LV\"},{\"@type\":\"Organization\",\"@id\":\"https:\/\/talkpal.ai\/lv\/#organization\",\"name\":\"Talkpal, Inc.\",\"alternateName\":\"Talkpal AI\",\"url\":\"https:\/\/talkpal.ai\/lv\/\",\"logo\":{\"@type\":\"ImageObject\",\"inLanguage\":\"lv-LV\",\"@id\":\"https:\/\/talkpal.ai\/lv\/#\/schema\/logo\/image\/\",\"url\":\"https:\/\/talkpal.ai\/wp-content\/uploads\/2024\/03\/Talkpal-Logo-Icon.png\",\"contentUrl\":\"https:\/\/talkpal.ai\/wp-content\/uploads\/2024\/03\/Talkpal-Logo-Icon.png\",\"width\":2880,\"height\":2880,\"caption\":\"Talkpal, Inc.\"},\"image\":{\"@id\":\"https:\/\/talkpal.ai\/lv\/#\/schema\/logo\/image\/\"},\"sameAs\":[\"https:\/\/www.facebook.com\/profile.php?id=100090733639311\",\"https:\/\/x.com\/talkpalai\",\"https:\/\/www.linkedin.com\/company\/talkpal\/\",\"https:\/\/www.youtube.com\/@TalkPal\/\",\"https:\/\/www.tiktok.com\/@talkpal\",\"https:\/\/www.instagram.com\/talkpal_ai\/\",\"https:\/\/www.crunchbase.com\/organization\/talkpal-9cde\",\"https:\/\/www.g2.com\/products\/talkpal-for-business\/\",\"https:\/\/www.trustpilot.com\/review\/talkpal.ai\",\"https:\/\/www.capterra.com\/p\/10006800\/TalkPal\/\"],\"description\":\"Talkpal is a language learning web and mobile education app, powered by the latest AI technologies, that provides engaging experiences to its customers in many different languages to help them improve their language skills. Users can chat about unlimited amount of topics with the app and use other modes to practice their language learning.\",\"email\":\"support@talkpal.ai\",\"legalName\":\"Talkpal, Inc.\",\"foundingDate\":\"2023-04-03\",\"duns\":\"118989042\",\"numberOfEmployees\":{\"@type\":\"QuantitativeValue\",\"minValue\":\"11\",\"maxValue\":\"50\"},\"publishingPrinciples\":\"https:\/\/talkpal.ai\/publishing-principles\/\",\"actionableFeedbackPolicy\":\"https:\/\/talkpal.ai\/actionable-feedback-policy\/\",\"correctionsPolicy\":\"https:\/\/talkpal.ai\/corrections-policy\/\",\"ethicsPolicy\":\"https:\/\/talkpal.ai\/ethics-policy\/\",\"diversityPolicy\":\"https:\/\/talkpal.ai\/diversity-policy\/\",\"diversityStaffingReport\":\"https:\/\/talkpal.ai\/diversity-policy\/\"}]}<\/script>\n<!-- \/ Yoast SEO Premium plugin. -->","yoast_head_json":{"title":"Portug\u0101\u013cu valodas gramatikas vingrin\u0101jumi - Talkpal","description":"Nostipriniet savas portug\u0101\u013cu valodas gramatikas prasmes ar interakt\u012bviem vingrin\u0101jumiem, kas paredz\u0113ti visiem l\u012bme\u0146iem.","robots":{"index":"index","follow":"follow","max-snippet":"max-snippet:-1","max-image-preview":"max-image-preview:large","max-video-preview":"max-video-preview:-1"},"canonical":"https:\/\/talkpal.ai\/lv\/portugalu-valodas-gramatikas-vingrinajumi\/","og_locale":"lv_LV","og_type":"article","og_title":"Portug\u0101\u013cu valodas gramatikas vingrin\u0101jumi","og_description":"Portug\u0101\u013cu valodas gramatikas t\u0113mas Jaunas valodas apguve var b\u016bt aizraujo\u0161a un atalgojo\u0161a pieredze, un portug\u0101\u013cu valoda nav iz\u0146\u0113mums. K\u0101 sest\u0101 visvair\u0101k","og_url":"https:\/\/talkpal.ai\/lv\/portugalu-valodas-gramatikas-vingrinajumi\/","og_site_name":"Talkpal","article_publisher":"https:\/\/www.facebook.com\/profile.php?id=100090733639311","article_modified_time":"2025-12-17T16:16:50+00:00","og_image":[{"width":512,"height":512,"url":"https:\/\/talkpal.ai\/wp-content\/uploads\/2023\/04\/portugal.png","type":"image\/png"}],"twitter_card":"summary_large_image","twitter_site":"@talkpalai","twitter_misc":{"Est. reading time":"3 minutes"},"schema":{"@context":"https:\/\/schema.org","@graph":[{"@type":"WebPage","@id":"https:\/\/talkpal.ai\/lv\/portugalu-valodas-gramatikas-vingrinajumi\/","url":"https:\/\/talkpal.ai\/lv\/portugalu-valodas-gramatikas-vingrinajumi\/","name":"Portug\u0101\u013cu valodas gramatikas vingrin\u0101jumi - Talkpal","isPartOf":{"@id":"https:\/\/talkpal.ai\/lv\/#website"},"primaryImageOfPage":{"@id":"https:\/\/talkpal.ai\/lv\/portugalu-valodas-gramatikas-vingrinajumi\/#primaryimage"},"image":{"@id":"https:\/\/talkpal.ai\/lv\/portugalu-valodas-gramatikas-vingrinajumi\/#primaryimage"},"thumbnailUrl":"https:\/\/talkpal.ai\/wp-content\/uploads\/2023\/04\/portugal.png","datePublished":"2023-06-16T10:42:00+00:00","dateModified":"2025-12-17T16:16:50+00:00","description":"Nostipriniet savas portug\u0101\u013cu valodas gramatikas prasmes ar interakt\u012bviem vingrin\u0101jumiem, kas paredz\u0113ti visiem l\u012bme\u0146iem.","breadcrumb":{"@id":"https:\/\/talkpal.ai\/lv\/portugalu-valodas-gramatikas-vingrinajumi\/#breadcrumb"},"inLanguage":"lv-LV","potentialAction":[{"@type":"ReadAction","target":["https:\/\/talkpal.ai\/lv\/portugalu-valodas-gramatikas-vingrinajumi\/"]}]},{"@type":"ImageObject","inLanguage":"lv-LV","@id":"https:\/\/talkpal.ai\/lv\/portugalu-valodas-gramatikas-vingrinajumi\/#primaryimage","url":"https:\/\/talkpal.ai\/wp-content\/uploads\/2023\/04\/portugal.png","contentUrl":"https:\/\/talkpal.ai\/wp-content\/uploads\/2023\/04\/portugal.png","width":512,"height":512},{"@type":"BreadcrumbList","@id":"https:\/\/talkpal.ai\/lv\/portugalu-valodas-gramatikas-vingrinajumi\/#breadcrumb","itemListElement":[{"@type":"ListItem","position":1,"name":"Homepage","item":"https:\/\/talkpal.ai\/lv\/"},{"@type":"ListItem","position":2,"name":"Portug\u0101\u013cu valodas gramatikas vingrin\u0101jumi"}]},{"@type":"WebSite","@id":"https:\/\/talkpal.ai\/lv\/#website","url":"https:\/\/talkpal.ai\/lv\/","name":"Talkpal","description":"AI Language Learning","publisher":{"@id":"https:\/\/talkpal.ai\/lv\/#organization"},"alternateName":"Talkpal AI","potentialAction":[{"@type":"SearchAction","target":{"@type":"EntryPoint","urlTemplate":"https:\/\/talkpal.ai\/lv\/?s={search_term_string}"},"query-input":{"@type":"PropertyValueSpecification","valueRequired":true,"valueName":"search_term_string"}}],"inLanguage":"lv-LV"},{"@type":"Organization","@id":"https:\/\/talkpal.ai\/lv\/#organization","name":"Talkpal, Inc.","alternateName":"Talkpal AI","url":"https:\/\/talkpal.ai\/lv\/","logo":{"@type":"ImageObject","inLanguage":"lv-LV","@id":"https:\/\/talkpal.ai\/lv\/#\/schema\/logo\/image\/","url":"https:\/\/talkpal.ai\/wp-content\/uploads\/2024\/03\/Talkpal-Logo-Icon.png","contentUrl":"https:\/\/talkpal.ai\/wp-content\/uploads\/2024\/03\/Talkpal-Logo-Icon.png","width":2880,"height":2880,"caption":"Talkpal, Inc."},"image":{"@id":"https:\/\/talkpal.ai\/lv\/#\/schema\/logo\/image\/"},"sameAs":["https:\/\/www.facebook.com\/profile.php?id=100090733639311","https:\/\/x.com\/talkpalai","https:\/\/www.linkedin.com\/company\/talkpal\/","https:\/\/www.youtube.com\/@TalkPal\/","https:\/\/www.tiktok.com\/@talkpal","https:\/\/www.instagram.com\/talkpal_ai\/","https:\/\/www.crunchbase.com\/organization\/talkpal-9cde","https:\/\/www.g2.com\/products\/talkpal-for-business\/","https:\/\/www.trustpilot.com\/review\/talkpal.ai","https:\/\/www.capterra.com\/p\/10006800\/TalkPal\/"],"description":"Talkpal is a language learning web and mobile education app, powered by the latest AI technologies, that provides engaging experiences to its customers in many different languages to help them improve their language skills. Users can chat about unlimited amount of topics with the app and use other modes to practice their language learning.","email":"support@talkpal.ai","legalName":"Talkpal, Inc.","foundingDate":"2023-04-03","duns":"118989042","numberOfEmployees":{"@type":"QuantitativeValue","minValue":"11","maxValue":"50"},"publishingPrinciples":"https:\/\/talkpal.ai\/publishing-principles\/","actionableFeedbackPolicy":"https:\/\/talkpal.ai\/actionable-feedback-policy\/","correctionsPolicy":"https:\/\/talkpal.ai\/corrections-policy\/","ethicsPolicy":"https:\/\/talkpal.ai\/ethics-policy\/","diversityPolicy":"https:\/\/talkpal.ai\/diversity-policy\/","diversityStaffingReport":"https:\/\/talkpal.ai\/diversity-policy\/"}]}},"_links":{"self":[{"href":"https:\/\/talkpal.ai\/lv\/wp-json\/wp\/v2\/pages\/135503","targetHints":{"allow":["GET"]}}],"collection":[{"href":"https:\/\/talkpal.ai\/lv\/wp-json\/wp\/v2\/pages"}],"about":[{"href":"https:\/\/talkpal.ai\/lv\/wp-json\/wp\/v2\/types\/page"}],"author":[{"embeddable":true,"href":"https:\/\/talkpal.ai\/lv\/wp-json\/wp\/v2\/users\/6"}],"replies":[{"embeddable":true,"href":"https:\/\/talkpal.ai\/lv\/wp-json\/wp\/v2\/comments?post=135503"}],"version-history":[{"count":0,"href":"https:\/\/talkpal.ai\/lv\/wp-json\/wp\/v2\/pages\/135503\/revisions"}],"wp:featuredmedia":[{"embeddable":true,"href":"https:\/\/talkpal.ai\/lv\/wp-json\/wp\/v2\/media\/107737"}],"wp:attachment":[{"href":"https:\/\/talkpal.ai\/lv\/wp-json\/wp\/v2\/media?parent=135503"}],"curies":[{"name":"wp","href":"https:\/\/api.w.org\/{rel}","templated":true}]}}