{"id":135085,"date":"2023-06-16T10:27:33","date_gmt":"2023-06-16T10:27:33","guid":{"rendered":"http:\/\/talkpal.ai\/korejiesu-valodas-gramatikas-vingrinajumi\/"},"modified":"2025-12-17T16:57:37","modified_gmt":"2025-12-17T16:57:37","slug":"korejiesu-valodas-gramatikas-vingrinajumi","status":"publish","type":"page","link":"https:\/\/talkpal.ai\/lv\/korejiesu-valodas-gramatikas-vingrinajumi\/","title":{"rendered":"Korejie\u0161u valodas gramatikas vingrin\u0101jumi"},"content":{"rendered":"\r\n\r\n\r\n<section class=\"languageChallengeSection\">\r\n    <div class=\"languageInfoWrapper\">\r\n        \r\n        <h1>Korejie\u0161u valodas gramatikas vingrin\u0101jumi<\/h1>\r\n        <p>V\u0113laties nostiprin\u0101t savas <a href=\"https:\/\/talkpal.ai\/learn-korean\/\">korejie\u0161u<\/a> <a href=\"https:\/\/talkpal.ai\/what-language-is-spoken-on-the-international-space-station\/\">valodas<\/a> zin\u0101\u0161anas? Gramatikas vingrin\u0101jumi ir lielisks veids, k\u0101 apg\u016bt teikuma strukt\u016bru, darb\u012bbas v\u0101rdu galotnes un ikdieni\u0161\u0137as fr\u0101zes. Iegremd\u0113jiet un regul\u0101ri praktiz\u0113jiet korejie\u0161u valodas gramatiku &#8211; katrs vingrin\u0101jums j\u016bs tuvina dabiskai, p\u0101rliecino\u0161ai sazi\u0146ai. S\u0101ciet jau \u0161odien un v\u0113rojiet, k\u0101 soli pa solim aug j\u016bsu korejie\u0161u valodas prasmes!<\/p>\r\n\r\n                            <a class=\"getStartedHidden\" href=\"https:\/\/app.talkpal.ai\/lv\/signup?lng=\">S\u0101c<\/a>\r\n        \r\n    <\/div>\r\n\r\n    <figure>\r\n    <img decoding=\"async\" width=\"768\" height=\"768\" src=\"https:\/\/talkpal.ai\/wp-content\/uploads\/2023\/06\/korean-768x768.png\" class=\"languageImage no-lazy\" alt=\"Line-by-line learning for language acquisition\" fetchpriority=\"high\" sizes=\"(max-width: 768px) 150px, 768px\" srcset=\"https:\/\/talkpal.ai\/wp-content\/uploads\/2023\/06\/korean-768x768.png 768w, https:\/\/talkpal.ai\/wp-content\/uploads\/2023\/06\/korean-300x300.png 300w\" \/>\r\n    \r\n\r\n    <\/figure>\r\n\r\n            <a class=\"getStartedVisible\" href=\"https:\/\/app.talkpal.ai\/lv\/signup?lng=\">S\u0101c<\/a>\r\n    \r\n<\/section>\r\n\r\n\r\n<!-- <section class=\"grammarSection\">\r\n    <div class=\"grammarLinks\">\r\n            <\/div>\r\n<\/section> -->\r\n\r\n\r\n\r\n\r\n<section class=\"promotionalBanner\">\r\n    <p class=\"promotionalText\">Visefekt\u012bv\u0101kais veids, k\u0101 apg\u016bt valodu<\/p>\r\n    <a class=\"promotionalLink\" href=\"https:\/\/app.talkpal.ai\/lv\/signup?lng=\">Izm\u0113\u0123iniet Talkpal bez maksas<\/a>\r\n<\/section>\n<div class=\"wp-block-group pageContainerStyle\"><div class=\"wp-block-group__inner-container is-layout-constrained wp-block-group-is-layout-constrained\">\n<h2 class=\"wp-block-heading\" id=\"h-korean-grammar-topics\">Korejie\u0161u valodas gramatikas t\u0113mas<\/h2>\n\n\n\n<p>Korejie\u0161u valodas apguve var b\u016bt aizraujo\u0161a un atalgojo\u0161a pieredze, jo t\u0101 paver jaunas kult\u016bras un profesion\u0101l\u0101s iesp\u0113jas. Korejie\u0161u valodai ir bag\u0101ta v\u0113sture, un taj\u0101 run\u0101 miljoniem cilv\u0113ku vis\u0101 pasaul\u0113. Viens no galvenajiem jebkuras <a href=\"https:\/\/talkpal.ai\/lv\/portugalu-valodas-apguves-nodarbibas\/\">valodas apguves<\/a> aspektiem ir t\u0101s gramatikas izpratne. Korejie\u0161u valodas gad\u012bjum\u0101 <a href=\"https:\/\/talkpal.ai\/sq\/gramatika\/\">gramatika<\/a> ir diezgan at\u0161\u0137ir\u012bga no daudz\u0101m Rietumu valod\u0101m, ta\u010du ar pareizu pieeju to var sistem\u0101tiski saprast. \u0160aj\u0101 rakst\u0101 m\u0113s izp\u0113t\u012bsim da\u017e\u0101das korejie\u0161u gramatikas t\u0113mas, tostarp laikus, darb\u012bbas v\u0101rdus, lietv\u0101rdus, rakstus, vietniekv\u0101rdus, \u012bpa\u0161\u012bbas v\u0101rdus, adverbus, priev\u0101rdus un teikuma strukt\u016bru. Izprotot un apg\u016bstot \u0161os j\u0113dzienus, j\u016bs b\u016bsiet ce\u013c\u0101 uz to, lai k\u013c\u016btu par korejie\u0161u valodas lietprat\u0113ju.<\/p>\n\n\n\n<h3 class=\"wp-block-heading\" id=\"h-1-nouns\">1. Lietv\u0101rdi:<\/h3>\n\n\n\n<p>Korejie\u0161u valod\u0101 lietv\u0101rdi ir b\u016btiski teikumu pamatelementi. Vi\u0146i p\u0101rst\u0101v cilv\u0113kus, vietas, lietas vai idejas. Korejie\u0161u lietv\u0101rdiem nav dzimumu vai skait\u013cu at\u0161\u0137ir\u012bbu, t\u0101p\u0113c tos ir sal\u012bdzino\u0161i viegli iem\u0101c\u012bties. Iepaz\u012b\u0161an\u0101s ar parastajiem korejie\u0161u lietv\u0101rdiem pal\u012bdz\u0113s jums izveidot sp\u0113c\u012bgu v\u0101rdu kr\u0101juma pamatu.<\/p>\n\n\n\n<h3 class=\"wp-block-heading\" id=\"h-2-verbs\">2. Darb\u012bbas v\u0101rdi:<\/h3>\n\n\n\n<p>Korejie\u0161u darb\u012bbas v\u0101rdi ir kritiski svar\u012bgi, lai nodotu darb\u012bbas un es\u012bbas st\u0101vok\u013cus. Tie parasti n\u0101k teikuma beig\u0101s, un tiem ir da\u017e\u0101das formas atkar\u012bb\u0101 no sasprindzin\u0101juma un piekl\u0101j\u012bbas l\u012bme\u0146a. Izpratne par konjug\u0101cijas noteikumiem da\u017e\u0101d\u0101m darb\u012bbas v\u0101rdu form\u0101m ir b\u016btiska efekt\u012bvai sazi\u0146ai korejie\u0161u valod\u0101.<\/p>\n\n\n\n<h3 class=\"wp-block-heading\" id=\"h-3-adjectives\">3. \u012apa\u0161\u012bbas v\u0101rdi:<\/h3>\n\n\n\n<p>Korejie\u0161u valod\u0101 \u012bpa\u0161\u012bbas v\u0101rdi tiek izmantoti, lai aprakst\u012btu lietv\u0101rdus, un tiem ir l\u012bdz\u012bgi konjug\u0101cijas noteikumi k\u0101 darb\u012bbas v\u0101rdiem. Tos var izmantot pirms vai p\u0113c lietv\u0101rda, un to forma var main\u012bties atkar\u012bb\u0101 no sasprindzin\u0101juma un piekl\u0101j\u012bbas l\u012bme\u0146a. Kop\u012bgu \u012bpa\u0161\u012bbas v\u0101rdu apguve un to lieto\u0161ana uzlabos j\u016bsu apraksto\u0161\u0101s sp\u0113jas korejie\u0161u valod\u0101.<\/p>\n\n\n\n<h3 class=\"wp-block-heading\" id=\"h-4-adverbs\">4. Adverbi:<\/h3>\n\n\n\n<p>Adverbi korejie\u0161u valod\u0101 sniedz papildu inform\u0101ciju par darb\u012bbas v\u0101rdiem, \u012bpa\u0161\u012bbas v\u0101rdiem vai citiem adverbiem. Tie parasti ir pirms v\u0101rda, ko tie maina, un tiem nav \u012bpa\u0161u konjug\u0101cijas noteikumu. Adverbu iek\u013cau\u0161ana korejie\u0161u teikumos var pie\u0161\u0137irt j\u016bsu izteiksmei dzi\u013cumu un niansi.<\/p>\n\n\n\n<h3 class=\"wp-block-heading\" id=\"h-5-pronouns\">5. Vietniekv\u0101rdi:<\/h3>\n\n\n\n<p>Korejie\u0161u vietniekv\u0101rdi pal\u012bdz izvair\u012bties no atlai\u0161anas un padara teikumus kodol\u012bg\u0101kus. Tie aizst\u0101j lietv\u0101rdus, kas jau ir min\u0113ti vai tiek saprasti kontekst\u0101. Korejie\u0161u valodas vietniekv\u0101rdiem ir da\u017e\u0101das formas atkar\u012bb\u0101 no subjekta soci\u0101l\u0101 statusa un dzimuma, t\u0101p\u0113c tie ir svar\u012bgs valodas aspekts, kas j\u0101apg\u016bst.<\/p>\n\n\n\n<h3 class=\"wp-block-heading\" id=\"h-6-prepositions\">6. Priev\u0101rdi:<\/h3>\n\n\n\n<p>Korejie\u0161u valod\u0101 priev\u0101rdi tiek izmantoti, lai izteiktu attiec\u012bbas starp lietv\u0101rdiem teikum\u0101, piem\u0113ram, atra\u0161an\u0101s vietu, virzienu vai vald\u012bjumu. At\u0161\u0137ir\u012bb\u0101 no <a href=\"https:\/\/talkpal.ai\/learn-english-with-ai\/\">ang\u013cu<\/a> valodas, korejie\u0161u priev\u0101rdi parasti n\u0101k p\u0113c lietv\u0101rda, ko tie p\u0101rveido, veidojot vienu vien\u012bbu, ko sauc par postpoz\u012bcijas fr\u0101zi. Izpratne par \u0161o da\u013ci\u0146u pareizu izmanto\u0161anu ir b\u016btiska, lai izveidotu saska\u0146otus korejie\u0161u teikumus.<\/p>\n\n\n\n<h3 class=\"wp-block-heading\" id=\"h-7-sentence-structure\">7. Teikuma strukt\u016bra:<\/h3>\n\n\n\n<p>Korejie\u0161u teikuma pamatstrukt\u016bra ir subjekts-objekts-darb\u012bbas v\u0101rds (SOV). Tas noz\u012bm\u0113, ka darb\u012bbas v\u0101rds parasti ir p\u0113d\u0113jais teikum\u0101, kas var b\u016bt b\u016btiskas izmai\u0146as ang\u013cu valod\u0101 run\u0101jo\u0161ajiem. Pareizas v\u0101rdu sec\u012bbas un teikuma strukt\u016bras apguve \u013caus jums efekt\u012bv\u0101k sazin\u0101ties korejie\u0161u valod\u0101.<\/p>\n\n\n\n<h3 class=\"wp-block-heading\" id=\"h-8-tenses-indicative-and-subjunctive\">8. Sasprindzin\u0101jums indikat\u012bvs un subjunkt\u012bvs:<\/h3>\n\n\n\n<p>Korejie\u0161u valod\u0101 ir da\u017e\u0101das darb\u012bbas v\u0101rdu formas, lai izteiktu pag\u0101tnes, tagadnes un n\u0101kotnes darb\u012bbas vai valstis. Indikat\u012bvais noska\u0146ojums tiek izmantots faktu apgalvojumiem, savuk\u0101rt subjunkt\u012bvais noska\u0146ojums rada nenoteikt\u012bbu, iesp\u0113ju vai hipot\u0113tiskas situ\u0101cijas. \u0160o darb\u012bbas v\u0101rdu formu pareiza atpaz\u012b\u0161ana un lieto\u0161ana ir b\u016btiska skaidrai sazi\u0146ai korejie\u0161u valod\u0101.<\/p>\n\n\n\n<h3 class=\"wp-block-heading\" id=\"h-9-tense-comparison\">9. Saspringts sal\u012bdzin\u0101jums:<\/h3>\n\n\n\n<p>Sal\u012bdzinot notikumus da\u017e\u0101dos laika posmos, ir j\u0101saprot korejie\u0161u darb\u012bbas v\u0101rda konjug\u0101cijas nianses. Iem\u0101coties sal\u012bdzin\u0101t pag\u0101tnes, tagadnes un n\u0101kotnes notikumus, izmantojot atbilsto\u0161as darb\u012bbas v\u0101rdu formas, j\u016bs varat nodot sare\u017e\u0123\u012btas idejas un attiec\u012bbas korejie\u0161u valod\u0101.<\/p>\n\n\n\n<h3 class=\"wp-block-heading\" id=\"h-10-articles\">10. Raksti:<\/h3>\n\n\n\n<p>At\u0161\u0137ir\u012bb\u0101 no ang\u013cu valodas, korejie\u0161u valod\u0101 nav noteiktu vai nenoteiktu rakstu. T\u0101 viet\u0101 valoda balst\u0101s uz kontekstu un konkr\u0113tu da\u013ci\u0146u izmanto\u0161anu, lai nodotu lietv\u0101rda noteikt\u012bbu vai nenoteikt\u012bbu. \u0160o da\u013ci\u0146u apg\u016b\u0161ana \u013caus jums prec\u012bz\u0101k izteikties korejie\u0161u valod\u0101.<\/p>\n<\/div><\/div>\n\r\n<section class=\"learnNavigationSection\">\r\n            \r\n        <a href=\"https:\/\/talkpal.ai\/lv\/uzziniet-korejiesu-valodu\/\">\r\n            <div class=\"learnNavigationWrapper\">\r\n                <div class=\"learnNavigationContent\">\r\n                    <img decoding=\"async\" src=\"https:\/\/talkpal.ai\/wp-content\/uploads\/2024\/08\/Korean.jpg\" alt=\"Korean Flag\">\r\n                    <div>\r\n                        <h4>Par korejie\u0161u valodas apguvi<\/h4>\r\n                        <p>Uzziniet visu par korejie\u0161u valodas gramatiku.<\/p>\r\n                    <\/div>\r\n                <\/div>\r\n            <\/div>\r\n        <\/a>\r\n\r\n        \r\n        <a href=\"https:\/\/talkpal.ai\/lv\/korejiesu-valodas-gramatika\/\">\r\n            <div class=\"learnNavigationWrapper\">\r\n                <div class=\"learnNavigationContent\">\r\n                    <img decoding=\"async\" src=\"https:\/\/talkpal.ai\/wp-content\/uploads\/2024\/08\/Korean.jpg\" alt=\"Korean Flag\">\r\n                    <div>\r\n                        <h4>Korejie\u0161u valodas gramatikas nodarb\u012bbas<\/h4>\r\n                        <p>Praktiz\u0113jiet korejie\u0161u gramatiku.<\/p>\r\n                    <\/div>\r\n                <\/div>\r\n            <\/div>\r\n        <\/a>\r\n\r\n        \r\n        <a href=\"https:\/\/talkpal.ai\/vocabulary_language\/korean\/\">\r\n            <div class=\"learnNavigationWrapper\">\r\n                <div class=\"learnNavigationContent\">\r\n                    <img decoding=\"async\" src=\"https:\/\/talkpal.ai\/wp-content\/uploads\/2024\/08\/Korean.jpg\" alt=\"Korean Flag\">\r\n                    <div>\r\n                        <h4>Korejie\u0161u valodas v\u0101rdn\u012bca<\/h4>\r\n                        <p>Papla\u0161iniet savu korejie\u0161u valodas v\u0101rdu kr\u0101jumu.<\/p>\r\n                    <\/div>\r\n                <\/div>\r\n            <\/div>\r\n        <\/a>\r\n\r\n            <\/section>","protected":false},"excerpt":{"rendered":"<p>Korejie\u0161u valodas gramatikas t\u0113mas Korejie\u0161u valodas apguve var b\u016bt aizraujo\u0161a un atalgojo\u0161a pieredze, jo t\u0101 paver jaunas kult\u016bras un profesion\u0101l\u0101s iesp\u0113jas. Korejie\u0161u valodai ir bag\u0101ta v\u0113sture, un taj\u0101 run\u0101 miljoniem cilv\u0113ku vis\u0101 pasaul\u0113. Viens no galvenajiem jebkuras valodas apguves aspektiem ir t\u0101s gramatikas izpratne. Korejie\u0161u valodas gad\u012bjum\u0101 gramatika ir diezgan at\u0161\u0137ir\u012bga no daudz\u0101m Rietumu valod\u0101m, [&hellip;]<\/p>\n","protected":false},"author":6,"featured_media":107506,"parent":0,"menu_order":0,"comment_status":"closed","ping_status":"closed","template":"LearningContentPage.php","meta":{"_acf_changed":false,"footnotes":""},"class_list":["post-135085","page","type-page","status-publish","has-post-thumbnail","hentry"],"acf":[],"yoast_head":"<!-- This site is optimized with the Yoast SEO Premium plugin v27.2 (Yoast SEO v27.2) - https:\/\/yoast.com\/product\/yoast-seo-premium-wordpress\/ -->\n<title>Korejie\u0161u valodas gramatikas vingrin\u0101jumi - Talkpal<\/title>\n<meta name=\"description\" content=\"Viegli uzlabojiet korejie\u0161u valodas gramatiku - praktiz\u0113jiet ar interakt\u012bviem vingrin\u0101jumiem, apg\u016bstiet valodas mode\u013cus un veidojiet p\u0101rliec\u012bbu par\" \/>\n<meta name=\"robots\" content=\"index, follow, max-snippet:-1, max-image-preview:large, max-video-preview:-1\" \/>\n<link rel=\"canonical\" href=\"https:\/\/talkpal.ai\/lv\/korejiesu-valodas-gramatikas-vingrinajumi\/\" \/>\n<meta property=\"og:locale\" content=\"lv_LV\" \/>\n<meta property=\"og:type\" content=\"article\" \/>\n<meta property=\"og:title\" content=\"Korejie\u0161u valodas gramatikas vingrin\u0101jumi\" \/>\n<meta property=\"og:description\" content=\"Korejie\u0161u valodas gramatikas t\u0113mas Korejie\u0161u valodas apguve var b\u016bt aizraujo\u0161a un atalgojo\u0161a pieredze, jo t\u0101 paver jaunas kult\u016bras un profesion\u0101l\u0101s\" \/>\n<meta property=\"og:url\" content=\"https:\/\/talkpal.ai\/lv\/korejiesu-valodas-gramatikas-vingrinajumi\/\" \/>\n<meta property=\"og:site_name\" content=\"Talkpal\" \/>\n<meta property=\"article:publisher\" content=\"https:\/\/www.facebook.com\/profile.php?id=100090733639311\" \/>\n<meta property=\"article:modified_time\" content=\"2025-12-17T16:57:37+00:00\" \/>\n<meta property=\"og:image\" content=\"https:\/\/talkpal.ai\/wp-content\/uploads\/2023\/04\/south-korea.png\" \/>\n\t<meta property=\"og:image:width\" content=\"512\" \/>\n\t<meta property=\"og:image:height\" content=\"512\" \/>\n\t<meta property=\"og:image:type\" content=\"image\/png\" \/>\n<meta name=\"twitter:card\" content=\"summary_large_image\" \/>\n<meta name=\"twitter:site\" content=\"@talkpalai\" \/>\n<meta name=\"twitter:label1\" content=\"Est. reading time\" \/>\n\t<meta name=\"twitter:data1\" content=\"4 minutes\" \/>\n<script type=\"application\/ld+json\" class=\"yoast-schema-graph\">{\"@context\":\"https:\/\/schema.org\",\"@graph\":[{\"@type\":\"WebPage\",\"@id\":\"https:\/\/talkpal.ai\/lv\/korejiesu-valodas-gramatikas-vingrinajumi\/\",\"url\":\"https:\/\/talkpal.ai\/lv\/korejiesu-valodas-gramatikas-vingrinajumi\/\",\"name\":\"Korejie\u0161u valodas gramatikas vingrin\u0101jumi - Talkpal\",\"isPartOf\":{\"@id\":\"https:\/\/talkpal.ai\/lv\/#website\"},\"primaryImageOfPage\":{\"@id\":\"https:\/\/talkpal.ai\/lv\/korejiesu-valodas-gramatikas-vingrinajumi\/#primaryimage\"},\"image\":{\"@id\":\"https:\/\/talkpal.ai\/lv\/korejiesu-valodas-gramatikas-vingrinajumi\/#primaryimage\"},\"thumbnailUrl\":\"https:\/\/talkpal.ai\/wp-content\/uploads\/2023\/04\/south-korea.png\",\"datePublished\":\"2023-06-16T10:27:33+00:00\",\"dateModified\":\"2025-12-17T16:57:37+00:00\",\"description\":\"Viegli uzlabojiet korejie\u0161u valodas gramatiku - praktiz\u0113jiet ar interakt\u012bviem vingrin\u0101jumiem, apg\u016bstiet valodas mode\u013cus un veidojiet p\u0101rliec\u012bbu par\",\"breadcrumb\":{\"@id\":\"https:\/\/talkpal.ai\/lv\/korejiesu-valodas-gramatikas-vingrinajumi\/#breadcrumb\"},\"inLanguage\":\"lv-LV\",\"potentialAction\":[{\"@type\":\"ReadAction\",\"target\":[\"https:\/\/talkpal.ai\/lv\/korejiesu-valodas-gramatikas-vingrinajumi\/\"]}]},{\"@type\":\"ImageObject\",\"inLanguage\":\"lv-LV\",\"@id\":\"https:\/\/talkpal.ai\/lv\/korejiesu-valodas-gramatikas-vingrinajumi\/#primaryimage\",\"url\":\"https:\/\/talkpal.ai\/wp-content\/uploads\/2023\/04\/south-korea.png\",\"contentUrl\":\"https:\/\/talkpal.ai\/wp-content\/uploads\/2023\/04\/south-korea.png\",\"width\":512,\"height\":512},{\"@type\":\"BreadcrumbList\",\"@id\":\"https:\/\/talkpal.ai\/lv\/korejiesu-valodas-gramatikas-vingrinajumi\/#breadcrumb\",\"itemListElement\":[{\"@type\":\"ListItem\",\"position\":1,\"name\":\"Homepage\",\"item\":\"https:\/\/talkpal.ai\/lv\/\"},{\"@type\":\"ListItem\",\"position\":2,\"name\":\"Korejie\u0161u valodas gramatikas vingrin\u0101jumi\"}]},{\"@type\":\"WebSite\",\"@id\":\"https:\/\/talkpal.ai\/lv\/#website\",\"url\":\"https:\/\/talkpal.ai\/lv\/\",\"name\":\"Talkpal\",\"description\":\"AI Language Learning\",\"publisher\":{\"@id\":\"https:\/\/talkpal.ai\/lv\/#organization\"},\"alternateName\":\"Talkpal AI\",\"potentialAction\":[{\"@type\":\"SearchAction\",\"target\":{\"@type\":\"EntryPoint\",\"urlTemplate\":\"https:\/\/talkpal.ai\/lv\/?s={search_term_string}\"},\"query-input\":{\"@type\":\"PropertyValueSpecification\",\"valueRequired\":true,\"valueName\":\"search_term_string\"}}],\"inLanguage\":\"lv-LV\"},{\"@type\":\"Organization\",\"@id\":\"https:\/\/talkpal.ai\/lv\/#organization\",\"name\":\"Talkpal, Inc.\",\"alternateName\":\"Talkpal AI\",\"url\":\"https:\/\/talkpal.ai\/lv\/\",\"logo\":{\"@type\":\"ImageObject\",\"inLanguage\":\"lv-LV\",\"@id\":\"https:\/\/talkpal.ai\/lv\/#\/schema\/logo\/image\/\",\"url\":\"https:\/\/talkpal.ai\/wp-content\/uploads\/2024\/03\/Talkpal-Logo-Icon.png\",\"contentUrl\":\"https:\/\/talkpal.ai\/wp-content\/uploads\/2024\/03\/Talkpal-Logo-Icon.png\",\"width\":2880,\"height\":2880,\"caption\":\"Talkpal, Inc.\"},\"image\":{\"@id\":\"https:\/\/talkpal.ai\/lv\/#\/schema\/logo\/image\/\"},\"sameAs\":[\"https:\/\/www.facebook.com\/profile.php?id=100090733639311\",\"https:\/\/x.com\/talkpalai\",\"https:\/\/www.linkedin.com\/company\/talkpal\/\",\"https:\/\/www.youtube.com\/@TalkPal\/\",\"https:\/\/www.tiktok.com\/@talkpal\",\"https:\/\/www.instagram.com\/talkpal_ai\/\",\"https:\/\/www.crunchbase.com\/organization\/talkpal-9cde\",\"https:\/\/www.g2.com\/products\/talkpal-for-business\/\",\"https:\/\/www.trustpilot.com\/review\/talkpal.ai\",\"https:\/\/www.capterra.com\/p\/10006800\/TalkPal\/\"],\"description\":\"Talkpal is a language learning web and mobile education app, powered by the latest AI technologies, that provides engaging experiences to its customers in many different languages to help them improve their language skills. Users can chat about unlimited amount of topics with the app and use other modes to practice their language learning.\",\"email\":\"support@talkpal.ai\",\"legalName\":\"Talkpal, Inc.\",\"foundingDate\":\"2023-04-03\",\"duns\":\"118989042\",\"numberOfEmployees\":{\"@type\":\"QuantitativeValue\",\"minValue\":\"11\",\"maxValue\":\"50\"},\"publishingPrinciples\":\"https:\/\/talkpal.ai\/publishing-principles\/\",\"actionableFeedbackPolicy\":\"https:\/\/talkpal.ai\/actionable-feedback-policy\/\",\"correctionsPolicy\":\"https:\/\/talkpal.ai\/corrections-policy\/\",\"ethicsPolicy\":\"https:\/\/talkpal.ai\/ethics-policy\/\",\"diversityPolicy\":\"https:\/\/talkpal.ai\/diversity-policy\/\",\"diversityStaffingReport\":\"https:\/\/talkpal.ai\/diversity-policy\/\"}]}<\/script>\n<!-- \/ Yoast SEO Premium plugin. -->","yoast_head_json":{"title":"Korejie\u0161u valodas gramatikas vingrin\u0101jumi - Talkpal","description":"Viegli uzlabojiet korejie\u0161u valodas gramatiku - praktiz\u0113jiet ar interakt\u012bviem vingrin\u0101jumiem, apg\u016bstiet valodas mode\u013cus un veidojiet p\u0101rliec\u012bbu par","robots":{"index":"index","follow":"follow","max-snippet":"max-snippet:-1","max-image-preview":"max-image-preview:large","max-video-preview":"max-video-preview:-1"},"canonical":"https:\/\/talkpal.ai\/lv\/korejiesu-valodas-gramatikas-vingrinajumi\/","og_locale":"lv_LV","og_type":"article","og_title":"Korejie\u0161u valodas gramatikas vingrin\u0101jumi","og_description":"Korejie\u0161u valodas gramatikas t\u0113mas Korejie\u0161u valodas apguve var b\u016bt aizraujo\u0161a un atalgojo\u0161a pieredze, jo t\u0101 paver jaunas kult\u016bras un profesion\u0101l\u0101s","og_url":"https:\/\/talkpal.ai\/lv\/korejiesu-valodas-gramatikas-vingrinajumi\/","og_site_name":"Talkpal","article_publisher":"https:\/\/www.facebook.com\/profile.php?id=100090733639311","article_modified_time":"2025-12-17T16:57:37+00:00","og_image":[{"width":512,"height":512,"url":"https:\/\/talkpal.ai\/wp-content\/uploads\/2023\/04\/south-korea.png","type":"image\/png"}],"twitter_card":"summary_large_image","twitter_site":"@talkpalai","twitter_misc":{"Est. reading time":"4 minutes"},"schema":{"@context":"https:\/\/schema.org","@graph":[{"@type":"WebPage","@id":"https:\/\/talkpal.ai\/lv\/korejiesu-valodas-gramatikas-vingrinajumi\/","url":"https:\/\/talkpal.ai\/lv\/korejiesu-valodas-gramatikas-vingrinajumi\/","name":"Korejie\u0161u valodas gramatikas vingrin\u0101jumi - Talkpal","isPartOf":{"@id":"https:\/\/talkpal.ai\/lv\/#website"},"primaryImageOfPage":{"@id":"https:\/\/talkpal.ai\/lv\/korejiesu-valodas-gramatikas-vingrinajumi\/#primaryimage"},"image":{"@id":"https:\/\/talkpal.ai\/lv\/korejiesu-valodas-gramatikas-vingrinajumi\/#primaryimage"},"thumbnailUrl":"https:\/\/talkpal.ai\/wp-content\/uploads\/2023\/04\/south-korea.png","datePublished":"2023-06-16T10:27:33+00:00","dateModified":"2025-12-17T16:57:37+00:00","description":"Viegli uzlabojiet korejie\u0161u valodas gramatiku - praktiz\u0113jiet ar interakt\u012bviem vingrin\u0101jumiem, apg\u016bstiet valodas mode\u013cus un veidojiet p\u0101rliec\u012bbu par","breadcrumb":{"@id":"https:\/\/talkpal.ai\/lv\/korejiesu-valodas-gramatikas-vingrinajumi\/#breadcrumb"},"inLanguage":"lv-LV","potentialAction":[{"@type":"ReadAction","target":["https:\/\/talkpal.ai\/lv\/korejiesu-valodas-gramatikas-vingrinajumi\/"]}]},{"@type":"ImageObject","inLanguage":"lv-LV","@id":"https:\/\/talkpal.ai\/lv\/korejiesu-valodas-gramatikas-vingrinajumi\/#primaryimage","url":"https:\/\/talkpal.ai\/wp-content\/uploads\/2023\/04\/south-korea.png","contentUrl":"https:\/\/talkpal.ai\/wp-content\/uploads\/2023\/04\/south-korea.png","width":512,"height":512},{"@type":"BreadcrumbList","@id":"https:\/\/talkpal.ai\/lv\/korejiesu-valodas-gramatikas-vingrinajumi\/#breadcrumb","itemListElement":[{"@type":"ListItem","position":1,"name":"Homepage","item":"https:\/\/talkpal.ai\/lv\/"},{"@type":"ListItem","position":2,"name":"Korejie\u0161u valodas gramatikas vingrin\u0101jumi"}]},{"@type":"WebSite","@id":"https:\/\/talkpal.ai\/lv\/#website","url":"https:\/\/talkpal.ai\/lv\/","name":"Talkpal","description":"AI Language Learning","publisher":{"@id":"https:\/\/talkpal.ai\/lv\/#organization"},"alternateName":"Talkpal AI","potentialAction":[{"@type":"SearchAction","target":{"@type":"EntryPoint","urlTemplate":"https:\/\/talkpal.ai\/lv\/?s={search_term_string}"},"query-input":{"@type":"PropertyValueSpecification","valueRequired":true,"valueName":"search_term_string"}}],"inLanguage":"lv-LV"},{"@type":"Organization","@id":"https:\/\/talkpal.ai\/lv\/#organization","name":"Talkpal, Inc.","alternateName":"Talkpal AI","url":"https:\/\/talkpal.ai\/lv\/","logo":{"@type":"ImageObject","inLanguage":"lv-LV","@id":"https:\/\/talkpal.ai\/lv\/#\/schema\/logo\/image\/","url":"https:\/\/talkpal.ai\/wp-content\/uploads\/2024\/03\/Talkpal-Logo-Icon.png","contentUrl":"https:\/\/talkpal.ai\/wp-content\/uploads\/2024\/03\/Talkpal-Logo-Icon.png","width":2880,"height":2880,"caption":"Talkpal, Inc."},"image":{"@id":"https:\/\/talkpal.ai\/lv\/#\/schema\/logo\/image\/"},"sameAs":["https:\/\/www.facebook.com\/profile.php?id=100090733639311","https:\/\/x.com\/talkpalai","https:\/\/www.linkedin.com\/company\/talkpal\/","https:\/\/www.youtube.com\/@TalkPal\/","https:\/\/www.tiktok.com\/@talkpal","https:\/\/www.instagram.com\/talkpal_ai\/","https:\/\/www.crunchbase.com\/organization\/talkpal-9cde","https:\/\/www.g2.com\/products\/talkpal-for-business\/","https:\/\/www.trustpilot.com\/review\/talkpal.ai","https:\/\/www.capterra.com\/p\/10006800\/TalkPal\/"],"description":"Talkpal is a language learning web and mobile education app, powered by the latest AI technologies, that provides engaging experiences to its customers in many different languages to help them improve their language skills. Users can chat about unlimited amount of topics with the app and use other modes to practice their language learning.","email":"support@talkpal.ai","legalName":"Talkpal, Inc.","foundingDate":"2023-04-03","duns":"118989042","numberOfEmployees":{"@type":"QuantitativeValue","minValue":"11","maxValue":"50"},"publishingPrinciples":"https:\/\/talkpal.ai\/publishing-principles\/","actionableFeedbackPolicy":"https:\/\/talkpal.ai\/actionable-feedback-policy\/","correctionsPolicy":"https:\/\/talkpal.ai\/corrections-policy\/","ethicsPolicy":"https:\/\/talkpal.ai\/ethics-policy\/","diversityPolicy":"https:\/\/talkpal.ai\/diversity-policy\/","diversityStaffingReport":"https:\/\/talkpal.ai\/diversity-policy\/"}]}},"_links":{"self":[{"href":"https:\/\/talkpal.ai\/lv\/wp-json\/wp\/v2\/pages\/135085","targetHints":{"allow":["GET"]}}],"collection":[{"href":"https:\/\/talkpal.ai\/lv\/wp-json\/wp\/v2\/pages"}],"about":[{"href":"https:\/\/talkpal.ai\/lv\/wp-json\/wp\/v2\/types\/page"}],"author":[{"embeddable":true,"href":"https:\/\/talkpal.ai\/lv\/wp-json\/wp\/v2\/users\/6"}],"replies":[{"embeddable":true,"href":"https:\/\/talkpal.ai\/lv\/wp-json\/wp\/v2\/comments?post=135085"}],"version-history":[{"count":0,"href":"https:\/\/talkpal.ai\/lv\/wp-json\/wp\/v2\/pages\/135085\/revisions"}],"wp:featuredmedia":[{"embeddable":true,"href":"https:\/\/talkpal.ai\/lv\/wp-json\/wp\/v2\/media\/107506"}],"wp:attachment":[{"href":"https:\/\/talkpal.ai\/lv\/wp-json\/wp\/v2\/media?parent=135085"}],"curies":[{"name":"wp","href":"https:\/\/api.w.org\/{rel}","templated":true}]}}