{"id":134722,"date":"2023-06-16T10:21:59","date_gmt":"2023-06-16T10:21:59","guid":{"rendered":"http:\/\/talkpal.ai\/japanu-valodas-gramatikas-vingrinajumi\/"},"modified":"2025-12-17T16:56:17","modified_gmt":"2025-12-17T16:56:17","slug":"japanu-valodas-gramatikas-vingrinajumi","status":"publish","type":"page","link":"https:\/\/talkpal.ai\/lv\/japanu-valodas-gramatikas-vingrinajumi\/","title":{"rendered":"Jap\u0101\u0146u valodas gramatikas vingrin\u0101jumi"},"content":{"rendered":"\r\n\r\n\r\n<section class=\"languageChallengeSection\">\r\n    <div class=\"languageInfoWrapper\">\r\n        \r\n        <h1>Jap\u0101\u0146u valodas gramatikas vingrin\u0101jumi<\/h1>\r\n        <p>Vai esat gatavs paaugstin\u0101t savas <a href=\"https:\/\/talkpal.ai\/learn-japanese\/\">jap\u0101\u0146u<\/a> <a href=\"https:\/\/talkpal.ai\/what-language-is-spoken-on-the-international-space-station\/\">valodas<\/a> prasmes? Gramatikas vingrin\u0101jumu praktiz\u0113\u0161ana ir lielisks veids, k\u0101 izprast teikumu rakstus, pareizi lietot da\u013ci\u0146as un lab\u0101k izprast valodu. P\u0113rciet, izm\u0113\u0123iniet jaunus gramatikas punktus un uzziniet, k\u0101 katrs vingrin\u0101jums j\u016bs pietuvina teko\u0161ai valodas apguvei &#8211; s\u0101ciet praktiz\u0113t jap\u0101\u0146u gramatiku jau \u0161odien!<\/p>\r\n\r\n                            <a class=\"getStartedHidden\" href=\"https:\/\/app.talkpal.ai\/lv\/signup?lng=\">S\u0101c<\/a>\r\n        \r\n    <\/div>\r\n\r\n    <figure>\r\n    <img decoding=\"async\" width=\"768\" height=\"768\" src=\"https:\/\/talkpal.ai\/wp-content\/uploads\/2023\/06\/japanese-768x768.png\" class=\"languageImage no-lazy\" alt=\"Language learning for world travelers\" fetchpriority=\"high\" sizes=\"(max-width: 768px) 150px, 768px\" srcset=\"https:\/\/talkpal.ai\/wp-content\/uploads\/2023\/06\/japanese-768x768.png 768w, https:\/\/talkpal.ai\/wp-content\/uploads\/2023\/06\/japanese-300x300.png 300w\" \/>\r\n    \r\n\r\n    <\/figure>\r\n\r\n            <a class=\"getStartedVisible\" href=\"https:\/\/app.talkpal.ai\/lv\/signup?lng=\">S\u0101c<\/a>\r\n    \r\n<\/section>\r\n\r\n\r\n<!-- <section class=\"grammarSection\">\r\n    <div class=\"grammarLinks\">\r\n            <\/div>\r\n<\/section> -->\r\n\r\n\r\n\r\n\r\n<section class=\"promotionalBanner\">\r\n    <p class=\"promotionalText\">Visefekt\u012bv\u0101kais veids, k\u0101 apg\u016bt valodu<\/p>\r\n    <a class=\"promotionalLink\" href=\"https:\/\/app.talkpal.ai\/lv\/signup?lng=\">Izm\u0113\u0123iniet Talkpal bez maksas<\/a>\r\n<\/section>\n<div class=\"wp-block-group pageContainerStyle\"><div class=\"wp-block-group__inner-container is-layout-constrained wp-block-group-is-layout-constrained\">\n<h2 class=\"wp-block-heading\" id=\"h-japanese-grammar-topics\">Jap\u0101\u0146u valodas gramatikas t\u0113mas<\/h2>\n\n\n\n<p>Jap\u0101\u0146u valodas apguve var b\u016bt aizraujo\u0161a un atalgojo\u0161a pieredze, jo t\u0101 paver piln\u012bgi jaunu kult\u016bras, komunik\u0101cijas un person\u012bg\u0101s izaugsmes pasauli. Jap\u0101\u0146u valodai ir unik\u0101la strukt\u016bra un gramatikas sist\u0113ma, kas s\u0101kum\u0101 var \u0161\u0137ist bied\u0113jo\u0161a, bet to var apg\u016bt ar konsekventu praksi un labi organiz\u0113tu m\u0101c\u012bbu pl\u0101nu. Lai atvieglotu j\u016bsu ce\u013cojumu jap\u0101\u0146u valodas pasaul\u0113, m\u0113s esam sagrup\u0113ju\u0161i svar\u012bg\u0101k\u0101s gramatikas t\u0113mas sec\u012bb\u0101, kas pal\u012bdz\u0113s jums izveidot sp\u0113c\u012bgu pamatu un netrauc\u0113ti progres\u0113t. Koncentr\u0113joties uz \u0161iem gramatikas elementiem, j\u016bs b\u016bsiet ce\u013c\u0101 uz jap\u0101\u0146u valodas prasmju sasnieg\u0161anu.<\/p>\n\n\n\n<h3 class=\"wp-block-heading\" id=\"h-1-particles\">1. Da\u013ci\u0146as:<\/h3>\n\n\n\n<p>Da\u013ci\u0146as ir b\u016btiskas jap\u0101\u0146u valod\u0101, jo t\u0101s nor\u0101da uz attiec\u012bb\u0101m starp v\u0101rdiem teikum\u0101. Tie darbojas k\u0101 priev\u0101rdi un postpoz\u012bcijas cit\u0101s valod\u0101s. M\u0101c\u012b\u0161an\u0101s da\u013ci\u0146as, piem\u0113ram, \u306f (wa), \u304c (ga), \u3092 (wo), \u306b (ni), \u3067 (de) un \u3068 (to), pal\u012bdz\u0113s jums veidot pamata teikumus un saprast katra v\u0101rda funkciju.<\/p>\n\n\n\n<h3 class=\"wp-block-heading\" id=\"h-2-nouns\">2. Lietv\u0101rdi:<\/h3>\n\n\n\n<p>Iepaz\u012b\u0161an\u0101s ar parastajiem lietv\u0101rdiem \u013caus jums s\u0101kt veidot savu v\u0101rdu kr\u0101jumu. Jap\u0101\u0146u lietv\u0101rdiem nav dzimuma, numura vai rakstu, kas vienk\u0101r\u0161o m\u0101c\u012bbu procesu.<\/p>\n\n\n\n<h3 class=\"wp-block-heading\" id=\"h-3-pronouns\">3. Vietniekv\u0101rdi:<\/h3>\n\n\n\n<p>Jap\u0101\u0146u vietniekv\u0101rdi tiek izmantoti, lai apz\u012bm\u0113tu cilv\u0113kus un lietas. Da\u017ei no bie\u017e\u0101k lietotajiem vietniekv\u0101rdiem ir \u79c1 (watashi &#8211; es), \u3042\u306a\u305f (anata &#8211; tu), \u5f7c (kare &#8211; vi\u0146\u0161), \u5f7c\u5973 (kanojo &#8211; vi\u0146a) un \u305d\u308c (sore &#8211; t\u0101).<\/p>\n\n\n\n<h3 class=\"wp-block-heading\" id=\"h-4-verb-conjugation\">4. Darb\u012bbas v\u0101rdu konjug\u0101cija:<\/h3>\n\n\n\n<p>Jap\u0101\u0146u darb\u012bbas v\u0101rdiem ir da\u017e\u0101das konjug\u0101cijas, kuru pamat\u0101 ir sasprindzin\u0101jums, piekl\u0101j\u012bba un citi faktori. Pamatdarb\u012bbas v\u0101rdu formu, piem\u0113ram, v\u0101rdn\u012bcas formas, -masu formas un -te formas, apguve pal\u012bdz\u0113s jums izteikt da\u017e\u0101das darb\u012bbas un st\u0101vok\u013cus.<\/p>\n\n\n\n<h3 class=\"wp-block-heading\" id=\"h-5-tenses\">5. Sasprindzin\u0101jums:<\/h3>\n\n\n\n<p>Jap\u0101\u0146iem ir pag\u0101tnes un pag\u0101tnes laiks, un p\u0113d\u0113jais tiek izmantots pa\u0161reiz\u0113j\u0101m un n\u0101kotnes darb\u012bb\u0101m. Izpratne par to, k\u0101 konjug\u0113t darb\u012bbas v\u0101rdus \u0161ajos laikos, pal\u012bdz\u0113s prec\u012bzi izteikt laiku.<\/p>\n\n\n\n<h3 class=\"wp-block-heading\" id=\"h-6-adjectives\">6. \u012apa\u0161\u012bbas v\u0101rdi:<\/h3>\n\n\n\n<p>Jap\u0101\u0146u \u012bpa\u0161\u012bbas v\u0101rdi ir sadal\u012bti div\u0101s grup\u0101s: i-\u012bpa\u0161\u012bbas v\u0101rdi un na-\u012bpa\u0161\u012bbas v\u0101rdi. Apg\u016bstot vi\u0146u konjug\u0101cijas noteikumus un to, k\u0101 tos izmantot teikumos, j\u016bs var\u0113sit aprakst\u012bt objektus, cilv\u0113kus un situ\u0101cijas.<\/p>\n\n\n\n<h3 class=\"wp-block-heading\" id=\"h-7-adverbs\">7. Adverbi:<\/h3>\n\n\n\n<p>Adverbi modific\u0113 darb\u012bbas v\u0101rdus, \u012bpa\u0161\u012bbas v\u0101rdus un citus adverbus, pievienojot teikumos niansi. Jap\u0101\u0146u valod\u0101 bie\u017ei sastopamie apst\u0101k\u013ca v\u0101rdi ir \u901f\u304f (hayaku &#8211; \u0101tri), \u3086\u3063\u304f\u308a (yukkuri &#8211; l\u0113ni) un \u3068\u3066\u3082 (totemo &#8211; \u013coti).<\/p>\n\n\n\n<h3 class=\"wp-block-heading\" id=\"h-8-prepositions\">8. Priev\u0101rdi:<\/h3>\n\n\n\n<p>Lai gan jap\u0101\u0146u valod\u0101 nav t\u0101du pa\u0161u priev\u0101rdu k\u0101 <a href=\"https:\/\/talkpal.ai\/learn-english-with-ai\/\">ang\u013cu<\/a> valod\u0101, da\u017eas da\u013ci\u0146as darbojas l\u012bdz\u012bgi. \u0160o da\u013ci\u0146u un to izmanto\u0161anas apg\u016b\u0161ana pal\u012bdz\u0113s jums izteikt telpisk\u0101s un laika attiec\u012bbas.<\/p>\n\n\n\n<h3 class=\"wp-block-heading\" id=\"h-9-conjunctions\">9. Savienojumi:<\/h3>\n\n\n\n<p>Savienojumi tiek izmantoti, lai savienotu v\u0101rdus, fr\u0101zes un klauzulas. Jap\u0101\u0146u valod\u0101 bie\u017ei sastopamie savienojumi ir \u305d\u3057\u3066 (soshite &#8211; un), \u3057\u304b\u3057 (shikashi &#8211; tom\u0113r) un \u3060\u304b\u3089 (dakara &#8211; t\u0101p\u0113c).<\/p>\n\n\n\n<h3 class=\"wp-block-heading\" id=\"h-10-sentence-structure\">10. Teikuma strukt\u016bra:<\/h3>\n\n\n\n<p>Jap\u0101\u0146i seko subjekta-objekta-darb\u012bbas v\u0101rda (SOV) teikuma strukt\u016brai. Izpratne par \u0161o strukt\u016bru un citiem teikumu mode\u013ciem pal\u012bdz\u0113s jums izveidot prec\u012bzus un sare\u017e\u0123\u012btus teikumus.<\/p>\n\n\n\n<h3 class=\"wp-block-heading\" id=\"h-11-honorifics\">11. Apbalvojumi:<\/h3>\n\n\n\n<p>Jap\u0101\u0146iem ir sare\u017e\u0123\u012bta goda sist\u0113ma, kas pau\u017e piekl\u0101j\u012bbu un cie\u0146u. Goda runas pamatu apguve, piem\u0113ram, \u3067\u3059 (desu) un \u307e\u3059 (masu) lieto\u0161ana, pal\u012bdz\u0113s jums orient\u0113ties soci\u0101laj\u0101s situ\u0101cij\u0101s.<\/p>\n\n\n\n<h3 class=\"wp-block-heading\" id=\"h-12-expressions\">12. Izteicieni:<\/h3>\n\n\n\n<p>Iepaz\u012b\u0161an\u0101s ar parastajiem jap\u0101\u0146u izteicieniem un idiomas pal\u012bdz\u0113s jums izklaus\u012bties dabisk\u0101k un teko\u0161\u0101k sarun\u0101ties.<\/p>\n\n\n\n<h3 class=\"wp-block-heading\" id=\"h-13-numbers\">13. Skait\u013ci:<\/h3>\n\n\n\n<p>Jap\u0101\u0146u valod\u0101 ir unik\u0101la numuru sist\u0113ma ar da\u017e\u0101diem skait\u012bt\u0101jiem da\u017e\u0101diem objektiem. Ikdienas komunik\u0101cij\u0101 ir svar\u012bgi iem\u0101c\u012bties skait\u012bt un izmantot skait\u013cus kontekst\u0101.<\/p>\n\n\n\n<h3 class=\"wp-block-heading\" id=\"h-14-verbs\">14. Darb\u012bbas v\u0101rdi:<\/h3>\n\n\n\n<p>Visbeidzot, darb\u012bbas v\u0101rdu kr\u0101juma papla\u0161in\u0101\u0161ana \u013caus jums izteikt pla\u0161u darb\u012bbu un st\u0101vok\u013cu kl\u0101stu, \u013caujot efekt\u012bv\u0101k sazin\u0101ties jap\u0101\u0146u valod\u0101.<\/p>\n<\/div><\/div>\n\r\n<section class=\"learnNavigationSection\">\r\n            \r\n        <a href=\"https:\/\/talkpal.ai\/lv\/apgustiet-japanu-valodu\/\">\r\n            <div class=\"learnNavigationWrapper\">\r\n                <div class=\"learnNavigationContent\">\r\n                    <img decoding=\"async\" src=\"https:\/\/talkpal.ai\/wp-content\/uploads\/2024\/08\/Japanese.jpg\" alt=\"Japanese Flag\">\r\n                    <div>\r\n                        <h4>Par jap\u0101\u0146u valodas apguvi<\/h4>\r\n                        <p>Uzziniet visu par jap\u0101\u0146u valodas gramatiku.<\/p>\r\n                    <\/div>\r\n                <\/div>\r\n            <\/div>\r\n        <\/a>\r\n\r\n        \r\n        <a href=\"https:\/\/talkpal.ai\/lv\/japanu-valodas-gramatika\/\">\r\n            <div class=\"learnNavigationWrapper\">\r\n                <div class=\"learnNavigationContent\">\r\n                    <img decoding=\"async\" src=\"https:\/\/talkpal.ai\/wp-content\/uploads\/2024\/08\/Japanese.jpg\" alt=\"Japanese Flag\">\r\n                    <div>\r\n                        <h4>Jap\u0101\u0146u valodas gramatikas nodarb\u012bbas<\/h4>\r\n                        <p>Praktiz\u0113jiet jap\u0101\u0146u gramatiku.<\/p>\r\n                    <\/div>\r\n                <\/div>\r\n            <\/div>\r\n        <\/a>\r\n\r\n        \r\n        <a href=\"https:\/\/talkpal.ai\/vocabulary_language\/japanese\/\">\r\n            <div class=\"learnNavigationWrapper\">\r\n                <div class=\"learnNavigationContent\">\r\n                    <img decoding=\"async\" src=\"https:\/\/talkpal.ai\/wp-content\/uploads\/2024\/08\/Japanese.jpg\" alt=\"Japanese Flag\">\r\n                    <div>\r\n                        <h4>Jap\u0101\u0146u valodas v\u0101rdn\u012bca<\/h4>\r\n                        <p>Papla\u0161iniet savu jap\u0101\u0146u valodas v\u0101rdu kr\u0101jumu.<\/p>\r\n                    <\/div>\r\n                <\/div>\r\n            <\/div>\r\n        <\/a>\r\n\r\n            <\/section>","protected":false},"excerpt":{"rendered":"<p>Jap\u0101\u0146u valodas gramatikas t\u0113mas Jap\u0101\u0146u valodas apguve var b\u016bt aizraujo\u0161a un atalgojo\u0161a pieredze, jo t\u0101 paver piln\u012bgi jaunu kult\u016bras, komunik\u0101cijas un person\u012bg\u0101s izaugsmes pasauli. Jap\u0101\u0146u valodai ir unik\u0101la strukt\u016bra un gramatikas sist\u0113ma, kas s\u0101kum\u0101 var \u0161\u0137ist bied\u0113jo\u0161a, bet to var apg\u016bt ar konsekventu praksi un labi organiz\u0113tu m\u0101c\u012bbu pl\u0101nu. Lai atvieglotu j\u016bsu ce\u013cojumu jap\u0101\u0146u valodas [&hellip;]<\/p>\n","protected":false},"author":6,"featured_media":107194,"parent":0,"menu_order":0,"comment_status":"closed","ping_status":"closed","template":"LearningContentPage.php","meta":{"_acf_changed":false,"footnotes":""},"class_list":["post-134722","page","type-page","status-publish","has-post-thumbnail","hentry"],"acf":[],"yoast_head":"<!-- This site is optimized with the Yoast SEO Premium plugin v27.2 (Yoast SEO v27.2) - https:\/\/yoast.com\/product\/yoast-seo-premium-wordpress\/ -->\n<title>Jap\u0101\u0146u valodas gramatikas vingrin\u0101jumi - Talkpal<\/title>\n<meta name=\"description\" content=\"Uzlabojiet savas jap\u0101\u0146u valodas gramatikas prasmes - apg\u016bstiet teikumu strukt\u016bras, praktiz\u0113jiet interakt\u012bvas darb\u012bbas un uzlabojiet teko\u0161u las\u012b\u0161anu.\" \/>\n<meta name=\"robots\" content=\"index, follow, max-snippet:-1, max-image-preview:large, max-video-preview:-1\" \/>\n<link rel=\"canonical\" href=\"https:\/\/talkpal.ai\/lv\/japanu-valodas-gramatikas-vingrinajumi\/\" \/>\n<meta property=\"og:locale\" content=\"lv_LV\" \/>\n<meta property=\"og:type\" content=\"article\" \/>\n<meta property=\"og:title\" content=\"Jap\u0101\u0146u valodas gramatikas vingrin\u0101jumi\" \/>\n<meta property=\"og:description\" content=\"Jap\u0101\u0146u valodas gramatikas t\u0113mas Jap\u0101\u0146u valodas apguve var b\u016bt aizraujo\u0161a un atalgojo\u0161a pieredze, jo t\u0101 paver piln\u012bgi jaunu kult\u016bras, komunik\u0101cijas un\" \/>\n<meta property=\"og:url\" content=\"https:\/\/talkpal.ai\/lv\/japanu-valodas-gramatikas-vingrinajumi\/\" \/>\n<meta property=\"og:site_name\" content=\"Talkpal\" \/>\n<meta property=\"article:publisher\" content=\"https:\/\/www.facebook.com\/profile.php?id=100090733639311\" \/>\n<meta property=\"article:modified_time\" content=\"2025-12-17T16:56:17+00:00\" \/>\n<meta property=\"og:image\" content=\"https:\/\/talkpal.ai\/wp-content\/uploads\/2023\/04\/japan.png\" \/>\n\t<meta property=\"og:image:width\" content=\"512\" \/>\n\t<meta property=\"og:image:height\" content=\"512\" \/>\n\t<meta property=\"og:image:type\" content=\"image\/png\" \/>\n<meta name=\"twitter:card\" content=\"summary_large_image\" \/>\n<meta name=\"twitter:site\" content=\"@talkpalai\" \/>\n<meta name=\"twitter:label1\" content=\"Est. reading time\" \/>\n\t<meta name=\"twitter:data1\" content=\"4 minutes\" \/>\n<script type=\"application\/ld+json\" class=\"yoast-schema-graph\">{\"@context\":\"https:\/\/schema.org\",\"@graph\":[{\"@type\":\"WebPage\",\"@id\":\"https:\/\/talkpal.ai\/lv\/japanu-valodas-gramatikas-vingrinajumi\/\",\"url\":\"https:\/\/talkpal.ai\/lv\/japanu-valodas-gramatikas-vingrinajumi\/\",\"name\":\"Jap\u0101\u0146u valodas gramatikas vingrin\u0101jumi - Talkpal\",\"isPartOf\":{\"@id\":\"https:\/\/talkpal.ai\/lv\/#website\"},\"primaryImageOfPage\":{\"@id\":\"https:\/\/talkpal.ai\/lv\/japanu-valodas-gramatikas-vingrinajumi\/#primaryimage\"},\"image\":{\"@id\":\"https:\/\/talkpal.ai\/lv\/japanu-valodas-gramatikas-vingrinajumi\/#primaryimage\"},\"thumbnailUrl\":\"https:\/\/talkpal.ai\/wp-content\/uploads\/2023\/04\/japan.png\",\"datePublished\":\"2023-06-16T10:21:59+00:00\",\"dateModified\":\"2025-12-17T16:56:17+00:00\",\"description\":\"Uzlabojiet savas jap\u0101\u0146u valodas gramatikas prasmes - apg\u016bstiet teikumu strukt\u016bras, praktiz\u0113jiet interakt\u012bvas darb\u012bbas un uzlabojiet teko\u0161u las\u012b\u0161anu.\",\"breadcrumb\":{\"@id\":\"https:\/\/talkpal.ai\/lv\/japanu-valodas-gramatikas-vingrinajumi\/#breadcrumb\"},\"inLanguage\":\"lv-LV\",\"potentialAction\":[{\"@type\":\"ReadAction\",\"target\":[\"https:\/\/talkpal.ai\/lv\/japanu-valodas-gramatikas-vingrinajumi\/\"]}]},{\"@type\":\"ImageObject\",\"inLanguage\":\"lv-LV\",\"@id\":\"https:\/\/talkpal.ai\/lv\/japanu-valodas-gramatikas-vingrinajumi\/#primaryimage\",\"url\":\"https:\/\/talkpal.ai\/wp-content\/uploads\/2023\/04\/japan.png\",\"contentUrl\":\"https:\/\/talkpal.ai\/wp-content\/uploads\/2023\/04\/japan.png\",\"width\":512,\"height\":512},{\"@type\":\"BreadcrumbList\",\"@id\":\"https:\/\/talkpal.ai\/lv\/japanu-valodas-gramatikas-vingrinajumi\/#breadcrumb\",\"itemListElement\":[{\"@type\":\"ListItem\",\"position\":1,\"name\":\"Homepage\",\"item\":\"https:\/\/talkpal.ai\/lv\/\"},{\"@type\":\"ListItem\",\"position\":2,\"name\":\"Jap\u0101\u0146u valodas gramatikas vingrin\u0101jumi\"}]},{\"@type\":\"WebSite\",\"@id\":\"https:\/\/talkpal.ai\/lv\/#website\",\"url\":\"https:\/\/talkpal.ai\/lv\/\",\"name\":\"Talkpal\",\"description\":\"AI Language Learning\",\"publisher\":{\"@id\":\"https:\/\/talkpal.ai\/lv\/#organization\"},\"alternateName\":\"Talkpal AI\",\"potentialAction\":[{\"@type\":\"SearchAction\",\"target\":{\"@type\":\"EntryPoint\",\"urlTemplate\":\"https:\/\/talkpal.ai\/lv\/?s={search_term_string}\"},\"query-input\":{\"@type\":\"PropertyValueSpecification\",\"valueRequired\":true,\"valueName\":\"search_term_string\"}}],\"inLanguage\":\"lv-LV\"},{\"@type\":\"Organization\",\"@id\":\"https:\/\/talkpal.ai\/lv\/#organization\",\"name\":\"Talkpal, Inc.\",\"alternateName\":\"Talkpal AI\",\"url\":\"https:\/\/talkpal.ai\/lv\/\",\"logo\":{\"@type\":\"ImageObject\",\"inLanguage\":\"lv-LV\",\"@id\":\"https:\/\/talkpal.ai\/lv\/#\/schema\/logo\/image\/\",\"url\":\"https:\/\/talkpal.ai\/wp-content\/uploads\/2024\/03\/Talkpal-Logo-Icon.png\",\"contentUrl\":\"https:\/\/talkpal.ai\/wp-content\/uploads\/2024\/03\/Talkpal-Logo-Icon.png\",\"width\":2880,\"height\":2880,\"caption\":\"Talkpal, Inc.\"},\"image\":{\"@id\":\"https:\/\/talkpal.ai\/lv\/#\/schema\/logo\/image\/\"},\"sameAs\":[\"https:\/\/www.facebook.com\/profile.php?id=100090733639311\",\"https:\/\/x.com\/talkpalai\",\"https:\/\/www.linkedin.com\/company\/talkpal\/\",\"https:\/\/www.youtube.com\/@TalkPal\/\",\"https:\/\/www.tiktok.com\/@talkpal\",\"https:\/\/www.instagram.com\/talkpal_ai\/\",\"https:\/\/www.crunchbase.com\/organization\/talkpal-9cde\",\"https:\/\/www.g2.com\/products\/talkpal-for-business\/\",\"https:\/\/www.trustpilot.com\/review\/talkpal.ai\",\"https:\/\/www.capterra.com\/p\/10006800\/TalkPal\/\"],\"description\":\"Talkpal is a language learning web and mobile education app, powered by the latest AI technologies, that provides engaging experiences to its customers in many different languages to help them improve their language skills. Users can chat about unlimited amount of topics with the app and use other modes to practice their language learning.\",\"email\":\"support@talkpal.ai\",\"legalName\":\"Talkpal, Inc.\",\"foundingDate\":\"2023-04-03\",\"duns\":\"118989042\",\"numberOfEmployees\":{\"@type\":\"QuantitativeValue\",\"minValue\":\"11\",\"maxValue\":\"50\"},\"publishingPrinciples\":\"https:\/\/talkpal.ai\/publishing-principles\/\",\"actionableFeedbackPolicy\":\"https:\/\/talkpal.ai\/actionable-feedback-policy\/\",\"correctionsPolicy\":\"https:\/\/talkpal.ai\/corrections-policy\/\",\"ethicsPolicy\":\"https:\/\/talkpal.ai\/ethics-policy\/\",\"diversityPolicy\":\"https:\/\/talkpal.ai\/diversity-policy\/\",\"diversityStaffingReport\":\"https:\/\/talkpal.ai\/diversity-policy\/\"}]}<\/script>\n<!-- \/ Yoast SEO Premium plugin. -->","yoast_head_json":{"title":"Jap\u0101\u0146u valodas gramatikas vingrin\u0101jumi - Talkpal","description":"Uzlabojiet savas jap\u0101\u0146u valodas gramatikas prasmes - apg\u016bstiet teikumu strukt\u016bras, praktiz\u0113jiet interakt\u012bvas darb\u012bbas un uzlabojiet teko\u0161u las\u012b\u0161anu.","robots":{"index":"index","follow":"follow","max-snippet":"max-snippet:-1","max-image-preview":"max-image-preview:large","max-video-preview":"max-video-preview:-1"},"canonical":"https:\/\/talkpal.ai\/lv\/japanu-valodas-gramatikas-vingrinajumi\/","og_locale":"lv_LV","og_type":"article","og_title":"Jap\u0101\u0146u valodas gramatikas vingrin\u0101jumi","og_description":"Jap\u0101\u0146u valodas gramatikas t\u0113mas Jap\u0101\u0146u valodas apguve var b\u016bt aizraujo\u0161a un atalgojo\u0161a pieredze, jo t\u0101 paver piln\u012bgi jaunu kult\u016bras, komunik\u0101cijas un","og_url":"https:\/\/talkpal.ai\/lv\/japanu-valodas-gramatikas-vingrinajumi\/","og_site_name":"Talkpal","article_publisher":"https:\/\/www.facebook.com\/profile.php?id=100090733639311","article_modified_time":"2025-12-17T16:56:17+00:00","og_image":[{"width":512,"height":512,"url":"https:\/\/talkpal.ai\/wp-content\/uploads\/2023\/04\/japan.png","type":"image\/png"}],"twitter_card":"summary_large_image","twitter_site":"@talkpalai","twitter_misc":{"Est. reading time":"4 minutes"},"schema":{"@context":"https:\/\/schema.org","@graph":[{"@type":"WebPage","@id":"https:\/\/talkpal.ai\/lv\/japanu-valodas-gramatikas-vingrinajumi\/","url":"https:\/\/talkpal.ai\/lv\/japanu-valodas-gramatikas-vingrinajumi\/","name":"Jap\u0101\u0146u valodas gramatikas vingrin\u0101jumi - Talkpal","isPartOf":{"@id":"https:\/\/talkpal.ai\/lv\/#website"},"primaryImageOfPage":{"@id":"https:\/\/talkpal.ai\/lv\/japanu-valodas-gramatikas-vingrinajumi\/#primaryimage"},"image":{"@id":"https:\/\/talkpal.ai\/lv\/japanu-valodas-gramatikas-vingrinajumi\/#primaryimage"},"thumbnailUrl":"https:\/\/talkpal.ai\/wp-content\/uploads\/2023\/04\/japan.png","datePublished":"2023-06-16T10:21:59+00:00","dateModified":"2025-12-17T16:56:17+00:00","description":"Uzlabojiet savas jap\u0101\u0146u valodas gramatikas prasmes - apg\u016bstiet teikumu strukt\u016bras, praktiz\u0113jiet interakt\u012bvas darb\u012bbas un uzlabojiet teko\u0161u las\u012b\u0161anu.","breadcrumb":{"@id":"https:\/\/talkpal.ai\/lv\/japanu-valodas-gramatikas-vingrinajumi\/#breadcrumb"},"inLanguage":"lv-LV","potentialAction":[{"@type":"ReadAction","target":["https:\/\/talkpal.ai\/lv\/japanu-valodas-gramatikas-vingrinajumi\/"]}]},{"@type":"ImageObject","inLanguage":"lv-LV","@id":"https:\/\/talkpal.ai\/lv\/japanu-valodas-gramatikas-vingrinajumi\/#primaryimage","url":"https:\/\/talkpal.ai\/wp-content\/uploads\/2023\/04\/japan.png","contentUrl":"https:\/\/talkpal.ai\/wp-content\/uploads\/2023\/04\/japan.png","width":512,"height":512},{"@type":"BreadcrumbList","@id":"https:\/\/talkpal.ai\/lv\/japanu-valodas-gramatikas-vingrinajumi\/#breadcrumb","itemListElement":[{"@type":"ListItem","position":1,"name":"Homepage","item":"https:\/\/talkpal.ai\/lv\/"},{"@type":"ListItem","position":2,"name":"Jap\u0101\u0146u valodas gramatikas vingrin\u0101jumi"}]},{"@type":"WebSite","@id":"https:\/\/talkpal.ai\/lv\/#website","url":"https:\/\/talkpal.ai\/lv\/","name":"Talkpal","description":"AI Language Learning","publisher":{"@id":"https:\/\/talkpal.ai\/lv\/#organization"},"alternateName":"Talkpal AI","potentialAction":[{"@type":"SearchAction","target":{"@type":"EntryPoint","urlTemplate":"https:\/\/talkpal.ai\/lv\/?s={search_term_string}"},"query-input":{"@type":"PropertyValueSpecification","valueRequired":true,"valueName":"search_term_string"}}],"inLanguage":"lv-LV"},{"@type":"Organization","@id":"https:\/\/talkpal.ai\/lv\/#organization","name":"Talkpal, Inc.","alternateName":"Talkpal AI","url":"https:\/\/talkpal.ai\/lv\/","logo":{"@type":"ImageObject","inLanguage":"lv-LV","@id":"https:\/\/talkpal.ai\/lv\/#\/schema\/logo\/image\/","url":"https:\/\/talkpal.ai\/wp-content\/uploads\/2024\/03\/Talkpal-Logo-Icon.png","contentUrl":"https:\/\/talkpal.ai\/wp-content\/uploads\/2024\/03\/Talkpal-Logo-Icon.png","width":2880,"height":2880,"caption":"Talkpal, Inc."},"image":{"@id":"https:\/\/talkpal.ai\/lv\/#\/schema\/logo\/image\/"},"sameAs":["https:\/\/www.facebook.com\/profile.php?id=100090733639311","https:\/\/x.com\/talkpalai","https:\/\/www.linkedin.com\/company\/talkpal\/","https:\/\/www.youtube.com\/@TalkPal\/","https:\/\/www.tiktok.com\/@talkpal","https:\/\/www.instagram.com\/talkpal_ai\/","https:\/\/www.crunchbase.com\/organization\/talkpal-9cde","https:\/\/www.g2.com\/products\/talkpal-for-business\/","https:\/\/www.trustpilot.com\/review\/talkpal.ai","https:\/\/www.capterra.com\/p\/10006800\/TalkPal\/"],"description":"Talkpal is a language learning web and mobile education app, powered by the latest AI technologies, that provides engaging experiences to its customers in many different languages to help them improve their language skills. Users can chat about unlimited amount of topics with the app and use other modes to practice their language learning.","email":"support@talkpal.ai","legalName":"Talkpal, Inc.","foundingDate":"2023-04-03","duns":"118989042","numberOfEmployees":{"@type":"QuantitativeValue","minValue":"11","maxValue":"50"},"publishingPrinciples":"https:\/\/talkpal.ai\/publishing-principles\/","actionableFeedbackPolicy":"https:\/\/talkpal.ai\/actionable-feedback-policy\/","correctionsPolicy":"https:\/\/talkpal.ai\/corrections-policy\/","ethicsPolicy":"https:\/\/talkpal.ai\/ethics-policy\/","diversityPolicy":"https:\/\/talkpal.ai\/diversity-policy\/","diversityStaffingReport":"https:\/\/talkpal.ai\/diversity-policy\/"}]}},"_links":{"self":[{"href":"https:\/\/talkpal.ai\/lv\/wp-json\/wp\/v2\/pages\/134722","targetHints":{"allow":["GET"]}}],"collection":[{"href":"https:\/\/talkpal.ai\/lv\/wp-json\/wp\/v2\/pages"}],"about":[{"href":"https:\/\/talkpal.ai\/lv\/wp-json\/wp\/v2\/types\/page"}],"author":[{"embeddable":true,"href":"https:\/\/talkpal.ai\/lv\/wp-json\/wp\/v2\/users\/6"}],"replies":[{"embeddable":true,"href":"https:\/\/talkpal.ai\/lv\/wp-json\/wp\/v2\/comments?post=134722"}],"version-history":[{"count":0,"href":"https:\/\/talkpal.ai\/lv\/wp-json\/wp\/v2\/pages\/134722\/revisions"}],"wp:featuredmedia":[{"embeddable":true,"href":"https:\/\/talkpal.ai\/lv\/wp-json\/wp\/v2\/media\/107194"}],"wp:attachment":[{"href":"https:\/\/talkpal.ai\/lv\/wp-json\/wp\/v2\/media?parent=134722"}],"curies":[{"name":"wp","href":"https:\/\/api.w.org\/{rel}","templated":true}]}}