{"id":134379,"date":"2023-06-16T10:15:21","date_gmt":"2023-06-16T10:15:21","guid":{"rendered":"http:\/\/talkpal.ai\/hindi-gramatikas-vingrinajumi\/"},"modified":"2025-12-17T16:17:57","modified_gmt":"2025-12-17T16:17:57","slug":"hindi-gramatikas-vingrinajumi","status":"publish","type":"page","link":"https:\/\/talkpal.ai\/lv\/hindi-gramatikas-vingrinajumi\/","title":{"rendered":"Hindi gramatikas vingrin\u0101jumi"},"content":{"rendered":"\r\n\r\n\r\n<section class=\"languageChallengeSection\">\r\n    <div class=\"languageInfoWrapper\">\r\n        \r\n        <h1>Hindi gramatikas vingrin\u0101jumi<\/h1>\r\n        <p>Vai v\u0113laties ieg\u016bt liel\u0101ku p\u0101rliec\u012bbu par hindu valodu? Gramatikas vingrin\u0101jumu praktiz\u0113\u0161ana ir lielisks veids, k\u0101 apg\u016bt teikuma strukt\u016bru, darb\u012bbas v\u0101rdu formas un hindu <a href=\"https:\/\/talkpal.ai\/what-language-is-spoken-on-the-international-space-station\/\">valodas<\/a> unik\u0101los mode\u013cus. S\u0101ciet str\u0101d\u0101t ar <a href=\"https:\/\/talkpal.ai\/learn-hindi\/\">hindi<\/a> valodas gramatiku jau \u0161odien un redz\u0113siet, k\u0101 ar katru vingrin\u0101jumu pieaug j\u016bsu izpratne un valodas pl\u016bdums!\n\n<\/p>\r\n\r\n                            <a class=\"getStartedHidden\" href=\"https:\/\/app.talkpal.ai\/lv\/signup?lng=\">S\u0101c<\/a>\r\n        \r\n    <\/div>\r\n\r\n    <figure>\r\n    <img decoding=\"async\" width=\"768\" height=\"768\" src=\"https:\/\/talkpal.ai\/wp-content\/uploads\/2023\/06\/hindi-768x768.png\" class=\"languageImage no-lazy\" alt=\"Language learning for mental agility\" fetchpriority=\"high\" sizes=\"(max-width: 768px) 150px, 768px\" srcset=\"https:\/\/talkpal.ai\/wp-content\/uploads\/2023\/06\/hindi-768x768.png 768w, https:\/\/talkpal.ai\/wp-content\/uploads\/2023\/06\/hindi-300x300.png 300w\" \/>\r\n    \r\n\r\n    <\/figure>\r\n\r\n            <a class=\"getStartedVisible\" href=\"https:\/\/app.talkpal.ai\/lv\/signup?lng=\">S\u0101c<\/a>\r\n    \r\n<\/section>\r\n\r\n\r\n<!-- <section class=\"grammarSection\">\r\n    <div class=\"grammarLinks\">\r\n            <\/div>\r\n<\/section> -->\r\n\r\n\r\n\r\n\r\n<section class=\"promotionalBanner\">\r\n    <p class=\"promotionalText\">Visefekt\u012bv\u0101kais veids, k\u0101 apg\u016bt valodu<\/p>\r\n    <a class=\"promotionalLink\" href=\"https:\/\/app.talkpal.ai\/lv\/signup?lng=\">Izm\u0113\u0123iniet Talkpal bez maksas<\/a>\r\n<\/section>\n<div class=\"wp-block-group pageContainerStyle\"><div class=\"wp-block-group__inner-container is-layout-constrained wp-block-group-is-layout-constrained\">\n<h2 class=\"wp-block-heading\" id=\"h-hindi-grammar-topics\">Hindi gramatikas t\u0113mas<\/h2>\n\n\n\n<p>Jaunas valodas apguve var b\u016bt uzmundrino\u0161a, tom\u0113r izaicino\u0161a pieredze, it \u012bpa\u0161i, ja runa ir par t\u0101s gramatikas izpratni un apguvi. Hindi valoda, kas ir viena no vispla\u0161\u0101k lietotaj\u0101m valod\u0101m pasaul\u0113, pied\u0101v\u0101 unik\u0101lu un bag\u0101t\u012bgu valodas pieredzi. Uzs\u0101kot savu ce\u013cu, lai apg\u016btu <a href=\"https:\/\/talkpal.ai\/lv\/uzziniet-hindi-valodu\/\">hindi valodu<\/a>, ir svar\u012bgi izprast gramatikas pamatt\u0113mas, kas liks sp\u0113c\u012bgu pamatu j\u016bsu valodu prasm\u0113m. \u0160\u012b rokasgr\u0101mata iepaz\u012bstin\u0101s j\u016bs ar galvenaj\u0101m hindi gramatikas t\u0113m\u0101m, kas sagrup\u0113tas sec\u012bb\u0101, kas atvieglos j\u016bsu m\u0101c\u012bbu procesu.<\/p>\n\n\n\n<h3 class=\"wp-block-heading\" id=\"h-1-nouns\">1. Lietv\u0101rdi:<\/h3>\n\n\n\n<p>S\u0101ciet savu hindi m\u0101c\u012bbu ce\u013cojumu ar lietv\u0101rdiem, jo tie ir jebkuras valodas pamatelementi. Hindi valod\u0101 lietv\u0101rdi tiek iedal\u012bti div\u0101s dzimum\u0101s (v\u012brie\u0161u un sievie\u0161u), un tie var b\u016bt vienskaitlis vai daudzskaitlis. Hindi lietv\u0101rdu pamatu izpratne pal\u012bdz\u0113s veidot vienk\u0101r\u0161us teikumus un fr\u0101zes.<\/p>\n\n\n\n<h3 class=\"wp-block-heading\" id=\"h-2-pronouns\">2. Vietniekv\u0101rdi:<\/h3>\n\n\n\n<p>Vietniekv\u0101rdi teikum\u0101 aizst\u0101j lietv\u0101rdus un pal\u012bdz izvair\u012bties no atk\u0101rto\u0161an\u0101s. Hindi vietniekv\u0101rdi tiek iedal\u012bti tr\u012bs kategorij\u0101s \u2013 personiskais, demonstrat\u012bvais un aizdom\u012bgais. Iepaz\u012bstieties ar da\u017e\u0101d\u0101m vietniekv\u0101rdu form\u0101m, lai uzlabotu savas komunik\u0101cijas prasmes.<\/p>\n\n\n\n<h3 class=\"wp-block-heading\" id=\"h-3-adjectives\">3. \u012apa\u0161\u012bbas v\u0101rdi:<\/h3>\n\n\n\n<p>\u012apa\u0161\u012bbas v\u0101rdi apraksta lietv\u0101rdu un vietniekv\u0101rdu \u012bpa\u0161\u012bbas. Hindi valod\u0101 \u012bpa\u0161\u012bbas v\u0101rdi sakr\u012bt ar lietv\u0101rdu, ko tie apraksta dzimt\u0113 un skait\u0101. \u012apa\u0161\u012bbas v\u0101rdu apguve \u013caus jums spilgt\u0101k izteikt savas domas un viedok\u013cus.<\/p>\n\n\n\n<h3 class=\"wp-block-heading\" id=\"h-4-verbs\">4. Darb\u012bbas v\u0101rdi:<\/h3>\n\n\n\n<p>Darb\u012bbas v\u0101rdi apz\u012bm\u0113 darb\u012bbas vai es\u012bbas st\u0101vok\u013cus. Hindi darb\u012bbas v\u0101rdiem ir tr\u012bs galvenie sasprindzin\u0101jumi \u2013 pag\u0101tne, tagadne un n\u0101kotne \u2013 un tie var b\u016bt indikat\u012bvi vai pak\u0101rtoti. Ieg\u016bstot stabilu izpratni par hindi darb\u012bbas v\u0101rdiem un to konjug\u0101cij\u0101m, j\u016bs var\u0113siet prec\u012bzi izteikt darb\u012bbas un notikumus.<\/p>\n\n\n\n<h3 class=\"wp-block-heading\" id=\"h-5-tenses-indicative\">5. Sasprindzin\u0101jums Indikat\u012bvs:<\/h3>\n\n\n\n<p>Indikat\u012bvie laiki hindi valod\u0101 izsaka faktus vai noteikt\u012bbu un tiek izmantoti ikdienas sarun\u0101s. Apg\u016bstiet pag\u0101tnes, tagadnes un n\u0101kotnes indikat\u012bvo laiku noteikumus un konjug\u0101cijas, lai skaidri un efekt\u012bvi sazin\u0101tos.<\/p>\n\n\n\n<h3 class=\"wp-block-heading\" id=\"h-6-tenses-subjunctive\">6. Sasprindzin\u0101jums subjunkt\u012bvais:<\/h3>\n\n\n\n<p>Subjunkt\u012bvie sasprindzin\u0101jumi hindi valod\u0101 atspogu\u013co darb\u012bbas vai notikumus, kas ir neskaidri, hipot\u0113tiski vai pret\u0113ji faktam. Subjunkt\u012bvas noska\u0146as apg\u016b\u0161ana \u013caus izteikt \u0161aubas, iesp\u0113ju un v\u0113lmes.<\/p>\n\n\n\n<h3 class=\"wp-block-heading\" id=\"h-7-tense-comparison\">7. Saspringts sal\u012bdzin\u0101jums:<\/h3>\n\n\n\n<p>Da\u017e\u0101du laiku sal\u012bdzin\u0101\u0161ana hindi valod\u0101 pal\u012bdz izprast attiec\u012bbas starp darb\u012bb\u0101m un notikumiem laik\u0101. Praktiz\u0113jiet teikumu veido\u0161anu, izmantojot da\u017e\u0101dus laikus, lai att\u012bst\u012btu visaptvero\u0161u izpratni par laika attiec\u012bb\u0101m.<\/p>\n\n\n\n<h3 class=\"wp-block-heading\" id=\"h-8-adverbs\">8. Adverbi:<\/h3>\n\n\n\n<p>Adverbi modific\u0113 darb\u012bbas v\u0101rdus, \u012bpa\u0161\u012bbas v\u0101rdus vai citus adverbus un sniedz papildu inform\u0101ciju par darb\u012bb\u0101m vai \u012bpa\u0161\u012bb\u0101m. Uzziniet izplat\u012bt\u0101kos hindi adverbus un to izvietojumu teikumos, lai uzlabotu savas apraksto\u0161\u0101s sp\u0113jas.<\/p>\n\n\n\n<h3 class=\"wp-block-heading\" id=\"h-9-prepositions\">9. Priev\u0101rdi:<\/h3>\n\n\n\n<p>Priev\u0101rdi hindi valod\u0101 savieno lietv\u0101rdus, vietniekv\u0101rdus vai fr\u0101zes ar citiem v\u0101rdiem teikum\u0101. Tie nor\u0101da attiec\u012bbas, piem\u0113ram, atra\u0161an\u0101s vietu, laiku un virzienu. Iepaz\u012bstieties ar hindi priev\u0101rdiem un to izmanto\u0161anu, lai izveidotu sare\u017e\u0123\u012bt\u0101kus teikumus.<\/p>\n\n\n\n<h3 class=\"wp-block-heading\" id=\"h-10-articles\">10. Raksti:<\/h3>\n\n\n\n<p>Hindi valod\u0101 nav t\u0101du rakstu k\u0101 <a href=\"https:\/\/talkpal.ai\/learn-english-with-ai\/\">ang\u013cu<\/a> valoda (the, a, an), bet t\u0101 izmanto postpoz\u012bcijas, lai nodotu l\u012bdz\u012bgas noz\u012bmes. Izpratne par postpoz\u012bciju izmanto\u0161anu hindi valod\u0101 pal\u012bdz\u0113s jums pareizi nodot noteikt\u012bbu un nenoteikt\u012bbu teikumos.<\/p>\n\n\n\n<h3 class=\"wp-block-heading\" id=\"h-11-sentence-structure\">11. Teikuma strukt\u016bra:<\/h3>\n\n\n\n<p>Visbeidzot, apg\u016bstiet teikuma pamatstrukt\u016bru hindi valod\u0101, kas seko subjekta-objekta-verba (SOV) modelim. Hindi teikuma strukt\u016bras izpratne \u013caus jums efekt\u012bvi un skaidri sazin\u0101ties.<\/p>\n\n\n\n<p>Iev\u0113rojot \u0161o hindi gramatikas t\u0113mu sec\u012bbu, j\u016bs b\u016bsiet labi apr\u012bkots, lai saprastu, run\u0101tu un rakst\u012btu hindi valod\u0101, \u013caujot piln\u012bb\u0101 iegremd\u0113ties hindi valod\u0101 run\u0101jo\u0161o re\u0123ionu bag\u0101taj\u0101 kult\u016br\u0101 un trad\u012bcij\u0101s.<\/p>\n<\/div><\/div>\n\r\n<section class=\"learnNavigationSection\">\r\n            \r\n        <a href=\"https:\/\/talkpal.ai\/lv\/uzziniet-hindi-valodu\/\">\r\n            <div class=\"learnNavigationWrapper\">\r\n                <div class=\"learnNavigationContent\">\r\n                    <img decoding=\"async\" src=\"https:\/\/talkpal.ai\/wp-content\/uploads\/2024\/08\/Hindi.jpg\" alt=\"Indian Flag\">\r\n                    <div>\r\n                        <h4>Par hindi valodas apguvi<\/h4>\r\n                        <p>Uzziniet visu par hindi gramatiku.<\/p>\r\n                    <\/div>\r\n                <\/div>\r\n            <\/div>\r\n        <\/a>\r\n\r\n        \r\n        <a href=\"https:\/\/talkpal.ai\/lv\/hindi-gramatika\/\">\r\n            <div class=\"learnNavigationWrapper\">\r\n                <div class=\"learnNavigationContent\">\r\n                    <img decoding=\"async\" src=\"https:\/\/talkpal.ai\/wp-content\/uploads\/2024\/08\/Hindi.jpg\" alt=\"Indian Flag\">\r\n                    <div>\r\n                        <h4>Hindi gramatikas nodarb\u012bbas<\/h4>\r\n                        <p>Praktiz\u0113jiet hindi gramatiku.<\/p>\r\n                    <\/div>\r\n                <\/div>\r\n            <\/div>\r\n        <\/a>\r\n\r\n        \r\n        <a href=\"https:\/\/talkpal.ai\/vocabulary_language\/hindi\/\">\r\n            <div class=\"learnNavigationWrapper\">\r\n                <div class=\"learnNavigationContent\">\r\n                    <img decoding=\"async\" src=\"https:\/\/talkpal.ai\/wp-content\/uploads\/2024\/08\/Hindi.jpg\" alt=\"Indian Flag\">\r\n                    <div>\r\n                        <h4>Hindi valodas v\u0101rdn\u012bca<\/h4>\r\n                        <p>Papla\u0161iniet savu hindi valodas v\u0101rdu kr\u0101jumu.<\/p>\r\n                    <\/div>\r\n                <\/div>\r\n            <\/div>\r\n        <\/a>\r\n\r\n            <\/section>","protected":false},"excerpt":{"rendered":"<p>Hindi gramatikas t\u0113mas Jaunas valodas apguve var b\u016bt uzmundrino\u0161a, tom\u0113r izaicino\u0161a pieredze, it \u012bpa\u0161i, ja runa ir par t\u0101s gramatikas izpratni un apguvi. Hindi valoda, kas ir viena no vispla\u0161\u0101k lietotaj\u0101m valod\u0101m pasaul\u0113, pied\u0101v\u0101 unik\u0101lu un bag\u0101t\u012bgu valodas pieredzi. Uzs\u0101kot savu ce\u013cu, lai apg\u016btu hindi valodu, ir svar\u012bgi izprast gramatikas pamatt\u0113mas, kas liks sp\u0113c\u012bgu pamatu [&hellip;]<\/p>\n","protected":false},"author":6,"featured_media":188217,"parent":0,"menu_order":0,"comment_status":"closed","ping_status":"closed","template":"LearningContentPage.php","meta":{"_acf_changed":false,"footnotes":""},"class_list":["post-134379","page","type-page","status-publish","has-post-thumbnail","hentry"],"acf":[],"yoast_head":"<!-- This site is optimized with the Yoast SEO Premium plugin v27.2 (Yoast SEO v27.2) - https:\/\/yoast.com\/product\/yoast-seo-premium-wordpress\/ -->\n<title>Hindi gramatikas vingrin\u0101jumi - Talkpal<\/title>\n<meta name=\"description\" content=\"Viegli praktiz\u0113t hindi gramatiku - izm\u0113\u0123iniet interakt\u012bvus vingrin\u0101jumus, lai uzlabotu savas prasmes un m\u0101c\u012btos \u0101tr\u0101k ar Talkpal AI.\" \/>\n<meta name=\"robots\" content=\"index, follow, max-snippet:-1, max-image-preview:large, max-video-preview:-1\" \/>\n<link rel=\"canonical\" href=\"https:\/\/talkpal.ai\/lv\/hindi-gramatikas-vingrinajumi\/\" \/>\n<meta property=\"og:locale\" content=\"lv_LV\" \/>\n<meta property=\"og:type\" content=\"article\" \/>\n<meta property=\"og:title\" content=\"Hindi gramatikas vingrin\u0101jumi\" \/>\n<meta property=\"og:description\" content=\"Hindi gramatikas t\u0113mas Jaunas valodas apguve var b\u016bt uzmundrino\u0161a, tom\u0113r izaicino\u0161a pieredze, it \u012bpa\u0161i, ja runa ir par t\u0101s gramatikas izpratni un apguvi.\" \/>\n<meta property=\"og:url\" content=\"https:\/\/talkpal.ai\/lv\/hindi-gramatikas-vingrinajumi\/\" \/>\n<meta property=\"og:site_name\" content=\"Talkpal\" \/>\n<meta property=\"article:publisher\" content=\"https:\/\/www.facebook.com\/profile.php?id=100090733639311\" \/>\n<meta property=\"article:modified_time\" content=\"2025-12-17T16:17:57+00:00\" \/>\n<meta property=\"og:image\" content=\"https:\/\/talkpal.ai\/wp-content\/uploads\/2024\/02\/india.png\" \/>\n\t<meta property=\"og:image:width\" content=\"517\" \/>\n\t<meta property=\"og:image:height\" content=\"517\" \/>\n\t<meta property=\"og:image:type\" content=\"image\/png\" \/>\n<meta name=\"twitter:card\" content=\"summary_large_image\" \/>\n<meta name=\"twitter:site\" content=\"@talkpalai\" \/>\n<meta name=\"twitter:label1\" content=\"Est. reading time\" \/>\n\t<meta name=\"twitter:data1\" content=\"3 minutes\" \/>\n<script type=\"application\/ld+json\" class=\"yoast-schema-graph\">{\"@context\":\"https:\/\/schema.org\",\"@graph\":[{\"@type\":\"WebPage\",\"@id\":\"https:\/\/talkpal.ai\/lv\/hindi-gramatikas-vingrinajumi\/\",\"url\":\"https:\/\/talkpal.ai\/lv\/hindi-gramatikas-vingrinajumi\/\",\"name\":\"Hindi gramatikas vingrin\u0101jumi - Talkpal\",\"isPartOf\":{\"@id\":\"https:\/\/talkpal.ai\/lv\/#website\"},\"primaryImageOfPage\":{\"@id\":\"https:\/\/talkpal.ai\/lv\/hindi-gramatikas-vingrinajumi\/#primaryimage\"},\"image\":{\"@id\":\"https:\/\/talkpal.ai\/lv\/hindi-gramatikas-vingrinajumi\/#primaryimage\"},\"thumbnailUrl\":\"https:\/\/talkpal.ai\/wp-content\/uploads\/2024\/02\/india.png\",\"datePublished\":\"2023-06-16T10:15:21+00:00\",\"dateModified\":\"2025-12-17T16:17:57+00:00\",\"description\":\"Viegli praktiz\u0113t hindi gramatiku - izm\u0113\u0123iniet interakt\u012bvus vingrin\u0101jumus, lai uzlabotu savas prasmes un m\u0101c\u012btos \u0101tr\u0101k ar Talkpal AI.\",\"breadcrumb\":{\"@id\":\"https:\/\/talkpal.ai\/lv\/hindi-gramatikas-vingrinajumi\/#breadcrumb\"},\"inLanguage\":\"lv-LV\",\"potentialAction\":[{\"@type\":\"ReadAction\",\"target\":[\"https:\/\/talkpal.ai\/lv\/hindi-gramatikas-vingrinajumi\/\"]}]},{\"@type\":\"ImageObject\",\"inLanguage\":\"lv-LV\",\"@id\":\"https:\/\/talkpal.ai\/lv\/hindi-gramatikas-vingrinajumi\/#primaryimage\",\"url\":\"https:\/\/talkpal.ai\/wp-content\/uploads\/2024\/02\/india.png\",\"contentUrl\":\"https:\/\/talkpal.ai\/wp-content\/uploads\/2024\/02\/india.png\",\"width\":517,\"height\":517,\"caption\":\"TalkPal Indian Flag\"},{\"@type\":\"BreadcrumbList\",\"@id\":\"https:\/\/talkpal.ai\/lv\/hindi-gramatikas-vingrinajumi\/#breadcrumb\",\"itemListElement\":[{\"@type\":\"ListItem\",\"position\":1,\"name\":\"Homepage\",\"item\":\"https:\/\/talkpal.ai\/lv\/\"},{\"@type\":\"ListItem\",\"position\":2,\"name\":\"Hindi gramatikas vingrin\u0101jumi\"}]},{\"@type\":\"WebSite\",\"@id\":\"https:\/\/talkpal.ai\/lv\/#website\",\"url\":\"https:\/\/talkpal.ai\/lv\/\",\"name\":\"Talkpal\",\"description\":\"AI Language Learning\",\"publisher\":{\"@id\":\"https:\/\/talkpal.ai\/lv\/#organization\"},\"alternateName\":\"Talkpal AI\",\"potentialAction\":[{\"@type\":\"SearchAction\",\"target\":{\"@type\":\"EntryPoint\",\"urlTemplate\":\"https:\/\/talkpal.ai\/lv\/?s={search_term_string}\"},\"query-input\":{\"@type\":\"PropertyValueSpecification\",\"valueRequired\":true,\"valueName\":\"search_term_string\"}}],\"inLanguage\":\"lv-LV\"},{\"@type\":\"Organization\",\"@id\":\"https:\/\/talkpal.ai\/lv\/#organization\",\"name\":\"Talkpal, Inc.\",\"alternateName\":\"Talkpal AI\",\"url\":\"https:\/\/talkpal.ai\/lv\/\",\"logo\":{\"@type\":\"ImageObject\",\"inLanguage\":\"lv-LV\",\"@id\":\"https:\/\/talkpal.ai\/lv\/#\/schema\/logo\/image\/\",\"url\":\"https:\/\/talkpal.ai\/wp-content\/uploads\/2024\/03\/Talkpal-Logo-Icon.png\",\"contentUrl\":\"https:\/\/talkpal.ai\/wp-content\/uploads\/2024\/03\/Talkpal-Logo-Icon.png\",\"width\":2880,\"height\":2880,\"caption\":\"Talkpal, Inc.\"},\"image\":{\"@id\":\"https:\/\/talkpal.ai\/lv\/#\/schema\/logo\/image\/\"},\"sameAs\":[\"https:\/\/www.facebook.com\/profile.php?id=100090733639311\",\"https:\/\/x.com\/talkpalai\",\"https:\/\/www.linkedin.com\/company\/talkpal\/\",\"https:\/\/www.youtube.com\/@TalkPal\/\",\"https:\/\/www.tiktok.com\/@talkpal\",\"https:\/\/www.instagram.com\/talkpal_ai\/\",\"https:\/\/www.crunchbase.com\/organization\/talkpal-9cde\",\"https:\/\/www.g2.com\/products\/talkpal-for-business\/\",\"https:\/\/www.trustpilot.com\/review\/talkpal.ai\",\"https:\/\/www.capterra.com\/p\/10006800\/TalkPal\/\"],\"description\":\"Talkpal is a language learning web and mobile education app, powered by the latest AI technologies, that provides engaging experiences to its customers in many different languages to help them improve their language skills. Users can chat about unlimited amount of topics with the app and use other modes to practice their language learning.\",\"email\":\"support@talkpal.ai\",\"legalName\":\"Talkpal, Inc.\",\"foundingDate\":\"2023-04-03\",\"duns\":\"118989042\",\"numberOfEmployees\":{\"@type\":\"QuantitativeValue\",\"minValue\":\"11\",\"maxValue\":\"50\"},\"publishingPrinciples\":\"https:\/\/talkpal.ai\/publishing-principles\/\",\"actionableFeedbackPolicy\":\"https:\/\/talkpal.ai\/actionable-feedback-policy\/\",\"correctionsPolicy\":\"https:\/\/talkpal.ai\/corrections-policy\/\",\"ethicsPolicy\":\"https:\/\/talkpal.ai\/ethics-policy\/\",\"diversityPolicy\":\"https:\/\/talkpal.ai\/diversity-policy\/\",\"diversityStaffingReport\":\"https:\/\/talkpal.ai\/diversity-policy\/\"}]}<\/script>\n<!-- \/ Yoast SEO Premium plugin. -->","yoast_head_json":{"title":"Hindi gramatikas vingrin\u0101jumi - Talkpal","description":"Viegli praktiz\u0113t hindi gramatiku - izm\u0113\u0123iniet interakt\u012bvus vingrin\u0101jumus, lai uzlabotu savas prasmes un m\u0101c\u012btos \u0101tr\u0101k ar Talkpal AI.","robots":{"index":"index","follow":"follow","max-snippet":"max-snippet:-1","max-image-preview":"max-image-preview:large","max-video-preview":"max-video-preview:-1"},"canonical":"https:\/\/talkpal.ai\/lv\/hindi-gramatikas-vingrinajumi\/","og_locale":"lv_LV","og_type":"article","og_title":"Hindi gramatikas vingrin\u0101jumi","og_description":"Hindi gramatikas t\u0113mas Jaunas valodas apguve var b\u016bt uzmundrino\u0161a, tom\u0113r izaicino\u0161a pieredze, it \u012bpa\u0161i, ja runa ir par t\u0101s gramatikas izpratni un apguvi.","og_url":"https:\/\/talkpal.ai\/lv\/hindi-gramatikas-vingrinajumi\/","og_site_name":"Talkpal","article_publisher":"https:\/\/www.facebook.com\/profile.php?id=100090733639311","article_modified_time":"2025-12-17T16:17:57+00:00","og_image":[{"width":517,"height":517,"url":"https:\/\/talkpal.ai\/wp-content\/uploads\/2024\/02\/india.png","type":"image\/png"}],"twitter_card":"summary_large_image","twitter_site":"@talkpalai","twitter_misc":{"Est. reading time":"3 minutes"},"schema":{"@context":"https:\/\/schema.org","@graph":[{"@type":"WebPage","@id":"https:\/\/talkpal.ai\/lv\/hindi-gramatikas-vingrinajumi\/","url":"https:\/\/talkpal.ai\/lv\/hindi-gramatikas-vingrinajumi\/","name":"Hindi gramatikas vingrin\u0101jumi - Talkpal","isPartOf":{"@id":"https:\/\/talkpal.ai\/lv\/#website"},"primaryImageOfPage":{"@id":"https:\/\/talkpal.ai\/lv\/hindi-gramatikas-vingrinajumi\/#primaryimage"},"image":{"@id":"https:\/\/talkpal.ai\/lv\/hindi-gramatikas-vingrinajumi\/#primaryimage"},"thumbnailUrl":"https:\/\/talkpal.ai\/wp-content\/uploads\/2024\/02\/india.png","datePublished":"2023-06-16T10:15:21+00:00","dateModified":"2025-12-17T16:17:57+00:00","description":"Viegli praktiz\u0113t hindi gramatiku - izm\u0113\u0123iniet interakt\u012bvus vingrin\u0101jumus, lai uzlabotu savas prasmes un m\u0101c\u012btos \u0101tr\u0101k ar Talkpal AI.","breadcrumb":{"@id":"https:\/\/talkpal.ai\/lv\/hindi-gramatikas-vingrinajumi\/#breadcrumb"},"inLanguage":"lv-LV","potentialAction":[{"@type":"ReadAction","target":["https:\/\/talkpal.ai\/lv\/hindi-gramatikas-vingrinajumi\/"]}]},{"@type":"ImageObject","inLanguage":"lv-LV","@id":"https:\/\/talkpal.ai\/lv\/hindi-gramatikas-vingrinajumi\/#primaryimage","url":"https:\/\/talkpal.ai\/wp-content\/uploads\/2024\/02\/india.png","contentUrl":"https:\/\/talkpal.ai\/wp-content\/uploads\/2024\/02\/india.png","width":517,"height":517,"caption":"TalkPal Indian Flag"},{"@type":"BreadcrumbList","@id":"https:\/\/talkpal.ai\/lv\/hindi-gramatikas-vingrinajumi\/#breadcrumb","itemListElement":[{"@type":"ListItem","position":1,"name":"Homepage","item":"https:\/\/talkpal.ai\/lv\/"},{"@type":"ListItem","position":2,"name":"Hindi gramatikas vingrin\u0101jumi"}]},{"@type":"WebSite","@id":"https:\/\/talkpal.ai\/lv\/#website","url":"https:\/\/talkpal.ai\/lv\/","name":"Talkpal","description":"AI Language Learning","publisher":{"@id":"https:\/\/talkpal.ai\/lv\/#organization"},"alternateName":"Talkpal AI","potentialAction":[{"@type":"SearchAction","target":{"@type":"EntryPoint","urlTemplate":"https:\/\/talkpal.ai\/lv\/?s={search_term_string}"},"query-input":{"@type":"PropertyValueSpecification","valueRequired":true,"valueName":"search_term_string"}}],"inLanguage":"lv-LV"},{"@type":"Organization","@id":"https:\/\/talkpal.ai\/lv\/#organization","name":"Talkpal, Inc.","alternateName":"Talkpal AI","url":"https:\/\/talkpal.ai\/lv\/","logo":{"@type":"ImageObject","inLanguage":"lv-LV","@id":"https:\/\/talkpal.ai\/lv\/#\/schema\/logo\/image\/","url":"https:\/\/talkpal.ai\/wp-content\/uploads\/2024\/03\/Talkpal-Logo-Icon.png","contentUrl":"https:\/\/talkpal.ai\/wp-content\/uploads\/2024\/03\/Talkpal-Logo-Icon.png","width":2880,"height":2880,"caption":"Talkpal, Inc."},"image":{"@id":"https:\/\/talkpal.ai\/lv\/#\/schema\/logo\/image\/"},"sameAs":["https:\/\/www.facebook.com\/profile.php?id=100090733639311","https:\/\/x.com\/talkpalai","https:\/\/www.linkedin.com\/company\/talkpal\/","https:\/\/www.youtube.com\/@TalkPal\/","https:\/\/www.tiktok.com\/@talkpal","https:\/\/www.instagram.com\/talkpal_ai\/","https:\/\/www.crunchbase.com\/organization\/talkpal-9cde","https:\/\/www.g2.com\/products\/talkpal-for-business\/","https:\/\/www.trustpilot.com\/review\/talkpal.ai","https:\/\/www.capterra.com\/p\/10006800\/TalkPal\/"],"description":"Talkpal is a language learning web and mobile education app, powered by the latest AI technologies, that provides engaging experiences to its customers in many different languages to help them improve their language skills. Users can chat about unlimited amount of topics with the app and use other modes to practice their language learning.","email":"support@talkpal.ai","legalName":"Talkpal, Inc.","foundingDate":"2023-04-03","duns":"118989042","numberOfEmployees":{"@type":"QuantitativeValue","minValue":"11","maxValue":"50"},"publishingPrinciples":"https:\/\/talkpal.ai\/publishing-principles\/","actionableFeedbackPolicy":"https:\/\/talkpal.ai\/actionable-feedback-policy\/","correctionsPolicy":"https:\/\/talkpal.ai\/corrections-policy\/","ethicsPolicy":"https:\/\/talkpal.ai\/ethics-policy\/","diversityPolicy":"https:\/\/talkpal.ai\/diversity-policy\/","diversityStaffingReport":"https:\/\/talkpal.ai\/diversity-policy\/"}]}},"_links":{"self":[{"href":"https:\/\/talkpal.ai\/lv\/wp-json\/wp\/v2\/pages\/134379","targetHints":{"allow":["GET"]}}],"collection":[{"href":"https:\/\/talkpal.ai\/lv\/wp-json\/wp\/v2\/pages"}],"about":[{"href":"https:\/\/talkpal.ai\/lv\/wp-json\/wp\/v2\/types\/page"}],"author":[{"embeddable":true,"href":"https:\/\/talkpal.ai\/lv\/wp-json\/wp\/v2\/users\/6"}],"replies":[{"embeddable":true,"href":"https:\/\/talkpal.ai\/lv\/wp-json\/wp\/v2\/comments?post=134379"}],"version-history":[{"count":0,"href":"https:\/\/talkpal.ai\/lv\/wp-json\/wp\/v2\/pages\/134379\/revisions"}],"wp:featuredmedia":[{"embeddable":true,"href":"https:\/\/talkpal.ai\/lv\/wp-json\/wp\/v2\/media\/188217"}],"wp:attachment":[{"href":"https:\/\/talkpal.ai\/lv\/wp-json\/wp\/v2\/media?parent=134379"}],"curies":[{"name":"wp","href":"https:\/\/api.w.org\/{rel}","templated":true}]}}