{"id":133977,"date":"2023-06-16T10:07:13","date_gmt":"2023-06-16T10:07:13","guid":{"rendered":"http:\/\/talkpal.ai\/somu-valodas-gramatikas-vingrinajumi\/"},"modified":"2025-12-17T15:32:23","modified_gmt":"2025-12-17T15:32:23","slug":"somu-valodas-gramatikas-vingrinajumi","status":"publish","type":"page","link":"https:\/\/talkpal.ai\/lv\/somu-valodas-gramatikas-vingrinajumi\/","title":{"rendered":"Somu valodas gramatikas vingrin\u0101jumi"},"content":{"rendered":"\r\n\r\n\r\n<section class=\"languageChallengeSection\">\r\n    <div class=\"languageInfoWrapper\">\r\n        \r\n        <h1>Somu valodas gramatikas vingrin\u0101jumi<\/h1>\r\n        <p>Vai esat gatavi apg\u016bt <a href=\"https:\/\/talkpal.ai\/learn-finnish\/\">somu<\/a> <a href=\"https:\/\/talkpal.ai\/what-language-is-spoken-on-the-international-space-station\/\">valodas<\/a> unik\u0101lo strukt\u016bru? Gramatikas vingrin\u0101jumu praktiz\u0113\u0161ana ir lielisks veids, k\u0101 apg\u016bt v\u0101rdu galotnes, apst\u0101k\u013cu un teikumu rakstus, kas somu valodu padara \u012bpa\u0161u. Iegremd\u0113jiet somu valodas gramatiku jau \u0161odien un redz\u0113siet, k\u0101 ar katru vingrin\u0101jumu pieaug j\u016bsu prasmes un p\u0101rliec\u012bba!<\/p>\r\n\r\n                            <a class=\"getStartedHidden\" href=\"https:\/\/app.talkpal.ai\/lv\/signup?lng=\">S\u0101c<\/a>\r\n        \r\n    <\/div>\r\n\r\n    <figure>\r\n    <img decoding=\"async\" width=\"768\" height=\"768\" src=\"https:\/\/talkpal.ai\/wp-content\/uploads\/2023\/06\/Finnish-768x768.png\" class=\"languageImage no-lazy\" alt=\"Develop your language aptitude learning\" fetchpriority=\"high\" sizes=\"(max-width: 768px) 150px, 768px\" srcset=\"https:\/\/talkpal.ai\/wp-content\/uploads\/2023\/06\/Finnish-768x768.png 768w, https:\/\/talkpal.ai\/wp-content\/uploads\/2023\/06\/Finnish-300x300.png 300w\" \/>\r\n    \r\n\r\n    <\/figure>\r\n\r\n            <a class=\"getStartedVisible\" href=\"https:\/\/app.talkpal.ai\/lv\/signup?lng=\">S\u0101c<\/a>\r\n    \r\n<\/section>\r\n\r\n\r\n<!-- <section class=\"grammarSection\">\r\n    <div class=\"grammarLinks\">\r\n            <\/div>\r\n<\/section> -->\r\n\r\n\r\n\r\n\r\n<section class=\"promotionalBanner\">\r\n    <p class=\"promotionalText\">Visefekt\u012bv\u0101kais veids, k\u0101 apg\u016bt valodu<\/p>\r\n    <a class=\"promotionalLink\" href=\"https:\/\/app.talkpal.ai\/lv\/signup?lng=\">Izm\u0113\u0123iniet Talkpal bez maksas<\/a>\r\n<\/section>\n<div class=\"wp-block-group pageContainerStyle\"><div class=\"wp-block-group__inner-container is-layout-constrained wp-block-group-is-layout-constrained\">\n<h2 class=\"wp-block-heading\" id=\"h-finnish-grammar-topics\">Somu valodas gramatikas t\u0113mas<\/h2>\n\n\n\n<p>Somu valodas apguve var b\u016bt v\u0113rt\u012bga pieredze valodu entuziastiem, jo t\u0101 ir unik\u0101la un aizraujo\u0161a valoda ar bag\u0101tu kult\u016bras v\u0113sturi. <a href=\"https:\/\/talkpal.ai\/finnish-grammar\/\">Somu valodas gramatika<\/a> s\u0101kum\u0101 var \u0161\u0137ist izaicino\u0161a, ta\u010du, izmantojot sistem\u0101tisku pieeju un koncentr\u0113joties uz b\u016btisk\u0101m t\u0113m\u0101m, j\u016bs varat pan\u0101kt stabilu progresu un galu gal\u0101 br\u012bvi p\u0101rvald\u012bt \u0161o skaisto valodu. \u0160aj\u0101 rokasgr\u0101mat\u0101 m\u0113s apspried\u012bsim somu valodas gramatikas t\u0113mas sec\u012bb\u0101, kas pal\u012bdz\u0113s jums efekt\u012bvi apg\u016bt valodu, aptverot laikus, darb\u012bbas v\u0101rdus, lietv\u0101rdus, rakstus, \u012bpa\u0161\u012bbas v\u0101rdus, adverbus, postpoz\u012bcijas un teikuma strukt\u016bru.<\/p>\n\n\n\n<h3 class=\"wp-block-heading\" id=\"h-1-nouns\">1. Lietv\u0101rdi:<\/h3>\n\n\n\n<p>S\u0101ciet ar somu lietv\u0101rdu apguvi, jo tie veido pamatu teikumu veido\u0161anai. Somu valod\u0101 lietv\u0101rdiem ir 15 p\u0101ri, kas ir b\u016btiski, lai izprastu valodas strukt\u016bru. Iepaz\u012bstieties ar da\u017e\u0101diem lietv\u0101rdu gad\u012bjumiem un to lom\u0101m teikum\u0101.<\/p>\n\n\n\n<h3 class=\"wp-block-heading\" id=\"h-2-articles\">2. Raksti:<\/h3>\n\n\n\n<p>Somu valod\u0101 nav t\u0101du artikulu k\u0101 <a href=\"https:\/\/talkpal.ai\/learn-english-with-ai\/\">ang\u013cu<\/a> valod\u0101, kas atvieglo valodas apguvi. T\u0101 viet\u0101 lietv\u0101rda noz\u012bmi nosaka konteksts un gad\u012bjuma galotnes.<\/p>\n\n\n\n<h3 class=\"wp-block-heading\" id=\"h-3-adjectives\">3. \u012apa\u0161\u012bbas v\u0101rdi:<\/h3>\n\n\n\n<p>\u012apa\u0161\u012bbas v\u0101rdi apraksta lietv\u0101rdus un piekr\u012bt tiem gad\u012bjum\u0101 un numur\u0101. Uzziniet, k\u0101 veidot un lietot \u012bpa\u0161\u012bbas v\u0101rdus, lai teikumus padar\u012btu apraksto\u0161\u0101kus un izteiksm\u012bg\u0101kus.<\/p>\n\n\n\n<h3 class=\"wp-block-heading\" id=\"h-4-verbs\">4. Darb\u012bbas v\u0101rdi:<\/h3>\n\n\n\n<p>Somu darb\u012bbas v\u0101rdi ir iz\u0161\u0137iro\u0161i darb\u012bbu un st\u0101vok\u013cu izteik\u0161anai. Iepaz\u012bstieties ar pamata darb\u012bbas v\u0101rdu konjug\u0101cijas mode\u013ciem un visbie\u017e\u0101k sastopamajiem neregul\u0101rajiem darb\u012bbas v\u0101rdiem.<\/p>\n\n\n\n<h3 class=\"wp-block-heading\" id=\"h-5-tenses-indicative\">5. Sasprindzin\u0101jums Indikat\u012bvs:<\/h3>\n\n\n\n<p>Izprotiet indikat\u012bvo noska\u0146ojumu, ko izmanto, lai izteiktu apgalvojumus, faktus un viedok\u013cus. Somu valodai indikat\u012bvaj\u0101 noska\u0146\u0101 ir \u010detri galvenie sasprindzin\u0101jumi: tagadne, pag\u0101tne (nepiln\u012bga), perfekta un pluperfekta. Uzziniet, k\u0101 pareizi veidot un lietot \u0161os laikus.<\/p>\n\n\n\n<h3 class=\"wp-block-heading\" id=\"h-6-tenses-potential\">6. Sasprindzin\u0101jums potenci\u0101ls:<\/h3>\n\n\n\n<p>Potenci\u0101lais noska\u0146ojums tiek izmantots, lai izteiktu iesp\u0113ju, varb\u016bt\u012bbu vai \u0161aubas. Tam ir divi sasprindzin\u0101jumi: pa\u0161reiz\u0113jais potenci\u0101ls un pag\u0101tnes potenci\u0101ls. Uzziniet, k\u0101 veidot un izmantot \u0161os laikus, lai pievienotu niansi saviem teikumiem.<\/p>\n\n\n\n<h3 class=\"wp-block-heading\" id=\"h-7-tenses-imperative\">7. Sasprindzin\u0101jums Imperat\u012bvs:<\/h3>\n\n\n\n<p>Imperat\u012bv\u0101 noska\u0146ojums tiek izmantots, lai dotu komandas un veiktu piepras\u012bjumus. Uzziniet, k\u0101 veidot imperat\u012bvu somu valod\u0101 un pareizi to izmantot da\u017e\u0101d\u0101s situ\u0101cij\u0101s.<\/p>\n\n\n\n<h3 class=\"wp-block-heading\" id=\"h-8-tense-comparison\">8. Saspringts sal\u012bdzin\u0101jums:<\/h3>\n\n\n\n<p>Saprast, k\u0101 sal\u012bdzin\u0101t da\u017e\u0101dus laikus un noska\u0146as somu valod\u0101. \u0160\u012b prasme \u013caus jums izteikt sare\u017e\u0123\u012btas idejas un attiec\u012bbas starp notikumiem.<\/p>\n\n\n\n<h3 class=\"wp-block-heading\" id=\"h-9-adverbs\">9. Adverbi:<\/h3>\n\n\n\n<p>Adverbi modific\u0113 darb\u012bbas v\u0101rdus, \u012bpa\u0161\u012bbas v\u0101rdus vai citus adverbus, sniedzot papildu inform\u0101ciju par darb\u012bb\u0101m vai \u012bpa\u0161\u012bb\u0101m. Uzziniet da\u017e\u0101dus adverbu veidus un to, k\u0101 tos efekt\u012bvi izmantot teikumos.<\/p>\n\n\n\n<h3 class=\"wp-block-heading\" id=\"h-10-postpositions\">10. Postpoz\u012bcijas:<\/h3>\n\n\n\n<p>Somu valoda priev\u0101rdu viet\u0101 izmanto postpoz\u012bcijas, lai nor\u0101d\u012btu uz attiec\u012bb\u0101m starp v\u0101rdiem. Uzziniet visbie\u017e\u0101k sastopam\u0101s poz\u012bcijas un to, k\u0101 t\u0101s darbojas teikum\u0101.<\/p>\n\n\n\n<h3 class=\"wp-block-heading\" id=\"h-11-sentence-structure\">11. Teikuma strukt\u016bra:<\/h3>\n\n\n\n<p>Visbeidzot, izp\u0113tiet somu valodas teikuma pamatstrukt\u016bru, kas seko subjekta-verba-objekta (SVO) modelim. Uzziniet, k\u0101 izveidot vienk\u0101r\u0161us un sare\u017e\u0123\u012btus teikumus, izmantojot apg\u016bt\u0101s gramatikas t\u0113mas, un praktiz\u0113jiet to apvieno\u0161anu, lai prec\u012bzi un teko\u0161i izteiktu savas domas.<\/p>\n<\/div><\/div>\n\r\n<section class=\"learnNavigationSection\">\r\n            \r\n        <a href=\"https:\/\/talkpal.ai\/lv\/uzziniet-somu-valodu\/\">\r\n            <div class=\"learnNavigationWrapper\">\r\n                <div class=\"learnNavigationContent\">\r\n                    <img decoding=\"async\" src=\"https:\/\/talkpal.ai\/wp-content\/uploads\/2024\/08\/Finnish.jpg\" alt=\"Finnish Flag\">\r\n                    <div>\r\n                        <h4>Par somu valodas apguvi<\/h4>\r\n                        <p>Uzziniet visu par somu valodas gramatiku.<\/p>\r\n                    <\/div>\r\n                <\/div>\r\n            <\/div>\r\n        <\/a>\r\n\r\n        \r\n        <a href=\"https:\/\/talkpal.ai\/lv\/somu-valodas-gramatika\/\">\r\n            <div class=\"learnNavigationWrapper\">\r\n                <div class=\"learnNavigationContent\">\r\n                    <img decoding=\"async\" src=\"https:\/\/talkpal.ai\/wp-content\/uploads\/2024\/08\/Finnish.jpg\" alt=\"Finnish Flag\">\r\n                    <div>\r\n                        <h4>Somu valodas gramatikas nodarb\u012bbas<\/h4>\r\n                        <p>Praktiz\u0113jiet somu gramatiku.<\/p>\r\n                    <\/div>\r\n                <\/div>\r\n            <\/div>\r\n        <\/a>\r\n\r\n        \r\n        <a href=\"https:\/\/talkpal.ai\/vocabulary_language\/finnish\/\">\r\n            <div class=\"learnNavigationWrapper\">\r\n                <div class=\"learnNavigationContent\">\r\n                    <img decoding=\"async\" src=\"https:\/\/talkpal.ai\/wp-content\/uploads\/2024\/08\/Finnish.jpg\" alt=\"Finnish Flag\">\r\n                    <div>\r\n                        <h4>Somu valodas v\u0101rdn\u012bca<\/h4>\r\n                        <p>Papla\u0161iniet savu somu valodas v\u0101rdu kr\u0101jumu.<\/p>\r\n                    <\/div>\r\n                <\/div>\r\n            <\/div>\r\n        <\/a>\r\n\r\n            <\/section>\n<p><\/p>\n","protected":false},"excerpt":{"rendered":"<p>Somu valodas gramatikas t\u0113mas Somu valodas apguve var b\u016bt v\u0113rt\u012bga pieredze valodu entuziastiem, jo t\u0101 ir unik\u0101la un aizraujo\u0161a valoda ar bag\u0101tu kult\u016bras v\u0113sturi. Somu valodas gramatika s\u0101kum\u0101 var \u0161\u0137ist izaicino\u0161a, ta\u010du, izmantojot sistem\u0101tisku pieeju un koncentr\u0113joties uz b\u016btisk\u0101m t\u0113m\u0101m, j\u016bs varat pan\u0101kt stabilu progresu un galu gal\u0101 br\u012bvi p\u0101rvald\u012bt \u0161o skaisto valodu. \u0160aj\u0101 rokasgr\u0101mat\u0101 [&hellip;]<\/p>\n","protected":false},"author":6,"featured_media":106596,"parent":0,"menu_order":0,"comment_status":"closed","ping_status":"closed","template":"LearningContentPage.php","meta":{"_acf_changed":false,"footnotes":""},"class_list":["post-133977","page","type-page","status-publish","has-post-thumbnail","hentry"],"acf":[],"yoast_head":"<!-- This site is optimized with the Yoast SEO Premium plugin v27.2 (Yoast SEO v27.2) - https:\/\/yoast.com\/product\/yoast-seo-premium-wordpress\/ -->\n<title>Somu valodas gramatikas vingrin\u0101jumi - Talkpal<\/title>\n<meta name=\"description\" content=\"Tren\u0113jieties un uzlabojiet savas somu valodas gramatikas prasmes, izmantojot \u0161os interakt\u012bvos un efekt\u012bvos vingrin\u0101jumus. Piem\u0113rots visiem m\u0101c\u012bbu l\u012bme\u0146iem.\" \/>\n<meta name=\"robots\" content=\"index, follow, max-snippet:-1, max-image-preview:large, max-video-preview:-1\" \/>\n<link rel=\"canonical\" href=\"https:\/\/talkpal.ai\/lv\/somu-valodas-gramatikas-vingrinajumi\/\" \/>\n<meta property=\"og:locale\" content=\"lv_LV\" \/>\n<meta property=\"og:type\" content=\"article\" \/>\n<meta property=\"og:title\" content=\"Somu valodas gramatikas vingrin\u0101jumi\" \/>\n<meta property=\"og:description\" content=\"Somu valodas gramatikas t\u0113mas Somu valodas apguve var b\u016bt v\u0113rt\u012bga pieredze valodu entuziastiem, jo t\u0101 ir unik\u0101la un aizraujo\u0161a valoda ar bag\u0101tu kult\u016bras\" \/>\n<meta property=\"og:url\" content=\"https:\/\/talkpal.ai\/lv\/somu-valodas-gramatikas-vingrinajumi\/\" \/>\n<meta property=\"og:site_name\" content=\"Talkpal\" \/>\n<meta property=\"article:publisher\" content=\"https:\/\/www.facebook.com\/profile.php?id=100090733639311\" \/>\n<meta property=\"article:modified_time\" content=\"2025-12-17T15:32:23+00:00\" \/>\n<meta property=\"og:image\" content=\"https:\/\/talkpal.ai\/wp-content\/uploads\/2023\/04\/finland.png\" \/>\n\t<meta property=\"og:image:width\" content=\"512\" \/>\n\t<meta property=\"og:image:height\" content=\"512\" \/>\n\t<meta property=\"og:image:type\" content=\"image\/png\" \/>\n<meta name=\"twitter:card\" content=\"summary_large_image\" \/>\n<meta name=\"twitter:site\" content=\"@talkpalai\" \/>\n<meta name=\"twitter:label1\" content=\"Est. reading time\" \/>\n\t<meta name=\"twitter:data1\" content=\"3 minutes\" \/>\n<script type=\"application\/ld+json\" class=\"yoast-schema-graph\">{\"@context\":\"https:\/\/schema.org\",\"@graph\":[{\"@type\":\"WebPage\",\"@id\":\"https:\/\/talkpal.ai\/lv\/somu-valodas-gramatikas-vingrinajumi\/\",\"url\":\"https:\/\/talkpal.ai\/lv\/somu-valodas-gramatikas-vingrinajumi\/\",\"name\":\"Somu valodas gramatikas vingrin\u0101jumi - Talkpal\",\"isPartOf\":{\"@id\":\"https:\/\/talkpal.ai\/lv\/#website\"},\"primaryImageOfPage\":{\"@id\":\"https:\/\/talkpal.ai\/lv\/somu-valodas-gramatikas-vingrinajumi\/#primaryimage\"},\"image\":{\"@id\":\"https:\/\/talkpal.ai\/lv\/somu-valodas-gramatikas-vingrinajumi\/#primaryimage\"},\"thumbnailUrl\":\"https:\/\/talkpal.ai\/wp-content\/uploads\/2023\/04\/finland.png\",\"datePublished\":\"2023-06-16T10:07:13+00:00\",\"dateModified\":\"2025-12-17T15:32:23+00:00\",\"description\":\"Tren\u0113jieties un uzlabojiet savas somu valodas gramatikas prasmes, izmantojot \u0161os interakt\u012bvos un efekt\u012bvos vingrin\u0101jumus. Piem\u0113rots visiem m\u0101c\u012bbu l\u012bme\u0146iem.\",\"breadcrumb\":{\"@id\":\"https:\/\/talkpal.ai\/lv\/somu-valodas-gramatikas-vingrinajumi\/#breadcrumb\"},\"inLanguage\":\"lv-LV\",\"potentialAction\":[{\"@type\":\"ReadAction\",\"target\":[\"https:\/\/talkpal.ai\/lv\/somu-valodas-gramatikas-vingrinajumi\/\"]}]},{\"@type\":\"ImageObject\",\"inLanguage\":\"lv-LV\",\"@id\":\"https:\/\/talkpal.ai\/lv\/somu-valodas-gramatikas-vingrinajumi\/#primaryimage\",\"url\":\"https:\/\/talkpal.ai\/wp-content\/uploads\/2023\/04\/finland.png\",\"contentUrl\":\"https:\/\/talkpal.ai\/wp-content\/uploads\/2023\/04\/finland.png\",\"width\":512,\"height\":512,\"caption\":\"TalkPal finland Flag\"},{\"@type\":\"BreadcrumbList\",\"@id\":\"https:\/\/talkpal.ai\/lv\/somu-valodas-gramatikas-vingrinajumi\/#breadcrumb\",\"itemListElement\":[{\"@type\":\"ListItem\",\"position\":1,\"name\":\"Homepage\",\"item\":\"https:\/\/talkpal.ai\/lv\/\"},{\"@type\":\"ListItem\",\"position\":2,\"name\":\"Somu valodas gramatikas vingrin\u0101jumi\"}]},{\"@type\":\"WebSite\",\"@id\":\"https:\/\/talkpal.ai\/lv\/#website\",\"url\":\"https:\/\/talkpal.ai\/lv\/\",\"name\":\"Talkpal\",\"description\":\"AI Language Learning\",\"publisher\":{\"@id\":\"https:\/\/talkpal.ai\/lv\/#organization\"},\"alternateName\":\"Talkpal AI\",\"potentialAction\":[{\"@type\":\"SearchAction\",\"target\":{\"@type\":\"EntryPoint\",\"urlTemplate\":\"https:\/\/talkpal.ai\/lv\/?s={search_term_string}\"},\"query-input\":{\"@type\":\"PropertyValueSpecification\",\"valueRequired\":true,\"valueName\":\"search_term_string\"}}],\"inLanguage\":\"lv-LV\"},{\"@type\":\"Organization\",\"@id\":\"https:\/\/talkpal.ai\/lv\/#organization\",\"name\":\"Talkpal, Inc.\",\"alternateName\":\"Talkpal AI\",\"url\":\"https:\/\/talkpal.ai\/lv\/\",\"logo\":{\"@type\":\"ImageObject\",\"inLanguage\":\"lv-LV\",\"@id\":\"https:\/\/talkpal.ai\/lv\/#\/schema\/logo\/image\/\",\"url\":\"https:\/\/talkpal.ai\/wp-content\/uploads\/2024\/03\/Talkpal-Logo-Icon.png\",\"contentUrl\":\"https:\/\/talkpal.ai\/wp-content\/uploads\/2024\/03\/Talkpal-Logo-Icon.png\",\"width\":2880,\"height\":2880,\"caption\":\"Talkpal, Inc.\"},\"image\":{\"@id\":\"https:\/\/talkpal.ai\/lv\/#\/schema\/logo\/image\/\"},\"sameAs\":[\"https:\/\/www.facebook.com\/profile.php?id=100090733639311\",\"https:\/\/x.com\/talkpalai\",\"https:\/\/www.linkedin.com\/company\/talkpal\/\",\"https:\/\/www.youtube.com\/@TalkPal\/\",\"https:\/\/www.tiktok.com\/@talkpal\",\"https:\/\/www.instagram.com\/talkpal_ai\/\",\"https:\/\/www.crunchbase.com\/organization\/talkpal-9cde\",\"https:\/\/www.g2.com\/products\/talkpal-for-business\/\",\"https:\/\/www.trustpilot.com\/review\/talkpal.ai\",\"https:\/\/www.capterra.com\/p\/10006800\/TalkPal\/\"],\"description\":\"Talkpal is a language learning web and mobile education app, powered by the latest AI technologies, that provides engaging experiences to its customers in many different languages to help them improve their language skills. Users can chat about unlimited amount of topics with the app and use other modes to practice their language learning.\",\"email\":\"support@talkpal.ai\",\"legalName\":\"Talkpal, Inc.\",\"foundingDate\":\"2023-04-03\",\"duns\":\"118989042\",\"numberOfEmployees\":{\"@type\":\"QuantitativeValue\",\"minValue\":\"11\",\"maxValue\":\"50\"},\"publishingPrinciples\":\"https:\/\/talkpal.ai\/publishing-principles\/\",\"actionableFeedbackPolicy\":\"https:\/\/talkpal.ai\/actionable-feedback-policy\/\",\"correctionsPolicy\":\"https:\/\/talkpal.ai\/corrections-policy\/\",\"ethicsPolicy\":\"https:\/\/talkpal.ai\/ethics-policy\/\",\"diversityPolicy\":\"https:\/\/talkpal.ai\/diversity-policy\/\",\"diversityStaffingReport\":\"https:\/\/talkpal.ai\/diversity-policy\/\"}]}<\/script>\n<!-- \/ Yoast SEO Premium plugin. -->","yoast_head_json":{"title":"Somu valodas gramatikas vingrin\u0101jumi - Talkpal","description":"Tren\u0113jieties un uzlabojiet savas somu valodas gramatikas prasmes, izmantojot \u0161os interakt\u012bvos un efekt\u012bvos vingrin\u0101jumus. Piem\u0113rots visiem m\u0101c\u012bbu l\u012bme\u0146iem.","robots":{"index":"index","follow":"follow","max-snippet":"max-snippet:-1","max-image-preview":"max-image-preview:large","max-video-preview":"max-video-preview:-1"},"canonical":"https:\/\/talkpal.ai\/lv\/somu-valodas-gramatikas-vingrinajumi\/","og_locale":"lv_LV","og_type":"article","og_title":"Somu valodas gramatikas vingrin\u0101jumi","og_description":"Somu valodas gramatikas t\u0113mas Somu valodas apguve var b\u016bt v\u0113rt\u012bga pieredze valodu entuziastiem, jo t\u0101 ir unik\u0101la un aizraujo\u0161a valoda ar bag\u0101tu kult\u016bras","og_url":"https:\/\/talkpal.ai\/lv\/somu-valodas-gramatikas-vingrinajumi\/","og_site_name":"Talkpal","article_publisher":"https:\/\/www.facebook.com\/profile.php?id=100090733639311","article_modified_time":"2025-12-17T15:32:23+00:00","og_image":[{"width":512,"height":512,"url":"https:\/\/talkpal.ai\/wp-content\/uploads\/2023\/04\/finland.png","type":"image\/png"}],"twitter_card":"summary_large_image","twitter_site":"@talkpalai","twitter_misc":{"Est. reading time":"3 minutes"},"schema":{"@context":"https:\/\/schema.org","@graph":[{"@type":"WebPage","@id":"https:\/\/talkpal.ai\/lv\/somu-valodas-gramatikas-vingrinajumi\/","url":"https:\/\/talkpal.ai\/lv\/somu-valodas-gramatikas-vingrinajumi\/","name":"Somu valodas gramatikas vingrin\u0101jumi - Talkpal","isPartOf":{"@id":"https:\/\/talkpal.ai\/lv\/#website"},"primaryImageOfPage":{"@id":"https:\/\/talkpal.ai\/lv\/somu-valodas-gramatikas-vingrinajumi\/#primaryimage"},"image":{"@id":"https:\/\/talkpal.ai\/lv\/somu-valodas-gramatikas-vingrinajumi\/#primaryimage"},"thumbnailUrl":"https:\/\/talkpal.ai\/wp-content\/uploads\/2023\/04\/finland.png","datePublished":"2023-06-16T10:07:13+00:00","dateModified":"2025-12-17T15:32:23+00:00","description":"Tren\u0113jieties un uzlabojiet savas somu valodas gramatikas prasmes, izmantojot \u0161os interakt\u012bvos un efekt\u012bvos vingrin\u0101jumus. Piem\u0113rots visiem m\u0101c\u012bbu l\u012bme\u0146iem.","breadcrumb":{"@id":"https:\/\/talkpal.ai\/lv\/somu-valodas-gramatikas-vingrinajumi\/#breadcrumb"},"inLanguage":"lv-LV","potentialAction":[{"@type":"ReadAction","target":["https:\/\/talkpal.ai\/lv\/somu-valodas-gramatikas-vingrinajumi\/"]}]},{"@type":"ImageObject","inLanguage":"lv-LV","@id":"https:\/\/talkpal.ai\/lv\/somu-valodas-gramatikas-vingrinajumi\/#primaryimage","url":"https:\/\/talkpal.ai\/wp-content\/uploads\/2023\/04\/finland.png","contentUrl":"https:\/\/talkpal.ai\/wp-content\/uploads\/2023\/04\/finland.png","width":512,"height":512,"caption":"TalkPal finland Flag"},{"@type":"BreadcrumbList","@id":"https:\/\/talkpal.ai\/lv\/somu-valodas-gramatikas-vingrinajumi\/#breadcrumb","itemListElement":[{"@type":"ListItem","position":1,"name":"Homepage","item":"https:\/\/talkpal.ai\/lv\/"},{"@type":"ListItem","position":2,"name":"Somu valodas gramatikas vingrin\u0101jumi"}]},{"@type":"WebSite","@id":"https:\/\/talkpal.ai\/lv\/#website","url":"https:\/\/talkpal.ai\/lv\/","name":"Talkpal","description":"AI Language Learning","publisher":{"@id":"https:\/\/talkpal.ai\/lv\/#organization"},"alternateName":"Talkpal AI","potentialAction":[{"@type":"SearchAction","target":{"@type":"EntryPoint","urlTemplate":"https:\/\/talkpal.ai\/lv\/?s={search_term_string}"},"query-input":{"@type":"PropertyValueSpecification","valueRequired":true,"valueName":"search_term_string"}}],"inLanguage":"lv-LV"},{"@type":"Organization","@id":"https:\/\/talkpal.ai\/lv\/#organization","name":"Talkpal, Inc.","alternateName":"Talkpal AI","url":"https:\/\/talkpal.ai\/lv\/","logo":{"@type":"ImageObject","inLanguage":"lv-LV","@id":"https:\/\/talkpal.ai\/lv\/#\/schema\/logo\/image\/","url":"https:\/\/talkpal.ai\/wp-content\/uploads\/2024\/03\/Talkpal-Logo-Icon.png","contentUrl":"https:\/\/talkpal.ai\/wp-content\/uploads\/2024\/03\/Talkpal-Logo-Icon.png","width":2880,"height":2880,"caption":"Talkpal, Inc."},"image":{"@id":"https:\/\/talkpal.ai\/lv\/#\/schema\/logo\/image\/"},"sameAs":["https:\/\/www.facebook.com\/profile.php?id=100090733639311","https:\/\/x.com\/talkpalai","https:\/\/www.linkedin.com\/company\/talkpal\/","https:\/\/www.youtube.com\/@TalkPal\/","https:\/\/www.tiktok.com\/@talkpal","https:\/\/www.instagram.com\/talkpal_ai\/","https:\/\/www.crunchbase.com\/organization\/talkpal-9cde","https:\/\/www.g2.com\/products\/talkpal-for-business\/","https:\/\/www.trustpilot.com\/review\/talkpal.ai","https:\/\/www.capterra.com\/p\/10006800\/TalkPal\/"],"description":"Talkpal is a language learning web and mobile education app, powered by the latest AI technologies, that provides engaging experiences to its customers in many different languages to help them improve their language skills. Users can chat about unlimited amount of topics with the app and use other modes to practice their language learning.","email":"support@talkpal.ai","legalName":"Talkpal, Inc.","foundingDate":"2023-04-03","duns":"118989042","numberOfEmployees":{"@type":"QuantitativeValue","minValue":"11","maxValue":"50"},"publishingPrinciples":"https:\/\/talkpal.ai\/publishing-principles\/","actionableFeedbackPolicy":"https:\/\/talkpal.ai\/actionable-feedback-policy\/","correctionsPolicy":"https:\/\/talkpal.ai\/corrections-policy\/","ethicsPolicy":"https:\/\/talkpal.ai\/ethics-policy\/","diversityPolicy":"https:\/\/talkpal.ai\/diversity-policy\/","diversityStaffingReport":"https:\/\/talkpal.ai\/diversity-policy\/"}]}},"_links":{"self":[{"href":"https:\/\/talkpal.ai\/lv\/wp-json\/wp\/v2\/pages\/133977","targetHints":{"allow":["GET"]}}],"collection":[{"href":"https:\/\/talkpal.ai\/lv\/wp-json\/wp\/v2\/pages"}],"about":[{"href":"https:\/\/talkpal.ai\/lv\/wp-json\/wp\/v2\/types\/page"}],"author":[{"embeddable":true,"href":"https:\/\/talkpal.ai\/lv\/wp-json\/wp\/v2\/users\/6"}],"replies":[{"embeddable":true,"href":"https:\/\/talkpal.ai\/lv\/wp-json\/wp\/v2\/comments?post=133977"}],"version-history":[{"count":0,"href":"https:\/\/talkpal.ai\/lv\/wp-json\/wp\/v2\/pages\/133977\/revisions"}],"wp:featuredmedia":[{"embeddable":true,"href":"https:\/\/talkpal.ai\/lv\/wp-json\/wp\/v2\/media\/106596"}],"wp:attachment":[{"href":"https:\/\/talkpal.ai\/lv\/wp-json\/wp\/v2\/media?parent=133977"}],"curies":[{"name":"wp","href":"https:\/\/api.w.org\/{rel}","templated":true}]}}