{"id":133670,"date":"2023-06-16T10:01:38","date_gmt":"2023-06-16T10:01:38","guid":{"rendered":"http:\/\/talkpal.ai\/zviedru-valodas-gramatikas-vingrinajumi\/"},"modified":"2025-12-17T15:30:05","modified_gmt":"2025-12-17T15:30:05","slug":"zviedru-valodas-gramatikas-vingrinajumi","status":"publish","type":"page","link":"https:\/\/talkpal.ai\/lv\/zviedru-valodas-gramatikas-vingrinajumi\/","title":{"rendered":"Zviedru valodas gramatikas vingrin\u0101jumi"},"content":{"rendered":"\r\n\r\n\r\n<section class=\"languageChallengeSection\">\r\n    <div class=\"languageInfoWrapper\">\r\n        \r\n        <h1>Zviedru valodas gramatikas vingrin\u0101jumi<\/h1>\r\n        <p>Vai esat gatavs uzlabot <a href=\"https:\/\/talkpal.ai\/learn-swedish\/\">zviedru<\/a> <a href=\"https:\/\/talkpal.ai\/what-language-is-spoken-on-the-international-space-station\/\">valodas<\/a> zin\u0101\u0161anas? Gramatikas vingrin\u0101jumu praktiz\u0113\u0161ana ir lielisks veids, k\u0101 apg\u016bt teikuma strukt\u016bru, darb\u012bbas v\u0101rdu formas un unik\u0101los zviedru valodas mode\u013cus. S\u0101ciet str\u0101d\u0101t pie zviedru valodas gramatikas jau \u0161odien un v\u0113rojiet, k\u0101 ar katru vingrin\u0101jumu pieaug j\u016bsu prasmes un p\u0101rliec\u012bba!\n\n<\/p>\r\n\r\n                            <a class=\"getStartedHidden\" href=\"https:\/\/app.talkpal.ai\/lv\/signup?lng=\">S\u0101c<\/a>\r\n        \r\n    <\/div>\r\n\r\n    <figure>\r\n    <img decoding=\"async\" width=\"768\" height=\"768\" src=\"https:\/\/talkpal.ai\/wp-content\/uploads\/2023\/06\/swedish-768x768.png\" class=\"languageImage no-lazy\" alt=\"Language learning for improved concentration\" fetchpriority=\"high\" sizes=\"(max-width: 768px) 150px, 768px\" srcset=\"https:\/\/talkpal.ai\/wp-content\/uploads\/2023\/06\/swedish-768x768.png 768w, https:\/\/talkpal.ai\/wp-content\/uploads\/2023\/06\/swedish-300x300.png 300w\" \/>\r\n    \r\n\r\n    <\/figure>\r\n\r\n            <a class=\"getStartedVisible\" href=\"https:\/\/app.talkpal.ai\/lv\/signup?lng=\">S\u0101c<\/a>\r\n    \r\n<\/section>\r\n\r\n\r\n<!-- <section class=\"grammarSection\">\r\n    <div class=\"grammarLinks\">\r\n            <\/div>\r\n<\/section> -->\r\n\r\n\r\n\r\n\r\n<section class=\"promotionalBanner\">\r\n    <p class=\"promotionalText\">Visefekt\u012bv\u0101kais veids, k\u0101 apg\u016bt valodu<\/p>\r\n    <a class=\"promotionalLink\" href=\"https:\/\/app.talkpal.ai\/lv\/signup?lng=\">Izm\u0113\u0123iniet Talkpal bez maksas<\/a>\r\n<\/section>\n<div class=\"wp-block-group pageContainerStyle\"><div class=\"wp-block-group__inner-container is-layout-constrained wp-block-group-is-layout-constrained\">\n<h2 class=\"wp-block-heading\" id=\"h-swedish-grammar-topics\">Zviedru valodas gramatikas t\u0113mas<\/h2>\n\n\n\n<p>Zviedru valodas, Zviedrijas ofici\u0101l\u0101s valodas un vienas no Somijas ofici\u0101laj\u0101m valod\u0101m, apguve var b\u016bt v\u0113rt\u012bga pieredze. Tas ne tikai iepaz\u012bstin\u0101s j\u016bs ar bag\u0101tu kult\u016bru un v\u0113sturi, bet ar\u012b atvieglos sazi\u0146u ar vair\u0101k nek\u0101 10 miljoniem dzimt\u0101s valodas run\u0101t\u0101ju. Lai efekt\u012bvi apg\u016btu zviedru valodu, ir svar\u012bgi saprast da\u017e\u0101das gramatikas t\u0113mas un to savstarp\u0113jo saist\u012bbu. \u0160\u012b rokasgr\u0101mata sniegs jums p\u0101rskatu par galvenaj\u0101m zviedru valodas gramatikas t\u0113m\u0101m, kas sak\u0101rtotas sec\u012bb\u0101, kas pal\u012bdz\u0113s pak\u0101peniski un efekt\u012bvi att\u012bst\u012bt valodu prasmes.<\/p>\n\n\n\n<h3 class=\"wp-block-heading\" id=\"h-1-nouns\">1. Lietv\u0101rdi:<\/h3>\n\n\n\n<p>S\u0101ciet savu zviedru valodas ce\u013cojumu, iepaz\u012bstoties ar lietv\u0101rdiem, jo tie ir jebkuras valodas pamatelementi. Zviedru valod\u0101 lietv\u0101rdiem ir divas dzimtes (kop\u012bgas un neitr\u0101las), kas ietekm\u0113 ar tiem lietotos rakstus un \u012bpa\u0161\u012bbas v\u0101rdus. Vi\u0146iem ir ar\u012b vienskait\u013ca un daudzskait\u013ca formas, k\u0101 ar\u012b noteiktas un nenoteiktas formas.<\/p>\n\n\n\n<h3 class=\"wp-block-heading\" id=\"h-2-articles\">2. Raksti:<\/h3>\n\n\n\n<p>Kad esat sapratis lietv\u0101rdus, p\u0101rejiet pie rakstiem, kas ir b\u016btiski, lai noteiktu lietv\u0101rda dzimumu un skaitu. Zviedru valod\u0101 ir noteikti un nenoteikti raksti, kas atbilst to main\u012bt\u0101 lietv\u0101rda dzimumam un skaitam.<\/p>\n\n\n\n<h3 class=\"wp-block-heading\" id=\"h-3-adjectives\">3. \u012apa\u0161\u012bbas v\u0101rdi:<\/h3>\n\n\n\n<p>\u012apa\u0161\u012bbas v\u0101rdi tiek izmantoti, lai aprakst\u012btu lietv\u0101rdus un vienotos par dzimumu, skaitu un noteikt\u012bbu ar lietv\u0101rdu, ko tie p\u0101rveido. \u012apa\u0161\u012bbas v\u0101rdu apguve pal\u012bdz\u0113s jums izteikt sare\u017e\u0123\u012bt\u0101kas idejas un aprakstus zviedru valod\u0101.<\/p>\n\n\n\n<h3 class=\"wp-block-heading\" id=\"h-4-pronouns\">4. Vietniekv\u0101rdi:<\/h3>\n\n\n\n<p>Vietniekv\u0101rdi aizst\u0101j lietv\u0101rdus teikumos un ir b\u016btiski, lai padar\u012btu j\u016bsu runu pl\u016bsto\u0161\u0101ku un dabisk\u0101ku. Zviedru valod\u0101 ir personiskie, piedero\u0161ie, refleks\u012bvie un <a href=\"https:\/\/talkpal.ai\/sv\/grammar\/relativa-pronomen-i-lettisk-grammatik\/\">relat\u012bvie vietniekv\u0101rdi<\/a>, katram no tiem ir savi vieno\u0161an\u0101s un lieto\u0161anas noteikumi.<\/p>\n\n\n\n<h3 class=\"wp-block-heading\" id=\"h-5-verbs\">5. Darb\u012bbas v\u0101rdi:<\/h3>\n\n\n\n<p>Darb\u012bbas v\u0101rdi izsaka darb\u012bbas, notikumus vai es\u012bbas st\u0101vok\u013cus un ir b\u016btiska jebkuras valodas sast\u0101vda\u013ca. Zviedru valod\u0101 darb\u012bbas v\u0101rdi tiek konjug\u0113ti atbilsto\u0161i sasprindzin\u0101jumam un noska\u0146ojumam. S\u0101ciet, apg\u016bstot pa\u0161reiz\u0113jo sasprindzin\u0101jumu, kas ir visizplat\u012bt\u0101k\u0101 un noder\u012bg\u0101k\u0101 forma.<\/p>\n\n\n\n<h3 class=\"wp-block-heading\" id=\"h-6-tenses-indicative\">6. Sasprindzin\u0101jums Indikat\u012bvs:<\/h3>\n\n\n\n<p>P\u0101rejot no tagadnes sasprindzin\u0101juma, apg\u016bstiet pag\u0101tnes un n\u0101kotnes laikus indikat\u012bvaj\u0101 noska\u0146ojum\u0101. Tie \u013caus jums run\u0101t par notikumiem un darb\u012bb\u0101m, kas ir notiku\u0161as vai notiks, papla\u0161inot j\u016bsu sp\u0113ju sazin\u0101ties zviedru valod\u0101.<\/p>\n\n\n\n<h3 class=\"wp-block-heading\" id=\"h-7-tenses-subjunctive\">7. Sasprindzin\u0101jums subjunkt\u012bvais:<\/h3>\n\n\n\n<p>Lai gan tas ir ret\u0101k nek\u0101 indikat\u012bvais, subjunkt\u012bvais noska\u0146ojums tiek izmantots, lai izteiktu hipot\u0113tiskus vai neskaidrus notikumus. Darb\u012bbas v\u0101rdu subjunkt\u012bvo formu apguve uzlabos j\u016bsu sp\u0113ju izteikt nians\u0113t\u0101kas idejas.<\/p>\n\n\n\n<h3 class=\"wp-block-heading\" id=\"h-8-tense-comparison\">8. Saspringts sal\u012bdzin\u0101jums:<\/h3>\n\n\n\n<p>Izpratne par to, k\u0101 sal\u012bdzin\u0101t da\u017e\u0101dus laikus, \u013caus jums izteikt sare\u017e\u0123\u012bt\u0101kas idejas par laiku un notikumiem. Tas ietver zin\u0101\u0161anas par to, k\u0101 kop\u0101 izmantot pag\u0101tnes un n\u0101kotnes laikus, k\u0101 ar\u012b izpratni par to, k\u0101 da\u017e\u0101di sasprindzin\u0101jumi mijiedarbojas sare\u017e\u0123\u012btos teikumos.<\/p>\n\n\n\n<h3 class=\"wp-block-heading\" id=\"h-9-adverbs\">9. Adverbi:<\/h3>\n\n\n\n<p>Adverbi modific\u0113 darb\u012bbas v\u0101rdus, \u012bpa\u0161\u012bbas v\u0101rdus vai citus adverbus, sniedzot papildu inform\u0101ciju par darb\u012bb\u0101m vai \u012bpa\u0161\u012bb\u0101m. Zviedru valodas adverbu apguve pal\u012bdz\u0113s jums prec\u012bz\u0101k un efekt\u012bv\u0101k izteikt idejas.<\/p>\n\n\n\n<h3 class=\"wp-block-heading\" id=\"h-10-prepositions\">10. Priev\u0101rdi:<\/h3>\n\n\n\n<p>Priev\u0101rdi saista lietv\u0101rdus, vietniekv\u0101rdus un fr\u0101zes ar citiem v\u0101rdiem teikum\u0101, izsakot t\u0101das attiec\u012bbas k\u0101 atra\u0161an\u0101s vieta, virziens un laiks. Priev\u0101rdu apg\u016b\u0161ana ir b\u016btiska, lai izveidotu skaidrus un j\u0113gpilnus teikumus zviedru valod\u0101.<\/p>\n\n\n\n<h3 class=\"wp-block-heading\" id=\"h-11-sentence-structure\">11. Teikuma strukt\u016bra:<\/h3>\n\n\n\n<p>Visbeidzot, zviedru valodas teikuma strukt\u016bras pamatnoteikumu izpratne apvienos visas iepriek\u0161\u0113j\u0101s gramatikas t\u0113mas, \u013caujot jums izveidot labi veidotus teikumus un prec\u012bzi un efekt\u012bvi izteikties valod\u0101.<\/p>\n<\/div><\/div>\n\r\n<section class=\"learnNavigationSection\">\r\n            \r\n        <a href=\"https:\/\/talkpal.ai\/lv\/uzziniet-zviedru-valodu\/\">\r\n            <div class=\"learnNavigationWrapper\">\r\n                <div class=\"learnNavigationContent\">\r\n                    <img decoding=\"async\" src=\"https:\/\/talkpal.ai\/wp-content\/uploads\/2024\/08\/Swedish.jpg\" alt=\"Swedish Flag\">\r\n                    <div>\r\n                        <h4>Par zviedru valodas apguvi<\/h4>\r\n                        <p>Uzziniet visu par zviedru valodas gramatiku.<\/p>\r\n                    <\/div>\r\n                <\/div>\r\n            <\/div>\r\n        <\/a>\r\n\r\n        \r\n        <a href=\"https:\/\/talkpal.ai\/lv\/zviedru-valodas-gramatika\/\">\r\n            <div class=\"learnNavigationWrapper\">\r\n                <div class=\"learnNavigationContent\">\r\n                    <img decoding=\"async\" src=\"https:\/\/talkpal.ai\/wp-content\/uploads\/2024\/08\/Swedish.jpg\" alt=\"Swedish Flag\">\r\n                    <div>\r\n                        <h4>Zviedru valodas gramatikas vingrin\u0101jums<\/h4>\r\n                        <p>Praktiz\u0113jiet zviedru valodas gramatiku.<\/p>\r\n                    <\/div>\r\n                <\/div>\r\n            <\/div>\r\n        <\/a>\r\n\r\n        \r\n        <a href=\"https:\/\/talkpal.ai\/vocabulary_language\/swedish\/\">\r\n            <div class=\"learnNavigationWrapper\">\r\n                <div class=\"learnNavigationContent\">\r\n                    <img decoding=\"async\" src=\"https:\/\/talkpal.ai\/wp-content\/uploads\/2024\/08\/Swedish.jpg\" alt=\"Swedish Flag\">\r\n                    <div>\r\n                        <h4>Zviedru valodas v\u0101rdn\u012bca<\/h4>\r\n                        <p>Papla\u0161iniet savu zviedru valodas v\u0101rdu kr\u0101jumu.<\/p>\r\n                    <\/div>\r\n                <\/div>\r\n            <\/div>\r\n        <\/a>\r\n\r\n            <\/section>","protected":false},"excerpt":{"rendered":"<p>Zviedru valodas gramatikas t\u0113mas Zviedru valodas, Zviedrijas ofici\u0101l\u0101s valodas un vienas no Somijas ofici\u0101laj\u0101m valod\u0101m, apguve var b\u016bt v\u0113rt\u012bga pieredze. Tas ne tikai iepaz\u012bstin\u0101s j\u016bs ar bag\u0101tu kult\u016bru un v\u0113sturi, bet ar\u012b atvieglos sazi\u0146u ar vair\u0101k nek\u0101 10 miljoniem dzimt\u0101s valodas run\u0101t\u0101ju. Lai efekt\u012bvi apg\u016btu zviedru valodu, ir svar\u012bgi saprast da\u017e\u0101das gramatikas t\u0113mas un to [&hellip;]<\/p>\n","protected":false},"author":6,"featured_media":108243,"parent":0,"menu_order":0,"comment_status":"closed","ping_status":"closed","template":"LearningContentPage.php","meta":{"_acf_changed":false,"footnotes":""},"class_list":["post-133670","page","type-page","status-publish","has-post-thumbnail","hentry"],"acf":[],"yoast_head":"<!-- This site is optimized with the Yoast SEO Premium plugin v27.2 (Yoast SEO v27.2) - https:\/\/yoast.com\/product\/yoast-seo-premium-wordpress\/ -->\n<title>Zviedru valodas gramatikas vingrin\u0101jumi - Talkpal<\/title>\n<meta name=\"description\" content=\"Uzlabojiet savas valodas prasmes ar aizraujo\u0161iem zviedru valodas gramatikas vingrin\u0101jumiem, kas paredz\u0113ti visu l\u012bme\u0146u studentiem.\" \/>\n<meta name=\"robots\" content=\"index, follow, max-snippet:-1, max-image-preview:large, max-video-preview:-1\" \/>\n<link rel=\"canonical\" href=\"https:\/\/talkpal.ai\/lv\/zviedru-valodas-gramatikas-vingrinajumi\/\" \/>\n<meta property=\"og:locale\" content=\"lv_LV\" \/>\n<meta property=\"og:type\" content=\"article\" \/>\n<meta property=\"og:title\" content=\"Zviedru valodas gramatikas vingrin\u0101jumi\" \/>\n<meta property=\"og:description\" content=\"Zviedru valodas gramatikas t\u0113mas Zviedru valodas, Zviedrijas ofici\u0101l\u0101s valodas un vienas no Somijas ofici\u0101laj\u0101m valod\u0101m, apguve var b\u016bt v\u0113rt\u012bga pieredze.\" \/>\n<meta property=\"og:url\" content=\"https:\/\/talkpal.ai\/lv\/zviedru-valodas-gramatikas-vingrinajumi\/\" \/>\n<meta property=\"og:site_name\" content=\"Talkpal\" \/>\n<meta property=\"article:publisher\" content=\"https:\/\/www.facebook.com\/profile.php?id=100090733639311\" \/>\n<meta property=\"article:modified_time\" content=\"2025-12-17T15:30:05+00:00\" \/>\n<meta property=\"og:image\" content=\"https:\/\/talkpal.ai\/wp-content\/uploads\/2023\/04\/sweden.png\" \/>\n\t<meta property=\"og:image:width\" content=\"512\" \/>\n\t<meta property=\"og:image:height\" content=\"512\" \/>\n\t<meta property=\"og:image:type\" content=\"image\/png\" \/>\n<meta name=\"twitter:card\" content=\"summary_large_image\" \/>\n<meta name=\"twitter:site\" content=\"@talkpalai\" \/>\n<meta name=\"twitter:label1\" content=\"Est. reading time\" \/>\n\t<meta name=\"twitter:data1\" content=\"3 minutes\" \/>\n<script type=\"application\/ld+json\" class=\"yoast-schema-graph\">{\"@context\":\"https:\/\/schema.org\",\"@graph\":[{\"@type\":\"WebPage\",\"@id\":\"https:\/\/talkpal.ai\/lv\/zviedru-valodas-gramatikas-vingrinajumi\/\",\"url\":\"https:\/\/talkpal.ai\/lv\/zviedru-valodas-gramatikas-vingrinajumi\/\",\"name\":\"Zviedru valodas gramatikas vingrin\u0101jumi - Talkpal\",\"isPartOf\":{\"@id\":\"https:\/\/talkpal.ai\/lv\/#website\"},\"primaryImageOfPage\":{\"@id\":\"https:\/\/talkpal.ai\/lv\/zviedru-valodas-gramatikas-vingrinajumi\/#primaryimage\"},\"image\":{\"@id\":\"https:\/\/talkpal.ai\/lv\/zviedru-valodas-gramatikas-vingrinajumi\/#primaryimage\"},\"thumbnailUrl\":\"https:\/\/talkpal.ai\/wp-content\/uploads\/2023\/04\/sweden.png\",\"datePublished\":\"2023-06-16T10:01:38+00:00\",\"dateModified\":\"2025-12-17T15:30:05+00:00\",\"description\":\"Uzlabojiet savas valodas prasmes ar aizraujo\u0161iem zviedru valodas gramatikas vingrin\u0101jumiem, kas paredz\u0113ti visu l\u012bme\u0146u studentiem.\",\"breadcrumb\":{\"@id\":\"https:\/\/talkpal.ai\/lv\/zviedru-valodas-gramatikas-vingrinajumi\/#breadcrumb\"},\"inLanguage\":\"lv-LV\",\"potentialAction\":[{\"@type\":\"ReadAction\",\"target\":[\"https:\/\/talkpal.ai\/lv\/zviedru-valodas-gramatikas-vingrinajumi\/\"]}]},{\"@type\":\"ImageObject\",\"inLanguage\":\"lv-LV\",\"@id\":\"https:\/\/talkpal.ai\/lv\/zviedru-valodas-gramatikas-vingrinajumi\/#primaryimage\",\"url\":\"https:\/\/talkpal.ai\/wp-content\/uploads\/2023\/04\/sweden.png\",\"contentUrl\":\"https:\/\/talkpal.ai\/wp-content\/uploads\/2023\/04\/sweden.png\",\"width\":512,\"height\":512},{\"@type\":\"BreadcrumbList\",\"@id\":\"https:\/\/talkpal.ai\/lv\/zviedru-valodas-gramatikas-vingrinajumi\/#breadcrumb\",\"itemListElement\":[{\"@type\":\"ListItem\",\"position\":1,\"name\":\"Homepage\",\"item\":\"https:\/\/talkpal.ai\/lv\/\"},{\"@type\":\"ListItem\",\"position\":2,\"name\":\"Zviedru valodas gramatikas vingrin\u0101jumi\"}]},{\"@type\":\"WebSite\",\"@id\":\"https:\/\/talkpal.ai\/lv\/#website\",\"url\":\"https:\/\/talkpal.ai\/lv\/\",\"name\":\"Talkpal\",\"description\":\"AI Language Learning\",\"publisher\":{\"@id\":\"https:\/\/talkpal.ai\/lv\/#organization\"},\"alternateName\":\"Talkpal AI\",\"potentialAction\":[{\"@type\":\"SearchAction\",\"target\":{\"@type\":\"EntryPoint\",\"urlTemplate\":\"https:\/\/talkpal.ai\/lv\/?s={search_term_string}\"},\"query-input\":{\"@type\":\"PropertyValueSpecification\",\"valueRequired\":true,\"valueName\":\"search_term_string\"}}],\"inLanguage\":\"lv-LV\"},{\"@type\":\"Organization\",\"@id\":\"https:\/\/talkpal.ai\/lv\/#organization\",\"name\":\"Talkpal, Inc.\",\"alternateName\":\"Talkpal AI\",\"url\":\"https:\/\/talkpal.ai\/lv\/\",\"logo\":{\"@type\":\"ImageObject\",\"inLanguage\":\"lv-LV\",\"@id\":\"https:\/\/talkpal.ai\/lv\/#\/schema\/logo\/image\/\",\"url\":\"https:\/\/talkpal.ai\/wp-content\/uploads\/2024\/03\/Talkpal-Logo-Icon.png\",\"contentUrl\":\"https:\/\/talkpal.ai\/wp-content\/uploads\/2024\/03\/Talkpal-Logo-Icon.png\",\"width\":2880,\"height\":2880,\"caption\":\"Talkpal, Inc.\"},\"image\":{\"@id\":\"https:\/\/talkpal.ai\/lv\/#\/schema\/logo\/image\/\"},\"sameAs\":[\"https:\/\/www.facebook.com\/profile.php?id=100090733639311\",\"https:\/\/x.com\/talkpalai\",\"https:\/\/www.linkedin.com\/company\/talkpal\/\",\"https:\/\/www.youtube.com\/@TalkPal\/\",\"https:\/\/www.tiktok.com\/@talkpal\",\"https:\/\/www.instagram.com\/talkpal_ai\/\",\"https:\/\/www.crunchbase.com\/organization\/talkpal-9cde\",\"https:\/\/www.g2.com\/products\/talkpal-for-business\/\",\"https:\/\/www.trustpilot.com\/review\/talkpal.ai\",\"https:\/\/www.capterra.com\/p\/10006800\/TalkPal\/\"],\"description\":\"Talkpal is a language learning web and mobile education app, powered by the latest AI technologies, that provides engaging experiences to its customers in many different languages to help them improve their language skills. Users can chat about unlimited amount of topics with the app and use other modes to practice their language learning.\",\"email\":\"support@talkpal.ai\",\"legalName\":\"Talkpal, Inc.\",\"foundingDate\":\"2023-04-03\",\"duns\":\"118989042\",\"numberOfEmployees\":{\"@type\":\"QuantitativeValue\",\"minValue\":\"11\",\"maxValue\":\"50\"},\"publishingPrinciples\":\"https:\/\/talkpal.ai\/publishing-principles\/\",\"actionableFeedbackPolicy\":\"https:\/\/talkpal.ai\/actionable-feedback-policy\/\",\"correctionsPolicy\":\"https:\/\/talkpal.ai\/corrections-policy\/\",\"ethicsPolicy\":\"https:\/\/talkpal.ai\/ethics-policy\/\",\"diversityPolicy\":\"https:\/\/talkpal.ai\/diversity-policy\/\",\"diversityStaffingReport\":\"https:\/\/talkpal.ai\/diversity-policy\/\"}]}<\/script>\n<!-- \/ Yoast SEO Premium plugin. -->","yoast_head_json":{"title":"Zviedru valodas gramatikas vingrin\u0101jumi - Talkpal","description":"Uzlabojiet savas valodas prasmes ar aizraujo\u0161iem zviedru valodas gramatikas vingrin\u0101jumiem, kas paredz\u0113ti visu l\u012bme\u0146u studentiem.","robots":{"index":"index","follow":"follow","max-snippet":"max-snippet:-1","max-image-preview":"max-image-preview:large","max-video-preview":"max-video-preview:-1"},"canonical":"https:\/\/talkpal.ai\/lv\/zviedru-valodas-gramatikas-vingrinajumi\/","og_locale":"lv_LV","og_type":"article","og_title":"Zviedru valodas gramatikas vingrin\u0101jumi","og_description":"Zviedru valodas gramatikas t\u0113mas Zviedru valodas, Zviedrijas ofici\u0101l\u0101s valodas un vienas no Somijas ofici\u0101laj\u0101m valod\u0101m, apguve var b\u016bt v\u0113rt\u012bga pieredze.","og_url":"https:\/\/talkpal.ai\/lv\/zviedru-valodas-gramatikas-vingrinajumi\/","og_site_name":"Talkpal","article_publisher":"https:\/\/www.facebook.com\/profile.php?id=100090733639311","article_modified_time":"2025-12-17T15:30:05+00:00","og_image":[{"width":512,"height":512,"url":"https:\/\/talkpal.ai\/wp-content\/uploads\/2023\/04\/sweden.png","type":"image\/png"}],"twitter_card":"summary_large_image","twitter_site":"@talkpalai","twitter_misc":{"Est. reading time":"3 minutes"},"schema":{"@context":"https:\/\/schema.org","@graph":[{"@type":"WebPage","@id":"https:\/\/talkpal.ai\/lv\/zviedru-valodas-gramatikas-vingrinajumi\/","url":"https:\/\/talkpal.ai\/lv\/zviedru-valodas-gramatikas-vingrinajumi\/","name":"Zviedru valodas gramatikas vingrin\u0101jumi - Talkpal","isPartOf":{"@id":"https:\/\/talkpal.ai\/lv\/#website"},"primaryImageOfPage":{"@id":"https:\/\/talkpal.ai\/lv\/zviedru-valodas-gramatikas-vingrinajumi\/#primaryimage"},"image":{"@id":"https:\/\/talkpal.ai\/lv\/zviedru-valodas-gramatikas-vingrinajumi\/#primaryimage"},"thumbnailUrl":"https:\/\/talkpal.ai\/wp-content\/uploads\/2023\/04\/sweden.png","datePublished":"2023-06-16T10:01:38+00:00","dateModified":"2025-12-17T15:30:05+00:00","description":"Uzlabojiet savas valodas prasmes ar aizraujo\u0161iem zviedru valodas gramatikas vingrin\u0101jumiem, kas paredz\u0113ti visu l\u012bme\u0146u studentiem.","breadcrumb":{"@id":"https:\/\/talkpal.ai\/lv\/zviedru-valodas-gramatikas-vingrinajumi\/#breadcrumb"},"inLanguage":"lv-LV","potentialAction":[{"@type":"ReadAction","target":["https:\/\/talkpal.ai\/lv\/zviedru-valodas-gramatikas-vingrinajumi\/"]}]},{"@type":"ImageObject","inLanguage":"lv-LV","@id":"https:\/\/talkpal.ai\/lv\/zviedru-valodas-gramatikas-vingrinajumi\/#primaryimage","url":"https:\/\/talkpal.ai\/wp-content\/uploads\/2023\/04\/sweden.png","contentUrl":"https:\/\/talkpal.ai\/wp-content\/uploads\/2023\/04\/sweden.png","width":512,"height":512},{"@type":"BreadcrumbList","@id":"https:\/\/talkpal.ai\/lv\/zviedru-valodas-gramatikas-vingrinajumi\/#breadcrumb","itemListElement":[{"@type":"ListItem","position":1,"name":"Homepage","item":"https:\/\/talkpal.ai\/lv\/"},{"@type":"ListItem","position":2,"name":"Zviedru valodas gramatikas vingrin\u0101jumi"}]},{"@type":"WebSite","@id":"https:\/\/talkpal.ai\/lv\/#website","url":"https:\/\/talkpal.ai\/lv\/","name":"Talkpal","description":"AI Language Learning","publisher":{"@id":"https:\/\/talkpal.ai\/lv\/#organization"},"alternateName":"Talkpal AI","potentialAction":[{"@type":"SearchAction","target":{"@type":"EntryPoint","urlTemplate":"https:\/\/talkpal.ai\/lv\/?s={search_term_string}"},"query-input":{"@type":"PropertyValueSpecification","valueRequired":true,"valueName":"search_term_string"}}],"inLanguage":"lv-LV"},{"@type":"Organization","@id":"https:\/\/talkpal.ai\/lv\/#organization","name":"Talkpal, Inc.","alternateName":"Talkpal AI","url":"https:\/\/talkpal.ai\/lv\/","logo":{"@type":"ImageObject","inLanguage":"lv-LV","@id":"https:\/\/talkpal.ai\/lv\/#\/schema\/logo\/image\/","url":"https:\/\/talkpal.ai\/wp-content\/uploads\/2024\/03\/Talkpal-Logo-Icon.png","contentUrl":"https:\/\/talkpal.ai\/wp-content\/uploads\/2024\/03\/Talkpal-Logo-Icon.png","width":2880,"height":2880,"caption":"Talkpal, Inc."},"image":{"@id":"https:\/\/talkpal.ai\/lv\/#\/schema\/logo\/image\/"},"sameAs":["https:\/\/www.facebook.com\/profile.php?id=100090733639311","https:\/\/x.com\/talkpalai","https:\/\/www.linkedin.com\/company\/talkpal\/","https:\/\/www.youtube.com\/@TalkPal\/","https:\/\/www.tiktok.com\/@talkpal","https:\/\/www.instagram.com\/talkpal_ai\/","https:\/\/www.crunchbase.com\/organization\/talkpal-9cde","https:\/\/www.g2.com\/products\/talkpal-for-business\/","https:\/\/www.trustpilot.com\/review\/talkpal.ai","https:\/\/www.capterra.com\/p\/10006800\/TalkPal\/"],"description":"Talkpal is a language learning web and mobile education app, powered by the latest AI technologies, that provides engaging experiences to its customers in many different languages to help them improve their language skills. Users can chat about unlimited amount of topics with the app and use other modes to practice their language learning.","email":"support@talkpal.ai","legalName":"Talkpal, Inc.","foundingDate":"2023-04-03","duns":"118989042","numberOfEmployees":{"@type":"QuantitativeValue","minValue":"11","maxValue":"50"},"publishingPrinciples":"https:\/\/talkpal.ai\/publishing-principles\/","actionableFeedbackPolicy":"https:\/\/talkpal.ai\/actionable-feedback-policy\/","correctionsPolicy":"https:\/\/talkpal.ai\/corrections-policy\/","ethicsPolicy":"https:\/\/talkpal.ai\/ethics-policy\/","diversityPolicy":"https:\/\/talkpal.ai\/diversity-policy\/","diversityStaffingReport":"https:\/\/talkpal.ai\/diversity-policy\/"}]}},"_links":{"self":[{"href":"https:\/\/talkpal.ai\/lv\/wp-json\/wp\/v2\/pages\/133670","targetHints":{"allow":["GET"]}}],"collection":[{"href":"https:\/\/talkpal.ai\/lv\/wp-json\/wp\/v2\/pages"}],"about":[{"href":"https:\/\/talkpal.ai\/lv\/wp-json\/wp\/v2\/types\/page"}],"author":[{"embeddable":true,"href":"https:\/\/talkpal.ai\/lv\/wp-json\/wp\/v2\/users\/6"}],"replies":[{"embeddable":true,"href":"https:\/\/talkpal.ai\/lv\/wp-json\/wp\/v2\/comments?post=133670"}],"version-history":[{"count":0,"href":"https:\/\/talkpal.ai\/lv\/wp-json\/wp\/v2\/pages\/133670\/revisions"}],"wp:featuredmedia":[{"embeddable":true,"href":"https:\/\/talkpal.ai\/lv\/wp-json\/wp\/v2\/media\/108243"}],"wp:attachment":[{"href":"https:\/\/talkpal.ai\/lv\/wp-json\/wp\/v2\/media?parent=133670"}],"curies":[{"name":"wp","href":"https:\/\/api.w.org\/{rel}","templated":true}]}}