{"id":133187,"date":"2023-06-16T09:41:10","date_gmt":"2023-06-16T09:41:10","guid":{"rendered":"http:\/\/talkpal.ai\/holandiesu-valodas-gramatikas-vingrinajumi\/"},"modified":"2025-12-17T15:27:57","modified_gmt":"2025-12-17T15:27:57","slug":"holandiesu-valodas-gramatikas-vingrinajumi","status":"publish","type":"page","link":"https:\/\/talkpal.ai\/lv\/holandiesu-valodas-gramatikas-vingrinajumi\/","title":{"rendered":"Holandie\u0161u valodas gramatikas vingrin\u0101jumi"},"content":{"rendered":"\r\n\r\n\r\n<section class=\"languageChallengeSection\">\r\n    <div class=\"languageInfoWrapper\">\r\n        \r\n        <h1>Holandie\u0161u valodas gramatikas vingrin\u0101jumi<\/h1>\r\n        <p>V\u0113laties ieg\u016bt liel\u0101ku p\u0101rliec\u012bbu <a href=\"https:\/\/talkpal.ai\/learn-dutch\/\">holandie\u0161u<\/a> valod\u0101? Gramatikas vingrin\u0101jumu praktiz\u0113\u0161ana ir lielisks veids, k\u0101 apg\u016bt teikumu strukt\u016bru, darb\u012bbas v\u0101rdu loc\u012bjumus un holandie\u0161u <a href=\"https:\/\/talkpal.ai\/what-language-is-spoken-on-the-international-space-station\/\">valodas<\/a> unik\u0101los mode\u013cus. S\u0101ciet str\u0101d\u0101t ar holandie\u0161u valodas gramatiku jau \u0161odien un v\u0113rojiet, k\u0101 ar katru vingrin\u0101jumu pieaug j\u016bsu prasmes un valodas zin\u0101\u0161anas!\n\n<\/p>\r\n\r\n                            <a class=\"getStartedHidden\" href=\"https:\/\/app.talkpal.ai\/lv\/signup?lng=\">S\u0101c<\/a>\r\n        \r\n    <\/div>\r\n\r\n    <figure>\r\n    <img decoding=\"async\" width=\"768\" height=\"768\" src=\"https:\/\/talkpal.ai\/wp-content\/uploads\/2023\/06\/Dutch-768x768.png\" class=\"languageImage no-lazy\" alt=\"Developing skills through language learning\" fetchpriority=\"high\" sizes=\"(max-width: 768px) 150px, 768px\" srcset=\"https:\/\/talkpal.ai\/wp-content\/uploads\/2023\/06\/Dutch-768x768.png 768w, https:\/\/talkpal.ai\/wp-content\/uploads\/2023\/06\/Dutch-300x300.png 300w\" \/>\r\n    \r\n\r\n    <\/figure>\r\n\r\n            <a class=\"getStartedVisible\" href=\"https:\/\/app.talkpal.ai\/lv\/signup?lng=\">S\u0101c<\/a>\r\n    \r\n<\/section>\r\n\r\n\r\n<!-- <section class=\"grammarSection\">\r\n    <div class=\"grammarLinks\">\r\n            <\/div>\r\n<\/section> -->\r\n\r\n\r\n\r\n\r\n<section class=\"promotionalBanner\">\r\n    <p class=\"promotionalText\">Visefekt\u012bv\u0101kais veids, k\u0101 apg\u016bt valodu<\/p>\r\n    <a class=\"promotionalLink\" href=\"https:\/\/app.talkpal.ai\/lv\/signup?lng=\">Izm\u0113\u0123iniet Talkpal bez maksas<\/a>\r\n<\/section>\n<div class=\"wp-block-group pageContainerStyle\"><div class=\"wp-block-group__inner-container is-layout-constrained wp-block-group-is-layout-constrained\">\n<h2 class=\"wp-block-heading\" id=\"h-dutch-grammar-topics\">Holandie\u0161u valodas gramatikas t\u0113mas<\/h2>\n\n\n\n<p>Holandie\u0161u valodas apguve var b\u016bt aizraujo\u0161a un atalgojo\u0161a pieredze, jo t\u0101 paver durvis uz bag\u0101tu kult\u016bru, v\u0113sturi un person\u012bg\u0101s un profesion\u0101l\u0101s izaugsmes iesp\u0113j\u0101m. Holandie\u0161u valodai, lai gan t\u0101 ir cie\u0161i saist\u012bta ar <a href=\"https:\/\/talkpal.ai\/learn-english-with-ai\/\">ang\u013cu<\/a> un <a href=\"https:\/\/talkpal.ai\/lv\/macities-vacu-valodu\/\">v\u0101cu valodu<\/a>, ir savi unik\u0101li gramatikas noteikumi un strukt\u016bra, kas s\u0101kum\u0101 var \u0161\u0137ist sare\u017e\u0123\u012bta. Tom\u0113r ar cent\u012bbu un pareizo pieeju j\u016bs varat apg\u016bt <a href=\"https:\/\/talkpal.ai\/lv\/uzziniet-holandiesu-valodu\/\">holandie\u0161u valodu<\/a> un br\u012bvi sazin\u0101ties ar dzimt\u0101 valoda. \u0160aj\u0101 ce\u013cved\u012b m\u0113s izp\u0113t\u012bsim da\u017eas b\u016btiskas holandie\u0161u valodas gramatikas t\u0113mas, kas sagrup\u0113tas sec\u012bb\u0101, kas pal\u012bdz\u0113s jums sistem\u0101tiski un efekt\u012bvi apg\u016bt valodu.<\/p>\n\n\n\n<h3 class=\"wp-block-heading\" id=\"h-1-nouns-and-articles\">1. Lietv\u0101rdi un raksti:<\/h3>\n\n\n\n<p>S\u0101ciet, iepaz\u012bstoties ar holandie\u0161u lietv\u0101rdiem un to dzimumu klasifik\u0101ciju (bie\u017ei un neitr\u0101li). Uzziniet noteiktus un nenoteiktus rakstus, kas tos pavada, k\u0101 ar\u012b daudzskait\u013ca formas un deminut\u012bv\u0101s galotnes.<\/p>\n\n\n\n<h3 class=\"wp-block-heading\" id=\"h-2-adjectives\">2. \u012apa\u0161\u012bbas v\u0101rdi:<\/h3>\n\n\n\n<p>P\u0113c tam izp\u0113tiet noteikumus par \u012bpa\u0161\u012bbas v\u0101rdu vieno\u0161anos ar lietv\u0101rdiem attiec\u012bb\u0101 uz dzimumu, skaitu un noteiktu rakstu kl\u0101tb\u016btni. Uzziniet, k\u0101 \u012bpa\u0161\u012bbas v\u0101rdi tiek inflekt\u0113ti, pamatojoties uz \u0161iem faktoriem, un k\u0101 izmantot sal\u012bdzino\u0161\u0101s un superlat\u012bv\u0101s formas.<\/p>\n\n\n\n<h3 class=\"wp-block-heading\" id=\"h-3-pronouns\">3. Vietniekv\u0101rdi:<\/h3>\n\n\n\n<p>Ienirt holandie\u0161u vietniekv\u0101rdu pasaul\u0113, ieskaitot personiskos, piedero\u0161os, demonstrat\u012bvos, refleks\u012bvos un relat\u012bvos vietniekv\u0101rdus. Saprast, k\u0101 vi\u0146i aizst\u0101j lietv\u0101rdus un k\u0101 vi\u0146i piekr\u012bt tiem dzimuma un skaita zi\u0146\u0101.<\/p>\n\n\n\n<h3 class=\"wp-block-heading\" id=\"h-4-verbs\">4. Darb\u012bbas v\u0101rdi:<\/h3>\n\n\n\n<p>Tagad koncentr\u0113jieties uz holandie\u0161u darb\u012bbas v\u0101rdiem un to konjug\u0101cijas mode\u013ciem tagadnes, pag\u0101tnes un n\u0101kotnes laikos. Uzziniet at\u0161\u0137ir\u012bbu starp sp\u0113c\u012bgiem, v\u0101jiem un neregul\u0101riem darb\u012bbas v\u0101rdiem un iepaz\u012bstieties ar perfektu un pluperfektu laiku veido\u0161anas noteikumiem.<\/p>\n\n\n\n<h3 class=\"wp-block-heading\" id=\"h-5-tenses-indicative\">5. Sasprindzin\u0101jums Indikat\u012bvs:<\/h3>\n\n\n\n<p>Izp\u0113tiet indikat\u012bvo noska\u0146ojumu holandie\u0161u valod\u0101, ko izmanto, lai izteiktu faktu un varb\u016bt\u012bbas pazi\u0146ojumus. Uzziniet, k\u0101 konjug\u0113t darb\u012bbas v\u0101rdus tagadnes, pag\u0101tnes un n\u0101kotnes laikos \u0161aj\u0101 noska\u0146ojum\u0101, k\u0101 ar\u012b nosac\u012bt\u0101s un oblig\u0101t\u0101s formas.<\/p>\n\n\n\n<h3 class=\"wp-block-heading\" id=\"h-6-tenses-subjunctive\">6. Sasprindzin\u0101jums subjunkt\u012bvais:<\/h3>\n\n\n\n<p>Lai gan m\u016bsdienu holandie\u0161u valod\u0101 tas ir ret\u0101k sastopams, subjunkt\u012bvais noska\u0146ojums ir b\u016btisks, lai saprastu vec\u0101kus tekstus un form\u0101lo valodu. Uzziniet, k\u0101 veidot subjunkt\u012bvo noska\u0146u holandie\u0161u valod\u0101 un kad to izmantot.<\/p>\n\n\n\n<h3 class=\"wp-block-heading\" id=\"h-7-tense-comparison\">7. Saspringts sal\u012bdzin\u0101jums:<\/h3>\n\n\n\n<p>P\u0113c da\u017e\u0101du laiku apg\u016b\u0161anas koncentr\u0113jieties uz to, lai izprastu at\u0161\u0137ir\u012bbas un l\u012bdz\u012bbas starp t\u0101m. Uzziniet, k\u0101 pareizi izmantot katru sasprindzin\u0101jumu kontekst\u0101 un k\u0101 tie mijiedarbojas viens ar otru.<\/p>\n\n\n\n<h3 class=\"wp-block-heading\" id=\"h-8-adverbs\">8. Adverbi:<\/h3>\n\n\n\n<p>Izp\u0113tiet holandie\u0161u adverbus un to da\u017e\u0101d\u0101s funkcijas teikumos. Uzziniet, k\u0101 veidot adverbus no \u012bpa\u0161\u012bbas v\u0101rdiem un k\u0101 tos izmantot, lai modific\u0113tu darb\u012bbas v\u0101rdus, \u012bpa\u0161\u012bbas v\u0101rdus un citus adverbus.<\/p>\n\n\n\n<h3 class=\"wp-block-heading\" id=\"h-9-prepositions\">9. Priev\u0101rdi:<\/h3>\n\n\n\n<p>Att\u012bst\u012bt sp\u0113c\u012bgu izpratni par holandie\u0161u priev\u0101rdiem un to lieto\u0161anu ar lietv\u0101rdiem, vietniekv\u0101rdiem un darb\u012bbas v\u0101rdiem. Uzziniet, k\u0101 vi\u0146i izsaka attiec\u012bbas laik\u0101, telp\u0101 un citos kontekstos.<\/p>\n\n\n\n<h3 class=\"wp-block-heading\" id=\"h-10-sentence-structure\">10. Teikuma strukt\u016bra:<\/h3>\n\n\n\n<p>Visbeidzot, apvienojiet to visu, p\u0113tot holandie\u0161u teikumu strukt\u016bru un v\u0101rdu sec\u012bbu. Uzziniet noteikumus vienk\u0101r\u0161u un sare\u017e\u0123\u012btu teikumu veido\u0161anai, ieskaitot deklarat\u012bvus, aizdom\u012bgus, imperat\u012bvus un izsauco\u0161us teikumus.<\/p>\n\n\n\n<p>Sekojot \u0161ai gramatikas t\u0113mu sec\u012bbai un veltot laiku praksei un p\u0101rskat\u012b\u0161anai, j\u016bs b\u016bsiet ce\u013c\u0101 uz holandie\u0161u valodas apguvi. Atcerieties, ka konsekvence un paciet\u012bba ir galvenais, lai apg\u016btu jebkuru jaunu valodu. Veiksmi un izbaudiet ce\u013cojumu!<\/p>\n<\/div><\/div>\n\r\n<section class=\"learnNavigationSection\">\r\n            \r\n        <a href=\"https:\/\/talkpal.ai\/lv\/uzziniet-holandiesu-valodu\/\">\r\n            <div class=\"learnNavigationWrapper\">\r\n                <div class=\"learnNavigationContent\">\r\n                    <img decoding=\"async\" src=\"https:\/\/talkpal.ai\/wp-content\/uploads\/2024\/08\/Dutch.jpg\" alt=\"Netherlands Flag\">\r\n                    <div>\r\n                        <h4>Par holandie\u0161u valodas apguvi<\/h4>\r\n                        <p>Uzziniet visu par holandie\u0161u valodas gramatiku.<\/p>\r\n                    <\/div>\r\n                <\/div>\r\n            <\/div>\r\n        <\/a>\r\n\r\n        \r\n        <a href=\"https:\/\/talkpal.ai\/lv\/holandiesu-valodas-gramatika\/\">\r\n            <div class=\"learnNavigationWrapper\">\r\n                <div class=\"learnNavigationContent\">\r\n                    <img decoding=\"async\" src=\"https:\/\/talkpal.ai\/wp-content\/uploads\/2024\/08\/Dutch.jpg\" alt=\"Netherlands Flag\">\r\n                    <div>\r\n                        <h4>Holandie\u0161u valodas gramatikas nodarb\u012bbas<\/h4>\r\n                        <p>Praktiz\u0113jiet holandie\u0161u valodas gramatiku.<\/p>\r\n                    <\/div>\r\n                <\/div>\r\n            <\/div>\r\n        <\/a>\r\n\r\n        \r\n        <a href=\"https:\/\/talkpal.ai\/vocabulary_language\/dutch\/\">\r\n            <div class=\"learnNavigationWrapper\">\r\n                <div class=\"learnNavigationContent\">\r\n                    <img decoding=\"async\" src=\"https:\/\/talkpal.ai\/wp-content\/uploads\/2024\/08\/Dutch.jpg\" alt=\"Netherlands Flag\">\r\n                    <div>\r\n                        <h4>Holandie\u0161u valodas v\u0101rdn\u012bca<\/h4>\r\n                        <p>Papla\u0161iniet savu holandie\u0161u valodas v\u0101rdu kr\u0101jumu.<\/p>\r\n                    <\/div>\r\n                <\/div>\r\n            <\/div>\r\n        <\/a>\r\n\r\n            <\/section>","protected":false},"excerpt":{"rendered":"<p>Holandie\u0161u valodas gramatikas t\u0113mas Holandie\u0161u valodas apguve var b\u016bt aizraujo\u0161a un atalgojo\u0161a pieredze, jo t\u0101 paver durvis uz bag\u0101tu kult\u016bru, v\u0113sturi un person\u012bg\u0101s un profesion\u0101l\u0101s izaugsmes iesp\u0113j\u0101m. Holandie\u0161u valodai, lai gan t\u0101 ir cie\u0161i saist\u012bta ar ang\u013cu un v\u0101cu valodu, ir savi unik\u0101li gramatikas noteikumi un strukt\u016bra, kas s\u0101kum\u0101 var \u0161\u0137ist sare\u017e\u0123\u012bta. Tom\u0113r ar cent\u012bbu [&hellip;]<\/p>\n","protected":false},"author":6,"featured_media":106280,"parent":0,"menu_order":0,"comment_status":"closed","ping_status":"closed","template":"LearningContentPage.php","meta":{"_acf_changed":false,"footnotes":""},"class_list":["post-133187","page","type-page","status-publish","has-post-thumbnail","hentry"],"acf":[],"yoast_head":"<!-- This site is optimized with the Yoast SEO Premium plugin v27.2 (Yoast SEO v27.2) - https:\/\/yoast.com\/product\/yoast-seo-premium-wordpress\/ -->\n<title>Holandie\u0161u valodas gramatikas vingrin\u0101jumi - Talkpal<\/title>\n<meta name=\"description\" content=\"Uzlabojiet savas valodas prasmes ar interakt\u012bviem holandie\u0161u valodas gramatikas vingrin\u0101jumiem no Talkpal, j\u016bsu m\u0101ksl\u012bg\u0101 intelekta darbin\u0101tais valodas skolot\u0101js.\" \/>\n<meta name=\"robots\" content=\"index, follow, max-snippet:-1, max-image-preview:large, max-video-preview:-1\" \/>\n<link rel=\"canonical\" href=\"https:\/\/talkpal.ai\/lv\/holandiesu-valodas-gramatikas-vingrinajumi\/\" \/>\n<meta property=\"og:locale\" content=\"lv_LV\" \/>\n<meta property=\"og:type\" content=\"article\" \/>\n<meta property=\"og:title\" content=\"Holandie\u0161u valodas gramatikas vingrin\u0101jumi\" \/>\n<meta property=\"og:description\" content=\"Holandie\u0161u valodas gramatikas t\u0113mas Holandie\u0161u valodas apguve var b\u016bt aizraujo\u0161a un atalgojo\u0161a pieredze, jo t\u0101 paver durvis uz bag\u0101tu kult\u016bru, v\u0113sturi un\" \/>\n<meta property=\"og:url\" content=\"https:\/\/talkpal.ai\/lv\/holandiesu-valodas-gramatikas-vingrinajumi\/\" \/>\n<meta property=\"og:site_name\" content=\"Talkpal\" \/>\n<meta property=\"article:publisher\" content=\"https:\/\/www.facebook.com\/profile.php?id=100090733639311\" \/>\n<meta property=\"article:modified_time\" content=\"2025-12-17T15:27:57+00:00\" \/>\n<meta property=\"og:image\" content=\"https:\/\/talkpal.ai\/wp-content\/uploads\/2023\/04\/netherlands-dutch.png\" \/>\n\t<meta property=\"og:image:width\" content=\"512\" \/>\n\t<meta property=\"og:image:height\" content=\"512\" \/>\n\t<meta property=\"og:image:type\" content=\"image\/png\" \/>\n<meta name=\"twitter:card\" content=\"summary_large_image\" \/>\n<meta name=\"twitter:site\" content=\"@talkpalai\" \/>\n<meta name=\"twitter:label1\" content=\"Est. reading time\" \/>\n\t<meta name=\"twitter:data1\" content=\"3 minutes\" \/>\n<script type=\"application\/ld+json\" class=\"yoast-schema-graph\">{\"@context\":\"https:\/\/schema.org\",\"@graph\":[{\"@type\":\"WebPage\",\"@id\":\"https:\/\/talkpal.ai\/lv\/holandiesu-valodas-gramatikas-vingrinajumi\/\",\"url\":\"https:\/\/talkpal.ai\/lv\/holandiesu-valodas-gramatikas-vingrinajumi\/\",\"name\":\"Holandie\u0161u valodas gramatikas vingrin\u0101jumi - Talkpal\",\"isPartOf\":{\"@id\":\"https:\/\/talkpal.ai\/lv\/#website\"},\"primaryImageOfPage\":{\"@id\":\"https:\/\/talkpal.ai\/lv\/holandiesu-valodas-gramatikas-vingrinajumi\/#primaryimage\"},\"image\":{\"@id\":\"https:\/\/talkpal.ai\/lv\/holandiesu-valodas-gramatikas-vingrinajumi\/#primaryimage\"},\"thumbnailUrl\":\"https:\/\/talkpal.ai\/wp-content\/uploads\/2023\/04\/netherlands-dutch.png\",\"datePublished\":\"2023-06-16T09:41:10+00:00\",\"dateModified\":\"2025-12-17T15:27:57+00:00\",\"description\":\"Uzlabojiet savas valodas prasmes ar interakt\u012bviem holandie\u0161u valodas gramatikas vingrin\u0101jumiem no Talkpal, j\u016bsu m\u0101ksl\u012bg\u0101 intelekta darbin\u0101tais valodas skolot\u0101js.\",\"breadcrumb\":{\"@id\":\"https:\/\/talkpal.ai\/lv\/holandiesu-valodas-gramatikas-vingrinajumi\/#breadcrumb\"},\"inLanguage\":\"lv-LV\",\"potentialAction\":[{\"@type\":\"ReadAction\",\"target\":[\"https:\/\/talkpal.ai\/lv\/holandiesu-valodas-gramatikas-vingrinajumi\/\"]}]},{\"@type\":\"ImageObject\",\"inLanguage\":\"lv-LV\",\"@id\":\"https:\/\/talkpal.ai\/lv\/holandiesu-valodas-gramatikas-vingrinajumi\/#primaryimage\",\"url\":\"https:\/\/talkpal.ai\/wp-content\/uploads\/2023\/04\/netherlands-dutch.png\",\"contentUrl\":\"https:\/\/talkpal.ai\/wp-content\/uploads\/2023\/04\/netherlands-dutch.png\",\"width\":512,\"height\":512},{\"@type\":\"BreadcrumbList\",\"@id\":\"https:\/\/talkpal.ai\/lv\/holandiesu-valodas-gramatikas-vingrinajumi\/#breadcrumb\",\"itemListElement\":[{\"@type\":\"ListItem\",\"position\":1,\"name\":\"Homepage\",\"item\":\"https:\/\/talkpal.ai\/lv\/\"},{\"@type\":\"ListItem\",\"position\":2,\"name\":\"Holandie\u0161u valodas gramatikas vingrin\u0101jumi\"}]},{\"@type\":\"WebSite\",\"@id\":\"https:\/\/talkpal.ai\/lv\/#website\",\"url\":\"https:\/\/talkpal.ai\/lv\/\",\"name\":\"Talkpal\",\"description\":\"AI Language Learning\",\"publisher\":{\"@id\":\"https:\/\/talkpal.ai\/lv\/#organization\"},\"alternateName\":\"Talkpal AI\",\"potentialAction\":[{\"@type\":\"SearchAction\",\"target\":{\"@type\":\"EntryPoint\",\"urlTemplate\":\"https:\/\/talkpal.ai\/lv\/?s={search_term_string}\"},\"query-input\":{\"@type\":\"PropertyValueSpecification\",\"valueRequired\":true,\"valueName\":\"search_term_string\"}}],\"inLanguage\":\"lv-LV\"},{\"@type\":\"Organization\",\"@id\":\"https:\/\/talkpal.ai\/lv\/#organization\",\"name\":\"Talkpal, Inc.\",\"alternateName\":\"Talkpal AI\",\"url\":\"https:\/\/talkpal.ai\/lv\/\",\"logo\":{\"@type\":\"ImageObject\",\"inLanguage\":\"lv-LV\",\"@id\":\"https:\/\/talkpal.ai\/lv\/#\/schema\/logo\/image\/\",\"url\":\"https:\/\/talkpal.ai\/wp-content\/uploads\/2024\/03\/Talkpal-Logo-Icon.png\",\"contentUrl\":\"https:\/\/talkpal.ai\/wp-content\/uploads\/2024\/03\/Talkpal-Logo-Icon.png\",\"width\":2880,\"height\":2880,\"caption\":\"Talkpal, Inc.\"},\"image\":{\"@id\":\"https:\/\/talkpal.ai\/lv\/#\/schema\/logo\/image\/\"},\"sameAs\":[\"https:\/\/www.facebook.com\/profile.php?id=100090733639311\",\"https:\/\/x.com\/talkpalai\",\"https:\/\/www.linkedin.com\/company\/talkpal\/\",\"https:\/\/www.youtube.com\/@TalkPal\/\",\"https:\/\/www.tiktok.com\/@talkpal\",\"https:\/\/www.instagram.com\/talkpal_ai\/\",\"https:\/\/www.crunchbase.com\/organization\/talkpal-9cde\",\"https:\/\/www.g2.com\/products\/talkpal-for-business\/\",\"https:\/\/www.trustpilot.com\/review\/talkpal.ai\",\"https:\/\/www.capterra.com\/p\/10006800\/TalkPal\/\"],\"description\":\"Talkpal is a language learning web and mobile education app, powered by the latest AI technologies, that provides engaging experiences to its customers in many different languages to help them improve their language skills. Users can chat about unlimited amount of topics with the app and use other modes to practice their language learning.\",\"email\":\"support@talkpal.ai\",\"legalName\":\"Talkpal, Inc.\",\"foundingDate\":\"2023-04-03\",\"duns\":\"118989042\",\"numberOfEmployees\":{\"@type\":\"QuantitativeValue\",\"minValue\":\"11\",\"maxValue\":\"50\"},\"publishingPrinciples\":\"https:\/\/talkpal.ai\/publishing-principles\/\",\"actionableFeedbackPolicy\":\"https:\/\/talkpal.ai\/actionable-feedback-policy\/\",\"correctionsPolicy\":\"https:\/\/talkpal.ai\/corrections-policy\/\",\"ethicsPolicy\":\"https:\/\/talkpal.ai\/ethics-policy\/\",\"diversityPolicy\":\"https:\/\/talkpal.ai\/diversity-policy\/\",\"diversityStaffingReport\":\"https:\/\/talkpal.ai\/diversity-policy\/\"}]}<\/script>\n<!-- \/ Yoast SEO Premium plugin. -->","yoast_head_json":{"title":"Holandie\u0161u valodas gramatikas vingrin\u0101jumi - Talkpal","description":"Uzlabojiet savas valodas prasmes ar interakt\u012bviem holandie\u0161u valodas gramatikas vingrin\u0101jumiem no Talkpal, j\u016bsu m\u0101ksl\u012bg\u0101 intelekta darbin\u0101tais valodas skolot\u0101js.","robots":{"index":"index","follow":"follow","max-snippet":"max-snippet:-1","max-image-preview":"max-image-preview:large","max-video-preview":"max-video-preview:-1"},"canonical":"https:\/\/talkpal.ai\/lv\/holandiesu-valodas-gramatikas-vingrinajumi\/","og_locale":"lv_LV","og_type":"article","og_title":"Holandie\u0161u valodas gramatikas vingrin\u0101jumi","og_description":"Holandie\u0161u valodas gramatikas t\u0113mas Holandie\u0161u valodas apguve var b\u016bt aizraujo\u0161a un atalgojo\u0161a pieredze, jo t\u0101 paver durvis uz bag\u0101tu kult\u016bru, v\u0113sturi un","og_url":"https:\/\/talkpal.ai\/lv\/holandiesu-valodas-gramatikas-vingrinajumi\/","og_site_name":"Talkpal","article_publisher":"https:\/\/www.facebook.com\/profile.php?id=100090733639311","article_modified_time":"2025-12-17T15:27:57+00:00","og_image":[{"width":512,"height":512,"url":"https:\/\/talkpal.ai\/wp-content\/uploads\/2023\/04\/netherlands-dutch.png","type":"image\/png"}],"twitter_card":"summary_large_image","twitter_site":"@talkpalai","twitter_misc":{"Est. reading time":"3 minutes"},"schema":{"@context":"https:\/\/schema.org","@graph":[{"@type":"WebPage","@id":"https:\/\/talkpal.ai\/lv\/holandiesu-valodas-gramatikas-vingrinajumi\/","url":"https:\/\/talkpal.ai\/lv\/holandiesu-valodas-gramatikas-vingrinajumi\/","name":"Holandie\u0161u valodas gramatikas vingrin\u0101jumi - Talkpal","isPartOf":{"@id":"https:\/\/talkpal.ai\/lv\/#website"},"primaryImageOfPage":{"@id":"https:\/\/talkpal.ai\/lv\/holandiesu-valodas-gramatikas-vingrinajumi\/#primaryimage"},"image":{"@id":"https:\/\/talkpal.ai\/lv\/holandiesu-valodas-gramatikas-vingrinajumi\/#primaryimage"},"thumbnailUrl":"https:\/\/talkpal.ai\/wp-content\/uploads\/2023\/04\/netherlands-dutch.png","datePublished":"2023-06-16T09:41:10+00:00","dateModified":"2025-12-17T15:27:57+00:00","description":"Uzlabojiet savas valodas prasmes ar interakt\u012bviem holandie\u0161u valodas gramatikas vingrin\u0101jumiem no Talkpal, j\u016bsu m\u0101ksl\u012bg\u0101 intelekta darbin\u0101tais valodas skolot\u0101js.","breadcrumb":{"@id":"https:\/\/talkpal.ai\/lv\/holandiesu-valodas-gramatikas-vingrinajumi\/#breadcrumb"},"inLanguage":"lv-LV","potentialAction":[{"@type":"ReadAction","target":["https:\/\/talkpal.ai\/lv\/holandiesu-valodas-gramatikas-vingrinajumi\/"]}]},{"@type":"ImageObject","inLanguage":"lv-LV","@id":"https:\/\/talkpal.ai\/lv\/holandiesu-valodas-gramatikas-vingrinajumi\/#primaryimage","url":"https:\/\/talkpal.ai\/wp-content\/uploads\/2023\/04\/netherlands-dutch.png","contentUrl":"https:\/\/talkpal.ai\/wp-content\/uploads\/2023\/04\/netherlands-dutch.png","width":512,"height":512},{"@type":"BreadcrumbList","@id":"https:\/\/talkpal.ai\/lv\/holandiesu-valodas-gramatikas-vingrinajumi\/#breadcrumb","itemListElement":[{"@type":"ListItem","position":1,"name":"Homepage","item":"https:\/\/talkpal.ai\/lv\/"},{"@type":"ListItem","position":2,"name":"Holandie\u0161u valodas gramatikas vingrin\u0101jumi"}]},{"@type":"WebSite","@id":"https:\/\/talkpal.ai\/lv\/#website","url":"https:\/\/talkpal.ai\/lv\/","name":"Talkpal","description":"AI Language Learning","publisher":{"@id":"https:\/\/talkpal.ai\/lv\/#organization"},"alternateName":"Talkpal AI","potentialAction":[{"@type":"SearchAction","target":{"@type":"EntryPoint","urlTemplate":"https:\/\/talkpal.ai\/lv\/?s={search_term_string}"},"query-input":{"@type":"PropertyValueSpecification","valueRequired":true,"valueName":"search_term_string"}}],"inLanguage":"lv-LV"},{"@type":"Organization","@id":"https:\/\/talkpal.ai\/lv\/#organization","name":"Talkpal, Inc.","alternateName":"Talkpal AI","url":"https:\/\/talkpal.ai\/lv\/","logo":{"@type":"ImageObject","inLanguage":"lv-LV","@id":"https:\/\/talkpal.ai\/lv\/#\/schema\/logo\/image\/","url":"https:\/\/talkpal.ai\/wp-content\/uploads\/2024\/03\/Talkpal-Logo-Icon.png","contentUrl":"https:\/\/talkpal.ai\/wp-content\/uploads\/2024\/03\/Talkpal-Logo-Icon.png","width":2880,"height":2880,"caption":"Talkpal, Inc."},"image":{"@id":"https:\/\/talkpal.ai\/lv\/#\/schema\/logo\/image\/"},"sameAs":["https:\/\/www.facebook.com\/profile.php?id=100090733639311","https:\/\/x.com\/talkpalai","https:\/\/www.linkedin.com\/company\/talkpal\/","https:\/\/www.youtube.com\/@TalkPal\/","https:\/\/www.tiktok.com\/@talkpal","https:\/\/www.instagram.com\/talkpal_ai\/","https:\/\/www.crunchbase.com\/organization\/talkpal-9cde","https:\/\/www.g2.com\/products\/talkpal-for-business\/","https:\/\/www.trustpilot.com\/review\/talkpal.ai","https:\/\/www.capterra.com\/p\/10006800\/TalkPal\/"],"description":"Talkpal is a language learning web and mobile education app, powered by the latest AI technologies, that provides engaging experiences to its customers in many different languages to help them improve their language skills. Users can chat about unlimited amount of topics with the app and use other modes to practice their language learning.","email":"support@talkpal.ai","legalName":"Talkpal, Inc.","foundingDate":"2023-04-03","duns":"118989042","numberOfEmployees":{"@type":"QuantitativeValue","minValue":"11","maxValue":"50"},"publishingPrinciples":"https:\/\/talkpal.ai\/publishing-principles\/","actionableFeedbackPolicy":"https:\/\/talkpal.ai\/actionable-feedback-policy\/","correctionsPolicy":"https:\/\/talkpal.ai\/corrections-policy\/","ethicsPolicy":"https:\/\/talkpal.ai\/ethics-policy\/","diversityPolicy":"https:\/\/talkpal.ai\/diversity-policy\/","diversityStaffingReport":"https:\/\/talkpal.ai\/diversity-policy\/"}]}},"_links":{"self":[{"href":"https:\/\/talkpal.ai\/lv\/wp-json\/wp\/v2\/pages\/133187","targetHints":{"allow":["GET"]}}],"collection":[{"href":"https:\/\/talkpal.ai\/lv\/wp-json\/wp\/v2\/pages"}],"about":[{"href":"https:\/\/talkpal.ai\/lv\/wp-json\/wp\/v2\/types\/page"}],"author":[{"embeddable":true,"href":"https:\/\/talkpal.ai\/lv\/wp-json\/wp\/v2\/users\/6"}],"replies":[{"embeddable":true,"href":"https:\/\/talkpal.ai\/lv\/wp-json\/wp\/v2\/comments?post=133187"}],"version-history":[{"count":0,"href":"https:\/\/talkpal.ai\/lv\/wp-json\/wp\/v2\/pages\/133187\/revisions"}],"wp:featuredmedia":[{"embeddable":true,"href":"https:\/\/talkpal.ai\/lv\/wp-json\/wp\/v2\/media\/106280"}],"wp:attachment":[{"href":"https:\/\/talkpal.ai\/lv\/wp-json\/wp\/v2\/media?parent=133187"}],"curies":[{"name":"wp","href":"https:\/\/api.w.org\/{rel}","templated":true}]}}