{"id":132887,"date":"2023-06-16T09:39:29","date_gmt":"2023-06-16T09:39:29","guid":{"rendered":"http:\/\/talkpal.ai\/kiniesu-valodas-gramatikas-vingrinajumi\/"},"modified":"2025-05-22T21:25:13","modified_gmt":"2025-05-22T21:25:13","slug":"kiniesu-valodas-gramatikas-vingrinajumi","status":"publish","type":"page","link":"https:\/\/talkpal.ai\/lv\/kiniesu-valodas-gramatikas-vingrinajumi\/","title":{"rendered":"\u0136\u012bnie\u0161u valodas gramatikas vingrin\u0101jumi"},"content":{"rendered":"\r\n\r\n\r\n<section class=\"languageChallengeSection\">\r\n    <div class=\"languageInfoWrapper\">\r\n        \r\n        <h1>\u0136\u012bnie\u0161u valodas gramatikas vingrin\u0101jumi<\/h1>\r\n        <p>V\u0113laties uzlabot savas <a href=\"https:\/\/talkpal.ai\/learn-chinese\/\">\u0137\u012bnie\u0161u<\/a> <a href=\"https:\/\/talkpal.ai\/what-language-is-spoken-on-the-international-space-station\/\">valodas<\/a> prasmes? Koncentr\u0113joties uz gramatikas vingrin\u0101jumiem, j\u016bs saprat\u012bsiet teikuma strukt\u016bru, apg\u016bsiet b\u016btisk\u0101kos gramatikas mode\u013cus un nostiprin\u0101siet savu p\u0101rliec\u012bbu ikdienas sarun\u0101s. S\u0101ciet praktiz\u0113t <a href=\"https:\/\/talkpal.ai\/learn-chinese\/\">\u0137\u012bnie\u0161u<\/a> valodas gramatiku \u0161odien un ar katru vingrin\u0101jumu speriet stabilus so\u013cus ce\u013c\u0101 uz valodas zin\u0101\u0161anu apguvi!<\/p>\r\n\r\n                            <a class=\"getStartedHidden\" href=\"https:\/\/app.talkpal.ai\/lv\/signup?lng=\">S\u0101c<\/a>\r\n        \r\n    <\/div>\r\n\r\n    <figure>\r\n    <img decoding=\"async\" width=\"768\" height=\"768\" src=\"https:\/\/talkpal.ai\/wp-content\/uploads\/2023\/06\/chinese-768x768.png\" class=\"languageImage no-lazy\" alt=\"Language learning for flexible communication\" fetchpriority=\"high\" sizes=\"(max-width: 768px) 150px, 768px\" srcset=\"https:\/\/talkpal.ai\/wp-content\/uploads\/2023\/06\/chinese-768x768.png 768w, https:\/\/talkpal.ai\/wp-content\/uploads\/2023\/06\/chinese-300x300.png 300w\" \/>\r\n    \r\n\r\n    <\/figure>\r\n\r\n            <a class=\"getStartedVisible\" href=\"https:\/\/app.talkpal.ai\/lv\/signup?lng=\">S\u0101c<\/a>\r\n    \r\n<\/section>\r\n\r\n\r\n<!-- <section class=\"grammarSection\">\r\n    <div class=\"grammarLinks\">\r\n            <\/div>\r\n<\/section> -->\r\n\r\n\r\n\r\n\r\n<section class=\"promotionalBanner\">\r\n    <p class=\"promotionalText\">Visefekt\u012bv\u0101kais veids, k\u0101 apg\u016bt valodu<\/p>\r\n    <a class=\"promotionalLink\" href=\"https:\/\/app.talkpal.ai\/lv\/signup?lng=\">Izm\u0113\u0123iniet Talkpal bez maksas<\/a>\r\n<\/section>\n<div class=\"wp-block-group pageContainerStyle\"><div class=\"wp-block-group__inner-container is-layout-constrained wp-block-group-is-layout-constrained\">\n<h2 class=\"wp-block-heading\" id=\"h-chinese-grammar-topics\">\u0136\u012bnie\u0161u valodas gramatikas t\u0113mas<\/h2>\n\n\n\n<p><a href=\"https:\/\/talkpal.ai\/chinese-grammar\/\">\u0136\u012bnie\u0161u gramatika<\/a> s\u0101kum\u0101 var \u0161\u0137ist bied\u0113jo\u0161a, ta\u010du t\u0101 ir b\u016btiska valodas apguvei. Ar savu unik\u0101lo rakstz\u012bmju sist\u0113mu un ton\u0101lo dabu <a href=\"https:\/\/talkpal.ai\/chinese-grammar\/\">\u0137\u012bnie\u0161u gramatika<\/a> iev\u0113ro at\u0161\u0137ir\u012bgu noteikumu kopumu nek\u0101 t\u0101das valodas k\u0101 <a href=\"https:\/\/talkpal.ai\/learn-english-with-ai\/\">ang\u013cu<\/a> valoda. \u0160o noteikumu apg\u016b\u0161ana pareiz\u0101 sec\u012bb\u0101 pal\u012bdz\u0113s jums efekt\u012bv\u0101k progres\u0113t valodu studij\u0101s. Ieteicamaj\u0101 m\u0101c\u012bbu sec\u012bb\u0101 tiks apspriestas \u0161\u0101das t\u0113mas: Sasprindzin\u0101jumi, darb\u012bbas v\u0101rdi, lietv\u0101rdi, raksti, vietniekv\u0101rdi, \u012bpa\u0161\u012bbas v\u0101rdi, adverbi, priev\u0101rdi un teikuma strukt\u016bra. \u0160\u012b rokasgr\u0101mata sniegs \u012bsus paskaidrojumus par katru t\u0113mu, lai pal\u012bdz\u0113tu jums lab\u0101k izprast to funkcijas \u0137\u012bnie\u0161u valod\u0101.<\/p>\n\n\n\n<h3 class=\"wp-block-heading\" id=\"h-1-tenses\">1. Sasprindzin\u0101jums:<\/h3>\n\n\n\n<p>At\u0161\u0137ir\u012bb\u0101 no ang\u013cu valodas, \u0137\u012bnie\u0161u valod\u0101 nav sare\u017e\u0123\u012btu darb\u012bbas v\u0101rdu konjug\u0101ciju, lai nor\u0101d\u012btu uz sasprindzin\u0101jumu. T\u0101 viet\u0101 tas izmanto laika v\u0101rdus vai da\u013ci\u0146as, lai par\u0101d\u012btu, kad notiek darb\u012bba. Lai izteiktu pag\u0101tnes, tagadnes vai n\u0101kotnes darb\u012bbas, vispirms ir j\u0101iepaz\u012bstas ar t\u0101diem kop\u012bgiem laika v\u0101rdiem k\u0101 &#8220;vakar&#8221;, &#8220;\u0161odien&#8221; un &#8220;r\u012bt&#8221;.<\/p>\n\n\n\n<h3 class=\"wp-block-heading\" id=\"h-2-verbs\">2. Darb\u012bbas v\u0101rdi:<\/h3>\n\n\n\n<p>Kad esat sapratis sasprindzin\u0101jumu, ir svar\u012bgi iem\u0101c\u012bties pamata darb\u012bbas v\u0101rdus \u0137\u012bnie\u0161u valod\u0101. Darb\u012bbas v\u0101rdi ir iz\u0161\u0137iro\u0161i, jo tie izsaka darb\u012bbas un st\u0101vok\u013cus, un tie bie\u017ei paliek nemain\u012bgi da\u017e\u0101dos laikos. Koncentr\u0113jieties uz visbie\u017e\u0101k sastopamo darb\u012bbas v\u0101rdu apguvi un to atbilsto\u0161u lietojumu.<\/p>\n\n\n\n<h3 class=\"wp-block-heading\" id=\"h-3-nouns\">3. Lietv\u0101rdi:<\/h3>\n\n\n\n<p>Lietv\u0101rdi ir valodas pamatelementi, kas att\u0113lo cilv\u0113kus, vietas, lietas vai idejas. \u0136\u012bnie\u0161u valod\u0101 lietv\u0101rdi parasti ir vienk\u0101r\u0161i, un j\u016bs varat s\u0101kt, apg\u016bstot visizplat\u012bt\u0101kos un noder\u012bg\u0101kos, lai papla\u0161in\u0101tu savu v\u0101rdu kr\u0101jumu.<\/p>\n\n\n\n<h3 class=\"wp-block-heading\" id=\"h-4-articles\">4. Raksti:<\/h3>\n\n\n\n<p>\u0136\u012bnie\u0161u valod\u0101 nav t\u0101du pantu k\u0101 ang\u013cu valod\u0101. Tom\u0113r ir m\u0113ra v\u0101rdi, kas pavada lietv\u0101rdus, lai nor\u0101d\u012btu daudzumu. \u0160ie m\u0113ra v\u0101rdi ir b\u016btiski, apsprie\u017eot konkr\u0113tu poste\u0146u summas vai skaitu.<\/p>\n\n\n\n<h3 class=\"wp-block-heading\" id=\"h-5-pronouns\">5. Vietniekv\u0101rdi:<\/h3>\n\n\n\n<p>Vietniekv\u0101rdi tiek izmantoti, lai aizst\u0101tu lietv\u0101rdus teikum\u0101, un tie ir b\u016btiski, lai izvair\u012btos no atk\u0101rto\u0161an\u0101s. \u0136\u012bnie\u0161u valod\u0101 vietniekv\u0101rdi main\u0101s, pamatojoties uz to funkciju teikum\u0101, piem\u0113ram, subjekts, objekts vai vald\u012bjums. Apg\u016bstiet da\u017e\u0101dus vietniekv\u0101rdus un to pareizu lieto\u0161anu, lai uzlabotu teikuma uzb\u016bvi.<\/p>\n\n\n\n<h3 class=\"wp-block-heading\" id=\"h-6-adjectives\">6. \u012apa\u0161\u012bbas v\u0101rdi:<\/h3>\n\n\n\n<p>\u012apa\u0161\u012bbas v\u0101rdi tiek izmantoti, lai aprakst\u012btu vai modific\u0113tu lietv\u0101rdus, un tiem ir noz\u012bm\u012bga loma, padarot j\u016bsu teikumus izteiksm\u012bg\u0101kus un saisto\u0161\u0101kus. Uzziniet visbie\u017e\u0101k sastopamos \u012bpa\u0161\u012bbas v\u0101rdus un to izvietojumu attiec\u012bb\u0101 pret lietv\u0101rdu teikum\u0101.<\/p>\n\n\n\n<h3 class=\"wp-block-heading\" id=\"h-7-adverbs\">7. Adverbi:<\/h3>\n\n\n\n<p>Adverbi ir b\u016btiski, lai sniegtu papildu inform\u0101ciju par darb\u012bbas v\u0101rdiem, \u012bpa\u0161\u012bbas v\u0101rdiem vai citiem adverbiem. Vi\u0146i var aprakst\u012bt, k\u0101, kad un kur notiek darb\u012bba. Iepaz\u012bstieties ar izplat\u012bt\u0101kajiem adverbiem un to izmanto\u0161anu, lai uzlabotu savas apraksto\u0161\u0101s sp\u0113jas.<\/p>\n\n\n\n<h3 class=\"wp-block-heading\" id=\"h-8-prepositions\">8. Priev\u0101rdi:<\/h3>\n\n\n\n<p>Priev\u0101rdi tiek izmantoti, lai nor\u0101d\u012btu attiec\u012bbas starp lietv\u0101rdiem vai vietniekv\u0101rdiem teikum\u0101. Bie\u017ei vien tie izsaka telpiskas vai laika attiec\u012bbas, piem\u0113ram, &#8220;in&#8221;, &#8220;on&#8221; vai &#8220;at&#8221;. Apg\u016bstot visbie\u017e\u0101k sastopamos priev\u0101rdus un to pareizu lieto\u0161anu, iev\u0113rojami uzlabosies j\u016bsu teikuma strukt\u016bra.<\/p>\n\n\n\n<h3 class=\"wp-block-heading\" id=\"h-9-sentence-structure\">9. Teikuma strukt\u016bra:<\/h3>\n\n\n\n<p>Visbeidzot, \u0137\u012bnie\u0161u teikuma strukt\u016bras izpratne ir atsl\u0113ga, lai veidotu saska\u0146otus un gramatiski pareizus teikumus. \u0136\u012bnie\u0161u valoda seko subjekta-verba-objekta (SVO) strukt\u016brai, l\u012bdz\u012bgi k\u0101 ang\u013cu valod\u0101. Tom\u0113r past\u0101v at\u0161\u0137ir\u012bbas v\u0101rdu sec\u012bb\u0101 un da\u017e\u0101du gramatisko elementu izvietojum\u0101. Apg\u016bstiet pamata teikumu mode\u013cus un praktiz\u0113jiet teikumu konstru\u0113\u0161anu ar apg\u016btajiem elementiem, piem\u0113ram, sasprindzin\u0101jumu, darb\u012bbas v\u0101rdiem, lietv\u0101rdiem, vietniekv\u0101rdiem, \u012bpa\u0161\u012bbas v\u0101rdiem, adverbiem un priev\u0101rdiem.<\/p>\n\n\n\n<p>Iev\u0113rojot \u0161o sec\u012bbu un koncentr\u0113joties uz katru t\u0113mu, j\u016bs izveidosit sp\u0113c\u012bgu pamatu \u0137\u012bnie\u0161u gramatik\u0101 un b\u016bsiet ce\u013c\u0101 uz valodas prasmi.<\/p>\n<\/div><\/div>\n\r\n<section class=\"learnNavigationSection\">\r\n            \r\n        <a href=\"https:\/\/talkpal.ai\/lv\/uzziniet-kiniesu-valodu\/\">\r\n            <div class=\"learnNavigationWrapper\">\r\n                <div class=\"learnNavigationContent\">\r\n                    <img decoding=\"async\" src=\"https:\/\/talkpal.ai\/wp-content\/uploads\/2024\/08\/Chinese.jpg\" alt=\"Chinese Flag\u00a0\">\r\n                    <div>\r\n                        <h4>Par \u0137\u012bnie\u0161u valodas apguvi<\/h4>\r\n                        <p>Uzziniet visu par \u0137\u012bnie\u0161u gramatiku.<\/p>\r\n                    <\/div>\r\n                <\/div>\r\n            <\/div>\r\n        <\/a>\r\n\r\n        \r\n        <a href=\"https:\/\/talkpal.ai\/lv\/kiniesu-gramatika\/\">\r\n            <div class=\"learnNavigationWrapper\">\r\n                <div class=\"learnNavigationContent\">\r\n                    <img decoding=\"async\" src=\"https:\/\/talkpal.ai\/wp-content\/uploads\/2024\/08\/Chinese.jpg\" alt=\"Chinese Flag\u00a0\">\r\n                    <div>\r\n                        <h4>\u0136\u012bnie\u0161u valodas gramatikas stundas<\/h4>\r\n                        <p>Praktiz\u0113jiet \u0137\u012bnie\u0161u gramatiku.<\/p>\r\n                    <\/div>\r\n                <\/div>\r\n            <\/div>\r\n        <\/a>\r\n\r\n        \r\n        <a href=\"https:\/\/talkpal.ai\/vocabulary_language\/chinese\/\">\r\n            <div class=\"learnNavigationWrapper\">\r\n                <div class=\"learnNavigationContent\">\r\n                    <img decoding=\"async\" src=\"https:\/\/talkpal.ai\/wp-content\/uploads\/2024\/08\/Chinese.jpg\" alt=\"Chinese Flag\u00a0\">\r\n                    <div>\r\n                        <h4>\u0136\u012bnie\u0161u valodas v\u0101rdn\u012bca<\/h4>\r\n                        <p>Papla\u0161iniet savu \u0137\u012bnie\u0161u valodas v\u0101rdu kr\u0101jumu.<\/p>\r\n                    <\/div>\r\n                <\/div>\r\n            <\/div>\r\n        <\/a>\r\n\r\n            <\/section>","protected":false},"excerpt":{"rendered":"<p>\u0136\u012bnie\u0161u valodas gramatikas t\u0113mas \u0136\u012bnie\u0161u gramatika s\u0101kum\u0101 var \u0161\u0137ist bied\u0113jo\u0161a, ta\u010du t\u0101 ir b\u016btiska valodas apguvei. Ar savu unik\u0101lo rakstz\u012bmju sist\u0113mu un ton\u0101lo dabu \u0137\u012bnie\u0161u gramatika iev\u0113ro at\u0161\u0137ir\u012bgu noteikumu kopumu nek\u0101 t\u0101das valodas k\u0101 ang\u013cu valoda. \u0160o noteikumu apg\u016b\u0161ana pareiz\u0101 sec\u012bb\u0101 pal\u012bdz\u0113s jums efekt\u012bv\u0101k progres\u0113t valodu studij\u0101s. Ieteicamaj\u0101 m\u0101c\u012bbu sec\u012bb\u0101 tiks apspriestas \u0161\u0101das t\u0113mas: Sasprindzin\u0101jumi, [&hellip;]<\/p>\n","protected":false},"author":6,"featured_media":106167,"parent":0,"menu_order":0,"comment_status":"closed","ping_status":"closed","template":"LearningContentPage.php","meta":{"_acf_changed":false,"footnotes":""},"class_list":["post-132887","page","type-page","status-publish","has-post-thumbnail","hentry"],"acf":[],"yoast_head":"<!-- This site is optimized with the Yoast SEO Premium plugin v27.2 (Yoast SEO v27.2) - https:\/\/yoast.com\/product\/yoast-seo-premium-wordpress\/ -->\n<title>\u0136\u012bnie\u0161u valodas gramatikas vingrin\u0101jumi - Talkpal<\/title>\n<meta name=\"description\" content=\"Apg\u016bstiet \u0137\u012bnie\u0161u valodas gramatiku, izmantojot m\u016bsu visaptvero\u0161o ce\u013cvedi, kas aptver laikus, darb\u012bbas v\u0101rdus un daudz ko citu, lai uzlabotu savas valodas prasmes.\" \/>\n<meta name=\"robots\" content=\"index, follow, max-snippet:-1, max-image-preview:large, max-video-preview:-1\" \/>\n<link rel=\"canonical\" href=\"https:\/\/talkpal.ai\/lv\/kiniesu-valodas-gramatikas-vingrinajumi\/\" \/>\n<meta property=\"og:locale\" content=\"lv_LV\" \/>\n<meta property=\"og:type\" content=\"article\" \/>\n<meta property=\"og:title\" content=\"\u0136\u012bnie\u0161u valodas gramatikas vingrin\u0101jumi\" \/>\n<meta property=\"og:description\" content=\"\u0136\u012bnie\u0161u valodas gramatikas t\u0113mas \u0136\u012bnie\u0161u gramatika s\u0101kum\u0101 var \u0161\u0137ist bied\u0113jo\u0161a, ta\u010du t\u0101 ir b\u016btiska valodas apguvei. Ar savu unik\u0101lo rakstz\u012bmju sist\u0113mu un\" \/>\n<meta property=\"og:url\" content=\"https:\/\/talkpal.ai\/lv\/kiniesu-valodas-gramatikas-vingrinajumi\/\" \/>\n<meta property=\"og:site_name\" content=\"Talkpal\" \/>\n<meta property=\"article:publisher\" content=\"https:\/\/www.facebook.com\/profile.php?id=100090733639311\" \/>\n<meta property=\"article:modified_time\" content=\"2025-05-22T21:25:13+00:00\" \/>\n<meta property=\"og:image\" content=\"https:\/\/talkpal.ai\/wp-content\/uploads\/2023\/04\/china.png\" \/>\n\t<meta property=\"og:image:width\" content=\"512\" \/>\n\t<meta property=\"og:image:height\" content=\"512\" \/>\n\t<meta property=\"og:image:type\" content=\"image\/png\" \/>\n<meta name=\"twitter:card\" content=\"summary_large_image\" \/>\n<meta name=\"twitter:site\" content=\"@talkpalai\" \/>\n<meta name=\"twitter:label1\" content=\"Est. reading time\" \/>\n\t<meta name=\"twitter:data1\" content=\"4 minutes\" \/>\n<script type=\"application\/ld+json\" class=\"yoast-schema-graph\">{\"@context\":\"https:\/\/schema.org\",\"@graph\":[{\"@type\":\"WebPage\",\"@id\":\"https:\/\/talkpal.ai\/lv\/kiniesu-valodas-gramatikas-vingrinajumi\/\",\"url\":\"https:\/\/talkpal.ai\/lv\/kiniesu-valodas-gramatikas-vingrinajumi\/\",\"name\":\"\u0136\u012bnie\u0161u valodas gramatikas vingrin\u0101jumi - Talkpal\",\"isPartOf\":{\"@id\":\"https:\/\/talkpal.ai\/lv\/#website\"},\"primaryImageOfPage\":{\"@id\":\"https:\/\/talkpal.ai\/lv\/kiniesu-valodas-gramatikas-vingrinajumi\/#primaryimage\"},\"image\":{\"@id\":\"https:\/\/talkpal.ai\/lv\/kiniesu-valodas-gramatikas-vingrinajumi\/#primaryimage\"},\"thumbnailUrl\":\"https:\/\/talkpal.ai\/wp-content\/uploads\/2023\/04\/china.png\",\"datePublished\":\"2023-06-16T09:39:29+00:00\",\"dateModified\":\"2025-05-22T21:25:13+00:00\",\"description\":\"Apg\u016bstiet \u0137\u012bnie\u0161u valodas gramatiku, izmantojot m\u016bsu visaptvero\u0161o ce\u013cvedi, kas aptver laikus, darb\u012bbas v\u0101rdus un daudz ko citu, lai uzlabotu savas valodas prasmes.\",\"breadcrumb\":{\"@id\":\"https:\/\/talkpal.ai\/lv\/kiniesu-valodas-gramatikas-vingrinajumi\/#breadcrumb\"},\"inLanguage\":\"lv-LV\",\"potentialAction\":[{\"@type\":\"ReadAction\",\"target\":[\"https:\/\/talkpal.ai\/lv\/kiniesu-valodas-gramatikas-vingrinajumi\/\"]}]},{\"@type\":\"ImageObject\",\"inLanguage\":\"lv-LV\",\"@id\":\"https:\/\/talkpal.ai\/lv\/kiniesu-valodas-gramatikas-vingrinajumi\/#primaryimage\",\"url\":\"https:\/\/talkpal.ai\/wp-content\/uploads\/2023\/04\/china.png\",\"contentUrl\":\"https:\/\/talkpal.ai\/wp-content\/uploads\/2023\/04\/china.png\",\"width\":512,\"height\":512},{\"@type\":\"BreadcrumbList\",\"@id\":\"https:\/\/talkpal.ai\/lv\/kiniesu-valodas-gramatikas-vingrinajumi\/#breadcrumb\",\"itemListElement\":[{\"@type\":\"ListItem\",\"position\":1,\"name\":\"Homepage\",\"item\":\"https:\/\/talkpal.ai\/lv\/\"},{\"@type\":\"ListItem\",\"position\":2,\"name\":\"\u0136\u012bnie\u0161u valodas gramatikas vingrin\u0101jumi\"}]},{\"@type\":\"WebSite\",\"@id\":\"https:\/\/talkpal.ai\/lv\/#website\",\"url\":\"https:\/\/talkpal.ai\/lv\/\",\"name\":\"Talkpal\",\"description\":\"AI Language Learning\",\"publisher\":{\"@id\":\"https:\/\/talkpal.ai\/lv\/#organization\"},\"alternateName\":\"Talkpal AI\",\"potentialAction\":[{\"@type\":\"SearchAction\",\"target\":{\"@type\":\"EntryPoint\",\"urlTemplate\":\"https:\/\/talkpal.ai\/lv\/?s={search_term_string}\"},\"query-input\":{\"@type\":\"PropertyValueSpecification\",\"valueRequired\":true,\"valueName\":\"search_term_string\"}}],\"inLanguage\":\"lv-LV\"},{\"@type\":\"Organization\",\"@id\":\"https:\/\/talkpal.ai\/lv\/#organization\",\"name\":\"Talkpal, Inc.\",\"alternateName\":\"Talkpal AI\",\"url\":\"https:\/\/talkpal.ai\/lv\/\",\"logo\":{\"@type\":\"ImageObject\",\"inLanguage\":\"lv-LV\",\"@id\":\"https:\/\/talkpal.ai\/lv\/#\/schema\/logo\/image\/\",\"url\":\"https:\/\/talkpal.ai\/wp-content\/uploads\/2024\/03\/Talkpal-Logo-Icon.png\",\"contentUrl\":\"https:\/\/talkpal.ai\/wp-content\/uploads\/2024\/03\/Talkpal-Logo-Icon.png\",\"width\":2880,\"height\":2880,\"caption\":\"Talkpal, Inc.\"},\"image\":{\"@id\":\"https:\/\/talkpal.ai\/lv\/#\/schema\/logo\/image\/\"},\"sameAs\":[\"https:\/\/www.facebook.com\/profile.php?id=100090733639311\",\"https:\/\/x.com\/talkpalai\",\"https:\/\/www.linkedin.com\/company\/talkpal\/\",\"https:\/\/www.youtube.com\/@TalkPal\/\",\"https:\/\/www.tiktok.com\/@talkpal\",\"https:\/\/www.instagram.com\/talkpal_ai\/\",\"https:\/\/www.crunchbase.com\/organization\/talkpal-9cde\",\"https:\/\/www.g2.com\/products\/talkpal-for-business\/\",\"https:\/\/www.trustpilot.com\/review\/talkpal.ai\",\"https:\/\/www.capterra.com\/p\/10006800\/TalkPal\/\"],\"description\":\"Talkpal is a language learning web and mobile education app, powered by the latest AI technologies, that provides engaging experiences to its customers in many different languages to help them improve their language skills. Users can chat about unlimited amount of topics with the app and use other modes to practice their language learning.\",\"email\":\"support@talkpal.ai\",\"legalName\":\"Talkpal, Inc.\",\"foundingDate\":\"2023-04-03\",\"duns\":\"118989042\",\"numberOfEmployees\":{\"@type\":\"QuantitativeValue\",\"minValue\":\"11\",\"maxValue\":\"50\"},\"publishingPrinciples\":\"https:\/\/talkpal.ai\/publishing-principles\/\",\"actionableFeedbackPolicy\":\"https:\/\/talkpal.ai\/actionable-feedback-policy\/\",\"correctionsPolicy\":\"https:\/\/talkpal.ai\/corrections-policy\/\",\"ethicsPolicy\":\"https:\/\/talkpal.ai\/ethics-policy\/\",\"diversityPolicy\":\"https:\/\/talkpal.ai\/diversity-policy\/\",\"diversityStaffingReport\":\"https:\/\/talkpal.ai\/diversity-policy\/\"}]}<\/script>\n<!-- \/ Yoast SEO Premium plugin. -->","yoast_head_json":{"title":"\u0136\u012bnie\u0161u valodas gramatikas vingrin\u0101jumi - Talkpal","description":"Apg\u016bstiet \u0137\u012bnie\u0161u valodas gramatiku, izmantojot m\u016bsu visaptvero\u0161o ce\u013cvedi, kas aptver laikus, darb\u012bbas v\u0101rdus un daudz ko citu, lai uzlabotu savas valodas prasmes.","robots":{"index":"index","follow":"follow","max-snippet":"max-snippet:-1","max-image-preview":"max-image-preview:large","max-video-preview":"max-video-preview:-1"},"canonical":"https:\/\/talkpal.ai\/lv\/kiniesu-valodas-gramatikas-vingrinajumi\/","og_locale":"lv_LV","og_type":"article","og_title":"\u0136\u012bnie\u0161u valodas gramatikas vingrin\u0101jumi","og_description":"\u0136\u012bnie\u0161u valodas gramatikas t\u0113mas \u0136\u012bnie\u0161u gramatika s\u0101kum\u0101 var \u0161\u0137ist bied\u0113jo\u0161a, ta\u010du t\u0101 ir b\u016btiska valodas apguvei. Ar savu unik\u0101lo rakstz\u012bmju sist\u0113mu un","og_url":"https:\/\/talkpal.ai\/lv\/kiniesu-valodas-gramatikas-vingrinajumi\/","og_site_name":"Talkpal","article_publisher":"https:\/\/www.facebook.com\/profile.php?id=100090733639311","article_modified_time":"2025-05-22T21:25:13+00:00","og_image":[{"width":512,"height":512,"url":"https:\/\/talkpal.ai\/wp-content\/uploads\/2023\/04\/china.png","type":"image\/png"}],"twitter_card":"summary_large_image","twitter_site":"@talkpalai","twitter_misc":{"Est. reading time":"4 minutes"},"schema":{"@context":"https:\/\/schema.org","@graph":[{"@type":"WebPage","@id":"https:\/\/talkpal.ai\/lv\/kiniesu-valodas-gramatikas-vingrinajumi\/","url":"https:\/\/talkpal.ai\/lv\/kiniesu-valodas-gramatikas-vingrinajumi\/","name":"\u0136\u012bnie\u0161u valodas gramatikas vingrin\u0101jumi - Talkpal","isPartOf":{"@id":"https:\/\/talkpal.ai\/lv\/#website"},"primaryImageOfPage":{"@id":"https:\/\/talkpal.ai\/lv\/kiniesu-valodas-gramatikas-vingrinajumi\/#primaryimage"},"image":{"@id":"https:\/\/talkpal.ai\/lv\/kiniesu-valodas-gramatikas-vingrinajumi\/#primaryimage"},"thumbnailUrl":"https:\/\/talkpal.ai\/wp-content\/uploads\/2023\/04\/china.png","datePublished":"2023-06-16T09:39:29+00:00","dateModified":"2025-05-22T21:25:13+00:00","description":"Apg\u016bstiet \u0137\u012bnie\u0161u valodas gramatiku, izmantojot m\u016bsu visaptvero\u0161o ce\u013cvedi, kas aptver laikus, darb\u012bbas v\u0101rdus un daudz ko citu, lai uzlabotu savas valodas prasmes.","breadcrumb":{"@id":"https:\/\/talkpal.ai\/lv\/kiniesu-valodas-gramatikas-vingrinajumi\/#breadcrumb"},"inLanguage":"lv-LV","potentialAction":[{"@type":"ReadAction","target":["https:\/\/talkpal.ai\/lv\/kiniesu-valodas-gramatikas-vingrinajumi\/"]}]},{"@type":"ImageObject","inLanguage":"lv-LV","@id":"https:\/\/talkpal.ai\/lv\/kiniesu-valodas-gramatikas-vingrinajumi\/#primaryimage","url":"https:\/\/talkpal.ai\/wp-content\/uploads\/2023\/04\/china.png","contentUrl":"https:\/\/talkpal.ai\/wp-content\/uploads\/2023\/04\/china.png","width":512,"height":512},{"@type":"BreadcrumbList","@id":"https:\/\/talkpal.ai\/lv\/kiniesu-valodas-gramatikas-vingrinajumi\/#breadcrumb","itemListElement":[{"@type":"ListItem","position":1,"name":"Homepage","item":"https:\/\/talkpal.ai\/lv\/"},{"@type":"ListItem","position":2,"name":"\u0136\u012bnie\u0161u valodas gramatikas vingrin\u0101jumi"}]},{"@type":"WebSite","@id":"https:\/\/talkpal.ai\/lv\/#website","url":"https:\/\/talkpal.ai\/lv\/","name":"Talkpal","description":"AI Language Learning","publisher":{"@id":"https:\/\/talkpal.ai\/lv\/#organization"},"alternateName":"Talkpal AI","potentialAction":[{"@type":"SearchAction","target":{"@type":"EntryPoint","urlTemplate":"https:\/\/talkpal.ai\/lv\/?s={search_term_string}"},"query-input":{"@type":"PropertyValueSpecification","valueRequired":true,"valueName":"search_term_string"}}],"inLanguage":"lv-LV"},{"@type":"Organization","@id":"https:\/\/talkpal.ai\/lv\/#organization","name":"Talkpal, Inc.","alternateName":"Talkpal AI","url":"https:\/\/talkpal.ai\/lv\/","logo":{"@type":"ImageObject","inLanguage":"lv-LV","@id":"https:\/\/talkpal.ai\/lv\/#\/schema\/logo\/image\/","url":"https:\/\/talkpal.ai\/wp-content\/uploads\/2024\/03\/Talkpal-Logo-Icon.png","contentUrl":"https:\/\/talkpal.ai\/wp-content\/uploads\/2024\/03\/Talkpal-Logo-Icon.png","width":2880,"height":2880,"caption":"Talkpal, Inc."},"image":{"@id":"https:\/\/talkpal.ai\/lv\/#\/schema\/logo\/image\/"},"sameAs":["https:\/\/www.facebook.com\/profile.php?id=100090733639311","https:\/\/x.com\/talkpalai","https:\/\/www.linkedin.com\/company\/talkpal\/","https:\/\/www.youtube.com\/@TalkPal\/","https:\/\/www.tiktok.com\/@talkpal","https:\/\/www.instagram.com\/talkpal_ai\/","https:\/\/www.crunchbase.com\/organization\/talkpal-9cde","https:\/\/www.g2.com\/products\/talkpal-for-business\/","https:\/\/www.trustpilot.com\/review\/talkpal.ai","https:\/\/www.capterra.com\/p\/10006800\/TalkPal\/"],"description":"Talkpal is a language learning web and mobile education app, powered by the latest AI technologies, that provides engaging experiences to its customers in many different languages to help them improve their language skills. Users can chat about unlimited amount of topics with the app and use other modes to practice their language learning.","email":"support@talkpal.ai","legalName":"Talkpal, Inc.","foundingDate":"2023-04-03","duns":"118989042","numberOfEmployees":{"@type":"QuantitativeValue","minValue":"11","maxValue":"50"},"publishingPrinciples":"https:\/\/talkpal.ai\/publishing-principles\/","actionableFeedbackPolicy":"https:\/\/talkpal.ai\/actionable-feedback-policy\/","correctionsPolicy":"https:\/\/talkpal.ai\/corrections-policy\/","ethicsPolicy":"https:\/\/talkpal.ai\/ethics-policy\/","diversityPolicy":"https:\/\/talkpal.ai\/diversity-policy\/","diversityStaffingReport":"https:\/\/talkpal.ai\/diversity-policy\/"}]}},"_links":{"self":[{"href":"https:\/\/talkpal.ai\/lv\/wp-json\/wp\/v2\/pages\/132887","targetHints":{"allow":["GET"]}}],"collection":[{"href":"https:\/\/talkpal.ai\/lv\/wp-json\/wp\/v2\/pages"}],"about":[{"href":"https:\/\/talkpal.ai\/lv\/wp-json\/wp\/v2\/types\/page"}],"author":[{"embeddable":true,"href":"https:\/\/talkpal.ai\/lv\/wp-json\/wp\/v2\/users\/6"}],"replies":[{"embeddable":true,"href":"https:\/\/talkpal.ai\/lv\/wp-json\/wp\/v2\/comments?post=132887"}],"version-history":[{"count":0,"href":"https:\/\/talkpal.ai\/lv\/wp-json\/wp\/v2\/pages\/132887\/revisions"}],"wp:featuredmedia":[{"embeddable":true,"href":"https:\/\/talkpal.ai\/lv\/wp-json\/wp\/v2\/media\/106167"}],"wp:attachment":[{"href":"https:\/\/talkpal.ai\/lv\/wp-json\/wp\/v2\/media?parent=132887"}],"curies":[{"name":"wp","href":"https:\/\/api.w.org\/{rel}","templated":true}]}}