{"id":132551,"date":"2023-06-16T09:31:38","date_gmt":"2023-06-16T09:31:38","guid":{"rendered":"http:\/\/talkpal.ai\/arabu-valodas-gramatikas-vingrinajumi\/"},"modified":"2025-05-22T20:15:49","modified_gmt":"2025-05-22T20:15:49","slug":"arabu-valodas-gramatikas-vingrinajumi","status":"publish","type":"page","link":"https:\/\/talkpal.ai\/lv\/arabu-valodas-gramatikas-vingrinajumi\/","title":{"rendered":"Ar\u0101bu valodas gramatikas vingrin\u0101jumi"},"content":{"rendered":"\r\n\r\n\r\n<section class=\"languageChallengeSection\">\r\n    <div class=\"languageInfoWrapper\">\r\n        \r\n        <h1>Ar\u0101bu valodas gramatikas vingrin\u0101jumi<\/h1>\r\n        <p>Vai esat gatavs uzlabot savas ar\u0101bu <a href=\"https:\/\/talkpal.ai\/what-language-is-spoken-on-the-international-space-station\/\">valodas<\/a> prasmes? Gramatikas vingrin\u0101jumu praktiz\u0113\u0161ana ir b\u016btiska, lai apg\u016btu teikuma strukt\u016bru, darb\u012bbas v\u0101rdu formas un ar\u0101bu valodas unik\u0101los mode\u013cus. Piev\u0113rsiet uzman\u012bbu \u0161iem vingrin\u0101jumiem, lai palielin\u0101tu savu p\u0101rliec\u012bbu, papla\u0161in\u0101tu v\u0101rdu kr\u0101jumu un padar\u012btu izteiksmi ar\u0101bu valod\u0101 daudz viegl\u0101ku. S\u0101ciet vingrin\u0101ties jau \u0161odien un v\u0113rojiet, k\u0101 j\u016bsu valodas prasmes aug!<\/p>\r\n\r\n                            <a class=\"getStartedHidden\" href=\"https:\/\/app.talkpal.ai\/lv\/signup?lng=\">S\u0101c<\/a>\r\n        \r\n    <\/div>\r\n\r\n    <figure>\r\n    <img decoding=\"async\" width=\"768\" height=\"768\" src=\"https:\/\/talkpal.ai\/wp-content\/uploads\/2023\/06\/arabic-768x768.png\" class=\"languageImage no-lazy\" alt=\"Language learning for linguistic diversity\" fetchpriority=\"high\" sizes=\"(max-width: 768px) 150px, 768px\" srcset=\"https:\/\/talkpal.ai\/wp-content\/uploads\/2023\/06\/arabic-768x768.png 768w, https:\/\/talkpal.ai\/wp-content\/uploads\/2023\/06\/arabic-300x300.png 300w\" \/>\r\n    \r\n\r\n    <\/figure>\r\n\r\n            <a class=\"getStartedVisible\" href=\"https:\/\/app.talkpal.ai\/lv\/signup?lng=\">S\u0101c<\/a>\r\n    \r\n<\/section>\r\n\r\n\r\n<!-- <section class=\"grammarSection\">\r\n    <div class=\"grammarLinks\">\r\n            <\/div>\r\n<\/section> -->\r\n\r\n\r\n\r\n\r\n<section class=\"promotionalBanner\">\r\n    <p class=\"promotionalText\">Visefekt\u012bv\u0101kais veids, k\u0101 apg\u016bt valodu<\/p>\r\n    <a class=\"promotionalLink\" href=\"https:\/\/app.talkpal.ai\/lv\/signup?lng=\">Izm\u0113\u0123iniet Talkpal bez maksas<\/a>\r\n<\/section>\n<div class=\"wp-block-group pageContainerStyle\"><div class=\"wp-block-group__inner-container is-layout-constrained wp-block-group-is-layout-constrained\">\n<h2 class=\"wp-block-heading\" id=\"h-arabic-grammar-topics\">Ar\u0101bu valodas gramatikas t\u0113mas<\/h2>\n\n\n\n<p>Ar\u0101bu valoda ar t\u0101s bag\u0101to v\u0113sturi un kult\u016bras noz\u012bmi ir aizraujo\u0161s un atalgojo\u0161s darbs valodu apguv\u0113jiem. Ar\u0101bu valodas apguve k\u0101 viena no se\u0161\u0101m Apvienoto N\u0101ciju Organiz\u0101cijas ofici\u0101laj\u0101m valod\u0101m, kur\u0101 run\u0101 vair\u0101k nek\u0101 420 miljoni cilv\u0113ku vis\u0101 pasaul\u0113, paver iesp\u0113jas glob\u0101lai sazi\u0146ai un sapratnei. Tom\u0113r valodas apguve prasa r\u016bp\u012bgu izpratni par t\u0101s unik\u0101lajiem gramatikas noteikumiem un strukt\u016br\u0101m. \u0160aj\u0101 rakst\u0101 m\u0113s izp\u0113t\u012bsim b\u016btisk\u0101s ar\u0101bu gramatikas t\u0113mas, kas pal\u012bdz\u0113s jums izveidot sp\u0113c\u012bgu pamatu valod\u0101, s\u0101kot no pamata sasprindzin\u0101jumiem un darb\u012bbas v\u0101rdu konjug\u0101cij\u0101m l\u012bdz sare\u017e\u0123\u012bt\u0101k\u0101m nomin\u0101l\u0101m un verb\u0101l\u0101m teikumu strukt\u016br\u0101m.<\/p>\n\n\n\n<h3 class=\"wp-block-heading\" id=\"h-1-tenses-indicative\">1. Sasprindzin\u0101jums Indikat\u012bvs:<\/h3>\n\n\n\n<p>Indikat\u012bvo sasprindzin\u0101jumu izmanto, lai izteiktu darb\u012bbas vai st\u0101vok\u013cus tagadn\u0113, pag\u0101tn\u0113 vai n\u0101kotn\u0113. Ar\u0101bu valod\u0101 darb\u012bbas v\u0101rds konjug\u0101cija main\u0101s, pamatojoties uz sasprindzin\u0101jumu. S\u0101ciet, apg\u016bstot parasto darb\u012bbas v\u0101rdu pamata konjug\u0101cijas un iepaz\u012bstieties ar da\u017e\u0101diem tagadnes, pag\u0101tnes un n\u0101kotnes laika mode\u013ciem.<\/p>\n\n\n\n<h3 class=\"wp-block-heading\" id=\"h-2-tenses-subjunctive\">2. Sasprindzin\u0101jums subjunkt\u012bvais:<\/h3>\n\n\n\n<p>Subjunkt\u012bvais sasprindzin\u0101jums tiek izmantots, lai izteiktu nenoteikt\u012bbu, \u0161aubas vai v\u0113lmi. Ir \u013coti svar\u012bgi apg\u016bt konkr\u0113tos darb\u012bbas v\u0101rdu loc\u012bjumus un to, k\u0101 tie at\u0161\u0137iras no nor\u0101d\u0101m\u0101 laika. Tas pal\u012bdz\u0113s jums nodot nians\u0113t\u0101kas domas un j\u016btas komunik\u0101cij\u0101.<\/p>\n\n\n\n<h3 class=\"wp-block-heading\" id=\"h-3-tense-comparison\">3. Saspringts sal\u012bdzin\u0101jums:<\/h3>\n\n\n\n<p>Ir \u013coti svar\u012bgi izprast at\u0161\u0137ir\u012bbas starp indikat\u012bvo un pak\u0101rtoto laiku. Koncentr\u0113jieties uz to, k\u0101 tiek modific\u0113tas darb\u012bbas v\u0101rdu konjug\u0101cijas, un kontekstu, kur\u0101 tiek izmantots katrs sasprindzin\u0101jums.<\/p>\n\n\n\n<h3 class=\"wp-block-heading\" id=\"h-4-verbs\">4. Darb\u012bbas v\u0101rdi:<\/h3>\n\n\n\n<p>Ar\u0101bu darb\u012bbas v\u0101rdi tiek iedal\u012bti da\u017e\u0101d\u0101s form\u0101s, pamatojoties uz to saknes burtiem un mode\u013ciem. Uzziniet desmit darb\u012bbas v\u0101rdu pamatformas un to konjug\u0101cijas noteikumus, kas pal\u012bdz\u0113s pareizi atpaz\u012bt un lietot darb\u012bbas v\u0101rdus da\u017e\u0101d\u0101s situ\u0101cij\u0101s.<\/p>\n\n\n\n<h3 class=\"wp-block-heading\" id=\"h-5-nouns\">5. Lietv\u0101rdi:<\/h3>\n\n\n\n<p>Ar\u0101bu lietv\u0101rdi ir vai nu v\u012bri\u0161\u0137\u012bgi, vai sievi\u0161\u0137\u012bgi, un to galotnes main\u0101s, pamatojoties uz to gramatisko lomu teikum\u0101. Uzziniet da\u017e\u0101dus lietv\u0101rdu mode\u013cus un to, k\u0101 tos ietekm\u0113 gad\u012bjumu apz\u012bm\u0113jumi un citi gramatiskie elementi.<\/p>\n\n\n\n<h3 class=\"wp-block-heading\" id=\"h-6-articles\">6. Raksti:<\/h3>\n\n\n\n<p>Ar\u0101bu valod\u0101 ir noteikti un nenoteikti raksti, kuriem ir iz\u0161\u0137iro\u0161a noz\u012bme lietv\u0101rdu identific\u0113\u0161an\u0101. Uzziniet noteikumus un lietojumu, k\u0101 ar\u0101bu valod\u0101 lietot galotni &#8220;al-&#8221; un nenoteikto galotni.<\/p>\n\n\n\n<h3 class=\"wp-block-heading\" id=\"h-7-definite-and-indefinite-articles\">7. Noteikti un nenoteikti panti:<\/h3>\n\n\n\n<p>K\u0101 min\u0113ts iepriek\u0161, ir svar\u012bgi izprast noteiktu un nenoteiktu rakstu lietojumu ar\u0101bu valod\u0101. Praktiz\u0113jiet to izmanto\u0161anu teikumos ar da\u017e\u0101diem lietv\u0101rdiem, lai stiprin\u0101tu savu izpratni par \u0161o j\u0113dzienu.<\/p>\n\n\n\n<h3 class=\"wp-block-heading\" id=\"h-8-pronouns\">8. Vietniekv\u0101rdi:<\/h3>\n\n\n\n<p>Ar\u0101bu vietniekv\u0101rdi ir sadal\u012bti personiskos, demonstrat\u012bvos un relat\u012bvos vietniekv\u0101rdos. Uzziniet to formas un lietojumu, k\u0101 ar\u012b noteikumus par to pievieno\u0161anu darb\u012bbas v\u0101rdiem, lietv\u0101rdiem un priev\u0101rdiem.<\/p>\n\n\n\n<h3 class=\"wp-block-heading\" id=\"h-9-adjectives\">9. \u012apa\u0161\u012bbas v\u0101rdi:<\/h3>\n\n\n\n<p>\u012apa\u0161\u012bbas v\u0101rdi ar\u0101bu valod\u0101 piekr\u012bt lietv\u0101rdiem, kurus tie maina dzimt\u0113 un skait\u0101. Uzziniet \u012bpa\u0161\u012bbas v\u0101rdu vieno\u0161an\u0101s noteikumus un \u012bpa\u0161\u012bbas v\u0101rdu pamatmode\u013cus.<\/p>\n\n\n\n<h3 class=\"wp-block-heading\" id=\"h-10-adverbs\">10. Adverbi:<\/h3>\n\n\n\n<p>Iepaz\u012bstieties ar parastajiem ar\u0101bu adverbiem un to izvietojumu teikumos. Adverbu funkcijas izpratne pal\u012bdz\u0113s jums nodot detaliz\u0113t\u0101ku inform\u0101ciju sav\u0101 komunik\u0101cij\u0101.<\/p>\n\n\n\n<h3 class=\"wp-block-heading\" id=\"h-11-prepositions\">11. Priev\u0101rdi:<\/h3>\n\n\n\n<p>Ar\u0101bu priev\u0101rdi ir b\u016btiski, lai savienotu v\u0101rdus un fr\u0101zes un izteiktu attiec\u012bbas starp t\u0101m. Uzziniet da\u017e\u0101dus priev\u0101rdus un to lietojumu teikumos.<\/p>\n\n\n\n<h3 class=\"wp-block-heading\" id=\"h-12-idaafa-genitive-construction\">12. Idaafa (\u0123enit\u012bv\u0101 konstrukcija):<\/h3>\n\n\n\n<p>Idaafa konstrukcija tiek izmantota, lai izteiktu vald\u012bjumu vai attiec\u012bbas starp lietv\u0101rdiem. Uzziniet Idaafa konstrukciju veido\u0161anas noteikumus un mode\u013cus, kas ir neat\u0146emama ar\u0101bu gramatikas sast\u0101vda\u013ca.<\/p>\n\n\n\n<h3 class=\"wp-block-heading\" id=\"h-13-sentence-structure\">13. Teikuma strukt\u016bra:<\/h3>\n\n\n\n<p>Ar\u0101bu teikumi var b\u016bt gan nomin\u0101li, gan verb\u0101li. Apg\u016bstiet abu veidu teikumu pamatstrukt\u016bru un praktiz\u0113jiet teikumu veido\u0161anu ar da\u017e\u0101diem komponentiem.<\/p>\n\n\n\n<h3 class=\"wp-block-heading\" id=\"h-14-nominal-and-verbal-sentences\">14. Nomin\u0101lie un v\u0101rdiskie teikumi:<\/h3>\n\n\n\n<p>Ienirstiet dzi\u013c\u0101k at\u0161\u0137ir\u012bb\u0101s starp nomin\u0101lajiem un verb\u0101lajiem teikumiem un uzziniet, k\u0101 tos efekt\u012bvi izmantot da\u017e\u0101dos kontekstos.<\/p>\n\n\n\n<h3 class=\"wp-block-heading\" id=\"h-15-subject-and-predicate-in-arabic\">15. Priek\u0161mets un predik\u0101ts ar\u0101bu valod\u0101:<\/h3>\n\n\n\n<p>Izpratne par priek\u0161meta un predik\u0101ta lom\u0101m ar\u0101bu teikumos ir b\u016btiska efekt\u012bvai komunik\u0101cijai. Uzziniet noteikumus par priek\u0161metu un predik\u0101tu identific\u0113\u0161anu un lieto\u0161anu da\u017e\u0101dos teikumu veidos.<\/p>\n<\/div><\/div>\n\r\n<section class=\"learnNavigationSection\">\r\n            \r\n        <a href=\"https:\/\/talkpal.ai\/lv\/uzziniet-arabu-valodu\/\">\r\n            <div class=\"learnNavigationWrapper\">\r\n                <div class=\"learnNavigationContent\">\r\n                    <img decoding=\"async\" src=\"https:\/\/talkpal.ai\/wp-content\/uploads\/2024\/08\/Arabic.jpg\" alt=\"Arabic Flag\">\r\n                    <div>\r\n                        <h4>Par ar\u0101bu valodas apguvi<\/h4>\r\n                        <p>Uzziniet visu par ar\u0101bu gramatiku.<\/p>\r\n                    <\/div>\r\n                <\/div>\r\n            <\/div>\r\n        <\/a>\r\n\r\n        \r\n        <a href=\"https:\/\/talkpal.ai\/lv\/arabu-gramatika\/\">\r\n            <div class=\"learnNavigationWrapper\">\r\n                <div class=\"learnNavigationContent\">\r\n                    <img decoding=\"async\" src=\"https:\/\/talkpal.ai\/wp-content\/uploads\/2024\/08\/Arabic.jpg\" alt=\"Arabic Flag\">\r\n                    <div>\r\n                        <h4>Ar\u0101bu valodas gramatikas stundas<\/h4>\r\n                        <p>Praktiz\u0113jiet ar\u0101bu gramatiku.<\/p>\r\n                    <\/div>\r\n                <\/div>\r\n            <\/div>\r\n        <\/a>\r\n\r\n        \r\n        <a href=\"https:\/\/talkpal.ai\/vocabulary_language\/arabic\/\">\r\n            <div class=\"learnNavigationWrapper\">\r\n                <div class=\"learnNavigationContent\">\r\n                    <img decoding=\"async\" src=\"https:\/\/talkpal.ai\/wp-content\/uploads\/2024\/08\/Arabic.jpg\" alt=\"Arabic Flag\">\r\n                    <div>\r\n                        <h4>Ar\u0101bu valodas v\u0101rdn\u012bca<\/h4>\r\n                        <p>Papla\u0161iniet savu ar\u0101bu valodas v\u0101rdu kr\u0101jumu.<\/p>\r\n                    <\/div>\r\n                <\/div>\r\n            <\/div>\r\n        <\/a>\r\n\r\n            <\/section>","protected":false},"excerpt":{"rendered":"<p>Ar\u0101bu valodas gramatikas t\u0113mas Ar\u0101bu valoda ar t\u0101s bag\u0101to v\u0113sturi un kult\u016bras noz\u012bmi ir aizraujo\u0161s un atalgojo\u0161s darbs valodu apguv\u0113jiem. Ar\u0101bu valodas apguve k\u0101 viena no se\u0161\u0101m Apvienoto N\u0101ciju Organiz\u0101cijas ofici\u0101laj\u0101m valod\u0101m, kur\u0101 run\u0101 vair\u0101k nek\u0101 420 miljoni cilv\u0113ku vis\u0101 pasaul\u0113, paver iesp\u0113jas glob\u0101lai sazi\u0146ai un sapratnei. Tom\u0113r valodas apguve prasa r\u016bp\u012bgu izpratni par t\u0101s [&hellip;]<\/p>\n","protected":false},"author":6,"featured_media":105792,"parent":0,"menu_order":0,"comment_status":"closed","ping_status":"closed","template":"LearningContentPage.php","meta":{"_acf_changed":false,"footnotes":""},"class_list":["post-132551","page","type-page","status-publish","has-post-thumbnail","hentry"],"acf":[],"yoast_head":"<!-- This site is optimized with the Yoast SEO Premium plugin v27.2 (Yoast SEO v27.2) - https:\/\/yoast.com\/product\/yoast-seo-premium-wordpress\/ -->\n<title>Ar\u0101bu valodas gramatikas vingrin\u0101jumi - Talkpal<\/title>\n<meta name=\"description\" content=\"Uzlabojiet savu izpratni ar ar\u0101bu valodas gramatikas vingrin\u0101jumiem, kas ietver b\u016btiskus noteikumus un strukt\u016bras valodas apguvei.\" \/>\n<meta name=\"robots\" content=\"index, follow, max-snippet:-1, max-image-preview:large, max-video-preview:-1\" \/>\n<link rel=\"canonical\" href=\"https:\/\/talkpal.ai\/lv\/arabu-valodas-gramatikas-vingrinajumi\/\" \/>\n<meta property=\"og:locale\" content=\"lv_LV\" \/>\n<meta property=\"og:type\" content=\"article\" \/>\n<meta property=\"og:title\" content=\"Ar\u0101bu valodas gramatikas vingrin\u0101jumi\" \/>\n<meta property=\"og:description\" content=\"Ar\u0101bu valodas gramatikas t\u0113mas Ar\u0101bu valoda ar t\u0101s bag\u0101to v\u0113sturi un kult\u016bras noz\u012bmi ir aizraujo\u0161s un atalgojo\u0161s darbs valodu apguv\u0113jiem. Ar\u0101bu valodas\" \/>\n<meta property=\"og:url\" content=\"https:\/\/talkpal.ai\/lv\/arabu-valodas-gramatikas-vingrinajumi\/\" \/>\n<meta property=\"og:site_name\" content=\"Talkpal\" \/>\n<meta property=\"article:publisher\" content=\"https:\/\/www.facebook.com\/profile.php?id=100090733639311\" \/>\n<meta property=\"article:modified_time\" content=\"2025-05-22T20:15:49+00:00\" \/>\n<meta property=\"og:image\" content=\"https:\/\/talkpal.ai\/wp-content\/uploads\/2023\/04\/arabic-united-arab-emirates.png\" \/>\n\t<meta property=\"og:image:width\" content=\"512\" \/>\n\t<meta property=\"og:image:height\" content=\"512\" \/>\n\t<meta property=\"og:image:type\" content=\"image\/png\" \/>\n<meta name=\"twitter:card\" content=\"summary_large_image\" \/>\n<meta name=\"twitter:site\" content=\"@talkpalai\" \/>\n<meta name=\"twitter:label1\" content=\"Est. reading time\" \/>\n\t<meta name=\"twitter:data1\" content=\"4 minutes\" \/>\n<script type=\"application\/ld+json\" class=\"yoast-schema-graph\">{\"@context\":\"https:\/\/schema.org\",\"@graph\":[{\"@type\":\"WebPage\",\"@id\":\"https:\/\/talkpal.ai\/lv\/arabu-valodas-gramatikas-vingrinajumi\/\",\"url\":\"https:\/\/talkpal.ai\/lv\/arabu-valodas-gramatikas-vingrinajumi\/\",\"name\":\"Ar\u0101bu valodas gramatikas vingrin\u0101jumi - Talkpal\",\"isPartOf\":{\"@id\":\"https:\/\/talkpal.ai\/lv\/#website\"},\"primaryImageOfPage\":{\"@id\":\"https:\/\/talkpal.ai\/lv\/arabu-valodas-gramatikas-vingrinajumi\/#primaryimage\"},\"image\":{\"@id\":\"https:\/\/talkpal.ai\/lv\/arabu-valodas-gramatikas-vingrinajumi\/#primaryimage\"},\"thumbnailUrl\":\"https:\/\/talkpal.ai\/wp-content\/uploads\/2023\/04\/arabic-united-arab-emirates.png\",\"datePublished\":\"2023-06-16T09:31:38+00:00\",\"dateModified\":\"2025-05-22T20:15:49+00:00\",\"description\":\"Uzlabojiet savu izpratni ar ar\u0101bu valodas gramatikas vingrin\u0101jumiem, kas ietver b\u016btiskus noteikumus un strukt\u016bras valodas apguvei.\",\"breadcrumb\":{\"@id\":\"https:\/\/talkpal.ai\/lv\/arabu-valodas-gramatikas-vingrinajumi\/#breadcrumb\"},\"inLanguage\":\"lv-LV\",\"potentialAction\":[{\"@type\":\"ReadAction\",\"target\":[\"https:\/\/talkpal.ai\/lv\/arabu-valodas-gramatikas-vingrinajumi\/\"]}]},{\"@type\":\"ImageObject\",\"inLanguage\":\"lv-LV\",\"@id\":\"https:\/\/talkpal.ai\/lv\/arabu-valodas-gramatikas-vingrinajumi\/#primaryimage\",\"url\":\"https:\/\/talkpal.ai\/wp-content\/uploads\/2023\/04\/arabic-united-arab-emirates.png\",\"contentUrl\":\"https:\/\/talkpal.ai\/wp-content\/uploads\/2023\/04\/arabic-united-arab-emirates.png\",\"width\":512,\"height\":512},{\"@type\":\"BreadcrumbList\",\"@id\":\"https:\/\/talkpal.ai\/lv\/arabu-valodas-gramatikas-vingrinajumi\/#breadcrumb\",\"itemListElement\":[{\"@type\":\"ListItem\",\"position\":1,\"name\":\"Homepage\",\"item\":\"https:\/\/talkpal.ai\/lv\/\"},{\"@type\":\"ListItem\",\"position\":2,\"name\":\"Ar\u0101bu valodas gramatikas vingrin\u0101jumi\"}]},{\"@type\":\"WebSite\",\"@id\":\"https:\/\/talkpal.ai\/lv\/#website\",\"url\":\"https:\/\/talkpal.ai\/lv\/\",\"name\":\"Talkpal\",\"description\":\"AI Language Learning\",\"publisher\":{\"@id\":\"https:\/\/talkpal.ai\/lv\/#organization\"},\"alternateName\":\"Talkpal AI\",\"potentialAction\":[{\"@type\":\"SearchAction\",\"target\":{\"@type\":\"EntryPoint\",\"urlTemplate\":\"https:\/\/talkpal.ai\/lv\/?s={search_term_string}\"},\"query-input\":{\"@type\":\"PropertyValueSpecification\",\"valueRequired\":true,\"valueName\":\"search_term_string\"}}],\"inLanguage\":\"lv-LV\"},{\"@type\":\"Organization\",\"@id\":\"https:\/\/talkpal.ai\/lv\/#organization\",\"name\":\"Talkpal, Inc.\",\"alternateName\":\"Talkpal AI\",\"url\":\"https:\/\/talkpal.ai\/lv\/\",\"logo\":{\"@type\":\"ImageObject\",\"inLanguage\":\"lv-LV\",\"@id\":\"https:\/\/talkpal.ai\/lv\/#\/schema\/logo\/image\/\",\"url\":\"https:\/\/talkpal.ai\/wp-content\/uploads\/2024\/03\/Talkpal-Logo-Icon.png\",\"contentUrl\":\"https:\/\/talkpal.ai\/wp-content\/uploads\/2024\/03\/Talkpal-Logo-Icon.png\",\"width\":2880,\"height\":2880,\"caption\":\"Talkpal, Inc.\"},\"image\":{\"@id\":\"https:\/\/talkpal.ai\/lv\/#\/schema\/logo\/image\/\"},\"sameAs\":[\"https:\/\/www.facebook.com\/profile.php?id=100090733639311\",\"https:\/\/x.com\/talkpalai\",\"https:\/\/www.linkedin.com\/company\/talkpal\/\",\"https:\/\/www.youtube.com\/@TalkPal\/\",\"https:\/\/www.tiktok.com\/@talkpal\",\"https:\/\/www.instagram.com\/talkpal_ai\/\",\"https:\/\/www.crunchbase.com\/organization\/talkpal-9cde\",\"https:\/\/www.g2.com\/products\/talkpal-for-business\/\",\"https:\/\/www.trustpilot.com\/review\/talkpal.ai\",\"https:\/\/www.capterra.com\/p\/10006800\/TalkPal\/\"],\"description\":\"Talkpal is a language learning web and mobile education app, powered by the latest AI technologies, that provides engaging experiences to its customers in many different languages to help them improve their language skills. Users can chat about unlimited amount of topics with the app and use other modes to practice their language learning.\",\"email\":\"support@talkpal.ai\",\"legalName\":\"Talkpal, Inc.\",\"foundingDate\":\"2023-04-03\",\"duns\":\"118989042\",\"numberOfEmployees\":{\"@type\":\"QuantitativeValue\",\"minValue\":\"11\",\"maxValue\":\"50\"},\"publishingPrinciples\":\"https:\/\/talkpal.ai\/publishing-principles\/\",\"actionableFeedbackPolicy\":\"https:\/\/talkpal.ai\/actionable-feedback-policy\/\",\"correctionsPolicy\":\"https:\/\/talkpal.ai\/corrections-policy\/\",\"ethicsPolicy\":\"https:\/\/talkpal.ai\/ethics-policy\/\",\"diversityPolicy\":\"https:\/\/talkpal.ai\/diversity-policy\/\",\"diversityStaffingReport\":\"https:\/\/talkpal.ai\/diversity-policy\/\"}]}<\/script>\n<!-- \/ Yoast SEO Premium plugin. -->","yoast_head_json":{"title":"Ar\u0101bu valodas gramatikas vingrin\u0101jumi - Talkpal","description":"Uzlabojiet savu izpratni ar ar\u0101bu valodas gramatikas vingrin\u0101jumiem, kas ietver b\u016btiskus noteikumus un strukt\u016bras valodas apguvei.","robots":{"index":"index","follow":"follow","max-snippet":"max-snippet:-1","max-image-preview":"max-image-preview:large","max-video-preview":"max-video-preview:-1"},"canonical":"https:\/\/talkpal.ai\/lv\/arabu-valodas-gramatikas-vingrinajumi\/","og_locale":"lv_LV","og_type":"article","og_title":"Ar\u0101bu valodas gramatikas vingrin\u0101jumi","og_description":"Ar\u0101bu valodas gramatikas t\u0113mas Ar\u0101bu valoda ar t\u0101s bag\u0101to v\u0113sturi un kult\u016bras noz\u012bmi ir aizraujo\u0161s un atalgojo\u0161s darbs valodu apguv\u0113jiem. Ar\u0101bu valodas","og_url":"https:\/\/talkpal.ai\/lv\/arabu-valodas-gramatikas-vingrinajumi\/","og_site_name":"Talkpal","article_publisher":"https:\/\/www.facebook.com\/profile.php?id=100090733639311","article_modified_time":"2025-05-22T20:15:49+00:00","og_image":[{"width":512,"height":512,"url":"https:\/\/talkpal.ai\/wp-content\/uploads\/2023\/04\/arabic-united-arab-emirates.png","type":"image\/png"}],"twitter_card":"summary_large_image","twitter_site":"@talkpalai","twitter_misc":{"Est. reading time":"4 minutes"},"schema":{"@context":"https:\/\/schema.org","@graph":[{"@type":"WebPage","@id":"https:\/\/talkpal.ai\/lv\/arabu-valodas-gramatikas-vingrinajumi\/","url":"https:\/\/talkpal.ai\/lv\/arabu-valodas-gramatikas-vingrinajumi\/","name":"Ar\u0101bu valodas gramatikas vingrin\u0101jumi - Talkpal","isPartOf":{"@id":"https:\/\/talkpal.ai\/lv\/#website"},"primaryImageOfPage":{"@id":"https:\/\/talkpal.ai\/lv\/arabu-valodas-gramatikas-vingrinajumi\/#primaryimage"},"image":{"@id":"https:\/\/talkpal.ai\/lv\/arabu-valodas-gramatikas-vingrinajumi\/#primaryimage"},"thumbnailUrl":"https:\/\/talkpal.ai\/wp-content\/uploads\/2023\/04\/arabic-united-arab-emirates.png","datePublished":"2023-06-16T09:31:38+00:00","dateModified":"2025-05-22T20:15:49+00:00","description":"Uzlabojiet savu izpratni ar ar\u0101bu valodas gramatikas vingrin\u0101jumiem, kas ietver b\u016btiskus noteikumus un strukt\u016bras valodas apguvei.","breadcrumb":{"@id":"https:\/\/talkpal.ai\/lv\/arabu-valodas-gramatikas-vingrinajumi\/#breadcrumb"},"inLanguage":"lv-LV","potentialAction":[{"@type":"ReadAction","target":["https:\/\/talkpal.ai\/lv\/arabu-valodas-gramatikas-vingrinajumi\/"]}]},{"@type":"ImageObject","inLanguage":"lv-LV","@id":"https:\/\/talkpal.ai\/lv\/arabu-valodas-gramatikas-vingrinajumi\/#primaryimage","url":"https:\/\/talkpal.ai\/wp-content\/uploads\/2023\/04\/arabic-united-arab-emirates.png","contentUrl":"https:\/\/talkpal.ai\/wp-content\/uploads\/2023\/04\/arabic-united-arab-emirates.png","width":512,"height":512},{"@type":"BreadcrumbList","@id":"https:\/\/talkpal.ai\/lv\/arabu-valodas-gramatikas-vingrinajumi\/#breadcrumb","itemListElement":[{"@type":"ListItem","position":1,"name":"Homepage","item":"https:\/\/talkpal.ai\/lv\/"},{"@type":"ListItem","position":2,"name":"Ar\u0101bu valodas gramatikas vingrin\u0101jumi"}]},{"@type":"WebSite","@id":"https:\/\/talkpal.ai\/lv\/#website","url":"https:\/\/talkpal.ai\/lv\/","name":"Talkpal","description":"AI Language Learning","publisher":{"@id":"https:\/\/talkpal.ai\/lv\/#organization"},"alternateName":"Talkpal AI","potentialAction":[{"@type":"SearchAction","target":{"@type":"EntryPoint","urlTemplate":"https:\/\/talkpal.ai\/lv\/?s={search_term_string}"},"query-input":{"@type":"PropertyValueSpecification","valueRequired":true,"valueName":"search_term_string"}}],"inLanguage":"lv-LV"},{"@type":"Organization","@id":"https:\/\/talkpal.ai\/lv\/#organization","name":"Talkpal, Inc.","alternateName":"Talkpal AI","url":"https:\/\/talkpal.ai\/lv\/","logo":{"@type":"ImageObject","inLanguage":"lv-LV","@id":"https:\/\/talkpal.ai\/lv\/#\/schema\/logo\/image\/","url":"https:\/\/talkpal.ai\/wp-content\/uploads\/2024\/03\/Talkpal-Logo-Icon.png","contentUrl":"https:\/\/talkpal.ai\/wp-content\/uploads\/2024\/03\/Talkpal-Logo-Icon.png","width":2880,"height":2880,"caption":"Talkpal, Inc."},"image":{"@id":"https:\/\/talkpal.ai\/lv\/#\/schema\/logo\/image\/"},"sameAs":["https:\/\/www.facebook.com\/profile.php?id=100090733639311","https:\/\/x.com\/talkpalai","https:\/\/www.linkedin.com\/company\/talkpal\/","https:\/\/www.youtube.com\/@TalkPal\/","https:\/\/www.tiktok.com\/@talkpal","https:\/\/www.instagram.com\/talkpal_ai\/","https:\/\/www.crunchbase.com\/organization\/talkpal-9cde","https:\/\/www.g2.com\/products\/talkpal-for-business\/","https:\/\/www.trustpilot.com\/review\/talkpal.ai","https:\/\/www.capterra.com\/p\/10006800\/TalkPal\/"],"description":"Talkpal is a language learning web and mobile education app, powered by the latest AI technologies, that provides engaging experiences to its customers in many different languages to help them improve their language skills. Users can chat about unlimited amount of topics with the app and use other modes to practice their language learning.","email":"support@talkpal.ai","legalName":"Talkpal, Inc.","foundingDate":"2023-04-03","duns":"118989042","numberOfEmployees":{"@type":"QuantitativeValue","minValue":"11","maxValue":"50"},"publishingPrinciples":"https:\/\/talkpal.ai\/publishing-principles\/","actionableFeedbackPolicy":"https:\/\/talkpal.ai\/actionable-feedback-policy\/","correctionsPolicy":"https:\/\/talkpal.ai\/corrections-policy\/","ethicsPolicy":"https:\/\/talkpal.ai\/ethics-policy\/","diversityPolicy":"https:\/\/talkpal.ai\/diversity-policy\/","diversityStaffingReport":"https:\/\/talkpal.ai\/diversity-policy\/"}]}},"_links":{"self":[{"href":"https:\/\/talkpal.ai\/lv\/wp-json\/wp\/v2\/pages\/132551","targetHints":{"allow":["GET"]}}],"collection":[{"href":"https:\/\/talkpal.ai\/lv\/wp-json\/wp\/v2\/pages"}],"about":[{"href":"https:\/\/talkpal.ai\/lv\/wp-json\/wp\/v2\/types\/page"}],"author":[{"embeddable":true,"href":"https:\/\/talkpal.ai\/lv\/wp-json\/wp\/v2\/users\/6"}],"replies":[{"embeddable":true,"href":"https:\/\/talkpal.ai\/lv\/wp-json\/wp\/v2\/comments?post=132551"}],"version-history":[{"count":0,"href":"https:\/\/talkpal.ai\/lv\/wp-json\/wp\/v2\/pages\/132551\/revisions"}],"wp:featuredmedia":[{"embeddable":true,"href":"https:\/\/talkpal.ai\/lv\/wp-json\/wp\/v2\/media\/105792"}],"wp:attachment":[{"href":"https:\/\/talkpal.ai\/lv\/wp-json\/wp\/v2\/media?parent=132551"}],"curies":[{"name":"wp","href":"https:\/\/api.w.org\/{rel}","templated":true}]}}