{"id":132016,"date":"2023-06-16T09:14:18","date_gmt":"2023-06-16T09:14:18","guid":{"rendered":"http:\/\/talkpal.ai\/vacu-valodas-gramatikas-vingrinajumi\/"},"modified":"2025-12-17T16:12:03","modified_gmt":"2025-12-17T16:12:03","slug":"vacu-valodas-gramatikas-vingrinajumi","status":"publish","type":"page","link":"https:\/\/talkpal.ai\/lv\/vacu-valodas-gramatikas-vingrinajumi\/","title":{"rendered":"V\u0101cu valodas gramatikas vingrin\u0101jumi"},"content":{"rendered":"\r\n\r\n\r\n<section class=\"languageChallengeSection\">\r\n    <div class=\"languageInfoWrapper\">\r\n        \r\n        <h1>V\u0101cu valodas gramatikas vingrin\u0101jumi<\/h1>\r\n        <p>Vai esat gatavi nostiprin\u0101t savu <a href=\"https:\/\/talkpal.ai\/lv\/vacu-valodas-apguves-nodarbibas\/\">v\u0101cu valodas<\/a> gramatiku? Gramatikas vingrin\u0101jumu praktiz\u0113\u0161ana ir lielisks veids, k\u0101 apg\u016bt <a href=\"https:\/\/talkpal.ai\/learn-german\/\">v\u0101cu<\/a> valodu. S\u0101ciet str\u0101d\u0101t pie t\u0101 jau \u0161odien un redz\u0113siet, k\u0101 ar katru vingrin\u0101jumu pieaugs j\u016bsu p\u0101rliec\u012bba un pl\u016bdums!\n\n<\/p>\r\n\r\n                            <a class=\"getStartedHidden\" href=\"https:\/\/app.talkpal.ai\/lv\/signup?lng=\">S\u0101c<\/a>\r\n        \r\n    <\/div>\r\n\r\n    <figure>\r\n    <img decoding=\"async\" width=\"768\" height=\"768\" src=\"https:\/\/talkpal.ai\/wp-content\/uploads\/2023\/06\/german-768x768.png\" class=\"languageImage no-lazy\" alt=\"Language learning for global networking\" fetchpriority=\"high\" sizes=\"(max-width: 768px) 150px, 768px\" srcset=\"https:\/\/talkpal.ai\/wp-content\/uploads\/2023\/06\/german-768x768.png 768w, https:\/\/talkpal.ai\/wp-content\/uploads\/2023\/06\/german-300x300.png 300w\" \/>\r\n    \r\n\r\n    <\/figure>\r\n\r\n            <a class=\"getStartedVisible\" href=\"https:\/\/app.talkpal.ai\/lv\/signup?lng=\">S\u0101c<\/a>\r\n    \r\n<\/section>\r\n\r\n\r\n<!-- <section class=\"grammarSection\">\r\n    <div class=\"grammarLinks\">\r\n        <a href=\"https:\/\/talkpal.ai\/lv\/exercise_language\/adverbs-vacu-gramatika\/\">Adverbs <\/a><a href=\"https:\/\/talkpal.ai\/lv\/exercise_language\/darbibas-vardi-vacu-gramatika\/\">Darb\u012bbas v\u0101rdi <\/a><a href=\"https:\/\/talkpal.ai\/lv\/exercise_language\/deklinacija-vacu-gramatika\/\">Deklin\u0101cija <\/a><a href=\"https:\/\/talkpal.ai\/lv\/exercise_language\/ipasibas-vardi-vacu-gramatika\/\">\u012apa\u0161\u012bbas v\u0101rdi <\/a><a href=\"https:\/\/talkpal.ai\/lv\/exercise_language\/laiki-vacu-gramatika\/\">Laiki <\/a><a href=\"https:\/\/talkpal.ai\/lv\/exercise_language\/lietvardi-un-raksti-vacu-gramatika\/\">Lietv\u0101rdi un raksti <\/a><a href=\"https:\/\/talkpal.ai\/lv\/exercise_language\/prievardi-vacu-gramatika\/\">Priev\u0101rdi <\/a><a href=\"https:\/\/talkpal.ai\/lv\/exercise_language\/teikuma-struktura-vacu-gramatika\/\">Teikuma strukt\u016bra <\/a><a href=\"https:\/\/talkpal.ai\/lv\/exercise_language\/vietniekvardi-vacu-gramatika\/\">Vietniekv\u0101rdi <\/a>    <\/div>\r\n<\/section> -->\r\n\r\n\r\n\r\n\r\n        <section class=\"grammarSection\">\r\n            <div class=\"grammarLinks\">\r\n                <a href=\"https:\/\/talkpal.ai\/lv\/exercise_language\/adverbs-vacu-gramatika\/\">Adverbs <\/a><a href=\"https:\/\/talkpal.ai\/lv\/exercise_language\/darbibas-vardi-vacu-gramatika\/\">Darb\u012bbas v\u0101rdi <\/a><a href=\"https:\/\/talkpal.ai\/lv\/exercise_language\/deklinacija-vacu-gramatika\/\">Deklin\u0101cija <\/a><a href=\"https:\/\/talkpal.ai\/lv\/exercise_language\/ipasibas-vardi-vacu-gramatika\/\">\u012apa\u0161\u012bbas v\u0101rdi <\/a><a href=\"https:\/\/talkpal.ai\/lv\/exercise_language\/laiki-vacu-gramatika\/\">Laiki <\/a><a href=\"https:\/\/talkpal.ai\/lv\/exercise_language\/lietvardi-un-raksti-vacu-gramatika\/\">Lietv\u0101rdi un raksti <\/a><a href=\"https:\/\/talkpal.ai\/lv\/exercise_language\/prievardi-vacu-gramatika\/\">Priev\u0101rdi <\/a><a href=\"https:\/\/talkpal.ai\/lv\/exercise_language\/teikuma-struktura-vacu-gramatika\/\">Teikuma strukt\u016bra <\/a><a href=\"https:\/\/talkpal.ai\/lv\/exercise_language\/vietniekvardi-vacu-gramatika\/\">Vietniekv\u0101rdi <\/a>            <\/div>\r\n        <\/section>\r\n<section class=\"promotionalBanner\">\r\n    <p class=\"promotionalText\">Visefekt\u012bv\u0101kais veids, k\u0101 apg\u016bt valodu<\/p>\r\n    <a class=\"promotionalLink\" href=\"https:\/\/app.talkpal.ai\/lv\/signup?lng=\">Izm\u0113\u0123iniet Talkpal bez maksas<\/a>\r\n<\/section>\n<div class=\"wp-block-group pageContainerStyle\"><div class=\"wp-block-group__inner-container is-layout-constrained wp-block-group-is-layout-constrained\">\n<h2 class=\"wp-block-heading\" id=\"h-german-grammar-topics\">V\u0101cu valodas gramatikas t\u0113mas<\/h2>\n\n\n\n<p>Jaunas <a href=\"https:\/\/talkpal.ai\/what-language-is-spoken-on-the-international-space-station\/\">valodas<\/a> apguve var b\u016bt bied\u0113jo\u0161s uzdevums, ta\u010du ar pareizo pieeju t\u0101 var b\u016bt aizraujo\u0161a un atalgojo\u0161a pieredze. <a href=\"https:\/\/talkpal.ai\/learn-german\/\">V\u0101cu<\/a> valoda ir \u013coti struktur\u0113ta un lo\u0123iska valoda, kas atvieglo m\u0101c\u012b\u0161anos, ja jums ir skaidra izpratne par t\u0101s gramatikas noteikumiem. \u0160\u012b rokasgr\u0101mata pal\u012bdz\u0113s jums izprast <a href=\"https:\/\/talkpal.ai\/lv\/vacu-valodas-apguves-nodarbibas\/\">v\u0101cu valodas<\/a> gramatikas galvenos aspektus, piem\u0113ram, laikus, darb\u012bbas v\u0101rdus, lietv\u0101rdus un rakstus, vietniekv\u0101rdus, \u012bpa\u0161\u012bbas v\u0101rdus, deklin\u0101ciju, adverbus, priev\u0101rdus un teikuma strukt\u016bru. Iev\u0113rojot \u0161o sec\u012bbu, j\u016bs var\u0113siet efekt\u012bvi un lietder\u012bgi virz\u012bties uz priek\u0161u sav\u0101 v\u0101cu <a href=\"https:\/\/talkpal.ai\/lv\/portugalu-valodas-apguves-nodarbibas\/\">valodas apguves<\/a> ce\u013cojum\u0101.<\/p>\n\n\n\n<h3 class=\"wp-block-heading\" id=\"h-1-nouns-and-articles\">1. Lietv\u0101rdi un raksti:<\/h3>\n\n\n\n<p>S\u0101ciet, apg\u016bstot v\u0101cu lietv\u0101rdu pamatus un tos pavado\u0161os rakstus. <a href=\"https:\/\/talkpal.ai\/lv\/runasana-vacu-valoda\/\">V\u0101cu valod\u0101<\/a> ir tr\u012bs dzimumi (v\u012bri\u0161\u0137ais, sievi\u0161\u0137ais un neitr\u0101ls) un \u010detri gad\u012bjumi (nominat\u012bvs, akuzat\u012bvs, dat\u012bvs un \u0123enit\u012bvs). \u0160o noteikumu izpratne pal\u012bdz\u0113s jums noteikt pareizo rakstu katram lietv\u0101rdam un likt pamatus j\u016bsu v\u0101cu valodas gramatikas zin\u0101\u0161an\u0101m.<\/p>\n\n\n\n<h3 class=\"wp-block-heading\" id=\"h-2-pronouns\">2. Vietniekv\u0101rdi:<\/h3>\n\n\n\n<p>Vietniekv\u0101rdi teikum\u0101 aizst\u0101j lietv\u0101rdus, un tiem ir da\u017e\u0101das formas atkar\u012bb\u0101 no to dzimuma, skaita un gad\u012bjuma. Iepaz\u012bstieties ar v\u0101cu vietniekv\u0101rdiem, piem\u0113ram, personiskajiem, piedero\u0161ajiem, refleks\u012bvajiem un relat\u012bvajiem vietniekv\u0101rdiem, lai izveidotu sare\u017e\u0123\u012bt\u0101kus teikumus un prec\u012bz\u0101k izteiktu savas domas.<\/p>\n\n\n\n<h3 class=\"wp-block-heading\" id=\"h-3-verbs\">3. Darb\u012bbas v\u0101rdi:<\/h3>\n\n\n\n<p>Darb\u012bbas v\u0101rdi ir iz\u0161\u0137iro\u0161i teikumu veido\u0161an\u0101, jo tie izsaka darb\u012bbas un st\u0101vok\u013cus. Uzziniet da\u017e\u0101dus v\u0101cu darb\u012bbas v\u0101rdu veidus, piem\u0113ram, regul\u0101rus, neregul\u0101rus, mod\u0101lus un refleks\u012bvus darb\u012bbas v\u0101rdus, k\u0101 ar\u012b to konjug\u0101cijas tagadnes, pag\u0101tnes un n\u0101kotnes laikos. Tas \u013caus jums efekt\u012bvi sazin\u0101ties da\u017e\u0101d\u0101s situ\u0101cij\u0101s.<\/p>\n\n\n\n<h3 class=\"wp-block-heading\" id=\"h-4-tenses\">4. Sasprindzin\u0101jums:<\/h3>\n\n\n\n<p>Laiks nor\u0101da laiku, kad notiek darb\u012bba. V\u0101cu valod\u0101 ir se\u0161i laiki: tagadne, vienk\u0101r\u0161a pag\u0101tne, tagadnes ide\u0101ls, pag\u0101tnes ide\u0101ls, n\u0101kotnes un n\u0101kotnes ide\u0101ls laiks. Izpratne par \u0161o laiku noteikumiem un lieto\u0161anu pal\u012bdz\u0113s jums skaidri un prec\u012bzi izteikties.<\/p>\n\n\n\n<h3 class=\"wp-block-heading\" id=\"h-5-adjectives\">5. \u012apa\u0161\u012bbas v\u0101rdi:<\/h3>\n\n\n\n<p>\u012apa\u0161\u012bbas v\u0101rdi apraksta lietv\u0101rdu un vietniekv\u0101rdu \u012bpa\u0161\u012bbas un p\u0113c dzimuma, skaita un gad\u012bjuma vienojas ar lietv\u0101rdu, ko tie maina. Uzziniet \u012bpa\u0161\u012bbas v\u0101rdu deklin\u0101cijas noteikumus, k\u0101 ar\u012b sal\u012bdzino\u0161\u0101s un superlat\u012bv\u0101s formas, lai uzlabotu aprakstus un padar\u012btu runu kr\u0101sain\u0101ku.<\/p>\n\n\n\n<h3 class=\"wp-block-heading\" id=\"h-6-declension\">6. Del\u0113cija:<\/h3>\n\n\n\n<p>Declension ir lietv\u0101rdu, vietniekv\u0101rdu un \u012bpa\u0161\u012bbas v\u0101rdu mai\u0146as process, lai teikum\u0101 nor\u0101d\u012btu to gramatisko funkciju. Iepaz\u012bstieties ar \u010detriem v\u0101cu gad\u012bjumiem un to, k\u0101 tie ietekm\u0113 v\u0101rdu galotnes, kas \u013caus jums izveidot gramatiski pareizus teikumus.<\/p>\n\n\n\n<h3 class=\"wp-block-heading\" id=\"h-7-adverbs\">7. Adverbi:<\/h3>\n\n\n\n<p>Adverbi sniedz papildu inform\u0101ciju par darb\u012bbas v\u0101rdiem, \u012bpa\u0161\u012bbas v\u0101rdiem vai citiem adverbiem. Uzziniet da\u017e\u0101dus v\u0101cu valodas adverbu veidus, piem\u0113ram, tos, kas nor\u0101da laiku, veidu un vietu, un to, k\u0101 tos efekt\u012bvi izmantot, lai runai pie\u0161\u0137irtu niansi un precizit\u0101ti.<\/p>\n\n\n\n<h3 class=\"wp-block-heading\" id=\"h-8-prepositions\">8. Priev\u0101rdi:<\/h3>\n\n\n\n<p>Priev\u0101rdi tiek izmantoti, lai nor\u0101d\u012btu attiec\u012bbas starp lietv\u0101rdiem vai vietniekv\u0101rdiem un citiem teikuma elementiem. Izp\u0113tiet da\u017e\u0101dus v\u0101cu valodas priev\u0101rdus un to lietojumu da\u017e\u0101dos gad\u012bjumos, lai lab\u0101k izprastu, k\u0101 tiek veidoti teikumi.<\/p>\n\n\n\n<h3 class=\"wp-block-heading\" id=\"h-9-sentence-structure\">9. Teikuma strukt\u016bra:<\/h3>\n\n\n\n<p>Visbeidzot, iepaz\u012bstieties ar v\u0101cu teikuma strukt\u016bru, ieskaitot v\u0101rdu sec\u012bbu, pak\u0101rtot\u0101s klauzulas un savienojumus. \u0160o noteikumu izpratne pal\u012bdz\u0113s jums izveidot saska\u0146otus un labi struktur\u0113tus teikumus, \u013caujot skaidri un efekt\u012bvi izteikt savas domas v\u0101cu valod\u0101.<\/p>\n<\/div><\/div>\n\r\n<section class=\"learnNavigationSection\">\r\n            \r\n        <a href=\"https:\/\/talkpal.ai\/lv\/macities-vacu-valodu\/\">\r\n            <div class=\"learnNavigationWrapper\">\r\n                <div class=\"learnNavigationContent\">\r\n                    <img decoding=\"async\" src=\"https:\/\/talkpal.ai\/wp-content\/uploads\/2024\/08\/German.jpg\" alt=\"German Flag\">\r\n                    <div>\r\n                        <h4>Par v\u0101cu valodas apguvi<\/h4>\r\n                        <p>Uzziniet visu par v\u0101cu valodas gramatiku.<\/p>\r\n                    <\/div>\r\n                <\/div>\r\n            <\/div>\r\n        <\/a>\r\n\r\n        \r\n        <a href=\"https:\/\/talkpal.ai\/lv\/vacu-valodas-gramatika\/\">\r\n            <div class=\"learnNavigationWrapper\">\r\n                <div class=\"learnNavigationContent\">\r\n                    <img decoding=\"async\" src=\"https:\/\/talkpal.ai\/wp-content\/uploads\/2024\/08\/German.jpg\" alt=\"German Flag\">\r\n                    <div>\r\n                        <h4>V\u0101cu valodas gramatikas stundas<\/h4>\r\n                        <p>Praktiz\u0113jiet v\u0101cu valodas gramatiku.<\/p>\r\n                    <\/div>\r\n                <\/div>\r\n            <\/div>\r\n        <\/a>\r\n\r\n        \r\n        <a href=\"https:\/\/talkpal.ai\/vocabulary_language\/german\/\">\r\n            <div class=\"learnNavigationWrapper\">\r\n                <div class=\"learnNavigationContent\">\r\n                    <img decoding=\"async\" src=\"https:\/\/talkpal.ai\/wp-content\/uploads\/2024\/08\/German.jpg\" alt=\"German Flag\">\r\n                    <div>\r\n                        <h4>V\u0101cu valodas v\u0101rdn\u012bca<\/h4>\r\n                        <p>Papla\u0161iniet savu v\u0101cu valodas v\u0101rdu kr\u0101jumu.<\/p>\r\n                    <\/div>\r\n                <\/div>\r\n            <\/div>\r\n        <\/a>\r\n\r\n            <\/section>","protected":false},"excerpt":{"rendered":"<p>V\u0101cu valodas gramatikas t\u0113mas Jaunas valodas apguve var b\u016bt bied\u0113jo\u0161s uzdevums, ta\u010du ar pareizo pieeju t\u0101 var b\u016bt aizraujo\u0161a un atalgojo\u0161a pieredze. V\u0101cu valoda ir \u013coti struktur\u0113ta un lo\u0123iska valoda, kas atvieglo m\u0101c\u012b\u0161anos, ja jums ir skaidra izpratne par t\u0101s gramatikas noteikumiem. \u0160\u012b rokasgr\u0101mata pal\u012bdz\u0113s jums izprast v\u0101cu valodas gramatikas galvenos aspektus, piem\u0113ram, laikus, darb\u012bbas [&hellip;]<\/p>\n","protected":false},"author":6,"featured_media":75518,"parent":0,"menu_order":0,"comment_status":"closed","ping_status":"closed","template":"LearningContentPage.php","meta":{"_acf_changed":false,"footnotes":""},"class_list":["post-132016","page","type-page","status-publish","has-post-thumbnail","hentry"],"acf":[],"yoast_head":"<!-- This site is optimized with the Yoast SEO Premium plugin v27.2 (Yoast SEO v27.2) - https:\/\/yoast.com\/product\/yoast-seo-premium-wordpress\/ -->\n<title>V\u0101cu valodas gramatikas vingrin\u0101jumi - Talkpal<\/title>\n<meta name=\"description\" content=\"Uzlabojiet savu v\u0101cu valodas gramatiku ar praktiskiem vingrin\u0101jumiem - \u0101tri uzlabojiet savas zin\u0101\u0161anas, interakt\u012bvi praktiz\u0113jieties un ieg\u016bstiet valodas p\u0101rliec\u012bbu, izmantojot Talkpal AI.\" \/>\n<meta name=\"robots\" content=\"index, follow, max-snippet:-1, max-image-preview:large, max-video-preview:-1\" \/>\n<link rel=\"canonical\" href=\"https:\/\/talkpal.ai\/lv\/vacu-valodas-gramatikas-vingrinajumi\/\" \/>\n<meta property=\"og:locale\" content=\"lv_LV\" \/>\n<meta property=\"og:type\" content=\"article\" \/>\n<meta property=\"og:title\" content=\"V\u0101cu valodas gramatikas vingrin\u0101jumi\" \/>\n<meta property=\"og:description\" content=\"V\u0101cu valodas gramatikas t\u0113mas Jaunas valodas apguve var b\u016bt bied\u0113jo\u0161s uzdevums, ta\u010du ar pareizo pieeju t\u0101 var b\u016bt aizraujo\u0161a un atalgojo\u0161a pieredze. V\u0101cu\" \/>\n<meta property=\"og:url\" content=\"https:\/\/talkpal.ai\/lv\/vacu-valodas-gramatikas-vingrinajumi\/\" \/>\n<meta property=\"og:site_name\" content=\"Talkpal\" \/>\n<meta property=\"article:publisher\" content=\"https:\/\/www.facebook.com\/profile.php?id=100090733639311\" \/>\n<meta property=\"article:modified_time\" content=\"2025-12-17T16:12:03+00:00\" \/>\n<meta property=\"og:image\" content=\"https:\/\/talkpal.ai\/wp-content\/uploads\/2023\/03\/germany.png\" \/>\n\t<meta property=\"og:image:width\" content=\"512\" \/>\n\t<meta property=\"og:image:height\" content=\"512\" \/>\n\t<meta property=\"og:image:type\" content=\"image\/png\" \/>\n<meta name=\"twitter:card\" content=\"summary_large_image\" \/>\n<meta name=\"twitter:site\" content=\"@talkpalai\" \/>\n<meta name=\"twitter:label1\" content=\"Est. reading time\" \/>\n\t<meta name=\"twitter:data1\" content=\"3 minutes\" \/>\n<script type=\"application\/ld+json\" class=\"yoast-schema-graph\">{\"@context\":\"https:\/\/schema.org\",\"@graph\":[{\"@type\":\"WebPage\",\"@id\":\"https:\/\/talkpal.ai\/lv\/vacu-valodas-gramatikas-vingrinajumi\/\",\"url\":\"https:\/\/talkpal.ai\/lv\/vacu-valodas-gramatikas-vingrinajumi\/\",\"name\":\"V\u0101cu valodas gramatikas vingrin\u0101jumi - Talkpal\",\"isPartOf\":{\"@id\":\"https:\/\/talkpal.ai\/lv\/#website\"},\"primaryImageOfPage\":{\"@id\":\"https:\/\/talkpal.ai\/lv\/vacu-valodas-gramatikas-vingrinajumi\/#primaryimage\"},\"image\":{\"@id\":\"https:\/\/talkpal.ai\/lv\/vacu-valodas-gramatikas-vingrinajumi\/#primaryimage\"},\"thumbnailUrl\":\"https:\/\/talkpal.ai\/wp-content\/uploads\/2023\/03\/germany.png\",\"datePublished\":\"2023-06-16T09:14:18+00:00\",\"dateModified\":\"2025-12-17T16:12:03+00:00\",\"description\":\"Uzlabojiet savu v\u0101cu valodas gramatiku ar praktiskiem vingrin\u0101jumiem - \u0101tri uzlabojiet savas zin\u0101\u0161anas, interakt\u012bvi praktiz\u0113jieties un ieg\u016bstiet valodas p\u0101rliec\u012bbu, izmantojot Talkpal AI.\",\"breadcrumb\":{\"@id\":\"https:\/\/talkpal.ai\/lv\/vacu-valodas-gramatikas-vingrinajumi\/#breadcrumb\"},\"inLanguage\":\"lv-LV\",\"potentialAction\":[{\"@type\":\"ReadAction\",\"target\":[\"https:\/\/talkpal.ai\/lv\/vacu-valodas-gramatikas-vingrinajumi\/\"]}]},{\"@type\":\"ImageObject\",\"inLanguage\":\"lv-LV\",\"@id\":\"https:\/\/talkpal.ai\/lv\/vacu-valodas-gramatikas-vingrinajumi\/#primaryimage\",\"url\":\"https:\/\/talkpal.ai\/wp-content\/uploads\/2023\/03\/germany.png\",\"contentUrl\":\"https:\/\/talkpal.ai\/wp-content\/uploads\/2023\/03\/germany.png\",\"width\":512,\"height\":512,\"caption\":\"TalkPal AI learn German\"},{\"@type\":\"BreadcrumbList\",\"@id\":\"https:\/\/talkpal.ai\/lv\/vacu-valodas-gramatikas-vingrinajumi\/#breadcrumb\",\"itemListElement\":[{\"@type\":\"ListItem\",\"position\":1,\"name\":\"Homepage\",\"item\":\"https:\/\/talkpal.ai\/lv\/\"},{\"@type\":\"ListItem\",\"position\":2,\"name\":\"V\u0101cu valodas gramatikas vingrin\u0101jumi\"}]},{\"@type\":\"WebSite\",\"@id\":\"https:\/\/talkpal.ai\/lv\/#website\",\"url\":\"https:\/\/talkpal.ai\/lv\/\",\"name\":\"Talkpal\",\"description\":\"AI Language Learning\",\"publisher\":{\"@id\":\"https:\/\/talkpal.ai\/lv\/#organization\"},\"alternateName\":\"Talkpal AI\",\"potentialAction\":[{\"@type\":\"SearchAction\",\"target\":{\"@type\":\"EntryPoint\",\"urlTemplate\":\"https:\/\/talkpal.ai\/lv\/?s={search_term_string}\"},\"query-input\":{\"@type\":\"PropertyValueSpecification\",\"valueRequired\":true,\"valueName\":\"search_term_string\"}}],\"inLanguage\":\"lv-LV\"},{\"@type\":\"Organization\",\"@id\":\"https:\/\/talkpal.ai\/lv\/#organization\",\"name\":\"Talkpal, Inc.\",\"alternateName\":\"Talkpal AI\",\"url\":\"https:\/\/talkpal.ai\/lv\/\",\"logo\":{\"@type\":\"ImageObject\",\"inLanguage\":\"lv-LV\",\"@id\":\"https:\/\/talkpal.ai\/lv\/#\/schema\/logo\/image\/\",\"url\":\"https:\/\/talkpal.ai\/wp-content\/uploads\/2024\/03\/Talkpal-Logo-Icon.png\",\"contentUrl\":\"https:\/\/talkpal.ai\/wp-content\/uploads\/2024\/03\/Talkpal-Logo-Icon.png\",\"width\":2880,\"height\":2880,\"caption\":\"Talkpal, Inc.\"},\"image\":{\"@id\":\"https:\/\/talkpal.ai\/lv\/#\/schema\/logo\/image\/\"},\"sameAs\":[\"https:\/\/www.facebook.com\/profile.php?id=100090733639311\",\"https:\/\/x.com\/talkpalai\",\"https:\/\/www.linkedin.com\/company\/talkpal\/\",\"https:\/\/www.youtube.com\/@TalkPal\/\",\"https:\/\/www.tiktok.com\/@talkpal\",\"https:\/\/www.instagram.com\/talkpal_ai\/\",\"https:\/\/www.crunchbase.com\/organization\/talkpal-9cde\",\"https:\/\/www.g2.com\/products\/talkpal-for-business\/\",\"https:\/\/www.trustpilot.com\/review\/talkpal.ai\",\"https:\/\/www.capterra.com\/p\/10006800\/TalkPal\/\"],\"description\":\"Talkpal is a language learning web and mobile education app, powered by the latest AI technologies, that provides engaging experiences to its customers in many different languages to help them improve their language skills. Users can chat about unlimited amount of topics with the app and use other modes to practice their language learning.\",\"email\":\"support@talkpal.ai\",\"legalName\":\"Talkpal, Inc.\",\"foundingDate\":\"2023-04-03\",\"duns\":\"118989042\",\"numberOfEmployees\":{\"@type\":\"QuantitativeValue\",\"minValue\":\"11\",\"maxValue\":\"50\"},\"publishingPrinciples\":\"https:\/\/talkpal.ai\/publishing-principles\/\",\"actionableFeedbackPolicy\":\"https:\/\/talkpal.ai\/actionable-feedback-policy\/\",\"correctionsPolicy\":\"https:\/\/talkpal.ai\/corrections-policy\/\",\"ethicsPolicy\":\"https:\/\/talkpal.ai\/ethics-policy\/\",\"diversityPolicy\":\"https:\/\/talkpal.ai\/diversity-policy\/\",\"diversityStaffingReport\":\"https:\/\/talkpal.ai\/diversity-policy\/\"}]}<\/script>\n<!-- \/ Yoast SEO Premium plugin. -->","yoast_head_json":{"title":"V\u0101cu valodas gramatikas vingrin\u0101jumi - Talkpal","description":"Uzlabojiet savu v\u0101cu valodas gramatiku ar praktiskiem vingrin\u0101jumiem - \u0101tri uzlabojiet savas zin\u0101\u0161anas, interakt\u012bvi praktiz\u0113jieties un ieg\u016bstiet valodas p\u0101rliec\u012bbu, izmantojot Talkpal AI.","robots":{"index":"index","follow":"follow","max-snippet":"max-snippet:-1","max-image-preview":"max-image-preview:large","max-video-preview":"max-video-preview:-1"},"canonical":"https:\/\/talkpal.ai\/lv\/vacu-valodas-gramatikas-vingrinajumi\/","og_locale":"lv_LV","og_type":"article","og_title":"V\u0101cu valodas gramatikas vingrin\u0101jumi","og_description":"V\u0101cu valodas gramatikas t\u0113mas Jaunas valodas apguve var b\u016bt bied\u0113jo\u0161s uzdevums, ta\u010du ar pareizo pieeju t\u0101 var b\u016bt aizraujo\u0161a un atalgojo\u0161a pieredze. V\u0101cu","og_url":"https:\/\/talkpal.ai\/lv\/vacu-valodas-gramatikas-vingrinajumi\/","og_site_name":"Talkpal","article_publisher":"https:\/\/www.facebook.com\/profile.php?id=100090733639311","article_modified_time":"2025-12-17T16:12:03+00:00","og_image":[{"width":512,"height":512,"url":"https:\/\/talkpal.ai\/wp-content\/uploads\/2023\/03\/germany.png","type":"image\/png"}],"twitter_card":"summary_large_image","twitter_site":"@talkpalai","twitter_misc":{"Est. reading time":"3 minutes"},"schema":{"@context":"https:\/\/schema.org","@graph":[{"@type":"WebPage","@id":"https:\/\/talkpal.ai\/lv\/vacu-valodas-gramatikas-vingrinajumi\/","url":"https:\/\/talkpal.ai\/lv\/vacu-valodas-gramatikas-vingrinajumi\/","name":"V\u0101cu valodas gramatikas vingrin\u0101jumi - Talkpal","isPartOf":{"@id":"https:\/\/talkpal.ai\/lv\/#website"},"primaryImageOfPage":{"@id":"https:\/\/talkpal.ai\/lv\/vacu-valodas-gramatikas-vingrinajumi\/#primaryimage"},"image":{"@id":"https:\/\/talkpal.ai\/lv\/vacu-valodas-gramatikas-vingrinajumi\/#primaryimage"},"thumbnailUrl":"https:\/\/talkpal.ai\/wp-content\/uploads\/2023\/03\/germany.png","datePublished":"2023-06-16T09:14:18+00:00","dateModified":"2025-12-17T16:12:03+00:00","description":"Uzlabojiet savu v\u0101cu valodas gramatiku ar praktiskiem vingrin\u0101jumiem - \u0101tri uzlabojiet savas zin\u0101\u0161anas, interakt\u012bvi praktiz\u0113jieties un ieg\u016bstiet valodas p\u0101rliec\u012bbu, izmantojot Talkpal AI.","breadcrumb":{"@id":"https:\/\/talkpal.ai\/lv\/vacu-valodas-gramatikas-vingrinajumi\/#breadcrumb"},"inLanguage":"lv-LV","potentialAction":[{"@type":"ReadAction","target":["https:\/\/talkpal.ai\/lv\/vacu-valodas-gramatikas-vingrinajumi\/"]}]},{"@type":"ImageObject","inLanguage":"lv-LV","@id":"https:\/\/talkpal.ai\/lv\/vacu-valodas-gramatikas-vingrinajumi\/#primaryimage","url":"https:\/\/talkpal.ai\/wp-content\/uploads\/2023\/03\/germany.png","contentUrl":"https:\/\/talkpal.ai\/wp-content\/uploads\/2023\/03\/germany.png","width":512,"height":512,"caption":"TalkPal AI learn German"},{"@type":"BreadcrumbList","@id":"https:\/\/talkpal.ai\/lv\/vacu-valodas-gramatikas-vingrinajumi\/#breadcrumb","itemListElement":[{"@type":"ListItem","position":1,"name":"Homepage","item":"https:\/\/talkpal.ai\/lv\/"},{"@type":"ListItem","position":2,"name":"V\u0101cu valodas gramatikas vingrin\u0101jumi"}]},{"@type":"WebSite","@id":"https:\/\/talkpal.ai\/lv\/#website","url":"https:\/\/talkpal.ai\/lv\/","name":"Talkpal","description":"AI Language Learning","publisher":{"@id":"https:\/\/talkpal.ai\/lv\/#organization"},"alternateName":"Talkpal AI","potentialAction":[{"@type":"SearchAction","target":{"@type":"EntryPoint","urlTemplate":"https:\/\/talkpal.ai\/lv\/?s={search_term_string}"},"query-input":{"@type":"PropertyValueSpecification","valueRequired":true,"valueName":"search_term_string"}}],"inLanguage":"lv-LV"},{"@type":"Organization","@id":"https:\/\/talkpal.ai\/lv\/#organization","name":"Talkpal, Inc.","alternateName":"Talkpal AI","url":"https:\/\/talkpal.ai\/lv\/","logo":{"@type":"ImageObject","inLanguage":"lv-LV","@id":"https:\/\/talkpal.ai\/lv\/#\/schema\/logo\/image\/","url":"https:\/\/talkpal.ai\/wp-content\/uploads\/2024\/03\/Talkpal-Logo-Icon.png","contentUrl":"https:\/\/talkpal.ai\/wp-content\/uploads\/2024\/03\/Talkpal-Logo-Icon.png","width":2880,"height":2880,"caption":"Talkpal, Inc."},"image":{"@id":"https:\/\/talkpal.ai\/lv\/#\/schema\/logo\/image\/"},"sameAs":["https:\/\/www.facebook.com\/profile.php?id=100090733639311","https:\/\/x.com\/talkpalai","https:\/\/www.linkedin.com\/company\/talkpal\/","https:\/\/www.youtube.com\/@TalkPal\/","https:\/\/www.tiktok.com\/@talkpal","https:\/\/www.instagram.com\/talkpal_ai\/","https:\/\/www.crunchbase.com\/organization\/talkpal-9cde","https:\/\/www.g2.com\/products\/talkpal-for-business\/","https:\/\/www.trustpilot.com\/review\/talkpal.ai","https:\/\/www.capterra.com\/p\/10006800\/TalkPal\/"],"description":"Talkpal is a language learning web and mobile education app, powered by the latest AI technologies, that provides engaging experiences to its customers in many different languages to help them improve their language skills. Users can chat about unlimited amount of topics with the app and use other modes to practice their language learning.","email":"support@talkpal.ai","legalName":"Talkpal, Inc.","foundingDate":"2023-04-03","duns":"118989042","numberOfEmployees":{"@type":"QuantitativeValue","minValue":"11","maxValue":"50"},"publishingPrinciples":"https:\/\/talkpal.ai\/publishing-principles\/","actionableFeedbackPolicy":"https:\/\/talkpal.ai\/actionable-feedback-policy\/","correctionsPolicy":"https:\/\/talkpal.ai\/corrections-policy\/","ethicsPolicy":"https:\/\/talkpal.ai\/ethics-policy\/","diversityPolicy":"https:\/\/talkpal.ai\/diversity-policy\/","diversityStaffingReport":"https:\/\/talkpal.ai\/diversity-policy\/"}]}},"_links":{"self":[{"href":"https:\/\/talkpal.ai\/lv\/wp-json\/wp\/v2\/pages\/132016","targetHints":{"allow":["GET"]}}],"collection":[{"href":"https:\/\/talkpal.ai\/lv\/wp-json\/wp\/v2\/pages"}],"about":[{"href":"https:\/\/talkpal.ai\/lv\/wp-json\/wp\/v2\/types\/page"}],"author":[{"embeddable":true,"href":"https:\/\/talkpal.ai\/lv\/wp-json\/wp\/v2\/users\/6"}],"replies":[{"embeddable":true,"href":"https:\/\/talkpal.ai\/lv\/wp-json\/wp\/v2\/comments?post=132016"}],"version-history":[{"count":0,"href":"https:\/\/talkpal.ai\/lv\/wp-json\/wp\/v2\/pages\/132016\/revisions"}],"wp:featuredmedia":[{"embeddable":true,"href":"https:\/\/talkpal.ai\/lv\/wp-json\/wp\/v2\/media\/75518"}],"wp:attachment":[{"href":"https:\/\/talkpal.ai\/lv\/wp-json\/wp\/v2\/media?parent=132016"}],"curies":[{"name":"wp","href":"https:\/\/api.w.org\/{rel}","templated":true}]}}