{"id":131757,"date":"2023-06-16T08:35:52","date_gmt":"2023-06-16T08:35:52","guid":{"rendered":"http:\/\/talkpal.ai\/francu-valodas-gramatikas-vingrinajumi\/"},"modified":"2025-12-17T16:47:09","modified_gmt":"2025-12-17T16:47:09","slug":"francu-valodas-gramatikas-vingrinajumi","status":"publish","type":"page","link":"https:\/\/talkpal.ai\/lv\/francu-valodas-gramatikas-vingrinajumi\/","title":{"rendered":"Fran\u010du valodas gramatikas vingrin\u0101jumi"},"content":{"rendered":"\r\n\r\n\r\n<section class=\"languageChallengeSection\">\r\n    <div class=\"languageInfoWrapper\">\r\n        \r\n        <h1>Fran\u010du valodas gramatikas vingrin\u0101jumi<\/h1>\r\n        <p>V\u0113laties apg\u016bt <a href=\"https:\/\/talkpal.ai\/lv\/macities-francu-valodu\/\">fran\u010du valodu<\/a>? Gramatikas vingrin\u0101jumu praktiz\u0113\u0161ana ir lielisks veids, k\u0101 izprast teikuma strukt\u016bru, darb\u012bbas v\u0101rdu loc\u012bjumus un <a href=\"https:\/\/talkpal.ai\/lv\/francu-valodas-apguves-nodarbibas\/\">fran\u010du valodas<\/a> unik\u0101los mode\u013cus. S\u0101ciet str\u0101d\u0101t ar fran\u010du <a href=\"https:\/\/talkpal.ai\/what-language-is-spoken-on-the-international-space-station\/\">valodas<\/a> gramatiku jau \u0161odien un v\u0113rojiet, k\u0101 ar katru vingrin\u0101jumu pieaug j\u016bsu p\u0101rliec\u012bba un valodas pl\u016bdums!\n\n<\/p>\r\n\r\n                            <a class=\"getStartedHidden\" href=\"https:\/\/app.talkpal.ai\/lv\/signup?lng=\">S\u0101c<\/a>\r\n        \r\n    <\/div>\r\n\r\n    <figure>\r\n    <img decoding=\"async\" width=\"768\" height=\"768\" src=\"https:\/\/talkpal.ai\/wp-content\/uploads\/2023\/06\/french-768x768.png\" class=\"languageImage no-lazy\" alt=\"Language learning strategies for professionals\" fetchpriority=\"high\" sizes=\"(max-width: 768px) 150px, 768px\" srcset=\"https:\/\/talkpal.ai\/wp-content\/uploads\/2023\/06\/french-768x768.png 768w, https:\/\/talkpal.ai\/wp-content\/uploads\/2023\/06\/french-300x300.png 300w\" \/>\r\n    \r\n\r\n    <\/figure>\r\n\r\n            <a class=\"getStartedVisible\" href=\"https:\/\/app.talkpal.ai\/lv\/signup?lng=\">S\u0101c<\/a>\r\n    \r\n<\/section>\r\n\r\n\r\n<!-- <section class=\"grammarSection\">\r\n    <div class=\"grammarLinks\">\r\n        <a href=\"https:\/\/talkpal.ai\/lv\/exercise_language\/adverbs-francu-gramatika\/\">Adverbs <\/a><a href=\"https:\/\/talkpal.ai\/lv\/exercise_language\/darbibas-vardi-francu-gramatika\/\">Darb\u012bbas v\u0101rdi <\/a><a href=\"https:\/\/talkpal.ai\/lv\/exercise_language\/ipasibas-vardi-francu-gramatika\/\">\u012apa\u0161\u012bbas v\u0101rdi <\/a><a href=\"https:\/\/talkpal.ai\/lv\/exercise_language\/laiki-indikativi-francu-gramatika\/\">Laiki \u2013 indikat\u012bvi \u2013 fran\u010du gramatika<\/a><a href=\"https:\/\/talkpal.ai\/lv\/exercise_language\/lietvardi-francu-gramatika\/\">Lietv\u0101rdi <\/a><a href=\"https:\/\/talkpal.ai\/lv\/exercise_language\/prievardi-francu-gramatika\/\">Priev\u0101rdi <\/a><a href=\"https:\/\/talkpal.ai\/lv\/exercise_language\/raksti-francu-gramatika\/\">Raksti <\/a><a href=\"https:\/\/talkpal.ai\/lv\/exercise_language\/teikuma-struktura-francu-valodas-gramatika\/\">Teikuma strukt\u016bra <\/a><a href=\"https:\/\/talkpal.ai\/lv\/exercise_language\/vietniekvardi-un-noteicosie-faktori-francu-gramatika\/\">Vietniekv\u0101rdi un noteico\u0161ie faktori <\/a>    <\/div>\r\n<\/section> -->\r\n\r\n\r\n\r\n\r\n        <section class=\"grammarSection\">\r\n            <div class=\"grammarLinks\">\r\n                <a href=\"https:\/\/talkpal.ai\/lv\/exercise_language\/adverbs-francu-gramatika\/\">Adverbs <\/a><a href=\"https:\/\/talkpal.ai\/lv\/exercise_language\/darbibas-vardi-francu-gramatika\/\">Darb\u012bbas v\u0101rdi <\/a><a href=\"https:\/\/talkpal.ai\/lv\/exercise_language\/ipasibas-vardi-francu-gramatika\/\">\u012apa\u0161\u012bbas v\u0101rdi <\/a><a href=\"https:\/\/talkpal.ai\/lv\/exercise_language\/laiki-indikativi-francu-gramatika\/\">Laiki \u2013 indikat\u012bvi \u2013 fran\u010du gramatika<\/a><a href=\"https:\/\/talkpal.ai\/lv\/exercise_language\/lietvardi-francu-gramatika\/\">Lietv\u0101rdi <\/a><a href=\"https:\/\/talkpal.ai\/lv\/exercise_language\/prievardi-francu-gramatika\/\">Priev\u0101rdi <\/a><a href=\"https:\/\/talkpal.ai\/lv\/exercise_language\/raksti-francu-gramatika\/\">Raksti <\/a><a href=\"https:\/\/talkpal.ai\/lv\/exercise_language\/teikuma-struktura-francu-valodas-gramatika\/\">Teikuma strukt\u016bra <\/a><a href=\"https:\/\/talkpal.ai\/lv\/exercise_language\/vietniekvardi-un-noteicosie-faktori-francu-gramatika\/\">Vietniekv\u0101rdi un noteico\u0161ie faktori <\/a>            <\/div>\r\n        <\/section>\r\n<section class=\"promotionalBanner\">\r\n    <p class=\"promotionalText\">Visefekt\u012bv\u0101kais veids, k\u0101 apg\u016bt valodu<\/p>\r\n    <a class=\"promotionalLink\" href=\"https:\/\/app.talkpal.ai\/lv\/signup?lng=\">Izm\u0113\u0123iniet Talkpal bez maksas<\/a>\r\n<\/section>\n<div class=\"wp-block-group pageContainerStyle\"><div class=\"wp-block-group__inner-container is-layout-constrained wp-block-group-is-layout-constrained\">\n<h2 class=\"wp-block-heading\" id=\"h-french-grammar-topics\">Fran\u010du valodas gramatikas t\u0113mas<\/h2>\n\n\n\n<p>Fran\u010du valodas apguve var b\u016bt aizraujo\u0161a un atalgojo\u0161a pieredze. K\u0101 valoda, kas bag\u0101ta ar v\u0113sturi un kult\u016bru, <a href=\"https:\/\/talkpal.ai\/learn-french\/\">fran\u010du valoda<\/a> pied\u0101v\u0101 unik\u0101lu skat\u012bjumu uz pasauli un ir b\u016btisks sazi\u0146as l\u012bdzeklis da\u017e\u0101d\u0101s jom\u0101s. Lai efekt\u012bvi apg\u016btu fran\u010du valodu, ir \u013coti svar\u012bgi labi izprast t\u0101s gramatiku, kas ir jebkuras valodas pamats. \u0160\u0101da fran\u010du valodas gramatikas t\u0113mu sec\u012bba, ieskaitot \u012bpa\u0161\u012bbas v\u0101rdus, adverbus, rakstus, lietv\u0101rdus, priev\u0101rdus, vietniekv\u0101rdus un noteic\u0113jus, teikuma strukt\u016bru, laikus \u2013 indikat\u012bvos un darb\u012bbas v\u0101rdus, pal\u012bdz\u0113s jums virz\u012bties uz valodas apguvi.<\/p>\n\n\n\n<h3 class=\"wp-block-heading\" id=\"h-1-nouns\">1. Lietv\u0101rdi:<\/h3>\n\n\n\n<p>Lietv\u0101rdi ir jebkuras valodas galvenie pamatelementi, jo tie p\u0101rst\u0101v cilv\u0113kus, vietas, lietas vai idejas. Fran\u010du valod\u0101 lietv\u0101rdiem ir dzimtes (v\u012brie\u0161u vai sievie\u0161u), un tie var b\u016bt vienskaitlis vai daudzskaitlis. Ir \u013coti svar\u012bgi izprast lietv\u0101rdu dzimumu un skaitu, jo tas ietekm\u0113 citu v\u0101rdu formas teikum\u0101, piem\u0113ram, \u012bpa\u0161\u012bbas v\u0101rdus, rakstus un vietniekv\u0101rdus.<\/p>\n\n\n\n<h3 class=\"wp-block-heading\" id=\"h-2-articles\">2. Raksti:<\/h3>\n\n\n\n<p>Raksti ir b\u016btiski fran\u010du valodas gramatik\u0101, jo tie sniedz inform\u0101ciju par lietv\u0101rda dzimumu un skaitu. Fran\u010du valod\u0101 ir tr\u012bs veidu raksti: noteikts (le, la, les), nenoteikts (un, une, des) un partit\u012bvs (du, de la, des). Atbilsto\u0161a raksta izmanto\u0161ana pal\u012bdz nodot teikuma paredz\u0113to noz\u012bmi.<\/p>\n\n\n\n<h3 class=\"wp-block-heading\" id=\"h-3-adjectives\">3. \u012apa\u0161\u012bbas v\u0101rdi:<\/h3>\n\n\n\n<p>\u012apa\u0161\u012bbas v\u0101rdi tiek izmantoti, lai aprakst\u012btu vai modific\u0113tu lietv\u0101rdus. Fran\u010du valod\u0101 \u012bpa\u0161\u012bbas v\u0101rdiem ir j\u0101piekr\u012bt lietv\u0101rdam, ko tie maina dzimum\u0101 un skait\u0101. Turkl\u0101t \u012bpa\u0161\u012bbas v\u0101rdu novietojums teikum\u0101 var at\u0161\u0137irties, lai gan liel\u0101k\u0101 da\u013ca \u012bpa\u0161\u012bbas v\u0101rdu seko lietv\u0101rdam, ko tie apraksta.<\/p>\n\n\n\n<h3 class=\"wp-block-heading\" id=\"h-4-pronouns-and-determiners\">4. Vietniekv\u0101rdi un noteic\u0113ji:<\/h3>\n\n\n\n<p>Vietniekv\u0101rdi aizst\u0101j lietv\u0101rdus, lai izvair\u012btos no atk\u0101rto\u0161an\u0101s, savuk\u0101rt noteic\u0113ji nor\u0101da vai kvantific\u0113 lietv\u0101rdus. Gan vietniekv\u0101rdiem, gan noteic\u0113jiem ir j\u0101piekr\u012bt lietv\u0101rdam, ko tie aizst\u0101j vai pavada p\u0113c dzimuma un skaita. Fran\u010du vietniekv\u0101rdi ietver subjekta vietniekv\u0101rdus (je, tu, il utt.), Objektu vietniekv\u0101rdus (me, te, lui utt.) un refleks\u012bvos vietniekv\u0101rdus (me, te, se utt.). Noteic\u0113ji ietver pieder\u012bbas \u012bpa\u0161\u012bbas v\u0101rdus (mon, ma, mes utt.) un demonstrat\u012bvos \u012bpa\u0161\u012bbas v\u0101rdus (ce, cette, ces utt.).<\/p>\n\n\n\n<h3 class=\"wp-block-heading\" id=\"h-5-verbs\">5. Darb\u012bbas v\u0101rdi:<\/h3>\n\n\n\n<p>Darb\u012bbas v\u0101rdi izsaka darb\u012bbas, st\u0101vok\u013cus vai notikumus. Fran\u010du valod\u0101 darb\u012bbas v\u0101rdi tiek konjug\u0113ti, lai vienotos par t\u0113mu person\u012bgi un skaitu un izteiktu da\u017e\u0101dus laikus un noska\u0146as. Regul\u0101ri darb\u012bbas v\u0101rdi seko paredzamam modelim, savuk\u0101rt neregul\u0101riem darb\u012bbas v\u0101rdiem ir nepiecie\u0161ama iegaum\u0113\u0161ana.<\/p>\n\n\n\n<h3 class=\"wp-block-heading\" id=\"h-6-tenses-indicative\">6. Laiki &#8211; indikat\u012bvs:<\/h3>\n\n\n\n<p>Indikat\u012bvo noska\u0146ojumu izmanto, lai izteiktu faktus un objekt\u012bvus apgalvojumus. Fran\u010du valod\u0101 ir asto\u0146i sasprindzin\u0101jumi: tagadne, n\u0101kotne, nepiln\u012bga, vienk\u0101r\u0161a pag\u0101tne, pluperfekts, n\u0101kotnes ide\u0101ls, pag\u0101tnes nosac\u012bts un pag\u0101tnes ide\u0101ls. \u0160o laiku izpratne un apg\u016b\u0161ana ir b\u016btiska, lai izteiktu laiku un sec\u012bbu fran\u010du valod\u0101.<\/p>\n\n\n\n<h3 class=\"wp-block-heading\" id=\"h-7-adverbs\">7. Adverbi:<\/h3>\n\n\n\n<p>Adverbi modific\u0113 darb\u012bbas v\u0101rdus, \u012bpa\u0161\u012bbas v\u0101rdus vai citus adverbus, sniedzot papildu inform\u0101ciju par darb\u012bbu, st\u0101vokli vai kvalit\u0101ti. Fran\u010du valod\u0101 liel\u0101k\u0101 da\u013ca adverbu veidojas, pievienojot \u012bpa\u0161\u012bbas v\u0101rda sievi\u0161\u0137\u012bgajai formai. Adverbi parasti seko darb\u012bbas v\u0101rdam, ko tie modific\u0113.<\/p>\n\n\n\n<h3 class=\"wp-block-heading\" id=\"h-8-prepositions\">8. Priev\u0101rdi:<\/h3>\n\n\n\n<p>Priev\u0101rdi saista v\u0101rdus vai v\u0101rdu grupas, nor\u0101dot attiec\u012bbas, piem\u0113ram, atra\u0161an\u0101s vietu, virzienu, laiku vai c\u0113loni. Izplat\u012bt\u0101kie fran\u010du priev\u0101rdi ir \u00e0 (at, to), de (of, from), en (in, on) un pour (for). Priev\u0101rdu apguve un to lietojums ir b\u016btisks, lai izveidotu saska\u0146otus teikumus.<\/p>\n\n\n\n<h3 class=\"wp-block-heading\" id=\"h-9-sentence-structure\">9. Teikuma strukt\u016bra:<\/h3>\n\n\n\n<p>Fran\u010du teikumi seko subjekta-verba-objekta (SVO) strukt\u016brai, l\u012bdz\u012bgi k\u0101 <a href=\"https:\/\/talkpal.ai\/learn-english-with-ai\/\">ang\u013cu<\/a> valod\u0101. Tom\u0113r v\u0101rdu sec\u012bba var at\u0161\u0137irties atkar\u012bb\u0101 no vietniekv\u0101rdu lieto\u0161anas, nolieguma un uzsvara. Izpratne par teikuma strukt\u016bru ir b\u016btiska, lai veidotu skaidrus un prec\u012bzus apgalvojumus un jaut\u0101jumus fran\u010du valod\u0101.<\/p>\n<\/div><\/div>\n\r\n<section class=\"learnNavigationSection\">\r\n            \r\n        <a href=\"https:\/\/talkpal.ai\/lv\/macities-francu-valodu\/\">\r\n            <div class=\"learnNavigationWrapper\">\r\n                <div class=\"learnNavigationContent\">\r\n                    <img decoding=\"async\" src=\"https:\/\/talkpal.ai\/wp-content\/uploads\/2024\/08\/French.jpg\" alt=\"French Flag\">\r\n                    <div>\r\n                        <h4>Par fran\u010du valodas apguvi<\/h4>\r\n                        <p>Uzziniet visu par fran\u010du valodas gramatiku.<\/p>\r\n                    <\/div>\r\n                <\/div>\r\n            <\/div>\r\n        <\/a>\r\n\r\n        \r\n        <a href=\"https:\/\/talkpal.ai\/lv\/francu-valodas-gramatika\/\">\r\n            <div class=\"learnNavigationWrapper\">\r\n                <div class=\"learnNavigationContent\">\r\n                    <img decoding=\"async\" src=\"https:\/\/talkpal.ai\/wp-content\/uploads\/2024\/08\/French.jpg\" alt=\"French Flag\">\r\n                    <div>\r\n                        <h4>Fran\u010du valodas gramatikas stundas<\/h4>\r\n                        <p>Praktiz\u0113jiet fran\u010du valodas gramatiku.<\/p>\r\n                    <\/div>\r\n                <\/div>\r\n            <\/div>\r\n        <\/a>\r\n\r\n        \r\n        <a href=\"https:\/\/talkpal.ai\/vocabulary_language\/french\/\">\r\n            <div class=\"learnNavigationWrapper\">\r\n                <div class=\"learnNavigationContent\">\r\n                    <img decoding=\"async\" src=\"https:\/\/talkpal.ai\/wp-content\/uploads\/2024\/08\/French.jpg\" alt=\"French Flag\">\r\n                    <div>\r\n                        <h4>Fran\u010du valodas v\u0101rdn\u012bca<\/h4>\r\n                        <p>Papla\u0161iniet savu fran\u010du valodas v\u0101rdu kr\u0101jumu.<\/p>\r\n                    <\/div>\r\n                <\/div>\r\n            <\/div>\r\n        <\/a>\r\n\r\n            <\/section>","protected":false},"excerpt":{"rendered":"<p>Fran\u010du valodas gramatikas t\u0113mas Fran\u010du valodas apguve var b\u016bt aizraujo\u0161a un atalgojo\u0161a pieredze. K\u0101 valoda, kas bag\u0101ta ar v\u0113sturi un kult\u016bru, fran\u010du valoda pied\u0101v\u0101 unik\u0101lu skat\u012bjumu uz pasauli un ir b\u016btisks sazi\u0146as l\u012bdzeklis da\u017e\u0101d\u0101s jom\u0101s. Lai efekt\u012bvi apg\u016btu fran\u010du valodu, ir \u013coti svar\u012bgi labi izprast t\u0101s gramatiku, kas ir jebkuras valodas pamats. \u0160\u0101da fran\u010du valodas [&hellip;]<\/p>\n","protected":false},"author":6,"featured_media":75817,"parent":0,"menu_order":0,"comment_status":"closed","ping_status":"closed","template":"LearningContentPage.php","meta":{"_acf_changed":false,"footnotes":""},"class_list":["post-131757","page","type-page","status-publish","has-post-thumbnail","hentry"],"acf":[],"yoast_head":"<!-- This site is optimized with the Yoast SEO Premium plugin v27.2 (Yoast SEO v27.2) - https:\/\/yoast.com\/product\/yoast-seo-premium-wordpress\/ -->\n<title>Fran\u010du valodas gramatikas vingrin\u0101jumi - Talkpal<\/title>\n<meta name=\"description\" content=\"Praktiz\u0113jiet un uzlabojiet savas fran\u010du valodas gramatikas prasmes, izmantojot interakt\u012bvus vingrin\u0101jumus, kas paredz\u0113ti visiem l\u012bme\u0146iem. Uzlabojiet savas valodu zin\u0101\u0161anas!\" \/>\n<meta name=\"robots\" content=\"index, follow, max-snippet:-1, max-image-preview:large, max-video-preview:-1\" \/>\n<link rel=\"canonical\" href=\"https:\/\/talkpal.ai\/lv\/francu-valodas-gramatikas-vingrinajumi\/\" \/>\n<meta property=\"og:locale\" content=\"lv_LV\" \/>\n<meta property=\"og:type\" content=\"article\" \/>\n<meta property=\"og:title\" content=\"Fran\u010du valodas gramatikas vingrin\u0101jumi\" \/>\n<meta property=\"og:description\" content=\"Fran\u010du valodas gramatikas t\u0113mas Fran\u010du valodas apguve var b\u016bt aizraujo\u0161a un atalgojo\u0161a pieredze. K\u0101 valoda, kas bag\u0101ta ar v\u0113sturi un kult\u016bru, fran\u010du\" \/>\n<meta property=\"og:url\" content=\"https:\/\/talkpal.ai\/lv\/francu-valodas-gramatikas-vingrinajumi\/\" \/>\n<meta property=\"og:site_name\" content=\"Talkpal\" \/>\n<meta property=\"article:publisher\" content=\"https:\/\/www.facebook.com\/profile.php?id=100090733639311\" \/>\n<meta property=\"article:modified_time\" content=\"2025-12-17T16:47:09+00:00\" \/>\n<meta property=\"og:image\" content=\"https:\/\/talkpal.ai\/wp-content\/uploads\/2023\/03\/france.png\" \/>\n\t<meta property=\"og:image:width\" content=\"512\" \/>\n\t<meta property=\"og:image:height\" content=\"512\" \/>\n\t<meta property=\"og:image:type\" content=\"image\/png\" \/>\n<meta name=\"twitter:card\" content=\"summary_large_image\" \/>\n<meta name=\"twitter:site\" content=\"@talkpalai\" \/>\n<meta name=\"twitter:label1\" content=\"Est. reading time\" \/>\n\t<meta name=\"twitter:data1\" content=\"4 minutes\" \/>\n<script type=\"application\/ld+json\" class=\"yoast-schema-graph\">{\"@context\":\"https:\/\/schema.org\",\"@graph\":[{\"@type\":\"WebPage\",\"@id\":\"https:\/\/talkpal.ai\/lv\/francu-valodas-gramatikas-vingrinajumi\/\",\"url\":\"https:\/\/talkpal.ai\/lv\/francu-valodas-gramatikas-vingrinajumi\/\",\"name\":\"Fran\u010du valodas gramatikas vingrin\u0101jumi - Talkpal\",\"isPartOf\":{\"@id\":\"https:\/\/talkpal.ai\/lv\/#website\"},\"primaryImageOfPage\":{\"@id\":\"https:\/\/talkpal.ai\/lv\/francu-valodas-gramatikas-vingrinajumi\/#primaryimage\"},\"image\":{\"@id\":\"https:\/\/talkpal.ai\/lv\/francu-valodas-gramatikas-vingrinajumi\/#primaryimage\"},\"thumbnailUrl\":\"https:\/\/talkpal.ai\/wp-content\/uploads\/2023\/03\/france.png\",\"datePublished\":\"2023-06-16T08:35:52+00:00\",\"dateModified\":\"2025-12-17T16:47:09+00:00\",\"description\":\"Praktiz\u0113jiet un uzlabojiet savas fran\u010du valodas gramatikas prasmes, izmantojot interakt\u012bvus vingrin\u0101jumus, kas paredz\u0113ti visiem l\u012bme\u0146iem. Uzlabojiet savas valodu zin\u0101\u0161anas!\",\"breadcrumb\":{\"@id\":\"https:\/\/talkpal.ai\/lv\/francu-valodas-gramatikas-vingrinajumi\/#breadcrumb\"},\"inLanguage\":\"lv-LV\",\"potentialAction\":[{\"@type\":\"ReadAction\",\"target\":[\"https:\/\/talkpal.ai\/lv\/francu-valodas-gramatikas-vingrinajumi\/\"]}]},{\"@type\":\"ImageObject\",\"inLanguage\":\"lv-LV\",\"@id\":\"https:\/\/talkpal.ai\/lv\/francu-valodas-gramatikas-vingrinajumi\/#primaryimage\",\"url\":\"https:\/\/talkpal.ai\/wp-content\/uploads\/2023\/03\/france.png\",\"contentUrl\":\"https:\/\/talkpal.ai\/wp-content\/uploads\/2023\/03\/france.png\",\"width\":512,\"height\":512,\"caption\":\"TalkPal AI learn French\"},{\"@type\":\"BreadcrumbList\",\"@id\":\"https:\/\/talkpal.ai\/lv\/francu-valodas-gramatikas-vingrinajumi\/#breadcrumb\",\"itemListElement\":[{\"@type\":\"ListItem\",\"position\":1,\"name\":\"Homepage\",\"item\":\"https:\/\/talkpal.ai\/lv\/\"},{\"@type\":\"ListItem\",\"position\":2,\"name\":\"Fran\u010du valodas gramatikas vingrin\u0101jumi\"}]},{\"@type\":\"WebSite\",\"@id\":\"https:\/\/talkpal.ai\/lv\/#website\",\"url\":\"https:\/\/talkpal.ai\/lv\/\",\"name\":\"Talkpal\",\"description\":\"AI Language Learning\",\"publisher\":{\"@id\":\"https:\/\/talkpal.ai\/lv\/#organization\"},\"alternateName\":\"Talkpal AI\",\"potentialAction\":[{\"@type\":\"SearchAction\",\"target\":{\"@type\":\"EntryPoint\",\"urlTemplate\":\"https:\/\/talkpal.ai\/lv\/?s={search_term_string}\"},\"query-input\":{\"@type\":\"PropertyValueSpecification\",\"valueRequired\":true,\"valueName\":\"search_term_string\"}}],\"inLanguage\":\"lv-LV\"},{\"@type\":\"Organization\",\"@id\":\"https:\/\/talkpal.ai\/lv\/#organization\",\"name\":\"Talkpal, Inc.\",\"alternateName\":\"Talkpal AI\",\"url\":\"https:\/\/talkpal.ai\/lv\/\",\"logo\":{\"@type\":\"ImageObject\",\"inLanguage\":\"lv-LV\",\"@id\":\"https:\/\/talkpal.ai\/lv\/#\/schema\/logo\/image\/\",\"url\":\"https:\/\/talkpal.ai\/wp-content\/uploads\/2024\/03\/Talkpal-Logo-Icon.png\",\"contentUrl\":\"https:\/\/talkpal.ai\/wp-content\/uploads\/2024\/03\/Talkpal-Logo-Icon.png\",\"width\":2880,\"height\":2880,\"caption\":\"Talkpal, Inc.\"},\"image\":{\"@id\":\"https:\/\/talkpal.ai\/lv\/#\/schema\/logo\/image\/\"},\"sameAs\":[\"https:\/\/www.facebook.com\/profile.php?id=100090733639311\",\"https:\/\/x.com\/talkpalai\",\"https:\/\/www.linkedin.com\/company\/talkpal\/\",\"https:\/\/www.youtube.com\/@TalkPal\/\",\"https:\/\/www.tiktok.com\/@talkpal\",\"https:\/\/www.instagram.com\/talkpal_ai\/\",\"https:\/\/www.crunchbase.com\/organization\/talkpal-9cde\",\"https:\/\/www.g2.com\/products\/talkpal-for-business\/\",\"https:\/\/www.trustpilot.com\/review\/talkpal.ai\",\"https:\/\/www.capterra.com\/p\/10006800\/TalkPal\/\"],\"description\":\"Talkpal is a language learning web and mobile education app, powered by the latest AI technologies, that provides engaging experiences to its customers in many different languages to help them improve their language skills. Users can chat about unlimited amount of topics with the app and use other modes to practice their language learning.\",\"email\":\"support@talkpal.ai\",\"legalName\":\"Talkpal, Inc.\",\"foundingDate\":\"2023-04-03\",\"duns\":\"118989042\",\"numberOfEmployees\":{\"@type\":\"QuantitativeValue\",\"minValue\":\"11\",\"maxValue\":\"50\"},\"publishingPrinciples\":\"https:\/\/talkpal.ai\/publishing-principles\/\",\"actionableFeedbackPolicy\":\"https:\/\/talkpal.ai\/actionable-feedback-policy\/\",\"correctionsPolicy\":\"https:\/\/talkpal.ai\/corrections-policy\/\",\"ethicsPolicy\":\"https:\/\/talkpal.ai\/ethics-policy\/\",\"diversityPolicy\":\"https:\/\/talkpal.ai\/diversity-policy\/\",\"diversityStaffingReport\":\"https:\/\/talkpal.ai\/diversity-policy\/\"}]}<\/script>\n<!-- \/ Yoast SEO Premium plugin. -->","yoast_head_json":{"title":"Fran\u010du valodas gramatikas vingrin\u0101jumi - Talkpal","description":"Praktiz\u0113jiet un uzlabojiet savas fran\u010du valodas gramatikas prasmes, izmantojot interakt\u012bvus vingrin\u0101jumus, kas paredz\u0113ti visiem l\u012bme\u0146iem. Uzlabojiet savas valodu zin\u0101\u0161anas!","robots":{"index":"index","follow":"follow","max-snippet":"max-snippet:-1","max-image-preview":"max-image-preview:large","max-video-preview":"max-video-preview:-1"},"canonical":"https:\/\/talkpal.ai\/lv\/francu-valodas-gramatikas-vingrinajumi\/","og_locale":"lv_LV","og_type":"article","og_title":"Fran\u010du valodas gramatikas vingrin\u0101jumi","og_description":"Fran\u010du valodas gramatikas t\u0113mas Fran\u010du valodas apguve var b\u016bt aizraujo\u0161a un atalgojo\u0161a pieredze. K\u0101 valoda, kas bag\u0101ta ar v\u0113sturi un kult\u016bru, fran\u010du","og_url":"https:\/\/talkpal.ai\/lv\/francu-valodas-gramatikas-vingrinajumi\/","og_site_name":"Talkpal","article_publisher":"https:\/\/www.facebook.com\/profile.php?id=100090733639311","article_modified_time":"2025-12-17T16:47:09+00:00","og_image":[{"width":512,"height":512,"url":"https:\/\/talkpal.ai\/wp-content\/uploads\/2023\/03\/france.png","type":"image\/png"}],"twitter_card":"summary_large_image","twitter_site":"@talkpalai","twitter_misc":{"Est. reading time":"4 minutes"},"schema":{"@context":"https:\/\/schema.org","@graph":[{"@type":"WebPage","@id":"https:\/\/talkpal.ai\/lv\/francu-valodas-gramatikas-vingrinajumi\/","url":"https:\/\/talkpal.ai\/lv\/francu-valodas-gramatikas-vingrinajumi\/","name":"Fran\u010du valodas gramatikas vingrin\u0101jumi - Talkpal","isPartOf":{"@id":"https:\/\/talkpal.ai\/lv\/#website"},"primaryImageOfPage":{"@id":"https:\/\/talkpal.ai\/lv\/francu-valodas-gramatikas-vingrinajumi\/#primaryimage"},"image":{"@id":"https:\/\/talkpal.ai\/lv\/francu-valodas-gramatikas-vingrinajumi\/#primaryimage"},"thumbnailUrl":"https:\/\/talkpal.ai\/wp-content\/uploads\/2023\/03\/france.png","datePublished":"2023-06-16T08:35:52+00:00","dateModified":"2025-12-17T16:47:09+00:00","description":"Praktiz\u0113jiet un uzlabojiet savas fran\u010du valodas gramatikas prasmes, izmantojot interakt\u012bvus vingrin\u0101jumus, kas paredz\u0113ti visiem l\u012bme\u0146iem. Uzlabojiet savas valodu zin\u0101\u0161anas!","breadcrumb":{"@id":"https:\/\/talkpal.ai\/lv\/francu-valodas-gramatikas-vingrinajumi\/#breadcrumb"},"inLanguage":"lv-LV","potentialAction":[{"@type":"ReadAction","target":["https:\/\/talkpal.ai\/lv\/francu-valodas-gramatikas-vingrinajumi\/"]}]},{"@type":"ImageObject","inLanguage":"lv-LV","@id":"https:\/\/talkpal.ai\/lv\/francu-valodas-gramatikas-vingrinajumi\/#primaryimage","url":"https:\/\/talkpal.ai\/wp-content\/uploads\/2023\/03\/france.png","contentUrl":"https:\/\/talkpal.ai\/wp-content\/uploads\/2023\/03\/france.png","width":512,"height":512,"caption":"TalkPal AI learn French"},{"@type":"BreadcrumbList","@id":"https:\/\/talkpal.ai\/lv\/francu-valodas-gramatikas-vingrinajumi\/#breadcrumb","itemListElement":[{"@type":"ListItem","position":1,"name":"Homepage","item":"https:\/\/talkpal.ai\/lv\/"},{"@type":"ListItem","position":2,"name":"Fran\u010du valodas gramatikas vingrin\u0101jumi"}]},{"@type":"WebSite","@id":"https:\/\/talkpal.ai\/lv\/#website","url":"https:\/\/talkpal.ai\/lv\/","name":"Talkpal","description":"AI Language Learning","publisher":{"@id":"https:\/\/talkpal.ai\/lv\/#organization"},"alternateName":"Talkpal AI","potentialAction":[{"@type":"SearchAction","target":{"@type":"EntryPoint","urlTemplate":"https:\/\/talkpal.ai\/lv\/?s={search_term_string}"},"query-input":{"@type":"PropertyValueSpecification","valueRequired":true,"valueName":"search_term_string"}}],"inLanguage":"lv-LV"},{"@type":"Organization","@id":"https:\/\/talkpal.ai\/lv\/#organization","name":"Talkpal, Inc.","alternateName":"Talkpal AI","url":"https:\/\/talkpal.ai\/lv\/","logo":{"@type":"ImageObject","inLanguage":"lv-LV","@id":"https:\/\/talkpal.ai\/lv\/#\/schema\/logo\/image\/","url":"https:\/\/talkpal.ai\/wp-content\/uploads\/2024\/03\/Talkpal-Logo-Icon.png","contentUrl":"https:\/\/talkpal.ai\/wp-content\/uploads\/2024\/03\/Talkpal-Logo-Icon.png","width":2880,"height":2880,"caption":"Talkpal, Inc."},"image":{"@id":"https:\/\/talkpal.ai\/lv\/#\/schema\/logo\/image\/"},"sameAs":["https:\/\/www.facebook.com\/profile.php?id=100090733639311","https:\/\/x.com\/talkpalai","https:\/\/www.linkedin.com\/company\/talkpal\/","https:\/\/www.youtube.com\/@TalkPal\/","https:\/\/www.tiktok.com\/@talkpal","https:\/\/www.instagram.com\/talkpal_ai\/","https:\/\/www.crunchbase.com\/organization\/talkpal-9cde","https:\/\/www.g2.com\/products\/talkpal-for-business\/","https:\/\/www.trustpilot.com\/review\/talkpal.ai","https:\/\/www.capterra.com\/p\/10006800\/TalkPal\/"],"description":"Talkpal is a language learning web and mobile education app, powered by the latest AI technologies, that provides engaging experiences to its customers in many different languages to help them improve their language skills. Users can chat about unlimited amount of topics with the app and use other modes to practice their language learning.","email":"support@talkpal.ai","legalName":"Talkpal, Inc.","foundingDate":"2023-04-03","duns":"118989042","numberOfEmployees":{"@type":"QuantitativeValue","minValue":"11","maxValue":"50"},"publishingPrinciples":"https:\/\/talkpal.ai\/publishing-principles\/","actionableFeedbackPolicy":"https:\/\/talkpal.ai\/actionable-feedback-policy\/","correctionsPolicy":"https:\/\/talkpal.ai\/corrections-policy\/","ethicsPolicy":"https:\/\/talkpal.ai\/ethics-policy\/","diversityPolicy":"https:\/\/talkpal.ai\/diversity-policy\/","diversityStaffingReport":"https:\/\/talkpal.ai\/diversity-policy\/"}]}},"_links":{"self":[{"href":"https:\/\/talkpal.ai\/lv\/wp-json\/wp\/v2\/pages\/131757","targetHints":{"allow":["GET"]}}],"collection":[{"href":"https:\/\/talkpal.ai\/lv\/wp-json\/wp\/v2\/pages"}],"about":[{"href":"https:\/\/talkpal.ai\/lv\/wp-json\/wp\/v2\/types\/page"}],"author":[{"embeddable":true,"href":"https:\/\/talkpal.ai\/lv\/wp-json\/wp\/v2\/users\/6"}],"replies":[{"embeddable":true,"href":"https:\/\/talkpal.ai\/lv\/wp-json\/wp\/v2\/comments?post=131757"}],"version-history":[{"count":0,"href":"https:\/\/talkpal.ai\/lv\/wp-json\/wp\/v2\/pages\/131757\/revisions"}],"wp:featuredmedia":[{"embeddable":true,"href":"https:\/\/talkpal.ai\/lv\/wp-json\/wp\/v2\/media\/75817"}],"wp:attachment":[{"href":"https:\/\/talkpal.ai\/lv\/wp-json\/wp\/v2\/media?parent=131757"}],"curies":[{"name":"wp","href":"https:\/\/api.w.org\/{rel}","templated":true}]}}