{"id":131463,"date":"2023-06-15T07:00:21","date_gmt":"2023-06-15T07:00:21","guid":{"rendered":"http:\/\/talkpal.ai\/spanu-valodas-gramatikas-vingrinajumi\/"},"modified":"2025-12-17T16:37:24","modified_gmt":"2025-12-17T16:37:24","slug":"spanu-valodas-gramatikas-vingrinajumi","status":"publish","type":"page","link":"https:\/\/talkpal.ai\/lv\/spanu-valodas-gramatikas-vingrinajumi\/","title":{"rendered":"Sp\u0101\u0146u valodas gramatikas vingrin\u0101jumi"},"content":{"rendered":"\r\n\r\n\r\n<section class=\"languageChallengeSection\">\r\n    <div class=\"languageInfoWrapper\">\r\n        \r\n        <h1>Sp\u0101\u0146u valodas gramatikas vingrin\u0101jumi<\/h1>\r\n        <p>Vai esat gatavs uzlabot sp\u0101\u0146u valodu? Gramatikas vingrin\u0101jumu praktiz\u0113\u0161ana ir lielisks veids, k\u0101 apg\u016bt teikuma strukt\u016bru, darb\u012bbas v\u0101rdu loc\u012bjumus un <a href=\"https:\/\/talkpal.ai\/lv\/spanu-valodas-apguve\/\">sp\u0101\u0146u valodas<\/a> unik\u0101los mode\u013cus. S\u0101ciet str\u0101d\u0101t ar sp\u0101\u0146u <a href=\"https:\/\/talkpal.ai\/what-language-is-spoken-on-the-international-space-station\/\">valodas<\/a> gramatiku jau \u0161odien un redz\u0113siet, k\u0101 ar katru vingrin\u0101jumu pieaug j\u016bsu p\u0101rliec\u012bba un valodas pl\u016bdums!\n\n<\/p>\r\n\r\n                            <a class=\"getStartedHidden\" href=\"https:\/\/app.talkpal.ai\/lv\/signup?lng=\">S\u0101c<\/a>\r\n        \r\n    <\/div>\r\n\r\n    <figure>\r\n    <img decoding=\"async\" width=\"768\" height=\"768\" src=\"https:\/\/talkpal.ai\/wp-content\/uploads\/2023\/06\/Spanish-768x768.png\" class=\"languageImage no-lazy\" alt=\"Practical application of language learning\" fetchpriority=\"high\" sizes=\"(max-width: 768px) 150px, 768px\" srcset=\"https:\/\/talkpal.ai\/wp-content\/uploads\/2023\/06\/Spanish-768x768.png 768w, https:\/\/talkpal.ai\/wp-content\/uploads\/2023\/06\/Spanish-300x300.png 300w\" \/>\r\n    \r\n\r\n    <\/figure>\r\n\r\n            <a class=\"getStartedVisible\" href=\"https:\/\/app.talkpal.ai\/lv\/signup?lng=\">S\u0101c<\/a>\r\n    \r\n<\/section>\r\n\r\n\r\n<!-- <section class=\"grammarSection\">\r\n    <div class=\"grammarLinks\">\r\n        <a href=\"https:\/\/talkpal.ai\/lv\/exercise_language\/adverbs-spanu-gramatika\/\">Adverbs <\/a><a href=\"https:\/\/talkpal.ai\/lv\/exercise_language\/darbibas-vardi-spanu-gramatika\/\">Darb\u012bbas v\u0101rdi <\/a><a href=\"https:\/\/talkpal.ai\/lv\/exercise_language\/ipasibas-vardi-spanu-gramatika\/\">\u012apa\u0161\u012bbas v\u0101rdi <\/a><a href=\"https:\/\/talkpal.ai\/lv\/exercise_language\/laiki-indikativi-spanu-gramatika\/\">Laiki indikat\u012bvi <\/a><a href=\"https:\/\/talkpal.ai\/lv\/exercise_language\/laiki-subjunktivs-spanu-gramatika\/\">Laiki Subjunkt\u012bvs <\/a><a href=\"https:\/\/talkpal.ai\/lv\/exercise_language\/lietvardi-spanu-gramatika\/\">Lietv\u0101rdi <\/a><a href=\"https:\/\/talkpal.ai\/lv\/exercise_language\/prieksvardi-spanu-gramatika\/\">Priek\u0161v\u0101rdi <\/a><a href=\"https:\/\/talkpal.ai\/lv\/exercise_language\/raksti-spanu-gramatika\/\">Raksti <\/a><a href=\"https:\/\/talkpal.ai\/lv\/exercise_language\/saspringuma-salidzinajums-spanu-gramatika\/\">Saspringuma sal\u012bdzin\u0101jums <\/a><a href=\"https:\/\/talkpal.ai\/lv\/exercise_language\/teikuma-struktura-spanu-gramatika\/\">Teikuma strukt\u016bra <\/a><a href=\"https:\/\/talkpal.ai\/lv\/exercise_language\/vietniekvardi-spanu-gramatika\/\">Vietniekv\u0101rdi <\/a>    <\/div>\r\n<\/section> -->\r\n\r\n\r\n\r\n\r\n        <section class=\"grammarSection\">\r\n            <div class=\"grammarLinks\">\r\n                <a href=\"https:\/\/talkpal.ai\/lv\/exercise_language\/adverbs-spanu-gramatika\/\">Adverbs <\/a><a href=\"https:\/\/talkpal.ai\/lv\/exercise_language\/darbibas-vardi-spanu-gramatika\/\">Darb\u012bbas v\u0101rdi <\/a><a href=\"https:\/\/talkpal.ai\/lv\/exercise_language\/ipasibas-vardi-spanu-gramatika\/\">\u012apa\u0161\u012bbas v\u0101rdi <\/a><a href=\"https:\/\/talkpal.ai\/lv\/exercise_language\/laiki-indikativi-spanu-gramatika\/\">Laiki indikat\u012bvi <\/a><a href=\"https:\/\/talkpal.ai\/lv\/exercise_language\/laiki-subjunktivs-spanu-gramatika\/\">Laiki Subjunkt\u012bvs <\/a><a href=\"https:\/\/talkpal.ai\/lv\/exercise_language\/lietvardi-spanu-gramatika\/\">Lietv\u0101rdi <\/a><a href=\"https:\/\/talkpal.ai\/lv\/exercise_language\/prieksvardi-spanu-gramatika\/\">Priek\u0161v\u0101rdi <\/a><a href=\"https:\/\/talkpal.ai\/lv\/exercise_language\/raksti-spanu-gramatika\/\">Raksti <\/a><a href=\"https:\/\/talkpal.ai\/lv\/exercise_language\/saspringuma-salidzinajums-spanu-gramatika\/\">Saspringuma sal\u012bdzin\u0101jums <\/a><a href=\"https:\/\/talkpal.ai\/lv\/exercise_language\/teikuma-struktura-spanu-gramatika\/\">Teikuma strukt\u016bra <\/a><a href=\"https:\/\/talkpal.ai\/lv\/exercise_language\/vietniekvardi-spanu-gramatika\/\">Vietniekv\u0101rdi <\/a>            <\/div>\r\n        <\/section>\r\n<section class=\"promotionalBanner\">\r\n    <p class=\"promotionalText\">Visefekt\u012bv\u0101kais veids, k\u0101 apg\u016bt valodu<\/p>\r\n    <a class=\"promotionalLink\" href=\"https:\/\/app.talkpal.ai\/lv\/signup?lng=\">Izm\u0113\u0123iniet Talkpal bez maksas<\/a>\r\n<\/section>\n<div class=\"wp-block-group pageContainerStyle\"><div class=\"wp-block-group__inner-container is-layout-constrained wp-block-group-is-layout-constrained\">\n<h2 class=\"wp-block-heading\" id=\"h-spanish-grammar-topics\">Sp\u0101\u0146u valodas gramatikas t\u0113mas<\/h2>\n\n\n\n<p>Jaunas valodas apguve var b\u016bt aizraujo\u0161s un atalgojo\u0161s darbs, un <a href=\"https:\/\/talkpal.ai\/learn-spanish\/\">sp\u0101\u0146u valoda<\/a> nav iz\u0146\u0113mums. K\u0101 otr\u0101 visvair\u0101k run\u0101t\u0101 valoda pasaul\u0113 t\u0101 var pav\u0113rt jaunas iesp\u0113jas ce\u013co\u0161anai, darbam un kult\u016bras apmai\u0146ai. Neatkar\u012bgi no t\u0101, vai esat piln\u012bgs ies\u0101c\u0113js vai v\u0113laties uzlabot savas eso\u0161\u0101s prasmes, <a href=\"https:\/\/talkpal.ai\/lv\/spanu-valodas-apguve\/\">sp\u0101\u0146u valodas<\/a> gramatikas izpratne un apg\u016b\u0161ana ir b\u016btiska. S\u0101kot no sasprindzin\u0101jumiem un darb\u012bbas v\u0101rdiem l\u012bdz teikuma strukt\u016brai un priev\u0101rdiem, katram valodas aspektam ir iz\u0161\u0137iro\u0161a loma j\u016bsu sp\u0113j\u0101 efekt\u012bvi sazin\u0101ties. \u0160aj\u0101 ce\u013cved\u012b m\u0113s izp\u0113t\u012bsim svar\u012bgas sp\u0101\u0146u valodas gramatikas t\u0113mas, iepaz\u012bstinot t\u0101s lo\u0123isk\u0101 sec\u012bb\u0101, lai pal\u012bdz\u0113tu jums viegli apg\u016bt valodu.<\/p>\n\n\n\n<h3 class=\"wp-block-heading\" id=\"h-1-nouns-and-articles\">1. Lietv\u0101rdi un raksti:<\/h3>\n\n\n\n<p>S\u0101ciet, iepaz\u012bstoties ar sp\u0101\u0146u lietv\u0101rdiem un to dzimumu, k\u0101 ar\u012b noteiktiem un nenoteiktiem rakstiem. \u0160ie pamata pamatelementi pal\u012bdz\u0113s jums saprast un veidot vienk\u0101r\u0161as fr\u0101zes un teikumus.<\/p>\n\n\n\n<h3 class=\"wp-block-heading\" id=\"h-2-adjectives\">2. \u012apa\u0161\u012bbas v\u0101rdi:<\/h3>\n\n\n\n<p>\u012apa\u0161\u012bbas v\u0101rdi ir b\u016btiski, lai aprakst\u012btu lietv\u0101rdus, un sp\u0101\u0146u valod\u0101 vi\u0146iem ir j\u0101vienojas par dzimumu un skaitu ar lietv\u0101rdu, ko tie p\u0101rveido. Apg\u016bstot \u012bpa\u0161\u012bbas v\u0101rdu izvieto\u0161anas un vieno\u0161an\u0101s noteikumus, iev\u0113rojami uzlabosies j\u016bsu sp\u0113ja izteikties sp\u0101\u0146u valod\u0101.<\/p>\n\n\n\n<h3 class=\"wp-block-heading\" id=\"h-3-pronouns\">3. Vietniekv\u0101rdi:<\/h3>\n\n\n\n<p>Vietniekv\u0101rdi aizst\u0101j lietv\u0101rdus un ir \u013coti svar\u012bgi, lai saruna b\u016btu pl\u016bsto\u0161\u0101ka un dabisk\u0101ka. Koncentr\u0113jieties uz subjekta vietniekv\u0101rdiem, tie\u0161iem un netie\u0161iem objektu vietniekv\u0101rdiem un refleks\u012bviem vietniekv\u0101rdiem, nodro\u0161inot, ka saprotat to lietojumu un izvietojumu teikumos.<\/p>\n\n\n\n<h3 class=\"wp-block-heading\" id=\"h-4-verbs\">4. Darb\u012bbas v\u0101rdi:<\/h3>\n\n\n\n<p>Darb\u012bbas v\u0101rdi ir jebkuras valodas mugurkauls, un sp\u0101\u0146u valoda neat\u0161\u0137iras. S\u0101ciet, apg\u016bstot visbie\u017e\u0101k sastopamos regul\u0101ros un neregul\u0101ros darb\u012bbas v\u0101rdus, k\u0101 ar\u012b to konjug\u0101cijas pa\u0161reiz\u0113j\u0101 saspringtaj\u0101 indikat\u012bvaj\u0101 noska\u0146ojum\u0101.<\/p>\n\n\n\n<h3 class=\"wp-block-heading\" id=\"h-5-tenses-indicative\">5. Sasprindzin\u0101jums Indikat\u012bvs:<\/h3>\n\n\n\n<p>Kad esat izpratis pamata darb\u012bbas v\u0101rdu konjug\u0101ciju, papla\u0161iniet savas zin\u0101\u0161anas, lai iek\u013cautu citus indikat\u012bvus laikus, piem\u0113ram, preter\u012btu, nepiln\u012bgu, n\u0101kotnes un nosac\u012btus laikus. Tas \u013caus jums izteikt darb\u012bbas un notikumus da\u017e\u0101dos laika periodos.<\/p>\n\n\n\n<h3 class=\"wp-block-heading\" id=\"h-6-adverbs\">6. Adverbi:<\/h3>\n\n\n\n<p>Adverbi sniedz papildu inform\u0101ciju par darb\u012bbas v\u0101rdiem, \u012bpa\u0161\u012bbas v\u0101rdiem vai citiem adverbiem. Uzziniet da\u017e\u0101dus adverbu veidus un to izvietojumu teikumos, lai runai pievienotu s\u012bk\u0101ku inform\u0101ciju un niansi.<\/p>\n\n\n\n<h3 class=\"wp-block-heading\" id=\"h-7-prepositions\">7. Priev\u0101rdi:<\/h3>\n\n\n\n<p>Priev\u0101rdi ir b\u016btiski, lai izteiktu attiec\u012bbas starp v\u0101rdiem, piem\u0113ram, atra\u0161an\u0101s vietu, virzienu vai laiku. Iepaz\u012bstieties ar visbie\u017e\u0101k sastopamajiem sp\u0101\u0146u priev\u0101rdiem un to lieto\u0161anu da\u017e\u0101dos kontekstos.<\/p>\n\n\n\n<h3 class=\"wp-block-heading\" id=\"h-8-tenses-subjunctive\">8. Sasprindzin\u0101jums pak\u0101rtots:<\/h3>\n\n\n\n<p>Subjunkt\u012bvais noska\u0146ojums tiek izmantots, lai izteiktu \u0161aubas, nenoteikt\u012bbu vai hipot\u0113tiskas situ\u0101cijas. Izp\u0113tiet konjug\u0101cijas noteikumus regul\u0101riem un neregul\u0101riem darb\u012bbas v\u0101rdiem tagadnes, pag\u0101tnes un n\u0101kotnes subjunkt\u012bvajos laikos, lai papla\u0161in\u0101tu savas izteiksm\u012bg\u0101s sp\u0113jas.<\/p>\n\n\n\n<h3 class=\"wp-block-heading\" id=\"h-9-tense-comparison\">9. Saspringts sal\u012bdzin\u0101jums:<\/h3>\n\n\n\n<p>Izpratne par nians\u0113m starp da\u017e\u0101diem laikiem un noska\u0146\u0101m pal\u012bdz\u0113s jums izv\u0113l\u0113ties piem\u0113rotu formu, lai nodotu paredz\u0113to noz\u012bmi. Praktiz\u0113jiet indikat\u012bvo un pak\u0101rtoto laiku, k\u0101 ar\u012b da\u017e\u0101du pag\u0101tnes laiku sal\u012bdzin\u0101\u0161anu un pretstat\u012b\u0161anu, lai ieg\u016btu liel\u0101kas valodas zin\u0101\u0161anas.<\/p>\n\n\n\n<h3 class=\"wp-block-heading\" id=\"h-10-sentence-structure\">10. Teikuma strukt\u016bra:<\/h3>\n\n\n\n<p>Visbeidzot, izp\u0113tiet da\u017e\u0101das teikumu strukt\u016bras, tostarp vienk\u0101r\u0161us, saliktus un sare\u017e\u0123\u012btus teikumus. Uzziniet, k\u0101 izmantot koordin\u0113jo\u0161os un pak\u0101rtotos savienojumus, lai rad\u012btu sare\u017e\u0123\u012bt\u0101kas idejas un att\u012bst\u012btu sp\u0113ju efekt\u012bvi sazin\u0101ties sp\u0101\u0146u valod\u0101.<\/p>\n<\/div><\/div>\n\r\n<section class=\"learnNavigationSection\">\r\n            \r\n        <a href=\"https:\/\/talkpal.ai\/lv\/spanu-valodas-apguve\/\">\r\n            <div class=\"learnNavigationWrapper\">\r\n                <div class=\"learnNavigationContent\">\r\n                    <img decoding=\"async\" src=\"https:\/\/talkpal.ai\/wp-content\/uploads\/2024\/08\/Spanish.jpg\" alt=\"Spanish Flag\">\r\n                    <div>\r\n                        <h4>Par sp\u0101\u0146u valodas apguvi<\/h4>\r\n                        <p>Uzziniet visu par sp\u0101\u0146u valodas gramatiku.<\/p>\r\n                    <\/div>\r\n                <\/div>\r\n            <\/div>\r\n        <\/a>\r\n\r\n        \r\n        <a href=\"https:\/\/talkpal.ai\/lv\/spanu-valodas-gramatika\/\">\r\n            <div class=\"learnNavigationWrapper\">\r\n                <div class=\"learnNavigationContent\">\r\n                    <img decoding=\"async\" src=\"https:\/\/talkpal.ai\/wp-content\/uploads\/2024\/08\/Spanish.jpg\" alt=\"Spanish Flag\">\r\n                    <div>\r\n                        <h4>Sp\u0101\u0146u valodas gramatikas nodarb\u012bbas<\/h4>\r\n                        <p>Praktiz\u0113jiet sp\u0101\u0146u valodas gramatiku.<\/p>\r\n                    <\/div>\r\n                <\/div>\r\n            <\/div>\r\n        <\/a>\r\n\r\n        \r\n        <a href=\"https:\/\/talkpal.ai\/vocabulary_language\/spanish\/\">\r\n            <div class=\"learnNavigationWrapper\">\r\n                <div class=\"learnNavigationContent\">\r\n                    <img decoding=\"async\" src=\"https:\/\/talkpal.ai\/wp-content\/uploads\/2024\/08\/Spanish.jpg\" alt=\"Spanish Flag\">\r\n                    <div>\r\n                        <h4>Sp\u0101\u0146u valodas v\u0101rdn\u012bca<\/h4>\r\n                        <p>Papla\u0161iniet sp\u0101\u0146u valodas v\u0101rdu kr\u0101jumu.<\/p>\r\n                    <\/div>\r\n                <\/div>\r\n            <\/div>\r\n        <\/a>\r\n\r\n            <\/section>","protected":false},"excerpt":{"rendered":"<p>Sp\u0101\u0146u valodas gramatikas t\u0113mas Jaunas valodas apguve var b\u016bt aizraujo\u0161s un atalgojo\u0161s darbs, un sp\u0101\u0146u valoda nav iz\u0146\u0113mums. K\u0101 otr\u0101 visvair\u0101k run\u0101t\u0101 valoda pasaul\u0113 t\u0101 var pav\u0113rt jaunas iesp\u0113jas ce\u013co\u0161anai, darbam un kult\u016bras apmai\u0146ai. Neatkar\u012bgi no t\u0101, vai esat piln\u012bgs ies\u0101c\u0113js vai v\u0113laties uzlabot savas eso\u0161\u0101s prasmes, sp\u0101\u0146u valodas gramatikas izpratne un apg\u016b\u0161ana ir b\u016btiska. [&hellip;]<\/p>\n","protected":false},"author":1,"featured_media":75281,"parent":0,"menu_order":0,"comment_status":"closed","ping_status":"closed","template":"LearningContentPage.php","meta":{"_acf_changed":false,"footnotes":""},"class_list":["post-131463","page","type-page","status-publish","has-post-thumbnail","hentry"],"acf":[],"yoast_head":"<!-- This site is optimized with the Yoast SEO Premium plugin v27.2 (Yoast SEO v27.2) - https:\/\/yoast.com\/product\/yoast-seo-premium-wordpress\/ -->\n<title>Sp\u0101\u0146u valodas gramatikas vingrin\u0101jumi - Talkpal<\/title>\n<meta name=\"description\" content=\"Uzlabojiet sp\u0101\u0146u valodas gramatiku ar interakt\u012bviem vingrin\u0101jumiem, kas paredz\u0113ti visiem prasmju l\u012bme\u0146iem. Praktiz\u0113jiet darb\u012bbas v\u0101rdus, teikuma strukt\u016bru, v\u0101rdu kr\u0101jumu un daudz ko citu!\" \/>\n<meta name=\"robots\" content=\"index, follow, max-snippet:-1, max-image-preview:large, max-video-preview:-1\" \/>\n<link rel=\"canonical\" href=\"https:\/\/talkpal.ai\/lv\/spanu-valodas-gramatikas-vingrinajumi\/\" \/>\n<meta property=\"og:locale\" content=\"lv_LV\" \/>\n<meta property=\"og:type\" content=\"article\" \/>\n<meta property=\"og:title\" content=\"Sp\u0101\u0146u valodas gramatikas vingrin\u0101jumi\" \/>\n<meta property=\"og:description\" content=\"Sp\u0101\u0146u valodas gramatikas t\u0113mas Jaunas valodas apguve var b\u016bt aizraujo\u0161s un atalgojo\u0161s darbs, un sp\u0101\u0146u valoda nav iz\u0146\u0113mums. K\u0101 otr\u0101 visvair\u0101k run\u0101t\u0101 valoda\" \/>\n<meta property=\"og:url\" content=\"https:\/\/talkpal.ai\/lv\/spanu-valodas-gramatikas-vingrinajumi\/\" \/>\n<meta property=\"og:site_name\" content=\"Talkpal\" \/>\n<meta property=\"article:publisher\" content=\"https:\/\/www.facebook.com\/profile.php?id=100090733639311\" \/>\n<meta property=\"article:modified_time\" content=\"2025-12-17T16:37:24+00:00\" \/>\n<meta property=\"og:image\" content=\"https:\/\/talkpal.ai\/wp-content\/uploads\/2023\/03\/spain.png\" \/>\n\t<meta property=\"og:image:width\" content=\"512\" \/>\n\t<meta property=\"og:image:height\" content=\"512\" \/>\n\t<meta property=\"og:image:type\" content=\"image\/png\" \/>\n<meta name=\"twitter:card\" content=\"summary_large_image\" \/>\n<meta name=\"twitter:site\" content=\"@talkpalai\" \/>\n<meta name=\"twitter:label1\" content=\"Est. reading time\" \/>\n\t<meta name=\"twitter:data1\" content=\"3 minutes\" \/>\n<script type=\"application\/ld+json\" class=\"yoast-schema-graph\">{\"@context\":\"https:\/\/schema.org\",\"@graph\":[{\"@type\":\"WebPage\",\"@id\":\"https:\/\/talkpal.ai\/lv\/spanu-valodas-gramatikas-vingrinajumi\/\",\"url\":\"https:\/\/talkpal.ai\/lv\/spanu-valodas-gramatikas-vingrinajumi\/\",\"name\":\"Sp\u0101\u0146u valodas gramatikas vingrin\u0101jumi - Talkpal\",\"isPartOf\":{\"@id\":\"https:\/\/talkpal.ai\/lv\/#website\"},\"primaryImageOfPage\":{\"@id\":\"https:\/\/talkpal.ai\/lv\/spanu-valodas-gramatikas-vingrinajumi\/#primaryimage\"},\"image\":{\"@id\":\"https:\/\/talkpal.ai\/lv\/spanu-valodas-gramatikas-vingrinajumi\/#primaryimage\"},\"thumbnailUrl\":\"https:\/\/talkpal.ai\/wp-content\/uploads\/2023\/03\/spain.png\",\"datePublished\":\"2023-06-15T07:00:21+00:00\",\"dateModified\":\"2025-12-17T16:37:24+00:00\",\"description\":\"Uzlabojiet sp\u0101\u0146u valodas gramatiku ar interakt\u012bviem vingrin\u0101jumiem, kas paredz\u0113ti visiem prasmju l\u012bme\u0146iem. Praktiz\u0113jiet darb\u012bbas v\u0101rdus, teikuma strukt\u016bru, v\u0101rdu kr\u0101jumu un daudz ko citu!\",\"breadcrumb\":{\"@id\":\"https:\/\/talkpal.ai\/lv\/spanu-valodas-gramatikas-vingrinajumi\/#breadcrumb\"},\"inLanguage\":\"lv-LV\",\"potentialAction\":[{\"@type\":\"ReadAction\",\"target\":[\"https:\/\/talkpal.ai\/lv\/spanu-valodas-gramatikas-vingrinajumi\/\"]}]},{\"@type\":\"ImageObject\",\"inLanguage\":\"lv-LV\",\"@id\":\"https:\/\/talkpal.ai\/lv\/spanu-valodas-gramatikas-vingrinajumi\/#primaryimage\",\"url\":\"https:\/\/talkpal.ai\/wp-content\/uploads\/2023\/03\/spain.png\",\"contentUrl\":\"https:\/\/talkpal.ai\/wp-content\/uploads\/2023\/03\/spain.png\",\"width\":512,\"height\":512,\"caption\":\"TalkPal AI learn Spanish\"},{\"@type\":\"BreadcrumbList\",\"@id\":\"https:\/\/talkpal.ai\/lv\/spanu-valodas-gramatikas-vingrinajumi\/#breadcrumb\",\"itemListElement\":[{\"@type\":\"ListItem\",\"position\":1,\"name\":\"Homepage\",\"item\":\"https:\/\/talkpal.ai\/lv\/\"},{\"@type\":\"ListItem\",\"position\":2,\"name\":\"Sp\u0101\u0146u valodas gramatikas vingrin\u0101jumi\"}]},{\"@type\":\"WebSite\",\"@id\":\"https:\/\/talkpal.ai\/lv\/#website\",\"url\":\"https:\/\/talkpal.ai\/lv\/\",\"name\":\"Talkpal\",\"description\":\"AI Language Learning\",\"publisher\":{\"@id\":\"https:\/\/talkpal.ai\/lv\/#organization\"},\"alternateName\":\"Talkpal AI\",\"potentialAction\":[{\"@type\":\"SearchAction\",\"target\":{\"@type\":\"EntryPoint\",\"urlTemplate\":\"https:\/\/talkpal.ai\/lv\/?s={search_term_string}\"},\"query-input\":{\"@type\":\"PropertyValueSpecification\",\"valueRequired\":true,\"valueName\":\"search_term_string\"}}],\"inLanguage\":\"lv-LV\"},{\"@type\":\"Organization\",\"@id\":\"https:\/\/talkpal.ai\/lv\/#organization\",\"name\":\"Talkpal, Inc.\",\"alternateName\":\"Talkpal AI\",\"url\":\"https:\/\/talkpal.ai\/lv\/\",\"logo\":{\"@type\":\"ImageObject\",\"inLanguage\":\"lv-LV\",\"@id\":\"https:\/\/talkpal.ai\/lv\/#\/schema\/logo\/image\/\",\"url\":\"https:\/\/talkpal.ai\/wp-content\/uploads\/2024\/03\/Talkpal-Logo-Icon.png\",\"contentUrl\":\"https:\/\/talkpal.ai\/wp-content\/uploads\/2024\/03\/Talkpal-Logo-Icon.png\",\"width\":2880,\"height\":2880,\"caption\":\"Talkpal, Inc.\"},\"image\":{\"@id\":\"https:\/\/talkpal.ai\/lv\/#\/schema\/logo\/image\/\"},\"sameAs\":[\"https:\/\/www.facebook.com\/profile.php?id=100090733639311\",\"https:\/\/x.com\/talkpalai\",\"https:\/\/www.linkedin.com\/company\/talkpal\/\",\"https:\/\/www.youtube.com\/@TalkPal\/\",\"https:\/\/www.tiktok.com\/@talkpal\",\"https:\/\/www.instagram.com\/talkpal_ai\/\",\"https:\/\/www.crunchbase.com\/organization\/talkpal-9cde\",\"https:\/\/www.g2.com\/products\/talkpal-for-business\/\",\"https:\/\/www.trustpilot.com\/review\/talkpal.ai\",\"https:\/\/www.capterra.com\/p\/10006800\/TalkPal\/\"],\"description\":\"Talkpal is a language learning web and mobile education app, powered by the latest AI technologies, that provides engaging experiences to its customers in many different languages to help them improve their language skills. Users can chat about unlimited amount of topics with the app and use other modes to practice their language learning.\",\"email\":\"support@talkpal.ai\",\"legalName\":\"Talkpal, Inc.\",\"foundingDate\":\"2023-04-03\",\"duns\":\"118989042\",\"numberOfEmployees\":{\"@type\":\"QuantitativeValue\",\"minValue\":\"11\",\"maxValue\":\"50\"},\"publishingPrinciples\":\"https:\/\/talkpal.ai\/publishing-principles\/\",\"actionableFeedbackPolicy\":\"https:\/\/talkpal.ai\/actionable-feedback-policy\/\",\"correctionsPolicy\":\"https:\/\/talkpal.ai\/corrections-policy\/\",\"ethicsPolicy\":\"https:\/\/talkpal.ai\/ethics-policy\/\",\"diversityPolicy\":\"https:\/\/talkpal.ai\/diversity-policy\/\",\"diversityStaffingReport\":\"https:\/\/talkpal.ai\/diversity-policy\/\"}]}<\/script>\n<!-- \/ Yoast SEO Premium plugin. -->","yoast_head_json":{"title":"Sp\u0101\u0146u valodas gramatikas vingrin\u0101jumi - Talkpal","description":"Uzlabojiet sp\u0101\u0146u valodas gramatiku ar interakt\u012bviem vingrin\u0101jumiem, kas paredz\u0113ti visiem prasmju l\u012bme\u0146iem. Praktiz\u0113jiet darb\u012bbas v\u0101rdus, teikuma strukt\u016bru, v\u0101rdu kr\u0101jumu un daudz ko citu!","robots":{"index":"index","follow":"follow","max-snippet":"max-snippet:-1","max-image-preview":"max-image-preview:large","max-video-preview":"max-video-preview:-1"},"canonical":"https:\/\/talkpal.ai\/lv\/spanu-valodas-gramatikas-vingrinajumi\/","og_locale":"lv_LV","og_type":"article","og_title":"Sp\u0101\u0146u valodas gramatikas vingrin\u0101jumi","og_description":"Sp\u0101\u0146u valodas gramatikas t\u0113mas Jaunas valodas apguve var b\u016bt aizraujo\u0161s un atalgojo\u0161s darbs, un sp\u0101\u0146u valoda nav iz\u0146\u0113mums. K\u0101 otr\u0101 visvair\u0101k run\u0101t\u0101 valoda","og_url":"https:\/\/talkpal.ai\/lv\/spanu-valodas-gramatikas-vingrinajumi\/","og_site_name":"Talkpal","article_publisher":"https:\/\/www.facebook.com\/profile.php?id=100090733639311","article_modified_time":"2025-12-17T16:37:24+00:00","og_image":[{"width":512,"height":512,"url":"https:\/\/talkpal.ai\/wp-content\/uploads\/2023\/03\/spain.png","type":"image\/png"}],"twitter_card":"summary_large_image","twitter_site":"@talkpalai","twitter_misc":{"Est. reading time":"3 minutes"},"schema":{"@context":"https:\/\/schema.org","@graph":[{"@type":"WebPage","@id":"https:\/\/talkpal.ai\/lv\/spanu-valodas-gramatikas-vingrinajumi\/","url":"https:\/\/talkpal.ai\/lv\/spanu-valodas-gramatikas-vingrinajumi\/","name":"Sp\u0101\u0146u valodas gramatikas vingrin\u0101jumi - Talkpal","isPartOf":{"@id":"https:\/\/talkpal.ai\/lv\/#website"},"primaryImageOfPage":{"@id":"https:\/\/talkpal.ai\/lv\/spanu-valodas-gramatikas-vingrinajumi\/#primaryimage"},"image":{"@id":"https:\/\/talkpal.ai\/lv\/spanu-valodas-gramatikas-vingrinajumi\/#primaryimage"},"thumbnailUrl":"https:\/\/talkpal.ai\/wp-content\/uploads\/2023\/03\/spain.png","datePublished":"2023-06-15T07:00:21+00:00","dateModified":"2025-12-17T16:37:24+00:00","description":"Uzlabojiet sp\u0101\u0146u valodas gramatiku ar interakt\u012bviem vingrin\u0101jumiem, kas paredz\u0113ti visiem prasmju l\u012bme\u0146iem. Praktiz\u0113jiet darb\u012bbas v\u0101rdus, teikuma strukt\u016bru, v\u0101rdu kr\u0101jumu un daudz ko citu!","breadcrumb":{"@id":"https:\/\/talkpal.ai\/lv\/spanu-valodas-gramatikas-vingrinajumi\/#breadcrumb"},"inLanguage":"lv-LV","potentialAction":[{"@type":"ReadAction","target":["https:\/\/talkpal.ai\/lv\/spanu-valodas-gramatikas-vingrinajumi\/"]}]},{"@type":"ImageObject","inLanguage":"lv-LV","@id":"https:\/\/talkpal.ai\/lv\/spanu-valodas-gramatikas-vingrinajumi\/#primaryimage","url":"https:\/\/talkpal.ai\/wp-content\/uploads\/2023\/03\/spain.png","contentUrl":"https:\/\/talkpal.ai\/wp-content\/uploads\/2023\/03\/spain.png","width":512,"height":512,"caption":"TalkPal AI learn Spanish"},{"@type":"BreadcrumbList","@id":"https:\/\/talkpal.ai\/lv\/spanu-valodas-gramatikas-vingrinajumi\/#breadcrumb","itemListElement":[{"@type":"ListItem","position":1,"name":"Homepage","item":"https:\/\/talkpal.ai\/lv\/"},{"@type":"ListItem","position":2,"name":"Sp\u0101\u0146u valodas gramatikas vingrin\u0101jumi"}]},{"@type":"WebSite","@id":"https:\/\/talkpal.ai\/lv\/#website","url":"https:\/\/talkpal.ai\/lv\/","name":"Talkpal","description":"AI Language Learning","publisher":{"@id":"https:\/\/talkpal.ai\/lv\/#organization"},"alternateName":"Talkpal AI","potentialAction":[{"@type":"SearchAction","target":{"@type":"EntryPoint","urlTemplate":"https:\/\/talkpal.ai\/lv\/?s={search_term_string}"},"query-input":{"@type":"PropertyValueSpecification","valueRequired":true,"valueName":"search_term_string"}}],"inLanguage":"lv-LV"},{"@type":"Organization","@id":"https:\/\/talkpal.ai\/lv\/#organization","name":"Talkpal, Inc.","alternateName":"Talkpal AI","url":"https:\/\/talkpal.ai\/lv\/","logo":{"@type":"ImageObject","inLanguage":"lv-LV","@id":"https:\/\/talkpal.ai\/lv\/#\/schema\/logo\/image\/","url":"https:\/\/talkpal.ai\/wp-content\/uploads\/2024\/03\/Talkpal-Logo-Icon.png","contentUrl":"https:\/\/talkpal.ai\/wp-content\/uploads\/2024\/03\/Talkpal-Logo-Icon.png","width":2880,"height":2880,"caption":"Talkpal, Inc."},"image":{"@id":"https:\/\/talkpal.ai\/lv\/#\/schema\/logo\/image\/"},"sameAs":["https:\/\/www.facebook.com\/profile.php?id=100090733639311","https:\/\/x.com\/talkpalai","https:\/\/www.linkedin.com\/company\/talkpal\/","https:\/\/www.youtube.com\/@TalkPal\/","https:\/\/www.tiktok.com\/@talkpal","https:\/\/www.instagram.com\/talkpal_ai\/","https:\/\/www.crunchbase.com\/organization\/talkpal-9cde","https:\/\/www.g2.com\/products\/talkpal-for-business\/","https:\/\/www.trustpilot.com\/review\/talkpal.ai","https:\/\/www.capterra.com\/p\/10006800\/TalkPal\/"],"description":"Talkpal is a language learning web and mobile education app, powered by the latest AI technologies, that provides engaging experiences to its customers in many different languages to help them improve their language skills. Users can chat about unlimited amount of topics with the app and use other modes to practice their language learning.","email":"support@talkpal.ai","legalName":"Talkpal, Inc.","foundingDate":"2023-04-03","duns":"118989042","numberOfEmployees":{"@type":"QuantitativeValue","minValue":"11","maxValue":"50"},"publishingPrinciples":"https:\/\/talkpal.ai\/publishing-principles\/","actionableFeedbackPolicy":"https:\/\/talkpal.ai\/actionable-feedback-policy\/","correctionsPolicy":"https:\/\/talkpal.ai\/corrections-policy\/","ethicsPolicy":"https:\/\/talkpal.ai\/ethics-policy\/","diversityPolicy":"https:\/\/talkpal.ai\/diversity-policy\/","diversityStaffingReport":"https:\/\/talkpal.ai\/diversity-policy\/"}]}},"_links":{"self":[{"href":"https:\/\/talkpal.ai\/lv\/wp-json\/wp\/v2\/pages\/131463","targetHints":{"allow":["GET"]}}],"collection":[{"href":"https:\/\/talkpal.ai\/lv\/wp-json\/wp\/v2\/pages"}],"about":[{"href":"https:\/\/talkpal.ai\/lv\/wp-json\/wp\/v2\/types\/page"}],"author":[{"embeddable":true,"href":"https:\/\/talkpal.ai\/lv\/wp-json\/wp\/v2\/users\/1"}],"replies":[{"embeddable":true,"href":"https:\/\/talkpal.ai\/lv\/wp-json\/wp\/v2\/comments?post=131463"}],"version-history":[{"count":0,"href":"https:\/\/talkpal.ai\/lv\/wp-json\/wp\/v2\/pages\/131463\/revisions"}],"wp:featuredmedia":[{"embeddable":true,"href":"https:\/\/talkpal.ai\/lv\/wp-json\/wp\/v2\/media\/75281"}],"wp:attachment":[{"href":"https:\/\/talkpal.ai\/lv\/wp-json\/wp\/v2\/media?parent=131463"}],"curies":[{"name":"wp","href":"https:\/\/api.w.org\/{rel}","templated":true}]}}