{"id":131308,"date":"2023-05-14T13:53:24","date_gmt":"2023-05-14T13:53:24","guid":{"rendered":"http:\/\/talkpal.ai\/ukrainu-gramatika\/"},"modified":"2025-12-11T16:36:53","modified_gmt":"2025-12-11T16:36:53","slug":"ukrainu-gramatika","status":"publish","type":"page","link":"https:\/\/talkpal.ai\/lv\/ukrainu-gramatika\/","title":{"rendered":"Ukrai\u0146u gramatika"},"content":{"rendered":"\r\n\r\n\r\n<section class=\"languageChallengeSection\">\r\n    <div class=\"languageInfoWrapper\">\r\n        \r\n        <h1>Ukrai\u0146u gramatika<\/h1>\r\n        <p>Izp\u0113tiet <a href=\"https:\/\/talkpal.ai\/learn-ukrainian\/\">ukrai\u0146u<\/a> <a href=\"https:\/\/talkpal.ai\/what-language-is-spoken-on-the-international-space-station\/\">valodas<\/a> strukt\u016bru, apg\u016bstot t\u0101s gramatikas pamatnoteikumus. <a href=\"https:\/\/talkpal.ai\/learn-ukrainian\/\">Ukrai\u0146u<\/a> valodas gramatikas apguve pal\u012bdz\u0113s jums p\u0101rliecino\u0161i sazin\u0101ties un dzi\u013c\u0101k iepaz\u012bt ukrai\u0146u kult\u016bru un mantojumu. S\u0101ciet savu ukrai\u0146u valodas gramatikas ce\u013cojumu \u0161odien un speriet pirmo soli ce\u013c\u0101 uz zin\u0101\u0161anu apguvi!<\/p>\r\n\r\n                            <a class=\"getStartedHidden\" href=\"https:\/\/app.talkpal.ai\/lv\/signup?lng=\">S\u0101c<\/a>\r\n        \r\n    <\/div>\r\n\r\n    <figure>\r\n    <img decoding=\"async\" width=\"768\" height=\"768\" src=\"https:\/\/talkpal.ai\/wp-content\/uploads\/2023\/06\/Ukrainian-768x768.png\" class=\"languageImage no-lazy\" alt=\"Language learning - Your doorway to the world\" fetchpriority=\"high\" sizes=\"(max-width: 768px) 150px, 768px\" srcset=\"https:\/\/talkpal.ai\/wp-content\/uploads\/2023\/06\/Ukrainian-768x768.png 768w, https:\/\/talkpal.ai\/wp-content\/uploads\/2023\/06\/Ukrainian-300x300.png 300w\" \/>\r\n    \r\n\r\n    <\/figure>\r\n\r\n            <a class=\"getStartedVisible\" href=\"https:\/\/app.talkpal.ai\/lv\/signup?lng=\">S\u0101c<\/a>\r\n    \r\n<\/section>\r\n<section class=\"promotionalBanner\">\r\n    <p class=\"promotionalText\">Visefekt\u012bv\u0101kais veids, k\u0101 apg\u016bt valodu<\/p>\r\n    <a class=\"promotionalLink\" href=\"https:\/\/app.talkpal.ai\/lv\/signup?lng=\">Izm\u0113\u0123iniet Talkpal bez maksas<\/a>\r\n<\/section>\n<div class=\"wp-block-group pageContainerStyle\"><div class=\"wp-block-group__inner-container is-layout-constrained wp-block-group-is-layout-constrained\">\n<h2 class=\"wp-block-heading\" id=\"h-a-comprehensive-guide-to-mastering-ukrainian-grammar\">Visaptvero\u0161s ce\u013cvedis ukrai\u0146u gramatikas apguv\u0113<\/h2>\n\n\n\n<p>Ukrai\u0146u valoda, skaista un melodiska valoda, ir izpeln\u012bjusies arvien liel\u0101ku interesi no valodas entuziastiem vis\u0101 pasaul\u0113. Ukrai\u0146u valodas apguve dod jums piek\u013cuvi bag\u0101t\u012bgam kult\u016bras mantojumam un \u013cauj sazin\u0101ties ar miljoniem cilv\u0113ku Ukrain\u0101 un kaimi\u0146valst\u012bs. Lai gan ienirt ukrai\u0146u gramatik\u0101 s\u0101kum\u0101 var \u0161\u0137ist bied\u0113jo\u0161i, sp\u0113c\u012bgs pamats taj\u0101 \u013caus jums izp\u0113t\u012bt valodas nianses un piln\u012bb\u0101 nov\u0113rt\u0113t t\u0101s skaistumu. \u0160is raksts soli pa solim pal\u012bdz\u0113s jums apg\u016bt ukrai\u0146u valodas gramatikas pamatus, \u013caujot jums p\u0101rliecino\u0161i s\u0101kt savu valodas ce\u013cojumu.<\/p>\n\n\n\n<h3 class=\"wp-block-heading\" id=\"h-1-mastering-ukrainian-nouns-and-cases\">1. Ukrai\u0146u lietv\u0101rdu un lietu apguve<\/h3>\n\n\n\n<p>Ukrainas gramatikas galven\u0101 iez\u012bme ir t\u0101s lietu sist\u0113ma. Lietojot lietv\u0101rdus, jums j\u0101zina vi\u0146u dzimums (v\u012bri\u0161\u0137ais, sievi\u0161\u0137ais vai kastr\u0113tais) un j\u0101apzin\u0101s konteksts, kas var pras\u012bt main\u012bt to galotnes. Ukrai\u0146u valod\u0101 ir septi\u0146i gad\u012bjumi:<\/p>\n\n\n\n<p>&#8211; Nominat\u012bvs: teikuma priek\u0161mets<\/p>\n\n\n\n<p>&#8211; \u0123enit\u012bvs: nor\u0101da uz \u012bpa\u0161umu, daudzumu un noliegumu.<\/p>\n\n\n\n<p>&#8211; Dativs: netie\u0161ais objekts vai kust\u012bba uz m\u0113r\u0137i<\/p>\n\n\n\n<p>&#8211; Aps\u016bdz\u0113t\u0101js: tie\u0161ais objekts vai kust\u012bba, kas v\u0113rsta pret kaut ko<\/p>\n\n\n\n<p>&#8211; Instrument\u0101ls: apz\u012bm\u0113 darb\u012bbas l\u012bdzekli vai instrumentu.<\/p>\n\n\n\n<p>&#8211; Lokat\u012bvs: nor\u0101da atra\u0161an\u0101s vietu<\/p>\n\n\n\n<p>&#8211; Vokat\u012bvs: tiek lietots, lai uz k\u0101du v\u0113rstos vai k\u0101du sauktu.<\/p>\n\n\n\n<p>J\u0101piev\u0113r\u0161 uzman\u012bba lietv\u0101rdu galotn\u0113m un deklin\u0101cij\u0101m, jo t\u0101s main\u0101s atkar\u012bb\u0101 no lietoto lietv\u0101rdu loc\u012bjuma, dzimtes un skait\u013ca.<\/p>\n\n\n\n<h3 class=\"wp-block-heading\" id=\"h-2-navigating-the-ukrainian-verb-system\">2. Navig\u0101cija ukrai\u0146u darb\u012bbas v\u0101rdu sist\u0113m\u0101<\/h3>\n\n\n\n<p>Ukrai\u0146u darb\u012bbas v\u0101rdi tiek konjug\u0113ti, pamatojoties uz personu, skaitu, sasprindzin\u0101jumu, noska\u0146ojumu un balsi. Ukrai\u0146u valod\u0101 ir \u010detri darb\u012bbas v\u0101rdu aspekti \u2013 perfekcionisms, nepiln\u012bgs, iterat\u012bvs un incept\u012bvs:<\/p>\n\n\n\n<p>&#8211; Perfektivi: apz\u012bm\u0113 pabeigtas darb\u012bbas<\/p>\n\n\n\n<p>&#8211; Imperfekt\u012bvais: apraksta notieko\u0161as, ierastas vai atk\u0101rtotas darb\u012bbas.<\/p>\n\n\n\n<p>&#8211; Iterat\u012bvais: atspogu\u013co darb\u012bbas, kas atk\u0101rtojas noteikt\u0101 interv\u0101l\u0101.<\/p>\n\n\n\n<p>&#8211; Inceptive: nor\u0101da darb\u012bbas s\u0101kumu.<\/p>\n\n\n\n<p>Lai p\u0101rvietotos ukrai\u0146u darb\u012bbas v\u0101rdu sist\u0113m\u0101, jums vajadz\u0113tu iepaz\u012bties ar trim pamata darb\u012bbas v\u0101rdu konjug\u0101cij\u0101m. Konjug\u0101cijas process ietver darb\u012bbas v\u0101rda saknes galot\u0146u mai\u0146u atbilsto\u0161i sasprindzin\u0101jumam, noska\u0146ojumam un priek\u0161metam.<\/p>\n\n\n\n<h3 class=\"wp-block-heading\" id=\"h-3-perfecting-ukrainian-adjectives-and-pronouns\">3. Ukrai\u0146u \u012bpa\u0161\u012bbas v\u0101rdu un vietniekv\u0101rdu pilnveido\u0161ana<\/h3>\n\n\n\n<p>\u012apa\u0161\u012bbas v\u0101rdiem ukrai\u0146u valod\u0101 ir j\u0101piekr\u012bt lietv\u0101rdam, ko tie apraksta, dzimum\u0101, skait\u0101 un gad\u012bjum\u0101. Tas noz\u012bm\u0113, ka, lietojot \u012bpa\u0161\u012bbas v\u0101rdu, jums j\u0101b\u016bt uzman\u012bgam pret t\u0101 galotn\u0113m, jo t\u0101s main\u012bsies, lai saska\u0146otu ar lietv\u0101rdu. Turkl\u0101t \u012bpa\u0161\u012bbas v\u0101rdi ukrai\u0146u valod\u0101 var b\u016bt gan garas, gan \u012bsas formas, un katram no tiem ir savs lietojums atkar\u012bb\u0101 no konteksta.<\/p>\n\n\n\n<p>Lietv\u0101rdu viet\u0101 tiek lietoti vietniekv\u0101rdi, un tiem ir j\u0101piekr\u012bt ar\u012b lietv\u0101rdam, ko tie aizst\u0101j, p\u0113c dzimuma, skaita un gad\u012bjuma. Personas vietniekv\u0101rdi ukrai\u0146u valod\u0101 ir &#8220;\u044f&#8221; (es), &#8220;\u0442\u0438&#8221; (tu, vienskaitl\u012b), &#8220;\u0432\u0456\u043d\/\u0432\u043e\u043d\u0430\/\u0432\u043e\u043d\u043e&#8221; (vi\u0146\u0161\/vi\u0146a), &#8220;\u043c\u0438&#8221; (m\u0113s), &#8220;\u0432\u0438&#8221; (j\u016bs, daudzskaitl\u012b vai form\u0101li) un &#8220;\u0432\u043e\u043d\u0438&#8221; (vi\u0146i). Ukrai\u0146u valod\u0101 ir ar\u012b \u012bpa\u0161v\u0101rdi, demonstrat\u012bvi un relat\u012bvi vietniekv\u0101rdi.<\/p>\n\n\n\n<h3 class=\"wp-block-heading\" id=\"h-4-putting-it-all-together-sentence-structure\">4. Saliekot to visu kop\u0101: teikuma strukt\u016bra<\/h3>\n\n\n\n<p>Ukrai\u0146u valoda seko subjekta-verba-objekta (SVO) teikuma strukt\u016brai, l\u012bdz\u012bgi k\u0101 <a href=\"https:\/\/talkpal.ai\/learn-english-with-ai\/\">ang\u013cu<\/a> valod\u0101. Tom\u0113r, at\u0161\u0137ir\u012bb\u0101 no ang\u013cu valodas, ukrai\u0146u valodai ir liel\u0101ka elast\u012bba v\u0101rdu sec\u012bb\u0101, pateicoties t\u0101s lietu sist\u0113mai. \u0160\u012b elast\u012bba \u013cauj run\u0101t\u0101jiem uzsv\u0113rt konkr\u0113tus v\u0101rdus vai idejas, novietojot tos da\u017e\u0101d\u0101s poz\u012bcij\u0101s teikum\u0101. Lai gan \u0161\u012bs daudzpus\u012bbas apg\u016b\u0161ana var aiz\u0146emt laiku, t\u0101 \u013cauj m\u0101ksliniecisk\u0101k un pl\u016bsto\u0161\u0101k izpausties ukrai\u0146u valod\u0101.<\/p>\n\n\n\n<h3 class=\"wp-block-heading\" id=\"h-conclusion\">Secin\u0101jums<\/h3>\n\n\n\n<p>Uzs\u0101kot savu ukrai\u0146u valodas ce\u013cojumu, atcerieties, ka, lai br\u012bvi apg\u016btu gramatiku, ir nepiecie\u0161ama prakse un neatlaid\u012bba. Iepaz\u012bstieties ar da\u017e\u0101diem ukrai\u0146u gramatikas aspektiem pak\u0101peniski, s\u0101kot no lietv\u0101rdiem un gad\u012bjumiem l\u012bdz darb\u012bbas v\u0101rdiem un teikuma strukt\u016brai. Izbaudiet m\u0101c\u012bbu procesu un izbaudiet ukrai\u0146u valodas skaistumu un izteiksm\u012bgumu. \u0412\u0434\u0430\u0447\u0456! (Veiksmi!)<\/p>\n<\/div><\/div>\n\r\n<section class=\"learnNavigationSection\">\r\n            \r\n        <a href=\"https:\/\/talkpal.ai\/lv\/uzziniet-ukrainu-valodu\/\">\r\n            <div class=\"learnNavigationWrapper\">\r\n                <div class=\"learnNavigationContent\">\r\n                    <img decoding=\"async\" src=\"https:\/\/talkpal.ai\/wp-content\/uploads\/2024\/08\/Ukrainian.jpg\" alt=\"Ukrainian Flag\">\r\n                    <div>\r\n                        <h4>Par ukrai\u0146u valodas apguvi<\/h4>\r\n                        <p>Uzziniet visu par ukrai\u0146u gramatiku.<\/p>\r\n                    <\/div>\r\n                <\/div>\r\n            <\/div>\r\n        <\/a>\r\n\r\n        \r\n        <a href=\"https:\/\/talkpal.ai\/lv\/ukrainas-gramatikas-vingrinajumi\/\">\r\n            <div class=\"learnNavigationWrapper\">\r\n                <div class=\"learnNavigationContent\">\r\n                    <img decoding=\"async\" src=\"https:\/\/talkpal.ai\/wp-content\/uploads\/2024\/08\/Ukrainian.jpg\" alt=\"Ukrainian Flag\">\r\n                    <div>\r\n                        <h4>Ukrai\u0146u valodas gramatikas vingrin\u0101jums<\/h4>\r\n                        <p>Praktiz\u0113jiet ukrai\u0146u gramatiku.<\/p>\r\n                    <\/div>\r\n                <\/div>\r\n            <\/div>\r\n        <\/a>\r\n\r\n        \r\n        <a href=\"https:\/\/talkpal.ai\/vocabulary_language\/ukrainian\/\">\r\n            <div class=\"learnNavigationWrapper\">\r\n                <div class=\"learnNavigationContent\">\r\n                    <img decoding=\"async\" src=\"https:\/\/talkpal.ai\/wp-content\/uploads\/2024\/08\/Ukrainian.jpg\" alt=\"Ukrainian Flag\">\r\n                    <div>\r\n                        <h4>Ukrai\u0146u valodas v\u0101rdn\u012bca<\/h4>\r\n                        <p>Papla\u0161iniet savu ukrai\u0146u valodas v\u0101rdu kr\u0101jumu.<\/p>\r\n                    <\/div>\r\n                <\/div>\r\n            <\/div>\r\n        <\/a>\r\n\r\n            <\/section>","protected":false},"excerpt":{"rendered":"<p>Visaptvero\u0161s ce\u013cvedis ukrai\u0146u gramatikas apguv\u0113 Ukrai\u0146u valoda, skaista un melodiska valoda, ir izpeln\u012bjusies arvien liel\u0101ku interesi no valodas entuziastiem vis\u0101 pasaul\u0113. Ukrai\u0146u valodas apguve dod jums piek\u013cuvi bag\u0101t\u012bgam kult\u016bras mantojumam un \u013cauj sazin\u0101ties ar miljoniem cilv\u0113ku Ukrain\u0101 un kaimi\u0146valst\u012bs. Lai gan ienirt ukrai\u0146u gramatik\u0101 s\u0101kum\u0101 var \u0161\u0137ist bied\u0113jo\u0161i, sp\u0113c\u012bgs pamats taj\u0101 \u013caus jums izp\u0113t\u012bt valodas [&hellip;]<\/p>\n","protected":false},"author":1,"featured_media":108522,"parent":0,"menu_order":0,"comment_status":"closed","ping_status":"closed","template":"LearningContentPage.php","meta":{"_acf_changed":false,"footnotes":""},"class_list":["post-131308","page","type-page","status-publish","has-post-thumbnail","hentry"],"acf":[],"yoast_head":"<!-- This site is optimized with the Yoast SEO Premium plugin v27.2 (Yoast SEO v27.2) - https:\/\/yoast.com\/product\/yoast-seo-premium-wordpress\/ -->\n<title>Ukrai\u0146u gramatika - Talkpal<\/title>\n<meta name=\"description\" content=\"Atkl\u0101jiet ukrai\u0146u valodas gramatikas skaistumu ar b\u016btiskiem padomiem un atzi\u0146\u0101m, lai uzlabotu j\u016bsu valodas apguvi.\" \/>\n<meta name=\"robots\" content=\"index, follow, max-snippet:-1, max-image-preview:large, max-video-preview:-1\" \/>\n<link rel=\"canonical\" href=\"https:\/\/talkpal.ai\/lv\/ukrainu-gramatika\/\" \/>\n<meta property=\"og:locale\" content=\"lv_LV\" \/>\n<meta property=\"og:type\" content=\"article\" \/>\n<meta property=\"og:title\" content=\"Ukrai\u0146u gramatika\" \/>\n<meta property=\"og:description\" content=\"Visaptvero\u0161s ce\u013cvedis ukrai\u0146u gramatikas apguv\u0113 Ukrai\u0146u valoda, skaista un melodiska valoda, ir izpeln\u012bjusies arvien liel\u0101ku interesi no valodas\" \/>\n<meta property=\"og:url\" content=\"https:\/\/talkpal.ai\/lv\/ukrainu-gramatika\/\" \/>\n<meta property=\"og:site_name\" content=\"Talkpal\" \/>\n<meta property=\"article:publisher\" content=\"https:\/\/www.facebook.com\/profile.php?id=100090733639311\" \/>\n<meta property=\"article:modified_time\" content=\"2025-12-11T16:36:53+00:00\" \/>\n<meta property=\"og:image\" content=\"https:\/\/talkpal.ai\/wp-content\/uploads\/2023\/04\/ukraine.png\" \/>\n\t<meta property=\"og:image:width\" content=\"512\" \/>\n\t<meta property=\"og:image:height\" content=\"512\" \/>\n\t<meta property=\"og:image:type\" content=\"image\/png\" \/>\n<meta name=\"twitter:card\" content=\"summary_large_image\" \/>\n<meta name=\"twitter:site\" content=\"@talkpalai\" \/>\n<meta name=\"twitter:label1\" content=\"Est. reading time\" \/>\n\t<meta name=\"twitter:data1\" content=\"4 minutes\" \/>\n<script type=\"application\/ld+json\" class=\"yoast-schema-graph\">{\"@context\":\"https:\/\/schema.org\",\"@graph\":[{\"@type\":\"WebPage\",\"@id\":\"https:\/\/talkpal.ai\/lv\/ukrainu-gramatika\/\",\"url\":\"https:\/\/talkpal.ai\/lv\/ukrainu-gramatika\/\",\"name\":\"Ukrai\u0146u gramatika - Talkpal\",\"isPartOf\":{\"@id\":\"https:\/\/talkpal.ai\/lv\/#website\"},\"primaryImageOfPage\":{\"@id\":\"https:\/\/talkpal.ai\/lv\/ukrainu-gramatika\/#primaryimage\"},\"image\":{\"@id\":\"https:\/\/talkpal.ai\/lv\/ukrainu-gramatika\/#primaryimage\"},\"thumbnailUrl\":\"https:\/\/talkpal.ai\/wp-content\/uploads\/2023\/04\/ukraine.png\",\"datePublished\":\"2023-05-14T13:53:24+00:00\",\"dateModified\":\"2025-12-11T16:36:53+00:00\",\"description\":\"Atkl\u0101jiet ukrai\u0146u valodas gramatikas skaistumu ar b\u016btiskiem padomiem un atzi\u0146\u0101m, lai uzlabotu j\u016bsu valodas apguvi.\",\"breadcrumb\":{\"@id\":\"https:\/\/talkpal.ai\/lv\/ukrainu-gramatika\/#breadcrumb\"},\"inLanguage\":\"lv-LV\",\"potentialAction\":[{\"@type\":\"ReadAction\",\"target\":[\"https:\/\/talkpal.ai\/lv\/ukrainu-gramatika\/\"]}]},{\"@type\":\"ImageObject\",\"inLanguage\":\"lv-LV\",\"@id\":\"https:\/\/talkpal.ai\/lv\/ukrainu-gramatika\/#primaryimage\",\"url\":\"https:\/\/talkpal.ai\/wp-content\/uploads\/2023\/04\/ukraine.png\",\"contentUrl\":\"https:\/\/talkpal.ai\/wp-content\/uploads\/2023\/04\/ukraine.png\",\"width\":512,\"height\":512,\"caption\":\"TalkPal Ukrainian Flag\"},{\"@type\":\"BreadcrumbList\",\"@id\":\"https:\/\/talkpal.ai\/lv\/ukrainu-gramatika\/#breadcrumb\",\"itemListElement\":[{\"@type\":\"ListItem\",\"position\":1,\"name\":\"Homepage\",\"item\":\"https:\/\/talkpal.ai\/lv\/\"},{\"@type\":\"ListItem\",\"position\":2,\"name\":\"Ukrai\u0146u gramatika\"}]},{\"@type\":\"WebSite\",\"@id\":\"https:\/\/talkpal.ai\/lv\/#website\",\"url\":\"https:\/\/talkpal.ai\/lv\/\",\"name\":\"Talkpal\",\"description\":\"AI Language Learning\",\"publisher\":{\"@id\":\"https:\/\/talkpal.ai\/lv\/#organization\"},\"alternateName\":\"Talkpal AI\",\"potentialAction\":[{\"@type\":\"SearchAction\",\"target\":{\"@type\":\"EntryPoint\",\"urlTemplate\":\"https:\/\/talkpal.ai\/lv\/?s={search_term_string}\"},\"query-input\":{\"@type\":\"PropertyValueSpecification\",\"valueRequired\":true,\"valueName\":\"search_term_string\"}}],\"inLanguage\":\"lv-LV\"},{\"@type\":\"Organization\",\"@id\":\"https:\/\/talkpal.ai\/lv\/#organization\",\"name\":\"Talkpal, Inc.\",\"alternateName\":\"Talkpal AI\",\"url\":\"https:\/\/talkpal.ai\/lv\/\",\"logo\":{\"@type\":\"ImageObject\",\"inLanguage\":\"lv-LV\",\"@id\":\"https:\/\/talkpal.ai\/lv\/#\/schema\/logo\/image\/\",\"url\":\"https:\/\/talkpal.ai\/wp-content\/uploads\/2024\/03\/Talkpal-Logo-Icon.png\",\"contentUrl\":\"https:\/\/talkpal.ai\/wp-content\/uploads\/2024\/03\/Talkpal-Logo-Icon.png\",\"width\":2880,\"height\":2880,\"caption\":\"Talkpal, Inc.\"},\"image\":{\"@id\":\"https:\/\/talkpal.ai\/lv\/#\/schema\/logo\/image\/\"},\"sameAs\":[\"https:\/\/www.facebook.com\/profile.php?id=100090733639311\",\"https:\/\/x.com\/talkpalai\",\"https:\/\/www.linkedin.com\/company\/talkpal\/\",\"https:\/\/www.youtube.com\/@TalkPal\/\",\"https:\/\/www.tiktok.com\/@talkpal\",\"https:\/\/www.instagram.com\/talkpal_ai\/\",\"https:\/\/www.crunchbase.com\/organization\/talkpal-9cde\",\"https:\/\/www.g2.com\/products\/talkpal-for-business\/\",\"https:\/\/www.trustpilot.com\/review\/talkpal.ai\",\"https:\/\/www.capterra.com\/p\/10006800\/TalkPal\/\"],\"description\":\"Talkpal is a language learning web and mobile education app, powered by the latest AI technologies, that provides engaging experiences to its customers in many different languages to help them improve their language skills. Users can chat about unlimited amount of topics with the app and use other modes to practice their language learning.\",\"email\":\"support@talkpal.ai\",\"legalName\":\"Talkpal, Inc.\",\"foundingDate\":\"2023-04-03\",\"duns\":\"118989042\",\"numberOfEmployees\":{\"@type\":\"QuantitativeValue\",\"minValue\":\"11\",\"maxValue\":\"50\"},\"publishingPrinciples\":\"https:\/\/talkpal.ai\/publishing-principles\/\",\"actionableFeedbackPolicy\":\"https:\/\/talkpal.ai\/actionable-feedback-policy\/\",\"correctionsPolicy\":\"https:\/\/talkpal.ai\/corrections-policy\/\",\"ethicsPolicy\":\"https:\/\/talkpal.ai\/ethics-policy\/\",\"diversityPolicy\":\"https:\/\/talkpal.ai\/diversity-policy\/\",\"diversityStaffingReport\":\"https:\/\/talkpal.ai\/diversity-policy\/\"}]}<\/script>\n<!-- \/ Yoast SEO Premium plugin. -->","yoast_head_json":{"title":"Ukrai\u0146u gramatika - Talkpal","description":"Atkl\u0101jiet ukrai\u0146u valodas gramatikas skaistumu ar b\u016btiskiem padomiem un atzi\u0146\u0101m, lai uzlabotu j\u016bsu valodas apguvi.","robots":{"index":"index","follow":"follow","max-snippet":"max-snippet:-1","max-image-preview":"max-image-preview:large","max-video-preview":"max-video-preview:-1"},"canonical":"https:\/\/talkpal.ai\/lv\/ukrainu-gramatika\/","og_locale":"lv_LV","og_type":"article","og_title":"Ukrai\u0146u gramatika","og_description":"Visaptvero\u0161s ce\u013cvedis ukrai\u0146u gramatikas apguv\u0113 Ukrai\u0146u valoda, skaista un melodiska valoda, ir izpeln\u012bjusies arvien liel\u0101ku interesi no valodas","og_url":"https:\/\/talkpal.ai\/lv\/ukrainu-gramatika\/","og_site_name":"Talkpal","article_publisher":"https:\/\/www.facebook.com\/profile.php?id=100090733639311","article_modified_time":"2025-12-11T16:36:53+00:00","og_image":[{"width":512,"height":512,"url":"https:\/\/talkpal.ai\/wp-content\/uploads\/2023\/04\/ukraine.png","type":"image\/png"}],"twitter_card":"summary_large_image","twitter_site":"@talkpalai","twitter_misc":{"Est. reading time":"4 minutes"},"schema":{"@context":"https:\/\/schema.org","@graph":[{"@type":"WebPage","@id":"https:\/\/talkpal.ai\/lv\/ukrainu-gramatika\/","url":"https:\/\/talkpal.ai\/lv\/ukrainu-gramatika\/","name":"Ukrai\u0146u gramatika - Talkpal","isPartOf":{"@id":"https:\/\/talkpal.ai\/lv\/#website"},"primaryImageOfPage":{"@id":"https:\/\/talkpal.ai\/lv\/ukrainu-gramatika\/#primaryimage"},"image":{"@id":"https:\/\/talkpal.ai\/lv\/ukrainu-gramatika\/#primaryimage"},"thumbnailUrl":"https:\/\/talkpal.ai\/wp-content\/uploads\/2023\/04\/ukraine.png","datePublished":"2023-05-14T13:53:24+00:00","dateModified":"2025-12-11T16:36:53+00:00","description":"Atkl\u0101jiet ukrai\u0146u valodas gramatikas skaistumu ar b\u016btiskiem padomiem un atzi\u0146\u0101m, lai uzlabotu j\u016bsu valodas apguvi.","breadcrumb":{"@id":"https:\/\/talkpal.ai\/lv\/ukrainu-gramatika\/#breadcrumb"},"inLanguage":"lv-LV","potentialAction":[{"@type":"ReadAction","target":["https:\/\/talkpal.ai\/lv\/ukrainu-gramatika\/"]}]},{"@type":"ImageObject","inLanguage":"lv-LV","@id":"https:\/\/talkpal.ai\/lv\/ukrainu-gramatika\/#primaryimage","url":"https:\/\/talkpal.ai\/wp-content\/uploads\/2023\/04\/ukraine.png","contentUrl":"https:\/\/talkpal.ai\/wp-content\/uploads\/2023\/04\/ukraine.png","width":512,"height":512,"caption":"TalkPal Ukrainian Flag"},{"@type":"BreadcrumbList","@id":"https:\/\/talkpal.ai\/lv\/ukrainu-gramatika\/#breadcrumb","itemListElement":[{"@type":"ListItem","position":1,"name":"Homepage","item":"https:\/\/talkpal.ai\/lv\/"},{"@type":"ListItem","position":2,"name":"Ukrai\u0146u gramatika"}]},{"@type":"WebSite","@id":"https:\/\/talkpal.ai\/lv\/#website","url":"https:\/\/talkpal.ai\/lv\/","name":"Talkpal","description":"AI Language Learning","publisher":{"@id":"https:\/\/talkpal.ai\/lv\/#organization"},"alternateName":"Talkpal AI","potentialAction":[{"@type":"SearchAction","target":{"@type":"EntryPoint","urlTemplate":"https:\/\/talkpal.ai\/lv\/?s={search_term_string}"},"query-input":{"@type":"PropertyValueSpecification","valueRequired":true,"valueName":"search_term_string"}}],"inLanguage":"lv-LV"},{"@type":"Organization","@id":"https:\/\/talkpal.ai\/lv\/#organization","name":"Talkpal, Inc.","alternateName":"Talkpal AI","url":"https:\/\/talkpal.ai\/lv\/","logo":{"@type":"ImageObject","inLanguage":"lv-LV","@id":"https:\/\/talkpal.ai\/lv\/#\/schema\/logo\/image\/","url":"https:\/\/talkpal.ai\/wp-content\/uploads\/2024\/03\/Talkpal-Logo-Icon.png","contentUrl":"https:\/\/talkpal.ai\/wp-content\/uploads\/2024\/03\/Talkpal-Logo-Icon.png","width":2880,"height":2880,"caption":"Talkpal, Inc."},"image":{"@id":"https:\/\/talkpal.ai\/lv\/#\/schema\/logo\/image\/"},"sameAs":["https:\/\/www.facebook.com\/profile.php?id=100090733639311","https:\/\/x.com\/talkpalai","https:\/\/www.linkedin.com\/company\/talkpal\/","https:\/\/www.youtube.com\/@TalkPal\/","https:\/\/www.tiktok.com\/@talkpal","https:\/\/www.instagram.com\/talkpal_ai\/","https:\/\/www.crunchbase.com\/organization\/talkpal-9cde","https:\/\/www.g2.com\/products\/talkpal-for-business\/","https:\/\/www.trustpilot.com\/review\/talkpal.ai","https:\/\/www.capterra.com\/p\/10006800\/TalkPal\/"],"description":"Talkpal is a language learning web and mobile education app, powered by the latest AI technologies, that provides engaging experiences to its customers in many different languages to help them improve their language skills. Users can chat about unlimited amount of topics with the app and use other modes to practice their language learning.","email":"support@talkpal.ai","legalName":"Talkpal, Inc.","foundingDate":"2023-04-03","duns":"118989042","numberOfEmployees":{"@type":"QuantitativeValue","minValue":"11","maxValue":"50"},"publishingPrinciples":"https:\/\/talkpal.ai\/publishing-principles\/","actionableFeedbackPolicy":"https:\/\/talkpal.ai\/actionable-feedback-policy\/","correctionsPolicy":"https:\/\/talkpal.ai\/corrections-policy\/","ethicsPolicy":"https:\/\/talkpal.ai\/ethics-policy\/","diversityPolicy":"https:\/\/talkpal.ai\/diversity-policy\/","diversityStaffingReport":"https:\/\/talkpal.ai\/diversity-policy\/"}]}},"_links":{"self":[{"href":"https:\/\/talkpal.ai\/lv\/wp-json\/wp\/v2\/pages\/131308","targetHints":{"allow":["GET"]}}],"collection":[{"href":"https:\/\/talkpal.ai\/lv\/wp-json\/wp\/v2\/pages"}],"about":[{"href":"https:\/\/talkpal.ai\/lv\/wp-json\/wp\/v2\/types\/page"}],"author":[{"embeddable":true,"href":"https:\/\/talkpal.ai\/lv\/wp-json\/wp\/v2\/users\/1"}],"replies":[{"embeddable":true,"href":"https:\/\/talkpal.ai\/lv\/wp-json\/wp\/v2\/comments?post=131308"}],"version-history":[{"count":0,"href":"https:\/\/talkpal.ai\/lv\/wp-json\/wp\/v2\/pages\/131308\/revisions"}],"wp:featuredmedia":[{"embeddable":true,"href":"https:\/\/talkpal.ai\/lv\/wp-json\/wp\/v2\/media\/108522"}],"wp:attachment":[{"href":"https:\/\/talkpal.ai\/lv\/wp-json\/wp\/v2\/media?parent=131308"}],"curies":[{"name":"wp","href":"https:\/\/api.w.org\/{rel}","templated":true}]}}