{"id":130996,"date":"2023-05-14T13:53:07","date_gmt":"2023-05-14T13:53:07","guid":{"rendered":"http:\/\/talkpal.ai\/zviedru-valodas-gramatika\/"},"modified":"2025-12-11T16:32:19","modified_gmt":"2025-12-11T16:32:19","slug":"zviedru-valodas-gramatika","status":"publish","type":"page","link":"https:\/\/talkpal.ai\/lv\/zviedru-valodas-gramatika\/","title":{"rendered":"Zviedru valodas gramatika"},"content":{"rendered":"\r\n\r\n\r\n<section class=\"languageChallengeSection\">\r\n    <div class=\"languageInfoWrapper\">\r\n        \r\n        <h1>Zviedru valodas gramatika<\/h1>\r\n        <p>Atkl\u0101jiet <a href=\"https:\/\/talkpal.ai\/learn-swedish\/\">zviedru<\/a> <a href=\"https:\/\/talkpal.ai\/what-language-is-spoken-on-the-international-space-station\/\">valodas<\/a> skaistumu, apg\u016bstot t\u0101s b\u016btisk\u0101kos gramatikas noteikumus. Laba zviedru valodas gramatikas izpratne \u013caus jums dro\u0161i sazin\u0101ties un veidot saikni ar zviedru kult\u016bru. S\u0101ciet apg\u016bt zviedru valodas gramatiku jau \u0161odien un speriet pirmo soli ce\u013c\u0101 uz valodas zin\u0101\u0161anu apguvi!<\/p>\r\n\r\n                            <a class=\"getStartedHidden\" href=\"https:\/\/app.talkpal.ai\/lv\/signup?lng=\">S\u0101c<\/a>\r\n        \r\n    <\/div>\r\n\r\n    <figure>\r\n    <img decoding=\"async\" width=\"768\" height=\"768\" src=\"https:\/\/talkpal.ai\/wp-content\/uploads\/2023\/06\/swedish-768x768.png\" class=\"languageImage no-lazy\" alt=\"Language learning for improved concentration\" fetchpriority=\"high\" sizes=\"(max-width: 768px) 150px, 768px\" srcset=\"https:\/\/talkpal.ai\/wp-content\/uploads\/2023\/06\/swedish-768x768.png 768w, https:\/\/talkpal.ai\/wp-content\/uploads\/2023\/06\/swedish-300x300.png 300w\" \/>\r\n    \r\n\r\n    <\/figure>\r\n\r\n            <a class=\"getStartedVisible\" href=\"https:\/\/app.talkpal.ai\/lv\/signup?lng=\">S\u0101c<\/a>\r\n    \r\n<\/section>\r\n<section class=\"promotionalBanner\">\r\n    <p class=\"promotionalText\">Visefekt\u012bv\u0101kais veids, k\u0101 apg\u016bt valodu<\/p>\r\n    <a class=\"promotionalLink\" href=\"https:\/\/app.talkpal.ai\/lv\/signup?lng=\">Izm\u0113\u0123iniet Talkpal bez maksas<\/a>\r\n<\/section>\n<div class=\"wp-block-group pageContainerStyle\"><div class=\"wp-block-group__inner-container is-layout-constrained wp-block-group-is-layout-constrained\">\n<h2 class=\"wp-block-heading\" id=\"h-demystifying-swedish-grammar-a-comprehensive-guide-to-master-its-rules-and-nuances\">Zviedru valodas gramatikas demistifik\u0101cija: visaptvero\u0161s ce\u013cvedis, lai apg\u016btu t\u0101s noteikumus un nianses<\/h2>\n\n\n\n<p>Zviedru valoda, kur\u0101 run\u0101 aptuveni 10 miljoni cilv\u0113ku, ir bag\u0101ta un melodiska valoda, kas pieder zieme\u013c\u0123erm\u0101\u0146u \u0123imenei. Lai gan <a href=\"https:\/\/talkpal.ai\/swedish-grammar\/\">zviedru valodas gramatika<\/a> ir sal\u012bdzino\u0161i vienk\u0101r\u0161a, sal\u012bdzinot ar da\u017e\u0101m cit\u0101m valod\u0101m, t\u0101s noteikumu un strukt\u016bras izpratne ir b\u016btiska, lai uzlabotu valodas prasmi. \u0160aj\u0101 rakst\u0101 m\u0113s iepaz\u012bstin\u0101sim j\u016bs ar zviedru valodas gramatikas pamataspektiem un sniegsim noder\u012bgus padomus, lai uzlabotu j\u016bsu zviedru valodas prasmes.<\/p>\n\n\n\n<h3 class=\"wp-block-heading\" id=\"h-essential-components-of-swedish-grammar\">Zviedru valodas gramatikas b\u016btisk\u0101s sast\u0101vda\u013cas:<\/h3>\n\n\n\n<p>Zviedru valodas gramatikai ir l\u012bdz\u012bbas ar <a href=\"https:\/\/talkpal.ai\/learn-english-with-ai\/\">ang\u013cu<\/a> valodas gramatiku, t\u0101p\u0113c angliski run\u0101jo\u0161ajiem ir viegl\u0101k uz\u0146emt. \u0160eit ir da\u017ei b\u016btiski zviedru valodas gramatikas aspekti, ar kuriem ir v\u0113rts iepaz\u012bties:<\/p>\n\n\n\n<p><strong>1. Lietv\u0101rdi<\/strong> : zviedru lietv\u0101rdi ir sadal\u012bti div\u0101s gramatiskaj\u0101s grup\u0101s: kop\u012bgais (en) un nekatr\u0101 (ett). Katrs lietv\u0101rds pieder pie vienas no \u0161\u012bm kategorij\u0101m, kas ir svar\u012bgi \u0146emt v\u0113r\u0101, lietojot nenoteiktus un noteiktus rakstus. Zviedru lietv\u0101rdiem ir ar\u012b daudzskait\u013ca formas ar vair\u0101kiem at\u0161\u0137ir\u012bgiem mode\u013ciem, kas j\u0101atceras.<\/p>\n\n\n\n<p><strong>2. Biedr\u0101\u017ei:<\/strong> Lietv\u0101rdi zviedru valod\u0101 sakr\u012bt ar lietv\u0101rda dzimumu. Atkar\u012bb\u0101 no lietv\u0101rda dzimuma ir tr\u012bs \u012bpa\u0161\u012bbas v\u0101rdu formas: pozit\u012bvs, sal\u012bdzino\u0161s un superlat\u012bvs. \u012apa\u0161\u012bbas v\u0101rdi sakr\u012bt ar\u012b p\u0113c skaita (vienskaitl\u012b vai daudzskaitl\u012b).<\/p>\n\n\n\n<p><strong>3. Darb\u012bbas v\u0101rdi:<\/strong> Zviedru darb\u012bbas v\u0101rdi tiek iedal\u012bti \u010detr\u0101s grup\u0101s, katrai no t\u0101m ir konjug\u0101cijas modelis. Darb\u012bbas v\u0101rdi tiek loc\u012bti atkar\u012bb\u0101 no laika (tagadnes, pag\u0101tnes vai n\u0101kotnes), bet netiek loc\u012bti atkar\u012bb\u0101 no temata, k\u0101 tas ir ang\u013cu valod\u0101. T\u0101 viet\u0101 zviedru darb\u012bbas v\u0101rdu formas paliek nemain\u012bgas neatkar\u012bgi no t\u0113mas. Turkl\u0101t zviedru valodas darb\u012bbas v\u0101rdiem nav nep\u0101rtrauktu formu (t.i., -ing), piem\u0113ram, ang\u013cu valod\u0101.<\/p>\n\n\n\n<p><strong>4. Teikuma strukt\u016bra:<\/strong> zviedru teikuma strukt\u016bra parasti ir subject-verb-object (SVO), l\u012bdz\u012bgi k\u0101 ang\u013cu valod\u0101. Tom\u0113r zviedru valoda bie\u017ei izmanto V2 v\u0101rdu sec\u012bbas noteikumu, kur darb\u012bbas v\u0101rds par\u0101d\u0101s otraj\u0101 poz\u012bcij\u0101 deklarat\u012bvos teikumos un jaut\u0101jumos.<\/p>\n\n\n\n<h3 class=\"wp-block-heading\" id=\"h-tips-for-learning-swedish-grammar\">Padomi zviedru valodas gramatikas apguvei:<\/h3>\n\n\n\n<p>Lai padar\u012btu j\u016bsu zviedru valodas gramatikas m\u0101c\u012bbu ce\u013cu rait\u0101ku, \u0161eit ir da\u017ei praktiski padomi, kas j\u0101iev\u0113ro:<\/p>\n\n\n\n<p><strong>1. Praktiz\u0113jiet regul\u0101ri:<\/strong> Konsekvence ir galvenais. Katru dienu vai ned\u0113\u013cu atv\u0113liet laiku, lai praktiz\u0113tu gramatikas vingrin\u0101jumus, las\u012b\u0161anu un rakst\u012b\u0161anu zviedru valod\u0101.<\/p>\n\n\n\n<p><strong>2. Izmantojiet viet\u0113jos resursus:<\/strong> Iegremd\u0113jieties viet\u0113jos zviedru valodas materi\u0101los, piem\u0113ram, literat\u016br\u0101, zi\u0146u rakstos un podk\u0101stos. Tas ne tikai pal\u012bdz\u0113s jums saprast zviedru valodas gramatiku kontekst\u0101, bet ar\u012b uzlabos las\u012b\u0161anas un klaus\u012b\u0161an\u0101s prasmes.<\/p>\n\n\n\n<p><strong>3. Apg\u016bstiet lietv\u0101rdu dzimtes un daudzskait\u013cus:<\/strong> \u013boti svar\u012bgi ir iegaum\u0113t zviedru lietv\u0101rdu dzimtes (en vai ett) un daudzskait\u013ca formas. Laika gait\u0101 praktiz\u0113\u0161ana galu gal\u0101 pal\u012bdz\u0113s jums internaliz\u0113t \u0161os noteikumus.<\/p>\n\n\n\n<p><strong>4. Sazinieties ar dzimt\u0101 valoda:<\/strong> Iesaist\u012b\u0161an\u0101s sarun\u0101s ar dzimt\u0101s zviedru valodas run\u0101t\u0101jiem \u013caus jums <a href=\"https:\/\/talkpal.ai\/grammar\/\">praktiz\u0113t gramatiku<\/a> un sa\u0146emt v\u0113rt\u012bgas <a href=\"https:\/\/talkpal.ai\/contact\/\">atsauksmes<\/a>. Apsveriet iesp\u0113ju pievienoties valodu apmai\u0146as grup\u0101m vai tie\u0161saistes forumiem, lai sazin\u0101tos ar zviedriski run\u0101jo\u0161iem cilv\u0113kiem.<\/p>\n\n\n\n<p><strong>5. Esiet paciet\u012bgs un neatlaid\u012bgs:<\/strong> Atcerieties, ka gramatikas apguve ir process. Palieciet ap\u0146\u0113m\u012bbas pilni, turpiniet praktiz\u0113t un sviniet progresu visa ce\u013ca garum\u0101.<\/p>\n\n\n\n<h2 class=\"wp-block-heading\" id=\"h-conclusion\">Secin\u0101jums:<\/h2>\n\n\n\n<p>Zviedru valodas gramatiku, kaut ar\u012b \u0161\u0137ietami sare\u017e\u0123\u012btu, var apg\u016bt ar cent\u012bbu un izpratni par t\u0101s neat\u0146emamaj\u0101m sast\u0101vda\u013c\u0101m. Iev\u0113rojot m\u016bsu ieteikumus un iegremd\u0113jot sevi valod\u0101, j\u016bs pieredz\u0113siet past\u0101v\u012bgus uzlabojumus zviedru valodas prasm\u0113s. Pie\u0146emiet izaicin\u0101jumu un izbaudiet ce\u013cu uz zviedru valodas gramatikas meistar\u012bbu!<\/p>\n<\/div><\/div>\n\r\n<section class=\"learnNavigationSection\">\r\n            \r\n        <a href=\"https:\/\/talkpal.ai\/lv\/uzziniet-zviedru-valodu\/\">\r\n            <div class=\"learnNavigationWrapper\">\r\n                <div class=\"learnNavigationContent\">\r\n                    <img decoding=\"async\" src=\"https:\/\/talkpal.ai\/wp-content\/uploads\/2024\/08\/Swedish.jpg\" alt=\"Swedish Flag\">\r\n                    <div>\r\n                        <h4>Par zviedru valodas apguvi<\/h4>\r\n                        <p>Uzziniet visu par zviedru valodas gramatiku.<\/p>\r\n                    <\/div>\r\n                <\/div>\r\n            <\/div>\r\n        <\/a>\r\n\r\n        \r\n        <a href=\"https:\/\/talkpal.ai\/lv\/zviedru-valodas-gramatikas-vingrinajumi\/\">\r\n            <div class=\"learnNavigationWrapper\">\r\n                <div class=\"learnNavigationContent\">\r\n                    <img decoding=\"async\" src=\"https:\/\/talkpal.ai\/wp-content\/uploads\/2024\/08\/Swedish.jpg\" alt=\"Swedish Flag\">\r\n                    <div>\r\n                        <h4>Zviedru valodas gramatikas vingrin\u0101jums<\/h4>\r\n                        <p>Praktiz\u0113jiet zviedru valodas gramatiku.<\/p>\r\n                    <\/div>\r\n                <\/div>\r\n            <\/div>\r\n        <\/a>\r\n\r\n        \r\n        <a href=\"https:\/\/talkpal.ai\/vocabulary_language\/swedish\/\">\r\n            <div class=\"learnNavigationWrapper\">\r\n                <div class=\"learnNavigationContent\">\r\n                    <img decoding=\"async\" src=\"https:\/\/talkpal.ai\/wp-content\/uploads\/2024\/08\/Swedish.jpg\" alt=\"Swedish Flag\">\r\n                    <div>\r\n                        <h4>Zviedru valodas v\u0101rdn\u012bca<\/h4>\r\n                        <p>Papla\u0161iniet savu zviedru valodas v\u0101rdu kr\u0101jumu.<\/p>\r\n                    <\/div>\r\n                <\/div>\r\n            <\/div>\r\n        <\/a>\r\n\r\n            <\/section>","protected":false},"excerpt":{"rendered":"<p>Zviedru valodas gramatikas demistifik\u0101cija: visaptvero\u0161s ce\u013cvedis, lai apg\u016btu t\u0101s noteikumus un nianses Zviedru valoda, kur\u0101 run\u0101 aptuveni 10 miljoni cilv\u0113ku, ir bag\u0101ta un melodiska valoda, kas pieder zieme\u013c\u0123erm\u0101\u0146u \u0123imenei. Lai gan zviedru valodas gramatika ir sal\u012bdzino\u0161i vienk\u0101r\u0161a, sal\u012bdzinot ar da\u017e\u0101m cit\u0101m valod\u0101m, t\u0101s noteikumu un strukt\u016bras izpratne ir b\u016btiska, lai uzlabotu valodas prasmi. \u0160aj\u0101 rakst\u0101 [&hellip;]<\/p>\n","protected":false},"author":1,"featured_media":108243,"parent":0,"menu_order":0,"comment_status":"closed","ping_status":"closed","template":"LearningContentPage.php","meta":{"_acf_changed":false,"footnotes":""},"class_list":["post-130996","page","type-page","status-publish","has-post-thumbnail","hentry"],"acf":[],"yoast_head":"<!-- This site is optimized with the Yoast SEO Premium plugin v27.2 (Yoast SEO v27.2) - https:\/\/yoast.com\/product\/yoast-seo-premium-wordpress\/ -->\n<title>Zviedru valodas gramatika - Talkpal<\/title>\n<meta name=\"description\" content=\"Atkl\u0101jiet zviedru valodas gramatikas nosl\u0113pumus, lai uzlabotu savas valodas prasmes, izmantojot pamatnoteikumus un noder\u012bgus padomus.\" \/>\n<meta name=\"robots\" content=\"index, follow, max-snippet:-1, max-image-preview:large, max-video-preview:-1\" \/>\n<link rel=\"canonical\" href=\"https:\/\/talkpal.ai\/lv\/zviedru-valodas-gramatika\/\" \/>\n<meta property=\"og:locale\" content=\"lv_LV\" \/>\n<meta property=\"og:type\" content=\"article\" \/>\n<meta property=\"og:title\" content=\"Zviedru valodas gramatika\" \/>\n<meta property=\"og:description\" content=\"Zviedru valodas gramatikas demistifik\u0101cija: visaptvero\u0161s ce\u013cvedis, lai apg\u016btu t\u0101s noteikumus un nianses Zviedru valoda, kur\u0101 run\u0101 aptuveni 10 miljoni\" \/>\n<meta property=\"og:url\" content=\"https:\/\/talkpal.ai\/lv\/zviedru-valodas-gramatika\/\" \/>\n<meta property=\"og:site_name\" content=\"Talkpal\" \/>\n<meta property=\"article:publisher\" content=\"https:\/\/www.facebook.com\/profile.php?id=100090733639311\" \/>\n<meta property=\"article:modified_time\" content=\"2025-12-11T16:32:19+00:00\" \/>\n<meta property=\"og:image\" content=\"https:\/\/talkpal.ai\/wp-content\/uploads\/2023\/04\/sweden.png\" \/>\n\t<meta property=\"og:image:width\" content=\"512\" \/>\n\t<meta property=\"og:image:height\" content=\"512\" \/>\n\t<meta property=\"og:image:type\" content=\"image\/png\" \/>\n<meta name=\"twitter:card\" content=\"summary_large_image\" \/>\n<meta name=\"twitter:site\" content=\"@talkpalai\" \/>\n<meta name=\"twitter:label1\" content=\"Est. reading time\" \/>\n\t<meta name=\"twitter:data1\" content=\"3 minutes\" \/>\n<script type=\"application\/ld+json\" class=\"yoast-schema-graph\">{\"@context\":\"https:\/\/schema.org\",\"@graph\":[{\"@type\":\"WebPage\",\"@id\":\"https:\/\/talkpal.ai\/lv\/zviedru-valodas-gramatika\/\",\"url\":\"https:\/\/talkpal.ai\/lv\/zviedru-valodas-gramatika\/\",\"name\":\"Zviedru valodas gramatika - Talkpal\",\"isPartOf\":{\"@id\":\"https:\/\/talkpal.ai\/lv\/#website\"},\"primaryImageOfPage\":{\"@id\":\"https:\/\/talkpal.ai\/lv\/zviedru-valodas-gramatika\/#primaryimage\"},\"image\":{\"@id\":\"https:\/\/talkpal.ai\/lv\/zviedru-valodas-gramatika\/#primaryimage\"},\"thumbnailUrl\":\"https:\/\/talkpal.ai\/wp-content\/uploads\/2023\/04\/sweden.png\",\"datePublished\":\"2023-05-14T13:53:07+00:00\",\"dateModified\":\"2025-12-11T16:32:19+00:00\",\"description\":\"Atkl\u0101jiet zviedru valodas gramatikas nosl\u0113pumus, lai uzlabotu savas valodas prasmes, izmantojot pamatnoteikumus un noder\u012bgus padomus.\",\"breadcrumb\":{\"@id\":\"https:\/\/talkpal.ai\/lv\/zviedru-valodas-gramatika\/#breadcrumb\"},\"inLanguage\":\"lv-LV\",\"potentialAction\":[{\"@type\":\"ReadAction\",\"target\":[\"https:\/\/talkpal.ai\/lv\/zviedru-valodas-gramatika\/\"]}]},{\"@type\":\"ImageObject\",\"inLanguage\":\"lv-LV\",\"@id\":\"https:\/\/talkpal.ai\/lv\/zviedru-valodas-gramatika\/#primaryimage\",\"url\":\"https:\/\/talkpal.ai\/wp-content\/uploads\/2023\/04\/sweden.png\",\"contentUrl\":\"https:\/\/talkpal.ai\/wp-content\/uploads\/2023\/04\/sweden.png\",\"width\":512,\"height\":512},{\"@type\":\"BreadcrumbList\",\"@id\":\"https:\/\/talkpal.ai\/lv\/zviedru-valodas-gramatika\/#breadcrumb\",\"itemListElement\":[{\"@type\":\"ListItem\",\"position\":1,\"name\":\"Homepage\",\"item\":\"https:\/\/talkpal.ai\/lv\/\"},{\"@type\":\"ListItem\",\"position\":2,\"name\":\"Zviedru valodas gramatika\"}]},{\"@type\":\"WebSite\",\"@id\":\"https:\/\/talkpal.ai\/lv\/#website\",\"url\":\"https:\/\/talkpal.ai\/lv\/\",\"name\":\"Talkpal\",\"description\":\"AI Language Learning\",\"publisher\":{\"@id\":\"https:\/\/talkpal.ai\/lv\/#organization\"},\"alternateName\":\"Talkpal AI\",\"potentialAction\":[{\"@type\":\"SearchAction\",\"target\":{\"@type\":\"EntryPoint\",\"urlTemplate\":\"https:\/\/talkpal.ai\/lv\/?s={search_term_string}\"},\"query-input\":{\"@type\":\"PropertyValueSpecification\",\"valueRequired\":true,\"valueName\":\"search_term_string\"}}],\"inLanguage\":\"lv-LV\"},{\"@type\":\"Organization\",\"@id\":\"https:\/\/talkpal.ai\/lv\/#organization\",\"name\":\"Talkpal, Inc.\",\"alternateName\":\"Talkpal AI\",\"url\":\"https:\/\/talkpal.ai\/lv\/\",\"logo\":{\"@type\":\"ImageObject\",\"inLanguage\":\"lv-LV\",\"@id\":\"https:\/\/talkpal.ai\/lv\/#\/schema\/logo\/image\/\",\"url\":\"https:\/\/talkpal.ai\/wp-content\/uploads\/2024\/03\/Talkpal-Logo-Icon.png\",\"contentUrl\":\"https:\/\/talkpal.ai\/wp-content\/uploads\/2024\/03\/Talkpal-Logo-Icon.png\",\"width\":2880,\"height\":2880,\"caption\":\"Talkpal, Inc.\"},\"image\":{\"@id\":\"https:\/\/talkpal.ai\/lv\/#\/schema\/logo\/image\/\"},\"sameAs\":[\"https:\/\/www.facebook.com\/profile.php?id=100090733639311\",\"https:\/\/x.com\/talkpalai\",\"https:\/\/www.linkedin.com\/company\/talkpal\/\",\"https:\/\/www.youtube.com\/@TalkPal\/\",\"https:\/\/www.tiktok.com\/@talkpal\",\"https:\/\/www.instagram.com\/talkpal_ai\/\",\"https:\/\/www.crunchbase.com\/organization\/talkpal-9cde\",\"https:\/\/www.g2.com\/products\/talkpal-for-business\/\",\"https:\/\/www.trustpilot.com\/review\/talkpal.ai\",\"https:\/\/www.capterra.com\/p\/10006800\/TalkPal\/\"],\"description\":\"Talkpal is a language learning web and mobile education app, powered by the latest AI technologies, that provides engaging experiences to its customers in many different languages to help them improve their language skills. Users can chat about unlimited amount of topics with the app and use other modes to practice their language learning.\",\"email\":\"support@talkpal.ai\",\"legalName\":\"Talkpal, Inc.\",\"foundingDate\":\"2023-04-03\",\"duns\":\"118989042\",\"numberOfEmployees\":{\"@type\":\"QuantitativeValue\",\"minValue\":\"11\",\"maxValue\":\"50\"},\"publishingPrinciples\":\"https:\/\/talkpal.ai\/publishing-principles\/\",\"actionableFeedbackPolicy\":\"https:\/\/talkpal.ai\/actionable-feedback-policy\/\",\"correctionsPolicy\":\"https:\/\/talkpal.ai\/corrections-policy\/\",\"ethicsPolicy\":\"https:\/\/talkpal.ai\/ethics-policy\/\",\"diversityPolicy\":\"https:\/\/talkpal.ai\/diversity-policy\/\",\"diversityStaffingReport\":\"https:\/\/talkpal.ai\/diversity-policy\/\"}]}<\/script>\n<!-- \/ Yoast SEO Premium plugin. -->","yoast_head_json":{"title":"Zviedru valodas gramatika - Talkpal","description":"Atkl\u0101jiet zviedru valodas gramatikas nosl\u0113pumus, lai uzlabotu savas valodas prasmes, izmantojot pamatnoteikumus un noder\u012bgus padomus.","robots":{"index":"index","follow":"follow","max-snippet":"max-snippet:-1","max-image-preview":"max-image-preview:large","max-video-preview":"max-video-preview:-1"},"canonical":"https:\/\/talkpal.ai\/lv\/zviedru-valodas-gramatika\/","og_locale":"lv_LV","og_type":"article","og_title":"Zviedru valodas gramatika","og_description":"Zviedru valodas gramatikas demistifik\u0101cija: visaptvero\u0161s ce\u013cvedis, lai apg\u016btu t\u0101s noteikumus un nianses Zviedru valoda, kur\u0101 run\u0101 aptuveni 10 miljoni","og_url":"https:\/\/talkpal.ai\/lv\/zviedru-valodas-gramatika\/","og_site_name":"Talkpal","article_publisher":"https:\/\/www.facebook.com\/profile.php?id=100090733639311","article_modified_time":"2025-12-11T16:32:19+00:00","og_image":[{"width":512,"height":512,"url":"https:\/\/talkpal.ai\/wp-content\/uploads\/2023\/04\/sweden.png","type":"image\/png"}],"twitter_card":"summary_large_image","twitter_site":"@talkpalai","twitter_misc":{"Est. reading time":"3 minutes"},"schema":{"@context":"https:\/\/schema.org","@graph":[{"@type":"WebPage","@id":"https:\/\/talkpal.ai\/lv\/zviedru-valodas-gramatika\/","url":"https:\/\/talkpal.ai\/lv\/zviedru-valodas-gramatika\/","name":"Zviedru valodas gramatika - Talkpal","isPartOf":{"@id":"https:\/\/talkpal.ai\/lv\/#website"},"primaryImageOfPage":{"@id":"https:\/\/talkpal.ai\/lv\/zviedru-valodas-gramatika\/#primaryimage"},"image":{"@id":"https:\/\/talkpal.ai\/lv\/zviedru-valodas-gramatika\/#primaryimage"},"thumbnailUrl":"https:\/\/talkpal.ai\/wp-content\/uploads\/2023\/04\/sweden.png","datePublished":"2023-05-14T13:53:07+00:00","dateModified":"2025-12-11T16:32:19+00:00","description":"Atkl\u0101jiet zviedru valodas gramatikas nosl\u0113pumus, lai uzlabotu savas valodas prasmes, izmantojot pamatnoteikumus un noder\u012bgus padomus.","breadcrumb":{"@id":"https:\/\/talkpal.ai\/lv\/zviedru-valodas-gramatika\/#breadcrumb"},"inLanguage":"lv-LV","potentialAction":[{"@type":"ReadAction","target":["https:\/\/talkpal.ai\/lv\/zviedru-valodas-gramatika\/"]}]},{"@type":"ImageObject","inLanguage":"lv-LV","@id":"https:\/\/talkpal.ai\/lv\/zviedru-valodas-gramatika\/#primaryimage","url":"https:\/\/talkpal.ai\/wp-content\/uploads\/2023\/04\/sweden.png","contentUrl":"https:\/\/talkpal.ai\/wp-content\/uploads\/2023\/04\/sweden.png","width":512,"height":512},{"@type":"BreadcrumbList","@id":"https:\/\/talkpal.ai\/lv\/zviedru-valodas-gramatika\/#breadcrumb","itemListElement":[{"@type":"ListItem","position":1,"name":"Homepage","item":"https:\/\/talkpal.ai\/lv\/"},{"@type":"ListItem","position":2,"name":"Zviedru valodas gramatika"}]},{"@type":"WebSite","@id":"https:\/\/talkpal.ai\/lv\/#website","url":"https:\/\/talkpal.ai\/lv\/","name":"Talkpal","description":"AI Language Learning","publisher":{"@id":"https:\/\/talkpal.ai\/lv\/#organization"},"alternateName":"Talkpal AI","potentialAction":[{"@type":"SearchAction","target":{"@type":"EntryPoint","urlTemplate":"https:\/\/talkpal.ai\/lv\/?s={search_term_string}"},"query-input":{"@type":"PropertyValueSpecification","valueRequired":true,"valueName":"search_term_string"}}],"inLanguage":"lv-LV"},{"@type":"Organization","@id":"https:\/\/talkpal.ai\/lv\/#organization","name":"Talkpal, Inc.","alternateName":"Talkpal AI","url":"https:\/\/talkpal.ai\/lv\/","logo":{"@type":"ImageObject","inLanguage":"lv-LV","@id":"https:\/\/talkpal.ai\/lv\/#\/schema\/logo\/image\/","url":"https:\/\/talkpal.ai\/wp-content\/uploads\/2024\/03\/Talkpal-Logo-Icon.png","contentUrl":"https:\/\/talkpal.ai\/wp-content\/uploads\/2024\/03\/Talkpal-Logo-Icon.png","width":2880,"height":2880,"caption":"Talkpal, Inc."},"image":{"@id":"https:\/\/talkpal.ai\/lv\/#\/schema\/logo\/image\/"},"sameAs":["https:\/\/www.facebook.com\/profile.php?id=100090733639311","https:\/\/x.com\/talkpalai","https:\/\/www.linkedin.com\/company\/talkpal\/","https:\/\/www.youtube.com\/@TalkPal\/","https:\/\/www.tiktok.com\/@talkpal","https:\/\/www.instagram.com\/talkpal_ai\/","https:\/\/www.crunchbase.com\/organization\/talkpal-9cde","https:\/\/www.g2.com\/products\/talkpal-for-business\/","https:\/\/www.trustpilot.com\/review\/talkpal.ai","https:\/\/www.capterra.com\/p\/10006800\/TalkPal\/"],"description":"Talkpal is a language learning web and mobile education app, powered by the latest AI technologies, that provides engaging experiences to its customers in many different languages to help them improve their language skills. Users can chat about unlimited amount of topics with the app and use other modes to practice their language learning.","email":"support@talkpal.ai","legalName":"Talkpal, Inc.","foundingDate":"2023-04-03","duns":"118989042","numberOfEmployees":{"@type":"QuantitativeValue","minValue":"11","maxValue":"50"},"publishingPrinciples":"https:\/\/talkpal.ai\/publishing-principles\/","actionableFeedbackPolicy":"https:\/\/talkpal.ai\/actionable-feedback-policy\/","correctionsPolicy":"https:\/\/talkpal.ai\/corrections-policy\/","ethicsPolicy":"https:\/\/talkpal.ai\/ethics-policy\/","diversityPolicy":"https:\/\/talkpal.ai\/diversity-policy\/","diversityStaffingReport":"https:\/\/talkpal.ai\/diversity-policy\/"}]}},"_links":{"self":[{"href":"https:\/\/talkpal.ai\/lv\/wp-json\/wp\/v2\/pages\/130996","targetHints":{"allow":["GET"]}}],"collection":[{"href":"https:\/\/talkpal.ai\/lv\/wp-json\/wp\/v2\/pages"}],"about":[{"href":"https:\/\/talkpal.ai\/lv\/wp-json\/wp\/v2\/types\/page"}],"author":[{"embeddable":true,"href":"https:\/\/talkpal.ai\/lv\/wp-json\/wp\/v2\/users\/1"}],"replies":[{"embeddable":true,"href":"https:\/\/talkpal.ai\/lv\/wp-json\/wp\/v2\/comments?post=130996"}],"version-history":[{"count":0,"href":"https:\/\/talkpal.ai\/lv\/wp-json\/wp\/v2\/pages\/130996\/revisions"}],"wp:featuredmedia":[{"embeddable":true,"href":"https:\/\/talkpal.ai\/lv\/wp-json\/wp\/v2\/media\/108243"}],"wp:attachment":[{"href":"https:\/\/talkpal.ai\/lv\/wp-json\/wp\/v2\/media?parent=130996"}],"curies":[{"name":"wp","href":"https:\/\/api.w.org\/{rel}","templated":true}]}}