{"id":130420,"date":"2023-05-14T13:52:27","date_gmt":"2023-05-14T13:52:27","guid":{"rendered":"http:\/\/talkpal.ai\/korejiesu-valodas-gramatika\/"},"modified":"2025-12-11T16:28:49","modified_gmt":"2025-12-11T16:28:49","slug":"korejiesu-valodas-gramatika","status":"publish","type":"page","link":"https:\/\/talkpal.ai\/lv\/korejiesu-valodas-gramatika\/","title":{"rendered":"Korejie\u0161u valodas gramatika"},"content":{"rendered":"\r\n\r\n\r\n<section class=\"languageChallengeSection\">\r\n    <div class=\"languageInfoWrapper\">\r\n        \r\n        <h1>Korejie\u0161u valodas gramatika<\/h1>\r\n        <p>S\u0101ciet apg\u016bt <a href=\"https:\/\/talkpal.ai\/learn-korean\/\">korejie\u0161u<\/a> <a href=\"https:\/\/talkpal.ai\/what-language-is-spoken-on-the-international-space-station\/\">valodas<\/a> gramatiku ar viegli uztveramiem ce\u013cve\u017eiem un praktiskiem piem\u0113riem. Uzziniet, k\u0101 veidot teikumus, lietot da\u013ci\u0146as un loc\u012bt darb\u012bbas v\u0101rdus, lai prec\u012bzi izteiktu savu viedokli. Praktiz\u0113jiet savas prasmes, izmantojot interakt\u012bvus vingrin\u0101jumus, kas paredz\u0113ti, lai vairotu j\u016bsu p\u0101rliec\u012bbu. Speriet n\u0101kamo soli sav\u0101 korejie\u0161u valodas ce\u013cojum\u0101 un uzlabojiet savu valodas prasmi jau \u0161odien!<\/p>\r\n\r\n                            <a class=\"getStartedHidden\" href=\"https:\/\/app.talkpal.ai\/lv\/signup?lng=\">S\u0101c<\/a>\r\n        \r\n    <\/div>\r\n\r\n    <figure>\r\n    <img decoding=\"async\" width=\"768\" height=\"768\" src=\"https:\/\/talkpal.ai\/wp-content\/uploads\/2023\/06\/korean-768x768.png\" class=\"languageImage no-lazy\" alt=\"Line-by-line learning for language acquisition\" fetchpriority=\"high\" sizes=\"(max-width: 768px) 150px, 768px\" srcset=\"https:\/\/talkpal.ai\/wp-content\/uploads\/2023\/06\/korean-768x768.png 768w, https:\/\/talkpal.ai\/wp-content\/uploads\/2023\/06\/korean-300x300.png 300w\" \/>\r\n    \r\n\r\n    <\/figure>\r\n\r\n            <a class=\"getStartedVisible\" href=\"https:\/\/app.talkpal.ai\/lv\/signup?lng=\">S\u0101c<\/a>\r\n    \r\n<\/section>\r\n<section class=\"promotionalBanner\">\r\n    <p class=\"promotionalText\">Visefekt\u012bv\u0101kais veids, k\u0101 apg\u016bt valodu<\/p>\r\n    <a class=\"promotionalLink\" href=\"https:\/\/app.talkpal.ai\/lv\/signup?lng=\">Izm\u0113\u0123iniet Talkpal bez maksas<\/a>\r\n<\/section>\n<div class=\"wp-block-group pageContainerStyle\"><div class=\"wp-block-group__inner-container is-layout-constrained wp-block-group-is-layout-constrained\">\n<h2 class=\"wp-block-heading\" id=\"h-demystifying-korean-grammar-a-beginner-s-guide\">Korejie\u0161u valodas gramatikas demistifik\u0101cija: rokasgr\u0101mata ies\u0101c\u0113jiem<\/h2>\n\n\n\n<p>Korejie\u0161u valodas apguve var pav\u0113rt pla\u0161as iesp\u0113jas &#8211; gan iepaz\u012bstot korejie\u0161u virtuvi, gan skatoties jaun\u0101k\u0101s K-dr\u0101mas, gan str\u0101d\u0101jot k\u0101d\u0101 no daudzajiem Dienvidkorejas inovat\u012bvajiem uz\u0146\u0113mumiem. K\u0101 run\u0101t\u0101js, kuram nav dzimt\u0101 valoda, ienirstot \u0161aj\u0101 aizraujo\u0161aj\u0101 valod\u0101, viens no izaicino\u0161\u0101kajiem aspektiem var b\u016bt t\u0101s gramatikas apg\u016b\u0161ana. <a href=\"https:\/\/talkpal.ai\/korean-grammar\/\">Korejie\u0161u valodas gramatika<\/a> no pirm\u0101 acu uzmetiena var \u0161\u0137ist sare\u017e\u0123\u012bta, ta\u010du <a href=\"https:\/\/talkpal.ai\/learn-thai\/\">tai<\/a> ir lo\u0123ika un konsekvence, kas var b\u016bt pieejam\u0101ka, nek\u0101 j\u016bs var\u0113tu dom\u0101t. \u0160aj\u0101 rakst\u0101 m\u0113s sadal\u012bsim korejie\u0161u valodas gramatikas galven\u0101s iez\u012bmes un sniegsim v\u0113rt\u012bgu ieskatu, lai padar\u012btu j\u016bsu ce\u013cojumu uz valodas zin\u0101\u0161anu apguvi raitu un pat\u012bkamu.<\/p>\n\n\n\n<h3 class=\"wp-block-heading\" id=\"h-1-word-nbsp-order-nbsp-get-in-the-flow\"><b>1. V\u0101rdu<\/b> sec\u012bba<b> \u2013 \u0137eries kl\u0101t!<\/b><\/h3>\n\n\n\n<p>Pirm\u0101 lieta, kas jums j\u0101zina par korejie\u0161u gramatiku, ir t\u0101s pamatv\u0101rdu sec\u012bba: <a href=\"https:\/\/talkpal.ai\/culture\/how-do-you-structure-a-sentence-using-subject-object-verb-order-in-uzbek\/\">Subject-Object-Verb<\/a> (SOV). Tas noz\u012bm\u0113, ka darb\u012bbas v\u0101rdi atrodas teikuma beig\u0101s, at\u0161\u0137ir\u012bb\u0101 no <a href=\"https:\/\/talkpal.ai\/learn-english-with-ai\/\">ang\u013cu<\/a> valodas subjekta-v\u0101rda-priek\u0161meta (SVO) sec\u012bbas. Tas var pras\u012bt zin\u0101mu pieradumu, bet galvenais, lai pl\u016bstu, ir justies \u0113rti ar \u0161o jauno strukt\u016bru.<\/p>\n\n\n\n<p>Padoms: Praktiz\u0113jiet vienk\u0101r\u0161u korejie\u0161u teikumu veido\u0161anu, tulkojot ang\u013cu valodas fr\u0101zes un p\u0101rk\u0101rtojot v\u0101rdu sec\u012bbu. Koncentr\u0113jieties uz SOV strukt\u016bras lo\u0123ikas izpratni, lai ar to k\u013c\u016btu \u0113rt\u0101k.<\/p>\n\n\n\n<h3 class=\"wp-block-heading\" id=\"h-2-particles-attach-and-connect\">2. Da\u013ci\u0146as \u2013 Pievienojiet un savienojiet!<\/h3>\n\n\n\n<p>Korejie\u0161u teikumos tiek izmantoti s\u012bki gramatisk\u0101s inform\u0101cijas gabali, ko sauc par da\u013ci\u0146\u0101m, lai pal\u012bdz\u0113tu noteikt v\u0101rda funkciju teikum\u0101. Piem\u0113ram, \uc774\/\uac00 un \uc740\/\ub294 apz\u012bm\u0113 priek\u0161metu, bet \uc744\/\ub97c &#8211; objektu. Da\u013ci\u0146as ir b\u016btiska korejie\u0161u valodas gramatikas sast\u0101vda\u013ca, ta\u010du to lieto\u0161ana s\u0101kotn\u0113ji var \u0161\u0137ist milz\u012bga.<\/p>\n\n\n\n<p>Padoms: Risiniet pa vienai da\u013ci\u0146ai, apmierinot t\u0101s lieto\u0161anu un noz\u012bmi. Izveidojiet piem\u0113ru teikumu sarakstu, izmantojot katru da\u013ci\u0146u, lai izveidotu atsauces materi\u0101la kolekciju.<\/p>\n\n\n\n<h3 class=\"wp-block-heading\" id=\"h-3-verb-conjugation-keep-it-simple\">3. Darb\u012bbas v\u0101rdu konjug\u0101cija &#8211; saglab\u0101jiet to vienk\u0101r\u0161u!<\/h3>\n\n\n\n<p>Korejie\u0161u valodas v\u0101rdi ir \u013coti konsekventi, kas var padar\u012bt tos viegl\u0101k apg\u016bstamus nek\u0101 darb\u012bbas v\u0101rdus cit\u0101s valod\u0101s. Visi korejie\u0161u valodas darb\u012bbas v\u0101rdi pamatform\u0101 beidzas ar \ub2e4 (da), un, lai izveidotu da\u017e\u0101dus laikus vai piekl\u0101j\u012bbas pak\u0101pes, j\u016bs vienk\u0101r\u0161i pievienosiet da\u017e\u0101das galotnes. Visbie\u017e\u0101k sastopamie ir -\uc694 (yo) neform\u0101l\u0101 piekl\u0101j\u012bbas form\u0101 un -\uc2b5\ub2c8\ub2e4 (seumnida) form\u0101l\u0101s situ\u0101cij\u0101s.<\/p>\n\n\n\n<p>Padoms: Uzziniet, k\u0101 loc\u012bt da\u017eus b\u016btiskus darb\u012bbas v\u0101rdus da\u017e\u0101dos piekl\u0101j\u012bbas l\u012bme\u0146os, piem\u0113ram, \ud558\ub2e4 (dar\u012bt), \uba39\ub2e4 (\u0113st), \uc790\ub2e4 (gul\u0113t) un \uac00\ub2e4 (iet). P\u0113c tam s\u0101ciet tos iek\u013caut teikumos, lai k\u013c\u016btu paz\u012bstam\u0101ki un \u0113rt\u0101ki ar da\u017e\u0101du konjug\u0101ciju izmanto\u0161anu.<\/p>\n\n\n\n<h3 class=\"wp-block-heading\" id=\"h-4-adjectives-treat-them-like-verbs\">4. \u012apa\u0161\u012bbas v\u0101rdi \u2013 Izturies pret tiem k\u0101 pret darb\u012bbas v\u0101rdiem!<\/h3>\n\n\n\n<p>Korejie\u0161u gramatik\u0101 \u012bpa\u0161\u012bbas v\u0101rdi darbojas l\u012bdz\u012bgi darb\u012bbas v\u0101rdiem un tiek konjug\u0113ti, izmantojot to pa\u0161u sist\u0113mu. Daudzi \u012bpa\u0161\u012bbas v\u0101rdi beidzas ar ~\ud558\ub2e4 (-hada), un tos var loc\u012bt t\u0101pat k\u0101 darb\u012bbas v\u0101rdus.<\/p>\n\n\n\n<p>Padoms: \uc88b\ub2e4 (b\u016bt labam), \uc608\uc058\ub2e4 (b\u016bt skaistam), \ub192\ub2e4 (b\u016bt augstam), \ub0ae\ub2e4 (b\u016bt zemam) un \ud06c\ub2e4 (b\u016bt lielam). To iek\u013cau\u0161ana teikumos pal\u012bdz\u0113s nostiprin\u0101t j\u016bsu izpratni.<\/p>\n\n\n\n<h3 class=\"wp-block-heading\" id=\"h-5-honorifics-show-your-respect\">5. Honorifics \u2013 Izr\u0101di savu cie\u0146u!<\/h3>\n\n\n\n<p>Korejie\u0161u kult\u016bra uzsver cie\u0146as izr\u0101d\u012b\u0161anu vec\u0101kajiem un tiem, kas atrodas varas poz\u012bcij\u0101s. Tas atspogu\u013cojas t\u0101s valod\u0101, izmantojot honorifics, kas ir \u012bpa\u0161as v\u0101rdu formas un gramatisk\u0101s strukt\u016bras, ko izmanto, lai par\u0101d\u012btu piekl\u0101j\u012bbu. Da\u017ei no galvenajiem piem\u0113riem ir da\u013ci\u0146as -\uaed8\uc11c (-kkeseo) lieto\u0161ana -\uc774\/\uac00 viet\u0101, kad uz k\u0101du v\u0113r\u0161as ar cie\u0146u, vai -\uc2dc (-si) pievieno\u0161ana darb\u012bbas v\u0101rdiem k\u0101 piekl\u0101j\u012bbas apz\u012bm\u0113t\u0101js.<\/p>\n\n\n\n<p>Padoms: Iem\u0101ciet goda v\u0101rdu lieto\u0161anas pamatus, bet nevajag uztraukties par to, lai uzreiz k\u013c\u016btu par ekspertu. K\u0101 angliski run\u0101jo\u0161ie, korejie\u0161i, visticam\u0101k, saprat\u012bs, ja j\u016bs pie\u013caujat k\u013c\u016bdas, bet tiks nov\u0113rt\u0113ti centieni b\u016bt cie\u0146pilniem.<\/p>\n\n\n\n<h3 class=\"wp-block-heading\" id=\"h-conclusion\">Secin\u0101jums:<\/h3>\n\n\n\n<p>Korejie\u0161u valodas gramatika s\u0101kum\u0101 var \u0161\u0137ist sare\u017e\u0123\u012bta, ta\u010du, g\u016bstot pieredzi un izpratni, j\u016bs atrad\u012bsiet lo\u0123isku un konsekventu sist\u0113mu. Koncentr\u0113joties uz t\u0101diem svar\u012bg\u0101kajiem j\u0113dzieniem k\u0101 v\u0101rdu sec\u012bba, da\u013ci\u0146as un darb\u012bbas v\u0101rdu loc\u012b\u0161ana, j\u016bs dr\u012bz vien var\u0113siet veidot teikumus k\u0101 profesion\u0101lis. Iem\u012bl\u0113siet \u0161o izteiksm\u012bgo valodu un v\u0113rojiet, k\u0101 korejie\u0161u valodas gramatikas apguve pav\u0113rs jums pla\u0161as iesp\u0113jas. \ud654\uc774\ud305 (hwaiting) &#8211; lai<\/p>\n<\/div><\/div>\n\r\n<section class=\"learnNavigationSection\">\r\n            \r\n        <a href=\"https:\/\/talkpal.ai\/lv\/uzziniet-korejiesu-valodu\/\">\r\n            <div class=\"learnNavigationWrapper\">\r\n                <div class=\"learnNavigationContent\">\r\n                    <img decoding=\"async\" src=\"https:\/\/talkpal.ai\/wp-content\/uploads\/2024\/08\/Korean.jpg\" alt=\"Korean Flag\">\r\n                    <div>\r\n                        <h4>Par korejie\u0161u valodas apguvi<\/h4>\r\n                        <p>Uzziniet visu par korejie\u0161u valodas gramatiku.<\/p>\r\n                    <\/div>\r\n                <\/div>\r\n            <\/div>\r\n        <\/a>\r\n\r\n        \r\n        <a href=\"https:\/\/talkpal.ai\/lv\/korejiesu-valodas-gramatikas-vingrinajumi\/\">\r\n            <div class=\"learnNavigationWrapper\">\r\n                <div class=\"learnNavigationContent\">\r\n                    <img decoding=\"async\" src=\"https:\/\/talkpal.ai\/wp-content\/uploads\/2024\/08\/Korean.jpg\" alt=\"Korean Flag\">\r\n                    <div>\r\n                        <h4>Korejie\u0161u valodas gramatikas vingrin\u0101jums<\/h4>\r\n                        <p>Praktiz\u0113jiet korejie\u0161u gramatiku.<\/p>\r\n                    <\/div>\r\n                <\/div>\r\n            <\/div>\r\n        <\/a>\r\n\r\n        \r\n        <a href=\"https:\/\/talkpal.ai\/vocabulary_language\/korean\/\">\r\n            <div class=\"learnNavigationWrapper\">\r\n                <div class=\"learnNavigationContent\">\r\n                    <img decoding=\"async\" src=\"https:\/\/talkpal.ai\/wp-content\/uploads\/2024\/08\/Korean.jpg\" alt=\"Korean Flag\">\r\n                    <div>\r\n                        <h4>Korejie\u0161u valodas v\u0101rdn\u012bca<\/h4>\r\n                        <p>Papla\u0161iniet savu korejie\u0161u valodas v\u0101rdu kr\u0101jumu.<\/p>\r\n                    <\/div>\r\n                <\/div>\r\n            <\/div>\r\n        <\/a>\r\n\r\n            <\/section>","protected":false},"excerpt":{"rendered":"<p>Korejie\u0161u valodas gramatikas demistifik\u0101cija: rokasgr\u0101mata ies\u0101c\u0113jiem Korejie\u0161u valodas apguve var pav\u0113rt pla\u0161as iesp\u0113jas &#8211; gan iepaz\u012bstot korejie\u0161u virtuvi, gan skatoties jaun\u0101k\u0101s K-dr\u0101mas, gan str\u0101d\u0101jot k\u0101d\u0101 no daudzajiem Dienvidkorejas inovat\u012bvajiem uz\u0146\u0113mumiem. K\u0101 run\u0101t\u0101js, kuram nav dzimt\u0101 valoda, ienirstot \u0161aj\u0101 aizraujo\u0161aj\u0101 valod\u0101, viens no izaicino\u0161\u0101kajiem aspektiem var b\u016bt t\u0101s gramatikas apg\u016b\u0161ana. Korejie\u0161u valodas gramatika no pirm\u0101 acu [&hellip;]<\/p>\n","protected":false},"author":1,"featured_media":107506,"parent":0,"menu_order":0,"comment_status":"closed","ping_status":"closed","template":"LearningContentPage.php","meta":{"_acf_changed":false,"footnotes":""},"class_list":["post-130420","page","type-page","status-publish","has-post-thumbnail","hentry"],"acf":[],"yoast_head":"<!-- This site is optimized with the Yoast SEO Premium plugin v27.2 (Yoast SEO v27.2) - https:\/\/yoast.com\/product\/yoast-seo-premium-wordpress\/ -->\n<title>Korejie\u0161u valodas gramatika - Talkpal<\/title>\n<meta name=\"description\" content=\"Apg\u016bstiet korejie\u0161u valodas gramatiku p\u0101rliecino\u0161i - nostipriniet teikuma strukt\u016bru, noskaidrojiet noteikumus un viegli uzlabojiet valodas pl\u016bdumu.\" \/>\n<meta name=\"robots\" content=\"index, follow, max-snippet:-1, max-image-preview:large, max-video-preview:-1\" \/>\n<link rel=\"canonical\" href=\"https:\/\/talkpal.ai\/lv\/korejiesu-valodas-gramatika\/\" \/>\n<meta property=\"og:locale\" content=\"lv_LV\" \/>\n<meta property=\"og:type\" content=\"article\" \/>\n<meta property=\"og:title\" content=\"Korejie\u0161u valodas gramatika\" \/>\n<meta property=\"og:description\" content=\"Korejie\u0161u valodas gramatikas demistifik\u0101cija: rokasgr\u0101mata ies\u0101c\u0113jiem Korejie\u0161u valodas apguve var pav\u0113rt pla\u0161as iesp\u0113jas - gan iepaz\u012bstot korejie\u0161u\" \/>\n<meta property=\"og:url\" content=\"https:\/\/talkpal.ai\/lv\/korejiesu-valodas-gramatika\/\" \/>\n<meta property=\"og:site_name\" content=\"Talkpal\" \/>\n<meta property=\"article:publisher\" content=\"https:\/\/www.facebook.com\/profile.php?id=100090733639311\" \/>\n<meta property=\"article:modified_time\" content=\"2025-12-11T16:28:49+00:00\" \/>\n<meta property=\"og:image\" content=\"https:\/\/talkpal.ai\/wp-content\/uploads\/2023\/04\/south-korea.png\" \/>\n\t<meta property=\"og:image:width\" content=\"512\" \/>\n\t<meta property=\"og:image:height\" content=\"512\" \/>\n\t<meta property=\"og:image:type\" content=\"image\/png\" \/>\n<meta name=\"twitter:card\" content=\"summary_large_image\" \/>\n<meta name=\"twitter:site\" content=\"@talkpalai\" \/>\n<meta name=\"twitter:label1\" content=\"Est. reading time\" \/>\n\t<meta name=\"twitter:data1\" content=\"4 minutes\" \/>\n<script type=\"application\/ld+json\" class=\"yoast-schema-graph\">{\"@context\":\"https:\/\/schema.org\",\"@graph\":[{\"@type\":\"WebPage\",\"@id\":\"https:\/\/talkpal.ai\/lv\/korejiesu-valodas-gramatika\/\",\"url\":\"https:\/\/talkpal.ai\/lv\/korejiesu-valodas-gramatika\/\",\"name\":\"Korejie\u0161u valodas gramatika - Talkpal\",\"isPartOf\":{\"@id\":\"https:\/\/talkpal.ai\/lv\/#website\"},\"primaryImageOfPage\":{\"@id\":\"https:\/\/talkpal.ai\/lv\/korejiesu-valodas-gramatika\/#primaryimage\"},\"image\":{\"@id\":\"https:\/\/talkpal.ai\/lv\/korejiesu-valodas-gramatika\/#primaryimage\"},\"thumbnailUrl\":\"https:\/\/talkpal.ai\/wp-content\/uploads\/2023\/04\/south-korea.png\",\"datePublished\":\"2023-05-14T13:52:27+00:00\",\"dateModified\":\"2025-12-11T16:28:49+00:00\",\"description\":\"Apg\u016bstiet korejie\u0161u valodas gramatiku p\u0101rliecino\u0161i - nostipriniet teikuma strukt\u016bru, noskaidrojiet noteikumus un viegli uzlabojiet valodas pl\u016bdumu.\",\"breadcrumb\":{\"@id\":\"https:\/\/talkpal.ai\/lv\/korejiesu-valodas-gramatika\/#breadcrumb\"},\"inLanguage\":\"lv-LV\",\"potentialAction\":[{\"@type\":\"ReadAction\",\"target\":[\"https:\/\/talkpal.ai\/lv\/korejiesu-valodas-gramatika\/\"]}]},{\"@type\":\"ImageObject\",\"inLanguage\":\"lv-LV\",\"@id\":\"https:\/\/talkpal.ai\/lv\/korejiesu-valodas-gramatika\/#primaryimage\",\"url\":\"https:\/\/talkpal.ai\/wp-content\/uploads\/2023\/04\/south-korea.png\",\"contentUrl\":\"https:\/\/talkpal.ai\/wp-content\/uploads\/2023\/04\/south-korea.png\",\"width\":512,\"height\":512},{\"@type\":\"BreadcrumbList\",\"@id\":\"https:\/\/talkpal.ai\/lv\/korejiesu-valodas-gramatika\/#breadcrumb\",\"itemListElement\":[{\"@type\":\"ListItem\",\"position\":1,\"name\":\"Homepage\",\"item\":\"https:\/\/talkpal.ai\/lv\/\"},{\"@type\":\"ListItem\",\"position\":2,\"name\":\"Korejie\u0161u valodas gramatika\"}]},{\"@type\":\"WebSite\",\"@id\":\"https:\/\/talkpal.ai\/lv\/#website\",\"url\":\"https:\/\/talkpal.ai\/lv\/\",\"name\":\"Talkpal\",\"description\":\"AI Language Learning\",\"publisher\":{\"@id\":\"https:\/\/talkpal.ai\/lv\/#organization\"},\"alternateName\":\"Talkpal AI\",\"potentialAction\":[{\"@type\":\"SearchAction\",\"target\":{\"@type\":\"EntryPoint\",\"urlTemplate\":\"https:\/\/talkpal.ai\/lv\/?s={search_term_string}\"},\"query-input\":{\"@type\":\"PropertyValueSpecification\",\"valueRequired\":true,\"valueName\":\"search_term_string\"}}],\"inLanguage\":\"lv-LV\"},{\"@type\":\"Organization\",\"@id\":\"https:\/\/talkpal.ai\/lv\/#organization\",\"name\":\"Talkpal, Inc.\",\"alternateName\":\"Talkpal AI\",\"url\":\"https:\/\/talkpal.ai\/lv\/\",\"logo\":{\"@type\":\"ImageObject\",\"inLanguage\":\"lv-LV\",\"@id\":\"https:\/\/talkpal.ai\/lv\/#\/schema\/logo\/image\/\",\"url\":\"https:\/\/talkpal.ai\/wp-content\/uploads\/2024\/03\/Talkpal-Logo-Icon.png\",\"contentUrl\":\"https:\/\/talkpal.ai\/wp-content\/uploads\/2024\/03\/Talkpal-Logo-Icon.png\",\"width\":2880,\"height\":2880,\"caption\":\"Talkpal, Inc.\"},\"image\":{\"@id\":\"https:\/\/talkpal.ai\/lv\/#\/schema\/logo\/image\/\"},\"sameAs\":[\"https:\/\/www.facebook.com\/profile.php?id=100090733639311\",\"https:\/\/x.com\/talkpalai\",\"https:\/\/www.linkedin.com\/company\/talkpal\/\",\"https:\/\/www.youtube.com\/@TalkPal\/\",\"https:\/\/www.tiktok.com\/@talkpal\",\"https:\/\/www.instagram.com\/talkpal_ai\/\",\"https:\/\/www.crunchbase.com\/organization\/talkpal-9cde\",\"https:\/\/www.g2.com\/products\/talkpal-for-business\/\",\"https:\/\/www.trustpilot.com\/review\/talkpal.ai\",\"https:\/\/www.capterra.com\/p\/10006800\/TalkPal\/\"],\"description\":\"Talkpal is a language learning web and mobile education app, powered by the latest AI technologies, that provides engaging experiences to its customers in many different languages to help them improve their language skills. Users can chat about unlimited amount of topics with the app and use other modes to practice their language learning.\",\"email\":\"support@talkpal.ai\",\"legalName\":\"Talkpal, Inc.\",\"foundingDate\":\"2023-04-03\",\"duns\":\"118989042\",\"numberOfEmployees\":{\"@type\":\"QuantitativeValue\",\"minValue\":\"11\",\"maxValue\":\"50\"},\"publishingPrinciples\":\"https:\/\/talkpal.ai\/publishing-principles\/\",\"actionableFeedbackPolicy\":\"https:\/\/talkpal.ai\/actionable-feedback-policy\/\",\"correctionsPolicy\":\"https:\/\/talkpal.ai\/corrections-policy\/\",\"ethicsPolicy\":\"https:\/\/talkpal.ai\/ethics-policy\/\",\"diversityPolicy\":\"https:\/\/talkpal.ai\/diversity-policy\/\",\"diversityStaffingReport\":\"https:\/\/talkpal.ai\/diversity-policy\/\"}]}<\/script>\n<!-- \/ Yoast SEO Premium plugin. -->","yoast_head_json":{"title":"Korejie\u0161u valodas gramatika - Talkpal","description":"Apg\u016bstiet korejie\u0161u valodas gramatiku p\u0101rliecino\u0161i - nostipriniet teikuma strukt\u016bru, noskaidrojiet noteikumus un viegli uzlabojiet valodas pl\u016bdumu.","robots":{"index":"index","follow":"follow","max-snippet":"max-snippet:-1","max-image-preview":"max-image-preview:large","max-video-preview":"max-video-preview:-1"},"canonical":"https:\/\/talkpal.ai\/lv\/korejiesu-valodas-gramatika\/","og_locale":"lv_LV","og_type":"article","og_title":"Korejie\u0161u valodas gramatika","og_description":"Korejie\u0161u valodas gramatikas demistifik\u0101cija: rokasgr\u0101mata ies\u0101c\u0113jiem Korejie\u0161u valodas apguve var pav\u0113rt pla\u0161as iesp\u0113jas - gan iepaz\u012bstot korejie\u0161u","og_url":"https:\/\/talkpal.ai\/lv\/korejiesu-valodas-gramatika\/","og_site_name":"Talkpal","article_publisher":"https:\/\/www.facebook.com\/profile.php?id=100090733639311","article_modified_time":"2025-12-11T16:28:49+00:00","og_image":[{"width":512,"height":512,"url":"https:\/\/talkpal.ai\/wp-content\/uploads\/2023\/04\/south-korea.png","type":"image\/png"}],"twitter_card":"summary_large_image","twitter_site":"@talkpalai","twitter_misc":{"Est. reading time":"4 minutes"},"schema":{"@context":"https:\/\/schema.org","@graph":[{"@type":"WebPage","@id":"https:\/\/talkpal.ai\/lv\/korejiesu-valodas-gramatika\/","url":"https:\/\/talkpal.ai\/lv\/korejiesu-valodas-gramatika\/","name":"Korejie\u0161u valodas gramatika - Talkpal","isPartOf":{"@id":"https:\/\/talkpal.ai\/lv\/#website"},"primaryImageOfPage":{"@id":"https:\/\/talkpal.ai\/lv\/korejiesu-valodas-gramatika\/#primaryimage"},"image":{"@id":"https:\/\/talkpal.ai\/lv\/korejiesu-valodas-gramatika\/#primaryimage"},"thumbnailUrl":"https:\/\/talkpal.ai\/wp-content\/uploads\/2023\/04\/south-korea.png","datePublished":"2023-05-14T13:52:27+00:00","dateModified":"2025-12-11T16:28:49+00:00","description":"Apg\u016bstiet korejie\u0161u valodas gramatiku p\u0101rliecino\u0161i - nostipriniet teikuma strukt\u016bru, noskaidrojiet noteikumus un viegli uzlabojiet valodas pl\u016bdumu.","breadcrumb":{"@id":"https:\/\/talkpal.ai\/lv\/korejiesu-valodas-gramatika\/#breadcrumb"},"inLanguage":"lv-LV","potentialAction":[{"@type":"ReadAction","target":["https:\/\/talkpal.ai\/lv\/korejiesu-valodas-gramatika\/"]}]},{"@type":"ImageObject","inLanguage":"lv-LV","@id":"https:\/\/talkpal.ai\/lv\/korejiesu-valodas-gramatika\/#primaryimage","url":"https:\/\/talkpal.ai\/wp-content\/uploads\/2023\/04\/south-korea.png","contentUrl":"https:\/\/talkpal.ai\/wp-content\/uploads\/2023\/04\/south-korea.png","width":512,"height":512},{"@type":"BreadcrumbList","@id":"https:\/\/talkpal.ai\/lv\/korejiesu-valodas-gramatika\/#breadcrumb","itemListElement":[{"@type":"ListItem","position":1,"name":"Homepage","item":"https:\/\/talkpal.ai\/lv\/"},{"@type":"ListItem","position":2,"name":"Korejie\u0161u valodas gramatika"}]},{"@type":"WebSite","@id":"https:\/\/talkpal.ai\/lv\/#website","url":"https:\/\/talkpal.ai\/lv\/","name":"Talkpal","description":"AI Language Learning","publisher":{"@id":"https:\/\/talkpal.ai\/lv\/#organization"},"alternateName":"Talkpal AI","potentialAction":[{"@type":"SearchAction","target":{"@type":"EntryPoint","urlTemplate":"https:\/\/talkpal.ai\/lv\/?s={search_term_string}"},"query-input":{"@type":"PropertyValueSpecification","valueRequired":true,"valueName":"search_term_string"}}],"inLanguage":"lv-LV"},{"@type":"Organization","@id":"https:\/\/talkpal.ai\/lv\/#organization","name":"Talkpal, Inc.","alternateName":"Talkpal AI","url":"https:\/\/talkpal.ai\/lv\/","logo":{"@type":"ImageObject","inLanguage":"lv-LV","@id":"https:\/\/talkpal.ai\/lv\/#\/schema\/logo\/image\/","url":"https:\/\/talkpal.ai\/wp-content\/uploads\/2024\/03\/Talkpal-Logo-Icon.png","contentUrl":"https:\/\/talkpal.ai\/wp-content\/uploads\/2024\/03\/Talkpal-Logo-Icon.png","width":2880,"height":2880,"caption":"Talkpal, Inc."},"image":{"@id":"https:\/\/talkpal.ai\/lv\/#\/schema\/logo\/image\/"},"sameAs":["https:\/\/www.facebook.com\/profile.php?id=100090733639311","https:\/\/x.com\/talkpalai","https:\/\/www.linkedin.com\/company\/talkpal\/","https:\/\/www.youtube.com\/@TalkPal\/","https:\/\/www.tiktok.com\/@talkpal","https:\/\/www.instagram.com\/talkpal_ai\/","https:\/\/www.crunchbase.com\/organization\/talkpal-9cde","https:\/\/www.g2.com\/products\/talkpal-for-business\/","https:\/\/www.trustpilot.com\/review\/talkpal.ai","https:\/\/www.capterra.com\/p\/10006800\/TalkPal\/"],"description":"Talkpal is a language learning web and mobile education app, powered by the latest AI technologies, that provides engaging experiences to its customers in many different languages to help them improve their language skills. Users can chat about unlimited amount of topics with the app and use other modes to practice their language learning.","email":"support@talkpal.ai","legalName":"Talkpal, Inc.","foundingDate":"2023-04-03","duns":"118989042","numberOfEmployees":{"@type":"QuantitativeValue","minValue":"11","maxValue":"50"},"publishingPrinciples":"https:\/\/talkpal.ai\/publishing-principles\/","actionableFeedbackPolicy":"https:\/\/talkpal.ai\/actionable-feedback-policy\/","correctionsPolicy":"https:\/\/talkpal.ai\/corrections-policy\/","ethicsPolicy":"https:\/\/talkpal.ai\/ethics-policy\/","diversityPolicy":"https:\/\/talkpal.ai\/diversity-policy\/","diversityStaffingReport":"https:\/\/talkpal.ai\/diversity-policy\/"}]}},"_links":{"self":[{"href":"https:\/\/talkpal.ai\/lv\/wp-json\/wp\/v2\/pages\/130420","targetHints":{"allow":["GET"]}}],"collection":[{"href":"https:\/\/talkpal.ai\/lv\/wp-json\/wp\/v2\/pages"}],"about":[{"href":"https:\/\/talkpal.ai\/lv\/wp-json\/wp\/v2\/types\/page"}],"author":[{"embeddable":true,"href":"https:\/\/talkpal.ai\/lv\/wp-json\/wp\/v2\/users\/1"}],"replies":[{"embeddable":true,"href":"https:\/\/talkpal.ai\/lv\/wp-json\/wp\/v2\/comments?post=130420"}],"version-history":[{"count":0,"href":"https:\/\/talkpal.ai\/lv\/wp-json\/wp\/v2\/pages\/130420\/revisions"}],"wp:featuredmedia":[{"embeddable":true,"href":"https:\/\/talkpal.ai\/lv\/wp-json\/wp\/v2\/media\/107506"}],"wp:attachment":[{"href":"https:\/\/talkpal.ai\/lv\/wp-json\/wp\/v2\/media?parent=130420"}],"curies":[{"name":"wp","href":"https:\/\/api.w.org\/{rel}","templated":true}]}}