{"id":130107,"date":"2023-05-14T13:51:46","date_gmt":"2023-05-14T13:51:46","guid":{"rendered":"http:\/\/talkpal.ai\/portugalu-valodas-gramatika\/"},"modified":"2025-12-11T16:47:28","modified_gmt":"2025-12-11T16:47:28","slug":"portugalu-valodas-gramatika","status":"publish","type":"page","link":"https:\/\/talkpal.ai\/lv\/portugalu-valodas-gramatika\/","title":{"rendered":"Portug\u0101\u013cu valodas gramatika"},"content":{"rendered":"\r\n\r\n\r\n<section class=\"languageChallengeSection\">\r\n    <div class=\"languageInfoWrapper\">\r\n        \r\n        <h1>Portug\u0101\u013cu valodas gramatika<\/h1>\r\n        <p>Izp\u0113tiet <a href=\"https:\/\/talkpal.ai\/lv\/portugalu-valodas-kursi-2\/\">portug\u0101\u013cu valodas<\/a> gramatikas pamatprincipus un atkl\u0101jiet pasauli, kur\u0101 paveras iesp\u0113jas sazin\u0101ties ar miljoniem run\u0101t\u0101ju vis\u0101 pasaul\u0113. Apg\u016bstot galvenos noteikumus un strukt\u016bras, j\u016bs var\u0113siet dro\u0161i sazin\u0101ties un piln\u012bb\u0101 izbaud\u012bt <a href=\"https:\/\/talkpal.ai\/learn-portuguese\/\">portug\u0101\u013cu<\/a> kult\u016bru. S\u0101ciet apg\u016bt <a href=\"https:\/\/talkpal.ai\/lv\/portugalu-valodas-kursi-2\/\">portug\u0101\u013cu valodas<\/a> gramatiku jau \u0161odien un speriet pirmo soli ce\u013c\u0101 uz teko\u0161u <a href=\"https:\/\/talkpal.ai\/what-language-is-spoken-on-the-international-space-station\/\">valodas<\/a> apguvi!<\/p>\r\n\r\n                            <a class=\"getStartedHidden\" href=\"https:\/\/app.talkpal.ai\/lv\/signup?lng=\">S\u0101c<\/a>\r\n        \r\n    <\/div>\r\n\r\n    <figure>\r\n    <img decoding=\"async\" width=\"768\" height=\"768\" src=\"https:\/\/talkpal.ai\/wp-content\/uploads\/2023\/06\/portuguese-768x768.png\" class=\"languageImage no-lazy\" alt=\"Language learning for broader world view\" fetchpriority=\"high\" sizes=\"(max-width: 768px) 150px, 768px\" srcset=\"https:\/\/talkpal.ai\/wp-content\/uploads\/2023\/06\/portuguese-768x768.png 768w, https:\/\/talkpal.ai\/wp-content\/uploads\/2023\/06\/portuguese-300x300.png 300w\" \/>\r\n    \r\n\r\n    <\/figure>\r\n\r\n            <a class=\"getStartedVisible\" href=\"https:\/\/app.talkpal.ai\/lv\/signup?lng=\">S\u0101c<\/a>\r\n    \r\n<\/section>\r\n<section class=\"promotionalBanner\">\r\n    <p class=\"promotionalText\">Visefekt\u012bv\u0101kais veids, k\u0101 apg\u016bt valodu<\/p>\r\n    <a class=\"promotionalLink\" href=\"https:\/\/app.talkpal.ai\/lv\/signup?lng=\">Izm\u0113\u0123iniet Talkpal bez maksas<\/a>\r\n<\/section>\n<div class=\"wp-block-group pageContainerStyle\"><div class=\"wp-block-group__inner-container is-layout-constrained wp-block-group-is-layout-constrained\">\n<h2 class=\"wp-block-heading\" id=\"h-a-beginner-s-guide-to-understanding-portuguese-grammar\">Portug\u0101\u013cu valodas gramatikas izpratnes ce\u013cvedis ies\u0101c\u0113jiem<\/h2>\n\n\n\n<p>Neatkar\u012bgi no t\u0101, vai pl\u0101nojat ce\u013cojumu uz Portug\u0101li vai vienk\u0101r\u0161i v\u0113laties apg\u016bt jaunu valodu, portug\u0101\u013cu valodas apguve var b\u016bt aizraujo\u0161a un noder\u012bga pieredze. Viens b\u016btisks portug\u0101\u013cu <a href=\"https:\/\/talkpal.ai\/lv\/portugalu-valodas-apguves-nodarbibas\/\">valodas apguves<\/a> aspekts, t\u0101pat k\u0101 jebkur\u0161 cits, ir t\u0101s gramatikas izpratne. \u0160is raksts pal\u012bdz\u0113s jums apg\u016bt portug\u0101\u013cu valodas gramatikas pamatus, sniedzot jums b\u016btiskus padomus un ieskatus, lai pal\u012bdz\u0113tu jums bez piep\u016bles orient\u0113ties un sazin\u0101ties. T\u0101tad, ja esat gaid\u012bjis, lai ienirt portug\u0101\u013cu valodas pasaul\u0113, s\u0101ksim!<\/p>\n\n\n\n<h3 class=\"wp-block-heading\" id=\"h-1-the-basics-nouns-pronouns-and-articles\">1. Pamati: lietv\u0101rdi, vietniekv\u0101rdi un raksti<\/h3>\n\n\n\n<p>T\u0101pat k\u0101 <a href=\"https:\/\/talkpal.ai\/learn-english-with-ai\/\">ang\u013cu<\/a> valod\u0101, <a href=\"https:\/\/talkpal.ai\/portuguese-grammar\/\">portug\u0101\u013cu valodas gramatika<\/a> ir veidota ap lietv\u0101rdiem, vietniekv\u0101rdiem un rakstiem. Lietv\u0101rdi portug\u0101\u013cu valod\u0101 var b\u016bt v\u012brie\u0161u vai sievie\u0161u dzimt\u0113, un, lai pareizi veidotu teikumu, ir svar\u012bgi noteikt dzimumu. Piem\u0113ram, &#8220;o menino&#8221; noz\u012bm\u0113 &#8220;z\u0113ns&#8221;, bet &#8220;a menina&#8221; noz\u012bm\u0113 &#8220;meitene&#8221;.<\/p>\n\n\n\n<p>Vietniekv\u0101rdi portug\u0101\u013cu valod\u0101, t\u0101pat k\u0101 ang\u013cu valoda, darbojas k\u0101 lietv\u0101rdu aizst\u0101j\u0113ji. Ar\u012b vi\u0146iem ir dzimumi. Personv\u0101rdi ir eu (I), voc\u00ea\/tu (tu), ele\/ela (vi\u0146\u0161\/vi\u0146a), n\u00f3s (m\u0113s) un eles\/elas (vi\u0146i).<\/p>\n\n\n\n<p>Noteikti panti (the) un nenoteikti panti (a\/an) ar\u012b ir dzimumspecifiski un ir b\u016btiski pareizai teikuma uzb\u016bvei. Portug\u0101\u013cu valod\u0101 noteiktie artikuli ir &#8220;o&#8221; (v\u012brie\u0161u dzimt\u0113) un &#8220;a&#8221; (sievie\u0161u dzimt\u0113), bet nenoteiktie artikuli ir &#8220;um&#8221; (v\u012brie\u0161u dzimt\u0113) un &#8220;uma&#8221; (sievie\u0161u dzimt\u0113).<\/p>\n\n\n\n<h3 class=\"wp-block-heading\" id=\"h-2-adjectives-and-adverbs-add-spice-to-your-sentences\">2. \u012apa\u0161\u012bbas v\u0101rdi un adverbi: pievienojiet teikumiem gar\u0161vielu<\/h3>\n\n\n\n<p>\u012apa\u0161\u012bbas v\u0101rdi ir v\u0101rdi, kas raksturo vai maina lietv\u0101rdus, un, t\u0101pat k\u0101 lietv\u0101rdi, tiem ir dzimumi. Parasti \u012bpa\u0161\u012bbas v\u0101rdi ar galotni &#8220;o&#8221; ir v\u012brie\u0161u dzimt\u0113, bet \u012bpa\u0161\u012bbas v\u0101rdi ar galotni &#8220;a&#8221; ir sievie\u0161u dzimt\u0113. B\u016btiski ir saska\u0146ot \u012bpa\u0161\u012bbas v\u0101rda dzimumu ar lietv\u0101rdu, kuru tas apraksta. Piem\u0113ram, &#8220;homem alto&#8221; noz\u012bm\u0113 &#8220;gar\u0161 v\u012brietis&#8221;, bet &#8220;mulher alta&#8221; &#8211; &#8220;augsta sieviete&#8221;.<\/p>\n\n\n\n<p>No otras puses, adverbi modific\u0113 darb\u012bbas v\u0101rdus, \u012bpa\u0161\u012bbas v\u0101rdus vai citus adverbus. Portug\u0101\u013cu valod\u0101 apst\u0101k\u013ca v\u0101rdiem parasti nav dzimtes formu. Da\u017ei no bie\u017e\u0101k lietotajiem apst\u0101k\u013ca v\u0101rdiem ir &#8220;rapidamente&#8221; (\u0101tri), &#8220;lentamente&#8221; (l\u0113ni) un &#8220;sempre&#8221; (vienm\u0113r).<\/p>\n\n\n\n<h3 class=\"wp-block-heading\" id=\"h-3-verbs-the-action-words\">3. Darb\u012bbas v\u0101rdi: darb\u012bbas v\u0101rdi<\/h3>\n\n\n\n<p>Portug\u0101\u013cu darb\u012bbas v\u0101rdi tiek iedal\u012bti tr\u012bs konjug\u0101cijas grup\u0101s (-ar, -er, -ir), un to formas main\u0101s atkar\u012bb\u0101 no sasprindzin\u0101juma un priek\u0161meta. \u0160ie ir da\u017ei svar\u012bgi laiki, kas jums b\u016bs j\u0101zina:<\/p>\n\n\n\n<p>&#8211; Tagadnes laiks (Presente): Apraksta darb\u012bbas, kas notiek tagad, vai ierast\u0101s darb\u012bbas.<br\/>&#8211; Pag\u0101tnes laiks (Pret\u00e9rito): Apraksta darb\u012bbas, kas notiku\u0161as pag\u0101tn\u0113. Ir divi veidi: Pret\u00e9rito Perfeito (vienk\u0101r\u0161a pag\u0101tne) un Pret\u00e9rito Imperfeito (pag\u0101tne nep\u0101rtraukta).<br\/>&#8211; N\u0101kotnes laiks (Futuro): Apraksta darb\u012bbas, kas notiks n\u0101kotn\u0113.<\/p>\n\n\n\n<p>Darb\u012bbas v\u0101rdu konjug\u0101cijas apg\u016b\u0161ana portug\u0101\u013cu valod\u0101 var b\u016bt izaicin\u0101jums, ta\u010du prakse un konsekvence pal\u012bdz\u0113s jums to efekt\u012bv\u0101k aptvert.<\/p>\n\n\n\n<h3 class=\"wp-block-heading\" id=\"h-4-word-order-building-understandable-sentences\">4. V\u0101rdu sec\u012bba: saprotamu teikumu veido\u0161ana<\/h3>\n\n\n\n<p>Tipisk\u0101 portug\u0101\u013cu teikuma strukt\u016bra atbilst subjekta-darb\u012bbas v\u0101rda-objekta (SVO) sec\u012bbai. Piem\u0113ram, teikum\u0101 &#8220;Eu amo pizza&#8221; (&#8220;Es m\u012blu picu&#8221;) ir \u0161\u0101ds modelis. Tom\u0113r portug\u0101\u013cu valodas gramatika var b\u016bt diezgan elast\u012bga, un j\u016bs varat saskarties ar v\u0101rdu sec\u012bbas at\u0161\u0137ir\u012bb\u0101m, \u012bpa\u0161i literat\u016br\u0101 vai neform\u0101l\u0101s sarun\u0101s. Kontekstam un veselajam sapr\u0101tam ir iz\u0161\u0137iro\u0161a noz\u012bme \u0161o vari\u0101ciju izpratn\u0113.<\/p>\n\n\n\n<h3 class=\"wp-block-heading\" id=\"h-5-negation-and-interrogation-say-no-and-ask-questions\">5. Noliegums un pratin\u0101\u0161ana: sakiet n\u0113 un uzdodiet jaut\u0101jumus<\/h3>\n\n\n\n<p>Lai noliegtu teikumu portug\u0101\u013cu valod\u0101, pirms darb\u012bbas v\u0101rda vienk\u0101r\u0161i rakstiet v\u0101rdu &#8220;n\u00e3o&#8221;. Piem\u0113ram, &#8220;Eu n\u00e3o falo portugu\u00eas&#8221; noz\u012bm\u0113 &#8220;Es nerun\u0101ju portug\u0101\u013cu valod\u0101&#8221;.<\/p>\n\n\n\n<p>Lai izteikumu portug\u0101\u013cu valod\u0101 p\u0101rveidotu par jaut\u0101jumu, var main\u012bt v\u0101rdu sec\u012bbu vai izmantot jaut\u0101jamo v\u0101rdu (piem\u0113ram, &#8220;quem&#8221; &#8211; &#8220;kas&#8221;, &#8220;o que&#8221; &#8211; &#8220;kas&#8221; vai &#8220;onde&#8221; &#8211; &#8220;kur&#8221;). Piem\u0113ram, &#8220;Voc\u00ea fala ingl\u00eas?&#8221; tulkojams k\u0101 &#8220;Vai j\u016bs run\u0101jat angliski?&#8221;.<\/p>\n\n\n\n<h3 class=\"wp-block-heading\" id=\"h-conclusion\">Secin\u0101jums<\/h3>\n\n\n\n<p>Portug\u0101\u013cu valodas gramatikas apguve var \u0161\u0137ist bied\u0113jo\u0161a, ta\u010du nevajag vilcin\u0101ties! Katrai valodai ir savi sare\u017e\u0123\u012bjumi, ta\u010du ar konsekvenci, praksi un nedaudz paciet\u012bbas j\u016bs var\u0113siet sazin\u0101ties p\u0101rliecino\u0161i un efekt\u012bvi. Paturiet pr\u0101t\u0101, ka gramatikas apguve ir tikai viena valodas apguves da\u013ca, un jums vajadz\u0113tu ar\u012b praktiz\u0113t klaus\u012b\u0161anos, run\u0101\u0161anu un las\u012b\u0161anu portug\u0101\u013cu valod\u0101. Boa sorte! (Veiksmi!)<\/p>\n<\/div><\/div>\n\r\n<section class=\"learnNavigationSection\">\r\n            \r\n        <a href=\"https:\/\/talkpal.ai\/lv\/uzziniet-portugalu-valodu\/\">\r\n            <div class=\"learnNavigationWrapper\">\r\n                <div class=\"learnNavigationContent\">\r\n                    <img decoding=\"async\" src=\"https:\/\/talkpal.ai\/wp-content\/uploads\/2024\/08\/Portuguese.jpg\" alt=\"Portuguese Flag\">\r\n                    <div>\r\n                        <h4>Par Portugal Learning<\/h4>\r\n                        <p>Uzziniet visu par Portug\u0101les gramatiku.<\/p>\r\n                    <\/div>\r\n                <\/div>\r\n            <\/div>\r\n        <\/a>\r\n\r\n        \r\n        <a href=\"https:\/\/talkpal.ai\/lv\/portugalu-valodas-gramatikas-vingrinajumi\/\">\r\n            <div class=\"learnNavigationWrapper\">\r\n                <div class=\"learnNavigationContent\">\r\n                    <img decoding=\"async\" src=\"https:\/\/talkpal.ai\/wp-content\/uploads\/2024\/08\/Portuguese.jpg\" alt=\"Portuguese Flag\">\r\n                    <div>\r\n                        <h4>Portug\u0101\u013cu valodas gramatikas vingrin\u0101jums<\/h4>\r\n                        <p>Praktiz\u0113jiet portug\u0101\u013cu gramatiku.<\/p>\r\n                    <\/div>\r\n                <\/div>\r\n            <\/div>\r\n        <\/a>\r\n\r\n        \r\n        <a href=\"https:\/\/talkpal.ai\/vocabulary_language\/portuguese\/\">\r\n            <div class=\"learnNavigationWrapper\">\r\n                <div class=\"learnNavigationContent\">\r\n                    <img decoding=\"async\" src=\"https:\/\/talkpal.ai\/wp-content\/uploads\/2024\/08\/Portuguese.jpg\" alt=\"Portuguese Flag\">\r\n                    <div>\r\n                        <h4>Portug\u0101\u013cu valodas v\u0101rdn\u012bca<\/h4>\r\n                        <p>Papla\u0161iniet savu portug\u0101\u013cu valodas v\u0101rdu kr\u0101jumu.<\/p>\r\n                    <\/div>\r\n                <\/div>\r\n            <\/div>\r\n        <\/a>\r\n\r\n            <\/section>","protected":false},"excerpt":{"rendered":"<p>Portug\u0101\u013cu valodas gramatikas izpratnes ce\u013cvedis ies\u0101c\u0113jiem Neatkar\u012bgi no t\u0101, vai pl\u0101nojat ce\u013cojumu uz Portug\u0101li vai vienk\u0101r\u0161i v\u0113laties apg\u016bt jaunu valodu, portug\u0101\u013cu valodas apguve var b\u016bt aizraujo\u0161a un noder\u012bga pieredze. Viens b\u016btisks portug\u0101\u013cu valodas apguves aspekts, t\u0101pat k\u0101 jebkur\u0161 cits, ir t\u0101s gramatikas izpratne. \u0160is raksts pal\u012bdz\u0113s jums apg\u016bt portug\u0101\u013cu valodas gramatikas pamatus, sniedzot jums b\u016btiskus [&hellip;]<\/p>\n","protected":false},"author":1,"featured_media":107737,"parent":0,"menu_order":0,"comment_status":"closed","ping_status":"closed","template":"LearningContentPage.php","meta":{"_acf_changed":false,"footnotes":""},"class_list":["post-130107","page","type-page","status-publish","has-post-thumbnail","hentry"],"acf":[],"yoast_head":"<!-- This site is optimized with the Yoast SEO Premium plugin v27.2 (Yoast SEO v27.2) - https:\/\/yoast.com\/product\/yoast-seo-premium-wordpress\/ -->\n<title>Portug\u0101\u013cu valodas gramatika - Talkpal<\/title>\n<meta name=\"description\" content=\"Apg\u016bstiet portug\u0101\u013cu valodas gramatiku ar interakt\u012bviem vingrin\u0101jumiem, kas paredz\u0113ti visiem prasmju l\u012bme\u0146iem. Uzlabojiet savas valodu zin\u0101\u0161anas!\" \/>\n<meta name=\"robots\" content=\"index, follow, max-snippet:-1, max-image-preview:large, max-video-preview:-1\" \/>\n<link rel=\"canonical\" href=\"https:\/\/talkpal.ai\/lv\/portugalu-valodas-gramatika\/\" \/>\n<meta property=\"og:locale\" content=\"lv_LV\" \/>\n<meta property=\"og:type\" content=\"article\" \/>\n<meta property=\"og:title\" content=\"Portug\u0101\u013cu valodas gramatika\" \/>\n<meta property=\"og:description\" content=\"Portug\u0101\u013cu valodas gramatikas izpratnes ce\u013cvedis ies\u0101c\u0113jiem Neatkar\u012bgi no t\u0101, vai pl\u0101nojat ce\u013cojumu uz Portug\u0101li vai vienk\u0101r\u0161i v\u0113laties apg\u016bt jaunu valodu,\" \/>\n<meta property=\"og:url\" content=\"https:\/\/talkpal.ai\/lv\/portugalu-valodas-gramatika\/\" \/>\n<meta property=\"og:site_name\" content=\"Talkpal\" \/>\n<meta property=\"article:publisher\" content=\"https:\/\/www.facebook.com\/profile.php?id=100090733639311\" \/>\n<meta property=\"article:modified_time\" content=\"2025-12-11T16:47:28+00:00\" \/>\n<meta property=\"og:image\" content=\"https:\/\/talkpal.ai\/wp-content\/uploads\/2023\/04\/portugal.png\" \/>\n\t<meta property=\"og:image:width\" content=\"512\" \/>\n\t<meta property=\"og:image:height\" content=\"512\" \/>\n\t<meta property=\"og:image:type\" content=\"image\/png\" \/>\n<meta name=\"twitter:card\" content=\"summary_large_image\" \/>\n<meta name=\"twitter:site\" content=\"@talkpalai\" \/>\n<meta name=\"twitter:label1\" content=\"Est. reading time\" \/>\n\t<meta name=\"twitter:data1\" content=\"4 minutes\" \/>\n<script type=\"application\/ld+json\" class=\"yoast-schema-graph\">{\"@context\":\"https:\/\/schema.org\",\"@graph\":[{\"@type\":\"WebPage\",\"@id\":\"https:\/\/talkpal.ai\/lv\/portugalu-valodas-gramatika\/\",\"url\":\"https:\/\/talkpal.ai\/lv\/portugalu-valodas-gramatika\/\",\"name\":\"Portug\u0101\u013cu valodas gramatika - Talkpal\",\"isPartOf\":{\"@id\":\"https:\/\/talkpal.ai\/lv\/#website\"},\"primaryImageOfPage\":{\"@id\":\"https:\/\/talkpal.ai\/lv\/portugalu-valodas-gramatika\/#primaryimage\"},\"image\":{\"@id\":\"https:\/\/talkpal.ai\/lv\/portugalu-valodas-gramatika\/#primaryimage\"},\"thumbnailUrl\":\"https:\/\/talkpal.ai\/wp-content\/uploads\/2023\/04\/portugal.png\",\"datePublished\":\"2023-05-14T13:51:46+00:00\",\"dateModified\":\"2025-12-11T16:47:28+00:00\",\"description\":\"Apg\u016bstiet portug\u0101\u013cu valodas gramatiku ar interakt\u012bviem vingrin\u0101jumiem, kas paredz\u0113ti visiem prasmju l\u012bme\u0146iem. Uzlabojiet savas valodu zin\u0101\u0161anas!\",\"breadcrumb\":{\"@id\":\"https:\/\/talkpal.ai\/lv\/portugalu-valodas-gramatika\/#breadcrumb\"},\"inLanguage\":\"lv-LV\",\"potentialAction\":[{\"@type\":\"ReadAction\",\"target\":[\"https:\/\/talkpal.ai\/lv\/portugalu-valodas-gramatika\/\"]}]},{\"@type\":\"ImageObject\",\"inLanguage\":\"lv-LV\",\"@id\":\"https:\/\/talkpal.ai\/lv\/portugalu-valodas-gramatika\/#primaryimage\",\"url\":\"https:\/\/talkpal.ai\/wp-content\/uploads\/2023\/04\/portugal.png\",\"contentUrl\":\"https:\/\/talkpal.ai\/wp-content\/uploads\/2023\/04\/portugal.png\",\"width\":512,\"height\":512},{\"@type\":\"BreadcrumbList\",\"@id\":\"https:\/\/talkpal.ai\/lv\/portugalu-valodas-gramatika\/#breadcrumb\",\"itemListElement\":[{\"@type\":\"ListItem\",\"position\":1,\"name\":\"Homepage\",\"item\":\"https:\/\/talkpal.ai\/lv\/\"},{\"@type\":\"ListItem\",\"position\":2,\"name\":\"Portug\u0101\u013cu valodas gramatika\"}]},{\"@type\":\"WebSite\",\"@id\":\"https:\/\/talkpal.ai\/lv\/#website\",\"url\":\"https:\/\/talkpal.ai\/lv\/\",\"name\":\"Talkpal\",\"description\":\"AI Language Learning\",\"publisher\":{\"@id\":\"https:\/\/talkpal.ai\/lv\/#organization\"},\"alternateName\":\"Talkpal AI\",\"potentialAction\":[{\"@type\":\"SearchAction\",\"target\":{\"@type\":\"EntryPoint\",\"urlTemplate\":\"https:\/\/talkpal.ai\/lv\/?s={search_term_string}\"},\"query-input\":{\"@type\":\"PropertyValueSpecification\",\"valueRequired\":true,\"valueName\":\"search_term_string\"}}],\"inLanguage\":\"lv-LV\"},{\"@type\":\"Organization\",\"@id\":\"https:\/\/talkpal.ai\/lv\/#organization\",\"name\":\"Talkpal, Inc.\",\"alternateName\":\"Talkpal AI\",\"url\":\"https:\/\/talkpal.ai\/lv\/\",\"logo\":{\"@type\":\"ImageObject\",\"inLanguage\":\"lv-LV\",\"@id\":\"https:\/\/talkpal.ai\/lv\/#\/schema\/logo\/image\/\",\"url\":\"https:\/\/talkpal.ai\/wp-content\/uploads\/2024\/03\/Talkpal-Logo-Icon.png\",\"contentUrl\":\"https:\/\/talkpal.ai\/wp-content\/uploads\/2024\/03\/Talkpal-Logo-Icon.png\",\"width\":2880,\"height\":2880,\"caption\":\"Talkpal, Inc.\"},\"image\":{\"@id\":\"https:\/\/talkpal.ai\/lv\/#\/schema\/logo\/image\/\"},\"sameAs\":[\"https:\/\/www.facebook.com\/profile.php?id=100090733639311\",\"https:\/\/x.com\/talkpalai\",\"https:\/\/www.linkedin.com\/company\/talkpal\/\",\"https:\/\/www.youtube.com\/@TalkPal\/\",\"https:\/\/www.tiktok.com\/@talkpal\",\"https:\/\/www.instagram.com\/talkpal_ai\/\",\"https:\/\/www.crunchbase.com\/organization\/talkpal-9cde\",\"https:\/\/www.g2.com\/products\/talkpal-for-business\/\",\"https:\/\/www.trustpilot.com\/review\/talkpal.ai\",\"https:\/\/www.capterra.com\/p\/10006800\/TalkPal\/\"],\"description\":\"Talkpal is a language learning web and mobile education app, powered by the latest AI technologies, that provides engaging experiences to its customers in many different languages to help them improve their language skills. Users can chat about unlimited amount of topics with the app and use other modes to practice their language learning.\",\"email\":\"support@talkpal.ai\",\"legalName\":\"Talkpal, Inc.\",\"foundingDate\":\"2023-04-03\",\"duns\":\"118989042\",\"numberOfEmployees\":{\"@type\":\"QuantitativeValue\",\"minValue\":\"11\",\"maxValue\":\"50\"},\"publishingPrinciples\":\"https:\/\/talkpal.ai\/publishing-principles\/\",\"actionableFeedbackPolicy\":\"https:\/\/talkpal.ai\/actionable-feedback-policy\/\",\"correctionsPolicy\":\"https:\/\/talkpal.ai\/corrections-policy\/\",\"ethicsPolicy\":\"https:\/\/talkpal.ai\/ethics-policy\/\",\"diversityPolicy\":\"https:\/\/talkpal.ai\/diversity-policy\/\",\"diversityStaffingReport\":\"https:\/\/talkpal.ai\/diversity-policy\/\"}]}<\/script>\n<!-- \/ Yoast SEO Premium plugin. -->","yoast_head_json":{"title":"Portug\u0101\u013cu valodas gramatika - Talkpal","description":"Apg\u016bstiet portug\u0101\u013cu valodas gramatiku ar interakt\u012bviem vingrin\u0101jumiem, kas paredz\u0113ti visiem prasmju l\u012bme\u0146iem. Uzlabojiet savas valodu zin\u0101\u0161anas!","robots":{"index":"index","follow":"follow","max-snippet":"max-snippet:-1","max-image-preview":"max-image-preview:large","max-video-preview":"max-video-preview:-1"},"canonical":"https:\/\/talkpal.ai\/lv\/portugalu-valodas-gramatika\/","og_locale":"lv_LV","og_type":"article","og_title":"Portug\u0101\u013cu valodas gramatika","og_description":"Portug\u0101\u013cu valodas gramatikas izpratnes ce\u013cvedis ies\u0101c\u0113jiem Neatkar\u012bgi no t\u0101, vai pl\u0101nojat ce\u013cojumu uz Portug\u0101li vai vienk\u0101r\u0161i v\u0113laties apg\u016bt jaunu valodu,","og_url":"https:\/\/talkpal.ai\/lv\/portugalu-valodas-gramatika\/","og_site_name":"Talkpal","article_publisher":"https:\/\/www.facebook.com\/profile.php?id=100090733639311","article_modified_time":"2025-12-11T16:47:28+00:00","og_image":[{"width":512,"height":512,"url":"https:\/\/talkpal.ai\/wp-content\/uploads\/2023\/04\/portugal.png","type":"image\/png"}],"twitter_card":"summary_large_image","twitter_site":"@talkpalai","twitter_misc":{"Est. reading time":"4 minutes"},"schema":{"@context":"https:\/\/schema.org","@graph":[{"@type":"WebPage","@id":"https:\/\/talkpal.ai\/lv\/portugalu-valodas-gramatika\/","url":"https:\/\/talkpal.ai\/lv\/portugalu-valodas-gramatika\/","name":"Portug\u0101\u013cu valodas gramatika - Talkpal","isPartOf":{"@id":"https:\/\/talkpal.ai\/lv\/#website"},"primaryImageOfPage":{"@id":"https:\/\/talkpal.ai\/lv\/portugalu-valodas-gramatika\/#primaryimage"},"image":{"@id":"https:\/\/talkpal.ai\/lv\/portugalu-valodas-gramatika\/#primaryimage"},"thumbnailUrl":"https:\/\/talkpal.ai\/wp-content\/uploads\/2023\/04\/portugal.png","datePublished":"2023-05-14T13:51:46+00:00","dateModified":"2025-12-11T16:47:28+00:00","description":"Apg\u016bstiet portug\u0101\u013cu valodas gramatiku ar interakt\u012bviem vingrin\u0101jumiem, kas paredz\u0113ti visiem prasmju l\u012bme\u0146iem. Uzlabojiet savas valodu zin\u0101\u0161anas!","breadcrumb":{"@id":"https:\/\/talkpal.ai\/lv\/portugalu-valodas-gramatika\/#breadcrumb"},"inLanguage":"lv-LV","potentialAction":[{"@type":"ReadAction","target":["https:\/\/talkpal.ai\/lv\/portugalu-valodas-gramatika\/"]}]},{"@type":"ImageObject","inLanguage":"lv-LV","@id":"https:\/\/talkpal.ai\/lv\/portugalu-valodas-gramatika\/#primaryimage","url":"https:\/\/talkpal.ai\/wp-content\/uploads\/2023\/04\/portugal.png","contentUrl":"https:\/\/talkpal.ai\/wp-content\/uploads\/2023\/04\/portugal.png","width":512,"height":512},{"@type":"BreadcrumbList","@id":"https:\/\/talkpal.ai\/lv\/portugalu-valodas-gramatika\/#breadcrumb","itemListElement":[{"@type":"ListItem","position":1,"name":"Homepage","item":"https:\/\/talkpal.ai\/lv\/"},{"@type":"ListItem","position":2,"name":"Portug\u0101\u013cu valodas gramatika"}]},{"@type":"WebSite","@id":"https:\/\/talkpal.ai\/lv\/#website","url":"https:\/\/talkpal.ai\/lv\/","name":"Talkpal","description":"AI Language Learning","publisher":{"@id":"https:\/\/talkpal.ai\/lv\/#organization"},"alternateName":"Talkpal AI","potentialAction":[{"@type":"SearchAction","target":{"@type":"EntryPoint","urlTemplate":"https:\/\/talkpal.ai\/lv\/?s={search_term_string}"},"query-input":{"@type":"PropertyValueSpecification","valueRequired":true,"valueName":"search_term_string"}}],"inLanguage":"lv-LV"},{"@type":"Organization","@id":"https:\/\/talkpal.ai\/lv\/#organization","name":"Talkpal, Inc.","alternateName":"Talkpal AI","url":"https:\/\/talkpal.ai\/lv\/","logo":{"@type":"ImageObject","inLanguage":"lv-LV","@id":"https:\/\/talkpal.ai\/lv\/#\/schema\/logo\/image\/","url":"https:\/\/talkpal.ai\/wp-content\/uploads\/2024\/03\/Talkpal-Logo-Icon.png","contentUrl":"https:\/\/talkpal.ai\/wp-content\/uploads\/2024\/03\/Talkpal-Logo-Icon.png","width":2880,"height":2880,"caption":"Talkpal, Inc."},"image":{"@id":"https:\/\/talkpal.ai\/lv\/#\/schema\/logo\/image\/"},"sameAs":["https:\/\/www.facebook.com\/profile.php?id=100090733639311","https:\/\/x.com\/talkpalai","https:\/\/www.linkedin.com\/company\/talkpal\/","https:\/\/www.youtube.com\/@TalkPal\/","https:\/\/www.tiktok.com\/@talkpal","https:\/\/www.instagram.com\/talkpal_ai\/","https:\/\/www.crunchbase.com\/organization\/talkpal-9cde","https:\/\/www.g2.com\/products\/talkpal-for-business\/","https:\/\/www.trustpilot.com\/review\/talkpal.ai","https:\/\/www.capterra.com\/p\/10006800\/TalkPal\/"],"description":"Talkpal is a language learning web and mobile education app, powered by the latest AI technologies, that provides engaging experiences to its customers in many different languages to help them improve their language skills. Users can chat about unlimited amount of topics with the app and use other modes to practice their language learning.","email":"support@talkpal.ai","legalName":"Talkpal, Inc.","foundingDate":"2023-04-03","duns":"118989042","numberOfEmployees":{"@type":"QuantitativeValue","minValue":"11","maxValue":"50"},"publishingPrinciples":"https:\/\/talkpal.ai\/publishing-principles\/","actionableFeedbackPolicy":"https:\/\/talkpal.ai\/actionable-feedback-policy\/","correctionsPolicy":"https:\/\/talkpal.ai\/corrections-policy\/","ethicsPolicy":"https:\/\/talkpal.ai\/ethics-policy\/","diversityPolicy":"https:\/\/talkpal.ai\/diversity-policy\/","diversityStaffingReport":"https:\/\/talkpal.ai\/diversity-policy\/"}]}},"_links":{"self":[{"href":"https:\/\/talkpal.ai\/lv\/wp-json\/wp\/v2\/pages\/130107","targetHints":{"allow":["GET"]}}],"collection":[{"href":"https:\/\/talkpal.ai\/lv\/wp-json\/wp\/v2\/pages"}],"about":[{"href":"https:\/\/talkpal.ai\/lv\/wp-json\/wp\/v2\/types\/page"}],"author":[{"embeddable":true,"href":"https:\/\/talkpal.ai\/lv\/wp-json\/wp\/v2\/users\/1"}],"replies":[{"embeddable":true,"href":"https:\/\/talkpal.ai\/lv\/wp-json\/wp\/v2\/comments?post=130107"}],"version-history":[{"count":0,"href":"https:\/\/talkpal.ai\/lv\/wp-json\/wp\/v2\/pages\/130107\/revisions"}],"wp:featuredmedia":[{"embeddable":true,"href":"https:\/\/talkpal.ai\/lv\/wp-json\/wp\/v2\/media\/107737"}],"wp:attachment":[{"href":"https:\/\/talkpal.ai\/lv\/wp-json\/wp\/v2\/media?parent=130107"}],"curies":[{"name":"wp","href":"https:\/\/api.w.org\/{rel}","templated":true}]}}