{"id":129673,"date":"2023-05-14T13:51:09","date_gmt":"2023-05-14T13:51:09","guid":{"rendered":"http:\/\/talkpal.ai\/japanu-valodas-gramatika\/"},"modified":"2025-12-11T16:43:57","modified_gmt":"2025-12-11T16:43:57","slug":"japanu-valodas-gramatika","status":"publish","type":"page","link":"https:\/\/talkpal.ai\/lv\/japanu-valodas-gramatika\/","title":{"rendered":"Jap\u0101\u0146u valodas gramatika"},"content":{"rendered":"\r\n\r\n\r\n<section class=\"languageChallengeSection\">\r\n    <div class=\"languageInfoWrapper\">\r\n        \r\n        <h1>Jap\u0101\u0146u valodas gramatika<\/h1>\r\n        <p>Uzlabojiet savas <a href=\"https:\/\/talkpal.ai\/learn-japanese\/\">jap\u0101\u0146u<\/a> <a href=\"https:\/\/talkpal.ai\/what-language-is-spoken-on-the-international-space-station\/\">valodas<\/a> prasmes, apg\u016bstot b\u016btiskus gramatikas punktus ar skaidriem skaidrojumiem un piem\u0113riem. S\u0101ciet savu ce\u013cojumu uz valodas zin\u0101\u0161anu apguvi &#8211; apg\u016bstiet <a href=\"https:\/\/talkpal.ai\/learn-japanese\/\">jap\u0101\u0146u<\/a> valodas gramatiku jau \u0161odien!<\/p>\r\n\r\n                            <a class=\"getStartedHidden\" href=\"https:\/\/app.talkpal.ai\/lv\/signup?lng=\">S\u0101c<\/a>\r\n        \r\n    <\/div>\r\n\r\n    <figure>\r\n    <img decoding=\"async\" width=\"768\" height=\"768\" src=\"https:\/\/talkpal.ai\/wp-content\/uploads\/2023\/06\/japanese-768x768.png\" class=\"languageImage no-lazy\" alt=\"Language learning for world travelers\" fetchpriority=\"high\" sizes=\"(max-width: 768px) 150px, 768px\" srcset=\"https:\/\/talkpal.ai\/wp-content\/uploads\/2023\/06\/japanese-768x768.png 768w, https:\/\/talkpal.ai\/wp-content\/uploads\/2023\/06\/japanese-300x300.png 300w\" \/>\r\n    \r\n\r\n    <\/figure>\r\n\r\n            <a class=\"getStartedVisible\" href=\"https:\/\/app.talkpal.ai\/lv\/signup?lng=\">S\u0101c<\/a>\r\n    \r\n<\/section>\r\n<section class=\"promotionalBanner\">\r\n    <p class=\"promotionalText\">Visefekt\u012bv\u0101kais veids, k\u0101 apg\u016bt valodu<\/p>\r\n    <a class=\"promotionalLink\" href=\"https:\/\/app.talkpal.ai\/lv\/signup?lng=\">Izm\u0113\u0123iniet Talkpal bez maksas<\/a>\r\n<\/section>\n<div class=\"wp-block-group pageContainerStyle\"><div class=\"wp-block-group__inner-container is-layout-constrained wp-block-group-is-layout-constrained\">\n<h2 class=\"wp-block-heading\" id=\"h-mastering-the-intricacies-of-japanese-grammar\">Jap\u0101\u0146u gramatikas sare\u017e\u0123\u012bt\u012bbas apg\u016b\u0161ana<\/h2>\n\n\n\n<p><a href=\"https:\/\/talkpal.ai\/talkpal-discount-for-language-enthusiasts\/\">Valodu entuziasti<\/a> bie\u017ei uzskata, ka jap\u0101\u0146u valoda ir aizraujo\u0161a un izaicino\u0161a valoda, ko m\u0101c\u012bties, liel\u0101 m\u0113r\u0101 pateicoties t\u0101s unik\u0101lajai gramatikas sist\u0113mai. Neskatoties uz to, jap\u0101\u0146u valodas gramatikas izpratne var iev\u0113rojami uzlabot j\u016bsu komunik\u0101cijas prasmes un kult\u016bras izpratni. \u0160aj\u0101 rakst\u0101 m\u0113s apspried\u012bsim vair\u0101kus b\u016btiskus jap\u0101\u0146u valodas gramatikas aspektus, lai pal\u012bdz\u0113tu jums valodu apguves ce\u013cojum\u0101. T\u0101p\u0113c piespr\u0101dz\u0113jieties un \u013caujiet ienirt aizraujo\u0161aj\u0101 jap\u0101\u0146u gramatikas pasaul\u0113.<\/p>\n\n\n\n<h3 class=\"wp-block-heading\" id=\"h-1-sentence-structure-sov\">1. Teikuma strukt\u016bra: SOV<\/h3>\n\n\n\n<p>At\u0161\u0137ir\u012bb\u0101 no <a href=\"https:\/\/talkpal.ai\/learn-english-with-ai\/\">ang\u013cu<\/a> valodas (subjekts &#8211; darb\u012bbas v\u0101rds &#8211; objekts jeb SVO) jap\u0101\u0146u valod\u0101 ir teikuma strukt\u016bra subjekts &#8211; objekts &#8211; darb\u012bbas v\u0101rds (SOV). Tas noz\u012bm\u0113, ka darb\u012bbas v\u0101rds parasti ir p\u0113d\u0113jais teikum\u0101. \u0160\u012bs unik\u0101l\u0101s v\u0101rdu sec\u012bbas ieg\u016b\u0161ana ir \u013coti svar\u012bga, veidojot saprotamus teikumus jap\u0101\u0146u valod\u0101.<\/p>\n\n\n\n<p>Piem\u0113rs:  <\/p>\n\n\n\n<p>&#8211; \u308f\u305f\u3057\u306f\u308a\u3093\u3054\u3092\u305f\u3079\u307e\u3059\u3002 (Es \u0113du \u0101bolu)<\/p>\n\n\n\n<p>&#8211; Watashi wa ringo o tabemasu. (lit. Es \u0101bolu \u0113du)<\/p>\n\n\n\n<h3 class=\"wp-block-heading\" id=\"h-2-particles-the-sentence-connectors\">2. Da\u013ci\u0146as: teikuma savienot\u0101ji<\/h3>\n\n\n\n<p>Jap\u0101\u0146u valodas gramatik\u0101 da\u013ci\u0146\u0101m ir b\u016btiska noz\u012bme, jo t\u0101s apz\u012bm\u0113 v\u0101rda funkciju teikum\u0101. Da\u017eas izplat\u012bt\u0101k\u0101s da\u013ci\u0146as ir \u306f (wa), \u3092 (o), \u304c (ga), \u3067 (de) un \u306b (ni). Izprotot, k\u0101 \u0161\u012bs da\u013ci\u0146as darbojas, j\u016bs saprat\u012bsiet, ka jap\u0101\u0146u valodas teikumu at\u0161ifr\u0113\u0161ana un konstru\u0113\u0161ana k\u013c\u016bst iev\u0113rojami viegl\u0101ka.<\/p>\n\n\n\n<h3 class=\"wp-block-heading\" id=\"h-3-verbs-an-introduction-to-conjugation\">3. Darb\u012bbas v\u0101rdi: ievads konjug\u0101cij\u0101<\/h3>\n\n\n\n<p>Jap\u0101\u0146u valodas darb\u012bbas v\u0101rdiem ir tr\u012bs galven\u0101s grupas, kas tiek identific\u0113tas p\u0113c to pamatformas galotnes. \u0160\u012bs grupas tiek \u0146emtas v\u0113r\u0101, konjug\u0113jot sasprindzin\u0101jumu, piekl\u0101j\u012bbu un garast\u0101vokli. Lab\u0101 zi\u0146a ir t\u0101, ka jap\u0101\u0146u darb\u012bbas v\u0101rdi nemain\u0101s atkar\u012bb\u0101 no t\u0113mas, padarot tos maz\u0101k sare\u017e\u0123\u012btus nek\u0101 da\u017e\u0101s cit\u0101s valod\u0101s.<\/p>\n\n\n\n<p>&#8211; 1. grupa: U-locek\u013ca v\u0101rdi<\/p>\n\n\n\n<p>&#8211; 2. grupa: Ru-verbusi<\/p>\n\n\n\n<p>&#8211; 3. grupa: neregul\u0101rie darb\u012bbas v\u0101rdi (tikai divi darb\u012bbas v\u0101rdi &#8211; \u3059\u308b (suru) un \u6765\u308b (kuru))<\/p>\n\n\n\n<h3 class=\"wp-block-heading\" id=\"h-4-politeness-levels\">4. Piekl\u0101j\u012bbas l\u012bme\u0146i<\/h3>\n\n\n\n<p>Jap\u0101\u0146u valod\u0101 ir daudz piekl\u0101j\u012bbas, un to atspogu\u013co ar\u012b valodas <a href=\"https:\/\/talkpal.ai\/sq\/gramatika\/\">gramatika<\/a>. Ir tr\u012bs galvenie piekl\u0101j\u012bbas l\u012bme\u0146i: gad\u012bjuma, piekl\u0101j\u012bgs un godbij\u012bgs. To atpaz\u012b\u0161ana un pareiza izmanto\u0161ana ir b\u016btiska dabiskai un cie\u0146pilnai komunik\u0101cijai.<\/p>\n\n\n\n<p>&#8211; Gad\u012bjuma: vienk\u0101r\u0161\u0101s darb\u012bbas v\u0101rda formas (piem\u0113ram, \u98df\u3079\u308b &#8211; taberu &#8211; \u0113st)<\/p>\n\n\n\n<p>&#8211; Piekl\u0101j\u012bba: \u307e\u3059 (masu) konjug\u0101cija (piem., \u98df\u3079\u307e\u3059 &#8211; tabemasu &#8211; piekl\u0101j\u012bgi \u0113st))<\/p>\n\n\n\n<p>&#8211; Goda v\u0101rds: \u012bpa\u0161as konjug\u0101cijas un pried\u0113k\u013ci (piem\u0113ram, \u304a\u53ec\u3057\u4e0a\u304c\u308a\u306b\u306a\u308b &#8211; omeshiagari ni naru &#8211; \u0113st (goda v\u0101rds)).<\/p>\n\n\n\n<h3 class=\"wp-block-heading\" id=\"h-5-japanese-adjectives\">5. Jap\u0101\u0146u \u012bpa\u0161\u012bbas v\u0101rdi<\/h3>\n\n\n\n<p>Jap\u0101\u0146u \u012bpa\u0161\u012bbas v\u0101rdi ir divu veidu: i-\u012bpa\u0161\u012bbas v\u0101rdi un na-\u012bpa\u0161\u012bbas v\u0101rdi. Abiem veidiem ir unik\u0101li konjug\u0101cijas noteikumi un tie at\u0161\u0137ir\u012bgi mijiedarbojas ar lietv\u0101rdiem. \u0160o divu veidu \u012bpa\u0161\u012bbas v\u0101rdu lieto\u0161anas apg\u016b\u0161ana ir \u013coti svar\u012bga efekt\u012bvai komunik\u0101cijai jap\u0101\u0146u valod\u0101.<\/p>\n\n\n\n<h3 class=\"wp-block-heading\" id=\"h-6-engaging-with-the-language\">6. Iesaist\u012b\u0161an\u0101s valod\u0101<\/h3>\n\n\n\n<p>Viens no efekt\u012bv\u0101kajiem veidiem, k\u0101 apg\u016bt jap\u0101\u0146u valodas gramatiku, ir konsekventi iesaist\u012bties valod\u0101. S\u0101kot no jap\u0101\u0146u filmu un anime skat\u012b\u0161an\u0101s l\u012bdz dal\u012bbai sarunu apmai\u0146\u0101 ar dzimt\u0101 valoda, iegremd\u0113\u0161ana valod\u0101 pal\u012bdz\u0113s nostiprin\u0101t gramatikas j\u0113dzienus un papla\u0161in\u0101t v\u0101rdu kr\u0101jumu.<\/p>\n\n\n\n<h3 class=\"wp-block-heading\" id=\"h-conclusion\">Secin\u0101jums<\/h3>\n\n\n\n<p>Lai gan s\u0101kum\u0101 jap\u0101\u0146u valodas gramatika var \u0161\u0137ist p\u0101rlieku sare\u017e\u0123\u012bta, ar cent\u012bbu un laiku j\u016bs viegli orient\u0113sieties t\u0101s sare\u017e\u0123\u012bt\u012bb\u0101. Galvenais ir palikt zi\u0146k\u0101r\u012bgs un regul\u0101ri praktiz\u0113t. Veiksmi ce\u013c\u0101 uz jap\u0101\u0146u valodas gramatikas apguvi un izbaudiet lingvistisko piedz\u012bvojumu!<\/p>\n<\/div><\/div>\n\r\n<section class=\"learnNavigationSection\">\r\n            \r\n        <a href=\"https:\/\/talkpal.ai\/lv\/apgustiet-japanu-valodu\/\">\r\n            <div class=\"learnNavigationWrapper\">\r\n                <div class=\"learnNavigationContent\">\r\n                    <img decoding=\"async\" src=\"https:\/\/talkpal.ai\/wp-content\/uploads\/2024\/08\/Japanese.jpg\" alt=\"Japanese Flag\">\r\n                    <div>\r\n                        <h4>Par jap\u0101\u0146u valodas apguvi<\/h4>\r\n                        <p>Uzziniet visu par jap\u0101\u0146u valodas gramatiku.<\/p>\r\n                    <\/div>\r\n                <\/div>\r\n            <\/div>\r\n        <\/a>\r\n\r\n        \r\n        <a href=\"https:\/\/talkpal.ai\/lv\/japanu-valodas-gramatikas-vingrinajumi\/\">\r\n            <div class=\"learnNavigationWrapper\">\r\n                <div class=\"learnNavigationContent\">\r\n                    <img decoding=\"async\" src=\"https:\/\/talkpal.ai\/wp-content\/uploads\/2024\/08\/Japanese.jpg\" alt=\"Japanese Flag\">\r\n                    <div>\r\n                        <h4>Jap\u0101\u0146u valodas gramatikas vingrin\u0101jums<\/h4>\r\n                        <p>Praktiz\u0113jiet jap\u0101\u0146u gramatiku.<\/p>\r\n                    <\/div>\r\n                <\/div>\r\n            <\/div>\r\n        <\/a>\r\n\r\n        \r\n        <a href=\"https:\/\/talkpal.ai\/vocabulary_language\/japanese\/\">\r\n            <div class=\"learnNavigationWrapper\">\r\n                <div class=\"learnNavigationContent\">\r\n                    <img decoding=\"async\" src=\"https:\/\/talkpal.ai\/wp-content\/uploads\/2024\/08\/Japanese.jpg\" alt=\"Japanese Flag\">\r\n                    <div>\r\n                        <h4>Jap\u0101\u0146u valodas v\u0101rdn\u012bca<\/h4>\r\n                        <p>Papla\u0161iniet savu jap\u0101\u0146u valodas v\u0101rdu kr\u0101jumu.<\/p>\r\n                    <\/div>\r\n                <\/div>\r\n            <\/div>\r\n        <\/a>\r\n\r\n            <\/section>","protected":false},"excerpt":{"rendered":"<p>Jap\u0101\u0146u gramatikas sare\u017e\u0123\u012bt\u012bbas apg\u016b\u0161ana Valodu entuziasti bie\u017ei uzskata, ka jap\u0101\u0146u valoda ir aizraujo\u0161a un izaicino\u0161a valoda, ko m\u0101c\u012bties, liel\u0101 m\u0113r\u0101 pateicoties t\u0101s unik\u0101lajai gramatikas sist\u0113mai. Neskatoties uz to, jap\u0101\u0146u valodas gramatikas izpratne var iev\u0113rojami uzlabot j\u016bsu komunik\u0101cijas prasmes un kult\u016bras izpratni. \u0160aj\u0101 rakst\u0101 m\u0113s apspried\u012bsim vair\u0101kus b\u016btiskus jap\u0101\u0146u valodas gramatikas aspektus, lai pal\u012bdz\u0113tu jums valodu [&hellip;]<\/p>\n","protected":false},"author":1,"featured_media":107194,"parent":0,"menu_order":0,"comment_status":"closed","ping_status":"closed","template":"LearningContentPage.php","meta":{"_acf_changed":false,"footnotes":""},"class_list":["post-129673","page","type-page","status-publish","has-post-thumbnail","hentry"],"acf":[],"yoast_head":"<!-- This site is optimized with the Yoast SEO Premium plugin v27.2 (Yoast SEO v27.2) - https:\/\/yoast.com\/product\/yoast-seo-premium-wordpress\/ -->\n<title>Jap\u0101\u0146u valodas gramatika - Talkpal<\/title>\n<meta name=\"description\" content=\"Apg\u016bstiet jap\u0101\u0146u valodas gramatiku ar m\u016bsu m\u0101ksl\u012bg\u0101 intelekta valodas apguves lietotni. Uzlabojiet savas valodas prasmes, izmantojot Talkpalm\u0101ksl\u012bg\u0101 intelekta atbalstu.\" \/>\n<meta name=\"robots\" content=\"index, follow, max-snippet:-1, max-image-preview:large, max-video-preview:-1\" \/>\n<link rel=\"canonical\" href=\"https:\/\/talkpal.ai\/lv\/japanu-valodas-gramatika\/\" \/>\n<meta property=\"og:locale\" content=\"lv_LV\" \/>\n<meta property=\"og:type\" content=\"article\" \/>\n<meta property=\"og:title\" content=\"Jap\u0101\u0146u valodas gramatika\" \/>\n<meta property=\"og:description\" content=\"Jap\u0101\u0146u gramatikas sare\u017e\u0123\u012bt\u012bbas apg\u016b\u0161ana Valodu entuziasti bie\u017ei uzskata, ka jap\u0101\u0146u valoda ir aizraujo\u0161a un izaicino\u0161a valoda, ko m\u0101c\u012bties, liel\u0101 m\u0113r\u0101\" \/>\n<meta property=\"og:url\" content=\"https:\/\/talkpal.ai\/lv\/japanu-valodas-gramatika\/\" \/>\n<meta property=\"og:site_name\" content=\"Talkpal\" \/>\n<meta property=\"article:publisher\" content=\"https:\/\/www.facebook.com\/profile.php?id=100090733639311\" \/>\n<meta property=\"article:modified_time\" content=\"2025-12-11T16:43:57+00:00\" \/>\n<meta property=\"og:image\" content=\"https:\/\/talkpal.ai\/wp-content\/uploads\/2023\/04\/japan.png\" \/>\n\t<meta property=\"og:image:width\" content=\"512\" \/>\n\t<meta property=\"og:image:height\" content=\"512\" \/>\n\t<meta property=\"og:image:type\" content=\"image\/png\" \/>\n<meta name=\"twitter:card\" content=\"summary_large_image\" \/>\n<meta name=\"twitter:site\" content=\"@talkpalai\" \/>\n<meta name=\"twitter:label1\" content=\"Est. reading time\" \/>\n\t<meta name=\"twitter:data1\" content=\"3 minutes\" \/>\n<script type=\"application\/ld+json\" class=\"yoast-schema-graph\">{\"@context\":\"https:\/\/schema.org\",\"@graph\":[{\"@type\":\"WebPage\",\"@id\":\"https:\/\/talkpal.ai\/lv\/japanu-valodas-gramatika\/\",\"url\":\"https:\/\/talkpal.ai\/lv\/japanu-valodas-gramatika\/\",\"name\":\"Jap\u0101\u0146u valodas gramatika - Talkpal\",\"isPartOf\":{\"@id\":\"https:\/\/talkpal.ai\/lv\/#website\"},\"primaryImageOfPage\":{\"@id\":\"https:\/\/talkpal.ai\/lv\/japanu-valodas-gramatika\/#primaryimage\"},\"image\":{\"@id\":\"https:\/\/talkpal.ai\/lv\/japanu-valodas-gramatika\/#primaryimage\"},\"thumbnailUrl\":\"https:\/\/talkpal.ai\/wp-content\/uploads\/2023\/04\/japan.png\",\"datePublished\":\"2023-05-14T13:51:09+00:00\",\"dateModified\":\"2025-12-11T16:43:57+00:00\",\"description\":\"Apg\u016bstiet jap\u0101\u0146u valodas gramatiku ar m\u016bsu m\u0101ksl\u012bg\u0101 intelekta valodas apguves lietotni. Uzlabojiet savas valodas prasmes, izmantojot Talkpalm\u0101ksl\u012bg\u0101 intelekta atbalstu.\",\"breadcrumb\":{\"@id\":\"https:\/\/talkpal.ai\/lv\/japanu-valodas-gramatika\/#breadcrumb\"},\"inLanguage\":\"lv-LV\",\"potentialAction\":[{\"@type\":\"ReadAction\",\"target\":[\"https:\/\/talkpal.ai\/lv\/japanu-valodas-gramatika\/\"]}]},{\"@type\":\"ImageObject\",\"inLanguage\":\"lv-LV\",\"@id\":\"https:\/\/talkpal.ai\/lv\/japanu-valodas-gramatika\/#primaryimage\",\"url\":\"https:\/\/talkpal.ai\/wp-content\/uploads\/2023\/04\/japan.png\",\"contentUrl\":\"https:\/\/talkpal.ai\/wp-content\/uploads\/2023\/04\/japan.png\",\"width\":512,\"height\":512},{\"@type\":\"BreadcrumbList\",\"@id\":\"https:\/\/talkpal.ai\/lv\/japanu-valodas-gramatika\/#breadcrumb\",\"itemListElement\":[{\"@type\":\"ListItem\",\"position\":1,\"name\":\"Homepage\",\"item\":\"https:\/\/talkpal.ai\/lv\/\"},{\"@type\":\"ListItem\",\"position\":2,\"name\":\"Jap\u0101\u0146u valodas gramatika\"}]},{\"@type\":\"WebSite\",\"@id\":\"https:\/\/talkpal.ai\/lv\/#website\",\"url\":\"https:\/\/talkpal.ai\/lv\/\",\"name\":\"Talkpal\",\"description\":\"AI Language Learning\",\"publisher\":{\"@id\":\"https:\/\/talkpal.ai\/lv\/#organization\"},\"alternateName\":\"Talkpal AI\",\"potentialAction\":[{\"@type\":\"SearchAction\",\"target\":{\"@type\":\"EntryPoint\",\"urlTemplate\":\"https:\/\/talkpal.ai\/lv\/?s={search_term_string}\"},\"query-input\":{\"@type\":\"PropertyValueSpecification\",\"valueRequired\":true,\"valueName\":\"search_term_string\"}}],\"inLanguage\":\"lv-LV\"},{\"@type\":\"Organization\",\"@id\":\"https:\/\/talkpal.ai\/lv\/#organization\",\"name\":\"Talkpal, Inc.\",\"alternateName\":\"Talkpal AI\",\"url\":\"https:\/\/talkpal.ai\/lv\/\",\"logo\":{\"@type\":\"ImageObject\",\"inLanguage\":\"lv-LV\",\"@id\":\"https:\/\/talkpal.ai\/lv\/#\/schema\/logo\/image\/\",\"url\":\"https:\/\/talkpal.ai\/wp-content\/uploads\/2024\/03\/Talkpal-Logo-Icon.png\",\"contentUrl\":\"https:\/\/talkpal.ai\/wp-content\/uploads\/2024\/03\/Talkpal-Logo-Icon.png\",\"width\":2880,\"height\":2880,\"caption\":\"Talkpal, Inc.\"},\"image\":{\"@id\":\"https:\/\/talkpal.ai\/lv\/#\/schema\/logo\/image\/\"},\"sameAs\":[\"https:\/\/www.facebook.com\/profile.php?id=100090733639311\",\"https:\/\/x.com\/talkpalai\",\"https:\/\/www.linkedin.com\/company\/talkpal\/\",\"https:\/\/www.youtube.com\/@TalkPal\/\",\"https:\/\/www.tiktok.com\/@talkpal\",\"https:\/\/www.instagram.com\/talkpal_ai\/\",\"https:\/\/www.crunchbase.com\/organization\/talkpal-9cde\",\"https:\/\/www.g2.com\/products\/talkpal-for-business\/\",\"https:\/\/www.trustpilot.com\/review\/talkpal.ai\",\"https:\/\/www.capterra.com\/p\/10006800\/TalkPal\/\"],\"description\":\"Talkpal is a language learning web and mobile education app, powered by the latest AI technologies, that provides engaging experiences to its customers in many different languages to help them improve their language skills. Users can chat about unlimited amount of topics with the app and use other modes to practice their language learning.\",\"email\":\"support@talkpal.ai\",\"legalName\":\"Talkpal, Inc.\",\"foundingDate\":\"2023-04-03\",\"duns\":\"118989042\",\"numberOfEmployees\":{\"@type\":\"QuantitativeValue\",\"minValue\":\"11\",\"maxValue\":\"50\"},\"publishingPrinciples\":\"https:\/\/talkpal.ai\/publishing-principles\/\",\"actionableFeedbackPolicy\":\"https:\/\/talkpal.ai\/actionable-feedback-policy\/\",\"correctionsPolicy\":\"https:\/\/talkpal.ai\/corrections-policy\/\",\"ethicsPolicy\":\"https:\/\/talkpal.ai\/ethics-policy\/\",\"diversityPolicy\":\"https:\/\/talkpal.ai\/diversity-policy\/\",\"diversityStaffingReport\":\"https:\/\/talkpal.ai\/diversity-policy\/\"}]}<\/script>\n<!-- \/ Yoast SEO Premium plugin. -->","yoast_head_json":{"title":"Jap\u0101\u0146u valodas gramatika - Talkpal","description":"Apg\u016bstiet jap\u0101\u0146u valodas gramatiku ar m\u016bsu m\u0101ksl\u012bg\u0101 intelekta valodas apguves lietotni. Uzlabojiet savas valodas prasmes, izmantojot Talkpalm\u0101ksl\u012bg\u0101 intelekta atbalstu.","robots":{"index":"index","follow":"follow","max-snippet":"max-snippet:-1","max-image-preview":"max-image-preview:large","max-video-preview":"max-video-preview:-1"},"canonical":"https:\/\/talkpal.ai\/lv\/japanu-valodas-gramatika\/","og_locale":"lv_LV","og_type":"article","og_title":"Jap\u0101\u0146u valodas gramatika","og_description":"Jap\u0101\u0146u gramatikas sare\u017e\u0123\u012bt\u012bbas apg\u016b\u0161ana Valodu entuziasti bie\u017ei uzskata, ka jap\u0101\u0146u valoda ir aizraujo\u0161a un izaicino\u0161a valoda, ko m\u0101c\u012bties, liel\u0101 m\u0113r\u0101","og_url":"https:\/\/talkpal.ai\/lv\/japanu-valodas-gramatika\/","og_site_name":"Talkpal","article_publisher":"https:\/\/www.facebook.com\/profile.php?id=100090733639311","article_modified_time":"2025-12-11T16:43:57+00:00","og_image":[{"width":512,"height":512,"url":"https:\/\/talkpal.ai\/wp-content\/uploads\/2023\/04\/japan.png","type":"image\/png"}],"twitter_card":"summary_large_image","twitter_site":"@talkpalai","twitter_misc":{"Est. reading time":"3 minutes"},"schema":{"@context":"https:\/\/schema.org","@graph":[{"@type":"WebPage","@id":"https:\/\/talkpal.ai\/lv\/japanu-valodas-gramatika\/","url":"https:\/\/talkpal.ai\/lv\/japanu-valodas-gramatika\/","name":"Jap\u0101\u0146u valodas gramatika - Talkpal","isPartOf":{"@id":"https:\/\/talkpal.ai\/lv\/#website"},"primaryImageOfPage":{"@id":"https:\/\/talkpal.ai\/lv\/japanu-valodas-gramatika\/#primaryimage"},"image":{"@id":"https:\/\/talkpal.ai\/lv\/japanu-valodas-gramatika\/#primaryimage"},"thumbnailUrl":"https:\/\/talkpal.ai\/wp-content\/uploads\/2023\/04\/japan.png","datePublished":"2023-05-14T13:51:09+00:00","dateModified":"2025-12-11T16:43:57+00:00","description":"Apg\u016bstiet jap\u0101\u0146u valodas gramatiku ar m\u016bsu m\u0101ksl\u012bg\u0101 intelekta valodas apguves lietotni. Uzlabojiet savas valodas prasmes, izmantojot Talkpalm\u0101ksl\u012bg\u0101 intelekta atbalstu.","breadcrumb":{"@id":"https:\/\/talkpal.ai\/lv\/japanu-valodas-gramatika\/#breadcrumb"},"inLanguage":"lv-LV","potentialAction":[{"@type":"ReadAction","target":["https:\/\/talkpal.ai\/lv\/japanu-valodas-gramatika\/"]}]},{"@type":"ImageObject","inLanguage":"lv-LV","@id":"https:\/\/talkpal.ai\/lv\/japanu-valodas-gramatika\/#primaryimage","url":"https:\/\/talkpal.ai\/wp-content\/uploads\/2023\/04\/japan.png","contentUrl":"https:\/\/talkpal.ai\/wp-content\/uploads\/2023\/04\/japan.png","width":512,"height":512},{"@type":"BreadcrumbList","@id":"https:\/\/talkpal.ai\/lv\/japanu-valodas-gramatika\/#breadcrumb","itemListElement":[{"@type":"ListItem","position":1,"name":"Homepage","item":"https:\/\/talkpal.ai\/lv\/"},{"@type":"ListItem","position":2,"name":"Jap\u0101\u0146u valodas gramatika"}]},{"@type":"WebSite","@id":"https:\/\/talkpal.ai\/lv\/#website","url":"https:\/\/talkpal.ai\/lv\/","name":"Talkpal","description":"AI Language Learning","publisher":{"@id":"https:\/\/talkpal.ai\/lv\/#organization"},"alternateName":"Talkpal AI","potentialAction":[{"@type":"SearchAction","target":{"@type":"EntryPoint","urlTemplate":"https:\/\/talkpal.ai\/lv\/?s={search_term_string}"},"query-input":{"@type":"PropertyValueSpecification","valueRequired":true,"valueName":"search_term_string"}}],"inLanguage":"lv-LV"},{"@type":"Organization","@id":"https:\/\/talkpal.ai\/lv\/#organization","name":"Talkpal, Inc.","alternateName":"Talkpal AI","url":"https:\/\/talkpal.ai\/lv\/","logo":{"@type":"ImageObject","inLanguage":"lv-LV","@id":"https:\/\/talkpal.ai\/lv\/#\/schema\/logo\/image\/","url":"https:\/\/talkpal.ai\/wp-content\/uploads\/2024\/03\/Talkpal-Logo-Icon.png","contentUrl":"https:\/\/talkpal.ai\/wp-content\/uploads\/2024\/03\/Talkpal-Logo-Icon.png","width":2880,"height":2880,"caption":"Talkpal, Inc."},"image":{"@id":"https:\/\/talkpal.ai\/lv\/#\/schema\/logo\/image\/"},"sameAs":["https:\/\/www.facebook.com\/profile.php?id=100090733639311","https:\/\/x.com\/talkpalai","https:\/\/www.linkedin.com\/company\/talkpal\/","https:\/\/www.youtube.com\/@TalkPal\/","https:\/\/www.tiktok.com\/@talkpal","https:\/\/www.instagram.com\/talkpal_ai\/","https:\/\/www.crunchbase.com\/organization\/talkpal-9cde","https:\/\/www.g2.com\/products\/talkpal-for-business\/","https:\/\/www.trustpilot.com\/review\/talkpal.ai","https:\/\/www.capterra.com\/p\/10006800\/TalkPal\/"],"description":"Talkpal is a language learning web and mobile education app, powered by the latest AI technologies, that provides engaging experiences to its customers in many different languages to help them improve their language skills. Users can chat about unlimited amount of topics with the app and use other modes to practice their language learning.","email":"support@talkpal.ai","legalName":"Talkpal, Inc.","foundingDate":"2023-04-03","duns":"118989042","numberOfEmployees":{"@type":"QuantitativeValue","minValue":"11","maxValue":"50"},"publishingPrinciples":"https:\/\/talkpal.ai\/publishing-principles\/","actionableFeedbackPolicy":"https:\/\/talkpal.ai\/actionable-feedback-policy\/","correctionsPolicy":"https:\/\/talkpal.ai\/corrections-policy\/","ethicsPolicy":"https:\/\/talkpal.ai\/ethics-policy\/","diversityPolicy":"https:\/\/talkpal.ai\/diversity-policy\/","diversityStaffingReport":"https:\/\/talkpal.ai\/diversity-policy\/"}]}},"_links":{"self":[{"href":"https:\/\/talkpal.ai\/lv\/wp-json\/wp\/v2\/pages\/129673","targetHints":{"allow":["GET"]}}],"collection":[{"href":"https:\/\/talkpal.ai\/lv\/wp-json\/wp\/v2\/pages"}],"about":[{"href":"https:\/\/talkpal.ai\/lv\/wp-json\/wp\/v2\/types\/page"}],"author":[{"embeddable":true,"href":"https:\/\/talkpal.ai\/lv\/wp-json\/wp\/v2\/users\/1"}],"replies":[{"embeddable":true,"href":"https:\/\/talkpal.ai\/lv\/wp-json\/wp\/v2\/comments?post=129673"}],"version-history":[{"count":0,"href":"https:\/\/talkpal.ai\/lv\/wp-json\/wp\/v2\/pages\/129673\/revisions"}],"wp:featuredmedia":[{"embeddable":true,"href":"https:\/\/talkpal.ai\/lv\/wp-json\/wp\/v2\/media\/107194"}],"wp:attachment":[{"href":"https:\/\/talkpal.ai\/lv\/wp-json\/wp\/v2\/media?parent=129673"}],"curies":[{"name":"wp","href":"https:\/\/api.w.org\/{rel}","templated":true}]}}