{"id":129429,"date":"2023-05-14T13:50:44","date_gmt":"2023-05-14T13:50:44","guid":{"rendered":"http:\/\/talkpal.ai\/hindi-gramatika\/"},"modified":"2025-12-13T14:59:51","modified_gmt":"2025-12-13T14:59:51","slug":"hindi-gramatika","status":"publish","type":"page","link":"https:\/\/talkpal.ai\/lv\/hindi-gramatika\/","title":{"rendered":"Hindi gramatika"},"content":{"rendered":"\r\n\r\n\r\n<section class=\"languageChallengeSection\">\r\n    <div class=\"languageInfoWrapper\">\r\n        \r\n        <h1>Hindi gramatika<\/h1>\r\n        <p>Vai esat gatavs apg\u016bt <a href=\"https:\/\/talkpal.ai\/learn-hindi\/\">hindi<\/a> valodu? Iepaz\u012bstieties ar hindu <a href=\"https:\/\/talkpal.ai\/what-language-is-spoken-on-the-international-space-station\/\">valodas<\/a> gramatiku, kur\u0101 valoda ir apvelt\u012bta ar dzimtes lietv\u0101rdiem, subjekta-objekta-v\u0101rda teikuma strukt\u016bru un izteiksm\u012bgiem darb\u012bbas v\u0101rdu loc\u012bjumiem. S\u0101ciet savu <a href=\"https:\/\/talkpal.ai\/learn-hindi\/\">hindi<\/a> valodas ce\u013cojumu jau \u0161odien &#8211; t\u0101s gramatikas apguve \u013caus jums dro\u0161i sazin\u0101ties un iepaz\u012bt Indijas kult\u016bru un trad\u012bcijas!<\/p>\r\n\r\n                            <a class=\"getStartedHidden\" href=\"https:\/\/app.talkpal.ai\/lv\/signup?lng=\">S\u0101c<\/a>\r\n        \r\n    <\/div>\r\n\r\n    <figure>\r\n    <img decoding=\"async\" width=\"768\" height=\"768\" src=\"https:\/\/talkpal.ai\/wp-content\/uploads\/2023\/06\/hindi-768x768.png\" class=\"languageImage no-lazy\" alt=\"Language learning for mental agility\" fetchpriority=\"high\" sizes=\"(max-width: 768px) 150px, 768px\" srcset=\"https:\/\/talkpal.ai\/wp-content\/uploads\/2023\/06\/hindi-768x768.png 768w, https:\/\/talkpal.ai\/wp-content\/uploads\/2023\/06\/hindi-300x300.png 300w\" \/>\r\n    \r\n\r\n    <\/figure>\r\n\r\n            <a class=\"getStartedVisible\" href=\"https:\/\/app.talkpal.ai\/lv\/signup?lng=\">S\u0101c<\/a>\r\n    \r\n<\/section>\r\n<section class=\"promotionalBanner\">\r\n    <p class=\"promotionalText\">Visefekt\u012bv\u0101kais veids, k\u0101 apg\u016bt valodu<\/p>\r\n    <a class=\"promotionalLink\" href=\"https:\/\/app.talkpal.ai\/lv\/signup?lng=\">Izm\u0113\u0123iniet Talkpal bez maksas<\/a>\r\n<\/section>\n<div class=\"wp-block-group pageContainerStyle\"><div class=\"wp-block-group__inner-container is-layout-constrained wp-block-group-is-layout-constrained\">\n<h2 class=\"wp-block-heading\" id=\"h-mastering-hindi-grammar-your-ultimate-guide\">Hindi gramatikas apg\u016b\u0161ana: j\u016bsu gal\u012bgais ce\u013cvedis<\/h2>\n\n\n\n<p>Namaste, valodas entuziasti! Vai esat gatavs izp\u0113t\u012bt hindi gramatikas pasauli? J\u016bs esat non\u0101cis \u012bstaj\u0101 viet\u0101. \u0160is raksts ir piepild\u012bts ar viegli saprotamu inform\u0101ciju un sarunvalodas toni, un tas pal\u012bdz\u0113s jums orient\u0113ties aizraujo\u0161aj\u0101 hindi gramatikas valst\u012bb\u0101. Dr\u012bz j\u016bs var\u0113siet veidot teikumus un veidot j\u0113gpilnas sarunas ar dzimt\u0101s valodas run\u0101t\u0101jiem. T\u0101tad, \u013caujiet mums ienirt uzreiz!<\/p>\n\n\n\n<p><strong>Bet vispirms, k\u0101p\u0113c hindi gramatika?<\/strong><\/p>\n\n\n\n<p>Ja apg\u016bstat hindu valodu, lai var\u0113tu br\u012bvi run\u0101t, las\u012bt un rakst\u012bt, \u013coti svar\u012bgi ir labi apg\u016bt gramatiku. Lai gan <a href=\"https:\/\/talkpal.ai\/hindi-grammar\/\">hindi valodas gramatika<\/a> s\u0101kotn\u0113ji var \u0161\u0137ist sare\u017e\u0123\u012bta, t\u0101 k\u013c\u016bst pieejam\u0101ka, ja to sadala maz\u0101kos, p\u0101rvald\u0101mos segmentos. \u0160is raksts b\u016bs lieliska vieta, kur s\u0101kt savu ce\u013cu uz hindi gramatikas apguvi!<\/p>\n\n\n\n<h3 class=\"wp-block-heading\" id=\"h-1-nouns-gender-and-cases\">1. Lietv\u0101rdi, dzimums un gad\u012bjumi<\/h3>\n\n\n\n<p>Hindi lietv\u0101rdi ir divos dzimumos: v\u012bri\u0161\u0137ais un sievi\u0161\u0137ais. Ir svar\u012bgi noteikt lietv\u0101rdu dzimtes, jo tas ietekm\u0113 citas runas da\u013cas, piem\u0113ram, \u012bpa\u0161\u012bbas v\u0101rdus un darb\u012bbas v\u0101rdus.  <\/p>\n\n\n\n<p>Vienk\u0101r\u0161s noteikums: ja lietv\u0101rds beidzas ar \u201c-aa\u201d (\u201c\u0906\u201d), tas parasti ir v\u012brie\u0161u dzimt\u0113, bet lietv\u0101rds, kas beidzas ar \u201c-ii\u201d (\u201c\u0908\u201d), parasti ir sievie\u0161u dzimt\u0113. Ta\u010du atcerieties &#8211; k\u0101 vienm\u0113r, iz\u0146\u0113mumi past\u0101v!  <\/p>\n\n\n\n<p>Hindi lietv\u0101rdiem ir da\u017e\u0101das formas atkar\u012bb\u0101 no to lomas teikum\u0101 (subjekts, objekts, vald\u012bjums utt.). \u0160\u012bs formas sauc par gad\u012bjumiem. Hindi valod\u0101 ir tie\u0161ais (\u201c\u0906\u092e \u0915\u094d\u0930\u092e\u201d), sl\u012bpais (\u201c\u0909\u092a \u0935\u093f\u0932\u094b\u092e\u201d) un vokat\u012bvs (\u201c\u0938\u0902\u092c\u094b\u0927\u0928\u201d).<\/p>\n\n\n\n<h3 class=\"wp-block-heading\" id=\"h-2-pronouns-and-agreement\">2. Vietniekv\u0101rdi un vieno\u0161an\u0101s<\/h3>\n\n\n\n<p>Hindi vietniekv\u0101rdi (es, tu, vi\u0146\u0161, vi\u0146a utt.) main\u0101s atkar\u012bb\u0101 no dzimuma un hierarhijas. Piem\u0113ram: \u092e\u0948\u0902 (main &#8211; es), \u0924\u0941\u092e (tum &#8211; tu, neofici\u0101li), \u0906\u092a (aap &#8211; tu, ofici\u0101li), \u0935\u0939 (vah &#8211; vi\u0146\u0161\/vi\u0146a), \u0939\u092e (hum &#8211; m\u0113s), \u0935\u0947 (ve &#8211; vi\u0146i).  <\/p>\n\n\n\n<p>Lietojot vietniekv\u0101rdus, ir svar\u012bgi apzin\u0101ties hierarhiju. Piem\u0113ram, \u201c\u0924\u0941\u092e\u201d var b\u016bt piem\u0113roti draugu lok\u0101, bet, uzrun\u0101jot vec\u0101kus vai sve\u0161iniekus, lietojiet \u201c\u0906\u092a\u201d, t\u0101d\u0113j\u0101di izr\u0101dot cie\u0146u.<\/p>\n\n\n\n<h3 class=\"wp-block-heading\" id=\"h-3-verbs-tense-and-conjugation\">3. Darb\u012bbas v\u0101rdi, laiki un loc\u012b\u0161ana<\/h3>\n\n\n\n<p>Darb\u012bbas v\u0101rdi veido hindi gramatikas mugurkaulu, un to izpratne ir b\u016btiska teikumu konstru\u0113\u0161anai. Hindi valodas darb\u012bbas v\u0101rdi tiek iedal\u012bti p\u0101rejas (\u201c\u0938\u0915\u0930\u094d\u092e\u0915\u201d) un nep\u0101rejas (\u201c\u0905\u0915\u0930\u094d\u092e\u0915\u201d), un katram no tiem ir at\u0161\u0137ir\u012bgi loc\u012b\u0161anas noteikumi.  <\/p>\n\n\n\n<p>Lai sniegtu jums \u012bsu p\u0101rskatu, apl\u016bkosim regul\u0101ro darb\u012bbas v\u0101rdu tagadnes laiku loc\u012b\u0161anu:<\/p>\n\n\n\n<p>&#8211; \u092e\u0948\u0902 \u092a\u0922\u093c\u0924\u093e \u0939\u0942\u0901 (main padhta hoon &#8211; es izlas\u012bju, v\u012brie\u0161u dzimt\u0113)<\/p>\n\n\n\n<p>&#8211; \u092e\u0948\u0902 \u092a\u0922\u093c\u0924\u0940 \u0939\u0942\u0901 (main padhti hoon &#8211; es lasu, sievie\u0161u dzimt\u0113)<\/p>\n\n\n\n<p>&#8211; \u0924\u0941\u092e \u092a\u0922\u093c\u0924\u0947 \u0939\u094b (tum padhte ho &#8211; tu lasi, neofici\u0101li, v\u012brie\u0161u dzimt\u0113)<\/p>\n\n\n\n<p>&#8211; \u0924\u0941\u092e \u092a\u0922\u093c\u0924\u0940 \u0939\u094b (tum padhti ho &#8211; tu lasi, neofici\u0101li, sievie\u0161u dzimt\u0113)<\/p>\n\n\n\n<p>Atcerieties, ka tas ir tikai s\u0101kums! Ir j\u0101apg\u016bst daudz sasprindzin\u0101jumu un neregul\u0101ru darb\u012bbas v\u0101rdu, ta\u010du katrs jauns solis tuvina j\u016bs teko\u0161umam.<\/p>\n\n\n\n<h3 class=\"wp-block-heading\" id=\"h-4-adjectives-adverbs-and-more\">4. \u012apa\u0161\u012bbas v\u0101rdi, adverbi un daudz kas cits!<\/h3>\n\n\n\n<p><a href=\"https:\/\/talkpal.ai\/hindi-grammar\/\">Hindi gramatika<\/a> ietver citus komponentus, piem\u0113ram, \u012bpa\u0161\u012bbas v\u0101rdus (kuriem j\u0101sakr\u012bt ar lietv\u0101rdiem dzimt\u0113 un skait\u0101), adverbus, priev\u0101rdus un idiom\u0101tiskus izteicienus. Katrs elements ir galvenais, lai br\u012bvi p\u0101rvald\u012btu <a href=\"https:\/\/talkpal.ai\/lv\/uzziniet-hindi-valodu\/\">hindi valodu<\/a>, t\u0101p\u0113c risiniet tos soli pa solim.<\/p>\n\n\n\n<p>Nobeigum\u0101 var teikt, ka hindu gramatikas apguvei nav \u012bsa ce\u013ca. Tas prasa neatlaid\u012bbu, praksi un paciet\u012bbu. Tom\u0113r, kad j\u016bs to saprat\u012bsiet, j\u016bs var\u0113siet nov\u0113rt\u0113t nianses sarun\u0101joties hindi valod\u0101, atkl\u0101jot bag\u0101t\u012bgo kult\u016bru un v\u0113sturi un padzi\u013cinot savu m\u012blest\u012bbu pret \u0161o valodu. \u0936\u0941\u092d\u0915\u093e\u092e\u0928\u093e\u090f\u0901 (shubhkaamnaayein &#8211; vislab\u0101kie v\u0113l\u0113jumi)!<\/p>\n<\/div><\/div>\n\r\n<section class=\"learnNavigationSection\">\r\n            \r\n        <a href=\"https:\/\/talkpal.ai\/lv\/uzziniet-hindi-valodu\/\">\r\n            <div class=\"learnNavigationWrapper\">\r\n                <div class=\"learnNavigationContent\">\r\n                    <img decoding=\"async\" src=\"https:\/\/talkpal.ai\/wp-content\/uploads\/2024\/08\/Hindi.jpg\" alt=\"Indian Flag\">\r\n                    <div>\r\n                        <h4>Par hindi valodas apguvi<\/h4>\r\n                        <p>Uzziniet visu par hindi gramatiku.<\/p>\r\n                    <\/div>\r\n                <\/div>\r\n            <\/div>\r\n        <\/a>\r\n\r\n        \r\n        <a href=\"https:\/\/talkpal.ai\/lv\/hindi-gramatikas-vingrinajumi\/\">\r\n            <div class=\"learnNavigationWrapper\">\r\n                <div class=\"learnNavigationContent\">\r\n                    <img decoding=\"async\" src=\"https:\/\/talkpal.ai\/wp-content\/uploads\/2024\/08\/Hindi.jpg\" alt=\"Indian Flag\">\r\n                    <div>\r\n                        <h4>Hindi gramatikas vingrin\u0101jums<\/h4>\r\n                        <p>Praktiz\u0113jiet hindi gramatiku.<\/p>\r\n                    <\/div>\r\n                <\/div>\r\n            <\/div>\r\n        <\/a>\r\n\r\n        \r\n        <a href=\"https:\/\/talkpal.ai\/vocabulary_language\/hindi\/\">\r\n            <div class=\"learnNavigationWrapper\">\r\n                <div class=\"learnNavigationContent\">\r\n                    <img decoding=\"async\" src=\"https:\/\/talkpal.ai\/wp-content\/uploads\/2024\/08\/Hindi.jpg\" alt=\"Indian Flag\">\r\n                    <div>\r\n                        <h4>Hindi valodas v\u0101rdn\u012bca<\/h4>\r\n                        <p>Papla\u0161iniet savu hindi valodas v\u0101rdu kr\u0101jumu.<\/p>\r\n                    <\/div>\r\n                <\/div>\r\n            <\/div>\r\n        <\/a>\r\n\r\n            <\/section>","protected":false},"excerpt":{"rendered":"<p>Hindi gramatikas apg\u016b\u0161ana: j\u016bsu gal\u012bgais ce\u013cvedis Namaste, valodas entuziasti! Vai esat gatavs izp\u0113t\u012bt hindi gramatikas pasauli? J\u016bs esat non\u0101cis \u012bstaj\u0101 viet\u0101. \u0160is raksts ir piepild\u012bts ar viegli saprotamu inform\u0101ciju un sarunvalodas toni, un tas pal\u012bdz\u0113s jums orient\u0113ties aizraujo\u0161aj\u0101 hindi gramatikas valst\u012bb\u0101. Dr\u012bz j\u016bs var\u0113siet veidot teikumus un veidot j\u0113gpilnas sarunas ar dzimt\u0101s valodas run\u0101t\u0101jiem. T\u0101tad, [&hellip;]<\/p>\n","protected":false},"author":1,"featured_media":188217,"parent":0,"menu_order":0,"comment_status":"closed","ping_status":"closed","template":"LearningContentPage.php","meta":{"_acf_changed":false,"footnotes":""},"class_list":["post-129429","page","type-page","status-publish","has-post-thumbnail","hentry"],"acf":[],"yoast_head":"<!-- This site is optimized with the Yoast SEO Premium plugin v27.2 (Yoast SEO v27.2) - https:\/\/yoast.com\/product\/yoast-seo-premium-wordpress\/ -->\n<title>Hindi gramatika - Talkpal<\/title>\n<meta name=\"description\" content=\"Apg\u016bstiet hindi valodas gramatiku ar p\u0101rliec\u012bbu - apg\u016bstiet skaidrus noteikumus, veidojiet pareizus teikumus un run\u0101jiet lab\u0101k, izmantojot vienk\u0101r\u0161us nor\u0101d\u012bjumus no Talkpal AI.\" \/>\n<meta name=\"robots\" content=\"index, follow, max-snippet:-1, max-image-preview:large, max-video-preview:-1\" \/>\n<link rel=\"canonical\" href=\"https:\/\/talkpal.ai\/lv\/hindi-gramatika\/\" \/>\n<meta property=\"og:locale\" content=\"lv_LV\" \/>\n<meta property=\"og:type\" content=\"article\" \/>\n<meta property=\"og:title\" content=\"Hindi gramatika\" \/>\n<meta property=\"og:description\" content=\"Hindi gramatikas apg\u016b\u0161ana: j\u016bsu gal\u012bgais ce\u013cvedis Namaste, valodas entuziasti! Vai esat gatavs izp\u0113t\u012bt hindi gramatikas pasauli? J\u016bs esat non\u0101cis \u012bstaj\u0101\" \/>\n<meta property=\"og:url\" content=\"https:\/\/talkpal.ai\/lv\/hindi-gramatika\/\" \/>\n<meta property=\"og:site_name\" content=\"Talkpal\" \/>\n<meta property=\"article:publisher\" content=\"https:\/\/www.facebook.com\/profile.php?id=100090733639311\" \/>\n<meta property=\"article:modified_time\" content=\"2025-12-13T14:59:51+00:00\" \/>\n<meta property=\"og:image\" content=\"https:\/\/talkpal.ai\/wp-content\/uploads\/2024\/02\/india.png\" \/>\n\t<meta property=\"og:image:width\" content=\"517\" \/>\n\t<meta property=\"og:image:height\" content=\"517\" \/>\n\t<meta property=\"og:image:type\" content=\"image\/png\" \/>\n<meta name=\"twitter:card\" content=\"summary_large_image\" \/>\n<meta name=\"twitter:site\" content=\"@talkpalai\" \/>\n<meta name=\"twitter:label1\" content=\"Est. reading time\" \/>\n\t<meta name=\"twitter:data1\" content=\"3 minutes\" \/>\n<script type=\"application\/ld+json\" class=\"yoast-schema-graph\">{\"@context\":\"https:\/\/schema.org\",\"@graph\":[{\"@type\":\"WebPage\",\"@id\":\"https:\/\/talkpal.ai\/lv\/hindi-gramatika\/\",\"url\":\"https:\/\/talkpal.ai\/lv\/hindi-gramatika\/\",\"name\":\"Hindi gramatika - Talkpal\",\"isPartOf\":{\"@id\":\"https:\/\/talkpal.ai\/lv\/#website\"},\"primaryImageOfPage\":{\"@id\":\"https:\/\/talkpal.ai\/lv\/hindi-gramatika\/#primaryimage\"},\"image\":{\"@id\":\"https:\/\/talkpal.ai\/lv\/hindi-gramatika\/#primaryimage\"},\"thumbnailUrl\":\"https:\/\/talkpal.ai\/wp-content\/uploads\/2024\/02\/india.png\",\"datePublished\":\"2023-05-14T13:50:44+00:00\",\"dateModified\":\"2025-12-13T14:59:51+00:00\",\"description\":\"Apg\u016bstiet hindi valodas gramatiku ar p\u0101rliec\u012bbu - apg\u016bstiet skaidrus noteikumus, veidojiet pareizus teikumus un run\u0101jiet lab\u0101k, izmantojot vienk\u0101r\u0161us nor\u0101d\u012bjumus no Talkpal AI.\",\"breadcrumb\":{\"@id\":\"https:\/\/talkpal.ai\/lv\/hindi-gramatika\/#breadcrumb\"},\"inLanguage\":\"lv-LV\",\"potentialAction\":[{\"@type\":\"ReadAction\",\"target\":[\"https:\/\/talkpal.ai\/lv\/hindi-gramatika\/\"]}]},{\"@type\":\"ImageObject\",\"inLanguage\":\"lv-LV\",\"@id\":\"https:\/\/talkpal.ai\/lv\/hindi-gramatika\/#primaryimage\",\"url\":\"https:\/\/talkpal.ai\/wp-content\/uploads\/2024\/02\/india.png\",\"contentUrl\":\"https:\/\/talkpal.ai\/wp-content\/uploads\/2024\/02\/india.png\",\"width\":517,\"height\":517,\"caption\":\"TalkPal Indian Flag\"},{\"@type\":\"BreadcrumbList\",\"@id\":\"https:\/\/talkpal.ai\/lv\/hindi-gramatika\/#breadcrumb\",\"itemListElement\":[{\"@type\":\"ListItem\",\"position\":1,\"name\":\"Homepage\",\"item\":\"https:\/\/talkpal.ai\/lv\/\"},{\"@type\":\"ListItem\",\"position\":2,\"name\":\"Hindi gramatika\"}]},{\"@type\":\"WebSite\",\"@id\":\"https:\/\/talkpal.ai\/lv\/#website\",\"url\":\"https:\/\/talkpal.ai\/lv\/\",\"name\":\"Talkpal\",\"description\":\"AI Language Learning\",\"publisher\":{\"@id\":\"https:\/\/talkpal.ai\/lv\/#organization\"},\"alternateName\":\"Talkpal AI\",\"potentialAction\":[{\"@type\":\"SearchAction\",\"target\":{\"@type\":\"EntryPoint\",\"urlTemplate\":\"https:\/\/talkpal.ai\/lv\/?s={search_term_string}\"},\"query-input\":{\"@type\":\"PropertyValueSpecification\",\"valueRequired\":true,\"valueName\":\"search_term_string\"}}],\"inLanguage\":\"lv-LV\"},{\"@type\":\"Organization\",\"@id\":\"https:\/\/talkpal.ai\/lv\/#organization\",\"name\":\"Talkpal, Inc.\",\"alternateName\":\"Talkpal AI\",\"url\":\"https:\/\/talkpal.ai\/lv\/\",\"logo\":{\"@type\":\"ImageObject\",\"inLanguage\":\"lv-LV\",\"@id\":\"https:\/\/talkpal.ai\/lv\/#\/schema\/logo\/image\/\",\"url\":\"https:\/\/talkpal.ai\/wp-content\/uploads\/2024\/03\/Talkpal-Logo-Icon.png\",\"contentUrl\":\"https:\/\/talkpal.ai\/wp-content\/uploads\/2024\/03\/Talkpal-Logo-Icon.png\",\"width\":2880,\"height\":2880,\"caption\":\"Talkpal, Inc.\"},\"image\":{\"@id\":\"https:\/\/talkpal.ai\/lv\/#\/schema\/logo\/image\/\"},\"sameAs\":[\"https:\/\/www.facebook.com\/profile.php?id=100090733639311\",\"https:\/\/x.com\/talkpalai\",\"https:\/\/www.linkedin.com\/company\/talkpal\/\",\"https:\/\/www.youtube.com\/@TalkPal\/\",\"https:\/\/www.tiktok.com\/@talkpal\",\"https:\/\/www.instagram.com\/talkpal_ai\/\",\"https:\/\/www.crunchbase.com\/organization\/talkpal-9cde\",\"https:\/\/www.g2.com\/products\/talkpal-for-business\/\",\"https:\/\/www.trustpilot.com\/review\/talkpal.ai\",\"https:\/\/www.capterra.com\/p\/10006800\/TalkPal\/\"],\"description\":\"Talkpal is a language learning web and mobile education app, powered by the latest AI technologies, that provides engaging experiences to its customers in many different languages to help them improve their language skills. Users can chat about unlimited amount of topics with the app and use other modes to practice their language learning.\",\"email\":\"support@talkpal.ai\",\"legalName\":\"Talkpal, Inc.\",\"foundingDate\":\"2023-04-03\",\"duns\":\"118989042\",\"numberOfEmployees\":{\"@type\":\"QuantitativeValue\",\"minValue\":\"11\",\"maxValue\":\"50\"},\"publishingPrinciples\":\"https:\/\/talkpal.ai\/publishing-principles\/\",\"actionableFeedbackPolicy\":\"https:\/\/talkpal.ai\/actionable-feedback-policy\/\",\"correctionsPolicy\":\"https:\/\/talkpal.ai\/corrections-policy\/\",\"ethicsPolicy\":\"https:\/\/talkpal.ai\/ethics-policy\/\",\"diversityPolicy\":\"https:\/\/talkpal.ai\/diversity-policy\/\",\"diversityStaffingReport\":\"https:\/\/talkpal.ai\/diversity-policy\/\"}]}<\/script>\n<!-- \/ Yoast SEO Premium plugin. -->","yoast_head_json":{"title":"Hindi gramatika - Talkpal","description":"Apg\u016bstiet hindi valodas gramatiku ar p\u0101rliec\u012bbu - apg\u016bstiet skaidrus noteikumus, veidojiet pareizus teikumus un run\u0101jiet lab\u0101k, izmantojot vienk\u0101r\u0161us nor\u0101d\u012bjumus no Talkpal AI.","robots":{"index":"index","follow":"follow","max-snippet":"max-snippet:-1","max-image-preview":"max-image-preview:large","max-video-preview":"max-video-preview:-1"},"canonical":"https:\/\/talkpal.ai\/lv\/hindi-gramatika\/","og_locale":"lv_LV","og_type":"article","og_title":"Hindi gramatika","og_description":"Hindi gramatikas apg\u016b\u0161ana: j\u016bsu gal\u012bgais ce\u013cvedis Namaste, valodas entuziasti! Vai esat gatavs izp\u0113t\u012bt hindi gramatikas pasauli? J\u016bs esat non\u0101cis \u012bstaj\u0101","og_url":"https:\/\/talkpal.ai\/lv\/hindi-gramatika\/","og_site_name":"Talkpal","article_publisher":"https:\/\/www.facebook.com\/profile.php?id=100090733639311","article_modified_time":"2025-12-13T14:59:51+00:00","og_image":[{"width":517,"height":517,"url":"https:\/\/talkpal.ai\/wp-content\/uploads\/2024\/02\/india.png","type":"image\/png"}],"twitter_card":"summary_large_image","twitter_site":"@talkpalai","twitter_misc":{"Est. reading time":"3 minutes"},"schema":{"@context":"https:\/\/schema.org","@graph":[{"@type":"WebPage","@id":"https:\/\/talkpal.ai\/lv\/hindi-gramatika\/","url":"https:\/\/talkpal.ai\/lv\/hindi-gramatika\/","name":"Hindi gramatika - Talkpal","isPartOf":{"@id":"https:\/\/talkpal.ai\/lv\/#website"},"primaryImageOfPage":{"@id":"https:\/\/talkpal.ai\/lv\/hindi-gramatika\/#primaryimage"},"image":{"@id":"https:\/\/talkpal.ai\/lv\/hindi-gramatika\/#primaryimage"},"thumbnailUrl":"https:\/\/talkpal.ai\/wp-content\/uploads\/2024\/02\/india.png","datePublished":"2023-05-14T13:50:44+00:00","dateModified":"2025-12-13T14:59:51+00:00","description":"Apg\u016bstiet hindi valodas gramatiku ar p\u0101rliec\u012bbu - apg\u016bstiet skaidrus noteikumus, veidojiet pareizus teikumus un run\u0101jiet lab\u0101k, izmantojot vienk\u0101r\u0161us nor\u0101d\u012bjumus no Talkpal AI.","breadcrumb":{"@id":"https:\/\/talkpal.ai\/lv\/hindi-gramatika\/#breadcrumb"},"inLanguage":"lv-LV","potentialAction":[{"@type":"ReadAction","target":["https:\/\/talkpal.ai\/lv\/hindi-gramatika\/"]}]},{"@type":"ImageObject","inLanguage":"lv-LV","@id":"https:\/\/talkpal.ai\/lv\/hindi-gramatika\/#primaryimage","url":"https:\/\/talkpal.ai\/wp-content\/uploads\/2024\/02\/india.png","contentUrl":"https:\/\/talkpal.ai\/wp-content\/uploads\/2024\/02\/india.png","width":517,"height":517,"caption":"TalkPal Indian Flag"},{"@type":"BreadcrumbList","@id":"https:\/\/talkpal.ai\/lv\/hindi-gramatika\/#breadcrumb","itemListElement":[{"@type":"ListItem","position":1,"name":"Homepage","item":"https:\/\/talkpal.ai\/lv\/"},{"@type":"ListItem","position":2,"name":"Hindi gramatika"}]},{"@type":"WebSite","@id":"https:\/\/talkpal.ai\/lv\/#website","url":"https:\/\/talkpal.ai\/lv\/","name":"Talkpal","description":"AI Language Learning","publisher":{"@id":"https:\/\/talkpal.ai\/lv\/#organization"},"alternateName":"Talkpal AI","potentialAction":[{"@type":"SearchAction","target":{"@type":"EntryPoint","urlTemplate":"https:\/\/talkpal.ai\/lv\/?s={search_term_string}"},"query-input":{"@type":"PropertyValueSpecification","valueRequired":true,"valueName":"search_term_string"}}],"inLanguage":"lv-LV"},{"@type":"Organization","@id":"https:\/\/talkpal.ai\/lv\/#organization","name":"Talkpal, Inc.","alternateName":"Talkpal AI","url":"https:\/\/talkpal.ai\/lv\/","logo":{"@type":"ImageObject","inLanguage":"lv-LV","@id":"https:\/\/talkpal.ai\/lv\/#\/schema\/logo\/image\/","url":"https:\/\/talkpal.ai\/wp-content\/uploads\/2024\/03\/Talkpal-Logo-Icon.png","contentUrl":"https:\/\/talkpal.ai\/wp-content\/uploads\/2024\/03\/Talkpal-Logo-Icon.png","width":2880,"height":2880,"caption":"Talkpal, Inc."},"image":{"@id":"https:\/\/talkpal.ai\/lv\/#\/schema\/logo\/image\/"},"sameAs":["https:\/\/www.facebook.com\/profile.php?id=100090733639311","https:\/\/x.com\/talkpalai","https:\/\/www.linkedin.com\/company\/talkpal\/","https:\/\/www.youtube.com\/@TalkPal\/","https:\/\/www.tiktok.com\/@talkpal","https:\/\/www.instagram.com\/talkpal_ai\/","https:\/\/www.crunchbase.com\/organization\/talkpal-9cde","https:\/\/www.g2.com\/products\/talkpal-for-business\/","https:\/\/www.trustpilot.com\/review\/talkpal.ai","https:\/\/www.capterra.com\/p\/10006800\/TalkPal\/"],"description":"Talkpal is a language learning web and mobile education app, powered by the latest AI technologies, that provides engaging experiences to its customers in many different languages to help them improve their language skills. Users can chat about unlimited amount of topics with the app and use other modes to practice their language learning.","email":"support@talkpal.ai","legalName":"Talkpal, Inc.","foundingDate":"2023-04-03","duns":"118989042","numberOfEmployees":{"@type":"QuantitativeValue","minValue":"11","maxValue":"50"},"publishingPrinciples":"https:\/\/talkpal.ai\/publishing-principles\/","actionableFeedbackPolicy":"https:\/\/talkpal.ai\/actionable-feedback-policy\/","correctionsPolicy":"https:\/\/talkpal.ai\/corrections-policy\/","ethicsPolicy":"https:\/\/talkpal.ai\/ethics-policy\/","diversityPolicy":"https:\/\/talkpal.ai\/diversity-policy\/","diversityStaffingReport":"https:\/\/talkpal.ai\/diversity-policy\/"}]}},"_links":{"self":[{"href":"https:\/\/talkpal.ai\/lv\/wp-json\/wp\/v2\/pages\/129429","targetHints":{"allow":["GET"]}}],"collection":[{"href":"https:\/\/talkpal.ai\/lv\/wp-json\/wp\/v2\/pages"}],"about":[{"href":"https:\/\/talkpal.ai\/lv\/wp-json\/wp\/v2\/types\/page"}],"author":[{"embeddable":true,"href":"https:\/\/talkpal.ai\/lv\/wp-json\/wp\/v2\/users\/1"}],"replies":[{"embeddable":true,"href":"https:\/\/talkpal.ai\/lv\/wp-json\/wp\/v2\/comments?post=129429"}],"version-history":[{"count":0,"href":"https:\/\/talkpal.ai\/lv\/wp-json\/wp\/v2\/pages\/129429\/revisions"}],"wp:featuredmedia":[{"embeddable":true,"href":"https:\/\/talkpal.ai\/lv\/wp-json\/wp\/v2\/media\/188217"}],"wp:attachment":[{"href":"https:\/\/talkpal.ai\/lv\/wp-json\/wp\/v2\/media?parent=129429"}],"curies":[{"name":"wp","href":"https:\/\/api.w.org\/{rel}","templated":true}]}}