{"id":129096,"date":"2023-05-14T13:50:21","date_gmt":"2023-05-14T13:50:21","guid":{"rendered":"http:\/\/talkpal.ai\/somu-valodas-gramatika\/"},"modified":"2025-12-11T17:06:55","modified_gmt":"2025-12-11T17:06:55","slug":"somu-valodas-gramatika","status":"publish","type":"page","link":"https:\/\/talkpal.ai\/lv\/somu-valodas-gramatika\/","title":{"rendered":"Somu valodas gramatika"},"content":{"rendered":"\r\n\r\n\r\n<section class=\"languageChallengeSection\">\r\n    <div class=\"languageInfoWrapper\">\r\n        \r\n        <h1>Somu valodas gramatika<\/h1>\r\n        <p>Vai esat gatavs atkl\u0101t <a href=\"https:\/\/talkpal.ai\/learn-finnish\/\">somu<\/a> <a href=\"https:\/\/talkpal.ai\/what-language-is-spoken-on-the-international-space-station\/\">valodas<\/a> nosl\u0113pumus? Iepaz\u012bstieties ar <a href=\"https:\/\/talkpal.ai\/learn-finnish\/\">somu<\/a> valodas gramatiku, kas ir slavena ar savu lo\u0123isko strukt\u016bru, patska\u0146u harmoniju un iespaid\u012bgu gad\u012bjumu kl\u0101stu. S\u0101ciet m\u0101c\u012bties jau \u0161odien &#8211; somu valodas gramatikas apguve dos jums p\u0101rliec\u012bbu run\u0101t un sazin\u0101ties, vienlaikus paverot durvis uz Somijas bag\u0101to kult\u016bru un trad\u012bcij\u0101m!<\/p>\r\n\r\n                            <a class=\"getStartedHidden\" href=\"https:\/\/app.talkpal.ai\/lv\/signup?lng=\">S\u0101c<\/a>\r\n        \r\n    <\/div>\r\n\r\n    <figure>\r\n    <img decoding=\"async\" width=\"768\" height=\"768\" src=\"https:\/\/talkpal.ai\/wp-content\/uploads\/2023\/06\/Finnish-768x768.png\" class=\"languageImage no-lazy\" alt=\"Develop your language aptitude learning\" fetchpriority=\"high\" sizes=\"(max-width: 768px) 150px, 768px\" srcset=\"https:\/\/talkpal.ai\/wp-content\/uploads\/2023\/06\/Finnish-768x768.png 768w, https:\/\/talkpal.ai\/wp-content\/uploads\/2023\/06\/Finnish-300x300.png 300w\" \/>\r\n    \r\n\r\n    <\/figure>\r\n\r\n            <a class=\"getStartedVisible\" href=\"https:\/\/app.talkpal.ai\/lv\/signup?lng=\">S\u0101c<\/a>\r\n    \r\n<\/section>\r\n<section class=\"promotionalBanner\">\r\n    <p class=\"promotionalText\">Visefekt\u012bv\u0101kais <a href=\"https:\/\/talkpal.ai\/best-way-to-learn\/\">veids<\/a>, k\u0101 apg\u016bt valodu<\/p>\r\n    <a class=\"promotionalLink\" href=\"https:\/\/app.talkpal.ai\/lv\/signup?lng=\">Izm\u0113\u0123iniet Talkpal bez maksas<\/a>\r\n<\/section>\n<div class=\"wp-block-group pageContainerStyle\"><div class=\"wp-block-group__inner-container is-layout-constrained wp-block-group-is-layout-constrained\">\n<h2 class=\"wp-block-heading\" id=\"h-finnish-grammar-a-guide-to-mastering-the-complexities-of-the-finnish-language\">Somu valodas gramatika: ce\u013cvedis somu valodas sare\u017e\u0123\u012bt\u012bbas apguv\u0113<\/h2>\n\n\n\n<p>Somu valoda, unik\u0101la un aizraujo\u0161a valoda, kur\u0101 run\u0101 aptuveni 5 miljoni cilv\u0113ku, ir paz\u012bstama ar savu sare\u017e\u0123\u012bt\u012bbu un at\u0161\u0137ir\u012bgo gramatikas sist\u0113mu. No pirm\u0101 acu uzmetiena somu gramatikas noteikumi un strukt\u016bras var \u0161\u0137ist bied\u0113jo\u0161as, bet nebaidieties! Ar paciet\u012bbu, praksi un nor\u0101d\u012bjumiem j\u016bs varat atkl\u0101t somu valodas gramatikas nosl\u0113pumus un uzlabot savas valodas prasmes. \u0160aj\u0101 rakst\u0101 m\u0113s sniegsim p\u0101rskatu par somu valodas gramatiku un dal\u012bsimies ar da\u017eiem padomiem, lai padar\u012btu j\u016bsu m\u0101c\u012bbu ce\u013cojumu rait\u0101ku.<\/p>\n\n\n\n<h3 class=\"wp-block-heading\" id=\"h-the-basics-of-finnish-grammar\">Somu valodas gramatikas pamati:<\/h3>\n\n\n\n<p>Somu gramatiku, kas diezgan at\u0161\u0137iras no <a href=\"https:\/\/talkpal.ai\/learn-english-with-ai\/\">ang\u013cu<\/a> valodas gramatikas, raksturo bag\u0101t\u012bgs gad\u012bjumu lietojums, gramatisk\u0101s dzimtes tr\u016bkums un unik\u0101la darb\u012bbas v\u0101rdu konjug\u0101cijas sist\u0113ma. \u0160eit ir da\u017ei b\u016btiski somu valodas gramatikas aspekti, kas jums j\u0101zina:<\/p>\n\n\n\n<p><strong>1. Lietv\u0101rdu gad\u012bjumi:<\/strong> somu valod\u0101 ir 15 lietv\u0101rdu gad\u012bjumi, kas apz\u012bm\u0113 attiec\u012bbas starp lietv\u0101rdu un citiem teikuma komponentiem. Katram lietv\u0101rda gad\u012bjumam ir \u012bpa\u0161a galotne, kas piestiprin\u0101ta pie lietv\u0101rda k\u0101ta. Da\u017ei lietv\u0101rdu gad\u012bjumu piem\u0113ri ir nominat\u012bvs, \u0123enit\u012bvs, akuzat\u012bvs un l\u012bdzdal\u012bgs.<\/p>\n\n\n\n<p><strong>2. Nav gramatisk\u0101s dzimtes:<\/strong> At\u0161\u0137ir\u012bb\u0101 no daudz\u0101m valod\u0101m somu valoda lietv\u0101rdiem nepie\u0161\u0137ir dzimumu. T\u0101 viet\u0101 valod\u0101 tiek lietots viens v\u0101rds &#8211; h\u00e4n -, kas apz\u012bm\u0113 gan &#8220;vi\u0146\u0161&#8221;, gan &#8220;vi\u0146a&#8221;. \u0160\u012b \u012bpa\u0161\u012bba atvieglo somu valodas apguvi un nov\u0113r\u0161 nepiecie\u0161am\u012bbu iegaum\u0113t dzimtes locek\u013cus vai vietniekv\u0101rdu formas.<\/p>\n\n\n\n<p><strong>3. Darb\u012bbas v\u0101rdu konjug\u0101cija:<\/strong> somu darb\u012bbas v\u0101rdi tiek konjug\u0113ti, pamatojoties uz sasprindzin\u0101jumu, noska\u0146ojumu un balsi. Somu valod\u0101 ir \u010detri darb\u012bbas v\u0101rdi: tagadne, pag\u0101tne, perfekts un pluperfekts. Turkl\u0101t somu valodas darb\u012bbas v\u0101rdiem ir piecas noska\u0146as: indikat\u012bva, nosac\u012bta, potenci\u0101la, imperat\u012bva un notikumiem bag\u0101ta.<\/p>\n\n\n\n<p><strong>4. Patska\u0146u harmonija<\/strong> : somu valod\u0101 patska\u0146us iedala tr\u012bs grup\u0101s: priek\u0161\u0101 (\u00e4, \u00f6, y), aizmugur\u0113 (a, o, u) un neitr\u0101l\u0101 (i, e). Patska\u0146u harmonijas d\u0113\u013c priek\u0161\u0113jie un aizmugur\u0113jie patska\u0146i parasti nevar par\u0101d\u012bties vien\u0101 v\u0101rd\u0101, iz\u0146emot saliktus v\u0101rdus un da\u017eus aizguvumus.<\/p>\n\n\n\n<h3 class=\"wp-block-heading\" id=\"h-strategies-for-learning-finnish-grammar\">Somu valodas gramatikas apguves strat\u0113\u0123ijas:<\/h3>\n\n\n\n<p>Somu valodas gramatikas izpratne var \u0161\u0137ist nep\u0101rvarama, ta\u010du ar pareizo dom\u0101\u0161anas veidu un m\u0101c\u012bbu strat\u0113\u0123ij\u0101m j\u016bs to apg\u016bsiet. \u0160eit ir da\u017ei noder\u012bgi padomi, k\u0101 vad\u012bt savu p\u0113t\u012bjumu:<\/p>\n\n\n\n<p><strong>1. Veiciet mazu\u013ca so\u013cus:<\/strong> S\u0101ciet ar somu gramatikas pamatiem, piem\u0113ram, lietv\u0101rdu gad\u012bjumiem un darb\u012bbas v\u0101rdu konjug\u0101ciju. Sare\u017e\u0123\u012btus noteikumus sadalot maz\u0101kos, viegl\u0101k uztveramos gabali\u0146os, j\u016bs var\u0113siet pak\u0101peniski progres\u0113t un veidot stabilu pamatu.<\/p>\n\n\n\n<p><strong>2. Praktiz\u0113jiet regul\u0101ri:<\/strong> Konsekvence ir b\u016btiska, m\u0101coties valodu. Katru dienu vai ned\u0113\u013cu atv\u0113liet laiku, lai praktiz\u0113tu gramatiku, izmantojot vingrin\u0101jumus, las\u012b\u0161anu un rakst\u012b\u0161anu somu valod\u0101.<\/p>\n\n\n\n<p><strong>3. Izmantojiet viet\u0113jos resursus:<\/strong> Lai lab\u0101k izprastu somu valodas gramatiku kontekst\u0101, iegremd\u0113jieties viet\u0113jos materi\u0101los, piem\u0113ram, literat\u016br\u0101, zi\u0146u rakstos un podk\u0101stos. Tas pal\u012bdz\u0113s jums internaliz\u0113t noteikumus un uzlabot klaus\u012b\u0161an\u0101s un las\u012b\u0161anas prasmes.<\/p>\n\n\n\n<p>4. Sazinieties ar dzimt\u0101 valoda: Iesaist\u012b\u0161an\u0101s sarun\u0101 ar somu valod\u0101 run\u0101jo\u0161ajiem, kuriem t\u0101 ir <strong>dzimt\u0101 valoda<\/strong>, ir lielisks veids, k\u0101 <a href=\"https:\/\/talkpal.ai\/grammar\/\">praktiz\u0113t gramatiku<\/a> un sa\u0146emt v\u0113rt\u012bgas <a href=\"https:\/\/talkpal.ai\/contact\/\">atsauksmes<\/a>. Apsveriet iesp\u0113ju pievienoties valodu apmai\u0146as grup\u0101m vai tie\u0161saistes forumiem, kur varat sazin\u0101ties ar cilv\u0113kiem, kuri run\u0101 somu valod\u0101.<\/p>\n\n\n\n<p><strong>5. Esiet paciet\u012bgi un neatlaid\u012bgi:<\/strong> Ar paciet\u012bbu un ap\u0146\u0113m\u012bbu j\u016bs atkl\u0101siet somu valodas gramatikas nianses un k\u013c\u016bsiet prasm\u012bgs valodas lietot\u0101js.<\/p>\n\n\n\n<h3 class=\"wp-block-heading\" id=\"h-conclusion\">Secin\u0101jums:<\/h3>\n\n\n\n<p>Somu gramatikas pasaule, lai ar\u012b sare\u017e\u0123\u012bta, ir intri\u0123\u0113jo\u0161a, to var at\u0161\u0137etin\u0101t ar ap\u0146\u0113m\u012bbu un praksi. Iepaz\u012bstoties ar somu valodas gramatikas pamatelementiem un sekojot m\u016bsu m\u0101c\u012bbu strat\u0113\u0123ij\u0101m, j\u016bs var\u0113siet bru\u0123\u0113t sev ce\u013cu uz \u0161\u012bs aizraujo\u0161\u0101s valodas prasmju apguvi un dzi\u013c\u0101ku izpratni. T\u0101p\u0113c ar pozit\u012bvu noska\u0146ojumu iedzi\u013cinieties somu valodas gramatikas nians\u0113s, un, pirms j\u016bs to paman\u012bsiet, var\u0113siet p\u0101rliecino\u0161i p\u0101rvar\u0113t suomie\u0161u valodas ainavu!<\/p>\n<\/div><\/div>\n\r\n<section class=\"learnNavigationSection\">\r\n            \r\n        <a href=\"https:\/\/talkpal.ai\/lv\/uzziniet-somu-valodu\/\">\r\n            <div class=\"learnNavigationWrapper\">\r\n                <div class=\"learnNavigationContent\">\r\n                    <img decoding=\"async\" src=\"https:\/\/talkpal.ai\/wp-content\/uploads\/2024\/08\/Finnish.jpg\" alt=\"Finnish Flag\">\r\n                    <div>\r\n                        <h4>Par somu valodas apguvi<\/h4>\r\n                        <p>Uzziniet visu par somu valodas gramatiku.<\/p>\r\n                    <\/div>\r\n                <\/div>\r\n            <\/div>\r\n        <\/a>\r\n\r\n        \r\n        <a href=\"https:\/\/talkpal.ai\/lv\/somu-valodas-gramatikas-vingrinajumi\/\">\r\n            <div class=\"learnNavigationWrapper\">\r\n                <div class=\"learnNavigationContent\">\r\n                    <img decoding=\"async\" src=\"https:\/\/talkpal.ai\/wp-content\/uploads\/2024\/08\/Finnish.jpg\" alt=\"Finnish Flag\">\r\n                    <div>\r\n                        <h4>Somu valodas gramatikas vingrin\u0101jums<\/h4>\r\n                        <p>Praktiz\u0113jiet somu gramatiku.<\/p>\r\n                    <\/div>\r\n                <\/div>\r\n            <\/div>\r\n        <\/a>\r\n\r\n        \r\n        <a href=\"https:\/\/talkpal.ai\/vocabulary_language\/finnish\/\">\r\n            <div class=\"learnNavigationWrapper\">\r\n                <div class=\"learnNavigationContent\">\r\n                    <img decoding=\"async\" src=\"https:\/\/talkpal.ai\/wp-content\/uploads\/2024\/08\/Finnish.jpg\" alt=\"Finnish Flag\">\r\n                    <div>\r\n                        <h4>Somu valodas v\u0101rdn\u012bca<\/h4>\r\n                        <p>Papla\u0161iniet savu somu valodas v\u0101rdu kr\u0101jumu.<\/p>\r\n                    <\/div>\r\n                <\/div>\r\n            <\/div>\r\n        <\/a>\r\n\r\n            <\/section>","protected":false},"excerpt":{"rendered":"<p>Somu valodas gramatika: ce\u013cvedis somu valodas sare\u017e\u0123\u012bt\u012bbas apguv\u0113 Somu valoda, unik\u0101la un aizraujo\u0161a valoda, kur\u0101 run\u0101 aptuveni 5 miljoni cilv\u0113ku, ir paz\u012bstama ar savu sare\u017e\u0123\u012bt\u012bbu un at\u0161\u0137ir\u012bgo gramatikas sist\u0113mu. No pirm\u0101 acu uzmetiena somu gramatikas noteikumi un strukt\u016bras var \u0161\u0137ist bied\u0113jo\u0161as, bet nebaidieties! Ar paciet\u012bbu, praksi un nor\u0101d\u012bjumiem j\u016bs varat atkl\u0101t somu valodas gramatikas nosl\u0113pumus [&hellip;]<\/p>\n","protected":false},"author":1,"featured_media":106596,"parent":0,"menu_order":0,"comment_status":"closed","ping_status":"closed","template":"LearningContentPage.php","meta":{"_acf_changed":false,"footnotes":""},"class_list":["post-129096","page","type-page","status-publish","has-post-thumbnail","hentry"],"acf":[],"yoast_head":"<!-- This site is optimized with the Yoast SEO Premium plugin v27.2 (Yoast SEO v27.2) - https:\/\/yoast.com\/product\/yoast-seo-premium-wordpress\/ -->\n<title>Somu valodas gramatika - Talkpal<\/title>\n<meta name=\"description\" content=\"Uzziniet svar\u012bg\u0101kos somu valodas gramatikas aspektus, tostarp par lietv\u0101rdiem, darb\u012bbas v\u0101rdiem, teikuma uzb\u016bvi un izrunas padomus, lai apg\u016btu somu valodu.\" \/>\n<meta name=\"robots\" content=\"index, follow, max-snippet:-1, max-image-preview:large, max-video-preview:-1\" \/>\n<link rel=\"canonical\" href=\"https:\/\/talkpal.ai\/lv\/somu-valodas-gramatika\/\" \/>\n<meta property=\"og:locale\" content=\"lv_LV\" \/>\n<meta property=\"og:type\" content=\"article\" \/>\n<meta property=\"og:title\" content=\"Somu valodas gramatika\" \/>\n<meta property=\"og:description\" content=\"Somu valodas gramatika: ce\u013cvedis somu valodas sare\u017e\u0123\u012bt\u012bbas apguv\u0113 Somu valoda, unik\u0101la un aizraujo\u0161a valoda, kur\u0101 run\u0101 aptuveni 5 miljoni cilv\u0113ku, ir\" \/>\n<meta property=\"og:url\" content=\"https:\/\/talkpal.ai\/lv\/somu-valodas-gramatika\/\" \/>\n<meta property=\"og:site_name\" content=\"Talkpal\" \/>\n<meta property=\"article:publisher\" content=\"https:\/\/www.facebook.com\/profile.php?id=100090733639311\" \/>\n<meta property=\"article:modified_time\" content=\"2025-12-11T17:06:55+00:00\" \/>\n<meta property=\"og:image\" content=\"https:\/\/talkpal.ai\/wp-content\/uploads\/2023\/04\/finland.png\" \/>\n\t<meta property=\"og:image:width\" content=\"512\" \/>\n\t<meta property=\"og:image:height\" content=\"512\" \/>\n\t<meta property=\"og:image:type\" content=\"image\/png\" \/>\n<meta name=\"twitter:card\" content=\"summary_large_image\" \/>\n<meta name=\"twitter:site\" content=\"@talkpalai\" \/>\n<meta name=\"twitter:label1\" content=\"Est. reading time\" \/>\n\t<meta name=\"twitter:data1\" content=\"4 minutes\" \/>\n<script type=\"application\/ld+json\" class=\"yoast-schema-graph\">{\"@context\":\"https:\/\/schema.org\",\"@graph\":[{\"@type\":\"WebPage\",\"@id\":\"https:\/\/talkpal.ai\/lv\/somu-valodas-gramatika\/\",\"url\":\"https:\/\/talkpal.ai\/lv\/somu-valodas-gramatika\/\",\"name\":\"Somu valodas gramatika - Talkpal\",\"isPartOf\":{\"@id\":\"https:\/\/talkpal.ai\/lv\/#website\"},\"primaryImageOfPage\":{\"@id\":\"https:\/\/talkpal.ai\/lv\/somu-valodas-gramatika\/#primaryimage\"},\"image\":{\"@id\":\"https:\/\/talkpal.ai\/lv\/somu-valodas-gramatika\/#primaryimage\"},\"thumbnailUrl\":\"https:\/\/talkpal.ai\/wp-content\/uploads\/2023\/04\/finland.png\",\"datePublished\":\"2023-05-14T13:50:21+00:00\",\"dateModified\":\"2025-12-11T17:06:55+00:00\",\"description\":\"Uzziniet svar\u012bg\u0101kos somu valodas gramatikas aspektus, tostarp par lietv\u0101rdiem, darb\u012bbas v\u0101rdiem, teikuma uzb\u016bvi un izrunas padomus, lai apg\u016btu somu valodu.\",\"breadcrumb\":{\"@id\":\"https:\/\/talkpal.ai\/lv\/somu-valodas-gramatika\/#breadcrumb\"},\"inLanguage\":\"lv-LV\",\"potentialAction\":[{\"@type\":\"ReadAction\",\"target\":[\"https:\/\/talkpal.ai\/lv\/somu-valodas-gramatika\/\"]}]},{\"@type\":\"ImageObject\",\"inLanguage\":\"lv-LV\",\"@id\":\"https:\/\/talkpal.ai\/lv\/somu-valodas-gramatika\/#primaryimage\",\"url\":\"https:\/\/talkpal.ai\/wp-content\/uploads\/2023\/04\/finland.png\",\"contentUrl\":\"https:\/\/talkpal.ai\/wp-content\/uploads\/2023\/04\/finland.png\",\"width\":512,\"height\":512,\"caption\":\"TalkPal finland Flag\"},{\"@type\":\"BreadcrumbList\",\"@id\":\"https:\/\/talkpal.ai\/lv\/somu-valodas-gramatika\/#breadcrumb\",\"itemListElement\":[{\"@type\":\"ListItem\",\"position\":1,\"name\":\"Homepage\",\"item\":\"https:\/\/talkpal.ai\/lv\/\"},{\"@type\":\"ListItem\",\"position\":2,\"name\":\"Somu valodas gramatika\"}]},{\"@type\":\"WebSite\",\"@id\":\"https:\/\/talkpal.ai\/lv\/#website\",\"url\":\"https:\/\/talkpal.ai\/lv\/\",\"name\":\"Talkpal\",\"description\":\"AI Language Learning\",\"publisher\":{\"@id\":\"https:\/\/talkpal.ai\/lv\/#organization\"},\"alternateName\":\"Talkpal AI\",\"potentialAction\":[{\"@type\":\"SearchAction\",\"target\":{\"@type\":\"EntryPoint\",\"urlTemplate\":\"https:\/\/talkpal.ai\/lv\/?s={search_term_string}\"},\"query-input\":{\"@type\":\"PropertyValueSpecification\",\"valueRequired\":true,\"valueName\":\"search_term_string\"}}],\"inLanguage\":\"lv-LV\"},{\"@type\":\"Organization\",\"@id\":\"https:\/\/talkpal.ai\/lv\/#organization\",\"name\":\"Talkpal, Inc.\",\"alternateName\":\"Talkpal AI\",\"url\":\"https:\/\/talkpal.ai\/lv\/\",\"logo\":{\"@type\":\"ImageObject\",\"inLanguage\":\"lv-LV\",\"@id\":\"https:\/\/talkpal.ai\/lv\/#\/schema\/logo\/image\/\",\"url\":\"https:\/\/talkpal.ai\/wp-content\/uploads\/2024\/03\/Talkpal-Logo-Icon.png\",\"contentUrl\":\"https:\/\/talkpal.ai\/wp-content\/uploads\/2024\/03\/Talkpal-Logo-Icon.png\",\"width\":2880,\"height\":2880,\"caption\":\"Talkpal, Inc.\"},\"image\":{\"@id\":\"https:\/\/talkpal.ai\/lv\/#\/schema\/logo\/image\/\"},\"sameAs\":[\"https:\/\/www.facebook.com\/profile.php?id=100090733639311\",\"https:\/\/x.com\/talkpalai\",\"https:\/\/www.linkedin.com\/company\/talkpal\/\",\"https:\/\/www.youtube.com\/@TalkPal\/\",\"https:\/\/www.tiktok.com\/@talkpal\",\"https:\/\/www.instagram.com\/talkpal_ai\/\",\"https:\/\/www.crunchbase.com\/organization\/talkpal-9cde\",\"https:\/\/www.g2.com\/products\/talkpal-for-business\/\",\"https:\/\/www.trustpilot.com\/review\/talkpal.ai\",\"https:\/\/www.capterra.com\/p\/10006800\/TalkPal\/\"],\"description\":\"Talkpal is a language learning web and mobile education app, powered by the latest AI technologies, that provides engaging experiences to its customers in many different languages to help them improve their language skills. Users can chat about unlimited amount of topics with the app and use other modes to practice their language learning.\",\"email\":\"support@talkpal.ai\",\"legalName\":\"Talkpal, Inc.\",\"foundingDate\":\"2023-04-03\",\"duns\":\"118989042\",\"numberOfEmployees\":{\"@type\":\"QuantitativeValue\",\"minValue\":\"11\",\"maxValue\":\"50\"},\"publishingPrinciples\":\"https:\/\/talkpal.ai\/publishing-principles\/\",\"actionableFeedbackPolicy\":\"https:\/\/talkpal.ai\/actionable-feedback-policy\/\",\"correctionsPolicy\":\"https:\/\/talkpal.ai\/corrections-policy\/\",\"ethicsPolicy\":\"https:\/\/talkpal.ai\/ethics-policy\/\",\"diversityPolicy\":\"https:\/\/talkpal.ai\/diversity-policy\/\",\"diversityStaffingReport\":\"https:\/\/talkpal.ai\/diversity-policy\/\"}]}<\/script>\n<!-- \/ Yoast SEO Premium plugin. -->","yoast_head_json":{"title":"Somu valodas gramatika - Talkpal","description":"Uzziniet svar\u012bg\u0101kos somu valodas gramatikas aspektus, tostarp par lietv\u0101rdiem, darb\u012bbas v\u0101rdiem, teikuma uzb\u016bvi un izrunas padomus, lai apg\u016btu somu valodu.","robots":{"index":"index","follow":"follow","max-snippet":"max-snippet:-1","max-image-preview":"max-image-preview:large","max-video-preview":"max-video-preview:-1"},"canonical":"https:\/\/talkpal.ai\/lv\/somu-valodas-gramatika\/","og_locale":"lv_LV","og_type":"article","og_title":"Somu valodas gramatika","og_description":"Somu valodas gramatika: ce\u013cvedis somu valodas sare\u017e\u0123\u012bt\u012bbas apguv\u0113 Somu valoda, unik\u0101la un aizraujo\u0161a valoda, kur\u0101 run\u0101 aptuveni 5 miljoni cilv\u0113ku, ir","og_url":"https:\/\/talkpal.ai\/lv\/somu-valodas-gramatika\/","og_site_name":"Talkpal","article_publisher":"https:\/\/www.facebook.com\/profile.php?id=100090733639311","article_modified_time":"2025-12-11T17:06:55+00:00","og_image":[{"width":512,"height":512,"url":"https:\/\/talkpal.ai\/wp-content\/uploads\/2023\/04\/finland.png","type":"image\/png"}],"twitter_card":"summary_large_image","twitter_site":"@talkpalai","twitter_misc":{"Est. reading time":"4 minutes"},"schema":{"@context":"https:\/\/schema.org","@graph":[{"@type":"WebPage","@id":"https:\/\/talkpal.ai\/lv\/somu-valodas-gramatika\/","url":"https:\/\/talkpal.ai\/lv\/somu-valodas-gramatika\/","name":"Somu valodas gramatika - Talkpal","isPartOf":{"@id":"https:\/\/talkpal.ai\/lv\/#website"},"primaryImageOfPage":{"@id":"https:\/\/talkpal.ai\/lv\/somu-valodas-gramatika\/#primaryimage"},"image":{"@id":"https:\/\/talkpal.ai\/lv\/somu-valodas-gramatika\/#primaryimage"},"thumbnailUrl":"https:\/\/talkpal.ai\/wp-content\/uploads\/2023\/04\/finland.png","datePublished":"2023-05-14T13:50:21+00:00","dateModified":"2025-12-11T17:06:55+00:00","description":"Uzziniet svar\u012bg\u0101kos somu valodas gramatikas aspektus, tostarp par lietv\u0101rdiem, darb\u012bbas v\u0101rdiem, teikuma uzb\u016bvi un izrunas padomus, lai apg\u016btu somu valodu.","breadcrumb":{"@id":"https:\/\/talkpal.ai\/lv\/somu-valodas-gramatika\/#breadcrumb"},"inLanguage":"lv-LV","potentialAction":[{"@type":"ReadAction","target":["https:\/\/talkpal.ai\/lv\/somu-valodas-gramatika\/"]}]},{"@type":"ImageObject","inLanguage":"lv-LV","@id":"https:\/\/talkpal.ai\/lv\/somu-valodas-gramatika\/#primaryimage","url":"https:\/\/talkpal.ai\/wp-content\/uploads\/2023\/04\/finland.png","contentUrl":"https:\/\/talkpal.ai\/wp-content\/uploads\/2023\/04\/finland.png","width":512,"height":512,"caption":"TalkPal finland Flag"},{"@type":"BreadcrumbList","@id":"https:\/\/talkpal.ai\/lv\/somu-valodas-gramatika\/#breadcrumb","itemListElement":[{"@type":"ListItem","position":1,"name":"Homepage","item":"https:\/\/talkpal.ai\/lv\/"},{"@type":"ListItem","position":2,"name":"Somu valodas gramatika"}]},{"@type":"WebSite","@id":"https:\/\/talkpal.ai\/lv\/#website","url":"https:\/\/talkpal.ai\/lv\/","name":"Talkpal","description":"AI Language Learning","publisher":{"@id":"https:\/\/talkpal.ai\/lv\/#organization"},"alternateName":"Talkpal AI","potentialAction":[{"@type":"SearchAction","target":{"@type":"EntryPoint","urlTemplate":"https:\/\/talkpal.ai\/lv\/?s={search_term_string}"},"query-input":{"@type":"PropertyValueSpecification","valueRequired":true,"valueName":"search_term_string"}}],"inLanguage":"lv-LV"},{"@type":"Organization","@id":"https:\/\/talkpal.ai\/lv\/#organization","name":"Talkpal, Inc.","alternateName":"Talkpal AI","url":"https:\/\/talkpal.ai\/lv\/","logo":{"@type":"ImageObject","inLanguage":"lv-LV","@id":"https:\/\/talkpal.ai\/lv\/#\/schema\/logo\/image\/","url":"https:\/\/talkpal.ai\/wp-content\/uploads\/2024\/03\/Talkpal-Logo-Icon.png","contentUrl":"https:\/\/talkpal.ai\/wp-content\/uploads\/2024\/03\/Talkpal-Logo-Icon.png","width":2880,"height":2880,"caption":"Talkpal, Inc."},"image":{"@id":"https:\/\/talkpal.ai\/lv\/#\/schema\/logo\/image\/"},"sameAs":["https:\/\/www.facebook.com\/profile.php?id=100090733639311","https:\/\/x.com\/talkpalai","https:\/\/www.linkedin.com\/company\/talkpal\/","https:\/\/www.youtube.com\/@TalkPal\/","https:\/\/www.tiktok.com\/@talkpal","https:\/\/www.instagram.com\/talkpal_ai\/","https:\/\/www.crunchbase.com\/organization\/talkpal-9cde","https:\/\/www.g2.com\/products\/talkpal-for-business\/","https:\/\/www.trustpilot.com\/review\/talkpal.ai","https:\/\/www.capterra.com\/p\/10006800\/TalkPal\/"],"description":"Talkpal is a language learning web and mobile education app, powered by the latest AI technologies, that provides engaging experiences to its customers in many different languages to help them improve their language skills. Users can chat about unlimited amount of topics with the app and use other modes to practice their language learning.","email":"support@talkpal.ai","legalName":"Talkpal, Inc.","foundingDate":"2023-04-03","duns":"118989042","numberOfEmployees":{"@type":"QuantitativeValue","minValue":"11","maxValue":"50"},"publishingPrinciples":"https:\/\/talkpal.ai\/publishing-principles\/","actionableFeedbackPolicy":"https:\/\/talkpal.ai\/actionable-feedback-policy\/","correctionsPolicy":"https:\/\/talkpal.ai\/corrections-policy\/","ethicsPolicy":"https:\/\/talkpal.ai\/ethics-policy\/","diversityPolicy":"https:\/\/talkpal.ai\/diversity-policy\/","diversityStaffingReport":"https:\/\/talkpal.ai\/diversity-policy\/"}]}},"_links":{"self":[{"href":"https:\/\/talkpal.ai\/lv\/wp-json\/wp\/v2\/pages\/129096","targetHints":{"allow":["GET"]}}],"collection":[{"href":"https:\/\/talkpal.ai\/lv\/wp-json\/wp\/v2\/pages"}],"about":[{"href":"https:\/\/talkpal.ai\/lv\/wp-json\/wp\/v2\/types\/page"}],"author":[{"embeddable":true,"href":"https:\/\/talkpal.ai\/lv\/wp-json\/wp\/v2\/users\/1"}],"replies":[{"embeddable":true,"href":"https:\/\/talkpal.ai\/lv\/wp-json\/wp\/v2\/comments?post=129096"}],"version-history":[{"count":0,"href":"https:\/\/talkpal.ai\/lv\/wp-json\/wp\/v2\/pages\/129096\/revisions"}],"wp:featuredmedia":[{"embeddable":true,"href":"https:\/\/talkpal.ai\/lv\/wp-json\/wp\/v2\/media\/106596"}],"wp:attachment":[{"href":"https:\/\/talkpal.ai\/lv\/wp-json\/wp\/v2\/media?parent=129096"}],"curies":[{"name":"wp","href":"https:\/\/api.w.org\/{rel}","templated":true}]}}