{"id":128764,"date":"2023-05-14T13:49:38","date_gmt":"2023-05-14T13:49:38","guid":{"rendered":"http:\/\/talkpal.ai\/holandiesu-valodas-gramatika\/"},"modified":"2025-12-11T17:03:37","modified_gmt":"2025-12-11T17:03:37","slug":"holandiesu-valodas-gramatika","status":"publish","type":"page","link":"https:\/\/talkpal.ai\/lv\/holandiesu-valodas-gramatika\/","title":{"rendered":"Holandie\u0161u valodas gramatika"},"content":{"rendered":"\r\n\r\n\r\n<section class=\"languageChallengeSection\">\r\n    <div class=\"languageInfoWrapper\">\r\n        \r\n        <h1>Holandie\u0161u valodas gramatika<\/h1>\r\n        <p>Izp\u0113tiet <a href=\"https:\/\/talkpal.ai\/learn-dutch\/\">holandie\u0161u<\/a> <a href=\"https:\/\/talkpal.ai\/what-language-is-spoken-on-the-international-space-station\/\">valodas<\/a> pamatus, apg\u016bstot t\u0101s gramatikas pamatnoteikumus. Holandie\u0161u valodas gramatikas apguve pal\u012bdz\u0113s jums efekt\u012bvi sazin\u0101ties un padzi\u013cin\u0101ti iepaz\u012bt holandie\u0161u kult\u016bru. S\u0101ciet apg\u016bt holandie\u0161u valodas gramatiku jau \u0161odien un speriet pirmo soli ce\u013c\u0101 uz valodas zin\u0101\u0161anu apguvi!\n<\/p>\r\n\r\n                            <a class=\"getStartedHidden\" href=\"https:\/\/app.talkpal.ai\/lv\/signup?lng=\">S\u0101c<\/a>\r\n        \r\n    <\/div>\r\n\r\n    <figure>\r\n    <img decoding=\"async\" width=\"768\" height=\"768\" src=\"https:\/\/talkpal.ai\/wp-content\/uploads\/2023\/06\/Dutch-768x768.png\" class=\"languageImage no-lazy\" alt=\"Developing skills through language learning\" fetchpriority=\"high\" sizes=\"(max-width: 768px) 150px, 768px\" srcset=\"https:\/\/talkpal.ai\/wp-content\/uploads\/2023\/06\/Dutch-768x768.png 768w, https:\/\/talkpal.ai\/wp-content\/uploads\/2023\/06\/Dutch-300x300.png 300w\" \/>\r\n    \r\n\r\n    <\/figure>\r\n\r\n            <a class=\"getStartedVisible\" href=\"https:\/\/app.talkpal.ai\/lv\/signup?lng=\">S\u0101c<\/a>\r\n    \r\n<\/section>\r\n<section class=\"promotionalBanner\">\r\n    <p class=\"promotionalText\">Visefekt\u012bv\u0101kais veids, k\u0101 apg\u016bt valodu<\/p>\r\n    <a class=\"promotionalLink\" href=\"https:\/\/app.talkpal.ai\/lv\/signup?lng=\">Izm\u0113\u0123iniet Talkpal bez maksas<\/a>\r\n<\/section>\n<div class=\"wp-block-group pageContainerStyle\"><div class=\"wp-block-group__inner-container is-layout-constrained wp-block-group-is-layout-constrained\">\n<h2 class=\"wp-block-heading\" id=\"h-dutch-grammar-master-the-mechanics-of-the-dutch-language\">Holandie\u0161u valodas gramatika: holandie\u0161u valodas meh\u0101nikas apg\u016b\u0161ana<\/h2>\n\n\n\n<p>Ja esat izv\u0113l\u0113jies apg\u016bt <a href=\"https:\/\/talkpal.ai\/lv\/uzziniet-holandiesu-valodu\/\">holandie\u0161u valodu<\/a>, j\u016bs gaida aizraujo\u0161s piedz\u012bvojums! Ar vair\u0101k nek\u0101 23 miljoniem run\u0101t\u0101ju vis\u0101 pasaul\u0113 holandie\u0161u valoda ir fantastiska valoda, lai stiprin\u0101tu j\u016bsu lingvistisko meistar\u012bbu un papla\u0161in\u0101tu redzesloku. Tagad j\u016bs, iesp\u0113jams, esat dzird\u0113ju\u0161i \u010dukstus par holandie\u0161u gramatikas sare\u017e\u0123\u012bt\u012bbu, bet nebaidieties! \u0160is raksts kalpo k\u0101 draudz\u012bgs ce\u013cvedis ies\u0101c\u0113jiem, kas izskaidros holandie\u0161u valodas gramatiku izklaid\u0113jo\u0161\u0101, bet visaptvero\u0161\u0101 veid\u0101.<\/p>\n\n\n\n<h3 class=\"wp-block-heading\" id=\"h-1-the-pillar-of-dutch-grammar-word-order\">1. Holandie\u0161u valodas gramatikas p\u012bl\u0101rs: v\u0101rdu sec\u012bba<\/h3>\n\n\n\n<p><a href=\"https:\/\/talkpal.ai\/dutch-grammar\/\">Holandie\u0161u valodas gramatika<\/a> liel\u0101 m\u0113r\u0101 balst\u0101s uz v\u0101rdu sec\u012bbu. Parasti taj\u0101 tiek izmantota &#8220;subjekts-v\u0101rds-objekts&#8221; strukt\u016bra, kas ir l\u012bdz\u012bga <a href=\"https:\/\/talkpal.ai\/learn-english-with-ai\/\">ang\u013cu<\/a> valodas strukt\u016brai. Tom\u0113r holandie\u0161u valodai ir unik\u0101la iez\u012bme: darb\u012bbas v\u0101rda otr\u0101 (V2) v\u0101rdu sec\u012bba. Teikum\u0101 ar vair\u0101k nek\u0101 vienu darb\u012bbas v\u0101rdu otrais darb\u012bbas v\u0101rds tiek virz\u012bts uz beig\u0101m. Piem\u0113ram:<\/p>\n\n\n\n<p>Latvietis: Man \u0161odien j\u0101str\u0101d\u0101.<\/p>\n\n\n\n<p>Holandie\u0161u: Ik moet vandaag werken. (burtiski: &#8220;Man \u0161odien j\u0101str\u0101d\u0101.&#8221;)<\/p>\n\n\n\n<p>V2 v\u0101rdu sec\u012bbas apg\u016b\u0161ana ir b\u016btiska, m\u0101coties holandie\u0161u valodas gramatiku.<\/p>\n\n\n\n<h3 class=\"wp-block-heading\" id=\"h-2-get-to-know-your-articles\">2. Iepaz\u012bstieties ar saviem rakstiem<\/h3>\n\n\n\n<p>Holandie\u0161u valod\u0101 ir divi noteikti raksti (&#8220;de&#8221; un &#8220;het&#8221;) un nenoteikts raksts (&#8220;een&#8221;). Izv\u0113le starp diviem konkr\u0113tiem rakstiem var b\u016bt sare\u017e\u0123\u012bta, bez noteiktiem noteikumiem, kas j\u0101iev\u0113ro. K\u0101 ies\u0101c\u0113jam <a href=\"https:\/\/talkpal.ai\/best-way-to-learn-2\/\">lab\u0101kais veids<\/a>, k\u0101 tos apg\u016bt, ir prakse un konteksts. Piem\u0113ram:<\/p>\n\n\n\n<p>De man &#8211; V\u012brietis<\/p>\n\n\n\n<p>Het meisje &#8211; Meitene<\/p>\n\n\n\n<p>Een hond &#8211; Suns<\/p>\n\n\n\n<h3 class=\"wp-block-heading\" id=\"h-3-the-dance-of-dutch-conjugations\">3. Holandie\u0161u konjug\u0101ciju deja<\/h3>\n\n\n\n<p>T\u0101pat k\u0101 ang\u013cu valoda, holandie\u0161u darb\u012bbas v\u0101rdi maina formu, lai nodotu sasprindzin\u0101jumu un noska\u0146ojumu. Holandie\u0161u valod\u0101 ir tr\u012bs galven\u0101s darb\u012bbas v\u0101rdu konjug\u0101ciju grupas: v\u0101ji darb\u012bbas v\u0101rdi, sp\u0113c\u012bgi darb\u012bbas v\u0101rdi un neregul\u0101ri darb\u012bbas v\u0101rdi.<\/p>\n\n\n\n<p>V\u0101jin\u0101tie darb\u012bbas v\u0101rdi tiek loc\u012bti p\u0113c noteiktiem loc\u012b\u0161anas noteikumiem, t\u0101p\u0113c tos ir diezgan viegli apg\u016bt.  <\/p>\n\n\n\n<p>Piem\u0113rs (pa\u0161reiz\u0113jais sasprindzin\u0101jums): Ik werk, jij werkt, hij\/zij\/u werkt, wij\/jullie\/zij werken<\/p>\n\n\n\n<p>Sp\u0113c\u012bgi darb\u012bbas v\u0101rdi ietver patska\u0146u izmai\u0146as, bie\u017ei vien liekot izgl\u012btojamajiem tos iegaum\u0113t individu\u0101li.<\/p>\n\n\n\n<p>Piem\u0113rs (pa\u0161reiz\u0113jais sasprindzin\u0101jums): Ik zing, jij zingt, hij\/zij\/u zingt, wij\/jullie\/zij zingen<\/p>\n\n\n\n<p>Neregul\u0101rie darb\u012bbas v\u0101rdi, k\u0101 jau to nosaukums liecina, netiek loc\u012bti p\u0113c noteikta loc\u012b\u0161anas parauga, un tie ir j\u0101apg\u016bst patst\u0101v\u012bgi.<\/p>\n\n\n\n<p>Piem\u0113rs (pa\u0161reiz\u0113jais sasprindzin\u0101jums): Ik ben, jij bent, hij\/zij\/u is, wij\/jullie\/zij zijn<\/p>\n\n\n\n<h3 class=\"wp-block-heading\" id=\"h-4-a-flair-for-pronouns\">4. Nojauta vietniekv\u0101rdiem<\/h3>\n\n\n\n<p>Vietniekv\u0101rdi holandie\u0161u valodas gramatik\u0101 aizst\u0101j lietv\u0101rdus un ir b\u016btiski, lai padar\u012btu j\u016bsu runu dinamisk\u0101ku un pl\u016bsto\u0161\u0101ku. Ir personiskie vietniekv\u0101rdi, pieder\u012bbas vietniekv\u0101rdi, demonstrat\u012bvie vietniekv\u0101rdi un refleks\u012bvie vietniekv\u0101rdi. K\u0101 ies\u0101c\u0113jam ir \u013coti svar\u012bgi izprast personiskos un piedero\u0161os vietniekv\u0101rdus.<\/p>\n\n\n\n<p>Personv\u0101rdi: ik (I), jij\/je (tu), hij\/zij\/ze (vi\u0146\u0161\/vi\u0146a), wij\/we (m\u0113s), jullie (j\u016bs visi), zij\/ze (vi\u0146i)<\/p>\n\n\n\n<p>Pieder\u012bbas vietniekv\u0101rdi: mijn (mans), jouw\/je (j\u016bsu), zijn\/haar (vi\u0146a\/vi\u0146as), ons\/onze (m\u016bsu), jullie (j\u016bsu), hun\/hen (vi\u0146u)<\/p>\n\n\n\n<h3 class=\"wp-block-heading\" id=\"h-5-cases-no-more-mostly\">5. Lietas vairs nav (galvenok\u0101rt)<\/h3>\n\n\n\n<p>At\u0161\u0137ir\u012bb\u0101 no v\u0101cu valodas, holandie\u0161u valoda vairs neizmanto lietu sist\u0113mu ikdienas dz\u012bv\u0113, sniedzot zin\u0101mu atvieglojumu no valodas \u0161\u0137\u0113r\u0161\u013ciem. Vien\u012bgais iz\u0146\u0113mums ir holandie\u0161u valodas v\u0101rda \u201ckur\u0161\u201d un \u201ckur\u0161\u201d varianti (attiec\u012bgi wie un wie), k\u0101 ar\u012b da\u017ei fiks\u0113ti izteicieni (piem\u0113ram, te allen tijde, kas noz\u012bm\u0113 \u201cvisu laiku\u201d).  <\/p>\n\n\n\n<p>Apsveicu! J\u016bs esat sp\u0113ris pirmos so\u013cus, lai apg\u016btu holandie\u0161u valodas gramatiku. Atcerieties, ka galvenais ir prakse, t\u0101p\u0113c nevilcinieties iedzi\u013cin\u0101ties, sazin\u0101ties ar dzimt\u0101s valodas run\u0101t\u0101jiem un veidot stingrus pamatus. Veel succes! (Veiksmi!)<\/p>\n<\/div><\/div>\n\r\n<section class=\"learnNavigationSection\">\r\n            \r\n        <a href=\"https:\/\/talkpal.ai\/lv\/uzziniet-holandiesu-valodu\/\">\r\n            <div class=\"learnNavigationWrapper\">\r\n                <div class=\"learnNavigationContent\">\r\n                    <img decoding=\"async\" src=\"https:\/\/talkpal.ai\/wp-content\/uploads\/2024\/08\/Dutch.jpg\" alt=\"Netherlands Flag\">\r\n                    <div>\r\n                        <h4>Par holandie\u0161u valodas apguvi<\/h4>\r\n                        <p>Uzziniet visu par holandie\u0161u valodas gramatiku.<\/p>\r\n                    <\/div>\r\n                <\/div>\r\n            <\/div>\r\n        <\/a>\r\n\r\n        \r\n        <a href=\"https:\/\/talkpal.ai\/lv\/holandiesu-valodas-gramatikas-vingrinajumi\/\">\r\n            <div class=\"learnNavigationWrapper\">\r\n                <div class=\"learnNavigationContent\">\r\n                    <img decoding=\"async\" src=\"https:\/\/talkpal.ai\/wp-content\/uploads\/2024\/08\/Dutch.jpg\" alt=\"Netherlands Flag\">\r\n                    <div>\r\n                        <h4>Holandie\u0161u valodas gramatikas vingrin\u0101jums<\/h4>\r\n                        <p>Praktiz\u0113jiet holandie\u0161u valodas gramatiku.<\/p>\r\n                    <\/div>\r\n                <\/div>\r\n            <\/div>\r\n        <\/a>\r\n\r\n        \r\n        <a href=\"https:\/\/talkpal.ai\/vocabulary_language\/dutch\/\">\r\n            <div class=\"learnNavigationWrapper\">\r\n                <div class=\"learnNavigationContent\">\r\n                    <img decoding=\"async\" src=\"https:\/\/talkpal.ai\/wp-content\/uploads\/2024\/08\/Dutch.jpg\" alt=\"Netherlands Flag\">\r\n                    <div>\r\n                        <h4>Holandie\u0161u valodas v\u0101rdn\u012bca<\/h4>\r\n                        <p>Papla\u0161iniet savu holandie\u0161u valodas v\u0101rdu kr\u0101jumu.<\/p>\r\n                    <\/div>\r\n                <\/div>\r\n            <\/div>\r\n        <\/a>\r\n\r\n            <\/section>","protected":false},"excerpt":{"rendered":"<p>Holandie\u0161u valodas gramatika: holandie\u0161u valodas meh\u0101nikas apg\u016b\u0161ana Ja esat izv\u0113l\u0113jies apg\u016bt holandie\u0161u valodu, j\u016bs gaida aizraujo\u0161s piedz\u012bvojums! Ar vair\u0101k nek\u0101 23 miljoniem run\u0101t\u0101ju vis\u0101 pasaul\u0113 holandie\u0161u valoda ir fantastiska valoda, lai stiprin\u0101tu j\u016bsu lingvistisko meistar\u012bbu un papla\u0161in\u0101tu redzesloku. Tagad j\u016bs, iesp\u0113jams, esat dzird\u0113ju\u0161i \u010dukstus par holandie\u0161u gramatikas sare\u017e\u0123\u012bt\u012bbu, bet nebaidieties! \u0160is raksts kalpo k\u0101 draudz\u012bgs [&hellip;]<\/p>\n","protected":false},"author":1,"featured_media":106280,"parent":0,"menu_order":0,"comment_status":"closed","ping_status":"closed","template":"LearningContentPage.php","meta":{"_acf_changed":false,"footnotes":""},"class_list":["post-128764","page","type-page","status-publish","has-post-thumbnail","hentry"],"acf":[],"yoast_head":"<!-- This site is optimized with the Yoast SEO Premium plugin v27.2 (Yoast SEO v27.2) - https:\/\/yoast.com\/product\/yoast-seo-premium-wordpress\/ -->\n<title>Holandie\u0161u valodas gramatika - Talkpal<\/title>\n<meta name=\"description\" content=\"Holandie\u0161u valodas gramatikas apguve ar Talkpal, j\u016bsu m\u0101ksl\u012bg\u0101 intelekta darbin\u0101tais valodas skolot\u0101js. Piek\u013c\u016bstiet skaidriem skaidrojumiem, praktiskiem piem\u0113riem un interakt\u012bviem uzdevumiem!\" \/>\n<meta name=\"robots\" content=\"index, follow, max-snippet:-1, max-image-preview:large, max-video-preview:-1\" \/>\n<link rel=\"canonical\" href=\"https:\/\/talkpal.ai\/lv\/holandiesu-valodas-gramatika\/\" \/>\n<meta property=\"og:locale\" content=\"lv_LV\" \/>\n<meta property=\"og:type\" content=\"article\" \/>\n<meta property=\"og:title\" content=\"Holandie\u0161u valodas gramatika\" \/>\n<meta property=\"og:description\" content=\"Holandie\u0161u valodas gramatika: holandie\u0161u valodas meh\u0101nikas apg\u016b\u0161ana Ja esat izv\u0113l\u0113jies apg\u016bt holandie\u0161u valodu, j\u016bs gaida aizraujo\u0161s piedz\u012bvojums! Ar\" \/>\n<meta property=\"og:url\" content=\"https:\/\/talkpal.ai\/lv\/holandiesu-valodas-gramatika\/\" \/>\n<meta property=\"og:site_name\" content=\"Talkpal\" \/>\n<meta property=\"article:publisher\" content=\"https:\/\/www.facebook.com\/profile.php?id=100090733639311\" \/>\n<meta property=\"article:modified_time\" content=\"2025-12-11T17:03:37+00:00\" \/>\n<meta property=\"og:image\" content=\"https:\/\/talkpal.ai\/wp-content\/uploads\/2023\/04\/netherlands-dutch.png\" \/>\n\t<meta property=\"og:image:width\" content=\"512\" \/>\n\t<meta property=\"og:image:height\" content=\"512\" \/>\n\t<meta property=\"og:image:type\" content=\"image\/png\" \/>\n<meta name=\"twitter:card\" content=\"summary_large_image\" \/>\n<meta name=\"twitter:site\" content=\"@talkpalai\" \/>\n<meta name=\"twitter:label1\" content=\"Est. reading time\" \/>\n\t<meta name=\"twitter:data1\" content=\"4 minutes\" \/>\n<script type=\"application\/ld+json\" class=\"yoast-schema-graph\">{\"@context\":\"https:\/\/schema.org\",\"@graph\":[{\"@type\":\"WebPage\",\"@id\":\"https:\/\/talkpal.ai\/lv\/holandiesu-valodas-gramatika\/\",\"url\":\"https:\/\/talkpal.ai\/lv\/holandiesu-valodas-gramatika\/\",\"name\":\"Holandie\u0161u valodas gramatika - Talkpal\",\"isPartOf\":{\"@id\":\"https:\/\/talkpal.ai\/lv\/#website\"},\"primaryImageOfPage\":{\"@id\":\"https:\/\/talkpal.ai\/lv\/holandiesu-valodas-gramatika\/#primaryimage\"},\"image\":{\"@id\":\"https:\/\/talkpal.ai\/lv\/holandiesu-valodas-gramatika\/#primaryimage\"},\"thumbnailUrl\":\"https:\/\/talkpal.ai\/wp-content\/uploads\/2023\/04\/netherlands-dutch.png\",\"datePublished\":\"2023-05-14T13:49:38+00:00\",\"dateModified\":\"2025-12-11T17:03:37+00:00\",\"description\":\"Holandie\u0161u valodas gramatikas apguve ar Talkpal, j\u016bsu m\u0101ksl\u012bg\u0101 intelekta darbin\u0101tais valodas skolot\u0101js. Piek\u013c\u016bstiet skaidriem skaidrojumiem, praktiskiem piem\u0113riem un interakt\u012bviem uzdevumiem!\",\"breadcrumb\":{\"@id\":\"https:\/\/talkpal.ai\/lv\/holandiesu-valodas-gramatika\/#breadcrumb\"},\"inLanguage\":\"lv-LV\",\"potentialAction\":[{\"@type\":\"ReadAction\",\"target\":[\"https:\/\/talkpal.ai\/lv\/holandiesu-valodas-gramatika\/\"]}]},{\"@type\":\"ImageObject\",\"inLanguage\":\"lv-LV\",\"@id\":\"https:\/\/talkpal.ai\/lv\/holandiesu-valodas-gramatika\/#primaryimage\",\"url\":\"https:\/\/talkpal.ai\/wp-content\/uploads\/2023\/04\/netherlands-dutch.png\",\"contentUrl\":\"https:\/\/talkpal.ai\/wp-content\/uploads\/2023\/04\/netherlands-dutch.png\",\"width\":512,\"height\":512},{\"@type\":\"BreadcrumbList\",\"@id\":\"https:\/\/talkpal.ai\/lv\/holandiesu-valodas-gramatika\/#breadcrumb\",\"itemListElement\":[{\"@type\":\"ListItem\",\"position\":1,\"name\":\"Homepage\",\"item\":\"https:\/\/talkpal.ai\/lv\/\"},{\"@type\":\"ListItem\",\"position\":2,\"name\":\"Holandie\u0161u valodas gramatika\"}]},{\"@type\":\"WebSite\",\"@id\":\"https:\/\/talkpal.ai\/lv\/#website\",\"url\":\"https:\/\/talkpal.ai\/lv\/\",\"name\":\"Talkpal\",\"description\":\"AI Language Learning\",\"publisher\":{\"@id\":\"https:\/\/talkpal.ai\/lv\/#organization\"},\"alternateName\":\"Talkpal AI\",\"potentialAction\":[{\"@type\":\"SearchAction\",\"target\":{\"@type\":\"EntryPoint\",\"urlTemplate\":\"https:\/\/talkpal.ai\/lv\/?s={search_term_string}\"},\"query-input\":{\"@type\":\"PropertyValueSpecification\",\"valueRequired\":true,\"valueName\":\"search_term_string\"}}],\"inLanguage\":\"lv-LV\"},{\"@type\":\"Organization\",\"@id\":\"https:\/\/talkpal.ai\/lv\/#organization\",\"name\":\"Talkpal, Inc.\",\"alternateName\":\"Talkpal AI\",\"url\":\"https:\/\/talkpal.ai\/lv\/\",\"logo\":{\"@type\":\"ImageObject\",\"inLanguage\":\"lv-LV\",\"@id\":\"https:\/\/talkpal.ai\/lv\/#\/schema\/logo\/image\/\",\"url\":\"https:\/\/talkpal.ai\/wp-content\/uploads\/2024\/03\/Talkpal-Logo-Icon.png\",\"contentUrl\":\"https:\/\/talkpal.ai\/wp-content\/uploads\/2024\/03\/Talkpal-Logo-Icon.png\",\"width\":2880,\"height\":2880,\"caption\":\"Talkpal, Inc.\"},\"image\":{\"@id\":\"https:\/\/talkpal.ai\/lv\/#\/schema\/logo\/image\/\"},\"sameAs\":[\"https:\/\/www.facebook.com\/profile.php?id=100090733639311\",\"https:\/\/x.com\/talkpalai\",\"https:\/\/www.linkedin.com\/company\/talkpal\/\",\"https:\/\/www.youtube.com\/@TalkPal\/\",\"https:\/\/www.tiktok.com\/@talkpal\",\"https:\/\/www.instagram.com\/talkpal_ai\/\",\"https:\/\/www.crunchbase.com\/organization\/talkpal-9cde\",\"https:\/\/www.g2.com\/products\/talkpal-for-business\/\",\"https:\/\/www.trustpilot.com\/review\/talkpal.ai\",\"https:\/\/www.capterra.com\/p\/10006800\/TalkPal\/\"],\"description\":\"Talkpal is a language learning web and mobile education app, powered by the latest AI technologies, that provides engaging experiences to its customers in many different languages to help them improve their language skills. Users can chat about unlimited amount of topics with the app and use other modes to practice their language learning.\",\"email\":\"support@talkpal.ai\",\"legalName\":\"Talkpal, Inc.\",\"foundingDate\":\"2023-04-03\",\"duns\":\"118989042\",\"numberOfEmployees\":{\"@type\":\"QuantitativeValue\",\"minValue\":\"11\",\"maxValue\":\"50\"},\"publishingPrinciples\":\"https:\/\/talkpal.ai\/publishing-principles\/\",\"actionableFeedbackPolicy\":\"https:\/\/talkpal.ai\/actionable-feedback-policy\/\",\"correctionsPolicy\":\"https:\/\/talkpal.ai\/corrections-policy\/\",\"ethicsPolicy\":\"https:\/\/talkpal.ai\/ethics-policy\/\",\"diversityPolicy\":\"https:\/\/talkpal.ai\/diversity-policy\/\",\"diversityStaffingReport\":\"https:\/\/talkpal.ai\/diversity-policy\/\"}]}<\/script>\n<!-- \/ Yoast SEO Premium plugin. -->","yoast_head_json":{"title":"Holandie\u0161u valodas gramatika - Talkpal","description":"Holandie\u0161u valodas gramatikas apguve ar Talkpal, j\u016bsu m\u0101ksl\u012bg\u0101 intelekta darbin\u0101tais valodas skolot\u0101js. Piek\u013c\u016bstiet skaidriem skaidrojumiem, praktiskiem piem\u0113riem un interakt\u012bviem uzdevumiem!","robots":{"index":"index","follow":"follow","max-snippet":"max-snippet:-1","max-image-preview":"max-image-preview:large","max-video-preview":"max-video-preview:-1"},"canonical":"https:\/\/talkpal.ai\/lv\/holandiesu-valodas-gramatika\/","og_locale":"lv_LV","og_type":"article","og_title":"Holandie\u0161u valodas gramatika","og_description":"Holandie\u0161u valodas gramatika: holandie\u0161u valodas meh\u0101nikas apg\u016b\u0161ana Ja esat izv\u0113l\u0113jies apg\u016bt holandie\u0161u valodu, j\u016bs gaida aizraujo\u0161s piedz\u012bvojums! Ar","og_url":"https:\/\/talkpal.ai\/lv\/holandiesu-valodas-gramatika\/","og_site_name":"Talkpal","article_publisher":"https:\/\/www.facebook.com\/profile.php?id=100090733639311","article_modified_time":"2025-12-11T17:03:37+00:00","og_image":[{"width":512,"height":512,"url":"https:\/\/talkpal.ai\/wp-content\/uploads\/2023\/04\/netherlands-dutch.png","type":"image\/png"}],"twitter_card":"summary_large_image","twitter_site":"@talkpalai","twitter_misc":{"Est. reading time":"4 minutes"},"schema":{"@context":"https:\/\/schema.org","@graph":[{"@type":"WebPage","@id":"https:\/\/talkpal.ai\/lv\/holandiesu-valodas-gramatika\/","url":"https:\/\/talkpal.ai\/lv\/holandiesu-valodas-gramatika\/","name":"Holandie\u0161u valodas gramatika - Talkpal","isPartOf":{"@id":"https:\/\/talkpal.ai\/lv\/#website"},"primaryImageOfPage":{"@id":"https:\/\/talkpal.ai\/lv\/holandiesu-valodas-gramatika\/#primaryimage"},"image":{"@id":"https:\/\/talkpal.ai\/lv\/holandiesu-valodas-gramatika\/#primaryimage"},"thumbnailUrl":"https:\/\/talkpal.ai\/wp-content\/uploads\/2023\/04\/netherlands-dutch.png","datePublished":"2023-05-14T13:49:38+00:00","dateModified":"2025-12-11T17:03:37+00:00","description":"Holandie\u0161u valodas gramatikas apguve ar Talkpal, j\u016bsu m\u0101ksl\u012bg\u0101 intelekta darbin\u0101tais valodas skolot\u0101js. Piek\u013c\u016bstiet skaidriem skaidrojumiem, praktiskiem piem\u0113riem un interakt\u012bviem uzdevumiem!","breadcrumb":{"@id":"https:\/\/talkpal.ai\/lv\/holandiesu-valodas-gramatika\/#breadcrumb"},"inLanguage":"lv-LV","potentialAction":[{"@type":"ReadAction","target":["https:\/\/talkpal.ai\/lv\/holandiesu-valodas-gramatika\/"]}]},{"@type":"ImageObject","inLanguage":"lv-LV","@id":"https:\/\/talkpal.ai\/lv\/holandiesu-valodas-gramatika\/#primaryimage","url":"https:\/\/talkpal.ai\/wp-content\/uploads\/2023\/04\/netherlands-dutch.png","contentUrl":"https:\/\/talkpal.ai\/wp-content\/uploads\/2023\/04\/netherlands-dutch.png","width":512,"height":512},{"@type":"BreadcrumbList","@id":"https:\/\/talkpal.ai\/lv\/holandiesu-valodas-gramatika\/#breadcrumb","itemListElement":[{"@type":"ListItem","position":1,"name":"Homepage","item":"https:\/\/talkpal.ai\/lv\/"},{"@type":"ListItem","position":2,"name":"Holandie\u0161u valodas gramatika"}]},{"@type":"WebSite","@id":"https:\/\/talkpal.ai\/lv\/#website","url":"https:\/\/talkpal.ai\/lv\/","name":"Talkpal","description":"AI Language Learning","publisher":{"@id":"https:\/\/talkpal.ai\/lv\/#organization"},"alternateName":"Talkpal AI","potentialAction":[{"@type":"SearchAction","target":{"@type":"EntryPoint","urlTemplate":"https:\/\/talkpal.ai\/lv\/?s={search_term_string}"},"query-input":{"@type":"PropertyValueSpecification","valueRequired":true,"valueName":"search_term_string"}}],"inLanguage":"lv-LV"},{"@type":"Organization","@id":"https:\/\/talkpal.ai\/lv\/#organization","name":"Talkpal, Inc.","alternateName":"Talkpal AI","url":"https:\/\/talkpal.ai\/lv\/","logo":{"@type":"ImageObject","inLanguage":"lv-LV","@id":"https:\/\/talkpal.ai\/lv\/#\/schema\/logo\/image\/","url":"https:\/\/talkpal.ai\/wp-content\/uploads\/2024\/03\/Talkpal-Logo-Icon.png","contentUrl":"https:\/\/talkpal.ai\/wp-content\/uploads\/2024\/03\/Talkpal-Logo-Icon.png","width":2880,"height":2880,"caption":"Talkpal, Inc."},"image":{"@id":"https:\/\/talkpal.ai\/lv\/#\/schema\/logo\/image\/"},"sameAs":["https:\/\/www.facebook.com\/profile.php?id=100090733639311","https:\/\/x.com\/talkpalai","https:\/\/www.linkedin.com\/company\/talkpal\/","https:\/\/www.youtube.com\/@TalkPal\/","https:\/\/www.tiktok.com\/@talkpal","https:\/\/www.instagram.com\/talkpal_ai\/","https:\/\/www.crunchbase.com\/organization\/talkpal-9cde","https:\/\/www.g2.com\/products\/talkpal-for-business\/","https:\/\/www.trustpilot.com\/review\/talkpal.ai","https:\/\/www.capterra.com\/p\/10006800\/TalkPal\/"],"description":"Talkpal is a language learning web and mobile education app, powered by the latest AI technologies, that provides engaging experiences to its customers in many different languages to help them improve their language skills. Users can chat about unlimited amount of topics with the app and use other modes to practice their language learning.","email":"support@talkpal.ai","legalName":"Talkpal, Inc.","foundingDate":"2023-04-03","duns":"118989042","numberOfEmployees":{"@type":"QuantitativeValue","minValue":"11","maxValue":"50"},"publishingPrinciples":"https:\/\/talkpal.ai\/publishing-principles\/","actionableFeedbackPolicy":"https:\/\/talkpal.ai\/actionable-feedback-policy\/","correctionsPolicy":"https:\/\/talkpal.ai\/corrections-policy\/","ethicsPolicy":"https:\/\/talkpal.ai\/ethics-policy\/","diversityPolicy":"https:\/\/talkpal.ai\/diversity-policy\/","diversityStaffingReport":"https:\/\/talkpal.ai\/diversity-policy\/"}]}},"_links":{"self":[{"href":"https:\/\/talkpal.ai\/lv\/wp-json\/wp\/v2\/pages\/128764","targetHints":{"allow":["GET"]}}],"collection":[{"href":"https:\/\/talkpal.ai\/lv\/wp-json\/wp\/v2\/pages"}],"about":[{"href":"https:\/\/talkpal.ai\/lv\/wp-json\/wp\/v2\/types\/page"}],"author":[{"embeddable":true,"href":"https:\/\/talkpal.ai\/lv\/wp-json\/wp\/v2\/users\/1"}],"replies":[{"embeddable":true,"href":"https:\/\/talkpal.ai\/lv\/wp-json\/wp\/v2\/comments?post=128764"}],"version-history":[{"count":0,"href":"https:\/\/talkpal.ai\/lv\/wp-json\/wp\/v2\/pages\/128764\/revisions"}],"wp:featuredmedia":[{"embeddable":true,"href":"https:\/\/talkpal.ai\/lv\/wp-json\/wp\/v2\/media\/106280"}],"wp:attachment":[{"href":"https:\/\/talkpal.ai\/lv\/wp-json\/wp\/v2\/media?parent=128764"}],"curies":[{"name":"wp","href":"https:\/\/api.w.org\/{rel}","templated":true}]}}