{"id":128345,"date":"2023-05-14T13:48:36","date_gmt":"2023-05-14T13:48:36","guid":{"rendered":"http:\/\/talkpal.ai\/kiniesu-gramatika\/"},"modified":"2025-06-17T16:39:40","modified_gmt":"2025-06-17T16:39:40","slug":"kiniesu-gramatika","status":"publish","type":"page","link":"https:\/\/talkpal.ai\/lv\/kiniesu-gramatika\/","title":{"rendered":"\u0136\u012bnie\u0161u gramatika"},"content":{"rendered":"\r\n\r\n\r\n<section class=\"languageChallengeSection\">\r\n    <div class=\"languageInfoWrapper\">\r\n        \r\n        <h1>\u0136\u012bnie\u0161u gramatika<\/h1>\r\n        <p>Stipriniet savas <a href=\"https:\/\/talkpal.ai\/learn-chinese\/\">\u0137\u012bnie\u0161u<\/a> <a href=\"https:\/\/talkpal.ai\/what-language-is-spoken-on-the-international-space-station\/\">valodas<\/a> prasmes, apg\u016bstot galven\u0101s gramatikas strukt\u016bras un lieto\u0161anas mode\u013cus. S\u0101ciet uzlabot savu <a href=\"https:\/\/talkpal.ai\/learn-chinese\/\">\u0137\u012bnie\u0161u<\/a> gramatiku jau \u0161odien un sazinieties ar p\u0101rliec\u012bbu!<\/p>\r\n\r\n                            <a class=\"getStartedHidden\" href=\"https:\/\/app.talkpal.ai\/lv\/signup?lng=\">S\u0101c<\/a>\r\n        \r\n    <\/div>\r\n\r\n    <figure>\r\n    <img decoding=\"async\" width=\"768\" height=\"768\" src=\"https:\/\/talkpal.ai\/wp-content\/uploads\/2023\/06\/chinese-768x768.png\" class=\"languageImage no-lazy\" alt=\"Language learning for flexible communication\" fetchpriority=\"high\" sizes=\"(max-width: 768px) 150px, 768px\" srcset=\"https:\/\/talkpal.ai\/wp-content\/uploads\/2023\/06\/chinese-768x768.png 768w, https:\/\/talkpal.ai\/wp-content\/uploads\/2023\/06\/chinese-300x300.png 300w\" \/>\r\n    \r\n\r\n    <\/figure>\r\n\r\n            <a class=\"getStartedVisible\" href=\"https:\/\/app.talkpal.ai\/lv\/signup?lng=\">S\u0101c<\/a>\r\n    \r\n<\/section>\r\n<section class=\"promotionalBanner\">\r\n    <p class=\"promotionalText\">Visefekt\u012bv\u0101kais <a href=\"https:\/\/talkpal.ai\/best-way-to-learn\/\">veids<\/a>, k\u0101 apg\u016bt valodu<\/p>\r\n    <a class=\"promotionalLink\" href=\"https:\/\/app.talkpal.ai\/lv\/signup?lng=\">Izm\u0113\u0123iniet Talkpal bez maksas<\/a>\r\n<\/section>\n<div class=\"wp-block-group pageContainerStyle\"><div class=\"wp-block-group__inner-container is-layout-constrained wp-block-group-is-layout-constrained\">\n<h2 class=\"wp-block-heading\" id=\"h-chinese-grammar-the-key-to-mastering-mandarin\">\u0136\u012bnie\u0161u gramatika: mandar\u012bnu valodas apguves atsl\u0113ga<\/h2>\n\n\n\n<p>Vai esat ambiciozs valodu apguv\u0113js, kur\u0161 ir piev\u0113rsies mandar\u012bnu valodas apguvei? Ja t\u0101, apsveicu! \u0136\u012bnie\u0161u valodas probl\u0113mas risin\u0101\u0161ana ir fantastisks veids, k\u0101 papla\u0161in\u0101t savu glob\u0101lo dom\u0101\u0161anu, sazin\u0101ties ar pla\u0161u run\u0101t\u0101ju loku un izaicin\u0101t sevi intelektu\u0101li. Tom\u0113r ar 1,2 miljardiem dzimt\u0101s valodas run\u0101t\u0101ju un valodu sist\u0113mu, kas iev\u0113rojami at\u0161\u0137iras no Rietumu valod\u0101m, <a href=\"https:\/\/talkpal.ai\/chinese-grammar\/\">\u0137\u012bnie\u0161u gramatika<\/a> var \u0161\u0137ist diezgan bied\u0113jo\u0161a. Nebaidies! Lasiet t\u0101l\u0101k, lai uzzin\u0101tu par ies\u0101c\u0113jiem draudz\u012bgu \u0137\u012bnie\u0161u valodas gramatikas av\u0101rijas kursu, kas ir gan saisto\u0161s, gan informat\u012bvs.<\/p>\n\n\n\n<p><strong>Pirmk\u0101rt, aizmirstiet, ko j\u016bs zin\u0101t par Eiropas valod\u0101m!<\/strong><\/p>\n\n\n\n<p>Viens no galvenajiem iemesliem, k\u0101p\u0113c valodu studentus bied\u0113 \u0137\u012bnie\u0161u valodas <a href=\"https:\/\/talkpal.ai\/sq\/gramatika\/\">gramatika<\/a>, ir tas, ka t\u0101 radik\u0101li at\u0161\u0137iras no &#8220;subjekta, darb\u012bbas v\u0101rda un objekta&#8221; strukt\u016bras, pie kuras esam pieradu\u0161i t\u0101d\u0101s valod\u0101s k\u0101 <a href=\"https:\/\/talkpal.ai\/learn-english-with-ai\/\">ang\u013cu<\/a>, sp\u0101\u0146u vai fran\u010du. T\u0101p\u0113c dzi\u013ci ievelciet elpu un ienirstiet pavisam jaun\u0101 valodas noteikumu un j\u0113dzienu visum\u0101!<\/p>\n\n\n\n<h3 class=\"wp-block-heading\" id=\"h-1-word-order-is-king\">1. V\u0101rdu k\u0101rt\u012bba ir karalis<\/h3>\n\n\n\n<p>Lai gan \u0137\u012bnie\u0161u gramatik\u0101 nav sasprindzin\u0101jumu, darb\u012bbas v\u0101rdu konjug\u0101ciju vai daudzskait\u013ca, pareiza teikuma strukt\u016bra ir \u0101rk\u0101rt\u012bgi svar\u012bga. T\u0101tad, k\u0101 tiek pan\u0101kta pareiza v\u0101rdu sec\u012bba? Vairum\u0101 gad\u012bjumu vienk\u0101r\u0161i sekojiet &#8220;subjekta-darb\u012bbas v\u0101rda-objekta&#8221; modelim (l\u012bdz\u012bgi k\u0101 ang\u013cu valod\u0101). Piem\u0113ram:<\/p>\n\n\n\n<p>Latviski: Es tevi m\u012blu.<br\/>\u0136\u012bnie\u0161u: \u6211\u7231\u4f60\u3002 W\u01d2 \u00e0i n\u01d0.<\/p>\n\n\n\n<p>Ir sare\u017e\u0123\u012bt\u0101kas strukt\u016bras, ta\u010du, att\u012bstot sp\u0113c\u012bgu pamatu, t\u0101s b\u016bs viegl\u0101k uztvert, kad j\u016bs progres\u0113jat.<\/p>\n\n\n\n<h3 class=\"wp-block-heading\" id=\"h-2-particles-particles-everywhere\">2. Da\u013ci\u0146as, da\u013ci\u0146as visur!<\/h3>\n\n\n\n<p>\u0136\u012bnie\u0161u gramatik\u0101 da\u013ci\u0146\u0101m ir iz\u0161\u0137iro\u0161a loma noz\u012bmes nodo\u0161an\u0101. Viena no visbie\u017e\u0101k sastopamaj\u0101m da\u013ci\u0146\u0101m ir &#8220;\u4e86 (le)&#8221;, kas nor\u0101da uz pabeigtu darb\u012bbu. Piem\u0113ram:<\/p>\n\n\n\n<p>\u6211\u5403\u4e86\u3002W\u01d2 ch\u012b le. &#8211; &#8220;Es esmu pa\u0113dis.&#8221;<\/p>\n\n\n\n<p>V\u0113l viena bie\u017ei sastopama da\u013ci\u0146a ir \u5427 (ba), kas izteikumu p\u0101rv\u0113r\u0161 par ierosin\u0101jumu vai jaut\u0101jumu:<\/p>\n\n\n\n<p>\u8d70\u5427\uff01Z\u01d2u ba! &#8211; &#8220;Braucam!&#8221;<\/p>\n\n\n\n<p>Da\u017e\u0101du da\u013ci\u0146u funkciju izpratne ir b\u016btiska, lai apg\u016btu \u0137\u012bnie\u0161u gramatikas nianses.<\/p>\n\n\n\n<h3 class=\"wp-block-heading\" id=\"h-3-measure-words-quality-not-quantity\">3. Izm\u0113riet v\u0101rdus: kvalit\u0101te, nevis kvantit\u0101te<\/h3>\n\n\n\n<p>\u0136\u012bnie\u0161u valod\u0101 lietv\u0101rdiem nav lietv\u0101rdu daudzskait\u013ca. T\u0101 viet\u0101 vi\u0146i izmanto m\u0113ra v\u0101rdus (paz\u012bstami ar\u012b k\u0101 klasifikatori), lai izteiktu daudzumu. Starp numuru un lietv\u0101rdu tiek pievienoti izm\u0113r\u012btie v\u0101rdi. Piem\u0113ram:<\/p>\n\n\n\n<p>\u4e00\u672c\u4e66 &#8211; Y\u012b b\u011bn sh\u016b &#8211; &#8220;viena gr\u0101mata&#8221;<\/p>\n\n\n\n<p>Iev\u0113rojiet, ka \u672c (b\u011bn) tiek izmantots k\u0101 m\u0113ra v\u0101rds gr\u0101mat\u0101m. Da\u017e\u0101diem lietv\u0101rdiem ir nepiecie\u0161ami da\u017e\u0101di m\u0113rvien\u012bbas v\u0101rdi, un, lai gan s\u0101kum\u0101 tas var \u0161\u0137ist mulsino\u0161i, ar praksi tas k\u013c\u016bs par otro dabu.<\/p>\n\n\n\n<h3 class=\"wp-block-heading\" id=\"h-4-the-magic-of-compound-words\">4. Salikto v\u0101rdu ma\u0123ija<\/h3>\n\n\n\n<p>\u0136\u012bnie\u0161u valoda ir pilna ar saliktiem v\u0101rdiem, kas veidojas, apvienojot divas vai vair\u0101kas rakstz\u012bmes. Tas ne tikai vienk\u0101r\u0161o v\u0101rdu kr\u0101juma apguvi, bet ar\u012b nodro\u0161ina spilgtus att\u0113lus un kontekstu. Piem\u0113ram:<\/p>\n\n\n\n<p>\u706b\u8f66 &#8211; Hu\u01d2ch\u0113 &#8211; &#8220;vilciens&#8221; (burtiski: &#8220;ugunsdz\u0113s\u012bbas transportl\u012bdzeklis&#8221;)<br\/>\u7535\u8bdd &#8211; Di\u00e0nhu\u00e0 &#8211; &#8220;telefons&#8221; (burtiski: &#8220;elektrisk\u0101 runa&#8221;)<\/p>\n\n\n\n<p>Izprotot atsevi\u0161\u0137u rakstz\u012bmju noz\u012bmi, j\u016bs varat viegli saprast salikto v\u0101rdu noz\u012bmi, ar kuriem iepriek\u0161 neesat sask\u0101ries.<\/p>\n\n\n\n<h3 class=\"wp-block-heading\" id=\"h-5-no-tenses-no-problem\">5. Nav sasprindzin\u0101juma? Nav probl\u0113mu!<\/h3>\n\n\n\n<p>Viens no atsvaidzino\u0161\u0101kajiem \u0137\u012bnie\u0161u valodas aspektiem ir darb\u012bbas v\u0101rdu konjug\u0101ciju tr\u016bkums da\u017e\u0101diem laikiem. Bet k\u0101 j\u016bs izsak\u0101t laiku? Vienk\u0101r\u0161s! Vienk\u0101r\u0161i iek\u013caujiet v\u0101rdus, kas nor\u0101da laika grafiku, piem\u0113ram:<\/p>\n\n\n\n<p>\u6628\u5929 &#8211; Zu\u00f3ti\u0101n &#8211; &#8220;vakar&#8221;<br\/>\u660e\u5929 &#8211; M\u00edngti\u0101n &#8211; &#8220;r\u012bt&#8221;<\/p>\n\n\n\n<p><strong>Piem\u0113ram:<\/strong><\/p>\n\n\n\n<p>\u6211\u6628\u5929\u5403\u4e86\u996d\u3002W\u01d2 zu\u00f3ti\u0101n ch\u012b le f\u00e0n. &#8211; &#8220;Es vakar \u0113du \u0113dienu.&#8221;<br\/>\u6211\u660e\u5929\u5403\u996d\u3002W\u01d2 m\u00edngti\u0101n ch\u012b f\u00e0n. &#8211; &#8220;Es \u0113d\u012b\u0161u \u0113dienu r\u012bt.&#8221;<\/p>\n\n\n\n<p>Apsveicu! J\u016bs esat sp\u0113ris pirmos so\u013cus \u0137\u012bnie\u0161u valodas gramatikas apguves virzien\u0101. Atcerieties: prakse padara perfektu. T\u0101p\u0113c nevairieties no jaunu gramatisko strukt\u016bru izp\u0113tes, sarun\u0101m ar dzimt\u0101s valodas run\u0101t\u0101jiem un nostipriniet savus pamatus. J\u016bs gaida mandar\u012bnu valodas pasaule &#8211; laim\u012bgu m\u0101c\u012b\u0161anos!<\/p>\n<\/div><\/div>\n\r\n<section class=\"learnNavigationSection\">\r\n            \r\n        <a href=\"https:\/\/talkpal.ai\/lv\/uzziniet-kiniesu-valodu\/\">\r\n            <div class=\"learnNavigationWrapper\">\r\n                <div class=\"learnNavigationContent\">\r\n                    <img decoding=\"async\" src=\"https:\/\/talkpal.ai\/wp-content\/uploads\/2024\/08\/Chinese.jpg\" alt=\"Chinese Flag\u00a0\">\r\n                    <div>\r\n                        <h4>Par \u0137\u012bnie\u0161u valodas apguvi<\/h4>\r\n                        <p>Uzziniet visu par \u0137\u012bnie\u0161u gramatiku.<\/p>\r\n                    <\/div>\r\n                <\/div>\r\n            <\/div>\r\n        <\/a>\r\n\r\n        \r\n        <a href=\"https:\/\/talkpal.ai\/lv\/kiniesu-valodas-gramatikas-vingrinajumi\/\">\r\n            <div class=\"learnNavigationWrapper\">\r\n                <div class=\"learnNavigationContent\">\r\n                    <img decoding=\"async\" src=\"https:\/\/talkpal.ai\/wp-content\/uploads\/2024\/08\/Chinese.jpg\" alt=\"Chinese Flag\u00a0\">\r\n                    <div>\r\n                        <h4>\u0136\u012bnie\u0161u valodas gramatikas vingrin\u0101jums<\/h4>\r\n                        <p>Praktiz\u0113jiet \u0137\u012bnie\u0161u gramatiku.<\/p>\r\n                    <\/div>\r\n                <\/div>\r\n            <\/div>\r\n        <\/a>\r\n\r\n        \r\n        <a href=\"https:\/\/talkpal.ai\/vocabulary_language\/chinese\/\">\r\n            <div class=\"learnNavigationWrapper\">\r\n                <div class=\"learnNavigationContent\">\r\n                    <img decoding=\"async\" src=\"https:\/\/talkpal.ai\/wp-content\/uploads\/2024\/08\/Chinese.jpg\" alt=\"Chinese Flag\u00a0\">\r\n                    <div>\r\n                        <h4>\u0136\u012bnie\u0161u valodas v\u0101rdn\u012bca<\/h4>\r\n                        <p>Papla\u0161iniet savu \u0137\u012bnie\u0161u valodas v\u0101rdu kr\u0101jumu.<\/p>\r\n                    <\/div>\r\n                <\/div>\r\n            <\/div>\r\n        <\/a>\r\n\r\n            <\/section>","protected":false},"excerpt":{"rendered":"<p>\u0136\u012bnie\u0161u gramatika: mandar\u012bnu valodas apguves atsl\u0113ga Vai esat ambiciozs valodu apguv\u0113js, kur\u0161 ir piev\u0113rsies mandar\u012bnu valodas apguvei? Ja t\u0101, apsveicu! \u0136\u012bnie\u0161u valodas probl\u0113mas risin\u0101\u0161ana ir fantastisks veids, k\u0101 papla\u0161in\u0101t savu glob\u0101lo dom\u0101\u0161anu, sazin\u0101ties ar pla\u0161u run\u0101t\u0101ju loku un izaicin\u0101t sevi intelektu\u0101li. Tom\u0113r ar 1,2 miljardiem dzimt\u0101s valodas run\u0101t\u0101ju un valodu sist\u0113mu, kas iev\u0113rojami at\u0161\u0137iras no [&hellip;]<\/p>\n","protected":false},"author":1,"featured_media":106167,"parent":0,"menu_order":0,"comment_status":"closed","ping_status":"closed","template":"LearningContentPage.php","meta":{"_acf_changed":false,"footnotes":""},"class_list":["post-128345","page","type-page","status-publish","has-post-thumbnail","hentry"],"acf":[],"yoast_head":"<!-- This site is optimized with the Yoast SEO Premium plugin v27.2 (Yoast SEO v27.2) - https:\/\/yoast.com\/product\/yoast-seo-premium-wordpress\/ -->\n<title>\u0136\u012bnie\u0161u gramatika - Talkpal<\/title>\n<meta name=\"description\" content=\"Atblo\u0137\u0113jiet \u0137\u012bnie\u0161u gramatikas nosl\u0113pumus, lai lab\u0101k izprastu \u0137\u012bnie\u0161u valodu un kult\u016bru.\" \/>\n<meta name=\"robots\" content=\"index, follow, max-snippet:-1, max-image-preview:large, max-video-preview:-1\" \/>\n<link rel=\"canonical\" href=\"https:\/\/talkpal.ai\/lv\/kiniesu-gramatika\/\" \/>\n<meta property=\"og:locale\" content=\"lv_LV\" \/>\n<meta property=\"og:type\" content=\"article\" \/>\n<meta property=\"og:title\" content=\"\u0136\u012bnie\u0161u gramatika\" \/>\n<meta property=\"og:description\" content=\"\u0136\u012bnie\u0161u gramatika: mandar\u012bnu valodas apguves atsl\u0113ga Vai esat ambiciozs valodu apguv\u0113js, kur\u0161 ir piev\u0113rsies mandar\u012bnu valodas apguvei? Ja t\u0101, apsveicu!\" \/>\n<meta property=\"og:url\" content=\"https:\/\/talkpal.ai\/lv\/kiniesu-gramatika\/\" \/>\n<meta property=\"og:site_name\" content=\"Talkpal\" \/>\n<meta property=\"article:publisher\" content=\"https:\/\/www.facebook.com\/profile.php?id=100090733639311\" \/>\n<meta property=\"article:modified_time\" content=\"2025-06-17T16:39:40+00:00\" \/>\n<meta property=\"og:image\" content=\"https:\/\/talkpal.ai\/wp-content\/uploads\/2023\/04\/china.png\" \/>\n\t<meta property=\"og:image:width\" content=\"512\" \/>\n\t<meta property=\"og:image:height\" content=\"512\" \/>\n\t<meta property=\"og:image:type\" content=\"image\/png\" \/>\n<meta name=\"twitter:card\" content=\"summary_large_image\" \/>\n<meta name=\"twitter:site\" content=\"@talkpalai\" \/>\n<meta name=\"twitter:label1\" content=\"Est. reading time\" \/>\n\t<meta name=\"twitter:data1\" content=\"4 minutes\" \/>\n<script type=\"application\/ld+json\" class=\"yoast-schema-graph\">{\"@context\":\"https:\/\/schema.org\",\"@graph\":[{\"@type\":\"WebPage\",\"@id\":\"https:\/\/talkpal.ai\/lv\/kiniesu-gramatika\/\",\"url\":\"https:\/\/talkpal.ai\/lv\/kiniesu-gramatika\/\",\"name\":\"\u0136\u012bnie\u0161u gramatika - Talkpal\",\"isPartOf\":{\"@id\":\"https:\/\/talkpal.ai\/lv\/#website\"},\"primaryImageOfPage\":{\"@id\":\"https:\/\/talkpal.ai\/lv\/kiniesu-gramatika\/#primaryimage\"},\"image\":{\"@id\":\"https:\/\/talkpal.ai\/lv\/kiniesu-gramatika\/#primaryimage\"},\"thumbnailUrl\":\"https:\/\/talkpal.ai\/wp-content\/uploads\/2023\/04\/china.png\",\"datePublished\":\"2023-05-14T13:48:36+00:00\",\"dateModified\":\"2025-06-17T16:39:40+00:00\",\"description\":\"Atblo\u0137\u0113jiet \u0137\u012bnie\u0161u gramatikas nosl\u0113pumus, lai lab\u0101k izprastu \u0137\u012bnie\u0161u valodu un kult\u016bru.\",\"breadcrumb\":{\"@id\":\"https:\/\/talkpal.ai\/lv\/kiniesu-gramatika\/#breadcrumb\"},\"inLanguage\":\"lv-LV\",\"potentialAction\":[{\"@type\":\"ReadAction\",\"target\":[\"https:\/\/talkpal.ai\/lv\/kiniesu-gramatika\/\"]}]},{\"@type\":\"ImageObject\",\"inLanguage\":\"lv-LV\",\"@id\":\"https:\/\/talkpal.ai\/lv\/kiniesu-gramatika\/#primaryimage\",\"url\":\"https:\/\/talkpal.ai\/wp-content\/uploads\/2023\/04\/china.png\",\"contentUrl\":\"https:\/\/talkpal.ai\/wp-content\/uploads\/2023\/04\/china.png\",\"width\":512,\"height\":512},{\"@type\":\"BreadcrumbList\",\"@id\":\"https:\/\/talkpal.ai\/lv\/kiniesu-gramatika\/#breadcrumb\",\"itemListElement\":[{\"@type\":\"ListItem\",\"position\":1,\"name\":\"Homepage\",\"item\":\"https:\/\/talkpal.ai\/lv\/\"},{\"@type\":\"ListItem\",\"position\":2,\"name\":\"\u0136\u012bnie\u0161u gramatika\"}]},{\"@type\":\"WebSite\",\"@id\":\"https:\/\/talkpal.ai\/lv\/#website\",\"url\":\"https:\/\/talkpal.ai\/lv\/\",\"name\":\"Talkpal\",\"description\":\"AI Language Learning\",\"publisher\":{\"@id\":\"https:\/\/talkpal.ai\/lv\/#organization\"},\"alternateName\":\"Talkpal AI\",\"potentialAction\":[{\"@type\":\"SearchAction\",\"target\":{\"@type\":\"EntryPoint\",\"urlTemplate\":\"https:\/\/talkpal.ai\/lv\/?s={search_term_string}\"},\"query-input\":{\"@type\":\"PropertyValueSpecification\",\"valueRequired\":true,\"valueName\":\"search_term_string\"}}],\"inLanguage\":\"lv-LV\"},{\"@type\":\"Organization\",\"@id\":\"https:\/\/talkpal.ai\/lv\/#organization\",\"name\":\"Talkpal, Inc.\",\"alternateName\":\"Talkpal AI\",\"url\":\"https:\/\/talkpal.ai\/lv\/\",\"logo\":{\"@type\":\"ImageObject\",\"inLanguage\":\"lv-LV\",\"@id\":\"https:\/\/talkpal.ai\/lv\/#\/schema\/logo\/image\/\",\"url\":\"https:\/\/talkpal.ai\/wp-content\/uploads\/2024\/03\/Talkpal-Logo-Icon.png\",\"contentUrl\":\"https:\/\/talkpal.ai\/wp-content\/uploads\/2024\/03\/Talkpal-Logo-Icon.png\",\"width\":2880,\"height\":2880,\"caption\":\"Talkpal, Inc.\"},\"image\":{\"@id\":\"https:\/\/talkpal.ai\/lv\/#\/schema\/logo\/image\/\"},\"sameAs\":[\"https:\/\/www.facebook.com\/profile.php?id=100090733639311\",\"https:\/\/x.com\/talkpalai\",\"https:\/\/www.linkedin.com\/company\/talkpal\/\",\"https:\/\/www.youtube.com\/@TalkPal\/\",\"https:\/\/www.tiktok.com\/@talkpal\",\"https:\/\/www.instagram.com\/talkpal_ai\/\",\"https:\/\/www.crunchbase.com\/organization\/talkpal-9cde\",\"https:\/\/www.g2.com\/products\/talkpal-for-business\/\",\"https:\/\/www.trustpilot.com\/review\/talkpal.ai\",\"https:\/\/www.capterra.com\/p\/10006800\/TalkPal\/\"],\"description\":\"Talkpal is a language learning web and mobile education app, powered by the latest AI technologies, that provides engaging experiences to its customers in many different languages to help them improve their language skills. Users can chat about unlimited amount of topics with the app and use other modes to practice their language learning.\",\"email\":\"support@talkpal.ai\",\"legalName\":\"Talkpal, Inc.\",\"foundingDate\":\"2023-04-03\",\"duns\":\"118989042\",\"numberOfEmployees\":{\"@type\":\"QuantitativeValue\",\"minValue\":\"11\",\"maxValue\":\"50\"},\"publishingPrinciples\":\"https:\/\/talkpal.ai\/publishing-principles\/\",\"actionableFeedbackPolicy\":\"https:\/\/talkpal.ai\/actionable-feedback-policy\/\",\"correctionsPolicy\":\"https:\/\/talkpal.ai\/corrections-policy\/\",\"ethicsPolicy\":\"https:\/\/talkpal.ai\/ethics-policy\/\",\"diversityPolicy\":\"https:\/\/talkpal.ai\/diversity-policy\/\",\"diversityStaffingReport\":\"https:\/\/talkpal.ai\/diversity-policy\/\"}]}<\/script>\n<!-- \/ Yoast SEO Premium plugin. -->","yoast_head_json":{"title":"\u0136\u012bnie\u0161u gramatika - Talkpal","description":"Atblo\u0137\u0113jiet \u0137\u012bnie\u0161u gramatikas nosl\u0113pumus, lai lab\u0101k izprastu \u0137\u012bnie\u0161u valodu un kult\u016bru.","robots":{"index":"index","follow":"follow","max-snippet":"max-snippet:-1","max-image-preview":"max-image-preview:large","max-video-preview":"max-video-preview:-1"},"canonical":"https:\/\/talkpal.ai\/lv\/kiniesu-gramatika\/","og_locale":"lv_LV","og_type":"article","og_title":"\u0136\u012bnie\u0161u gramatika","og_description":"\u0136\u012bnie\u0161u gramatika: mandar\u012bnu valodas apguves atsl\u0113ga Vai esat ambiciozs valodu apguv\u0113js, kur\u0161 ir piev\u0113rsies mandar\u012bnu valodas apguvei? Ja t\u0101, apsveicu!","og_url":"https:\/\/talkpal.ai\/lv\/kiniesu-gramatika\/","og_site_name":"Talkpal","article_publisher":"https:\/\/www.facebook.com\/profile.php?id=100090733639311","article_modified_time":"2025-06-17T16:39:40+00:00","og_image":[{"width":512,"height":512,"url":"https:\/\/talkpal.ai\/wp-content\/uploads\/2023\/04\/china.png","type":"image\/png"}],"twitter_card":"summary_large_image","twitter_site":"@talkpalai","twitter_misc":{"Est. reading time":"4 minutes"},"schema":{"@context":"https:\/\/schema.org","@graph":[{"@type":"WebPage","@id":"https:\/\/talkpal.ai\/lv\/kiniesu-gramatika\/","url":"https:\/\/talkpal.ai\/lv\/kiniesu-gramatika\/","name":"\u0136\u012bnie\u0161u gramatika - Talkpal","isPartOf":{"@id":"https:\/\/talkpal.ai\/lv\/#website"},"primaryImageOfPage":{"@id":"https:\/\/talkpal.ai\/lv\/kiniesu-gramatika\/#primaryimage"},"image":{"@id":"https:\/\/talkpal.ai\/lv\/kiniesu-gramatika\/#primaryimage"},"thumbnailUrl":"https:\/\/talkpal.ai\/wp-content\/uploads\/2023\/04\/china.png","datePublished":"2023-05-14T13:48:36+00:00","dateModified":"2025-06-17T16:39:40+00:00","description":"Atblo\u0137\u0113jiet \u0137\u012bnie\u0161u gramatikas nosl\u0113pumus, lai lab\u0101k izprastu \u0137\u012bnie\u0161u valodu un kult\u016bru.","breadcrumb":{"@id":"https:\/\/talkpal.ai\/lv\/kiniesu-gramatika\/#breadcrumb"},"inLanguage":"lv-LV","potentialAction":[{"@type":"ReadAction","target":["https:\/\/talkpal.ai\/lv\/kiniesu-gramatika\/"]}]},{"@type":"ImageObject","inLanguage":"lv-LV","@id":"https:\/\/talkpal.ai\/lv\/kiniesu-gramatika\/#primaryimage","url":"https:\/\/talkpal.ai\/wp-content\/uploads\/2023\/04\/china.png","contentUrl":"https:\/\/talkpal.ai\/wp-content\/uploads\/2023\/04\/china.png","width":512,"height":512},{"@type":"BreadcrumbList","@id":"https:\/\/talkpal.ai\/lv\/kiniesu-gramatika\/#breadcrumb","itemListElement":[{"@type":"ListItem","position":1,"name":"Homepage","item":"https:\/\/talkpal.ai\/lv\/"},{"@type":"ListItem","position":2,"name":"\u0136\u012bnie\u0161u gramatika"}]},{"@type":"WebSite","@id":"https:\/\/talkpal.ai\/lv\/#website","url":"https:\/\/talkpal.ai\/lv\/","name":"Talkpal","description":"AI Language Learning","publisher":{"@id":"https:\/\/talkpal.ai\/lv\/#organization"},"alternateName":"Talkpal AI","potentialAction":[{"@type":"SearchAction","target":{"@type":"EntryPoint","urlTemplate":"https:\/\/talkpal.ai\/lv\/?s={search_term_string}"},"query-input":{"@type":"PropertyValueSpecification","valueRequired":true,"valueName":"search_term_string"}}],"inLanguage":"lv-LV"},{"@type":"Organization","@id":"https:\/\/talkpal.ai\/lv\/#organization","name":"Talkpal, Inc.","alternateName":"Talkpal AI","url":"https:\/\/talkpal.ai\/lv\/","logo":{"@type":"ImageObject","inLanguage":"lv-LV","@id":"https:\/\/talkpal.ai\/lv\/#\/schema\/logo\/image\/","url":"https:\/\/talkpal.ai\/wp-content\/uploads\/2024\/03\/Talkpal-Logo-Icon.png","contentUrl":"https:\/\/talkpal.ai\/wp-content\/uploads\/2024\/03\/Talkpal-Logo-Icon.png","width":2880,"height":2880,"caption":"Talkpal, Inc."},"image":{"@id":"https:\/\/talkpal.ai\/lv\/#\/schema\/logo\/image\/"},"sameAs":["https:\/\/www.facebook.com\/profile.php?id=100090733639311","https:\/\/x.com\/talkpalai","https:\/\/www.linkedin.com\/company\/talkpal\/","https:\/\/www.youtube.com\/@TalkPal\/","https:\/\/www.tiktok.com\/@talkpal","https:\/\/www.instagram.com\/talkpal_ai\/","https:\/\/www.crunchbase.com\/organization\/talkpal-9cde","https:\/\/www.g2.com\/products\/talkpal-for-business\/","https:\/\/www.trustpilot.com\/review\/talkpal.ai","https:\/\/www.capterra.com\/p\/10006800\/TalkPal\/"],"description":"Talkpal is a language learning web and mobile education app, powered by the latest AI technologies, that provides engaging experiences to its customers in many different languages to help them improve their language skills. Users can chat about unlimited amount of topics with the app and use other modes to practice their language learning.","email":"support@talkpal.ai","legalName":"Talkpal, Inc.","foundingDate":"2023-04-03","duns":"118989042","numberOfEmployees":{"@type":"QuantitativeValue","minValue":"11","maxValue":"50"},"publishingPrinciples":"https:\/\/talkpal.ai\/publishing-principles\/","actionableFeedbackPolicy":"https:\/\/talkpal.ai\/actionable-feedback-policy\/","correctionsPolicy":"https:\/\/talkpal.ai\/corrections-policy\/","ethicsPolicy":"https:\/\/talkpal.ai\/ethics-policy\/","diversityPolicy":"https:\/\/talkpal.ai\/diversity-policy\/","diversityStaffingReport":"https:\/\/talkpal.ai\/diversity-policy\/"}]}},"_links":{"self":[{"href":"https:\/\/talkpal.ai\/lv\/wp-json\/wp\/v2\/pages\/128345","targetHints":{"allow":["GET"]}}],"collection":[{"href":"https:\/\/talkpal.ai\/lv\/wp-json\/wp\/v2\/pages"}],"about":[{"href":"https:\/\/talkpal.ai\/lv\/wp-json\/wp\/v2\/types\/page"}],"author":[{"embeddable":true,"href":"https:\/\/talkpal.ai\/lv\/wp-json\/wp\/v2\/users\/1"}],"replies":[{"embeddable":true,"href":"https:\/\/talkpal.ai\/lv\/wp-json\/wp\/v2\/comments?post=128345"}],"version-history":[{"count":0,"href":"https:\/\/talkpal.ai\/lv\/wp-json\/wp\/v2\/pages\/128345\/revisions"}],"wp:featuredmedia":[{"embeddable":true,"href":"https:\/\/talkpal.ai\/lv\/wp-json\/wp\/v2\/media\/106167"}],"wp:attachment":[{"href":"https:\/\/talkpal.ai\/lv\/wp-json\/wp\/v2\/media?parent=128345"}],"curies":[{"name":"wp","href":"https:\/\/api.w.org\/{rel}","templated":true}]}}