{"id":127912,"date":"2023-05-14T13:43:38","date_gmt":"2023-05-14T13:43:38","guid":{"rendered":"http:\/\/talkpal.ai\/arabu-gramatika\/"},"modified":"2025-05-21T11:48:27","modified_gmt":"2025-05-21T11:48:27","slug":"arabu-gramatika","status":"publish","type":"page","link":"https:\/\/talkpal.ai\/lv\/arabu-gramatika\/","title":{"rendered":"Ar\u0101bu gramatika"},"content":{"rendered":"\r\n\r\n\r\n<section class=\"languageChallengeSection\">\r\n    <div class=\"languageInfoWrapper\">\r\n        \r\n        <h1>Ar\u0101bu gramatika<\/h1>\r\n        <p>Uzlabojiet savas ar\u0101bu <a href=\"https:\/\/talkpal.ai\/what-language-is-spoken-on-the-international-space-station\/\">valodas<\/a> prasmes, izp\u0113tot b\u016btisk\u0101kos gramatikas j\u0113dzienus un skaidrus, soli pa solim sniegtos skaidrojumus. S\u0101ciet apg\u016bt ar\u0101bu valodas gramatiku tagad un sazinieties ar liel\u0101ku pl\u016bdumu un p\u0101rliec\u012bbu!<\/p>\r\n\r\n                            <a class=\"getStartedHidden\" href=\"https:\/\/app.talkpal.ai\/lv\/signup?lng=\">S\u0101c<\/a>\r\n        \r\n    <\/div>\r\n\r\n    <figure>\r\n    <img decoding=\"async\" width=\"768\" height=\"768\" src=\"https:\/\/talkpal.ai\/wp-content\/uploads\/2023\/06\/arabic-768x768.png\" class=\"languageImage no-lazy\" alt=\"Language learning for linguistic diversity\" fetchpriority=\"high\" sizes=\"(max-width: 768px) 150px, 768px\" srcset=\"https:\/\/talkpal.ai\/wp-content\/uploads\/2023\/06\/arabic-768x768.png 768w, https:\/\/talkpal.ai\/wp-content\/uploads\/2023\/06\/arabic-300x300.png 300w\" \/>\r\n    \r\n\r\n    <\/figure>\r\n\r\n            <a class=\"getStartedVisible\" href=\"https:\/\/app.talkpal.ai\/lv\/signup?lng=\">S\u0101c<\/a>\r\n    \r\n<\/section>\r\n<section class=\"promotionalBanner\">\r\n    <p class=\"promotionalText\">Visefekt\u012bv\u0101kais veids, k\u0101 apg\u016bt valodu<\/p>\r\n    <a class=\"promotionalLink\" href=\"https:\/\/app.talkpal.ai\/lv\/signup?lng=\">Izm\u0113\u0123iniet Talkpal bez maksas<\/a>\r\n<\/section>\n<div class=\"wp-block-group pageContainerStyle\"><div class=\"wp-block-group__inner-container is-layout-constrained wp-block-group-is-layout-constrained\">\n<h2 class=\"wp-block-heading\" id=\"h-the-intricacies-of-arabic-grammar-a-journey-through-its-roots-and-beauty\">Ar\u0101bu gramatikas sare\u017e\u0123\u012bt\u012bba: ce\u013cojums caur t\u0101s sakn\u0113m un skaistumu<\/h2>\n\n\n\n<p><strong>Vai atceraties, kad pirmo reizi s\u0101k\u0101t m\u0101c\u012bties ang\u013cu valodas gramatiku?<\/strong>  \u0160\u0137ietami nebeidzamie noteikumi, iz\u0146\u0113mumi un terminolo\u0123ijas, iesp\u0113jams, reiz\u0113m lika jums justies nom\u0101ktam. Ja pl\u0101nojat apg\u016bt <a href=\"https:\/\/talkpal.ai\/lv\/macities-arabu-valodu-tiessaiste\/\">ar\u0101bu valodu<\/a>, varat b\u016bt dro\u0161i, ka ar\u012b <a href=\"https:\/\/talkpal.ai\/learn-thai\/\">tai<\/a> ir unik\u0101la un sare\u017e\u0123\u012bta gramatikas sist\u0113ma. T\u0101tad, dosimies \u012bs\u0101, bet pam\u0101co\u0161\u0101 ce\u013cojum\u0101 pa ar\u0101bu valodas gramatikas sakn\u0113m un skaistumu.<\/p>\n\n\n\n<p>Vispirms noskaidrosim da\u017eas <strong>galven\u0101s at\u0161\u0137ir\u012bbas starp ar\u0101bu un ang\u013cu valodas gramatiku<\/strong>. Ar\u0101bu valod\u0101 v\u0101rdus iedala tr\u012bs kategorij\u0101s: lietv\u0101rdi, darb\u012bbas v\u0101rdi un da\u013ci\u0146as. At\u0161\u0137ir\u012bb\u0101 no <a href=\"https:\/\/talkpal.ai\/learn-english-with-ai\/\">ang\u013cu<\/a> valodas, ar\u0101bu v\u0101rdi seko sak\u0146u sist\u0113mai, kas noz\u012bm\u0113, ka j\u016bs varat izsekot v\u0101rda galvenajai noz\u012bmei, identific\u0113jot t\u0101 sakni. \u0160\u012b sak\u0146u sist\u0113ma dod ar\u0101bu valodai izcilu dzi\u013cuma un bag\u0101t\u012bbas l\u012bmeni. Neticama lieta ar\u0101bu gramatik\u0101 ir t\u0101s pa\u013cau\u0161an\u0101s uz mode\u013ciem, kas bie\u017ei \u013cauj run\u0101t\u0101jiem rad\u012bt jaunus v\u0101rdus, sekojot noteikt\u0101m strukt\u016br\u0101m.<\/p>\n\n\n\n<p>V\u0113l viens svar\u012bgs <strong>ar\u0101bu valodas gramatikas<\/strong> aspekts ir tas <strong>, ka t\u0101 ir dzimtes valoda,<\/strong> kas noz\u012bm\u0113, ka lietv\u0101rdiem un \u012bpa\u0161\u012bbas v\u0101rdiem ir dzimtes formas. Vai zin\u0101j\u0101t, ka ar\u0101bu valodai papildus vienskait\u013ca un daudzskait\u013ca form\u0101m ir pat div\u0113j\u0101da forma? T\u0101 ir taisn\u012bba! Ar\u0101bu dubult\u0101 forma tiek izmantota, lai nor\u0101d\u012btu p\u0101rus, piem\u0113ram, acis, rokas vai vec\u0101kus. Tas pievieno papildu specifiskuma sl\u0101ni, kas ang\u013cu valodai tr\u016bkst.<\/p>\n\n\n\n<p>Tagad apl\u016bkosim <strong>darb\u012bbas v\u0101rdu loc\u012b\u0161anu ar\u0101bu valod\u0101<\/strong>, kas pati par sevi ir pavisam jauna pasaule. Ar\u0101bu darb\u012bbas v\u0101rdi ir balst\u012bti uz sak\u0146u sist\u0113mu, kas parasti sast\u0101v no trim galvenajiem l\u012bdzska\u0146iem. Sakne nosaka darb\u012bbas v\u0101rda pamatnoz\u012bmi, un, pievienojot patska\u0146u mode\u013cus, j\u016bs izveidojat da\u017e\u0101das darb\u012bbas v\u0101rda formas, kas izsaka da\u017e\u0101das noz\u012bmes un laikus. Piem\u0113ram, patska\u0146u mai\u0146a sakn\u0113 var main\u012bt sasprindzin\u0101jumu no pag\u0101tnes uz tagadni vai p\u0101rv\u0113rst akt\u012bvo darb\u012bbas v\u0101rdu par pas\u012bvu. Diezgan p\u0101rsteidzo\u0161i, vai ne?<\/p>\n\n\n\n<p>V\u0113l viens aizraujo\u0161s ar\u0101bu gramatikas aspekts, par kuru mums j\u0101run\u0101, ir <strong>noteikt\u012bba<\/strong>. Ang\u013cu valod\u0101 m\u0113s lietojam v\u0101rdu &#8220;the&#8221;, lai nor\u0101d\u012btu, ka lietv\u0101rds ir noteikts. Ar\u0101bu valod\u0101 \u0161is j\u0113dziens ir iestr\u0101d\u0101ts ar nelielu da\u013ci\u0146u &#8220;Al-&#8220;, kas tiek pievienota v\u0101rda s\u0101kum\u0101. Ja pirms lietv\u0101rda ir &#8220;Al-&#8220;, lietv\u0101rds k\u013c\u016bst noteikts bez papildu apz\u012bm\u0113t\u0101jiem. T\u0101 viet\u0101, lai ar\u0101bu valod\u0101 teiktu &#8220;m\u0101ja ir liela&#8221;, j\u016bs teiktu &#8220;Al-baytu kabir&#8221;, kur &#8220;Al-baytu&#8221; noz\u012bm\u0113 &#8220;m\u0101ja&#8221;.<\/p>\n\n\n\n<p><strong>Sarunvalodas<\/strong> ar\u0101bu valoda ir dinamisk\u0101ka un pl\u016bsto\u0161\u0101ka nek\u0101 form\u0101l\u0101 ar\u0101bu valoda, k\u0101 tas ir jebkuras valodas gad\u012bjum\u0101. Tom\u0113r ar\u0101bu valodas gramatikas pamatprincipu apg\u016b\u0161ana joproj\u0101m ir b\u016btiska, lai patiesi izprastu un nov\u0113rt\u0113tu valodu. Kad esat ieguvis sak\u0146u mode\u013cus, dzimumu formas un darb\u012bbas v\u0101rdu konjug\u0101cijas, b\u016bs daudz viegl\u0101k atpaz\u012bt un iem\u0101c\u012bties jaunus v\u0101rdus.<\/p>\n\n\n\n<p><strong>Ar\u0101bu valodas gramatikas apguve<\/strong> s\u0101kum\u0101 var \u0161\u0137ist bied\u0113jo\u0161a, ta\u010du ar neatlaid\u012bbu un cent\u012bbu j\u016bs sp\u0113siet nov\u0113rt\u0113t \u0161\u012bs sare\u017e\u0123\u012bt\u0101s valodas skaistumu. T\u0101pat k\u0101 sare\u017e\u0123\u012btas m\u012bklas risin\u0101\u0161ana vai \u0161ifr\u0113ta koda at\u0161ifr\u0113\u0161ana, atl\u012bdz\u012bba sl\u0113pjas gandar\u012bjum\u0101 par ar\u0101bu valodas nosl\u0113pumu atblo\u0137\u0113\u0161anu un iegremd\u0113\u0161anu t\u0101s bag\u0101taj\u0101 kult\u016br\u0101, v\u0113stur\u0113 un literat\u016br\u0101. T\u0101tad, ko j\u016bs v\u0113l gaid\u0101t? Ienirstiet burv\u012bgaj\u0101 ar\u0101bu gramatikas pasaul\u0113 un atkl\u0101jiet sev t\u0101s patieso b\u016bt\u012bbu.<\/p>\n<\/div><\/div>\n\r\n<section class=\"learnNavigationSection\">\r\n            \r\n        <a href=\"https:\/\/talkpal.ai\/lv\/uzziniet-arabu-valodu\/\">\r\n            <div class=\"learnNavigationWrapper\">\r\n                <div class=\"learnNavigationContent\">\r\n                    <img decoding=\"async\" src=\"https:\/\/talkpal.ai\/wp-content\/uploads\/2024\/08\/Arabic.jpg\" alt=\"Arabic Flag\">\r\n                    <div>\r\n                        <h4>Par ar\u0101bu valodas apguvi<\/h4>\r\n                        <p>Uzziniet visu par ar\u0101bu gramatiku.<\/p>\r\n                    <\/div>\r\n                <\/div>\r\n            <\/div>\r\n        <\/a>\r\n\r\n        \r\n        <a href=\"https:\/\/talkpal.ai\/lv\/arabu-valodas-gramatikas-vingrinajumi\/\">\r\n            <div class=\"learnNavigationWrapper\">\r\n                <div class=\"learnNavigationContent\">\r\n                    <img decoding=\"async\" src=\"https:\/\/talkpal.ai\/wp-content\/uploads\/2024\/08\/Arabic.jpg\" alt=\"Arabic Flag\">\r\n                    <div>\r\n                        <h4>Ar\u0101bu valodas gramatikas vingrin\u0101jums<\/h4>\r\n                        <p>Praktiz\u0113jiet ar\u0101bu gramatiku.<\/p>\r\n                    <\/div>\r\n                <\/div>\r\n            <\/div>\r\n        <\/a>\r\n\r\n        \r\n        <a href=\"https:\/\/talkpal.ai\/vocabulary_language\/arabic\/\">\r\n            <div class=\"learnNavigationWrapper\">\r\n                <div class=\"learnNavigationContent\">\r\n                    <img decoding=\"async\" src=\"https:\/\/talkpal.ai\/wp-content\/uploads\/2024\/08\/Arabic.jpg\" alt=\"Arabic Flag\">\r\n                    <div>\r\n                        <h4>Ar\u0101bu valodas v\u0101rdn\u012bca<\/h4>\r\n                        <p>Papla\u0161iniet savu ar\u0101bu valodas v\u0101rdu kr\u0101jumu.<\/p>\r\n                    <\/div>\r\n                <\/div>\r\n            <\/div>\r\n        <\/a>\r\n\r\n            <\/section>","protected":false},"excerpt":{"rendered":"<p>Ar\u0101bu gramatikas sare\u017e\u0123\u012bt\u012bba: ce\u013cojums caur t\u0101s sakn\u0113m un skaistumu Vai atceraties, kad pirmo reizi s\u0101k\u0101t m\u0101c\u012bties ang\u013cu valodas gramatiku? \u0160\u0137ietami nebeidzamie noteikumi, iz\u0146\u0113mumi un terminolo\u0123ijas, iesp\u0113jams, reiz\u0113m lika jums justies nom\u0101ktam. Ja pl\u0101nojat apg\u016bt ar\u0101bu valodu, varat b\u016bt dro\u0161i, ka ar\u012b tai ir unik\u0101la un sare\u017e\u0123\u012bta gramatikas sist\u0113ma. T\u0101tad, dosimies \u012bs\u0101, bet pam\u0101co\u0161\u0101 ce\u013cojum\u0101 pa [&hellip;]<\/p>\n","protected":false},"author":1,"featured_media":105792,"parent":0,"menu_order":0,"comment_status":"closed","ping_status":"closed","template":"LearningContentPage.php","meta":{"_acf_changed":false,"footnotes":""},"class_list":["post-127912","page","type-page","status-publish","has-post-thumbnail","hentry"],"acf":[],"yoast_head":"<!-- This site is optimized with the Yoast SEO Premium plugin v27.2 (Yoast SEO v27.2) - https:\/\/yoast.com\/product\/yoast-seo-premium-wordpress\/ -->\n<title>Ar\u0101bu gramatika - Talkpal<\/title>\n<meta name=\"description\" content=\"Izp\u0113tiet ar\u0101bu valodas gramatikas nianses un atkl\u0101jiet t\u0101s unik\u0101lo strukt\u016bru sal\u012bdzin\u0101jum\u0101 ar ang\u013cu valodas gramatiku.\" \/>\n<meta name=\"robots\" content=\"index, follow, max-snippet:-1, max-image-preview:large, max-video-preview:-1\" \/>\n<link rel=\"canonical\" href=\"https:\/\/talkpal.ai\/lv\/arabu-gramatika\/\" \/>\n<meta property=\"og:locale\" content=\"lv_LV\" \/>\n<meta property=\"og:type\" content=\"article\" \/>\n<meta property=\"og:title\" content=\"Ar\u0101bu gramatika\" \/>\n<meta property=\"og:description\" content=\"Ar\u0101bu gramatikas sare\u017e\u0123\u012bt\u012bba: ce\u013cojums caur t\u0101s sakn\u0113m un skaistumu Vai atceraties, kad pirmo reizi s\u0101k\u0101t m\u0101c\u012bties ang\u013cu valodas gramatiku? \u0160\u0137ietami\" \/>\n<meta property=\"og:url\" content=\"https:\/\/talkpal.ai\/lv\/arabu-gramatika\/\" \/>\n<meta property=\"og:site_name\" content=\"Talkpal\" \/>\n<meta property=\"article:publisher\" content=\"https:\/\/www.facebook.com\/profile.php?id=100090733639311\" \/>\n<meta property=\"article:modified_time\" content=\"2025-05-21T11:48:27+00:00\" \/>\n<meta property=\"og:image\" content=\"https:\/\/talkpal.ai\/wp-content\/uploads\/2023\/04\/arabic-united-arab-emirates.png\" \/>\n\t<meta property=\"og:image:width\" content=\"512\" \/>\n\t<meta property=\"og:image:height\" content=\"512\" \/>\n\t<meta property=\"og:image:type\" content=\"image\/png\" \/>\n<meta name=\"twitter:card\" content=\"summary_large_image\" \/>\n<meta name=\"twitter:site\" content=\"@talkpalai\" \/>\n<meta name=\"twitter:label1\" content=\"Est. reading time\" \/>\n\t<meta name=\"twitter:data1\" content=\"3 minutes\" \/>\n<script type=\"application\/ld+json\" class=\"yoast-schema-graph\">{\"@context\":\"https:\/\/schema.org\",\"@graph\":[{\"@type\":\"WebPage\",\"@id\":\"https:\/\/talkpal.ai\/lv\/arabu-gramatika\/\",\"url\":\"https:\/\/talkpal.ai\/lv\/arabu-gramatika\/\",\"name\":\"Ar\u0101bu gramatika - Talkpal\",\"isPartOf\":{\"@id\":\"https:\/\/talkpal.ai\/lv\/#website\"},\"primaryImageOfPage\":{\"@id\":\"https:\/\/talkpal.ai\/lv\/arabu-gramatika\/#primaryimage\"},\"image\":{\"@id\":\"https:\/\/talkpal.ai\/lv\/arabu-gramatika\/#primaryimage\"},\"thumbnailUrl\":\"https:\/\/talkpal.ai\/wp-content\/uploads\/2023\/04\/arabic-united-arab-emirates.png\",\"datePublished\":\"2023-05-14T13:43:38+00:00\",\"dateModified\":\"2025-05-21T11:48:27+00:00\",\"description\":\"Izp\u0113tiet ar\u0101bu valodas gramatikas nianses un atkl\u0101jiet t\u0101s unik\u0101lo strukt\u016bru sal\u012bdzin\u0101jum\u0101 ar ang\u013cu valodas gramatiku.\",\"breadcrumb\":{\"@id\":\"https:\/\/talkpal.ai\/lv\/arabu-gramatika\/#breadcrumb\"},\"inLanguage\":\"lv-LV\",\"potentialAction\":[{\"@type\":\"ReadAction\",\"target\":[\"https:\/\/talkpal.ai\/lv\/arabu-gramatika\/\"]}]},{\"@type\":\"ImageObject\",\"inLanguage\":\"lv-LV\",\"@id\":\"https:\/\/talkpal.ai\/lv\/arabu-gramatika\/#primaryimage\",\"url\":\"https:\/\/talkpal.ai\/wp-content\/uploads\/2023\/04\/arabic-united-arab-emirates.png\",\"contentUrl\":\"https:\/\/talkpal.ai\/wp-content\/uploads\/2023\/04\/arabic-united-arab-emirates.png\",\"width\":512,\"height\":512},{\"@type\":\"BreadcrumbList\",\"@id\":\"https:\/\/talkpal.ai\/lv\/arabu-gramatika\/#breadcrumb\",\"itemListElement\":[{\"@type\":\"ListItem\",\"position\":1,\"name\":\"Homepage\",\"item\":\"https:\/\/talkpal.ai\/lv\/\"},{\"@type\":\"ListItem\",\"position\":2,\"name\":\"Ar\u0101bu gramatika\"}]},{\"@type\":\"WebSite\",\"@id\":\"https:\/\/talkpal.ai\/lv\/#website\",\"url\":\"https:\/\/talkpal.ai\/lv\/\",\"name\":\"Talkpal\",\"description\":\"AI Language Learning\",\"publisher\":{\"@id\":\"https:\/\/talkpal.ai\/lv\/#organization\"},\"alternateName\":\"Talkpal AI\",\"potentialAction\":[{\"@type\":\"SearchAction\",\"target\":{\"@type\":\"EntryPoint\",\"urlTemplate\":\"https:\/\/talkpal.ai\/lv\/?s={search_term_string}\"},\"query-input\":{\"@type\":\"PropertyValueSpecification\",\"valueRequired\":true,\"valueName\":\"search_term_string\"}}],\"inLanguage\":\"lv-LV\"},{\"@type\":\"Organization\",\"@id\":\"https:\/\/talkpal.ai\/lv\/#organization\",\"name\":\"Talkpal, Inc.\",\"alternateName\":\"Talkpal AI\",\"url\":\"https:\/\/talkpal.ai\/lv\/\",\"logo\":{\"@type\":\"ImageObject\",\"inLanguage\":\"lv-LV\",\"@id\":\"https:\/\/talkpal.ai\/lv\/#\/schema\/logo\/image\/\",\"url\":\"https:\/\/talkpal.ai\/wp-content\/uploads\/2024\/03\/Talkpal-Logo-Icon.png\",\"contentUrl\":\"https:\/\/talkpal.ai\/wp-content\/uploads\/2024\/03\/Talkpal-Logo-Icon.png\",\"width\":2880,\"height\":2880,\"caption\":\"Talkpal, Inc.\"},\"image\":{\"@id\":\"https:\/\/talkpal.ai\/lv\/#\/schema\/logo\/image\/\"},\"sameAs\":[\"https:\/\/www.facebook.com\/profile.php?id=100090733639311\",\"https:\/\/x.com\/talkpalai\",\"https:\/\/www.linkedin.com\/company\/talkpal\/\",\"https:\/\/www.youtube.com\/@TalkPal\/\",\"https:\/\/www.tiktok.com\/@talkpal\",\"https:\/\/www.instagram.com\/talkpal_ai\/\",\"https:\/\/www.crunchbase.com\/organization\/talkpal-9cde\",\"https:\/\/www.g2.com\/products\/talkpal-for-business\/\",\"https:\/\/www.trustpilot.com\/review\/talkpal.ai\",\"https:\/\/www.capterra.com\/p\/10006800\/TalkPal\/\"],\"description\":\"Talkpal is a language learning web and mobile education app, powered by the latest AI technologies, that provides engaging experiences to its customers in many different languages to help them improve their language skills. Users can chat about unlimited amount of topics with the app and use other modes to practice their language learning.\",\"email\":\"support@talkpal.ai\",\"legalName\":\"Talkpal, Inc.\",\"foundingDate\":\"2023-04-03\",\"duns\":\"118989042\",\"numberOfEmployees\":{\"@type\":\"QuantitativeValue\",\"minValue\":\"11\",\"maxValue\":\"50\"},\"publishingPrinciples\":\"https:\/\/talkpal.ai\/publishing-principles\/\",\"actionableFeedbackPolicy\":\"https:\/\/talkpal.ai\/actionable-feedback-policy\/\",\"correctionsPolicy\":\"https:\/\/talkpal.ai\/corrections-policy\/\",\"ethicsPolicy\":\"https:\/\/talkpal.ai\/ethics-policy\/\",\"diversityPolicy\":\"https:\/\/talkpal.ai\/diversity-policy\/\",\"diversityStaffingReport\":\"https:\/\/talkpal.ai\/diversity-policy\/\"}]}<\/script>\n<!-- \/ Yoast SEO Premium plugin. -->","yoast_head_json":{"title":"Ar\u0101bu gramatika - Talkpal","description":"Izp\u0113tiet ar\u0101bu valodas gramatikas nianses un atkl\u0101jiet t\u0101s unik\u0101lo strukt\u016bru sal\u012bdzin\u0101jum\u0101 ar ang\u013cu valodas gramatiku.","robots":{"index":"index","follow":"follow","max-snippet":"max-snippet:-1","max-image-preview":"max-image-preview:large","max-video-preview":"max-video-preview:-1"},"canonical":"https:\/\/talkpal.ai\/lv\/arabu-gramatika\/","og_locale":"lv_LV","og_type":"article","og_title":"Ar\u0101bu gramatika","og_description":"Ar\u0101bu gramatikas sare\u017e\u0123\u012bt\u012bba: ce\u013cojums caur t\u0101s sakn\u0113m un skaistumu Vai atceraties, kad pirmo reizi s\u0101k\u0101t m\u0101c\u012bties ang\u013cu valodas gramatiku? \u0160\u0137ietami","og_url":"https:\/\/talkpal.ai\/lv\/arabu-gramatika\/","og_site_name":"Talkpal","article_publisher":"https:\/\/www.facebook.com\/profile.php?id=100090733639311","article_modified_time":"2025-05-21T11:48:27+00:00","og_image":[{"width":512,"height":512,"url":"https:\/\/talkpal.ai\/wp-content\/uploads\/2023\/04\/arabic-united-arab-emirates.png","type":"image\/png"}],"twitter_card":"summary_large_image","twitter_site":"@talkpalai","twitter_misc":{"Est. reading time":"3 minutes"},"schema":{"@context":"https:\/\/schema.org","@graph":[{"@type":"WebPage","@id":"https:\/\/talkpal.ai\/lv\/arabu-gramatika\/","url":"https:\/\/talkpal.ai\/lv\/arabu-gramatika\/","name":"Ar\u0101bu gramatika - Talkpal","isPartOf":{"@id":"https:\/\/talkpal.ai\/lv\/#website"},"primaryImageOfPage":{"@id":"https:\/\/talkpal.ai\/lv\/arabu-gramatika\/#primaryimage"},"image":{"@id":"https:\/\/talkpal.ai\/lv\/arabu-gramatika\/#primaryimage"},"thumbnailUrl":"https:\/\/talkpal.ai\/wp-content\/uploads\/2023\/04\/arabic-united-arab-emirates.png","datePublished":"2023-05-14T13:43:38+00:00","dateModified":"2025-05-21T11:48:27+00:00","description":"Izp\u0113tiet ar\u0101bu valodas gramatikas nianses un atkl\u0101jiet t\u0101s unik\u0101lo strukt\u016bru sal\u012bdzin\u0101jum\u0101 ar ang\u013cu valodas gramatiku.","breadcrumb":{"@id":"https:\/\/talkpal.ai\/lv\/arabu-gramatika\/#breadcrumb"},"inLanguage":"lv-LV","potentialAction":[{"@type":"ReadAction","target":["https:\/\/talkpal.ai\/lv\/arabu-gramatika\/"]}]},{"@type":"ImageObject","inLanguage":"lv-LV","@id":"https:\/\/talkpal.ai\/lv\/arabu-gramatika\/#primaryimage","url":"https:\/\/talkpal.ai\/wp-content\/uploads\/2023\/04\/arabic-united-arab-emirates.png","contentUrl":"https:\/\/talkpal.ai\/wp-content\/uploads\/2023\/04\/arabic-united-arab-emirates.png","width":512,"height":512},{"@type":"BreadcrumbList","@id":"https:\/\/talkpal.ai\/lv\/arabu-gramatika\/#breadcrumb","itemListElement":[{"@type":"ListItem","position":1,"name":"Homepage","item":"https:\/\/talkpal.ai\/lv\/"},{"@type":"ListItem","position":2,"name":"Ar\u0101bu gramatika"}]},{"@type":"WebSite","@id":"https:\/\/talkpal.ai\/lv\/#website","url":"https:\/\/talkpal.ai\/lv\/","name":"Talkpal","description":"AI Language Learning","publisher":{"@id":"https:\/\/talkpal.ai\/lv\/#organization"},"alternateName":"Talkpal AI","potentialAction":[{"@type":"SearchAction","target":{"@type":"EntryPoint","urlTemplate":"https:\/\/talkpal.ai\/lv\/?s={search_term_string}"},"query-input":{"@type":"PropertyValueSpecification","valueRequired":true,"valueName":"search_term_string"}}],"inLanguage":"lv-LV"},{"@type":"Organization","@id":"https:\/\/talkpal.ai\/lv\/#organization","name":"Talkpal, Inc.","alternateName":"Talkpal AI","url":"https:\/\/talkpal.ai\/lv\/","logo":{"@type":"ImageObject","inLanguage":"lv-LV","@id":"https:\/\/talkpal.ai\/lv\/#\/schema\/logo\/image\/","url":"https:\/\/talkpal.ai\/wp-content\/uploads\/2024\/03\/Talkpal-Logo-Icon.png","contentUrl":"https:\/\/talkpal.ai\/wp-content\/uploads\/2024\/03\/Talkpal-Logo-Icon.png","width":2880,"height":2880,"caption":"Talkpal, Inc."},"image":{"@id":"https:\/\/talkpal.ai\/lv\/#\/schema\/logo\/image\/"},"sameAs":["https:\/\/www.facebook.com\/profile.php?id=100090733639311","https:\/\/x.com\/talkpalai","https:\/\/www.linkedin.com\/company\/talkpal\/","https:\/\/www.youtube.com\/@TalkPal\/","https:\/\/www.tiktok.com\/@talkpal","https:\/\/www.instagram.com\/talkpal_ai\/","https:\/\/www.crunchbase.com\/organization\/talkpal-9cde","https:\/\/www.g2.com\/products\/talkpal-for-business\/","https:\/\/www.trustpilot.com\/review\/talkpal.ai","https:\/\/www.capterra.com\/p\/10006800\/TalkPal\/"],"description":"Talkpal is a language learning web and mobile education app, powered by the latest AI technologies, that provides engaging experiences to its customers in many different languages to help them improve their language skills. Users can chat about unlimited amount of topics with the app and use other modes to practice their language learning.","email":"support@talkpal.ai","legalName":"Talkpal, Inc.","foundingDate":"2023-04-03","duns":"118989042","numberOfEmployees":{"@type":"QuantitativeValue","minValue":"11","maxValue":"50"},"publishingPrinciples":"https:\/\/talkpal.ai\/publishing-principles\/","actionableFeedbackPolicy":"https:\/\/talkpal.ai\/actionable-feedback-policy\/","correctionsPolicy":"https:\/\/talkpal.ai\/corrections-policy\/","ethicsPolicy":"https:\/\/talkpal.ai\/ethics-policy\/","diversityPolicy":"https:\/\/talkpal.ai\/diversity-policy\/","diversityStaffingReport":"https:\/\/talkpal.ai\/diversity-policy\/"}]}},"_links":{"self":[{"href":"https:\/\/talkpal.ai\/lv\/wp-json\/wp\/v2\/pages\/127912","targetHints":{"allow":["GET"]}}],"collection":[{"href":"https:\/\/talkpal.ai\/lv\/wp-json\/wp\/v2\/pages"}],"about":[{"href":"https:\/\/talkpal.ai\/lv\/wp-json\/wp\/v2\/types\/page"}],"author":[{"embeddable":true,"href":"https:\/\/talkpal.ai\/lv\/wp-json\/wp\/v2\/users\/1"}],"replies":[{"embeddable":true,"href":"https:\/\/talkpal.ai\/lv\/wp-json\/wp\/v2\/comments?post=127912"}],"version-history":[{"count":0,"href":"https:\/\/talkpal.ai\/lv\/wp-json\/wp\/v2\/pages\/127912\/revisions"}],"wp:featuredmedia":[{"embeddable":true,"href":"https:\/\/talkpal.ai\/lv\/wp-json\/wp\/v2\/media\/105792"}],"wp:attachment":[{"href":"https:\/\/talkpal.ai\/lv\/wp-json\/wp\/v2\/media?parent=127912"}],"curies":[{"name":"wp","href":"https:\/\/api.w.org\/{rel}","templated":true}]}}