{"id":126744,"date":"2023-03-26T12:27:22","date_gmt":"2023-03-26T12:27:22","guid":{"rendered":"http:\/\/talkpal.ai\/italu-valodas-gramatika\/"},"modified":"2025-05-22T18:44:08","modified_gmt":"2025-05-22T18:44:08","slug":"italu-valodas-gramatika","status":"publish","type":"page","link":"https:\/\/talkpal.ai\/lv\/italu-valodas-gramatika\/","title":{"rendered":"It\u0101\u013cu valodas gramatika"},"content":{"rendered":"\r\n\r\n\r\n<section class=\"languageChallengeSection\">\r\n    <div class=\"languageInfoWrapper\">\r\n        \r\n        <h1>It\u0101\u013cu valodas gramatika<\/h1>\r\n        <p>Atkl\u0101jiet <a href=\"https:\/\/talkpal.ai\/lv\/italu-valodas-kursi-2\/\">it\u0101\u013cu valodas<\/a> pamatus, apg\u016bstot t\u0101s gramatikas pamatnoteikumus. <a href=\"https:\/\/talkpal.ai\/lv\/italu-valodas-kursi-2\/\">It\u0101\u013cu valodas<\/a> gramatikas apguve pal\u012bdz\u0113s jums p\u0101rliecino\u0161i izteikties un dzi\u013c\u0101k iepaz\u012bt It\u0101lijas bag\u0101to kult\u016bru. S\u0101ciet apg\u016bt it\u0101\u013cu <a href=\"https:\/\/talkpal.ai\/what-language-is-spoken-on-the-international-space-station\/\">valodas<\/a> gramatiku jau \u0161odien un speriet pirmo soli ce\u013c\u0101 uz valodas prasmes apguvi!<\/p>\r\n\r\n                            <a class=\"getStartedHidden\" href=\"https:\/\/app.talkpal.ai\/lv\/signup?lng=\">S\u0101c<\/a>\r\n        \r\n    <\/div>\r\n\r\n    <figure>\r\n    <img decoding=\"async\" width=\"768\" height=\"768\" src=\"https:\/\/talkpal.ai\/wp-content\/uploads\/2023\/06\/italian-768x768.png\" class=\"languageImage no-lazy\" alt=\"Language learning for increased memory capacity\" fetchpriority=\"high\" sizes=\"(max-width: 768px) 150px, 768px\" srcset=\"https:\/\/talkpal.ai\/wp-content\/uploads\/2023\/06\/italian-768x768.png 768w, https:\/\/talkpal.ai\/wp-content\/uploads\/2023\/06\/italian-300x300.png 300w\" \/>\r\n    \r\n\r\n    <\/figure>\r\n\r\n            <a class=\"getStartedVisible\" href=\"https:\/\/app.talkpal.ai\/lv\/signup?lng=\">S\u0101c<\/a>\r\n    \r\n<\/section>\r\n        <section class=\"grammarSection\">\r\n            <div class=\"grammarLinks\">\r\n                <a href=\"https:\/\/talkpal.ai\/lv\/language\/adverbs-italu-gramatika\/\">Adverbs <\/a><a href=\"https:\/\/talkpal.ai\/lv\/language\/darbibas-vardi-italu-gramatika\/\">Darb\u012bbas v\u0101rdi <\/a><a href=\"https:\/\/talkpal.ai\/lv\/language\/ipasibas-vardi-italu-gramatika\/\">\u012apa\u0161\u012bbas v\u0101rdi <\/a><a href=\"https:\/\/talkpal.ai\/lv\/language\/lietvardi-italu-gramatika\/\">Lietv\u0101rdi <\/a><a href=\"https:\/\/talkpal.ai\/lv\/language\/noliegums-un-pratinasana-italu-gramatika\/\">Noliegums un pratin\u0101\u0161ana <\/a><a href=\"https:\/\/talkpal.ai\/lv\/language\/prievardi-italu-valodas-gramatika\/\">Priev\u0101rdi <\/a><a href=\"https:\/\/talkpal.ai\/lv\/language\/savienojumi-italu-gramatika\/\">Savienojumi <\/a><a href=\"https:\/\/talkpal.ai\/lv\/language\/sintakse-un-teikuma-struktura-italu-valodas-gramatika\/\">Sintakse un teikuma strukt\u016bra <\/a><a href=\"https:\/\/talkpal.ai\/lv\/language\/vietniekvardi-italu-gramatika\/\">Vietniekv\u0101rdi <\/a>            <\/div>\r\n        <\/section>\r\n    <section class=\"promotionalBanner\">\r\n    <p class=\"promotionalText\">Visefekt\u012bv\u0101kais veids, k\u0101 apg\u016bt valodu<\/p>\r\n    <a class=\"promotionalLink\" href=\"https:\/\/app.talkpal.ai\/lv\/signup?lng=\">Izm\u0113\u0123iniet Talkpal bez maksas<\/a>\r\n<\/section>\n<div class=\"wp-block-group pageContainerStyle\"><div class=\"wp-block-group__inner-container is-layout-constrained wp-block-group-is-layout-constrained\">\n<h2 class=\"wp-block-heading\" id=\"h-mastering-the-art-of-italian-grammar-your-ultimate-guide\">It\u0101\u013cu valodas gramatikas m\u0101kslas apguve: gal\u012bgais ce\u013cvedis<\/h2>\n\n\n\n<p>Ciao, <a href=\"https:\/\/talkpal.ai\/talkpal-discount-for-language-enthusiasts\/\">valodu entuziasti<\/a>! Vai esat gatavi ar pilnu sparu ienirt it\u0101\u013cu valodas gramatikas pasaul\u0113? J\u016bs esat non\u0101cis \u012bstaj\u0101 viet\u0101. \u0160is raksts, kas ir pilns ar viegli uztveramu un sarunvalodas valod\u0101 ietur\u0113tu inform\u0101ciju, pal\u012bdz\u0113s jums izprast aizraujo\u0161o (un da\u017ek\u0101rt sare\u017e\u0123\u012bto) it\u0101\u013cu valodas gramatikas pasauli, lai j\u016bs var\u0113tu dro\u0161i veidot teikumus un risin\u0101t j\u0113gpilnas sarunas ar dzimt\u0101s valodas run\u0101t\u0101jiem. T\u0101p\u0113c piespr\u0101dz\u0113jieties un s\u0101ksim!<\/p>\n\n\n\n<h3 class=\"wp-block-heading\" id=\"h-but-first-why-italian-grammar\">Bet vispirms, k\u0101p\u0113c it\u0101\u013cu valodas gramatika?<\/h3>\n\n\n\n<p>Ja apg\u016bstat it\u0101\u013cu valodu, lai br\u012bvi run\u0101tu, las\u012btu un rakst\u012btu, \u013coti svar\u012bgi ir labi apg\u016bt gramatiku. S\u0101kum\u0101 it\u0101\u013cu valodas <a href=\"https:\/\/talkpal.ai\/sq\/gramatika\/\">gramatika<\/a> var \u0161\u0137ist sare\u017e\u0123\u012bta, ta\u010du t\u0101 ir sal\u012bdzino\u0161i vienk\u0101r\u0161a, tikl\u012bdz to sadal\u0101t maz\u0101kos, viegl\u0101k p\u0101rvald\u0101mos gabali\u0146os. S\u0101ksim j\u016bsu ce\u013cojumu uz it\u0101\u013cu valodas gramatikas apguvi!<\/p>\n\n\n\n<h3 class=\"wp-block-heading\" id=\"h-1-nouns-articles-and-gender\">1. Lietv\u0101rdi, lietv\u0101rdi un dzimtes<\/h3>\n\n\n\n<p>It\u0101\u013cu valodas lietv\u0101rdi ir divu dzimtu: v\u012brie\u0161u un sievie\u0161u dzimt\u0113. At\u0161\u0137ir\u012bb\u0101 no <a href=\"https:\/\/talkpal.ai\/learn-english-with-ai\/\">ang\u013cu<\/a> valodas, kur lietv\u0101rda dzimtei nav noz\u012bmes, it\u0101\u013cu valod\u0101 teikuma pareizai uzb\u016bvei ir nepiecie\u0161ams pareizais dzimums. Vai j\u016bs varat uzmin\u0113t t\u0101du lietv\u0101rdu dzimtes k\u0101 tavolo (galds) vai casa (m\u0101ja)? Ja esat uzmin\u0113ju\u0161i v\u012brie\u0161u dzimtes v\u0101rdu tavolo un sievie\u0161u dzimtes v\u0101rdu casa, bravo!<\/p>\n\n\n\n<p>It\u0101\u013cu valod\u0101 lietv\u0101rdi parasti beidzas ar galotni &#8220;-o&#8221; v\u012brie\u0161u dzimt\u0113 un &#8220;-a&#8221; sievie\u0161u dzimt\u0113. Ir iz\u0146\u0113mumi &#8211; da\u017ei v\u0101rdi beidzas ar &#8220;-e&#8221; un var b\u016bt jebkura dzimuma v\u0101rdi, bet pagaid\u0101m atcer\u0113simies \u0161o pamatprincipu.<\/p>\n\n\n\n<p>Tagad parun\u0101sim par rakstiem. L\u012bdz\u012bgi k\u0101 ang\u013cu valod\u0101, ar\u012b \u0161eit pirms lietv\u0101rdiem ir nepiecie\u0161ami artikul\u0101ri. It\u0101\u013cu valod\u0101 ir noteikti (il, lo, la, i, gli, le) un nenoteikti artikuli (un, uno, una).<\/p>\n\n\n\n<p>K\u0101 izv\u0113l\u0113ties, kuru galotni lietot?<\/p>\n\n\n\n<p>&#8211; &#8220;il&#8221; un &#8220;i&#8221; v\u012brie\u0161u dzimtes lietv\u0101rdiem, kas s\u0101kas ar l\u012bdzska\u0146u, piem\u0113ram, il libro (gr\u0101mata), i libri (gr\u0101matas).<br\/>&#8211; &#8220;lo&#8221; un &#8220;gli&#8221; v\u012brie\u0161u dzimtes lietv\u0101rdiem, kas s\u0101kas ar &#8220;s&#8221;, kam seko l\u012bdzskanis, patskanis (iz\u0146emot &#8220;u&#8221;) vai &#8220;z&#8221;, piem\u0113ram, lo <a href=\"https:\/\/talkpal.ai\/talkpal-discount-for-students\/\">studente<\/a> (students), gli studenti (studenti).<br\/>&#8211; &#8220;la&#8221; un &#8220;le&#8221; sievie\u0161u dzimtes lietv\u0101rdiem, piem\u0113ram, la casa (m\u0101ja), le case (m\u0101jas).<\/p>\n\n\n\n<h3 class=\"wp-block-heading\" id=\"h-2-adjectives-and-agreement\">2. Piel\u0101dz\u012bbas v\u0101rdi un vieno\u0161an\u0101s<\/h3>\n\n\n\n<p>It\u0101\u013cu valod\u0101 \u012bpa\u0161\u012bbas v\u0101rdiem j\u0101b\u016bt saska\u0146otiem ar lietv\u0101rdu, ko tie p\u0101rveido, dzimtes un skait\u013ca zi\u0146\u0101. Piem\u0113ram, lai aprakst\u012btu gardu picu, j\u016bs teiksiet &#8220;una pizza deliziosa&#8221;, nevis &#8220;delizioso&#8221;. Atcerieties, ka it\u0101\u013cu valod\u0101 \u012bpa\u0161\u012bbas v\u0101rds parasti seko aiz lietv\u0101rda.<\/p>\n\n\n\n<h3 class=\"wp-block-heading\" id=\"h-3-verbs-tense-and-conjugation\">3. Darb\u012bbas v\u0101rdi, laiki un loc\u012b\u0161ana<\/h3>\n\n\n\n<p>It\u0101\u013cu valodas darb\u012bbas v\u0101rdi ir b\u016btiska gramatikas da\u013ca. Ir tr\u012bs darb\u012bbas v\u0101rdu kategorijas (-are, -ere un -ire) un daudz neregul\u0101ru darb\u012bbas v\u0101rdu, t\u0101p\u0113c mums ir daudz darba! Lai sniegtu \u012bsu p\u0101rskatu, apl\u016bkosim regul\u0101ro darb\u012bbas v\u0101rdu tagadnes laiku.<\/p>\n\n\n\n<p>&#8211; &#8220;-are&#8221; darb\u012bbas v\u0101rdi: piem\u0113ram, parlare (run\u0101t): io parlo, tu parli, lui\/lei parla, noi parliamo, voi parlate, loro parlano.<br\/>&#8211; &#8220;-ere&#8221; darb\u012bbas v\u0101rdi: piem\u0113ram, leggere (las\u012bt): io leggo, tu leggi, lui\/lei legge, noi leggiamo, voi leggete, loro leggono<br\/>&#8211; &#8220;-ire&#8221; darb\u012bbas v\u0101rdi: piem\u0113ram, finire (pabeigt): io finisco, tu finisci, lui\/lei finisce, noi finiamo, voi finite, loro finiscono.<\/p>\n\n\n\n<p>Paturiet pr\u0101t\u0101, ka tas ir tikai aisberga virsotne! Ir v\u0113l daudz citu laiku un neregul\u0101ro darb\u012bbas v\u0101rdu, kas j\u0101apg\u016bst, ta\u010du katrs ce\u013cojums s\u0101kas ar vienu soli.<\/p>\n\n\n\n<h3 class=\"wp-block-heading\" id=\"h-4-prepositions-pronouns-and-more\">4. Priek\u0161locek\u013ci, vietniekv\u0101rdi un daudz kas cits!<\/h3>\n\n\n\n<p>It\u0101\u013cu valodas gramatik\u0101 ir daudz citu komponentu, piem\u0113ram, priev\u0101rdi (di, a, da, in, su utt.), vietniekv\u0101rdi (io, tu, lui\/lei utt.), atgriezeniskie darb\u012bbas v\u0101rdi un idiom\u0101tiski izteicieni. Katrs komponents ir atsl\u0113ga, lai atrais\u012btu j\u016bsu zin\u0101\u0161anu pl\u016bsmu, t\u0101p\u0113c veiciet to soli pa solim.<\/p>\n\n\n\n<p>Nobeigum\u0101 var teikt, ka nav \u012bsa ce\u013ca, k\u0101 apg\u016bt it\u0101\u013cu valodas gramatiku. Tas prasa neatlaid\u012bbu, praksi un paciet\u012bbu. Ta\u010du, tikl\u012bdz j\u016bs to apg\u016bsiet, j\u016bs var\u0113siet izbaud\u012bt it\u0101\u013cu valodas skaistumu, iepaz\u012bt t\u0101s bag\u0101to kult\u016bru un v\u0113sturi, k\u0101 ar\u012b padzi\u013cin\u0101t savu izpratni par \u0161o valodu. Buona fortuna!<\/p>\n<\/div><\/div>\n\r\n<section class=\"learnNavigationSection\">\r\n            \r\n        <a href=\"https:\/\/talkpal.ai\/lv\/macities-italu-valodu\/\">\r\n            <div class=\"learnNavigationWrapper\">\r\n                <div class=\"learnNavigationContent\">\r\n                    <img decoding=\"async\" src=\"https:\/\/talkpal.ai\/wp-content\/uploads\/2024\/08\/Italian.jpg\" alt=\"Italian Flag\">\r\n                    <div>\r\n                        <h4>Par it\u0101\u013cu valodas apguvi<\/h4>\r\n                        <p>Uzziniet visu par it\u0101\u013cu valodas gramatiku.<\/p>\r\n                    <\/div>\r\n                <\/div>\r\n            <\/div>\r\n        <\/a>\r\n\r\n        \r\n        <a href=\"https:\/\/talkpal.ai\/lv\/italu-valodas-gramatikas-vingrinajumi\/\">\r\n            <div class=\"learnNavigationWrapper\">\r\n                <div class=\"learnNavigationContent\">\r\n                    <img decoding=\"async\" src=\"https:\/\/talkpal.ai\/wp-content\/uploads\/2024\/08\/Italian.jpg\" alt=\"Italian Flag\">\r\n                    <div>\r\n                        <h4>It\u0101\u013cu valodas gramatikas vingrin\u0101jums<\/h4>\r\n                        <p>Praktiz\u0113jiet it\u0101\u013cu valodas gramatiku.<\/p>\r\n                    <\/div>\r\n                <\/div>\r\n            <\/div>\r\n        <\/a>\r\n\r\n        \r\n        <a href=\"https:\/\/talkpal.ai\/vocabulary_language\/italian\/\">\r\n            <div class=\"learnNavigationWrapper\">\r\n                <div class=\"learnNavigationContent\">\r\n                    <img decoding=\"async\" src=\"https:\/\/talkpal.ai\/wp-content\/uploads\/2024\/08\/Italian.jpg\" alt=\"Italian Flag\">\r\n                    <div>\r\n                        <h4>It\u0101\u013cu valodas v\u0101rdn\u012bca<\/h4>\r\n                        <p>Papla\u0161iniet savu it\u0101\u013cu valodas v\u0101rdu kr\u0101jumu.<\/p>\r\n                    <\/div>\r\n                <\/div>\r\n            <\/div>\r\n        <\/a>\r\n\r\n            <\/section>","protected":false},"excerpt":{"rendered":"<p>It\u0101\u013cu valodas gramatikas m\u0101kslas apguve: gal\u012bgais ce\u013cvedis Ciao, valodu entuziasti! Vai esat gatavi ar pilnu sparu ienirt it\u0101\u013cu valodas gramatikas pasaul\u0113? J\u016bs esat non\u0101cis \u012bstaj\u0101 viet\u0101. \u0160is raksts, kas ir pilns ar viegli uztveramu un sarunvalodas valod\u0101 ietur\u0113tu inform\u0101ciju, pal\u012bdz\u0113s jums izprast aizraujo\u0161o (un da\u017ek\u0101rt sare\u017e\u0123\u012bto) it\u0101\u013cu valodas gramatikas pasauli, lai j\u016bs var\u0113tu dro\u0161i veidot [&hellip;]<\/p>\n","protected":false},"author":1,"featured_media":76120,"parent":0,"menu_order":0,"comment_status":"closed","ping_status":"closed","template":"LearningContentPage.php","meta":{"_acf_changed":false,"footnotes":""},"class_list":["post-126744","page","type-page","status-publish","has-post-thumbnail","hentry"],"acf":[],"yoast_head":"<!-- This site is optimized with the Yoast SEO Premium plugin v27.2 (Yoast SEO v27.2) - https:\/\/yoast.com\/product\/yoast-seo-premium-wordpress\/ -->\n<title>It\u0101\u013cu valodas gramatika - Talkpal<\/title>\n<meta name=\"description\" content=\"Viegli apg\u016bstiet it\u0101\u013cu valodas gramatiku - praktiz\u0113jiet skaidri, izprotiet noteikumus un run\u0101jiet lab\u0101k, izmantojot vienk\u0101r\u0161us nor\u0101d\u012bjumus no Talkpal AI.\" \/>\n<meta name=\"robots\" content=\"index, follow, max-snippet:-1, max-image-preview:large, max-video-preview:-1\" \/>\n<link rel=\"canonical\" href=\"https:\/\/talkpal.ai\/lv\/italu-valodas-gramatika\/\" \/>\n<meta property=\"og:locale\" content=\"lv_LV\" \/>\n<meta property=\"og:type\" content=\"article\" \/>\n<meta property=\"og:title\" content=\"It\u0101\u013cu valodas gramatika\" \/>\n<meta property=\"og:description\" content=\"It\u0101\u013cu valodas gramatikas m\u0101kslas apguve: gal\u012bgais ce\u013cvedis Ciao, valodu entuziasti! Vai esat gatavi ar pilnu sparu ienirt it\u0101\u013cu valodas gramatikas\" \/>\n<meta property=\"og:url\" content=\"https:\/\/talkpal.ai\/lv\/italu-valodas-gramatika\/\" \/>\n<meta property=\"og:site_name\" content=\"Talkpal\" \/>\n<meta property=\"article:publisher\" content=\"https:\/\/www.facebook.com\/profile.php?id=100090733639311\" \/>\n<meta property=\"article:modified_time\" content=\"2025-05-22T18:44:08+00:00\" \/>\n<meta property=\"og:image\" content=\"https:\/\/talkpal.ai\/wp-content\/uploads\/2023\/03\/italy.png\" \/>\n\t<meta property=\"og:image:width\" content=\"512\" \/>\n\t<meta property=\"og:image:height\" content=\"512\" \/>\n\t<meta property=\"og:image:type\" content=\"image\/png\" \/>\n<meta name=\"twitter:card\" content=\"summary_large_image\" \/>\n<meta name=\"twitter:site\" content=\"@talkpalai\" \/>\n<meta name=\"twitter:label1\" content=\"Est. reading time\" \/>\n\t<meta name=\"twitter:data1\" content=\"4 minutes\" \/>\n<script type=\"application\/ld+json\" class=\"yoast-schema-graph\">{\"@context\":\"https:\/\/schema.org\",\"@graph\":[{\"@type\":\"WebPage\",\"@id\":\"https:\/\/talkpal.ai\/lv\/italu-valodas-gramatika\/\",\"url\":\"https:\/\/talkpal.ai\/lv\/italu-valodas-gramatika\/\",\"name\":\"It\u0101\u013cu valodas gramatika - Talkpal\",\"isPartOf\":{\"@id\":\"https:\/\/talkpal.ai\/lv\/#website\"},\"primaryImageOfPage\":{\"@id\":\"https:\/\/talkpal.ai\/lv\/italu-valodas-gramatika\/#primaryimage\"},\"image\":{\"@id\":\"https:\/\/talkpal.ai\/lv\/italu-valodas-gramatika\/#primaryimage\"},\"thumbnailUrl\":\"https:\/\/talkpal.ai\/wp-content\/uploads\/2023\/03\/italy.png\",\"datePublished\":\"2023-03-26T12:27:22+00:00\",\"dateModified\":\"2025-05-22T18:44:08+00:00\",\"description\":\"Viegli apg\u016bstiet it\u0101\u013cu valodas gramatiku - praktiz\u0113jiet skaidri, izprotiet noteikumus un run\u0101jiet lab\u0101k, izmantojot vienk\u0101r\u0161us nor\u0101d\u012bjumus no Talkpal AI.\",\"breadcrumb\":{\"@id\":\"https:\/\/talkpal.ai\/lv\/italu-valodas-gramatika\/#breadcrumb\"},\"inLanguage\":\"lv-LV\",\"potentialAction\":[{\"@type\":\"ReadAction\",\"target\":[\"https:\/\/talkpal.ai\/lv\/italu-valodas-gramatika\/\"]}]},{\"@type\":\"ImageObject\",\"inLanguage\":\"lv-LV\",\"@id\":\"https:\/\/talkpal.ai\/lv\/italu-valodas-gramatika\/#primaryimage\",\"url\":\"https:\/\/talkpal.ai\/wp-content\/uploads\/2023\/03\/italy.png\",\"contentUrl\":\"https:\/\/talkpal.ai\/wp-content\/uploads\/2023\/03\/italy.png\",\"width\":512,\"height\":512,\"caption\":\"TalkPal AI learn Italian\"},{\"@type\":\"BreadcrumbList\",\"@id\":\"https:\/\/talkpal.ai\/lv\/italu-valodas-gramatika\/#breadcrumb\",\"itemListElement\":[{\"@type\":\"ListItem\",\"position\":1,\"name\":\"Homepage\",\"item\":\"https:\/\/talkpal.ai\/lv\/\"},{\"@type\":\"ListItem\",\"position\":2,\"name\":\"It\u0101\u013cu valodas gramatika\"}]},{\"@type\":\"WebSite\",\"@id\":\"https:\/\/talkpal.ai\/lv\/#website\",\"url\":\"https:\/\/talkpal.ai\/lv\/\",\"name\":\"Talkpal\",\"description\":\"AI Language Learning\",\"publisher\":{\"@id\":\"https:\/\/talkpal.ai\/lv\/#organization\"},\"alternateName\":\"Talkpal AI\",\"potentialAction\":[{\"@type\":\"SearchAction\",\"target\":{\"@type\":\"EntryPoint\",\"urlTemplate\":\"https:\/\/talkpal.ai\/lv\/?s={search_term_string}\"},\"query-input\":{\"@type\":\"PropertyValueSpecification\",\"valueRequired\":true,\"valueName\":\"search_term_string\"}}],\"inLanguage\":\"lv-LV\"},{\"@type\":\"Organization\",\"@id\":\"https:\/\/talkpal.ai\/lv\/#organization\",\"name\":\"Talkpal, Inc.\",\"alternateName\":\"Talkpal AI\",\"url\":\"https:\/\/talkpal.ai\/lv\/\",\"logo\":{\"@type\":\"ImageObject\",\"inLanguage\":\"lv-LV\",\"@id\":\"https:\/\/talkpal.ai\/lv\/#\/schema\/logo\/image\/\",\"url\":\"https:\/\/talkpal.ai\/wp-content\/uploads\/2024\/03\/Talkpal-Logo-Icon.png\",\"contentUrl\":\"https:\/\/talkpal.ai\/wp-content\/uploads\/2024\/03\/Talkpal-Logo-Icon.png\",\"width\":2880,\"height\":2880,\"caption\":\"Talkpal, Inc.\"},\"image\":{\"@id\":\"https:\/\/talkpal.ai\/lv\/#\/schema\/logo\/image\/\"},\"sameAs\":[\"https:\/\/www.facebook.com\/profile.php?id=100090733639311\",\"https:\/\/x.com\/talkpalai\",\"https:\/\/www.linkedin.com\/company\/talkpal\/\",\"https:\/\/www.youtube.com\/@TalkPal\/\",\"https:\/\/www.tiktok.com\/@talkpal\",\"https:\/\/www.instagram.com\/talkpal_ai\/\",\"https:\/\/www.crunchbase.com\/organization\/talkpal-9cde\",\"https:\/\/www.g2.com\/products\/talkpal-for-business\/\",\"https:\/\/www.trustpilot.com\/review\/talkpal.ai\",\"https:\/\/www.capterra.com\/p\/10006800\/TalkPal\/\"],\"description\":\"Talkpal is a language learning web and mobile education app, powered by the latest AI technologies, that provides engaging experiences to its customers in many different languages to help them improve their language skills. Users can chat about unlimited amount of topics with the app and use other modes to practice their language learning.\",\"email\":\"support@talkpal.ai\",\"legalName\":\"Talkpal, Inc.\",\"foundingDate\":\"2023-04-03\",\"duns\":\"118989042\",\"numberOfEmployees\":{\"@type\":\"QuantitativeValue\",\"minValue\":\"11\",\"maxValue\":\"50\"},\"publishingPrinciples\":\"https:\/\/talkpal.ai\/publishing-principles\/\",\"actionableFeedbackPolicy\":\"https:\/\/talkpal.ai\/actionable-feedback-policy\/\",\"correctionsPolicy\":\"https:\/\/talkpal.ai\/corrections-policy\/\",\"ethicsPolicy\":\"https:\/\/talkpal.ai\/ethics-policy\/\",\"diversityPolicy\":\"https:\/\/talkpal.ai\/diversity-policy\/\",\"diversityStaffingReport\":\"https:\/\/talkpal.ai\/diversity-policy\/\"}]}<\/script>\n<!-- \/ Yoast SEO Premium plugin. -->","yoast_head_json":{"title":"It\u0101\u013cu valodas gramatika - Talkpal","description":"Viegli apg\u016bstiet it\u0101\u013cu valodas gramatiku - praktiz\u0113jiet skaidri, izprotiet noteikumus un run\u0101jiet lab\u0101k, izmantojot vienk\u0101r\u0161us nor\u0101d\u012bjumus no Talkpal AI.","robots":{"index":"index","follow":"follow","max-snippet":"max-snippet:-1","max-image-preview":"max-image-preview:large","max-video-preview":"max-video-preview:-1"},"canonical":"https:\/\/talkpal.ai\/lv\/italu-valodas-gramatika\/","og_locale":"lv_LV","og_type":"article","og_title":"It\u0101\u013cu valodas gramatika","og_description":"It\u0101\u013cu valodas gramatikas m\u0101kslas apguve: gal\u012bgais ce\u013cvedis Ciao, valodu entuziasti! Vai esat gatavi ar pilnu sparu ienirt it\u0101\u013cu valodas gramatikas","og_url":"https:\/\/talkpal.ai\/lv\/italu-valodas-gramatika\/","og_site_name":"Talkpal","article_publisher":"https:\/\/www.facebook.com\/profile.php?id=100090733639311","article_modified_time":"2025-05-22T18:44:08+00:00","og_image":[{"width":512,"height":512,"url":"https:\/\/talkpal.ai\/wp-content\/uploads\/2023\/03\/italy.png","type":"image\/png"}],"twitter_card":"summary_large_image","twitter_site":"@talkpalai","twitter_misc":{"Est. reading time":"4 minutes"},"schema":{"@context":"https:\/\/schema.org","@graph":[{"@type":"WebPage","@id":"https:\/\/talkpal.ai\/lv\/italu-valodas-gramatika\/","url":"https:\/\/talkpal.ai\/lv\/italu-valodas-gramatika\/","name":"It\u0101\u013cu valodas gramatika - Talkpal","isPartOf":{"@id":"https:\/\/talkpal.ai\/lv\/#website"},"primaryImageOfPage":{"@id":"https:\/\/talkpal.ai\/lv\/italu-valodas-gramatika\/#primaryimage"},"image":{"@id":"https:\/\/talkpal.ai\/lv\/italu-valodas-gramatika\/#primaryimage"},"thumbnailUrl":"https:\/\/talkpal.ai\/wp-content\/uploads\/2023\/03\/italy.png","datePublished":"2023-03-26T12:27:22+00:00","dateModified":"2025-05-22T18:44:08+00:00","description":"Viegli apg\u016bstiet it\u0101\u013cu valodas gramatiku - praktiz\u0113jiet skaidri, izprotiet noteikumus un run\u0101jiet lab\u0101k, izmantojot vienk\u0101r\u0161us nor\u0101d\u012bjumus no Talkpal AI.","breadcrumb":{"@id":"https:\/\/talkpal.ai\/lv\/italu-valodas-gramatika\/#breadcrumb"},"inLanguage":"lv-LV","potentialAction":[{"@type":"ReadAction","target":["https:\/\/talkpal.ai\/lv\/italu-valodas-gramatika\/"]}]},{"@type":"ImageObject","inLanguage":"lv-LV","@id":"https:\/\/talkpal.ai\/lv\/italu-valodas-gramatika\/#primaryimage","url":"https:\/\/talkpal.ai\/wp-content\/uploads\/2023\/03\/italy.png","contentUrl":"https:\/\/talkpal.ai\/wp-content\/uploads\/2023\/03\/italy.png","width":512,"height":512,"caption":"TalkPal AI learn Italian"},{"@type":"BreadcrumbList","@id":"https:\/\/talkpal.ai\/lv\/italu-valodas-gramatika\/#breadcrumb","itemListElement":[{"@type":"ListItem","position":1,"name":"Homepage","item":"https:\/\/talkpal.ai\/lv\/"},{"@type":"ListItem","position":2,"name":"It\u0101\u013cu valodas gramatika"}]},{"@type":"WebSite","@id":"https:\/\/talkpal.ai\/lv\/#website","url":"https:\/\/talkpal.ai\/lv\/","name":"Talkpal","description":"AI Language Learning","publisher":{"@id":"https:\/\/talkpal.ai\/lv\/#organization"},"alternateName":"Talkpal AI","potentialAction":[{"@type":"SearchAction","target":{"@type":"EntryPoint","urlTemplate":"https:\/\/talkpal.ai\/lv\/?s={search_term_string}"},"query-input":{"@type":"PropertyValueSpecification","valueRequired":true,"valueName":"search_term_string"}}],"inLanguage":"lv-LV"},{"@type":"Organization","@id":"https:\/\/talkpal.ai\/lv\/#organization","name":"Talkpal, Inc.","alternateName":"Talkpal AI","url":"https:\/\/talkpal.ai\/lv\/","logo":{"@type":"ImageObject","inLanguage":"lv-LV","@id":"https:\/\/talkpal.ai\/lv\/#\/schema\/logo\/image\/","url":"https:\/\/talkpal.ai\/wp-content\/uploads\/2024\/03\/Talkpal-Logo-Icon.png","contentUrl":"https:\/\/talkpal.ai\/wp-content\/uploads\/2024\/03\/Talkpal-Logo-Icon.png","width":2880,"height":2880,"caption":"Talkpal, Inc."},"image":{"@id":"https:\/\/talkpal.ai\/lv\/#\/schema\/logo\/image\/"},"sameAs":["https:\/\/www.facebook.com\/profile.php?id=100090733639311","https:\/\/x.com\/talkpalai","https:\/\/www.linkedin.com\/company\/talkpal\/","https:\/\/www.youtube.com\/@TalkPal\/","https:\/\/www.tiktok.com\/@talkpal","https:\/\/www.instagram.com\/talkpal_ai\/","https:\/\/www.crunchbase.com\/organization\/talkpal-9cde","https:\/\/www.g2.com\/products\/talkpal-for-business\/","https:\/\/www.trustpilot.com\/review\/talkpal.ai","https:\/\/www.capterra.com\/p\/10006800\/TalkPal\/"],"description":"Talkpal is a language learning web and mobile education app, powered by the latest AI technologies, that provides engaging experiences to its customers in many different languages to help them improve their language skills. Users can chat about unlimited amount of topics with the app and use other modes to practice their language learning.","email":"support@talkpal.ai","legalName":"Talkpal, Inc.","foundingDate":"2023-04-03","duns":"118989042","numberOfEmployees":{"@type":"QuantitativeValue","minValue":"11","maxValue":"50"},"publishingPrinciples":"https:\/\/talkpal.ai\/publishing-principles\/","actionableFeedbackPolicy":"https:\/\/talkpal.ai\/actionable-feedback-policy\/","correctionsPolicy":"https:\/\/talkpal.ai\/corrections-policy\/","ethicsPolicy":"https:\/\/talkpal.ai\/ethics-policy\/","diversityPolicy":"https:\/\/talkpal.ai\/diversity-policy\/","diversityStaffingReport":"https:\/\/talkpal.ai\/diversity-policy\/"}]}},"_links":{"self":[{"href":"https:\/\/talkpal.ai\/lv\/wp-json\/wp\/v2\/pages\/126744","targetHints":{"allow":["GET"]}}],"collection":[{"href":"https:\/\/talkpal.ai\/lv\/wp-json\/wp\/v2\/pages"}],"about":[{"href":"https:\/\/talkpal.ai\/lv\/wp-json\/wp\/v2\/types\/page"}],"author":[{"embeddable":true,"href":"https:\/\/talkpal.ai\/lv\/wp-json\/wp\/v2\/users\/1"}],"replies":[{"embeddable":true,"href":"https:\/\/talkpal.ai\/lv\/wp-json\/wp\/v2\/comments?post=126744"}],"version-history":[{"count":0,"href":"https:\/\/talkpal.ai\/lv\/wp-json\/wp\/v2\/pages\/126744\/revisions"}],"wp:featuredmedia":[{"embeddable":true,"href":"https:\/\/talkpal.ai\/lv\/wp-json\/wp\/v2\/media\/76120"}],"wp:attachment":[{"href":"https:\/\/talkpal.ai\/lv\/wp-json\/wp\/v2\/media?parent=126744"}],"curies":[{"name":"wp","href":"https:\/\/api.w.org\/{rel}","templated":true}]}}