{"id":124430,"date":"2023-03-26T11:55:54","date_gmt":"2023-03-26T11:55:54","guid":{"rendered":"http:\/\/talkpal.ai\/spanu-valodas-gramatika\/"},"modified":"2025-05-22T18:50:55","modified_gmt":"2025-05-22T18:50:55","slug":"spanu-valodas-gramatika","status":"publish","type":"page","link":"https:\/\/talkpal.ai\/lv\/spanu-valodas-gramatika\/","title":{"rendered":"Sp\u0101\u0146u valodas gramatika"},"content":{"rendered":"\r\n\r\n\r\n<section class=\"languageChallengeSection\">\r\n    <div class=\"languageInfoWrapper\">\r\n        \r\n        <h1>Sp\u0101\u0146u valodas gramatika<\/h1>\r\n        <p>Iegremd\u0113jiet <a href=\"https:\/\/talkpal.ai\/lv\/spanu-valodas-apguve\/\">sp\u0101\u0146u valodas<\/a> dinamisko pasauli, apg\u016bstot t\u0101s b\u016btisk\u0101kos gramatikas noteikumus. Sp\u0101\u0146u <a href=\"https:\/\/talkpal.ai\/what-language-is-spoken-on-the-international-space-station\/\">valodas<\/a> gramatikas izpratne pal\u012bdz\u0113s jums dro\u0161i sazin\u0101ties un veidot jaunus kontaktus ar miljoniem cilv\u0113ku vis\u0101 pasaul\u0113. S\u0101ciet apg\u016bt <a href=\"https:\/\/talkpal.ai\/lv\/spanu-valodas-apguve\/\">sp\u0101\u0146u valodas<\/a> gramatiku jau \u0161odien un speriet pirmo soli ce\u013c\u0101 uz valodas zin\u0101\u0161anu apguvi!<\/p>\r\n\r\n                            <a class=\"getStartedHidden\" href=\"https:\/\/app.talkpal.ai\/lv\/signup?lng=\">S\u0101c<\/a>\r\n        \r\n    <\/div>\r\n\r\n    <figure>\r\n    <img decoding=\"async\" width=\"768\" height=\"768\" src=\"https:\/\/talkpal.ai\/wp-content\/uploads\/2023\/06\/Spanish-768x768.png\" class=\"languageImage no-lazy\" alt=\"Practical application of language learning\" fetchpriority=\"high\" sizes=\"(max-width: 768px) 150px, 768px\" srcset=\"https:\/\/talkpal.ai\/wp-content\/uploads\/2023\/06\/Spanish-768x768.png 768w, https:\/\/talkpal.ai\/wp-content\/uploads\/2023\/06\/Spanish-300x300.png 300w\" \/>\r\n    \r\n\r\n    <\/figure>\r\n\r\n            <a class=\"getStartedVisible\" href=\"https:\/\/app.talkpal.ai\/lv\/signup?lng=\">S\u0101c<\/a>\r\n    \r\n<\/section>\r\n        <section class=\"grammarSection\">\r\n            <div class=\"grammarLinks\">\r\n                <a href=\"https:\/\/talkpal.ai\/lv\/language\/adverbs-spanu-gramatika\/\">Adverbs <\/a><a href=\"https:\/\/talkpal.ai\/lv\/language\/darbibas-vardi-spanu-gramatika\/\">Darb\u012bbas v\u0101rdi <\/a><a href=\"https:\/\/talkpal.ai\/lv\/language\/ipasibas-vardi-spanu-gramatika\/\">\u012apa\u0161\u012bbas v\u0101rdi <\/a><a href=\"https:\/\/talkpal.ai\/lv\/language\/laiki-indikativi-spanu-gramatika\/\">Laiki indikat\u012bvi <\/a><a href=\"https:\/\/talkpal.ai\/lv\/language\/laiki-subjunktivs-spanu-gramatika\/\">Laiki Subjunkt\u012bvs <\/a><a href=\"https:\/\/talkpal.ai\/lv\/language\/lietvardi-spanu-gramatika\/\">Lietv\u0101rdi <\/a><a href=\"https:\/\/talkpal.ai\/lv\/language\/prieksvardi-spanu-gramatika\/\">Priek\u0161v\u0101rdi <\/a><a href=\"https:\/\/talkpal.ai\/lv\/language\/raksti-spanu-gramatika\/\">Raksti <\/a><a href=\"https:\/\/talkpal.ai\/lv\/language\/teikuma-struktura-spanu-gramatika\/\">Teikuma strukt\u016bra <\/a><a href=\"https:\/\/talkpal.ai\/lv\/language\/vietniekvardi-spanu-gramatika\/\">Vietniekv\u0101rdi <\/a>            <\/div>\r\n        <\/section>\r\n    <section class=\"promotionalBanner\">\r\n    <p class=\"promotionalText\"><\/p>\r\n    <a class=\"promotionalLink\" href=\"https:\/\/app.talkpal.ai\/lv\/signup?lng=\"><\/a>\r\n<\/section>\n<div class=\"wp-block-group pageContainerStyle\"><div class=\"wp-block-group__inner-container is-layout-constrained wp-block-group-is-layout-constrained\">\n<h2 class=\"wp-block-heading\" id=\"h-a-quick-guide-to-learning-spanish-grammar\">\u012ass ce\u013cvedis sp\u0101\u0146u valodas gramatikas apguv\u0113<\/h2>\n\n\n\n<p>Ja k\u0101dreiz esat dom\u0101jis par jaunas valodas apguvi, past\u0101v liela iesp\u0113ja, ka <a href=\"https:\/\/talkpal.ai\/learn-spanish\/\">sp\u0101\u0146u valoda<\/a> ir bijusi j\u016bsu pr\u0101t\u0101. <a href=\"https:\/\/talkpal.ai\/learn-spanish\/\">Sp\u0101\u0146u valoda<\/a> k\u0101 viena no visvair\u0101k run\u0101taj\u0101m valod\u0101m vis\u0101 pasaul\u0113 pied\u0101v\u0101 daudzas priek\u0161roc\u012bbas person\u012bgajai un profesion\u0101lajai izaugsmei. Sp\u0101\u0146u valodas apguve ne tikai \u013caus jums piek\u013c\u016bt jaun\u0101m kult\u016br\u0101m, bet ar\u012b uzlabos j\u016bsu komunik\u0101cijas prasmes. Lai gan daudzi cilv\u0113ki baid\u0101s sap\u012bties gramatikas likumos, j\u016bs varat atviegloti uzelpot, jo <a href=\"https:\/\/talkpal.ai\/spanish-grammar\/\">sp\u0101\u0146u valodas gramatika<\/a> ir sal\u012bdzino\u0161i vienk\u0101r\u0161a. \u0160aj\u0101 rakst\u0101 m\u0113s sniegsim jums \u012bsu ce\u013cvedi, kas pal\u012bdz\u0113s jums orient\u0113ties aizraujo\u0161aj\u0101 sp\u0101\u0146u valodas gramatikas pasaul\u0113 k\u0101 profesion\u0101lim!<\/p>\n\n\n\n<h3 class=\"wp-block-heading\" id=\"h-1-understanding-spanish-nouns-and-articles\">1. Sp\u0101\u0146u lietv\u0101rdu un rakstu izpratne<\/h3>\n\n\n\n<p>Sp\u0101\u0146u lietv\u0101rdi, t\u0101pat k\u0101 <a href=\"https:\/\/talkpal.ai\/learn-english-with-ai\/\">ang\u013cu<\/a> valod\u0101, tiek izmantoti, lai identific\u0113tu cilv\u0113kus, vietas, objektus, idejas un j\u016btas. Pirmais noteikums, kas j\u0101atceras par sp\u0101\u0146u lietv\u0101rdiem, ir tas, ka vi\u0146iem ir dzimums. Sp\u0101\u0146u lietv\u0101rdi ir vai nu v\u012bri\u0161\u0137\u012bgi, vai sievi\u0161\u0137\u012bgi. Piem\u0113ram, &#8220;libro&#8221; (gr\u0101mata) ir v\u012brie\u0161u dzimt\u0113, bet &#8220;casa&#8221; (m\u0101ja) ir sievie\u0161u dzimt\u0113. Daudzos gad\u012bjumos lietv\u0101rdi ar galotni &#8216;o&#8217; ir v\u012brie\u0161u dzimt\u0113, savuk\u0101rt lietv\u0101rdi ar galotni &#8216;a&#8217; ir sievie\u0161u dzimt\u0113.<\/p>\n\n\n\n<p>Sp\u0101\u0146u valodas v\u0101rdi ir l\u012bdz\u012bgi ang\u013cu valodas v\u0101rda &#8216;the&#8217;, &#8216;a&#8217; vai &#8216;an&#8217; formulai. Tie ir b\u016btiska valodas da\u013ca, jo tiem ir j\u0101piekr\u012bt to aprakst\u012bt\u0101 lietv\u0101rda dzimumam un skaitam. Ir \u010detru veidu sp\u0101\u0146u raksti:<\/p>\n\n\n\n<p>&#8211; <strong>Noteico\u0161ie artikuli:<\/strong> el (v\u012brie\u0161u dzimtes vienskait\u013ca forma), la (sievie\u0161u dzimtes vienskait\u013ca forma), los (v\u012brie\u0161u dzimtes daudzskait\u013ca forma) un las (sievie\u0161u dzimtes daudzskait\u013ca forma).<br\/>&#8211; <strong>Nenoteiktie artikuli:<\/strong> un (v\u012brie\u0161u dzimt\u0113 vienskaitl\u012b), una (sievie\u0161u dzimt\u0113 vienskaitl\u012b), unos (v\u012brie\u0161u dzimt\u0113 daudzskaitl\u012b), un unas (sievie\u0161u dzimt\u0113 daudzskaitl\u012b).<\/p>\n\n\n\n<h3 class=\"wp-block-heading\" id=\"h-2-slaying-spanish-verbs-conjugation-and-tenses\">2. Sp\u0101\u0146u darb\u012bbas v\u0101rdu noslepkavo\u0161ana: konjug\u0101cija un sasprindzin\u0101jums<\/h3>\n\n\n\n<p>Viens no svar\u012bg\u0101kajiem sp\u0101\u0146u valodas gramatikas apguves aspektiem ir darb\u012bbas v\u0101rdu konjug\u0101cijas izpratne. Konjug\u0101cija noz\u012bm\u0113 vienk\u0101r\u0161i darb\u012bbas v\u0101rda saknes formas mai\u0146u, lai t\u0101 atbilstu darb\u012bbas subjektam un laikam. Piem\u0113ram, sp\u0101\u0146u valod\u0101 j\u016bs sak\u0101t &#8220;Yo como&#8221; (es \u0113du) un &#8220;\u00e9l come&#8221; (vi\u0146\u0161 \u0113d). Iev\u0113rojiet, ka darb\u012bbas v\u0101rds comer (\u0113st) maina savu formu, mainot t\u0113mu.<\/p>\n\n\n\n<p><strong>Da\u017ei izplat\u012bti regul\u0101ri darb\u012bbas v\u0101rdi sp\u0101\u0146u valod\u0101 ietver:<\/strong><\/p>\n\n\n\n<p>&#8211; AR darb\u012bbas v\u0101rdi: hablar (run\u0101t), amar (m\u012bl\u0113t) un bailar (dejot).<br\/>&#8211; ER darb\u012bbas v\u0101rdi: comer (\u0113st), aprender (m\u0101c\u012bties) un vender (p\u0101rdot).<br\/>&#8211; IR darb\u012bbas v\u0101rdi: vivir (dz\u012bvot), escribir (rakst\u012bt) un descubrir (atkl\u0101t).<\/p>\n\n\n\n<p>T\u0101pat k\u0101 ang\u013cu valod\u0101, sp\u0101\u0146u valod\u0101 ir vair\u0101ki darb\u012bbas v\u0101rdi, lai apz\u012bm\u0113tu laiku, kad notiek darb\u012bba. Visb\u016btisk\u0101kie no tiem ir:<\/p>\n\n\n\n<p><strong>&#8211; D\u0101vanas<\/strong><br\/><strong>&#8211; Preter\u012bts<\/strong><br\/><strong>&#8211; Nepiln\u012bgs<\/strong><br\/><strong>&#8211; N\u0101kotne<\/strong><br\/><strong>&#8211; Nosac\u012bjums<\/strong><br\/><strong>&#8211; Tagadnes subjunkt\u012bvs<\/strong><br\/><strong>&#8211; Imperfekt\u012bvais subjunkt\u012bvs<\/strong><\/p>\n\n\n\n<p>Neuztraucieties, m\u0101coties visus darb\u012bbas v\u0101rdu laikus uzreiz. Veiciet tos pa vienam un tren\u0113jieties, l\u012bdz jums ir \u0113rti tos izmantot.<\/p>\n\n\n\n<h3 class=\"wp-block-heading\" id=\"h-3-creating-sentences-with-spanish-adjectives-and-adverbs\">3. Teikumu veido\u0161ana ar sp\u0101\u0146u \u012bpa\u0161\u012bbas v\u0101rdiem un adverbiem<\/h3>\n\n\n\n<p>\u012apa\u0161\u012bbas v\u0101rdiem un adverbiem ir b\u016btiska loma sp\u0101\u0146u valodas teikumu veido\u0161an\u0101. \u012apa\u0161\u012bbas v\u0101rdi apraksta lietv\u0101rdu \u012bpa\u0161\u012bbas vai \u012bpa\u0161\u012bbas, bet adverbi apraksta darb\u012bbas vai darb\u012bbas v\u0101rdus. Sp\u0101\u0146u valod\u0101 \u012bpa\u0161\u012bbas v\u0101rdiem ir j\u0101piekr\u012bt lietv\u0101rdam, ko tie apraksta, gan dzimum\u0101, gan skait\u0101.<\/p>\n\n\n\n<p>Viena no galvenaj\u0101m at\u0161\u0137ir\u012bb\u0101m starp sp\u0101\u0146u un ang\u013cu valodu ir \u012bpa\u0161\u012bbas v\u0101rdu sec\u012bba. Sp\u0101\u0146u valodas \u012bpa\u0161\u012bbas v\u0101rdi parasti ir aiz lietv\u0101rda, piem\u0113ram, &#8220;un coche rojo&#8221; (sarkans auto).<\/p>\n\n\n\n<p>No otras puses, sp\u0101\u0146u adverbi nekad nemain\u0101s p\u0113c dzimuma vai skaita. T\u0101pat k\u0101 ang\u013cu valod\u0101, ar\u012b \u0161aj\u0101 valod\u0101 apst\u0101k\u013ca v\u0101rdi parasti ir aiz darb\u012bbas v\u0101rda, kuru tie p\u0101rveido, piem\u0113ram, &#8220;Ella habla r\u00e1pidamente&#8221; (Vi\u0146a run\u0101 \u0101tri).<\/p>\n\n\n\n<h3 class=\"wp-block-heading\" id=\"h-conclusion\">Secin\u0101jums<\/h3>\n\n\n\n<p>Sp\u0101\u0146u valodas gramatika jums nav j\u0101baid\u0101s! Protams, tas prasa praksi, ta\u010du, iev\u0113rojot \u0161\u012bs vienk\u0101r\u0161\u0101s vadl\u012bnijas, j\u016bs b\u016bsiet ce\u013c\u0101 uz to, lai k\u013c\u016btu par izcilu sp\u0101\u0146u valodas run\u0101t\u0101ju. Atcerieties vienm\u0113r iesaist\u012bties valod\u0101 jautr\u0101, sarunvalodas veid\u0101, izp\u0113tot lietv\u0101rdus, darb\u012bbas v\u0101rdus, \u012bpa\u0161\u012bbas v\u0101rdus un adverbus. Turpiniet praktiz\u0113t, pie\u0146emiet kult\u016bru un \u013caujiet savam sp\u0101\u0146u ce\u013cojumam izv\u0113rsties. \u00a1Buena suerte!<\/p>\n<\/div><\/div>\n\r\n<section class=\"learnNavigationSection\">\r\n            \r\n        <a href=\"https:\/\/talkpal.ai\/lv\/spanu-valodas-apguve\/\">\r\n            <div class=\"learnNavigationWrapper\">\r\n                <div class=\"learnNavigationContent\">\r\n                    <img decoding=\"async\" src=\"https:\/\/talkpal.ai\/wp-content\/uploads\/2024\/08\/Spanish.jpg\" alt=\"Spanish Flag\">\r\n                    <div>\r\n                        <h4>Par sp\u0101\u0146u valodas apguvi<\/h4>\r\n                        <p>Uzziniet visu par sp\u0101\u0146u valodas gramatiku.<\/p>\r\n                    <\/div>\r\n                <\/div>\r\n            <\/div>\r\n        <\/a>\r\n\r\n        \r\n        <a href=\"https:\/\/talkpal.ai\/lv\/spanu-valodas-gramatikas-vingrinajumi\/\">\r\n            <div class=\"learnNavigationWrapper\">\r\n                <div class=\"learnNavigationContent\">\r\n                    <img decoding=\"async\" src=\"https:\/\/talkpal.ai\/wp-content\/uploads\/2024\/08\/Spanish.jpg\" alt=\"Spanish Flag\">\r\n                    <div>\r\n                        <h4>Sp\u0101\u0146u valodas gramatikas vingrin\u0101jums<\/h4>\r\n                        <p>Praktiz\u0113jiet sp\u0101\u0146u valodas gramatiku.<\/p>\r\n                    <\/div>\r\n                <\/div>\r\n            <\/div>\r\n        <\/a>\r\n\r\n        \r\n        <a href=\"https:\/\/talkpal.ai\/vocabulary_language\/spanish\/\">\r\n            <div class=\"learnNavigationWrapper\">\r\n                <div class=\"learnNavigationContent\">\r\n                    <img decoding=\"async\" src=\"https:\/\/talkpal.ai\/wp-content\/uploads\/2024\/08\/Spanish.jpg\" alt=\"Spanish Flag\">\r\n                    <div>\r\n                        <h4>Sp\u0101\u0146u valodas v\u0101rdn\u012bca<\/h4>\r\n                        <p>Papla\u0161iniet sp\u0101\u0146u valodas v\u0101rdu kr\u0101jumu.<\/p>\r\n                    <\/div>\r\n                <\/div>\r\n            <\/div>\r\n        <\/a>\r\n\r\n            <\/section>","protected":false},"excerpt":{"rendered":"<p>\u012ass ce\u013cvedis sp\u0101\u0146u valodas gramatikas apguv\u0113 Ja k\u0101dreiz esat dom\u0101jis par jaunas valodas apguvi, past\u0101v liela iesp\u0113ja, ka sp\u0101\u0146u valoda ir bijusi j\u016bsu pr\u0101t\u0101. Sp\u0101\u0146u valoda k\u0101 viena no visvair\u0101k run\u0101taj\u0101m valod\u0101m vis\u0101 pasaul\u0113 pied\u0101v\u0101 daudzas priek\u0161roc\u012bbas person\u012bgajai un profesion\u0101lajai izaugsmei. Sp\u0101\u0146u valodas apguve ne tikai \u013caus jums piek\u013c\u016bt jaun\u0101m kult\u016br\u0101m, bet ar\u012b uzlabos j\u016bsu [&hellip;]<\/p>\n","protected":false},"author":1,"featured_media":75281,"parent":0,"menu_order":0,"comment_status":"closed","ping_status":"closed","template":"LearningContentPage.php","meta":{"_acf_changed":false,"footnotes":""},"class_list":["post-124430","page","type-page","status-publish","has-post-thumbnail","hentry"],"acf":[],"yoast_head":"<!-- This site is optimized with the Yoast SEO Premium plugin v27.2 (Yoast SEO v27.2) - https:\/\/yoast.com\/product\/yoast-seo-premium-wordpress\/ -->\n<title>Sp\u0101\u0146u valodas gramatika - Talkpal<\/title>\n<meta name=\"description\" content=\"Uzlabojiet sp\u0101\u0146u valodas gramatikas prasmes, izmantojot interakt\u012bvus vingrin\u0101jumus, kas paredz\u0113ti visiem prasmju l\u012bme\u0146iem. Efekt\u012bvi praktiz\u0113jiet sp\u0101\u0146u valodu!\" \/>\n<meta name=\"robots\" content=\"index, follow, max-snippet:-1, max-image-preview:large, max-video-preview:-1\" \/>\n<link rel=\"canonical\" href=\"https:\/\/talkpal.ai\/lv\/spanu-valodas-gramatika\/\" \/>\n<meta property=\"og:locale\" content=\"lv_LV\" \/>\n<meta property=\"og:type\" content=\"article\" \/>\n<meta property=\"og:title\" content=\"Sp\u0101\u0146u valodas gramatika\" \/>\n<meta property=\"og:description\" content=\"\u012ass ce\u013cvedis sp\u0101\u0146u valodas gramatikas apguv\u0113 Ja k\u0101dreiz esat dom\u0101jis par jaunas valodas apguvi, past\u0101v liela iesp\u0113ja, ka sp\u0101\u0146u valoda ir bijusi j\u016bsu\" \/>\n<meta property=\"og:url\" content=\"https:\/\/talkpal.ai\/lv\/spanu-valodas-gramatika\/\" \/>\n<meta property=\"og:site_name\" content=\"Talkpal\" \/>\n<meta property=\"article:publisher\" content=\"https:\/\/www.facebook.com\/profile.php?id=100090733639311\" \/>\n<meta property=\"article:modified_time\" content=\"2025-05-22T18:50:55+00:00\" \/>\n<meta property=\"og:image\" content=\"https:\/\/talkpal.ai\/wp-content\/uploads\/2023\/03\/spain.png\" \/>\n\t<meta property=\"og:image:width\" content=\"512\" \/>\n\t<meta property=\"og:image:height\" content=\"512\" \/>\n\t<meta property=\"og:image:type\" content=\"image\/png\" \/>\n<meta name=\"twitter:card\" content=\"summary_large_image\" \/>\n<meta name=\"twitter:site\" content=\"@talkpalai\" \/>\n<meta name=\"twitter:label1\" content=\"Est. reading time\" \/>\n\t<meta name=\"twitter:data1\" content=\"4 minutes\" \/>\n<script type=\"application\/ld+json\" class=\"yoast-schema-graph\">{\"@context\":\"https:\/\/schema.org\",\"@graph\":[{\"@type\":\"WebPage\",\"@id\":\"https:\/\/talkpal.ai\/lv\/spanu-valodas-gramatika\/\",\"url\":\"https:\/\/talkpal.ai\/lv\/spanu-valodas-gramatika\/\",\"name\":\"Sp\u0101\u0146u valodas gramatika - Talkpal\",\"isPartOf\":{\"@id\":\"https:\/\/talkpal.ai\/lv\/#website\"},\"primaryImageOfPage\":{\"@id\":\"https:\/\/talkpal.ai\/lv\/spanu-valodas-gramatika\/#primaryimage\"},\"image\":{\"@id\":\"https:\/\/talkpal.ai\/lv\/spanu-valodas-gramatika\/#primaryimage\"},\"thumbnailUrl\":\"https:\/\/talkpal.ai\/wp-content\/uploads\/2023\/03\/spain.png\",\"datePublished\":\"2023-03-26T11:55:54+00:00\",\"dateModified\":\"2025-05-22T18:50:55+00:00\",\"description\":\"Uzlabojiet sp\u0101\u0146u valodas gramatikas prasmes, izmantojot interakt\u012bvus vingrin\u0101jumus, kas paredz\u0113ti visiem prasmju l\u012bme\u0146iem. Efekt\u012bvi praktiz\u0113jiet sp\u0101\u0146u valodu!\",\"breadcrumb\":{\"@id\":\"https:\/\/talkpal.ai\/lv\/spanu-valodas-gramatika\/#breadcrumb\"},\"inLanguage\":\"lv-LV\",\"potentialAction\":[{\"@type\":\"ReadAction\",\"target\":[\"https:\/\/talkpal.ai\/lv\/spanu-valodas-gramatika\/\"]}]},{\"@type\":\"ImageObject\",\"inLanguage\":\"lv-LV\",\"@id\":\"https:\/\/talkpal.ai\/lv\/spanu-valodas-gramatika\/#primaryimage\",\"url\":\"https:\/\/talkpal.ai\/wp-content\/uploads\/2023\/03\/spain.png\",\"contentUrl\":\"https:\/\/talkpal.ai\/wp-content\/uploads\/2023\/03\/spain.png\",\"width\":512,\"height\":512,\"caption\":\"TalkPal AI learn Spanish\"},{\"@type\":\"BreadcrumbList\",\"@id\":\"https:\/\/talkpal.ai\/lv\/spanu-valodas-gramatika\/#breadcrumb\",\"itemListElement\":[{\"@type\":\"ListItem\",\"position\":1,\"name\":\"Homepage\",\"item\":\"https:\/\/talkpal.ai\/lv\/\"},{\"@type\":\"ListItem\",\"position\":2,\"name\":\"Sp\u0101\u0146u valodas gramatika\"}]},{\"@type\":\"WebSite\",\"@id\":\"https:\/\/talkpal.ai\/lv\/#website\",\"url\":\"https:\/\/talkpal.ai\/lv\/\",\"name\":\"Talkpal\",\"description\":\"AI Language Learning\",\"publisher\":{\"@id\":\"https:\/\/talkpal.ai\/lv\/#organization\"},\"alternateName\":\"Talkpal AI\",\"potentialAction\":[{\"@type\":\"SearchAction\",\"target\":{\"@type\":\"EntryPoint\",\"urlTemplate\":\"https:\/\/talkpal.ai\/lv\/?s={search_term_string}\"},\"query-input\":{\"@type\":\"PropertyValueSpecification\",\"valueRequired\":true,\"valueName\":\"search_term_string\"}}],\"inLanguage\":\"lv-LV\"},{\"@type\":\"Organization\",\"@id\":\"https:\/\/talkpal.ai\/lv\/#organization\",\"name\":\"Talkpal, Inc.\",\"alternateName\":\"Talkpal AI\",\"url\":\"https:\/\/talkpal.ai\/lv\/\",\"logo\":{\"@type\":\"ImageObject\",\"inLanguage\":\"lv-LV\",\"@id\":\"https:\/\/talkpal.ai\/lv\/#\/schema\/logo\/image\/\",\"url\":\"https:\/\/talkpal.ai\/wp-content\/uploads\/2024\/03\/Talkpal-Logo-Icon.png\",\"contentUrl\":\"https:\/\/talkpal.ai\/wp-content\/uploads\/2024\/03\/Talkpal-Logo-Icon.png\",\"width\":2880,\"height\":2880,\"caption\":\"Talkpal, Inc.\"},\"image\":{\"@id\":\"https:\/\/talkpal.ai\/lv\/#\/schema\/logo\/image\/\"},\"sameAs\":[\"https:\/\/www.facebook.com\/profile.php?id=100090733639311\",\"https:\/\/x.com\/talkpalai\",\"https:\/\/www.linkedin.com\/company\/talkpal\/\",\"https:\/\/www.youtube.com\/@TalkPal\/\",\"https:\/\/www.tiktok.com\/@talkpal\",\"https:\/\/www.instagram.com\/talkpal_ai\/\",\"https:\/\/www.crunchbase.com\/organization\/talkpal-9cde\",\"https:\/\/www.g2.com\/products\/talkpal-for-business\/\",\"https:\/\/www.trustpilot.com\/review\/talkpal.ai\",\"https:\/\/www.capterra.com\/p\/10006800\/TalkPal\/\"],\"description\":\"Talkpal is a language learning web and mobile education app, powered by the latest AI technologies, that provides engaging experiences to its customers in many different languages to help them improve their language skills. Users can chat about unlimited amount of topics with the app and use other modes to practice their language learning.\",\"email\":\"support@talkpal.ai\",\"legalName\":\"Talkpal, Inc.\",\"foundingDate\":\"2023-04-03\",\"duns\":\"118989042\",\"numberOfEmployees\":{\"@type\":\"QuantitativeValue\",\"minValue\":\"11\",\"maxValue\":\"50\"},\"publishingPrinciples\":\"https:\/\/talkpal.ai\/publishing-principles\/\",\"actionableFeedbackPolicy\":\"https:\/\/talkpal.ai\/actionable-feedback-policy\/\",\"correctionsPolicy\":\"https:\/\/talkpal.ai\/corrections-policy\/\",\"ethicsPolicy\":\"https:\/\/talkpal.ai\/ethics-policy\/\",\"diversityPolicy\":\"https:\/\/talkpal.ai\/diversity-policy\/\",\"diversityStaffingReport\":\"https:\/\/talkpal.ai\/diversity-policy\/\"}]}<\/script>\n<!-- \/ Yoast SEO Premium plugin. -->","yoast_head_json":{"title":"Sp\u0101\u0146u valodas gramatika - Talkpal","description":"Uzlabojiet sp\u0101\u0146u valodas gramatikas prasmes, izmantojot interakt\u012bvus vingrin\u0101jumus, kas paredz\u0113ti visiem prasmju l\u012bme\u0146iem. Efekt\u012bvi praktiz\u0113jiet sp\u0101\u0146u valodu!","robots":{"index":"index","follow":"follow","max-snippet":"max-snippet:-1","max-image-preview":"max-image-preview:large","max-video-preview":"max-video-preview:-1"},"canonical":"https:\/\/talkpal.ai\/lv\/spanu-valodas-gramatika\/","og_locale":"lv_LV","og_type":"article","og_title":"Sp\u0101\u0146u valodas gramatika","og_description":"\u012ass ce\u013cvedis sp\u0101\u0146u valodas gramatikas apguv\u0113 Ja k\u0101dreiz esat dom\u0101jis par jaunas valodas apguvi, past\u0101v liela iesp\u0113ja, ka sp\u0101\u0146u valoda ir bijusi j\u016bsu","og_url":"https:\/\/talkpal.ai\/lv\/spanu-valodas-gramatika\/","og_site_name":"Talkpal","article_publisher":"https:\/\/www.facebook.com\/profile.php?id=100090733639311","article_modified_time":"2025-05-22T18:50:55+00:00","og_image":[{"width":512,"height":512,"url":"https:\/\/talkpal.ai\/wp-content\/uploads\/2023\/03\/spain.png","type":"image\/png"}],"twitter_card":"summary_large_image","twitter_site":"@talkpalai","twitter_misc":{"Est. reading time":"4 minutes"},"schema":{"@context":"https:\/\/schema.org","@graph":[{"@type":"WebPage","@id":"https:\/\/talkpal.ai\/lv\/spanu-valodas-gramatika\/","url":"https:\/\/talkpal.ai\/lv\/spanu-valodas-gramatika\/","name":"Sp\u0101\u0146u valodas gramatika - Talkpal","isPartOf":{"@id":"https:\/\/talkpal.ai\/lv\/#website"},"primaryImageOfPage":{"@id":"https:\/\/talkpal.ai\/lv\/spanu-valodas-gramatika\/#primaryimage"},"image":{"@id":"https:\/\/talkpal.ai\/lv\/spanu-valodas-gramatika\/#primaryimage"},"thumbnailUrl":"https:\/\/talkpal.ai\/wp-content\/uploads\/2023\/03\/spain.png","datePublished":"2023-03-26T11:55:54+00:00","dateModified":"2025-05-22T18:50:55+00:00","description":"Uzlabojiet sp\u0101\u0146u valodas gramatikas prasmes, izmantojot interakt\u012bvus vingrin\u0101jumus, kas paredz\u0113ti visiem prasmju l\u012bme\u0146iem. Efekt\u012bvi praktiz\u0113jiet sp\u0101\u0146u valodu!","breadcrumb":{"@id":"https:\/\/talkpal.ai\/lv\/spanu-valodas-gramatika\/#breadcrumb"},"inLanguage":"lv-LV","potentialAction":[{"@type":"ReadAction","target":["https:\/\/talkpal.ai\/lv\/spanu-valodas-gramatika\/"]}]},{"@type":"ImageObject","inLanguage":"lv-LV","@id":"https:\/\/talkpal.ai\/lv\/spanu-valodas-gramatika\/#primaryimage","url":"https:\/\/talkpal.ai\/wp-content\/uploads\/2023\/03\/spain.png","contentUrl":"https:\/\/talkpal.ai\/wp-content\/uploads\/2023\/03\/spain.png","width":512,"height":512,"caption":"TalkPal AI learn Spanish"},{"@type":"BreadcrumbList","@id":"https:\/\/talkpal.ai\/lv\/spanu-valodas-gramatika\/#breadcrumb","itemListElement":[{"@type":"ListItem","position":1,"name":"Homepage","item":"https:\/\/talkpal.ai\/lv\/"},{"@type":"ListItem","position":2,"name":"Sp\u0101\u0146u valodas gramatika"}]},{"@type":"WebSite","@id":"https:\/\/talkpal.ai\/lv\/#website","url":"https:\/\/talkpal.ai\/lv\/","name":"Talkpal","description":"AI Language Learning","publisher":{"@id":"https:\/\/talkpal.ai\/lv\/#organization"},"alternateName":"Talkpal AI","potentialAction":[{"@type":"SearchAction","target":{"@type":"EntryPoint","urlTemplate":"https:\/\/talkpal.ai\/lv\/?s={search_term_string}"},"query-input":{"@type":"PropertyValueSpecification","valueRequired":true,"valueName":"search_term_string"}}],"inLanguage":"lv-LV"},{"@type":"Organization","@id":"https:\/\/talkpal.ai\/lv\/#organization","name":"Talkpal, Inc.","alternateName":"Talkpal AI","url":"https:\/\/talkpal.ai\/lv\/","logo":{"@type":"ImageObject","inLanguage":"lv-LV","@id":"https:\/\/talkpal.ai\/lv\/#\/schema\/logo\/image\/","url":"https:\/\/talkpal.ai\/wp-content\/uploads\/2024\/03\/Talkpal-Logo-Icon.png","contentUrl":"https:\/\/talkpal.ai\/wp-content\/uploads\/2024\/03\/Talkpal-Logo-Icon.png","width":2880,"height":2880,"caption":"Talkpal, Inc."},"image":{"@id":"https:\/\/talkpal.ai\/lv\/#\/schema\/logo\/image\/"},"sameAs":["https:\/\/www.facebook.com\/profile.php?id=100090733639311","https:\/\/x.com\/talkpalai","https:\/\/www.linkedin.com\/company\/talkpal\/","https:\/\/www.youtube.com\/@TalkPal\/","https:\/\/www.tiktok.com\/@talkpal","https:\/\/www.instagram.com\/talkpal_ai\/","https:\/\/www.crunchbase.com\/organization\/talkpal-9cde","https:\/\/www.g2.com\/products\/talkpal-for-business\/","https:\/\/www.trustpilot.com\/review\/talkpal.ai","https:\/\/www.capterra.com\/p\/10006800\/TalkPal\/"],"description":"Talkpal is a language learning web and mobile education app, powered by the latest AI technologies, that provides engaging experiences to its customers in many different languages to help them improve their language skills. Users can chat about unlimited amount of topics with the app and use other modes to practice their language learning.","email":"support@talkpal.ai","legalName":"Talkpal, Inc.","foundingDate":"2023-04-03","duns":"118989042","numberOfEmployees":{"@type":"QuantitativeValue","minValue":"11","maxValue":"50"},"publishingPrinciples":"https:\/\/talkpal.ai\/publishing-principles\/","actionableFeedbackPolicy":"https:\/\/talkpal.ai\/actionable-feedback-policy\/","correctionsPolicy":"https:\/\/talkpal.ai\/corrections-policy\/","ethicsPolicy":"https:\/\/talkpal.ai\/ethics-policy\/","diversityPolicy":"https:\/\/talkpal.ai\/diversity-policy\/","diversityStaffingReport":"https:\/\/talkpal.ai\/diversity-policy\/"}]}},"_links":{"self":[{"href":"https:\/\/talkpal.ai\/lv\/wp-json\/wp\/v2\/pages\/124430","targetHints":{"allow":["GET"]}}],"collection":[{"href":"https:\/\/talkpal.ai\/lv\/wp-json\/wp\/v2\/pages"}],"about":[{"href":"https:\/\/talkpal.ai\/lv\/wp-json\/wp\/v2\/types\/page"}],"author":[{"embeddable":true,"href":"https:\/\/talkpal.ai\/lv\/wp-json\/wp\/v2\/users\/1"}],"replies":[{"embeddable":true,"href":"https:\/\/talkpal.ai\/lv\/wp-json\/wp\/v2\/comments?post=124430"}],"version-history":[{"count":0,"href":"https:\/\/talkpal.ai\/lv\/wp-json\/wp\/v2\/pages\/124430\/revisions"}],"wp:featuredmedia":[{"embeddable":true,"href":"https:\/\/talkpal.ai\/lv\/wp-json\/wp\/v2\/media\/75281"}],"wp:attachment":[{"href":"https:\/\/talkpal.ai\/lv\/wp-json\/wp\/v2\/media?parent=124430"}],"curies":[{"name":"wp","href":"https:\/\/api.w.org\/{rel}","templated":true}]}}