{"id":124316,"date":"2023-03-26T11:45:19","date_gmt":"2023-03-26T11:45:19","guid":{"rendered":"http:\/\/talkpal.ai\/francu-valodas-gramatika\/"},"modified":"2025-05-22T18:47:09","modified_gmt":"2025-05-22T18:47:09","slug":"francu-valodas-gramatika","status":"publish","type":"page","link":"https:\/\/talkpal.ai\/lv\/francu-valodas-gramatika\/","title":{"rendered":"Fran\u010du valodas gramatika"},"content":{"rendered":"\r\n\r\n\r\n<section class=\"languageChallengeSection\">\r\n    <div class=\"languageInfoWrapper\">\r\n        \r\n        <h1>Fran\u010du valodas gramatika<\/h1>\r\n        <p>Atkl\u0101jiet <a href=\"https:\/\/talkpal.ai\/lv\/francu-valodas-apguves-nodarbibas\/\">fran\u010du valodas<\/a> eleganci, apg\u016bstot t\u0101s b\u016btisk\u0101kos gramatikas noteikumus. Laba fran\u010du <a href=\"https:\/\/talkpal.ai\/what-language-is-spoken-on-the-international-space-station\/\">valodas<\/a> gramatikas izpratne pal\u012bdz\u0113s jums viegli sazin\u0101ties un nov\u0113rt\u0113t fran\u010du kult\u016bras bag\u0101t\u012bbu. S\u0101ciet apg\u016bt fran\u010du valodas gramatiku jau \u0161odien un s\u0101ciet savu ce\u013cojumu uz valodas zin\u0101\u0161anu apguvi!<\/p>\r\n\r\n                            <a class=\"getStartedHidden\" href=\"https:\/\/app.talkpal.ai\/lv\/signup?lng=\">S\u0101c<\/a>\r\n        \r\n    <\/div>\r\n\r\n    <figure>\r\n    <img decoding=\"async\" width=\"768\" height=\"768\" src=\"https:\/\/talkpal.ai\/wp-content\/uploads\/2023\/06\/french-768x768.png\" class=\"languageImage no-lazy\" alt=\"Language learning strategies for professionals\" fetchpriority=\"high\" sizes=\"(max-width: 768px) 150px, 768px\" srcset=\"https:\/\/talkpal.ai\/wp-content\/uploads\/2023\/06\/french-768x768.png 768w, https:\/\/talkpal.ai\/wp-content\/uploads\/2023\/06\/french-300x300.png 300w\" \/>\r\n    \r\n\r\n    <\/figure>\r\n\r\n            <a class=\"getStartedVisible\" href=\"https:\/\/app.talkpal.ai\/lv\/signup?lng=\">S\u0101c<\/a>\r\n    \r\n<\/section>\r\n        <section class=\"grammarSection\">\r\n            <div class=\"grammarLinks\">\r\n                <a href=\"https:\/\/talkpal.ai\/lv\/language\/adverbs-francu-gramatika\/\">Adverbs <\/a><a href=\"https:\/\/talkpal.ai\/lv\/language\/darbibas-vardi-francu-gramatika\/\">Darb\u012bbas v\u0101rdi <\/a><a href=\"https:\/\/talkpal.ai\/lv\/language\/ipasibas-vardi-francu-gramatika\/\">\u012apa\u0161\u012bbas v\u0101rdi <\/a><a href=\"https:\/\/talkpal.ai\/lv\/language\/laika-indikativs-francu-gramatika\/\">Laika indikat\u012bvs <\/a><a href=\"https:\/\/talkpal.ai\/lv\/language\/lietvardi-francu-gramatika\/\">Lietv\u0101rdi <\/a><a href=\"https:\/\/talkpal.ai\/lv\/language\/prievardi-francu-gramatika\/\">Priev\u0101rdi <\/a><a href=\"https:\/\/talkpal.ai\/lv\/language\/raksti-francu-gramatika\/\">Raksti <\/a><a href=\"https:\/\/talkpal.ai\/lv\/language\/teikuma-struktura-francu-valodas-gramatika\/\">Teikuma strukt\u016bra <\/a><a href=\"https:\/\/talkpal.ai\/lv\/language\/vietniekvardi-un-noteicosie-faktori-francu-gramatika\/\">Vietniekv\u0101rdi un noteico\u0161ie faktori <\/a>            <\/div>\r\n        <\/section>\r\n    <section class=\"promotionalBanner\">\r\n    <p class=\"promotionalText\"><\/p>\r\n    <a class=\"promotionalLink\" href=\"https:\/\/app.talkpal.ai\/lv\/signup?lng=\"><\/a>\r\n<\/section>\n<div class=\"wp-block-group pageContainerStyle\"><div class=\"wp-block-group__inner-container is-layout-constrained wp-block-group-is-layout-constrained\">\n<h2 class=\"wp-block-heading\" id=\"h-a-beginner-s-guide-to-french-grammar\">Fran\u010du valodas gramatikas ce\u013cvedis ies\u0101c\u0113jiem<\/h2>\n\n\n\n<p>Fran\u010du valodas apguve var b\u016bt aizraujo\u0161a un atalgojo\u0161a pieredze. Tom\u0113r fran\u010du valodas gramatikas apguve var b\u016bt sare\u017e\u0123\u012bta pat tiem, kas p\u0101rvalda <a href=\"https:\/\/talkpal.ai\/learn-english-with-ai\/\">ang\u013cu<\/a> valodu. \u0160aj\u0101 rakst\u0101 m\u0113s apspried\u012bsim da\u017eus b\u016btiskus fran\u010du valodas gramatikas padomus, kas pal\u012bdz\u0113s jums uzlabot valodas prasmes. Iepaz\u012bstoties ar \u0161iem noteikumiem un regul\u0101ri tos praktiz\u0113jot, j\u016bs b\u016bsiet ce\u013c\u0101 uz to, lai k\u013c\u016btu par fran\u010du valodas gramatikas ekspertu.<\/p>\n\n\n\n<h3 class=\"wp-block-heading\" id=\"h-1-the-importance-of-gender-in-french-nouns\">1. Dzimuma noz\u012bme fran\u010du lietv\u0101rdos<\/h3>\n\n\n\n<p>Viena no b\u016btisk\u0101kaj\u0101m at\u0161\u0137ir\u012bb\u0101m starp fran\u010du un ang\u013cu valodas gramatiku ir dzimuma j\u0113dziens. Visi fran\u010du lietv\u0101rdi ir vai nu v\u012bri\u0161\u0137\u012bgi, vai sievi\u0161\u0137\u012bgi, kas ietekm\u0113 ar tiem lietotos rakstus un \u012bpa\u0161\u012bbas v\u0101rdus. Piem\u0113ram, &#8220;le&#8221; un &#8220;la&#8221; ir v\u012brie\u0161u un sievie\u0161u dzimtes lietv\u0101rdu galotnes. Kad sastopaties ar jaunu lietv\u0101rdu, ir \u013coti svar\u012bgi atcer\u0113ties t\u0101 dzimumu, lai izvair\u012btos no gramatisk\u0101m k\u013c\u016bd\u0101m.<\/p>\n\n\n\n<h3 class=\"wp-block-heading\" id=\"h-2-mastering-verb-conjugations\">2. Darb\u012bbas v\u0101rdu konjug\u0101ciju apg\u016b\u0161ana<\/h3>\n\n\n\n<p>Fran\u010du darb\u012bbas v\u0101rdiem ir daudz konjug\u0101ciju, kuru pamat\u0101 ir sasprindzin\u0101jums, garast\u0101voklis un priek\u0161metu vietniekv\u0101rdi. Tas var \u0161\u0137ist nom\u0101co\u0161i, ta\u010du ir mode\u013ci un sa\u012bsnes, kuras varat izmantot, lai vienk\u0101r\u0161otu procesu. Regul\u0101ri darb\u012bbas v\u0101rdi pieder pie vienas no trim grup\u0101m, pamatojoties uz to infinit\u012bvaj\u0101m galotn\u0113m (-er, -ir un -re), un katrai grupai ir savs konjug\u0101cijas noteikumu kopums. Kad esat iem\u0101c\u012bjies \u0161os noteikumus, j\u016bs varat viegli konjug\u0113t iev\u0113rojamu skaitu fran\u010du darb\u012bbas v\u0101rdu.<\/p>\n\n\n\n<h3 class=\"wp-block-heading\" id=\"h-3-the-partitive-article-du-de-la-and-de-l\">3. Da\u013cskait\u013ca locek\u013ci: du, de la un de l&#8217;<\/h3>\n\n\n\n<p>Ja run\u0101jat par k\u0101du da\u013cu vai nenoteiktu daudzumu, lietojiet divdabja formu. Dal\u0101mv\u0101rda loc\u012bjums main\u0101s atkar\u012bb\u0101 no lietv\u0101rda dzimtes un no t\u0101, vai tas s\u0101kas ar patskani vai l\u012bdzska\u0146u. V\u012brie\u0161u dzimtes lietv\u0101rdiem lietojiet &#8220;du&#8221;, sievie\u0161u dzimtes lietv\u0101rdiem &#8211; &#8220;de la&#8221;, bet lietv\u0101rdiem, kas s\u0101kas ar patskani vai bezska\u0146u &#8220;h&#8221;, lietojiet &#8220;de l&#8221;.<\/p>\n\n\n\n<h3 class=\"wp-block-heading\" id=\"h-4-adjective-agreement-and-placement\">4. \u012apa\u0161\u012bbas v\u0101rdu l\u012bgums un izvietojums<\/h3>\n\n\n\n<p>Fran\u010du valodas gramatik\u0101 \u012bpa\u0161\u012bbas v\u0101rdiem ir j\u0101piekr\u012bt lietv\u0101rdam, ko tie maina dzimuma un skaita zi\u0146\u0101. Bie\u017ei vien tas noz\u012bm\u0113, ka \u012bpa\u0161\u012bbas v\u0101rdam j\u0101pievieno &#8220;e&#8221;, lai tas k\u013c\u016btu sievie\u0161u dzimt\u0113, un &#8220;s&#8221;, lai tas k\u013c\u016btu daudzskaitl\u012b. Turkl\u0101t \u012bpa\u0161\u012bbas v\u0101rdi parasti seko aiz lietv\u0101rda, kuru tie p\u0101rveido, ar da\u017eiem iz\u0146\u0113mumiem attiec\u012bb\u0101 uz \u012bsiem un parastiem \u012bpa\u0161\u012bbas v\u0101rdiem, piem\u0113ram, &#8220;beau&#8221;, &#8220;vieil&#8221; un &#8220;grand&#8221;.<\/p>\n\n\n\n<p>Piem\u0113ri:<br\/>&#8211; Un chat noir (Melns ka\u0137is)<br\/>&#8211; Une voiture noire (Melna automa\u0161\u012bna)<br\/>&#8211; Deux chats noirs (Divi melni ka\u0137i)<\/p>\n\n\n\n<h3 class=\"wp-block-heading\" id=\"h-5-passe-compose-past-tense-made-easy\">5. Passe Compose &#8211; Pag\u0101tnes laiks padar\u012bts vienk\u0101r\u0161s<\/h3>\n\n\n\n<p>Lai gan ir daudz veidu, k\u0101 izteikt pag\u0101tnes laiku fran\u010du valod\u0101, pass\u00e8 compos\u00e9 ir viens no visnoder\u012bg\u0101kajiem un viegl\u0101k apg\u016bstamajiem. Lai veidotu <a href=\"https:\/\/talkpal.ai\/ar\/grammar_exercises\/passe-compose-%d8%aa%d9%85%d8%a7%d8%b1%d9%8a%d9%86-%d9%84%d9%84%d9%82%d9%88%d8%a7%d8%b9%d8%af-%d8%a7%d9%84%d9%81%d8%b1%d9%86%d8%b3%d9%8a%d8%a9\/\">pass\u00e9 compos\u00e9<\/a>, jums b\u016bs nepiecie\u0161ams pal\u012bgdarb\u012bbas v\u0101rda &#8220;avoir&#8221; vai &#8220;\u00eatre&#8221; tagadnes laiks, kam seko galven\u0101 darb\u012bbas v\u0101rda pag\u0101tnes divdabis. Liel\u0101kaj\u0101 da\u013c\u0101 darb\u012bbas v\u0101rdu k\u0101 pal\u012bgdarb\u012bbas v\u0101rds tiek lietots &#8220;avoir&#8221;, bet da\u017eos darb\u012bbas v\u0101rdos, galvenok\u0101rt saist\u012bb\u0101 ar kust\u012bbu un atgriezeniskajiem darb\u012bbas v\u0101rdiem, tiek lietots &#8220;\u00eatre&#8221;.<\/p>\n\n\n\n<p>Piem\u0113rs:<br\/>&#8211; J&#8217;ai mang\u00e9 (Es \u0113du)<br\/>&#8211; Nous sommes all\u00e9s (M\u0113s dev\u0101mies)<\/p>\n\n\n\n<h3 class=\"wp-block-heading\" id=\"h-6-engaging-with-the-language\">6. Iesaist\u012b\u0161an\u0101s valod\u0101<\/h3>\n\n\n\n<p>Viens no lab\u0101kajiem veidiem, k\u0101 uzlabot fran\u010du valodas gramatiku, ir regul\u0101ra iesaist\u012b\u0161an\u0101s valod\u0101. Neatkar\u012bgi no t\u0101, vai las\u0101t fran\u010du laikrakstus, skat\u0101ties fran\u010du filmas vai sarun\u0101ties ar dzimt\u0101s valodas run\u0101t\u0101ju, valodas iepaz\u012b\u0161ana da\u017e\u0101dos kontekstos pal\u012bdz\u0113s nostiprin\u0101t gramatikas izpratni un papla\u0161in\u0101t v\u0101rdu kr\u0101jumu.<\/p>\n\n\n\n<h3 class=\"wp-block-heading\" id=\"h-conclusion\">Secin\u0101jums<\/h3>\n\n\n\n<p>Fran\u010du valodas gramatikas apg\u016b\u0161ana var \u0161\u0137ist bied\u0113jo\u0161a, ta\u010du ar konsekventu praksi un cent\u012bbu j\u016bs varat br\u012bvi p\u0101rvald\u012bt \u0161o skaisto valodu. Koncentr\u0113joties uz iepriek\u0161 izkl\u0101st\u012btajiem b\u016btiskajiem noteikumiem un iesaistoties valod\u0101 da\u017e\u0101dos kontekstos, j\u016bsu fran\u010du valodas gramatikas prasmes strauji uzlabosies. Bonne iesp\u0113ja ce\u013c\u0101 uz fran\u010du valodas gramatikas apguvi!<\/p>\n<\/div><\/div>\n\r\n<section class=\"learnNavigationSection\">\r\n            \r\n        <a href=\"https:\/\/talkpal.ai\/lv\/macities-francu-valodu\/\">\r\n            <div class=\"learnNavigationWrapper\">\r\n                <div class=\"learnNavigationContent\">\r\n                    <img decoding=\"async\" src=\"https:\/\/talkpal.ai\/wp-content\/uploads\/2024\/08\/French.jpg\" alt=\"French Flag\">\r\n                    <div>\r\n                        <h4>Par fran\u010du valodas apguvi<\/h4>\r\n                        <p>Uzziniet visu par fran\u010du valodas gramatiku.<\/p>\r\n                    <\/div>\r\n                <\/div>\r\n            <\/div>\r\n        <\/a>\r\n\r\n        \r\n        <a href=\"https:\/\/talkpal.ai\/lv\/francu-valodas-gramatikas-vingrinajumi\/\">\r\n            <div class=\"learnNavigationWrapper\">\r\n                <div class=\"learnNavigationContent\">\r\n                    <img decoding=\"async\" src=\"https:\/\/talkpal.ai\/wp-content\/uploads\/2024\/08\/French.jpg\" alt=\"French Flag\">\r\n                    <div>\r\n                        <h4>Francijas gramatikas vingrin\u0101jums<\/h4>\r\n                        <p>Praktiz\u0113jiet fran\u010du valodas gramatiku.<\/p>\r\n                    <\/div>\r\n                <\/div>\r\n            <\/div>\r\n        <\/a>\r\n\r\n        \r\n        <a href=\"https:\/\/talkpal.ai\/vocabulary_language\/french\/\">\r\n            <div class=\"learnNavigationWrapper\">\r\n                <div class=\"learnNavigationContent\">\r\n                    <img decoding=\"async\" src=\"https:\/\/talkpal.ai\/wp-content\/uploads\/2024\/08\/French.jpg\" alt=\"French Flag\">\r\n                    <div>\r\n                        <h4>Fran\u010du valodas v\u0101rdn\u012bca<\/h4>\r\n                        <p>Papla\u0161iniet savu fran\u010du valodas v\u0101rdu kr\u0101jumu.<\/p>\r\n                    <\/div>\r\n                <\/div>\r\n            <\/div>\r\n        <\/a>\r\n\r\n            <\/section>","protected":false},"excerpt":{"rendered":"<p>Fran\u010du valodas gramatikas ce\u013cvedis ies\u0101c\u0113jiem Fran\u010du valodas apguve var b\u016bt aizraujo\u0161a un atalgojo\u0161a pieredze. Tom\u0113r fran\u010du valodas gramatikas apguve var b\u016bt sare\u017e\u0123\u012bta pat tiem, kas p\u0101rvalda ang\u013cu valodu. \u0160aj\u0101 rakst\u0101 m\u0113s apspried\u012bsim da\u017eus b\u016btiskus fran\u010du valodas gramatikas padomus, kas pal\u012bdz\u0113s jums uzlabot valodas prasmes. Iepaz\u012bstoties ar \u0161iem noteikumiem un regul\u0101ri tos praktiz\u0113jot, j\u016bs b\u016bsiet ce\u013c\u0101 [&hellip;]<\/p>\n","protected":false},"author":1,"featured_media":75817,"parent":0,"menu_order":0,"comment_status":"closed","ping_status":"closed","template":"LearningContentPage.php","meta":{"_acf_changed":false,"footnotes":""},"class_list":["post-124316","page","type-page","status-publish","has-post-thumbnail","hentry"],"acf":[],"yoast_head":"<!-- This site is optimized with the Yoast SEO Premium plugin v27.2 (Yoast SEO v27.2) - https:\/\/yoast.com\/product\/yoast-seo-premium-wordpress\/ -->\n<title>Fran\u010du valodas gramatika - Talkpal<\/title>\n<meta name=\"description\" content=\"Apg\u016bstiet b\u016btisk\u0101kos fran\u010du valodas gramatikas j\u0113dzienus - darb\u012bbas v\u0101rdi, loc\u012bjumi, laiki, lietv\u0101rdi, panti, \u012bpa\u0161\u012bbas v\u0101rdi, vietniekv\u0101rdi un teikuma strukt\u016bra.\" \/>\n<meta name=\"robots\" content=\"index, follow, max-snippet:-1, max-image-preview:large, max-video-preview:-1\" \/>\n<link rel=\"canonical\" href=\"https:\/\/talkpal.ai\/lv\/francu-valodas-gramatika\/\" \/>\n<meta property=\"og:locale\" content=\"lv_LV\" \/>\n<meta property=\"og:type\" content=\"article\" \/>\n<meta property=\"og:title\" content=\"Fran\u010du valodas gramatika\" \/>\n<meta property=\"og:description\" content=\"Fran\u010du valodas gramatikas ce\u013cvedis ies\u0101c\u0113jiem Fran\u010du valodas apguve var b\u016bt aizraujo\u0161a un atalgojo\u0161a pieredze. Tom\u0113r fran\u010du valodas gramatikas apguve var\" \/>\n<meta property=\"og:url\" content=\"https:\/\/talkpal.ai\/lv\/francu-valodas-gramatika\/\" \/>\n<meta property=\"og:site_name\" content=\"Talkpal\" \/>\n<meta property=\"article:publisher\" content=\"https:\/\/www.facebook.com\/profile.php?id=100090733639311\" \/>\n<meta property=\"article:modified_time\" content=\"2025-05-22T18:47:09+00:00\" \/>\n<meta property=\"og:image\" content=\"https:\/\/talkpal.ai\/wp-content\/uploads\/2023\/03\/france.png\" \/>\n\t<meta property=\"og:image:width\" content=\"512\" \/>\n\t<meta property=\"og:image:height\" content=\"512\" \/>\n\t<meta property=\"og:image:type\" content=\"image\/png\" \/>\n<meta name=\"twitter:card\" content=\"summary_large_image\" \/>\n<meta name=\"twitter:site\" content=\"@talkpalai\" \/>\n<meta name=\"twitter:label1\" content=\"Est. reading time\" \/>\n\t<meta name=\"twitter:data1\" content=\"4 minutes\" \/>\n<script type=\"application\/ld+json\" class=\"yoast-schema-graph\">{\"@context\":\"https:\/\/schema.org\",\"@graph\":[{\"@type\":\"WebPage\",\"@id\":\"https:\/\/talkpal.ai\/lv\/francu-valodas-gramatika\/\",\"url\":\"https:\/\/talkpal.ai\/lv\/francu-valodas-gramatika\/\",\"name\":\"Fran\u010du valodas gramatika - Talkpal\",\"isPartOf\":{\"@id\":\"https:\/\/talkpal.ai\/lv\/#website\"},\"primaryImageOfPage\":{\"@id\":\"https:\/\/talkpal.ai\/lv\/francu-valodas-gramatika\/#primaryimage\"},\"image\":{\"@id\":\"https:\/\/talkpal.ai\/lv\/francu-valodas-gramatika\/#primaryimage\"},\"thumbnailUrl\":\"https:\/\/talkpal.ai\/wp-content\/uploads\/2023\/03\/france.png\",\"datePublished\":\"2023-03-26T11:45:19+00:00\",\"dateModified\":\"2025-05-22T18:47:09+00:00\",\"description\":\"Apg\u016bstiet b\u016btisk\u0101kos fran\u010du valodas gramatikas j\u0113dzienus - darb\u012bbas v\u0101rdi, loc\u012bjumi, laiki, lietv\u0101rdi, panti, \u012bpa\u0161\u012bbas v\u0101rdi, vietniekv\u0101rdi un teikuma strukt\u016bra.\",\"breadcrumb\":{\"@id\":\"https:\/\/talkpal.ai\/lv\/francu-valodas-gramatika\/#breadcrumb\"},\"inLanguage\":\"lv-LV\",\"potentialAction\":[{\"@type\":\"ReadAction\",\"target\":[\"https:\/\/talkpal.ai\/lv\/francu-valodas-gramatika\/\"]}]},{\"@type\":\"ImageObject\",\"inLanguage\":\"lv-LV\",\"@id\":\"https:\/\/talkpal.ai\/lv\/francu-valodas-gramatika\/#primaryimage\",\"url\":\"https:\/\/talkpal.ai\/wp-content\/uploads\/2023\/03\/france.png\",\"contentUrl\":\"https:\/\/talkpal.ai\/wp-content\/uploads\/2023\/03\/france.png\",\"width\":512,\"height\":512,\"caption\":\"TalkPal AI learn French\"},{\"@type\":\"BreadcrumbList\",\"@id\":\"https:\/\/talkpal.ai\/lv\/francu-valodas-gramatika\/#breadcrumb\",\"itemListElement\":[{\"@type\":\"ListItem\",\"position\":1,\"name\":\"Homepage\",\"item\":\"https:\/\/talkpal.ai\/lv\/\"},{\"@type\":\"ListItem\",\"position\":2,\"name\":\"Fran\u010du valodas gramatika\"}]},{\"@type\":\"WebSite\",\"@id\":\"https:\/\/talkpal.ai\/lv\/#website\",\"url\":\"https:\/\/talkpal.ai\/lv\/\",\"name\":\"Talkpal\",\"description\":\"AI Language Learning\",\"publisher\":{\"@id\":\"https:\/\/talkpal.ai\/lv\/#organization\"},\"alternateName\":\"Talkpal AI\",\"potentialAction\":[{\"@type\":\"SearchAction\",\"target\":{\"@type\":\"EntryPoint\",\"urlTemplate\":\"https:\/\/talkpal.ai\/lv\/?s={search_term_string}\"},\"query-input\":{\"@type\":\"PropertyValueSpecification\",\"valueRequired\":true,\"valueName\":\"search_term_string\"}}],\"inLanguage\":\"lv-LV\"},{\"@type\":\"Organization\",\"@id\":\"https:\/\/talkpal.ai\/lv\/#organization\",\"name\":\"Talkpal, Inc.\",\"alternateName\":\"Talkpal AI\",\"url\":\"https:\/\/talkpal.ai\/lv\/\",\"logo\":{\"@type\":\"ImageObject\",\"inLanguage\":\"lv-LV\",\"@id\":\"https:\/\/talkpal.ai\/lv\/#\/schema\/logo\/image\/\",\"url\":\"https:\/\/talkpal.ai\/wp-content\/uploads\/2024\/03\/Talkpal-Logo-Icon.png\",\"contentUrl\":\"https:\/\/talkpal.ai\/wp-content\/uploads\/2024\/03\/Talkpal-Logo-Icon.png\",\"width\":2880,\"height\":2880,\"caption\":\"Talkpal, Inc.\"},\"image\":{\"@id\":\"https:\/\/talkpal.ai\/lv\/#\/schema\/logo\/image\/\"},\"sameAs\":[\"https:\/\/www.facebook.com\/profile.php?id=100090733639311\",\"https:\/\/x.com\/talkpalai\",\"https:\/\/www.linkedin.com\/company\/talkpal\/\",\"https:\/\/www.youtube.com\/@TalkPal\/\",\"https:\/\/www.tiktok.com\/@talkpal\",\"https:\/\/www.instagram.com\/talkpal_ai\/\",\"https:\/\/www.crunchbase.com\/organization\/talkpal-9cde\",\"https:\/\/www.g2.com\/products\/talkpal-for-business\/\",\"https:\/\/www.trustpilot.com\/review\/talkpal.ai\",\"https:\/\/www.capterra.com\/p\/10006800\/TalkPal\/\"],\"description\":\"Talkpal is a language learning web and mobile education app, powered by the latest AI technologies, that provides engaging experiences to its customers in many different languages to help them improve their language skills. Users can chat about unlimited amount of topics with the app and use other modes to practice their language learning.\",\"email\":\"support@talkpal.ai\",\"legalName\":\"Talkpal, Inc.\",\"foundingDate\":\"2023-04-03\",\"duns\":\"118989042\",\"numberOfEmployees\":{\"@type\":\"QuantitativeValue\",\"minValue\":\"11\",\"maxValue\":\"50\"},\"publishingPrinciples\":\"https:\/\/talkpal.ai\/publishing-principles\/\",\"actionableFeedbackPolicy\":\"https:\/\/talkpal.ai\/actionable-feedback-policy\/\",\"correctionsPolicy\":\"https:\/\/talkpal.ai\/corrections-policy\/\",\"ethicsPolicy\":\"https:\/\/talkpal.ai\/ethics-policy\/\",\"diversityPolicy\":\"https:\/\/talkpal.ai\/diversity-policy\/\",\"diversityStaffingReport\":\"https:\/\/talkpal.ai\/diversity-policy\/\"}]}<\/script>\n<!-- \/ Yoast SEO Premium plugin. -->","yoast_head_json":{"title":"Fran\u010du valodas gramatika - Talkpal","description":"Apg\u016bstiet b\u016btisk\u0101kos fran\u010du valodas gramatikas j\u0113dzienus - darb\u012bbas v\u0101rdi, loc\u012bjumi, laiki, lietv\u0101rdi, panti, \u012bpa\u0161\u012bbas v\u0101rdi, vietniekv\u0101rdi un teikuma strukt\u016bra.","robots":{"index":"index","follow":"follow","max-snippet":"max-snippet:-1","max-image-preview":"max-image-preview:large","max-video-preview":"max-video-preview:-1"},"canonical":"https:\/\/talkpal.ai\/lv\/francu-valodas-gramatika\/","og_locale":"lv_LV","og_type":"article","og_title":"Fran\u010du valodas gramatika","og_description":"Fran\u010du valodas gramatikas ce\u013cvedis ies\u0101c\u0113jiem Fran\u010du valodas apguve var b\u016bt aizraujo\u0161a un atalgojo\u0161a pieredze. Tom\u0113r fran\u010du valodas gramatikas apguve var","og_url":"https:\/\/talkpal.ai\/lv\/francu-valodas-gramatika\/","og_site_name":"Talkpal","article_publisher":"https:\/\/www.facebook.com\/profile.php?id=100090733639311","article_modified_time":"2025-05-22T18:47:09+00:00","og_image":[{"width":512,"height":512,"url":"https:\/\/talkpal.ai\/wp-content\/uploads\/2023\/03\/france.png","type":"image\/png"}],"twitter_card":"summary_large_image","twitter_site":"@talkpalai","twitter_misc":{"Est. reading time":"4 minutes"},"schema":{"@context":"https:\/\/schema.org","@graph":[{"@type":"WebPage","@id":"https:\/\/talkpal.ai\/lv\/francu-valodas-gramatika\/","url":"https:\/\/talkpal.ai\/lv\/francu-valodas-gramatika\/","name":"Fran\u010du valodas gramatika - Talkpal","isPartOf":{"@id":"https:\/\/talkpal.ai\/lv\/#website"},"primaryImageOfPage":{"@id":"https:\/\/talkpal.ai\/lv\/francu-valodas-gramatika\/#primaryimage"},"image":{"@id":"https:\/\/talkpal.ai\/lv\/francu-valodas-gramatika\/#primaryimage"},"thumbnailUrl":"https:\/\/talkpal.ai\/wp-content\/uploads\/2023\/03\/france.png","datePublished":"2023-03-26T11:45:19+00:00","dateModified":"2025-05-22T18:47:09+00:00","description":"Apg\u016bstiet b\u016btisk\u0101kos fran\u010du valodas gramatikas j\u0113dzienus - darb\u012bbas v\u0101rdi, loc\u012bjumi, laiki, lietv\u0101rdi, panti, \u012bpa\u0161\u012bbas v\u0101rdi, vietniekv\u0101rdi un teikuma strukt\u016bra.","breadcrumb":{"@id":"https:\/\/talkpal.ai\/lv\/francu-valodas-gramatika\/#breadcrumb"},"inLanguage":"lv-LV","potentialAction":[{"@type":"ReadAction","target":["https:\/\/talkpal.ai\/lv\/francu-valodas-gramatika\/"]}]},{"@type":"ImageObject","inLanguage":"lv-LV","@id":"https:\/\/talkpal.ai\/lv\/francu-valodas-gramatika\/#primaryimage","url":"https:\/\/talkpal.ai\/wp-content\/uploads\/2023\/03\/france.png","contentUrl":"https:\/\/talkpal.ai\/wp-content\/uploads\/2023\/03\/france.png","width":512,"height":512,"caption":"TalkPal AI learn French"},{"@type":"BreadcrumbList","@id":"https:\/\/talkpal.ai\/lv\/francu-valodas-gramatika\/#breadcrumb","itemListElement":[{"@type":"ListItem","position":1,"name":"Homepage","item":"https:\/\/talkpal.ai\/lv\/"},{"@type":"ListItem","position":2,"name":"Fran\u010du valodas gramatika"}]},{"@type":"WebSite","@id":"https:\/\/talkpal.ai\/lv\/#website","url":"https:\/\/talkpal.ai\/lv\/","name":"Talkpal","description":"AI Language Learning","publisher":{"@id":"https:\/\/talkpal.ai\/lv\/#organization"},"alternateName":"Talkpal AI","potentialAction":[{"@type":"SearchAction","target":{"@type":"EntryPoint","urlTemplate":"https:\/\/talkpal.ai\/lv\/?s={search_term_string}"},"query-input":{"@type":"PropertyValueSpecification","valueRequired":true,"valueName":"search_term_string"}}],"inLanguage":"lv-LV"},{"@type":"Organization","@id":"https:\/\/talkpal.ai\/lv\/#organization","name":"Talkpal, Inc.","alternateName":"Talkpal AI","url":"https:\/\/talkpal.ai\/lv\/","logo":{"@type":"ImageObject","inLanguage":"lv-LV","@id":"https:\/\/talkpal.ai\/lv\/#\/schema\/logo\/image\/","url":"https:\/\/talkpal.ai\/wp-content\/uploads\/2024\/03\/Talkpal-Logo-Icon.png","contentUrl":"https:\/\/talkpal.ai\/wp-content\/uploads\/2024\/03\/Talkpal-Logo-Icon.png","width":2880,"height":2880,"caption":"Talkpal, Inc."},"image":{"@id":"https:\/\/talkpal.ai\/lv\/#\/schema\/logo\/image\/"},"sameAs":["https:\/\/www.facebook.com\/profile.php?id=100090733639311","https:\/\/x.com\/talkpalai","https:\/\/www.linkedin.com\/company\/talkpal\/","https:\/\/www.youtube.com\/@TalkPal\/","https:\/\/www.tiktok.com\/@talkpal","https:\/\/www.instagram.com\/talkpal_ai\/","https:\/\/www.crunchbase.com\/organization\/talkpal-9cde","https:\/\/www.g2.com\/products\/talkpal-for-business\/","https:\/\/www.trustpilot.com\/review\/talkpal.ai","https:\/\/www.capterra.com\/p\/10006800\/TalkPal\/"],"description":"Talkpal is a language learning web and mobile education app, powered by the latest AI technologies, that provides engaging experiences to its customers in many different languages to help them improve their language skills. Users can chat about unlimited amount of topics with the app and use other modes to practice their language learning.","email":"support@talkpal.ai","legalName":"Talkpal, Inc.","foundingDate":"2023-04-03","duns":"118989042","numberOfEmployees":{"@type":"QuantitativeValue","minValue":"11","maxValue":"50"},"publishingPrinciples":"https:\/\/talkpal.ai\/publishing-principles\/","actionableFeedbackPolicy":"https:\/\/talkpal.ai\/actionable-feedback-policy\/","correctionsPolicy":"https:\/\/talkpal.ai\/corrections-policy\/","ethicsPolicy":"https:\/\/talkpal.ai\/ethics-policy\/","diversityPolicy":"https:\/\/talkpal.ai\/diversity-policy\/","diversityStaffingReport":"https:\/\/talkpal.ai\/diversity-policy\/"}]}},"_links":{"self":[{"href":"https:\/\/talkpal.ai\/lv\/wp-json\/wp\/v2\/pages\/124316","targetHints":{"allow":["GET"]}}],"collection":[{"href":"https:\/\/talkpal.ai\/lv\/wp-json\/wp\/v2\/pages"}],"about":[{"href":"https:\/\/talkpal.ai\/lv\/wp-json\/wp\/v2\/types\/page"}],"author":[{"embeddable":true,"href":"https:\/\/talkpal.ai\/lv\/wp-json\/wp\/v2\/users\/1"}],"replies":[{"embeddable":true,"href":"https:\/\/talkpal.ai\/lv\/wp-json\/wp\/v2\/comments?post=124316"}],"version-history":[{"count":0,"href":"https:\/\/talkpal.ai\/lv\/wp-json\/wp\/v2\/pages\/124316\/revisions"}],"wp:featuredmedia":[{"embeddable":true,"href":"https:\/\/talkpal.ai\/lv\/wp-json\/wp\/v2\/media\/75817"}],"wp:attachment":[{"href":"https:\/\/talkpal.ai\/lv\/wp-json\/wp\/v2\/media?parent=124316"}],"curies":[{"name":"wp","href":"https:\/\/api.w.org\/{rel}","templated":true}]}}