{"id":124059,"date":"2023-03-26T11:40:15","date_gmt":"2023-03-26T11:40:15","guid":{"rendered":"http:\/\/talkpal.ai\/vacu-valodas-gramatika\/"},"modified":"2025-05-22T19:22:43","modified_gmt":"2025-05-22T19:22:43","slug":"vacu-valodas-gramatika","status":"publish","type":"page","link":"https:\/\/talkpal.ai\/lv\/vacu-valodas-gramatika\/","title":{"rendered":"V\u0101cu valodas gramatika"},"content":{"rendered":"\r\n\r\n\r\n<section class=\"languageChallengeSection\">\r\n    <div class=\"languageInfoWrapper\">\r\n        \r\n        <h1>V\u0101cu valodas gramatika<\/h1>\r\n        <p>Atkl\u0101jiet <a href=\"https:\/\/talkpal.ai\/lv\/vacu-valodas-apguves-nodarbibas\/\">v\u0101cu valodas<\/a> strukt\u016bru, apg\u016bstot t\u0101s b\u016btisk\u0101kos gramatikas noteikumus. <a href=\"https:\/\/talkpal.ai\/learn-german\/\">V\u0101cu<\/a> <a href=\"https:\/\/talkpal.ai\/what-language-is-spoken-on-the-international-space-station\/\">valodas<\/a> gramatikas izpratne pal\u012bdz\u0113s jums dro\u0161i sazin\u0101ties un piln\u012bb\u0101 nov\u0113rt\u0113t <a href=\"https:\/\/talkpal.ai\/lv\/runasana-vacu-valoda\/\">v\u0101cu valod\u0101<\/a> run\u0101jo\u0161o kult\u016bru bag\u0101t\u012bbu. S\u0101ciet m\u0101c\u012bties v\u0101cu valodas gramatiku jau \u0161odien un speriet pirmo soli ce\u013c\u0101 uz valodas zin\u0101\u0161anu apguvi!\n\n<\/p>\r\n\r\n                            <a class=\"getStartedHidden\" href=\"https:\/\/app.talkpal.ai\/lv\/signup?lng=\">S\u0101c<\/a>\r\n        \r\n    <\/div>\r\n\r\n    <figure>\r\n    <img decoding=\"async\" width=\"768\" height=\"768\" src=\"https:\/\/talkpal.ai\/wp-content\/uploads\/2023\/06\/german-768x768.png\" class=\"languageImage no-lazy\" alt=\"Language learning for global networking\" fetchpriority=\"high\" sizes=\"(max-width: 768px) 150px, 768px\" srcset=\"https:\/\/talkpal.ai\/wp-content\/uploads\/2023\/06\/german-768x768.png 768w, https:\/\/talkpal.ai\/wp-content\/uploads\/2023\/06\/german-300x300.png 300w\" \/>\r\n    \r\n\r\n    <\/figure>\r\n\r\n            <a class=\"getStartedVisible\" href=\"https:\/\/app.talkpal.ai\/lv\/signup?lng=\">S\u0101c<\/a>\r\n    \r\n<\/section>\r\n        <section class=\"grammarSection\">\r\n            <div class=\"grammarLinks\">\r\n                <a href=\"https:\/\/talkpal.ai\/lv\/language\/adverbs-vacu-gramatika\/\">Adverbs <\/a><a href=\"https:\/\/talkpal.ai\/lv\/language\/darbibas-vardi-vacu-gramatika\/\">Darb\u012bbas v\u0101rdi <\/a><a href=\"https:\/\/talkpal.ai\/lv\/language\/deklinacija-vacu-gramatika\/\">Deklin\u0101cija <\/a><a href=\"https:\/\/talkpal.ai\/lv\/language\/ipasibas-vardi-vacu-gramatika\/\">\u012apa\u0161\u012bbas v\u0101rdi <\/a><a href=\"https:\/\/talkpal.ai\/lv\/language\/laiki-vacu-gramatika\/\">Laiki <\/a><a href=\"https:\/\/talkpal.ai\/lv\/language\/lietvardi-un-raksti-vacu-gramatika\/\">Lietv\u0101rdi un raksti <\/a><a href=\"https:\/\/talkpal.ai\/lv\/language\/prievardi-vacu-gramatika\/\">Priev\u0101rdi <\/a><a href=\"https:\/\/talkpal.ai\/lv\/language\/teikuma-struktura-vacu-gramatika\/\">Teikuma strukt\u016bra <\/a><a href=\"https:\/\/talkpal.ai\/lv\/language\/vietniekvardi-vacu-gramatika\/\">Vietniekv\u0101rdi <\/a>            <\/div>\r\n        <\/section>\r\n    <section class=\"promotionalBanner\">\r\n    <p class=\"promotionalText\">Visefekt\u012bv\u0101kais veids, k\u0101 apg\u016bt valodu<\/p>\r\n    <a class=\"promotionalLink\" href=\"https:\/\/app.talkpal.ai\/lv\/signup?lng=\">Izm\u0113\u0123iniet Talkpal bez maksas<\/a>\r\n<\/section>\n<div class=\"wp-block-group pageContainerStyle\"><div class=\"wp-block-group__inner-container is-layout-constrained wp-block-group-is-layout-constrained\">\n<h2 class=\"wp-block-heading\" id=\"h-unraveling-the-intricacies-of-german-grammar\">V\u0101cu valodas gramatikas sare\u017e\u0123\u012bt\u012bbas at\u0161\u0137etin\u0101\u0161ana<\/h2>\n\n\n\n<p>V\u0101cu valodas apguve var b\u016bt aizraujo\u0161s un atalgojo\u0161s darbs. J\u016bs ne tikai var\u0113siet sazin\u0101ties ar vair\u0101k nek\u0101 130 miljoniem cilv\u0113ku vis\u0101 pasaul\u0113, bet ar\u012b iepaz\u012bties ar bag\u0101t\u012bgu literat\u016bru, m\u016bziku un kult\u016bras v\u0113sturi. T\u0101pat k\u0101 ar jebkuru valodu, v\u0101cu valodas apguve prasa cent\u012bbu un paciet\u012bbu \u2013 it \u012bpa\u0161i, ja runa ir par t\u0101s gramatiku. Lab\u0101 zi\u0146a ir t\u0101, ka daudzi v\u0101cu valodas gramatikas aspekti ir diezgan l\u012bdz\u012bgi <a href=\"https:\/\/talkpal.ai\/learn-english-with-ai\/\">ang\u013cu<\/a> valodas gramatikai, t\u0101p\u0113c angliski run\u0101jo\u0161ajiem ir viegl\u0101k aplaup\u012bt galvu. \u0160aj\u0101 rakst\u0101 m\u0113s apl\u016bkosim da\u017eas galven\u0101s v\u0101cu valodas gramatikas iez\u012bmes, sniedzot noder\u012bgus padomus un ieteikumus, kas pal\u012bdz\u0113s apg\u016bt \u0161o skaisto un sare\u017e\u0123\u012bto valodu.<\/p>\n\n\n\n<h3 class=\"wp-block-heading\" id=\"h-1-nouns-and-articles-get-your-cases-right\">1. Lietv\u0101rdi un raksti \u2013 Sak\u0101rtojiet savas lietas!<\/h3>\n\n\n\n<p>Viens no pirmajiem \u0161\u0137\u0113r\u0161\u013ciem ang\u013cu valod\u0101 run\u0101jo\u0161ajiem, kas m\u0101c\u0101s <a href=\"https:\/\/talkpal.ai\/lv\/macities-vacu-valodu\/\">v\u0101cu valodu<\/a>, ir izpratne par \u010detriem gad\u012bjumiem: nominat\u012bvs, akuzat\u012bvs, dat\u012bvs un \u0123enit\u012bvs. Katrs gad\u012bjums nor\u0101da uz at\u0161\u0137ir\u012bgu lietv\u0101rda funkciju teikum\u0101, piem\u0113ram, priek\u0161metu, tie\u0161o objektu vai netie\u0161o objektu. Turkl\u0101t v\u0101cu valod\u0101 ir tr\u012bs gramatisk\u0101s dzimtes (v\u012brie\u0161u, sievie\u0161u un nekatr\u0101), un raksti par katru dzimumu main\u0101s atkar\u012bb\u0101 no gad\u012bjuma. Izklaus\u0101s mulsino\u0161i? Neuztraucieties! Lab\u0101k apg\u016bstot v\u0101cu valodu, j\u016bs s\u0101ksiet atpaz\u012bt likumsakar\u012bbas un paredz\u0113t, kur\u0101 gad\u012bjum\u0101 un dzimt\u0113 lietojams v\u0101rds.<\/p>\n\n\n\n<p>Padoms: izveidojiet diagrammu ar konkr\u0113tiem rakstiem (der, die, das) un nenoteiktiem rakstiem (ein, eine, ein) katram dzimumam un gad\u012bjumam. Vispirms iegaum\u0113jiet tos, jo tie kalpos par pamatu v\u0101cu teikuma strukt\u016bras izpratnei.<\/p>\n\n\n\n<h3 class=\"wp-block-heading\" id=\"h-2-verbs-conjugate-and-dominate\">2. Darb\u012bbas v\u0101rdi \u2013 konjug\u0113t un domin\u0113t!<\/h3>\n\n\n\n<p>V\u0101cu valod\u0101 darb\u012bbas v\u0101rdi ir b\u016btiski ne tikai darb\u012bbas izteik\u0161anai, bet ar\u012b sasprindzin\u0101juma un garast\u0101vok\u013ca nor\u0101d\u012b\u0161anai. T\u0101pat k\u0101 ang\u013cu valod\u0101, v\u0101cu valodas darb\u012bbas v\u0101rdi ir j\u0101konjug\u0113, lai tie atbilstu teikuma priek\u0161metam. Tom\u0113r past\u0101v da\u017eas galven\u0101s at\u0161\u0137ir\u012bbas, tostarp regul\u0101ru (v\u0101ju) un neregul\u0101ru (sp\u0113c\u012bgu) darb\u012bbas v\u0101rdu izmanto\u0161ana, k\u0101 ar\u012b pal\u012bdz\u012bbas darb\u012bbas v\u0101rdu izmanto\u0161ana noteiktiem laikiem. Lab\u0101 zi\u0146a ir t\u0101, ka da\u017ei v\u0101cu valodas darb\u012bbas v\u0101rdu konjug\u0101cijas aspekti ir vienk\u0101r\u0161\u0101ki nek\u0101 ang\u013cu valod\u0101, piem\u0113ram, nav nepiecie\u0161ams lietot &#8220;do&#8221; jaut\u0101jumos vai noliegumos.<\/p>\n\n\n\n<p>Padoms: S\u0101ciet, apg\u016bstot regul\u0101ru darb\u012bbas v\u0101rdu konjug\u0101ciju, un p\u0113c tam risiniet visbie\u017e\u0101k sastopamos neregul\u0101ros darb\u012bbas v\u0101rdus. Praktiz\u0113jieties lietot pal\u012bgdarb\u012bbas darb\u012bbas v\u0101rdus pag\u0101tnes un n\u0101kotnes laikos, un dr\u012bz vien var\u0113siet veidot sare\u017e\u0123\u012bt\u0101kus teikumus.<\/p>\n\n\n\n<h3 class=\"wp-block-heading\" id=\"h-3-adjectives-show-your-agreement\">3. \u012apa\u0161\u012bbas v\u0101rdi \u2013 par\u0101diet savu piekri\u0161anu!<\/h3>\n\n\n\n<p>Lietojot \u012bpa\u0161\u012bbas v\u0101rdus lietv\u0101rdu apz\u012bm\u0113\u0161anai v\u0101cu valod\u0101, ir svar\u012bgi saprast \u012bpa\u0161\u012bbas v\u0101rdu saska\u0146o\u0161anu. Tas noz\u012bm\u0113, ka \u012bpa\u0161\u012bbas v\u0101rdiem ir j\u0101sakr\u012bt ar lietv\u0101rda dzimtes un p\u0101des formu. Da\u017eos gad\u012bjumos, \u0146emot v\u0113r\u0101 lietv\u0101rda loc\u012bjumu un lietv\u0101rda loc\u012bjuma formu, \u012bpa\u0161\u012bbas v\u0101rdam ir j\u0101pievieno galotne, kas ir atkar\u012bga no lietv\u0101rda lietv\u0101rda loc\u012bjuma.<\/p>\n\n\n\n<p>Padoms: izmantojiet savu rakstu diagrammu no iepriek\u0161\u0113j\u0101m versij\u0101m, lai atcer\u0113tos pareiz\u0101s \u012bpa\u0161\u012bbas v\u0101rdu galotnes. Praktiz\u0113jot \u012bpa\u0161\u012bbas v\u0101rdu lieto\u0161anu teikumos, gar\u012bgi atz\u012bm\u0113jiet beigu mode\u013cus un to, k\u0101 tie attiecas uz lietv\u0101rda dzimumu un gad\u012bjumu.<\/p>\n\n\n\n<h3 class=\"wp-block-heading\" id=\"h-4-word-order-embrace-the-flexibility\">4. V\u0101rdu sec\u012bba \u2013 izmantojiet elast\u012bbu!<\/h3>\n\n\n\n<p>Viens no daudzajiem v\u0101cu valodas gramatikas priekiem ir t\u0101s elast\u012bg\u0101 v\u0101rdu sec\u012bba. At\u0161\u0137ir\u012bb\u0101 no ang\u013cu valodas, kas parasti seko stingram subjekta-darb\u012bbas v\u0101rda-objekta modelim, v\u0101cu teikumi var at\u0161\u0137irties p\u0113c to strukt\u016bras. Galvenais ir saprast, cik svar\u012bga ir darb\u012bbas v\u0101rda poz\u012bcija, kas galvenaj\u0101 teikum\u0101 parasti ir otrais, bet pak\u0101rtotaj\u0101 teikum\u0101 &#8211; p\u0113d\u0113jais.<\/p>\n\n\n\n<p>Padoms: Lai apg\u016btu da\u017e\u0101dus v\u0101rdu sec\u012bbas mode\u013cus, m\u0113\u0123iniet tulkot vienk\u0101r\u0161us ang\u013cu valodas teikumus v\u0101cu valod\u0101 un p\u0113c tam p\u0101rk\u0101rtot teikumu, saglab\u0101jot darb\u012bbas v\u0101rdu pareizaj\u0101 viet\u0101. Tas pal\u012bdz\u0113s jums k\u013c\u016bt prasm\u012bg\u0101kam, veidojot nians\u0113tus un izteiksm\u012bgus teikumus v\u0101cu valod\u0101.<\/p>\n\n\n\n<h3 class=\"wp-block-heading\" id=\"h-5-prepositions-think-in-german\">5. Priev\u0101rdi \u2013 dom\u0101 v\u0101ciski!<\/h3>\n\n\n\n<p>Iesp\u0113jams, ka sare\u017e\u0123\u012bt\u0101k\u0101 v\u0101cu valodas gramatikas apguves da\u013ca ir priev\u0101rdu apguve. Lai gan ang\u013cu valod\u0101 priev\u0101rdi past\u0101v un tiem ir l\u012bdz\u012bga noz\u012bme, to lietojums v\u0101cu valod\u0101 ir at\u0161\u0137ir\u012bgs, un bie\u017ei vien, lai izv\u0113l\u0113tos pareizo priev\u0101rdu, ir nepiecie\u0161ams &#8220;dom\u0101t v\u0101ciski&#8221;. Piem\u0113ram, ang\u013cu valodas priev\u0101rds &#8220;in&#8221; atkar\u012bb\u0101 no konteksta var tikt tulkots k\u0101 &#8220;in&#8221;, &#8220;an&#8221; vai &#8220;auf&#8221; v\u0101cu valod\u0101.<\/p>\n\n\n\n<p>Padoms: izveidojiet flashcards ar kop\u012bgiem priev\u0101rdiem un to ang\u013cu valodas kol\u0113\u0123iem. Praktiz\u0113jiet to izmanto\u0161anu teikumos un koncentr\u0113jieties uz konkr\u0113tiem kontekstiem, kuros tiek izmantots katrs priev\u0101rds.<\/p>\n\n\n\n<h3 class=\"wp-block-heading\" id=\"h-conclusion\">Secin\u0101jums:<\/h3>\n\n\n\n<p>V\u0101cu valodas gramatika s\u0101kum\u0101 var \u0161\u0137ist bied\u0113jo\u0161a, ta\u010du, ja velt\u012bsit praktisku darbu, b\u016bsiet paciet\u012bgi un koncentr\u0113sieties uz noteikumu un likumsakar\u012bbu izpratni, dr\u012bz vien ar vieglumu veidosiet sare\u017e\u0123\u012btus teikumus. Izprotot v\u0101cu valodas gramatikas sare\u017e\u0123\u012bt\u012bbu, ang\u013cu valod\u0101 run\u0101jo\u0161ie ne tikai uzlabos savas valodas prasmes, bet ar\u012b att\u012bst\u012bs jaunatkl\u0101tu izpratni par \u0161o skaisto un sare\u017e\u0123\u012bto valodu. Now, auf geht&#8217;s! Laiks ienirt v\u0101cu valodas gramatikas pasaul\u0113 un atrais\u012bt pilnu valodas apguves potenci\u0101lu.<\/p>\n<\/div><\/div>\n\r\n<section class=\"learnNavigationSection\">\r\n            \r\n        <a href=\"https:\/\/talkpal.ai\/lv\/macities-vacu-valodu\/\">\r\n            <div class=\"learnNavigationWrapper\">\r\n                <div class=\"learnNavigationContent\">\r\n                    <img decoding=\"async\" src=\"https:\/\/talkpal.ai\/wp-content\/uploads\/2024\/08\/German.jpg\" alt=\"German Flag\">\r\n                    <div>\r\n                        <h4>Par v\u0101cu valodas apguvi<\/h4>\r\n                        <p>Uzziniet visu par v\u0101cu valodas gramatiku.<\/p>\r\n                    <\/div>\r\n                <\/div>\r\n            <\/div>\r\n        <\/a>\r\n\r\n        \r\n        <a href=\"https:\/\/talkpal.ai\/lv\/vacu-valodas-gramatikas-vingrinajumi\/\">\r\n            <div class=\"learnNavigationWrapper\">\r\n                <div class=\"learnNavigationContent\">\r\n                    <img decoding=\"async\" src=\"https:\/\/talkpal.ai\/wp-content\/uploads\/2024\/08\/German.jpg\" alt=\"German Flag\">\r\n                    <div>\r\n                        <h4>V\u0101cu valodas gramatikas vingrin\u0101jums<\/h4>\r\n                        <p>Praktiz\u0113jiet v\u0101cu valodas gramatiku.<\/p>\r\n                    <\/div>\r\n                <\/div>\r\n            <\/div>\r\n        <\/a>\r\n\r\n        \r\n        <a href=\"https:\/\/talkpal.ai\/vocabulary_language\/german\/\">\r\n            <div class=\"learnNavigationWrapper\">\r\n                <div class=\"learnNavigationContent\">\r\n                    <img decoding=\"async\" src=\"https:\/\/talkpal.ai\/wp-content\/uploads\/2024\/08\/German.jpg\" alt=\"German Flag\">\r\n                    <div>\r\n                        <h4>V\u0101cu valodas v\u0101rdn\u012bca<\/h4>\r\n                        <p>Papla\u0161iniet savu v\u0101cu valodas v\u0101rdu kr\u0101jumu.<\/p>\r\n                    <\/div>\r\n                <\/div>\r\n            <\/div>\r\n        <\/a>\r\n\r\n            <\/section>","protected":false},"excerpt":{"rendered":"<p>V\u0101cu valodas gramatikas sare\u017e\u0123\u012bt\u012bbas at\u0161\u0137etin\u0101\u0161ana V\u0101cu valodas apguve var b\u016bt aizraujo\u0161s un atalgojo\u0161s darbs. J\u016bs ne tikai var\u0113siet sazin\u0101ties ar vair\u0101k nek\u0101 130 miljoniem cilv\u0113ku vis\u0101 pasaul\u0113, bet ar\u012b iepaz\u012bties ar bag\u0101t\u012bgu literat\u016bru, m\u016bziku un kult\u016bras v\u0113sturi. T\u0101pat k\u0101 ar jebkuru valodu, v\u0101cu valodas apguve prasa cent\u012bbu un paciet\u012bbu \u2013 it \u012bpa\u0161i, ja runa ir [&hellip;]<\/p>\n","protected":false},"author":1,"featured_media":75518,"parent":0,"menu_order":0,"comment_status":"closed","ping_status":"closed","template":"LearningContentPage.php","meta":{"_acf_changed":false,"footnotes":""},"class_list":["post-124059","page","type-page","status-publish","has-post-thumbnail","hentry"],"acf":[],"yoast_head":"<!-- This site is optimized with the Yoast SEO Premium plugin v27.2 (Yoast SEO v27.2) - https:\/\/yoast.com\/product\/yoast-seo-premium-wordpress\/ -->\n<title>V\u0101cu valodas gramatika - Talkpal<\/title>\n<meta name=\"description\" content=\"Viegli apg\u016bstiet v\u0101cu valodas gramatiku - izprotiet b\u016btisk\u0101kos noteikumus, praktiz\u0113jiet teikumu veido\u0161anu un run\u0101jiet skaidri ar Talkpalar m\u0101ksl\u012bg\u0101 intelekta vad\u012btu atbalstu.\" \/>\n<meta name=\"robots\" content=\"index, follow, max-snippet:-1, max-image-preview:large, max-video-preview:-1\" \/>\n<link rel=\"canonical\" href=\"https:\/\/talkpal.ai\/lv\/vacu-valodas-gramatika\/\" \/>\n<meta property=\"og:locale\" content=\"lv_LV\" \/>\n<meta property=\"og:type\" content=\"article\" \/>\n<meta property=\"og:title\" content=\"V\u0101cu valodas gramatika\" \/>\n<meta property=\"og:description\" content=\"V\u0101cu valodas gramatikas sare\u017e\u0123\u012bt\u012bbas at\u0161\u0137etin\u0101\u0161ana V\u0101cu valodas apguve var b\u016bt aizraujo\u0161s un atalgojo\u0161s darbs. J\u016bs ne tikai var\u0113siet sazin\u0101ties ar vair\u0101k\" \/>\n<meta property=\"og:url\" content=\"https:\/\/talkpal.ai\/lv\/vacu-valodas-gramatika\/\" \/>\n<meta property=\"og:site_name\" content=\"Talkpal\" \/>\n<meta property=\"article:publisher\" content=\"https:\/\/www.facebook.com\/profile.php?id=100090733639311\" \/>\n<meta property=\"article:modified_time\" content=\"2025-05-22T19:22:43+00:00\" \/>\n<meta property=\"og:image\" content=\"https:\/\/talkpal.ai\/wp-content\/uploads\/2023\/03\/germany.png\" \/>\n\t<meta property=\"og:image:width\" content=\"512\" \/>\n\t<meta property=\"og:image:height\" content=\"512\" \/>\n\t<meta property=\"og:image:type\" content=\"image\/png\" \/>\n<meta name=\"twitter:card\" content=\"summary_large_image\" \/>\n<meta name=\"twitter:site\" content=\"@talkpalai\" \/>\n<meta name=\"twitter:label1\" content=\"Est. reading time\" \/>\n\t<meta name=\"twitter:data1\" content=\"5 minutes\" \/>\n<script type=\"application\/ld+json\" class=\"yoast-schema-graph\">{\"@context\":\"https:\/\/schema.org\",\"@graph\":[{\"@type\":\"WebPage\",\"@id\":\"https:\/\/talkpal.ai\/lv\/vacu-valodas-gramatika\/\",\"url\":\"https:\/\/talkpal.ai\/lv\/vacu-valodas-gramatika\/\",\"name\":\"V\u0101cu valodas gramatika - Talkpal\",\"isPartOf\":{\"@id\":\"https:\/\/talkpal.ai\/lv\/#website\"},\"primaryImageOfPage\":{\"@id\":\"https:\/\/talkpal.ai\/lv\/vacu-valodas-gramatika\/#primaryimage\"},\"image\":{\"@id\":\"https:\/\/talkpal.ai\/lv\/vacu-valodas-gramatika\/#primaryimage\"},\"thumbnailUrl\":\"https:\/\/talkpal.ai\/wp-content\/uploads\/2023\/03\/germany.png\",\"datePublished\":\"2023-03-26T11:40:15+00:00\",\"dateModified\":\"2025-05-22T19:22:43+00:00\",\"description\":\"Viegli apg\u016bstiet v\u0101cu valodas gramatiku - izprotiet b\u016btisk\u0101kos noteikumus, praktiz\u0113jiet teikumu veido\u0161anu un run\u0101jiet skaidri ar Talkpalar m\u0101ksl\u012bg\u0101 intelekta vad\u012btu atbalstu.\",\"breadcrumb\":{\"@id\":\"https:\/\/talkpal.ai\/lv\/vacu-valodas-gramatika\/#breadcrumb\"},\"inLanguage\":\"lv-LV\",\"potentialAction\":[{\"@type\":\"ReadAction\",\"target\":[\"https:\/\/talkpal.ai\/lv\/vacu-valodas-gramatika\/\"]}]},{\"@type\":\"ImageObject\",\"inLanguage\":\"lv-LV\",\"@id\":\"https:\/\/talkpal.ai\/lv\/vacu-valodas-gramatika\/#primaryimage\",\"url\":\"https:\/\/talkpal.ai\/wp-content\/uploads\/2023\/03\/germany.png\",\"contentUrl\":\"https:\/\/talkpal.ai\/wp-content\/uploads\/2023\/03\/germany.png\",\"width\":512,\"height\":512,\"caption\":\"TalkPal AI learn German\"},{\"@type\":\"BreadcrumbList\",\"@id\":\"https:\/\/talkpal.ai\/lv\/vacu-valodas-gramatika\/#breadcrumb\",\"itemListElement\":[{\"@type\":\"ListItem\",\"position\":1,\"name\":\"Homepage\",\"item\":\"https:\/\/talkpal.ai\/lv\/\"},{\"@type\":\"ListItem\",\"position\":2,\"name\":\"V\u0101cu valodas gramatika\"}]},{\"@type\":\"WebSite\",\"@id\":\"https:\/\/talkpal.ai\/lv\/#website\",\"url\":\"https:\/\/talkpal.ai\/lv\/\",\"name\":\"Talkpal\",\"description\":\"AI Language Learning\",\"publisher\":{\"@id\":\"https:\/\/talkpal.ai\/lv\/#organization\"},\"alternateName\":\"Talkpal AI\",\"potentialAction\":[{\"@type\":\"SearchAction\",\"target\":{\"@type\":\"EntryPoint\",\"urlTemplate\":\"https:\/\/talkpal.ai\/lv\/?s={search_term_string}\"},\"query-input\":{\"@type\":\"PropertyValueSpecification\",\"valueRequired\":true,\"valueName\":\"search_term_string\"}}],\"inLanguage\":\"lv-LV\"},{\"@type\":\"Organization\",\"@id\":\"https:\/\/talkpal.ai\/lv\/#organization\",\"name\":\"Talkpal, Inc.\",\"alternateName\":\"Talkpal AI\",\"url\":\"https:\/\/talkpal.ai\/lv\/\",\"logo\":{\"@type\":\"ImageObject\",\"inLanguage\":\"lv-LV\",\"@id\":\"https:\/\/talkpal.ai\/lv\/#\/schema\/logo\/image\/\",\"url\":\"https:\/\/talkpal.ai\/wp-content\/uploads\/2024\/03\/Talkpal-Logo-Icon.png\",\"contentUrl\":\"https:\/\/talkpal.ai\/wp-content\/uploads\/2024\/03\/Talkpal-Logo-Icon.png\",\"width\":2880,\"height\":2880,\"caption\":\"Talkpal, Inc.\"},\"image\":{\"@id\":\"https:\/\/talkpal.ai\/lv\/#\/schema\/logo\/image\/\"},\"sameAs\":[\"https:\/\/www.facebook.com\/profile.php?id=100090733639311\",\"https:\/\/x.com\/talkpalai\",\"https:\/\/www.linkedin.com\/company\/talkpal\/\",\"https:\/\/www.youtube.com\/@TalkPal\/\",\"https:\/\/www.tiktok.com\/@talkpal\",\"https:\/\/www.instagram.com\/talkpal_ai\/\",\"https:\/\/www.crunchbase.com\/organization\/talkpal-9cde\",\"https:\/\/www.g2.com\/products\/talkpal-for-business\/\",\"https:\/\/www.trustpilot.com\/review\/talkpal.ai\",\"https:\/\/www.capterra.com\/p\/10006800\/TalkPal\/\"],\"description\":\"Talkpal is a language learning web and mobile education app, powered by the latest AI technologies, that provides engaging experiences to its customers in many different languages to help them improve their language skills. Users can chat about unlimited amount of topics with the app and use other modes to practice their language learning.\",\"email\":\"support@talkpal.ai\",\"legalName\":\"Talkpal, Inc.\",\"foundingDate\":\"2023-04-03\",\"duns\":\"118989042\",\"numberOfEmployees\":{\"@type\":\"QuantitativeValue\",\"minValue\":\"11\",\"maxValue\":\"50\"},\"publishingPrinciples\":\"https:\/\/talkpal.ai\/publishing-principles\/\",\"actionableFeedbackPolicy\":\"https:\/\/talkpal.ai\/actionable-feedback-policy\/\",\"correctionsPolicy\":\"https:\/\/talkpal.ai\/corrections-policy\/\",\"ethicsPolicy\":\"https:\/\/talkpal.ai\/ethics-policy\/\",\"diversityPolicy\":\"https:\/\/talkpal.ai\/diversity-policy\/\",\"diversityStaffingReport\":\"https:\/\/talkpal.ai\/diversity-policy\/\"}]}<\/script>\n<!-- \/ Yoast SEO Premium plugin. -->","yoast_head_json":{"title":"V\u0101cu valodas gramatika - Talkpal","description":"Viegli apg\u016bstiet v\u0101cu valodas gramatiku - izprotiet b\u016btisk\u0101kos noteikumus, praktiz\u0113jiet teikumu veido\u0161anu un run\u0101jiet skaidri ar Talkpalar m\u0101ksl\u012bg\u0101 intelekta vad\u012btu atbalstu.","robots":{"index":"index","follow":"follow","max-snippet":"max-snippet:-1","max-image-preview":"max-image-preview:large","max-video-preview":"max-video-preview:-1"},"canonical":"https:\/\/talkpal.ai\/lv\/vacu-valodas-gramatika\/","og_locale":"lv_LV","og_type":"article","og_title":"V\u0101cu valodas gramatika","og_description":"V\u0101cu valodas gramatikas sare\u017e\u0123\u012bt\u012bbas at\u0161\u0137etin\u0101\u0161ana V\u0101cu valodas apguve var b\u016bt aizraujo\u0161s un atalgojo\u0161s darbs. J\u016bs ne tikai var\u0113siet sazin\u0101ties ar vair\u0101k","og_url":"https:\/\/talkpal.ai\/lv\/vacu-valodas-gramatika\/","og_site_name":"Talkpal","article_publisher":"https:\/\/www.facebook.com\/profile.php?id=100090733639311","article_modified_time":"2025-05-22T19:22:43+00:00","og_image":[{"width":512,"height":512,"url":"https:\/\/talkpal.ai\/wp-content\/uploads\/2023\/03\/germany.png","type":"image\/png"}],"twitter_card":"summary_large_image","twitter_site":"@talkpalai","twitter_misc":{"Est. reading time":"5 minutes"},"schema":{"@context":"https:\/\/schema.org","@graph":[{"@type":"WebPage","@id":"https:\/\/talkpal.ai\/lv\/vacu-valodas-gramatika\/","url":"https:\/\/talkpal.ai\/lv\/vacu-valodas-gramatika\/","name":"V\u0101cu valodas gramatika - Talkpal","isPartOf":{"@id":"https:\/\/talkpal.ai\/lv\/#website"},"primaryImageOfPage":{"@id":"https:\/\/talkpal.ai\/lv\/vacu-valodas-gramatika\/#primaryimage"},"image":{"@id":"https:\/\/talkpal.ai\/lv\/vacu-valodas-gramatika\/#primaryimage"},"thumbnailUrl":"https:\/\/talkpal.ai\/wp-content\/uploads\/2023\/03\/germany.png","datePublished":"2023-03-26T11:40:15+00:00","dateModified":"2025-05-22T19:22:43+00:00","description":"Viegli apg\u016bstiet v\u0101cu valodas gramatiku - izprotiet b\u016btisk\u0101kos noteikumus, praktiz\u0113jiet teikumu veido\u0161anu un run\u0101jiet skaidri ar Talkpalar m\u0101ksl\u012bg\u0101 intelekta vad\u012btu atbalstu.","breadcrumb":{"@id":"https:\/\/talkpal.ai\/lv\/vacu-valodas-gramatika\/#breadcrumb"},"inLanguage":"lv-LV","potentialAction":[{"@type":"ReadAction","target":["https:\/\/talkpal.ai\/lv\/vacu-valodas-gramatika\/"]}]},{"@type":"ImageObject","inLanguage":"lv-LV","@id":"https:\/\/talkpal.ai\/lv\/vacu-valodas-gramatika\/#primaryimage","url":"https:\/\/talkpal.ai\/wp-content\/uploads\/2023\/03\/germany.png","contentUrl":"https:\/\/talkpal.ai\/wp-content\/uploads\/2023\/03\/germany.png","width":512,"height":512,"caption":"TalkPal AI learn German"},{"@type":"BreadcrumbList","@id":"https:\/\/talkpal.ai\/lv\/vacu-valodas-gramatika\/#breadcrumb","itemListElement":[{"@type":"ListItem","position":1,"name":"Homepage","item":"https:\/\/talkpal.ai\/lv\/"},{"@type":"ListItem","position":2,"name":"V\u0101cu valodas gramatika"}]},{"@type":"WebSite","@id":"https:\/\/talkpal.ai\/lv\/#website","url":"https:\/\/talkpal.ai\/lv\/","name":"Talkpal","description":"AI Language Learning","publisher":{"@id":"https:\/\/talkpal.ai\/lv\/#organization"},"alternateName":"Talkpal AI","potentialAction":[{"@type":"SearchAction","target":{"@type":"EntryPoint","urlTemplate":"https:\/\/talkpal.ai\/lv\/?s={search_term_string}"},"query-input":{"@type":"PropertyValueSpecification","valueRequired":true,"valueName":"search_term_string"}}],"inLanguage":"lv-LV"},{"@type":"Organization","@id":"https:\/\/talkpal.ai\/lv\/#organization","name":"Talkpal, Inc.","alternateName":"Talkpal AI","url":"https:\/\/talkpal.ai\/lv\/","logo":{"@type":"ImageObject","inLanguage":"lv-LV","@id":"https:\/\/talkpal.ai\/lv\/#\/schema\/logo\/image\/","url":"https:\/\/talkpal.ai\/wp-content\/uploads\/2024\/03\/Talkpal-Logo-Icon.png","contentUrl":"https:\/\/talkpal.ai\/wp-content\/uploads\/2024\/03\/Talkpal-Logo-Icon.png","width":2880,"height":2880,"caption":"Talkpal, Inc."},"image":{"@id":"https:\/\/talkpal.ai\/lv\/#\/schema\/logo\/image\/"},"sameAs":["https:\/\/www.facebook.com\/profile.php?id=100090733639311","https:\/\/x.com\/talkpalai","https:\/\/www.linkedin.com\/company\/talkpal\/","https:\/\/www.youtube.com\/@TalkPal\/","https:\/\/www.tiktok.com\/@talkpal","https:\/\/www.instagram.com\/talkpal_ai\/","https:\/\/www.crunchbase.com\/organization\/talkpal-9cde","https:\/\/www.g2.com\/products\/talkpal-for-business\/","https:\/\/www.trustpilot.com\/review\/talkpal.ai","https:\/\/www.capterra.com\/p\/10006800\/TalkPal\/"],"description":"Talkpal is a language learning web and mobile education app, powered by the latest AI technologies, that provides engaging experiences to its customers in many different languages to help them improve their language skills. Users can chat about unlimited amount of topics with the app and use other modes to practice their language learning.","email":"support@talkpal.ai","legalName":"Talkpal, Inc.","foundingDate":"2023-04-03","duns":"118989042","numberOfEmployees":{"@type":"QuantitativeValue","minValue":"11","maxValue":"50"},"publishingPrinciples":"https:\/\/talkpal.ai\/publishing-principles\/","actionableFeedbackPolicy":"https:\/\/talkpal.ai\/actionable-feedback-policy\/","correctionsPolicy":"https:\/\/talkpal.ai\/corrections-policy\/","ethicsPolicy":"https:\/\/talkpal.ai\/ethics-policy\/","diversityPolicy":"https:\/\/talkpal.ai\/diversity-policy\/","diversityStaffingReport":"https:\/\/talkpal.ai\/diversity-policy\/"}]}},"_links":{"self":[{"href":"https:\/\/talkpal.ai\/lv\/wp-json\/wp\/v2\/pages\/124059","targetHints":{"allow":["GET"]}}],"collection":[{"href":"https:\/\/talkpal.ai\/lv\/wp-json\/wp\/v2\/pages"}],"about":[{"href":"https:\/\/talkpal.ai\/lv\/wp-json\/wp\/v2\/types\/page"}],"author":[{"embeddable":true,"href":"https:\/\/talkpal.ai\/lv\/wp-json\/wp\/v2\/users\/1"}],"replies":[{"embeddable":true,"href":"https:\/\/talkpal.ai\/lv\/wp-json\/wp\/v2\/comments?post=124059"}],"version-history":[{"count":0,"href":"https:\/\/talkpal.ai\/lv\/wp-json\/wp\/v2\/pages\/124059\/revisions"}],"wp:featuredmedia":[{"embeddable":true,"href":"https:\/\/talkpal.ai\/lv\/wp-json\/wp\/v2\/media\/75518"}],"wp:attachment":[{"href":"https:\/\/talkpal.ai\/lv\/wp-json\/wp\/v2\/media?parent=124059"}],"curies":[{"name":"wp","href":"https:\/\/api.w.org\/{rel}","templated":true}]}}