{"id":998014,"date":"2023-10-09T10:03:45","date_gmt":"2023-10-09T10:03:45","guid":{"rendered":"https:\/\/talkpal.ai\/prenumeratos-valdymo-instrukcijos\/"},"modified":"2025-07-12T09:46:47","modified_gmt":"2025-07-12T09:46:47","slug":"prenumeratos-valdymo-instrukcijos","status":"publish","type":"page","link":"https:\/\/talkpal.ai\/lt\/prenumeratos-valdymo-instrukcijos\/","title":{"rendered":"Prenumeratos valdymo instrukcijos"},"content":{"rendered":"\n<p>Prenumeratas galite tvarkyti &#8222;App Store&#8221; (&#8222;Apple iOS&#8221;), &#8222;Google Play&#8221; (&#8222;Android&#8221;) arba svetain\u0117s program\u0117l\u0117se.<\/p>\n\n<h2 class=\"wp-block-heading\" id=\"h-app-store-apple-ios\">&#8222;App Store&#8221; (&#8222;Apple iOS&#8221;)<\/h2>\n\n<p>Atminkite: turite at\u0161aukti &#8222;Apple&#8221; prenumerat\u0105 arba bandom\u0105j\u0105 versij\u0105 likus bent 24 valandoms iki jos pabaigos. Jei j\u012f at\u0161auksite paskutin\u0119 dien\u0105, jis bus atnaujintas automati\u0161kai.<\/p>\n\n<p>Nor\u0117dami at\u0161aukti <a href=\"https:\/\/talkpal.ai\/ko\/ai-%ec%96%b8%ec%96%b4-%ea%b5%90%ec%82%ac\/\">Talkpal<\/a> prenumerat\u0105 per &#8222;App Store&#8221;, atlikite \u0161iuos veiksmus &#8222;iOS&#8221; prietaise:<\/p>\n\n<p><strong>1 veiksmas<\/strong> &#8211; atidarykite program\u0105 Nustatymai.<\/p>\n\n<p><strong>2 veiksmas<\/strong> &#8211; pasirinkite savo &#8222;Apple ID&#8221;, esant\u012f puslapio vir\u0161uje.<\/p>\n\n<p><strong>3 veiksmas<\/strong> &#8211; pasirinkite &#8222;Per\u017ei\u016br\u0117ti &#8222;Apple ID&#8221;<\/p>\n\n<p><strong>4 veiksmas<\/strong> &#8211; Eikite \u012f &#8222;Prenumeratos&#8221; ir pasirinkite t\u0105, kuri\u0105 norite at\u0161aukti.<\/p>\n\n<p><strong>5 veiksmas<\/strong> &#8211; bakstel\u0117kite &#8222;At\u0161aukti prenumerat\u0105&#8221;.<\/p>\n\n<h2 class=\"wp-block-heading\" id=\"h-google-play-android\">&#8222;Google Play&#8221; (Android)<\/h2>\n\n<p><b>1 veiksmas<\/b> &#8211; &#8222;Android&#8221; prietaise &#8222;Google Play&#8221; nar\u0161ykite savo prenumeratas.<\/p>\n\n<p><b>2 veiksmas<\/b> &#8211; pasirinkite prenumerat\u0105, kuri\u0105 norite at\u0161aukti.<\/p>\n\n<p><b>3 veiksmas<\/b> &#8211; Paspauskite At\u0161aukti prenumerat\u0105.<\/p>\n\n<h2 class=\"wp-block-heading\" id=\"h-website\">Svetain\u0117<\/h2>\n\n<p><b>1 \u017eingsnis<\/b> &#8211; Eikite \u012f savo paskyros puslap\u012f.<\/p>\n\n<p><b>2 veiksmas<\/b> &#8211; slinkite \u017eemyn \u012f skyri\u0173 &#8222;Prenumerata&#8221;.<\/p>\n\n<p><b>3 \u017eingsnis<\/b> &#8211; Spustel\u0117kite &#8222;At\u0161aukti prenumerat\u0105&#8221;.<\/p>\n","protected":false},"excerpt":{"rendered":"<p>Prenumeratas galite tvarkyti &#8222;App Store&#8221; (&#8222;Apple iOS&#8221;), &#8222;Google Play&#8221; (&#8222;Android&#8221;) arba svetain\u0117s program\u0117l\u0117se. &#8222;App Store&#8221; (&#8222;Apple iOS&#8221;) Atminkite: turite at\u0161aukti &#8222;Apple&#8221; prenumerat\u0105 arba bandom\u0105j\u0105 versij\u0105 likus bent 24 valandoms iki jos pabaigos. Jei j\u012f at\u0161auksite paskutin\u0119 dien\u0105, jis bus atnaujintas automati\u0161kai. Nor\u0117dami at\u0161aukti Talkpal prenumerat\u0105 per &#8222;App Store&#8221;, atlikite \u0161iuos veiksmus &#8222;iOS&#8221; prietaise: 1 veiksmas [&hellip;]<\/p>\n","protected":false},"author":10,"featured_media":197967,"parent":0,"menu_order":0,"comment_status":"closed","ping_status":"closed","template":"","meta":{"_acf_changed":false,"footnotes":""},"class_list":["post-998014","page","type-page","status-publish","has-post-thumbnail","hentry"],"acf":[],"yoast_head":"<!-- This site is optimized with the Yoast SEO Premium plugin v27.2 (Yoast SEO v27.2) - https:\/\/yoast.com\/product\/yoast-seo-premium-wordpress\/ -->\n<title>Prenumeratos valdymo instrukcijos - Talkpal<\/title>\n<meta name=\"description\" content=\"Vadovaukit\u0117s \u0161iomis prenumerat\u0173 valdymo instrukcijomis, kad lengvai at\u0161auktum\u0117te prenumeratas &quot;Apple&quot; arba &quot;Google Play&quot; programose.\" \/>\n<meta name=\"robots\" content=\"index, follow, max-snippet:-1, max-image-preview:large, max-video-preview:-1\" \/>\n<link rel=\"canonical\" href=\"https:\/\/talkpal.ai\/lt\/prenumeratos-valdymo-instrukcijos\/\" \/>\n<meta property=\"og:locale\" content=\"lt_LT\" \/>\n<meta property=\"og:type\" content=\"article\" \/>\n<meta property=\"og:title\" content=\"Prenumeratos valdymo instrukcijos\" \/>\n<meta property=\"og:description\" content=\"Prenumeratas galite tvarkyti &quot;App Store&quot; (&quot;Apple iOS&quot;), &quot;Google Play&quot; (&quot;Android&quot;) arba svetain\u0117s program\u0117l\u0117se. &quot;App Store&quot; (&quot;Apple iOS&quot;) Atminkite: turite\" \/>\n<meta property=\"og:url\" content=\"https:\/\/talkpal.ai\/lt\/prenumeratos-valdymo-instrukcijos\/\" \/>\n<meta property=\"og:site_name\" content=\"Talkpal\" \/>\n<meta property=\"article:publisher\" content=\"https:\/\/www.facebook.com\/profile.php?id=100090733639311\" \/>\n<meta property=\"article:modified_time\" content=\"2025-07-12T09:46:47+00:00\" \/>\n<meta property=\"og:image\" content=\"https:\/\/talkpal.ai\/wp-content\/uploads\/2024\/03\/Talkpal-Logo-Icon.png\" \/>\n\t<meta property=\"og:image:width\" content=\"5000\" \/>\n\t<meta property=\"og:image:height\" content=\"5000\" \/>\n\t<meta property=\"og:image:type\" content=\"image\/png\" \/>\n<meta name=\"twitter:card\" content=\"summary_large_image\" \/>\n<meta name=\"twitter:site\" content=\"@talkpalai\" \/>\n<meta name=\"twitter:label1\" content=\"Est. reading time\" \/>\n\t<meta name=\"twitter:data1\" content=\"1 minut\u0117\" \/>\n<script type=\"application\/ld+json\" class=\"yoast-schema-graph\">{\"@context\":\"https:\/\/schema.org\",\"@graph\":[{\"@type\":\"WebPage\",\"@id\":\"https:\/\/talkpal.ai\/lt\/prenumeratos-valdymo-instrukcijos\/\",\"url\":\"https:\/\/talkpal.ai\/lt\/prenumeratos-valdymo-instrukcijos\/\",\"name\":\"Prenumeratos valdymo instrukcijos - Talkpal\",\"isPartOf\":{\"@id\":\"https:\/\/talkpal.ai\/lt\/#website\"},\"primaryImageOfPage\":{\"@id\":\"https:\/\/talkpal.ai\/lt\/prenumeratos-valdymo-instrukcijos\/#primaryimage\"},\"image\":{\"@id\":\"https:\/\/talkpal.ai\/lt\/prenumeratos-valdymo-instrukcijos\/#primaryimage\"},\"thumbnailUrl\":\"https:\/\/talkpal.ai\/wp-content\/uploads\/2024\/03\/Talkpal-Logo-Icon.png\",\"datePublished\":\"2023-10-09T10:03:45+00:00\",\"dateModified\":\"2025-07-12T09:46:47+00:00\",\"description\":\"Vadovaukit\u0117s \u0161iomis prenumerat\u0173 valdymo instrukcijomis, kad lengvai at\u0161auktum\u0117te prenumeratas \\\"Apple\\\" arba \\\"Google Play\\\" programose.\",\"breadcrumb\":{\"@id\":\"https:\/\/talkpal.ai\/lt\/prenumeratos-valdymo-instrukcijos\/#breadcrumb\"},\"inLanguage\":\"lt-LT\",\"potentialAction\":[{\"@type\":\"ReadAction\",\"target\":[\"https:\/\/talkpal.ai\/lt\/prenumeratos-valdymo-instrukcijos\/\"]}]},{\"@type\":\"ImageObject\",\"inLanguage\":\"lt-LT\",\"@id\":\"https:\/\/talkpal.ai\/lt\/prenumeratos-valdymo-instrukcijos\/#primaryimage\",\"url\":\"https:\/\/talkpal.ai\/wp-content\/uploads\/2024\/03\/Talkpal-Logo-Icon.png\",\"contentUrl\":\"https:\/\/talkpal.ai\/wp-content\/uploads\/2024\/03\/Talkpal-Logo-Icon.png\",\"width\":5000,\"height\":5000,\"caption\":\"talkpal logo\"},{\"@type\":\"BreadcrumbList\",\"@id\":\"https:\/\/talkpal.ai\/lt\/prenumeratos-valdymo-instrukcijos\/#breadcrumb\",\"itemListElement\":[{\"@type\":\"ListItem\",\"position\":1,\"name\":\"Homepage\",\"item\":\"https:\/\/talkpal.ai\/lt\/\"},{\"@type\":\"ListItem\",\"position\":2,\"name\":\"Prenumeratos valdymo instrukcijos\"}]},{\"@type\":\"WebSite\",\"@id\":\"https:\/\/talkpal.ai\/lt\/#website\",\"url\":\"https:\/\/talkpal.ai\/lt\/\",\"name\":\"Talkpal\",\"description\":\"AI Language Learning\",\"publisher\":{\"@id\":\"https:\/\/talkpal.ai\/lt\/#organization\"},\"alternateName\":\"Talkpal AI\",\"potentialAction\":[{\"@type\":\"SearchAction\",\"target\":{\"@type\":\"EntryPoint\",\"urlTemplate\":\"https:\/\/talkpal.ai\/lt\/?s={search_term_string}\"},\"query-input\":{\"@type\":\"PropertyValueSpecification\",\"valueRequired\":true,\"valueName\":\"search_term_string\"}}],\"inLanguage\":\"lt-LT\"},{\"@type\":\"Organization\",\"@id\":\"https:\/\/talkpal.ai\/lt\/#organization\",\"name\":\"Talkpal, Inc.\",\"alternateName\":\"Talkpal AI\",\"url\":\"https:\/\/talkpal.ai\/lt\/\",\"logo\":{\"@type\":\"ImageObject\",\"inLanguage\":\"lt-LT\",\"@id\":\"https:\/\/talkpal.ai\/lt\/#\/schema\/logo\/image\/\",\"url\":\"https:\/\/talkpal.ai\/wp-content\/uploads\/2024\/03\/Talkpal-Logo-Icon.png\",\"contentUrl\":\"https:\/\/talkpal.ai\/wp-content\/uploads\/2024\/03\/Talkpal-Logo-Icon.png\",\"width\":2880,\"height\":2880,\"caption\":\"Talkpal, Inc.\"},\"image\":{\"@id\":\"https:\/\/talkpal.ai\/lt\/#\/schema\/logo\/image\/\"},\"sameAs\":[\"https:\/\/www.facebook.com\/profile.php?id=100090733639311\",\"https:\/\/x.com\/talkpalai\",\"https:\/\/www.linkedin.com\/company\/talkpal\/\",\"https:\/\/www.youtube.com\/@TalkPal\/\",\"https:\/\/www.tiktok.com\/@talkpal\",\"https:\/\/www.instagram.com\/talkpal_ai\/\",\"https:\/\/www.crunchbase.com\/organization\/talkpal-9cde\",\"https:\/\/www.g2.com\/products\/talkpal-for-business\/\",\"https:\/\/www.trustpilot.com\/review\/talkpal.ai\",\"https:\/\/www.capterra.com\/p\/10006800\/TalkPal\/\"],\"description\":\"Talkpal is a language learning web and mobile education app, powered by the latest AI technologies, that provides engaging experiences to its customers in many different languages to help them improve their language skills. Users can chat about unlimited amount of topics with the app and use other modes to practice their language learning.\",\"email\":\"support@talkpal.ai\",\"legalName\":\"Talkpal, Inc.\",\"foundingDate\":\"2023-04-03\",\"duns\":\"118989042\",\"numberOfEmployees\":{\"@type\":\"QuantitativeValue\",\"minValue\":\"11\",\"maxValue\":\"50\"},\"publishingPrinciples\":\"https:\/\/talkpal.ai\/publishing-principles\/\",\"actionableFeedbackPolicy\":\"https:\/\/talkpal.ai\/actionable-feedback-policy\/\",\"correctionsPolicy\":\"https:\/\/talkpal.ai\/corrections-policy\/\",\"ethicsPolicy\":\"https:\/\/talkpal.ai\/ethics-policy\/\",\"diversityPolicy\":\"https:\/\/talkpal.ai\/diversity-policy\/\",\"diversityStaffingReport\":\"https:\/\/talkpal.ai\/diversity-policy\/\"}]}<\/script>\n<!-- \/ Yoast SEO Premium plugin. -->","yoast_head_json":{"title":"Prenumeratos valdymo instrukcijos - Talkpal","description":"Vadovaukit\u0117s \u0161iomis prenumerat\u0173 valdymo instrukcijomis, kad lengvai at\u0161auktum\u0117te prenumeratas \"Apple\" arba \"Google Play\" programose.","robots":{"index":"index","follow":"follow","max-snippet":"max-snippet:-1","max-image-preview":"max-image-preview:large","max-video-preview":"max-video-preview:-1"},"canonical":"https:\/\/talkpal.ai\/lt\/prenumeratos-valdymo-instrukcijos\/","og_locale":"lt_LT","og_type":"article","og_title":"Prenumeratos valdymo instrukcijos","og_description":"Prenumeratas galite tvarkyti \"App Store\" (\"Apple iOS\"), \"Google Play\" (\"Android\") arba svetain\u0117s program\u0117l\u0117se. \"App Store\" (\"Apple iOS\") Atminkite: turite","og_url":"https:\/\/talkpal.ai\/lt\/prenumeratos-valdymo-instrukcijos\/","og_site_name":"Talkpal","article_publisher":"https:\/\/www.facebook.com\/profile.php?id=100090733639311","article_modified_time":"2025-07-12T09:46:47+00:00","og_image":[{"width":5000,"height":5000,"url":"https:\/\/talkpal.ai\/wp-content\/uploads\/2024\/03\/Talkpal-Logo-Icon.png","type":"image\/png"}],"twitter_card":"summary_large_image","twitter_site":"@talkpalai","twitter_misc":{"Est. reading time":"1 minut\u0117"},"schema":{"@context":"https:\/\/schema.org","@graph":[{"@type":"WebPage","@id":"https:\/\/talkpal.ai\/lt\/prenumeratos-valdymo-instrukcijos\/","url":"https:\/\/talkpal.ai\/lt\/prenumeratos-valdymo-instrukcijos\/","name":"Prenumeratos valdymo instrukcijos - Talkpal","isPartOf":{"@id":"https:\/\/talkpal.ai\/lt\/#website"},"primaryImageOfPage":{"@id":"https:\/\/talkpal.ai\/lt\/prenumeratos-valdymo-instrukcijos\/#primaryimage"},"image":{"@id":"https:\/\/talkpal.ai\/lt\/prenumeratos-valdymo-instrukcijos\/#primaryimage"},"thumbnailUrl":"https:\/\/talkpal.ai\/wp-content\/uploads\/2024\/03\/Talkpal-Logo-Icon.png","datePublished":"2023-10-09T10:03:45+00:00","dateModified":"2025-07-12T09:46:47+00:00","description":"Vadovaukit\u0117s \u0161iomis prenumerat\u0173 valdymo instrukcijomis, kad lengvai at\u0161auktum\u0117te prenumeratas \"Apple\" arba \"Google Play\" programose.","breadcrumb":{"@id":"https:\/\/talkpal.ai\/lt\/prenumeratos-valdymo-instrukcijos\/#breadcrumb"},"inLanguage":"lt-LT","potentialAction":[{"@type":"ReadAction","target":["https:\/\/talkpal.ai\/lt\/prenumeratos-valdymo-instrukcijos\/"]}]},{"@type":"ImageObject","inLanguage":"lt-LT","@id":"https:\/\/talkpal.ai\/lt\/prenumeratos-valdymo-instrukcijos\/#primaryimage","url":"https:\/\/talkpal.ai\/wp-content\/uploads\/2024\/03\/Talkpal-Logo-Icon.png","contentUrl":"https:\/\/talkpal.ai\/wp-content\/uploads\/2024\/03\/Talkpal-Logo-Icon.png","width":5000,"height":5000,"caption":"talkpal logo"},{"@type":"BreadcrumbList","@id":"https:\/\/talkpal.ai\/lt\/prenumeratos-valdymo-instrukcijos\/#breadcrumb","itemListElement":[{"@type":"ListItem","position":1,"name":"Homepage","item":"https:\/\/talkpal.ai\/lt\/"},{"@type":"ListItem","position":2,"name":"Prenumeratos valdymo instrukcijos"}]},{"@type":"WebSite","@id":"https:\/\/talkpal.ai\/lt\/#website","url":"https:\/\/talkpal.ai\/lt\/","name":"Talkpal","description":"AI Language Learning","publisher":{"@id":"https:\/\/talkpal.ai\/lt\/#organization"},"alternateName":"Talkpal AI","potentialAction":[{"@type":"SearchAction","target":{"@type":"EntryPoint","urlTemplate":"https:\/\/talkpal.ai\/lt\/?s={search_term_string}"},"query-input":{"@type":"PropertyValueSpecification","valueRequired":true,"valueName":"search_term_string"}}],"inLanguage":"lt-LT"},{"@type":"Organization","@id":"https:\/\/talkpal.ai\/lt\/#organization","name":"Talkpal, Inc.","alternateName":"Talkpal AI","url":"https:\/\/talkpal.ai\/lt\/","logo":{"@type":"ImageObject","inLanguage":"lt-LT","@id":"https:\/\/talkpal.ai\/lt\/#\/schema\/logo\/image\/","url":"https:\/\/talkpal.ai\/wp-content\/uploads\/2024\/03\/Talkpal-Logo-Icon.png","contentUrl":"https:\/\/talkpal.ai\/wp-content\/uploads\/2024\/03\/Talkpal-Logo-Icon.png","width":2880,"height":2880,"caption":"Talkpal, Inc."},"image":{"@id":"https:\/\/talkpal.ai\/lt\/#\/schema\/logo\/image\/"},"sameAs":["https:\/\/www.facebook.com\/profile.php?id=100090733639311","https:\/\/x.com\/talkpalai","https:\/\/www.linkedin.com\/company\/talkpal\/","https:\/\/www.youtube.com\/@TalkPal\/","https:\/\/www.tiktok.com\/@talkpal","https:\/\/www.instagram.com\/talkpal_ai\/","https:\/\/www.crunchbase.com\/organization\/talkpal-9cde","https:\/\/www.g2.com\/products\/talkpal-for-business\/","https:\/\/www.trustpilot.com\/review\/talkpal.ai","https:\/\/www.capterra.com\/p\/10006800\/TalkPal\/"],"description":"Talkpal is a language learning web and mobile education app, powered by the latest AI technologies, that provides engaging experiences to its customers in many different languages to help them improve their language skills. Users can chat about unlimited amount of topics with the app and use other modes to practice their language learning.","email":"support@talkpal.ai","legalName":"Talkpal, Inc.","foundingDate":"2023-04-03","duns":"118989042","numberOfEmployees":{"@type":"QuantitativeValue","minValue":"11","maxValue":"50"},"publishingPrinciples":"https:\/\/talkpal.ai\/publishing-principles\/","actionableFeedbackPolicy":"https:\/\/talkpal.ai\/actionable-feedback-policy\/","correctionsPolicy":"https:\/\/talkpal.ai\/corrections-policy\/","ethicsPolicy":"https:\/\/talkpal.ai\/ethics-policy\/","diversityPolicy":"https:\/\/talkpal.ai\/diversity-policy\/","diversityStaffingReport":"https:\/\/talkpal.ai\/diversity-policy\/"}]}},"_links":{"self":[{"href":"https:\/\/talkpal.ai\/lt\/wp-json\/wp\/v2\/pages\/998014","targetHints":{"allow":["GET"]}}],"collection":[{"href":"https:\/\/talkpal.ai\/lt\/wp-json\/wp\/v2\/pages"}],"about":[{"href":"https:\/\/talkpal.ai\/lt\/wp-json\/wp\/v2\/types\/page"}],"author":[{"embeddable":true,"href":"https:\/\/talkpal.ai\/lt\/wp-json\/wp\/v2\/users\/10"}],"replies":[{"embeddable":true,"href":"https:\/\/talkpal.ai\/lt\/wp-json\/wp\/v2\/comments?post=998014"}],"version-history":[{"count":0,"href":"https:\/\/talkpal.ai\/lt\/wp-json\/wp\/v2\/pages\/998014\/revisions"}],"wp:featuredmedia":[{"embeddable":true,"href":"https:\/\/talkpal.ai\/lt\/wp-json\/wp\/v2\/media\/197967"}],"wp:attachment":[{"href":"https:\/\/talkpal.ai\/lt\/wp-json\/wp\/v2\/media?parent=998014"}],"curies":[{"name":"wp","href":"https:\/\/api.w.org\/{rel}","templated":true}]}}