{"id":994782,"date":"2023-12-20T15:42:12","date_gmt":"2023-12-20T15:42:12","guid":{"rendered":"https:\/\/talkpal.ai\/kupono-kodo-itraukimo-i-stripe-kasa-instrukcijos\/"},"modified":"2025-06-19T18:07:10","modified_gmt":"2025-06-19T18:07:10","slug":"kupono-kodo-itraukimo-i-stripe-kasa-instrukcijos","status":"publish","type":"page","link":"https:\/\/talkpal.ai\/lt\/kupono-kodo-itraukimo-i-stripe-kasa-instrukcijos\/","title":{"rendered":"Kupono kodo \u012ftraukimo \u012f &#8222;Stripe&#8221; kas\u0105 instrukcijos"},"content":{"rendered":"\n<p>Prid\u0117kite kupono kod\u0105 ir gaukite nuolaid\u0105.<\/p>\n\n<h2 class=\"wp-block-heading\" id=\"h-follow-the-steps\">Atlikite veiksmus<\/h2>\n\n<h3 class=\"wp-block-heading\" id=\"h-step-1\">1 \u017eingsnis:<\/h3>\n\n<p>Pasirinkite pageidaujam\u0105 plan\u0105.<\/p>\n\n<figure class=\"wp-block-image\"><img decoding=\"async\" src=\"https:\/\/talkpal.ai\/wp-content\/uploads\/2024\/12\/Choos-plan-screen-768x389.png\" alt=\"\"\/><\/figure>\n\n<h3 class=\"wp-block-heading\" id=\"h-step-2\">2 \u017eingsnis:<\/h3>\n\n<p>Pasirinkite galimyb\u0119 mok\u0117ti kortele ir paspauskite prad\u017eios mygtuk\u0105.<\/p>\n\n<figure class=\"wp-block-image\"><img decoding=\"async\" src=\"https:\/\/talkpal.ai\/wp-content\/uploads\/2024\/12\/Payment-method-screen-768x389.png\" alt=\"\"\/><\/figure>\n\n<h3 class=\"wp-block-heading\" id=\"h-step-3\">3 \u017eingsnis:<\/h3>\n\n<p>B\u016bsite nukreipti \u012f &#8222;Stripe&#8221; kasos puslap\u012f.<\/p>\n\n<h3 class=\"wp-block-heading\" id=\"h-step-4\">4 veiksmas:<\/h3>\n\n<p>Paspauskite \u201ePrid\u0117ti reklamos kod\u0105\u201c ir \u012fveskite kod\u0105, pvz: <strong>PIN25<\/strong> ir paspauskite \u201eTaikyti\u201c.<\/p>\n\n<figure class=\"wp-block-image\"><img decoding=\"async\" src=\"https:\/\/talkpal.ai\/wp-content\/uploads\/2024\/05\/Talkpal-Stripe-instructions-1024x593.png\" alt=\"\"\/><\/figure>\n\n<h3 class=\"wp-block-heading\" id=\"h-step-5\">5 veiksmas:<\/h3>\n\n<p>U\u017epildykite kortel\u0117s informacij\u0105 ir prad\u0117kite tyrin\u0117ti &#8222;Premium&#8221; paskyr\u0105.<\/p>\n\n<p><\/p>\n","protected":false},"excerpt":{"rendered":"<p>Prid\u0117kite kupono kod\u0105 ir gaukite nuolaid\u0105. Atlikite veiksmus 1 \u017eingsnis: Pasirinkite pageidaujam\u0105 plan\u0105. 2 \u017eingsnis: Pasirinkite galimyb\u0119 mok\u0117ti kortele ir paspauskite prad\u017eios mygtuk\u0105. 3 \u017eingsnis: B\u016bsite nukreipti \u012f &#8222;Stripe&#8221; kasos puslap\u012f. 4 veiksmas: Paspauskite \u201ePrid\u0117ti reklamos kod\u0105\u201c ir \u012fveskite kod\u0105, pvz: PIN25 ir paspauskite \u201eTaikyti\u201c. 5 veiksmas: U\u017epildykite kortel\u0117s informacij\u0105 ir prad\u0117kite tyrin\u0117ti &#8222;Premium&#8221; paskyr\u0105.<\/p>\n","protected":false},"author":6,"featured_media":197967,"parent":0,"menu_order":0,"comment_status":"closed","ping_status":"closed","template":"","meta":{"_acf_changed":false,"footnotes":""},"class_list":["post-994782","page","type-page","status-publish","has-post-thumbnail","hentry"],"acf":[],"yoast_head":"<!-- This site is optimized with the Yoast SEO Premium plugin v27.2 (Yoast SEO v27.2) - https:\/\/yoast.com\/product\/yoast-seo-premium-wordpress\/ -->\n<title>Kupono kodo \u012ftraukimo \u012f &quot;Stripe&quot; kas\u0105 instrukcijos - Talkpal<\/title>\n<meta name=\"description\" content=\"Su\u017einokite, kaip lengvai prid\u0117ti kupon\u0173 kodus \u012f \u201eStripe Checkout\u201c. Atlikite paprastus veiksmus, kad pagerintum\u0117te klient\u0173 kasos patirt\u012f.\" \/>\n<meta name=\"robots\" content=\"index, follow, max-snippet:-1, max-image-preview:large, max-video-preview:-1\" \/>\n<link rel=\"canonical\" href=\"https:\/\/talkpal.ai\/lt\/kupono-kodo-itraukimo-i-stripe-kasa-instrukcijos\/\" \/>\n<meta property=\"og:locale\" content=\"lt_LT\" \/>\n<meta property=\"og:type\" content=\"article\" \/>\n<meta property=\"og:title\" content=\"Kupono kodo \u012ftraukimo \u012f &quot;Stripe&quot; kas\u0105 instrukcijos\" \/>\n<meta property=\"og:description\" content=\"Prid\u0117kite kupono kod\u0105 ir gaukite nuolaid\u0105. Atlikite veiksmus 1 \u017eingsnis: Pasirinkite pageidaujam\u0105 plan\u0105. 2 \u017eingsnis: Pasirinkite galimyb\u0119 mok\u0117ti kortele\" \/>\n<meta property=\"og:url\" content=\"https:\/\/talkpal.ai\/lt\/kupono-kodo-itraukimo-i-stripe-kasa-instrukcijos\/\" \/>\n<meta property=\"og:site_name\" content=\"Talkpal\" \/>\n<meta property=\"article:publisher\" content=\"https:\/\/www.facebook.com\/profile.php?id=100090733639311\" \/>\n<meta property=\"article:modified_time\" content=\"2025-06-19T18:07:10+00:00\" \/>\n<meta property=\"og:image\" content=\"https:\/\/talkpal.ai\/wp-content\/uploads\/2024\/03\/Talkpal-Logo-Icon.png\" \/>\n\t<meta property=\"og:image:width\" content=\"5000\" \/>\n\t<meta property=\"og:image:height\" content=\"5000\" \/>\n\t<meta property=\"og:image:type\" content=\"image\/png\" \/>\n<meta name=\"twitter:card\" content=\"summary_large_image\" \/>\n<meta name=\"twitter:site\" content=\"@talkpalai\" \/>\n<script type=\"application\/ld+json\" class=\"yoast-schema-graph\">{\"@context\":\"https:\/\/schema.org\",\"@graph\":[{\"@type\":\"WebPage\",\"@id\":\"https:\/\/talkpal.ai\/lt\/kupono-kodo-itraukimo-i-stripe-kasa-instrukcijos\/\",\"url\":\"https:\/\/talkpal.ai\/lt\/kupono-kodo-itraukimo-i-stripe-kasa-instrukcijos\/\",\"name\":\"Kupono kodo \u012ftraukimo \u012f \\\"Stripe\\\" kas\u0105 instrukcijos - Talkpal\",\"isPartOf\":{\"@id\":\"https:\/\/talkpal.ai\/lt\/#website\"},\"primaryImageOfPage\":{\"@id\":\"https:\/\/talkpal.ai\/lt\/kupono-kodo-itraukimo-i-stripe-kasa-instrukcijos\/#primaryimage\"},\"image\":{\"@id\":\"https:\/\/talkpal.ai\/lt\/kupono-kodo-itraukimo-i-stripe-kasa-instrukcijos\/#primaryimage\"},\"thumbnailUrl\":\"https:\/\/talkpal.ai\/wp-content\/uploads\/2024\/03\/Talkpal-Logo-Icon.png\",\"datePublished\":\"2023-12-20T15:42:12+00:00\",\"dateModified\":\"2025-06-19T18:07:10+00:00\",\"description\":\"Su\u017einokite, kaip lengvai prid\u0117ti kupon\u0173 kodus \u012f \u201eStripe Checkout\u201c. Atlikite paprastus veiksmus, kad pagerintum\u0117te klient\u0173 kasos patirt\u012f.\",\"breadcrumb\":{\"@id\":\"https:\/\/talkpal.ai\/lt\/kupono-kodo-itraukimo-i-stripe-kasa-instrukcijos\/#breadcrumb\"},\"inLanguage\":\"lt-LT\",\"potentialAction\":[{\"@type\":\"ReadAction\",\"target\":[\"https:\/\/talkpal.ai\/lt\/kupono-kodo-itraukimo-i-stripe-kasa-instrukcijos\/\"]}]},{\"@type\":\"ImageObject\",\"inLanguage\":\"lt-LT\",\"@id\":\"https:\/\/talkpal.ai\/lt\/kupono-kodo-itraukimo-i-stripe-kasa-instrukcijos\/#primaryimage\",\"url\":\"https:\/\/talkpal.ai\/wp-content\/uploads\/2024\/03\/Talkpal-Logo-Icon.png\",\"contentUrl\":\"https:\/\/talkpal.ai\/wp-content\/uploads\/2024\/03\/Talkpal-Logo-Icon.png\",\"width\":5000,\"height\":5000,\"caption\":\"talkpal logo\"},{\"@type\":\"BreadcrumbList\",\"@id\":\"https:\/\/talkpal.ai\/lt\/kupono-kodo-itraukimo-i-stripe-kasa-instrukcijos\/#breadcrumb\",\"itemListElement\":[{\"@type\":\"ListItem\",\"position\":1,\"name\":\"Homepage\",\"item\":\"https:\/\/talkpal.ai\/lt\/\"},{\"@type\":\"ListItem\",\"position\":2,\"name\":\"Kupono kodo \u012ftraukimo \u012f &#8222;Stripe&#8221; kas\u0105 instrukcijos\"}]},{\"@type\":\"WebSite\",\"@id\":\"https:\/\/talkpal.ai\/lt\/#website\",\"url\":\"https:\/\/talkpal.ai\/lt\/\",\"name\":\"Talkpal\",\"description\":\"AI Language Learning\",\"publisher\":{\"@id\":\"https:\/\/talkpal.ai\/lt\/#organization\"},\"alternateName\":\"Talkpal AI\",\"potentialAction\":[{\"@type\":\"SearchAction\",\"target\":{\"@type\":\"EntryPoint\",\"urlTemplate\":\"https:\/\/talkpal.ai\/lt\/?s={search_term_string}\"},\"query-input\":{\"@type\":\"PropertyValueSpecification\",\"valueRequired\":true,\"valueName\":\"search_term_string\"}}],\"inLanguage\":\"lt-LT\"},{\"@type\":\"Organization\",\"@id\":\"https:\/\/talkpal.ai\/lt\/#organization\",\"name\":\"Talkpal, Inc.\",\"alternateName\":\"Talkpal AI\",\"url\":\"https:\/\/talkpal.ai\/lt\/\",\"logo\":{\"@type\":\"ImageObject\",\"inLanguage\":\"lt-LT\",\"@id\":\"https:\/\/talkpal.ai\/lt\/#\/schema\/logo\/image\/\",\"url\":\"https:\/\/talkpal.ai\/wp-content\/uploads\/2024\/03\/Talkpal-Logo-Icon.png\",\"contentUrl\":\"https:\/\/talkpal.ai\/wp-content\/uploads\/2024\/03\/Talkpal-Logo-Icon.png\",\"width\":2880,\"height\":2880,\"caption\":\"Talkpal, Inc.\"},\"image\":{\"@id\":\"https:\/\/talkpal.ai\/lt\/#\/schema\/logo\/image\/\"},\"sameAs\":[\"https:\/\/www.facebook.com\/profile.php?id=100090733639311\",\"https:\/\/x.com\/talkpalai\",\"https:\/\/www.linkedin.com\/company\/talkpal\/\",\"https:\/\/www.youtube.com\/@TalkPal\/\",\"https:\/\/www.tiktok.com\/@talkpal\",\"https:\/\/www.instagram.com\/talkpal_ai\/\",\"https:\/\/www.crunchbase.com\/organization\/talkpal-9cde\",\"https:\/\/www.g2.com\/products\/talkpal-for-business\/\",\"https:\/\/www.trustpilot.com\/review\/talkpal.ai\",\"https:\/\/www.capterra.com\/p\/10006800\/TalkPal\/\"],\"description\":\"Talkpal is a language learning web and mobile education app, powered by the latest AI technologies, that provides engaging experiences to its customers in many different languages to help them improve their language skills. Users can chat about unlimited amount of topics with the app and use other modes to practice their language learning.\",\"email\":\"support@talkpal.ai\",\"legalName\":\"Talkpal, Inc.\",\"foundingDate\":\"2023-04-03\",\"duns\":\"118989042\",\"numberOfEmployees\":{\"@type\":\"QuantitativeValue\",\"minValue\":\"11\",\"maxValue\":\"50\"},\"publishingPrinciples\":\"https:\/\/talkpal.ai\/publishing-principles\/\",\"actionableFeedbackPolicy\":\"https:\/\/talkpal.ai\/actionable-feedback-policy\/\",\"correctionsPolicy\":\"https:\/\/talkpal.ai\/corrections-policy\/\",\"ethicsPolicy\":\"https:\/\/talkpal.ai\/ethics-policy\/\",\"diversityPolicy\":\"https:\/\/talkpal.ai\/diversity-policy\/\",\"diversityStaffingReport\":\"https:\/\/talkpal.ai\/diversity-policy\/\"}]}<\/script>\n<!-- \/ Yoast SEO Premium plugin. -->","yoast_head_json":{"title":"Kupono kodo \u012ftraukimo \u012f \"Stripe\" kas\u0105 instrukcijos - Talkpal","description":"Su\u017einokite, kaip lengvai prid\u0117ti kupon\u0173 kodus \u012f \u201eStripe Checkout\u201c. Atlikite paprastus veiksmus, kad pagerintum\u0117te klient\u0173 kasos patirt\u012f.","robots":{"index":"index","follow":"follow","max-snippet":"max-snippet:-1","max-image-preview":"max-image-preview:large","max-video-preview":"max-video-preview:-1"},"canonical":"https:\/\/talkpal.ai\/lt\/kupono-kodo-itraukimo-i-stripe-kasa-instrukcijos\/","og_locale":"lt_LT","og_type":"article","og_title":"Kupono kodo \u012ftraukimo \u012f \"Stripe\" kas\u0105 instrukcijos","og_description":"Prid\u0117kite kupono kod\u0105 ir gaukite nuolaid\u0105. Atlikite veiksmus 1 \u017eingsnis: Pasirinkite pageidaujam\u0105 plan\u0105. 2 \u017eingsnis: Pasirinkite galimyb\u0119 mok\u0117ti kortele","og_url":"https:\/\/talkpal.ai\/lt\/kupono-kodo-itraukimo-i-stripe-kasa-instrukcijos\/","og_site_name":"Talkpal","article_publisher":"https:\/\/www.facebook.com\/profile.php?id=100090733639311","article_modified_time":"2025-06-19T18:07:10+00:00","og_image":[{"width":5000,"height":5000,"url":"https:\/\/talkpal.ai\/wp-content\/uploads\/2024\/03\/Talkpal-Logo-Icon.png","type":"image\/png"}],"twitter_card":"summary_large_image","twitter_site":"@talkpalai","schema":{"@context":"https:\/\/schema.org","@graph":[{"@type":"WebPage","@id":"https:\/\/talkpal.ai\/lt\/kupono-kodo-itraukimo-i-stripe-kasa-instrukcijos\/","url":"https:\/\/talkpal.ai\/lt\/kupono-kodo-itraukimo-i-stripe-kasa-instrukcijos\/","name":"Kupono kodo \u012ftraukimo \u012f \"Stripe\" kas\u0105 instrukcijos - Talkpal","isPartOf":{"@id":"https:\/\/talkpal.ai\/lt\/#website"},"primaryImageOfPage":{"@id":"https:\/\/talkpal.ai\/lt\/kupono-kodo-itraukimo-i-stripe-kasa-instrukcijos\/#primaryimage"},"image":{"@id":"https:\/\/talkpal.ai\/lt\/kupono-kodo-itraukimo-i-stripe-kasa-instrukcijos\/#primaryimage"},"thumbnailUrl":"https:\/\/talkpal.ai\/wp-content\/uploads\/2024\/03\/Talkpal-Logo-Icon.png","datePublished":"2023-12-20T15:42:12+00:00","dateModified":"2025-06-19T18:07:10+00:00","description":"Su\u017einokite, kaip lengvai prid\u0117ti kupon\u0173 kodus \u012f \u201eStripe Checkout\u201c. Atlikite paprastus veiksmus, kad pagerintum\u0117te klient\u0173 kasos patirt\u012f.","breadcrumb":{"@id":"https:\/\/talkpal.ai\/lt\/kupono-kodo-itraukimo-i-stripe-kasa-instrukcijos\/#breadcrumb"},"inLanguage":"lt-LT","potentialAction":[{"@type":"ReadAction","target":["https:\/\/talkpal.ai\/lt\/kupono-kodo-itraukimo-i-stripe-kasa-instrukcijos\/"]}]},{"@type":"ImageObject","inLanguage":"lt-LT","@id":"https:\/\/talkpal.ai\/lt\/kupono-kodo-itraukimo-i-stripe-kasa-instrukcijos\/#primaryimage","url":"https:\/\/talkpal.ai\/wp-content\/uploads\/2024\/03\/Talkpal-Logo-Icon.png","contentUrl":"https:\/\/talkpal.ai\/wp-content\/uploads\/2024\/03\/Talkpal-Logo-Icon.png","width":5000,"height":5000,"caption":"talkpal logo"},{"@type":"BreadcrumbList","@id":"https:\/\/talkpal.ai\/lt\/kupono-kodo-itraukimo-i-stripe-kasa-instrukcijos\/#breadcrumb","itemListElement":[{"@type":"ListItem","position":1,"name":"Homepage","item":"https:\/\/talkpal.ai\/lt\/"},{"@type":"ListItem","position":2,"name":"Kupono kodo \u012ftraukimo \u012f &#8222;Stripe&#8221; kas\u0105 instrukcijos"}]},{"@type":"WebSite","@id":"https:\/\/talkpal.ai\/lt\/#website","url":"https:\/\/talkpal.ai\/lt\/","name":"Talkpal","description":"AI Language Learning","publisher":{"@id":"https:\/\/talkpal.ai\/lt\/#organization"},"alternateName":"Talkpal AI","potentialAction":[{"@type":"SearchAction","target":{"@type":"EntryPoint","urlTemplate":"https:\/\/talkpal.ai\/lt\/?s={search_term_string}"},"query-input":{"@type":"PropertyValueSpecification","valueRequired":true,"valueName":"search_term_string"}}],"inLanguage":"lt-LT"},{"@type":"Organization","@id":"https:\/\/talkpal.ai\/lt\/#organization","name":"Talkpal, Inc.","alternateName":"Talkpal AI","url":"https:\/\/talkpal.ai\/lt\/","logo":{"@type":"ImageObject","inLanguage":"lt-LT","@id":"https:\/\/talkpal.ai\/lt\/#\/schema\/logo\/image\/","url":"https:\/\/talkpal.ai\/wp-content\/uploads\/2024\/03\/Talkpal-Logo-Icon.png","contentUrl":"https:\/\/talkpal.ai\/wp-content\/uploads\/2024\/03\/Talkpal-Logo-Icon.png","width":2880,"height":2880,"caption":"Talkpal, Inc."},"image":{"@id":"https:\/\/talkpal.ai\/lt\/#\/schema\/logo\/image\/"},"sameAs":["https:\/\/www.facebook.com\/profile.php?id=100090733639311","https:\/\/x.com\/talkpalai","https:\/\/www.linkedin.com\/company\/talkpal\/","https:\/\/www.youtube.com\/@TalkPal\/","https:\/\/www.tiktok.com\/@talkpal","https:\/\/www.instagram.com\/talkpal_ai\/","https:\/\/www.crunchbase.com\/organization\/talkpal-9cde","https:\/\/www.g2.com\/products\/talkpal-for-business\/","https:\/\/www.trustpilot.com\/review\/talkpal.ai","https:\/\/www.capterra.com\/p\/10006800\/TalkPal\/"],"description":"Talkpal is a language learning web and mobile education app, powered by the latest AI technologies, that provides engaging experiences to its customers in many different languages to help them improve their language skills. Users can chat about unlimited amount of topics with the app and use other modes to practice their language learning.","email":"support@talkpal.ai","legalName":"Talkpal, Inc.","foundingDate":"2023-04-03","duns":"118989042","numberOfEmployees":{"@type":"QuantitativeValue","minValue":"11","maxValue":"50"},"publishingPrinciples":"https:\/\/talkpal.ai\/publishing-principles\/","actionableFeedbackPolicy":"https:\/\/talkpal.ai\/actionable-feedback-policy\/","correctionsPolicy":"https:\/\/talkpal.ai\/corrections-policy\/","ethicsPolicy":"https:\/\/talkpal.ai\/ethics-policy\/","diversityPolicy":"https:\/\/talkpal.ai\/diversity-policy\/","diversityStaffingReport":"https:\/\/talkpal.ai\/diversity-policy\/"}]}},"_links":{"self":[{"href":"https:\/\/talkpal.ai\/lt\/wp-json\/wp\/v2\/pages\/994782","targetHints":{"allow":["GET"]}}],"collection":[{"href":"https:\/\/talkpal.ai\/lt\/wp-json\/wp\/v2\/pages"}],"about":[{"href":"https:\/\/talkpal.ai\/lt\/wp-json\/wp\/v2\/types\/page"}],"author":[{"embeddable":true,"href":"https:\/\/talkpal.ai\/lt\/wp-json\/wp\/v2\/users\/6"}],"replies":[{"embeddable":true,"href":"https:\/\/talkpal.ai\/lt\/wp-json\/wp\/v2\/comments?post=994782"}],"version-history":[{"count":0,"href":"https:\/\/talkpal.ai\/lt\/wp-json\/wp\/v2\/pages\/994782\/revisions"}],"wp:featuredmedia":[{"embeddable":true,"href":"https:\/\/talkpal.ai\/lt\/wp-json\/wp\/v2\/media\/197967"}],"wp:attachment":[{"href":"https:\/\/talkpal.ai\/lt\/wp-json\/wp\/v2\/media?parent=994782"}],"curies":[{"name":"wp","href":"https:\/\/api.w.org\/{rel}","templated":true}]}}