{"id":92697,"date":"2023-12-05T11:40:45","date_gmt":"2023-12-05T11:40:45","guid":{"rendered":"http:\/\/talkpal.ai\/sertifikatai-prancuzu-kalba\/"},"modified":"2026-01-07T15:07:43","modified_gmt":"2026-01-07T15:07:43","slug":"sertifikatai-prancuzu-kalba","status":"publish","type":"page","link":"https:\/\/talkpal.ai\/lt\/sertifikatai-prancuzu-kalba\/","title":{"rendered":"Sertifikatai pranc\u016bz\u0173 kalba"},"content":{"rendered":"\r\n\r\n\r\n<section class=\"languageChallengeSection\">\r\n    <div class=\"languageInfoWrapper\">\r\n        \r\n        <h1>Sertifikatai pranc\u016bz\u0173 kalba<\/h1>\r\n        <p>Talkpal yra dirbtinio intelekto sukurta kalb\u0173 mokymosi programa, kuri gali pad\u0117ti vartotojams pasiruo\u0161ti \u0161iems angl\u0173 kalbos egzaminams. Daugiausia d\u0117mesio skiriant kalb\u0117jimo ir klausymo \u012fg\u016bd\u017ei\u0173 tobulinimui, Talkpal teikia tikrovi\u0161kus interaktyvius pokalbius ir tarimo praktik\u0105. Jo dirbtinio intelekto pob\u016bdis leid\u017eia suasmeninti atsiliepimus, padedan\u010dius vartotojams suprasti savo pa\u017eang\u0105 ir tobulintinas sritis. Pranc\u016bz\u0173 kalbos pa\u017eym\u0117jimai yra oficialios kvalifikacijos, \u012frodan\u010dios asmens pranc\u016bz\u0173 kalbos mok\u0117jim\u0105, ir jos pripa\u017e\u012fstamos visame pasaulyje. Tai apima tokius egzaminus kaip DELF \/ DALF, TEF, TCF ir TEFAQ. Kiekvienas i\u0161 \u0161i\u0173 test\u0173 \u012fvertina skirtingus pranc\u016bzakalbi\u0173, kuriems pranc\u016bz\u0173 kalba n\u0117ra gimtoji, kalbos mok\u0117jimo lygius ir yra pripa\u017eintas pranc\u016bz\u0173 kalbos \u012fg\u016bd\u017ei\u0173 \u012frodymas \u0161vietimo \u012fstaigoms ir darbdaviams.<\/p>\r\n\r\n                            <a class=\"getStartedHidden\" href=\"https:\/\/app.talkpal.ai\/lt\/signup?lng=\">Prad\u0117k<\/a>\r\n        \r\n    <\/div>\r\n\r\n    <figure>\r\n    <img decoding=\"async\" width=\"768\" height=\"768\" src=\"https:\/\/talkpal.ai\/wp-content\/uploads\/2026\/01\/curly-girl-with-phone-light-background-768x768.webp\" class=\"languageImage no-lazy\" alt=\"Default alt text\" fetchpriority=\"high\" sizes=\"(max-width: 768px) 150px, 768px\" srcset=\"https:\/\/talkpal.ai\/wp-content\/uploads\/2026\/01\/curly-girl-with-phone-light-background-768x768.webp 768w, https:\/\/talkpal.ai\/wp-content\/uploads\/2026\/01\/curly-girl-with-phone-light-background-300x300.webp 300w\" \/>\r\n    \r\n\r\n    <\/figure>\r\n\r\n            <a class=\"getStartedVisible\" href=\"https:\/\/app.talkpal.ai\/lt\/signup?lng=\">Prad\u0117k<\/a>\r\n    \r\n<\/section>\n<div class=\"wp-block-group pageContainerStyle\"><div class=\"wp-block-group__inner-container is-layout-constrained wp-block-group-is-layout-constrained\">\n<h2 class=\"wp-block-heading\" id=\"h-french-language-certificates\">Sertifikatai pranc\u016bz\u0173 kalba<\/h2>\n\n\n\r\n                    <div class=\"methodWraper\">\r\n            <div class=\"methodContent\">\r\n                <img decoding=\"async\" src=\"https:\/\/talkpal.ai\/wp-content\/uploads\/2025\/05\/check_icon.png\" alt=\"Checkmark Icon\">\r\n                <h3>DELF\/DALF:<\/h3>\r\n            <\/div>\r\n            <p>Oficiali kvalifikacija, kuri\u0105 suteik\u0117 Pranc\u016bzijos \u0161vietimo ministerija, Dipl\u00f4me d&#039;Etudes en Langue Fran\u00e7aise (DELF) ir Dipl\u00f4me Approfondi de Langue Fran\u00e7aise ( DALF), apima keturis kalb\u0173 \u012fg\u016bd\u017eius, \u012fskaitant kalb\u0117jim\u0105 ir klausym\u0105.<\/p>\r\n        <\/div>\r\n                    <div class=\"methodWraper\">\r\n            <div class=\"methodContent\">\r\n                <img decoding=\"async\" src=\"https:\/\/talkpal.ai\/wp-content\/uploads\/2025\/05\/check_icon.png\" alt=\"Checkmark Icon\">\r\n                <h3>TEF:<\/h3>\r\n            <\/div>\r\n            <p>Test d&#039;Assessment de Fran\u00e7ais (TEF) yra i\u0161sami kalbos vertinimo priemon\u0117, naudojama \u012fvertinti asmens pranc\u016bz\u0173 kalbos \u017einias. \u0160iame teste daugiausia d\u0117mesio skiriama kandidat\u0173 ra\u0161ymo ir kalb\u0117jimo \u012fg\u016bd\u017ei\u0173 vertinimui.<\/p>\r\n        <\/div>\r\n                    <div class=\"methodWraper\">\r\n            <div class=\"methodContent\">\r\n                <img decoding=\"async\" src=\"https:\/\/talkpal.ai\/wp-content\/uploads\/2025\/05\/check_icon.png\" alt=\"Checkmark Icon\">\r\n                <h3>TCF:<\/h3>\r\n            <\/div>\r\n            <p>Test de Connaissance du Fran\u00e7ais (TCF) taip pat yra oficialus pranc\u016bz\u0173 kalbos mok\u0117jimo testas, kuriuo daugiausia vertinami vartotoj\u0173 skaitymo, ra\u0161ymo, kalb\u0117jimo ir klausymo \u012fg\u016bd\u017eiai.<\/p>\r\n        <\/div>\r\n                    <div class=\"methodWraper\">\r\n            <div class=\"methodContent\">\r\n                <img decoding=\"async\" src=\"https:\/\/talkpal.ai\/wp-content\/uploads\/2025\/05\/check_icon.png\" alt=\"Checkmark Icon\">\r\n                <h3>TEFAQ:<\/h3>\r\n            <\/div>\r\n            <p>Test d&#039;Assessment de Fran\u00e7ais adapt\u00e9 au Qu\u00e9bec (TEFAQ) yra specialiai sukurtas \u017emon\u0117ms, norintiems migruoti \u012f Kvebek\u0105, pranc\u016bzi\u0161kai kalban\u010di\u0105 Kanados provincij\u0105. \u0160iame teste daugiausia d\u0117mesio skiriama klausymo ir kalb\u0117jimo \u012fg\u016bd\u017eiams.<\/p>\r\n        <\/div>\r\n    <\/div><\/div>\n","protected":false},"excerpt":{"rendered":"<p>Sertifikatai pranc\u016bz\u0173 kalba<\/p>\n","protected":false},"author":8,"featured_media":75845,"parent":0,"menu_order":0,"comment_status":"closed","ping_status":"closed","template":"LearningContentPage.php","meta":{"_acf_changed":false,"footnotes":""},"class_list":["post-92697","page","type-page","status-publish","has-post-thumbnail","hentry"],"acf":[],"yoast_head":"<!-- This site is optimized with the Yoast SEO Premium plugin v27.2 (Yoast SEO v27.2) - https:\/\/yoast.com\/product\/yoast-seo-premium-wordpress\/ -->\n<title>Sertifikatai pranc\u016bz\u0173 kalba - Talkpal<\/title>\n<meta name=\"description\" content=\"Atraskite pagrindinius pranc\u016bz\u0173 kalbos sertifikatus, tokius kaip DELF, DALF, TEF ir TCF, kad patvirtintum\u0117te \u012fg\u016bd\u017eius.\" \/>\n<meta name=\"robots\" content=\"index, follow, max-snippet:-1, max-image-preview:large, max-video-preview:-1\" \/>\n<link rel=\"canonical\" href=\"https:\/\/talkpal.ai\/lt\/sertifikatai-prancuzu-kalba\/\" \/>\n<meta property=\"og:locale\" content=\"lt_LT\" \/>\n<meta property=\"og:type\" content=\"article\" \/>\n<meta property=\"og:title\" content=\"Sertifikatai pranc\u016bz\u0173 kalba\" \/>\n<meta property=\"og:description\" content=\"Sertifikatai pranc\u016bz\u0173 kalba\" \/>\n<meta property=\"og:url\" content=\"https:\/\/talkpal.ai\/lt\/sertifikatai-prancuzu-kalba\/\" \/>\n<meta property=\"og:site_name\" content=\"Talkpal\" \/>\n<meta property=\"article:publisher\" content=\"https:\/\/www.facebook.com\/profile.php?id=100090733639311\" \/>\n<meta property=\"article:modified_time\" content=\"2026-01-07T15:07:43+00:00\" \/>\n<meta property=\"og:image\" content=\"https:\/\/talkpal.ai\/wp-content\/uploads\/2023\/03\/france.png\" \/>\n\t<meta property=\"og:image:width\" content=\"512\" \/>\n\t<meta property=\"og:image:height\" content=\"512\" \/>\n\t<meta property=\"og:image:type\" content=\"image\/png\" \/>\n<meta name=\"twitter:card\" content=\"summary_large_image\" \/>\n<meta name=\"twitter:site\" content=\"@talkpalai\" \/>\n<script type=\"application\/ld+json\" class=\"yoast-schema-graph\">{\"@context\":\"https:\/\/schema.org\",\"@graph\":[{\"@type\":\"WebPage\",\"@id\":\"https:\/\/talkpal.ai\/lt\/sertifikatai-prancuzu-kalba\/\",\"url\":\"https:\/\/talkpal.ai\/lt\/sertifikatai-prancuzu-kalba\/\",\"name\":\"Sertifikatai pranc\u016bz\u0173 kalba - Talkpal\",\"isPartOf\":{\"@id\":\"https:\/\/talkpal.ai\/lt\/#website\"},\"primaryImageOfPage\":{\"@id\":\"https:\/\/talkpal.ai\/lt\/sertifikatai-prancuzu-kalba\/#primaryimage\"},\"image\":{\"@id\":\"https:\/\/talkpal.ai\/lt\/sertifikatai-prancuzu-kalba\/#primaryimage\"},\"thumbnailUrl\":\"https:\/\/talkpal.ai\/wp-content\/uploads\/2023\/03\/france.png\",\"datePublished\":\"2023-12-05T11:40:45+00:00\",\"dateModified\":\"2026-01-07T15:07:43+00:00\",\"description\":\"Atraskite pagrindinius pranc\u016bz\u0173 kalbos sertifikatus, tokius kaip DELF, DALF, TEF ir TCF, kad patvirtintum\u0117te \u012fg\u016bd\u017eius.\",\"breadcrumb\":{\"@id\":\"https:\/\/talkpal.ai\/lt\/sertifikatai-prancuzu-kalba\/#breadcrumb\"},\"inLanguage\":\"lt-LT\",\"potentialAction\":[{\"@type\":\"ReadAction\",\"target\":[\"https:\/\/talkpal.ai\/lt\/sertifikatai-prancuzu-kalba\/\"]}]},{\"@type\":\"ImageObject\",\"inLanguage\":\"lt-LT\",\"@id\":\"https:\/\/talkpal.ai\/lt\/sertifikatai-prancuzu-kalba\/#primaryimage\",\"url\":\"https:\/\/talkpal.ai\/wp-content\/uploads\/2023\/03\/france.png\",\"contentUrl\":\"https:\/\/talkpal.ai\/wp-content\/uploads\/2023\/03\/france.png\",\"width\":512,\"height\":512,\"caption\":\"TalkPal AI learn French\"},{\"@type\":\"BreadcrumbList\",\"@id\":\"https:\/\/talkpal.ai\/lt\/sertifikatai-prancuzu-kalba\/#breadcrumb\",\"itemListElement\":[{\"@type\":\"ListItem\",\"position\":1,\"name\":\"Homepage\",\"item\":\"https:\/\/talkpal.ai\/lt\/\"},{\"@type\":\"ListItem\",\"position\":2,\"name\":\"Sertifikatai pranc\u016bz\u0173 kalba\"}]},{\"@type\":\"WebSite\",\"@id\":\"https:\/\/talkpal.ai\/lt\/#website\",\"url\":\"https:\/\/talkpal.ai\/lt\/\",\"name\":\"Talkpal\",\"description\":\"AI Language Learning\",\"publisher\":{\"@id\":\"https:\/\/talkpal.ai\/lt\/#organization\"},\"alternateName\":\"Talkpal AI\",\"potentialAction\":[{\"@type\":\"SearchAction\",\"target\":{\"@type\":\"EntryPoint\",\"urlTemplate\":\"https:\/\/talkpal.ai\/lt\/?s={search_term_string}\"},\"query-input\":{\"@type\":\"PropertyValueSpecification\",\"valueRequired\":true,\"valueName\":\"search_term_string\"}}],\"inLanguage\":\"lt-LT\"},{\"@type\":\"Organization\",\"@id\":\"https:\/\/talkpal.ai\/lt\/#organization\",\"name\":\"Talkpal, Inc.\",\"alternateName\":\"Talkpal AI\",\"url\":\"https:\/\/talkpal.ai\/lt\/\",\"logo\":{\"@type\":\"ImageObject\",\"inLanguage\":\"lt-LT\",\"@id\":\"https:\/\/talkpal.ai\/lt\/#\/schema\/logo\/image\/\",\"url\":\"https:\/\/talkpal.ai\/wp-content\/uploads\/2024\/03\/Talkpal-Logo-Icon.png\",\"contentUrl\":\"https:\/\/talkpal.ai\/wp-content\/uploads\/2024\/03\/Talkpal-Logo-Icon.png\",\"width\":2880,\"height\":2880,\"caption\":\"Talkpal, Inc.\"},\"image\":{\"@id\":\"https:\/\/talkpal.ai\/lt\/#\/schema\/logo\/image\/\"},\"sameAs\":[\"https:\/\/www.facebook.com\/profile.php?id=100090733639311\",\"https:\/\/x.com\/talkpalai\",\"https:\/\/www.linkedin.com\/company\/talkpal\/\",\"https:\/\/www.youtube.com\/@TalkPal\/\",\"https:\/\/www.tiktok.com\/@talkpal\",\"https:\/\/www.instagram.com\/talkpal_ai\/\",\"https:\/\/www.crunchbase.com\/organization\/talkpal-9cde\",\"https:\/\/www.g2.com\/products\/talkpal-for-business\/\",\"https:\/\/www.trustpilot.com\/review\/talkpal.ai\",\"https:\/\/www.capterra.com\/p\/10006800\/TalkPal\/\"],\"description\":\"Talkpal is a language learning web and mobile education app, powered by the latest AI technologies, that provides engaging experiences to its customers in many different languages to help them improve their language skills. Users can chat about unlimited amount of topics with the app and use other modes to practice their language learning.\",\"email\":\"support@talkpal.ai\",\"legalName\":\"Talkpal, Inc.\",\"foundingDate\":\"2023-04-03\",\"duns\":\"118989042\",\"numberOfEmployees\":{\"@type\":\"QuantitativeValue\",\"minValue\":\"11\",\"maxValue\":\"50\"},\"publishingPrinciples\":\"https:\/\/talkpal.ai\/publishing-principles\/\",\"actionableFeedbackPolicy\":\"https:\/\/talkpal.ai\/actionable-feedback-policy\/\",\"correctionsPolicy\":\"https:\/\/talkpal.ai\/corrections-policy\/\",\"ethicsPolicy\":\"https:\/\/talkpal.ai\/ethics-policy\/\",\"diversityPolicy\":\"https:\/\/talkpal.ai\/diversity-policy\/\",\"diversityStaffingReport\":\"https:\/\/talkpal.ai\/diversity-policy\/\"}]}<\/script>\n<!-- \/ Yoast SEO Premium plugin. -->","yoast_head_json":{"title":"Sertifikatai pranc\u016bz\u0173 kalba - Talkpal","description":"Atraskite pagrindinius pranc\u016bz\u0173 kalbos sertifikatus, tokius kaip DELF, DALF, TEF ir TCF, kad patvirtintum\u0117te \u012fg\u016bd\u017eius.","robots":{"index":"index","follow":"follow","max-snippet":"max-snippet:-1","max-image-preview":"max-image-preview:large","max-video-preview":"max-video-preview:-1"},"canonical":"https:\/\/talkpal.ai\/lt\/sertifikatai-prancuzu-kalba\/","og_locale":"lt_LT","og_type":"article","og_title":"Sertifikatai pranc\u016bz\u0173 kalba","og_description":"Sertifikatai pranc\u016bz\u0173 kalba","og_url":"https:\/\/talkpal.ai\/lt\/sertifikatai-prancuzu-kalba\/","og_site_name":"Talkpal","article_publisher":"https:\/\/www.facebook.com\/profile.php?id=100090733639311","article_modified_time":"2026-01-07T15:07:43+00:00","og_image":[{"width":512,"height":512,"url":"https:\/\/talkpal.ai\/wp-content\/uploads\/2023\/03\/france.png","type":"image\/png"}],"twitter_card":"summary_large_image","twitter_site":"@talkpalai","schema":{"@context":"https:\/\/schema.org","@graph":[{"@type":"WebPage","@id":"https:\/\/talkpal.ai\/lt\/sertifikatai-prancuzu-kalba\/","url":"https:\/\/talkpal.ai\/lt\/sertifikatai-prancuzu-kalba\/","name":"Sertifikatai pranc\u016bz\u0173 kalba - Talkpal","isPartOf":{"@id":"https:\/\/talkpal.ai\/lt\/#website"},"primaryImageOfPage":{"@id":"https:\/\/talkpal.ai\/lt\/sertifikatai-prancuzu-kalba\/#primaryimage"},"image":{"@id":"https:\/\/talkpal.ai\/lt\/sertifikatai-prancuzu-kalba\/#primaryimage"},"thumbnailUrl":"https:\/\/talkpal.ai\/wp-content\/uploads\/2023\/03\/france.png","datePublished":"2023-12-05T11:40:45+00:00","dateModified":"2026-01-07T15:07:43+00:00","description":"Atraskite pagrindinius pranc\u016bz\u0173 kalbos sertifikatus, tokius kaip DELF, DALF, TEF ir TCF, kad patvirtintum\u0117te \u012fg\u016bd\u017eius.","breadcrumb":{"@id":"https:\/\/talkpal.ai\/lt\/sertifikatai-prancuzu-kalba\/#breadcrumb"},"inLanguage":"lt-LT","potentialAction":[{"@type":"ReadAction","target":["https:\/\/talkpal.ai\/lt\/sertifikatai-prancuzu-kalba\/"]}]},{"@type":"ImageObject","inLanguage":"lt-LT","@id":"https:\/\/talkpal.ai\/lt\/sertifikatai-prancuzu-kalba\/#primaryimage","url":"https:\/\/talkpal.ai\/wp-content\/uploads\/2023\/03\/france.png","contentUrl":"https:\/\/talkpal.ai\/wp-content\/uploads\/2023\/03\/france.png","width":512,"height":512,"caption":"TalkPal AI learn French"},{"@type":"BreadcrumbList","@id":"https:\/\/talkpal.ai\/lt\/sertifikatai-prancuzu-kalba\/#breadcrumb","itemListElement":[{"@type":"ListItem","position":1,"name":"Homepage","item":"https:\/\/talkpal.ai\/lt\/"},{"@type":"ListItem","position":2,"name":"Sertifikatai pranc\u016bz\u0173 kalba"}]},{"@type":"WebSite","@id":"https:\/\/talkpal.ai\/lt\/#website","url":"https:\/\/talkpal.ai\/lt\/","name":"Talkpal","description":"AI Language Learning","publisher":{"@id":"https:\/\/talkpal.ai\/lt\/#organization"},"alternateName":"Talkpal AI","potentialAction":[{"@type":"SearchAction","target":{"@type":"EntryPoint","urlTemplate":"https:\/\/talkpal.ai\/lt\/?s={search_term_string}"},"query-input":{"@type":"PropertyValueSpecification","valueRequired":true,"valueName":"search_term_string"}}],"inLanguage":"lt-LT"},{"@type":"Organization","@id":"https:\/\/talkpal.ai\/lt\/#organization","name":"Talkpal, Inc.","alternateName":"Talkpal AI","url":"https:\/\/talkpal.ai\/lt\/","logo":{"@type":"ImageObject","inLanguage":"lt-LT","@id":"https:\/\/talkpal.ai\/lt\/#\/schema\/logo\/image\/","url":"https:\/\/talkpal.ai\/wp-content\/uploads\/2024\/03\/Talkpal-Logo-Icon.png","contentUrl":"https:\/\/talkpal.ai\/wp-content\/uploads\/2024\/03\/Talkpal-Logo-Icon.png","width":2880,"height":2880,"caption":"Talkpal, Inc."},"image":{"@id":"https:\/\/talkpal.ai\/lt\/#\/schema\/logo\/image\/"},"sameAs":["https:\/\/www.facebook.com\/profile.php?id=100090733639311","https:\/\/x.com\/talkpalai","https:\/\/www.linkedin.com\/company\/talkpal\/","https:\/\/www.youtube.com\/@TalkPal\/","https:\/\/www.tiktok.com\/@talkpal","https:\/\/www.instagram.com\/talkpal_ai\/","https:\/\/www.crunchbase.com\/organization\/talkpal-9cde","https:\/\/www.g2.com\/products\/talkpal-for-business\/","https:\/\/www.trustpilot.com\/review\/talkpal.ai","https:\/\/www.capterra.com\/p\/10006800\/TalkPal\/"],"description":"Talkpal is a language learning web and mobile education app, powered by the latest AI technologies, that provides engaging experiences to its customers in many different languages to help them improve their language skills. Users can chat about unlimited amount of topics with the app and use other modes to practice their language learning.","email":"support@talkpal.ai","legalName":"Talkpal, Inc.","foundingDate":"2023-04-03","duns":"118989042","numberOfEmployees":{"@type":"QuantitativeValue","minValue":"11","maxValue":"50"},"publishingPrinciples":"https:\/\/talkpal.ai\/publishing-principles\/","actionableFeedbackPolicy":"https:\/\/talkpal.ai\/actionable-feedback-policy\/","correctionsPolicy":"https:\/\/talkpal.ai\/corrections-policy\/","ethicsPolicy":"https:\/\/talkpal.ai\/ethics-policy\/","diversityPolicy":"https:\/\/talkpal.ai\/diversity-policy\/","diversityStaffingReport":"https:\/\/talkpal.ai\/diversity-policy\/"}]}},"_links":{"self":[{"href":"https:\/\/talkpal.ai\/lt\/wp-json\/wp\/v2\/pages\/92697","targetHints":{"allow":["GET"]}}],"collection":[{"href":"https:\/\/talkpal.ai\/lt\/wp-json\/wp\/v2\/pages"}],"about":[{"href":"https:\/\/talkpal.ai\/lt\/wp-json\/wp\/v2\/types\/page"}],"author":[{"embeddable":true,"href":"https:\/\/talkpal.ai\/lt\/wp-json\/wp\/v2\/users\/8"}],"replies":[{"embeddable":true,"href":"https:\/\/talkpal.ai\/lt\/wp-json\/wp\/v2\/comments?post=92697"}],"version-history":[{"count":0,"href":"https:\/\/talkpal.ai\/lt\/wp-json\/wp\/v2\/pages\/92697\/revisions"}],"wp:featuredmedia":[{"embeddable":true,"href":"https:\/\/talkpal.ai\/lt\/wp-json\/wp\/v2\/media\/75845"}],"wp:attachment":[{"href":"https:\/\/talkpal.ai\/lt\/wp-json\/wp\/v2\/media?parent=92697"}],"curies":[{"name":"wp","href":"https:\/\/api.w.org\/{rel}","templated":true}]}}