{"id":91995,"date":"2023-06-14T13:25:23","date_gmt":"2023-06-14T13:25:23","guid":{"rendered":"http:\/\/talkpal.ai\/anglu-kalbos-gramatikos-pratimai\/"},"modified":"2025-12-17T16:34:51","modified_gmt":"2025-12-17T16:34:51","slug":"anglu-kalbos-gramatikos-pratimai","status":"publish","type":"page","link":"https:\/\/talkpal.ai\/lt\/anglu-kalbos-gramatikos-pratimai\/","title":{"rendered":"Angl\u0173 kalbos gramatikos pratimai"},"content":{"rendered":"\r\n\r\n\r\n<section class=\"languageChallengeSection\">\r\n    <div class=\"languageInfoWrapper\">\r\n        \r\n        <h1>Angl\u0173 kalbos gramatikos pratimai<\/h1>\r\n        <p>Norite padidinti pasitik\u0117jim\u0105 savimi kalbant angli\u0161kai? Gramatikos pratimai yra puikus b\u016bdas pagerinti gramatikos taisykli\u0173 supratim\u0105, taisyklingai vartoti veiksma\u017eod\u017eius ir prapl\u0117sti \u017eodyn\u0105. Prad\u0117kite mokytis <a href=\"https:\/\/talkpal.ai\/learn-english-with-ai\/\">angl\u0173<\/a> <a href=\"https:\/\/talkpal.ai\/what-language-is-spoken-on-the-international-space-station\/\">kalbos<\/a> gramatikos \u0161iandien ir pamatysite, kaip su kiekvienu pratimu tobul\u0117ja j\u016bs\u0173 \u012fg\u016bd\u017eiai ir sklandumas!\n\n<\/p>\r\n\r\n                            <a class=\"getStartedHidden\" href=\"https:\/\/app.talkpal.ai\/lt\/signup?lng=\">Prad\u0117k<\/a>\r\n        \r\n    <\/div>\r\n\r\n    <figure>\r\n    <img decoding=\"async\" width=\"768\" height=\"768\" src=\"https:\/\/talkpal.ai\/wp-content\/uploads\/2023\/06\/English-768x768.png\" class=\"languageImage no-lazy\" alt=\"Language learning for improved multitasking\" fetchpriority=\"high\" sizes=\"(max-width: 768px) 150px, 768px\" srcset=\"https:\/\/talkpal.ai\/wp-content\/uploads\/2023\/06\/English-768x768.png 768w, https:\/\/talkpal.ai\/wp-content\/uploads\/2023\/06\/English-300x300.png 300w\" \/>\r\n    \r\n\r\n    <\/figure>\r\n\r\n            <a class=\"getStartedVisible\" href=\"https:\/\/app.talkpal.ai\/lt\/signup?lng=\">Prad\u0117k<\/a>\r\n    \r\n<\/section>\r\n\r\n\r\n<!-- <section class=\"grammarSection\">\r\n    <div class=\"grammarLinks\">\r\n        <a href=\"https:\/\/talkpal.ai\/lt\/exercise_language\/budvardziai-anglu-kalbos-gramatika\/\">B\u016bdvard\u017eiai <\/a><a href=\"https:\/\/talkpal.ai\/lt\/exercise_language\/daiktavardziai-anglu-kalbos-gramatika\/\">Daiktavard\u017eiai <\/a><a href=\"https:\/\/talkpal.ai\/lt\/exercise_language\/itemptas-palyginimas-anglu-kalbos-gramatika\/\">\u012etemptas palyginimas <\/a><a href=\"https:\/\/talkpal.ai\/lt\/exercise_language\/ivardziai-determinantai-anglu-kalbos-gramatika\/\">\u012evard\u017eiai\/determinantai \u2013 angl\u0173 kalbos gramatika<\/a><a href=\"https:\/\/talkpal.ai\/lt\/exercise_language\/laikai-anglu-kalbos-gramatika\/\">Laikai <\/a><a href=\"https:\/\/talkpal.ai\/lt\/exercise_language\/prielinksniai-anglu-kalbos-gramatika\/\">Prielinksniai <\/a><a href=\"https:\/\/talkpal.ai\/lt\/exercise_language\/prieveiksmiai-anglu-kalbos-gramatika\/\">Prieveiksmiai <\/a><a href=\"https:\/\/talkpal.ai\/lt\/exercise_language\/sakiniai-anglu-kalbos-gramatika\/\">Sakiniai <\/a><a href=\"https:\/\/talkpal.ai\/lt\/exercise_language\/salygos-anglu-kalbos-gramatika\/\">S\u0105lygos <\/a><a href=\"https:\/\/talkpal.ai\/lt\/exercise_language\/straipsniai-anglu-kalbos-gramatika\/\">Straipsniai <\/a><a href=\"https:\/\/talkpal.ai\/lt\/exercise_language\/veiksmazodziai-anglu-kalbos-gramatika\/\">Veiksma\u017eod\u017eiai <\/a>    <\/div>\r\n<\/section> -->\r\n\r\n\r\n\r\n\r\n        <section class=\"grammarSection\">\r\n            <div class=\"grammarLinks\">\r\n                <a href=\"https:\/\/talkpal.ai\/lt\/exercise_language\/budvardziai-anglu-kalbos-gramatika\/\">B\u016bdvard\u017eiai <\/a><a href=\"https:\/\/talkpal.ai\/lt\/exercise_language\/daiktavardziai-anglu-kalbos-gramatika\/\">Daiktavard\u017eiai <\/a><a href=\"https:\/\/talkpal.ai\/lt\/exercise_language\/itemptas-palyginimas-anglu-kalbos-gramatika\/\">\u012etemptas palyginimas <\/a><a href=\"https:\/\/talkpal.ai\/lt\/exercise_language\/ivardziai-determinantai-anglu-kalbos-gramatika\/\">\u012evard\u017eiai\/determinantai \u2013 angl\u0173 kalbos gramatika<\/a><a href=\"https:\/\/talkpal.ai\/lt\/exercise_language\/laikai-anglu-kalbos-gramatika\/\">Laikai <\/a><a href=\"https:\/\/talkpal.ai\/lt\/exercise_language\/prielinksniai-anglu-kalbos-gramatika\/\">Prielinksniai <\/a><a href=\"https:\/\/talkpal.ai\/lt\/exercise_language\/prieveiksmiai-anglu-kalbos-gramatika\/\">Prieveiksmiai <\/a><a href=\"https:\/\/talkpal.ai\/lt\/exercise_language\/sakiniai-anglu-kalbos-gramatika\/\">Sakiniai <\/a><a href=\"https:\/\/talkpal.ai\/lt\/exercise_language\/salygos-anglu-kalbos-gramatika\/\">S\u0105lygos <\/a><a href=\"https:\/\/talkpal.ai\/lt\/exercise_language\/straipsniai-anglu-kalbos-gramatika\/\">Straipsniai <\/a><a href=\"https:\/\/talkpal.ai\/lt\/exercise_language\/veiksmazodziai-anglu-kalbos-gramatika\/\">Veiksma\u017eod\u017eiai <\/a>            <\/div>\r\n        <\/section>\r\n<section class=\"promotionalBanner\">\r\n    <p class=\"promotionalText\">Efektyviausias b\u016bdas mokytis kalbos<\/p>\r\n    <a class=\"promotionalLink\" href=\"https:\/\/app.talkpal.ai\/lt\/signup?lng=\">I\u0161bandykite Talkpal &#8221; nemokamai<\/a>\r\n<\/section>\n<div class=\"wp-block-group pageContainerStyle\"><div class=\"wp-block-group__inner-container is-layout-constrained wp-block-group-is-layout-constrained\">\n<h2 class=\"wp-block-heading\" id=\"h-english-grammar-topics\">Angl\u0173 kalbos gramatikos temos<\/h2>\n\n\n\n<p><a href=\"https:\/\/talkpal.ai\/lt\/grammar\/noras-jei-tik-anglu-kalbos-gramatika\/\">Angl\u0173 kalbos gramatika<\/a> yra taisykli\u0173 ir gairi\u0173 rinkinys, nustatantis <a href=\"https:\/\/talkpal.ai\/learn-english-with-ai\/\">angl\u0173<\/a> kalbos strukt\u016br\u0105. <a href=\"https:\/\/talkpal.ai\/learn-thai\/\">Tai<\/a> leid\u017eia mums ai\u0161kiai ir efektyviai bendrauti tarpusavyje. Mokantis angl\u0173 kalbos, gramatikos supratimas yra b\u016btinas norint i\u0161siugdyti stiprius skaitymo, ra\u0161ymo ir kalb\u0117jimo \u012fg\u016bd\u017eius. \u0160i kelion\u0117 apims \u012fvairius gramatikos komponentus, tokius kaip b\u016bdvard\u017eiai, prieveiksmiai, straipsniai, s\u0105lygotumai, daiktavard\u017eiai, prielinksniai, \u012fvard\u017eiai \/ determinantai, sakiniai, \u012ftemptas palyginimas, laikai ir veiksma\u017eod\u017eiai. I\u0161nagrin\u0117kime kiekvien\u0105 i\u0161 \u0161i\u0173 tem\u0173 si\u016bloma seka, kad angl\u0173 kalbos gramatikos <a href=\"https:\/\/talkpal.ai\/lt\/mokymasis\/\">mokymasis<\/a> b\u016bt\u0173 veiksmingesnis ir malonesnis.<\/p>\n\n\n\n<h3 class=\"wp-block-heading\" id=\"h-1-nouns\">1. Daiktavard\u017eiai:<\/h3>\n\n\n\n<p>Daiktavard\u017eiai yra pagrindiniai angl\u0173 kalbos gramatikos elementai. Tai \u017eod\u017eiai, vaizduojantys \u017emones, vietas, daiktus ar id\u0117jas. Daiktavard\u017ei\u0173 supratimas yra b\u016btinas sakiniams formuoti ir prasmei perteikti kalba.<\/p>\n\n\n\n<h3 class=\"wp-block-heading\" id=\"h-2-pronouns-determiners\">2. \u012evard\u017eiai\/determinantai:<\/h3>\n\n\n\n<p><a href=\"https:\/\/talkpal.ai\/locations\/language-courses-in-kai\/\">Kai<\/a> suvoksite daiktavard\u017eius, kitas \u017eingsnis yra mokymasis apie \u012fvard\u017eius ir determinantus. \u012evard\u017eiai pakei\u010dia daiktavard\u017eius sakinyje, kad b\u016bt\u0173 i\u0161vengta pasikartojimo, o determinantai pateikia informacij\u0105 apie daiktavard\u012f, pvz., Kiek\u012f ar tur\u0117jim\u0105.<\/p>\n\n\n\n<h3 class=\"wp-block-heading\" id=\"h-3-verbs\">3. Veiksma\u017eod\u017eiai:<\/h3>\n\n\n\n<p>Veiksma\u017eod\u017eiai yra veiksmo \u017eod\u017eiai, i\u0161rei\u0161kiantys tai, k\u0105 daiktavardis daro ar patiria. Jie yra esmin\u0117 bet kurio sakinio dalis, o norint sukurti ai\u0161kius ir glaustus teiginius, b\u016btina suprasti, kaip jie veikia.<\/p>\n\n\n\n<h3 class=\"wp-block-heading\" id=\"h-4-adjectives\">4. B\u016bdvard\u017eiai:<\/h3>\n\n\n\n<p>B\u016bdvard\u017eiai apib\u016bdina arba modifikuoja daiktavard\u017eius, suteikdami daugiau informacijos apie j\u0173 savybes ar savybes. I\u0161mok\u0119 efektyviai naudoti b\u016bdvard\u017eius, pagerinsite savo geb\u0117jim\u0105 bendrauti angl\u0173 kalba.<\/p>\n\n\n\n<h3 class=\"wp-block-heading\" id=\"h-5-adverbs\">5. Prieveiksmiai:<\/h3>\n\n\n\n<p>Prieveiksmiai pana\u0161\u016bs \u012f b\u016bdvard\u017eius, bet modifikuoja veiksma\u017eod\u017eius, b\u016bdvard\u017eius ar kitus prieveiksmius. Jie da\u017enai apib\u016bdina, kaip, kada ir kur vyksta veiksmas. \u017dinojimas, kaip naudoti prieveiksmius, suteiks j\u016bs\u0173 angl\u0173 kalbos bendravimui gylio ir detalumo.<\/p>\n\n\n\n<h3 class=\"wp-block-heading\" id=\"h-6-prepositions\">6. Prielinksniai:<\/h3>\n\n\n\n<p>Prielinksniai yra \u017eod\u017eiai, rodantys ry\u0161\u012f tarp daiktavard\u017ei\u0173, \u012fvard\u017ei\u0173 ir kit\u0173 \u017eod\u017ei\u0173 sakinyje. Jie padeda pateikti kontekst\u0105, pvz., viet\u0105, laik\u0105 ar krypt\u012f.<\/p>\n\n\n\n<h3 class=\"wp-block-heading\" id=\"h-7-articles\">7. Straipsniai:<\/h3>\n\n\n\n<p>Straipsniai yra determinant\u0173 tipas, nurodantis, ar daiktavardis yra baigtinis, ar neapibr\u0117\u017etas. Jie yra svarb\u016bs tinkamam sakinio formavimui ir padeda i\u0161siai\u0161kinti parei\u0161kimo prasm\u0119.<\/p>\n\n\n\n<h3 class=\"wp-block-heading\" id=\"h-8-tenses\">8. Laikai:<\/h3>\n\n\n\n<p>Laikai nurodo veiksmo ar b\u016bties b\u016bsenos laik\u0105. I\u0161mok\u0119 skirting\u0173 angl\u0173 kalbos laik\u0173 gal\u0117site tiksliai reik\u0161ti savo mintis, nesvarbu, ar kalbate apie praeit\u012f, dabart\u012f, ar ateit\u012f.<\/p>\n\n\n\n<h3 class=\"wp-block-heading\" id=\"h-9-tense-comparison\">9. \u012etemptas palyginimas:<\/h3>\n\n\n\n<p>Norint palyginti veiksmus ar b\u016bsenas skirtingais laikotarpiais, svarbu suprasti \u012ftempt\u0105 palyginim\u0105. \u0160is \u012fg\u016bdis pad\u0117s jums perduoti sud\u0117tingas id\u0117jas ir pl\u0117toti pa\u017eangesn\u012f angl\u0173 kalbos gramatikos supratim\u0105.<\/p>\n\n\n\n<h3 class=\"wp-block-heading\" id=\"h-10-sentences\">10. Sakiniai:<\/h3>\n\n\n\n<p>Sakiniai yra ra\u0161ytinio ir \u017eodinio bendravimo angl\u0173 kalba pagrindas. Remdamiesi savo \u017einiomis apie daiktavard\u017eius, veiksma\u017eod\u017eius ir kitus gramatikos komponentus, mokydamiesi apie sakini\u0173 strukt\u016br\u0105, gal\u0117site efektyviai perteikti savo mintis kalba.<\/p>\n\n\n\n<h3 class=\"wp-block-heading\" id=\"h-11-conditionals\">11. S\u0105lygos:<\/h3>\n\n\n\n<p>S\u0105lygos yra sakiniai, i\u0161rei\u0161kiantys s\u0105lyg\u0105 ir jos galim\u0105 pasekm\u0119. Jie yra pa\u017eangus angl\u0173 kalbos gramatikos aspektas, kuris pad\u0117s jums i\u0161reik\u0161ti hipotetines situacijas ir sud\u0117tingas id\u0117jas.<\/p>\n<\/div><\/div>\n\r\n<section class=\"learnNavigationSection\">\r\n            \r\n        <a href=\"https:\/\/talkpal.ai\/lt\/mokytis-anglu-kalbos\/\">\r\n            <div class=\"learnNavigationWrapper\">\r\n                <div class=\"learnNavigationContent\">\r\n                    <img decoding=\"async\" src=\"https:\/\/talkpal.ai\/wp-content\/uploads\/2024\/08\/English.jpg\" alt=\"English Flag\">\r\n                    <div>\r\n                        <h4>Apie angl\u0173 kalbos mokym\u0105si<\/h4>\r\n                        <p>Su\u017einokite visk\u0105 apie angl\u0173 kalbos gramatik\u0105.<\/p>\r\n                    <\/div>\r\n                <\/div>\r\n            <\/div>\r\n        <\/a>\r\n\r\n        \r\n        <a href=\"https:\/\/talkpal.ai\/lt\/anglu-kalbos-gramatika\/\">\r\n            <div class=\"learnNavigationWrapper\">\r\n                <div class=\"learnNavigationContent\">\r\n                    <img decoding=\"async\" src=\"https:\/\/talkpal.ai\/wp-content\/uploads\/2024\/08\/English.jpg\" alt=\"English Flag\">\r\n                    <div>\r\n                        <h4>Angl\u0173 kalbos gramatikos pamokos<\/h4>\r\n                        <p>Angl\u0173 kalbos praktika gramatika.<\/p>\r\n                    <\/div>\r\n                <\/div>\r\n            <\/div>\r\n        <\/a>\r\n\r\n        \r\n        <a href=\"https:\/\/talkpal.ai\/vocabulary_language\/english\/\">\r\n            <div class=\"learnNavigationWrapper\">\r\n                <div class=\"learnNavigationContent\">\r\n                    <img decoding=\"async\" src=\"https:\/\/talkpal.ai\/wp-content\/uploads\/2024\/08\/English.jpg\" alt=\"English Flag\">\r\n                    <div>\r\n                        <h4>Angl\u0173 kalbos \u017eodynas<\/h4>\r\n                        <p>I\u0161pl\u0117skite savo angl\u0173 kalbos \u017eodyn\u0105.<\/p>\r\n                    <\/div>\r\n                <\/div>\r\n            <\/div>\r\n        <\/a>\r\n\r\n            <\/section>","protected":false},"excerpt":{"rendered":"<p>Angl\u0173 kalbos gramatikos temos Angl\u0173 kalbos gramatika yra taisykli\u0173 ir gairi\u0173 rinkinys, nustatantis angl\u0173 kalbos strukt\u016br\u0105. Tai leid\u017eia mums ai\u0161kiai ir efektyviai bendrauti tarpusavyje. Mokantis angl\u0173 kalbos, gramatikos supratimas yra b\u016btinas norint i\u0161siugdyti stiprius skaitymo, ra\u0161ymo ir kalb\u0117jimo \u012fg\u016bd\u017eius. \u0160i kelion\u0117 apims \u012fvairius gramatikos komponentus, tokius kaip b\u016bdvard\u017eiai, prieveiksmiai, straipsniai, s\u0105lygotumai, daiktavard\u017eiai, prielinksniai, \u012fvard\u017eiai \/ [&hellip;]<\/p>\n","protected":false},"author":1,"featured_media":64506,"parent":0,"menu_order":0,"comment_status":"closed","ping_status":"closed","template":"LearningContentPage.php","meta":{"_acf_changed":false,"footnotes":""},"class_list":["post-91995","page","type-page","status-publish","has-post-thumbnail","hentry"],"acf":[],"yoast_head":"<!-- This site is optimized with the Yoast SEO Premium plugin v27.2 (Yoast SEO v27.2) - https:\/\/yoast.com\/product\/yoast-seo-premium-wordpress\/ -->\n<title>Angl\u0173 kalbos gramatikos pratimai - Talkpal<\/title>\n<meta name=\"description\" content=\"Patobulinkite savo angl\u0173 kalbos \u012fg\u016bd\u017eius naudodami veiksmingus Talkpal&#039;s gramatikos pratimus. Pagerinkite savo kalbos \u017einias dabar!\" \/>\n<meta name=\"robots\" content=\"index, follow, max-snippet:-1, max-image-preview:large, max-video-preview:-1\" \/>\n<link rel=\"canonical\" href=\"https:\/\/talkpal.ai\/lt\/anglu-kalbos-gramatikos-pratimai\/\" \/>\n<meta property=\"og:locale\" content=\"lt_LT\" \/>\n<meta property=\"og:type\" content=\"article\" \/>\n<meta property=\"og:title\" content=\"Angl\u0173 kalbos gramatikos pratimai\" \/>\n<meta property=\"og:description\" content=\"Angl\u0173 kalbos gramatikos temos Angl\u0173 kalbos gramatika yra taisykli\u0173 ir gairi\u0173 rinkinys, nustatantis angl\u0173 kalbos strukt\u016br\u0105. Tai leid\u017eia mums ai\u0161kiai ir\" \/>\n<meta property=\"og:url\" content=\"https:\/\/talkpal.ai\/lt\/anglu-kalbos-gramatikos-pratimai\/\" \/>\n<meta property=\"og:site_name\" content=\"Talkpal\" \/>\n<meta property=\"article:publisher\" content=\"https:\/\/www.facebook.com\/profile.php?id=100090733639311\" \/>\n<meta property=\"article:modified_time\" content=\"2025-12-17T16:34:51+00:00\" \/>\n<meta property=\"og:image\" content=\"https:\/\/talkpal.ai\/wp-content\/uploads\/2023\/03\/united-kingdom.png\" \/>\n\t<meta property=\"og:image:width\" content=\"512\" \/>\n\t<meta property=\"og:image:height\" content=\"512\" \/>\n\t<meta property=\"og:image:type\" content=\"image\/png\" \/>\n<meta name=\"twitter:card\" content=\"summary_large_image\" \/>\n<meta name=\"twitter:site\" content=\"@talkpalai\" \/>\n<meta name=\"twitter:label1\" content=\"Est. reading time\" \/>\n\t<meta name=\"twitter:data1\" content=\"2 minut\u0117s\" \/>\n<script type=\"application\/ld+json\" class=\"yoast-schema-graph\">{\"@context\":\"https:\/\/schema.org\",\"@graph\":[{\"@type\":\"WebPage\",\"@id\":\"https:\/\/talkpal.ai\/lt\/anglu-kalbos-gramatikos-pratimai\/\",\"url\":\"https:\/\/talkpal.ai\/lt\/anglu-kalbos-gramatikos-pratimai\/\",\"name\":\"Angl\u0173 kalbos gramatikos pratimai - Talkpal\",\"isPartOf\":{\"@id\":\"https:\/\/talkpal.ai\/lt\/#website\"},\"primaryImageOfPage\":{\"@id\":\"https:\/\/talkpal.ai\/lt\/anglu-kalbos-gramatikos-pratimai\/#primaryimage\"},\"image\":{\"@id\":\"https:\/\/talkpal.ai\/lt\/anglu-kalbos-gramatikos-pratimai\/#primaryimage\"},\"thumbnailUrl\":\"https:\/\/talkpal.ai\/wp-content\/uploads\/2023\/03\/united-kingdom.png\",\"datePublished\":\"2023-06-14T13:25:23+00:00\",\"dateModified\":\"2025-12-17T16:34:51+00:00\",\"description\":\"Patobulinkite savo angl\u0173 kalbos \u012fg\u016bd\u017eius naudodami veiksmingus Talkpal's gramatikos pratimus. Pagerinkite savo kalbos \u017einias dabar!\",\"breadcrumb\":{\"@id\":\"https:\/\/talkpal.ai\/lt\/anglu-kalbos-gramatikos-pratimai\/#breadcrumb\"},\"inLanguage\":\"lt-LT\",\"potentialAction\":[{\"@type\":\"ReadAction\",\"target\":[\"https:\/\/talkpal.ai\/lt\/anglu-kalbos-gramatikos-pratimai\/\"]}]},{\"@type\":\"ImageObject\",\"inLanguage\":\"lt-LT\",\"@id\":\"https:\/\/talkpal.ai\/lt\/anglu-kalbos-gramatikos-pratimai\/#primaryimage\",\"url\":\"https:\/\/talkpal.ai\/wp-content\/uploads\/2023\/03\/united-kingdom.png\",\"contentUrl\":\"https:\/\/talkpal.ai\/wp-content\/uploads\/2023\/03\/united-kingdom.png\",\"width\":512,\"height\":512,\"caption\":\"TalkPal AI learn English\"},{\"@type\":\"BreadcrumbList\",\"@id\":\"https:\/\/talkpal.ai\/lt\/anglu-kalbos-gramatikos-pratimai\/#breadcrumb\",\"itemListElement\":[{\"@type\":\"ListItem\",\"position\":1,\"name\":\"Homepage\",\"item\":\"https:\/\/talkpal.ai\/lt\/\"},{\"@type\":\"ListItem\",\"position\":2,\"name\":\"Angl\u0173 kalbos gramatikos pratimai\"}]},{\"@type\":\"WebSite\",\"@id\":\"https:\/\/talkpal.ai\/lt\/#website\",\"url\":\"https:\/\/talkpal.ai\/lt\/\",\"name\":\"Talkpal\",\"description\":\"AI Language Learning\",\"publisher\":{\"@id\":\"https:\/\/talkpal.ai\/lt\/#organization\"},\"alternateName\":\"Talkpal AI\",\"potentialAction\":[{\"@type\":\"SearchAction\",\"target\":{\"@type\":\"EntryPoint\",\"urlTemplate\":\"https:\/\/talkpal.ai\/lt\/?s={search_term_string}\"},\"query-input\":{\"@type\":\"PropertyValueSpecification\",\"valueRequired\":true,\"valueName\":\"search_term_string\"}}],\"inLanguage\":\"lt-LT\"},{\"@type\":\"Organization\",\"@id\":\"https:\/\/talkpal.ai\/lt\/#organization\",\"name\":\"Talkpal, Inc.\",\"alternateName\":\"Talkpal AI\",\"url\":\"https:\/\/talkpal.ai\/lt\/\",\"logo\":{\"@type\":\"ImageObject\",\"inLanguage\":\"lt-LT\",\"@id\":\"https:\/\/talkpal.ai\/lt\/#\/schema\/logo\/image\/\",\"url\":\"https:\/\/talkpal.ai\/wp-content\/uploads\/2024\/03\/Talkpal-Logo-Icon.png\",\"contentUrl\":\"https:\/\/talkpal.ai\/wp-content\/uploads\/2024\/03\/Talkpal-Logo-Icon.png\",\"width\":2880,\"height\":2880,\"caption\":\"Talkpal, Inc.\"},\"image\":{\"@id\":\"https:\/\/talkpal.ai\/lt\/#\/schema\/logo\/image\/\"},\"sameAs\":[\"https:\/\/www.facebook.com\/profile.php?id=100090733639311\",\"https:\/\/x.com\/talkpalai\",\"https:\/\/www.linkedin.com\/company\/talkpal\/\",\"https:\/\/www.youtube.com\/@TalkPal\/\",\"https:\/\/www.tiktok.com\/@talkpal\",\"https:\/\/www.instagram.com\/talkpal_ai\/\",\"https:\/\/www.crunchbase.com\/organization\/talkpal-9cde\",\"https:\/\/www.g2.com\/products\/talkpal-for-business\/\",\"https:\/\/www.trustpilot.com\/review\/talkpal.ai\",\"https:\/\/www.capterra.com\/p\/10006800\/TalkPal\/\"],\"description\":\"Talkpal is a language learning web and mobile education app, powered by the latest AI technologies, that provides engaging experiences to its customers in many different languages to help them improve their language skills. Users can chat about unlimited amount of topics with the app and use other modes to practice their language learning.\",\"email\":\"support@talkpal.ai\",\"legalName\":\"Talkpal, Inc.\",\"foundingDate\":\"2023-04-03\",\"duns\":\"118989042\",\"numberOfEmployees\":{\"@type\":\"QuantitativeValue\",\"minValue\":\"11\",\"maxValue\":\"50\"},\"publishingPrinciples\":\"https:\/\/talkpal.ai\/publishing-principles\/\",\"actionableFeedbackPolicy\":\"https:\/\/talkpal.ai\/actionable-feedback-policy\/\",\"correctionsPolicy\":\"https:\/\/talkpal.ai\/corrections-policy\/\",\"ethicsPolicy\":\"https:\/\/talkpal.ai\/ethics-policy\/\",\"diversityPolicy\":\"https:\/\/talkpal.ai\/diversity-policy\/\",\"diversityStaffingReport\":\"https:\/\/talkpal.ai\/diversity-policy\/\"}]}<\/script>\n<!-- \/ Yoast SEO Premium plugin. -->","yoast_head_json":{"title":"Angl\u0173 kalbos gramatikos pratimai - Talkpal","description":"Patobulinkite savo angl\u0173 kalbos \u012fg\u016bd\u017eius naudodami veiksmingus Talkpal's gramatikos pratimus. Pagerinkite savo kalbos \u017einias dabar!","robots":{"index":"index","follow":"follow","max-snippet":"max-snippet:-1","max-image-preview":"max-image-preview:large","max-video-preview":"max-video-preview:-1"},"canonical":"https:\/\/talkpal.ai\/lt\/anglu-kalbos-gramatikos-pratimai\/","og_locale":"lt_LT","og_type":"article","og_title":"Angl\u0173 kalbos gramatikos pratimai","og_description":"Angl\u0173 kalbos gramatikos temos Angl\u0173 kalbos gramatika yra taisykli\u0173 ir gairi\u0173 rinkinys, nustatantis angl\u0173 kalbos strukt\u016br\u0105. Tai leid\u017eia mums ai\u0161kiai ir","og_url":"https:\/\/talkpal.ai\/lt\/anglu-kalbos-gramatikos-pratimai\/","og_site_name":"Talkpal","article_publisher":"https:\/\/www.facebook.com\/profile.php?id=100090733639311","article_modified_time":"2025-12-17T16:34:51+00:00","og_image":[{"width":512,"height":512,"url":"https:\/\/talkpal.ai\/wp-content\/uploads\/2023\/03\/united-kingdom.png","type":"image\/png"}],"twitter_card":"summary_large_image","twitter_site":"@talkpalai","twitter_misc":{"Est. reading time":"2 minut\u0117s"},"schema":{"@context":"https:\/\/schema.org","@graph":[{"@type":"WebPage","@id":"https:\/\/talkpal.ai\/lt\/anglu-kalbos-gramatikos-pratimai\/","url":"https:\/\/talkpal.ai\/lt\/anglu-kalbos-gramatikos-pratimai\/","name":"Angl\u0173 kalbos gramatikos pratimai - Talkpal","isPartOf":{"@id":"https:\/\/talkpal.ai\/lt\/#website"},"primaryImageOfPage":{"@id":"https:\/\/talkpal.ai\/lt\/anglu-kalbos-gramatikos-pratimai\/#primaryimage"},"image":{"@id":"https:\/\/talkpal.ai\/lt\/anglu-kalbos-gramatikos-pratimai\/#primaryimage"},"thumbnailUrl":"https:\/\/talkpal.ai\/wp-content\/uploads\/2023\/03\/united-kingdom.png","datePublished":"2023-06-14T13:25:23+00:00","dateModified":"2025-12-17T16:34:51+00:00","description":"Patobulinkite savo angl\u0173 kalbos \u012fg\u016bd\u017eius naudodami veiksmingus Talkpal's gramatikos pratimus. Pagerinkite savo kalbos \u017einias dabar!","breadcrumb":{"@id":"https:\/\/talkpal.ai\/lt\/anglu-kalbos-gramatikos-pratimai\/#breadcrumb"},"inLanguage":"lt-LT","potentialAction":[{"@type":"ReadAction","target":["https:\/\/talkpal.ai\/lt\/anglu-kalbos-gramatikos-pratimai\/"]}]},{"@type":"ImageObject","inLanguage":"lt-LT","@id":"https:\/\/talkpal.ai\/lt\/anglu-kalbos-gramatikos-pratimai\/#primaryimage","url":"https:\/\/talkpal.ai\/wp-content\/uploads\/2023\/03\/united-kingdom.png","contentUrl":"https:\/\/talkpal.ai\/wp-content\/uploads\/2023\/03\/united-kingdom.png","width":512,"height":512,"caption":"TalkPal AI learn English"},{"@type":"BreadcrumbList","@id":"https:\/\/talkpal.ai\/lt\/anglu-kalbos-gramatikos-pratimai\/#breadcrumb","itemListElement":[{"@type":"ListItem","position":1,"name":"Homepage","item":"https:\/\/talkpal.ai\/lt\/"},{"@type":"ListItem","position":2,"name":"Angl\u0173 kalbos gramatikos pratimai"}]},{"@type":"WebSite","@id":"https:\/\/talkpal.ai\/lt\/#website","url":"https:\/\/talkpal.ai\/lt\/","name":"Talkpal","description":"AI Language Learning","publisher":{"@id":"https:\/\/talkpal.ai\/lt\/#organization"},"alternateName":"Talkpal AI","potentialAction":[{"@type":"SearchAction","target":{"@type":"EntryPoint","urlTemplate":"https:\/\/talkpal.ai\/lt\/?s={search_term_string}"},"query-input":{"@type":"PropertyValueSpecification","valueRequired":true,"valueName":"search_term_string"}}],"inLanguage":"lt-LT"},{"@type":"Organization","@id":"https:\/\/talkpal.ai\/lt\/#organization","name":"Talkpal, Inc.","alternateName":"Talkpal AI","url":"https:\/\/talkpal.ai\/lt\/","logo":{"@type":"ImageObject","inLanguage":"lt-LT","@id":"https:\/\/talkpal.ai\/lt\/#\/schema\/logo\/image\/","url":"https:\/\/talkpal.ai\/wp-content\/uploads\/2024\/03\/Talkpal-Logo-Icon.png","contentUrl":"https:\/\/talkpal.ai\/wp-content\/uploads\/2024\/03\/Talkpal-Logo-Icon.png","width":2880,"height":2880,"caption":"Talkpal, Inc."},"image":{"@id":"https:\/\/talkpal.ai\/lt\/#\/schema\/logo\/image\/"},"sameAs":["https:\/\/www.facebook.com\/profile.php?id=100090733639311","https:\/\/x.com\/talkpalai","https:\/\/www.linkedin.com\/company\/talkpal\/","https:\/\/www.youtube.com\/@TalkPal\/","https:\/\/www.tiktok.com\/@talkpal","https:\/\/www.instagram.com\/talkpal_ai\/","https:\/\/www.crunchbase.com\/organization\/talkpal-9cde","https:\/\/www.g2.com\/products\/talkpal-for-business\/","https:\/\/www.trustpilot.com\/review\/talkpal.ai","https:\/\/www.capterra.com\/p\/10006800\/TalkPal\/"],"description":"Talkpal is a language learning web and mobile education app, powered by the latest AI technologies, that provides engaging experiences to its customers in many different languages to help them improve their language skills. Users can chat about unlimited amount of topics with the app and use other modes to practice their language learning.","email":"support@talkpal.ai","legalName":"Talkpal, Inc.","foundingDate":"2023-04-03","duns":"118989042","numberOfEmployees":{"@type":"QuantitativeValue","minValue":"11","maxValue":"50"},"publishingPrinciples":"https:\/\/talkpal.ai\/publishing-principles\/","actionableFeedbackPolicy":"https:\/\/talkpal.ai\/actionable-feedback-policy\/","correctionsPolicy":"https:\/\/talkpal.ai\/corrections-policy\/","ethicsPolicy":"https:\/\/talkpal.ai\/ethics-policy\/","diversityPolicy":"https:\/\/talkpal.ai\/diversity-policy\/","diversityStaffingReport":"https:\/\/talkpal.ai\/diversity-policy\/"}]}},"_links":{"self":[{"href":"https:\/\/talkpal.ai\/lt\/wp-json\/wp\/v2\/pages\/91995","targetHints":{"allow":["GET"]}}],"collection":[{"href":"https:\/\/talkpal.ai\/lt\/wp-json\/wp\/v2\/pages"}],"about":[{"href":"https:\/\/talkpal.ai\/lt\/wp-json\/wp\/v2\/types\/page"}],"author":[{"embeddable":true,"href":"https:\/\/talkpal.ai\/lt\/wp-json\/wp\/v2\/users\/1"}],"replies":[{"embeddable":true,"href":"https:\/\/talkpal.ai\/lt\/wp-json\/wp\/v2\/comments?post=91995"}],"version-history":[{"count":0,"href":"https:\/\/talkpal.ai\/lt\/wp-json\/wp\/v2\/pages\/91995\/revisions"}],"wp:featuredmedia":[{"embeddable":true,"href":"https:\/\/talkpal.ai\/lt\/wp-json\/wp\/v2\/media\/64506"}],"wp:attachment":[{"href":"https:\/\/talkpal.ai\/lt\/wp-json\/wp\/v2\/media?parent=91995"}],"curies":[{"name":"wp","href":"https:\/\/api.w.org\/{rel}","templated":true}]}}