{"id":91797,"date":"2023-03-25T16:57:06","date_gmt":"2023-03-25T16:57:06","guid":{"rendered":"http:\/\/talkpal.ai\/anglu-kalbos-gramatika\/"},"modified":"2025-05-22T19:26:30","modified_gmt":"2025-05-22T19:26:30","slug":"anglu-kalbos-gramatika","status":"publish","type":"page","link":"https:\/\/talkpal.ai\/lt\/anglu-kalbos-gramatika\/","title":{"rendered":"Angl\u0173 kalbos gramatika"},"content":{"rendered":"\r\n\r\n\r\n<section class=\"languageChallengeSection\">\r\n    <div class=\"languageInfoWrapper\">\r\n        \r\n        <h1>Angl\u0173 kalbos gramatika<\/h1>\r\n        <p>Ar esate pasireng\u0119 prad\u0117ti mokytis <a href=\"https:\/\/talkpal.ai\/learn-english-with-ai\/\">angl\u0173<\/a> <a href=\"https:\/\/talkpal.ai\/what-language-is-spoken-on-the-international-space-station\/\">kalbos<\/a>? I\u0161mok\u0119 \u0161iek tiek gramatikos ir kelet\u0105 nauj\u0173 \u017eod\u017ei\u0173, greitai gal\u0117site kalb\u0117tis ir bendrauti su \u017emon\u0117mis i\u0161 viso pasaulio. Pasinerkite ir mokykit\u0117s angl\u0173 kalbos linksmai ir lengvai &#8211; j\u016bs\u0173 kelion\u0117 \u012f laisv\u0105 kalb\u0117jim\u0105 prasideda \u0161iandien!\n\n<\/p>\r\n\r\n                            <a class=\"getStartedHidden\" href=\"https:\/\/app.talkpal.ai\/lt\/signup?lng=\">Prad\u0117k<\/a>\r\n        \r\n    <\/div>\r\n\r\n    <figure>\r\n    <img decoding=\"async\" width=\"768\" height=\"768\" src=\"https:\/\/talkpal.ai\/wp-content\/uploads\/2023\/06\/English-768x768.png\" class=\"languageImage no-lazy\" alt=\"Language learning for improved multitasking\" fetchpriority=\"high\" sizes=\"(max-width: 768px) 150px, 768px\" srcset=\"https:\/\/talkpal.ai\/wp-content\/uploads\/2023\/06\/English-768x768.png 768w, https:\/\/talkpal.ai\/wp-content\/uploads\/2023\/06\/English-300x300.png 300w\" \/>\r\n    \r\n\r\n    <\/figure>\r\n\r\n            <a class=\"getStartedVisible\" href=\"https:\/\/app.talkpal.ai\/lt\/signup?lng=\">Prad\u0117k<\/a>\r\n    \r\n<\/section>\r\n        <section class=\"grammarSection\">\r\n            <div class=\"grammarLinks\">\r\n                <a href=\"https:\/\/talkpal.ai\/lt\/language\/budvardziai-anglu-kalbos-gramatika\/\">B\u016bdvard\u017eiai <\/a><a href=\"https:\/\/talkpal.ai\/lt\/language\/daiktavardziai-anglu-kalbos-gramatika\/\">Daiktavard\u017eiai <\/a><a href=\"https:\/\/talkpal.ai\/lt\/language\/ivardziai-determinantai-anglu-kalbos-gramatika\/\">\u012evard\u017eiai\/determinantai \u2013 angl\u0173 kalbos gramatika<\/a><a href=\"https:\/\/talkpal.ai\/lt\/language\/laikai-anglu-kalbos-gramatika\/\">Laikai <\/a><a href=\"https:\/\/talkpal.ai\/lt\/language\/prielinksniai-anglu-kalbos-gramatika\/\">Prielinksniai <\/a><a href=\"https:\/\/talkpal.ai\/lt\/language\/prieveiksmiai-anglu-kalbos-gramatika\/\">Prieveiksmiai <\/a><a href=\"https:\/\/talkpal.ai\/lt\/language\/sakiniai-anglu-kalbos-gramatika\/\">Sakiniai <\/a><a href=\"https:\/\/talkpal.ai\/lt\/language\/salygos-anglu-kalbos-gramatika\/\">S\u0105lygos <\/a><a href=\"https:\/\/talkpal.ai\/lt\/language\/straipsniai-anglu-kalbos-gramatika\/\">Straipsniai <\/a><a href=\"https:\/\/talkpal.ai\/lt\/language\/veiksmazodziai-anglu-kalbos-gramatika\/\">Veiksma\u017eod\u017eiai <\/a>            <\/div>\r\n        <\/section>\r\n    <section class=\"promotionalBanner\">\r\n    <p class=\"promotionalText\">Efektyviausias b\u016bdas mokytis kalbos<\/p>\r\n    <a class=\"promotionalLink\" href=\"https:\/\/app.talkpal.ai\/lt\/signup?lng=\">I\u0161bandykite Talkpal &#8221; nemokamai<\/a>\r\n<\/section>\n<div class=\"wp-block-group pageContainerStyle\"><div class=\"wp-block-group__inner-container is-layout-constrained wp-block-group-is-layout-constrained\">\n<h2 class=\"wp-block-heading\" id=\"h-the-importance-of-english-grammar-a-guide-to-mastering-the-rules-and-principles\">Angl\u0173 kalbos gramatikos svarba: taisykli\u0173 ir princip\u0173 \u012fsisavinimo vadovas<\/h2>\n\n\n\n<p>Angl\u0173 kalba yra viena populiariausi\u0173 kalb\u0173 visame pasaulyje, tod\u0117l nenuostabu, kad \u017emon\u0117s nori tobulinti savo angl\u0173 kalbos \u017einias ir \u012fg\u016bd\u017eius. Vienas esmini\u0173 angl\u0173 kalbos \u012fsisavinimo aspekt\u0173 yra jos gramatikos supratimas. Bet kod\u0117l <a href=\"https:\/\/talkpal.ai\/sq\/gramatika\/\">gramatika<\/a> yra tokia svarbi ir kaip mes galime j\u0105 veiksmingai i\u0161mokti? \u0160iame straipsnyje gilinsim\u0117s \u012f angl\u0173 kalbos gramatikos svarb\u0105, aptarsime pagrindinius jos principus ir pasidalysime keliais naudingais patarimais, kaip patobulinti savo \u012fg\u016bd\u017eius.<\/p>\n\n\n\n<h3 class=\"wp-block-heading\" id=\"h-the-role-of-grammar-in-the-english-language\">Gramatikos vaidmuo angl\u0173 kalba:<\/h3>\n\n\n\n<p>Taigi, kas \u010dia tokio d\u0117l gramatikos? I\u0161 esm\u0117s gramatika yra bet kurios kalbos pagrindas &#8211; <a href=\"https:\/\/talkpal.ai\/learn-thai\/\">tai<\/a> taisykli\u0173 ir princip\u0173 rinkinys, kuriuo vadovaujamasi vartojant \u017eod\u017eius ir sudarant prasmingus sakinius. Laikydamiesi \u0161i\u0173 taisykli\u0173 galime u\u017etikrinti ai\u0161ki\u0105 komunikacij\u0105 ir i\u0161vengti nesusipratim\u0173. \u012esivaizduokite, kad bandote gaminti patiekal\u0105 nesilaikydami recepto &#8211; galutinis rezultatas gali b\u016bti nemalonus! Pana\u0161iai, gramatikos nepaisymas m\u016bs\u0173 kasdien\u0117je kalboje ir ra\u0161te gali sukelti painiav\u0105 ir klaiding\u0105 ai\u0161kinim\u0105.<\/p>\n\n\n\n<h3 class=\"wp-block-heading\" id=\"h-key-principles-of-english-grammar\">Pagrindiniai angl\u0173 kalbos gramatikos principai:<\/h3>\n\n\n\n<p>Nors <a href=\"https:\/\/talkpal.ai\/lt\/grammar\/noras-jei-tik-anglu-kalbos-gramatika\/\">angl\u0173 kalbos gramatika<\/a> apima daugyb\u0119 taisykli\u0173, yra keletas pagrindini\u0173 princip\u0173, kuriuos tur\u0117tum\u0117te \u017einoti:<\/p>\n\n\n\n<p><strong>1. Kalbos dalys:<\/strong> <a href=\"https:\/\/talkpal.ai\/learn-thai\/\">Tai<\/a> yra vaidmenys, kuriuos \u017eod\u017eiai atlieka sakinyje. Priklausomai nuo j\u0173 funkcijos, \u017eod\u017eiai gali b\u016bti klasifikuojami kaip daiktavard\u017eiai, \u012fvard\u017eiai, veiksma\u017eod\u017eiai, b\u016bdvard\u017eiai, prieveiksmiai, prielinksniai, jungtukai ar \u012fsiki\u0161imai.<\/p>\n\n\n\n<p><strong>2. Laikai: Laikai<\/strong> nurodo veiksm\u0173 ar b\u016bties b\u016bsen\u0173 laik\u0105. Jie skirstomi \u012f praeities, dabarties ir ateities laikus, o kiekvienas laikas turi keturis aspektus &#8211; paprast\u0105j\u012f, b\u016btojo, b\u016btojo ir b\u016btojo kartinio laiko.<\/p>\n\n\n\n<p><strong>3. Dalyko-veiksma\u017eod\u017eio susitarimas:<\/strong> I\u0161 esm\u0117s subjektas (daiktavardis ar \u012fvardis) ir veiksma\u017eodis sakinyje turi sutapti skai\u010diumi \u2013 vienaskaita arba daugiskaita. Pavyzd\u017eiui, &#8222;Ji skaito knyg\u0105&#8221; ir &#8222;Jie skaito knygas&#8221; yra gramati\u0161kai taisyklingi.<\/p>\n\n\n\n<p><strong>4. Sakinio strukt\u016bra:<\/strong> Gerai strukt\u016brizuotas sakinys susideda i\u0161 dalyko, veiksma\u017eod\u017eio ir, da\u017enai, objekto. Sakiniai gali b\u016bti paprasti (vienas savaranki\u0161kas sakinys), sud\u0117tiniai (du ar daugiau savaranki\u0161k\u0173 sakini\u0173) arba sud\u0117tingi (vienas savaranki\u0161kas sakinys ir vienas ar daugiau priklausom\u0173 sakini\u0173).<\/p>\n\n\n\n<p><strong>5. Skyrybos \u017eenklai: Skyrybos<\/strong> \u017eenklai, tokie kaip kableliai, ta\u0161kai ir kabliata\u0161kiai, yra labai svarb\u016bs organizuojant ir ai\u0161kinant ra\u0161ytin\u0119 kalb\u0105. Tinkamas skyrybos \u017eenklas u\u017etikrina, kad j\u016bs\u0173 id\u0117jos bus perteiktos tiksliai ir nuosekliai.<\/p>\n\n\n\n<h3 class=\"wp-block-heading\" id=\"h-tips-to-improve-your-english-grammar\">Patarimai, kaip pagerinti angl\u0173 kalbos gramatik\u0105:<\/h3>\n\n\n\n<p>Dabar, <a href=\"https:\/\/talkpal.ai\/locations\/language-courses-in-kai\/\">kai<\/a> jau aptar\u0117me angl\u0173 kalbos gramatikos pagrindus, panagrin\u0117kime kelet\u0105 veiksming\u0173 b\u016bd\u0173, kaip patobulinti savo \u012fg\u016bd\u017eius:<\/p>\n\n\n\n<p><strong>1. Reguliariai skaitykite:<\/strong> Skaitymas yra puikus b\u016bdas internalizuoti tinkam\u0105 gramatik\u0105. Kuo daugiau susipa\u017einsite su gerai para\u0161ytais straipsniais, knygomis ar es\u0117, tuo geriau suprasite taisykles ir strukt\u016bras.<\/p>\n\n\n\n<p><strong>2. Praktikuokite ra\u0161ym\u0105:<\/strong> Reguliarus ra\u0161ymas leid\u017eia pritaikyti gramatikos \u017einias ir nustatyti sritis, kuriose jums reikia tobul\u0117ti. Apsvarstykite galimyb\u0119 vesti \u017eurnal\u0105 arba prad\u0117ti tinklara\u0161t\u012f, kad lavintum\u0117te savo ra\u0161ymo \u012fg\u016bd\u017eius.<\/p>\n\n\n\n<p>3. Studijuokite gramatikos <strong>i\u0161teklius: susipa\u017einkite<\/strong> su kai kuriomis gerbiamomis gramatikos knygomis, svetain\u0117mis ar programomis, kad geriau suprastum\u0117te taisykles. Reguliarus \u0161i\u0173 med\u017eiag\u0173 per\u017ei\u016br\u0117jimas pad\u0117s sustiprinti j\u016bs\u0173 \u017einias.<\/p>\n\n\n\n<p><strong>4. Ie\u0161kokite gr\u012f\u017etamojo ry\u0161io:<\/strong> bendraukite su kitais, kad gautum\u0117te konstruktyvios kritikos d\u0117l savo para\u0161ytos ir \u0161nekamosios angl\u0173 kalbos. Tai gali b\u016bti internetiniai forumai, kalb\u0173 main\u0173 grup\u0117s arba draugai ir kolegos, mokantys angl\u0173 kalb\u0105.<\/p>\n\n\n\n<p><strong>5. B\u016bkite kantr\u016bs ir atkakl\u016bs:<\/strong> Gramatikos mokymasis yra laipsni\u0161kas procesas, reikalaujantis laiko ir pastang\u0173. Likite \u012fsipareigoj\u0119, toliau mank\u0161tinkit\u0117s ir \u0161v\u0119skite savo pa\u017eang\u0105.<\/p>\n\n\n\n<h3 class=\"wp-block-heading\" id=\"h-conclusion\">I\u0161vada:<\/h3>\n\n\n\n<p>Angl\u0173 kalbos gramatikos \u012fvaldymas yra esminis \u017eingsnis kelyje \u012f sklandum\u0105. Suprasdami jos svarb\u0105, susipa\u017eindami su pagrindiniais principais ir aktyviai praktikuodamiesi netrukus \u012fgysite ger\u0173 kalbos \u017eini\u0173. Nepamir\u0161kite, kad Roma nebuvo pastatyta per vien\u0105 dien\u0105, tod\u0117l b\u016bkite kantr\u016bs, linksminkit\u0117s ir m\u0117gaukit\u0117s kelione \u012f nepriekai\u0161ting\u0105 gramatik\u0105!<\/p>\n<\/div><\/div>\n\r\n<section class=\"learnNavigationSection\">\r\n            \r\n        <a href=\"https:\/\/talkpal.ai\/lt\/mokytis-anglu-kalbos\/\">\r\n            <div class=\"learnNavigationWrapper\">\r\n                <div class=\"learnNavigationContent\">\r\n                    <img decoding=\"async\" src=\"https:\/\/talkpal.ai\/wp-content\/uploads\/2024\/08\/English.jpg\" alt=\"English Flag\">\r\n                    <div>\r\n                        <h4>Apie angl\u0173 kalbos mokym\u0105si<\/h4>\r\n                        <p>Su\u017einokite visk\u0105 apie angl\u0173 kalbos gramatik\u0105.<\/p>\r\n                    <\/div>\r\n                <\/div>\r\n            <\/div>\r\n        <\/a>\r\n\r\n        \r\n        <a href=\"https:\/\/talkpal.ai\/lt\/anglu-kalbos-gramatikos-pratimai\/\">\r\n            <div class=\"learnNavigationWrapper\">\r\n                <div class=\"learnNavigationContent\">\r\n                    <img decoding=\"async\" src=\"https:\/\/talkpal.ai\/wp-content\/uploads\/2024\/08\/English.jpg\" alt=\"English Flag\">\r\n                    <div>\r\n                        <h4>Angl\u0173 kalbos gramatikos pratimai<\/h4>\r\n                        <p>Angl\u0173 kalbos praktika gramatika.<\/p>\r\n                    <\/div>\r\n                <\/div>\r\n            <\/div>\r\n        <\/a>\r\n\r\n        \r\n        <a href=\"https:\/\/talkpal.ai\/vocabulary_language\/english\/\">\r\n            <div class=\"learnNavigationWrapper\">\r\n                <div class=\"learnNavigationContent\">\r\n                    <img decoding=\"async\" src=\"https:\/\/talkpal.ai\/wp-content\/uploads\/2024\/08\/English.jpg\" alt=\"English Flag\">\r\n                    <div>\r\n                        <h4>Angl\u0173 kalbos \u017eodynas<\/h4>\r\n                        <p>I\u0161pl\u0117skite savo angl\u0173 kalbos \u017eodyn\u0105.<\/p>\r\n                    <\/div>\r\n                <\/div>\r\n            <\/div>\r\n        <\/a>\r\n\r\n            <\/section>","protected":false},"excerpt":{"rendered":"<p>Angl\u0173 kalbos gramatikos svarba: taisykli\u0173 ir princip\u0173 \u012fsisavinimo vadovas Angl\u0173 kalba yra viena populiariausi\u0173 kalb\u0173 visame pasaulyje, tod\u0117l nenuostabu, kad \u017emon\u0117s nori tobulinti savo angl\u0173 kalbos \u017einias ir \u012fg\u016bd\u017eius. Vienas esmini\u0173 angl\u0173 kalbos \u012fsisavinimo aspekt\u0173 yra jos gramatikos supratimas. Bet kod\u0117l gramatika yra tokia svarbi ir kaip mes galime j\u0105 veiksmingai i\u0161mokti? \u0160iame straipsnyje gilinsim\u0117s [&hellip;]<\/p>\n","protected":false},"author":1,"featured_media":64506,"parent":0,"menu_order":0,"comment_status":"closed","ping_status":"closed","template":"LearningContentPage.php","meta":{"_acf_changed":false,"footnotes":""},"class_list":["post-91797","page","type-page","status-publish","has-post-thumbnail","hentry"],"acf":[],"yoast_head":"<!-- This site is optimized with the Yoast SEO Premium plugin v27.2 (Yoast SEO v27.2) - https:\/\/yoast.com\/product\/yoast-seo-premium-wordpress\/ -->\n<title>Angl\u0173 kalbos gramatika - Talkpal<\/title>\n<meta name=\"description\" content=\"Gerinkite savo angl\u0173 kalbos gramatikos \u012fg\u016bd\u017eius be vargo naudodami Talkpaldirbtinio intelekto valdom\u0105 kalb\u0173 mokymosi program\u0117l\u0119.\" \/>\n<meta name=\"robots\" content=\"index, follow, max-snippet:-1, max-image-preview:large, max-video-preview:-1\" \/>\n<link rel=\"canonical\" href=\"https:\/\/talkpal.ai\/lt\/anglu-kalbos-gramatika\/\" \/>\n<meta property=\"og:locale\" content=\"lt_LT\" \/>\n<meta property=\"og:type\" content=\"article\" \/>\n<meta property=\"og:title\" content=\"Angl\u0173 kalbos gramatika\" \/>\n<meta property=\"og:description\" content=\"Angl\u0173 kalbos gramatikos svarba: taisykli\u0173 ir princip\u0173 \u012fsisavinimo vadovas Angl\u0173 kalba yra viena populiariausi\u0173 kalb\u0173 visame pasaulyje, tod\u0117l nenuostabu,\" \/>\n<meta property=\"og:url\" content=\"https:\/\/talkpal.ai\/lt\/anglu-kalbos-gramatika\/\" \/>\n<meta property=\"og:site_name\" content=\"Talkpal\" \/>\n<meta property=\"article:publisher\" content=\"https:\/\/www.facebook.com\/profile.php?id=100090733639311\" \/>\n<meta property=\"article:modified_time\" content=\"2025-05-22T19:26:30+00:00\" \/>\n<meta property=\"og:image\" content=\"https:\/\/talkpal.ai\/wp-content\/uploads\/2023\/03\/united-kingdom.png\" \/>\n\t<meta property=\"og:image:width\" content=\"512\" \/>\n\t<meta property=\"og:image:height\" content=\"512\" \/>\n\t<meta property=\"og:image:type\" content=\"image\/png\" \/>\n<meta name=\"twitter:card\" content=\"summary_large_image\" \/>\n<meta name=\"twitter:site\" content=\"@talkpalai\" \/>\n<meta name=\"twitter:label1\" content=\"Est. reading time\" \/>\n\t<meta name=\"twitter:data1\" content=\"3 minut\u0117s\" \/>\n<script type=\"application\/ld+json\" class=\"yoast-schema-graph\">{\"@context\":\"https:\/\/schema.org\",\"@graph\":[{\"@type\":\"WebPage\",\"@id\":\"https:\/\/talkpal.ai\/lt\/anglu-kalbos-gramatika\/\",\"url\":\"https:\/\/talkpal.ai\/lt\/anglu-kalbos-gramatika\/\",\"name\":\"Angl\u0173 kalbos gramatika - Talkpal\",\"isPartOf\":{\"@id\":\"https:\/\/talkpal.ai\/lt\/#website\"},\"primaryImageOfPage\":{\"@id\":\"https:\/\/talkpal.ai\/lt\/anglu-kalbos-gramatika\/#primaryimage\"},\"image\":{\"@id\":\"https:\/\/talkpal.ai\/lt\/anglu-kalbos-gramatika\/#primaryimage\"},\"thumbnailUrl\":\"https:\/\/talkpal.ai\/wp-content\/uploads\/2023\/03\/united-kingdom.png\",\"datePublished\":\"2023-03-25T16:57:06+00:00\",\"dateModified\":\"2025-05-22T19:26:30+00:00\",\"description\":\"Gerinkite savo angl\u0173 kalbos gramatikos \u012fg\u016bd\u017eius be vargo naudodami Talkpaldirbtinio intelekto valdom\u0105 kalb\u0173 mokymosi program\u0117l\u0119.\",\"breadcrumb\":{\"@id\":\"https:\/\/talkpal.ai\/lt\/anglu-kalbos-gramatika\/#breadcrumb\"},\"inLanguage\":\"lt-LT\",\"potentialAction\":[{\"@type\":\"ReadAction\",\"target\":[\"https:\/\/talkpal.ai\/lt\/anglu-kalbos-gramatika\/\"]}]},{\"@type\":\"ImageObject\",\"inLanguage\":\"lt-LT\",\"@id\":\"https:\/\/talkpal.ai\/lt\/anglu-kalbos-gramatika\/#primaryimage\",\"url\":\"https:\/\/talkpal.ai\/wp-content\/uploads\/2023\/03\/united-kingdom.png\",\"contentUrl\":\"https:\/\/talkpal.ai\/wp-content\/uploads\/2023\/03\/united-kingdom.png\",\"width\":512,\"height\":512,\"caption\":\"TalkPal AI learn English\"},{\"@type\":\"BreadcrumbList\",\"@id\":\"https:\/\/talkpal.ai\/lt\/anglu-kalbos-gramatika\/#breadcrumb\",\"itemListElement\":[{\"@type\":\"ListItem\",\"position\":1,\"name\":\"Homepage\",\"item\":\"https:\/\/talkpal.ai\/lt\/\"},{\"@type\":\"ListItem\",\"position\":2,\"name\":\"Angl\u0173 kalbos gramatika\"}]},{\"@type\":\"WebSite\",\"@id\":\"https:\/\/talkpal.ai\/lt\/#website\",\"url\":\"https:\/\/talkpal.ai\/lt\/\",\"name\":\"Talkpal\",\"description\":\"AI Language Learning\",\"publisher\":{\"@id\":\"https:\/\/talkpal.ai\/lt\/#organization\"},\"alternateName\":\"Talkpal AI\",\"potentialAction\":[{\"@type\":\"SearchAction\",\"target\":{\"@type\":\"EntryPoint\",\"urlTemplate\":\"https:\/\/talkpal.ai\/lt\/?s={search_term_string}\"},\"query-input\":{\"@type\":\"PropertyValueSpecification\",\"valueRequired\":true,\"valueName\":\"search_term_string\"}}],\"inLanguage\":\"lt-LT\"},{\"@type\":\"Organization\",\"@id\":\"https:\/\/talkpal.ai\/lt\/#organization\",\"name\":\"Talkpal, Inc.\",\"alternateName\":\"Talkpal AI\",\"url\":\"https:\/\/talkpal.ai\/lt\/\",\"logo\":{\"@type\":\"ImageObject\",\"inLanguage\":\"lt-LT\",\"@id\":\"https:\/\/talkpal.ai\/lt\/#\/schema\/logo\/image\/\",\"url\":\"https:\/\/talkpal.ai\/wp-content\/uploads\/2024\/03\/Talkpal-Logo-Icon.png\",\"contentUrl\":\"https:\/\/talkpal.ai\/wp-content\/uploads\/2024\/03\/Talkpal-Logo-Icon.png\",\"width\":2880,\"height\":2880,\"caption\":\"Talkpal, Inc.\"},\"image\":{\"@id\":\"https:\/\/talkpal.ai\/lt\/#\/schema\/logo\/image\/\"},\"sameAs\":[\"https:\/\/www.facebook.com\/profile.php?id=100090733639311\",\"https:\/\/x.com\/talkpalai\",\"https:\/\/www.linkedin.com\/company\/talkpal\/\",\"https:\/\/www.youtube.com\/@TalkPal\/\",\"https:\/\/www.tiktok.com\/@talkpal\",\"https:\/\/www.instagram.com\/talkpal_ai\/\",\"https:\/\/www.crunchbase.com\/organization\/talkpal-9cde\",\"https:\/\/www.g2.com\/products\/talkpal-for-business\/\",\"https:\/\/www.trustpilot.com\/review\/talkpal.ai\",\"https:\/\/www.capterra.com\/p\/10006800\/TalkPal\/\"],\"description\":\"Talkpal is a language learning web and mobile education app, powered by the latest AI technologies, that provides engaging experiences to its customers in many different languages to help them improve their language skills. Users can chat about unlimited amount of topics with the app and use other modes to practice their language learning.\",\"email\":\"support@talkpal.ai\",\"legalName\":\"Talkpal, Inc.\",\"foundingDate\":\"2023-04-03\",\"duns\":\"118989042\",\"numberOfEmployees\":{\"@type\":\"QuantitativeValue\",\"minValue\":\"11\",\"maxValue\":\"50\"},\"publishingPrinciples\":\"https:\/\/talkpal.ai\/publishing-principles\/\",\"actionableFeedbackPolicy\":\"https:\/\/talkpal.ai\/actionable-feedback-policy\/\",\"correctionsPolicy\":\"https:\/\/talkpal.ai\/corrections-policy\/\",\"ethicsPolicy\":\"https:\/\/talkpal.ai\/ethics-policy\/\",\"diversityPolicy\":\"https:\/\/talkpal.ai\/diversity-policy\/\",\"diversityStaffingReport\":\"https:\/\/talkpal.ai\/diversity-policy\/\"}]}<\/script>\n<!-- \/ Yoast SEO Premium plugin. -->","yoast_head_json":{"title":"Angl\u0173 kalbos gramatika - Talkpal","description":"Gerinkite savo angl\u0173 kalbos gramatikos \u012fg\u016bd\u017eius be vargo naudodami Talkpaldirbtinio intelekto valdom\u0105 kalb\u0173 mokymosi program\u0117l\u0119.","robots":{"index":"index","follow":"follow","max-snippet":"max-snippet:-1","max-image-preview":"max-image-preview:large","max-video-preview":"max-video-preview:-1"},"canonical":"https:\/\/talkpal.ai\/lt\/anglu-kalbos-gramatika\/","og_locale":"lt_LT","og_type":"article","og_title":"Angl\u0173 kalbos gramatika","og_description":"Angl\u0173 kalbos gramatikos svarba: taisykli\u0173 ir princip\u0173 \u012fsisavinimo vadovas Angl\u0173 kalba yra viena populiariausi\u0173 kalb\u0173 visame pasaulyje, tod\u0117l nenuostabu,","og_url":"https:\/\/talkpal.ai\/lt\/anglu-kalbos-gramatika\/","og_site_name":"Talkpal","article_publisher":"https:\/\/www.facebook.com\/profile.php?id=100090733639311","article_modified_time":"2025-05-22T19:26:30+00:00","og_image":[{"width":512,"height":512,"url":"https:\/\/talkpal.ai\/wp-content\/uploads\/2023\/03\/united-kingdom.png","type":"image\/png"}],"twitter_card":"summary_large_image","twitter_site":"@talkpalai","twitter_misc":{"Est. reading time":"3 minut\u0117s"},"schema":{"@context":"https:\/\/schema.org","@graph":[{"@type":"WebPage","@id":"https:\/\/talkpal.ai\/lt\/anglu-kalbos-gramatika\/","url":"https:\/\/talkpal.ai\/lt\/anglu-kalbos-gramatika\/","name":"Angl\u0173 kalbos gramatika - Talkpal","isPartOf":{"@id":"https:\/\/talkpal.ai\/lt\/#website"},"primaryImageOfPage":{"@id":"https:\/\/talkpal.ai\/lt\/anglu-kalbos-gramatika\/#primaryimage"},"image":{"@id":"https:\/\/talkpal.ai\/lt\/anglu-kalbos-gramatika\/#primaryimage"},"thumbnailUrl":"https:\/\/talkpal.ai\/wp-content\/uploads\/2023\/03\/united-kingdom.png","datePublished":"2023-03-25T16:57:06+00:00","dateModified":"2025-05-22T19:26:30+00:00","description":"Gerinkite savo angl\u0173 kalbos gramatikos \u012fg\u016bd\u017eius be vargo naudodami Talkpaldirbtinio intelekto valdom\u0105 kalb\u0173 mokymosi program\u0117l\u0119.","breadcrumb":{"@id":"https:\/\/talkpal.ai\/lt\/anglu-kalbos-gramatika\/#breadcrumb"},"inLanguage":"lt-LT","potentialAction":[{"@type":"ReadAction","target":["https:\/\/talkpal.ai\/lt\/anglu-kalbos-gramatika\/"]}]},{"@type":"ImageObject","inLanguage":"lt-LT","@id":"https:\/\/talkpal.ai\/lt\/anglu-kalbos-gramatika\/#primaryimage","url":"https:\/\/talkpal.ai\/wp-content\/uploads\/2023\/03\/united-kingdom.png","contentUrl":"https:\/\/talkpal.ai\/wp-content\/uploads\/2023\/03\/united-kingdom.png","width":512,"height":512,"caption":"TalkPal AI learn English"},{"@type":"BreadcrumbList","@id":"https:\/\/talkpal.ai\/lt\/anglu-kalbos-gramatika\/#breadcrumb","itemListElement":[{"@type":"ListItem","position":1,"name":"Homepage","item":"https:\/\/talkpal.ai\/lt\/"},{"@type":"ListItem","position":2,"name":"Angl\u0173 kalbos gramatika"}]},{"@type":"WebSite","@id":"https:\/\/talkpal.ai\/lt\/#website","url":"https:\/\/talkpal.ai\/lt\/","name":"Talkpal","description":"AI Language Learning","publisher":{"@id":"https:\/\/talkpal.ai\/lt\/#organization"},"alternateName":"Talkpal AI","potentialAction":[{"@type":"SearchAction","target":{"@type":"EntryPoint","urlTemplate":"https:\/\/talkpal.ai\/lt\/?s={search_term_string}"},"query-input":{"@type":"PropertyValueSpecification","valueRequired":true,"valueName":"search_term_string"}}],"inLanguage":"lt-LT"},{"@type":"Organization","@id":"https:\/\/talkpal.ai\/lt\/#organization","name":"Talkpal, Inc.","alternateName":"Talkpal AI","url":"https:\/\/talkpal.ai\/lt\/","logo":{"@type":"ImageObject","inLanguage":"lt-LT","@id":"https:\/\/talkpal.ai\/lt\/#\/schema\/logo\/image\/","url":"https:\/\/talkpal.ai\/wp-content\/uploads\/2024\/03\/Talkpal-Logo-Icon.png","contentUrl":"https:\/\/talkpal.ai\/wp-content\/uploads\/2024\/03\/Talkpal-Logo-Icon.png","width":2880,"height":2880,"caption":"Talkpal, Inc."},"image":{"@id":"https:\/\/talkpal.ai\/lt\/#\/schema\/logo\/image\/"},"sameAs":["https:\/\/www.facebook.com\/profile.php?id=100090733639311","https:\/\/x.com\/talkpalai","https:\/\/www.linkedin.com\/company\/talkpal\/","https:\/\/www.youtube.com\/@TalkPal\/","https:\/\/www.tiktok.com\/@talkpal","https:\/\/www.instagram.com\/talkpal_ai\/","https:\/\/www.crunchbase.com\/organization\/talkpal-9cde","https:\/\/www.g2.com\/products\/talkpal-for-business\/","https:\/\/www.trustpilot.com\/review\/talkpal.ai","https:\/\/www.capterra.com\/p\/10006800\/TalkPal\/"],"description":"Talkpal is a language learning web and mobile education app, powered by the latest AI technologies, that provides engaging experiences to its customers in many different languages to help them improve their language skills. Users can chat about unlimited amount of topics with the app and use other modes to practice their language learning.","email":"support@talkpal.ai","legalName":"Talkpal, Inc.","foundingDate":"2023-04-03","duns":"118989042","numberOfEmployees":{"@type":"QuantitativeValue","minValue":"11","maxValue":"50"},"publishingPrinciples":"https:\/\/talkpal.ai\/publishing-principles\/","actionableFeedbackPolicy":"https:\/\/talkpal.ai\/actionable-feedback-policy\/","correctionsPolicy":"https:\/\/talkpal.ai\/corrections-policy\/","ethicsPolicy":"https:\/\/talkpal.ai\/ethics-policy\/","diversityPolicy":"https:\/\/talkpal.ai\/diversity-policy\/","diversityStaffingReport":"https:\/\/talkpal.ai\/diversity-policy\/"}]}},"_links":{"self":[{"href":"https:\/\/talkpal.ai\/lt\/wp-json\/wp\/v2\/pages\/91797","targetHints":{"allow":["GET"]}}],"collection":[{"href":"https:\/\/talkpal.ai\/lt\/wp-json\/wp\/v2\/pages"}],"about":[{"href":"https:\/\/talkpal.ai\/lt\/wp-json\/wp\/v2\/types\/page"}],"author":[{"embeddable":true,"href":"https:\/\/talkpal.ai\/lt\/wp-json\/wp\/v2\/users\/1"}],"replies":[{"embeddable":true,"href":"https:\/\/talkpal.ai\/lt\/wp-json\/wp\/v2\/comments?post=91797"}],"version-history":[{"count":0,"href":"https:\/\/talkpal.ai\/lt\/wp-json\/wp\/v2\/pages\/91797\/revisions"}],"wp:featuredmedia":[{"embeddable":true,"href":"https:\/\/talkpal.ai\/lt\/wp-json\/wp\/v2\/media\/64506"}],"wp:attachment":[{"href":"https:\/\/talkpal.ai\/lt\/wp-json\/wp\/v2\/media?parent=91797"}],"curies":[{"name":"wp","href":"https:\/\/api.w.org\/{rel}","templated":true}]}}