{"id":75108,"date":"2023-05-14T14:10:42","date_gmt":"2023-05-14T14:10:42","guid":{"rendered":"http:\/\/talkpal.ai\/lietuviu-kalbos-gramatika\/"},"modified":"2025-12-12T10:43:21","modified_gmt":"2025-12-12T10:43:21","slug":"lietuviu-kalbos-gramatika","status":"publish","type":"page","link":"https:\/\/talkpal.ai\/lt\/lietuviu-kalbos-gramatika\/","title":{"rendered":"Lietuvi\u0173 kalbos gramatika"},"content":{"rendered":"\r\n\r\n\r\n<section class=\"languageChallengeSection\">\r\n    <div class=\"languageInfoWrapper\">\r\n        \r\n        <h1>Lietuvi\u0173 kalbos gramatika<\/h1>\r\n        <p>Prad\u0117kite kelion\u0119 \u012f <a href=\"https:\/\/talkpal.ai\/learn-lithuanian\/\">lietuvi\u0173<\/a> <a href=\"https:\/\/talkpal.ai\/what-language-is-spoken-on-the-international-space-station\/\">kalbos<\/a> gramatik\u0105 ir atraskite vien\u0105 seniausi\u0173 ir \u012fdomiausi\u0173 Europos kalb\u0173. Su\u017einokite svarbiausias taisykles ir modelius, kad sukurtum\u0117te tvirt\u0105 kalbos pagrind\u0105. Pasinerkite dabar ir prad\u0117kite <a href=\"https:\/\/talkpal.ai\/bs\/nauci-litvanski\/\">mokytis lietuvi\u0173<\/a> kalbos jau \u0161iandien!<\/p>\r\n\r\n                            <a class=\"getStartedHidden\" href=\"https:\/\/app.talkpal.ai\/lt\/signup?lng=\">Prad\u0117k<\/a>\r\n        \r\n    <\/div>\r\n\r\n    <figure>\r\n    <img decoding=\"async\" width=\"768\" height=\"768\" src=\"https:\/\/talkpal.ai\/wp-content\/uploads\/2023\/06\/lithuenian-768x768.png\" class=\"languageImage no-lazy\" alt=\"Language learning for boosting creativity\" fetchpriority=\"high\" sizes=\"(max-width: 768px) 150px, 768px\" srcset=\"https:\/\/talkpal.ai\/wp-content\/uploads\/2023\/06\/lithuenian-768x768.png 768w, https:\/\/talkpal.ai\/wp-content\/uploads\/2023\/06\/lithuenian-300x300.png 300w\" \/>\r\n    \r\n\r\n    <\/figure>\r\n\r\n            <a class=\"getStartedVisible\" href=\"https:\/\/app.talkpal.ai\/lt\/signup?lng=\">Prad\u0117k<\/a>\r\n    \r\n<\/section>\r\n<section class=\"promotionalBanner\">\r\n    <p class=\"promotionalText\">Efektyviausias b\u016bdas mokytis kalbos<\/p>\r\n    <a class=\"promotionalLink\" href=\"https:\/\/app.talkpal.ai\/lt\/signup?lng=\">I\u0161bandykite Talkpal &#8221; nemokamai<\/a>\r\n<\/section>\n<div class=\"wp-block-group pageContainerStyle\"><div class=\"wp-block-group__inner-container is-layout-constrained wp-block-group-is-layout-constrained\">\n<h2 class=\"wp-block-heading\" id=\"h-lithuanian-grammar-a-fascinating-journey-through-language\">Lietuvi\u0173 kalbos gramatika: \u012fsp\u016bdinga kelion\u0117 per kalb\u0105<\/h2>\n\n\n\n<p>Ar kada nors svarst\u0117te mokytis lietuvi\u0173 kalbos, ar tiesiog susidom\u0117jote jos unikalia <a href=\"https:\/\/talkpal.ai\/sq\/gramatika\/\">gramatika<\/a>? K\u0105 gi, j\u016bs\u0173 laukia malonumas! <a href=\"https:\/\/talkpal.ai\/lt\/grammar\/misrios-salygos-anglu-kalbos-gramatikoje\/\">Lietuvi\u0173 kalbos gramatika<\/a> i\u0161 prad\u017ei\u0173 gali atrodyti savoti\u0161ka, ta\u010diau nesuklyskite \u2013 ji demonstruoja i\u0161skirtin\u0119 kalbin\u0119 logik\u0105. \u0160iame straipsnyje atskleisime \u012fvairius lietuvi\u0173 kalbos gramatikos aspektus, \u012fgalindami \u012fvertinti jos \u017eaves\u012f.<\/p>\n\n\n\n<p>Pirma, trumpas fonas: <a href=\"https:\/\/talkpal.ai\/hr\/ucite-litavski\/\">lietuvi\u0173 kalba<\/a> yra balt\u0173 kalba, kuria daugiausia kalbama Lietuvoje, bet taip pat sutinkama kaimynin\u0117se \u0161alyse. Kaip viena i\u0161 seniausi\u0173 gyv\u0173 indoeuropie\u010di\u0173 kalb\u0173, ji i\u0161laiko archaji\u0161kus bruo\u017eus, suteikdama \u012f\u017evalg\u0173 apie kit\u0173 kalb\u0173 raid\u0105 kalb\u0173 \u0161eimoje. D\u0117l \u0161ios istorin\u0117s reik\u0161m\u0117s lietuvi\u0173 kalba ypa\u010d \u017eavi kalbos myl\u0117tojus.<\/p>\n\n\n\n<p>Dabar panagrin\u0117kime <a href=\"https:\/\/talkpal.ai\/locations\/language-courses-in-kai\/\">kai<\/a> kuriuos pagrindinius lietuvi\u0173 kalbos gramatikos aspektus.<\/p>\n\n\n\n<h3 class=\"wp-block-heading\" id=\"h-1-nouns-cases-and-declensions\">1. Daiktavard\u017eiai, atvejai ir declensijos<\/h3>\n\n\n\n<p>Vienas ry\u0161kiausi\u0173 lietuvi\u0173 kalbos gramatikos bruo\u017e\u0173 \u2013 sud\u0117tinga atvej\u0173 sistema. Daiktavard\u017eiai priima skirtingas formas, priklausomai nuo j\u0173 funkcijos sakinyje ir nuo to, ar jie atspindi veiksmo objekt\u0105, objekt\u0105 ar gav\u0117j\u0105. Lietuvi\u0173 kalboje yra septyni atvejai: nominacinis, kilminis, dative, akustinis, instrumentinis, lokacinis ir garsinis.<\/p>\n\n\n\n<p>Kaip pavyzd\u012f paimkime daiktavard\u012f &#8222;vaikas&#8221;. Jis gali virsti vaiko, vaikui, vaikui, vaik\u0105 ir t. t., priklausomai nuo to, kok\u012f vaidmen\u012f sakinyje jis atlieka. Be to, gal\u016bn\u0117s priklauso nuo daiktavard\u017eio gimin\u0117s (vyri\u0161kosios ar moteri\u0161kosios) ir dar labiau skirstomos \u012f gal\u016bnes, tod\u0117l kalba yra dar universalesn\u0117.<\/p>\n\n\n\n<h3 class=\"wp-block-heading\" id=\"h-2-verb-conjugation-and-tenses\">2. Veiksma\u017eod\u017ei\u0173 konjugacija ir laikai<\/h3>\n\n\n\n<p>Lietuvi\u0161ki veiksma\u017eod\u017eiai kei\u010dia savo gal\u016bnes priklausomai nuo dalyko asmens ir skai\u010diaus (vienaskaitos ar daugiskaitos). Pavyzd\u017eiui, veiksma\u017eodis eiti gali b\u016bti einu, einate, eina, eina, eina, eina, eina, eina, eina, eina, eina, eina, einu, einu, einu, einu, einu, einu, einu, einu, einu, einu, einu, einu, einu, einu, einu, einu.<\/p>\n\n\n\n<p>Lietuvi\u0173 kalba turi keturis pagrindinius laikus: dabart\u012f, praeit\u012f, praeit\u012f ir ateit\u012f. \u012edomu tai, kad kalba taip pat turi aspekt\u0173 \u017eymenis: tobul\u0105 ir netobul\u0105. \u0160ie \u017eymekliai suteikia papildomos informacijos apie tai, ar veiksmas baigtas, ar vykdomas. Pavyzd\u017eiui, &#8222;ne\u0161ti&#8221; (ne\u0161ti &#8211; imperfektas) ir &#8222;nat&#8221; (ne\u0161ti &#8211; perfektas).<\/p>\n\n\n\n<h3 class=\"wp-block-heading\" id=\"h-3-sentence-structure-and-word-order\">3. Sakinio strukt\u016bra ir \u017eod\u017ei\u0173 tvarka<\/h3>\n\n\n\n<p>Nors lietuvi\u0173 kalba paprastai laikosi SVO (subjektas-veiksma\u017eodis-objektas) \u017eod\u017ei\u0173 tvarkos, jos atvej\u0173 sistema suteikia nema\u017eai lankstumo. Kitaip nei angl\u0173 kalboje, kur \u017eod\u017ei\u0173 tvarka paprastai lemia sakinio prasm\u0119, lietuvi\u0173 kalboje \u017eod\u017ei\u0173 keitimas nekei\u010dia sakinio prasm\u0117s. Pavyzd\u017eiui, &#8222;kat\u0117 valgo \u017euv\u012f&#8221; (kat\u0117 valgo \u017euv\u012f) taip pat gali b\u016bti &#8222;\u017euv\u012f valgo kat\u0117&#8221;, neprarandant ir nekei\u010diant reik\u0161m\u0117s.<\/p>\n\n\n\n<p>\u0160is lankstumas leid\u017eia \u017eaisti su sakinio strukt\u016bra, pabr\u0117\u017eti tam tikrus elementus arba generuoti niuansus, kai labiau \u012fgudote kalb\u0105.<\/p>\n\n\n\n<h3 class=\"wp-block-heading\" id=\"h-4-adjectives-adverbs-and-agreement-rules\">4. B\u016bdvard\u017eiai, prieveiksmiai ir susitarimo taisykl\u0117s<\/h3>\n\n\n\n<p>Kaip ir daugelyje kalb\u0173, b\u016bdvard\u017eiai ir prieveiksmiai lietuvi\u0173 kalboje apib\u016bdina daiktavard\u017eius ir veiksma\u017eod\u017eius, ta\u010diau jie taip pat vadovaujasi konkre\u010diomis susitarimo taisykl\u0117mis. Vis\u0173 pirma, b\u016bdvard\u017eiai turi sutikti su daiktavard\u017eiu, kur\u012f jie kei\u010dia atveju, lytimi ir skai\u010diumi. Kai suvoksite daiktavard\u017ei\u0173 atvejus ir veiksma\u017eod\u017ei\u0173 konjugacijas, \u0161ios taisykl\u0117s ateis nat\u016braliau.<\/p>\n\n\n\n<p>Taigi, ar esate pasireng\u0119s pasinerti \u012f lietuvi\u0173 kalbos gramatik\u0105? Su atkaklumu, atsidavimu ir tinkamais i\u0161tekliais lietuvi\u0173 kalbos mokymasis, turtingas istorija ir kult\u016bros paveldu, yra nepaprastai naudinga patirtis. Spr\u0119skite kalb\u0105 \u017eingsnis po \u017eingsnio, praktikuokite nuosekliai ir b\u016bkite atviri mokymuisi i\u0161 savo klaid\u0173. S\u0117km\u0117s! (S\u0117km\u0117s!)<\/p>\n<\/div><\/div>\n\r\n<section class=\"learnNavigationSection\">\r\n            \r\n        <a href=\"https:\/\/talkpal.ai\/lt\/mokytis-lietuviu-kalbos\/\">\r\n            <div class=\"learnNavigationWrapper\">\r\n                <div class=\"learnNavigationContent\">\r\n                    <img decoding=\"async\" src=\"https:\/\/talkpal.ai\/wp-content\/uploads\/2024\/08\/Lithuanian.jpg\" alt=\"Lithuanian Flag\">\r\n                    <div>\r\n                        <h4>Apie lietuvi\u0173 kalbos mokym\u0105si<\/h4>\r\n                        <p>Su\u017einokite visk\u0105 apie lietuvi\u0173 kalb\u0105 gramatika.<\/p>\r\n                    <\/div>\r\n                <\/div>\r\n            <\/div>\r\n        <\/a>\r\n\r\n        \r\n        <a href=\"https:\/\/talkpal.ai\/lt\/lietuviu-kalbos-gramatikos-pratimai\/\">\r\n            <div class=\"learnNavigationWrapper\">\r\n                <div class=\"learnNavigationContent\">\r\n                    <img decoding=\"async\" src=\"https:\/\/talkpal.ai\/wp-content\/uploads\/2024\/08\/Lithuanian.jpg\" alt=\"Lithuanian Flag\">\r\n                    <div>\r\n                        <h4>Lietuvi\u0173 kalbos gramatikos pratybos<\/h4>\r\n                        <p>Praktika lietuvi\u0173 kalba gramatika.<\/p>\r\n                    <\/div>\r\n                <\/div>\r\n            <\/div>\r\n        <\/a>\r\n\r\n        \r\n        <a href=\"https:\/\/talkpal.ai\/vocabulary_language\/lithuanian\/\">\r\n            <div class=\"learnNavigationWrapper\">\r\n                <div class=\"learnNavigationContent\">\r\n                    <img decoding=\"async\" src=\"https:\/\/talkpal.ai\/wp-content\/uploads\/2024\/08\/Lithuanian.jpg\" alt=\"Lithuanian Flag\">\r\n                    <div>\r\n                        <h4>Lietuvi\u0173 kalbos \u017eodynas<\/h4>\r\n                        <p>Prapl\u0117skite savo lietuvi\u0173 kalbos \u017eodyn\u0105.<\/p>\r\n                    <\/div>\r\n                <\/div>\r\n            <\/div>\r\n        <\/a>\r\n\r\n            <\/section>","protected":false},"excerpt":{"rendered":"<p>Lietuvi\u0173 kalbos gramatika: \u012fsp\u016bdinga kelion\u0117 per kalb\u0105 Ar kada nors svarst\u0117te mokytis lietuvi\u0173 kalbos, ar tiesiog susidom\u0117jote jos unikalia gramatika? K\u0105 gi, j\u016bs\u0173 laukia malonumas! Lietuvi\u0173 kalbos gramatika i\u0161 prad\u017ei\u0173 gali atrodyti savoti\u0161ka, ta\u010diau nesuklyskite \u2013 ji demonstruoja i\u0161skirtin\u0119 kalbin\u0119 logik\u0105. \u0160iame straipsnyje atskleisime \u012fvairius lietuvi\u0173 kalbos gramatikos aspektus, \u012fgalindami \u012fvertinti jos \u017eaves\u012f. Pirma, trumpas [&hellip;]<\/p>\n","protected":false},"author":1,"featured_media":64152,"parent":0,"menu_order":0,"comment_status":"closed","ping_status":"closed","template":"LearningContentPage.php","meta":{"_acf_changed":false,"footnotes":""},"class_list":["post-75108","page","type-page","status-publish","has-post-thumbnail","hentry"],"acf":[],"yoast_head":"<!-- This site is optimized with the Yoast SEO Premium plugin v27.2 (Yoast SEO v27.2) - https:\/\/yoast.com\/product\/yoast-seo-premium-wordpress\/ -->\n<title>Lietuvi\u0173 kalbos gramatika - Talkpal<\/title>\n<meta name=\"description\" content=\"Su\u017einokite, kaip lietuvi\u0173 kalbos gramatika atspindi istorin\u012f turtingum\u0105 ir logik\u0105, tod\u0117l ji puikiai tinka kalbos m\u0117g\u0117jams.\" \/>\n<meta name=\"robots\" content=\"index, follow, max-snippet:-1, max-image-preview:large, max-video-preview:-1\" \/>\n<link rel=\"canonical\" href=\"https:\/\/talkpal.ai\/lt\/lietuviu-kalbos-gramatika\/\" \/>\n<meta property=\"og:locale\" content=\"lt_LT\" \/>\n<meta property=\"og:type\" content=\"article\" \/>\n<meta property=\"og:title\" content=\"Lietuvi\u0173 kalbos gramatika\" \/>\n<meta property=\"og:description\" content=\"Lietuvi\u0173 kalbos gramatika: \u012fsp\u016bdinga kelion\u0117 per kalb\u0105 Ar kada nors svarst\u0117te mokytis lietuvi\u0173 kalbos, ar tiesiog susidom\u0117jote jos unikalia gramatika? K\u0105\" \/>\n<meta property=\"og:url\" content=\"https:\/\/talkpal.ai\/lt\/lietuviu-kalbos-gramatika\/\" \/>\n<meta property=\"og:site_name\" content=\"Talkpal\" \/>\n<meta property=\"article:publisher\" content=\"https:\/\/www.facebook.com\/profile.php?id=100090733639311\" \/>\n<meta property=\"article:modified_time\" content=\"2025-12-12T10:43:21+00:00\" \/>\n<meta property=\"og:image\" content=\"https:\/\/talkpal.ai\/wp-content\/uploads\/2023\/05\/Lithuanian.png\" \/>\n\t<meta property=\"og:image:width\" content=\"512\" \/>\n\t<meta property=\"og:image:height\" content=\"512\" \/>\n\t<meta property=\"og:image:type\" content=\"image\/png\" \/>\n<meta name=\"twitter:card\" content=\"summary_large_image\" \/>\n<meta name=\"twitter:site\" content=\"@talkpalai\" \/>\n<meta name=\"twitter:label1\" content=\"Est. reading time\" \/>\n\t<meta name=\"twitter:data1\" content=\"3 minut\u0117s\" \/>\n<script type=\"application\/ld+json\" class=\"yoast-schema-graph\">{\"@context\":\"https:\/\/schema.org\",\"@graph\":[{\"@type\":\"WebPage\",\"@id\":\"https:\/\/talkpal.ai\/lt\/lietuviu-kalbos-gramatika\/\",\"url\":\"https:\/\/talkpal.ai\/lt\/lietuviu-kalbos-gramatika\/\",\"name\":\"Lietuvi\u0173 kalbos gramatika - Talkpal\",\"isPartOf\":{\"@id\":\"https:\/\/talkpal.ai\/lt\/#website\"},\"primaryImageOfPage\":{\"@id\":\"https:\/\/talkpal.ai\/lt\/lietuviu-kalbos-gramatika\/#primaryimage\"},\"image\":{\"@id\":\"https:\/\/talkpal.ai\/lt\/lietuviu-kalbos-gramatika\/#primaryimage\"},\"thumbnailUrl\":\"https:\/\/talkpal.ai\/wp-content\/uploads\/2023\/05\/Lithuanian.png\",\"datePublished\":\"2023-05-14T14:10:42+00:00\",\"dateModified\":\"2025-12-12T10:43:21+00:00\",\"description\":\"Su\u017einokite, kaip lietuvi\u0173 kalbos gramatika atspindi istorin\u012f turtingum\u0105 ir logik\u0105, tod\u0117l ji puikiai tinka kalbos m\u0117g\u0117jams.\",\"breadcrumb\":{\"@id\":\"https:\/\/talkpal.ai\/lt\/lietuviu-kalbos-gramatika\/#breadcrumb\"},\"inLanguage\":\"lt-LT\",\"potentialAction\":[{\"@type\":\"ReadAction\",\"target\":[\"https:\/\/talkpal.ai\/lt\/lietuviu-kalbos-gramatika\/\"]}]},{\"@type\":\"ImageObject\",\"inLanguage\":\"lt-LT\",\"@id\":\"https:\/\/talkpal.ai\/lt\/lietuviu-kalbos-gramatika\/#primaryimage\",\"url\":\"https:\/\/talkpal.ai\/wp-content\/uploads\/2023\/05\/Lithuanian.png\",\"contentUrl\":\"https:\/\/talkpal.ai\/wp-content\/uploads\/2023\/05\/Lithuanian.png\",\"width\":512,\"height\":512},{\"@type\":\"BreadcrumbList\",\"@id\":\"https:\/\/talkpal.ai\/lt\/lietuviu-kalbos-gramatika\/#breadcrumb\",\"itemListElement\":[{\"@type\":\"ListItem\",\"position\":1,\"name\":\"Homepage\",\"item\":\"https:\/\/talkpal.ai\/lt\/\"},{\"@type\":\"ListItem\",\"position\":2,\"name\":\"Lietuvi\u0173 kalbos gramatika\"}]},{\"@type\":\"WebSite\",\"@id\":\"https:\/\/talkpal.ai\/lt\/#website\",\"url\":\"https:\/\/talkpal.ai\/lt\/\",\"name\":\"Talkpal\",\"description\":\"AI Language Learning\",\"publisher\":{\"@id\":\"https:\/\/talkpal.ai\/lt\/#organization\"},\"alternateName\":\"Talkpal AI\",\"potentialAction\":[{\"@type\":\"SearchAction\",\"target\":{\"@type\":\"EntryPoint\",\"urlTemplate\":\"https:\/\/talkpal.ai\/lt\/?s={search_term_string}\"},\"query-input\":{\"@type\":\"PropertyValueSpecification\",\"valueRequired\":true,\"valueName\":\"search_term_string\"}}],\"inLanguage\":\"lt-LT\"},{\"@type\":\"Organization\",\"@id\":\"https:\/\/talkpal.ai\/lt\/#organization\",\"name\":\"Talkpal, Inc.\",\"alternateName\":\"Talkpal AI\",\"url\":\"https:\/\/talkpal.ai\/lt\/\",\"logo\":{\"@type\":\"ImageObject\",\"inLanguage\":\"lt-LT\",\"@id\":\"https:\/\/talkpal.ai\/lt\/#\/schema\/logo\/image\/\",\"url\":\"https:\/\/talkpal.ai\/wp-content\/uploads\/2024\/03\/Talkpal-Logo-Icon.png\",\"contentUrl\":\"https:\/\/talkpal.ai\/wp-content\/uploads\/2024\/03\/Talkpal-Logo-Icon.png\",\"width\":2880,\"height\":2880,\"caption\":\"Talkpal, Inc.\"},\"image\":{\"@id\":\"https:\/\/talkpal.ai\/lt\/#\/schema\/logo\/image\/\"},\"sameAs\":[\"https:\/\/www.facebook.com\/profile.php?id=100090733639311\",\"https:\/\/x.com\/talkpalai\",\"https:\/\/www.linkedin.com\/company\/talkpal\/\",\"https:\/\/www.youtube.com\/@TalkPal\/\",\"https:\/\/www.tiktok.com\/@talkpal\",\"https:\/\/www.instagram.com\/talkpal_ai\/\",\"https:\/\/www.crunchbase.com\/organization\/talkpal-9cde\",\"https:\/\/www.g2.com\/products\/talkpal-for-business\/\",\"https:\/\/www.trustpilot.com\/review\/talkpal.ai\",\"https:\/\/www.capterra.com\/p\/10006800\/TalkPal\/\"],\"description\":\"Talkpal is a language learning web and mobile education app, powered by the latest AI technologies, that provides engaging experiences to its customers in many different languages to help them improve their language skills. Users can chat about unlimited amount of topics with the app and use other modes to practice their language learning.\",\"email\":\"support@talkpal.ai\",\"legalName\":\"Talkpal, Inc.\",\"foundingDate\":\"2023-04-03\",\"duns\":\"118989042\",\"numberOfEmployees\":{\"@type\":\"QuantitativeValue\",\"minValue\":\"11\",\"maxValue\":\"50\"},\"publishingPrinciples\":\"https:\/\/talkpal.ai\/publishing-principles\/\",\"actionableFeedbackPolicy\":\"https:\/\/talkpal.ai\/actionable-feedback-policy\/\",\"correctionsPolicy\":\"https:\/\/talkpal.ai\/corrections-policy\/\",\"ethicsPolicy\":\"https:\/\/talkpal.ai\/ethics-policy\/\",\"diversityPolicy\":\"https:\/\/talkpal.ai\/diversity-policy\/\",\"diversityStaffingReport\":\"https:\/\/talkpal.ai\/diversity-policy\/\"}]}<\/script>\n<!-- \/ Yoast SEO Premium plugin. -->","yoast_head_json":{"title":"Lietuvi\u0173 kalbos gramatika - Talkpal","description":"Su\u017einokite, kaip lietuvi\u0173 kalbos gramatika atspindi istorin\u012f turtingum\u0105 ir logik\u0105, tod\u0117l ji puikiai tinka kalbos m\u0117g\u0117jams.","robots":{"index":"index","follow":"follow","max-snippet":"max-snippet:-1","max-image-preview":"max-image-preview:large","max-video-preview":"max-video-preview:-1"},"canonical":"https:\/\/talkpal.ai\/lt\/lietuviu-kalbos-gramatika\/","og_locale":"lt_LT","og_type":"article","og_title":"Lietuvi\u0173 kalbos gramatika","og_description":"Lietuvi\u0173 kalbos gramatika: \u012fsp\u016bdinga kelion\u0117 per kalb\u0105 Ar kada nors svarst\u0117te mokytis lietuvi\u0173 kalbos, ar tiesiog susidom\u0117jote jos unikalia gramatika? K\u0105","og_url":"https:\/\/talkpal.ai\/lt\/lietuviu-kalbos-gramatika\/","og_site_name":"Talkpal","article_publisher":"https:\/\/www.facebook.com\/profile.php?id=100090733639311","article_modified_time":"2025-12-12T10:43:21+00:00","og_image":[{"width":512,"height":512,"url":"https:\/\/talkpal.ai\/wp-content\/uploads\/2023\/05\/Lithuanian.png","type":"image\/png"}],"twitter_card":"summary_large_image","twitter_site":"@talkpalai","twitter_misc":{"Est. reading time":"3 minut\u0117s"},"schema":{"@context":"https:\/\/schema.org","@graph":[{"@type":"WebPage","@id":"https:\/\/talkpal.ai\/lt\/lietuviu-kalbos-gramatika\/","url":"https:\/\/talkpal.ai\/lt\/lietuviu-kalbos-gramatika\/","name":"Lietuvi\u0173 kalbos gramatika - Talkpal","isPartOf":{"@id":"https:\/\/talkpal.ai\/lt\/#website"},"primaryImageOfPage":{"@id":"https:\/\/talkpal.ai\/lt\/lietuviu-kalbos-gramatika\/#primaryimage"},"image":{"@id":"https:\/\/talkpal.ai\/lt\/lietuviu-kalbos-gramatika\/#primaryimage"},"thumbnailUrl":"https:\/\/talkpal.ai\/wp-content\/uploads\/2023\/05\/Lithuanian.png","datePublished":"2023-05-14T14:10:42+00:00","dateModified":"2025-12-12T10:43:21+00:00","description":"Su\u017einokite, kaip lietuvi\u0173 kalbos gramatika atspindi istorin\u012f turtingum\u0105 ir logik\u0105, tod\u0117l ji puikiai tinka kalbos m\u0117g\u0117jams.","breadcrumb":{"@id":"https:\/\/talkpal.ai\/lt\/lietuviu-kalbos-gramatika\/#breadcrumb"},"inLanguage":"lt-LT","potentialAction":[{"@type":"ReadAction","target":["https:\/\/talkpal.ai\/lt\/lietuviu-kalbos-gramatika\/"]}]},{"@type":"ImageObject","inLanguage":"lt-LT","@id":"https:\/\/talkpal.ai\/lt\/lietuviu-kalbos-gramatika\/#primaryimage","url":"https:\/\/talkpal.ai\/wp-content\/uploads\/2023\/05\/Lithuanian.png","contentUrl":"https:\/\/talkpal.ai\/wp-content\/uploads\/2023\/05\/Lithuanian.png","width":512,"height":512},{"@type":"BreadcrumbList","@id":"https:\/\/talkpal.ai\/lt\/lietuviu-kalbos-gramatika\/#breadcrumb","itemListElement":[{"@type":"ListItem","position":1,"name":"Homepage","item":"https:\/\/talkpal.ai\/lt\/"},{"@type":"ListItem","position":2,"name":"Lietuvi\u0173 kalbos gramatika"}]},{"@type":"WebSite","@id":"https:\/\/talkpal.ai\/lt\/#website","url":"https:\/\/talkpal.ai\/lt\/","name":"Talkpal","description":"AI Language Learning","publisher":{"@id":"https:\/\/talkpal.ai\/lt\/#organization"},"alternateName":"Talkpal AI","potentialAction":[{"@type":"SearchAction","target":{"@type":"EntryPoint","urlTemplate":"https:\/\/talkpal.ai\/lt\/?s={search_term_string}"},"query-input":{"@type":"PropertyValueSpecification","valueRequired":true,"valueName":"search_term_string"}}],"inLanguage":"lt-LT"},{"@type":"Organization","@id":"https:\/\/talkpal.ai\/lt\/#organization","name":"Talkpal, Inc.","alternateName":"Talkpal AI","url":"https:\/\/talkpal.ai\/lt\/","logo":{"@type":"ImageObject","inLanguage":"lt-LT","@id":"https:\/\/talkpal.ai\/lt\/#\/schema\/logo\/image\/","url":"https:\/\/talkpal.ai\/wp-content\/uploads\/2024\/03\/Talkpal-Logo-Icon.png","contentUrl":"https:\/\/talkpal.ai\/wp-content\/uploads\/2024\/03\/Talkpal-Logo-Icon.png","width":2880,"height":2880,"caption":"Talkpal, Inc."},"image":{"@id":"https:\/\/talkpal.ai\/lt\/#\/schema\/logo\/image\/"},"sameAs":["https:\/\/www.facebook.com\/profile.php?id=100090733639311","https:\/\/x.com\/talkpalai","https:\/\/www.linkedin.com\/company\/talkpal\/","https:\/\/www.youtube.com\/@TalkPal\/","https:\/\/www.tiktok.com\/@talkpal","https:\/\/www.instagram.com\/talkpal_ai\/","https:\/\/www.crunchbase.com\/organization\/talkpal-9cde","https:\/\/www.g2.com\/products\/talkpal-for-business\/","https:\/\/www.trustpilot.com\/review\/talkpal.ai","https:\/\/www.capterra.com\/p\/10006800\/TalkPal\/"],"description":"Talkpal is a language learning web and mobile education app, powered by the latest AI technologies, that provides engaging experiences to its customers in many different languages to help them improve their language skills. Users can chat about unlimited amount of topics with the app and use other modes to practice their language learning.","email":"support@talkpal.ai","legalName":"Talkpal, Inc.","foundingDate":"2023-04-03","duns":"118989042","numberOfEmployees":{"@type":"QuantitativeValue","minValue":"11","maxValue":"50"},"publishingPrinciples":"https:\/\/talkpal.ai\/publishing-principles\/","actionableFeedbackPolicy":"https:\/\/talkpal.ai\/actionable-feedback-policy\/","correctionsPolicy":"https:\/\/talkpal.ai\/corrections-policy\/","ethicsPolicy":"https:\/\/talkpal.ai\/ethics-policy\/","diversityPolicy":"https:\/\/talkpal.ai\/diversity-policy\/","diversityStaffingReport":"https:\/\/talkpal.ai\/diversity-policy\/"}]}},"_links":{"self":[{"href":"https:\/\/talkpal.ai\/lt\/wp-json\/wp\/v2\/pages\/75108","targetHints":{"allow":["GET"]}}],"collection":[{"href":"https:\/\/talkpal.ai\/lt\/wp-json\/wp\/v2\/pages"}],"about":[{"href":"https:\/\/talkpal.ai\/lt\/wp-json\/wp\/v2\/types\/page"}],"author":[{"embeddable":true,"href":"https:\/\/talkpal.ai\/lt\/wp-json\/wp\/v2\/users\/1"}],"replies":[{"embeddable":true,"href":"https:\/\/talkpal.ai\/lt\/wp-json\/wp\/v2\/comments?post=75108"}],"version-history":[{"count":0,"href":"https:\/\/talkpal.ai\/lt\/wp-json\/wp\/v2\/pages\/75108\/revisions"}],"wp:featuredmedia":[{"embeddable":true,"href":"https:\/\/talkpal.ai\/lt\/wp-json\/wp\/v2\/media\/64152"}],"wp:attachment":[{"href":"https:\/\/talkpal.ai\/lt\/wp-json\/wp\/v2\/media?parent=75108"}],"curies":[{"name":"wp","href":"https:\/\/api.w.org\/{rel}","templated":true}]}}