{"id":75103,"date":"2023-06-22T08:12:52","date_gmt":"2023-06-22T08:12:52","guid":{"rendered":"http:\/\/talkpal.ai\/lietuviu-kalbos-gramatikos-pratimai\/"},"modified":"2025-12-17T15:53:13","modified_gmt":"2025-12-17T15:53:13","slug":"lietuviu-kalbos-gramatikos-pratimai","status":"publish","type":"page","link":"https:\/\/talkpal.ai\/lt\/lietuviu-kalbos-gramatikos-pratimai\/","title":{"rendered":"Lietuvi\u0173 kalbos gramatikos pratimai"},"content":{"rendered":"\r\n\r\n\r\n<section class=\"languageChallengeSection\">\r\n    <div class=\"languageInfoWrapper\">\r\n        \r\n        <h1>Lietuvi\u0173 kalbos gramatikos pratimai<\/h1>\r\n        <p>Ar esate pasireng\u0119 pakelti <a href=\"https:\/\/talkpal.ai\/learn-lithuanian\/\">lietuvi\u0173<\/a> <a href=\"https:\/\/talkpal.ai\/what-language-is-spoken-on-the-international-space-station\/\">kalbos<\/a> lyg\u012f? Gramatikos pratimai yra puikus b\u016bdas \u012fsisavinti sakinio strukt\u016br\u0105, veiksma\u017eod\u017ei\u0173 formas ir unikalius <a href=\"https:\/\/talkpal.ai\/learn-lithuanian\/\">lietuvi\u0173<\/a> kalbos modelius. Prad\u0117kite tyrin\u0117ti lietuvi\u0173 kalbos gramatik\u0105 \u0161iandien ir steb\u0117kite, kaip su kiekvienu pratimu auga j\u016bs\u0173 \u012fg\u016bd\u017eiai ir pasitik\u0117jimas savimi!<\/p>\r\n\r\n                            <a class=\"getStartedHidden\" href=\"https:\/\/app.talkpal.ai\/lt\/signup?lng=\">Prad\u0117k<\/a>\r\n        \r\n    <\/div>\r\n\r\n    <figure>\r\n    <img decoding=\"async\" width=\"768\" height=\"768\" src=\"https:\/\/talkpal.ai\/wp-content\/uploads\/2023\/06\/lithuenian-768x768.png\" class=\"languageImage no-lazy\" alt=\"Language learning for boosting creativity\" fetchpriority=\"high\" sizes=\"(max-width: 768px) 150px, 768px\" srcset=\"https:\/\/talkpal.ai\/wp-content\/uploads\/2023\/06\/lithuenian-768x768.png 768w, https:\/\/talkpal.ai\/wp-content\/uploads\/2023\/06\/lithuenian-300x300.png 300w\" \/>\r\n    \r\n\r\n    <\/figure>\r\n\r\n            <a class=\"getStartedVisible\" href=\"https:\/\/app.talkpal.ai\/lt\/signup?lng=\">Prad\u0117k<\/a>\r\n    \r\n<\/section>\r\n\r\n\r\n<!-- <section class=\"grammarSection\">\r\n    <div class=\"grammarLinks\">\r\n            <\/div>\r\n<\/section> -->\r\n\r\n\r\n\r\n\r\n<section class=\"promotionalBanner\">\r\n    <p class=\"promotionalText\">Efektyviausias b\u016bdas mokytis kalbos<\/p>\r\n    <a class=\"promotionalLink\" href=\"https:\/\/app.talkpal.ai\/lt\/signup?lng=\">I\u0161bandykite Talkpal &#8221; nemokamai<\/a>\r\n<\/section>\n<div class=\"wp-block-group pageContainerStyle\"><div class=\"wp-block-group__inner-container is-layout-constrained wp-block-group-is-layout-constrained\">\n<h2 class=\"wp-block-heading\" id=\"h-lithuanian-grammar-topics\">Lietuvi\u0173 kalbos gramatikos temos<\/h2>\n\n\n\n<p><a href=\"https:\/\/talkpal.ai\/lt\/kaip-greitai-ir-efektyviai-mokytis-lietuviu-kalbos\/\">Lietuvi\u0173 kalbos mokymasis<\/a> yra ne tik unikali ir naudinga patirtis, bet ir atveria visi\u0161kai nauj\u0105 kult\u016brini\u0173 tyrin\u0117jim\u0173 pasaul\u012f. <a href=\"https:\/\/talkpal.ai\/hr\/ucite-litavski\/\">Lietuvi\u0173 kalba<\/a>, kaip balt\u0173 kalba, i\u0161laik\u0117 daug sen\u0173j\u0173 indoeuropie\u010di\u0173 kalb\u0173 bruo\u017e\u0173, tod\u0117l tapo svarbia kalba istorin\u0117ms ir kalbin\u0117ms studijoms. <a href=\"https:\/\/talkpal.ai\/lt\/grammar\/misrios-salygos-anglu-kalbos-gramatikoje\/\">Lietuvi\u0173 kalbos gramatika<\/a> gali atrodyti sud\u0117tinga, ta\u010diau suskaid\u017eius j\u0105 \u012f ma\u017eesnes temas ir i\u0161mokus jas logi\u0161ka seka, j\u016bs\u0173 kelion\u0117 taps sklandesn\u0117 ir malonesn\u0117. \u0160iame vadove lietuvi\u0173 kalbos gramatikos temas pateiksime tokia tvarka, kokia tur\u0117tum\u0117te jas i\u0161mokti, pateikdami trump\u0105 kiekvienos temos ap\u017evalg\u0105.<\/p>\n\n\n\n<h3 class=\"wp-block-heading\" id=\"h-1-nouns\">1. Daiktavard\u017eiai:<\/h3>\n\n\n\n<p>Daiktavard\u017eiai sudaro daugumos sakini\u0173 stubur\u0105, tod\u0117l prad\u0117kite mokytis daiktavard\u017ei\u0173 deklaracij\u0173 sistemos lietuvi\u0173 kalboje. Yra penki daiktavard\u017ei\u0173 declensionai, kuri\u0173 kiekvienas turi savo vienaskaitos ir daugiskaitos form\u0173 gal\u016bni\u0173 rinkin\u012f. Atkreipkite d\u0117mes\u012f \u012f daiktavard\u017ei\u0173 lyt\u012f, nes <a href=\"https:\/\/talkpal.ai\/learn-thai\/\">tai<\/a> tur\u0117s \u012ftakos gal\u016bn\u0117ms, naudojamoms declension.<\/p>\n\n\n\n<h3 class=\"wp-block-heading\" id=\"h-2-articles\">2. Straipsniai:<\/h3>\n\n\n\n<p>Skirtingai nei <a href=\"https:\/\/talkpal.ai\/learn-english-with-ai\/\">angl\u0173<\/a> kalba, <a href=\"https:\/\/talkpal.ai\/hr\/ucite-litavski\/\">lietuvi\u0173 kalba<\/a> neturi apibr\u0117\u017et\u0173j\u0173 ir neapibr\u0117\u017et\u0173j\u0173 nari\u0173, tod\u0117l tur\u0117site vienu gramatikos elementu ma\u017eiau r\u016bpes\u010di\u0173!<\/p>\n\n\n\n<h3 class=\"wp-block-heading\" id=\"h-3-adjectives\">3. B\u016bdvard\u017eiai:<\/h3>\n\n\n\n<p>B\u016bdvard\u017eiai sutinka su daiktavard\u017eiais lytimi, atveju ir skai\u010diumi. Su\u017einokite \u012fvairias b\u016bdvard\u017ei\u0173 gal\u016bnes ir kaip jos kei\u010diasi priklausomai nuo daiktavard\u017eio, kur\u012f jie kei\u010dia.<\/p>\n\n\n\n<h3 class=\"wp-block-heading\" id=\"h-4-pronouns-determiners\">4. \u012evard\u017eiai\/determinantai:<\/h3>\n\n\n\n<p>Kaip ir kitose kalbose, \u012fvard\u017eiai ir determinantai padeda u\u017etikrinti sakini\u0173 ai\u0161kum\u0105 ir specifi\u0161kum\u0105. Su\u017einokite apie \u012fvairius \u012fvard\u017ei\u0173 ir determinant\u0173 tipus, \u012fvairias j\u0173 formas ir vartosen\u0105 lietuvi\u0173 kalba.<\/p>\n\n\n\n<h3 class=\"wp-block-heading\" id=\"h-5-verbs\">5. Veiksma\u017eod\u017eiai:<\/h3>\n\n\n\n<p>Veiksma\u017eod\u017eiai yra b\u016btini veiksmams ir b\u016bties b\u016bsenoms perteikti. Prad\u0117kite nuo dabartin\u0117s \u012ftampos, o tada pereikite prie praeities ir ateities laik\u0173. Atkreipkite d\u0117mes\u012f \u012f konjugacijos modelius, taip pat \u012f netaisyklingus veiksma\u017eod\u017eius.<\/p>\n\n\n\n<h3 class=\"wp-block-heading\" id=\"h-6-tense-comparison\">6. \u012etemptas palyginimas:<\/h3>\n\n\n\n<p>\u012evald\u0119 pagrindinius laikus, su\u017einokite, kaip juos palyginti ir suprasti j\u0173 naudojimo niuansus. Tai apima supratim\u0105 apie skirtumus tarp paprast\u0173 ir sud\u0117tini\u0173 laik\u0173, taip pat tobul\u0105 progresyvi\u0105 \u012ftamp\u0105.<\/p>\n\n\n\n<h3 class=\"wp-block-heading\" id=\"h-7-progressive-and-perfect-progressive\">7. Progresyvus ir tobulas progresyvus:<\/h3>\n\n\n\n<p>Lietuvi\u0173 kalba neturi specifini\u0173 progresyvi\u0173 form\u0173, toki\u0173 kaip angl\u0173 kalba, ta\u010diau vykdomus ir u\u017ebaigtus veiksmus galite i\u0161reik\u0161ti konkre\u010diomis konstrukcijomis. Su\u017einokite apie \u0161ias konstrukcijas ir kaip jas efektyviai naudoti.<\/p>\n\n\n\n<h3 class=\"wp-block-heading\" id=\"h-8-adverbs\">8. Prieveiksmiai:<\/h3>\n\n\n\n<p>B\u016bdvard\u017eiai modifikuoja daiktavard\u017eius, o prieveiksmiai \u2013 veiksma\u017eod\u017eius, b\u016bdvard\u017eius ar kitus prieveiksmius. Su\u017einokite apie \u012fvairi\u0173 tip\u0173 prieveiksmius ir j\u0173 i\u0161d\u0117stym\u0105 sakiniuose.<\/p>\n\n\n\n<h3 class=\"wp-block-heading\" id=\"h-9-prepositions\">9. Prielinksniai:<\/h3>\n\n\n\n<p>Prielinksniai rodo ry\u0161\u012f tarp \u017eod\u017ei\u0173 sakinyje. Su\u017einokite apie \u012fvairius prielinksnius ir j\u0173 vartojim\u0105 skirtinguose kontekstuose.<\/p>\n\n\n\n<h3 class=\"wp-block-heading\" id=\"h-10-conditionals\">10. S\u0105lygos:<\/h3>\n\n\n\n<p>S\u0105lygos i\u0161rei\u0161kia hipotetines ar nerealias situacijas. Su\u017einokite apie skirtingus s\u0105lyg\u0173 tipus ir atitinkamas j\u0173 konstrukcijas lietuvi\u0173 kalba.<\/p>\n\n\n\n<h3 class=\"wp-block-heading\" id=\"h-11-sentences\">11. Sakiniai:<\/h3>\n\n\n\n<p>Galiausiai, visk\u0105 sujunkite mokydamiesi sakini\u0173 strukt\u016bros lietuvi\u0173 kalba. Suprasti pagrindin\u0119 \u017eod\u017ei\u0173 tvark\u0105 ir kaip j\u0105 galima pritaikyti pabr\u0117\u017eimui ar ai\u0161kumui. Pasipraktikuokite kurti sakinius naudodami visus iki \u0161iol i\u0161moktus gramatikos komponentus.<\/p>\n\n\n\n<p>Laikydamiesi \u0161ios tem\u0173 sekos, \u012fgysite tvirt\u0105 lietuvi\u0173 kalbos gramatikos supratim\u0105 ir b\u016bsite pakeliui \u012f skland\u0173 kalbos mokym\u0105si.<\/p>\n<\/div><\/div>\n\r\n<section class=\"learnNavigationSection\">\r\n            \r\n        <a href=\"https:\/\/talkpal.ai\/lt\/mokytis-lietuviu-kalbos\/\">\r\n            <div class=\"learnNavigationWrapper\">\r\n                <div class=\"learnNavigationContent\">\r\n                    <img decoding=\"async\" src=\"https:\/\/talkpal.ai\/wp-content\/uploads\/2024\/08\/Lithuanian.jpg\" alt=\"Lithuanian Flag\">\r\n                    <div>\r\n                        <h4>Apie lietuvi\u0173 kalbos mokym\u0105si<\/h4>\r\n                        <p>Su\u017einokite visk\u0105 apie lietuvi\u0173 kalb\u0105 gramatika.<\/p>\r\n                    <\/div>\r\n                <\/div>\r\n            <\/div>\r\n        <\/a>\r\n\r\n        \r\n        <a href=\"https:\/\/talkpal.ai\/lt\/lietuviu-kalbos-gramatika\/\">\r\n            <div class=\"learnNavigationWrapper\">\r\n                <div class=\"learnNavigationContent\">\r\n                    <img decoding=\"async\" src=\"https:\/\/talkpal.ai\/wp-content\/uploads\/2024\/08\/Lithuanian.jpg\" alt=\"Lithuanian Flag\">\r\n                    <div>\r\n                        <h4>Lietuvi\u0173 kalbos gramatikos pamokos<\/h4>\r\n                        <p>Praktika lietuvi\u0173 kalba gramatika.<\/p>\r\n                    <\/div>\r\n                <\/div>\r\n            <\/div>\r\n        <\/a>\r\n\r\n        \r\n        <a href=\"https:\/\/talkpal.ai\/vocabulary_language\/lithuanian\/\">\r\n            <div class=\"learnNavigationWrapper\">\r\n                <div class=\"learnNavigationContent\">\r\n                    <img decoding=\"async\" src=\"https:\/\/talkpal.ai\/wp-content\/uploads\/2024\/08\/Lithuanian.jpg\" alt=\"Lithuanian Flag\">\r\n                    <div>\r\n                        <h4>Lietuvi\u0173 kalbos \u017eodynas<\/h4>\r\n                        <p>Prapl\u0117skite savo lietuvi\u0173 kalbos \u017eodyn\u0105.<\/p>\r\n                    <\/div>\r\n                <\/div>\r\n            <\/div>\r\n        <\/a>\r\n\r\n            <\/section>","protected":false},"excerpt":{"rendered":"<p>Lietuvi\u0173 kalbos gramatikos temos Lietuvi\u0173 kalbos mokymasis yra ne tik unikali ir naudinga patirtis, bet ir atveria visi\u0161kai nauj\u0105 kult\u016brini\u0173 tyrin\u0117jim\u0173 pasaul\u012f. Lietuvi\u0173 kalba, kaip balt\u0173 kalba, i\u0161laik\u0117 daug sen\u0173j\u0173 indoeuropie\u010di\u0173 kalb\u0173 bruo\u017e\u0173, tod\u0117l tapo svarbia kalba istorin\u0117ms ir kalbin\u0117ms studijoms. Lietuvi\u0173 kalbos gramatika gali atrodyti sud\u0117tinga, ta\u010diau suskaid\u017eius j\u0105 \u012f ma\u017eesnes temas ir i\u0161mokus [&hellip;]<\/p>\n","protected":false},"author":6,"featured_media":64152,"parent":0,"menu_order":0,"comment_status":"closed","ping_status":"closed","template":"LearningContentPage.php","meta":{"_acf_changed":false,"footnotes":""},"class_list":["post-75103","page","type-page","status-publish","has-post-thumbnail","hentry"],"acf":[],"yoast_head":"<!-- This site is optimized with the Yoast SEO Premium plugin v27.2 (Yoast SEO v27.2) - https:\/\/yoast.com\/product\/yoast-seo-premium-wordpress\/ -->\n<title>Lietuvi\u0173 kalbos gramatikos pratimai - Talkpal<\/title>\n<meta name=\"description\" content=\"\u012esisavinkite kalbos subtilybes, naudodamiesi \u012fdomiais lietuvi\u0173 kalbos gramatikos pratimais, kurie pagerins j\u016bs\u0173 \u017einias.\" \/>\n<meta name=\"robots\" content=\"index, follow, max-snippet:-1, max-image-preview:large, max-video-preview:-1\" \/>\n<link rel=\"canonical\" href=\"https:\/\/talkpal.ai\/lt\/lietuviu-kalbos-gramatikos-pratimai\/\" \/>\n<meta property=\"og:locale\" content=\"lt_LT\" \/>\n<meta property=\"og:type\" content=\"article\" \/>\n<meta property=\"og:title\" content=\"Lietuvi\u0173 kalbos gramatikos pratimai\" \/>\n<meta property=\"og:description\" content=\"Lietuvi\u0173 kalbos gramatikos temos Lietuvi\u0173 kalbos mokymasis yra ne tik unikali ir naudinga patirtis, bet ir atveria visi\u0161kai nauj\u0105 kult\u016brini\u0173 tyrin\u0117jim\u0173\" \/>\n<meta property=\"og:url\" content=\"https:\/\/talkpal.ai\/lt\/lietuviu-kalbos-gramatikos-pratimai\/\" \/>\n<meta property=\"og:site_name\" content=\"Talkpal\" \/>\n<meta property=\"article:publisher\" content=\"https:\/\/www.facebook.com\/profile.php?id=100090733639311\" \/>\n<meta property=\"article:modified_time\" content=\"2025-12-17T15:53:13+00:00\" \/>\n<meta property=\"og:image\" content=\"https:\/\/talkpal.ai\/wp-content\/uploads\/2023\/05\/Lithuanian.png\" \/>\n\t<meta property=\"og:image:width\" content=\"512\" \/>\n\t<meta property=\"og:image:height\" content=\"512\" \/>\n\t<meta property=\"og:image:type\" content=\"image\/png\" \/>\n<meta name=\"twitter:card\" content=\"summary_large_image\" \/>\n<meta name=\"twitter:site\" content=\"@talkpalai\" \/>\n<meta name=\"twitter:label1\" content=\"Est. reading time\" \/>\n\t<meta name=\"twitter:data1\" content=\"2 minut\u0117s\" \/>\n<script type=\"application\/ld+json\" class=\"yoast-schema-graph\">{\"@context\":\"https:\/\/schema.org\",\"@graph\":[{\"@type\":\"WebPage\",\"@id\":\"https:\/\/talkpal.ai\/lt\/lietuviu-kalbos-gramatikos-pratimai\/\",\"url\":\"https:\/\/talkpal.ai\/lt\/lietuviu-kalbos-gramatikos-pratimai\/\",\"name\":\"Lietuvi\u0173 kalbos gramatikos pratimai - Talkpal\",\"isPartOf\":{\"@id\":\"https:\/\/talkpal.ai\/lt\/#website\"},\"primaryImageOfPage\":{\"@id\":\"https:\/\/talkpal.ai\/lt\/lietuviu-kalbos-gramatikos-pratimai\/#primaryimage\"},\"image\":{\"@id\":\"https:\/\/talkpal.ai\/lt\/lietuviu-kalbos-gramatikos-pratimai\/#primaryimage\"},\"thumbnailUrl\":\"https:\/\/talkpal.ai\/wp-content\/uploads\/2023\/05\/Lithuanian.png\",\"datePublished\":\"2023-06-22T08:12:52+00:00\",\"dateModified\":\"2025-12-17T15:53:13+00:00\",\"description\":\"\u012esisavinkite kalbos subtilybes, naudodamiesi \u012fdomiais lietuvi\u0173 kalbos gramatikos pratimais, kurie pagerins j\u016bs\u0173 \u017einias.\",\"breadcrumb\":{\"@id\":\"https:\/\/talkpal.ai\/lt\/lietuviu-kalbos-gramatikos-pratimai\/#breadcrumb\"},\"inLanguage\":\"lt-LT\",\"potentialAction\":[{\"@type\":\"ReadAction\",\"target\":[\"https:\/\/talkpal.ai\/lt\/lietuviu-kalbos-gramatikos-pratimai\/\"]}]},{\"@type\":\"ImageObject\",\"inLanguage\":\"lt-LT\",\"@id\":\"https:\/\/talkpal.ai\/lt\/lietuviu-kalbos-gramatikos-pratimai\/#primaryimage\",\"url\":\"https:\/\/talkpal.ai\/wp-content\/uploads\/2023\/05\/Lithuanian.png\",\"contentUrl\":\"https:\/\/talkpal.ai\/wp-content\/uploads\/2023\/05\/Lithuanian.png\",\"width\":512,\"height\":512},{\"@type\":\"BreadcrumbList\",\"@id\":\"https:\/\/talkpal.ai\/lt\/lietuviu-kalbos-gramatikos-pratimai\/#breadcrumb\",\"itemListElement\":[{\"@type\":\"ListItem\",\"position\":1,\"name\":\"Homepage\",\"item\":\"https:\/\/talkpal.ai\/lt\/\"},{\"@type\":\"ListItem\",\"position\":2,\"name\":\"Lietuvi\u0173 kalbos gramatikos pratimai\"}]},{\"@type\":\"WebSite\",\"@id\":\"https:\/\/talkpal.ai\/lt\/#website\",\"url\":\"https:\/\/talkpal.ai\/lt\/\",\"name\":\"Talkpal\",\"description\":\"AI Language Learning\",\"publisher\":{\"@id\":\"https:\/\/talkpal.ai\/lt\/#organization\"},\"alternateName\":\"Talkpal AI\",\"potentialAction\":[{\"@type\":\"SearchAction\",\"target\":{\"@type\":\"EntryPoint\",\"urlTemplate\":\"https:\/\/talkpal.ai\/lt\/?s={search_term_string}\"},\"query-input\":{\"@type\":\"PropertyValueSpecification\",\"valueRequired\":true,\"valueName\":\"search_term_string\"}}],\"inLanguage\":\"lt-LT\"},{\"@type\":\"Organization\",\"@id\":\"https:\/\/talkpal.ai\/lt\/#organization\",\"name\":\"Talkpal, Inc.\",\"alternateName\":\"Talkpal AI\",\"url\":\"https:\/\/talkpal.ai\/lt\/\",\"logo\":{\"@type\":\"ImageObject\",\"inLanguage\":\"lt-LT\",\"@id\":\"https:\/\/talkpal.ai\/lt\/#\/schema\/logo\/image\/\",\"url\":\"https:\/\/talkpal.ai\/wp-content\/uploads\/2024\/03\/Talkpal-Logo-Icon.png\",\"contentUrl\":\"https:\/\/talkpal.ai\/wp-content\/uploads\/2024\/03\/Talkpal-Logo-Icon.png\",\"width\":2880,\"height\":2880,\"caption\":\"Talkpal, Inc.\"},\"image\":{\"@id\":\"https:\/\/talkpal.ai\/lt\/#\/schema\/logo\/image\/\"},\"sameAs\":[\"https:\/\/www.facebook.com\/profile.php?id=100090733639311\",\"https:\/\/x.com\/talkpalai\",\"https:\/\/www.linkedin.com\/company\/talkpal\/\",\"https:\/\/www.youtube.com\/@TalkPal\/\",\"https:\/\/www.tiktok.com\/@talkpal\",\"https:\/\/www.instagram.com\/talkpal_ai\/\",\"https:\/\/www.crunchbase.com\/organization\/talkpal-9cde\",\"https:\/\/www.g2.com\/products\/talkpal-for-business\/\",\"https:\/\/www.trustpilot.com\/review\/talkpal.ai\",\"https:\/\/www.capterra.com\/p\/10006800\/TalkPal\/\"],\"description\":\"Talkpal is a language learning web and mobile education app, powered by the latest AI technologies, that provides engaging experiences to its customers in many different languages to help them improve their language skills. Users can chat about unlimited amount of topics with the app and use other modes to practice their language learning.\",\"email\":\"support@talkpal.ai\",\"legalName\":\"Talkpal, Inc.\",\"foundingDate\":\"2023-04-03\",\"duns\":\"118989042\",\"numberOfEmployees\":{\"@type\":\"QuantitativeValue\",\"minValue\":\"11\",\"maxValue\":\"50\"},\"publishingPrinciples\":\"https:\/\/talkpal.ai\/publishing-principles\/\",\"actionableFeedbackPolicy\":\"https:\/\/talkpal.ai\/actionable-feedback-policy\/\",\"correctionsPolicy\":\"https:\/\/talkpal.ai\/corrections-policy\/\",\"ethicsPolicy\":\"https:\/\/talkpal.ai\/ethics-policy\/\",\"diversityPolicy\":\"https:\/\/talkpal.ai\/diversity-policy\/\",\"diversityStaffingReport\":\"https:\/\/talkpal.ai\/diversity-policy\/\"}]}<\/script>\n<!-- \/ Yoast SEO Premium plugin. -->","yoast_head_json":{"title":"Lietuvi\u0173 kalbos gramatikos pratimai - Talkpal","description":"\u012esisavinkite kalbos subtilybes, naudodamiesi \u012fdomiais lietuvi\u0173 kalbos gramatikos pratimais, kurie pagerins j\u016bs\u0173 \u017einias.","robots":{"index":"index","follow":"follow","max-snippet":"max-snippet:-1","max-image-preview":"max-image-preview:large","max-video-preview":"max-video-preview:-1"},"canonical":"https:\/\/talkpal.ai\/lt\/lietuviu-kalbos-gramatikos-pratimai\/","og_locale":"lt_LT","og_type":"article","og_title":"Lietuvi\u0173 kalbos gramatikos pratimai","og_description":"Lietuvi\u0173 kalbos gramatikos temos Lietuvi\u0173 kalbos mokymasis yra ne tik unikali ir naudinga patirtis, bet ir atveria visi\u0161kai nauj\u0105 kult\u016brini\u0173 tyrin\u0117jim\u0173","og_url":"https:\/\/talkpal.ai\/lt\/lietuviu-kalbos-gramatikos-pratimai\/","og_site_name":"Talkpal","article_publisher":"https:\/\/www.facebook.com\/profile.php?id=100090733639311","article_modified_time":"2025-12-17T15:53:13+00:00","og_image":[{"width":512,"height":512,"url":"https:\/\/talkpal.ai\/wp-content\/uploads\/2023\/05\/Lithuanian.png","type":"image\/png"}],"twitter_card":"summary_large_image","twitter_site":"@talkpalai","twitter_misc":{"Est. reading time":"2 minut\u0117s"},"schema":{"@context":"https:\/\/schema.org","@graph":[{"@type":"WebPage","@id":"https:\/\/talkpal.ai\/lt\/lietuviu-kalbos-gramatikos-pratimai\/","url":"https:\/\/talkpal.ai\/lt\/lietuviu-kalbos-gramatikos-pratimai\/","name":"Lietuvi\u0173 kalbos gramatikos pratimai - Talkpal","isPartOf":{"@id":"https:\/\/talkpal.ai\/lt\/#website"},"primaryImageOfPage":{"@id":"https:\/\/talkpal.ai\/lt\/lietuviu-kalbos-gramatikos-pratimai\/#primaryimage"},"image":{"@id":"https:\/\/talkpal.ai\/lt\/lietuviu-kalbos-gramatikos-pratimai\/#primaryimage"},"thumbnailUrl":"https:\/\/talkpal.ai\/wp-content\/uploads\/2023\/05\/Lithuanian.png","datePublished":"2023-06-22T08:12:52+00:00","dateModified":"2025-12-17T15:53:13+00:00","description":"\u012esisavinkite kalbos subtilybes, naudodamiesi \u012fdomiais lietuvi\u0173 kalbos gramatikos pratimais, kurie pagerins j\u016bs\u0173 \u017einias.","breadcrumb":{"@id":"https:\/\/talkpal.ai\/lt\/lietuviu-kalbos-gramatikos-pratimai\/#breadcrumb"},"inLanguage":"lt-LT","potentialAction":[{"@type":"ReadAction","target":["https:\/\/talkpal.ai\/lt\/lietuviu-kalbos-gramatikos-pratimai\/"]}]},{"@type":"ImageObject","inLanguage":"lt-LT","@id":"https:\/\/talkpal.ai\/lt\/lietuviu-kalbos-gramatikos-pratimai\/#primaryimage","url":"https:\/\/talkpal.ai\/wp-content\/uploads\/2023\/05\/Lithuanian.png","contentUrl":"https:\/\/talkpal.ai\/wp-content\/uploads\/2023\/05\/Lithuanian.png","width":512,"height":512},{"@type":"BreadcrumbList","@id":"https:\/\/talkpal.ai\/lt\/lietuviu-kalbos-gramatikos-pratimai\/#breadcrumb","itemListElement":[{"@type":"ListItem","position":1,"name":"Homepage","item":"https:\/\/talkpal.ai\/lt\/"},{"@type":"ListItem","position":2,"name":"Lietuvi\u0173 kalbos gramatikos pratimai"}]},{"@type":"WebSite","@id":"https:\/\/talkpal.ai\/lt\/#website","url":"https:\/\/talkpal.ai\/lt\/","name":"Talkpal","description":"AI Language Learning","publisher":{"@id":"https:\/\/talkpal.ai\/lt\/#organization"},"alternateName":"Talkpal AI","potentialAction":[{"@type":"SearchAction","target":{"@type":"EntryPoint","urlTemplate":"https:\/\/talkpal.ai\/lt\/?s={search_term_string}"},"query-input":{"@type":"PropertyValueSpecification","valueRequired":true,"valueName":"search_term_string"}}],"inLanguage":"lt-LT"},{"@type":"Organization","@id":"https:\/\/talkpal.ai\/lt\/#organization","name":"Talkpal, Inc.","alternateName":"Talkpal AI","url":"https:\/\/talkpal.ai\/lt\/","logo":{"@type":"ImageObject","inLanguage":"lt-LT","@id":"https:\/\/talkpal.ai\/lt\/#\/schema\/logo\/image\/","url":"https:\/\/talkpal.ai\/wp-content\/uploads\/2024\/03\/Talkpal-Logo-Icon.png","contentUrl":"https:\/\/talkpal.ai\/wp-content\/uploads\/2024\/03\/Talkpal-Logo-Icon.png","width":2880,"height":2880,"caption":"Talkpal, Inc."},"image":{"@id":"https:\/\/talkpal.ai\/lt\/#\/schema\/logo\/image\/"},"sameAs":["https:\/\/www.facebook.com\/profile.php?id=100090733639311","https:\/\/x.com\/talkpalai","https:\/\/www.linkedin.com\/company\/talkpal\/","https:\/\/www.youtube.com\/@TalkPal\/","https:\/\/www.tiktok.com\/@talkpal","https:\/\/www.instagram.com\/talkpal_ai\/","https:\/\/www.crunchbase.com\/organization\/talkpal-9cde","https:\/\/www.g2.com\/products\/talkpal-for-business\/","https:\/\/www.trustpilot.com\/review\/talkpal.ai","https:\/\/www.capterra.com\/p\/10006800\/TalkPal\/"],"description":"Talkpal is a language learning web and mobile education app, powered by the latest AI technologies, that provides engaging experiences to its customers in many different languages to help them improve their language skills. Users can chat about unlimited amount of topics with the app and use other modes to practice their language learning.","email":"support@talkpal.ai","legalName":"Talkpal, Inc.","foundingDate":"2023-04-03","duns":"118989042","numberOfEmployees":{"@type":"QuantitativeValue","minValue":"11","maxValue":"50"},"publishingPrinciples":"https:\/\/talkpal.ai\/publishing-principles\/","actionableFeedbackPolicy":"https:\/\/talkpal.ai\/actionable-feedback-policy\/","correctionsPolicy":"https:\/\/talkpal.ai\/corrections-policy\/","ethicsPolicy":"https:\/\/talkpal.ai\/ethics-policy\/","diversityPolicy":"https:\/\/talkpal.ai\/diversity-policy\/","diversityStaffingReport":"https:\/\/talkpal.ai\/diversity-policy\/"}]}},"_links":{"self":[{"href":"https:\/\/talkpal.ai\/lt\/wp-json\/wp\/v2\/pages\/75103","targetHints":{"allow":["GET"]}}],"collection":[{"href":"https:\/\/talkpal.ai\/lt\/wp-json\/wp\/v2\/pages"}],"about":[{"href":"https:\/\/talkpal.ai\/lt\/wp-json\/wp\/v2\/types\/page"}],"author":[{"embeddable":true,"href":"https:\/\/talkpal.ai\/lt\/wp-json\/wp\/v2\/users\/6"}],"replies":[{"embeddable":true,"href":"https:\/\/talkpal.ai\/lt\/wp-json\/wp\/v2\/comments?post=75103"}],"version-history":[{"count":0,"href":"https:\/\/talkpal.ai\/lt\/wp-json\/wp\/v2\/pages\/75103\/revisions"}],"wp:featuredmedia":[{"embeddable":true,"href":"https:\/\/talkpal.ai\/lt\/wp-json\/wp\/v2\/media\/64152"}],"wp:attachment":[{"href":"https:\/\/talkpal.ai\/lt\/wp-json\/wp\/v2\/media?parent=75103"}],"curies":[{"name":"wp","href":"https:\/\/api.w.org\/{rel}","templated":true}]}}