{"id":506403,"date":"2023-04-03T15:47:36","date_gmt":"2023-04-03T15:47:36","guid":{"rendered":"https:\/\/talkpal.ai\/paspauskite\/"},"modified":"2025-06-17T16:30:28","modified_gmt":"2025-06-17T16:30:28","slug":"paspauskite","status":"publish","type":"page","link":"https:\/\/talkpal.ai\/lt\/paspauskite\/","title":{"rendered":"Paspauskite"},"content":{"rendered":"<h1>Duomenys, faktai, skai\u010diai<\/h1>\n<p>Sveiki atvyk\u0119 \u012f Talkpalpuslap\u012f spaudai, kuriame \u017eurnalistams ir \u017einiasklaidos specialistams suteikiame prieig\u0105 prie i\u0161skirtin\u0117s informacijos, duomen\u0173 ir naujien\u0173 apie m\u016bs\u0173 naujovi\u0161k\u0105 kalb\u0173 mokymosi platform\u0105. D\u017eiaugiam\u0117s gal\u0117dami pasidalyti savo istorija su jumis ir esame pasiry\u017e\u0119 pateikti tiksli\u0105 ir naujausi\u0105 informacij\u0105, kuri pad\u0117s jums kurti \u012fdom\u0173 turin\u012f.<\/p>\n<p>\t\t\t\t<svg aria-hidden=\"true\" viewBox=\"0 0 384 512\" xmlns=\"http:\/\/www.w3.org\/2000\/svg\"><path d=\"M224 136V0H24C10.7 0 0 10.7 0 24v464c0 13.3 10.7 24 24 24h336c13.3 0 24-10.7 24-24V160H248c-13.2 0-24-10.8-24-24zm65.18 216.01H224v80c0 8.84-7.16 16-16 16h-32c-8.84 0-16-7.16-16-16v-80H94.82c-14.28 0-21.41-17.29-11.27-27.36l96.42-95.7c6.65-6.61 17.39-6.61 24.04 0l96.42 95.7c10.15 10.07 3.03 27.36-11.25 27.36zM377 105L279.1 7c-4.5-4.5-10.6-7-17-7H256v128h128v-6.1c0-6.3-2.5-12.4-7-16.9z\"><\/path><\/svg>\t\t\t\t<\/p>\n<h3>\n\t\t\t\t\t\t\tI\u0161skirtiniai duomenys ir \u012f\u017evalgos<br \/>\n\t\t\t\t\t<\/h3>\n<p>\n\t\t\t\t\t\tSuprantame tiksli\u0173 ir naujausi\u0173 duomen\u0173 svarb\u0105 kuriant \u012ftikinamas istorijas. Kreipkit\u0117s \u012f m\u016bs\u0173 ry\u0161i\u0173 su \u017einiasklaida komand\u0105 el. <a href=\"https:\/\/talkpal.ai\/learn-pashto\/\">pa\u0161tu<\/a> info@talkpal.ai ir papra\u0161ykite bet kokios jums reikalingos informacijos ar duomen\u0173.\t\t\t\t\t<\/p>\n<p>\t\t\t\t<svg aria-hidden=\"true\" viewBox=\"0 0 448 512\" xmlns=\"http:\/\/www.w3.org\/2000\/svg\"><path d=\"M352 320c-22.608 0-43.387 7.819-59.79 20.895l-102.486-64.054a96.551 96.551 0 0 0 0-41.683l102.486-64.054C308.613 184.181 329.392 192 352 192c53.019 0 96-42.981 96-96S405.019 0 352 0s-96 42.981-96 96c0 7.158.79 14.13 2.276 20.841L155.79 180.895C139.387 167.819 118.608 160 96 160c-53.019 0-96 42.981-96 96s42.981 96 96 96c22.608 0 43.387-7.819 59.79-20.895l102.486 64.054A96.301 96.301 0 0 0 256 416c0 53.019 42.981 96 96 96s96-42.981 96-96-42.981-96-96-96z\"><\/path><\/svg>\t\t\t\t<\/p>\n<h3>\n\t\t\t\t\t\t\tPalaikykite ry\u0161\u012f su Talkpal<br \/>\n\t\t\t\t\t<\/h3>\n<p>\n\t\t\t\t\t\tRaginame \u017eurnalistus palaikyti ry\u0161\u012f su mumis, kad su\u017einotum\u0117te naujausias naujienas, atnaujinimus ir prane\u0161imus. Sekite mus m\u016bs\u0173 socialin\u0117s \u017einiasklaidos kanaluose ir gaukite i\u0161skirtini\u0173 \u012f\u017evalg\u0173 apie <a href=\"https:\/\/talkpal.ai\/ko\/ai-%ec%96%b8%ec%96%b4-%ea%b5%90%ec%82%ac\/\">Talkpal<\/a> pasaul\u012f.\t\t\t\t\t<\/p>\n<p>\t\t\t\t\t<a role=\"button\"><br \/>\n\t\t\t\t\t\t\t\t\tpabandykite talkpal<br \/>\n\t\t\t\t\t<\/a><\/p>\n<h2>Spaudos rinkinys<\/h2>\n<p>J\u016bs\u0173 patogumui suk\u016br\u0117me i\u0161sam\u0173 \u017einiasklaidos priemoni\u0173 rinkin\u012f, kuriame yra didel\u0117s skiriamosios gebos logotip\u0173, vaizd\u0173 ir kit\u0173 i\u0161tekli\u0173, padedan\u010di\u0173 kurti vizualiai patraukl\u0173 turin\u012f. Galite atsisi\u0173sti m\u016bs\u0173 \u017einiasklaidos priemoni\u0173 rinkin\u012f<\/p>\n<h2>Spaudos rinkinys<\/h2>\n<p>J\u016bs\u0173 patogumui suk\u016br\u0117me i\u0161sam\u0173 \u017einiasklaidos priemoni\u0173 rinkin\u012f, kuriame yra didel\u0117s skiriamosios gebos logotip\u0173, vaizd\u0173 ir kit\u0173 i\u0161tekli\u0173, padedan\u010di\u0173 kurti vizualiai patraukl\u0173 turin\u012f. Galite atsisi\u0173sti m\u016bs\u0173 \u017einiasklaidos priemoni\u0173 rinkin\u012f<\/p>\n<p>\t\t\t\t\t<a href=\"https:\/\/talkpal.ai\/wp-content\/uploads\/2024\/03\/Talkpal-Press-Kit.zip\"><br \/>\n\t\t\t\t\t\t\t\t\tAtsisi\u0173sti spaudos rinkin\u012f<br \/>\n\t\t\t\t\t<\/a><\/p>\n","protected":false},"excerpt":{"rendered":"<p>Duomenys, faktai, skai\u010diai Sveiki atvyk\u0119 \u012f Talkpalpuslap\u012f spaudai, kuriame \u017eurnalistams ir \u017einiasklaidos specialistams suteikiame prieig\u0105 prie i\u0161skirtin\u0117s informacijos, duomen\u0173 ir naujien\u0173 apie m\u016bs\u0173 naujovi\u0161k\u0105 kalb\u0173 mokymosi platform\u0105. D\u017eiaugiam\u0117s gal\u0117dami pasidalyti savo istorija su jumis ir esame pasiry\u017e\u0119 pateikti tiksli\u0105 ir naujausi\u0105 informacij\u0105, kuri pad\u0117s jums kurti \u012fdom\u0173 turin\u012f. I\u0161skirtiniai duomenys ir \u012f\u017evalgos Suprantame tiksli\u0173 ir [&hellip;]<\/p>\n","protected":false},"author":1,"featured_media":197967,"parent":0,"menu_order":0,"comment_status":"closed","ping_status":"closed","template":"press-releases-page.php","meta":{"_acf_changed":false,"footnotes":""},"class_list":["post-506403","page","type-page","status-publish","has-post-thumbnail","hentry"],"acf":[],"yoast_head":"<!-- This site is optimized with the Yoast SEO Premium plugin v27.2 (Yoast SEO v27.2) - https:\/\/yoast.com\/product\/yoast-seo-premium-wordpress\/ -->\n<title>Paspauskite - Talkpal<\/title>\n<meta name=\"description\" content=\"Susipa\u017einkite su naujausia spaudos informacija apie Talkpal. Gaukite prieig\u0105 prie i\u0161skirtini\u0173 atnaujinim\u0173 ir duomen\u0173, reikaling\u0173 j\u016bs\u0173 pasakojimo poreikiams.\" \/>\n<meta name=\"robots\" content=\"index, follow, max-snippet:-1, max-image-preview:large, max-video-preview:-1\" \/>\n<link rel=\"canonical\" href=\"https:\/\/talkpal.ai\/lt\/paspauskite\/\" \/>\n<meta property=\"og:locale\" content=\"lt_LT\" \/>\n<meta property=\"og:type\" content=\"article\" \/>\n<meta property=\"og:title\" content=\"Paspauskite\" \/>\n<meta property=\"og:description\" content=\"Duomenys, faktai, skai\u010diai Sveiki atvyk\u0119 \u012f Talkpalpuslap\u012f spaudai, kuriame \u017eurnalistams ir \u017einiasklaidos specialistams suteikiame prieig\u0105 prie i\u0161skirtin\u0117s\" \/>\n<meta property=\"og:url\" content=\"https:\/\/talkpal.ai\/lt\/paspauskite\/\" \/>\n<meta property=\"og:site_name\" content=\"Talkpal\" \/>\n<meta property=\"article:publisher\" content=\"https:\/\/www.facebook.com\/profile.php?id=100090733639311\" \/>\n<meta property=\"article:modified_time\" content=\"2025-06-17T16:30:28+00:00\" \/>\n<meta property=\"og:image\" content=\"https:\/\/talkpal.ai\/wp-content\/uploads\/2024\/03\/Talkpal-Logo-Icon.png\" \/>\n\t<meta property=\"og:image:width\" content=\"5000\" \/>\n\t<meta property=\"og:image:height\" content=\"5000\" \/>\n\t<meta property=\"og:image:type\" content=\"image\/png\" \/>\n<meta name=\"twitter:card\" content=\"summary_large_image\" \/>\n<meta name=\"twitter:site\" content=\"@talkpalai\" \/>\n<meta name=\"twitter:label1\" content=\"Est. reading time\" \/>\n\t<meta name=\"twitter:data1\" content=\"1 minut\u0117\" \/>\n<script type=\"application\/ld+json\" class=\"yoast-schema-graph\">{\"@context\":\"https:\/\/schema.org\",\"@graph\":[{\"@type\":\"WebPage\",\"@id\":\"https:\/\/talkpal.ai\/lt\/paspauskite\/\",\"url\":\"https:\/\/talkpal.ai\/lt\/paspauskite\/\",\"name\":\"Paspauskite - Talkpal\",\"isPartOf\":{\"@id\":\"https:\/\/talkpal.ai\/lt\/#website\"},\"primaryImageOfPage\":{\"@id\":\"https:\/\/talkpal.ai\/lt\/paspauskite\/#primaryimage\"},\"image\":{\"@id\":\"https:\/\/talkpal.ai\/lt\/paspauskite\/#primaryimage\"},\"thumbnailUrl\":\"https:\/\/talkpal.ai\/wp-content\/uploads\/2024\/03\/Talkpal-Logo-Icon.png\",\"datePublished\":\"2023-04-03T15:47:36+00:00\",\"dateModified\":\"2025-06-17T16:30:28+00:00\",\"description\":\"Susipa\u017einkite su naujausia spaudos informacija apie Talkpal. Gaukite prieig\u0105 prie i\u0161skirtini\u0173 atnaujinim\u0173 ir duomen\u0173, reikaling\u0173 j\u016bs\u0173 pasakojimo poreikiams.\",\"breadcrumb\":{\"@id\":\"https:\/\/talkpal.ai\/lt\/paspauskite\/#breadcrumb\"},\"inLanguage\":\"lt-LT\",\"potentialAction\":[{\"@type\":\"ReadAction\",\"target\":[\"https:\/\/talkpal.ai\/lt\/paspauskite\/\"]}]},{\"@type\":\"ImageObject\",\"inLanguage\":\"lt-LT\",\"@id\":\"https:\/\/talkpal.ai\/lt\/paspauskite\/#primaryimage\",\"url\":\"https:\/\/talkpal.ai\/wp-content\/uploads\/2024\/03\/Talkpal-Logo-Icon.png\",\"contentUrl\":\"https:\/\/talkpal.ai\/wp-content\/uploads\/2024\/03\/Talkpal-Logo-Icon.png\",\"width\":5000,\"height\":5000,\"caption\":\"talkpal logo\"},{\"@type\":\"BreadcrumbList\",\"@id\":\"https:\/\/talkpal.ai\/lt\/paspauskite\/#breadcrumb\",\"itemListElement\":[{\"@type\":\"ListItem\",\"position\":1,\"name\":\"Homepage\",\"item\":\"https:\/\/talkpal.ai\/lt\/\"},{\"@type\":\"ListItem\",\"position\":2,\"name\":\"Paspauskite\"}]},{\"@type\":\"WebSite\",\"@id\":\"https:\/\/talkpal.ai\/lt\/#website\",\"url\":\"https:\/\/talkpal.ai\/lt\/\",\"name\":\"Talkpal\",\"description\":\"AI Language Learning\",\"publisher\":{\"@id\":\"https:\/\/talkpal.ai\/lt\/#organization\"},\"alternateName\":\"Talkpal AI\",\"potentialAction\":[{\"@type\":\"SearchAction\",\"target\":{\"@type\":\"EntryPoint\",\"urlTemplate\":\"https:\/\/talkpal.ai\/lt\/?s={search_term_string}\"},\"query-input\":{\"@type\":\"PropertyValueSpecification\",\"valueRequired\":true,\"valueName\":\"search_term_string\"}}],\"inLanguage\":\"lt-LT\"},{\"@type\":\"Organization\",\"@id\":\"https:\/\/talkpal.ai\/lt\/#organization\",\"name\":\"Talkpal, Inc.\",\"alternateName\":\"Talkpal AI\",\"url\":\"https:\/\/talkpal.ai\/lt\/\",\"logo\":{\"@type\":\"ImageObject\",\"inLanguage\":\"lt-LT\",\"@id\":\"https:\/\/talkpal.ai\/lt\/#\/schema\/logo\/image\/\",\"url\":\"https:\/\/talkpal.ai\/wp-content\/uploads\/2024\/03\/Talkpal-Logo-Icon.png\",\"contentUrl\":\"https:\/\/talkpal.ai\/wp-content\/uploads\/2024\/03\/Talkpal-Logo-Icon.png\",\"width\":2880,\"height\":2880,\"caption\":\"Talkpal, Inc.\"},\"image\":{\"@id\":\"https:\/\/talkpal.ai\/lt\/#\/schema\/logo\/image\/\"},\"sameAs\":[\"https:\/\/www.facebook.com\/profile.php?id=100090733639311\",\"https:\/\/x.com\/talkpalai\",\"https:\/\/www.linkedin.com\/company\/talkpal\/\",\"https:\/\/www.youtube.com\/@TalkPal\/\",\"https:\/\/www.tiktok.com\/@talkpal\",\"https:\/\/www.instagram.com\/talkpal_ai\/\",\"https:\/\/www.crunchbase.com\/organization\/talkpal-9cde\",\"https:\/\/www.g2.com\/products\/talkpal-for-business\/\",\"https:\/\/www.trustpilot.com\/review\/talkpal.ai\",\"https:\/\/www.capterra.com\/p\/10006800\/TalkPal\/\"],\"description\":\"Talkpal is a language learning web and mobile education app, powered by the latest AI technologies, that provides engaging experiences to its customers in many different languages to help them improve their language skills. Users can chat about unlimited amount of topics with the app and use other modes to practice their language learning.\",\"email\":\"support@talkpal.ai\",\"legalName\":\"Talkpal, Inc.\",\"foundingDate\":\"2023-04-03\",\"duns\":\"118989042\",\"numberOfEmployees\":{\"@type\":\"QuantitativeValue\",\"minValue\":\"11\",\"maxValue\":\"50\"},\"publishingPrinciples\":\"https:\/\/talkpal.ai\/publishing-principles\/\",\"actionableFeedbackPolicy\":\"https:\/\/talkpal.ai\/actionable-feedback-policy\/\",\"correctionsPolicy\":\"https:\/\/talkpal.ai\/corrections-policy\/\",\"ethicsPolicy\":\"https:\/\/talkpal.ai\/ethics-policy\/\",\"diversityPolicy\":\"https:\/\/talkpal.ai\/diversity-policy\/\",\"diversityStaffingReport\":\"https:\/\/talkpal.ai\/diversity-policy\/\"}]}<\/script>\n<!-- \/ Yoast SEO Premium plugin. -->","yoast_head_json":{"title":"Paspauskite - Talkpal","description":"Susipa\u017einkite su naujausia spaudos informacija apie Talkpal. Gaukite prieig\u0105 prie i\u0161skirtini\u0173 atnaujinim\u0173 ir duomen\u0173, reikaling\u0173 j\u016bs\u0173 pasakojimo poreikiams.","robots":{"index":"index","follow":"follow","max-snippet":"max-snippet:-1","max-image-preview":"max-image-preview:large","max-video-preview":"max-video-preview:-1"},"canonical":"https:\/\/talkpal.ai\/lt\/paspauskite\/","og_locale":"lt_LT","og_type":"article","og_title":"Paspauskite","og_description":"Duomenys, faktai, skai\u010diai Sveiki atvyk\u0119 \u012f Talkpalpuslap\u012f spaudai, kuriame \u017eurnalistams ir \u017einiasklaidos specialistams suteikiame prieig\u0105 prie i\u0161skirtin\u0117s","og_url":"https:\/\/talkpal.ai\/lt\/paspauskite\/","og_site_name":"Talkpal","article_publisher":"https:\/\/www.facebook.com\/profile.php?id=100090733639311","article_modified_time":"2025-06-17T16:30:28+00:00","og_image":[{"width":5000,"height":5000,"url":"https:\/\/talkpal.ai\/wp-content\/uploads\/2024\/03\/Talkpal-Logo-Icon.png","type":"image\/png"}],"twitter_card":"summary_large_image","twitter_site":"@talkpalai","twitter_misc":{"Est. reading time":"1 minut\u0117"},"schema":{"@context":"https:\/\/schema.org","@graph":[{"@type":"WebPage","@id":"https:\/\/talkpal.ai\/lt\/paspauskite\/","url":"https:\/\/talkpal.ai\/lt\/paspauskite\/","name":"Paspauskite - Talkpal","isPartOf":{"@id":"https:\/\/talkpal.ai\/lt\/#website"},"primaryImageOfPage":{"@id":"https:\/\/talkpal.ai\/lt\/paspauskite\/#primaryimage"},"image":{"@id":"https:\/\/talkpal.ai\/lt\/paspauskite\/#primaryimage"},"thumbnailUrl":"https:\/\/talkpal.ai\/wp-content\/uploads\/2024\/03\/Talkpal-Logo-Icon.png","datePublished":"2023-04-03T15:47:36+00:00","dateModified":"2025-06-17T16:30:28+00:00","description":"Susipa\u017einkite su naujausia spaudos informacija apie Talkpal. Gaukite prieig\u0105 prie i\u0161skirtini\u0173 atnaujinim\u0173 ir duomen\u0173, reikaling\u0173 j\u016bs\u0173 pasakojimo poreikiams.","breadcrumb":{"@id":"https:\/\/talkpal.ai\/lt\/paspauskite\/#breadcrumb"},"inLanguage":"lt-LT","potentialAction":[{"@type":"ReadAction","target":["https:\/\/talkpal.ai\/lt\/paspauskite\/"]}]},{"@type":"ImageObject","inLanguage":"lt-LT","@id":"https:\/\/talkpal.ai\/lt\/paspauskite\/#primaryimage","url":"https:\/\/talkpal.ai\/wp-content\/uploads\/2024\/03\/Talkpal-Logo-Icon.png","contentUrl":"https:\/\/talkpal.ai\/wp-content\/uploads\/2024\/03\/Talkpal-Logo-Icon.png","width":5000,"height":5000,"caption":"talkpal logo"},{"@type":"BreadcrumbList","@id":"https:\/\/talkpal.ai\/lt\/paspauskite\/#breadcrumb","itemListElement":[{"@type":"ListItem","position":1,"name":"Homepage","item":"https:\/\/talkpal.ai\/lt\/"},{"@type":"ListItem","position":2,"name":"Paspauskite"}]},{"@type":"WebSite","@id":"https:\/\/talkpal.ai\/lt\/#website","url":"https:\/\/talkpal.ai\/lt\/","name":"Talkpal","description":"AI Language Learning","publisher":{"@id":"https:\/\/talkpal.ai\/lt\/#organization"},"alternateName":"Talkpal AI","potentialAction":[{"@type":"SearchAction","target":{"@type":"EntryPoint","urlTemplate":"https:\/\/talkpal.ai\/lt\/?s={search_term_string}"},"query-input":{"@type":"PropertyValueSpecification","valueRequired":true,"valueName":"search_term_string"}}],"inLanguage":"lt-LT"},{"@type":"Organization","@id":"https:\/\/talkpal.ai\/lt\/#organization","name":"Talkpal, Inc.","alternateName":"Talkpal AI","url":"https:\/\/talkpal.ai\/lt\/","logo":{"@type":"ImageObject","inLanguage":"lt-LT","@id":"https:\/\/talkpal.ai\/lt\/#\/schema\/logo\/image\/","url":"https:\/\/talkpal.ai\/wp-content\/uploads\/2024\/03\/Talkpal-Logo-Icon.png","contentUrl":"https:\/\/talkpal.ai\/wp-content\/uploads\/2024\/03\/Talkpal-Logo-Icon.png","width":2880,"height":2880,"caption":"Talkpal, Inc."},"image":{"@id":"https:\/\/talkpal.ai\/lt\/#\/schema\/logo\/image\/"},"sameAs":["https:\/\/www.facebook.com\/profile.php?id=100090733639311","https:\/\/x.com\/talkpalai","https:\/\/www.linkedin.com\/company\/talkpal\/","https:\/\/www.youtube.com\/@TalkPal\/","https:\/\/www.tiktok.com\/@talkpal","https:\/\/www.instagram.com\/talkpal_ai\/","https:\/\/www.crunchbase.com\/organization\/talkpal-9cde","https:\/\/www.g2.com\/products\/talkpal-for-business\/","https:\/\/www.trustpilot.com\/review\/talkpal.ai","https:\/\/www.capterra.com\/p\/10006800\/TalkPal\/"],"description":"Talkpal is a language learning web and mobile education app, powered by the latest AI technologies, that provides engaging experiences to its customers in many different languages to help them improve their language skills. Users can chat about unlimited amount of topics with the app and use other modes to practice their language learning.","email":"support@talkpal.ai","legalName":"Talkpal, Inc.","foundingDate":"2023-04-03","duns":"118989042","numberOfEmployees":{"@type":"QuantitativeValue","minValue":"11","maxValue":"50"},"publishingPrinciples":"https:\/\/talkpal.ai\/publishing-principles\/","actionableFeedbackPolicy":"https:\/\/talkpal.ai\/actionable-feedback-policy\/","correctionsPolicy":"https:\/\/talkpal.ai\/corrections-policy\/","ethicsPolicy":"https:\/\/talkpal.ai\/ethics-policy\/","diversityPolicy":"https:\/\/talkpal.ai\/diversity-policy\/","diversityStaffingReport":"https:\/\/talkpal.ai\/diversity-policy\/"}]}},"_links":{"self":[{"href":"https:\/\/talkpal.ai\/lt\/wp-json\/wp\/v2\/pages\/506403","targetHints":{"allow":["GET"]}}],"collection":[{"href":"https:\/\/talkpal.ai\/lt\/wp-json\/wp\/v2\/pages"}],"about":[{"href":"https:\/\/talkpal.ai\/lt\/wp-json\/wp\/v2\/types\/page"}],"author":[{"embeddable":true,"href":"https:\/\/talkpal.ai\/lt\/wp-json\/wp\/v2\/users\/1"}],"replies":[{"embeddable":true,"href":"https:\/\/talkpal.ai\/lt\/wp-json\/wp\/v2\/comments?post=506403"}],"version-history":[{"count":0,"href":"https:\/\/talkpal.ai\/lt\/wp-json\/wp\/v2\/pages\/506403\/revisions"}],"wp:featuredmedia":[{"embeddable":true,"href":"https:\/\/talkpal.ai\/lt\/wp-json\/wp\/v2\/media\/197967"}],"wp:attachment":[{"href":"https:\/\/talkpal.ai\/lt\/wp-json\/wp\/v2\/media?parent=506403"}],"curies":[{"name":"wp","href":"https:\/\/api.w.org\/{rel}","templated":true}]}}