{"id":166877,"date":"2023-04-03T14:56:00","date_gmt":"2023-04-03T14:56:00","guid":{"rendered":"http:\/\/talkpal.ai\/apie\/"},"modified":"2026-03-06T16:34:42","modified_gmt":"2026-03-06T16:34:42","slug":"apie","status":"publish","type":"page","link":"https:\/\/talkpal.ai\/lt\/apie\/","title":{"rendered":"Apie"},"content":{"rendered":"\n<p id=\"h-\">&#8222;Talkpal, Inc.&#8221; yra <a href=\"https:\/\/talkpal.ai\/lt\/kalbejimas-su-dirbtiniu-intelektu\/\">dirbtiniu intelektu<\/a> paremta kalb\u0173 mokymosi bendrov\u0117, kurios misija &#8211; padaryti bet koki\u0105 kalb\u0105 prieinam\u0105 visiems ir visur. &#8222;Talkpal&#8221; kuria vien\u0105 pa\u017eangiausi\u0173 pasaulyje dirbtinio intelekto kalb\u0173 korepetitori\u0173 platform\u0173, padedan\u010di\u0105 milijonams besimokan\u010di\u0173j\u0173 dr\u0105siai praktikuoti realius pokalbius.<\/p>\n\n<p>2023 m. \u012fkurta &#8222;Talkpal&#8221; buvo sukurta remiantis paprastu, bet stipriu \u012fsitikinimu: kalb\u0173 <a href=\"https:\/\/talkpal.ai\/lt\/mokymasis\/\">mokymasis<\/a> netur\u0117t\u0173 b\u016bti privilegija ir tur\u0117t\u0173 b\u016bti prieinamas visiems. &#8222;Talkpal&#8221;, derindama pa\u017eangiausi\u0105 dirbtin\u012f intelekt\u0105 su lingvistine patirtimi ir tyrimais, pa\u0161alina tradicines kli\u016btis, tokias kaip kaina, laikas ir baim\u0117 kalb\u0117ti, pakeisdama jas asmenine, be spaudimo praktika, kuria galima naudotis \u012fvairiose platformose 24 valandas per par\u0105, 7 dienas per savait\u0119.<\/p>\n\n<p>\u0160iandien &#8222;Talkpal&#8221; palaiko daugiau nei 80 kalb\u0173, aptarnauja milijonus besimokan\u010di\u0173j\u0173 i\u0161 daugiau nei 180 \u0161ali\u0173 ir yra pasiekiama internetu, &#8222;iOS&#8221; ir &#8222;Android&#8221;.<\/p>\n\n<h2 class=\"wp-block-heading\" id=\"h-our-mission\">M\u016bs\u0173 misija<\/h2>\n\n<p>M\u016bs\u0173 misija &#8211; padaryti perversm\u0105 kalb\u0173 mokymosi srityje, suteikiant patraukli\u0105, interaktyvi\u0105 ir personalizuot\u0105 dirbtiniu intelektu paremt\u0105 kalb\u0173 mokymosi patirt\u012f.<br\/><br\/>Siekiame panaikinti <a href=\"https:\/\/talkpal.ai\/what-language-is-spoken-on-the-international-space-station\/\">kalbos<\/a> barjerus, puosel\u0117ti pasaulinius ry\u0161ius ir ugdyti aistring\u0173 besimokan\u010di\u0173j\u0173 bendruomen\u0119, \u012fgalindami juos u\u017etikrintai ir laisvai bendrauti pasirinkta kalba.<\/p>\n\n<h2 class=\"wp-block-heading\" id=\"h-our-vision\">M\u016bs\u0173 vizija<\/h2>\n\n<p>M\u016bs\u0173 vizija &#8211; tapti pasaulyje pirmaujan\u010dia dirbtinio intelekto kalb\u0173 mokytoja, kuri, pasitelkdama \u012ftraukian\u010dius, \u012f kontekst\u0105 orientuotus pokalbius ir prisitaikan\u010dias mokymosi technologijas, kei\u010dia \u017emoni\u0173 kalb\u0173 mokymosi b\u016bdus.<br\/><br\/>Mes siekiame \u012fkv\u0117pti ir puosel\u0117ti meil\u0119 kalb\u0173 mokymuisi, skatinti kult\u016brinius mainus ir ma\u017einti bendravimo atotr\u016bk\u012f tarp valstybi\u0173, galiausiai formuodami labiau susiet\u0105 ir suprantam\u0105 pasaul\u012f.<\/p>\n\n<h2 class=\"wp-block-heading\" id=\"h-our-story\">M\u016bs\u0173 istorija<\/h2>\n\n<p>&#8222;Talkpal&#8221; \u012fk\u016br\u0117 Davidas Gegechkori (nuotraukoje kair\u0117je) ir Dimitri Dekanozishvili (nuotraukoje de\u0161in\u0117je), kuriuos paskatino bendras nusivylimas tradiciniais kalb\u0173 mokymosi metodais, kurie da\u017enai neparengia besimokan\u010di\u0173j\u0173 kalb\u0117ti realiame pasaulyje.<\/p>\n\n<div class=\"wp-block-columns is-layout-flex wp-container-core-columns-is-layout-9d6595d7 wp-block-columns-is-layout-flex\">\n<div class=\"wp-block-column is-layout-flow wp-block-column-is-layout-flow\" style=\"flex-basis:50%\"><div class=\"wp-block-image\">\n<figure class=\"alignleft size-large\"><img decoding=\"async\" width=\"1024\" height=\"683\" src=\"https:\/\/talkpal.ai\/wp-content\/uploads\/2025\/12\/Talkpal-Entrepreneur-1024x683.jpg\" alt=\"\" class=\"wp-image-1557444\" style=\"aspect-ratio:1.4992888417882142\" srcset=\"https:\/\/talkpal.ai\/wp-content\/uploads\/2025\/12\/Talkpal-Entrepreneur-1024x683.jpg 1024w, https:\/\/talkpal.ai\/wp-content\/uploads\/2025\/12\/Talkpal-Entrepreneur-300x200.jpg 300w, https:\/\/talkpal.ai\/wp-content\/uploads\/2025\/12\/Talkpal-Entrepreneur-768x512.jpg 768w, https:\/\/talkpal.ai\/wp-content\/uploads\/2025\/12\/Talkpal-Entrepreneur.jpg 1344w\" sizes=\"(max-width: 1024px) 100vw, 1024px\" \/><\/figure>\n<\/div><\/div>\n\n\n\n<div class=\"wp-block-column is-layout-flow wp-block-column-is-layout-flow\" style=\"flex-basis:50%\">\n<p>Nuo pat prad\u017ei\u0173 tikslas buvo ai\u0161kus: sukurti dirbtinio intelekto kalbos draug\u0105, kuris neb\u016bt\u0173 pana\u0161us \u012f vadov\u0117l\u012f, o labiau \u012f pagalbin\u012f pokalbio partner\u012f. Pavadinimas &#8222;Talkpal&#8221; atspindi \u0161i\u0105 filosofij\u0105 &#8211; <a href=\"https:\/\/talkpal.ai\/learn-thai\/\">tai<\/a> draugi\u0161kas, visada prieinamas draugas, kuris skatina besimokan\u010diuosius mokytis kalb\u0117ti nebijant vertinimo.<\/p>\n\n\n\n<p>Prad\u0117jusi nuo internetinio produkto, <a href=\"https:\/\/talkpal.ai\/ko\/ai-%ec%96%b8%ec%96%b4-%ea%b5%90%ec%82%ac\/\">Talkpal<\/a> greitai i\u0161sipl\u0117t\u0117 \u012f mobili\u0105sias platformas ir sub\u016br\u0117 pasaulin\u0119 dirbtinio intelekto in\u017einieri\u0173, lingvist\u0173, pedagog\u0173, rinkodaros specialist\u0173 ir produkt\u0173 dizaineri\u0173 komand\u0105. Nuolat tobulindama, atlikdama tyrimus ir gaudama naudotoj\u0173 atsiliepimus, Talkpal tapo i\u0161samia dirbtinio intelekto kalb\u0173 mokymosi platforma, kuria pasitiki milijonai \u017emoni\u0173 visame pasaulyje.<\/p>\n<\/div>\n<\/div>\n\n<h2 class=\"wp-block-heading\" id=\"h-what-we-do\">K\u0105 mes darome<\/h2>\n\n<p>Talkpal teikia dirbtiniu intelektu paremt\u0105 teksto ir balso mokymosi patirt\u012f, skirt\u0105 imituoti tikr\u0105 \u017emoni\u0173 bendravim\u0105. M\u016bs\u0173 platforma dinami\u0161kai prisitaiko prie kiekvieno besimokan\u010diojo lygio, tiksl\u0173 ir mokymosi stiliaus.<\/p>\n\n<p>Pagrindiniai geb\u0117jimai:<\/p>\n\n<ul class=\"wp-block-list\">\n<li>Nat\u016bral\u016bs dirbtinio intelekto pokalbiai kalb\u0117jimo praktikai<\/li>\n\n\n\n<li>Realiuoju laiku pateikite gr\u012f\u017etam\u0105j\u012f ry\u0161\u012f apie tarim\u0105, gramatik\u0105 ir skland\u0173 kalb\u0117jim\u0105<\/li>\n\n\n\n<li>Pagalba pradedantiesiems ir pa\u017eengusiems mokiniams<\/li>\n\n\n\n<li>Daugiau nei 80 pasaulio kalb\u0173, \u012fskaitant angl\u0173, ispan\u0173, vokie\u010di\u0173, pranc\u016bz\u0173, ital\u0173, japon\u0173, kin\u0173, kor\u0117jie\u010di\u0173, arab\u0173, oland\u0173, portugal\u0173, \u0161ved\u0173, hebraj\u0173, graik\u0173, turk\u0173, suomi\u0173, afrikan\u0173, alban\u0173, arm\u0117n\u0173, asami\u0173, azerbaid\u017eanie\u010di\u0173, bask\u0173, baltarusi\u0173, bengal\u0173, bosni\u0173, bulgar\u0173, birmie\u010di\u0173, katalon\u0173, kroat\u0173, \u010dek\u0173, dan\u0173, est\u0173, galis\u0173, gruzin\u0173, gruzin\u0173, gud\u017earat\u0173, hindi, vengr\u0173, island\u0173, indonezie\u010di\u0173, airi\u0173, d\u017eavan\u0173, kanadie\u010di\u0173, kazach\u0173, khmer\u0173, lao, latvi\u0173, lietuvi\u0173, makedon\u0173, malaj\u0173, malajalam\u0173, maltie\u010di\u0173, maori\u0173, marat\u0173, mongol\u0173, nepal\u0173, norveg\u0173, od\u0173, vengr\u0173, pu\u0161t\u016bn\u0173, pers\u0173, lenk\u0173, pend\u017eab\u0173, rumun\u0173, rus\u0173, serb\u0173, sinhal\u0173, slovak\u0173, slov\u0117n\u0173, somali\u0173, suahili, tagal\u0173, tamil\u0173, telug\u0173, taj\u0173, ukrainie\u010di\u0173, urdu, uzbek\u0173, vietnamie\u010di\u0173, velsie\u010di\u0173, zulu ir kt.<\/li>\n\n\n\n<li>Nemokamas modelis su lanks\u010diais prenumeratos planais<\/li>\n\n\n\n<li>Special\u016bs \u012fmoni\u0173 sprendimai universitetams, kalb\u0173 mokykloms, \u012fmon\u0117ms ir kitoms organizacijoms<\/li>\n<\/ul>\n\n<p>M\u016bs\u0173 turinys ir sistemos kuriamos bendradarbiaujant su kalb\u0173 ekspertais ir dirbtinio intelekto tyr\u0117jais, tod\u0117l u\u017etikrinamas pedagoginis ir techninis patikimumas.<\/p>\n\n<h2 class=\"wp-block-heading\" id=\"h-research-backed-learning\">Moksliniais tyrimais pagr\u012fstas mokymasis<\/h2>\n\n<p>&#8222;Talkpal&#8221; veiksmingumas buvo nagrin\u0117jamas daugyb\u0117je mokslini\u0173 tyrim\u0173, ypa\u010d angl\u0173 kalbos mokymosi kontekste. Tyrimai parod\u0117, kad statisti\u0161kai reik\u0161mingai pager\u0117jo besimokan\u010di\u0173j\u0173 kalb\u0117jimo sklandumas, tarimas, gramatika ir pasitik\u0117jimas savimi, kai jie naudojasi dirbtiniu intelektu pagr\u012fstomis pokalbi\u0173 priemon\u0117mis, pvz., &#8222;Talkpal&#8221;.<\/p>\n\n<p>\u0160iuo tyrimais pagr\u012fstu po\u017ei\u016briu grind\u017eiamas m\u016bs\u0173 \u012fsipareigojimas kurti ne tik naujovi\u0161kas technologijas, bet ir i\u0161matuojamai veiksming\u0105 kalb\u0173 mokymosi patirt\u012f.<\/p>\n\n<h2 class=\"wp-block-heading\" id=\"h-trusted-by-learners-worldwide\">Pasitik\u0117jimas besimokan\u010diaisiais visame pasaulyje<\/h2>\n\n<p>&#8222;Talkpal&#8221; pasitiki milijonai naudotoj\u0173 visame pasaulyje, o program\u0117li\u0173 parduotuv\u0117se ir ap\u017evalg\u0173 platformose ji nuolat sulaukia ger\u0173 \u012fvertinim\u0173. Besimokantieji da\u017enai pabr\u0117\u017eia:<\/p>\n\n<ul class=\"wp-block-list\">\n<li>Kalb\u0117jimo praktikos aplinka be spaudimo<\/li>\n\n\n\n<li>Nedelsiant gaunamas gr\u012f\u017etamasis ry\u0161ys, kur\u012f galima panaudoti<\/li>\n\n\n\n<li>Lankstumas mokytis bet kada ir bet kur<\/li>\n\n\n\n<li>Galimyb\u0117 praktikuotis be \u017emogaus kalbos partnerio<\/li>\n<\/ul>\n\n<h2 class=\"wp-block-heading\" id=\"h-our-commitment\">M\u016bs\u0173 \u012fsipareigojimas<\/h2>\n\n<p>&#8222;Talkpal&#8221; esame \u012fsipareigoj\u0119:<\/p>\n\n<ul class=\"wp-block-list\">\n<li><strong>Inovacijos &#8211;<\/strong> nuolatin\u0117 pa\u017eanga dirbtinio intelekto ir \u0161vietimo technologij\u0173 srityje<\/li>\n\n\n\n<li><strong>Kokyb\u0117 &#8211;<\/strong> moksliniais tyrimais pagr\u012fsta mokymosi patirtis<\/li>\n\n\n\n<li><strong>Prieinamumas &#8211;<\/strong> visiems prieinamas ir \u012ftraukus kalb\u0173 mokymasis<\/li>\n\n\n\n<li><strong>Pasaulinis poveikis &#8211;<\/strong> bendravimo tarp kult\u016br\u0173 stiprinimas<\/li>\n<\/ul>\n\n<p>Tikime, kad kalba gali pakeisti gyvenim\u0105, o naudojant dirbtin\u012f intelekt\u0105 \u0161i galia gali pasiekti kiekvien\u0105.<\/p>\n\n<p><\/p>\n","protected":false},"excerpt":{"rendered":"<p>&#8222;Talkpal, Inc.&#8221; yra dirbtiniu intelektu paremta kalb\u0173 mokymosi bendrov\u0117, kurios misija &#8211; padaryti bet koki\u0105 kalb\u0105 prieinam\u0105 visiems ir visur. &#8222;Talkpal&#8221; kuria vien\u0105 pa\u017eangiausi\u0173 pasaulyje dirbtinio intelekto kalb\u0173 korepetitori\u0173 platform\u0173, padedan\u010di\u0105 milijonams besimokan\u010di\u0173j\u0173 dr\u0105siai praktikuoti realius pokalbius. 2023 m. \u012fkurta &#8222;Talkpal&#8221; buvo sukurta remiantis paprastu, bet stipriu \u012fsitikinimu: kalb\u0173 mokymasis netur\u0117t\u0173 b\u016bti privilegija ir tur\u0117t\u0173 [&hellip;]<\/p>\n","protected":false},"author":1,"featured_media":197967,"parent":0,"menu_order":0,"comment_status":"closed","ping_status":"closed","template":"","meta":{"_acf_changed":false,"footnotes":""},"class_list":["post-166877","page","type-page","status-publish","has-post-thumbnail","hentry"],"acf":[],"yoast_head":"<!-- This site is optimized with the Yoast SEO Premium plugin v27.2 (Yoast SEO v27.2) - https:\/\/yoast.com\/product\/yoast-seo-premium-wordpress\/ -->\n<title>Apie - Talkpal<\/title>\n<meta name=\"description\" content=\"&quot;Talkpal&quot; yra GPT valdomas dirbtinio intelekto kalbos mokytojas, kuris buvo \u012fkurtas tikint, kad kalb\u0173 mokymasis tur\u0117t\u0173 b\u016bti prieinamas visiems.\" \/>\n<meta name=\"robots\" content=\"index, follow, max-snippet:-1, max-image-preview:large, max-video-preview:-1\" \/>\n<link rel=\"canonical\" href=\"https:\/\/talkpal.ai\/lt\/apie\/\" \/>\n<meta property=\"og:locale\" content=\"lt_LT\" \/>\n<meta property=\"og:type\" content=\"article\" \/>\n<meta property=\"og:title\" content=\"Apie\" \/>\n<meta property=\"og:description\" content=\"&quot;Talkpal, Inc.&quot; yra dirbtiniu intelektu paremta kalb\u0173 mokymosi bendrov\u0117, kurios misija - padaryti bet koki\u0105 kalb\u0105 prieinam\u0105 visiems ir visur. &quot;Talkpal&quot;\" \/>\n<meta property=\"og:url\" content=\"https:\/\/talkpal.ai\/lt\/apie\/\" \/>\n<meta property=\"og:site_name\" content=\"Talkpal\" \/>\n<meta property=\"article:publisher\" content=\"https:\/\/www.facebook.com\/profile.php?id=100090733639311\" \/>\n<meta property=\"article:modified_time\" content=\"2026-03-06T16:34:42+00:00\" \/>\n<meta property=\"og:image\" content=\"https:\/\/talkpal.ai\/wp-content\/uploads\/2024\/03\/Talkpal-Logo-Icon.png\" \/>\n\t<meta property=\"og:image:width\" content=\"5000\" \/>\n\t<meta property=\"og:image:height\" content=\"5000\" \/>\n\t<meta property=\"og:image:type\" content=\"image\/png\" \/>\n<meta name=\"twitter:card\" content=\"summary_large_image\" \/>\n<meta name=\"twitter:site\" content=\"@talkpalai\" \/>\n<meta name=\"twitter:label1\" content=\"Est. reading time\" \/>\n\t<meta name=\"twitter:data1\" content=\"4 minut\u0117s\" \/>\n<script type=\"application\/ld+json\" class=\"yoast-schema-graph\">{\"@context\":\"https:\/\/schema.org\",\"@graph\":[{\"@type\":\"WebPage\",\"@id\":\"https:\/\/talkpal.ai\/lt\/apie\/\",\"url\":\"https:\/\/talkpal.ai\/lt\/apie\/\",\"name\":\"Apie - Talkpal\",\"isPartOf\":{\"@id\":\"https:\/\/talkpal.ai\/lt\/#website\"},\"primaryImageOfPage\":{\"@id\":\"https:\/\/talkpal.ai\/lt\/apie\/#primaryimage\"},\"image\":{\"@id\":\"https:\/\/talkpal.ai\/lt\/apie\/#primaryimage\"},\"thumbnailUrl\":\"https:\/\/talkpal.ai\/wp-content\/uploads\/2024\/03\/Talkpal-Logo-Icon.png\",\"datePublished\":\"2023-04-03T14:56:00+00:00\",\"dateModified\":\"2026-03-06T16:34:42+00:00\",\"description\":\"\\\"Talkpal\\\" yra GPT valdomas dirbtinio intelekto kalbos mokytojas, kuris buvo \u012fkurtas tikint, kad kalb\u0173 mokymasis tur\u0117t\u0173 b\u016bti prieinamas visiems.\",\"breadcrumb\":{\"@id\":\"https:\/\/talkpal.ai\/lt\/apie\/#breadcrumb\"},\"inLanguage\":\"lt-LT\",\"potentialAction\":[{\"@type\":\"ReadAction\",\"target\":[\"https:\/\/talkpal.ai\/lt\/apie\/\"]}]},{\"@type\":\"ImageObject\",\"inLanguage\":\"lt-LT\",\"@id\":\"https:\/\/talkpal.ai\/lt\/apie\/#primaryimage\",\"url\":\"https:\/\/talkpal.ai\/wp-content\/uploads\/2024\/03\/Talkpal-Logo-Icon.png\",\"contentUrl\":\"https:\/\/talkpal.ai\/wp-content\/uploads\/2024\/03\/Talkpal-Logo-Icon.png\",\"width\":5000,\"height\":5000,\"caption\":\"talkpal logo\"},{\"@type\":\"BreadcrumbList\",\"@id\":\"https:\/\/talkpal.ai\/lt\/apie\/#breadcrumb\",\"itemListElement\":[{\"@type\":\"ListItem\",\"position\":1,\"name\":\"Homepage\",\"item\":\"https:\/\/talkpal.ai\/lt\/\"},{\"@type\":\"ListItem\",\"position\":2,\"name\":\"Apie\"}]},{\"@type\":\"WebSite\",\"@id\":\"https:\/\/talkpal.ai\/lt\/#website\",\"url\":\"https:\/\/talkpal.ai\/lt\/\",\"name\":\"Talkpal\",\"description\":\"AI Language Learning\",\"publisher\":{\"@id\":\"https:\/\/talkpal.ai\/lt\/#organization\"},\"alternateName\":\"Talkpal AI\",\"potentialAction\":[{\"@type\":\"SearchAction\",\"target\":{\"@type\":\"EntryPoint\",\"urlTemplate\":\"https:\/\/talkpal.ai\/lt\/?s={search_term_string}\"},\"query-input\":{\"@type\":\"PropertyValueSpecification\",\"valueRequired\":true,\"valueName\":\"search_term_string\"}}],\"inLanguage\":\"lt-LT\"},{\"@type\":\"Organization\",\"@id\":\"https:\/\/talkpal.ai\/lt\/#organization\",\"name\":\"Talkpal, Inc.\",\"alternateName\":\"Talkpal AI\",\"url\":\"https:\/\/talkpal.ai\/lt\/\",\"logo\":{\"@type\":\"ImageObject\",\"inLanguage\":\"lt-LT\",\"@id\":\"https:\/\/talkpal.ai\/lt\/#\/schema\/logo\/image\/\",\"url\":\"https:\/\/talkpal.ai\/wp-content\/uploads\/2024\/03\/Talkpal-Logo-Icon.png\",\"contentUrl\":\"https:\/\/talkpal.ai\/wp-content\/uploads\/2024\/03\/Talkpal-Logo-Icon.png\",\"width\":2880,\"height\":2880,\"caption\":\"Talkpal, Inc.\"},\"image\":{\"@id\":\"https:\/\/talkpal.ai\/lt\/#\/schema\/logo\/image\/\"},\"sameAs\":[\"https:\/\/www.facebook.com\/profile.php?id=100090733639311\",\"https:\/\/x.com\/talkpalai\",\"https:\/\/www.linkedin.com\/company\/talkpal\/\",\"https:\/\/www.youtube.com\/@TalkPal\/\",\"https:\/\/www.tiktok.com\/@talkpal\",\"https:\/\/www.instagram.com\/talkpal_ai\/\",\"https:\/\/www.crunchbase.com\/organization\/talkpal-9cde\",\"https:\/\/www.g2.com\/products\/talkpal-for-business\/\",\"https:\/\/www.trustpilot.com\/review\/talkpal.ai\",\"https:\/\/www.capterra.com\/p\/10006800\/TalkPal\/\"],\"description\":\"Talkpal is a language learning web and mobile education app, powered by the latest AI technologies, that provides engaging experiences to its customers in many different languages to help them improve their language skills. Users can chat about unlimited amount of topics with the app and use other modes to practice their language learning.\",\"email\":\"support@talkpal.ai\",\"legalName\":\"Talkpal, Inc.\",\"foundingDate\":\"2023-04-03\",\"duns\":\"118989042\",\"numberOfEmployees\":{\"@type\":\"QuantitativeValue\",\"minValue\":\"11\",\"maxValue\":\"50\"},\"publishingPrinciples\":\"https:\/\/talkpal.ai\/publishing-principles\/\",\"actionableFeedbackPolicy\":\"https:\/\/talkpal.ai\/actionable-feedback-policy\/\",\"correctionsPolicy\":\"https:\/\/talkpal.ai\/corrections-policy\/\",\"ethicsPolicy\":\"https:\/\/talkpal.ai\/ethics-policy\/\",\"diversityPolicy\":\"https:\/\/talkpal.ai\/diversity-policy\/\",\"diversityStaffingReport\":\"https:\/\/talkpal.ai\/diversity-policy\/\"}]}<\/script>\n<!-- \/ Yoast SEO Premium plugin. -->","yoast_head_json":{"title":"Apie - Talkpal","description":"\"Talkpal\" yra GPT valdomas dirbtinio intelekto kalbos mokytojas, kuris buvo \u012fkurtas tikint, kad kalb\u0173 mokymasis tur\u0117t\u0173 b\u016bti prieinamas visiems.","robots":{"index":"index","follow":"follow","max-snippet":"max-snippet:-1","max-image-preview":"max-image-preview:large","max-video-preview":"max-video-preview:-1"},"canonical":"https:\/\/talkpal.ai\/lt\/apie\/","og_locale":"lt_LT","og_type":"article","og_title":"Apie","og_description":"\"Talkpal, Inc.\" yra dirbtiniu intelektu paremta kalb\u0173 mokymosi bendrov\u0117, kurios misija - padaryti bet koki\u0105 kalb\u0105 prieinam\u0105 visiems ir visur. \"Talkpal\"","og_url":"https:\/\/talkpal.ai\/lt\/apie\/","og_site_name":"Talkpal","article_publisher":"https:\/\/www.facebook.com\/profile.php?id=100090733639311","article_modified_time":"2026-03-06T16:34:42+00:00","og_image":[{"width":5000,"height":5000,"url":"https:\/\/talkpal.ai\/wp-content\/uploads\/2024\/03\/Talkpal-Logo-Icon.png","type":"image\/png"}],"twitter_card":"summary_large_image","twitter_site":"@talkpalai","twitter_misc":{"Est. reading time":"4 minut\u0117s"},"schema":{"@context":"https:\/\/schema.org","@graph":[{"@type":"WebPage","@id":"https:\/\/talkpal.ai\/lt\/apie\/","url":"https:\/\/talkpal.ai\/lt\/apie\/","name":"Apie - Talkpal","isPartOf":{"@id":"https:\/\/talkpal.ai\/lt\/#website"},"primaryImageOfPage":{"@id":"https:\/\/talkpal.ai\/lt\/apie\/#primaryimage"},"image":{"@id":"https:\/\/talkpal.ai\/lt\/apie\/#primaryimage"},"thumbnailUrl":"https:\/\/talkpal.ai\/wp-content\/uploads\/2024\/03\/Talkpal-Logo-Icon.png","datePublished":"2023-04-03T14:56:00+00:00","dateModified":"2026-03-06T16:34:42+00:00","description":"\"Talkpal\" yra GPT valdomas dirbtinio intelekto kalbos mokytojas, kuris buvo \u012fkurtas tikint, kad kalb\u0173 mokymasis tur\u0117t\u0173 b\u016bti prieinamas visiems.","breadcrumb":{"@id":"https:\/\/talkpal.ai\/lt\/apie\/#breadcrumb"},"inLanguage":"lt-LT","potentialAction":[{"@type":"ReadAction","target":["https:\/\/talkpal.ai\/lt\/apie\/"]}]},{"@type":"ImageObject","inLanguage":"lt-LT","@id":"https:\/\/talkpal.ai\/lt\/apie\/#primaryimage","url":"https:\/\/talkpal.ai\/wp-content\/uploads\/2024\/03\/Talkpal-Logo-Icon.png","contentUrl":"https:\/\/talkpal.ai\/wp-content\/uploads\/2024\/03\/Talkpal-Logo-Icon.png","width":5000,"height":5000,"caption":"talkpal logo"},{"@type":"BreadcrumbList","@id":"https:\/\/talkpal.ai\/lt\/apie\/#breadcrumb","itemListElement":[{"@type":"ListItem","position":1,"name":"Homepage","item":"https:\/\/talkpal.ai\/lt\/"},{"@type":"ListItem","position":2,"name":"Apie"}]},{"@type":"WebSite","@id":"https:\/\/talkpal.ai\/lt\/#website","url":"https:\/\/talkpal.ai\/lt\/","name":"Talkpal","description":"AI Language Learning","publisher":{"@id":"https:\/\/talkpal.ai\/lt\/#organization"},"alternateName":"Talkpal AI","potentialAction":[{"@type":"SearchAction","target":{"@type":"EntryPoint","urlTemplate":"https:\/\/talkpal.ai\/lt\/?s={search_term_string}"},"query-input":{"@type":"PropertyValueSpecification","valueRequired":true,"valueName":"search_term_string"}}],"inLanguage":"lt-LT"},{"@type":"Organization","@id":"https:\/\/talkpal.ai\/lt\/#organization","name":"Talkpal, Inc.","alternateName":"Talkpal AI","url":"https:\/\/talkpal.ai\/lt\/","logo":{"@type":"ImageObject","inLanguage":"lt-LT","@id":"https:\/\/talkpal.ai\/lt\/#\/schema\/logo\/image\/","url":"https:\/\/talkpal.ai\/wp-content\/uploads\/2024\/03\/Talkpal-Logo-Icon.png","contentUrl":"https:\/\/talkpal.ai\/wp-content\/uploads\/2024\/03\/Talkpal-Logo-Icon.png","width":2880,"height":2880,"caption":"Talkpal, Inc."},"image":{"@id":"https:\/\/talkpal.ai\/lt\/#\/schema\/logo\/image\/"},"sameAs":["https:\/\/www.facebook.com\/profile.php?id=100090733639311","https:\/\/x.com\/talkpalai","https:\/\/www.linkedin.com\/company\/talkpal\/","https:\/\/www.youtube.com\/@TalkPal\/","https:\/\/www.tiktok.com\/@talkpal","https:\/\/www.instagram.com\/talkpal_ai\/","https:\/\/www.crunchbase.com\/organization\/talkpal-9cde","https:\/\/www.g2.com\/products\/talkpal-for-business\/","https:\/\/www.trustpilot.com\/review\/talkpal.ai","https:\/\/www.capterra.com\/p\/10006800\/TalkPal\/"],"description":"Talkpal is a language learning web and mobile education app, powered by the latest AI technologies, that provides engaging experiences to its customers in many different languages to help them improve their language skills. Users can chat about unlimited amount of topics with the app and use other modes to practice their language learning.","email":"support@talkpal.ai","legalName":"Talkpal, Inc.","foundingDate":"2023-04-03","duns":"118989042","numberOfEmployees":{"@type":"QuantitativeValue","minValue":"11","maxValue":"50"},"publishingPrinciples":"https:\/\/talkpal.ai\/publishing-principles\/","actionableFeedbackPolicy":"https:\/\/talkpal.ai\/actionable-feedback-policy\/","correctionsPolicy":"https:\/\/talkpal.ai\/corrections-policy\/","ethicsPolicy":"https:\/\/talkpal.ai\/ethics-policy\/","diversityPolicy":"https:\/\/talkpal.ai\/diversity-policy\/","diversityStaffingReport":"https:\/\/talkpal.ai\/diversity-policy\/"}]}},"_links":{"self":[{"href":"https:\/\/talkpal.ai\/lt\/wp-json\/wp\/v2\/pages\/166877","targetHints":{"allow":["GET"]}}],"collection":[{"href":"https:\/\/talkpal.ai\/lt\/wp-json\/wp\/v2\/pages"}],"about":[{"href":"https:\/\/talkpal.ai\/lt\/wp-json\/wp\/v2\/types\/page"}],"author":[{"embeddable":true,"href":"https:\/\/talkpal.ai\/lt\/wp-json\/wp\/v2\/users\/1"}],"replies":[{"embeddable":true,"href":"https:\/\/talkpal.ai\/lt\/wp-json\/wp\/v2\/comments?post=166877"}],"version-history":[{"count":0,"href":"https:\/\/talkpal.ai\/lt\/wp-json\/wp\/v2\/pages\/166877\/revisions"}],"wp:featuredmedia":[{"embeddable":true,"href":"https:\/\/talkpal.ai\/lt\/wp-json\/wp\/v2\/media\/197967"}],"wp:attachment":[{"href":"https:\/\/talkpal.ai\/lt\/wp-json\/wp\/v2\/media?parent=166877"}],"curies":[{"name":"wp","href":"https:\/\/api.w.org\/{rel}","templated":true}]}}