{"id":166729,"date":"2023-06-16T10:58:35","date_gmt":"2023-06-16T10:58:35","guid":{"rendered":"http:\/\/talkpal.ai\/rusu-kalbos-gramatikos-pratimai\/"},"modified":"2025-12-17T16:24:03","modified_gmt":"2025-12-17T16:24:03","slug":"rusu-kalbos-gramatikos-pratimai","status":"publish","type":"page","link":"https:\/\/talkpal.ai\/lt\/rusu-kalbos-gramatikos-pratimai\/","title":{"rendered":"Rus\u0173 kalbos gramatikos pratimai"},"content":{"rendered":"\r\n\r\n\r\n<section class=\"languageChallengeSection\">\r\n    <div class=\"languageInfoWrapper\">\r\n        \r\n        <h1>Rus\u0173 kalbos gramatikos pratimai<\/h1>\r\n        <p>Ar esate pasireng\u0119 sustiprinti savo <a href=\"https:\/\/talkpal.ai\/lt\/mokykites-rusu-kalbos\/\">rus\u0173 kalbos<\/a> \u012fg\u016bd\u017eius? Gramatikos pratimai yra vienas geriausi\u0173 b\u016bd\u0173 \u012fsisavinti sakinio strukt\u016br\u0105, veiksma\u017eod\u017ei\u0173 junginius ir unikalias <a href=\"https:\/\/talkpal.ai\/learn-russian\/\">rus\u0173<\/a> <a href=\"https:\/\/talkpal.ai\/what-language-is-spoken-on-the-international-space-station\/\">kalbos<\/a> taisykles. Prad\u0117kite tyrin\u0117ti rus\u0173 kalbos gramatik\u0105 \u0161iandien ir steb\u0117kite, kaip su kiekvienu pratimu auga j\u016bs\u0173 supratimas ir sklandumas!<\/p>\r\n\r\n                            <a class=\"getStartedHidden\" href=\"https:\/\/app.talkpal.ai\/lt\/signup?lng=\">Prad\u0117k<\/a>\r\n        \r\n    <\/div>\r\n\r\n    <figure>\r\n    <img decoding=\"async\" width=\"768\" height=\"768\" src=\"https:\/\/talkpal.ai\/wp-content\/uploads\/2023\/06\/russian-768x768.png\" class=\"languageImage no-lazy\" alt=\"Language learning for multicultural understanding\" fetchpriority=\"high\" sizes=\"(max-width: 768px) 150px, 768px\" srcset=\"https:\/\/talkpal.ai\/wp-content\/uploads\/2023\/06\/russian-768x768.png 768w, https:\/\/talkpal.ai\/wp-content\/uploads\/2023\/06\/russian-300x300.png 300w\" \/>\r\n    \r\n\r\n    <\/figure>\r\n\r\n            <a class=\"getStartedVisible\" href=\"https:\/\/app.talkpal.ai\/lt\/signup?lng=\">Prad\u0117k<\/a>\r\n    \r\n<\/section>\r\n\r\n\r\n<!-- <section class=\"grammarSection\">\r\n    <div class=\"grammarLinks\">\r\n            <\/div>\r\n<\/section> -->\r\n\r\n\r\n\r\n\r\n<section class=\"promotionalBanner\">\r\n    <p class=\"promotionalText\">Efektyviausias b\u016bdas mokytis kalbos<\/p>\r\n    <a class=\"promotionalLink\" href=\"https:\/\/app.talkpal.ai\/lt\/signup?lng=\">I\u0161bandykite Talkpal &#8221; nemokamai<\/a>\r\n<\/section>\n<div class=\"wp-block-group pageContainerStyle\"><div class=\"wp-block-group__inner-container is-layout-constrained wp-block-group-is-layout-constrained\">\n<h2 class=\"wp-block-heading\" id=\"h-russian-grammar-topics\">Rus\u0173 kalbos gramatikos temos<\/h2>\n\n\n\n<p>Rus\u0173 kalbos <a href=\"https:\/\/talkpal.ai\/lt\/mokymasis\/\">mokymasis<\/a> gali b\u016bti ne\u012ftik\u0117tinai naudinga ir intelektualiai stimuliuojanti patirtis. Rus\u0173 kalba yra ne tik turtinga \u017eodynu ir i\u0161rai\u0161kinga galia, bet ir suteikia lang\u0105 \u012f \u012fsp\u016bding\u0105 Rusijos ir buvusios Soviet\u0173 S\u0105jungos kult\u016br\u0105, istorij\u0105 ir literat\u016br\u0105. Prad\u0117dami kelion\u0119 <a href=\"https:\/\/talkpal.ai\/learn-russian\/\">mokytis rus\u0173 kalbos<\/a>, svarbu susipa\u017einti su \u012fvairiomis gramatikos temomis, kurios sudarys j\u016bs\u0173 kalbos \u012fg\u016bd\u017ei\u0173 pagrind\u0105. \u0160iame vadove pateiksime pagrindini\u0173 rus\u0173 kalbos gramatikos tem\u0173 ap\u017evalg\u0105, \u012fskaitant laikus, veiksma\u017eod\u017eius, daiktavard\u017eius, straipsnius, \u012fvard\u017eius, b\u016bdvard\u017eius, prieveiksmius, prielinksnius ir sakini\u0173 strukt\u016br\u0105. \u012evald\u0119 \u0161iuos pagrindus, b\u016bsite pakeliui \u012f skland\u017ei\u0105 rus\u0173 kalb\u0105.<\/p>\n\n\n\n<h3 class=\"wp-block-heading\" id=\"h-1-nouns\">1. Daiktavard\u017eiai:<\/h3>\n\n\n\n<p>Prad\u0117kite mokytis rus\u0173 daiktavard\u017ei\u0173, nes jie yra pagrindiniai kalbos elementai. Rus\u0173 daiktavard\u017eiai turi tris lytis (vyri\u0161k\u0105, moteri\u0161k\u0105 ir neuter\u012f) ir \u0161e\u0161is atvejus (nominacin\u012f, genitive, dative, akustin\u012f, instrumentin\u012f ir prielinksnin\u012f). Lyties ir atvej\u0173 sistemos supratimas yra labai svarbus norint tinkamai vartoti daiktavard\u017eius sakiniuose.<\/p>\n\n\n\n<h3 class=\"wp-block-heading\" id=\"h-2-pronouns\">2. \u012evard\u017eiai:<\/h3>\n\n\n\n<p>Susipa\u017ein\u0119 su daiktavard\u017eiais, pereikite prie \u012fvard\u017ei\u0173, kurie sakiniuose pakei\u010dia daiktavard\u017eius, kad b\u016bt\u0173 i\u0161vengta pasikartojim\u0173. \u012evard\u017eiai taip pat turi gimines ir atvejus, tod\u0117l svarbu i\u0161mokti j\u0173 formas ir vartojim\u0105.<\/p>\n\n\n\n<h3 class=\"wp-block-heading\" id=\"h-3-adjectives\">3. B\u016bdvard\u017eiai:<\/h3>\n\n\n\n<p>B\u016bdvard\u017eiai apib\u016bdina arba modifikuoja daiktavard\u017eius ir \u012fvard\u017eius. Jie sutinka su daiktavard\u017eiais, kuriuos jie kei\u010dia lytimi, skai\u010diumi ir atveju. Su\u017einokite apie skirtingas b\u016bdvard\u017ei\u0173 formas ir gal\u016bnes, kad jas teisingai naudotum\u0117te.<\/p>\n\n\n\n<h3 class=\"wp-block-heading\" id=\"h-4-verbs\">4. Veiksma\u017eod\u017eiai:<\/h3>\n\n\n\n<p>Veiksma\u017eod\u017eiai yra bet kurio sakinio pagrindas, nes jie i\u0161rei\u0161kia veiksmus, b\u016bsenas ar \u012fvykius. Rus\u0173 kalba veiksma\u017eod\u017eiai turi du aspektus (tobulus ir netobulus) ir konjuguoti pagal asmen\u012f, skai\u010di\u0173 ir \u012ftamp\u0105. Susipa\u017einkite su konjugacijos modeliais ir aspektais, kad sukurtum\u0117te tikslias veiksma\u017eod\u017ei\u0173 formas.<\/p>\n\n\n\n<h3 class=\"wp-block-heading\" id=\"h-5-tenses-indicative\">5. Laikai orientaciniai:<\/h3>\n\n\n\n<p>Rus\u0173 kalba turi tris orientacinius laikus: praeit\u012f, dabart\u012f ir ateit\u012f. Su\u017einokite, kaip formuoti ir naudoti \u0161iuos laikus, kad i\u0161reik\u0161tum\u0117te veiksmus ir \u012fvykius skirtingais laikotarpiais.<\/p>\n\n\n\n<h3 class=\"wp-block-heading\" id=\"h-6-tenses-subjunctive\">6. Laik\u0173 subjunkcija:<\/h3>\n\n\n\n<p>Subjunkcin\u0117 nuotaika i\u0161rei\u0161kia hipotetines situacijas, norus ar nerealias s\u0105lygas. Su\u017einokite, kaip formuoti subjunktyv\u0105 rus\u0173 kalba ir kada j\u012f naudoti sakiniuose.<\/p>\n\n\n\n<h3 class=\"wp-block-heading\" id=\"h-7-tense-comparison\">7. \u012etemptas palyginimas:<\/h3>\n\n\n\n<p>Norint ai\u0161kiai bendrauti, b\u016btina suprasti, kaip palyginti ir sugretinti veiksmus skirtingais laikais. Praktikuokite naudodami \u012fvairius laikus kartu, kad i\u0161reik\u0161tum\u0117te sud\u0117tingas mintis ir id\u0117jas.<\/p>\n\n\n\n<h3 class=\"wp-block-heading\" id=\"h-8-adverbs\">8. Prieveiksmiai:<\/h3>\n\n\n\n<p>Prieveiksmiai modifikuoja veiksma\u017eod\u017eius, b\u016bdvard\u017eius ar kitus prieveiksmius, pateikdami informacij\u0105 apie <a href=\"https:\/\/talkpal.ai\/learn-thai\/\">tai<\/a>, kaip, kada, kur ir kokiu mastu veiksmas vyksta. Su\u017einokite \u012fprastus rus\u0173 kalbos prieveiksmius ir j\u0173 naudojim\u0105, kad pagerintum\u0117te savo sakinius.<\/p>\n\n\n\n<h3 class=\"wp-block-heading\" id=\"h-9-prepositions\">9. Prielinksniai:<\/h3>\n\n\n\n<p>Prielinksniai susieja daiktavard\u017eius, \u012fvard\u017eius ar frazes su kitais sakinio \u017eod\u017eiais, nurodydami tokius ry\u0161ius kaip vieta, kryptis, laikas ar tikslas. Susipa\u017einkite su rus\u0173 prielinksniais ir atitinkamais j\u0173 atvejais, kad sukurtum\u0117te gramati\u0161kai teisingus sakinius.<\/p>\n\n\n\n<h3 class=\"wp-block-heading\" id=\"h-10-sentence-structure\">10. Sakinio strukt\u016bra:<\/h3>\n\n\n\n<p>Galiausiai i\u0161mokite rus\u0173 sakini\u0173 strukt\u016bros pagrindus, \u012fskaitant \u017eod\u017ei\u0173 tvark\u0105, neigim\u0105 ir klausim\u0173 formavim\u0105. Supratimas, kaip teisingai sudaryti sakinius, u\u017etikrins, kad j\u016bs\u0173 kalba ir para\u0161yta rus\u0173 kalba b\u016bt\u0173 ai\u0161ki ir suprantama.<\/p>\n\n\n\n<p>Laikydamiesi \u0161ios sekos ir skirdami laiko kiekvienai gramatikos temai, sukursite tvirt\u0105 pagrind\u0105 rus\u0173 kalba, leid\u017eiant\u012f efektyviai bendrauti ir \u012fvertinti kalbos gro\u017e\u012f bei gyl\u012f.<\/p>\n<\/div><\/div>\n\r\n<section class=\"learnNavigationSection\">\r\n            \r\n        <a href=\"https:\/\/talkpal.ai\/lt\/mokykites-rusu-kalbos\/\">\r\n            <div class=\"learnNavigationWrapper\">\r\n                <div class=\"learnNavigationContent\">\r\n                    <img decoding=\"async\" src=\"https:\/\/talkpal.ai\/wp-content\/uploads\/2024\/08\/Russian.jpg\" alt=\"Russian Flag\">\r\n                    <div>\r\n                        <h4>Apie rus\u0173 kalbos mokym\u0105si<\/h4>\r\n                        <p>Su\u017einokite visk\u0105 apie rus\u0173 kalbos gramatik\u0105.<\/p>\r\n                    <\/div>\r\n                <\/div>\r\n            <\/div>\r\n        <\/a>\r\n\r\n        \r\n        <a href=\"https:\/\/talkpal.ai\/lt\/rusu-kalbos-gramatika\/\">\r\n            <div class=\"learnNavigationWrapper\">\r\n                <div class=\"learnNavigationContent\">\r\n                    <img decoding=\"async\" src=\"https:\/\/talkpal.ai\/wp-content\/uploads\/2024\/08\/Russian.jpg\" alt=\"Russian Flag\">\r\n                    <div>\r\n                        <h4>Rus\u0173 kalbos gramatikos pamokos<\/h4>\r\n                        <p>Praktikuokite rus\u0173 kalbos gramatik\u0105.<\/p>\r\n                    <\/div>\r\n                <\/div>\r\n            <\/div>\r\n        <\/a>\r\n\r\n        \r\n        <a href=\"https:\/\/talkpal.ai\/vocabulary_language\/russian\/\">\r\n            <div class=\"learnNavigationWrapper\">\r\n                <div class=\"learnNavigationContent\">\r\n                    <img decoding=\"async\" src=\"https:\/\/talkpal.ai\/wp-content\/uploads\/2024\/08\/Russian.jpg\" alt=\"Russian Flag\">\r\n                    <div>\r\n                        <h4>Rus\u0173 kalbos \u017eodynas<\/h4>\r\n                        <p>Prapl\u0117skite savo rus\u0173 kalbos \u017eodyn\u0105.<\/p>\r\n                    <\/div>\r\n                <\/div>\r\n            <\/div>\r\n        <\/a>\r\n\r\n            <\/section>","protected":false},"excerpt":{"rendered":"<p>Rus\u0173 kalbos gramatikos temos Rus\u0173 kalbos mokymasis gali b\u016bti ne\u012ftik\u0117tinai naudinga ir intelektualiai stimuliuojanti patirtis. Rus\u0173 kalba yra ne tik turtinga \u017eodynu ir i\u0161rai\u0161kinga galia, bet ir suteikia lang\u0105 \u012f \u012fsp\u016bding\u0105 Rusijos ir buvusios Soviet\u0173 S\u0105jungos kult\u016br\u0105, istorij\u0105 ir literat\u016br\u0105. Prad\u0117dami kelion\u0119 mokytis rus\u0173 kalbos, svarbu susipa\u017einti su \u012fvairiomis gramatikos temomis, kurios sudarys j\u016bs\u0173 kalbos [&hellip;]<\/p>\n","protected":false},"author":6,"featured_media":108004,"parent":0,"menu_order":0,"comment_status":"closed","ping_status":"closed","template":"LearningContentPage.php","meta":{"_acf_changed":false,"footnotes":""},"class_list":["post-166729","page","type-page","status-publish","has-post-thumbnail","hentry"],"acf":[],"yoast_head":"<!-- This site is optimized with the Yoast SEO Premium plugin v27.2 (Yoast SEO v27.2) - https:\/\/yoast.com\/product\/yoast-seo-premium-wordpress\/ -->\n<title>Rus\u0173 kalbos gramatikos pratimai - Talkpal<\/title>\n<meta name=\"description\" content=\"I\u0161nagrin\u0117kite esminius rus\u0173 kalbos gramatikos pratimus, kad sustiprintum\u0117te savo kalbos \u012fg\u016bd\u017eius ir skland\u017eiai kalb\u0117tum\u0117te rus\u0173 kalba.\" \/>\n<meta name=\"robots\" content=\"index, follow, max-snippet:-1, max-image-preview:large, max-video-preview:-1\" \/>\n<link rel=\"canonical\" href=\"https:\/\/talkpal.ai\/lt\/rusu-kalbos-gramatikos-pratimai\/\" \/>\n<meta property=\"og:locale\" content=\"lt_LT\" \/>\n<meta property=\"og:type\" content=\"article\" \/>\n<meta property=\"og:title\" content=\"Rus\u0173 kalbos gramatikos pratimai\" \/>\n<meta property=\"og:description\" content=\"Rus\u0173 kalbos gramatikos temos Rus\u0173 kalbos mokymasis gali b\u016bti ne\u012ftik\u0117tinai naudinga ir intelektualiai stimuliuojanti patirtis. Rus\u0173 kalba yra ne tik\" \/>\n<meta property=\"og:url\" content=\"https:\/\/talkpal.ai\/lt\/rusu-kalbos-gramatikos-pratimai\/\" \/>\n<meta property=\"og:site_name\" content=\"Talkpal\" \/>\n<meta property=\"article:publisher\" content=\"https:\/\/www.facebook.com\/profile.php?id=100090733639311\" \/>\n<meta property=\"article:modified_time\" content=\"2025-12-17T16:24:03+00:00\" \/>\n<meta property=\"og:image\" content=\"https:\/\/talkpal.ai\/wp-content\/uploads\/2023\/04\/rusia.png\" \/>\n\t<meta property=\"og:image:width\" content=\"512\" \/>\n\t<meta property=\"og:image:height\" content=\"512\" \/>\n\t<meta property=\"og:image:type\" content=\"image\/png\" \/>\n<meta name=\"twitter:card\" content=\"summary_large_image\" \/>\n<meta name=\"twitter:site\" content=\"@talkpalai\" \/>\n<meta name=\"twitter:label1\" content=\"Est. reading time\" \/>\n\t<meta name=\"twitter:data1\" content=\"3 minut\u0117s\" \/>\n<script type=\"application\/ld+json\" class=\"yoast-schema-graph\">{\"@context\":\"https:\/\/schema.org\",\"@graph\":[{\"@type\":\"WebPage\",\"@id\":\"https:\/\/talkpal.ai\/lt\/rusu-kalbos-gramatikos-pratimai\/\",\"url\":\"https:\/\/talkpal.ai\/lt\/rusu-kalbos-gramatikos-pratimai\/\",\"name\":\"Rus\u0173 kalbos gramatikos pratimai - Talkpal\",\"isPartOf\":{\"@id\":\"https:\/\/talkpal.ai\/lt\/#website\"},\"primaryImageOfPage\":{\"@id\":\"https:\/\/talkpal.ai\/lt\/rusu-kalbos-gramatikos-pratimai\/#primaryimage\"},\"image\":{\"@id\":\"https:\/\/talkpal.ai\/lt\/rusu-kalbos-gramatikos-pratimai\/#primaryimage\"},\"thumbnailUrl\":\"https:\/\/talkpal.ai\/wp-content\/uploads\/2023\/04\/rusia.png\",\"datePublished\":\"2023-06-16T10:58:35+00:00\",\"dateModified\":\"2025-12-17T16:24:03+00:00\",\"description\":\"I\u0161nagrin\u0117kite esminius rus\u0173 kalbos gramatikos pratimus, kad sustiprintum\u0117te savo kalbos \u012fg\u016bd\u017eius ir skland\u017eiai kalb\u0117tum\u0117te rus\u0173 kalba.\",\"breadcrumb\":{\"@id\":\"https:\/\/talkpal.ai\/lt\/rusu-kalbos-gramatikos-pratimai\/#breadcrumb\"},\"inLanguage\":\"lt-LT\",\"potentialAction\":[{\"@type\":\"ReadAction\",\"target\":[\"https:\/\/talkpal.ai\/lt\/rusu-kalbos-gramatikos-pratimai\/\"]}]},{\"@type\":\"ImageObject\",\"inLanguage\":\"lt-LT\",\"@id\":\"https:\/\/talkpal.ai\/lt\/rusu-kalbos-gramatikos-pratimai\/#primaryimage\",\"url\":\"https:\/\/talkpal.ai\/wp-content\/uploads\/2023\/04\/rusia.png\",\"contentUrl\":\"https:\/\/talkpal.ai\/wp-content\/uploads\/2023\/04\/rusia.png\",\"width\":512,\"height\":512},{\"@type\":\"BreadcrumbList\",\"@id\":\"https:\/\/talkpal.ai\/lt\/rusu-kalbos-gramatikos-pratimai\/#breadcrumb\",\"itemListElement\":[{\"@type\":\"ListItem\",\"position\":1,\"name\":\"Homepage\",\"item\":\"https:\/\/talkpal.ai\/lt\/\"},{\"@type\":\"ListItem\",\"position\":2,\"name\":\"Rus\u0173 kalbos gramatikos pratimai\"}]},{\"@type\":\"WebSite\",\"@id\":\"https:\/\/talkpal.ai\/lt\/#website\",\"url\":\"https:\/\/talkpal.ai\/lt\/\",\"name\":\"Talkpal\",\"description\":\"AI Language Learning\",\"publisher\":{\"@id\":\"https:\/\/talkpal.ai\/lt\/#organization\"},\"alternateName\":\"Talkpal AI\",\"potentialAction\":[{\"@type\":\"SearchAction\",\"target\":{\"@type\":\"EntryPoint\",\"urlTemplate\":\"https:\/\/talkpal.ai\/lt\/?s={search_term_string}\"},\"query-input\":{\"@type\":\"PropertyValueSpecification\",\"valueRequired\":true,\"valueName\":\"search_term_string\"}}],\"inLanguage\":\"lt-LT\"},{\"@type\":\"Organization\",\"@id\":\"https:\/\/talkpal.ai\/lt\/#organization\",\"name\":\"Talkpal, Inc.\",\"alternateName\":\"Talkpal AI\",\"url\":\"https:\/\/talkpal.ai\/lt\/\",\"logo\":{\"@type\":\"ImageObject\",\"inLanguage\":\"lt-LT\",\"@id\":\"https:\/\/talkpal.ai\/lt\/#\/schema\/logo\/image\/\",\"url\":\"https:\/\/talkpal.ai\/wp-content\/uploads\/2024\/03\/Talkpal-Logo-Icon.png\",\"contentUrl\":\"https:\/\/talkpal.ai\/wp-content\/uploads\/2024\/03\/Talkpal-Logo-Icon.png\",\"width\":2880,\"height\":2880,\"caption\":\"Talkpal, Inc.\"},\"image\":{\"@id\":\"https:\/\/talkpal.ai\/lt\/#\/schema\/logo\/image\/\"},\"sameAs\":[\"https:\/\/www.facebook.com\/profile.php?id=100090733639311\",\"https:\/\/x.com\/talkpalai\",\"https:\/\/www.linkedin.com\/company\/talkpal\/\",\"https:\/\/www.youtube.com\/@TalkPal\/\",\"https:\/\/www.tiktok.com\/@talkpal\",\"https:\/\/www.instagram.com\/talkpal_ai\/\",\"https:\/\/www.crunchbase.com\/organization\/talkpal-9cde\",\"https:\/\/www.g2.com\/products\/talkpal-for-business\/\",\"https:\/\/www.trustpilot.com\/review\/talkpal.ai\",\"https:\/\/www.capterra.com\/p\/10006800\/TalkPal\/\"],\"description\":\"Talkpal is a language learning web and mobile education app, powered by the latest AI technologies, that provides engaging experiences to its customers in many different languages to help them improve their language skills. Users can chat about unlimited amount of topics with the app and use other modes to practice their language learning.\",\"email\":\"support@talkpal.ai\",\"legalName\":\"Talkpal, Inc.\",\"foundingDate\":\"2023-04-03\",\"duns\":\"118989042\",\"numberOfEmployees\":{\"@type\":\"QuantitativeValue\",\"minValue\":\"11\",\"maxValue\":\"50\"},\"publishingPrinciples\":\"https:\/\/talkpal.ai\/publishing-principles\/\",\"actionableFeedbackPolicy\":\"https:\/\/talkpal.ai\/actionable-feedback-policy\/\",\"correctionsPolicy\":\"https:\/\/talkpal.ai\/corrections-policy\/\",\"ethicsPolicy\":\"https:\/\/talkpal.ai\/ethics-policy\/\",\"diversityPolicy\":\"https:\/\/talkpal.ai\/diversity-policy\/\",\"diversityStaffingReport\":\"https:\/\/talkpal.ai\/diversity-policy\/\"}]}<\/script>\n<!-- \/ Yoast SEO Premium plugin. -->","yoast_head_json":{"title":"Rus\u0173 kalbos gramatikos pratimai - Talkpal","description":"I\u0161nagrin\u0117kite esminius rus\u0173 kalbos gramatikos pratimus, kad sustiprintum\u0117te savo kalbos \u012fg\u016bd\u017eius ir skland\u017eiai kalb\u0117tum\u0117te rus\u0173 kalba.","robots":{"index":"index","follow":"follow","max-snippet":"max-snippet:-1","max-image-preview":"max-image-preview:large","max-video-preview":"max-video-preview:-1"},"canonical":"https:\/\/talkpal.ai\/lt\/rusu-kalbos-gramatikos-pratimai\/","og_locale":"lt_LT","og_type":"article","og_title":"Rus\u0173 kalbos gramatikos pratimai","og_description":"Rus\u0173 kalbos gramatikos temos Rus\u0173 kalbos mokymasis gali b\u016bti ne\u012ftik\u0117tinai naudinga ir intelektualiai stimuliuojanti patirtis. Rus\u0173 kalba yra ne tik","og_url":"https:\/\/talkpal.ai\/lt\/rusu-kalbos-gramatikos-pratimai\/","og_site_name":"Talkpal","article_publisher":"https:\/\/www.facebook.com\/profile.php?id=100090733639311","article_modified_time":"2025-12-17T16:24:03+00:00","og_image":[{"width":512,"height":512,"url":"https:\/\/talkpal.ai\/wp-content\/uploads\/2023\/04\/rusia.png","type":"image\/png"}],"twitter_card":"summary_large_image","twitter_site":"@talkpalai","twitter_misc":{"Est. reading time":"3 minut\u0117s"},"schema":{"@context":"https:\/\/schema.org","@graph":[{"@type":"WebPage","@id":"https:\/\/talkpal.ai\/lt\/rusu-kalbos-gramatikos-pratimai\/","url":"https:\/\/talkpal.ai\/lt\/rusu-kalbos-gramatikos-pratimai\/","name":"Rus\u0173 kalbos gramatikos pratimai - Talkpal","isPartOf":{"@id":"https:\/\/talkpal.ai\/lt\/#website"},"primaryImageOfPage":{"@id":"https:\/\/talkpal.ai\/lt\/rusu-kalbos-gramatikos-pratimai\/#primaryimage"},"image":{"@id":"https:\/\/talkpal.ai\/lt\/rusu-kalbos-gramatikos-pratimai\/#primaryimage"},"thumbnailUrl":"https:\/\/talkpal.ai\/wp-content\/uploads\/2023\/04\/rusia.png","datePublished":"2023-06-16T10:58:35+00:00","dateModified":"2025-12-17T16:24:03+00:00","description":"I\u0161nagrin\u0117kite esminius rus\u0173 kalbos gramatikos pratimus, kad sustiprintum\u0117te savo kalbos \u012fg\u016bd\u017eius ir skland\u017eiai kalb\u0117tum\u0117te rus\u0173 kalba.","breadcrumb":{"@id":"https:\/\/talkpal.ai\/lt\/rusu-kalbos-gramatikos-pratimai\/#breadcrumb"},"inLanguage":"lt-LT","potentialAction":[{"@type":"ReadAction","target":["https:\/\/talkpal.ai\/lt\/rusu-kalbos-gramatikos-pratimai\/"]}]},{"@type":"ImageObject","inLanguage":"lt-LT","@id":"https:\/\/talkpal.ai\/lt\/rusu-kalbos-gramatikos-pratimai\/#primaryimage","url":"https:\/\/talkpal.ai\/wp-content\/uploads\/2023\/04\/rusia.png","contentUrl":"https:\/\/talkpal.ai\/wp-content\/uploads\/2023\/04\/rusia.png","width":512,"height":512},{"@type":"BreadcrumbList","@id":"https:\/\/talkpal.ai\/lt\/rusu-kalbos-gramatikos-pratimai\/#breadcrumb","itemListElement":[{"@type":"ListItem","position":1,"name":"Homepage","item":"https:\/\/talkpal.ai\/lt\/"},{"@type":"ListItem","position":2,"name":"Rus\u0173 kalbos gramatikos pratimai"}]},{"@type":"WebSite","@id":"https:\/\/talkpal.ai\/lt\/#website","url":"https:\/\/talkpal.ai\/lt\/","name":"Talkpal","description":"AI Language Learning","publisher":{"@id":"https:\/\/talkpal.ai\/lt\/#organization"},"alternateName":"Talkpal AI","potentialAction":[{"@type":"SearchAction","target":{"@type":"EntryPoint","urlTemplate":"https:\/\/talkpal.ai\/lt\/?s={search_term_string}"},"query-input":{"@type":"PropertyValueSpecification","valueRequired":true,"valueName":"search_term_string"}}],"inLanguage":"lt-LT"},{"@type":"Organization","@id":"https:\/\/talkpal.ai\/lt\/#organization","name":"Talkpal, Inc.","alternateName":"Talkpal AI","url":"https:\/\/talkpal.ai\/lt\/","logo":{"@type":"ImageObject","inLanguage":"lt-LT","@id":"https:\/\/talkpal.ai\/lt\/#\/schema\/logo\/image\/","url":"https:\/\/talkpal.ai\/wp-content\/uploads\/2024\/03\/Talkpal-Logo-Icon.png","contentUrl":"https:\/\/talkpal.ai\/wp-content\/uploads\/2024\/03\/Talkpal-Logo-Icon.png","width":2880,"height":2880,"caption":"Talkpal, Inc."},"image":{"@id":"https:\/\/talkpal.ai\/lt\/#\/schema\/logo\/image\/"},"sameAs":["https:\/\/www.facebook.com\/profile.php?id=100090733639311","https:\/\/x.com\/talkpalai","https:\/\/www.linkedin.com\/company\/talkpal\/","https:\/\/www.youtube.com\/@TalkPal\/","https:\/\/www.tiktok.com\/@talkpal","https:\/\/www.instagram.com\/talkpal_ai\/","https:\/\/www.crunchbase.com\/organization\/talkpal-9cde","https:\/\/www.g2.com\/products\/talkpal-for-business\/","https:\/\/www.trustpilot.com\/review\/talkpal.ai","https:\/\/www.capterra.com\/p\/10006800\/TalkPal\/"],"description":"Talkpal is a language learning web and mobile education app, powered by the latest AI technologies, that provides engaging experiences to its customers in many different languages to help them improve their language skills. Users can chat about unlimited amount of topics with the app and use other modes to practice their language learning.","email":"support@talkpal.ai","legalName":"Talkpal, Inc.","foundingDate":"2023-04-03","duns":"118989042","numberOfEmployees":{"@type":"QuantitativeValue","minValue":"11","maxValue":"50"},"publishingPrinciples":"https:\/\/talkpal.ai\/publishing-principles\/","actionableFeedbackPolicy":"https:\/\/talkpal.ai\/actionable-feedback-policy\/","correctionsPolicy":"https:\/\/talkpal.ai\/corrections-policy\/","ethicsPolicy":"https:\/\/talkpal.ai\/ethics-policy\/","diversityPolicy":"https:\/\/talkpal.ai\/diversity-policy\/","diversityStaffingReport":"https:\/\/talkpal.ai\/diversity-policy\/"}]}},"_links":{"self":[{"href":"https:\/\/talkpal.ai\/lt\/wp-json\/wp\/v2\/pages\/166729","targetHints":{"allow":["GET"]}}],"collection":[{"href":"https:\/\/talkpal.ai\/lt\/wp-json\/wp\/v2\/pages"}],"about":[{"href":"https:\/\/talkpal.ai\/lt\/wp-json\/wp\/v2\/types\/page"}],"author":[{"embeddable":true,"href":"https:\/\/talkpal.ai\/lt\/wp-json\/wp\/v2\/users\/6"}],"replies":[{"embeddable":true,"href":"https:\/\/talkpal.ai\/lt\/wp-json\/wp\/v2\/comments?post=166729"}],"version-history":[{"count":0,"href":"https:\/\/talkpal.ai\/lt\/wp-json\/wp\/v2\/pages\/166729\/revisions"}],"wp:featuredmedia":[{"embeddable":true,"href":"https:\/\/talkpal.ai\/lt\/wp-json\/wp\/v2\/media\/108004"}],"wp:attachment":[{"href":"https:\/\/talkpal.ai\/lt\/wp-json\/wp\/v2\/media?parent=166729"}],"curies":[{"name":"wp","href":"https:\/\/api.w.org\/{rel}","templated":true}]}}